{"id":5716,"date":"2026-02-28T01:23:28","date_gmt":"2026-02-27T17:23:28","guid":{"rendered":"https:\/\/rmvapebang.com\/?post_type=product&#038;p=5716"},"modified":"2026-04-06T19:39:11","modified_gmt":"2026-04-06T11:39:11","slug":"hifancy-twins-35k-dual-flavor-disposable-vape","status":"publish","type":"product","link":"https:\/\/rmvapebang.com\/sv\/product\/hifancy-twins-35k-dual-flavor-disposable-vape\/","title":{"rendered":"HIFANCY TWINS 35K Dubbel Smak Eng\u00e5ngsvape"},"content":{"rendered":"<h2 data-pm-slice=\"1 1 []\">HIFANCY TWINS 35K Dubbel Smak Eng\u00e5ngsvape<\/h2>\n<p>HIFANCY TWINS 35K Dual Flavor Disposable Vape \u00e4r byggd f\u00f6r vapare som vill ha l\u00e5ngvarig prestanda med ett modernt dubbelt oljetanksystem. Denna <a href=\"https:\/\/rmvapebang.com\/sv\/shop-page\/?filter_puff=35000-puff\"><em><strong>uppladdningsbara eng\u00e5ngsvape 35000 puffar<\/strong><\/em><\/a> med smidig luftfl\u00f6de och stabil smakutmatning. Eng\u00e5ngsvape med <a href=\"https:\/\/rmvapebang.com\/sv\/product-category\/smart-display\/\"><em><strong>LED-sk\u00e4rm<\/strong> <\/em><\/a>designad med oljek\u00e4rnseparerad teknologi, h\u00e5ller den varje smak ren samtidigt som den erbjuder ett bekv\u00e4mt v\u00e4xlingsalternativ mellan kombinationer.<\/p>\n<p><a href=\"https:\/\/rmvapebang.com\/sv\/shop-page\/?filter_puff=35000-puff\"><em><strong>35000 bloss eng\u00e5ngsvape<\/strong><\/em><\/a> har kompakt kropp, Type-C-laddningsport och 650mAh batteri g\u00f6r 35k l\u00e4mplig f\u00f6r daglig anv\u00e4ndning och grossistleverans \u00f6ver hela Europa. F\u00f6r \u00e5terf\u00f6rs\u00e4ljare som s\u00f6ker en h\u00f6gpuffig eng\u00e5ngsvape med stark efterfr\u00e5gan, <a href=\"https:\/\/rmvapebang.com\/sv\/product-category\/hifancy-vapes\/\"><em><strong>HIFANCY<\/strong> <\/em><\/a>TWINS 35K puffar utm\u00e4rker sig med balanserad design, h\u00e5llbarhet och konsekvent \u00e5ngproduktion.<\/p>\n<figure id=\"attachment_5691\" aria-describedby=\"caption-attachment-5691\" style=\"width: 800px\" class=\"wp-caption alignnone\"><img loading=\"lazy\" decoding=\"async\" class=\"wp-image-5691 size-full\" src=\"http:\/\/rmvapebang.com\/wp-content\/uploads\/2026\/02\/Dual-Flavor-Combinations-Vape.webp\" alt=\"HIFANCY TWINS 35K Puffar Dubbel Smak Vape Alternativ\" width=\"800\" height=\"800\" srcset=\"https:\/\/rmvapebang.com\/wp-content\/uploads\/2026\/02\/Dual-Flavor-Combinations-Vape.webp 800w, https:\/\/rmvapebang.com\/wp-content\/uploads\/2026\/02\/Dual-Flavor-Combinations-Vape-300x300.webp 300w, https:\/\/rmvapebang.com\/wp-content\/uploads\/2026\/02\/Dual-Flavor-Combinations-Vape-150x150.webp 150w, https:\/\/rmvapebang.com\/wp-content\/uploads\/2026\/02\/Dual-Flavor-Combinations-Vape-768x768.webp 768w, https:\/\/rmvapebang.com\/wp-content\/uploads\/2026\/02\/Dual-Flavor-Combinations-Vape-12x12.webp 12w, https:\/\/rmvapebang.com\/wp-content\/uploads\/2026\/02\/Dual-Flavor-Combinations-Vape-600x600.webp 600w, https:\/\/rmvapebang.com\/wp-content\/uploads\/2026\/02\/Dual-Flavor-Combinations-Vape-100x100.webp 100w\" sizes=\"auto, (max-width: 800px) 100vw, 800px\" \/><figcaption id=\"caption-attachment-5691\" class=\"wp-caption-text\">Tillg\u00e4ngliga smaker av frukt och energidryck<\/figcaption><\/figure>\n<h2 data-start=\"815\" data-end=\"866\">Smaklista f\u00f6r Smart LED Dual Flavor 35k Vape<\/h2>\n<p>1. Citron Lime\u2014Svartb\u00e4r Druva<br \/>\n2. Hallon K\u00f6rsb\u00e4r Is\u2014Persika Mango Vattenmelon<br \/>\n3. Jordgubbe Kiwi\u2014Cola Is<br \/>\n4. Bl\u00e5b\u00e4r Is\u2014Apelsin Passionfrukt<br \/>\n5. Jordgubbe Vattenmelon\u2014Surt \u00c4pple<br \/>\n6. Vattenmelon Is\u2014Bl\u00e5 Razz Lemonad<br \/>\n7. Banan Is\u2014Energiredbull<br \/>\n8. Skittles\u2014Blandade B\u00e4r<br \/>\n9. Mamba\u2014Triple Melon<br \/>\n10. Vaniljglass\u2014Fizz K\u00f6rsb\u00e4r<\/p>\n<h2 data-start=\"1030\" data-end=\"1085\">Nyckel f\u00f6r Grossistf\u00f6rs\u00e4ljning Eng\u00e5ngsdisplay 35k Vape<\/h2>\n<ul>\n<li>\ud83d\udd0b Puff: 35000 Puff \u2014 l\u00e5ngvarig prestanda<\/li>\n<li>\ud83d\udca7 E-v\u00e4tska: 35ml \u2014 stabil \u00e5ngutg\u00e5ng<\/li>\n<li>\u26a1 Batteri: 650mAh \u2014 p\u00e5litlig kraftbalans<\/li>\n<li>\ud83d\udd0c Laddning: Typ-C Uppladdningsbar \u2014 snabbladdningsdesign<\/li>\n<li>\ud83e\uddca Dubbel Smak: Dubbel Oljetank \u2014 smidig v\u00e4xling<\/li>\n<li>\ud83e\uddec Oljehuvudseparation: renare smakleverans<\/li>\n<li>\ud83d\udcf1 Fullsk\u00e4rm: tydlig batteri- och puffvisning<\/li>\n<li>\ud83c\udf2c Luftfl\u00f6de: balanserad dragning f\u00f6r daglig vaping<\/li>\n<\/ul>\n<h2 data-start=\"1650\" data-end=\"1703\">Varf\u00f6r v\u00e4lja Grossist HIFANCY TWINS 35K<\/h2>\n<ul>\n<li>Snabb EU-leverans med minskad v\u00e4ntetid<\/li>\n<li>Dubbel smakdesign \u00f6kar \u00e5terk\u00f6psfrekvensen<\/li>\n<li>H\u00f6gpuff-enheter attraherar l\u00e5ngsiktiga anv\u00e4ndare<\/li>\n<li>L\u00e4mplig f\u00f6r grossistkanaler och detaljhandelshyllor<\/li>\n<\/ul>\n<h2 data-start=\"1978\" data-end=\"2027\">FAQ f\u00f6r B\u00e4sta 35K Eng\u00e5ngsvape 2026<\/h2>\n<p><strong>Q1: \u00c4r den l\u00e4mplig f\u00f6r grossistbest\u00e4llningar i Europa?<\/strong><br \/>\nA1: Ja, h\u00f6g puffdesign och EU-lagerf\u00f6rs\u00f6rjning passar detaljhandelsbehov.<\/p>\n<p><strong>Q2: \u00c4r f\u00f6rpackningsdesignen f\u00f6r enheten uppladdningsbar?<\/strong><br \/>\nQ2: Ja, 35k dubbel smak anv\u00e4nder en Typ-C-port f\u00f6r stabil och bekv\u00e4m laddning.<\/p>\n<p><strong>Q3: Vad g\u00f6r det dubbla smakssystemet annorlunda?<\/strong><br \/>\nQ3: Dubbel oljetank h\u00e5ller smaker separerade f\u00f6r renare smak.<\/p>\n<p><strong>Q4: Vilken nikotin finns tillg\u00e4nglig f\u00f6r sm\u00e5 eng\u00e5ngsvapes?<\/strong><br \/>\nQ4: Vanligtvis 2% och 5% alternativ f\u00f6r olika preferenser.<\/p>\n<p><strong>Kontakta Lyn f\u00f6r fler produktvideor!<\/strong><\/p>\n<p><a href=\"https:\/\/wa.me\/8617840853976\"><span style=\"color: #ff6600\"><strong><em>Whatsapp:+86 17840853976<\/em><\/strong><\/span><\/a><\/p>\n<p><img loading=\"lazy\" decoding=\"async\" class=\"alignnone size-medium wp-image-1905\" src=\"http:\/\/rmvapebang.com\/wp-content\/uploads\/2024\/03\/whatsapp-vape-2-202x300.jpg\" alt=\"\" width=\"202\" height=\"300\" \/><\/p>\n<p>Hitta fler produkter du kanske gillar:<a href=\"https:\/\/rmvapebang.com\/sv\/shop-page\/\"><strong><em>Handla nu<\/em><\/strong><\/a><\/p>\n<p>andra bloss du kanske gillar:<\/p>\n<p><a href=\"https:\/\/rmvapebang.com\/sv\/product\/al-fakher-8000-puffs-disposable-vape-2026-best-sale\/\"><em>Al Fakher 8000 Puffs Eng\u00e5ngsvape Eu-lagerf\u00f6rs\u00e4ljning rabattpris<\/em><\/a><\/p>\n<p><a href=\"https:\/\/rmvapebang.com\/sv\/product\/uwin-digital-68000-puffs-disposable-vape-with-smart-screen-type-c-rechargeable\/\">Uwin Digital 68000 Puffar Eng\u00e5ngsvape med smart sk\u00e4rm b\u00e4ttre f\u00f6rs\u00e4ljningsprodukt<\/a><\/p>\n<p><a href=\"https:\/\/rmvapebang.com\/sv\/product\/vapme-crystal-48000-puffs-long-lasting-rechargeable-disposable-vape\/\">48000 puffar med uppladdningsbart batteri vapme vape bra pris<\/a><\/p>","protected":false},"excerpt":{"rendered":"<p><span style=\"color: #ff0000\"><strong>OBS<\/strong>:\u00a0<em>Pri<\/em>Priserna p\u00e5 hemsidan inkluderar inte fraktkostnaden. V\u00e4nligen skicka ditt postnummer och adress s\u00e5 kan vi kontrollera fraktkostnaderna \u00e5t dig.<\/span><\/p>\n<p data-start=\"126\" data-end=\"385\">HIFANCY TWINS 35K Dual Flavor Disposable Vape kombinerar en kapacitet p\u00e5 35000 puff, dual oljetankteknologi och Type-C uppladdningsbar design. Byggd f\u00f6r europeisk grossistmarknad, levererar den stabil prestanda, stark smakkonsekvens och en modern fullsk\u00e4rmsupplevelse.<\/p>\n<p><a href=\"https:\/\/wa.me\/8617840853976\"><strong><em>Whatsapp:+86 17840853976<\/em><\/strong><\/a><br \/>\nSkanna p\u00e5 Whatsapp f\u00f6r en ny kundkupong<\/p>\n<p><img loading=\"lazy\" decoding=\"async\" class=\"alignnone size-medium wp-image-1905\" src=\"http:\/\/rmvapebang.com\/wp-content\/uploads\/2024\/03\/whatsapp-vape-2-202x300.jpg\" alt=\"\" width=\"202\" height=\"300\" \/><\/p>","protected":false},"featured_media":5687,"comment_status":"open","ping_status":"closed","template":"","meta":{"_uag_custom_page_level_css":"","_lmt_disableupdate":"no","_lmt_disable":"","site-sidebar-layout":"no-sidebar","site-content-layout":"boxed-container","ast-site-content-layout":"normal-width-container","site-content-style":"boxed","site-sidebar-style":"boxed","ast-global-header-display":"","ast-banner-title-visibility":"","ast-main-header-display":"","ast-hfb-above-header-display":"","ast-hfb-below-header-display":"","ast-hfb-mobile-header-display":"","site-post-title":"","ast-breadcrumbs-content":"","ast-featured-img":"","footer-sml-layout":"","theme-transparent-header-meta":"default","adv-header-id-meta":"","stick-header-meta":"","header-above-stick-meta":"","header-main-stick-meta":"","header-below-stick-meta":"","astra-migrate-meta-layouts":"set","ast-page-background-enabled":"default","ast-page-background-meta":{"desktop":{"background-color":"","background-image":"","background-repeat":"repeat","background-position":"center center","background-size":"auto","background-attachment":"scroll","background-type":"","background-media":"","overlay-type":"","overlay-color":"","overlay-gradient":""},"tablet":{"background-color":"","background-image":"","background-repeat":"repeat","background-position":"center center","background-size":"auto","background-attachment":"scroll","background-type":"","background-media":"","overlay-type":"","overlay-color":"","overlay-gradient":""},"mobile":{"background-color":"","background-image":"","background-repeat":"repeat","background-position":"center center","background-size":"auto","background-attachment":"scroll","background-type":"","background-media":"","overlay-type":"","overlay-color":"","overlay-gradient":""}},"ast-content-background-meta":{"desktop":{"background-color":"var(--ast-global-color-5)","background-image":"","background-repeat":"repeat","background-position":"center center","background-size":"auto","background-attachment":"scroll","background-type":"","background-media":"","overlay-type":"","overlay-color":"","overlay-gradient":""},"tablet":{"background-color":"var(--ast-global-color-5)","background-image":"","background-repeat":"repeat","background-position":"center center","background-size":"auto","background-attachment":"scroll","background-type":"","background-media":"","overlay-type":"","overlay-color":"","overlay-gradient":""},"mobile":{"background-color":"var(--ast-global-color-5)","background-image":"","background-repeat":"repeat","background-position":"center center","background-size":"auto","background-attachment":"scroll","background-type":"","background-media":"","overlay-type":"","overlay-color":"","overlay-gradient":""}},"_joinchat":{"telephone":"+8617840853976"}},"product_brand":[],"product_cat":[15,130,39,293,41,128,42,40,140,43],"product_tag":[142,141,50,61,58,53,52],"class_list":{"0":"post-5716","1":"product","2":"type-product","3":"status-publish","4":"has-post-thumbnail","6":"product_cat-eu-warehouse","7":"product_cat-digital-vapes-in-discount-price","8":"product_cat-france-wholesale-vape","9":"product_cat-hifancy-vapes","10":"product_cat-netherlands-wholesale-vape","11":"product_cat-smart-display","12":"product_cat-spain-wholesale-vape","13":"product_cat-germany-wholesale-vape","14":"product_cat-vape-35000-puffs","15":"product_cat-vape-shop","16":"product_tag-35000-puffs","17":"product_tag-35k-puffs","18":"product_tag-bulk-price-vape-shop","19":"product_tag-good-sales-vape","20":"product_tag-moq-50pcs","21":"product_tag-rechargeable-vape","22":"product_tag-vape-wholesasle-price","23":"desktop-align-left","24":"tablet-align-left","25":"mobile-align-left","27":"first","28":"instock","29":"sale","30":"shipping-taxable","31":"purchasable","32":"product-type-simple"},"yoast_head":"<!-- This site is optimized with the Yoast SEO plugin v23.0 - https:\/\/yoast.com\/wordpress\/plugins\/seo\/ -->\n<title>HIFANCY TWINS 35K Dual Flavor Disposable Vape - rmvapebang.com<\/title>\n<meta name=\"description\" content=\"HIFANCY TWINS 35K Dual Flavor Disposable Vape with 35000 puffs, rechargeable Type-C battery, dual oil tank design, ideal for EU wholesale markets.\" \/>\n<meta name=\"robots\" content=\"index, follow, max-snippet:-1, max-image-preview:large, max-video-preview:-1\" \/>\n<link rel=\"canonical\" href=\"https:\/\/rmvapebang.com\/sv\/product\/hifancy-twins-35k-dual-flavor-disposable-vape\/\" \/>\n<meta property=\"og:locale\" content=\"sv_SE\" \/>\n<meta property=\"og:type\" content=\"article\" \/>\n<meta property=\"og:title\" content=\"HIFANCY TWINS 35K Dual Flavor Disposable Vape - rmvapebang.com\" \/>\n<meta property=\"og:description\" content=\"HIFANCY TWINS 35K Dual Flavor Disposable Vape with 35000 puffs, rechargeable Type-C battery, dual oil tank design, ideal for EU wholesale markets.\" \/>\n<meta property=\"og:url\" content=\"https:\/\/rmvapebang.com\/sv\/product\/hifancy-twins-35k-dual-flavor-disposable-vape\/\" \/>\n<meta property=\"og:site_name\" content=\"rmvapebang.com\" \/>\n<meta property=\"article:modified_time\" content=\"2026-04-06T11:39:11+00:00\" \/>\n<meta property=\"og:image\" content=\"http:\/\/rmvapebang.com\/wp-content\/uploads\/2026\/02\/HIFANCY-TWINS-35K-Puffs-Disposable-Vape.webp\" \/>\n\t<meta property=\"og:image:width\" content=\"800\" \/>\n\t<meta property=\"og:image:height\" content=\"800\" \/>\n\t<meta property=\"og:image:type\" content=\"image\/webp\" \/>\n<meta name=\"twitter:card\" content=\"summary_large_image\" \/>\n<meta name=\"twitter:label1\" content=\"Ber\u00e4knad l\u00e4stid\" \/>\n\t<meta name=\"twitter:data1\" content=\"3 minuter\" \/>\n<script type=\"application\/ld+json\" class=\"yoast-schema-graph\">{\"@context\":\"https:\/\/schema.org\",\"@graph\":[{\"@type\":\"WebPage\",\"@id\":\"https:\/\/rmvapebang.com\/product\/hifancy-twins-35k-dual-flavor-disposable-vape\/\",\"url\":\"https:\/\/rmvapebang.com\/product\/hifancy-twins-35k-dual-flavor-disposable-vape\/\",\"name\":\"HIFANCY TWINS 35K Dual Flavor Disposable Vape - rmvapebang.com\",\"isPartOf\":{\"@id\":\"https:\/\/rmvapebang.com\/#website\"},\"primaryImageOfPage\":{\"@id\":\"https:\/\/rmvapebang.com\/product\/hifancy-twins-35k-dual-flavor-disposable-vape\/#primaryimage\"},\"image\":{\"@id\":\"https:\/\/rmvapebang.com\/product\/hifancy-twins-35k-dual-flavor-disposable-vape\/#primaryimage\"},\"thumbnailUrl\":\"https:\/\/rmvapebang.com\/wp-content\/uploads\/2026\/02\/HIFANCY-TWINS-35K-Puffs-Disposable-Vape.webp\",\"datePublished\":\"2026-02-27T17:23:28+00:00\",\"dateModified\":\"2026-04-06T11:39:11+00:00\",\"description\":\"HIFANCY TWINS 35K Dual Flavor Disposable Vape with 35000 puffs, rechargeable Type-C battery, dual oil tank design, ideal for EU wholesale markets.\",\"breadcrumb\":{\"@id\":\"https:\/\/rmvapebang.com\/product\/hifancy-twins-35k-dual-flavor-disposable-vape\/#breadcrumb\"},\"inLanguage\":\"sv-SE\",\"potentialAction\":[{\"@type\":\"ReadAction\",\"target\":[\"https:\/\/rmvapebang.com\/product\/hifancy-twins-35k-dual-flavor-disposable-vape\/\"]}]},{\"@type\":\"ImageObject\",\"inLanguage\":\"sv-SE\",\"@id\":\"https:\/\/rmvapebang.com\/product\/hifancy-twins-35k-dual-flavor-disposable-vape\/#primaryimage\",\"url\":\"https:\/\/rmvapebang.com\/wp-content\/uploads\/2026\/02\/HIFANCY-TWINS-35K-Puffs-Disposable-Vape.webp\",\"contentUrl\":\"https:\/\/rmvapebang.com\/wp-content\/uploads\/2026\/02\/HIFANCY-TWINS-35K-Puffs-Disposable-Vape.webp\",\"width\":800,\"height\":800,\"caption\":\"Sleek Dual Flavor 35K Puffs Vape with Rechargeable Battery\"},{\"@type\":\"BreadcrumbList\",\"@id\":\"https:\/\/rmvapebang.com\/product\/hifancy-twins-35k-dual-flavor-disposable-vape\/#breadcrumb\",\"itemListElement\":[{\"@type\":\"ListItem\",\"position\":1,\"name\":\"Home\",\"item\":\"https:\/\/rmvapebang.com\/\"},{\"@type\":\"ListItem\",\"position\":2,\"name\":\"Hot Vape Shop\",\"item\":\"https:\/\/rmvapebang.com\/shop-page\/\"},{\"@type\":\"ListItem\",\"position\":3,\"name\":\"HIFANCY TWINS 35K Dual Flavor Disposable Vape\"}]},{\"@type\":\"WebSite\",\"@id\":\"https:\/\/rmvapebang.com\/#website\",\"url\":\"https:\/\/rmvapebang.com\/\",\"name\":\"rmvapebang.com\",\"description\":\"buy vape cheap\",\"publisher\":{\"@id\":\"https:\/\/rmvapebang.com\/#organization\"},\"potentialAction\":[{\"@type\":\"SearchAction\",\"target\":{\"@type\":\"EntryPoint\",\"urlTemplate\":\"https:\/\/rmvapebang.com\/?s={search_term_string}\"},\"query-input\":\"required name=search_term_string\"}],\"inLanguage\":\"sv-SE\"},{\"@type\":\"Organization\",\"@id\":\"https:\/\/rmvapebang.com\/#organization\",\"name\":\"rmvapebang.com\",\"url\":\"https:\/\/rmvapebang.com\/\",\"logo\":{\"@type\":\"ImageObject\",\"inLanguage\":\"sv-SE\",\"@id\":\"https:\/\/rmvapebang.com\/#\/schema\/logo\/image\/\",\"url\":\"https:\/\/rmvapebang.com\/wp-content\/uploads\/2024\/03\/cropped-RVBlogo.png\",\"contentUrl\":\"https:\/\/rmvapebang.com\/wp-content\/uploads\/2024\/03\/cropped-RVBlogo.png\",\"width\":507,\"height\":169,\"caption\":\"rmvapebang.com\"},\"image\":{\"@id\":\"https:\/\/rmvapebang.com\/#\/schema\/logo\/image\/\"}}]}<\/script>\n<!-- \/ Yoast SEO plugin. -->","yoast_head_json":{"title":"HIFANCY TWINS 35K Dual Flavor Disposable Vape - rmvapebang.com","description":"HIFANCY TWINS 35K Dual Flavor Disposable Vape with 35000 puffs, rechargeable Type-C battery, dual oil tank design, ideal for EU wholesale markets.","robots":{"index":"index","follow":"follow","max-snippet":"max-snippet:-1","max-image-preview":"max-image-preview:large","max-video-preview":"max-video-preview:-1"},"canonical":"https:\/\/rmvapebang.com\/sv\/product\/hifancy-twins-35k-dual-flavor-disposable-vape\/","og_locale":"sv_SE","og_type":"article","og_title":"HIFANCY TWINS 35K Dual Flavor Disposable Vape - rmvapebang.com","og_description":"HIFANCY TWINS 35K Dual Flavor Disposable Vape with 35000 puffs, rechargeable Type-C battery, dual oil tank design, ideal for EU wholesale markets.","og_url":"https:\/\/rmvapebang.com\/sv\/product\/hifancy-twins-35k-dual-flavor-disposable-vape\/","og_site_name":"rmvapebang.com","article_modified_time":"2026-04-06T11:39:11+00:00","og_image":[{"width":800,"height":800,"url":"http:\/\/rmvapebang.com\/wp-content\/uploads\/2026\/02\/HIFANCY-TWINS-35K-Puffs-Disposable-Vape.webp","type":"image\/webp"}],"twitter_card":"summary_large_image","twitter_misc":{"Ber\u00e4knad l\u00e4stid":"3 minuter"},"schema":{"@context":"https:\/\/schema.org","@graph":[{"@type":"WebPage","@id":"https:\/\/rmvapebang.com\/product\/hifancy-twins-35k-dual-flavor-disposable-vape\/","url":"https:\/\/rmvapebang.com\/product\/hifancy-twins-35k-dual-flavor-disposable-vape\/","name":"HIFANCY TWINS 35K Dual Flavor Disposable Vape - rmvapebang.com","isPartOf":{"@id":"https:\/\/rmvapebang.com\/#website"},"primaryImageOfPage":{"@id":"https:\/\/rmvapebang.com\/product\/hifancy-twins-35k-dual-flavor-disposable-vape\/#primaryimage"},"image":{"@id":"https:\/\/rmvapebang.com\/product\/hifancy-twins-35k-dual-flavor-disposable-vape\/#primaryimage"},"thumbnailUrl":"https:\/\/rmvapebang.com\/wp-content\/uploads\/2026\/02\/HIFANCY-TWINS-35K-Puffs-Disposable-Vape.webp","datePublished":"2026-02-27T17:23:28+00:00","dateModified":"2026-04-06T11:39:11+00:00","description":"HIFANCY TWINS 35K Dual Flavor Disposable Vape with 35000 puffs, rechargeable Type-C battery, dual oil tank design, ideal for EU wholesale markets.","breadcrumb":{"@id":"https:\/\/rmvapebang.com\/product\/hifancy-twins-35k-dual-flavor-disposable-vape\/#breadcrumb"},"inLanguage":"sv-SE","potentialAction":[{"@type":"ReadAction","target":["https:\/\/rmvapebang.com\/product\/hifancy-twins-35k-dual-flavor-disposable-vape\/"]}]},{"@type":"ImageObject","inLanguage":"sv-SE","@id":"https:\/\/rmvapebang.com\/product\/hifancy-twins-35k-dual-flavor-disposable-vape\/#primaryimage","url":"https:\/\/rmvapebang.com\/wp-content\/uploads\/2026\/02\/HIFANCY-TWINS-35K-Puffs-Disposable-Vape.webp","contentUrl":"https:\/\/rmvapebang.com\/wp-content\/uploads\/2026\/02\/HIFANCY-TWINS-35K-Puffs-Disposable-Vape.webp","width":800,"height":800,"caption":"Sleek Dual Flavor 35K Puffs Vape with Rechargeable Battery"},{"@type":"BreadcrumbList","@id":"https:\/\/rmvapebang.com\/product\/hifancy-twins-35k-dual-flavor-disposable-vape\/#breadcrumb","itemListElement":[{"@type":"ListItem","position":1,"name":"Home","item":"https:\/\/rmvapebang.com\/"},{"@type":"ListItem","position":2,"name":"Hot Vape Shop","item":"https:\/\/rmvapebang.com\/shop-page\/"},{"@type":"ListItem","position":3,"name":"HIFANCY TWINS 35K Dual Flavor Disposable Vape"}]},{"@type":"WebSite","@id":"https:\/\/rmvapebang.com\/#website","url":"https:\/\/rmvapebang.com\/","name":"rmvapebang.com","description":"buy vape cheap","publisher":{"@id":"https:\/\/rmvapebang.com\/#organization"},"potentialAction":[{"@type":"SearchAction","target":{"@type":"EntryPoint","urlTemplate":"https:\/\/rmvapebang.com\/?s={search_term_string}"},"query-input":"required name=search_term_string"}],"inLanguage":"sv-SE"},{"@type":"Organization","@id":"https:\/\/rmvapebang.com\/#organization","name":"rmvapebang.com","url":"https:\/\/rmvapebang.com\/","logo":{"@type":"ImageObject","inLanguage":"sv-SE","@id":"https:\/\/rmvapebang.com\/#\/schema\/logo\/image\/","url":"https:\/\/rmvapebang.com\/wp-content\/uploads\/2024\/03\/cropped-RVBlogo.png","contentUrl":"https:\/\/rmvapebang.com\/wp-content\/uploads\/2024\/03\/cropped-RVBlogo.png","width":507,"height":169,"caption":"rmvapebang.com"},"image":{"@id":"https:\/\/rmvapebang.com\/#\/schema\/logo\/image\/"}}]}},"uagb_featured_image_src":{"full":["https:\/\/rmvapebang.com\/wp-content\/uploads\/2026\/02\/HIFANCY-TWINS-35K-Puffs-Disposable-Vape.webp",800,800,false],"thumbnail":["https:\/\/rmvapebang.com\/wp-content\/uploads\/2026\/02\/HIFANCY-TWINS-35K-Puffs-Disposable-Vape-150x150.webp",150,150,true],"medium":["https:\/\/rmvapebang.com\/wp-content\/uploads\/2026\/02\/HIFANCY-TWINS-35K-Puffs-Disposable-Vape-300x300.webp",300,300,true],"medium_large":["https:\/\/rmvapebang.com\/wp-content\/uploads\/2026\/02\/HIFANCY-TWINS-35K-Puffs-Disposable-Vape-768x768.webp",768,768,true],"large":["https:\/\/rmvapebang.com\/wp-content\/uploads\/2026\/02\/HIFANCY-TWINS-35K-Puffs-Disposable-Vape.webp",800,800,false],"1536x1536":["https:\/\/rmvapebang.com\/wp-content\/uploads\/2026\/02\/HIFANCY-TWINS-35K-Puffs-Disposable-Vape.webp",800,800,false],"2048x2048":["https:\/\/rmvapebang.com\/wp-content\/uploads\/2026\/02\/HIFANCY-TWINS-35K-Puffs-Disposable-Vape.webp",800,800,false],"trp-custom-language-flag":["https:\/\/rmvapebang.com\/wp-content\/uploads\/2026\/02\/HIFANCY-TWINS-35K-Puffs-Disposable-Vape-12x12.webp",12,12,true],"woocommerce_thumbnail":["https:\/\/rmvapebang.com\/wp-content\/uploads\/2026\/02\/HIFANCY-TWINS-35K-Puffs-Disposable-Vape-300x300.webp",300,300,true],"woocommerce_single":["https:\/\/rmvapebang.com\/wp-content\/uploads\/2026\/02\/HIFANCY-TWINS-35K-Puffs-Disposable-Vape-600x600.webp",600,600,true],"woocommerce_gallery_thumbnail":["https:\/\/rmvapebang.com\/wp-content\/uploads\/2026\/02\/HIFANCY-TWINS-35K-Puffs-Disposable-Vape-100x100.webp",100,100,true],"wcpr-photo-reviews":["https:\/\/rmvapebang.com\/wp-content\/uploads\/2026\/02\/HIFANCY-TWINS-35K-Puffs-Disposable-Vape.webp",500,500,false]},"uagb_author_info":{"display_name":"Lyn","author_link":"https:\/\/rmvapebang.com\/sv\/author\/"},"uagb_comment_info":0,"uagb_excerpt":"NOTE:\u00a0Prices on the website don\u2019t include shipping fee. Please send your zip code and address that we can check shipping costs for you. HIFANCY TWINS 35K Dual Flavor Disposable Vape combines 35000 puffs capacity, dual oil tank technology, and Type-C rechargeable design. Built for European wholesale demand, it delivers stable performance, strong flavor consistency, and&hellip;","_links":{"self":[{"href":"https:\/\/rmvapebang.com\/sv\/wp-json\/wp\/v2\/product\/5716","targetHints":{"allow":["GET"]}}],"collection":[{"href":"https:\/\/rmvapebang.com\/sv\/wp-json\/wp\/v2\/product"}],"about":[{"href":"https:\/\/rmvapebang.com\/sv\/wp-json\/wp\/v2\/types\/product"}],"replies":[{"embeddable":true,"href":"https:\/\/rmvapebang.com\/sv\/wp-json\/wp\/v2\/comments?post=5716"}],"wp:featuredmedia":[{"embeddable":true,"href":"https:\/\/rmvapebang.com\/sv\/wp-json\/wp\/v2\/media\/5687"}],"wp:attachment":[{"href":"https:\/\/rmvapebang.com\/sv\/wp-json\/wp\/v2\/media?parent=5716"}],"wp:term":[{"taxonomy":"product_brand","embeddable":true,"href":"https:\/\/rmvapebang.com\/sv\/wp-json\/wp\/v2\/product_brand?post=5716"},{"taxonomy":"product_cat","embeddable":true,"href":"https:\/\/rmvapebang.com\/sv\/wp-json\/wp\/v2\/product_cat?post=5716"},{"taxonomy":"product_tag","embeddable":true,"href":"https:\/\/rmvapebang.com\/sv\/wp-json\/wp\/v2\/product_tag?post=5716"}],"curies":[{"name":"wp","href":"https:\/\/api.w.org\/{rel}","templated":true}]}}