{"id":4511,"date":"2025-07-09T10:15:47","date_gmt":"2025-07-09T02:15:47","guid":{"rendered":"https:\/\/rmvapebang.com\/?post_type=product&#038;p=4511"},"modified":"2025-09-03T11:36:00","modified_gmt":"2025-09-03T03:36:00","slug":"best-deal-factory-rate-guaranteed-on-bood-lumo-60k-puffs","status":"publish","type":"product","link":"https:\/\/rmvapebang.com\/sv\/product\/best-deal-factory-rate-guaranteed-on-bood-lumo-60k-puffs\/","title":{"rendered":"B\u00e4sta Deal Fabrikspris Garanti p\u00e5 BOOD LUMO 60k Puffar"},"content":{"rendered":"<h2 style=\"text-align: left\">B\u00e4sta Deal Fabrikspris Garanti p\u00e5 BOOD LUMO 60k Puffar<\/h2>\n<p>B\u00e4sta fabriksprisgaranti p\u00e5 <a href=\"https:\/\/rmvapebang.com\/sv\/product-category\/bood-vapes\/\">BOOD<\/a> LUMO 60k Puffs kombinerar minimalistisk elegans med avancerad prestanda.<\/p>\n<p>BOOD LUMO 60k \u00e4r designad f\u00f6r h\u00f6gvolymsvaping och inneh\u00e5ller 18 ml e-v\u00e4tska, BOOD LUMO 60k vape har ett 550 mAh batteri och upp till 60 000 bloss, allt inom en snygg box-design. Dessutom, vape av bood<a href=\"https:\/\/rmvapebang.com\/sv\/product-category\/vape-60000-puffs\/\"> eng\u00e5ngsvape 60000 bloss<\/a> har en smart display som h\u00e5ller anv\u00e4ndarna informerade om batteri- och e-v\u00e4tskeniv\u00e5er, vilket f\u00f6rb\u00e4ttrar b\u00e5de kontroll och f\u00f6rtroende.<\/p>\n<p>Tillg\u00e4nglig i 10 smakrika alternativ och nikotinstyrkor p\u00e5 21 mg\/ml och 50 mg\/ml, 60k om BOOD LUMO vape m\u00f6ter olika kundbehov p\u00e5 den europeiska grossistmarknaden. BOOD LUMO \u00e4r elegant, effektiv och designad f\u00f6r masshandelssucc\u00e9 \u2013 s\u00e4rskilt till sitt oslagbara fabrikspris.<\/p>\n<p><img loading=\"lazy\" decoding=\"async\" class=\"alignnone wp-image-4501 size-full\" src=\"http:\/\/rmvapebang.com\/wp-content\/uploads\/2025\/07\/BOOD-DISPOSABLE-VAPE-60000-puffs-Top-sala.webp\" alt=\"BOOD ENG\u00c5NGSVAPE 60000 puffar Toppf\u00f6rs\u00e4ljning\" width=\"800\" height=\"800\" srcset=\"https:\/\/rmvapebang.com\/wp-content\/uploads\/2025\/07\/BOOD-DISPOSABLE-VAPE-60000-puffs-Top-sala.webp 800w, https:\/\/rmvapebang.com\/wp-content\/uploads\/2025\/07\/BOOD-DISPOSABLE-VAPE-60000-puffs-Top-sala-300x300.webp 300w, https:\/\/rmvapebang.com\/wp-content\/uploads\/2025\/07\/BOOD-DISPOSABLE-VAPE-60000-puffs-Top-sala-150x150.webp 150w, https:\/\/rmvapebang.com\/wp-content\/uploads\/2025\/07\/BOOD-DISPOSABLE-VAPE-60000-puffs-Top-sala-768x768.webp 768w, https:\/\/rmvapebang.com\/wp-content\/uploads\/2025\/07\/BOOD-DISPOSABLE-VAPE-60000-puffs-Top-sala-600x600.webp 600w, https:\/\/rmvapebang.com\/wp-content\/uploads\/2025\/07\/BOOD-DISPOSABLE-VAPE-60000-puffs-Top-sala-100x100.webp 100w\" sizes=\"auto, (max-width: 800px) 100vw, 800px\" \/><\/p>\n<h3><strong>Smaker av BOOD lumo 60000 vape?<\/strong><\/h3>\n<p>1. vattenmelon is<br \/>\n2. Jordgubbe Vattenmelon Is<br \/>\n3. Bl\u00e5 Hallon Is<br \/>\n4. Druvglassis<br \/>\n5. Citron Lime<br \/>\n6. Trippel Melon<br \/>\n7. Bl\u00e5b\u00e4r Hallon<br \/>\n8. Kiwi Passionsfrukt Guava<br \/>\n9.Jordgubbsis<br \/>\n10. Persika B\u00e4r<\/p>\n<h2>Specifikationer f\u00f6r <strong>Bood vape 60k <\/strong>Puffar:<\/h2>\n<p>\u2013 <span style=\"color: #ff0000\"><em><strong>60k<\/strong><\/em><\/span> Bloss<br \/>\n\u2013 <span style=\"color: #ff0000\"><em><strong>10<\/strong> <\/em><\/span>Smaker<br \/>\n\u2013 <span style=\"color: #ff0000\"><strong><em>2%\/5%<\/em><\/strong><\/span> Nikotinstyrka<br \/>\n\u2013 <span style=\"color: #ff0000\"><strong><em>18 ml<\/em><\/strong><\/span> av E-v\u00e4tskekapacitet<br \/>\n\u2013 Batterikapacitet <span style=\"color: #ff0000\"><em><strong>550 mAh<\/strong><\/em><\/span><\/p>\n<h3>Vanliga fr\u00e5gor:<\/h3>\n<p><strong>F: Vad \u00e4r MOQ f\u00f6r bood eng\u00e5ngsvape 60k uppladdningsbar?<\/strong><\/p>\n<p>S: BOOD LUMO vape 60000 bloss minsta best\u00e4llning \u00e4r 50 st.<\/p>\n<p><strong>F: Vad \u00e4r leveranstiden f\u00f6r den uppladdningsbara vape-enheten jag best\u00e4llde?<\/strong><\/p>\n<p>S: Vanligtvis \u00e4r leveranstiden f\u00f6r den uppladdningsbara vape-enheten 10-15 dagar efter att den har skickats ut.<\/p>\n<p><strong>F: \u00c4r vaping b\u00e4ttre \u00e4n r\u00f6kning?<\/strong><\/p>\n<p>S: Vaping \u00e4r mindre skadligt \u00e4n r\u00f6kning men inte riskfritt. Det minskar tj\u00e4rexponeringen men inneh\u00e5ller fortfarande nikotin. Men det spelar ingen roll, vi har ocks\u00e5 0% nikotin vape.<\/p>\n<p><strong>F: Hur f\u00e5r man bood lumo 60k vape att h\u00e5lla l\u00e4ngst?<\/strong><\/p>\n<p>S: Styrkan p\u00e5 blossen p\u00e5verkar anv\u00e4ndningstiden. Kraftig anv\u00e4ndning t\u00f6mmer den snabbare \u2013 det finns inget s\u00e4tt att f\u00f6rl\u00e4nga livsl\u00e4ngden ut\u00f6ver normal anv\u00e4ndning.<\/p>\n<p><strong>Kontakta Lyn f\u00f6r fler produktvideor!<\/strong><\/p>\n<p><a href=\"https:\/\/wa.me\/8617840853976\"><span style=\"color: #ff6600\"><strong><em>Whatsapp:+86 17840853976<\/em><\/strong><\/span><\/a><\/p>\n<p><img loading=\"lazy\" decoding=\"async\" class=\"alignnone size-medium wp-image-1905\" src=\"http:\/\/rmvapebang.com\/wp-content\/uploads\/2024\/03\/whatsapp-vape-2-202x300.jpg\" alt=\"\" width=\"202\" height=\"300\" \/><\/p>\n<p>Hitta fler produkter du kanske gillar:<a href=\"https:\/\/rmvapebang.com\/sv\/shop-page\/\"><strong><em>Handla nu<\/em><\/strong><\/a><\/p>\n<p>andra bloss du kanske gillar:<a href=\"https:\/\/rmvapebang.com\/sv\/product\/bang-box-35k-bulk-price-factory-sale-dual-screen-vape\/\">Bangbox 30000 dualsk\u00e4rmsvape<\/a>\/<a href=\"https:\/\/rmvapebang.com\/sv\/product\/bang-box-50k-double-flavors-limited-bulk-today-bangbox-80k-with-smart-power-hit\/\">Bang box 80k bloss<\/a>\/<a href=\"https:\/\/rmvapebang.com\/sv\/product\/okso-crystal-bar-800-puffs-vape-wholesale-price-hot-pick-for-retailers\/\">okso crystal 800 bloss<\/a>\/<a href=\"https:\/\/rmvapebang.com\/sv\/product\/hot-sale-now-bood-hybrid-12000-with-premium-flavor\/\">bood hybrid 12k vape<\/a><\/p>","protected":false},"excerpt":{"rendered":"<p>Smart display, box-design och 60k puff-styrka \u2013 BOOD LUMO \u00e4r din vape till fabrikspris f\u00f6r massmarknadsp\u00e5verkan.<\/p>\n<p><a href=\"https:\/\/wa.me\/8617840853976\"><strong><em>Whatsapp:+86 17840853976<\/em><\/strong><\/a><\/p>\n<p>Skanna p\u00e5 Whatsapp f\u00f6r en ny kundkupong<\/p>\n<p><img loading=\"lazy\" decoding=\"async\" class=\"alignnone size-medium wp-image-1905\" src=\"http:\/\/rmvapebang.com\/wp-content\/uploads\/2024\/03\/whatsapp-vape-2-202x300.jpg\" alt=\"\" width=\"202\" height=\"300\" \/><\/p>\n<p><span style=\"color: #ff0000\"><em><strong>OBS<\/strong>: Priserna p\u00e5 hemsidan inkluderar inte fraktkostnad. V\u00e4nligen skicka ditt postnummer och adress s\u00e5 kan vi kontrollera fraktkostnaderna \u00e5t dig.<\/em><\/span><\/p>","protected":false},"featured_media":4496,"comment_status":"open","ping_status":"closed","template":"","meta":{"_uag_custom_page_level_css":"","_lmt_disableupdate":"no","_lmt_disable":"","site-sidebar-layout":"no-sidebar","site-content-layout":"boxed-container","ast-site-content-layout":"normal-width-container","site-content-style":"boxed","site-sidebar-style":"boxed","ast-global-header-display":"","ast-banner-title-visibility":"","ast-main-header-display":"","ast-hfb-above-header-display":"","ast-hfb-below-header-display":"","ast-hfb-mobile-header-display":"","site-post-title":"","ast-breadcrumbs-content":"","ast-featured-img":"","footer-sml-layout":"","theme-transparent-header-meta":"default","adv-header-id-meta":"","stick-header-meta":"","header-above-stick-meta":"","header-main-stick-meta":"","header-below-stick-meta":"","astra-migrate-meta-layouts":"set","ast-page-background-enabled":"default","ast-page-background-meta":{"desktop":{"background-color":"","background-image":"","background-repeat":"repeat","background-position":"center center","background-size":"auto","background-attachment":"scroll","background-type":"","background-media":"","overlay-type":"","overlay-color":"","overlay-gradient":""},"tablet":{"background-color":"","background-image":"","background-repeat":"repeat","background-position":"center center","background-size":"auto","background-attachment":"scroll","background-type":"","background-media":"","overlay-type":"","overlay-color":"","overlay-gradient":""},"mobile":{"background-color":"","background-image":"","background-repeat":"repeat","background-position":"center center","background-size":"auto","background-attachment":"scroll","background-type":"","background-media":"","overlay-type":"","overlay-color":"","overlay-gradient":""}},"ast-content-background-meta":{"desktop":{"background-color":"var(--ast-global-color-5)","background-image":"","background-repeat":"repeat","background-position":"center center","background-size":"auto","background-attachment":"scroll","background-type":"","background-media":"","overlay-type":"","overlay-color":"","overlay-gradient":""},"tablet":{"background-color":"var(--ast-global-color-5)","background-image":"","background-repeat":"repeat","background-position":"center center","background-size":"auto","background-attachment":"scroll","background-type":"","background-media":"","overlay-type":"","overlay-color":"","overlay-gradient":""},"mobile":{"background-color":"var(--ast-global-color-5)","background-image":"","background-repeat":"repeat","background-position":"center center","background-size":"auto","background-attachment":"scroll","background-type":"","background-media":"","overlay-type":"","overlay-color":"","overlay-gradient":""}},"_joinchat":[]},"product_brand":[],"product_cat":[148,130,39,41,42,40,179,43],"product_tag":[178,183,50,61,58,53,52],"class_list":{"0":"post-4511","1":"product","2":"type-product","3":"status-publish","4":"has-post-thumbnail","6":"product_cat-bood-vapes","7":"product_cat-digital-vapes-in-discount-price","8":"product_cat-france-wholesale-vape","9":"product_cat-netherlands-wholesale-vape","10":"product_cat-spain-wholesale-vape","11":"product_cat-germany-wholesale-vape","12":"product_cat-vape-60000-puffs","13":"product_cat-vape-shop","14":"product_tag-60000-puffs","15":"product_tag-60k-puffs","16":"product_tag-bulk-price-vape-shop","17":"product_tag-good-sales-vape","18":"product_tag-moq-50pcs","19":"product_tag-rechargeable-vape","20":"product_tag-vape-wholesasle-price","21":"desktop-align-left","22":"tablet-align-left","23":"mobile-align-left","25":"first","26":"instock","27":"sale","28":"shipping-taxable","29":"purchasable","30":"product-type-simple"},"yoast_head":"<!-- This site is optimized with the Yoast SEO plugin v23.0 - https:\/\/yoast.com\/wordpress\/plugins\/seo\/ -->\n<title>Best Deal Factory Rate Guaranteed on BOOD LUMO 60k Puffs - rmvapebang.com<\/title>\n<meta name=\"description\" content=\"BOOD LUMO 60k puffs vape with 18ml juice, box design, smart display, and factory-direct pricing. Perfect bulk deal for wholesalers.\" \/>\n<meta name=\"robots\" content=\"index, follow, max-snippet:-1, max-image-preview:large, max-video-preview:-1\" \/>\n<link rel=\"canonical\" href=\"https:\/\/rmvapebang.com\/sv\/product\/best-deal-factory-rate-guaranteed-on-bood-lumo-60k-puffs\/\" \/>\n<meta property=\"og:locale\" content=\"sv_SE\" \/>\n<meta property=\"og:type\" content=\"article\" \/>\n<meta property=\"og:title\" content=\"Best Deal Factory Rate Guaranteed on BOOD LUMO 60k Puffs - rmvapebang.com\" \/>\n<meta property=\"og:description\" content=\"BOOD LUMO 60k puffs vape with 18ml juice, box design, smart display, and factory-direct pricing. Perfect bulk deal for wholesalers.\" \/>\n<meta property=\"og:url\" content=\"https:\/\/rmvapebang.com\/sv\/product\/best-deal-factory-rate-guaranteed-on-bood-lumo-60k-puffs\/\" \/>\n<meta property=\"og:site_name\" content=\"rmvapebang.com\" \/>\n<meta property=\"article:modified_time\" content=\"2025-09-03T03:36:00+00:00\" \/>\n<meta property=\"og:image\" content=\"https:\/\/rmvapebang.com\/wp-content\/uploads\/2025\/07\/BOOD-DISPOSABLE-VAPE-puffs-60k-Wholesale-price.webp\" \/>\n\t<meta property=\"og:image:width\" content=\"800\" \/>\n\t<meta property=\"og:image:height\" content=\"800\" \/>\n\t<meta property=\"og:image:type\" content=\"image\/webp\" \/>\n<meta name=\"twitter:card\" content=\"summary_large_image\" \/>\n<meta name=\"twitter:label1\" content=\"Ber\u00e4knad l\u00e4stid\" \/>\n\t<meta name=\"twitter:data1\" content=\"3 minuter\" \/>\n<script type=\"application\/ld+json\" class=\"yoast-schema-graph\">{\"@context\":\"https:\/\/schema.org\",\"@graph\":[{\"@type\":\"WebPage\",\"@id\":\"https:\/\/rmvapebang.com\/product\/best-deal-factory-rate-guaranteed-on-bood-lumo-60k-puffs\/\",\"url\":\"https:\/\/rmvapebang.com\/product\/best-deal-factory-rate-guaranteed-on-bood-lumo-60k-puffs\/\",\"name\":\"Best Deal Factory Rate Guaranteed on BOOD LUMO 60k Puffs - rmvapebang.com\",\"isPartOf\":{\"@id\":\"https:\/\/rmvapebang.com\/#website\"},\"primaryImageOfPage\":{\"@id\":\"https:\/\/rmvapebang.com\/product\/best-deal-factory-rate-guaranteed-on-bood-lumo-60k-puffs\/#primaryimage\"},\"image\":{\"@id\":\"https:\/\/rmvapebang.com\/product\/best-deal-factory-rate-guaranteed-on-bood-lumo-60k-puffs\/#primaryimage\"},\"thumbnailUrl\":\"https:\/\/rmvapebang.com\/wp-content\/uploads\/2025\/07\/BOOD-DISPOSABLE-VAPE-puffs-60k-Wholesale-price.webp\",\"datePublished\":\"2025-07-09T02:15:47+00:00\",\"dateModified\":\"2025-09-03T03:36:00+00:00\",\"description\":\"BOOD LUMO 60k puffs vape with 18ml juice, box design, smart display, and factory-direct pricing. Perfect bulk deal for wholesalers.\",\"breadcrumb\":{\"@id\":\"https:\/\/rmvapebang.com\/product\/best-deal-factory-rate-guaranteed-on-bood-lumo-60k-puffs\/#breadcrumb\"},\"inLanguage\":\"sv-SE\",\"potentialAction\":[{\"@type\":\"ReadAction\",\"target\":[\"https:\/\/rmvapebang.com\/product\/best-deal-factory-rate-guaranteed-on-bood-lumo-60k-puffs\/\"]}]},{\"@type\":\"ImageObject\",\"inLanguage\":\"sv-SE\",\"@id\":\"https:\/\/rmvapebang.com\/product\/best-deal-factory-rate-guaranteed-on-bood-lumo-60k-puffs\/#primaryimage\",\"url\":\"https:\/\/rmvapebang.com\/wp-content\/uploads\/2025\/07\/BOOD-DISPOSABLE-VAPE-puffs-60k-Wholesale-price.webp\",\"contentUrl\":\"https:\/\/rmvapebang.com\/wp-content\/uploads\/2025\/07\/BOOD-DISPOSABLE-VAPE-puffs-60k-Wholesale-price.webp\",\"width\":800,\"height\":800,\"caption\":\"BOOD DISPOSABLE VAPE puffs 60k Wholesale price\"},{\"@type\":\"BreadcrumbList\",\"@id\":\"https:\/\/rmvapebang.com\/product\/best-deal-factory-rate-guaranteed-on-bood-lumo-60k-puffs\/#breadcrumb\",\"itemListElement\":[{\"@type\":\"ListItem\",\"position\":1,\"name\":\"Home\",\"item\":\"https:\/\/rmvapebang.com\/\"},{\"@type\":\"ListItem\",\"position\":2,\"name\":\"Hot Vape Shop\",\"item\":\"https:\/\/rmvapebang.com\/shop-page\/\"},{\"@type\":\"ListItem\",\"position\":3,\"name\":\"Best Deal Factory Rate Guaranteed on BOOD LUMO 60k Puffs\"}]},{\"@type\":\"WebSite\",\"@id\":\"https:\/\/rmvapebang.com\/#website\",\"url\":\"https:\/\/rmvapebang.com\/\",\"name\":\"rmvapebang.com\",\"description\":\"buy vape cheap\",\"publisher\":{\"@id\":\"https:\/\/rmvapebang.com\/#organization\"},\"potentialAction\":[{\"@type\":\"SearchAction\",\"target\":{\"@type\":\"EntryPoint\",\"urlTemplate\":\"https:\/\/rmvapebang.com\/?s={search_term_string}\"},\"query-input\":\"required name=search_term_string\"}],\"inLanguage\":\"sv-SE\"},{\"@type\":\"Organization\",\"@id\":\"https:\/\/rmvapebang.com\/#organization\",\"name\":\"rmvapebang.com\",\"url\":\"https:\/\/rmvapebang.com\/\",\"logo\":{\"@type\":\"ImageObject\",\"inLanguage\":\"sv-SE\",\"@id\":\"https:\/\/rmvapebang.com\/#\/schema\/logo\/image\/\",\"url\":\"https:\/\/rmvapebang.com\/wp-content\/uploads\/2024\/03\/cropped-RVBlogo.png\",\"contentUrl\":\"https:\/\/rmvapebang.com\/wp-content\/uploads\/2024\/03\/cropped-RVBlogo.png\",\"width\":507,\"height\":169,\"caption\":\"rmvapebang.com\"},\"image\":{\"@id\":\"https:\/\/rmvapebang.com\/#\/schema\/logo\/image\/\"}}]}<\/script>\n<!-- \/ Yoast SEO plugin. -->","yoast_head_json":{"title":"Best Deal Factory Rate Guaranteed on BOOD LUMO 60k Puffs - rmvapebang.com","description":"BOOD LUMO 60k puffs vape with 18ml juice, box design, smart display, and factory-direct pricing. Perfect bulk deal for wholesalers.","robots":{"index":"index","follow":"follow","max-snippet":"max-snippet:-1","max-image-preview":"max-image-preview:large","max-video-preview":"max-video-preview:-1"},"canonical":"https:\/\/rmvapebang.com\/sv\/product\/best-deal-factory-rate-guaranteed-on-bood-lumo-60k-puffs\/","og_locale":"sv_SE","og_type":"article","og_title":"Best Deal Factory Rate Guaranteed on BOOD LUMO 60k Puffs - rmvapebang.com","og_description":"BOOD LUMO 60k puffs vape with 18ml juice, box design, smart display, and factory-direct pricing. Perfect bulk deal for wholesalers.","og_url":"https:\/\/rmvapebang.com\/sv\/product\/best-deal-factory-rate-guaranteed-on-bood-lumo-60k-puffs\/","og_site_name":"rmvapebang.com","article_modified_time":"2025-09-03T03:36:00+00:00","og_image":[{"width":800,"height":800,"url":"https:\/\/rmvapebang.com\/wp-content\/uploads\/2025\/07\/BOOD-DISPOSABLE-VAPE-puffs-60k-Wholesale-price.webp","type":"image\/webp"}],"twitter_card":"summary_large_image","twitter_misc":{"Ber\u00e4knad l\u00e4stid":"3 minuter"},"schema":{"@context":"https:\/\/schema.org","@graph":[{"@type":"WebPage","@id":"https:\/\/rmvapebang.com\/product\/best-deal-factory-rate-guaranteed-on-bood-lumo-60k-puffs\/","url":"https:\/\/rmvapebang.com\/product\/best-deal-factory-rate-guaranteed-on-bood-lumo-60k-puffs\/","name":"Best Deal Factory Rate Guaranteed on BOOD LUMO 60k Puffs - rmvapebang.com","isPartOf":{"@id":"https:\/\/rmvapebang.com\/#website"},"primaryImageOfPage":{"@id":"https:\/\/rmvapebang.com\/product\/best-deal-factory-rate-guaranteed-on-bood-lumo-60k-puffs\/#primaryimage"},"image":{"@id":"https:\/\/rmvapebang.com\/product\/best-deal-factory-rate-guaranteed-on-bood-lumo-60k-puffs\/#primaryimage"},"thumbnailUrl":"https:\/\/rmvapebang.com\/wp-content\/uploads\/2025\/07\/BOOD-DISPOSABLE-VAPE-puffs-60k-Wholesale-price.webp","datePublished":"2025-07-09T02:15:47+00:00","dateModified":"2025-09-03T03:36:00+00:00","description":"BOOD LUMO 60k puffs vape with 18ml juice, box design, smart display, and factory-direct pricing. Perfect bulk deal for wholesalers.","breadcrumb":{"@id":"https:\/\/rmvapebang.com\/product\/best-deal-factory-rate-guaranteed-on-bood-lumo-60k-puffs\/#breadcrumb"},"inLanguage":"sv-SE","potentialAction":[{"@type":"ReadAction","target":["https:\/\/rmvapebang.com\/product\/best-deal-factory-rate-guaranteed-on-bood-lumo-60k-puffs\/"]}]},{"@type":"ImageObject","inLanguage":"sv-SE","@id":"https:\/\/rmvapebang.com\/product\/best-deal-factory-rate-guaranteed-on-bood-lumo-60k-puffs\/#primaryimage","url":"https:\/\/rmvapebang.com\/wp-content\/uploads\/2025\/07\/BOOD-DISPOSABLE-VAPE-puffs-60k-Wholesale-price.webp","contentUrl":"https:\/\/rmvapebang.com\/wp-content\/uploads\/2025\/07\/BOOD-DISPOSABLE-VAPE-puffs-60k-Wholesale-price.webp","width":800,"height":800,"caption":"BOOD DISPOSABLE VAPE puffs 60k Wholesale price"},{"@type":"BreadcrumbList","@id":"https:\/\/rmvapebang.com\/product\/best-deal-factory-rate-guaranteed-on-bood-lumo-60k-puffs\/#breadcrumb","itemListElement":[{"@type":"ListItem","position":1,"name":"Home","item":"https:\/\/rmvapebang.com\/"},{"@type":"ListItem","position":2,"name":"Hot Vape Shop","item":"https:\/\/rmvapebang.com\/shop-page\/"},{"@type":"ListItem","position":3,"name":"Best Deal Factory Rate Guaranteed on BOOD LUMO 60k Puffs"}]},{"@type":"WebSite","@id":"https:\/\/rmvapebang.com\/#website","url":"https:\/\/rmvapebang.com\/","name":"rmvapebang.com","description":"buy vape cheap","publisher":{"@id":"https:\/\/rmvapebang.com\/#organization"},"potentialAction":[{"@type":"SearchAction","target":{"@type":"EntryPoint","urlTemplate":"https:\/\/rmvapebang.com\/?s={search_term_string}"},"query-input":"required name=search_term_string"}],"inLanguage":"sv-SE"},{"@type":"Organization","@id":"https:\/\/rmvapebang.com\/#organization","name":"rmvapebang.com","url":"https:\/\/rmvapebang.com\/","logo":{"@type":"ImageObject","inLanguage":"sv-SE","@id":"https:\/\/rmvapebang.com\/#\/schema\/logo\/image\/","url":"https:\/\/rmvapebang.com\/wp-content\/uploads\/2024\/03\/cropped-RVBlogo.png","contentUrl":"https:\/\/rmvapebang.com\/wp-content\/uploads\/2024\/03\/cropped-RVBlogo.png","width":507,"height":169,"caption":"rmvapebang.com"},"image":{"@id":"https:\/\/rmvapebang.com\/#\/schema\/logo\/image\/"}}]}},"uagb_featured_image_src":{"full":["https:\/\/rmvapebang.com\/wp-content\/uploads\/2025\/07\/BOOD-DISPOSABLE-VAPE-puffs-60k-Wholesale-price.webp",800,800,false],"thumbnail":["https:\/\/rmvapebang.com\/wp-content\/uploads\/2025\/07\/BOOD-DISPOSABLE-VAPE-puffs-60k-Wholesale-price-150x150.webp",150,150,true],"medium":["https:\/\/rmvapebang.com\/wp-content\/uploads\/2025\/07\/BOOD-DISPOSABLE-VAPE-puffs-60k-Wholesale-price-300x300.webp",300,300,true],"medium_large":["https:\/\/rmvapebang.com\/wp-content\/uploads\/2025\/07\/BOOD-DISPOSABLE-VAPE-puffs-60k-Wholesale-price-768x768.webp",768,768,true],"large":["https:\/\/rmvapebang.com\/wp-content\/uploads\/2025\/07\/BOOD-DISPOSABLE-VAPE-puffs-60k-Wholesale-price.webp",800,800,false],"1536x1536":["https:\/\/rmvapebang.com\/wp-content\/uploads\/2025\/07\/BOOD-DISPOSABLE-VAPE-puffs-60k-Wholesale-price.webp",800,800,false],"2048x2048":["https:\/\/rmvapebang.com\/wp-content\/uploads\/2025\/07\/BOOD-DISPOSABLE-VAPE-puffs-60k-Wholesale-price.webp",800,800,false],"trp-custom-language-flag":["https:\/\/rmvapebang.com\/wp-content\/uploads\/2025\/07\/BOOD-DISPOSABLE-VAPE-puffs-60k-Wholesale-price.webp",12,12,false],"woocommerce_thumbnail":["https:\/\/rmvapebang.com\/wp-content\/uploads\/2025\/07\/BOOD-DISPOSABLE-VAPE-puffs-60k-Wholesale-price-300x300.webp",300,300,true],"woocommerce_single":["https:\/\/rmvapebang.com\/wp-content\/uploads\/2025\/07\/BOOD-DISPOSABLE-VAPE-puffs-60k-Wholesale-price-600x600.webp",600,600,true],"woocommerce_gallery_thumbnail":["https:\/\/rmvapebang.com\/wp-content\/uploads\/2025\/07\/BOOD-DISPOSABLE-VAPE-puffs-60k-Wholesale-price-100x100.webp",100,100,true],"wcpr-photo-reviews":["https:\/\/rmvapebang.com\/wp-content\/uploads\/2025\/07\/BOOD-DISPOSABLE-VAPE-puffs-60k-Wholesale-price.webp",500,500,false]},"uagb_author_info":{"display_name":"Lyn","author_link":"https:\/\/rmvapebang.com\/sv\/author\/"},"uagb_comment_info":0,"uagb_excerpt":"Smart display, box-style design, and 60k puff strength\u2014BOOD LUMO is your go-to factory-rate vape for mass market impact. Whatsapp:+86 17840853976 Scan on whatsapp for New Client coupon NOTE: Prices on the website don\u2019t include shipping fee. Please send your zip code and address that we can check shipping costs for you.","_links":{"self":[{"href":"https:\/\/rmvapebang.com\/sv\/wp-json\/wp\/v2\/product\/4511","targetHints":{"allow":["GET"]}}],"collection":[{"href":"https:\/\/rmvapebang.com\/sv\/wp-json\/wp\/v2\/product"}],"about":[{"href":"https:\/\/rmvapebang.com\/sv\/wp-json\/wp\/v2\/types\/product"}],"replies":[{"embeddable":true,"href":"https:\/\/rmvapebang.com\/sv\/wp-json\/wp\/v2\/comments?post=4511"}],"wp:featuredmedia":[{"embeddable":true,"href":"https:\/\/rmvapebang.com\/sv\/wp-json\/wp\/v2\/media\/4496"}],"wp:attachment":[{"href":"https:\/\/rmvapebang.com\/sv\/wp-json\/wp\/v2\/media?parent=4511"}],"wp:term":[{"taxonomy":"product_brand","embeddable":true,"href":"https:\/\/rmvapebang.com\/sv\/wp-json\/wp\/v2\/product_brand?post=4511"},{"taxonomy":"product_cat","embeddable":true,"href":"https:\/\/rmvapebang.com\/sv\/wp-json\/wp\/v2\/product_cat?post=4511"},{"taxonomy":"product_tag","embeddable":true,"href":"https:\/\/rmvapebang.com\/sv\/wp-json\/wp\/v2\/product_tag?post=4511"}],"curies":[{"name":"wp","href":"https:\/\/api.w.org\/{rel}","templated":true}]}}