{"id":3637,"date":"2025-02-15T13:35:44","date_gmt":"2025-02-15T05:35:44","guid":{"rendered":"https:\/\/rmvapebang.com\/?post_type=product&#038;p=3637"},"modified":"2025-09-03T17:08:33","modified_gmt":"2025-09-03T09:08:33","slug":"jnr-alien-10000-puffs-low-price-hot-sale-rgb-vape","status":"publish","type":"product","link":"https:\/\/rmvapebang.com\/sv\/product\/jnr-alien-10000-puffs-low-price-hot-sale-rgb-vape\/","title":{"rendered":"JNR Alien 10000 Puffar L\u00e5gt Pris Het F\u00f6rs\u00e4ljning RGB Vape"},"content":{"rendered":"<h2>JNR Alien 10000 Puffar L\u00e5gt Pris Het F\u00f6rs\u00e4ljning RGB Vape<\/h2>\n<p>JNR Alien 10000 Puffs L\u00e5gpris Hot Sale RGB Vape \u00e4r h\u00e4r f\u00f6r att elektrifiera din vapingupplevelse med sin dj\u00e4rva design, banbrytande funktioner och oslagbara prisv\u00e4rdhet.<\/p>\n<p>Alien 10k Puffs fr\u00e5n JNR RGB Vape \u00e4r designad f\u00f6r vapers som l\u00e4ngtar efter stil och inneh\u00e5ll, och kombinerar en massiv 20 ml e-v\u00e4tskekapacitet, med 800 mAh batteri, vilket s\u00e4kerst\u00e4ller l\u00e5ngvarig prestanda f\u00f6r upp till 10 000 lena, tillfredsst\u00e4llande bloss. V\u00e4lj fr\u00e5n otroliga 44 smaker f\u00f6r att passa alla smaker.<\/p>\n<p>10000 bloss av <a href=\"https:\/\/rmvapebang.com\/sv\/product-category\/bulk-sale-jnr-vapes-europe\/\"><strong>JNR vape<\/strong><\/a> har 2% och 5% nikotin, JNR eng\u00e5ngs 10k vape v\u00e4nder sig till b\u00e5de tillf\u00e4lliga anv\u00e4ndare och de som s\u00f6ker en starkare hit. Men det som verkligen skiljer JNR Alien \u00e4r dess livfulla RGB-ljussystem, <strong><a href=\"https:\/\/rmvapebang.com\/sv\/product-category\/vape-10000-puffs\/\">vape av JNR 10000 puffs eng\u00e5ngs<\/a><\/strong> enheten pulserar med varje bloss, vilket ger en futuristisk k\u00e4nsla till dina vaping-sessioner.<\/p>\n<p>Eng\u00e5ngsvape av JNR 10k puffs perfekt f\u00f6r fester, sena kv\u00e4llssessioner eller vardagsbruk, RGB 10K av JNR vape \u00e4r l\u00e4tt, b\u00e4rbar och fullpackad med premiumfunktioner. Missa inte l\u00e5gprisrean\u2014k\u00f6p din idag och g\u00e5 med i RGB vaping-revolutionen!<\/p>\n<p><img loading=\"lazy\" decoding=\"async\" class=\"alignnone wp-image-3630 size-full\" src=\"http:\/\/rmvapebang.com\/wp-content\/uploads\/2025\/02\/JNR-ALIEN-VAPE-10000-PUFFS-GOOD-PRICE.webp\" alt=\"JNR ALIEN VAPE 10000 BLOSS BRA PRIS\" width=\"800\" height=\"451\" srcset=\"https:\/\/rmvapebang.com\/wp-content\/uploads\/2025\/02\/JNR-ALIEN-VAPE-10000-PUFFS-GOOD-PRICE.webp 800w, https:\/\/rmvapebang.com\/wp-content\/uploads\/2025\/02\/JNR-ALIEN-VAPE-10000-PUFFS-GOOD-PRICE-300x169.webp 300w, https:\/\/rmvapebang.com\/wp-content\/uploads\/2025\/02\/JNR-ALIEN-VAPE-10000-PUFFS-GOOD-PRICE-768x433.webp 768w, https:\/\/rmvapebang.com\/wp-content\/uploads\/2025\/02\/JNR-ALIEN-VAPE-10000-PUFFS-GOOD-PRICE-600x338.webp 600w\" sizes=\"auto, (max-width: 800px) 100vw, 800px\" \/><\/p>\n<h3><strong>Smaker f\u00f6r JNR Alien 10000 vape?<\/strong><\/h3>\n<p>1. Svart Drak Is<br \/>\n2. Bl\u00e5 Razz K\u00f6rsb\u00e4r<br \/>\n3. Bl\u00e5 Razz Is<br \/>\n4. Bl\u00e5b\u00e4r Bubbelgum<br \/>\n5. Bl\u00e5b\u00e4r K\u00f6rsb\u00e4r Tranb\u00e4r<br \/>\n6. Bl\u00e5b\u00e4r P\u00e5 Is<br \/>\n7. Bl\u00e5b\u00e4r Sur Hallon<br \/>\n8. Bubblande K\u00f6rb\u00e4r Cola<br \/>\n9. Druvglass Is<br \/>\n10. Guava Is<br \/>\n11.Kiwi Passionfrukt Guava<br \/>\n12.Jordgubb Kiwi<br \/>\n13.Citron<br \/>\n14.Blandade B\u00e4r<br \/>\n15. Herr Bl\u00e5<br \/>\n16.Passionfrukt<br \/>\n17.Persika B\u00e4r<br \/>\n18.Persika Bl\u00e5b\u00e4r Godis<br \/>\n19.Persika Is<br \/>\n20.Persika Mango Ananas<br \/>\n21.Surt \u00c4pple<br \/>\n22.Jordgubb Banan<br \/>\n23.Jordgubb Is<br \/>\n24.Jordgubb Hallon K\u00f6rsb\u00e4r Is<br \/>\n25.Jordgubb Vattenmelon Is<br \/>\n26.Jordgubb Vattenmelon Lemonad<br \/>\n27.Vattenmelon Bubbelgum<br \/>\n28.Vattenmelon Is<br \/>\n29.Banan Is<br \/>\n30.Bl\u00e5b\u00e4r Kiwi<br \/>\n31.K\u00f6rsb\u00e4r B\u00e4r<br \/>\n32.Cola Is<br \/>\n33.Kall Mynta<br \/>\n34.Dubbel \u00c4pple<br \/>\n35.Gummibj\u00f6rn<br \/>\n36.Ljuvlig Is<br \/>\n37.Hallon Vattenmelon<br \/>\n38.Jordgubbsgodis Is<br \/>\n39.Jordgubbs Pinacolada<br \/>\n40.Jordgubb Granat\u00e4pple<br \/>\n41.Jordgubb Hallon Is<br \/>\n42.Tropisk Punch<br \/>\n43.Vattenmelon Brazz Is<br \/>\n44.Vattenmelon Litchi<\/p>\n<h2>Specifikationer f\u00f6r <strong>JNR tornado 10000 <\/strong>Puffar:<\/h2>\n<p>\u2013 <span style=\"color: #ff0000\"><em><strong>10k<\/strong><\/em><\/span> Bloss<br \/>\n\u2013 <span style=\"color: #ff0000\"><em><strong>44<\/strong> <\/em><\/span>Smaker<br \/>\n\u2013 <span style=\"color: #ff0000\"><strong><em>2%\/5%<\/em><\/strong><\/span> Nikotinstyrka<br \/>\n\u2013 <span style=\"color: #ff0000\"><strong><em>20 mL<\/em><\/strong><\/span> av E-v\u00e4tskekapacitet<br \/>\n\u2013 Batterikapacitet <span style=\"color: #ff0000\"><em><strong>850 mAh<\/strong><\/em><\/span><\/p>\n<h3>Vanliga fr\u00e5gor:<\/h3>\n<p>F: Vad \u00e4r minsta best\u00e4llningskvantitet (MOQ) f\u00f6r den JNR eng\u00e5ngs-vape Alien 10k elektroniska vapen?<\/p>\n<p>S: Minsta best\u00e4llningskvantitet (MOQ) f\u00f6r JNR vape 10k puffs \u00e4r 50 st.<\/p>\n<p>F: \u00c4r JNR eng\u00e5ngsvape Alien 10k puffs s\u00e4kra?<\/p>\n<p>S: Ja, JNR Alien 10k vape uppfyller alla s\u00e4kerhetsstandarder, inneh\u00e5ller en liten m\u00e4ngd nikotin och b\u00f6r anv\u00e4ndas med m\u00e5tta.<\/p>\n<p>F: Hur l\u00e4nge ska jag ladda min vape?<\/p>\n<p>S: Generellt r\u00e4cker 1-2 timmar. Eng\u00e5ngsvapes som JNR 10000 puffs beh\u00f6ver vanligtvis cirka 1-2 timmar f\u00f6r att laddas. Undvik \u00f6verladdning och dra ut kontakten n\u00e4r indikatorlampan \u00e4ndras.<\/p>\n<p>F: Kan den JNR eng\u00e5ngsvape 10k skickas till mitt land?<\/p>\n<p>S: Ja, vi kan skicka JNR tornado 10000 Vape till de flesta europeiska l\u00e4nder, inklusive men inte begr\u00e4nsat till Nederl\u00e4nderna, Tyskland, Frankrike, Spanien, Italien, Belgien, Luxemburg, \u00d6sterrike, Tjeckien, Slovakien, Ungern, Slovenien, Rum\u00e4nien, Bulgarien, Grekland, Polen, Sverige, Irland, Portugal, Finland, Estland, Lettland och Litauen. Om du har n\u00e5gra specifika fr\u00e5gor ang\u00e5ende frakt till Sverige, v\u00e4nligen kontakta oss f\u00f6r ytterligare hj\u00e4lp.<\/p>\n<p><strong>Kontakta Lyn f\u00f6r fler produktvideor!<\/strong><\/p>\n<p><a href=\"https:\/\/wa.me\/8617840853976\"><span style=\"color: #ff6600\"><strong><em>Whatsapp:+86 17840853976<\/em><\/strong><\/span><\/a><\/p>\n<p><img loading=\"lazy\" decoding=\"async\" class=\"alignnone size-medium wp-image-1905\" src=\"http:\/\/rmvapebang.com\/wp-content\/uploads\/2024\/03\/whatsapp-vape-2-202x300.jpg\" alt=\"\" width=\"202\" height=\"300\" \/><\/p>\n<p>Hitta fler produkter du kanske gillar:<a href=\"https:\/\/rmvapebang.com\/sv\/shop-page\/\"><strong><em>Handla nu<\/em><\/strong><\/a><\/p>\n<p>andra bloss du kanske gillar:<a href=\"https:\/\/rmvapebang.com\/sv\/product\/waspe-20000-puffs-wholesale-price-20k-vape\/\">Waspe 20k Puffs\/<\/a><a href=\"https:\/\/rmvapebang.com\/sv\/product\/bang-vape-30000-pro-bulk-sale-dual-flavors-full-screen\/\">bang vape 30k dubbla smaker helsk\u00e4rms-vape<\/a>\/<a href=\"https:\/\/rmvapebang.com\/sv\/product\/bood-twins-46000-puff-discount-price-disposable-vape-hot-sale\/\">BOOD TWINS 46K PUFFS<\/a>\/<a href=\"https:\/\/rmvapebang.com\/sv\/product\/vopk-cool-bar-9000-puffs-wholesale-price-discount-sale\/\">vopk 9000 puffar<\/a>\/<a href=\"https:\/\/rmvapebang.com\/sv\/product\/uwin-crystal-10k-wholesale-vape-good-sale\/\">Uwin crystal 10000 bloss<\/a><\/p>","protected":false},"excerpt":{"rendered":"<p><span style=\"color: #ff0000\"><strong>OBS<\/strong>:\u00a0<em>Priserna p\u00e5 hemsidan inkluderar inte fraktkostnaden. V\u00e4nligen skicka ditt postnummer och adress s\u00e5 kan vi kontrollera fraktkostnaderna f\u00f6r dig.<\/em><\/span><\/p>\n<p>JNR Alien 10000 Puffs vape erbjuder 20 ml e-v\u00e4tska, 800 mAh batteri, 44 smaker, 2%\/5% nikotin och RGB-lampor. Njut av livlig, l\u00e5ngvarig vaping till ett l\u00e5gt pris!<\/p>\n<p><a href=\"https:\/\/wa.me\/8617840853976\"><strong><em>Whatsapp:+86 17840853976<\/em><\/strong><\/a><\/p>\n<p>Skanna p\u00e5 Whatsapp f\u00f6r en ny kundkupong<\/p>\n<p><img loading=\"lazy\" decoding=\"async\" class=\"alignnone size-medium wp-image-1905\" src=\"http:\/\/rmvapebang.com\/wp-content\/uploads\/2024\/03\/whatsapp-vape-2-202x300.jpg\" alt=\"\" width=\"202\" height=\"300\" \/><\/p>","protected":false},"featured_media":3633,"comment_status":"open","ping_status":"closed","template":"","meta":{"_uag_custom_page_level_css":"","_lmt_disableupdate":"no","_lmt_disable":"","site-sidebar-layout":"no-sidebar","site-content-layout":"boxed-container","ast-site-content-layout":"normal-width-container","site-content-style":"boxed","site-sidebar-style":"boxed","ast-global-header-display":"","ast-banner-title-visibility":"","ast-main-header-display":"","ast-hfb-above-header-display":"","ast-hfb-below-header-display":"","ast-hfb-mobile-header-display":"","site-post-title":"","ast-breadcrumbs-content":"","ast-featured-img":"","footer-sml-layout":"","theme-transparent-header-meta":"default","adv-header-id-meta":"","stick-header-meta":"","header-above-stick-meta":"","header-main-stick-meta":"","header-below-stick-meta":"","astra-migrate-meta-layouts":"set","ast-page-background-enabled":"default","ast-page-background-meta":{"desktop":{"background-color":"","background-image":"","background-repeat":"repeat","background-position":"center center","background-size":"auto","background-attachment":"scroll","background-type":"","background-media":"","overlay-type":"","overlay-color":"","overlay-gradient":""},"tablet":{"background-color":"","background-image":"","background-repeat":"repeat","background-position":"center center","background-size":"auto","background-attachment":"scroll","background-type":"","background-media":"","overlay-type":"","overlay-color":"","overlay-gradient":""},"mobile":{"background-color":"","background-image":"","background-repeat":"repeat","background-position":"center center","background-size":"auto","background-attachment":"scroll","background-type":"","background-media":"","overlay-type":"","overlay-color":"","overlay-gradient":""}},"ast-content-background-meta":{"desktop":{"background-color":"var(--ast-global-color-5)","background-image":"","background-repeat":"repeat","background-position":"center center","background-size":"auto","background-attachment":"scroll","background-type":"","background-media":"","overlay-type":"","overlay-color":"","overlay-gradient":""},"tablet":{"background-color":"var(--ast-global-color-5)","background-image":"","background-repeat":"repeat","background-position":"center center","background-size":"auto","background-attachment":"scroll","background-type":"","background-media":"","overlay-type":"","overlay-color":"","overlay-gradient":""},"mobile":{"background-color":"var(--ast-global-color-5)","background-image":"","background-repeat":"repeat","background-position":"center center","background-size":"auto","background-attachment":"scroll","background-type":"","background-media":"","overlay-type":"","overlay-color":"","overlay-gradient":""}},"_joinchat":{"telephone":"+8617840853976"}},"product_brand":[],"product_cat":[39,135,41,42,40,86,43],"product_tag":[69,68,50,61,49,53,52],"class_list":{"0":"post-3637","1":"product","2":"type-product","3":"status-publish","4":"has-post-thumbnail","6":"product_cat-france-wholesale-vape","7":"product_cat-bulk-sale-jnr-vapes-europe","8":"product_cat-netherlands-wholesale-vape","9":"product_cat-spain-wholesale-vape","10":"product_cat-germany-wholesale-vape","11":"product_cat-vape-10000-puffs","12":"product_cat-vape-shop","13":"product_tag-10000-puffs","14":"product_tag-10k-puffs","15":"product_tag-bulk-price-vape-shop","16":"product_tag-good-sales-vape","17":"product_tag-minimum-order-quantity-100pcs","18":"product_tag-rechargeable-vape","19":"product_tag-vape-wholesasle-price","20":"desktop-align-left","21":"tablet-align-left","22":"mobile-align-left","24":"first","25":"instock","26":"sale","27":"shipping-taxable","28":"purchasable","29":"product-type-simple"},"yoast_head":"<!-- This site is optimized with the Yoast SEO plugin v23.0 - https:\/\/yoast.com\/wordpress\/plugins\/seo\/ -->\n<title>JNR Alien 10000 Puffs Low Price Hot Sale RGB Vape - rmvapebang.com<\/title>\n<meta name=\"description\" content=\"JNR Alien 10000 Puffs vape offers 20ml e-liquid, 850mAh battery, 44 flavors, and RGB light. Enjoy 2%\/5% nicotine at a low price. Buy now!\" \/>\n<meta name=\"robots\" content=\"index, follow, max-snippet:-1, max-image-preview:large, max-video-preview:-1\" \/>\n<link rel=\"canonical\" href=\"https:\/\/rmvapebang.com\/sv\/product\/jnr-alien-10000-puffs-low-price-hot-sale-rgb-vape\/\" \/>\n<meta property=\"og:locale\" content=\"sv_SE\" \/>\n<meta property=\"og:type\" content=\"article\" \/>\n<meta property=\"og:title\" content=\"JNR Alien 10000 Puffs Low Price Hot Sale RGB Vape - rmvapebang.com\" \/>\n<meta property=\"og:description\" content=\"JNR Alien 10000 Puffs vape offers 20ml e-liquid, 850mAh battery, 44 flavors, and RGB light. Enjoy 2%\/5% nicotine at a low price. Buy now!\" \/>\n<meta property=\"og:url\" content=\"https:\/\/rmvapebang.com\/sv\/product\/jnr-alien-10000-puffs-low-price-hot-sale-rgb-vape\/\" \/>\n<meta property=\"og:site_name\" content=\"rmvapebang.com\" \/>\n<meta property=\"article:modified_time\" content=\"2025-09-03T09:08:33+00:00\" \/>\n<meta property=\"og:image\" content=\"https:\/\/rmvapebang.com\/wp-content\/uploads\/2025\/02\/JNR-ALIEN-VAPE-PUFFS-10K-TOP-SALE.webp\" \/>\n\t<meta property=\"og:image:width\" content=\"800\" \/>\n\t<meta property=\"og:image:height\" content=\"800\" \/>\n\t<meta property=\"og:image:type\" content=\"image\/webp\" \/>\n<meta name=\"twitter:card\" content=\"summary_large_image\" \/>\n<meta name=\"twitter:label1\" content=\"Ber\u00e4knad l\u00e4stid\" \/>\n\t<meta name=\"twitter:data1\" content=\"3 minuter\" \/>\n<script type=\"application\/ld+json\" class=\"yoast-schema-graph\">{\"@context\":\"https:\/\/schema.org\",\"@graph\":[{\"@type\":\"WebPage\",\"@id\":\"https:\/\/rmvapebang.com\/hu\/product\/jnr-alien-10000-puffs-low-price-hot-sale-rgb-vape\/\",\"url\":\"https:\/\/rmvapebang.com\/hu\/product\/jnr-alien-10000-puffs-low-price-hot-sale-rgb-vape\/\",\"name\":\"JNR Alien 10000 Puffs Low Price Hot Sale RGB Vape - rmvapebang.com\",\"isPartOf\":{\"@id\":\"https:\/\/rmvapebang.com\/#website\"},\"primaryImageOfPage\":{\"@id\":\"https:\/\/rmvapebang.com\/hu\/product\/jnr-alien-10000-puffs-low-price-hot-sale-rgb-vape\/#primaryimage\"},\"image\":{\"@id\":\"https:\/\/rmvapebang.com\/hu\/product\/jnr-alien-10000-puffs-low-price-hot-sale-rgb-vape\/#primaryimage\"},\"thumbnailUrl\":\"https:\/\/rmvapebang.com\/wp-content\/uploads\/2025\/02\/JNR-ALIEN-VAPE-PUFFS-10K-TOP-SALE.webp\",\"datePublished\":\"2025-02-15T05:35:44+00:00\",\"dateModified\":\"2025-09-03T09:08:33+00:00\",\"description\":\"JNR Alien 10000 Puffs vape offers 20ml e-liquid, 850mAh battery, 44 flavors, and RGB light. Enjoy 2%\/5% nicotine at a low price. Buy now!\",\"breadcrumb\":{\"@id\":\"https:\/\/rmvapebang.com\/hu\/product\/jnr-alien-10000-puffs-low-price-hot-sale-rgb-vape\/#breadcrumb\"},\"inLanguage\":\"sv-SE\",\"potentialAction\":[{\"@type\":\"ReadAction\",\"target\":[\"https:\/\/rmvapebang.com\/hu\/product\/jnr-alien-10000-puffs-low-price-hot-sale-rgb-vape\/\"]}]},{\"@type\":\"ImageObject\",\"inLanguage\":\"sv-SE\",\"@id\":\"https:\/\/rmvapebang.com\/hu\/product\/jnr-alien-10000-puffs-low-price-hot-sale-rgb-vape\/#primaryimage\",\"url\":\"https:\/\/rmvapebang.com\/wp-content\/uploads\/2025\/02\/JNR-ALIEN-VAPE-PUFFS-10K-TOP-SALE.webp\",\"contentUrl\":\"https:\/\/rmvapebang.com\/wp-content\/uploads\/2025\/02\/JNR-ALIEN-VAPE-PUFFS-10K-TOP-SALE.webp\",\"width\":800,\"height\":800,\"caption\":\"JNR ALIEN VAPE PUFFS 10K TOP SALE\"},{\"@type\":\"BreadcrumbList\",\"@id\":\"https:\/\/rmvapebang.com\/hu\/product\/jnr-alien-10000-puffs-low-price-hot-sale-rgb-vape\/#breadcrumb\",\"itemListElement\":[{\"@type\":\"ListItem\",\"position\":1,\"name\":\"Home\",\"item\":\"https:\/\/rmvapebang.com\/\"},{\"@type\":\"ListItem\",\"position\":2,\"name\":\"Hot Vape Shop\",\"item\":\"https:\/\/rmvapebang.com\/shop-page\/\"},{\"@type\":\"ListItem\",\"position\":3,\"name\":\"JNR Alien 10000 Puffs Low Price Hot Sale RGB Vape\"}]},{\"@type\":\"WebSite\",\"@id\":\"https:\/\/rmvapebang.com\/#website\",\"url\":\"https:\/\/rmvapebang.com\/\",\"name\":\"rmvapebang.com\",\"description\":\"buy vape cheap\",\"publisher\":{\"@id\":\"https:\/\/rmvapebang.com\/#organization\"},\"potentialAction\":[{\"@type\":\"SearchAction\",\"target\":{\"@type\":\"EntryPoint\",\"urlTemplate\":\"https:\/\/rmvapebang.com\/?s={search_term_string}\"},\"query-input\":\"required name=search_term_string\"}],\"inLanguage\":\"sv-SE\"},{\"@type\":\"Organization\",\"@id\":\"https:\/\/rmvapebang.com\/#organization\",\"name\":\"rmvapebang.com\",\"url\":\"https:\/\/rmvapebang.com\/\",\"logo\":{\"@type\":\"ImageObject\",\"inLanguage\":\"sv-SE\",\"@id\":\"https:\/\/rmvapebang.com\/#\/schema\/logo\/image\/\",\"url\":\"https:\/\/rmvapebang.com\/wp-content\/uploads\/2024\/03\/cropped-RVBlogo.png\",\"contentUrl\":\"https:\/\/rmvapebang.com\/wp-content\/uploads\/2024\/03\/cropped-RVBlogo.png\",\"width\":507,\"height\":169,\"caption\":\"rmvapebang.com\"},\"image\":{\"@id\":\"https:\/\/rmvapebang.com\/#\/schema\/logo\/image\/\"}}]}<\/script>\n<!-- \/ Yoast SEO plugin. -->","yoast_head_json":{"title":"JNR Alien 10000 Puffs Low Price Hot Sale RGB Vape - rmvapebang.com","description":"JNR Alien 10000 Puffs vape offers 20ml e-liquid, 850mAh battery, 44 flavors, and RGB light. Enjoy 2%\/5% nicotine at a low price. Buy now!","robots":{"index":"index","follow":"follow","max-snippet":"max-snippet:-1","max-image-preview":"max-image-preview:large","max-video-preview":"max-video-preview:-1"},"canonical":"https:\/\/rmvapebang.com\/sv\/product\/jnr-alien-10000-puffs-low-price-hot-sale-rgb-vape\/","og_locale":"sv_SE","og_type":"article","og_title":"JNR Alien 10000 Puffs Low Price Hot Sale RGB Vape - rmvapebang.com","og_description":"JNR Alien 10000 Puffs vape offers 20ml e-liquid, 850mAh battery, 44 flavors, and RGB light. Enjoy 2%\/5% nicotine at a low price. Buy now!","og_url":"https:\/\/rmvapebang.com\/sv\/product\/jnr-alien-10000-puffs-low-price-hot-sale-rgb-vape\/","og_site_name":"rmvapebang.com","article_modified_time":"2025-09-03T09:08:33+00:00","og_image":[{"width":800,"height":800,"url":"https:\/\/rmvapebang.com\/wp-content\/uploads\/2025\/02\/JNR-ALIEN-VAPE-PUFFS-10K-TOP-SALE.webp","type":"image\/webp"}],"twitter_card":"summary_large_image","twitter_misc":{"Ber\u00e4knad l\u00e4stid":"3 minuter"},"schema":{"@context":"https:\/\/schema.org","@graph":[{"@type":"WebPage","@id":"https:\/\/rmvapebang.com\/hu\/product\/jnr-alien-10000-puffs-low-price-hot-sale-rgb-vape\/","url":"https:\/\/rmvapebang.com\/hu\/product\/jnr-alien-10000-puffs-low-price-hot-sale-rgb-vape\/","name":"JNR Alien 10000 Puffs Low Price Hot Sale RGB Vape - rmvapebang.com","isPartOf":{"@id":"https:\/\/rmvapebang.com\/#website"},"primaryImageOfPage":{"@id":"https:\/\/rmvapebang.com\/hu\/product\/jnr-alien-10000-puffs-low-price-hot-sale-rgb-vape\/#primaryimage"},"image":{"@id":"https:\/\/rmvapebang.com\/hu\/product\/jnr-alien-10000-puffs-low-price-hot-sale-rgb-vape\/#primaryimage"},"thumbnailUrl":"https:\/\/rmvapebang.com\/wp-content\/uploads\/2025\/02\/JNR-ALIEN-VAPE-PUFFS-10K-TOP-SALE.webp","datePublished":"2025-02-15T05:35:44+00:00","dateModified":"2025-09-03T09:08:33+00:00","description":"JNR Alien 10000 Puffs vape offers 20ml e-liquid, 850mAh battery, 44 flavors, and RGB light. Enjoy 2%\/5% nicotine at a low price. Buy now!","breadcrumb":{"@id":"https:\/\/rmvapebang.com\/hu\/product\/jnr-alien-10000-puffs-low-price-hot-sale-rgb-vape\/#breadcrumb"},"inLanguage":"sv-SE","potentialAction":[{"@type":"ReadAction","target":["https:\/\/rmvapebang.com\/hu\/product\/jnr-alien-10000-puffs-low-price-hot-sale-rgb-vape\/"]}]},{"@type":"ImageObject","inLanguage":"sv-SE","@id":"https:\/\/rmvapebang.com\/hu\/product\/jnr-alien-10000-puffs-low-price-hot-sale-rgb-vape\/#primaryimage","url":"https:\/\/rmvapebang.com\/wp-content\/uploads\/2025\/02\/JNR-ALIEN-VAPE-PUFFS-10K-TOP-SALE.webp","contentUrl":"https:\/\/rmvapebang.com\/wp-content\/uploads\/2025\/02\/JNR-ALIEN-VAPE-PUFFS-10K-TOP-SALE.webp","width":800,"height":800,"caption":"JNR ALIEN VAPE PUFFS 10K TOP SALE"},{"@type":"BreadcrumbList","@id":"https:\/\/rmvapebang.com\/hu\/product\/jnr-alien-10000-puffs-low-price-hot-sale-rgb-vape\/#breadcrumb","itemListElement":[{"@type":"ListItem","position":1,"name":"Home","item":"https:\/\/rmvapebang.com\/"},{"@type":"ListItem","position":2,"name":"Hot Vape Shop","item":"https:\/\/rmvapebang.com\/shop-page\/"},{"@type":"ListItem","position":3,"name":"JNR Alien 10000 Puffs Low Price Hot Sale RGB Vape"}]},{"@type":"WebSite","@id":"https:\/\/rmvapebang.com\/#website","url":"https:\/\/rmvapebang.com\/","name":"rmvapebang.com","description":"buy vape cheap","publisher":{"@id":"https:\/\/rmvapebang.com\/#organization"},"potentialAction":[{"@type":"SearchAction","target":{"@type":"EntryPoint","urlTemplate":"https:\/\/rmvapebang.com\/?s={search_term_string}"},"query-input":"required name=search_term_string"}],"inLanguage":"sv-SE"},{"@type":"Organization","@id":"https:\/\/rmvapebang.com\/#organization","name":"rmvapebang.com","url":"https:\/\/rmvapebang.com\/","logo":{"@type":"ImageObject","inLanguage":"sv-SE","@id":"https:\/\/rmvapebang.com\/#\/schema\/logo\/image\/","url":"https:\/\/rmvapebang.com\/wp-content\/uploads\/2024\/03\/cropped-RVBlogo.png","contentUrl":"https:\/\/rmvapebang.com\/wp-content\/uploads\/2024\/03\/cropped-RVBlogo.png","width":507,"height":169,"caption":"rmvapebang.com"},"image":{"@id":"https:\/\/rmvapebang.com\/#\/schema\/logo\/image\/"}}]}},"uagb_featured_image_src":{"full":["https:\/\/rmvapebang.com\/wp-content\/uploads\/2025\/02\/JNR-ALIEN-VAPE-PUFFS-10K-TOP-SALE.webp",800,800,false],"thumbnail":["https:\/\/rmvapebang.com\/wp-content\/uploads\/2025\/02\/JNR-ALIEN-VAPE-PUFFS-10K-TOP-SALE-150x150.webp",150,150,true],"medium":["https:\/\/rmvapebang.com\/wp-content\/uploads\/2025\/02\/JNR-ALIEN-VAPE-PUFFS-10K-TOP-SALE-300x300.webp",300,300,true],"medium_large":["https:\/\/rmvapebang.com\/wp-content\/uploads\/2025\/02\/JNR-ALIEN-VAPE-PUFFS-10K-TOP-SALE-768x768.webp",768,768,true],"large":["https:\/\/rmvapebang.com\/wp-content\/uploads\/2025\/02\/JNR-ALIEN-VAPE-PUFFS-10K-TOP-SALE.webp",800,800,false],"1536x1536":["https:\/\/rmvapebang.com\/wp-content\/uploads\/2025\/02\/JNR-ALIEN-VAPE-PUFFS-10K-TOP-SALE.webp",800,800,false],"2048x2048":["https:\/\/rmvapebang.com\/wp-content\/uploads\/2025\/02\/JNR-ALIEN-VAPE-PUFFS-10K-TOP-SALE.webp",800,800,false],"trp-custom-language-flag":["https:\/\/rmvapebang.com\/wp-content\/uploads\/2025\/02\/JNR-ALIEN-VAPE-PUFFS-10K-TOP-SALE.webp",12,12,false],"woocommerce_thumbnail":["https:\/\/rmvapebang.com\/wp-content\/uploads\/2025\/02\/JNR-ALIEN-VAPE-PUFFS-10K-TOP-SALE-300x300.webp",300,300,true],"woocommerce_single":["https:\/\/rmvapebang.com\/wp-content\/uploads\/2025\/02\/JNR-ALIEN-VAPE-PUFFS-10K-TOP-SALE-600x600.webp",600,600,true],"woocommerce_gallery_thumbnail":["https:\/\/rmvapebang.com\/wp-content\/uploads\/2025\/02\/JNR-ALIEN-VAPE-PUFFS-10K-TOP-SALE-100x100.webp",100,100,true],"wcpr-photo-reviews":["https:\/\/rmvapebang.com\/wp-content\/uploads\/2025\/02\/JNR-ALIEN-VAPE-PUFFS-10K-TOP-SALE.webp",500,500,false]},"uagb_author_info":{"display_name":"Lyn","author_link":"https:\/\/rmvapebang.com\/sv\/author\/"},"uagb_comment_info":0,"uagb_excerpt":"NOTE:\u00a0Prices on the website don\u2019t include shipping fee. Please send your zip code and address that we can check shipping costs for you. JNR Alien 10000 Puffs vape offers 20ml e-liquid, 800mAh battery, 44 flavors, 2%\/5% nicotine, and RGB lights. Enjoy vibrant, long-lasting vaping at a low price! Whatsapp:+86 17840853976 Scan on whatsapp for New&hellip;","_links":{"self":[{"href":"https:\/\/rmvapebang.com\/sv\/wp-json\/wp\/v2\/product\/3637","targetHints":{"allow":["GET"]}}],"collection":[{"href":"https:\/\/rmvapebang.com\/sv\/wp-json\/wp\/v2\/product"}],"about":[{"href":"https:\/\/rmvapebang.com\/sv\/wp-json\/wp\/v2\/types\/product"}],"replies":[{"embeddable":true,"href":"https:\/\/rmvapebang.com\/sv\/wp-json\/wp\/v2\/comments?post=3637"}],"wp:featuredmedia":[{"embeddable":true,"href":"https:\/\/rmvapebang.com\/sv\/wp-json\/wp\/v2\/media\/3633"}],"wp:attachment":[{"href":"https:\/\/rmvapebang.com\/sv\/wp-json\/wp\/v2\/media?parent=3637"}],"wp:term":[{"taxonomy":"product_brand","embeddable":true,"href":"https:\/\/rmvapebang.com\/sv\/wp-json\/wp\/v2\/product_brand?post=3637"},{"taxonomy":"product_cat","embeddable":true,"href":"https:\/\/rmvapebang.com\/sv\/wp-json\/wp\/v2\/product_cat?post=3637"},{"taxonomy":"product_tag","embeddable":true,"href":"https:\/\/rmvapebang.com\/sv\/wp-json\/wp\/v2\/product_tag?post=3637"}],"curies":[{"name":"wp","href":"https:\/\/api.w.org\/{rel}","templated":true}]}}