{"id":2878,"date":"2024-08-22T15:02:05","date_gmt":"2024-08-22T07:02:05","guid":{"rendered":"https:\/\/rmvapebang.com\/?post_type=product&#038;p=2878"},"modified":"2024-12-14T12:46:34","modified_gmt":"2024-12-14T04:46:34","slug":"bangbox-digital-15000-puffs-bulk-price-vape-hot-sale","status":"publish","type":"product","link":"https:\/\/rmvapebang.com\/sv\/product\/bangbox-digital-15000-puffs-bulk-price-vape-hot-sale\/","title":{"rendered":"BangBox digital 15000 Puffs bulkpris Vape Heta f\u00f6rs\u00e4ljning"},"content":{"rendered":"<h1>BangBox digital 15000 Puffs bulkpris Vape Heta f\u00f6rs\u00e4ljning<\/h1>\n<div class=\"flex-1 overflow-hidden\">\n<div class=\"react-scroll-to-bottom--css-rkeqe-79elbk h-full\">\n<div class=\"react-scroll-to-bottom--css-rkeqe-1n7m0yu\">\n<div class=\"flex flex-col text-sm pb-9\">\n<div class=\"w-full text-token-text-primary\" data-testid=\"conversation-turn-7\">\n<div class=\"px-4 py-2 justify-center text-base md:gap-6 m-auto\">\n<div class=\"flex flex-1 text-base mx-auto gap-3 md:px-5 lg:px-1 xl:px-5 md:max-w-3xl lg:max-w-[40rem] xl:max-w-[48rem] group final-completion\">\n<div class=\"relative flex w-full flex-col agent-turn\">\n<div class=\"flex-col gap-1 md:gap-3\">\n<div class=\"flex flex-grow flex-col max-w-full\">\n<div class=\"min-h-[20px] text-message flex flex-col items-start gap-3 whitespace-pre-wrap break-words [.text-message+&amp;]:mt-5 overflow-x-auto\" data-message-author-role=\"assistant\" data-message-id=\"a1f3b89f-a1c9-497d-a989-579b96e752e6\">\n<div class=\"markdown prose w-full break-words dark:prose-invert light\">\n<p>BangBox digital 15000 Puffs bulk Price Vape Hot Sale \u00e4r en utm\u00e4rkt h\u00f6gpresterande elektronisk vape-enhet. Vapen fr\u00e5n Bangbox 15000k anv\u00e4nder samma modell som Waspe Digital 12K och har ledande n\u00e4tk\u00e4rnteknik, vilket kan ge extremt stabila och enhetliga atomiseringseffekter.<\/p>\n<p>Batterikraften visas i realtid, och batteriet \u00e4r 650mAh, vilket kan minska antalet laddningstillf\u00e4llen. Detta g\u00f6r att vejparen kan se statusen n\u00e4r som helst, vilket garanterar sinnesro och bekv\u00e4mlighet.<\/p>\n<p>Bangbox 15000puff Digital har ett oljep\u00e5fyllningssystem med ultrakapacitet, som inneh\u00e5ller 25 ml h\u00f6gkvalitativ e-v\u00e4tska, vilket kan ge en rik smakupplevelse kontinuerligt. 15k Bangbox Digital Vape erbjuder 12 rika och varierande smaker. Nikotinniv\u00e5n kan v\u00e4ljas fr\u00e5n 2% och 5%, vilket ger vejpare personliga och flexibla alternativ f\u00f6r att anpassa sig till olika vejpare. Bangbox 15000puff kan ge en annorlunda upplevelse, vilket g\u00f6r varje bloss fullt av \u00f6verraskningar och tillfredsst\u00e4llelse.<\/p>\n<p><img loading=\"lazy\" decoding=\"async\" class=\"alignnone wp-image-2865 size-full\" src=\"http:\/\/rmvapebang.com\/wp-content\/uploads\/2024\/08\/Bangbox-digital-vape-15000-puffs-hot-sale-price.jpg\" alt=\"Bangbox digital vape 15000 puffs het f\u00f6rs\u00e4ljningspris\" width=\"816\" height=\"676\" srcset=\"https:\/\/rmvapebang.com\/wp-content\/uploads\/2024\/08\/Bangbox-digital-vape-15000-puffs-hot-sale-price.jpg 816w, https:\/\/rmvapebang.com\/wp-content\/uploads\/2024\/08\/Bangbox-digital-vape-15000-puffs-hot-sale-price-300x249.jpg 300w, https:\/\/rmvapebang.com\/wp-content\/uploads\/2024\/08\/Bangbox-digital-vape-15000-puffs-hot-sale-price-768x636.jpg 768w, https:\/\/rmvapebang.com\/wp-content\/uploads\/2024\/08\/Bangbox-digital-vape-15000-puffs-hot-sale-price-600x497.jpg 600w\" sizes=\"auto, (max-width: 816px) 100vw, 816px\" \/><\/p>\n<\/div>\n<\/div>\n<\/div>\n<\/div>\n<\/div>\n<\/div>\n<\/div>\n<\/div>\n<\/div>\n<\/div>\n<\/div>\n<\/div>\n<h2><strong>Vilka \u00e4r smakerna f\u00f6r digital vape 15K puffs av Bang Box vape?<\/strong><\/h2>\n<p>1. Jordgubb Banan<br \/>\n2.Bl\u00e5b\u00e4r Jordgubbe<br \/>\n3. Jordgubbskiwi<br \/>\n4.DRUVMARMELAD<br \/>\n5.Hallon surt \u00e4pple<br \/>\n6.K\u00f6rsb\u00e4r Cola<br \/>\n7.Jordgubbe Vattenmelon<br \/>\n8.Mango p\u00e5 is<br \/>\n9. Jordgubbsdruva<br \/>\n10.vattenmelon is<br \/>\n11.Bl\u00e5b\u00e4r Hallon<br \/>\n12.Blandade b\u00e4r<\/p>\n<p><span style=\"font-size: 1.7em;font-weight: bold\">Specifikationer f\u00f6r Bang Box digital 15K Puffs:<\/span><\/p>\n<p>\u2013\u00a0 <em><strong><span style=\"color: #ff0000\">15k<\/span><\/strong><\/em> Bloss<br \/>\n\u2013<em><strong><span style=\"color: #ff0000\">12<\/span><\/strong><\/em> Smaker<br \/>\n\u2013 <em><strong><span style=\"color: #ff0000\">2%\/5%<\/span><\/strong><\/em> Nikotinstyrka<br \/>\n\u2013 <em><strong><span style=\"color: #ff0000\">25 mL<\/span><\/strong><\/em> av E-v\u00e4tskekapacitet<br \/>\n\u2013 Batterikapacitet <em><strong><span style=\"color: #ff0000\">650 mAh<\/span><\/strong><\/em><\/p>\n<h3>Vanliga fr\u00e5gor:<\/h3>\n<p>F: Vad \u00e4r MOQ f\u00f6r Bang 15k digital av box vape?<\/p>\n<p>S: Minsta best\u00e4llningskvantitet (MOQ) f\u00f6r bang digital vape 15000 Puffs \u00e4r 50 stycken.<\/p>\n<p>F: Vad \u00e4r leveranstiden f\u00f6r Bang Box 15K Puffs Vape jag best\u00e4llde?<\/p>\n<p>S: Vanligtvis \u00e4r leveranstiden f\u00f6r Bang Digital Vapes 15000 Puffs 10-15 dagar efter utskick.<\/p>\n<p>F: Hur mycket kostar frakten f\u00f6r Bang 15000 box Vapes?<\/p>\n<p>S: Fraktkostnaden varierar beroende p\u00e5 best\u00e4llningens vikt. Olika kvantiteter kan ha olika fraktkostnader. V\u00e4nligen kontakta oss f\u00f6r att bekr\u00e4fta fraktkostnaden f\u00f6r din specifika best\u00e4llning.<\/p>\n<p>F: Kan Bang Puff of 15000 Puffs digital box Vape skickas till mitt land?<\/p>\n<p>S: Ja, vi kan skicka den digitala boxen 15000 Puffs av Bang Vape (samma som Waspe digital 12k) till de flesta europeiska l\u00e4nder, inklusive men inte begr\u00e4nsat till Nederl\u00e4nderna, Tyskland, Frankrike, Spanien, Italien, Belgien, Luxemburg, \u00d6sterrike, Tjeckien, Slovakien, Ungern, Slovenien, Rum\u00e4nien, Bulgarien, Grekland, Polen, Sverige, Irland, Portugal, Finland, Estland, Lettland och Litauen. Om du har n\u00e5gra specifika fr\u00e5gor ang\u00e5ende frakt till ditt land, \u00e4r du v\u00e4lkommen att kontakta oss f\u00f6r ytterligare hj\u00e4lp.<\/p>\n<p><strong>Kontakta Lyn f\u00f6r fler produktvideor!<\/strong><\/p>\n<p><a href=\"https:\/\/wa.me\/8617840853976\"><span style=\"color: #ff6600\"><strong><em>Whatsapp:+86 17840853976<\/em><\/strong><\/span><\/a><\/p>\n<p><img loading=\"lazy\" decoding=\"async\" class=\"alignnone size-medium wp-image-1905\" src=\"http:\/\/rmvapebang.com\/wp-content\/uploads\/2024\/03\/whatsapp-vape-2-202x300.jpg\" alt=\"\" width=\"202\" height=\"300\" \/><\/p>\n<p>Hitta fler produkter du kanske gillar:<a href=\"https:\/\/rmvapebang.com\/sv\/shop-page\/\"><strong><em>Handla nu<\/em><\/strong><\/a><\/p>\n<p>andra bloss du kanske gillar:<a href=\"https:\/\/rmvapebang.com\/sv\/product\/mrvi-puffing-15k-puffs-wholesale-price-15000\/\">MRVI PUFFING 15K VAPE<\/a> \/<a href=\"https:\/\/sigvape.com\/product\/bulk-price-bang-disposable-vapes-15000-puffs-hot-sales\/\">Bang 15k puffar<\/a>\/<a href=\"https:\/\/rmvapebang.com\/sv\/product\/aivono-15k-puffs-bulk-price-15000-vapes\/\">aivono 15k vape<\/a>\/<a href=\"https:\/\/rmvapebang.com\/sv\/product\/elf-box-bar-600-puffs-wholesale-price-vapes\/\">ELF BAR 600 PUFFAR<\/a>\/<a href=\"https:\/\/sigvape.com\/product\/waspe-digital-12k-puffs-wholesale-price-discount-vapes\/\">Waspe digital 12k bloss<\/a><\/p>\n<p><span style=\"color: #ff0000\"><strong>Obs: Alla produkter inkluderar inte fraktkostnader!!!<\/strong><\/span><\/p>","protected":false},"excerpt":{"rendered":"<p>Bang Box digital vape 15000 Puffs grossistpris Vape uppladdningsbar, samma modell som waspe digital 12k<\/p>\n<p>15K digital of Bang Box vape \u00e4r en uppladdningsbar vape-enhet med h\u00f6g kapacitet som erbjuder 15000 puffar med 12 smaker och 2%\/5% nikotinniv\u00e5er.<\/p>\n<p><strong><em>Whatsapp:<a href=\"https:\/\/wa.me\/8617840853976\">+86 17840853976<\/a><\/em><\/strong><\/p>\n<p>Skanna p\u00e5 Whatsapp f\u00f6r en ny kundkupong<\/p>\n<p><img loading=\"lazy\" decoding=\"async\" class=\"alignnone size-medium wp-image-1905\" src=\"http:\/\/rmvapebang.com\/wp-content\/uploads\/2024\/03\/whatsapp-vape-2-202x300.jpg\" alt=\"\" width=\"202\" height=\"300\" \/><\/p>","protected":false},"featured_media":2862,"comment_status":"open","ping_status":"closed","template":"","meta":{"_uag_custom_page_level_css":"","_lmt_disableupdate":"no","_lmt_disable":"","site-sidebar-layout":"no-sidebar","site-content-layout":"boxed-container","ast-site-content-layout":"normal-width-container","site-content-style":"boxed","site-sidebar-style":"boxed","ast-global-header-display":"","ast-banner-title-visibility":"","ast-main-header-display":"","ast-hfb-above-header-display":"","ast-hfb-below-header-display":"","ast-hfb-mobile-header-display":"","site-post-title":"","ast-breadcrumbs-content":"","ast-featured-img":"","footer-sml-layout":"","theme-transparent-header-meta":"default","adv-header-id-meta":"","stick-header-meta":"","header-above-stick-meta":"","header-main-stick-meta":"","header-below-stick-meta":"","astra-migrate-meta-layouts":"set","ast-page-background-enabled":"default","ast-page-background-meta":{"desktop":{"background-color":"","background-image":"","background-repeat":"repeat","background-position":"center center","background-size":"auto","background-attachment":"scroll","background-type":"","background-media":"","overlay-type":"","overlay-color":"","overlay-gradient":""},"tablet":{"background-color":"","background-image":"","background-repeat":"repeat","background-position":"center center","background-size":"auto","background-attachment":"scroll","background-type":"","background-media":"","overlay-type":"","overlay-color":"","overlay-gradient":""},"mobile":{"background-color":"","background-image":"","background-repeat":"repeat","background-position":"center center","background-size":"auto","background-attachment":"scroll","background-type":"","background-media":"","overlay-type":"","overlay-color":"","overlay-gradient":""}},"ast-content-background-meta":{"desktop":{"background-color":"var(--ast-global-color-5)","background-image":"","background-repeat":"repeat","background-position":"center center","background-size":"auto","background-attachment":"scroll","background-type":"","background-media":"","overlay-type":"","overlay-color":"","overlay-gradient":""},"tablet":{"background-color":"var(--ast-global-color-5)","background-image":"","background-repeat":"repeat","background-position":"center center","background-size":"auto","background-attachment":"scroll","background-type":"","background-media":"","overlay-type":"","overlay-color":"","overlay-gradient":""},"mobile":{"background-color":"var(--ast-global-color-5)","background-image":"","background-repeat":"repeat","background-position":"center center","background-size":"auto","background-attachment":"scroll","background-type":"","background-media":"","overlay-type":"","overlay-color":"","overlay-gradient":""}},"_joinchat":[]},"product_brand":[],"product_cat":[99],"product_tag":[],"class_list":{"0":"post-2878","1":"product","2":"type-product","3":"status-publish","4":"has-post-thumbnail","6":"product_cat-aivono-vape","7":"desktop-align-left","8":"tablet-align-left","9":"mobile-align-left","11":"first","12":"outofstock","13":"sale","14":"shipping-taxable","15":"purchasable","16":"product-type-simple"},"yoast_head":"<!-- This site is optimized with the Yoast SEO plugin v23.0 - https:\/\/yoast.com\/wordpress\/plugins\/seo\/ -->\n<title>BangBox digital 15000 Puffs bulk Price Vape Hot Sale - rmvapebang.com<\/title>\n<meta name=\"description\" content=\"Bang Box 15K Puffs Wholesale Price,2% and 5% nicotine,12 flavors to choose. Contact now to get Wholesale Price! min order is 50pcs\" \/>\n<meta name=\"robots\" content=\"index, follow, max-snippet:-1, max-image-preview:large, max-video-preview:-1\" \/>\n<link rel=\"canonical\" href=\"https:\/\/rmvapebang.com\/sv\/product\/bangbox-digital-15000-puffs-bulk-price-vape-hot-sale\/\" \/>\n<meta property=\"og:locale\" content=\"sv_SE\" \/>\n<meta property=\"og:type\" content=\"article\" \/>\n<meta property=\"og:title\" content=\"BangBox digital 15000 Puffs bulk Price Vape Hot Sale - rmvapebang.com\" \/>\n<meta property=\"og:description\" content=\"Bang Box 15K Puffs Wholesale Price,2% and 5% nicotine,12 flavors to choose. Contact now to get Wholesale Price! min order is 50pcs\" \/>\n<meta property=\"og:url\" content=\"https:\/\/rmvapebang.com\/sv\/product\/bangbox-digital-15000-puffs-bulk-price-vape-hot-sale\/\" \/>\n<meta property=\"og:site_name\" content=\"rmvapebang.com\" \/>\n<meta property=\"article:modified_time\" content=\"2024-12-14T04:46:34+00:00\" \/>\n<meta property=\"og:image\" content=\"https:\/\/rmvapebang.com\/wp-content\/uploads\/2024\/08\/Bangbox-digital-vape-15k-puffs-best-sale-price.jpg\" \/>\n\t<meta property=\"og:image:width\" content=\"1720\" \/>\n\t<meta property=\"og:image:height\" content=\"1833\" \/>\n\t<meta property=\"og:image:type\" content=\"image\/jpeg\" \/>\n<meta name=\"twitter:card\" content=\"summary_large_image\" \/>\n<meta name=\"twitter:label1\" content=\"Ber\u00e4knad l\u00e4stid\" \/>\n\t<meta name=\"twitter:data1\" content=\"3 minuter\" \/>\n<script type=\"application\/ld+json\" class=\"yoast-schema-graph\">{\"@context\":\"https:\/\/schema.org\",\"@graph\":[{\"@type\":\"WebPage\",\"@id\":\"https:\/\/rmvapebang.com\/lv\/product\/bangbox-digital-15000-puffs-bulk-price-vape-hot-sale\/\",\"url\":\"https:\/\/rmvapebang.com\/lv\/product\/bangbox-digital-15000-puffs-bulk-price-vape-hot-sale\/\",\"name\":\"BangBox digital 15000 Puffs bulk Price Vape Hot Sale - rmvapebang.com\",\"isPartOf\":{\"@id\":\"https:\/\/rmvapebang.com\/#website\"},\"primaryImageOfPage\":{\"@id\":\"https:\/\/rmvapebang.com\/lv\/product\/bangbox-digital-15000-puffs-bulk-price-vape-hot-sale\/#primaryimage\"},\"image\":{\"@id\":\"https:\/\/rmvapebang.com\/lv\/product\/bangbox-digital-15000-puffs-bulk-price-vape-hot-sale\/#primaryimage\"},\"thumbnailUrl\":\"https:\/\/rmvapebang.com\/wp-content\/uploads\/2024\/08\/Bangbox-digital-vape-15k-puffs-best-sale-price.jpg\",\"datePublished\":\"2024-08-22T07:02:05+00:00\",\"dateModified\":\"2024-12-14T04:46:34+00:00\",\"description\":\"Bang Box 15K Puffs Wholesale Price,2% and 5% nicotine,12 flavors to choose. Contact now to get Wholesale Price! min order is 50pcs\",\"breadcrumb\":{\"@id\":\"https:\/\/rmvapebang.com\/lv\/product\/bangbox-digital-15000-puffs-bulk-price-vape-hot-sale\/#breadcrumb\"},\"inLanguage\":\"sv-SE\",\"potentialAction\":[{\"@type\":\"ReadAction\",\"target\":[\"https:\/\/rmvapebang.com\/lv\/product\/bangbox-digital-15000-puffs-bulk-price-vape-hot-sale\/\"]}]},{\"@type\":\"ImageObject\",\"inLanguage\":\"sv-SE\",\"@id\":\"https:\/\/rmvapebang.com\/lv\/product\/bangbox-digital-15000-puffs-bulk-price-vape-hot-sale\/#primaryimage\",\"url\":\"https:\/\/rmvapebang.com\/wp-content\/uploads\/2024\/08\/Bangbox-digital-vape-15k-puffs-best-sale-price.jpg\",\"contentUrl\":\"https:\/\/rmvapebang.com\/wp-content\/uploads\/2024\/08\/Bangbox-digital-vape-15k-puffs-best-sale-price.jpg\",\"width\":1720,\"height\":1833,\"caption\":\"Bangbox digital vape 15k puffs best sale price\"},{\"@type\":\"BreadcrumbList\",\"@id\":\"https:\/\/rmvapebang.com\/lv\/product\/bangbox-digital-15000-puffs-bulk-price-vape-hot-sale\/#breadcrumb\",\"itemListElement\":[{\"@type\":\"ListItem\",\"position\":1,\"name\":\"Home\",\"item\":\"https:\/\/rmvapebang.com\/\"},{\"@type\":\"ListItem\",\"position\":2,\"name\":\"Hot Vape Shop\",\"item\":\"https:\/\/rmvapebang.com\/shop-page\/\"},{\"@type\":\"ListItem\",\"position\":3,\"name\":\"BangBox digital 15000 Puffs bulk Price Vape Hot Sale\"}]},{\"@type\":\"WebSite\",\"@id\":\"https:\/\/rmvapebang.com\/#website\",\"url\":\"https:\/\/rmvapebang.com\/\",\"name\":\"rmvapebang.com\",\"description\":\"buy vape cheap\",\"publisher\":{\"@id\":\"https:\/\/rmvapebang.com\/#organization\"},\"potentialAction\":[{\"@type\":\"SearchAction\",\"target\":{\"@type\":\"EntryPoint\",\"urlTemplate\":\"https:\/\/rmvapebang.com\/?s={search_term_string}\"},\"query-input\":\"required name=search_term_string\"}],\"inLanguage\":\"sv-SE\"},{\"@type\":\"Organization\",\"@id\":\"https:\/\/rmvapebang.com\/#organization\",\"name\":\"rmvapebang.com\",\"url\":\"https:\/\/rmvapebang.com\/\",\"logo\":{\"@type\":\"ImageObject\",\"inLanguage\":\"sv-SE\",\"@id\":\"https:\/\/rmvapebang.com\/#\/schema\/logo\/image\/\",\"url\":\"https:\/\/rmvapebang.com\/wp-content\/uploads\/2024\/03\/cropped-RVBlogo.png\",\"contentUrl\":\"https:\/\/rmvapebang.com\/wp-content\/uploads\/2024\/03\/cropped-RVBlogo.png\",\"width\":507,\"height\":169,\"caption\":\"rmvapebang.com\"},\"image\":{\"@id\":\"https:\/\/rmvapebang.com\/#\/schema\/logo\/image\/\"}}]}<\/script>\n<!-- \/ Yoast SEO plugin. -->","yoast_head_json":{"title":"BangBox digital 15000 Puffs bulk Price Vape Hot Sale - rmvapebang.com","description":"Bang Box 15K Puffs Wholesale Price,2% and 5% nicotine,12 flavors to choose. Contact now to get Wholesale Price! min order is 50pcs","robots":{"index":"index","follow":"follow","max-snippet":"max-snippet:-1","max-image-preview":"max-image-preview:large","max-video-preview":"max-video-preview:-1"},"canonical":"https:\/\/rmvapebang.com\/sv\/product\/bangbox-digital-15000-puffs-bulk-price-vape-hot-sale\/","og_locale":"sv_SE","og_type":"article","og_title":"BangBox digital 15000 Puffs bulk Price Vape Hot Sale - rmvapebang.com","og_description":"Bang Box 15K Puffs Wholesale Price,2% and 5% nicotine,12 flavors to choose. Contact now to get Wholesale Price! min order is 50pcs","og_url":"https:\/\/rmvapebang.com\/sv\/product\/bangbox-digital-15000-puffs-bulk-price-vape-hot-sale\/","og_site_name":"rmvapebang.com","article_modified_time":"2024-12-14T04:46:34+00:00","og_image":[{"width":1720,"height":1833,"url":"https:\/\/rmvapebang.com\/wp-content\/uploads\/2024\/08\/Bangbox-digital-vape-15k-puffs-best-sale-price.jpg","type":"image\/jpeg"}],"twitter_card":"summary_large_image","twitter_misc":{"Ber\u00e4knad l\u00e4stid":"3 minuter"},"schema":{"@context":"https:\/\/schema.org","@graph":[{"@type":"WebPage","@id":"https:\/\/rmvapebang.com\/lv\/product\/bangbox-digital-15000-puffs-bulk-price-vape-hot-sale\/","url":"https:\/\/rmvapebang.com\/lv\/product\/bangbox-digital-15000-puffs-bulk-price-vape-hot-sale\/","name":"BangBox digital 15000 Puffs bulk Price Vape Hot Sale - rmvapebang.com","isPartOf":{"@id":"https:\/\/rmvapebang.com\/#website"},"primaryImageOfPage":{"@id":"https:\/\/rmvapebang.com\/lv\/product\/bangbox-digital-15000-puffs-bulk-price-vape-hot-sale\/#primaryimage"},"image":{"@id":"https:\/\/rmvapebang.com\/lv\/product\/bangbox-digital-15000-puffs-bulk-price-vape-hot-sale\/#primaryimage"},"thumbnailUrl":"https:\/\/rmvapebang.com\/wp-content\/uploads\/2024\/08\/Bangbox-digital-vape-15k-puffs-best-sale-price.jpg","datePublished":"2024-08-22T07:02:05+00:00","dateModified":"2024-12-14T04:46:34+00:00","description":"Bang Box 15K Puffs Wholesale Price,2% and 5% nicotine,12 flavors to choose. Contact now to get Wholesale Price! min order is 50pcs","breadcrumb":{"@id":"https:\/\/rmvapebang.com\/lv\/product\/bangbox-digital-15000-puffs-bulk-price-vape-hot-sale\/#breadcrumb"},"inLanguage":"sv-SE","potentialAction":[{"@type":"ReadAction","target":["https:\/\/rmvapebang.com\/lv\/product\/bangbox-digital-15000-puffs-bulk-price-vape-hot-sale\/"]}]},{"@type":"ImageObject","inLanguage":"sv-SE","@id":"https:\/\/rmvapebang.com\/lv\/product\/bangbox-digital-15000-puffs-bulk-price-vape-hot-sale\/#primaryimage","url":"https:\/\/rmvapebang.com\/wp-content\/uploads\/2024\/08\/Bangbox-digital-vape-15k-puffs-best-sale-price.jpg","contentUrl":"https:\/\/rmvapebang.com\/wp-content\/uploads\/2024\/08\/Bangbox-digital-vape-15k-puffs-best-sale-price.jpg","width":1720,"height":1833,"caption":"Bangbox digital vape 15k puffs best sale price"},{"@type":"BreadcrumbList","@id":"https:\/\/rmvapebang.com\/lv\/product\/bangbox-digital-15000-puffs-bulk-price-vape-hot-sale\/#breadcrumb","itemListElement":[{"@type":"ListItem","position":1,"name":"Home","item":"https:\/\/rmvapebang.com\/"},{"@type":"ListItem","position":2,"name":"Hot Vape Shop","item":"https:\/\/rmvapebang.com\/shop-page\/"},{"@type":"ListItem","position":3,"name":"BangBox digital 15000 Puffs bulk Price Vape Hot Sale"}]},{"@type":"WebSite","@id":"https:\/\/rmvapebang.com\/#website","url":"https:\/\/rmvapebang.com\/","name":"rmvapebang.com","description":"buy vape cheap","publisher":{"@id":"https:\/\/rmvapebang.com\/#organization"},"potentialAction":[{"@type":"SearchAction","target":{"@type":"EntryPoint","urlTemplate":"https:\/\/rmvapebang.com\/?s={search_term_string}"},"query-input":"required name=search_term_string"}],"inLanguage":"sv-SE"},{"@type":"Organization","@id":"https:\/\/rmvapebang.com\/#organization","name":"rmvapebang.com","url":"https:\/\/rmvapebang.com\/","logo":{"@type":"ImageObject","inLanguage":"sv-SE","@id":"https:\/\/rmvapebang.com\/#\/schema\/logo\/image\/","url":"https:\/\/rmvapebang.com\/wp-content\/uploads\/2024\/03\/cropped-RVBlogo.png","contentUrl":"https:\/\/rmvapebang.com\/wp-content\/uploads\/2024\/03\/cropped-RVBlogo.png","width":507,"height":169,"caption":"rmvapebang.com"},"image":{"@id":"https:\/\/rmvapebang.com\/#\/schema\/logo\/image\/"}}]}},"uagb_featured_image_src":{"full":["https:\/\/rmvapebang.com\/wp-content\/uploads\/2024\/08\/Bangbox-digital-vape-15k-puffs-best-sale-price.jpg",1720,1833,false],"thumbnail":["https:\/\/rmvapebang.com\/wp-content\/uploads\/2024\/08\/Bangbox-digital-vape-15k-puffs-best-sale-price-150x150.jpg",150,150,true],"medium":["https:\/\/rmvapebang.com\/wp-content\/uploads\/2024\/08\/Bangbox-digital-vape-15k-puffs-best-sale-price-282x300.jpg",282,300,true],"medium_large":["https:\/\/rmvapebang.com\/wp-content\/uploads\/2024\/08\/Bangbox-digital-vape-15k-puffs-best-sale-price-768x818.jpg",768,818,true],"large":["https:\/\/rmvapebang.com\/wp-content\/uploads\/2024\/08\/Bangbox-digital-vape-15k-puffs-best-sale-price-961x1024.jpg",961,1024,true],"1536x1536":["https:\/\/rmvapebang.com\/wp-content\/uploads\/2024\/08\/Bangbox-digital-vape-15k-puffs-best-sale-price-1441x1536.jpg",1441,1536,true],"2048x2048":["https:\/\/rmvapebang.com\/wp-content\/uploads\/2024\/08\/Bangbox-digital-vape-15k-puffs-best-sale-price.jpg",1720,1833,false],"trp-custom-language-flag":["https:\/\/rmvapebang.com\/wp-content\/uploads\/2024\/08\/Bangbox-digital-vape-15k-puffs-best-sale-price.jpg",11,12,false],"woocommerce_thumbnail":["https:\/\/rmvapebang.com\/wp-content\/uploads\/2024\/08\/Bangbox-digital-vape-15k-puffs-best-sale-price-300x300.jpg",300,300,true],"woocommerce_single":["https:\/\/rmvapebang.com\/wp-content\/uploads\/2024\/08\/Bangbox-digital-vape-15k-puffs-best-sale-price-600x639.jpg",600,639,true],"woocommerce_gallery_thumbnail":["https:\/\/rmvapebang.com\/wp-content\/uploads\/2024\/08\/Bangbox-digital-vape-15k-puffs-best-sale-price-100x100.jpg",100,100,true],"wcpr-photo-reviews":["https:\/\/rmvapebang.com\/wp-content\/uploads\/2024\/08\/Bangbox-digital-vape-15k-puffs-best-sale-price.jpg",469,500,false]},"uagb_author_info":{"display_name":"Lyn","author_link":"https:\/\/rmvapebang.com\/sv\/author\/"},"uagb_comment_info":0,"uagb_excerpt":"Bang Box digital vape 15000 Puffs Wholesale Price Vape Rechargeable,same model as waspe digital 12k 15K digital of Bang Box vape is a high-capacity rechargeable vape device offering 15000 puffs with 12 flavors and 2%\/5% nicotine levels. Whatsapp:+86 17840853976 Scan on whatsapp for New Client coupon","_links":{"self":[{"href":"https:\/\/rmvapebang.com\/sv\/wp-json\/wp\/v2\/product\/2878","targetHints":{"allow":["GET"]}}],"collection":[{"href":"https:\/\/rmvapebang.com\/sv\/wp-json\/wp\/v2\/product"}],"about":[{"href":"https:\/\/rmvapebang.com\/sv\/wp-json\/wp\/v2\/types\/product"}],"replies":[{"embeddable":true,"href":"https:\/\/rmvapebang.com\/sv\/wp-json\/wp\/v2\/comments?post=2878"}],"wp:featuredmedia":[{"embeddable":true,"href":"https:\/\/rmvapebang.com\/sv\/wp-json\/wp\/v2\/media\/2862"}],"wp:attachment":[{"href":"https:\/\/rmvapebang.com\/sv\/wp-json\/wp\/v2\/media?parent=2878"}],"wp:term":[{"taxonomy":"product_brand","embeddable":true,"href":"https:\/\/rmvapebang.com\/sv\/wp-json\/wp\/v2\/product_brand?post=2878"},{"taxonomy":"product_cat","embeddable":true,"href":"https:\/\/rmvapebang.com\/sv\/wp-json\/wp\/v2\/product_cat?post=2878"},{"taxonomy":"product_tag","embeddable":true,"href":"https:\/\/rmvapebang.com\/sv\/wp-json\/wp\/v2\/product_tag?post=2878"}],"curies":[{"name":"wp","href":"https:\/\/api.w.org\/{rel}","templated":true}]}}