{"id":5810,"date":"2026-03-20T10:40:56","date_gmt":"2026-03-20T02:40:56","guid":{"rendered":"https:\/\/rmvapebang.com\/?post_type=product&#038;p=5810"},"modified":"2026-03-19T16:18:23","modified_gmt":"2026-03-19T08:18:23","slug":"bnag-king-200k-disposable-vape-8-in-1-rechargeable-bulk-wholesale","status":"publish","type":"product","link":"https:\/\/rmvapebang.com\/sl\/product\/bnag-king-200k-disposable-vape-8-in-1-rechargeable-bulk-wholesale\/","title":{"rendered":"BNAG KING 200K Enkratna Vape 8 v 1 Polnljivi Velika Velika Prodaja na Debelo"},"content":{"rendered":"<h2 style=\"text-align: left\">BNAG KING 200K Enkratna Vape 8 v 1 Polnljivi Velika Velika Prodaja na Debelo<\/h2>\n<p>BNAG KING 200K Razgradljiva Vape 8 v 1 Polnjenje na veliko, primerna za trg z visoko povpra\u0161evanjem v EU, zdru\u017euje ultra dolgo delovanje z prilagodljivim nadzorom okusa.<\/p>\n<p>Ta 8 v 1 razgradljiva vape, ki omogo\u010da do 200.000 vdihov, uporabnikom omogo\u010da preklapljanje med ve\u010d okusi v eni napravi, kar zagotavlja edinstveno ve\u010dokusno vaping izku\u0161njo. <a href=\"https:\/\/rmvapebang.com\/sl\/product-category\/bang-vapes\/\"><strong><em>Vape BNAG KING<\/em><\/strong> <\/a>napajano z obnovljivo baterijo 650mAh z polnjenjem Type-C in opremljeno z<a href=\"https:\/\/rmvapebang.com\/sl\/product-category\/smart-display\/\"> <strong><em>LED zaslon<\/em><\/strong><\/a>, <a href=\"https:\/\/rmvapebang.com\/sl\/product-category\/vape-200000-puffs\/\"><strong><em>200k vdihov vape<\/em> <\/strong><\/a>zagotavlja dosledno delovanje in udobje.<\/p>\n<p><a href=\"https:\/\/rmvapebang.com\/sl\/product-category\/vape-200000-puffs\/\"><em><strong>200000 vdihov razgradljiva vape<\/strong> <\/em><\/a>zasnovana za kupce na debelo, ta visoko zmogljiva razgradljiva vape ponuja mo\u010dne cenovne prednosti, stabilno oskrbo in hitro dostavo iz skladi\u0161\u010da v Sloveniji.<\/p>\n<figure id=\"attachment_5817\" aria-describedby=\"caption-attachment-5817\" style=\"width: 800px\" class=\"wp-caption alignnone\"><img loading=\"lazy\" decoding=\"async\" class=\"wp-image-5817 size-full\" src=\"http:\/\/rmvapebang.com\/wp-content\/uploads\/2026\/03\/BNAG-KING-200K-Flavor-Selection-Overview.webp\" alt=\"Multi okus disposable vape sadje, sladkarije, led, 200k vdihov vape\" width=\"800\" height=\"653\" srcset=\"https:\/\/rmvapebang.com\/wp-content\/uploads\/2026\/03\/BNAG-KING-200K-Flavor-Selection-Overview.webp 800w, https:\/\/rmvapebang.com\/wp-content\/uploads\/2026\/03\/BNAG-KING-200K-Flavor-Selection-Overview-300x245.webp 300w, https:\/\/rmvapebang.com\/wp-content\/uploads\/2026\/03\/BNAG-KING-200K-Flavor-Selection-Overview-768x627.webp 768w, https:\/\/rmvapebang.com\/wp-content\/uploads\/2026\/03\/BNAG-KING-200K-Flavor-Selection-Overview-15x12.webp 15w, https:\/\/rmvapebang.com\/wp-content\/uploads\/2026\/03\/BNAG-KING-200K-Flavor-Selection-Overview-600x490.webp 600w\" sizes=\"auto, (max-width: 800px) 100vw, 800px\" \/><figcaption id=\"caption-attachment-5817\" class=\"wp-caption-text\">\u0160irok izbor sadnih, sladkarijskih in ledenih okusov v sistemu vape 8 v 1<\/figcaption><\/figure>\n<h3><strong>Seznam okusov za Bangking 200k vdihov\u00a0<\/strong><\/h3>\n<p>1. Blue Razz Ice \/ Peach Ice \/ Grape Ice \/ Mango Ice<br \/>\n2. Peach Mango Watermelon \/ Red Bull \/ Strawberry Red Bull \/ Strawberry Kiwi<br \/>\n3. Strawberry Mango \/ Strawberry Ice Cream \/ Banana Ice \/ Strawberry Lychee<br \/>\n4. Double Apple \/ Mango Peach \/ Strawberry Watermelon \/ Strawberry Vanilla Coke<br \/>\n5. Black Dragon Ice \/ Love 66 \/ Mr Blue \/ Strawberry Lemonade<br \/>\n6. Kiwi Passion Fruit Guava \/ Gummy Bear \/ Rainbow Candy \/ Cotton Candy<br \/>\n7. Watermelon Ice \/ Lemon &amp; Mint \/ Strawberry Ice \/ Blue Razz Cherry<br \/>\n8. Triple Berry \/ Tropical Fruit \/ Strawberry Banana \/ Pink Lemonade<br \/>\n9. Triple Melon \/ Blueberry Ice \/ Cherry Bomb \/ Pineapple Coconut<br \/>\n10. Watermelon Bubblegum \/ Borovnice Raspberries \/ Raspberries Watermelon \/ Watermelon Blueberry<br \/>\n11. Hladni Meta \/ Breskev Vi\u0161nja \/ Breskev Jagoda Limona \/ Kivi Watermelon Led<br \/>\n12. Gazirani Limona &amp; Limeta \/ Jabol\u010dni Mojito \/ Ananas Led \/ Kola Led<\/p>\n<h2>Zna\u010dilnosti za enkratno uporabo 200k vape vdihov<\/h2>\n<ul>\n<li>\ud83d\udd25 200K Ultra Visoki Izpusti\uff1aDolgotrajne zmogljivosti za te\u017eke uporabnike in trge z visoko povpra\u0161evanjem.<\/li>\n<li>\ud83c\udf9b\ufe0f 8 v 1 Menjava Okusov\uff1aVe\u010d okusov v eni napravi za bolj prilagodljivo izku\u0161njo vapinga.<\/li>\n<li>\ud83d\udd0b Polnjenje + LED zaslon\uff1aPolnjenje Type-C z jasnim prikazom baterije in uporabe.<\/li>\n<li>\u2699\ufe0f Kvadratna tuljava za gladek izhod\uff1aStabilna proizvodnja pare z bogatim in doslednim okusom.<\/li>\n<li>\ud83d\ude9a Na voljo v skladi\u0161\u010du EU\uff1aHitra dostava z zanesljivo lokalno zalogo skladi\u0161\u010da.<\/li>\n<\/ul>\n<h3>Zakaj izbrati BNAG KING 200K<\/h3>\n<ul>\n<li data-start=\"2486\" data-end=\"2622\">Mo\u010dna Prednost Cene Na Veliko: Neposredna dobava na veliko z konkuren\u010dnimi cenami, idealno za distributerje in velike kupce.<\/li>\n<li data-start=\"2624\" data-end=\"2745\">Trenutni Trend Trga 200K Vdihov: Ultra visoki vdihi enkratne uporabe vape naprav hitro prevladujejo na trgu EU.<\/li>\n<li data-start=\"2747\" data-end=\"2871\">Inovacija Ve\u010d Okusov (8 v 1): Bolj privla\u010dno kot standardne naprave z enim okusom, pove\u010danje prodaje.<\/li>\n<li data-start=\"2873\" data-end=\"2978\">Stabilna Dobava EU Skladi\u0161\u010da: Lokalna zaloga skraj\u0161a \u010das dostave in izbolj\u0161a zadovoljstvo strank.<\/li>\n<li data-start=\"2980\" data-end=\"3096\">Visok Potencial Ponovnega Nakupa: \u0160iroka kombinacija okusov + dolgotrajna uporaba = mo\u010dnej\u0161a zvestoba strank.<\/li>\n<\/ul>\n<h3>Pogosta Vpra\u0161anja za BNAG KING 200K 8-v-1 Enkratno uporabo Vape<\/h3>\n<p><strong>Q1. Kaj je BNAG KING 200K 8-v-1 enkratna uporaba vape?<\/strong><br \/>\nA1: BNAG KING 200K je visok vdih enkratne uporabe vape z do 200000 vdihov in sistemom menjave okusov 8 v 1.<\/p>\n<p><strong>Q2. Je BNAG KING 200K polnjen?<\/strong><br \/>\nA2: Da. 200.000 vdihov vapija prihaja z vgrajeno 650mAh polnljivo baterijo in Type-C priklju\u010dkom za hitro in priro\u010dno polnjenje.<\/p>\n<p><strong>Q3. Ali ima pametna LED lu\u010dka za 200.000 vdihov zaslon?<\/strong><br \/>\nA3: Da. Naprava je opremljena z LED zaslonom, ki prikazuje stanje baterije in informacije o uporabi za bolj\u0161i nadzor in udobje.<\/p>\n<p><strong>Q4. Komu je ta veleprodajni izdelek z 200.000 vdihi primeren?<\/strong><br \/>\nA4: Bang king 200k je idealen za veleprodajne trgovce, distributerje in prodajalce, ki i\u0161\u010dejo visokokapacitetne, povpra\u0161evane izdelke za enkratno uporabo z mo\u010dnim potencialom tr\u017enega prometa.<\/p>\n<p><strong>Za ve\u010d video posnetkov izdelkov se obrnite na Lyn!<\/strong><\/p>\n<p><a href=\"https:\/\/wa.me\/8617840853976\"><span style=\"color: #ff6600\"><strong><em>Whatsapp: +86 17840853976<\/em><\/strong><\/span><\/a><\/p>\n<p><img loading=\"lazy\" decoding=\"async\" class=\"alignnone size-medium wp-image-1905\" src=\"http:\/\/rmvapebang.com\/wp-content\/uploads\/2024\/03\/whatsapp-vape-2-202x300.jpg\" alt=\"\" width=\"202\" height=\"300\" \/><\/p>\n<p>Poi\u0161\u010dite ve\u010d izdelkov, ki bi vam bili v\u0161e\u010d:<a href=\"https:\/\/rmvapebang.com\/sl\/shop-page\/\"><strong><em>Kupite zdaj<\/em><\/strong><\/a><\/p>\n<p>Drugi puffi, ki bi vam bili morda v\u0161e\u010d:<\/p>\n<p><em><a href=\"https:\/\/rmvapebang.com\/sl\/product\/wasbar-60k-rechargeable-disposable-vape-wholesale\/\"><span class=\"BZ_Pyq_fadeIn\">WASBAR\u00a0<\/span><span class=\"BZ_Pyq_fadeIn\">60.000 vdihov <\/span><span class=\"BZ_Pyq_fadeIn\">Enkratna\u00a0<\/span><span class=\"BZ_Pyq_fadeIn\">Vape z pametnim zaslonom, vro\u010da prodaja v skladi\u0161\u010du EU<\/span><\/a><\/em><\/p>\n<p><em><a href=\"https:\/\/rmvapebang.com\/sl\/product\/vapen-titan-10k-puffs-disposable-vape-wholesale\/\">Disposabilni vape tornado z 10.000 vdihi, enostaven za prena\u0161anje za vsakodnevno uporabo<\/a><\/em><\/p>\n<p><em><a href=\"https:\/\/rmvapebang.com\/sl\/product\/bang-leader-350000-puffs-multi-flavor-rechargeable-disposable-vape-8-in-1-high-puff-vape\/\">Bang Leader 350.000 vdihov, 8 v 1 okusi, zni\u017eana cena na razprodaji<\/a><\/em><\/p>","protected":false},"excerpt":{"rendered":"<p><span style=\"color: #ff0000\"><strong>OPOMBA:<\/strong><em>Cene na spletni strani ne vklju\u010dujejo stro\u0161kov po\u0161tnine. Prosimo, po\u0161ljite svojo po\u0161tno \u0161tevilko in naslov, da vam lahko preverimo stro\u0161ke po\u0161iljanja.<\/em><\/span><\/p>\n<p>Visok izpust 200K enkratnih vape naprav z sistemom menjave okusa 8 v 1, ki zagotavlja gladko in prilagodljivo izku\u0161njo vapinga. Zasnovano za veleprodajni trg EU z stabilnim delovanjem, polnilno mo\u010djo in hitrim dostavo iz skladi\u0161\u010da.<\/p>\n<p><a href=\"https:\/\/wa.me\/8617840853976\"><strong><em>Whatsapp: +86 17840853976<\/em><\/strong><\/a><br \/>\n<img loading=\"lazy\" decoding=\"async\" class=\"alignnone size-medium wp-image-1905\" src=\"http:\/\/rmvapebang.com\/wp-content\/uploads\/2024\/03\/whatsapp-vape-2-202x300.jpg\" alt=\"\" width=\"202\" height=\"300\" \/><\/p>\n<p>Skenirajte na WhatsApp za kupon za nove stranke<\/p>","protected":false},"featured_media":5816,"comment_status":"open","ping_status":"closed","template":"","meta":{"_uag_custom_page_level_css":"","_lmt_disableupdate":"no","_lmt_disable":"","site-sidebar-layout":"no-sidebar","site-content-layout":"boxed-container","ast-site-content-layout":"normal-width-container","site-content-style":"boxed","site-sidebar-style":"boxed","ast-global-header-display":"","ast-banner-title-visibility":"","ast-main-header-display":"","ast-hfb-above-header-display":"","ast-hfb-below-header-display":"","ast-hfb-mobile-header-display":"","site-post-title":"","ast-breadcrumbs-content":"","ast-featured-img":"","footer-sml-layout":"","theme-transparent-header-meta":"default","adv-header-id-meta":"","stick-header-meta":"","header-above-stick-meta":"","header-main-stick-meta":"","header-below-stick-meta":"","astra-migrate-meta-layouts":"set","ast-page-background-enabled":"default","ast-page-background-meta":{"desktop":{"background-color":"","background-image":"","background-repeat":"repeat","background-position":"center center","background-size":"auto","background-attachment":"scroll","background-type":"","background-media":"","overlay-type":"","overlay-color":"","overlay-gradient":""},"tablet":{"background-color":"","background-image":"","background-repeat":"repeat","background-position":"center center","background-size":"auto","background-attachment":"scroll","background-type":"","background-media":"","overlay-type":"","overlay-color":"","overlay-gradient":""},"mobile":{"background-color":"","background-image":"","background-repeat":"repeat","background-position":"center center","background-size":"auto","background-attachment":"scroll","background-type":"","background-media":"","overlay-type":"","overlay-color":"","overlay-gradient":""}},"ast-content-background-meta":{"desktop":{"background-color":"var(--ast-global-color-5)","background-image":"","background-repeat":"repeat","background-position":"center center","background-size":"auto","background-attachment":"scroll","background-type":"","background-media":"","overlay-type":"","overlay-color":"","overlay-gradient":""},"tablet":{"background-color":"var(--ast-global-color-5)","background-image":"","background-repeat":"repeat","background-position":"center center","background-size":"auto","background-attachment":"scroll","background-type":"","background-media":"","overlay-type":"","overlay-color":"","overlay-gradient":""},"mobile":{"background-color":"var(--ast-global-color-5)","background-image":"","background-repeat":"repeat","background-position":"center center","background-size":"auto","background-attachment":"scroll","background-type":"","background-media":"","overlay-type":"","overlay-color":"","overlay-gradient":""}},"_joinchat":[]},"product_brand":[],"product_cat":[76,39,41,128,42,40,131,129,264,43],"product_tag":[265,266,50,67,61,58,98,53,52],"class_list":{"0":"post-5810","1":"product","2":"type-product","3":"status-publish","4":"has-post-thumbnail","6":"product_cat-bang-vapes","7":"product_cat-france-wholesale-vape","8":"product_cat-netherlands-wholesale-vape","9":"product_cat-smart-display","10":"product_cat-spain-wholesale-vape","11":"product_cat-germany-wholesale-vape","12":"product_cat-tornado-vape-wholesale-price-hot-sale","13":"product_cat-tornado-vapes","14":"product_cat-vape-200000-puffs","15":"product_cat-vape-shop","16":"product_tag-200000-puffs","17":"product_tag-200k-puffs","18":"product_tag-bulk-price-vape-shop","19":"product_tag-fast-price-sales","20":"product_tag-good-sales-vape","21":"product_tag-moq-50pcs","22":"product_tag-moq-is-50pcs","23":"product_tag-rechargeable-vape","24":"product_tag-vape-wholesasle-price","25":"desktop-align-left","26":"tablet-align-left","27":"mobile-align-left","29":"first","30":"instock","31":"sale","32":"shipping-taxable","33":"purchasable","34":"product-type-simple"},"yoast_head":"<!-- This site is optimized with the Yoast SEO plugin v23.0 - https:\/\/yoast.com\/wordpress\/plugins\/seo\/ -->\n<title>BNAG KING 200K Disposable Vape 8 in 1 Rechargeable Bulk Wholesale - rmvapebang.com<\/title>\n<meta name=\"description\" content=\"BNAG KING 200K 8 in 1 disposable vape with 200000 puffs, rechargeable battery, LED display, EU wholesale stock and multi flavor system.\" \/>\n<meta name=\"robots\" content=\"index, follow, max-snippet:-1, max-image-preview:large, max-video-preview:-1\" \/>\n<link rel=\"canonical\" href=\"https:\/\/rmvapebang.com\/sl\/product\/bnag-king-200k-disposable-vape-8-in-1-rechargeable-bulk-wholesale\/\" \/>\n<meta property=\"og:locale\" content=\"sl_SI\" \/>\n<meta property=\"og:type\" content=\"article\" \/>\n<meta property=\"og:title\" content=\"BNAG KING 200K Disposable Vape 8 in 1 Rechargeable Bulk Wholesale - rmvapebang.com\" \/>\n<meta property=\"og:description\" content=\"BNAG KING 200K 8 in 1 disposable vape with 200000 puffs, rechargeable battery, LED display, EU wholesale stock and multi flavor system.\" \/>\n<meta property=\"og:url\" content=\"https:\/\/rmvapebang.com\/sl\/product\/bnag-king-200k-disposable-vape-8-in-1-rechargeable-bulk-wholesale\/\" \/>\n<meta property=\"og:site_name\" content=\"rmvapebang.com\" \/>\n<meta property=\"article:modified_time\" content=\"2026-03-19T08:18:23+00:00\" \/>\n<meta property=\"og:image\" content=\"https:\/\/rmvapebang.com\/wp-content\/uploads\/2026\/03\/BNAG-KING-200K-8-in-1-Disposable-Vape-Full-Device-View.webp\" \/>\n\t<meta property=\"og:image:width\" content=\"800\" \/>\n\t<meta property=\"og:image:height\" content=\"800\" \/>\n\t<meta property=\"og:image:type\" content=\"image\/webp\" \/>\n<meta name=\"twitter:card\" content=\"summary_large_image\" \/>\n<meta name=\"twitter:label1\" content=\"Est. reading time\" \/>\n\t<meta name=\"twitter:data1\" content=\"4 minute\" \/>\n<script type=\"application\/ld+json\" class=\"yoast-schema-graph\">{\"@context\":\"https:\/\/schema.org\",\"@graph\":[{\"@type\":\"WebPage\",\"@id\":\"https:\/\/rmvapebang.com\/product\/bnag-king-200k-disposable-vape-8-in-1-rechargeable-bulk-wholesale\/\",\"url\":\"https:\/\/rmvapebang.com\/product\/bnag-king-200k-disposable-vape-8-in-1-rechargeable-bulk-wholesale\/\",\"name\":\"BNAG KING 200K Disposable Vape 8 in 1 Rechargeable Bulk Wholesale - rmvapebang.com\",\"isPartOf\":{\"@id\":\"https:\/\/rmvapebang.com\/#website\"},\"primaryImageOfPage\":{\"@id\":\"https:\/\/rmvapebang.com\/product\/bnag-king-200k-disposable-vape-8-in-1-rechargeable-bulk-wholesale\/#primaryimage\"},\"image\":{\"@id\":\"https:\/\/rmvapebang.com\/product\/bnag-king-200k-disposable-vape-8-in-1-rechargeable-bulk-wholesale\/#primaryimage\"},\"thumbnailUrl\":\"https:\/\/rmvapebang.com\/wp-content\/uploads\/2026\/03\/BNAG-KING-200K-8-in-1-Disposable-Vape-Full-Device-View.webp\",\"datePublished\":\"2026-03-20T02:40:56+00:00\",\"dateModified\":\"2026-03-19T08:18:23+00:00\",\"description\":\"BNAG KING 200K 8 in 1 disposable vape with 200000 puffs, rechargeable battery, LED display, EU wholesale stock and multi flavor system.\",\"breadcrumb\":{\"@id\":\"https:\/\/rmvapebang.com\/product\/bnag-king-200k-disposable-vape-8-in-1-rechargeable-bulk-wholesale\/#breadcrumb\"},\"inLanguage\":\"sl-SI\",\"potentialAction\":[{\"@type\":\"ReadAction\",\"target\":[\"https:\/\/rmvapebang.com\/product\/bnag-king-200k-disposable-vape-8-in-1-rechargeable-bulk-wholesale\/\"]}]},{\"@type\":\"ImageObject\",\"inLanguage\":\"sl-SI\",\"@id\":\"https:\/\/rmvapebang.com\/product\/bnag-king-200k-disposable-vape-8-in-1-rechargeable-bulk-wholesale\/#primaryimage\",\"url\":\"https:\/\/rmvapebang.com\/wp-content\/uploads\/2026\/03\/BNAG-KING-200K-8-in-1-Disposable-Vape-Full-Device-View.webp\",\"contentUrl\":\"https:\/\/rmvapebang.com\/wp-content\/uploads\/2026\/03\/BNAG-KING-200K-8-in-1-Disposable-Vape-Full-Device-View.webp\",\"width\":800,\"height\":800,\"caption\":\"High puff 200000 disposable vape with 8 in 1 flavor switching system\"},{\"@type\":\"BreadcrumbList\",\"@id\":\"https:\/\/rmvapebang.com\/product\/bnag-king-200k-disposable-vape-8-in-1-rechargeable-bulk-wholesale\/#breadcrumb\",\"itemListElement\":[{\"@type\":\"ListItem\",\"position\":1,\"name\":\"Home\",\"item\":\"https:\/\/rmvapebang.com\/\"},{\"@type\":\"ListItem\",\"position\":2,\"name\":\"Hot Vape Shop\",\"item\":\"https:\/\/rmvapebang.com\/shop-page\/\"},{\"@type\":\"ListItem\",\"position\":3,\"name\":\"BNAG KING 200K Disposable Vape 8 in 1 Rechargeable Bulk Wholesale\"}]},{\"@type\":\"WebSite\",\"@id\":\"https:\/\/rmvapebang.com\/#website\",\"url\":\"https:\/\/rmvapebang.com\/\",\"name\":\"rmvapebang.com\",\"description\":\"buy vape cheap\",\"publisher\":{\"@id\":\"https:\/\/rmvapebang.com\/#organization\"},\"potentialAction\":[{\"@type\":\"SearchAction\",\"target\":{\"@type\":\"EntryPoint\",\"urlTemplate\":\"https:\/\/rmvapebang.com\/?s={search_term_string}\"},\"query-input\":\"required name=search_term_string\"}],\"inLanguage\":\"sl-SI\"},{\"@type\":\"Organization\",\"@id\":\"https:\/\/rmvapebang.com\/#organization\",\"name\":\"rmvapebang.com\",\"url\":\"https:\/\/rmvapebang.com\/\",\"logo\":{\"@type\":\"ImageObject\",\"inLanguage\":\"sl-SI\",\"@id\":\"https:\/\/rmvapebang.com\/#\/schema\/logo\/image\/\",\"url\":\"https:\/\/rmvapebang.com\/wp-content\/uploads\/2024\/03\/cropped-RVBlogo.png\",\"contentUrl\":\"https:\/\/rmvapebang.com\/wp-content\/uploads\/2024\/03\/cropped-RVBlogo.png\",\"width\":507,\"height\":169,\"caption\":\"rmvapebang.com\"},\"image\":{\"@id\":\"https:\/\/rmvapebang.com\/#\/schema\/logo\/image\/\"}}]}<\/script>\n<!-- \/ Yoast SEO plugin. -->","yoast_head_json":{"title":"BNAG KING 200K Disposable Vape 8 in 1 Rechargeable Bulk Wholesale - rmvapebang.com","description":"BNAG KING 200K 8 in 1 disposable vape with 200000 puffs, rechargeable battery, LED display, EU wholesale stock and multi flavor system.","robots":{"index":"index","follow":"follow","max-snippet":"max-snippet:-1","max-image-preview":"max-image-preview:large","max-video-preview":"max-video-preview:-1"},"canonical":"https:\/\/rmvapebang.com\/sl\/product\/bnag-king-200k-disposable-vape-8-in-1-rechargeable-bulk-wholesale\/","og_locale":"sl_SI","og_type":"article","og_title":"BNAG KING 200K Disposable Vape 8 in 1 Rechargeable Bulk Wholesale - rmvapebang.com","og_description":"BNAG KING 200K 8 in 1 disposable vape with 200000 puffs, rechargeable battery, LED display, EU wholesale stock and multi flavor system.","og_url":"https:\/\/rmvapebang.com\/sl\/product\/bnag-king-200k-disposable-vape-8-in-1-rechargeable-bulk-wholesale\/","og_site_name":"rmvapebang.com","article_modified_time":"2026-03-19T08:18:23+00:00","og_image":[{"width":800,"height":800,"url":"https:\/\/rmvapebang.com\/wp-content\/uploads\/2026\/03\/BNAG-KING-200K-8-in-1-Disposable-Vape-Full-Device-View.webp","type":"image\/webp"}],"twitter_card":"summary_large_image","twitter_misc":{"Est. reading time":"4 minute"},"schema":{"@context":"https:\/\/schema.org","@graph":[{"@type":"WebPage","@id":"https:\/\/rmvapebang.com\/product\/bnag-king-200k-disposable-vape-8-in-1-rechargeable-bulk-wholesale\/","url":"https:\/\/rmvapebang.com\/product\/bnag-king-200k-disposable-vape-8-in-1-rechargeable-bulk-wholesale\/","name":"BNAG KING 200K Disposable Vape 8 in 1 Rechargeable Bulk Wholesale - rmvapebang.com","isPartOf":{"@id":"https:\/\/rmvapebang.com\/#website"},"primaryImageOfPage":{"@id":"https:\/\/rmvapebang.com\/product\/bnag-king-200k-disposable-vape-8-in-1-rechargeable-bulk-wholesale\/#primaryimage"},"image":{"@id":"https:\/\/rmvapebang.com\/product\/bnag-king-200k-disposable-vape-8-in-1-rechargeable-bulk-wholesale\/#primaryimage"},"thumbnailUrl":"https:\/\/rmvapebang.com\/wp-content\/uploads\/2026\/03\/BNAG-KING-200K-8-in-1-Disposable-Vape-Full-Device-View.webp","datePublished":"2026-03-20T02:40:56+00:00","dateModified":"2026-03-19T08:18:23+00:00","description":"BNAG KING 200K 8 in 1 disposable vape with 200000 puffs, rechargeable battery, LED display, EU wholesale stock and multi flavor system.","breadcrumb":{"@id":"https:\/\/rmvapebang.com\/product\/bnag-king-200k-disposable-vape-8-in-1-rechargeable-bulk-wholesale\/#breadcrumb"},"inLanguage":"sl-SI","potentialAction":[{"@type":"ReadAction","target":["https:\/\/rmvapebang.com\/product\/bnag-king-200k-disposable-vape-8-in-1-rechargeable-bulk-wholesale\/"]}]},{"@type":"ImageObject","inLanguage":"sl-SI","@id":"https:\/\/rmvapebang.com\/product\/bnag-king-200k-disposable-vape-8-in-1-rechargeable-bulk-wholesale\/#primaryimage","url":"https:\/\/rmvapebang.com\/wp-content\/uploads\/2026\/03\/BNAG-KING-200K-8-in-1-Disposable-Vape-Full-Device-View.webp","contentUrl":"https:\/\/rmvapebang.com\/wp-content\/uploads\/2026\/03\/BNAG-KING-200K-8-in-1-Disposable-Vape-Full-Device-View.webp","width":800,"height":800,"caption":"High puff 200000 disposable vape with 8 in 1 flavor switching system"},{"@type":"BreadcrumbList","@id":"https:\/\/rmvapebang.com\/product\/bnag-king-200k-disposable-vape-8-in-1-rechargeable-bulk-wholesale\/#breadcrumb","itemListElement":[{"@type":"ListItem","position":1,"name":"Home","item":"https:\/\/rmvapebang.com\/"},{"@type":"ListItem","position":2,"name":"Hot Vape Shop","item":"https:\/\/rmvapebang.com\/shop-page\/"},{"@type":"ListItem","position":3,"name":"BNAG KING 200K Disposable Vape 8 in 1 Rechargeable Bulk Wholesale"}]},{"@type":"WebSite","@id":"https:\/\/rmvapebang.com\/#website","url":"https:\/\/rmvapebang.com\/","name":"rmvapebang.com","description":"buy vape cheap","publisher":{"@id":"https:\/\/rmvapebang.com\/#organization"},"potentialAction":[{"@type":"SearchAction","target":{"@type":"EntryPoint","urlTemplate":"https:\/\/rmvapebang.com\/?s={search_term_string}"},"query-input":"required name=search_term_string"}],"inLanguage":"sl-SI"},{"@type":"Organization","@id":"https:\/\/rmvapebang.com\/#organization","name":"rmvapebang.com","url":"https:\/\/rmvapebang.com\/","logo":{"@type":"ImageObject","inLanguage":"sl-SI","@id":"https:\/\/rmvapebang.com\/#\/schema\/logo\/image\/","url":"https:\/\/rmvapebang.com\/wp-content\/uploads\/2024\/03\/cropped-RVBlogo.png","contentUrl":"https:\/\/rmvapebang.com\/wp-content\/uploads\/2024\/03\/cropped-RVBlogo.png","width":507,"height":169,"caption":"rmvapebang.com"},"image":{"@id":"https:\/\/rmvapebang.com\/#\/schema\/logo\/image\/"}}]}},"uagb_featured_image_src":{"full":["https:\/\/rmvapebang.com\/wp-content\/uploads\/2026\/03\/BNAG-KING-200K-8-in-1-Disposable-Vape-Full-Device-View.webp",800,800,false],"thumbnail":["https:\/\/rmvapebang.com\/wp-content\/uploads\/2026\/03\/BNAG-KING-200K-8-in-1-Disposable-Vape-Full-Device-View-150x150.webp",150,150,true],"medium":["https:\/\/rmvapebang.com\/wp-content\/uploads\/2026\/03\/BNAG-KING-200K-8-in-1-Disposable-Vape-Full-Device-View-300x300.webp",300,300,true],"medium_large":["https:\/\/rmvapebang.com\/wp-content\/uploads\/2026\/03\/BNAG-KING-200K-8-in-1-Disposable-Vape-Full-Device-View-768x768.webp",768,768,true],"large":["https:\/\/rmvapebang.com\/wp-content\/uploads\/2026\/03\/BNAG-KING-200K-8-in-1-Disposable-Vape-Full-Device-View.webp",800,800,false],"1536x1536":["https:\/\/rmvapebang.com\/wp-content\/uploads\/2026\/03\/BNAG-KING-200K-8-in-1-Disposable-Vape-Full-Device-View.webp",800,800,false],"2048x2048":["https:\/\/rmvapebang.com\/wp-content\/uploads\/2026\/03\/BNAG-KING-200K-8-in-1-Disposable-Vape-Full-Device-View.webp",800,800,false],"trp-custom-language-flag":["https:\/\/rmvapebang.com\/wp-content\/uploads\/2026\/03\/BNAG-KING-200K-8-in-1-Disposable-Vape-Full-Device-View-12x12.webp",12,12,true],"woocommerce_thumbnail":["https:\/\/rmvapebang.com\/wp-content\/uploads\/2026\/03\/BNAG-KING-200K-8-in-1-Disposable-Vape-Full-Device-View-300x300.webp",300,300,true],"woocommerce_single":["https:\/\/rmvapebang.com\/wp-content\/uploads\/2026\/03\/BNAG-KING-200K-8-in-1-Disposable-Vape-Full-Device-View-600x600.webp",600,600,true],"woocommerce_gallery_thumbnail":["https:\/\/rmvapebang.com\/wp-content\/uploads\/2026\/03\/BNAG-KING-200K-8-in-1-Disposable-Vape-Full-Device-View-100x100.webp",100,100,true],"wcpr-photo-reviews":["https:\/\/rmvapebang.com\/wp-content\/uploads\/2026\/03\/BNAG-KING-200K-8-in-1-Disposable-Vape-Full-Device-View.webp",500,500,false]},"uagb_author_info":{"display_name":"Lyn","author_link":"https:\/\/rmvapebang.com\/sl\/author\/"},"uagb_comment_info":0,"uagb_excerpt":"NOTE\uff1aPrices on the website don\u2019t include shipping fee. Please send your zip code and address that we can check shipping costs for you. High puff 200K disposable vape with 8 in 1 flavor switching system, delivering a smooth and customizable vaping experience. Designed for EU wholesale market with stable performance, rechargeable power, and fast warehouse&hellip;","_links":{"self":[{"href":"https:\/\/rmvapebang.com\/sl\/wp-json\/wp\/v2\/product\/5810","targetHints":{"allow":["GET"]}}],"collection":[{"href":"https:\/\/rmvapebang.com\/sl\/wp-json\/wp\/v2\/product"}],"about":[{"href":"https:\/\/rmvapebang.com\/sl\/wp-json\/wp\/v2\/types\/product"}],"replies":[{"embeddable":true,"href":"https:\/\/rmvapebang.com\/sl\/wp-json\/wp\/v2\/comments?post=5810"}],"wp:featuredmedia":[{"embeddable":true,"href":"https:\/\/rmvapebang.com\/sl\/wp-json\/wp\/v2\/media\/5816"}],"wp:attachment":[{"href":"https:\/\/rmvapebang.com\/sl\/wp-json\/wp\/v2\/media?parent=5810"}],"wp:term":[{"taxonomy":"product_brand","embeddable":true,"href":"https:\/\/rmvapebang.com\/sl\/wp-json\/wp\/v2\/product_brand?post=5810"},{"taxonomy":"product_cat","embeddable":true,"href":"https:\/\/rmvapebang.com\/sl\/wp-json\/wp\/v2\/product_cat?post=5810"},{"taxonomy":"product_tag","embeddable":true,"href":"https:\/\/rmvapebang.com\/sl\/wp-json\/wp\/v2\/product_tag?post=5810"}],"curies":[{"name":"wp","href":"https:\/\/api.w.org\/{rel}","templated":true}]}}