{"id":5714,"date":"2026-02-26T00:33:39","date_gmt":"2026-02-25T16:33:39","guid":{"rendered":"https:\/\/rmvapebang.com\/?post_type=product&#038;p=5714"},"modified":"2026-04-06T19:39:04","modified_gmt":"2026-04-06T11:39:04","slug":"hifancy-twin-max-60k-puffs-dual-flavor-rechargeable-disposable-vape","status":"publish","type":"product","link":"https:\/\/rmvapebang.com\/sl\/product\/hifancy-twin-max-60k-puffs-dual-flavor-rechargeable-disposable-vape\/","title":{"rendered":"HIFANCY Twin Max 60.000 vdihov, dvojni okus, ponovno napolnljiva enkratna e-cigaretka"},"content":{"rendered":"<h2 data-pm-slice=\"1 1 []\">HIFANCY Twin Max 60.000 vdihov, dvojni okus, ponovno napolnljiva enkratna e-cigaretka<\/h2>\n<p>HIFANCY Twin Max 60K vdihov Dvoslojni okusni polnilni enkratni vape ponuja mo\u010dno <a href=\"https:\/\/rmvapebang.com\/sl\/shop-page\/?filter_puff=60000-puff\"><em><strong>60000 vpihov za enkratno uporabo<\/strong> <\/em><\/a>izku\u0161njo z gladko zmogljivostjo in dolgo trajajo\u010do uporabo. <a href=\"https:\/\/rmvapebang.com\/sl\/product-category\/hifancy-vapes\/\"><em><strong>HIFANCYH vape<\/strong><\/em><\/a>\u00a0zasnovan z dvema rezervoarjema in enostavnim vrtenjem za menjavo okusa, ta dvoslojni okusni enkratni vape omogo\u010da uporabnikom u\u017eivanje v dveh okusih v eni napravi.<\/p>\n<p><a href=\"https:\/\/rmvapebang.com\/sl\/shop-page\/?filter_puff=60000-puff\"><em><strong>Vape z 60000 vdihi, enkratni za enkratno uporabo<\/strong> <\/em><\/a>ima 650mAh Type-C polnilno baterijo, ki podpira stabilen izhod, medtem ko <a href=\"https:\/\/rmvapebang.com\/sl\/product-category\/smart-display\/\"><strong><em>LED zaslon<\/em> <\/strong><\/a>ostaja jasen o stanju napajanja na prvi pogled. Zgrajen za odrasle uporabnike, ki imajo raje visoke vdihne enkratne vape naprave, Twin Max 60K zdru\u017euje u\u010dinkovitost mre\u017ene tuljave, dosledno proizvodnjo pare in kompaktni sodobni dizajn, primeren za vsakodnevno vapovanje.<\/p>\n<figure id=\"attachment_5683\" aria-describedby=\"caption-attachment-5683\" style=\"width: 800px\" class=\"wp-caption alignnone\"><img loading=\"lazy\" decoding=\"async\" class=\"wp-image-5683 size-full\" src=\"http:\/\/rmvapebang.com\/wp-content\/uploads\/2026\/02\/HIFANCY-Twin-Max-60000-Puffs-Dual-Flavor-Vape.webp\" alt=\"HIFANCY Twin Max 60K vdihov, dvojni okus, ponovno polnljiva enkratna vape naprava\" width=\"800\" height=\"800\" srcset=\"https:\/\/rmvapebang.com\/wp-content\/uploads\/2026\/02\/HIFANCY-Twin-Max-60000-Puffs-Dual-Flavor-Vape.webp 800w, https:\/\/rmvapebang.com\/wp-content\/uploads\/2026\/02\/HIFANCY-Twin-Max-60000-Puffs-Dual-Flavor-Vape-300x300.webp 300w, https:\/\/rmvapebang.com\/wp-content\/uploads\/2026\/02\/HIFANCY-Twin-Max-60000-Puffs-Dual-Flavor-Vape-150x150.webp 150w, https:\/\/rmvapebang.com\/wp-content\/uploads\/2026\/02\/HIFANCY-Twin-Max-60000-Puffs-Dual-Flavor-Vape-768x768.webp 768w, https:\/\/rmvapebang.com\/wp-content\/uploads\/2026\/02\/HIFANCY-Twin-Max-60000-Puffs-Dual-Flavor-Vape-12x12.webp 12w, https:\/\/rmvapebang.com\/wp-content\/uploads\/2026\/02\/HIFANCY-Twin-Max-60000-Puffs-Dual-Flavor-Vape-600x600.webp 600w, https:\/\/rmvapebang.com\/wp-content\/uploads\/2026\/02\/HIFANCY-Twin-Max-60000-Puffs-Dual-Flavor-Vape-100x100.webp 100w\" sizes=\"auto, (max-width: 800px) 100vw, 800px\" \/><figcaption id=\"caption-attachment-5683\" class=\"wp-caption-text\">60K vdihov, polnilni enkratni vape z dvema okusnima stikaloma.<\/figcaption><\/figure>\n<h2 data-start=\"815\" data-end=\"866\">Seznam okusov za Smart Dual Flavor Hot Sale Vape<\/h2>\n<p>1. Blue Razz Lemonade\u2014Lush Ice<br \/>\n2. Orange Mango Watermelon\u2014Strawberry Ice<br \/>\n3. Lemon Lime\u2014Triple Melon<br \/>\n4. Blueberry Raspberry Cherry\u2014Cola Ice<br \/>\n5. Strawberry Watermelon\u2014Double Apple<br \/>\n6. Pineapple Mango Peach\u2014Summer Dream<br \/>\n7. Cactus Dragon fruit\u2014Red Bull Ice<br \/>\n8. Watermelon Bubble Gum\u2014Mixed Berry<br \/>\n9. Kiwi Passion Fruit Guava\u2014Blueberry Ice<br \/>\n10. Dragon Fruit Banana Cherry\u2014Love 66<\/p>\n<h2 data-start=\"1030\" data-end=\"1085\">Klju\u010d za veleprodajno enkratno uporabo 60K Vape<\/h2>\n<ul>\n<li>\ud83d\udd04 Vrti za spremembo okusa \u2013 gladek sistem dvojnega okusa<\/li>\n<li>\ud83e\uddca Kapaciteta 60000 vdihov \u2013 dolgotrajen visoki vdih enkratne uporabe vape<\/li>\n<li>\ud83d\udd0b Baterija 650mAh \u2013 stabilna mo\u010d z polnjenjem Type-C<\/li>\n<li>\u26a1 Polnjenje Type-C \u2013 hitro in priro\u010dno za vsakodnevno uporabo<\/li>\n<li>\ud83e\uddea Dvojni rezervoar \u2013 dva okusa v eni kompaktni napravi<\/li>\n<li>\ud83d\udca8 Dvojni mre\u017eni tulj \u2013 dosledna para in uravnote\u017een okus<\/li>\n<li>\ud83d\udcca LED zaslon \u2013 jasen prikaz baterije in uporabe<\/li>\n<li>\ud83c\udf00 Twin Max struktura \u2013 kompaktni dizajn z mo\u010dnim pretokom zraka<\/li>\n<li>\ud83c\udf53 Premium kombinacija okusov \u2013 sadne in ledene kombinacije za odrasle<\/li>\n<\/ul>\n<h2 data-start=\"1650\" data-end=\"1703\">Zakaj izbrati EU skladi\u0161\u010de 60000 vdihov Vape<\/h2>\n<ul>\n<li>Hitrej\u0161a dostava po Evropi z zmanj\u0161anim \u010dasom \u010dakanja.<\/li>\n<li>Stabilna zaloga za maloprodajne in veleprodajne kupce.<\/li>\n<li>Ni\u017eje tveganje pri po\u0161iljanju in bolj gladko logisti\u010dno upravljanje.<\/li>\n<li>Primerno za odrasle uporabnike, ki i\u0161\u010dejo dolgotrajne naprave z visokim \u0161tevilom vdihov.<\/li>\n<\/ul>\n<h2 data-start=\"1978\" data-end=\"2027\">Pogosto zastavljena vpra\u0161anja za High Puff Disposable 60000 Vape<\/h2>\n<p><strong>Q1: Kaj naredi ta enkratno uporabo vape z visokim \u0161tevilom vdihov?<\/strong><br \/>\nA1: Velik kapaciteta e-tekline, tehnologija mre\u017enih tuljav in u\u010dinkovita mo\u010d baterije.<\/p>\n<p><strong>Q2: Ali lahko ponovno napolnim Twin Max 60K HIFANCY?<\/strong><br \/>\nA2: Da, LED zaslon 60k vdihov vape vklju\u010duje polnljivo baterijo 650mAh z USB-C za ve\u010dkratno uporabo.<\/p>\n<p><strong>Q3: Kako deluje stikalo za dvojni okus na HIFANCY vape napravi?<\/strong><br \/>\nA3: Preprosto zavrtite ustnik, da takoj preklopite med dvema okusoma.<\/p>\n<p><strong>Q4: Je LED zaslon uporaben za enkratno uporabo HIFANCY naprave?<\/strong><br \/>\nA4: LED zaslon jasno prikazuje raven baterije in delovni status.<\/p>\n<p><strong>Za ve\u010d video posnetkov izdelkov se obrnite na Lyn!<\/strong><\/p>\n<p><a href=\"https:\/\/wa.me\/8617840853976\"><span style=\"color: #ff6600\"><strong><em>Whatsapp: +86 17840853976<\/em><\/strong><\/span><\/a><\/p>\n<p><img loading=\"lazy\" decoding=\"async\" class=\"alignnone size-medium wp-image-1905\" src=\"http:\/\/rmvapebang.com\/wp-content\/uploads\/2024\/03\/whatsapp-vape-2-202x300.jpg\" alt=\"\" width=\"202\" height=\"300\" \/><\/p>\n<p>Poi\u0161\u010dite ve\u010d izdelkov, ki bi vam bili v\u0161e\u010d:<a href=\"https:\/\/rmvapebang.com\/sl\/shop-page\/\"><strong><em>Kupite zdaj<\/em><\/strong><\/a><\/p>\n<p>Drugi puffi, ki bi vam bili morda v\u0161e\u010d:<\/p>\n<p><a href=\"https:\/\/rmvapebang.com\/sl\/product\/al-fakher-8000-puffs-disposable-vape-2026-best-sale\/\"><em>Al Fakher 8000 vdihov enkratna vape zni\u017eana cena na skladi\u0161\u010du v Sloveniji<\/em><\/a><\/p>\n<p><a href=\"https:\/\/rmvapebang.com\/sl\/product\/al-fakher-ice-adjust-15000-puffs-disposable-vape-2026-edition\/\"><em>Vape pero tornado 15000 vdihov Al fakher enkratna uporaba, vrhunska prodaja v Sloveniji<\/em><\/a><\/p>\n<p><a href=\"https:\/\/rmvapebang.com\/sl\/product\/50000-puffs-dual-flavor-disposable-vape-with-smart-screen-type-c-charging\/\"><em>50000 vdihov dvojni okus enkratna uporaba vape vro\u010da prodaja v Evropi<\/em><\/a><\/p>","protected":false},"excerpt":{"rendered":"<p><span style=\"color: #ff0000\"><strong>OPOMBA<\/strong>:\u00a0<em>Pri<\/em>Cene na spletni strani ne vklju\u010dujejo stro\u0161kov po\u0161iljanja. Prosimo, po\u0161ljite svojo po\u0161tno \u0161tevilko in naslov, da vam lahko preverimo stro\u0161ke po\u0161iljanja.<\/span><\/p>\n<p data-start=\"126\" data-end=\"385\">HIFANCY Twin Max 60K vdihov Dvoslojni okusni enkratni vape z dvema rezervoarjema, LED zaslonom in Type-C polnilno baterijo. Zgrajen za odrasle uporabnike, ki \u017eelijo dolgo trajajo\u010do zmogljivost, gladko proizvodnjo pare in priro\u010dno menjavo okusa v eni kompaktni napravi.<\/p>\n<p><a href=\"https:\/\/wa.me\/8617840853976\"><strong><em>Whatsapp: +86 17840853976<\/em><\/strong><\/a><br \/>\nSkenirajte na WhatsApp za kupon za nove stranke<\/p>\n<p><img loading=\"lazy\" decoding=\"async\" class=\"alignnone size-medium wp-image-1905\" src=\"http:\/\/rmvapebang.com\/wp-content\/uploads\/2024\/03\/whatsapp-vape-2-202x300.jpg\" alt=\"\" width=\"202\" height=\"300\" \/><\/p>","protected":false},"featured_media":5679,"comment_status":"open","ping_status":"closed","template":"","meta":{"_uag_custom_page_level_css":"","_lmt_disableupdate":"no","_lmt_disable":"","site-sidebar-layout":"no-sidebar","site-content-layout":"boxed-container","ast-site-content-layout":"normal-width-container","site-content-style":"boxed","site-sidebar-style":"boxed","ast-global-header-display":"","ast-banner-title-visibility":"","ast-main-header-display":"","ast-hfb-above-header-display":"","ast-hfb-below-header-display":"","ast-hfb-mobile-header-display":"","site-post-title":"","ast-breadcrumbs-content":"","ast-featured-img":"","footer-sml-layout":"","theme-transparent-header-meta":"default","adv-header-id-meta":"","stick-header-meta":"","header-above-stick-meta":"","header-main-stick-meta":"","header-below-stick-meta":"","astra-migrate-meta-layouts":"set","ast-page-background-enabled":"default","ast-page-background-meta":{"desktop":{"background-color":"","background-image":"","background-repeat":"repeat","background-position":"center center","background-size":"auto","background-attachment":"scroll","background-type":"","background-media":"","overlay-type":"","overlay-color":"","overlay-gradient":""},"tablet":{"background-color":"","background-image":"","background-repeat":"repeat","background-position":"center center","background-size":"auto","background-attachment":"scroll","background-type":"","background-media":"","overlay-type":"","overlay-color":"","overlay-gradient":""},"mobile":{"background-color":"","background-image":"","background-repeat":"repeat","background-position":"center center","background-size":"auto","background-attachment":"scroll","background-type":"","background-media":"","overlay-type":"","overlay-color":"","overlay-gradient":""}},"ast-content-background-meta":{"desktop":{"background-color":"var(--ast-global-color-5)","background-image":"","background-repeat":"repeat","background-position":"center center","background-size":"auto","background-attachment":"scroll","background-type":"","background-media":"","overlay-type":"","overlay-color":"","overlay-gradient":""},"tablet":{"background-color":"var(--ast-global-color-5)","background-image":"","background-repeat":"repeat","background-position":"center center","background-size":"auto","background-attachment":"scroll","background-type":"","background-media":"","overlay-type":"","overlay-color":"","overlay-gradient":""},"mobile":{"background-color":"var(--ast-global-color-5)","background-image":"","background-repeat":"repeat","background-position":"center center","background-size":"auto","background-attachment":"scroll","background-type":"","background-media":"","overlay-type":"","overlay-color":"","overlay-gradient":""}},"_joinchat":{"telephone":"+8617840853976"}},"product_brand":[],"product_cat":[15,130,39,293,41,128,42,40,179,43],"product_tag":[178,183,50,61,58,53,52],"class_list":{"0":"post-5714","1":"product","2":"type-product","3":"status-publish","4":"has-post-thumbnail","6":"product_cat-eu-warehouse","7":"product_cat-digital-vapes-in-discount-price","8":"product_cat-france-wholesale-vape","9":"product_cat-hifancy-vapes","10":"product_cat-netherlands-wholesale-vape","11":"product_cat-smart-display","12":"product_cat-spain-wholesale-vape","13":"product_cat-germany-wholesale-vape","14":"product_cat-vape-60000-puffs","15":"product_cat-vape-shop","16":"product_tag-60000-puffs","17":"product_tag-60k-puffs","18":"product_tag-bulk-price-vape-shop","19":"product_tag-good-sales-vape","20":"product_tag-moq-50pcs","21":"product_tag-rechargeable-vape","22":"product_tag-vape-wholesasle-price","23":"desktop-align-left","24":"tablet-align-left","25":"mobile-align-left","27":"first","28":"instock","29":"sale","30":"shipping-taxable","31":"purchasable","32":"product-type-simple"},"yoast_head":"<!-- This site is optimized with the Yoast SEO plugin v23.0 - https:\/\/yoast.com\/wordpress\/plugins\/seo\/ -->\n<title>HIFANCY Twin Max 60K Puffs Dual Flavor Rechargeable Disposable Vape - rmvapebang.com<\/title>\n<meta name=\"description\" content=\"HIFANCY Twin Max 60K dual flavor rechargeable disposable vape with 60000 puffs, LED display, dual tank system and premium high puff performance.\" \/>\n<meta name=\"robots\" content=\"index, follow, max-snippet:-1, max-image-preview:large, max-video-preview:-1\" \/>\n<link rel=\"canonical\" href=\"https:\/\/rmvapebang.com\/sl\/product\/hifancy-twin-max-60k-puffs-dual-flavor-rechargeable-disposable-vape\/\" \/>\n<meta property=\"og:locale\" content=\"sl_SI\" \/>\n<meta property=\"og:type\" content=\"article\" \/>\n<meta property=\"og:title\" content=\"HIFANCY Twin Max 60K Puffs Dual Flavor Rechargeable Disposable Vape - rmvapebang.com\" \/>\n<meta property=\"og:description\" content=\"HIFANCY Twin Max 60K dual flavor rechargeable disposable vape with 60000 puffs, LED display, dual tank system and premium high puff performance.\" \/>\n<meta property=\"og:url\" content=\"https:\/\/rmvapebang.com\/sl\/product\/hifancy-twin-max-60k-puffs-dual-flavor-rechargeable-disposable-vape\/\" \/>\n<meta property=\"og:site_name\" content=\"rmvapebang.com\" \/>\n<meta property=\"article:modified_time\" content=\"2026-04-06T11:39:04+00:00\" \/>\n<meta property=\"og:image\" content=\"http:\/\/rmvapebang.com\/wp-content\/uploads\/2026\/02\/Rotate-Flavor-Dual-Tank-Vape-60K.webp\" \/>\n\t<meta property=\"og:image:width\" content=\"800\" \/>\n\t<meta property=\"og:image:height\" content=\"800\" \/>\n\t<meta property=\"og:image:type\" content=\"image\/webp\" \/>\n<meta name=\"twitter:card\" content=\"summary_large_image\" \/>\n<meta name=\"twitter:label1\" content=\"Est. reading time\" \/>\n\t<meta name=\"twitter:data1\" content=\"3 minute\" \/>\n<script type=\"application\/ld+json\" class=\"yoast-schema-graph\">{\"@context\":\"https:\/\/schema.org\",\"@graph\":[{\"@type\":\"WebPage\",\"@id\":\"https:\/\/rmvapebang.com\/product\/hifancy-twin-max-60k-puffs-dual-flavor-rechargeable-disposable-vape\/\",\"url\":\"https:\/\/rmvapebang.com\/product\/hifancy-twin-max-60k-puffs-dual-flavor-rechargeable-disposable-vape\/\",\"name\":\"HIFANCY Twin Max 60K Puffs Dual Flavor Rechargeable Disposable Vape - rmvapebang.com\",\"isPartOf\":{\"@id\":\"https:\/\/rmvapebang.com\/#website\"},\"primaryImageOfPage\":{\"@id\":\"https:\/\/rmvapebang.com\/product\/hifancy-twin-max-60k-puffs-dual-flavor-rechargeable-disposable-vape\/#primaryimage\"},\"image\":{\"@id\":\"https:\/\/rmvapebang.com\/product\/hifancy-twin-max-60k-puffs-dual-flavor-rechargeable-disposable-vape\/#primaryimage\"},\"thumbnailUrl\":\"https:\/\/rmvapebang.com\/wp-content\/uploads\/2026\/02\/Rotate-Flavor-Dual-Tank-Vape-60K.webp\",\"datePublished\":\"2026-02-25T16:33:39+00:00\",\"dateModified\":\"2026-04-06T11:39:04+00:00\",\"description\":\"HIFANCY Twin Max 60K dual flavor rechargeable disposable vape with 60000 puffs, LED display, dual tank system and premium high puff performance.\",\"breadcrumb\":{\"@id\":\"https:\/\/rmvapebang.com\/product\/hifancy-twin-max-60k-puffs-dual-flavor-rechargeable-disposable-vape\/#breadcrumb\"},\"inLanguage\":\"sl-SI\",\"potentialAction\":[{\"@type\":\"ReadAction\",\"target\":[\"https:\/\/rmvapebang.com\/product\/hifancy-twin-max-60k-puffs-dual-flavor-rechargeable-disposable-vape\/\"]}]},{\"@type\":\"ImageObject\",\"inLanguage\":\"sl-SI\",\"@id\":\"https:\/\/rmvapebang.com\/product\/hifancy-twin-max-60k-puffs-dual-flavor-rechargeable-disposable-vape\/#primaryimage\",\"url\":\"https:\/\/rmvapebang.com\/wp-content\/uploads\/2026\/02\/Rotate-Flavor-Dual-Tank-Vape-60K.webp\",\"contentUrl\":\"https:\/\/rmvapebang.com\/wp-content\/uploads\/2026\/02\/Rotate-Flavor-Dual-Tank-Vape-60K.webp\",\"width\":800,\"height\":800,\"caption\":\"Two flavors in one device with easy rotation switching.\"},{\"@type\":\"BreadcrumbList\",\"@id\":\"https:\/\/rmvapebang.com\/product\/hifancy-twin-max-60k-puffs-dual-flavor-rechargeable-disposable-vape\/#breadcrumb\",\"itemListElement\":[{\"@type\":\"ListItem\",\"position\":1,\"name\":\"Home\",\"item\":\"https:\/\/rmvapebang.com\/\"},{\"@type\":\"ListItem\",\"position\":2,\"name\":\"Hot Vape Shop\",\"item\":\"https:\/\/rmvapebang.com\/shop-page\/\"},{\"@type\":\"ListItem\",\"position\":3,\"name\":\"HIFANCY Twin Max 60K Puffs Dual Flavor Rechargeable Disposable Vape\"}]},{\"@type\":\"WebSite\",\"@id\":\"https:\/\/rmvapebang.com\/#website\",\"url\":\"https:\/\/rmvapebang.com\/\",\"name\":\"rmvapebang.com\",\"description\":\"buy vape cheap\",\"publisher\":{\"@id\":\"https:\/\/rmvapebang.com\/#organization\"},\"potentialAction\":[{\"@type\":\"SearchAction\",\"target\":{\"@type\":\"EntryPoint\",\"urlTemplate\":\"https:\/\/rmvapebang.com\/?s={search_term_string}\"},\"query-input\":\"required name=search_term_string\"}],\"inLanguage\":\"sl-SI\"},{\"@type\":\"Organization\",\"@id\":\"https:\/\/rmvapebang.com\/#organization\",\"name\":\"rmvapebang.com\",\"url\":\"https:\/\/rmvapebang.com\/\",\"logo\":{\"@type\":\"ImageObject\",\"inLanguage\":\"sl-SI\",\"@id\":\"https:\/\/rmvapebang.com\/#\/schema\/logo\/image\/\",\"url\":\"https:\/\/rmvapebang.com\/wp-content\/uploads\/2024\/03\/cropped-RVBlogo.png\",\"contentUrl\":\"https:\/\/rmvapebang.com\/wp-content\/uploads\/2024\/03\/cropped-RVBlogo.png\",\"width\":507,\"height\":169,\"caption\":\"rmvapebang.com\"},\"image\":{\"@id\":\"https:\/\/rmvapebang.com\/#\/schema\/logo\/image\/\"}}]}<\/script>\n<!-- \/ Yoast SEO plugin. -->","yoast_head_json":{"title":"HIFANCY Twin Max 60K Puffs Dual Flavor Rechargeable Disposable Vape - rmvapebang.com","description":"HIFANCY Twin Max 60K dual flavor rechargeable disposable vape with 60000 puffs, LED display, dual tank system and premium high puff performance.","robots":{"index":"index","follow":"follow","max-snippet":"max-snippet:-1","max-image-preview":"max-image-preview:large","max-video-preview":"max-video-preview:-1"},"canonical":"https:\/\/rmvapebang.com\/sl\/product\/hifancy-twin-max-60k-puffs-dual-flavor-rechargeable-disposable-vape\/","og_locale":"sl_SI","og_type":"article","og_title":"HIFANCY Twin Max 60K Puffs Dual Flavor Rechargeable Disposable Vape - rmvapebang.com","og_description":"HIFANCY Twin Max 60K dual flavor rechargeable disposable vape with 60000 puffs, LED display, dual tank system and premium high puff performance.","og_url":"https:\/\/rmvapebang.com\/sl\/product\/hifancy-twin-max-60k-puffs-dual-flavor-rechargeable-disposable-vape\/","og_site_name":"rmvapebang.com","article_modified_time":"2026-04-06T11:39:04+00:00","og_image":[{"width":800,"height":800,"url":"http:\/\/rmvapebang.com\/wp-content\/uploads\/2026\/02\/Rotate-Flavor-Dual-Tank-Vape-60K.webp","type":"image\/webp"}],"twitter_card":"summary_large_image","twitter_misc":{"Est. reading time":"3 minute"},"schema":{"@context":"https:\/\/schema.org","@graph":[{"@type":"WebPage","@id":"https:\/\/rmvapebang.com\/product\/hifancy-twin-max-60k-puffs-dual-flavor-rechargeable-disposable-vape\/","url":"https:\/\/rmvapebang.com\/product\/hifancy-twin-max-60k-puffs-dual-flavor-rechargeable-disposable-vape\/","name":"HIFANCY Twin Max 60K Puffs Dual Flavor Rechargeable Disposable Vape - rmvapebang.com","isPartOf":{"@id":"https:\/\/rmvapebang.com\/#website"},"primaryImageOfPage":{"@id":"https:\/\/rmvapebang.com\/product\/hifancy-twin-max-60k-puffs-dual-flavor-rechargeable-disposable-vape\/#primaryimage"},"image":{"@id":"https:\/\/rmvapebang.com\/product\/hifancy-twin-max-60k-puffs-dual-flavor-rechargeable-disposable-vape\/#primaryimage"},"thumbnailUrl":"https:\/\/rmvapebang.com\/wp-content\/uploads\/2026\/02\/Rotate-Flavor-Dual-Tank-Vape-60K.webp","datePublished":"2026-02-25T16:33:39+00:00","dateModified":"2026-04-06T11:39:04+00:00","description":"HIFANCY Twin Max 60K dual flavor rechargeable disposable vape with 60000 puffs, LED display, dual tank system and premium high puff performance.","breadcrumb":{"@id":"https:\/\/rmvapebang.com\/product\/hifancy-twin-max-60k-puffs-dual-flavor-rechargeable-disposable-vape\/#breadcrumb"},"inLanguage":"sl-SI","potentialAction":[{"@type":"ReadAction","target":["https:\/\/rmvapebang.com\/product\/hifancy-twin-max-60k-puffs-dual-flavor-rechargeable-disposable-vape\/"]}]},{"@type":"ImageObject","inLanguage":"sl-SI","@id":"https:\/\/rmvapebang.com\/product\/hifancy-twin-max-60k-puffs-dual-flavor-rechargeable-disposable-vape\/#primaryimage","url":"https:\/\/rmvapebang.com\/wp-content\/uploads\/2026\/02\/Rotate-Flavor-Dual-Tank-Vape-60K.webp","contentUrl":"https:\/\/rmvapebang.com\/wp-content\/uploads\/2026\/02\/Rotate-Flavor-Dual-Tank-Vape-60K.webp","width":800,"height":800,"caption":"Two flavors in one device with easy rotation switching."},{"@type":"BreadcrumbList","@id":"https:\/\/rmvapebang.com\/product\/hifancy-twin-max-60k-puffs-dual-flavor-rechargeable-disposable-vape\/#breadcrumb","itemListElement":[{"@type":"ListItem","position":1,"name":"Home","item":"https:\/\/rmvapebang.com\/"},{"@type":"ListItem","position":2,"name":"Hot Vape Shop","item":"https:\/\/rmvapebang.com\/shop-page\/"},{"@type":"ListItem","position":3,"name":"HIFANCY Twin Max 60K Puffs Dual Flavor Rechargeable Disposable Vape"}]},{"@type":"WebSite","@id":"https:\/\/rmvapebang.com\/#website","url":"https:\/\/rmvapebang.com\/","name":"rmvapebang.com","description":"buy vape cheap","publisher":{"@id":"https:\/\/rmvapebang.com\/#organization"},"potentialAction":[{"@type":"SearchAction","target":{"@type":"EntryPoint","urlTemplate":"https:\/\/rmvapebang.com\/?s={search_term_string}"},"query-input":"required name=search_term_string"}],"inLanguage":"sl-SI"},{"@type":"Organization","@id":"https:\/\/rmvapebang.com\/#organization","name":"rmvapebang.com","url":"https:\/\/rmvapebang.com\/","logo":{"@type":"ImageObject","inLanguage":"sl-SI","@id":"https:\/\/rmvapebang.com\/#\/schema\/logo\/image\/","url":"https:\/\/rmvapebang.com\/wp-content\/uploads\/2024\/03\/cropped-RVBlogo.png","contentUrl":"https:\/\/rmvapebang.com\/wp-content\/uploads\/2024\/03\/cropped-RVBlogo.png","width":507,"height":169,"caption":"rmvapebang.com"},"image":{"@id":"https:\/\/rmvapebang.com\/#\/schema\/logo\/image\/"}}]}},"uagb_featured_image_src":{"full":["https:\/\/rmvapebang.com\/wp-content\/uploads\/2026\/02\/Rotate-Flavor-Dual-Tank-Vape-60K.webp",800,800,false],"thumbnail":["https:\/\/rmvapebang.com\/wp-content\/uploads\/2026\/02\/Rotate-Flavor-Dual-Tank-Vape-60K-150x150.webp",150,150,true],"medium":["https:\/\/rmvapebang.com\/wp-content\/uploads\/2026\/02\/Rotate-Flavor-Dual-Tank-Vape-60K-300x300.webp",300,300,true],"medium_large":["https:\/\/rmvapebang.com\/wp-content\/uploads\/2026\/02\/Rotate-Flavor-Dual-Tank-Vape-60K-768x768.webp",768,768,true],"large":["https:\/\/rmvapebang.com\/wp-content\/uploads\/2026\/02\/Rotate-Flavor-Dual-Tank-Vape-60K.webp",800,800,false],"1536x1536":["https:\/\/rmvapebang.com\/wp-content\/uploads\/2026\/02\/Rotate-Flavor-Dual-Tank-Vape-60K.webp",800,800,false],"2048x2048":["https:\/\/rmvapebang.com\/wp-content\/uploads\/2026\/02\/Rotate-Flavor-Dual-Tank-Vape-60K.webp",800,800,false],"trp-custom-language-flag":["https:\/\/rmvapebang.com\/wp-content\/uploads\/2026\/02\/Rotate-Flavor-Dual-Tank-Vape-60K-12x12.webp",12,12,true],"woocommerce_thumbnail":["https:\/\/rmvapebang.com\/wp-content\/uploads\/2026\/02\/Rotate-Flavor-Dual-Tank-Vape-60K-300x300.webp",300,300,true],"woocommerce_single":["https:\/\/rmvapebang.com\/wp-content\/uploads\/2026\/02\/Rotate-Flavor-Dual-Tank-Vape-60K-600x600.webp",600,600,true],"woocommerce_gallery_thumbnail":["https:\/\/rmvapebang.com\/wp-content\/uploads\/2026\/02\/Rotate-Flavor-Dual-Tank-Vape-60K-100x100.webp",100,100,true],"wcpr-photo-reviews":["https:\/\/rmvapebang.com\/wp-content\/uploads\/2026\/02\/Rotate-Flavor-Dual-Tank-Vape-60K.webp",500,500,false]},"uagb_author_info":{"display_name":"Lyn","author_link":"https:\/\/rmvapebang.com\/sl\/author\/"},"uagb_comment_info":0,"uagb_excerpt":"NOTE:\u00a0Prices on the website don\u2019t include shipping fee. Please send your zip code and address that we can check shipping costs for you. HIFANCY Twin Max 60K Puffs Dual Flavor Disposable Vape features a dual tank design, LED display and Type-C rechargeable battery. Built for adult users who want long lasting performance, smooth vapor production&hellip;","_links":{"self":[{"href":"https:\/\/rmvapebang.com\/sl\/wp-json\/wp\/v2\/product\/5714","targetHints":{"allow":["GET"]}}],"collection":[{"href":"https:\/\/rmvapebang.com\/sl\/wp-json\/wp\/v2\/product"}],"about":[{"href":"https:\/\/rmvapebang.com\/sl\/wp-json\/wp\/v2\/types\/product"}],"replies":[{"embeddable":true,"href":"https:\/\/rmvapebang.com\/sl\/wp-json\/wp\/v2\/comments?post=5714"}],"wp:featuredmedia":[{"embeddable":true,"href":"https:\/\/rmvapebang.com\/sl\/wp-json\/wp\/v2\/media\/5679"}],"wp:attachment":[{"href":"https:\/\/rmvapebang.com\/sl\/wp-json\/wp\/v2\/media?parent=5714"}],"wp:term":[{"taxonomy":"product_brand","embeddable":true,"href":"https:\/\/rmvapebang.com\/sl\/wp-json\/wp\/v2\/product_brand?post=5714"},{"taxonomy":"product_cat","embeddable":true,"href":"https:\/\/rmvapebang.com\/sl\/wp-json\/wp\/v2\/product_cat?post=5714"},{"taxonomy":"product_tag","embeddable":true,"href":"https:\/\/rmvapebang.com\/sl\/wp-json\/wp\/v2\/product_tag?post=5714"}],"curies":[{"name":"wp","href":"https:\/\/api.w.org\/{rel}","templated":true}]}}