{"id":5237,"date":"2025-11-20T15:34:55","date_gmt":"2025-11-20T07:34:55","guid":{"rendered":"https:\/\/rmvapebang.com\/?post_type=product&#038;p=5237"},"modified":"2025-11-12T16:48:08","modified_gmt":"2025-11-12T08:48:08","slug":"merrymi-16000-disposable-vape-puffs-bulk-discount-top-seller","status":"publish","type":"product","link":"https:\/\/rmvapebang.com\/sl\/product\/merrymi-16000-disposable-vape-puffs-bulk-discount-top-seller\/","title":{"rendered":"MERRYMi 16000 Enkratne Vape Vdihne Veleprodajni Popust Najbolj prodajano"},"content":{"rendered":"<h2 style=\"text-align: left\">MERRYMi 16000 Enkratne Vape Vdihne Veleprodajni Popust Najbolj prodajano<\/h2>\n<p>MERRYMi 16000 Disposable Vape Puffs na debelo, najbolj prodajan, ima kompaktno zasnovo z vrhunsko zmogljivostjo, zaradi \u010desar je digitalni 16k vape primeren tako za posamezne uporabnike kot za evropske distributerje. <a href=\"https:\/\/rmvapebang.com\/sl\/product-category\/vape-16000-puffs\/\"><em><strong>16000 vdihov na enkratno uporabo<\/strong> <\/em><\/a>pohvali se z do 16.000 vdihi, vgrajeno 620mAh polnljivo baterijo in Type-C vmesnik, ki zagotavlja stabilno napajanje in bolj\u0161o izku\u0161njo vapinga.<\/p>\n<p>Vape <a href=\"https:\/\/rmvapebang.com\/sl\/product-category\/vape-16000-puffs\/\"><em><strong>enkratni 16000 vape<\/strong><\/em><\/a> ima dvojni na\u010din delovanja, ki uporabnikom omogo\u010da prilagodljivo izbiro med tesnim odpiranjem in bogatim izpustom pare, kar zadovoljuje tako potrebe po MTL kot DTL vapingu, kapaciteta 20 ml e-tekline pa zagotavlja dolgo u\u017eivanje v vapingu.<\/p>\n<p>Poleg tega je vsa na\u0161a zaloga Merrymi 16000 vdihov vape v na\u0161em skladi\u0161\u010du v EU, kar omogo\u010da <em><strong>MERRYMI vape<\/strong><\/em>\u00a0<span style=\"font-size: 20px\">hitro organizirati dostavo po oddaji naro\u010dila, s \u010dimer se skraj\u0161a \u010das dostave in omogo\u010da hitrej\u0161e u\u017eivanje v popolnem enkratnem vape-u. Na evropskem trgu, ne le za osebno uporabo ali maloprodajo, je MERRYMi 16000 odli\u010den izbor z odli\u010dno razmerjem med ceno in kakovostjo na trgu enkratnih vape-jev s 16000 vdihi.<\/span><\/p>\n<figure id=\"attachment_5206\" aria-describedby=\"caption-attachment-5206\" style=\"width: 800px\" class=\"wp-caption alignnone\"><img loading=\"lazy\" decoding=\"async\" class=\"wp-image-5206 size-full\" src=\"http:\/\/rmvapebang.com\/wp-content\/uploads\/2025\/10\/merrymi-Disposable-vape-puffs-16000-Bulk-Price.webp\" alt=\"merrymi Disposable vape puffs 16000 na debelo cena\" width=\"800\" height=\"800\" srcset=\"https:\/\/rmvapebang.com\/wp-content\/uploads\/2025\/10\/merrymi-Disposable-vape-puffs-16000-Bulk-Price.webp 800w, https:\/\/rmvapebang.com\/wp-content\/uploads\/2025\/10\/merrymi-Disposable-vape-puffs-16000-Bulk-Price-300x300.webp 300w, https:\/\/rmvapebang.com\/wp-content\/uploads\/2025\/10\/merrymi-Disposable-vape-puffs-16000-Bulk-Price-150x150.webp 150w, https:\/\/rmvapebang.com\/wp-content\/uploads\/2025\/10\/merrymi-Disposable-vape-puffs-16000-Bulk-Price-768x768.webp 768w, https:\/\/rmvapebang.com\/wp-content\/uploads\/2025\/10\/merrymi-Disposable-vape-puffs-16000-Bulk-Price-12x12.webp 12w, https:\/\/rmvapebang.com\/wp-content\/uploads\/2025\/10\/merrymi-Disposable-vape-puffs-16000-Bulk-Price-600x600.webp 600w, https:\/\/rmvapebang.com\/wp-content\/uploads\/2025\/10\/merrymi-Disposable-vape-puffs-16000-Bulk-Price-100x100.webp 100w\" sizes=\"auto, (max-width: 800px) 100vw, 800px\" \/><figcaption id=\"caption-attachment-5206\" class=\"wp-caption-text\">merrymi Disposable vape puffs 16000 na debelo cena<\/figcaption><\/figure>\n<h2>Digitalni vape merrymi 30000 vdihov poudarki<\/h2>\n<p>\ud83c\udf08 <em><strong><span style=\"color: #ff0000\">16000 vdihov<\/span><\/strong><\/em> \u2014 uravnote\u017eena dnevna zmogljivost za dalj\u0161o uporabo<br \/>\n\ud83d\udca7 <em><strong><span style=\"color: #ff0000\">20ml e-tekline<\/span><\/strong><\/em> \u2014 velikodu\u0161na ponudba okusa v kompaktni obliki<br \/>\n\ud83d\udd0b <em><strong><span style=\"color: #ff0000\">620mAh<\/span> <\/strong><\/em>polnjenje \u2014 zanesljiva baterija z hitrim polnjenjem Type-C<br \/>\n\u2699\ufe0f Dvojni na\u010din \u2014 enostavno preklapljanje med MTL in DTL vapingom<br \/>\n\ud83d\udca1 LED zaslon \u2014 jasen prikaz stanja baterije in \u0161tevila vdihov<\/p>\n<h2><strong>Okusi za MERRYMI 16000 vdihov enkratno uporabo vape<\/strong><\/h2>\n<p>1. Jagermaister<br \/>\n2. Miami meta<br \/>\n3. Lubenica led<br \/>\n4. Jagoda kiwi<br \/>\n5. Gumi medved<br \/>\n6. Roza breskev<br \/>\n7. \u010crna \u010de\u0161nja limeta<br \/>\n8. Kaktus sladkarije<br \/>\n9. Borovnica lubenica<br \/>\n10. Lychee led<br \/>\n11. Aloe \u010drni ribez<br \/>\n12. Me\u0161ane jagode<br \/>\n13. Rde\u010da energija<br \/>\n14. Kiwi strast<br \/>\n15. Grozd led<br \/>\n16. Kisel jabolko<br \/>\n17. Modri razz led<br \/>\n18. \u010ce\u0161njeva cola<br \/>\n19. Dragonfruit<br \/>\n20. Po\u017ear plamena<br \/>\n21. Limonaada cucu<br \/>\n22. Georgie breskev<br \/>\n23. Pomaran\u010dni led kiwi<br \/>\n24. Roza limonada<br \/>\n25. Ananasova pomaran\u010dna soda<\/p>\n<h2>Pogosta vpra\u0161anja:<\/h2>\n<p><strong>Q1: Je MERRYMi disposable 16000 vape primeren za osebno in prodajno uporabo?<\/strong><br \/>\nA1: Da, kapaciteta 16000 vdihov in dvojni na\u010din delovanja naredita merrymi vape idealen tako za osebne uporabnike kot za prodajalce v trgovinah.<\/p>\n<p><strong>Q2: Prikaz LED na merrymi vape prikazuje raven mo\u010di in ravni e-tekline?<\/strong><br \/>\nA2: Da, pametni LED zaslon pomaga uporabnikom spremljati polnjenje in uporabo vape za optimalno udobje.<\/p>\n<p><strong>Q3: Je disposable merrymi 16000 vdihov mogo\u010de ponovno napolniti?<\/strong><br \/>\nA: Seveda. 16000 vdihov z baterijo 620mAh podpira polnjenje preko Type-C, kar zmanj\u0161uje \u010das izpada med vsakodnevno uporabo.<\/p>\n<p><strong>Q4: Kako deluje vape merrymi 16k vdihov z dvojni na\u010din delovanja?<\/strong><br \/>\nA4: Vaperji se lahko preklapljajo med MTL in DTL izku\u0161njami \u2014 ena za tesnej\u0161i poteg, ena za bogatej\u0161i vapor.<\/p>\n<p><strong>Za ve\u010d video posnetkov izdelkov se obrnite na Lyn!<\/strong><\/p>\n<p><a href=\"https:\/\/wa.me\/8617840853976\"><span style=\"color: #ff6600\"><strong><em>Whatsapp: +86 17840853976<\/em><\/strong><\/span><\/a><\/p>\n<p><img loading=\"lazy\" decoding=\"async\" class=\"alignnone size-medium wp-image-1905\" src=\"http:\/\/rmvapebang.com\/wp-content\/uploads\/2024\/03\/whatsapp-vape-2-202x300.jpg\" alt=\"\" width=\"202\" height=\"300\" \/><\/p>\n<p>Poi\u0161\u010dite ve\u010d izdelkov, ki bi vam bili v\u0161e\u010d:<a href=\"https:\/\/rmvapebang.com\/sl\/shop-page\/\"><strong><em>Kupite zdaj<\/em><\/strong><\/a><\/p>\n<p>Drugi puffi, ki bi vam bili morda v\u0161e\u010d:\u00a0<a href=\"https:\/\/rmvapebang.com\/sl\/product\/top-sale-disposable-bang-leader-vape-110000-puffs\/\">Bang leader 110k vdihov vape<\/a>\/ <a href=\"https:\/\/rmvapebang.com\/sl\/product\/adalya-16000-puffs-disposable-top-sale-bulk-price-vape\/\">Adalya 16000 potov enkratna uporaba vape<\/a>\/ <a href=\"https:\/\/rmvapebang.com\/sl\/product\/digital-screen-uwin-tornado-60000-puff-vape-bulk-triple-flavor\/\">Digital Uwin 60000 vdihov<\/a>\/<a href=\"https:\/\/rmvapebang.com\/sl\/product\/fizzy-pandora-12000-smart-vape-hot-sale-wholesale\/\"> FIZZY Pandora 12000 vdihov vape<\/a><\/p>","protected":false},"excerpt":{"rendered":"<p data-start=\"1244\" data-end=\"1417\"><span style=\"color: #ff0000\"><em><strong>OPOMBA<\/strong>: Cene na spletni strani ne vklju\u010dujejo stro\u0161kov po\u0161iljanja. Prosimo, po\u0161ljite svojo po\u0161tno \u0161tevilko in naslov, da vam lahko preverimo stro\u0161ke po\u0161iljanja.<\/em><\/span><br \/>\n<strong data-start=\"2282\" data-end=\"2299\">MERRYMi 16000<\/strong> izstopa s mo\u010djo, dvojim zra\u010dnim tokom in sodobnim dizajnom. Zaupan v <strong data-start=\"2366\" data-end=\"2404\">enkratni vape za veleprodajalce v EU<\/strong>, ki ponuja visoke mar\u017ee in mo\u010dno privla\u010dnost za stranke.<\/p>\n<p><a href=\"https:\/\/wa.me\/8617840853976\"><strong><em>Whatsapp: +86 17840853976<\/em><\/strong><\/a><\/p>\n<p><img loading=\"lazy\" decoding=\"async\" class=\"alignnone size-medium wp-image-1905\" src=\"http:\/\/rmvapebang.com\/wp-content\/uploads\/2024\/03\/whatsapp-vape-2-202x300.jpg\" alt=\"\" width=\"202\" height=\"300\" \/><br \/>\n<strong>Skenirajte na WhatsApp za kupon za nove stranke<\/strong><\/p>","protected":false},"featured_media":5208,"comment_status":"open","ping_status":"closed","template":"","meta":{"_uag_custom_page_level_css":"","_lmt_disableupdate":"no","_lmt_disable":"","site-sidebar-layout":"no-sidebar","site-content-layout":"boxed-container","ast-site-content-layout":"normal-width-container","site-content-style":"boxed","site-sidebar-style":"boxed","ast-global-header-display":"","ast-banner-title-visibility":"","ast-main-header-display":"","ast-hfb-above-header-display":"","ast-hfb-below-header-display":"","ast-hfb-mobile-header-display":"","site-post-title":"","ast-breadcrumbs-content":"","ast-featured-img":"","footer-sml-layout":"","theme-transparent-header-meta":"default","adv-header-id-meta":"","stick-header-meta":"","header-above-stick-meta":"","header-main-stick-meta":"","header-below-stick-meta":"","astra-migrate-meta-layouts":"set","ast-page-background-enabled":"default","ast-page-background-meta":{"desktop":{"background-color":"","background-image":"","background-repeat":"repeat","background-position":"center center","background-size":"auto","background-attachment":"scroll","background-type":"","background-media":"","overlay-type":"","overlay-color":"","overlay-gradient":""},"tablet":{"background-color":"","background-image":"","background-repeat":"repeat","background-position":"center center","background-size":"auto","background-attachment":"scroll","background-type":"","background-media":"","overlay-type":"","overlay-color":"","overlay-gradient":""},"mobile":{"background-color":"","background-image":"","background-repeat":"repeat","background-position":"center center","background-size":"auto","background-attachment":"scroll","background-type":"","background-media":"","overlay-type":"","overlay-color":"","overlay-gradient":""}},"ast-content-background-meta":{"desktop":{"background-color":"var(--ast-global-color-5)","background-image":"","background-repeat":"repeat","background-position":"center center","background-size":"auto","background-attachment":"scroll","background-type":"","background-media":"","overlay-type":"","overlay-color":"","overlay-gradient":""},"tablet":{"background-color":"var(--ast-global-color-5)","background-image":"","background-repeat":"repeat","background-position":"center center","background-size":"auto","background-attachment":"scroll","background-type":"","background-media":"","overlay-type":"","overlay-color":"","overlay-gradient":""},"mobile":{"background-color":"var(--ast-global-color-5)","background-image":"","background-repeat":"repeat","background-position":"center center","background-size":"auto","background-attachment":"scroll","background-type":"","background-media":"","overlay-type":"","overlay-color":"","overlay-gradient":""}},"_joinchat":[]},"product_brand":[],"product_cat":[39,255,41,42,40,112,43],"product_tag":[113,114,50,61,58,53,52],"class_list":{"0":"post-5237","1":"product","2":"type-product","3":"status-publish","4":"has-post-thumbnail","6":"product_cat-france-wholesale-vape","7":"product_cat-merrymi-vapes","8":"product_cat-netherlands-wholesale-vape","9":"product_cat-spain-wholesale-vape","10":"product_cat-germany-wholesale-vape","11":"product_cat-vape-16000-puffs","12":"product_cat-vape-shop","13":"product_tag-16000-puffs","14":"product_tag-16k-puffs","15":"product_tag-bulk-price-vape-shop","16":"product_tag-good-sales-vape","17":"product_tag-moq-50pcs","18":"product_tag-rechargeable-vape","19":"product_tag-vape-wholesasle-price","20":"desktop-align-left","21":"tablet-align-left","22":"mobile-align-left","24":"first","25":"instock","26":"sale","27":"shipping-taxable","28":"purchasable","29":"product-type-simple"},"yoast_head":"<!-- This site is optimized with the Yoast SEO plugin v23.0 - https:\/\/yoast.com\/wordpress\/plugins\/seo\/ -->\n<title>MERRYMi 16000 Disposable Vape Puffs Bulk Discount Top Seller - rmvapebang.com<\/title>\n<meta name=\"description\" content=\"Order MERRYMi 16000 Disposable Vape at bulk discount. Dual mode, Type-C charging, and EU fast shipping\u2014perfect for retailers!\" \/>\n<meta name=\"robots\" content=\"index, follow, max-snippet:-1, max-image-preview:large, max-video-preview:-1\" \/>\n<link rel=\"canonical\" href=\"https:\/\/rmvapebang.com\/sl\/product\/merrymi-16000-disposable-vape-puffs-bulk-discount-top-seller\/\" \/>\n<meta property=\"og:locale\" content=\"sl_SI\" \/>\n<meta property=\"og:type\" content=\"article\" \/>\n<meta property=\"og:title\" content=\"MERRYMi 16000 Disposable Vape Puffs Bulk Discount Top Seller - rmvapebang.com\" \/>\n<meta property=\"og:description\" content=\"Order MERRYMi 16000 Disposable Vape at bulk discount. Dual mode, Type-C charging, and EU fast shipping\u2014perfect for retailers!\" \/>\n<meta property=\"og:url\" content=\"https:\/\/rmvapebang.com\/sl\/product\/merrymi-16000-disposable-vape-puffs-bulk-discount-top-seller\/\" \/>\n<meta property=\"og:site_name\" content=\"rmvapebang.com\" \/>\n<meta property=\"article:modified_time\" content=\"2025-11-12T08:48:08+00:00\" \/>\n<meta property=\"og:image\" content=\"https:\/\/rmvapebang.com\/wp-content\/uploads\/2025\/10\/merrymi-Digital-Vape-16000-puffs-Discount-Sale.webp\" \/>\n\t<meta property=\"og:image:width\" content=\"800\" \/>\n\t<meta property=\"og:image:height\" content=\"800\" \/>\n\t<meta property=\"og:image:type\" content=\"image\/webp\" \/>\n<meta name=\"twitter:card\" content=\"summary_large_image\" \/>\n<meta name=\"twitter:label1\" content=\"Est. reading time\" \/>\n\t<meta name=\"twitter:data1\" content=\"3 minute\" \/>\n<script type=\"application\/ld+json\" class=\"yoast-schema-graph\">{\"@context\":\"https:\/\/schema.org\",\"@graph\":[{\"@type\":\"WebPage\",\"@id\":\"https:\/\/rmvapebang.com\/product\/merrymi-16000-disposable-vape-puffs-bulk-discount-top-seller\/\",\"url\":\"https:\/\/rmvapebang.com\/product\/merrymi-16000-disposable-vape-puffs-bulk-discount-top-seller\/\",\"name\":\"MERRYMi 16000 Disposable Vape Puffs Bulk Discount Top Seller - rmvapebang.com\",\"isPartOf\":{\"@id\":\"https:\/\/rmvapebang.com\/#website\"},\"primaryImageOfPage\":{\"@id\":\"https:\/\/rmvapebang.com\/product\/merrymi-16000-disposable-vape-puffs-bulk-discount-top-seller\/#primaryimage\"},\"image\":{\"@id\":\"https:\/\/rmvapebang.com\/product\/merrymi-16000-disposable-vape-puffs-bulk-discount-top-seller\/#primaryimage\"},\"thumbnailUrl\":\"https:\/\/rmvapebang.com\/wp-content\/uploads\/2025\/10\/merrymi-Digital-Vape-16000-puffs-Discount-Sale.webp\",\"datePublished\":\"2025-11-20T07:34:55+00:00\",\"dateModified\":\"2025-11-12T08:48:08+00:00\",\"description\":\"Order MERRYMi 16000 Disposable Vape at bulk discount. Dual mode, Type-C charging, and EU fast shipping\u2014perfect for retailers!\",\"breadcrumb\":{\"@id\":\"https:\/\/rmvapebang.com\/product\/merrymi-16000-disposable-vape-puffs-bulk-discount-top-seller\/#breadcrumb\"},\"inLanguage\":\"sl-SI\",\"potentialAction\":[{\"@type\":\"ReadAction\",\"target\":[\"https:\/\/rmvapebang.com\/product\/merrymi-16000-disposable-vape-puffs-bulk-discount-top-seller\/\"]}]},{\"@type\":\"ImageObject\",\"inLanguage\":\"sl-SI\",\"@id\":\"https:\/\/rmvapebang.com\/product\/merrymi-16000-disposable-vape-puffs-bulk-discount-top-seller\/#primaryimage\",\"url\":\"https:\/\/rmvapebang.com\/wp-content\/uploads\/2025\/10\/merrymi-Digital-Vape-16000-puffs-Discount-Sale.webp\",\"contentUrl\":\"https:\/\/rmvapebang.com\/wp-content\/uploads\/2025\/10\/merrymi-Digital-Vape-16000-puffs-Discount-Sale.webp\",\"width\":800,\"height\":800,\"caption\":\"merrymi Digital Vape 16000 puffs Discount Sale\"},{\"@type\":\"BreadcrumbList\",\"@id\":\"https:\/\/rmvapebang.com\/product\/merrymi-16000-disposable-vape-puffs-bulk-discount-top-seller\/#breadcrumb\",\"itemListElement\":[{\"@type\":\"ListItem\",\"position\":1,\"name\":\"Home\",\"item\":\"https:\/\/rmvapebang.com\/\"},{\"@type\":\"ListItem\",\"position\":2,\"name\":\"Hot Vape Shop\",\"item\":\"https:\/\/rmvapebang.com\/shop-page\/\"},{\"@type\":\"ListItem\",\"position\":3,\"name\":\"MERRYMi 16000 Disposable Vape Puffs Bulk Discount Top Seller\"}]},{\"@type\":\"WebSite\",\"@id\":\"https:\/\/rmvapebang.com\/#website\",\"url\":\"https:\/\/rmvapebang.com\/\",\"name\":\"rmvapebang.com\",\"description\":\"buy vape cheap\",\"publisher\":{\"@id\":\"https:\/\/rmvapebang.com\/#organization\"},\"potentialAction\":[{\"@type\":\"SearchAction\",\"target\":{\"@type\":\"EntryPoint\",\"urlTemplate\":\"https:\/\/rmvapebang.com\/?s={search_term_string}\"},\"query-input\":\"required name=search_term_string\"}],\"inLanguage\":\"sl-SI\"},{\"@type\":\"Organization\",\"@id\":\"https:\/\/rmvapebang.com\/#organization\",\"name\":\"rmvapebang.com\",\"url\":\"https:\/\/rmvapebang.com\/\",\"logo\":{\"@type\":\"ImageObject\",\"inLanguage\":\"sl-SI\",\"@id\":\"https:\/\/rmvapebang.com\/#\/schema\/logo\/image\/\",\"url\":\"https:\/\/rmvapebang.com\/wp-content\/uploads\/2024\/03\/cropped-RVBlogo.png\",\"contentUrl\":\"https:\/\/rmvapebang.com\/wp-content\/uploads\/2024\/03\/cropped-RVBlogo.png\",\"width\":507,\"height\":169,\"caption\":\"rmvapebang.com\"},\"image\":{\"@id\":\"https:\/\/rmvapebang.com\/#\/schema\/logo\/image\/\"}}]}<\/script>\n<!-- \/ Yoast SEO plugin. -->","yoast_head_json":{"title":"MERRYMi 16000 Disposable Vape Puffs Bulk Discount Top Seller - rmvapebang.com","description":"Order MERRYMi 16000 Disposable Vape at bulk discount. Dual mode, Type-C charging, and EU fast shipping\u2014perfect for retailers!","robots":{"index":"index","follow":"follow","max-snippet":"max-snippet:-1","max-image-preview":"max-image-preview:large","max-video-preview":"max-video-preview:-1"},"canonical":"https:\/\/rmvapebang.com\/sl\/product\/merrymi-16000-disposable-vape-puffs-bulk-discount-top-seller\/","og_locale":"sl_SI","og_type":"article","og_title":"MERRYMi 16000 Disposable Vape Puffs Bulk Discount Top Seller - rmvapebang.com","og_description":"Order MERRYMi 16000 Disposable Vape at bulk discount. Dual mode, Type-C charging, and EU fast shipping\u2014perfect for retailers!","og_url":"https:\/\/rmvapebang.com\/sl\/product\/merrymi-16000-disposable-vape-puffs-bulk-discount-top-seller\/","og_site_name":"rmvapebang.com","article_modified_time":"2025-11-12T08:48:08+00:00","og_image":[{"width":800,"height":800,"url":"https:\/\/rmvapebang.com\/wp-content\/uploads\/2025\/10\/merrymi-Digital-Vape-16000-puffs-Discount-Sale.webp","type":"image\/webp"}],"twitter_card":"summary_large_image","twitter_misc":{"Est. reading time":"3 minute"},"schema":{"@context":"https:\/\/schema.org","@graph":[{"@type":"WebPage","@id":"https:\/\/rmvapebang.com\/product\/merrymi-16000-disposable-vape-puffs-bulk-discount-top-seller\/","url":"https:\/\/rmvapebang.com\/product\/merrymi-16000-disposable-vape-puffs-bulk-discount-top-seller\/","name":"MERRYMi 16000 Disposable Vape Puffs Bulk Discount Top Seller - rmvapebang.com","isPartOf":{"@id":"https:\/\/rmvapebang.com\/#website"},"primaryImageOfPage":{"@id":"https:\/\/rmvapebang.com\/product\/merrymi-16000-disposable-vape-puffs-bulk-discount-top-seller\/#primaryimage"},"image":{"@id":"https:\/\/rmvapebang.com\/product\/merrymi-16000-disposable-vape-puffs-bulk-discount-top-seller\/#primaryimage"},"thumbnailUrl":"https:\/\/rmvapebang.com\/wp-content\/uploads\/2025\/10\/merrymi-Digital-Vape-16000-puffs-Discount-Sale.webp","datePublished":"2025-11-20T07:34:55+00:00","dateModified":"2025-11-12T08:48:08+00:00","description":"Order MERRYMi 16000 Disposable Vape at bulk discount. Dual mode, Type-C charging, and EU fast shipping\u2014perfect for retailers!","breadcrumb":{"@id":"https:\/\/rmvapebang.com\/product\/merrymi-16000-disposable-vape-puffs-bulk-discount-top-seller\/#breadcrumb"},"inLanguage":"sl-SI","potentialAction":[{"@type":"ReadAction","target":["https:\/\/rmvapebang.com\/product\/merrymi-16000-disposable-vape-puffs-bulk-discount-top-seller\/"]}]},{"@type":"ImageObject","inLanguage":"sl-SI","@id":"https:\/\/rmvapebang.com\/product\/merrymi-16000-disposable-vape-puffs-bulk-discount-top-seller\/#primaryimage","url":"https:\/\/rmvapebang.com\/wp-content\/uploads\/2025\/10\/merrymi-Digital-Vape-16000-puffs-Discount-Sale.webp","contentUrl":"https:\/\/rmvapebang.com\/wp-content\/uploads\/2025\/10\/merrymi-Digital-Vape-16000-puffs-Discount-Sale.webp","width":800,"height":800,"caption":"merrymi Digital Vape 16000 puffs Discount Sale"},{"@type":"BreadcrumbList","@id":"https:\/\/rmvapebang.com\/product\/merrymi-16000-disposable-vape-puffs-bulk-discount-top-seller\/#breadcrumb","itemListElement":[{"@type":"ListItem","position":1,"name":"Home","item":"https:\/\/rmvapebang.com\/"},{"@type":"ListItem","position":2,"name":"Hot Vape Shop","item":"https:\/\/rmvapebang.com\/shop-page\/"},{"@type":"ListItem","position":3,"name":"MERRYMi 16000 Disposable Vape Puffs Bulk Discount Top Seller"}]},{"@type":"WebSite","@id":"https:\/\/rmvapebang.com\/#website","url":"https:\/\/rmvapebang.com\/","name":"rmvapebang.com","description":"buy vape cheap","publisher":{"@id":"https:\/\/rmvapebang.com\/#organization"},"potentialAction":[{"@type":"SearchAction","target":{"@type":"EntryPoint","urlTemplate":"https:\/\/rmvapebang.com\/?s={search_term_string}"},"query-input":"required name=search_term_string"}],"inLanguage":"sl-SI"},{"@type":"Organization","@id":"https:\/\/rmvapebang.com\/#organization","name":"rmvapebang.com","url":"https:\/\/rmvapebang.com\/","logo":{"@type":"ImageObject","inLanguage":"sl-SI","@id":"https:\/\/rmvapebang.com\/#\/schema\/logo\/image\/","url":"https:\/\/rmvapebang.com\/wp-content\/uploads\/2024\/03\/cropped-RVBlogo.png","contentUrl":"https:\/\/rmvapebang.com\/wp-content\/uploads\/2024\/03\/cropped-RVBlogo.png","width":507,"height":169,"caption":"rmvapebang.com"},"image":{"@id":"https:\/\/rmvapebang.com\/#\/schema\/logo\/image\/"}}]}},"uagb_featured_image_src":{"full":["https:\/\/rmvapebang.com\/wp-content\/uploads\/2025\/10\/merrymi-Digital-Vape-16000-puffs-Discount-Sale.webp",800,800,false],"thumbnail":["https:\/\/rmvapebang.com\/wp-content\/uploads\/2025\/10\/merrymi-Digital-Vape-16000-puffs-Discount-Sale-150x150.webp",150,150,true],"medium":["https:\/\/rmvapebang.com\/wp-content\/uploads\/2025\/10\/merrymi-Digital-Vape-16000-puffs-Discount-Sale-300x300.webp",300,300,true],"medium_large":["https:\/\/rmvapebang.com\/wp-content\/uploads\/2025\/10\/merrymi-Digital-Vape-16000-puffs-Discount-Sale-768x768.webp",768,768,true],"large":["https:\/\/rmvapebang.com\/wp-content\/uploads\/2025\/10\/merrymi-Digital-Vape-16000-puffs-Discount-Sale.webp",800,800,false],"1536x1536":["https:\/\/rmvapebang.com\/wp-content\/uploads\/2025\/10\/merrymi-Digital-Vape-16000-puffs-Discount-Sale.webp",800,800,false],"2048x2048":["https:\/\/rmvapebang.com\/wp-content\/uploads\/2025\/10\/merrymi-Digital-Vape-16000-puffs-Discount-Sale.webp",800,800,false],"trp-custom-language-flag":["https:\/\/rmvapebang.com\/wp-content\/uploads\/2025\/10\/merrymi-Digital-Vape-16000-puffs-Discount-Sale-12x12.webp",12,12,true],"woocommerce_thumbnail":["https:\/\/rmvapebang.com\/wp-content\/uploads\/2025\/10\/merrymi-Digital-Vape-16000-puffs-Discount-Sale-300x300.webp",300,300,true],"woocommerce_single":["https:\/\/rmvapebang.com\/wp-content\/uploads\/2025\/10\/merrymi-Digital-Vape-16000-puffs-Discount-Sale-600x600.webp",600,600,true],"woocommerce_gallery_thumbnail":["https:\/\/rmvapebang.com\/wp-content\/uploads\/2025\/10\/merrymi-Digital-Vape-16000-puffs-Discount-Sale-100x100.webp",100,100,true],"wcpr-photo-reviews":["https:\/\/rmvapebang.com\/wp-content\/uploads\/2025\/10\/merrymi-Digital-Vape-16000-puffs-Discount-Sale.webp",500,500,false]},"uagb_author_info":{"display_name":"Lyn","author_link":"https:\/\/rmvapebang.com\/sl\/author\/"},"uagb_comment_info":0,"uagb_excerpt":"NOTE: Prices on the website don\u2019t include shipping fee. Please send your zip code and address that we can check shipping costs for you. MERRYMi 16000 stands out with power, dual airflow, and modern design. A trusted disposable vape for EU wholesalers, offering both high margins and strong customer appeal. Whatsapp:+86 17840853976 Scan on whatsapp&hellip;","_links":{"self":[{"href":"https:\/\/rmvapebang.com\/sl\/wp-json\/wp\/v2\/product\/5237","targetHints":{"allow":["GET"]}}],"collection":[{"href":"https:\/\/rmvapebang.com\/sl\/wp-json\/wp\/v2\/product"}],"about":[{"href":"https:\/\/rmvapebang.com\/sl\/wp-json\/wp\/v2\/types\/product"}],"replies":[{"embeddable":true,"href":"https:\/\/rmvapebang.com\/sl\/wp-json\/wp\/v2\/comments?post=5237"}],"wp:featuredmedia":[{"embeddable":true,"href":"https:\/\/rmvapebang.com\/sl\/wp-json\/wp\/v2\/media\/5208"}],"wp:attachment":[{"href":"https:\/\/rmvapebang.com\/sl\/wp-json\/wp\/v2\/media?parent=5237"}],"wp:term":[{"taxonomy":"product_brand","embeddable":true,"href":"https:\/\/rmvapebang.com\/sl\/wp-json\/wp\/v2\/product_brand?post=5237"},{"taxonomy":"product_cat","embeddable":true,"href":"https:\/\/rmvapebang.com\/sl\/wp-json\/wp\/v2\/product_cat?post=5237"},{"taxonomy":"product_tag","embeddable":true,"href":"https:\/\/rmvapebang.com\/sl\/wp-json\/wp\/v2\/product_tag?post=5237"}],"curies":[{"name":"wp","href":"https:\/\/api.w.org\/{rel}","templated":true}]}}