{"id":5712,"date":"2026-02-22T21:32:11","date_gmt":"2026-02-22T13:32:11","guid":{"rendered":"https:\/\/rmvapebang.com\/?post_type=product&#038;p=5712"},"modified":"2026-04-06T19:38:25","modified_gmt":"2026-04-06T11:38:25","slug":"hifancy-luxury-box-18k-smart-screen-disposable-vape","status":"publish","type":"product","link":"https:\/\/rmvapebang.com\/sk\/product\/hifancy-luxury-box-18k-smart-screen-disposable-vape\/","title":{"rendered":"HIFANCY Luxury Box 18K Jednorazov\u00fd vape s inteligentnou obrazovkou"},"content":{"rendered":"<h2 data-pm-slice=\"1 1 []\">HIFANCY Luxury Box 18K Jednorazov\u00fd vape s inteligentnou obrazovkou<\/h2>\n<p>HIFANCY Luxury Box 18K Inteligentn\u00fd jednorazov\u00fd vape s obrazovkou ur\u010den\u00fd pre nad\u0161encov vysok\u00e9ho po\u010dtu \u0165ahov. Tento<a href=\"https:\/\/rmvapebang.com\/sk\/product-category\/vape-18000-puffs\/\"><em><strong> jednorazov\u00fd vape s 18000 \u0165ahmi<\/strong> <\/em><\/a>poskytuje dlhotrvaj\u00faci v\u00fdkon s kapacitou 28 ml e-liquidu a \u0161tyrmi re\u017eimami ohrevu pre prisp\u00f4sobite\u013en\u00fa intenzitu chuti.<\/p>\n<p>Jednorazov\u00fd vape HIFANCY plne <a href=\"https:\/\/rmvapebang.com\/sk\/product-category\/smart-display\/\"><em><strong>inteligentn\u00e1 obrazovka<\/strong> <\/em><\/a>poskytuje inform\u00e1cie o bat\u00e9rii a pou\u017e\u00edvan\u00ed v re\u00e1lnom \u010dase, zatia\u013e \u010do 650mAh nab\u00edjate\u013en\u00e1 bat\u00e9ria s portom Type-C zais\u0165uje nepreru\u0161ovan\u00fd p\u00f4\u017eitok.<\/p>\n<p>Ide\u00e1lne pre dospel\u00fdch h\u013eadaj\u00facich pr\u00e9miov\u00fd, vysok\u00fd po\u010det \u0165ahov <a href=\"https:\/\/rmvapebang.com\/sk\/product-category\/hifancy-vapes\/\"><em><strong>jednorazov\u00fd vape HIFANCY<\/strong><\/em><\/a>, toto zariadenie kombinuje inov\u00e1ciu, pohodlie a luxus v jednom elegantnom dizajne, \u010do z neho rob\u00ed top vo\u013ebu pre eur\u00f3pskych vaperov.<\/p>\n<figure id=\"attachment_5663\" aria-describedby=\"caption-attachment-5663\" style=\"width: 800px\" class=\"wp-caption alignnone\"><img loading=\"lazy\" decoding=\"async\" class=\"wp-image-5663 size-full\" src=\"http:\/\/rmvapebang.com\/wp-content\/uploads\/2026\/02\/HIFANCY-Luxury-Box-Flavor-Series.webp\" alt=\"HIFANCY Luxury Box 18K kolekcia pr\u00edchut\u00ed jednorazov\u00fdch vape\" width=\"800\" height=\"565\" srcset=\"https:\/\/rmvapebang.com\/wp-content\/uploads\/2026\/02\/HIFANCY-Luxury-Box-Flavor-Series.webp 800w, https:\/\/rmvapebang.com\/wp-content\/uploads\/2026\/02\/HIFANCY-Luxury-Box-Flavor-Series-300x212.webp 300w, https:\/\/rmvapebang.com\/wp-content\/uploads\/2026\/02\/HIFANCY-Luxury-Box-Flavor-Series-768x542.webp 768w, https:\/\/rmvapebang.com\/wp-content\/uploads\/2026\/02\/HIFANCY-Luxury-Box-Flavor-Series-18x12.webp 18w, https:\/\/rmvapebang.com\/wp-content\/uploads\/2026\/02\/HIFANCY-Luxury-Box-Flavor-Series-600x424.webp 600w\" sizes=\"auto, (max-width: 800px) 100vw, 800px\" \/><figcaption id=\"caption-attachment-5663\" class=\"wp-caption-text\">Popul\u00e1rne mo\u017enosti ovocn\u00fdch a \u013eadov\u00fdch pr\u00edchut\u00ed.<\/figcaption><\/figure>\n<h2 data-start=\"815\" data-end=\"866\">Zoznam pr\u00edchut\u00ed pre jednorazov\u00fd vape 18k Luxury Box<\/h2>\n<p>1. Modr\u00e1 malina s \u013eadom<br \/>\n2. Brosky\u0148ov\u00e1 \u0161\u0165ava<br \/>\n3. Anan\u00e1sov\u00fd kokosov\u00fd \u013ead<br \/>\n4. Mel\u00f3nov\u00e1 \u013dadov\u00e1<br \/>\n5. \u010cu\u010doriedkov\u00e9 kysl\u00e9 jablko s \u013eadom<br \/>\n6. Jahoda vodn\u00fd mel\u00f3n<br \/>\n7. Zmie\u0161an\u00e9 bobule<br \/>\n8. Mamba<br \/>\n9. \u010cu\u010doriedkov\u00fd \u013ead<br \/>\n10. Jahodov\u00e1 malina \u010dere\u0161\u0148a<\/p>\n<h2 data-start=\"1030\" data-end=\"1085\">K\u013e\u00fa\u010dov\u00e9 vlastnosti inteligentn\u00e9ho jednorazov\u00e9ho vape s obrazovkou 18K \u0165ahov<\/h2>\n<ul>\n<li>\u26a1 18000 \u0165ahov \u2013 Dlhotrvaj\u00face vapovanie pre pred\u013a\u017een\u00fd p\u00f4\u017eitok<\/li>\n<li>\ud83d\udd0b 650mAh nab\u00edjate\u013en\u00e1 bat\u00e9ria \u2013 podpora r\u00fdchleho nab\u00edjania Type-C<\/li>\n<li>\ud83c\udf21\ufe0f \u0160tyri re\u017eimy ohrevu \u2013 prisp\u00f4sobte intenzitu chuti<\/li>\n<li>\ud83d\udda5\ufe0f Plne inteligentn\u00fd displej \u2013 zobrazenie bat\u00e9rie a pou\u017e\u00edvania v re\u00e1lnom \u010dase<\/li>\n<li>\ud83d\udca7 28ml ve\u013ek\u00e1 kapacita e-liquidu \u2013 hladk\u00e1 a konzistentn\u00e1 chu\u0165<\/li>\n<li>\ud83d\udd04 Syst\u00e9m du\u00e1lnych sie\u0165ov\u00fdch cievok \u2013 vyv\u00e1\u017een\u00e1 produkcia pary<\/li>\n<\/ul>\n<h2 data-start=\"1650\" data-end=\"1703\">Pre\u010do si vybra\u0165 vape HIFANCY Luxury Box 18000 Puffs<\/h2>\n<ul>\n<li>Pr\u00e9miov\u00fd dizajn \u2013 elegantn\u00fd a modern\u00fd vzh\u013ead<\/li>\n<li>Prisp\u00f4sobite\u013en\u00e9 teplo \u2013 \u0161tyri re\u017eimy pre personalizovan\u00e9 vapovanie<\/li>\n<li>Dlh\u00e1 v\u00fddr\u017e bat\u00e9rie \u2013 spo\u013eahliv\u00e1 nab\u00edjate\u013en\u00e1 bat\u00e9ria Type-C<\/li>\n<li>Hladk\u00fd v\u00fdstup pary \u2013 du\u00e1lna sie\u0165ov\u00e1 cievka zais\u0165uje konzistentn\u00fa chu\u0165<\/li>\n<\/ul>\n<h2 data-start=\"1978\" data-end=\"2027\">\u010cast\u00e9 ot\u00e1zky pre jednorazov\u00fd vape so \u0161tyrmi re\u017eimami ohrevu<\/h2>\n<p><strong>Q1: Ako dlho vydr\u017e\u00ed bat\u00e9ria na HIFANCY Luxury Box 18K?<\/strong><br \/>\nA1: 650mAh nab\u00edjate\u013en\u00e1 bat\u00e9ria podporuje dlhodob\u00e9 pou\u017e\u00edvanie a mo\u017eno ju r\u00fdchlo nabi\u0165 cez nab\u00edjac\u00ed port Type-C.<\/p>\n<p><strong>Q2: Zobrazuje inteligentn\u00fd displej inform\u00e1cie v re\u00e1lnom \u010dase?<\/strong><br \/>\nA2: \u00c1no. Cel\u00fd displej zobrazuje \u00farove\u0148 bat\u00e9rie a stav pou\u017e\u00edvania, \u010do u\u013eah\u010duje monitorovanie v\u00e1\u0161ho z\u00e1\u017eitku z vapovania.<\/p>\n<p><strong>Q3: Ak\u00fa kapacitu e-liquidu m\u00e1 tento vape?<\/strong><br \/>\nA3: M\u00e1 ve\u013ek\u00fa kapacitu e-liquidu 28 ml, navrhnut\u00fa pre dlhotrvaj\u00facu chu\u0165 a konzistentn\u00fa produkciu pary.<\/p>\n<p><strong>Q4: Na \u010do sl\u00fa\u017eia \u0161tyri re\u017eimy ohrevu?<\/strong><br \/>\nA4: \u0160tyri \u00farovne ohrevu v\u00e1m umo\u017e\u0148uj\u00fa nastavi\u0165 intenzitu pary a silu chuti pod\u013ea va\u0161ich preferenci\u00ed.<\/p>\n<p><strong>Kontaktujte Lyn pre viac produktov\u00fdch vide\u00ed!<\/strong><\/p>\n<p><a href=\"https:\/\/wa.me\/8617840853976\"><span style=\"color: #ff6600\"><strong><em>Whatsapp:+86 17840853976<\/em><\/strong><\/span><\/a><\/p>\n<p><img loading=\"lazy\" decoding=\"async\" class=\"alignnone size-medium wp-image-1905\" src=\"http:\/\/rmvapebang.com\/wp-content\/uploads\/2024\/03\/whatsapp-vape-2-202x300.jpg\" alt=\"\" width=\"202\" height=\"300\" \/><\/p>\n<p>N\u00e1jdite \u010fal\u0161ie produkty, ktor\u00e9 by sa v\u00e1m mohli p\u00e1\u010di\u0165:<a href=\"https:\/\/rmvapebang.com\/sk\/shop-page\/\"><strong><em>Nakupova\u0165 teraz<\/em><\/strong><\/a><\/p>\n<p>Ostatn\u00e9 puff, ktor\u00e9 by sa v\u00e1m mohli p\u00e1\u010di\u0165:<\/p>\n<p><em><a href=\"https:\/\/rmvapebang.com\/sk\/product\/fizzy-smart-150k-puffs-15-in-1-disposable-vape\/\">FIZZY Smart 150K jednorazov\u00e1 vape 15 v 1 ob\u013e\u00faben\u00e9 chute Predajn\u00e1 cena<\/a><\/em><\/p>\n<p><a href=\"https:\/\/rmvapebang.com\/sk\/product\/vapme-crystal-30000-puffs-vape-bulk-sale-price-for-eu-vape-shops\/\"><em>Vapme Crystal 30K Tornado vape jednorazov\u00e9 zariadenie s vysok\u00fdm po\u010dtom potiahnut\u00ed<\/em><\/a><\/p>\n<p><em><a href=\"https:\/\/rmvapebang.com\/sk\/product\/uzy-150000-puffs-disposable-vape-six-flavors-wholesale-price\/\">150K UZY s 6-v-1 chu\u0165ami v akcii v sklade na Slovensku<\/a><\/em><\/p>","protected":false},"excerpt":{"rendered":"<p><span style=\"color: #ff0000\"><strong>POZN\u00c1MKA<\/strong>:\u00a0<em>Pri<\/em>Ceny na webovej str\u00e1nke nezah\u0155\u0148aj\u00fa poplatok za dopravu. Pros\u00edm, po\u0161lite n\u00e1m va\u0161e PS\u010c a adresu, aby sme mohli skontrolova\u0165 n\u00e1klady na dopravu.<\/span><\/p>\n<p data-start=\"126\" data-end=\"385\">HIFANCY Luxury Box 18K ide\u00e1lny pre eur\u00f3pskych dospel\u00fdch, tento jednorazov\u00fd vape s vysok\u00fdm po\u010dtom \u0165ahov disponuje inteligentnou obrazovkou, du\u00e1lnou sie\u0165ovou cievkou a nab\u00edjate\u013enou bat\u00e9riou Type-C. Ide\u00e1lny pre pr\u00e9miov\u00e9 vapovanie alebo ve\u013ekoobchodn\u00e9 dod\u00e1vky 18K \u0165ahov, poskytuje jemn\u00fa chu\u0165 a dlhotrvaj\u00faci p\u00f4\u017eitok.<\/p>\n<p><a href=\"https:\/\/wa.me\/8617840853976\"><strong><em>Whatsapp:+86 17840853976<\/em><\/strong><\/a><br \/>\nNaskenujte na Whatsapp pre kup\u00f3n pre nov\u00fdch klientov<\/p>\n<p><img loading=\"lazy\" decoding=\"async\" class=\"alignnone size-medium wp-image-1905\" src=\"http:\/\/rmvapebang.com\/wp-content\/uploads\/2024\/03\/whatsapp-vape-2-202x300.jpg\" alt=\"\" width=\"202\" height=\"300\" \/><\/p>","protected":false},"featured_media":5667,"comment_status":"open","ping_status":"closed","template":"","meta":{"_uag_custom_page_level_css":"","_lmt_disableupdate":"no","_lmt_disable":"","site-sidebar-layout":"no-sidebar","site-content-layout":"boxed-container","ast-site-content-layout":"normal-width-container","site-content-style":"boxed","site-sidebar-style":"boxed","ast-global-header-display":"","ast-banner-title-visibility":"","ast-main-header-display":"","ast-hfb-above-header-display":"","ast-hfb-below-header-display":"","ast-hfb-mobile-header-display":"","site-post-title":"","ast-breadcrumbs-content":"","ast-featured-img":"","footer-sml-layout":"","theme-transparent-header-meta":"default","adv-header-id-meta":"","stick-header-meta":"","header-above-stick-meta":"","header-main-stick-meta":"","header-below-stick-meta":"","astra-migrate-meta-layouts":"set","ast-page-background-enabled":"default","ast-page-background-meta":{"desktop":{"background-color":"","background-image":"","background-repeat":"repeat","background-position":"center center","background-size":"auto","background-attachment":"scroll","background-type":"","background-media":"","overlay-type":"","overlay-color":"","overlay-gradient":""},"tablet":{"background-color":"","background-image":"","background-repeat":"repeat","background-position":"center center","background-size":"auto","background-attachment":"scroll","background-type":"","background-media":"","overlay-type":"","overlay-color":"","overlay-gradient":""},"mobile":{"background-color":"","background-image":"","background-repeat":"repeat","background-position":"center center","background-size":"auto","background-attachment":"scroll","background-type":"","background-media":"","overlay-type":"","overlay-color":"","overlay-gradient":""}},"ast-content-background-meta":{"desktop":{"background-color":"var(--ast-global-color-5)","background-image":"","background-repeat":"repeat","background-position":"center center","background-size":"auto","background-attachment":"scroll","background-type":"","background-media":"","overlay-type":"","overlay-color":"","overlay-gradient":""},"tablet":{"background-color":"var(--ast-global-color-5)","background-image":"","background-repeat":"repeat","background-position":"center center","background-size":"auto","background-attachment":"scroll","background-type":"","background-media":"","overlay-type":"","overlay-color":"","overlay-gradient":""},"mobile":{"background-color":"var(--ast-global-color-5)","background-image":"","background-repeat":"repeat","background-position":"center center","background-size":"auto","background-attachment":"scroll","background-type":"","background-media":"","overlay-type":"","overlay-color":"","overlay-gradient":""}},"_joinchat":{"telephone":"+8617840853976"}},"product_brand":[],"product_cat":[15,130,39,293,41,128,42,40,78,43],"product_tag":[71,72,50,61,58,53,52],"class_list":{"0":"post-5712","1":"product","2":"type-product","3":"status-publish","4":"has-post-thumbnail","6":"product_cat-eu-warehouse","7":"product_cat-digital-vapes-in-discount-price","8":"product_cat-france-wholesale-vape","9":"product_cat-hifancy-vapes","10":"product_cat-netherlands-wholesale-vape","11":"product_cat-smart-display","12":"product_cat-spain-wholesale-vape","13":"product_cat-germany-wholesale-vape","14":"product_cat-vape-18000-puffs","15":"product_cat-vape-shop","16":"product_tag-18000-puffs","17":"product_tag-18k-puffs","18":"product_tag-bulk-price-vape-shop","19":"product_tag-good-sales-vape","20":"product_tag-moq-50pcs","21":"product_tag-rechargeable-vape","22":"product_tag-vape-wholesasle-price","23":"desktop-align-left","24":"tablet-align-left","25":"mobile-align-left","27":"first","28":"instock","29":"sale","30":"shipping-taxable","31":"purchasable","32":"product-type-simple"},"yoast_head":"<!-- This site is optimized with the Yoast SEO plugin v23.0 - https:\/\/yoast.com\/wordpress\/plugins\/seo\/ -->\n<title>HIFANCY Luxury Box 18K Smart Screen Disposable Vape - rmvapebang.com<\/title>\n<meta name=\"description\" content=\"HIFANCY Luxury Box 18K Smart Screen Disposable Vape \u2013 18000 puffs, rechargeable, dual mesh coil, 28ml e-liquid, four heating modes.\" \/>\n<meta name=\"robots\" content=\"index, follow, max-snippet:-1, max-image-preview:large, max-video-preview:-1\" \/>\n<link rel=\"canonical\" href=\"https:\/\/rmvapebang.com\/sk\/product\/hifancy-luxury-box-18k-smart-screen-disposable-vape\/\" \/>\n<meta property=\"og:locale\" content=\"sk_SK\" \/>\n<meta property=\"og:type\" content=\"article\" \/>\n<meta property=\"og:title\" content=\"HIFANCY Luxury Box 18K Smart Screen Disposable Vape - rmvapebang.com\" \/>\n<meta property=\"og:description\" content=\"HIFANCY Luxury Box 18K Smart Screen Disposable Vape \u2013 18000 puffs, rechargeable, dual mesh coil, 28ml e-liquid, four heating modes.\" \/>\n<meta property=\"og:url\" content=\"https:\/\/rmvapebang.com\/sk\/product\/hifancy-luxury-box-18k-smart-screen-disposable-vape\/\" \/>\n<meta property=\"og:site_name\" content=\"rmvapebang.com\" \/>\n<meta property=\"article:modified_time\" content=\"2026-04-06T11:38:25+00:00\" \/>\n<meta property=\"og:image\" content=\"http:\/\/rmvapebang.com\/wp-content\/uploads\/2026\/02\/HIFANCY-Luxury-Box-18K-Disposable-Vape.webp\" \/>\n\t<meta property=\"og:image:width\" content=\"800\" \/>\n\t<meta property=\"og:image:height\" content=\"800\" \/>\n\t<meta property=\"og:image:type\" content=\"image\/webp\" \/>\n<meta name=\"twitter:card\" content=\"summary_large_image\" \/>\n<meta name=\"twitter:label1\" content=\"Predpokladan\u00fd \u010das \u010d\u00edtania\" \/>\n\t<meta name=\"twitter:data1\" content=\"3 min\u00faty\" \/>\n<script type=\"application\/ld+json\" class=\"yoast-schema-graph\">{\"@context\":\"https:\/\/schema.org\",\"@graph\":[{\"@type\":\"WebPage\",\"@id\":\"https:\/\/rmvapebang.com\/product\/hifancy-luxury-box-18k-smart-screen-disposable-vape\/\",\"url\":\"https:\/\/rmvapebang.com\/product\/hifancy-luxury-box-18k-smart-screen-disposable-vape\/\",\"name\":\"HIFANCY Luxury Box 18K Smart Screen Disposable Vape - rmvapebang.com\",\"isPartOf\":{\"@id\":\"https:\/\/rmvapebang.com\/#website\"},\"primaryImageOfPage\":{\"@id\":\"https:\/\/rmvapebang.com\/product\/hifancy-luxury-box-18k-smart-screen-disposable-vape\/#primaryimage\"},\"image\":{\"@id\":\"https:\/\/rmvapebang.com\/product\/hifancy-luxury-box-18k-smart-screen-disposable-vape\/#primaryimage\"},\"thumbnailUrl\":\"https:\/\/rmvapebang.com\/wp-content\/uploads\/2026\/02\/HIFANCY-Luxury-Box-18K-Disposable-Vape.webp\",\"datePublished\":\"2026-02-22T13:32:11+00:00\",\"dateModified\":\"2026-04-06T11:38:25+00:00\",\"description\":\"HIFANCY Luxury Box 18K Smart Screen Disposable Vape \u2013 18000 puffs, rechargeable, dual mesh coil, 28ml e-liquid, four heating modes.\",\"breadcrumb\":{\"@id\":\"https:\/\/rmvapebang.com\/product\/hifancy-luxury-box-18k-smart-screen-disposable-vape\/#breadcrumb\"},\"inLanguage\":\"sk-SK\",\"potentialAction\":[{\"@type\":\"ReadAction\",\"target\":[\"https:\/\/rmvapebang.com\/product\/hifancy-luxury-box-18k-smart-screen-disposable-vape\/\"]}]},{\"@type\":\"ImageObject\",\"inLanguage\":\"sk-SK\",\"@id\":\"https:\/\/rmvapebang.com\/product\/hifancy-luxury-box-18k-smart-screen-disposable-vape\/#primaryimage\",\"url\":\"https:\/\/rmvapebang.com\/wp-content\/uploads\/2026\/02\/HIFANCY-Luxury-Box-18K-Disposable-Vape.webp\",\"contentUrl\":\"https:\/\/rmvapebang.com\/wp-content\/uploads\/2026\/02\/HIFANCY-Luxury-Box-18K-Disposable-Vape.webp\",\"width\":800,\"height\":800,\"caption\":\"18000 puffs smart screen rechargeable vape.\"},{\"@type\":\"BreadcrumbList\",\"@id\":\"https:\/\/rmvapebang.com\/product\/hifancy-luxury-box-18k-smart-screen-disposable-vape\/#breadcrumb\",\"itemListElement\":[{\"@type\":\"ListItem\",\"position\":1,\"name\":\"Home\",\"item\":\"https:\/\/rmvapebang.com\/\"},{\"@type\":\"ListItem\",\"position\":2,\"name\":\"Hot Vape Shop\",\"item\":\"https:\/\/rmvapebang.com\/shop-page\/\"},{\"@type\":\"ListItem\",\"position\":3,\"name\":\"HIFANCY Luxury Box 18K Smart Screen Disposable Vape\"}]},{\"@type\":\"WebSite\",\"@id\":\"https:\/\/rmvapebang.com\/#website\",\"url\":\"https:\/\/rmvapebang.com\/\",\"name\":\"rmvapebang.com\",\"description\":\"buy vape cheap\",\"publisher\":{\"@id\":\"https:\/\/rmvapebang.com\/#organization\"},\"potentialAction\":[{\"@type\":\"SearchAction\",\"target\":{\"@type\":\"EntryPoint\",\"urlTemplate\":\"https:\/\/rmvapebang.com\/?s={search_term_string}\"},\"query-input\":\"required name=search_term_string\"}],\"inLanguage\":\"sk-SK\"},{\"@type\":\"Organization\",\"@id\":\"https:\/\/rmvapebang.com\/#organization\",\"name\":\"rmvapebang.com\",\"url\":\"https:\/\/rmvapebang.com\/\",\"logo\":{\"@type\":\"ImageObject\",\"inLanguage\":\"sk-SK\",\"@id\":\"https:\/\/rmvapebang.com\/#\/schema\/logo\/image\/\",\"url\":\"https:\/\/rmvapebang.com\/wp-content\/uploads\/2024\/03\/cropped-RVBlogo.png\",\"contentUrl\":\"https:\/\/rmvapebang.com\/wp-content\/uploads\/2024\/03\/cropped-RVBlogo.png\",\"width\":507,\"height\":169,\"caption\":\"rmvapebang.com\"},\"image\":{\"@id\":\"https:\/\/rmvapebang.com\/#\/schema\/logo\/image\/\"}}]}<\/script>\n<!-- \/ Yoast SEO plugin. -->","yoast_head_json":{"title":"HIFANCY Luxury Box 18K Smart Screen Disposable Vape - rmvapebang.com","description":"HIFANCY Luxury Box 18K Smart Screen Disposable Vape \u2013 18000 puffs, rechargeable, dual mesh coil, 28ml e-liquid, four heating modes.","robots":{"index":"index","follow":"follow","max-snippet":"max-snippet:-1","max-image-preview":"max-image-preview:large","max-video-preview":"max-video-preview:-1"},"canonical":"https:\/\/rmvapebang.com\/sk\/product\/hifancy-luxury-box-18k-smart-screen-disposable-vape\/","og_locale":"sk_SK","og_type":"article","og_title":"HIFANCY Luxury Box 18K Smart Screen Disposable Vape - rmvapebang.com","og_description":"HIFANCY Luxury Box 18K Smart Screen Disposable Vape \u2013 18000 puffs, rechargeable, dual mesh coil, 28ml e-liquid, four heating modes.","og_url":"https:\/\/rmvapebang.com\/sk\/product\/hifancy-luxury-box-18k-smart-screen-disposable-vape\/","og_site_name":"rmvapebang.com","article_modified_time":"2026-04-06T11:38:25+00:00","og_image":[{"width":800,"height":800,"url":"http:\/\/rmvapebang.com\/wp-content\/uploads\/2026\/02\/HIFANCY-Luxury-Box-18K-Disposable-Vape.webp","type":"image\/webp"}],"twitter_card":"summary_large_image","twitter_misc":{"Predpokladan\u00fd \u010das \u010d\u00edtania":"3 min\u00faty"},"schema":{"@context":"https:\/\/schema.org","@graph":[{"@type":"WebPage","@id":"https:\/\/rmvapebang.com\/product\/hifancy-luxury-box-18k-smart-screen-disposable-vape\/","url":"https:\/\/rmvapebang.com\/product\/hifancy-luxury-box-18k-smart-screen-disposable-vape\/","name":"HIFANCY Luxury Box 18K Smart Screen Disposable Vape - rmvapebang.com","isPartOf":{"@id":"https:\/\/rmvapebang.com\/#website"},"primaryImageOfPage":{"@id":"https:\/\/rmvapebang.com\/product\/hifancy-luxury-box-18k-smart-screen-disposable-vape\/#primaryimage"},"image":{"@id":"https:\/\/rmvapebang.com\/product\/hifancy-luxury-box-18k-smart-screen-disposable-vape\/#primaryimage"},"thumbnailUrl":"https:\/\/rmvapebang.com\/wp-content\/uploads\/2026\/02\/HIFANCY-Luxury-Box-18K-Disposable-Vape.webp","datePublished":"2026-02-22T13:32:11+00:00","dateModified":"2026-04-06T11:38:25+00:00","description":"HIFANCY Luxury Box 18K Smart Screen Disposable Vape \u2013 18000 puffs, rechargeable, dual mesh coil, 28ml e-liquid, four heating modes.","breadcrumb":{"@id":"https:\/\/rmvapebang.com\/product\/hifancy-luxury-box-18k-smart-screen-disposable-vape\/#breadcrumb"},"inLanguage":"sk-SK","potentialAction":[{"@type":"ReadAction","target":["https:\/\/rmvapebang.com\/product\/hifancy-luxury-box-18k-smart-screen-disposable-vape\/"]}]},{"@type":"ImageObject","inLanguage":"sk-SK","@id":"https:\/\/rmvapebang.com\/product\/hifancy-luxury-box-18k-smart-screen-disposable-vape\/#primaryimage","url":"https:\/\/rmvapebang.com\/wp-content\/uploads\/2026\/02\/HIFANCY-Luxury-Box-18K-Disposable-Vape.webp","contentUrl":"https:\/\/rmvapebang.com\/wp-content\/uploads\/2026\/02\/HIFANCY-Luxury-Box-18K-Disposable-Vape.webp","width":800,"height":800,"caption":"18000 puffs smart screen rechargeable vape."},{"@type":"BreadcrumbList","@id":"https:\/\/rmvapebang.com\/product\/hifancy-luxury-box-18k-smart-screen-disposable-vape\/#breadcrumb","itemListElement":[{"@type":"ListItem","position":1,"name":"Home","item":"https:\/\/rmvapebang.com\/"},{"@type":"ListItem","position":2,"name":"Hot Vape Shop","item":"https:\/\/rmvapebang.com\/shop-page\/"},{"@type":"ListItem","position":3,"name":"HIFANCY Luxury Box 18K Smart Screen Disposable Vape"}]},{"@type":"WebSite","@id":"https:\/\/rmvapebang.com\/#website","url":"https:\/\/rmvapebang.com\/","name":"rmvapebang.com","description":"buy vape cheap","publisher":{"@id":"https:\/\/rmvapebang.com\/#organization"},"potentialAction":[{"@type":"SearchAction","target":{"@type":"EntryPoint","urlTemplate":"https:\/\/rmvapebang.com\/?s={search_term_string}"},"query-input":"required name=search_term_string"}],"inLanguage":"sk-SK"},{"@type":"Organization","@id":"https:\/\/rmvapebang.com\/#organization","name":"rmvapebang.com","url":"https:\/\/rmvapebang.com\/","logo":{"@type":"ImageObject","inLanguage":"sk-SK","@id":"https:\/\/rmvapebang.com\/#\/schema\/logo\/image\/","url":"https:\/\/rmvapebang.com\/wp-content\/uploads\/2024\/03\/cropped-RVBlogo.png","contentUrl":"https:\/\/rmvapebang.com\/wp-content\/uploads\/2024\/03\/cropped-RVBlogo.png","width":507,"height":169,"caption":"rmvapebang.com"},"image":{"@id":"https:\/\/rmvapebang.com\/#\/schema\/logo\/image\/"}}]}},"uagb_featured_image_src":{"full":["https:\/\/rmvapebang.com\/wp-content\/uploads\/2026\/02\/HIFANCY-Luxury-Box-18K-Disposable-Vape.webp",800,800,false],"thumbnail":["https:\/\/rmvapebang.com\/wp-content\/uploads\/2026\/02\/HIFANCY-Luxury-Box-18K-Disposable-Vape-150x150.webp",150,150,true],"medium":["https:\/\/rmvapebang.com\/wp-content\/uploads\/2026\/02\/HIFANCY-Luxury-Box-18K-Disposable-Vape-300x300.webp",300,300,true],"medium_large":["https:\/\/rmvapebang.com\/wp-content\/uploads\/2026\/02\/HIFANCY-Luxury-Box-18K-Disposable-Vape-768x768.webp",768,768,true],"large":["https:\/\/rmvapebang.com\/wp-content\/uploads\/2026\/02\/HIFANCY-Luxury-Box-18K-Disposable-Vape.webp",800,800,false],"1536x1536":["https:\/\/rmvapebang.com\/wp-content\/uploads\/2026\/02\/HIFANCY-Luxury-Box-18K-Disposable-Vape.webp",800,800,false],"2048x2048":["https:\/\/rmvapebang.com\/wp-content\/uploads\/2026\/02\/HIFANCY-Luxury-Box-18K-Disposable-Vape.webp",800,800,false],"trp-custom-language-flag":["https:\/\/rmvapebang.com\/wp-content\/uploads\/2026\/02\/HIFANCY-Luxury-Box-18K-Disposable-Vape-12x12.webp",12,12,true],"woocommerce_thumbnail":["https:\/\/rmvapebang.com\/wp-content\/uploads\/2026\/02\/HIFANCY-Luxury-Box-18K-Disposable-Vape-300x300.webp",300,300,true],"woocommerce_single":["https:\/\/rmvapebang.com\/wp-content\/uploads\/2026\/02\/HIFANCY-Luxury-Box-18K-Disposable-Vape-600x600.webp",600,600,true],"woocommerce_gallery_thumbnail":["https:\/\/rmvapebang.com\/wp-content\/uploads\/2026\/02\/HIFANCY-Luxury-Box-18K-Disposable-Vape-100x100.webp",100,100,true],"wcpr-photo-reviews":["https:\/\/rmvapebang.com\/wp-content\/uploads\/2026\/02\/HIFANCY-Luxury-Box-18K-Disposable-Vape.webp",500,500,false]},"uagb_author_info":{"display_name":"Lyn","author_link":"https:\/\/rmvapebang.com\/sk\/author\/"},"uagb_comment_info":0,"uagb_excerpt":"NOTE:\u00a0Prices on the website don\u2019t include shipping fee. Please send your zip code and address that we can check shipping costs for you. HIFANCY Luxury Box 18K perfect for European adults, this high puff disposable vape features smart screen, dual mesh coil, and rechargeable Type-C battery. Ideal for premium vaping or wholesale 18K puffs supply,&hellip;","_links":{"self":[{"href":"https:\/\/rmvapebang.com\/sk\/wp-json\/wp\/v2\/product\/5712","targetHints":{"allow":["GET"]}}],"collection":[{"href":"https:\/\/rmvapebang.com\/sk\/wp-json\/wp\/v2\/product"}],"about":[{"href":"https:\/\/rmvapebang.com\/sk\/wp-json\/wp\/v2\/types\/product"}],"replies":[{"embeddable":true,"href":"https:\/\/rmvapebang.com\/sk\/wp-json\/wp\/v2\/comments?post=5712"}],"wp:featuredmedia":[{"embeddable":true,"href":"https:\/\/rmvapebang.com\/sk\/wp-json\/wp\/v2\/media\/5667"}],"wp:attachment":[{"href":"https:\/\/rmvapebang.com\/sk\/wp-json\/wp\/v2\/media?parent=5712"}],"wp:term":[{"taxonomy":"product_brand","embeddable":true,"href":"https:\/\/rmvapebang.com\/sk\/wp-json\/wp\/v2\/product_brand?post=5712"},{"taxonomy":"product_cat","embeddable":true,"href":"https:\/\/rmvapebang.com\/sk\/wp-json\/wp\/v2\/product_cat?post=5712"},{"taxonomy":"product_tag","embeddable":true,"href":"https:\/\/rmvapebang.com\/sk\/wp-json\/wp\/v2\/product_tag?post=5712"}],"curies":[{"name":"wp","href":"https:\/\/api.w.org\/{rel}","templated":true}]}}