{"id":5237,"date":"2025-11-20T15:34:55","date_gmt":"2025-11-20T07:34:55","guid":{"rendered":"https:\/\/rmvapebang.com\/?post_type=product&#038;p=5237"},"modified":"2025-11-12T16:48:08","modified_gmt":"2025-11-12T08:48:08","slug":"merrymi-16000-disposable-vape-puffs-bulk-discount-top-seller","status":"publish","type":"product","link":"https:\/\/rmvapebang.com\/sk\/product\/merrymi-16000-disposable-vape-puffs-bulk-discount-top-seller\/","title":{"rendered":"MERRYMi 16000 Jednorazov\u00e9 vapov\u00e9 v\u00fddychy Hromadn\u00e1 z\u013eava Najpred\u00e1vanej\u0161\u00ed"},"content":{"rendered":"<h2 style=\"text-align: left\">MERRYMi 16000 Jednorazov\u00e9 vapov\u00e9 v\u00fddychy Hromadn\u00e1 z\u013eava Najpred\u00e1vanej\u0161\u00ed<\/h2>\n<p>MERRYMi 16000 Jednorazov\u00e1 vape Puffs Hromadn\u00e1 z\u013eava Najpred\u00e1vanej\u0161ia m\u00e1 kompaktn\u00fd dizajn s vynikaj\u00facim v\u00fdkonom, \u010do rob\u00ed digit\u00e1lnu 16k vape vhodnou pre individu\u00e1lnych pou\u017e\u00edvate\u013eov aj eur\u00f3pskych distrib\u00fatorov. <a href=\"https:\/\/rmvapebang.com\/sk\/product-category\/vape-16000-puffs\/\"><em><strong>16000 pufov jednorazov\u00e9ho vaporiz\u00e9ra<\/strong> <\/em><\/a>sa p\u00fd\u0161i v\u00fddr\u017eou bat\u00e9rie a\u017e do 16 000 potiahnut\u00ed, zabudovanou 620mAh dob\u00edjate\u013enou bat\u00e9riou a rozhran\u00edm Type-C, \u010do zabezpe\u010duje stabiln\u00fd v\u00fdkon a plynulej\u0161iu sk\u00fasenos\u0165 s vapovan\u00edm.<\/p>\n<p>Tento <a href=\"https:\/\/rmvapebang.com\/sk\/product-category\/vape-16000-puffs\/\"><em><strong>jednorazov\u00e1 16000 vape<\/strong><\/em><\/a> m\u00e1 dvojit\u00fd re\u017eim, ktor\u00fd umo\u017e\u0148uje pou\u017e\u00edvate\u013eom flexibilne si vybra\u0165 medzi tesn\u00fdm odporom pri \u0165ahan\u00ed a bohat\u00fdm v\u00fdstupom pary, \u010d\u00edm vyhovuje potreb\u00e1m MTL aj DTL vapovania, a kapacita e-liquidu 20 ml zabezpe\u010duje dlh\u00e9 pote\u0161enie vapera.<\/p>\n<p>Okrem toho je v\u0161etok n\u00e1\u0161 sklad Merrymi 16000 potiahnut\u00ed vape v na\u0161om eur\u00f3pskom sklade, \u010do umo\u017e\u0148uje <em><strong>MERRYMI vape<\/strong><\/em>\u00a0<span style=\"font-size: 20px\">r\u00fdchlo zabezpe\u010di\u0165 doru\u010denie po objednan\u00ed, \u010d\u00edm sa zni\u017euje doba doru\u010denia a umo\u017e\u0148uje v\u00e1m si sk\u00f4r vychutna\u0165 svoju dokonal\u00fa jednorazov\u00fa vape. Na eur\u00f3pskom trhu, nie len na osobn\u00e9 pou\u017eitie alebo maloobchod, je MERRYMi 16000 ide\u00e1lnou vo\u013ebou s vynikaj\u00facou hodnotou za peniaze na trhu s jednorazov\u00fdmi vape s 16000 potiahnutiami.<\/span><\/p>\n<figure id=\"attachment_5206\" aria-describedby=\"caption-attachment-5206\" style=\"width: 800px\" class=\"wp-caption alignnone\"><img loading=\"lazy\" decoding=\"async\" class=\"wp-image-5206 size-full\" src=\"http:\/\/rmvapebang.com\/wp-content\/uploads\/2025\/10\/merrymi-Disposable-vape-puffs-16000-Bulk-Price.webp\" alt=\"merrymi Jednorazov\u00e1 vape potiahnutia 16000 Hromadn\u00e1 cena\" width=\"800\" height=\"800\" srcset=\"https:\/\/rmvapebang.com\/wp-content\/uploads\/2025\/10\/merrymi-Disposable-vape-puffs-16000-Bulk-Price.webp 800w, https:\/\/rmvapebang.com\/wp-content\/uploads\/2025\/10\/merrymi-Disposable-vape-puffs-16000-Bulk-Price-300x300.webp 300w, https:\/\/rmvapebang.com\/wp-content\/uploads\/2025\/10\/merrymi-Disposable-vape-puffs-16000-Bulk-Price-150x150.webp 150w, https:\/\/rmvapebang.com\/wp-content\/uploads\/2025\/10\/merrymi-Disposable-vape-puffs-16000-Bulk-Price-768x768.webp 768w, https:\/\/rmvapebang.com\/wp-content\/uploads\/2025\/10\/merrymi-Disposable-vape-puffs-16000-Bulk-Price-12x12.webp 12w, https:\/\/rmvapebang.com\/wp-content\/uploads\/2025\/10\/merrymi-Disposable-vape-puffs-16000-Bulk-Price-600x600.webp 600w, https:\/\/rmvapebang.com\/wp-content\/uploads\/2025\/10\/merrymi-Disposable-vape-puffs-16000-Bulk-Price-100x100.webp 100w\" sizes=\"auto, (max-width: 800px) 100vw, 800px\" \/><figcaption id=\"caption-attachment-5206\" class=\"wp-caption-text\">merrymi Jednorazov\u00e1 vape potiahnutia 16000 Hromadn\u00e1 cena<\/figcaption><\/figure>\n<h2>Digit\u00e1lna vape merrymi 30000 potiahnut\u00ed Hlavn\u00e9 vlastnosti<\/h2>\n<p>\ud83c\udf08 <em><strong><span style=\"color: #ff0000\">16000 \u0165ahov<\/span><\/strong><\/em> \u2014 vyv\u00e1\u017een\u00fd denn\u00fd v\u00fdkon pre dlhodob\u00e9 pou\u017e\u00edvanie<br \/>\n\ud83d\udca7 <em><strong><span style=\"color: #ff0000\">20ml e-liquidu<\/span><\/strong><\/em> \u2014 ve\u013ekorys\u00e1 z\u00e1soba chuti v kompaktnom tele<br \/>\n\ud83d\udd0b <em><strong><span style=\"color: #ff0000\">620mAh<\/span> <\/strong><\/em>dob\u00edjate\u013en\u00e1 \u2014 spo\u013eahliv\u00e1 bat\u00e9ria s r\u00fdchlym nab\u00edjan\u00edm Type-C<br \/>\n\u2699\ufe0f Dvojit\u00fd re\u017eim \u2014 \u013eahko prep\u00ednajte medzi MTL a DTL vapovan\u00edm<br \/>\n\ud83d\udca1 LED displej \u2014 jasn\u00fd poh\u013ead na stav bat\u00e9rie a po\u010det potiahnut\u00ed<\/p>\n<h2><strong>Pr\u00edchute pre MERRYMI 16000 d\u00e1vok jednorazov\u00fd vaporiz\u00e9r<\/strong><\/h2>\n<p>1. Jagermaister<br \/>\n2. Miami m\u00e4ta<br \/>\n3. Vodn\u00fd mel\u00f3n \u013ead<br \/>\n4. Jahodovo-kiwi<br \/>\n5. Gummy medve\u010f<br \/>\n6. Ru\u017eov\u00e1 brosky\u0148a<br \/>\n7. \u010cierna \u010dere\u0161\u0148a Limeta<br \/>\n8. Kaktusov\u00e1 cukrovinka<br \/>\n9. \u010cu\u010doriedka vodn\u00fd mel\u00f3n<br \/>\n10. Lychee \u013ead<br \/>\n11. Aloe \u010dierna r\u00edbez\u013ea<br \/>\n12. Zmes bob\u00fa\u013e<br \/>\n13. \u010cerven\u00e1 energia<br \/>\n14. Kiwi v\u00e1\u0161e\u0148<br \/>\n15. Hrozno \u013ead<br \/>\n16. Kysl\u00e9 jablko<br \/>\n17. Modr\u00fd razz \u013ead<br \/>\n18. \u010cere\u0161\u0148ov\u00e1 cola<br \/>\n19. Drakovo ovocie<br \/>\n20. Plame\u0148 varenia<br \/>\n21. Lemon\u00e1da cucu<br \/>\n22. Georgie brosky\u0148a<br \/>\n23. Pomaran\u010d \u013ead kiwi<br \/>\n24. Ru\u017eov\u00e1 lemon\u00e1da<br \/>\n25. Anan\u00e1s Pomaran\u010d s\u00f3da<\/p>\n<h2>\u010casto kladen\u00e9 ot\u00e1zky:<\/h2>\n<p><strong>Q1: Je jednorazov\u00fd vaporiz\u00e9r MERRYMi s kapacitou 16000 vhodn\u00fd na osobn\u00e9 aj maloobchodn\u00e9 pou\u017eitie?<\/strong><br \/>\nA1: \u00c1no, kapacita 16000 potiahnut\u00ed a du\u00e1lny re\u017eim nastavenia robia vaporiz\u00e9r merrymi ide\u00e1lnym pre osobn\u00fdch pou\u017e\u00edvate\u013eov aj predajcov v obchodoch.<\/p>\n<p><strong>Q2: Zobrazuje LED displej vaporiz\u00e9ra merrymi \u00farove\u0148 v\u00fdkonu a e-liquidu?<\/strong><br \/>\nA2: \u00c1no, inteligentn\u00fd LED displej pom\u00e1ha pou\u017e\u00edvate\u013eom sledova\u0165 nab\u00edjanie a pou\u017e\u00edvanie vaporiz\u00e9ra pre maxim\u00e1lnu pohodlnos\u0165.<\/p>\n<p><strong>Q3: Je jednorazov\u00fd merrymi 16000 potiahnut\u00ed dob\u00edjate\u013en\u00fd?<\/strong><br \/>\nA: Samozrejme. Bat\u00e9ria s kapacitou 620mAh podporuje nab\u00edjanie cez Type-C, \u010d\u00edm sa zni\u017euje prestoj po\u010das denn\u00e9ho pou\u017e\u00edvania.<\/p>\n<p><strong>Q4: Ako funguje vaporiz\u00e9r merrymi 16k potiahnut\u00ed v du\u00e1lnom re\u017eime?<\/strong><br \/>\nA4: Pou\u017e\u00edvatelia m\u00f4\u017eu prep\u00edna\u0165 medzi MTL a DTL z\u00e1\u017eitkami \u2014 jeden pre tesnej\u0161\u00ed \u0165ah, druh\u00fd pre bohat\u0161\u00ed par\u00e1k.<\/p>\n<p><strong>Kontaktujte Lyn pre viac produktov\u00fdch vide\u00ed!<\/strong><\/p>\n<p><a href=\"https:\/\/wa.me\/8617840853976\"><span style=\"color: #ff6600\"><strong><em>Whatsapp:+86 17840853976<\/em><\/strong><\/span><\/a><\/p>\n<p><img loading=\"lazy\" decoding=\"async\" class=\"alignnone size-medium wp-image-1905\" src=\"http:\/\/rmvapebang.com\/wp-content\/uploads\/2024\/03\/whatsapp-vape-2-202x300.jpg\" alt=\"\" width=\"202\" height=\"300\" \/><\/p>\n<p>N\u00e1jdite \u010fal\u0161ie produkty, ktor\u00e9 by sa v\u00e1m mohli p\u00e1\u010di\u0165:<a href=\"https:\/\/rmvapebang.com\/sk\/shop-page\/\"><strong><em>Nakupova\u0165 teraz<\/em><\/strong><\/a><\/p>\n<p>Ostatn\u00e9 puff, ktor\u00e9 by sa v\u00e1m mohli p\u00e1\u010di\u0165:\u00a0<a href=\"https:\/\/rmvapebang.com\/sk\/product\/top-sale-disposable-bang-leader-vape-110000-puffs\/\">Bang leader 110k vapka s potiahnutiami<\/a>\/ <a href=\"https:\/\/rmvapebang.com\/sk\/product\/adalya-16000-puffs-disposable-top-sale-bulk-price-vape\/\">Adalya 16000 Potiahnut\u00ed Jednorazov\u00fd vaporiz\u00e9r<\/a>\/ <a href=\"https:\/\/rmvapebang.com\/sk\/product\/digital-screen-uwin-tornado-60000-puff-vape-bulk-triple-flavor\/\">Digital Uwin 60000 potiahnut\u00ed<\/a>\/<a href=\"https:\/\/rmvapebang.com\/sk\/product\/fizzy-pandora-12000-smart-vape-hot-sale-wholesale\/\"> FIZZY Pandora 12000 potiahnut\u00ed vaporiz\u00e9r<\/a><\/p>","protected":false},"excerpt":{"rendered":"<p data-start=\"1244\" data-end=\"1417\"><span style=\"color: #ff0000\"><em><strong>POZN\u00c1MKA<\/strong>: Ceny na webovej str\u00e1nke nezah\u0155\u0148aj\u00fa poplatok za dopravu. Po\u0161lite n\u00e1m va\u0161e PS\u010c a adresu, aby sme v\u00e1m mohli skontrolova\u0165 n\u00e1klady na dopravu.<\/em><\/span><br \/>\n<strong data-start=\"2282\" data-end=\"2299\">MERRYMi 16000<\/strong> vynik\u00e1 silou, dvojit\u00fdm pr\u00faden\u00edm vzduchu a modern\u00fdm dizajnom. D\u00f4veryhodn\u00e1 <strong data-start=\"2366\" data-end=\"2404\">jednorazov\u00e1 vape pre ve\u013ekoobchodn\u00edkov v E\u00da<\/strong>, pon\u00faka vysok\u00e9 mar\u017ee aj siln\u00fd z\u00e1kazn\u00edcky z\u00e1ujem.<\/p>\n<p><a href=\"https:\/\/wa.me\/8617840853976\"><strong><em>Whatsapp:+86 17840853976<\/em><\/strong><\/a><\/p>\n<p><img loading=\"lazy\" decoding=\"async\" class=\"alignnone size-medium wp-image-1905\" src=\"http:\/\/rmvapebang.com\/wp-content\/uploads\/2024\/03\/whatsapp-vape-2-202x300.jpg\" alt=\"\" width=\"202\" height=\"300\" \/><br \/>\n<strong>Naskenujte na Whatsapp pre kup\u00f3n pre nov\u00fdch klientov<\/strong><\/p>","protected":false},"featured_media":5208,"comment_status":"open","ping_status":"closed","template":"","meta":{"_uag_custom_page_level_css":"","_lmt_disableupdate":"no","_lmt_disable":"","site-sidebar-layout":"no-sidebar","site-content-layout":"boxed-container","ast-site-content-layout":"normal-width-container","site-content-style":"boxed","site-sidebar-style":"boxed","ast-global-header-display":"","ast-banner-title-visibility":"","ast-main-header-display":"","ast-hfb-above-header-display":"","ast-hfb-below-header-display":"","ast-hfb-mobile-header-display":"","site-post-title":"","ast-breadcrumbs-content":"","ast-featured-img":"","footer-sml-layout":"","theme-transparent-header-meta":"default","adv-header-id-meta":"","stick-header-meta":"","header-above-stick-meta":"","header-main-stick-meta":"","header-below-stick-meta":"","astra-migrate-meta-layouts":"set","ast-page-background-enabled":"default","ast-page-background-meta":{"desktop":{"background-color":"","background-image":"","background-repeat":"repeat","background-position":"center center","background-size":"auto","background-attachment":"scroll","background-type":"","background-media":"","overlay-type":"","overlay-color":"","overlay-gradient":""},"tablet":{"background-color":"","background-image":"","background-repeat":"repeat","background-position":"center center","background-size":"auto","background-attachment":"scroll","background-type":"","background-media":"","overlay-type":"","overlay-color":"","overlay-gradient":""},"mobile":{"background-color":"","background-image":"","background-repeat":"repeat","background-position":"center center","background-size":"auto","background-attachment":"scroll","background-type":"","background-media":"","overlay-type":"","overlay-color":"","overlay-gradient":""}},"ast-content-background-meta":{"desktop":{"background-color":"var(--ast-global-color-5)","background-image":"","background-repeat":"repeat","background-position":"center center","background-size":"auto","background-attachment":"scroll","background-type":"","background-media":"","overlay-type":"","overlay-color":"","overlay-gradient":""},"tablet":{"background-color":"var(--ast-global-color-5)","background-image":"","background-repeat":"repeat","background-position":"center center","background-size":"auto","background-attachment":"scroll","background-type":"","background-media":"","overlay-type":"","overlay-color":"","overlay-gradient":""},"mobile":{"background-color":"var(--ast-global-color-5)","background-image":"","background-repeat":"repeat","background-position":"center center","background-size":"auto","background-attachment":"scroll","background-type":"","background-media":"","overlay-type":"","overlay-color":"","overlay-gradient":""}},"_joinchat":[]},"product_brand":[],"product_cat":[39,255,41,42,40,112,43],"product_tag":[113,114,50,61,58,53,52],"class_list":{"0":"post-5237","1":"product","2":"type-product","3":"status-publish","4":"has-post-thumbnail","6":"product_cat-france-wholesale-vape","7":"product_cat-merrymi-vapes","8":"product_cat-netherlands-wholesale-vape","9":"product_cat-spain-wholesale-vape","10":"product_cat-germany-wholesale-vape","11":"product_cat-vape-16000-puffs","12":"product_cat-vape-shop","13":"product_tag-16000-puffs","14":"product_tag-16k-puffs","15":"product_tag-bulk-price-vape-shop","16":"product_tag-good-sales-vape","17":"product_tag-moq-50pcs","18":"product_tag-rechargeable-vape","19":"product_tag-vape-wholesasle-price","20":"desktop-align-left","21":"tablet-align-left","22":"mobile-align-left","24":"first","25":"instock","26":"sale","27":"shipping-taxable","28":"purchasable","29":"product-type-simple"},"yoast_head":"<!-- This site is optimized with the Yoast SEO plugin v23.0 - https:\/\/yoast.com\/wordpress\/plugins\/seo\/ -->\n<title>MERRYMi 16000 Disposable Vape Puffs Bulk Discount Top Seller - rmvapebang.com<\/title>\n<meta name=\"description\" content=\"Order MERRYMi 16000 Disposable Vape at bulk discount. Dual mode, Type-C charging, and EU fast shipping\u2014perfect for retailers!\" \/>\n<meta name=\"robots\" content=\"index, follow, max-snippet:-1, max-image-preview:large, max-video-preview:-1\" \/>\n<link rel=\"canonical\" href=\"https:\/\/rmvapebang.com\/sk\/product\/merrymi-16000-disposable-vape-puffs-bulk-discount-top-seller\/\" \/>\n<meta property=\"og:locale\" content=\"sk_SK\" \/>\n<meta property=\"og:type\" content=\"article\" \/>\n<meta property=\"og:title\" content=\"MERRYMi 16000 Disposable Vape Puffs Bulk Discount Top Seller - rmvapebang.com\" \/>\n<meta property=\"og:description\" content=\"Order MERRYMi 16000 Disposable Vape at bulk discount. Dual mode, Type-C charging, and EU fast shipping\u2014perfect for retailers!\" \/>\n<meta property=\"og:url\" content=\"https:\/\/rmvapebang.com\/sk\/product\/merrymi-16000-disposable-vape-puffs-bulk-discount-top-seller\/\" \/>\n<meta property=\"og:site_name\" content=\"rmvapebang.com\" \/>\n<meta property=\"article:modified_time\" content=\"2025-11-12T08:48:08+00:00\" \/>\n<meta property=\"og:image\" content=\"https:\/\/rmvapebang.com\/wp-content\/uploads\/2025\/10\/merrymi-Digital-Vape-16000-puffs-Discount-Sale.webp\" \/>\n\t<meta property=\"og:image:width\" content=\"800\" \/>\n\t<meta property=\"og:image:height\" content=\"800\" \/>\n\t<meta property=\"og:image:type\" content=\"image\/webp\" \/>\n<meta name=\"twitter:card\" content=\"summary_large_image\" \/>\n<meta name=\"twitter:label1\" content=\"Predpokladan\u00fd \u010das \u010d\u00edtania\" \/>\n\t<meta name=\"twitter:data1\" content=\"3 min\u00faty\" \/>\n<script type=\"application\/ld+json\" class=\"yoast-schema-graph\">{\"@context\":\"https:\/\/schema.org\",\"@graph\":[{\"@type\":\"WebPage\",\"@id\":\"https:\/\/rmvapebang.com\/product\/merrymi-16000-disposable-vape-puffs-bulk-discount-top-seller\/\",\"url\":\"https:\/\/rmvapebang.com\/product\/merrymi-16000-disposable-vape-puffs-bulk-discount-top-seller\/\",\"name\":\"MERRYMi 16000 Disposable Vape Puffs Bulk Discount Top Seller - rmvapebang.com\",\"isPartOf\":{\"@id\":\"https:\/\/rmvapebang.com\/#website\"},\"primaryImageOfPage\":{\"@id\":\"https:\/\/rmvapebang.com\/product\/merrymi-16000-disposable-vape-puffs-bulk-discount-top-seller\/#primaryimage\"},\"image\":{\"@id\":\"https:\/\/rmvapebang.com\/product\/merrymi-16000-disposable-vape-puffs-bulk-discount-top-seller\/#primaryimage\"},\"thumbnailUrl\":\"https:\/\/rmvapebang.com\/wp-content\/uploads\/2025\/10\/merrymi-Digital-Vape-16000-puffs-Discount-Sale.webp\",\"datePublished\":\"2025-11-20T07:34:55+00:00\",\"dateModified\":\"2025-11-12T08:48:08+00:00\",\"description\":\"Order MERRYMi 16000 Disposable Vape at bulk discount. Dual mode, Type-C charging, and EU fast shipping\u2014perfect for retailers!\",\"breadcrumb\":{\"@id\":\"https:\/\/rmvapebang.com\/product\/merrymi-16000-disposable-vape-puffs-bulk-discount-top-seller\/#breadcrumb\"},\"inLanguage\":\"sk-SK\",\"potentialAction\":[{\"@type\":\"ReadAction\",\"target\":[\"https:\/\/rmvapebang.com\/product\/merrymi-16000-disposable-vape-puffs-bulk-discount-top-seller\/\"]}]},{\"@type\":\"ImageObject\",\"inLanguage\":\"sk-SK\",\"@id\":\"https:\/\/rmvapebang.com\/product\/merrymi-16000-disposable-vape-puffs-bulk-discount-top-seller\/#primaryimage\",\"url\":\"https:\/\/rmvapebang.com\/wp-content\/uploads\/2025\/10\/merrymi-Digital-Vape-16000-puffs-Discount-Sale.webp\",\"contentUrl\":\"https:\/\/rmvapebang.com\/wp-content\/uploads\/2025\/10\/merrymi-Digital-Vape-16000-puffs-Discount-Sale.webp\",\"width\":800,\"height\":800,\"caption\":\"merrymi Digital Vape 16000 puffs Discount Sale\"},{\"@type\":\"BreadcrumbList\",\"@id\":\"https:\/\/rmvapebang.com\/product\/merrymi-16000-disposable-vape-puffs-bulk-discount-top-seller\/#breadcrumb\",\"itemListElement\":[{\"@type\":\"ListItem\",\"position\":1,\"name\":\"Home\",\"item\":\"https:\/\/rmvapebang.com\/\"},{\"@type\":\"ListItem\",\"position\":2,\"name\":\"Hot Vape Shop\",\"item\":\"https:\/\/rmvapebang.com\/shop-page\/\"},{\"@type\":\"ListItem\",\"position\":3,\"name\":\"MERRYMi 16000 Disposable Vape Puffs Bulk Discount Top Seller\"}]},{\"@type\":\"WebSite\",\"@id\":\"https:\/\/rmvapebang.com\/#website\",\"url\":\"https:\/\/rmvapebang.com\/\",\"name\":\"rmvapebang.com\",\"description\":\"buy vape cheap\",\"publisher\":{\"@id\":\"https:\/\/rmvapebang.com\/#organization\"},\"potentialAction\":[{\"@type\":\"SearchAction\",\"target\":{\"@type\":\"EntryPoint\",\"urlTemplate\":\"https:\/\/rmvapebang.com\/?s={search_term_string}\"},\"query-input\":\"required name=search_term_string\"}],\"inLanguage\":\"sk-SK\"},{\"@type\":\"Organization\",\"@id\":\"https:\/\/rmvapebang.com\/#organization\",\"name\":\"rmvapebang.com\",\"url\":\"https:\/\/rmvapebang.com\/\",\"logo\":{\"@type\":\"ImageObject\",\"inLanguage\":\"sk-SK\",\"@id\":\"https:\/\/rmvapebang.com\/#\/schema\/logo\/image\/\",\"url\":\"https:\/\/rmvapebang.com\/wp-content\/uploads\/2024\/03\/cropped-RVBlogo.png\",\"contentUrl\":\"https:\/\/rmvapebang.com\/wp-content\/uploads\/2024\/03\/cropped-RVBlogo.png\",\"width\":507,\"height\":169,\"caption\":\"rmvapebang.com\"},\"image\":{\"@id\":\"https:\/\/rmvapebang.com\/#\/schema\/logo\/image\/\"}}]}<\/script>\n<!-- \/ Yoast SEO plugin. -->","yoast_head_json":{"title":"MERRYMi 16000 Disposable Vape Puffs Bulk Discount Top Seller - rmvapebang.com","description":"Order MERRYMi 16000 Disposable Vape at bulk discount. Dual mode, Type-C charging, and EU fast shipping\u2014perfect for retailers!","robots":{"index":"index","follow":"follow","max-snippet":"max-snippet:-1","max-image-preview":"max-image-preview:large","max-video-preview":"max-video-preview:-1"},"canonical":"https:\/\/rmvapebang.com\/sk\/product\/merrymi-16000-disposable-vape-puffs-bulk-discount-top-seller\/","og_locale":"sk_SK","og_type":"article","og_title":"MERRYMi 16000 Disposable Vape Puffs Bulk Discount Top Seller - rmvapebang.com","og_description":"Order MERRYMi 16000 Disposable Vape at bulk discount. Dual mode, Type-C charging, and EU fast shipping\u2014perfect for retailers!","og_url":"https:\/\/rmvapebang.com\/sk\/product\/merrymi-16000-disposable-vape-puffs-bulk-discount-top-seller\/","og_site_name":"rmvapebang.com","article_modified_time":"2025-11-12T08:48:08+00:00","og_image":[{"width":800,"height":800,"url":"https:\/\/rmvapebang.com\/wp-content\/uploads\/2025\/10\/merrymi-Digital-Vape-16000-puffs-Discount-Sale.webp","type":"image\/webp"}],"twitter_card":"summary_large_image","twitter_misc":{"Predpokladan\u00fd \u010das \u010d\u00edtania":"3 min\u00faty"},"schema":{"@context":"https:\/\/schema.org","@graph":[{"@type":"WebPage","@id":"https:\/\/rmvapebang.com\/product\/merrymi-16000-disposable-vape-puffs-bulk-discount-top-seller\/","url":"https:\/\/rmvapebang.com\/product\/merrymi-16000-disposable-vape-puffs-bulk-discount-top-seller\/","name":"MERRYMi 16000 Disposable Vape Puffs Bulk Discount Top Seller - rmvapebang.com","isPartOf":{"@id":"https:\/\/rmvapebang.com\/#website"},"primaryImageOfPage":{"@id":"https:\/\/rmvapebang.com\/product\/merrymi-16000-disposable-vape-puffs-bulk-discount-top-seller\/#primaryimage"},"image":{"@id":"https:\/\/rmvapebang.com\/product\/merrymi-16000-disposable-vape-puffs-bulk-discount-top-seller\/#primaryimage"},"thumbnailUrl":"https:\/\/rmvapebang.com\/wp-content\/uploads\/2025\/10\/merrymi-Digital-Vape-16000-puffs-Discount-Sale.webp","datePublished":"2025-11-20T07:34:55+00:00","dateModified":"2025-11-12T08:48:08+00:00","description":"Order MERRYMi 16000 Disposable Vape at bulk discount. Dual mode, Type-C charging, and EU fast shipping\u2014perfect for retailers!","breadcrumb":{"@id":"https:\/\/rmvapebang.com\/product\/merrymi-16000-disposable-vape-puffs-bulk-discount-top-seller\/#breadcrumb"},"inLanguage":"sk-SK","potentialAction":[{"@type":"ReadAction","target":["https:\/\/rmvapebang.com\/product\/merrymi-16000-disposable-vape-puffs-bulk-discount-top-seller\/"]}]},{"@type":"ImageObject","inLanguage":"sk-SK","@id":"https:\/\/rmvapebang.com\/product\/merrymi-16000-disposable-vape-puffs-bulk-discount-top-seller\/#primaryimage","url":"https:\/\/rmvapebang.com\/wp-content\/uploads\/2025\/10\/merrymi-Digital-Vape-16000-puffs-Discount-Sale.webp","contentUrl":"https:\/\/rmvapebang.com\/wp-content\/uploads\/2025\/10\/merrymi-Digital-Vape-16000-puffs-Discount-Sale.webp","width":800,"height":800,"caption":"merrymi Digital Vape 16000 puffs Discount Sale"},{"@type":"BreadcrumbList","@id":"https:\/\/rmvapebang.com\/product\/merrymi-16000-disposable-vape-puffs-bulk-discount-top-seller\/#breadcrumb","itemListElement":[{"@type":"ListItem","position":1,"name":"Home","item":"https:\/\/rmvapebang.com\/"},{"@type":"ListItem","position":2,"name":"Hot Vape Shop","item":"https:\/\/rmvapebang.com\/shop-page\/"},{"@type":"ListItem","position":3,"name":"MERRYMi 16000 Disposable Vape Puffs Bulk Discount Top Seller"}]},{"@type":"WebSite","@id":"https:\/\/rmvapebang.com\/#website","url":"https:\/\/rmvapebang.com\/","name":"rmvapebang.com","description":"buy vape cheap","publisher":{"@id":"https:\/\/rmvapebang.com\/#organization"},"potentialAction":[{"@type":"SearchAction","target":{"@type":"EntryPoint","urlTemplate":"https:\/\/rmvapebang.com\/?s={search_term_string}"},"query-input":"required name=search_term_string"}],"inLanguage":"sk-SK"},{"@type":"Organization","@id":"https:\/\/rmvapebang.com\/#organization","name":"rmvapebang.com","url":"https:\/\/rmvapebang.com\/","logo":{"@type":"ImageObject","inLanguage":"sk-SK","@id":"https:\/\/rmvapebang.com\/#\/schema\/logo\/image\/","url":"https:\/\/rmvapebang.com\/wp-content\/uploads\/2024\/03\/cropped-RVBlogo.png","contentUrl":"https:\/\/rmvapebang.com\/wp-content\/uploads\/2024\/03\/cropped-RVBlogo.png","width":507,"height":169,"caption":"rmvapebang.com"},"image":{"@id":"https:\/\/rmvapebang.com\/#\/schema\/logo\/image\/"}}]}},"uagb_featured_image_src":{"full":["https:\/\/rmvapebang.com\/wp-content\/uploads\/2025\/10\/merrymi-Digital-Vape-16000-puffs-Discount-Sale.webp",800,800,false],"thumbnail":["https:\/\/rmvapebang.com\/wp-content\/uploads\/2025\/10\/merrymi-Digital-Vape-16000-puffs-Discount-Sale-150x150.webp",150,150,true],"medium":["https:\/\/rmvapebang.com\/wp-content\/uploads\/2025\/10\/merrymi-Digital-Vape-16000-puffs-Discount-Sale-300x300.webp",300,300,true],"medium_large":["https:\/\/rmvapebang.com\/wp-content\/uploads\/2025\/10\/merrymi-Digital-Vape-16000-puffs-Discount-Sale-768x768.webp",768,768,true],"large":["https:\/\/rmvapebang.com\/wp-content\/uploads\/2025\/10\/merrymi-Digital-Vape-16000-puffs-Discount-Sale.webp",800,800,false],"1536x1536":["https:\/\/rmvapebang.com\/wp-content\/uploads\/2025\/10\/merrymi-Digital-Vape-16000-puffs-Discount-Sale.webp",800,800,false],"2048x2048":["https:\/\/rmvapebang.com\/wp-content\/uploads\/2025\/10\/merrymi-Digital-Vape-16000-puffs-Discount-Sale.webp",800,800,false],"trp-custom-language-flag":["https:\/\/rmvapebang.com\/wp-content\/uploads\/2025\/10\/merrymi-Digital-Vape-16000-puffs-Discount-Sale-12x12.webp",12,12,true],"woocommerce_thumbnail":["https:\/\/rmvapebang.com\/wp-content\/uploads\/2025\/10\/merrymi-Digital-Vape-16000-puffs-Discount-Sale-300x300.webp",300,300,true],"woocommerce_single":["https:\/\/rmvapebang.com\/wp-content\/uploads\/2025\/10\/merrymi-Digital-Vape-16000-puffs-Discount-Sale-600x600.webp",600,600,true],"woocommerce_gallery_thumbnail":["https:\/\/rmvapebang.com\/wp-content\/uploads\/2025\/10\/merrymi-Digital-Vape-16000-puffs-Discount-Sale-100x100.webp",100,100,true],"wcpr-photo-reviews":["https:\/\/rmvapebang.com\/wp-content\/uploads\/2025\/10\/merrymi-Digital-Vape-16000-puffs-Discount-Sale.webp",500,500,false]},"uagb_author_info":{"display_name":"Lyn","author_link":"https:\/\/rmvapebang.com\/sk\/author\/"},"uagb_comment_info":0,"uagb_excerpt":"NOTE: Prices on the website don\u2019t include shipping fee. Please send your zip code and address that we can check shipping costs for you. MERRYMi 16000 stands out with power, dual airflow, and modern design. A trusted disposable vape for EU wholesalers, offering both high margins and strong customer appeal. Whatsapp:+86 17840853976 Scan on whatsapp&hellip;","_links":{"self":[{"href":"https:\/\/rmvapebang.com\/sk\/wp-json\/wp\/v2\/product\/5237","targetHints":{"allow":["GET"]}}],"collection":[{"href":"https:\/\/rmvapebang.com\/sk\/wp-json\/wp\/v2\/product"}],"about":[{"href":"https:\/\/rmvapebang.com\/sk\/wp-json\/wp\/v2\/types\/product"}],"replies":[{"embeddable":true,"href":"https:\/\/rmvapebang.com\/sk\/wp-json\/wp\/v2\/comments?post=5237"}],"wp:featuredmedia":[{"embeddable":true,"href":"https:\/\/rmvapebang.com\/sk\/wp-json\/wp\/v2\/media\/5208"}],"wp:attachment":[{"href":"https:\/\/rmvapebang.com\/sk\/wp-json\/wp\/v2\/media?parent=5237"}],"wp:term":[{"taxonomy":"product_brand","embeddable":true,"href":"https:\/\/rmvapebang.com\/sk\/wp-json\/wp\/v2\/product_brand?post=5237"},{"taxonomy":"product_cat","embeddable":true,"href":"https:\/\/rmvapebang.com\/sk\/wp-json\/wp\/v2\/product_cat?post=5237"},{"taxonomy":"product_tag","embeddable":true,"href":"https:\/\/rmvapebang.com\/sk\/wp-json\/wp\/v2\/product_tag?post=5237"}],"curies":[{"name":"wp","href":"https:\/\/api.w.org\/{rel}","templated":true}]}}