{"id":3637,"date":"2025-02-15T13:35:44","date_gmt":"2025-02-15T05:35:44","guid":{"rendered":"https:\/\/rmvapebang.com\/?post_type=product&#038;p=3637"},"modified":"2025-09-03T17:08:33","modified_gmt":"2025-09-03T09:08:33","slug":"jnr-alien-10000-puffs-low-price-hot-sale-rgb-vape","status":"publish","type":"product","link":"https:\/\/rmvapebang.com\/sk\/product\/jnr-alien-10000-puffs-low-price-hot-sale-rgb-vape\/","title":{"rendered":"JNR Alien 10000 Puffs N\u00edzka cena Hor\u00faci v\u00fdpredaj RGB Vape"},"content":{"rendered":"<h2>JNR Alien 10000 Puffs N\u00edzka cena Hor\u00faci v\u00fdpredaj RGB Vape<\/h2>\n<p>JNR Alien 10000 Puffs N\u00edzka Cena Hor\u00faci Predaj RGB Vape je tu, aby elektrizoval v\u00e1\u0161 z\u00e1\u017eitok z vapovania svoj\u00edm odv\u00e1\u017enym dizajnom, \u0161pi\u010dkov\u00fdmi funkciami a bezkonkuren\u010dnou cenovou dostupnos\u0165ou.<\/p>\n<p>Alien 10k Puffs of JNR RGB Vape navrhnut\u00fd pre vaperov, ktor\u00ed t\u00fa\u017eia po \u0161t\u00fdle a obsahu, a kombinuje mas\u00edvnu kapacitu 20 ml e-liquidu s bat\u00e9riou 800 mAh, \u010d\u00edm zais\u0165uje dlhotrvaj\u00faci v\u00fdkon a\u017e pre 10 000 hladk\u00fdch a uspokojiv\u00fdch potiahnut\u00ed. Vyberte si z neuverite\u013en\u00fdch 44 pr\u00edchut\u00ed, ktor\u00e9 vyhovuj\u00fa ka\u017ed\u00e9mu jaz\u00fd\u010dku.<\/p>\n<p>10000 potiahnut\u00ed z <a href=\"https:\/\/rmvapebang.com\/sk\/product-category\/bulk-sale-jnr-vapes-europe\/\"><strong>JNR vaporiz\u00e9r<\/strong><\/a> m\u00e1 2% a 5% nikot\u00edn, jednorazov\u00e1 vape jnr 10k je ur\u010den\u00e1 pre be\u017en\u00fdch pou\u017e\u00edvate\u013eov aj pre t\u00fdch, ktor\u00ed h\u013eadaj\u00fa silnej\u0161\u00ed z\u00e1sah. To, \u010do skuto\u010dne odli\u0161uje JNR Alien, je \u017eiv\u00fd syst\u00e9m RGB svetiel, <strong><a href=\"https:\/\/rmvapebang.com\/sk\/product-category\/vape-10000-puffs\/\">vape JNR 10000 puffs jednorazov\u00e1<\/a><\/strong> zariadenie pulzuje pri ka\u017edom potiahnut\u00ed a dod\u00e1va va\u0161im vapovac\u00edm sedeniam futuristick\u00fd n\u00e1dych.<\/p>\n<p>Jednorazov\u00e1 vape jnr 10k puffs ide\u00e1lna na ve\u010dierky, no\u010dn\u00e9 sedenia alebo ka\u017edodenn\u00e9 pou\u017eitie, RGB 10K vape JNR je \u013eahk\u00e1, prenosn\u00e1 a nabit\u00e1 pr\u00e9miov\u00fdmi funkciami. Nepreme\u0161kajte hor\u00faci v\u00fdpredaj za n\u00edzku cenu \u2013 uchmatnite si svoju e\u0161te dnes a pripojte sa k revol\u00facii RGB vapovania!<\/p>\n<p><img loading=\"lazy\" decoding=\"async\" class=\"alignnone wp-image-3630 size-full\" src=\"http:\/\/rmvapebang.com\/wp-content\/uploads\/2025\/02\/JNR-ALIEN-VAPE-10000-PUFFS-GOOD-PRICE.webp\" alt=\"JNR ALIEN VAPE 10000 \u0164AHOV DOBR\u00c1 CENA\" width=\"800\" height=\"451\" srcset=\"https:\/\/rmvapebang.com\/wp-content\/uploads\/2025\/02\/JNR-ALIEN-VAPE-10000-PUFFS-GOOD-PRICE.webp 800w, https:\/\/rmvapebang.com\/wp-content\/uploads\/2025\/02\/JNR-ALIEN-VAPE-10000-PUFFS-GOOD-PRICE-300x169.webp 300w, https:\/\/rmvapebang.com\/wp-content\/uploads\/2025\/02\/JNR-ALIEN-VAPE-10000-PUFFS-GOOD-PRICE-768x433.webp 768w, https:\/\/rmvapebang.com\/wp-content\/uploads\/2025\/02\/JNR-ALIEN-VAPE-10000-PUFFS-GOOD-PRICE-600x338.webp 600w\" sizes=\"auto, (max-width: 800px) 100vw, 800px\" \/><\/p>\n<h3><strong>Pr\u00edchute pre JNR Alien 10000 vape?<\/strong><\/h3>\n<p>1.\u010cierny drak \u013ead<br \/>\n2.Modr\u00e1 malina \u010dere\u0161\u0148a<br \/>\n3.Modr\u00e1 malina \u013ead<br \/>\n4.\u010cu\u010doriedkov\u00e1 \u017euva\u010dka<br \/>\n5.\u010cu\u010doriedka \u010dere\u0161\u0148a brusnica<br \/>\n6.\u010cu\u010doriedka na \u013eade<br \/>\n7.\u010cu\u010doriedka kysl\u00e1 malina<br \/>\n8.\u0160umiv\u00e1 \u010dere\u0161\u0148ov\u00e1 kola<br \/>\n9.Hrozno \u013ead<br \/>\n10.Guava \u013ead<br \/>\n11.Kiwi mu\u010denka guava<br \/>\n12.Jahoda kiwi<br \/>\n13.Citr\u00f3n<br \/>\n14. Zmie\u0161an\u00e9 bobu\u013eov\u00e9 ovocie<br \/>\n15. P\u00e1n Modr\u00fd<br \/>\n16. Mu\u010denka<br \/>\n17. Brosky\u0148ov\u00e9 bobu\u013eov\u00e9 ovocie<br \/>\n18. Brosky\u0148ovo-\u010du\u010doriedkov\u00fd cukr\u00edk<br \/>\n19. Brosky\u0148ov\u00fd \u013ead<br \/>\n20. Brosky\u0148a Mango Anan\u00e1s<br \/>\n21. Kysl\u00e9 jablko<br \/>\n22. Jahodov\u00fd ban\u00e1n<br \/>\n23. Jahodov\u00fd \u013ead<br \/>\n24. Jahodovo-malinovo-\u010dere\u0161\u0148ov\u00fd \u013ead<br \/>\n25. Jahodovo-mel\u00f3nov\u00fd \u013ead<br \/>\n26. Jahodovo-mel\u00f3nov\u00e1 limon\u00e1da<br \/>\n27. Mel\u00f3nov\u00e1 \u017euva\u010dka<br \/>\n28. Mel\u00f3nov\u00fd \u013ead<br \/>\n29. Ban\u00e1nov\u00fd \u013ead<br \/>\n30. \u010cu\u010doriedkov\u00e9 kiwi<br \/>\n31. \u010cere\u0161\u0148ov\u00e9 bobu\u013eov\u00e9 ovocie<br \/>\n32. Cola \u013ead<br \/>\n33. Chladiv\u00e1 m\u00e4ta<br \/>\n34. Dvojit\u00e9 jablko<br \/>\n35.Gumov\u00fd medved\u00edk<br \/>\n36. Bujn\u00fd \u013ead<br \/>\n37. Malina mel\u00f3n<br \/>\n38. Jahodov\u00fd cukr\u00edkov\u00fd \u013ead<br \/>\n39. Jahodov\u00e1 Pinacolada<br \/>\n40. Jahodov\u00e9 gran\u00e1tov\u00e9 jablko<br \/>\n41. Jahodov\u00e1 malinov\u00e1 zmrzlina<br \/>\n42. Tropick\u00fd pun\u010d<br \/>\n43. Mel\u00f3n Brazz Ice<br \/>\n44. Mel\u00f3n Lychee<\/p>\n<h2>\u0160pecifik\u00e1cie pre <strong>JNR torn\u00e1do 10000 <\/strong>Potiahnut\u00ed:<\/h2>\n<p>\u2013 <span style=\"color: #ff0000\"><em><strong>10k<\/strong><\/em><\/span> Potiahnut\u00ed<br \/>\n\u2013 <span style=\"color: #ff0000\"><em><strong>44<\/strong> <\/em><\/span>Pr\u00edchute<br \/>\n\u2013 <span style=\"color: #ff0000\"><strong><em>2%\/5%<\/em><\/strong><\/span> Sila nikot\u00ednu<br \/>\n\u2013 <span style=\"color: #ff0000\"><strong><em>20 mL<\/em><\/strong><\/span> kapacity E-liquidu<br \/>\n\u2013 Kapacita bat\u00e9rie <span style=\"color: #ff0000\"><em><strong>850 mAh<\/strong><\/em><\/span><\/p>\n<h3>\u010casto kladen\u00e9 ot\u00e1zky:<\/h3>\n<p>Ot\u00e1zka: Ak\u00e9 je MOQ pre jednorazov\u00fa elektronick\u00fa cigaretu JNR Alien vape 10k?<\/p>\n<p>Odpove\u010f: Minim\u00e1lne mno\u017estvo objedn\u00e1vky (MOQ) pre JNR vape 10k \u0165ahov je 50 ks.<\/p>\n<p>Ot\u00e1zka: S\u00fa jednorazov\u00e9 cigarety JNR Disposable 10k \u0165ahov Alien bezpe\u010dn\u00e9?<\/p>\n<p>Odpove\u010f: \u00c1no, JNR Alien 10k vape sp\u013a\u0148a v\u0161etky bezpe\u010dnostn\u00e9 normy, obsahuje mal\u00e9 mno\u017estvo nikot\u00ednu a mal by sa pou\u017e\u00edva\u0165 s mierou.<\/p>\n<p>Q: Ako dlho m\u00e1m nab\u00edja\u0165 svoj vaporiz\u00e9r?<\/p>\n<p>Odpove\u010f: Vo v\u0161eobecnosti sta\u010d\u00ed 1-2 hodiny. Jednorazov\u00e9 vapy ako JNR 10000 \u0165ahov zvy\u010dajne potrebuj\u00fa na nabitie pribli\u017ene 1-2 hodiny. Vyhnite sa preb\u00edjaniu a odpojte ich, ke\u010f sa kontrolka zmen\u00ed.<\/p>\n<p>Ot\u00e1zka: M\u00f4\u017ee by\u0165 jednorazov\u00e1 cigareta JNR 10k Vape odoslan\u00e1 do mojej krajiny?<\/p>\n<p>Odpove\u010f: \u00c1no, JNR torndo 10000 Vape m\u00f4\u017eeme posla\u0165 do v\u00e4\u010d\u0161iny eur\u00f3pskych kraj\u00edn, vr\u00e1tane, ale nie v\u00fdlu\u010dne, Holandska, Nemecka, Franc\u00fazska, \u0160panielska, Talianska, Belgicka, Luxemburska, Rak\u00faska, \u010ceskej republiky, Slovenska, Ma\u010farska, Slovinska, Rumunska, Bulharska, Gr\u00e9cka, Po\u013eska, \u0160v\u00e9dska, \u00cdrska, Portugalska, F\u00ednska, Est\u00f3nska, Loty\u0161ska a Litvy. Ak m\u00e1te ak\u00e9ko\u013evek konkr\u00e9tne ot\u00e1zky t\u00fdkaj\u00face sa prepravy do va\u0161ej krajiny, nev\u00e1hajte n\u00e1s kontaktova\u0165 pre \u010fal\u0161iu pomoc.<\/p>\n<p><strong>Kontaktujte Lyn pre viac produktov\u00fdch vide\u00ed!<\/strong><\/p>\n<p><a href=\"https:\/\/wa.me\/8617840853976\"><span style=\"color: #ff6600\"><strong><em>Whatsapp:+86 17840853976<\/em><\/strong><\/span><\/a><\/p>\n<p><img loading=\"lazy\" decoding=\"async\" class=\"alignnone size-medium wp-image-1905\" src=\"http:\/\/rmvapebang.com\/wp-content\/uploads\/2024\/03\/whatsapp-vape-2-202x300.jpg\" alt=\"\" width=\"202\" height=\"300\" \/><\/p>\n<p>N\u00e1jdite \u010fal\u0161ie produkty, ktor\u00e9 by sa v\u00e1m mohli p\u00e1\u010di\u0165:<a href=\"https:\/\/rmvapebang.com\/sk\/shop-page\/\"><strong><em>Nakupova\u0165 teraz<\/em><\/strong><\/a><\/p>\n<p>Ostatn\u00e9 puff, ktor\u00e9 by sa v\u00e1m mohli p\u00e1\u010di\u0165:<a href=\"https:\/\/rmvapebang.com\/sk\/product\/waspe-20000-puffs-wholesale-price-20k-vape\/\">Waspe 20k po\u0165ahov\/<\/a><a href=\"https:\/\/rmvapebang.com\/sk\/product\/bang-vape-30000-pro-bulk-sale-dual-flavors-full-screen\/\">bang vape 30k dvojit\u00e9 chute\u013en\u00e9 pln\u00e9 obrazovky vape<\/a>\/<a href=\"https:\/\/rmvapebang.com\/sk\/product\/bood-twins-46000-puff-discount-price-disposable-vape-hot-sale\/\">BOOD TWINS 46K PO\u0164AHOV<\/a>\/<a href=\"https:\/\/rmvapebang.com\/sk\/product\/vopk-cool-bar-9000-puffs-wholesale-price-discount-sale\/\">vopk 9000 po\u0165ahov<\/a>\/<a href=\"https:\/\/rmvapebang.com\/sk\/product\/uwin-crystal-10k-wholesale-vape-good-sale\/\">Uwin crystal 10000 po\u0165ahov<\/a><\/p>","protected":false},"excerpt":{"rendered":"<p><span style=\"color: #ff0000\"><strong>POZN\u00c1MKA<\/strong>:\u00a0<em>Ceny na webovej str\u00e1nke nezah\u0155\u0148aj\u00fa poplatok za dopravu. Pros\u00edm, po\u0161lite n\u00e1m svoje PS\u010c a adresu, aby sme mohli skontrolova\u0165 n\u00e1klady na dopravu.<\/em><\/span><\/p>\n<p>JNR Alien 10000 Puffs vape pon\u00faka 20 ml e-liquidu, 800 mAh bat\u00e9riu, 44 pr\u00edchut\u00ed, 2%\/5% nikot\u00edn a RGB svetl\u00e1. U\u017eite si \u017eiv\u00e9 vapovanie s dlhou v\u00fddr\u017eou za n\u00edzku cenu!<\/p>\n<p><a href=\"https:\/\/wa.me\/8617840853976\"><strong><em>Whatsapp:+86 17840853976<\/em><\/strong><\/a><\/p>\n<p>Naskenujte na Whatsapp pre kup\u00f3n pre nov\u00fdch klientov<\/p>\n<p><img loading=\"lazy\" decoding=\"async\" class=\"alignnone size-medium wp-image-1905\" src=\"http:\/\/rmvapebang.com\/wp-content\/uploads\/2024\/03\/whatsapp-vape-2-202x300.jpg\" alt=\"\" width=\"202\" height=\"300\" \/><\/p>","protected":false},"featured_media":3633,"comment_status":"open","ping_status":"closed","template":"","meta":{"_uag_custom_page_level_css":"","_lmt_disableupdate":"no","_lmt_disable":"","site-sidebar-layout":"no-sidebar","site-content-layout":"boxed-container","ast-site-content-layout":"normal-width-container","site-content-style":"boxed","site-sidebar-style":"boxed","ast-global-header-display":"","ast-banner-title-visibility":"","ast-main-header-display":"","ast-hfb-above-header-display":"","ast-hfb-below-header-display":"","ast-hfb-mobile-header-display":"","site-post-title":"","ast-breadcrumbs-content":"","ast-featured-img":"","footer-sml-layout":"","theme-transparent-header-meta":"default","adv-header-id-meta":"","stick-header-meta":"","header-above-stick-meta":"","header-main-stick-meta":"","header-below-stick-meta":"","astra-migrate-meta-layouts":"set","ast-page-background-enabled":"default","ast-page-background-meta":{"desktop":{"background-color":"","background-image":"","background-repeat":"repeat","background-position":"center center","background-size":"auto","background-attachment":"scroll","background-type":"","background-media":"","overlay-type":"","overlay-color":"","overlay-gradient":""},"tablet":{"background-color":"","background-image":"","background-repeat":"repeat","background-position":"center center","background-size":"auto","background-attachment":"scroll","background-type":"","background-media":"","overlay-type":"","overlay-color":"","overlay-gradient":""},"mobile":{"background-color":"","background-image":"","background-repeat":"repeat","background-position":"center center","background-size":"auto","background-attachment":"scroll","background-type":"","background-media":"","overlay-type":"","overlay-color":"","overlay-gradient":""}},"ast-content-background-meta":{"desktop":{"background-color":"var(--ast-global-color-5)","background-image":"","background-repeat":"repeat","background-position":"center center","background-size":"auto","background-attachment":"scroll","background-type":"","background-media":"","overlay-type":"","overlay-color":"","overlay-gradient":""},"tablet":{"background-color":"var(--ast-global-color-5)","background-image":"","background-repeat":"repeat","background-position":"center center","background-size":"auto","background-attachment":"scroll","background-type":"","background-media":"","overlay-type":"","overlay-color":"","overlay-gradient":""},"mobile":{"background-color":"var(--ast-global-color-5)","background-image":"","background-repeat":"repeat","background-position":"center center","background-size":"auto","background-attachment":"scroll","background-type":"","background-media":"","overlay-type":"","overlay-color":"","overlay-gradient":""}},"_joinchat":{"telephone":"+8617840853976"}},"product_brand":[],"product_cat":[39,135,41,42,40,86,43],"product_tag":[69,68,50,61,49,53,52],"class_list":{"0":"post-3637","1":"product","2":"type-product","3":"status-publish","4":"has-post-thumbnail","6":"product_cat-france-wholesale-vape","7":"product_cat-bulk-sale-jnr-vapes-europe","8":"product_cat-netherlands-wholesale-vape","9":"product_cat-spain-wholesale-vape","10":"product_cat-germany-wholesale-vape","11":"product_cat-vape-10000-puffs","12":"product_cat-vape-shop","13":"product_tag-10000-puffs","14":"product_tag-10k-puffs","15":"product_tag-bulk-price-vape-shop","16":"product_tag-good-sales-vape","17":"product_tag-minimum-order-quantity-100pcs","18":"product_tag-rechargeable-vape","19":"product_tag-vape-wholesasle-price","20":"desktop-align-left","21":"tablet-align-left","22":"mobile-align-left","24":"first","25":"instock","26":"sale","27":"shipping-taxable","28":"purchasable","29":"product-type-simple"},"yoast_head":"<!-- This site is optimized with the Yoast SEO plugin v23.0 - https:\/\/yoast.com\/wordpress\/plugins\/seo\/ -->\n<title>JNR Alien 10000 Puffs Low Price Hot Sale RGB Vape - rmvapebang.com<\/title>\n<meta name=\"description\" content=\"JNR Alien 10000 Puffs vape offers 20ml e-liquid, 850mAh battery, 44 flavors, and RGB light. Enjoy 2%\/5% nicotine at a low price. Buy now!\" \/>\n<meta name=\"robots\" content=\"index, follow, max-snippet:-1, max-image-preview:large, max-video-preview:-1\" \/>\n<link rel=\"canonical\" href=\"https:\/\/rmvapebang.com\/sk\/product\/jnr-alien-10000-puffs-low-price-hot-sale-rgb-vape\/\" \/>\n<meta property=\"og:locale\" content=\"sk_SK\" \/>\n<meta property=\"og:type\" content=\"article\" \/>\n<meta property=\"og:title\" content=\"JNR Alien 10000 Puffs Low Price Hot Sale RGB Vape - rmvapebang.com\" \/>\n<meta property=\"og:description\" content=\"JNR Alien 10000 Puffs vape offers 20ml e-liquid, 850mAh battery, 44 flavors, and RGB light. Enjoy 2%\/5% nicotine at a low price. Buy now!\" \/>\n<meta property=\"og:url\" content=\"https:\/\/rmvapebang.com\/sk\/product\/jnr-alien-10000-puffs-low-price-hot-sale-rgb-vape\/\" \/>\n<meta property=\"og:site_name\" content=\"rmvapebang.com\" \/>\n<meta property=\"article:modified_time\" content=\"2025-09-03T09:08:33+00:00\" \/>\n<meta property=\"og:image\" content=\"https:\/\/rmvapebang.com\/wp-content\/uploads\/2025\/02\/JNR-ALIEN-VAPE-PUFFS-10K-TOP-SALE.webp\" \/>\n\t<meta property=\"og:image:width\" content=\"800\" \/>\n\t<meta property=\"og:image:height\" content=\"800\" \/>\n\t<meta property=\"og:image:type\" content=\"image\/webp\" \/>\n<meta name=\"twitter:card\" content=\"summary_large_image\" \/>\n<meta name=\"twitter:label1\" content=\"Predpokladan\u00fd \u010das \u010d\u00edtania\" \/>\n\t<meta name=\"twitter:data1\" content=\"3 min\u00faty\" \/>\n<script type=\"application\/ld+json\" class=\"yoast-schema-graph\">{\"@context\":\"https:\/\/schema.org\",\"@graph\":[{\"@type\":\"WebPage\",\"@id\":\"https:\/\/rmvapebang.com\/hu\/product\/jnr-alien-10000-puffs-low-price-hot-sale-rgb-vape\/\",\"url\":\"https:\/\/rmvapebang.com\/hu\/product\/jnr-alien-10000-puffs-low-price-hot-sale-rgb-vape\/\",\"name\":\"JNR Alien 10000 Puffs Low Price Hot Sale RGB Vape - rmvapebang.com\",\"isPartOf\":{\"@id\":\"https:\/\/rmvapebang.com\/#website\"},\"primaryImageOfPage\":{\"@id\":\"https:\/\/rmvapebang.com\/hu\/product\/jnr-alien-10000-puffs-low-price-hot-sale-rgb-vape\/#primaryimage\"},\"image\":{\"@id\":\"https:\/\/rmvapebang.com\/hu\/product\/jnr-alien-10000-puffs-low-price-hot-sale-rgb-vape\/#primaryimage\"},\"thumbnailUrl\":\"https:\/\/rmvapebang.com\/wp-content\/uploads\/2025\/02\/JNR-ALIEN-VAPE-PUFFS-10K-TOP-SALE.webp\",\"datePublished\":\"2025-02-15T05:35:44+00:00\",\"dateModified\":\"2025-09-03T09:08:33+00:00\",\"description\":\"JNR Alien 10000 Puffs vape offers 20ml e-liquid, 850mAh battery, 44 flavors, and RGB light. Enjoy 2%\/5% nicotine at a low price. Buy now!\",\"breadcrumb\":{\"@id\":\"https:\/\/rmvapebang.com\/hu\/product\/jnr-alien-10000-puffs-low-price-hot-sale-rgb-vape\/#breadcrumb\"},\"inLanguage\":\"sk-SK\",\"potentialAction\":[{\"@type\":\"ReadAction\",\"target\":[\"https:\/\/rmvapebang.com\/hu\/product\/jnr-alien-10000-puffs-low-price-hot-sale-rgb-vape\/\"]}]},{\"@type\":\"ImageObject\",\"inLanguage\":\"sk-SK\",\"@id\":\"https:\/\/rmvapebang.com\/hu\/product\/jnr-alien-10000-puffs-low-price-hot-sale-rgb-vape\/#primaryimage\",\"url\":\"https:\/\/rmvapebang.com\/wp-content\/uploads\/2025\/02\/JNR-ALIEN-VAPE-PUFFS-10K-TOP-SALE.webp\",\"contentUrl\":\"https:\/\/rmvapebang.com\/wp-content\/uploads\/2025\/02\/JNR-ALIEN-VAPE-PUFFS-10K-TOP-SALE.webp\",\"width\":800,\"height\":800,\"caption\":\"JNR ALIEN VAPE PUFFS 10K TOP SALE\"},{\"@type\":\"BreadcrumbList\",\"@id\":\"https:\/\/rmvapebang.com\/hu\/product\/jnr-alien-10000-puffs-low-price-hot-sale-rgb-vape\/#breadcrumb\",\"itemListElement\":[{\"@type\":\"ListItem\",\"position\":1,\"name\":\"Home\",\"item\":\"https:\/\/rmvapebang.com\/\"},{\"@type\":\"ListItem\",\"position\":2,\"name\":\"Hot Vape Shop\",\"item\":\"https:\/\/rmvapebang.com\/shop-page\/\"},{\"@type\":\"ListItem\",\"position\":3,\"name\":\"JNR Alien 10000 Puffs Low Price Hot Sale RGB Vape\"}]},{\"@type\":\"WebSite\",\"@id\":\"https:\/\/rmvapebang.com\/#website\",\"url\":\"https:\/\/rmvapebang.com\/\",\"name\":\"rmvapebang.com\",\"description\":\"buy vape cheap\",\"publisher\":{\"@id\":\"https:\/\/rmvapebang.com\/#organization\"},\"potentialAction\":[{\"@type\":\"SearchAction\",\"target\":{\"@type\":\"EntryPoint\",\"urlTemplate\":\"https:\/\/rmvapebang.com\/?s={search_term_string}\"},\"query-input\":\"required name=search_term_string\"}],\"inLanguage\":\"sk-SK\"},{\"@type\":\"Organization\",\"@id\":\"https:\/\/rmvapebang.com\/#organization\",\"name\":\"rmvapebang.com\",\"url\":\"https:\/\/rmvapebang.com\/\",\"logo\":{\"@type\":\"ImageObject\",\"inLanguage\":\"sk-SK\",\"@id\":\"https:\/\/rmvapebang.com\/#\/schema\/logo\/image\/\",\"url\":\"https:\/\/rmvapebang.com\/wp-content\/uploads\/2024\/03\/cropped-RVBlogo.png\",\"contentUrl\":\"https:\/\/rmvapebang.com\/wp-content\/uploads\/2024\/03\/cropped-RVBlogo.png\",\"width\":507,\"height\":169,\"caption\":\"rmvapebang.com\"},\"image\":{\"@id\":\"https:\/\/rmvapebang.com\/#\/schema\/logo\/image\/\"}}]}<\/script>\n<!-- \/ Yoast SEO plugin. -->","yoast_head_json":{"title":"JNR Alien 10000 Puffs Low Price Hot Sale RGB Vape - rmvapebang.com","description":"JNR Alien 10000 Puffs vape offers 20ml e-liquid, 850mAh battery, 44 flavors, and RGB light. Enjoy 2%\/5% nicotine at a low price. Buy now!","robots":{"index":"index","follow":"follow","max-snippet":"max-snippet:-1","max-image-preview":"max-image-preview:large","max-video-preview":"max-video-preview:-1"},"canonical":"https:\/\/rmvapebang.com\/sk\/product\/jnr-alien-10000-puffs-low-price-hot-sale-rgb-vape\/","og_locale":"sk_SK","og_type":"article","og_title":"JNR Alien 10000 Puffs Low Price Hot Sale RGB Vape - rmvapebang.com","og_description":"JNR Alien 10000 Puffs vape offers 20ml e-liquid, 850mAh battery, 44 flavors, and RGB light. Enjoy 2%\/5% nicotine at a low price. Buy now!","og_url":"https:\/\/rmvapebang.com\/sk\/product\/jnr-alien-10000-puffs-low-price-hot-sale-rgb-vape\/","og_site_name":"rmvapebang.com","article_modified_time":"2025-09-03T09:08:33+00:00","og_image":[{"width":800,"height":800,"url":"https:\/\/rmvapebang.com\/wp-content\/uploads\/2025\/02\/JNR-ALIEN-VAPE-PUFFS-10K-TOP-SALE.webp","type":"image\/webp"}],"twitter_card":"summary_large_image","twitter_misc":{"Predpokladan\u00fd \u010das \u010d\u00edtania":"3 min\u00faty"},"schema":{"@context":"https:\/\/schema.org","@graph":[{"@type":"WebPage","@id":"https:\/\/rmvapebang.com\/hu\/product\/jnr-alien-10000-puffs-low-price-hot-sale-rgb-vape\/","url":"https:\/\/rmvapebang.com\/hu\/product\/jnr-alien-10000-puffs-low-price-hot-sale-rgb-vape\/","name":"JNR Alien 10000 Puffs Low Price Hot Sale RGB Vape - rmvapebang.com","isPartOf":{"@id":"https:\/\/rmvapebang.com\/#website"},"primaryImageOfPage":{"@id":"https:\/\/rmvapebang.com\/hu\/product\/jnr-alien-10000-puffs-low-price-hot-sale-rgb-vape\/#primaryimage"},"image":{"@id":"https:\/\/rmvapebang.com\/hu\/product\/jnr-alien-10000-puffs-low-price-hot-sale-rgb-vape\/#primaryimage"},"thumbnailUrl":"https:\/\/rmvapebang.com\/wp-content\/uploads\/2025\/02\/JNR-ALIEN-VAPE-PUFFS-10K-TOP-SALE.webp","datePublished":"2025-02-15T05:35:44+00:00","dateModified":"2025-09-03T09:08:33+00:00","description":"JNR Alien 10000 Puffs vape offers 20ml e-liquid, 850mAh battery, 44 flavors, and RGB light. Enjoy 2%\/5% nicotine at a low price. Buy now!","breadcrumb":{"@id":"https:\/\/rmvapebang.com\/hu\/product\/jnr-alien-10000-puffs-low-price-hot-sale-rgb-vape\/#breadcrumb"},"inLanguage":"sk-SK","potentialAction":[{"@type":"ReadAction","target":["https:\/\/rmvapebang.com\/hu\/product\/jnr-alien-10000-puffs-low-price-hot-sale-rgb-vape\/"]}]},{"@type":"ImageObject","inLanguage":"sk-SK","@id":"https:\/\/rmvapebang.com\/hu\/product\/jnr-alien-10000-puffs-low-price-hot-sale-rgb-vape\/#primaryimage","url":"https:\/\/rmvapebang.com\/wp-content\/uploads\/2025\/02\/JNR-ALIEN-VAPE-PUFFS-10K-TOP-SALE.webp","contentUrl":"https:\/\/rmvapebang.com\/wp-content\/uploads\/2025\/02\/JNR-ALIEN-VAPE-PUFFS-10K-TOP-SALE.webp","width":800,"height":800,"caption":"JNR ALIEN VAPE PUFFS 10K TOP SALE"},{"@type":"BreadcrumbList","@id":"https:\/\/rmvapebang.com\/hu\/product\/jnr-alien-10000-puffs-low-price-hot-sale-rgb-vape\/#breadcrumb","itemListElement":[{"@type":"ListItem","position":1,"name":"Home","item":"https:\/\/rmvapebang.com\/"},{"@type":"ListItem","position":2,"name":"Hot Vape Shop","item":"https:\/\/rmvapebang.com\/shop-page\/"},{"@type":"ListItem","position":3,"name":"JNR Alien 10000 Puffs Low Price Hot Sale RGB Vape"}]},{"@type":"WebSite","@id":"https:\/\/rmvapebang.com\/#website","url":"https:\/\/rmvapebang.com\/","name":"rmvapebang.com","description":"buy vape cheap","publisher":{"@id":"https:\/\/rmvapebang.com\/#organization"},"potentialAction":[{"@type":"SearchAction","target":{"@type":"EntryPoint","urlTemplate":"https:\/\/rmvapebang.com\/?s={search_term_string}"},"query-input":"required name=search_term_string"}],"inLanguage":"sk-SK"},{"@type":"Organization","@id":"https:\/\/rmvapebang.com\/#organization","name":"rmvapebang.com","url":"https:\/\/rmvapebang.com\/","logo":{"@type":"ImageObject","inLanguage":"sk-SK","@id":"https:\/\/rmvapebang.com\/#\/schema\/logo\/image\/","url":"https:\/\/rmvapebang.com\/wp-content\/uploads\/2024\/03\/cropped-RVBlogo.png","contentUrl":"https:\/\/rmvapebang.com\/wp-content\/uploads\/2024\/03\/cropped-RVBlogo.png","width":507,"height":169,"caption":"rmvapebang.com"},"image":{"@id":"https:\/\/rmvapebang.com\/#\/schema\/logo\/image\/"}}]}},"uagb_featured_image_src":{"full":["https:\/\/rmvapebang.com\/wp-content\/uploads\/2025\/02\/JNR-ALIEN-VAPE-PUFFS-10K-TOP-SALE.webp",800,800,false],"thumbnail":["https:\/\/rmvapebang.com\/wp-content\/uploads\/2025\/02\/JNR-ALIEN-VAPE-PUFFS-10K-TOP-SALE-150x150.webp",150,150,true],"medium":["https:\/\/rmvapebang.com\/wp-content\/uploads\/2025\/02\/JNR-ALIEN-VAPE-PUFFS-10K-TOP-SALE-300x300.webp",300,300,true],"medium_large":["https:\/\/rmvapebang.com\/wp-content\/uploads\/2025\/02\/JNR-ALIEN-VAPE-PUFFS-10K-TOP-SALE-768x768.webp",768,768,true],"large":["https:\/\/rmvapebang.com\/wp-content\/uploads\/2025\/02\/JNR-ALIEN-VAPE-PUFFS-10K-TOP-SALE.webp",800,800,false],"1536x1536":["https:\/\/rmvapebang.com\/wp-content\/uploads\/2025\/02\/JNR-ALIEN-VAPE-PUFFS-10K-TOP-SALE.webp",800,800,false],"2048x2048":["https:\/\/rmvapebang.com\/wp-content\/uploads\/2025\/02\/JNR-ALIEN-VAPE-PUFFS-10K-TOP-SALE.webp",800,800,false],"trp-custom-language-flag":["https:\/\/rmvapebang.com\/wp-content\/uploads\/2025\/02\/JNR-ALIEN-VAPE-PUFFS-10K-TOP-SALE.webp",12,12,false],"woocommerce_thumbnail":["https:\/\/rmvapebang.com\/wp-content\/uploads\/2025\/02\/JNR-ALIEN-VAPE-PUFFS-10K-TOP-SALE-300x300.webp",300,300,true],"woocommerce_single":["https:\/\/rmvapebang.com\/wp-content\/uploads\/2025\/02\/JNR-ALIEN-VAPE-PUFFS-10K-TOP-SALE-600x600.webp",600,600,true],"woocommerce_gallery_thumbnail":["https:\/\/rmvapebang.com\/wp-content\/uploads\/2025\/02\/JNR-ALIEN-VAPE-PUFFS-10K-TOP-SALE-100x100.webp",100,100,true],"wcpr-photo-reviews":["https:\/\/rmvapebang.com\/wp-content\/uploads\/2025\/02\/JNR-ALIEN-VAPE-PUFFS-10K-TOP-SALE.webp",500,500,false]},"uagb_author_info":{"display_name":"Lyn","author_link":"https:\/\/rmvapebang.com\/sk\/author\/"},"uagb_comment_info":0,"uagb_excerpt":"NOTE:\u00a0Prices on the website don\u2019t include shipping fee. Please send your zip code and address that we can check shipping costs for you. JNR Alien 10000 Puffs vape offers 20ml e-liquid, 800mAh battery, 44 flavors, 2%\/5% nicotine, and RGB lights. Enjoy vibrant, long-lasting vaping at a low price! Whatsapp:+86 17840853976 Scan on whatsapp for New&hellip;","_links":{"self":[{"href":"https:\/\/rmvapebang.com\/sk\/wp-json\/wp\/v2\/product\/3637","targetHints":{"allow":["GET"]}}],"collection":[{"href":"https:\/\/rmvapebang.com\/sk\/wp-json\/wp\/v2\/product"}],"about":[{"href":"https:\/\/rmvapebang.com\/sk\/wp-json\/wp\/v2\/types\/product"}],"replies":[{"embeddable":true,"href":"https:\/\/rmvapebang.com\/sk\/wp-json\/wp\/v2\/comments?post=3637"}],"wp:featuredmedia":[{"embeddable":true,"href":"https:\/\/rmvapebang.com\/sk\/wp-json\/wp\/v2\/media\/3633"}],"wp:attachment":[{"href":"https:\/\/rmvapebang.com\/sk\/wp-json\/wp\/v2\/media?parent=3637"}],"wp:term":[{"taxonomy":"product_brand","embeddable":true,"href":"https:\/\/rmvapebang.com\/sk\/wp-json\/wp\/v2\/product_brand?post=3637"},{"taxonomy":"product_cat","embeddable":true,"href":"https:\/\/rmvapebang.com\/sk\/wp-json\/wp\/v2\/product_cat?post=3637"},{"taxonomy":"product_tag","embeddable":true,"href":"https:\/\/rmvapebang.com\/sk\/wp-json\/wp\/v2\/product_tag?post=3637"}],"curies":[{"name":"wp","href":"https:\/\/api.w.org\/{rel}","templated":true}]}}