{"id":3093,"date":"2025-05-11T16:16:25","date_gmt":"2025-05-11T08:16:25","guid":{"rendered":"https:\/\/rmvapebang.com\/?post_type=product&#038;p=3093"},"modified":"2025-07-10T18:39:51","modified_gmt":"2025-07-10T10:39:51","slug":"tornado-vape-25000-bulk-price-best-price-hot-sale","status":"publish","type":"product","link":"https:\/\/rmvapebang.com\/sk\/product\/tornado-vape-25000-bulk-price-best-price-hot-sale\/","title":{"rendered":"Tornado Vape 25000 hromadn\u00e1 cena Najlep\u0161ia cena Hor\u00faci v\u00fdpredaj"},"content":{"rendered":"<h2>Tornado Vape 25000 hromadn\u00e1 cena Najlep\u0161ia cena Hor\u00faci v\u00fdpredaj<\/h2>\n<p>Tornado Vape 25000 Ve\u013ekoobchodn\u00e1 cena Najlep\u0161ia cena Hor\u00faci tovar je vysoko v\u00fdkonn\u00e1 jednorazov\u00e1 vapa, ktor\u00e1 pon\u00faka p\u00f4sobiv\u00fdch 25 000 po\u0165ahov, navrhnut\u00e1 pre pou\u017e\u00edvate\u013eov, ktor\u00ed t\u00fa\u017eia po dlhotrvaj\u00facom pou\u017e\u00edvan\u00ed a bohat\u00fdch pr\u00edchutiach. S 20 ml e-liquidu a mo\u017enos\u0165ami pre nikot\u00edn s obsahom 2 % aj 5 % poskytuje plynul\u00fd, uspokojiv\u00fd z\u00e1\u017eitok z vapovania, ktor\u00fd vyhovuje r\u00f4znym preferenci\u00e1m.<\/p>\n<p>Tornado 25K je vybaven\u00fd v\u00fdkonnou 700 mAh nab\u00edjate\u013enou bat\u00e9riou a r\u00fdchlym nab\u00edjan\u00edm cez Type-C, \u010do zais\u0165uje konzistentn\u00fd v\u00fdkon po\u010das celej jeho pred\u013a\u017eenej \u017eivotnosti. \u010ci u\u017e d\u00e1vate prednos\u0165 siln\u00e9mu z\u00e1sahu alebo vyv\u00e1\u017eenej\u0161iemu po\u0165ahu, toto zariadenie pokr\u00fdva v\u0161etky z\u00e1klady.<\/p>\n<p>Podobne ako jednorazov\u00e1 vapa s 25 000 po\u0165ahmi, Tornado 25K vynik\u00e1 nielen dlhou \u017eivotnos\u0165ou, ale pon\u00faka aj \u0161irok\u00fa \u0161k\u00e1lu pr\u00edchut\u00ed. Ka\u017ed\u00fd po\u0165ah je navrhnut\u00fd tak, aby poskytoval pln\u00fa chu\u0165, ktor\u00e1 uspokoj\u00ed rovnako nov\u00fdch aj sk\u00fasen\u00fdch vaperov.<\/p>\n<p>Jednou z v\u00fdnimo\u010dn\u00fdch vlastnost\u00ed tohto zariadenia je jeho re\u017eim z\u00e1bavnej hry, ktor\u00fd dod\u00e1va interakt\u00edvny prvok do va\u0161ej rutinnej vapovania. Prostredn\u00edctvom jednoduch\u00e9ho dotykov\u00e9ho prep\u00edna\u010da sa m\u00f4\u017eu pou\u017e\u00edvatelia zapoji\u0165 do tejto funkcie, v\u010faka \u010domu je Tornado 25K viac ako len vapa \u2013 je to z\u00e1\u017eitok.<\/p>\n<p>Ak h\u013ead\u00e1te vapa s 25 000 po\u0165ahmi, ktor\u00e1 kombinuje dlhotrvaj\u00faci v\u00fdkon, bohat\u00e9 pr\u00edchute a jedine\u010dn\u00e9 interakt\u00edvne funkcie, Tornado 25K je tou spr\u00e1vnou vo\u013ebou.<\/p>\n<p><img loading=\"lazy\" decoding=\"async\" class=\"alignnone wp-image-4114 size-full\" src=\"http:\/\/rmvapebang.com\/wp-content\/uploads\/2025\/04\/Disposable-hot-sale-vape-25k-puffs-factory-sale.webp\" alt=\"Jednorazov\u00fd hor\u00faci predaj vape 25k potiahnut\u00ed tov\u00e1rensk\u00fd predaj\" width=\"800\" height=\"585\" srcset=\"https:\/\/rmvapebang.com\/wp-content\/uploads\/2025\/04\/Disposable-hot-sale-vape-25k-puffs-factory-sale.webp 800w, https:\/\/rmvapebang.com\/wp-content\/uploads\/2025\/04\/Disposable-hot-sale-vape-25k-puffs-factory-sale-300x219.webp 300w, https:\/\/rmvapebang.com\/wp-content\/uploads\/2025\/04\/Disposable-hot-sale-vape-25k-puffs-factory-sale-768x562.webp 768w, https:\/\/rmvapebang.com\/wp-content\/uploads\/2025\/04\/Disposable-hot-sale-vape-25k-puffs-factory-sale-600x439.webp 600w\" sizes=\"auto, (max-width: 800px) 100vw, 800px\" \/><\/p>\n<h3><strong>Ak\u00e9 pr\u00edchute s\u00fa pre hern\u00fd re\u017eim <\/strong><strong>vape?<\/strong><\/h3>\n<p>1. Ban\u00e1n s \u013eadom<br \/>\n2. Jahoda Mel\u00f3n<br \/>\n3. M\u00e4tov\u00fd Miami<br \/>\n4. \u010cu\u010doriedka Malina<br \/>\n5. \u010cierny \u013ead<br \/>\n6. Biely Gummy \u013ead<br \/>\n7. Mel\u00f3nov\u00fd \u013ead<br \/>\n8. \u0160\u0165avnat\u00fd brosky\u0148ov\u00fd \u013ead<br \/>\n9. Ru\u017eov\u00e1 limon\u00e1da<br \/>\n10. Jahoda mango<br \/>\n11. Brosky\u0148a Mango Mel\u00f3n<br \/>\n12. Hrozno Citr\u00f3n<br \/>\n13. Tropick\u00fd d\u00fahov\u00fd v\u00fdbuch<br \/>\n14. \u010cere\u0161\u0148ov\u00e1 bomba<br \/>\n15. Jahodov\u00fd m\u00e4tov\u00fd cukr\u00edk<br \/>\n16. Dvojit\u00e9 jablko<br \/>\n17. \u010cu\u010doriedka na \u013eade<br \/>\n18. Jahodov\u00fd \u013ead<br \/>\n19. Svie\u017ei \u013ead<br \/>\n20. Anan\u00e1sov\u00fd \u013ead<br \/>\n21. Hroznov\u00fd \u013ead<br \/>\n22. Dr. Blue<br \/>\n23. Kiwi, marakuja, guava<br \/>\n24. \u010cere\u0161\u0148ov\u00e1 kola<\/p>\n<h2>\u0160pecifik\u00e1cie pre 25k smart display vape:<\/h2>\n<p>\u2013\u00a0 <em><strong><span style=\"color: #ff0000\">25 tis\u00edc<\/span><\/strong><\/em> Potiahnut\u00ed<br \/>\n\u2013 <em><strong><span style=\"color: #ff0000\">24<\/span> <\/strong><\/em>Pr\u00edchute<br \/>\n\u2013 <em><strong><span style=\"color: #ff0000\">2%\/5%<\/span> <\/strong><\/em>Sila nikot\u00ednu<br \/>\n\u2013 Kapacita bat\u00e9rie<em><strong><span style=\"color: #ff0000\"> 700 mAh<br \/>\n<\/span>\u2013<span style=\"color: #ff0000\">20ml <\/span><\/strong>E-tekutina<strong><span style=\"color: #ff0000\"><br \/>\n<\/span><\/strong><\/em><\/p>\n<h3>\u010casto kladen\u00e9 ot\u00e1zky:<\/h3>\n<p>Ot\u00e1zka: Ako pou\u017eijem re\u017eim Z\u00c1BAVNEJ HRY?<\/p>\n<p>Odpove\u010f: Dotykov\u00fd sp\u00edna\u010d: Dvojit\u00fdm \u0165uknut\u00edm prebud\u00edte obrazovku.<br \/>\nTrojit\u00fdm kliknut\u00edm zmen\u00edte v\u00fdkon.<br \/>\n\u0160tyrikr\u00e1t \u0165uknite pre vstup do hern\u00e9ho re\u017eimu a jedn\u00fdm kliknut\u00edm spustite hru<\/p>\n<p>Ot\u00e1zka: Ak\u00e1 je dodacia lehota pre nab\u00edjate\u013en\u00fa vape, ktor\u00fa som si objednal?<\/p>\n<p>Odpove\u010f: Dodacia lehota pre nab\u00edjate\u013en\u00fa vape je zvy\u010dajne 10-15 dn\u00ed po odoslan\u00ed.<\/p>\n<p>Ot\u00e1zka: Ak\u00e1 je cena dopravy pre jednorazov\u00fd 25K Puffs Vape?<\/p>\n<p>Odpove\u010f: N\u00e1klady na dopravu sa l\u00ed\u0161ia v z\u00e1vislosti od hmotnosti objedn\u00e1vky. R\u00f4zne mno\u017estv\u00e1 m\u00f4\u017eu ma\u0165 r\u00f4zne n\u00e1klady na dopravu. Kontaktujte n\u00e1s, aby sme potvrdili n\u00e1klady na dopravu pre va\u0161u konkr\u00e9tnu objedn\u00e1vku.<\/p>\n<p>Ot\u00e1zka: Je mo\u017en\u00e9 doru\u010di\u0165 digit\u00e1lny 25000 Puffs Vape do mojej krajiny?<\/p>\n<p>Odpove\u010f: \u00c1no, inteligentn\u00fd displej vape s 25000 Puffs Vape m\u00f4\u017eeme posla\u0165 do v\u00e4\u010d\u0161iny eur\u00f3pskych kraj\u00edn, vr\u00e1tane, ale nielen, Holandska, Nemecka, Franc\u00fazska, \u0160panielska, Talianska, Belgicka, Luxemburska, Rak\u00faska, \u010ceskej republiky, Slovenska, Ma\u010farska, Slovinska, Rumunska, Bulharska, Gr\u00e9cka, Po\u013eska, \u0160v\u00e9dska, \u00cdrska, Portugalska, F\u00ednska, Est\u00f3nska, Loty\u0161ska a Litvy. Ak m\u00e1te konkr\u00e9tne ot\u00e1zky t\u00fdkaj\u00face sa prepravy do va\u0161ej krajiny, nev\u00e1hajte n\u00e1s kontaktova\u0165 pre \u010fal\u0161iu pomoc.<\/p>\n<p><strong>Kontaktujte Lyn pre viac produktov\u00fdch vide\u00ed!<\/strong><\/p>\n<p><a href=\"https:\/\/wa.me\/8617840853976\"><span style=\"color: #ff6600\"><strong><em>Whatsapp:+86 17840853976<\/em><\/strong><\/span><\/a><\/p>\n<p><img loading=\"lazy\" decoding=\"async\" class=\"alignnone size-medium wp-image-1905\" src=\"http:\/\/rmvapebang.com\/wp-content\/uploads\/2024\/03\/whatsapp-vape-2-202x300.jpg\" alt=\"\" width=\"202\" height=\"300\" \/><\/p>\n<p>N\u00e1jdite \u010fal\u0161ie produkty, ktor\u00e9 by sa v\u00e1m mohli p\u00e1\u010di\u0165:<a href=\"https:\/\/rmvapebang.com\/sk\/shop-page\/\"><strong><em>Nakupova\u0165 teraz<\/em><\/strong><\/a><\/p>\n<p>Ostatn\u00e9 puff, ktor\u00e9 by sa v\u00e1m mohli p\u00e1\u010di\u0165:<a href=\"https:\/\/rmvapebang.com\/sk\/product\/waspe-30k-puffs-fihp-vape-bulk-price-discount-sale\/\">waspe 30k potiahnut\u00ed vape<\/a>\/<a href=\"https:\/\/rmvapebang.com\/sk\/product\/vapme-crystal-20k-puff-vape-wholesale-best-sale\/\">vapme crystal 20000 vapov<\/a>\/<a href=\"https:\/\/rmvapebang.com\/sk\/product\/uwin-crystal-10k-wholesale-vape-good-sale\/\">Uwin crystal 10k po\u0165ahov<\/a>\/<a href=\"https:\/\/rmvapebang.com\/sk\/product\/bangleader-50000-puffs-double-flavors-vape-wholesale-sale-low-price\/\">bangleader 50k du\u00e1lnych pr\u00edchut\u00ed<\/a><\/p>","protected":false},"excerpt":{"rendered":"<p><span style=\"color: #ff0000\"><strong>POZN\u00c1MKA:<\/strong><em>Ceny na webovej str\u00e1nke nezah\u0155\u0148aj\u00fa poplatok za dopravu. Pros\u00edm, po\u0161lite n\u00e1m svoje PS\u010c a adresu, aby sme mohli skontrolova\u0165 n\u00e1klady na dopravu.<\/em><\/span><\/p>\n<p>Jednorazov\u00e1 vapa s 25 000 po\u0165ahmi je vysokokapacitn\u00e9 zariadenie s inteligentn\u00fdm displejom, ktor\u00e9 pon\u00faka 25 000 po\u0165ahov s 24 pr\u00edchu\u0165ami a obsahom nikot\u00ednu 2 %\/5 %.<\/p>\n<p><a href=\"https:\/\/wa.me\/8617840853976\"><strong><em>Whatsapp:+86 17840853976<\/em><\/strong><\/a><\/p>\n<p>Naskenujte na Whatsapp pre kup\u00f3n pre nov\u00fdch klientov<\/p>\n<p><img loading=\"lazy\" decoding=\"async\" class=\"alignnone size-medium wp-image-1905\" src=\"http:\/\/rmvapebang.com\/wp-content\/uploads\/2024\/03\/whatsapp-vape-2-202x300.jpg\" alt=\"\" width=\"202\" height=\"300\" \/><\/p>","protected":false},"featured_media":4112,"comment_status":"open","ping_status":"closed","template":"","meta":{"_uag_custom_page_level_css":"","_lmt_disableupdate":"no","_lmt_disable":"","site-sidebar-layout":"no-sidebar","site-content-layout":"boxed-container","ast-site-content-layout":"normal-width-container","site-content-style":"boxed","site-sidebar-style":"boxed","ast-global-header-display":"","ast-banner-title-visibility":"","ast-main-header-display":"","ast-hfb-above-header-display":"","ast-hfb-below-header-display":"","ast-hfb-mobile-header-display":"","site-post-title":"","ast-breadcrumbs-content":"","ast-featured-img":"","footer-sml-layout":"","theme-transparent-header-meta":"default","adv-header-id-meta":"","stick-header-meta":"","header-above-stick-meta":"","header-main-stick-meta":"","header-below-stick-meta":"","astra-migrate-meta-layouts":"set","ast-page-background-enabled":"default","ast-page-background-meta":{"desktop":{"background-color":"","background-image":"","background-repeat":"repeat","background-position":"center center","background-size":"auto","background-attachment":"scroll","background-type":"","background-media":"","overlay-type":"","overlay-color":"","overlay-gradient":""},"tablet":{"background-color":"","background-image":"","background-repeat":"repeat","background-position":"center center","background-size":"auto","background-attachment":"scroll","background-type":"","background-media":"","overlay-type":"","overlay-color":"","overlay-gradient":""},"mobile":{"background-color":"","background-image":"","background-repeat":"repeat","background-position":"center center","background-size":"auto","background-attachment":"scroll","background-type":"","background-media":"","overlay-type":"","overlay-color":"","overlay-gradient":""}},"ast-content-background-meta":{"desktop":{"background-color":"var(--ast-global-color-5)","background-image":"","background-repeat":"repeat","background-position":"center center","background-size":"auto","background-attachment":"scroll","background-type":"","background-media":"","overlay-type":"","overlay-color":"","overlay-gradient":""},"tablet":{"background-color":"var(--ast-global-color-5)","background-image":"","background-repeat":"repeat","background-position":"center center","background-size":"auto","background-attachment":"scroll","background-type":"","background-media":"","overlay-type":"","overlay-color":"","overlay-gradient":""},"mobile":{"background-color":"var(--ast-global-color-5)","background-image":"","background-repeat":"repeat","background-position":"center center","background-size":"auto","background-attachment":"scroll","background-type":"","background-media":"","overlay-type":"","overlay-color":"","overlay-gradient":""}},"_joinchat":[]},"product_brand":[],"product_cat":[39,41,128,42,40,131,80,43],"product_tag":[93,94,50,61,57,58,53,52],"class_list":{"0":"post-3093","1":"product","2":"type-product","3":"status-publish","4":"has-post-thumbnail","6":"product_cat-france-wholesale-vape","7":"product_cat-netherlands-wholesale-vape","8":"product_cat-smart-display","9":"product_cat-spain-wholesale-vape","10":"product_cat-germany-wholesale-vape","11":"product_cat-tornado-vape-wholesale-price-hot-sale","12":"product_cat-vape-25000-puffs","13":"product_cat-vape-shop","14":"product_tag-25000-puffs","15":"product_tag-25k-puffs","16":"product_tag-bulk-price-vape-shop","17":"product_tag-good-sales-vape","18":"product_tag-minimum-order-quantity-50pcs","19":"product_tag-moq-50pcs","20":"product_tag-rechargeable-vape","21":"product_tag-vape-wholesasle-price","22":"desktop-align-left","23":"tablet-align-left","24":"mobile-align-left","26":"first","27":"instock","28":"sale","29":"shipping-taxable","30":"purchasable","31":"product-type-simple"},"yoast_head":"<!-- This site is optimized with the Yoast SEO plugin v23.0 - https:\/\/yoast.com\/wordpress\/plugins\/seo\/ -->\n<title>Tornado Vape 25000 Bulk Price Best Price Hot Sale - rmvapebang.com<\/title>\n<meta name=\"description\" content=\"Contact now to get Wholesale bulk Price of 25k vape! tornado-25000-puffs-wholesale-price-25k-vape,2% and 5% nicotine to choose.\" \/>\n<meta name=\"robots\" content=\"index, follow, max-snippet:-1, max-image-preview:large, max-video-preview:-1\" \/>\n<link rel=\"canonical\" href=\"https:\/\/rmvapebang.com\/sk\/product\/tornado-vape-25000-bulk-price-best-price-hot-sale\/\" \/>\n<meta property=\"og:locale\" content=\"sk_SK\" \/>\n<meta property=\"og:type\" content=\"article\" \/>\n<meta property=\"og:title\" content=\"Tornado Vape 25000 Bulk Price Best Price Hot Sale - rmvapebang.com\" \/>\n<meta property=\"og:description\" content=\"Contact now to get Wholesale bulk Price of 25k vape! tornado-25000-puffs-wholesale-price-25k-vape,2% and 5% nicotine to choose.\" \/>\n<meta property=\"og:url\" content=\"https:\/\/rmvapebang.com\/sk\/product\/tornado-vape-25000-bulk-price-best-price-hot-sale\/\" \/>\n<meta property=\"og:site_name\" content=\"rmvapebang.com\" \/>\n<meta property=\"article:modified_time\" content=\"2025-07-10T10:39:51+00:00\" \/>\n<meta property=\"og:image\" content=\"https:\/\/rmvapebang.com\/wp-content\/uploads\/2025\/04\/Disposable-tornado-vape-25000-puffs-factory-sale.webp\" \/>\n\t<meta property=\"og:image:width\" content=\"800\" \/>\n\t<meta property=\"og:image:height\" content=\"800\" \/>\n\t<meta property=\"og:image:type\" content=\"image\/webp\" \/>\n<meta name=\"twitter:card\" content=\"summary_large_image\" \/>\n<meta name=\"twitter:label1\" content=\"Predpokladan\u00fd \u010das \u010d\u00edtania\" \/>\n\t<meta name=\"twitter:data1\" content=\"3 min\u00faty\" \/>\n<script type=\"application\/ld+json\" class=\"yoast-schema-graph\">{\"@context\":\"https:\/\/schema.org\",\"@graph\":[{\"@type\":\"WebPage\",\"@id\":\"https:\/\/rmvapebang.com\/product\/tornado-vape-25000-bulk-price-best-price-hot-sale\/\",\"url\":\"https:\/\/rmvapebang.com\/product\/tornado-vape-25000-bulk-price-best-price-hot-sale\/\",\"name\":\"Tornado Vape 25000 Bulk Price Best Price Hot Sale - rmvapebang.com\",\"isPartOf\":{\"@id\":\"https:\/\/rmvapebang.com\/#website\"},\"primaryImageOfPage\":{\"@id\":\"https:\/\/rmvapebang.com\/product\/tornado-vape-25000-bulk-price-best-price-hot-sale\/#primaryimage\"},\"image\":{\"@id\":\"https:\/\/rmvapebang.com\/product\/tornado-vape-25000-bulk-price-best-price-hot-sale\/#primaryimage\"},\"thumbnailUrl\":\"https:\/\/rmvapebang.com\/wp-content\/uploads\/2025\/04\/Disposable-tornado-vape-25000-puffs-factory-sale.webp\",\"datePublished\":\"2025-05-11T08:16:25+00:00\",\"dateModified\":\"2025-07-10T10:39:51+00:00\",\"description\":\"Contact now to get Wholesale bulk Price of 25k vape! tornado-25000-puffs-wholesale-price-25k-vape,2% and 5% nicotine to choose.\",\"breadcrumb\":{\"@id\":\"https:\/\/rmvapebang.com\/product\/tornado-vape-25000-bulk-price-best-price-hot-sale\/#breadcrumb\"},\"inLanguage\":\"sk-SK\",\"potentialAction\":[{\"@type\":\"ReadAction\",\"target\":[\"https:\/\/rmvapebang.com\/product\/tornado-vape-25000-bulk-price-best-price-hot-sale\/\"]}]},{\"@type\":\"ImageObject\",\"inLanguage\":\"sk-SK\",\"@id\":\"https:\/\/rmvapebang.com\/product\/tornado-vape-25000-bulk-price-best-price-hot-sale\/#primaryimage\",\"url\":\"https:\/\/rmvapebang.com\/wp-content\/uploads\/2025\/04\/Disposable-tornado-vape-25000-puffs-factory-sale.webp\",\"contentUrl\":\"https:\/\/rmvapebang.com\/wp-content\/uploads\/2025\/04\/Disposable-tornado-vape-25000-puffs-factory-sale.webp\",\"width\":800,\"height\":800,\"caption\":\"Disposable tornado vape 25000 puffs factory sale\"},{\"@type\":\"BreadcrumbList\",\"@id\":\"https:\/\/rmvapebang.com\/product\/tornado-vape-25000-bulk-price-best-price-hot-sale\/#breadcrumb\",\"itemListElement\":[{\"@type\":\"ListItem\",\"position\":1,\"name\":\"Home\",\"item\":\"https:\/\/rmvapebang.com\/\"},{\"@type\":\"ListItem\",\"position\":2,\"name\":\"Hot Vape Shop\",\"item\":\"https:\/\/rmvapebang.com\/shop-page\/\"},{\"@type\":\"ListItem\",\"position\":3,\"name\":\"Tornado Vape 25000 Bulk Price Best Price Hot Sale\"}]},{\"@type\":\"WebSite\",\"@id\":\"https:\/\/rmvapebang.com\/#website\",\"url\":\"https:\/\/rmvapebang.com\/\",\"name\":\"rmvapebang.com\",\"description\":\"buy vape cheap\",\"publisher\":{\"@id\":\"https:\/\/rmvapebang.com\/#organization\"},\"potentialAction\":[{\"@type\":\"SearchAction\",\"target\":{\"@type\":\"EntryPoint\",\"urlTemplate\":\"https:\/\/rmvapebang.com\/?s={search_term_string}\"},\"query-input\":\"required name=search_term_string\"}],\"inLanguage\":\"sk-SK\"},{\"@type\":\"Organization\",\"@id\":\"https:\/\/rmvapebang.com\/#organization\",\"name\":\"rmvapebang.com\",\"url\":\"https:\/\/rmvapebang.com\/\",\"logo\":{\"@type\":\"ImageObject\",\"inLanguage\":\"sk-SK\",\"@id\":\"https:\/\/rmvapebang.com\/#\/schema\/logo\/image\/\",\"url\":\"https:\/\/rmvapebang.com\/wp-content\/uploads\/2024\/03\/cropped-RVBlogo.png\",\"contentUrl\":\"https:\/\/rmvapebang.com\/wp-content\/uploads\/2024\/03\/cropped-RVBlogo.png\",\"width\":507,\"height\":169,\"caption\":\"rmvapebang.com\"},\"image\":{\"@id\":\"https:\/\/rmvapebang.com\/#\/schema\/logo\/image\/\"}}]}<\/script>\n<!-- \/ Yoast SEO plugin. -->","yoast_head_json":{"title":"Tornado Vape 25000 Bulk Price Best Price Hot Sale - rmvapebang.com","description":"Contact now to get Wholesale bulk Price of 25k vape! tornado-25000-puffs-wholesale-price-25k-vape,2% and 5% nicotine to choose.","robots":{"index":"index","follow":"follow","max-snippet":"max-snippet:-1","max-image-preview":"max-image-preview:large","max-video-preview":"max-video-preview:-1"},"canonical":"https:\/\/rmvapebang.com\/sk\/product\/tornado-vape-25000-bulk-price-best-price-hot-sale\/","og_locale":"sk_SK","og_type":"article","og_title":"Tornado Vape 25000 Bulk Price Best Price Hot Sale - rmvapebang.com","og_description":"Contact now to get Wholesale bulk Price of 25k vape! tornado-25000-puffs-wholesale-price-25k-vape,2% and 5% nicotine to choose.","og_url":"https:\/\/rmvapebang.com\/sk\/product\/tornado-vape-25000-bulk-price-best-price-hot-sale\/","og_site_name":"rmvapebang.com","article_modified_time":"2025-07-10T10:39:51+00:00","og_image":[{"width":800,"height":800,"url":"https:\/\/rmvapebang.com\/wp-content\/uploads\/2025\/04\/Disposable-tornado-vape-25000-puffs-factory-sale.webp","type":"image\/webp"}],"twitter_card":"summary_large_image","twitter_misc":{"Predpokladan\u00fd \u010das \u010d\u00edtania":"3 min\u00faty"},"schema":{"@context":"https:\/\/schema.org","@graph":[{"@type":"WebPage","@id":"https:\/\/rmvapebang.com\/product\/tornado-vape-25000-bulk-price-best-price-hot-sale\/","url":"https:\/\/rmvapebang.com\/product\/tornado-vape-25000-bulk-price-best-price-hot-sale\/","name":"Tornado Vape 25000 Bulk Price Best Price Hot Sale - rmvapebang.com","isPartOf":{"@id":"https:\/\/rmvapebang.com\/#website"},"primaryImageOfPage":{"@id":"https:\/\/rmvapebang.com\/product\/tornado-vape-25000-bulk-price-best-price-hot-sale\/#primaryimage"},"image":{"@id":"https:\/\/rmvapebang.com\/product\/tornado-vape-25000-bulk-price-best-price-hot-sale\/#primaryimage"},"thumbnailUrl":"https:\/\/rmvapebang.com\/wp-content\/uploads\/2025\/04\/Disposable-tornado-vape-25000-puffs-factory-sale.webp","datePublished":"2025-05-11T08:16:25+00:00","dateModified":"2025-07-10T10:39:51+00:00","description":"Contact now to get Wholesale bulk Price of 25k vape! tornado-25000-puffs-wholesale-price-25k-vape,2% and 5% nicotine to choose.","breadcrumb":{"@id":"https:\/\/rmvapebang.com\/product\/tornado-vape-25000-bulk-price-best-price-hot-sale\/#breadcrumb"},"inLanguage":"sk-SK","potentialAction":[{"@type":"ReadAction","target":["https:\/\/rmvapebang.com\/product\/tornado-vape-25000-bulk-price-best-price-hot-sale\/"]}]},{"@type":"ImageObject","inLanguage":"sk-SK","@id":"https:\/\/rmvapebang.com\/product\/tornado-vape-25000-bulk-price-best-price-hot-sale\/#primaryimage","url":"https:\/\/rmvapebang.com\/wp-content\/uploads\/2025\/04\/Disposable-tornado-vape-25000-puffs-factory-sale.webp","contentUrl":"https:\/\/rmvapebang.com\/wp-content\/uploads\/2025\/04\/Disposable-tornado-vape-25000-puffs-factory-sale.webp","width":800,"height":800,"caption":"Disposable tornado vape 25000 puffs factory sale"},{"@type":"BreadcrumbList","@id":"https:\/\/rmvapebang.com\/product\/tornado-vape-25000-bulk-price-best-price-hot-sale\/#breadcrumb","itemListElement":[{"@type":"ListItem","position":1,"name":"Home","item":"https:\/\/rmvapebang.com\/"},{"@type":"ListItem","position":2,"name":"Hot Vape Shop","item":"https:\/\/rmvapebang.com\/shop-page\/"},{"@type":"ListItem","position":3,"name":"Tornado Vape 25000 Bulk Price Best Price Hot Sale"}]},{"@type":"WebSite","@id":"https:\/\/rmvapebang.com\/#website","url":"https:\/\/rmvapebang.com\/","name":"rmvapebang.com","description":"buy vape cheap","publisher":{"@id":"https:\/\/rmvapebang.com\/#organization"},"potentialAction":[{"@type":"SearchAction","target":{"@type":"EntryPoint","urlTemplate":"https:\/\/rmvapebang.com\/?s={search_term_string}"},"query-input":"required name=search_term_string"}],"inLanguage":"sk-SK"},{"@type":"Organization","@id":"https:\/\/rmvapebang.com\/#organization","name":"rmvapebang.com","url":"https:\/\/rmvapebang.com\/","logo":{"@type":"ImageObject","inLanguage":"sk-SK","@id":"https:\/\/rmvapebang.com\/#\/schema\/logo\/image\/","url":"https:\/\/rmvapebang.com\/wp-content\/uploads\/2024\/03\/cropped-RVBlogo.png","contentUrl":"https:\/\/rmvapebang.com\/wp-content\/uploads\/2024\/03\/cropped-RVBlogo.png","width":507,"height":169,"caption":"rmvapebang.com"},"image":{"@id":"https:\/\/rmvapebang.com\/#\/schema\/logo\/image\/"}}]}},"uagb_featured_image_src":{"full":["https:\/\/rmvapebang.com\/wp-content\/uploads\/2025\/04\/Disposable-tornado-vape-25000-puffs-factory-sale.webp",800,800,false],"thumbnail":["https:\/\/rmvapebang.com\/wp-content\/uploads\/2025\/04\/Disposable-tornado-vape-25000-puffs-factory-sale-150x150.webp",150,150,true],"medium":["https:\/\/rmvapebang.com\/wp-content\/uploads\/2025\/04\/Disposable-tornado-vape-25000-puffs-factory-sale-300x300.webp",300,300,true],"medium_large":["https:\/\/rmvapebang.com\/wp-content\/uploads\/2025\/04\/Disposable-tornado-vape-25000-puffs-factory-sale-768x768.webp",768,768,true],"large":["https:\/\/rmvapebang.com\/wp-content\/uploads\/2025\/04\/Disposable-tornado-vape-25000-puffs-factory-sale.webp",800,800,false],"1536x1536":["https:\/\/rmvapebang.com\/wp-content\/uploads\/2025\/04\/Disposable-tornado-vape-25000-puffs-factory-sale.webp",800,800,false],"2048x2048":["https:\/\/rmvapebang.com\/wp-content\/uploads\/2025\/04\/Disposable-tornado-vape-25000-puffs-factory-sale.webp",800,800,false],"trp-custom-language-flag":["https:\/\/rmvapebang.com\/wp-content\/uploads\/2025\/04\/Disposable-tornado-vape-25000-puffs-factory-sale.webp",12,12,false],"woocommerce_thumbnail":["https:\/\/rmvapebang.com\/wp-content\/uploads\/2025\/04\/Disposable-tornado-vape-25000-puffs-factory-sale-300x300.webp",300,300,true],"woocommerce_single":["https:\/\/rmvapebang.com\/wp-content\/uploads\/2025\/04\/Disposable-tornado-vape-25000-puffs-factory-sale-600x600.webp",600,600,true],"woocommerce_gallery_thumbnail":["https:\/\/rmvapebang.com\/wp-content\/uploads\/2025\/04\/Disposable-tornado-vape-25000-puffs-factory-sale-100x100.webp",100,100,true],"wcpr-photo-reviews":["https:\/\/rmvapebang.com\/wp-content\/uploads\/2025\/04\/Disposable-tornado-vape-25000-puffs-factory-sale.webp",500,500,false]},"uagb_author_info":{"display_name":"Lyn","author_link":"https:\/\/rmvapebang.com\/sk\/author\/"},"uagb_comment_info":0,"uagb_excerpt":"NOTE\uff1aPrices on the website don\u2019t include shipping fee. Please send your zip code and address that we can check shipping costs for you. disposable 25k puff vape is a high-capacity smart dispaly screen vape device offering 25000 puffs with 24 flavors and 2%\/5% nicotine levels. Whatsapp:+86 17840853976 Scan on whatsapp for New Client coupon","_links":{"self":[{"href":"https:\/\/rmvapebang.com\/sk\/wp-json\/wp\/v2\/product\/3093","targetHints":{"allow":["GET"]}}],"collection":[{"href":"https:\/\/rmvapebang.com\/sk\/wp-json\/wp\/v2\/product"}],"about":[{"href":"https:\/\/rmvapebang.com\/sk\/wp-json\/wp\/v2\/types\/product"}],"replies":[{"embeddable":true,"href":"https:\/\/rmvapebang.com\/sk\/wp-json\/wp\/v2\/comments?post=3093"}],"wp:featuredmedia":[{"embeddable":true,"href":"https:\/\/rmvapebang.com\/sk\/wp-json\/wp\/v2\/media\/4112"}],"wp:attachment":[{"href":"https:\/\/rmvapebang.com\/sk\/wp-json\/wp\/v2\/media?parent=3093"}],"wp:term":[{"taxonomy":"product_brand","embeddable":true,"href":"https:\/\/rmvapebang.com\/sk\/wp-json\/wp\/v2\/product_brand?post=3093"},{"taxonomy":"product_cat","embeddable":true,"href":"https:\/\/rmvapebang.com\/sk\/wp-json\/wp\/v2\/product_cat?post=3093"},{"taxonomy":"product_tag","embeddable":true,"href":"https:\/\/rmvapebang.com\/sk\/wp-json\/wp\/v2\/product_tag?post=3093"}],"curies":[{"name":"wp","href":"https:\/\/api.w.org\/{rel}","templated":true}]}}