{"id":5766,"date":"2026-03-05T15:27:35","date_gmt":"2026-03-05T07:27:35","guid":{"rendered":"https:\/\/rmvapebang.com\/?post_type=product&#038;p=5766"},"modified":"2026-04-06T19:37:44","modified_gmt":"2026-04-06T11:37:44","slug":"vapen-skywalk-30k-puff-disposable-vape-wholesale","status":"publish","type":"product","link":"https:\/\/rmvapebang.com\/ro\/product\/vapen-skywalk-30k-puff-disposable-vape-wholesale\/","title":{"rendered":"VAPEN SKYWALK 30K Puff Vape de unic\u0103 folosin\u021b\u0103 en-gros"},"content":{"rendered":"<h2 data-pm-slice=\"1 1 []\">VAPEN SKYWALK 30K Puff Vape de unic\u0103 folosin\u021b\u0103 en-gros<\/h2>\n<p>VAPEN SKYWALK 30K Puff Vape de unic\u0103 folosin\u021b\u0103, cu p\u00e2n\u0103 la 30000 de pufuri, aceast\u0103 capacitate mare <a href=\"https:\/\/rmvapebang.com\/ro\/product-category\/vape-30000-puffs\/\"><em><strong>vap\u0103 de unic\u0103 folosin\u021b\u0103 30000 de pufuri<\/strong><\/em><\/a> dispune de o baterie re\u00eenc\u0103rcabil\u0103 de 650mAh cu \u00eenc\u0103rcare Type-C pentru utilizare zilnic\u0103 fiabil\u0103. Sistemul de flux de aer reglabil permite utilizatorilor s\u0103 personalizeze inhalarea de la vapori line p\u00e2n\u0103 la mai puternici.<\/p>\n<p>A <a href=\"https:\/\/rmvapebang.com\/ro\/product-category\/smart-display\/\"><em><strong>afi\u0219aj cu ecran inteligent<\/strong><\/em><\/a> ajut\u0103 la monitorizarea clar\u0103 a bateriei \u0219i a utiliz\u0103rii, de asemenea, combinat\u0103 cu performan\u021b\u0103 stabil\u0103 a aromei \u0219i op\u021biuni populare de gusturi, <strong><em>VAPEN SKYWALK<\/em> <\/strong>30K a devenit o alegere competitiv\u0103 pentru comercian\u021bi cu am\u0103nuntul \u0219i distribuitori care caut\u0103 un <a href=\"https:\/\/rmvapebang.com\/ro\/product-category\/vape-30000-puffs\/\"><em><strong>vape de unic\u0103 folosin\u021b\u0103 cu 30K pufuri<\/strong> <\/em><\/a>pentru pia\u021ba european\u0103.<\/p>\n<figure id=\"attachment_5760\" aria-describedby=\"caption-attachment-5760\" style=\"width: 800px\" class=\"wp-caption alignnone\"><img loading=\"lazy\" decoding=\"async\" class=\"wp-image-5760 size-full\" src=\"http:\/\/rmvapebang.com\/wp-content\/uploads\/2026\/03\/VAPEN-SKYWALK-30K-Flavor-Collection.webp\" alt=\"Lista de arome VAPEN SKYWALK 30K cele mai bune arome pentru vape de 30K pufuri\" width=\"800\" height=\"800\" srcset=\"https:\/\/rmvapebang.com\/wp-content\/uploads\/2026\/03\/VAPEN-SKYWALK-30K-Flavor-Collection.webp 800w, https:\/\/rmvapebang.com\/wp-content\/uploads\/2026\/03\/VAPEN-SKYWALK-30K-Flavor-Collection-300x300.webp 300w, https:\/\/rmvapebang.com\/wp-content\/uploads\/2026\/03\/VAPEN-SKYWALK-30K-Flavor-Collection-150x150.webp 150w, https:\/\/rmvapebang.com\/wp-content\/uploads\/2026\/03\/VAPEN-SKYWALK-30K-Flavor-Collection-768x768.webp 768w, https:\/\/rmvapebang.com\/wp-content\/uploads\/2026\/03\/VAPEN-SKYWALK-30K-Flavor-Collection-12x12.webp 12w, https:\/\/rmvapebang.com\/wp-content\/uploads\/2026\/03\/VAPEN-SKYWALK-30K-Flavor-Collection-600x600.webp 600w, https:\/\/rmvapebang.com\/wp-content\/uploads\/2026\/03\/VAPEN-SKYWALK-30K-Flavor-Collection-100x100.webp 100w\" sizes=\"auto, (max-width: 800px) 100vw, 800px\" \/><figcaption id=\"caption-attachment-5760\" class=\"wp-caption-text\">Exploreaz\u0103 cele mai bine v\u00e2ndute arome SKYWALK 30K.<\/figcaption><\/figure>\n<h2 data-start=\"815\" data-end=\"866\">Lista de arome VAPEN SKY WALK 30000 \u00een v\u00e2nzare fierbinte<\/h2>\n<p>1. Ghea\u021b\u0103 de Afine<br \/>\n2. FRUCTE MIXTE<br \/>\n3. C\u0102P\u0218UNI KIWI<br \/>\n4. DOVLEAC DE AP\u0102 GHEA\u021a\u0102<br \/>\n5. C\u0102P\u0218UNI DOVLEAC DE AP\u0102<br \/>\n6. DRAGON NEGRU GHEA\u021a\u0102<br \/>\n7. MAMBA ALB\u0102<br \/>\n8. LEMONADE CU AFINE<br \/>\n9. MERE DUBLE<br \/>\n10. PIERSIC\u0102 MANGO ANANAS<br \/>\n11. LEMOND\u0102 LIME<br \/>\n12. HAWAII<\/p>\n<h2 data-start=\"1030\" data-end=\"1085\">Specifica\u021bii VAPEN SKY WALK 30K<\/h2>\n<ul>\n<li data-start=\"870\" data-end=\"939\">\ud83d\udd0b <strong data-start=\"873\" data-end=\"891\">Baterie de 650mAh<\/strong> \u2013 Putere fiabil\u0103 pentru sesiuni extinse de vaping<\/li>\n<li data-start=\"941\" data-end=\"1011\">\u26a1 <strong data-start=\"943\" data-end=\"966\">Re\u00eenc\u0103rcabil Type-C<\/strong> \u2013 \u00cenc\u0103rcare mai rapid\u0103 \u0219i utilizare zilnic\u0103 convenabil\u0103<\/li>\n<li data-start=\"1013\" data-end=\"1086\">\ud83d\udca8 <strong data-start=\"1016\" data-end=\"1038\">Flux de aer reglabil<\/strong> \u2013 Trage lin\u0103 sau mai puternic\u0103 \u00een func\u021bie de preferin\u021b\u0103<\/li>\n<li data-start=\"1088\" data-end=\"1148\">\ud83d\udcfa <strong data-start=\"1091\" data-end=\"1109\">Afi\u0219aj pe ecran<\/strong> \u2013 Monitorizare clar\u0103 a bateriei \u0219i a utiliz\u0103rii<\/li>\n<li data-start=\"1150\" data-end=\"1219\">\ud83c\udf2c <strong data-start=\"1153\" data-end=\"1176\">Arome de durat\u0103 lung\u0103<\/strong> \u2013 Gust stabil pe parcursul a 30000 de pufuri<\/li>\n<li data-start=\"1221\" data-end=\"1300\">\ud83d\udce6 <strong data-start=\"1224\" data-end=\"1248\">Capacitate de 30000 Pufuri<\/strong> \u2013 Dispozitiv de unic\u0103 folosin\u021b\u0103 cu mul\u021bi pufuri, conceput pentru utilizare pe termen lung<\/li>\n<li data-start=\"1302\" data-end=\"1357\">\ud83e\uddea <strong data-start=\"1305\" data-end=\"1325\">Op\u021biuni de nicotin\u0103<\/strong> \u2013 Disponibil \u00een variante de 2% sau 5%<\/li>\n<\/ul>\n<h2 data-start=\"1650\" data-end=\"1703\">De ce s\u0103 alegi cea mai bun\u0103 \u021bigar\u0103 electronic\u0103 de unic\u0103 folosin\u021b\u0103 cu 30K pufuri \u00een 2026<\/h2>\n<ul>\n<li data-start=\"1418\" data-end=\"1511\">\ud83d\udd25 <strong data-start=\"1421\" data-end=\"1443\">Capacitate mare de pufuri\u2014<\/strong>P\u00e2n\u0103 la 30000 de pufuri pentru o utilizare mai lung\u0103 \u0219i mai pu\u021bine \u00eenlocuiri ale dispozitivului.<\/li>\n<li data-start=\"1513\" data-end=\"1610\">\u2699 <strong data-start=\"1515\" data-end=\"1545\">Control ajustabil al fluxului de aer\u2014<\/strong>Fluxul de aer flexibil \u00eembun\u0103t\u0103\u021be\u0219te confortul pentru diferite stiluri de vaping.<\/li>\n<li data-start=\"1612\" data-end=\"1711\">\ud83d\udd0b <strong data-start=\"1615\" data-end=\"1646\">Sistem de baterie re\u00eenc\u0103rcabil\u0103\u2014<\/strong>\u00cenc\u0103rcare Type-C men\u021bine dispozitivul func\u021bional p\u00e2n\u0103 la ultimul puf.<\/li>\n<li data-start=\"1713\" data-end=\"1823\">\ud83d\udcc8 <strong data-start=\"1716\" data-end=\"1740\">Cerere mare pe pia\u021b\u0103\u2014<\/strong>Vape-urile de unic\u0103 folosin\u021b\u0103 High-puff r\u0103m\u00e2n unul dintre cele mai rapide segmente \u00een cre\u0219tere din Europa.<\/li>\n<\/ul>\n<h2 data-start=\"1978\" data-end=\"2027\">\u00centreb\u0103ri frecvente \u2013 VAPEN SKYWALK 30K Vape de unic\u0103 folosin\u021b\u0103<\/h2>\n<p><strong>\u00ceQ1: C\u00e2te pufuri ofer\u0103 VAPEN SKYWALK 30K?<\/strong><br \/>\nA: Vaping-ul digital ofer\u0103 \u00een general 30000 de pufuri, \u00een func\u021bie de obiceiurile de vaping.<\/p>\n<p><strong>\u00ceQ2: Este VAPEN SKYWALK 30K re\u00eenc\u0103rcabil?<\/strong><br \/>\nA: Da, vape-ul de 30k include o baterie de 650mAh cu \u00eenc\u0103rcare Type-C pentru re\u00eenc\u0103rcare convenabil\u0103.<\/p>\n<p><strong>\u00ceQ3: Suport\u0103 dispozitivul inteligent de unic\u0103 folosin\u021b\u0103 ajustarea fluxului de aer?<\/strong><br \/>\nA: Da, sistemul de flux de aer reglabil permite utilizatorilor s\u0103 controleze aspirarea \u0219i produc\u021bia de vapori.<\/p>\n<p><strong>\u00ceQ4: Ce nicotin\u0103 sunt disponibile pentru vape-urile tornado?<\/strong><br \/>\nA: Sunt disponibile dou\u0103 op\u021biuni: nicotin\u0103 2% \u0219i 5%.<\/p>\n<p><strong>Contacta\u021bi-l pe Lyn pentru mai multe videoclipuri cu produse!<\/strong><\/p>\n<p><a href=\"https:\/\/wa.me\/8617840853976\"><span style=\"color: #ff6600\"><strong><em>Whatsapp:+40 17840853976<\/em><\/strong><\/span><\/a><\/p>\n<p><img loading=\"lazy\" decoding=\"async\" class=\"alignnone size-medium wp-image-1905\" src=\"http:\/\/rmvapebang.com\/wp-content\/uploads\/2024\/03\/whatsapp-vape-2-202x300.jpg\" alt=\"\" width=\"202\" height=\"300\" \/><\/p>\n<p>G\u0103si\u021bi mai multe produse care v-ar putea pl\u0103cea:<a href=\"https:\/\/rmvapebang.com\/ro\/shop-page\/\"><strong><em>Cump\u0103r\u0103 acum<\/em><\/strong><\/a><\/p>\n<p>alte pufuri care v-ar putea pl\u0103cea:<\/p>\n<p><em><a href=\"https:\/\/rmvapebang.com\/ro\/product\/bang-leader-350000-puffs-multi-flavor-rechargeable-disposable-vape-8-in-1-high-puff-vape\/\">Vape de unic\u0103 folosin\u021b\u0103 re\u00eenc\u0103rcabil Bang Leader 350000 Pufuri<\/a><\/em><\/p>\n<p><a href=\"https:\/\/rmvapebang.com\/ro\/product\/hifancy-twin-max-60k-puffs-dual-flavor-rechargeable-disposable-vape\/\"><em>HIFANCY Twin Max 60K Pufuri Vape de unic\u0103 folosin\u021b\u0103 cu dublu gust, v\u00e2nzare en gros \u00een Europa<\/em><\/a><\/p>\n<p><a href=\"https:\/\/rmvapebang.com\/ro\/product\/50000-puffs-dual-flavor-disposable-vape-with-smart-screen-type-c-charging\/\"><em>50.000 Pufuri, vaporizator de unic\u0103 folosin\u021b\u0103 cu dublu gust, v\u00e2nzare fierbinte \u00een Europa<\/em><\/a><\/p>","protected":false},"excerpt":{"rendered":"<p><span style=\"color: #ff0000\"><strong>NOT\u0102<\/strong>:\u00a0<em>Pre\u021buri<\/em>Pre\u021burile de pe site nu includ taxa de transport. V\u0103 rug\u0103m s\u0103 ne trimite\u021bi codul po\u0219tal \u0219i adresa pentru a verifica costurile de livrare.<\/span><\/p>\n<p data-start=\"126\" data-end=\"385\">VAPEN SKYWALK 30K Puff Vape de unic\u0103 folosin\u021b\u0103 ofer\u0103 p\u00e2n\u0103 la 30000 de pufuri, \u00eenc\u0103rcare re\u00eenc\u0103rcabil\u0103 Type-C, flux de aer ajustabil \u0219i afi\u0219aj clar pe ecran. Conceput pentru utilizatorii adul\u021bi, asigur\u0103 performan\u021b\u0103 stabil\u0103 a aromei \u0219i o cerere puternic\u0103 pe pia\u021b\u0103, fiind un vape de unic\u0103 folosin\u021b\u0103 cu capacitate mare popular pentru cump\u0103r\u0103torii en gros din Europa.<\/p>\n<p><a href=\"https:\/\/wa.me\/8617840853976\"><strong><em>Whatsapp:+40 17840853976<\/em><\/strong><\/a><br \/>\nScana\u021bi pe WhatsApp pentru un cupon pentru clien\u021bi noi<\/p>\n<p><img loading=\"lazy\" decoding=\"async\" class=\"alignnone size-medium wp-image-1905\" src=\"http:\/\/rmvapebang.com\/wp-content\/uploads\/2024\/03\/whatsapp-vape-2-202x300.jpg\" alt=\"\" width=\"202\" height=\"300\" \/><\/p>","protected":false},"featured_media":5761,"comment_status":"open","ping_status":"closed","template":"","meta":{"_uag_custom_page_level_css":"","_lmt_disableupdate":"no","_lmt_disable":"","site-sidebar-layout":"no-sidebar","site-content-layout":"boxed-container","ast-site-content-layout":"normal-width-container","site-content-style":"boxed","site-sidebar-style":"boxed","ast-global-header-display":"","ast-banner-title-visibility":"","ast-main-header-display":"","ast-hfb-above-header-display":"","ast-hfb-below-header-display":"","ast-hfb-mobile-header-display":"","site-post-title":"","ast-breadcrumbs-content":"","ast-featured-img":"","footer-sml-layout":"","theme-transparent-header-meta":"default","adv-header-id-meta":"","stick-header-meta":"","header-above-stick-meta":"","header-main-stick-meta":"","header-below-stick-meta":"","astra-migrate-meta-layouts":"set","ast-page-background-enabled":"default","ast-page-background-meta":{"desktop":{"background-color":"","background-image":"","background-repeat":"repeat","background-position":"center center","background-size":"auto","background-attachment":"scroll","background-type":"","background-media":"","overlay-type":"","overlay-color":"","overlay-gradient":""},"tablet":{"background-color":"","background-image":"","background-repeat":"repeat","background-position":"center center","background-size":"auto","background-attachment":"scroll","background-type":"","background-media":"","overlay-type":"","overlay-color":"","overlay-gradient":""},"mobile":{"background-color":"","background-image":"","background-repeat":"repeat","background-position":"center center","background-size":"auto","background-attachment":"scroll","background-type":"","background-media":"","overlay-type":"","overlay-color":"","overlay-gradient":""}},"ast-content-background-meta":{"desktop":{"background-color":"var(--ast-global-color-5)","background-image":"","background-repeat":"repeat","background-position":"center center","background-size":"auto","background-attachment":"scroll","background-type":"","background-media":"","overlay-type":"","overlay-color":"","overlay-gradient":""},"tablet":{"background-color":"var(--ast-global-color-5)","background-image":"","background-repeat":"repeat","background-position":"center center","background-size":"auto","background-attachment":"scroll","background-type":"","background-media":"","overlay-type":"","overlay-color":"","overlay-gradient":""},"mobile":{"background-color":"var(--ast-global-color-5)","background-image":"","background-repeat":"repeat","background-position":"center center","background-size":"auto","background-attachment":"scroll","background-type":"","background-media":"","overlay-type":"","overlay-color":"","overlay-gradient":""}},"_joinchat":{"telephone":"+8617840853976"}},"product_brand":[],"product_cat":[15,130,39,41,128,42,40,131,129,101,43,298],"product_tag":[102,103,50,61,58,53,52],"class_list":{"0":"post-5766","1":"product","2":"type-product","3":"status-publish","4":"has-post-thumbnail","6":"product_cat-eu-warehouse","7":"product_cat-digital-vapes-in-discount-price","8":"product_cat-france-wholesale-vape","9":"product_cat-netherlands-wholesale-vape","10":"product_cat-smart-display","11":"product_cat-spain-wholesale-vape","12":"product_cat-germany-wholesale-vape","13":"product_cat-tornado-vape-wholesale-price-hot-sale","14":"product_cat-tornado-vapes","15":"product_cat-vape-30000-puffs","16":"product_cat-vape-shop","17":"product_cat-vapen-vapes","18":"product_tag-30000-puffs","19":"product_tag-30k-puffs","20":"product_tag-bulk-price-vape-shop","21":"product_tag-good-sales-vape","22":"product_tag-moq-50pcs","23":"product_tag-rechargeable-vape","24":"product_tag-vape-wholesasle-price","25":"desktop-align-left","26":"tablet-align-left","27":"mobile-align-left","29":"first","30":"instock","31":"sale","32":"shipping-taxable","33":"purchasable","34":"product-type-simple"},"yoast_head":"<!-- This site is optimized with the Yoast SEO plugin v23.0 - https:\/\/yoast.com\/wordpress\/plugins\/seo\/ -->\n<title>VAPEN SKYWALK 30K Puff Disposable Vape Wholesale - rmvapebang.com<\/title>\n<meta name=\"description\" content=\"VAPEN SKYWALK 30K Puff Disposable Vape with 30000 puffs, rechargeable battery, adjustable airflow and screen display. Popular wholesale vape for Europe.\" \/>\n<meta name=\"robots\" content=\"index, follow, max-snippet:-1, max-image-preview:large, max-video-preview:-1\" \/>\n<link rel=\"canonical\" href=\"https:\/\/rmvapebang.com\/ro\/product\/vapen-skywalk-30k-puff-disposable-vape-wholesale\/\" \/>\n<meta property=\"og:locale\" content=\"ro_RO\" \/>\n<meta property=\"og:type\" content=\"article\" \/>\n<meta property=\"og:title\" content=\"VAPEN SKYWALK 30K Puff Disposable Vape Wholesale - rmvapebang.com\" \/>\n<meta property=\"og:description\" content=\"VAPEN SKYWALK 30K Puff Disposable Vape with 30000 puffs, rechargeable battery, adjustable airflow and screen display. Popular wholesale vape for Europe.\" \/>\n<meta property=\"og:url\" content=\"https:\/\/rmvapebang.com\/ro\/product\/vapen-skywalk-30k-puff-disposable-vape-wholesale\/\" \/>\n<meta property=\"og:site_name\" content=\"rmvapebang.com\" \/>\n<meta property=\"article:modified_time\" content=\"2026-04-06T11:37:44+00:00\" \/>\n<meta property=\"og:image\" content=\"http:\/\/rmvapebang.com\/wp-content\/uploads\/2026\/03\/VAPEN-SKYWALK-30K-Puff-Disposable-Vape-30000-Puffs.webp\" \/>\n\t<meta property=\"og:image:width\" content=\"800\" \/>\n\t<meta property=\"og:image:height\" content=\"800\" \/>\n\t<meta property=\"og:image:type\" content=\"image\/webp\" \/>\n<meta name=\"twitter:card\" content=\"summary_large_image\" \/>\n<meta name=\"twitter:label1\" content=\"Timp estimat pentru citire\" \/>\n\t<meta name=\"twitter:data1\" content=\"3 minute\" \/>\n<script type=\"application\/ld+json\" class=\"yoast-schema-graph\">{\"@context\":\"https:\/\/schema.org\",\"@graph\":[{\"@type\":\"WebPage\",\"@id\":\"https:\/\/rmvapebang.com\/product\/vapen-skywalk-30k-puff-disposable-vape-wholesale\/\",\"url\":\"https:\/\/rmvapebang.com\/product\/vapen-skywalk-30k-puff-disposable-vape-wholesale\/\",\"name\":\"VAPEN SKYWALK 30K Puff Disposable Vape Wholesale - rmvapebang.com\",\"isPartOf\":{\"@id\":\"https:\/\/rmvapebang.com\/#website\"},\"primaryImageOfPage\":{\"@id\":\"https:\/\/rmvapebang.com\/product\/vapen-skywalk-30k-puff-disposable-vape-wholesale\/#primaryimage\"},\"image\":{\"@id\":\"https:\/\/rmvapebang.com\/product\/vapen-skywalk-30k-puff-disposable-vape-wholesale\/#primaryimage\"},\"thumbnailUrl\":\"https:\/\/rmvapebang.com\/wp-content\/uploads\/2026\/03\/VAPEN-SKYWALK-30K-Puff-Disposable-Vape-30000-Puffs.webp\",\"datePublished\":\"2026-03-05T07:27:35+00:00\",\"dateModified\":\"2026-04-06T11:37:44+00:00\",\"description\":\"VAPEN SKYWALK 30K Puff Disposable Vape with 30000 puffs, rechargeable battery, adjustable airflow and screen display. Popular wholesale vape for Europe.\",\"breadcrumb\":{\"@id\":\"https:\/\/rmvapebang.com\/product\/vapen-skywalk-30k-puff-disposable-vape-wholesale\/#breadcrumb\"},\"inLanguage\":\"ro-RO\",\"potentialAction\":[{\"@type\":\"ReadAction\",\"target\":[\"https:\/\/rmvapebang.com\/product\/vapen-skywalk-30k-puff-disposable-vape-wholesale\/\"]}]},{\"@type\":\"ImageObject\",\"inLanguage\":\"ro-RO\",\"@id\":\"https:\/\/rmvapebang.com\/product\/vapen-skywalk-30k-puff-disposable-vape-wholesale\/#primaryimage\",\"url\":\"https:\/\/rmvapebang.com\/wp-content\/uploads\/2026\/03\/VAPEN-SKYWALK-30K-Puff-Disposable-Vape-30000-Puffs.webp\",\"contentUrl\":\"https:\/\/rmvapebang.com\/wp-content\/uploads\/2026\/03\/VAPEN-SKYWALK-30K-Puff-Disposable-Vape-30000-Puffs.webp\",\"width\":800,\"height\":800,\"caption\":\"Experience the power of a true 30K puff disposable vape.\"},{\"@type\":\"BreadcrumbList\",\"@id\":\"https:\/\/rmvapebang.com\/product\/vapen-skywalk-30k-puff-disposable-vape-wholesale\/#breadcrumb\",\"itemListElement\":[{\"@type\":\"ListItem\",\"position\":1,\"name\":\"Home\",\"item\":\"https:\/\/rmvapebang.com\/\"},{\"@type\":\"ListItem\",\"position\":2,\"name\":\"Hot Vape Shop\",\"item\":\"https:\/\/rmvapebang.com\/shop-page\/\"},{\"@type\":\"ListItem\",\"position\":3,\"name\":\"VAPEN SKYWALK 30K Puff Disposable Vape Wholesale\"}]},{\"@type\":\"WebSite\",\"@id\":\"https:\/\/rmvapebang.com\/#website\",\"url\":\"https:\/\/rmvapebang.com\/\",\"name\":\"rmvapebang.com\",\"description\":\"buy vape cheap\",\"publisher\":{\"@id\":\"https:\/\/rmvapebang.com\/#organization\"},\"potentialAction\":[{\"@type\":\"SearchAction\",\"target\":{\"@type\":\"EntryPoint\",\"urlTemplate\":\"https:\/\/rmvapebang.com\/?s={search_term_string}\"},\"query-input\":\"required name=search_term_string\"}],\"inLanguage\":\"ro-RO\"},{\"@type\":\"Organization\",\"@id\":\"https:\/\/rmvapebang.com\/#organization\",\"name\":\"rmvapebang.com\",\"url\":\"https:\/\/rmvapebang.com\/\",\"logo\":{\"@type\":\"ImageObject\",\"inLanguage\":\"ro-RO\",\"@id\":\"https:\/\/rmvapebang.com\/#\/schema\/logo\/image\/\",\"url\":\"https:\/\/rmvapebang.com\/wp-content\/uploads\/2024\/03\/cropped-RVBlogo.png\",\"contentUrl\":\"https:\/\/rmvapebang.com\/wp-content\/uploads\/2024\/03\/cropped-RVBlogo.png\",\"width\":507,\"height\":169,\"caption\":\"rmvapebang.com\"},\"image\":{\"@id\":\"https:\/\/rmvapebang.com\/#\/schema\/logo\/image\/\"}}]}<\/script>\n<!-- \/ Yoast SEO plugin. -->","yoast_head_json":{"title":"VAPEN SKYWALK 30K Puff Disposable Vape Wholesale - rmvapebang.com","description":"VAPEN SKYWALK 30K Puff Disposable Vape with 30000 puffs, rechargeable battery, adjustable airflow and screen display. Popular wholesale vape for Europe.","robots":{"index":"index","follow":"follow","max-snippet":"max-snippet:-1","max-image-preview":"max-image-preview:large","max-video-preview":"max-video-preview:-1"},"canonical":"https:\/\/rmvapebang.com\/ro\/product\/vapen-skywalk-30k-puff-disposable-vape-wholesale\/","og_locale":"ro_RO","og_type":"article","og_title":"VAPEN SKYWALK 30K Puff Disposable Vape Wholesale - rmvapebang.com","og_description":"VAPEN SKYWALK 30K Puff Disposable Vape with 30000 puffs, rechargeable battery, adjustable airflow and screen display. Popular wholesale vape for Europe.","og_url":"https:\/\/rmvapebang.com\/ro\/product\/vapen-skywalk-30k-puff-disposable-vape-wholesale\/","og_site_name":"rmvapebang.com","article_modified_time":"2026-04-06T11:37:44+00:00","og_image":[{"width":800,"height":800,"url":"http:\/\/rmvapebang.com\/wp-content\/uploads\/2026\/03\/VAPEN-SKYWALK-30K-Puff-Disposable-Vape-30000-Puffs.webp","type":"image\/webp"}],"twitter_card":"summary_large_image","twitter_misc":{"Timp estimat pentru citire":"3 minute"},"schema":{"@context":"https:\/\/schema.org","@graph":[{"@type":"WebPage","@id":"https:\/\/rmvapebang.com\/product\/vapen-skywalk-30k-puff-disposable-vape-wholesale\/","url":"https:\/\/rmvapebang.com\/product\/vapen-skywalk-30k-puff-disposable-vape-wholesale\/","name":"VAPEN SKYWALK 30K Puff Disposable Vape Wholesale - rmvapebang.com","isPartOf":{"@id":"https:\/\/rmvapebang.com\/#website"},"primaryImageOfPage":{"@id":"https:\/\/rmvapebang.com\/product\/vapen-skywalk-30k-puff-disposable-vape-wholesale\/#primaryimage"},"image":{"@id":"https:\/\/rmvapebang.com\/product\/vapen-skywalk-30k-puff-disposable-vape-wholesale\/#primaryimage"},"thumbnailUrl":"https:\/\/rmvapebang.com\/wp-content\/uploads\/2026\/03\/VAPEN-SKYWALK-30K-Puff-Disposable-Vape-30000-Puffs.webp","datePublished":"2026-03-05T07:27:35+00:00","dateModified":"2026-04-06T11:37:44+00:00","description":"VAPEN SKYWALK 30K Puff Disposable Vape with 30000 puffs, rechargeable battery, adjustable airflow and screen display. Popular wholesale vape for Europe.","breadcrumb":{"@id":"https:\/\/rmvapebang.com\/product\/vapen-skywalk-30k-puff-disposable-vape-wholesale\/#breadcrumb"},"inLanguage":"ro-RO","potentialAction":[{"@type":"ReadAction","target":["https:\/\/rmvapebang.com\/product\/vapen-skywalk-30k-puff-disposable-vape-wholesale\/"]}]},{"@type":"ImageObject","inLanguage":"ro-RO","@id":"https:\/\/rmvapebang.com\/product\/vapen-skywalk-30k-puff-disposable-vape-wholesale\/#primaryimage","url":"https:\/\/rmvapebang.com\/wp-content\/uploads\/2026\/03\/VAPEN-SKYWALK-30K-Puff-Disposable-Vape-30000-Puffs.webp","contentUrl":"https:\/\/rmvapebang.com\/wp-content\/uploads\/2026\/03\/VAPEN-SKYWALK-30K-Puff-Disposable-Vape-30000-Puffs.webp","width":800,"height":800,"caption":"Experience the power of a true 30K puff disposable vape."},{"@type":"BreadcrumbList","@id":"https:\/\/rmvapebang.com\/product\/vapen-skywalk-30k-puff-disposable-vape-wholesale\/#breadcrumb","itemListElement":[{"@type":"ListItem","position":1,"name":"Home","item":"https:\/\/rmvapebang.com\/"},{"@type":"ListItem","position":2,"name":"Hot Vape Shop","item":"https:\/\/rmvapebang.com\/shop-page\/"},{"@type":"ListItem","position":3,"name":"VAPEN SKYWALK 30K Puff Disposable Vape Wholesale"}]},{"@type":"WebSite","@id":"https:\/\/rmvapebang.com\/#website","url":"https:\/\/rmvapebang.com\/","name":"rmvapebang.com","description":"buy vape cheap","publisher":{"@id":"https:\/\/rmvapebang.com\/#organization"},"potentialAction":[{"@type":"SearchAction","target":{"@type":"EntryPoint","urlTemplate":"https:\/\/rmvapebang.com\/?s={search_term_string}"},"query-input":"required name=search_term_string"}],"inLanguage":"ro-RO"},{"@type":"Organization","@id":"https:\/\/rmvapebang.com\/#organization","name":"rmvapebang.com","url":"https:\/\/rmvapebang.com\/","logo":{"@type":"ImageObject","inLanguage":"ro-RO","@id":"https:\/\/rmvapebang.com\/#\/schema\/logo\/image\/","url":"https:\/\/rmvapebang.com\/wp-content\/uploads\/2024\/03\/cropped-RVBlogo.png","contentUrl":"https:\/\/rmvapebang.com\/wp-content\/uploads\/2024\/03\/cropped-RVBlogo.png","width":507,"height":169,"caption":"rmvapebang.com"},"image":{"@id":"https:\/\/rmvapebang.com\/#\/schema\/logo\/image\/"}}]}},"uagb_featured_image_src":{"full":["https:\/\/rmvapebang.com\/wp-content\/uploads\/2026\/03\/VAPEN-SKYWALK-30K-Puff-Disposable-Vape-30000-Puffs.webp",800,800,false],"thumbnail":["https:\/\/rmvapebang.com\/wp-content\/uploads\/2026\/03\/VAPEN-SKYWALK-30K-Puff-Disposable-Vape-30000-Puffs-150x150.webp",150,150,true],"medium":["https:\/\/rmvapebang.com\/wp-content\/uploads\/2026\/03\/VAPEN-SKYWALK-30K-Puff-Disposable-Vape-30000-Puffs-300x300.webp",300,300,true],"medium_large":["https:\/\/rmvapebang.com\/wp-content\/uploads\/2026\/03\/VAPEN-SKYWALK-30K-Puff-Disposable-Vape-30000-Puffs-768x768.webp",768,768,true],"large":["https:\/\/rmvapebang.com\/wp-content\/uploads\/2026\/03\/VAPEN-SKYWALK-30K-Puff-Disposable-Vape-30000-Puffs.webp",800,800,false],"1536x1536":["https:\/\/rmvapebang.com\/wp-content\/uploads\/2026\/03\/VAPEN-SKYWALK-30K-Puff-Disposable-Vape-30000-Puffs.webp",800,800,false],"2048x2048":["https:\/\/rmvapebang.com\/wp-content\/uploads\/2026\/03\/VAPEN-SKYWALK-30K-Puff-Disposable-Vape-30000-Puffs.webp",800,800,false],"trp-custom-language-flag":["https:\/\/rmvapebang.com\/wp-content\/uploads\/2026\/03\/VAPEN-SKYWALK-30K-Puff-Disposable-Vape-30000-Puffs-12x12.webp",12,12,true],"woocommerce_thumbnail":["https:\/\/rmvapebang.com\/wp-content\/uploads\/2026\/03\/VAPEN-SKYWALK-30K-Puff-Disposable-Vape-30000-Puffs-300x300.webp",300,300,true],"woocommerce_single":["https:\/\/rmvapebang.com\/wp-content\/uploads\/2026\/03\/VAPEN-SKYWALK-30K-Puff-Disposable-Vape-30000-Puffs-600x600.webp",600,600,true],"woocommerce_gallery_thumbnail":["https:\/\/rmvapebang.com\/wp-content\/uploads\/2026\/03\/VAPEN-SKYWALK-30K-Puff-Disposable-Vape-30000-Puffs-100x100.webp",100,100,true],"wcpr-photo-reviews":["https:\/\/rmvapebang.com\/wp-content\/uploads\/2026\/03\/VAPEN-SKYWALK-30K-Puff-Disposable-Vape-30000-Puffs.webp",500,500,false]},"uagb_author_info":{"display_name":"Lyn","author_link":"https:\/\/rmvapebang.com\/ro\/author\/"},"uagb_comment_info":0,"uagb_excerpt":"NOTE:\u00a0Prices on the website don\u2019t include shipping fee. Please send your zip code and address that we can check shipping costs for you. VAPEN SKYWALK 30K Puff Disposable Vape offers up to 30000 puffs, rechargeable Type-C charging, adjustable airflow and a clear screen display. Designed for adult users, it provides stable flavor performance and strong&hellip;","_links":{"self":[{"href":"https:\/\/rmvapebang.com\/ro\/wp-json\/wp\/v2\/product\/5766","targetHints":{"allow":["GET"]}}],"collection":[{"href":"https:\/\/rmvapebang.com\/ro\/wp-json\/wp\/v2\/product"}],"about":[{"href":"https:\/\/rmvapebang.com\/ro\/wp-json\/wp\/v2\/types\/product"}],"replies":[{"embeddable":true,"href":"https:\/\/rmvapebang.com\/ro\/wp-json\/wp\/v2\/comments?post=5766"}],"wp:featuredmedia":[{"embeddable":true,"href":"https:\/\/rmvapebang.com\/ro\/wp-json\/wp\/v2\/media\/5761"}],"wp:attachment":[{"href":"https:\/\/rmvapebang.com\/ro\/wp-json\/wp\/v2\/media?parent=5766"}],"wp:term":[{"taxonomy":"product_brand","embeddable":true,"href":"https:\/\/rmvapebang.com\/ro\/wp-json\/wp\/v2\/product_brand?post=5766"},{"taxonomy":"product_cat","embeddable":true,"href":"https:\/\/rmvapebang.com\/ro\/wp-json\/wp\/v2\/product_cat?post=5766"},{"taxonomy":"product_tag","embeddable":true,"href":"https:\/\/rmvapebang.com\/ro\/wp-json\/wp\/v2\/product_tag?post=5766"}],"curies":[{"name":"wp","href":"https:\/\/api.w.org\/{rel}","templated":true}]}}