{"id":5714,"date":"2026-02-26T00:33:39","date_gmt":"2026-02-25T16:33:39","guid":{"rendered":"https:\/\/rmvapebang.com\/?post_type=product&#038;p=5714"},"modified":"2026-04-06T19:39:04","modified_gmt":"2026-04-06T11:39:04","slug":"hifancy-twin-max-60k-puffs-dual-flavor-rechargeable-disposable-vape","status":"publish","type":"product","link":"https:\/\/rmvapebang.com\/ro\/product\/hifancy-twin-max-60k-puffs-dual-flavor-rechargeable-disposable-vape\/","title":{"rendered":"HIFANCY Twin Max 60K Pufuri Vape Dispozitiv de unic\u0103 folosin\u021b\u0103 re\u00eenc\u0103rcabil cu arom\u0103 dual\u0103"},"content":{"rendered":"<h2 data-pm-slice=\"1 1 []\">HIFANCY Twin Max 60K Pufuri Vape Dispozitiv de unic\u0103 folosin\u021b\u0103 re\u00eenc\u0103rcabil cu arom\u0103 dual\u0103<\/h2>\n<p>HIFANCY Twin Max 60K Pufuri Dual Flavor Vape re\u00eenc\u0103rcabil de unic\u0103 folosin\u021b\u0103 ofer\u0103 o experien\u021b\u0103 puternic\u0103 <a href=\"https:\/\/rmvapebang.com\/ro\/shop-page\/?filter_puff=60000-puff\"><em><strong>vaping de unic\u0103 folosin\u021b\u0103 de 60000 de pufuri<\/strong> <\/em><\/a>cu performan\u021b\u0103 lin\u0103 \u0219i utilizare de lung\u0103 durat\u0103. <a href=\"https:\/\/rmvapebang.com\/ro\/product-category\/hifancy-vapes\/\"><em><strong>HIFANCYH vape<\/strong><\/em><\/a>\u00a0conceput cu un sistem dual de rezervor \u0219i comutator de arom\u0103 u\u0219or de rotit, acest vape de unic\u0103 folosin\u021b\u0103 cu dou\u0103 arome permite utilizatorilor s\u0103 se bucure de dou\u0103 arome \u00eentr-un singur dispozitiv.<\/p>\n<p><a href=\"https:\/\/rmvapebang.com\/ro\/shop-page\/?filter_puff=60000-puff\"><em><strong>Vape de 60000 de pufuri, de unic\u0103 folosin\u021b\u0103<\/strong> <\/em><\/a>are o baterie re\u00eenc\u0103rcabil\u0103 Type-C de 650mAh care suport\u0103 un randament stabil, \u00een timp ce <a href=\"https:\/\/rmvapebang.com\/ro\/product-category\/smart-display\/\"><strong><em>afi\u0219aj LED<\/em> <\/strong><\/a>men\u021bine clar starea de alimentare cu energie la o simpl\u0103 privire. Construit pentru utilizatori adul\u021bi care prefer\u0103 dispozitive de vape de unic\u0103 folosin\u021b\u0103 cu un num\u0103r mare de pufuri, Twin Max 60K combin\u0103 eficien\u021ba bobinei din plas\u0103, produc\u021bia constant\u0103 de vapori \u0219i un design modern compact, potrivit pentru nevoile zilnice de vaping.<\/p>\n<figure id=\"attachment_5683\" aria-describedby=\"caption-attachment-5683\" style=\"width: 800px\" class=\"wp-caption alignnone\"><img loading=\"lazy\" decoding=\"async\" class=\"wp-image-5683 size-full\" src=\"http:\/\/rmvapebang.com\/wp-content\/uploads\/2026\/02\/HIFANCY-Twin-Max-60000-Puffs-Dual-Flavor-Vape.webp\" alt=\"Dispozitiv de vaporizare re\u00eenc\u0103rcabil HIFANCY Twin Max 60K, 60.000 de pufuri, arom\u0103 dual\u0103\" width=\"800\" height=\"800\" srcset=\"https:\/\/rmvapebang.com\/wp-content\/uploads\/2026\/02\/HIFANCY-Twin-Max-60000-Puffs-Dual-Flavor-Vape.webp 800w, https:\/\/rmvapebang.com\/wp-content\/uploads\/2026\/02\/HIFANCY-Twin-Max-60000-Puffs-Dual-Flavor-Vape-300x300.webp 300w, https:\/\/rmvapebang.com\/wp-content\/uploads\/2026\/02\/HIFANCY-Twin-Max-60000-Puffs-Dual-Flavor-Vape-150x150.webp 150w, https:\/\/rmvapebang.com\/wp-content\/uploads\/2026\/02\/HIFANCY-Twin-Max-60000-Puffs-Dual-Flavor-Vape-768x768.webp 768w, https:\/\/rmvapebang.com\/wp-content\/uploads\/2026\/02\/HIFANCY-Twin-Max-60000-Puffs-Dual-Flavor-Vape-12x12.webp 12w, https:\/\/rmvapebang.com\/wp-content\/uploads\/2026\/02\/HIFANCY-Twin-Max-60000-Puffs-Dual-Flavor-Vape-600x600.webp 600w, https:\/\/rmvapebang.com\/wp-content\/uploads\/2026\/02\/HIFANCY-Twin-Max-60000-Puffs-Dual-Flavor-Vape-100x100.webp 100w\" sizes=\"auto, (max-width: 800px) 100vw, 800px\" \/><figcaption id=\"caption-attachment-5683\" class=\"wp-caption-text\">Vape re\u00eenc\u0103rcabil\u0103 de 60K pufuri cu design de comutare dual\u0103 a aromelor.<\/figcaption><\/figure>\n<h2 data-start=\"815\" data-end=\"866\">Lista aromelor pentru Smart Dual Flavor Vape de v\u00e2nzare rapid\u0103<\/h2>\n<p>1. Blue Razz Lemonade\u2014Lush Ice<br \/>\n2. Orange Mango Watermelon\u2014Strawberry Ice<br \/>\n3. Lemon Lime\u2014Triple Melon<br \/>\n4. Blueberry Raspberry Cherry\u2014Cola Ice<br \/>\n5. Strawberry Watermelon\u2014Double Apple<br \/>\n6. Pineapple Mango Peach\u2014Summer Dream<br \/>\n7. Cactus Dragon fruit\u2014Red Bull Ice<br \/>\n8. Watermelon Bubble Gum\u2014Mixed Berry<br \/>\n9. Kiwi Passion Fruit Guava\u2014Blueberry Ice<br \/>\n10. Dragon Fruit Banana Cherry\u2014Love 66<\/p>\n<h2 data-start=\"1030\" data-end=\"1085\">Cheie pentru Vape Dispozitiv de unic\u0103 folosin\u021b\u0103 60K en-gros<\/h2>\n<ul>\n<li>\ud83d\udd04 Rote\u0219te pentru a schimba aroma \u2013 sistem de comutare dual\u0103 a aromelor lin<\/li>\n<li>\ud83e\uddca Capacitate de 60000 de pufuri \u2013 vape de unic\u0103 folosin\u021b\u0103 cu durat\u0103 lung\u0103 \u0219i pufuri mari<\/li>\n<li>\ud83d\udd0b Baterie de 650mAh \u2013 putere stabil\u0103 cu \u00eenc\u0103rcare Type-C<\/li>\n<li>\u26a1 \u00cenc\u0103rcare Type-C \u2013 utilizare rapid\u0103 \u0219i convenabil\u0103 zilnic<\/li>\n<li>\ud83e\uddea Design cu dou\u0103 rezervoare \u2013 dou\u0103 arome \u00eentr-un dispozitiv compact<\/li>\n<li>\ud83d\udca8 Bobin\u0103 dubl\u0103 din plas\u0103 \u2013 vapori consisten\u021bi \u0219i arom\u0103 echilibrat\u0103<\/li>\n<li>\ud83d\udcca Ecran LED \u2013 indica\u021bie clar\u0103 a bateriei \u0219i a utiliz\u0103rii<\/li>\n<li>\ud83c\udf00 Structur\u0103 Twin Max \u2013 design compact cu flux de aer puternic<\/li>\n<li>\ud83c\udf53 Asortiment premium de arome \u2013 combina\u021bii de fructe \u0219i ghea\u021b\u0103 pentru adul\u021bi<\/li>\n<\/ul>\n<h2 data-start=\"1650\" data-end=\"1703\">De ce s\u0103 alegi Vape-ul cu 60000 de pufuri din depozitul din Rom\u00e2nia<\/h2>\n<ul>\n<li>Livrare mai rapid\u0103 \u00een toat\u0103 Europa cu timp de a\u0219teptare redus.<\/li>\n<li>Stoc stabil pentru cump\u0103r\u0103tori cu am\u0103nuntul \u0219i en-gros.<\/li>\n<li>Risc redus de transport \u0219i gestionare mai lin\u0103 a logisticii.<\/li>\n<li>Potrivit pentru utilizatori adul\u021bi care caut\u0103 dispozitive cu pufuri mari \u0219i durabile.<\/li>\n<\/ul>\n<h2 data-start=\"1978\" data-end=\"2027\">\u00centreb\u0103ri frecvente pentru Vape-ul de unic\u0103 folosin\u021b\u0103 cu 60000 de pufuri<\/h2>\n<p><strong>Q1: Ce face ca acest vape de unic\u0103 folosin\u021b\u0103 cu pufuri mari s\u0103 fie special?<\/strong><br \/>\nA1: Capacitate mare de lichid, tehnologie cu bobin\u0103 din plas\u0103 \u0219i ie\u0219ire eficient\u0103 a bateriei.<\/p>\n<p><strong>Q2: Pot re\u00eenc\u0103rca Twin Max 60K de la HIFANCY?<\/strong><br \/>\nA2: Da, vape-ul cu afi\u0219aj LED \u0219i 60k pufuri include o baterie re\u00eenc\u0103rcabil\u0103 de 650mAh cu Type-C pentru utilizare repetat\u0103.<\/p>\n<p><strong>\u00centrebare 3: Cum func\u021bioneaz\u0103 comutatorul dual de arom\u0103 al vape-ului HIFANCY?<\/strong><br \/>\nR\u0103spuns 3: Pur \u0219i simplu roti\u021bi capul de gur\u0103 pentru a schimba \u00eentre cele dou\u0103 arome instantaneu.<\/p>\n<p><strong>\u00centrebare 4: Este util afi\u0219ajul LED pentru dispozitivul de unic\u0103 folosin\u021b\u0103 HIFANCY?<\/strong><br \/>\nR\u0103spuns 4: Afi\u0219ajul LED poate ar\u0103ta clar nivelul bateriei \u0219i starea de func\u021bionare.<\/p>\n<p><strong>Contacta\u021bi-l pe Lyn pentru mai multe videoclipuri cu produse!<\/strong><\/p>\n<p><a href=\"https:\/\/wa.me\/8617840853976\"><span style=\"color: #ff6600\"><strong><em>Whatsapp:+40 17840853976<\/em><\/strong><\/span><\/a><\/p>\n<p><img loading=\"lazy\" decoding=\"async\" class=\"alignnone size-medium wp-image-1905\" src=\"http:\/\/rmvapebang.com\/wp-content\/uploads\/2024\/03\/whatsapp-vape-2-202x300.jpg\" alt=\"\" width=\"202\" height=\"300\" \/><\/p>\n<p>G\u0103si\u021bi mai multe produse care v-ar putea pl\u0103cea:<a href=\"https:\/\/rmvapebang.com\/ro\/shop-page\/\"><strong><em>Cump\u0103r\u0103 acum<\/em><\/strong><\/a><\/p>\n<p>alte pufuri care v-ar putea pl\u0103cea:<\/p>\n<p><a href=\"https:\/\/rmvapebang.com\/ro\/product\/al-fakher-8000-puffs-disposable-vape-2026-best-sale\/\"><em>Vaporizator de unic\u0103 folosin\u021b\u0103 Al Fakher 8000 Pufuri, reducere de stoc \u00een depozitul din Rom\u00e2nia<\/em><\/a><\/p>\n<p><a href=\"https:\/\/rmvapebang.com\/ro\/product\/al-fakher-ice-adjust-15000-puffs-disposable-vape-2026-edition\/\"><em>Pix de vape Tornado 15000 pufuri, Al Fakher de unic\u0103 folosin\u021b\u0103, v\u00e2nzare de top \u00een Europa<\/em><\/a><\/p>\n<p><a href=\"https:\/\/rmvapebang.com\/ro\/product\/50000-puffs-dual-flavor-disposable-vape-with-smart-screen-type-c-charging\/\"><em>50.000 Pufuri, vaporizator de unic\u0103 folosin\u021b\u0103 cu dublu gust, v\u00e2nzare fierbinte \u00een Europa<\/em><\/a><\/p>","protected":false},"excerpt":{"rendered":"<p><span style=\"color: #ff0000\"><strong>NOT\u0102<\/strong>:\u00a0<em>Pre\u021buri<\/em>Pre\u021burile de pe site nu includ taxa de transport. V\u0103 rug\u0103m s\u0103 ne trimite\u021bi codul po\u0219tal \u0219i adresa pentru a verifica costurile de livrare.<\/span><\/p>\n<p data-start=\"126\" data-end=\"385\">HIFANCY Twin Max 60K Pufuri Dual Flavor Vape de unic\u0103 folosin\u021b\u0103 cu design dual, afi\u0219aj LED \u0219i baterie re\u00eenc\u0103rcabil\u0103 Type-C. Construit pentru utilizatori adul\u021bi care doresc performan\u021b\u0103 de durat\u0103, produc\u021bie de vapori neted\u0103 \u0219i schimbare convenabil\u0103 a aromelor \u00eentr-un dispozitiv compact.<\/p>\n<p><a href=\"https:\/\/wa.me\/8617840853976\"><strong><em>Whatsapp:+40 17840853976<\/em><\/strong><\/a><br \/>\nScana\u021bi pe WhatsApp pentru un cupon pentru clien\u021bi noi<\/p>\n<p><img loading=\"lazy\" decoding=\"async\" class=\"alignnone size-medium wp-image-1905\" src=\"http:\/\/rmvapebang.com\/wp-content\/uploads\/2024\/03\/whatsapp-vape-2-202x300.jpg\" alt=\"\" width=\"202\" height=\"300\" \/><\/p>","protected":false},"featured_media":5679,"comment_status":"open","ping_status":"closed","template":"","meta":{"_uag_custom_page_level_css":"","_lmt_disableupdate":"no","_lmt_disable":"","site-sidebar-layout":"no-sidebar","site-content-layout":"boxed-container","ast-site-content-layout":"normal-width-container","site-content-style":"boxed","site-sidebar-style":"boxed","ast-global-header-display":"","ast-banner-title-visibility":"","ast-main-header-display":"","ast-hfb-above-header-display":"","ast-hfb-below-header-display":"","ast-hfb-mobile-header-display":"","site-post-title":"","ast-breadcrumbs-content":"","ast-featured-img":"","footer-sml-layout":"","theme-transparent-header-meta":"default","adv-header-id-meta":"","stick-header-meta":"","header-above-stick-meta":"","header-main-stick-meta":"","header-below-stick-meta":"","astra-migrate-meta-layouts":"set","ast-page-background-enabled":"default","ast-page-background-meta":{"desktop":{"background-color":"","background-image":"","background-repeat":"repeat","background-position":"center center","background-size":"auto","background-attachment":"scroll","background-type":"","background-media":"","overlay-type":"","overlay-color":"","overlay-gradient":""},"tablet":{"background-color":"","background-image":"","background-repeat":"repeat","background-position":"center center","background-size":"auto","background-attachment":"scroll","background-type":"","background-media":"","overlay-type":"","overlay-color":"","overlay-gradient":""},"mobile":{"background-color":"","background-image":"","background-repeat":"repeat","background-position":"center center","background-size":"auto","background-attachment":"scroll","background-type":"","background-media":"","overlay-type":"","overlay-color":"","overlay-gradient":""}},"ast-content-background-meta":{"desktop":{"background-color":"var(--ast-global-color-5)","background-image":"","background-repeat":"repeat","background-position":"center center","background-size":"auto","background-attachment":"scroll","background-type":"","background-media":"","overlay-type":"","overlay-color":"","overlay-gradient":""},"tablet":{"background-color":"var(--ast-global-color-5)","background-image":"","background-repeat":"repeat","background-position":"center center","background-size":"auto","background-attachment":"scroll","background-type":"","background-media":"","overlay-type":"","overlay-color":"","overlay-gradient":""},"mobile":{"background-color":"var(--ast-global-color-5)","background-image":"","background-repeat":"repeat","background-position":"center center","background-size":"auto","background-attachment":"scroll","background-type":"","background-media":"","overlay-type":"","overlay-color":"","overlay-gradient":""}},"_joinchat":{"telephone":"+8617840853976"}},"product_brand":[],"product_cat":[15,130,39,293,41,128,42,40,179,43],"product_tag":[178,183,50,61,58,53,52],"class_list":{"0":"post-5714","1":"product","2":"type-product","3":"status-publish","4":"has-post-thumbnail","6":"product_cat-eu-warehouse","7":"product_cat-digital-vapes-in-discount-price","8":"product_cat-france-wholesale-vape","9":"product_cat-hifancy-vapes","10":"product_cat-netherlands-wholesale-vape","11":"product_cat-smart-display","12":"product_cat-spain-wholesale-vape","13":"product_cat-germany-wholesale-vape","14":"product_cat-vape-60000-puffs","15":"product_cat-vape-shop","16":"product_tag-60000-puffs","17":"product_tag-60k-puffs","18":"product_tag-bulk-price-vape-shop","19":"product_tag-good-sales-vape","20":"product_tag-moq-50pcs","21":"product_tag-rechargeable-vape","22":"product_tag-vape-wholesasle-price","23":"desktop-align-left","24":"tablet-align-left","25":"mobile-align-left","27":"first","28":"instock","29":"sale","30":"shipping-taxable","31":"purchasable","32":"product-type-simple"},"yoast_head":"<!-- This site is optimized with the Yoast SEO plugin v23.0 - https:\/\/yoast.com\/wordpress\/plugins\/seo\/ -->\n<title>HIFANCY Twin Max 60K Puffs Dual Flavor Rechargeable Disposable Vape - rmvapebang.com<\/title>\n<meta name=\"description\" content=\"HIFANCY Twin Max 60K dual flavor rechargeable disposable vape with 60000 puffs, LED display, dual tank system and premium high puff performance.\" \/>\n<meta name=\"robots\" content=\"index, follow, max-snippet:-1, max-image-preview:large, max-video-preview:-1\" \/>\n<link rel=\"canonical\" href=\"https:\/\/rmvapebang.com\/ro\/product\/hifancy-twin-max-60k-puffs-dual-flavor-rechargeable-disposable-vape\/\" \/>\n<meta property=\"og:locale\" content=\"ro_RO\" \/>\n<meta property=\"og:type\" content=\"article\" \/>\n<meta property=\"og:title\" content=\"HIFANCY Twin Max 60K Puffs Dual Flavor Rechargeable Disposable Vape - rmvapebang.com\" \/>\n<meta property=\"og:description\" content=\"HIFANCY Twin Max 60K dual flavor rechargeable disposable vape with 60000 puffs, LED display, dual tank system and premium high puff performance.\" \/>\n<meta property=\"og:url\" content=\"https:\/\/rmvapebang.com\/ro\/product\/hifancy-twin-max-60k-puffs-dual-flavor-rechargeable-disposable-vape\/\" \/>\n<meta property=\"og:site_name\" content=\"rmvapebang.com\" \/>\n<meta property=\"article:modified_time\" content=\"2026-04-06T11:39:04+00:00\" \/>\n<meta property=\"og:image\" content=\"http:\/\/rmvapebang.com\/wp-content\/uploads\/2026\/02\/Rotate-Flavor-Dual-Tank-Vape-60K.webp\" \/>\n\t<meta property=\"og:image:width\" content=\"800\" \/>\n\t<meta property=\"og:image:height\" content=\"800\" \/>\n\t<meta property=\"og:image:type\" content=\"image\/webp\" \/>\n<meta name=\"twitter:card\" content=\"summary_large_image\" \/>\n<meta name=\"twitter:label1\" content=\"Timp estimat pentru citire\" \/>\n\t<meta name=\"twitter:data1\" content=\"3 minute\" \/>\n<script type=\"application\/ld+json\" class=\"yoast-schema-graph\">{\"@context\":\"https:\/\/schema.org\",\"@graph\":[{\"@type\":\"WebPage\",\"@id\":\"https:\/\/rmvapebang.com\/product\/hifancy-twin-max-60k-puffs-dual-flavor-rechargeable-disposable-vape\/\",\"url\":\"https:\/\/rmvapebang.com\/product\/hifancy-twin-max-60k-puffs-dual-flavor-rechargeable-disposable-vape\/\",\"name\":\"HIFANCY Twin Max 60K Puffs Dual Flavor Rechargeable Disposable Vape - rmvapebang.com\",\"isPartOf\":{\"@id\":\"https:\/\/rmvapebang.com\/#website\"},\"primaryImageOfPage\":{\"@id\":\"https:\/\/rmvapebang.com\/product\/hifancy-twin-max-60k-puffs-dual-flavor-rechargeable-disposable-vape\/#primaryimage\"},\"image\":{\"@id\":\"https:\/\/rmvapebang.com\/product\/hifancy-twin-max-60k-puffs-dual-flavor-rechargeable-disposable-vape\/#primaryimage\"},\"thumbnailUrl\":\"https:\/\/rmvapebang.com\/wp-content\/uploads\/2026\/02\/Rotate-Flavor-Dual-Tank-Vape-60K.webp\",\"datePublished\":\"2026-02-25T16:33:39+00:00\",\"dateModified\":\"2026-04-06T11:39:04+00:00\",\"description\":\"HIFANCY Twin Max 60K dual flavor rechargeable disposable vape with 60000 puffs, LED display, dual tank system and premium high puff performance.\",\"breadcrumb\":{\"@id\":\"https:\/\/rmvapebang.com\/product\/hifancy-twin-max-60k-puffs-dual-flavor-rechargeable-disposable-vape\/#breadcrumb\"},\"inLanguage\":\"ro-RO\",\"potentialAction\":[{\"@type\":\"ReadAction\",\"target\":[\"https:\/\/rmvapebang.com\/product\/hifancy-twin-max-60k-puffs-dual-flavor-rechargeable-disposable-vape\/\"]}]},{\"@type\":\"ImageObject\",\"inLanguage\":\"ro-RO\",\"@id\":\"https:\/\/rmvapebang.com\/product\/hifancy-twin-max-60k-puffs-dual-flavor-rechargeable-disposable-vape\/#primaryimage\",\"url\":\"https:\/\/rmvapebang.com\/wp-content\/uploads\/2026\/02\/Rotate-Flavor-Dual-Tank-Vape-60K.webp\",\"contentUrl\":\"https:\/\/rmvapebang.com\/wp-content\/uploads\/2026\/02\/Rotate-Flavor-Dual-Tank-Vape-60K.webp\",\"width\":800,\"height\":800,\"caption\":\"Two flavors in one device with easy rotation switching.\"},{\"@type\":\"BreadcrumbList\",\"@id\":\"https:\/\/rmvapebang.com\/product\/hifancy-twin-max-60k-puffs-dual-flavor-rechargeable-disposable-vape\/#breadcrumb\",\"itemListElement\":[{\"@type\":\"ListItem\",\"position\":1,\"name\":\"Home\",\"item\":\"https:\/\/rmvapebang.com\/\"},{\"@type\":\"ListItem\",\"position\":2,\"name\":\"Hot Vape Shop\",\"item\":\"https:\/\/rmvapebang.com\/shop-page\/\"},{\"@type\":\"ListItem\",\"position\":3,\"name\":\"HIFANCY Twin Max 60K Puffs Dual Flavor Rechargeable Disposable Vape\"}]},{\"@type\":\"WebSite\",\"@id\":\"https:\/\/rmvapebang.com\/#website\",\"url\":\"https:\/\/rmvapebang.com\/\",\"name\":\"rmvapebang.com\",\"description\":\"buy vape cheap\",\"publisher\":{\"@id\":\"https:\/\/rmvapebang.com\/#organization\"},\"potentialAction\":[{\"@type\":\"SearchAction\",\"target\":{\"@type\":\"EntryPoint\",\"urlTemplate\":\"https:\/\/rmvapebang.com\/?s={search_term_string}\"},\"query-input\":\"required name=search_term_string\"}],\"inLanguage\":\"ro-RO\"},{\"@type\":\"Organization\",\"@id\":\"https:\/\/rmvapebang.com\/#organization\",\"name\":\"rmvapebang.com\",\"url\":\"https:\/\/rmvapebang.com\/\",\"logo\":{\"@type\":\"ImageObject\",\"inLanguage\":\"ro-RO\",\"@id\":\"https:\/\/rmvapebang.com\/#\/schema\/logo\/image\/\",\"url\":\"https:\/\/rmvapebang.com\/wp-content\/uploads\/2024\/03\/cropped-RVBlogo.png\",\"contentUrl\":\"https:\/\/rmvapebang.com\/wp-content\/uploads\/2024\/03\/cropped-RVBlogo.png\",\"width\":507,\"height\":169,\"caption\":\"rmvapebang.com\"},\"image\":{\"@id\":\"https:\/\/rmvapebang.com\/#\/schema\/logo\/image\/\"}}]}<\/script>\n<!-- \/ Yoast SEO plugin. -->","yoast_head_json":{"title":"HIFANCY Twin Max 60K Puffs Dual Flavor Rechargeable Disposable Vape - rmvapebang.com","description":"HIFANCY Twin Max 60K dual flavor rechargeable disposable vape with 60000 puffs, LED display, dual tank system and premium high puff performance.","robots":{"index":"index","follow":"follow","max-snippet":"max-snippet:-1","max-image-preview":"max-image-preview:large","max-video-preview":"max-video-preview:-1"},"canonical":"https:\/\/rmvapebang.com\/ro\/product\/hifancy-twin-max-60k-puffs-dual-flavor-rechargeable-disposable-vape\/","og_locale":"ro_RO","og_type":"article","og_title":"HIFANCY Twin Max 60K Puffs Dual Flavor Rechargeable Disposable Vape - rmvapebang.com","og_description":"HIFANCY Twin Max 60K dual flavor rechargeable disposable vape with 60000 puffs, LED display, dual tank system and premium high puff performance.","og_url":"https:\/\/rmvapebang.com\/ro\/product\/hifancy-twin-max-60k-puffs-dual-flavor-rechargeable-disposable-vape\/","og_site_name":"rmvapebang.com","article_modified_time":"2026-04-06T11:39:04+00:00","og_image":[{"width":800,"height":800,"url":"http:\/\/rmvapebang.com\/wp-content\/uploads\/2026\/02\/Rotate-Flavor-Dual-Tank-Vape-60K.webp","type":"image\/webp"}],"twitter_card":"summary_large_image","twitter_misc":{"Timp estimat pentru citire":"3 minute"},"schema":{"@context":"https:\/\/schema.org","@graph":[{"@type":"WebPage","@id":"https:\/\/rmvapebang.com\/product\/hifancy-twin-max-60k-puffs-dual-flavor-rechargeable-disposable-vape\/","url":"https:\/\/rmvapebang.com\/product\/hifancy-twin-max-60k-puffs-dual-flavor-rechargeable-disposable-vape\/","name":"HIFANCY Twin Max 60K Puffs Dual Flavor Rechargeable Disposable Vape - rmvapebang.com","isPartOf":{"@id":"https:\/\/rmvapebang.com\/#website"},"primaryImageOfPage":{"@id":"https:\/\/rmvapebang.com\/product\/hifancy-twin-max-60k-puffs-dual-flavor-rechargeable-disposable-vape\/#primaryimage"},"image":{"@id":"https:\/\/rmvapebang.com\/product\/hifancy-twin-max-60k-puffs-dual-flavor-rechargeable-disposable-vape\/#primaryimage"},"thumbnailUrl":"https:\/\/rmvapebang.com\/wp-content\/uploads\/2026\/02\/Rotate-Flavor-Dual-Tank-Vape-60K.webp","datePublished":"2026-02-25T16:33:39+00:00","dateModified":"2026-04-06T11:39:04+00:00","description":"HIFANCY Twin Max 60K dual flavor rechargeable disposable vape with 60000 puffs, LED display, dual tank system and premium high puff performance.","breadcrumb":{"@id":"https:\/\/rmvapebang.com\/product\/hifancy-twin-max-60k-puffs-dual-flavor-rechargeable-disposable-vape\/#breadcrumb"},"inLanguage":"ro-RO","potentialAction":[{"@type":"ReadAction","target":["https:\/\/rmvapebang.com\/product\/hifancy-twin-max-60k-puffs-dual-flavor-rechargeable-disposable-vape\/"]}]},{"@type":"ImageObject","inLanguage":"ro-RO","@id":"https:\/\/rmvapebang.com\/product\/hifancy-twin-max-60k-puffs-dual-flavor-rechargeable-disposable-vape\/#primaryimage","url":"https:\/\/rmvapebang.com\/wp-content\/uploads\/2026\/02\/Rotate-Flavor-Dual-Tank-Vape-60K.webp","contentUrl":"https:\/\/rmvapebang.com\/wp-content\/uploads\/2026\/02\/Rotate-Flavor-Dual-Tank-Vape-60K.webp","width":800,"height":800,"caption":"Two flavors in one device with easy rotation switching."},{"@type":"BreadcrumbList","@id":"https:\/\/rmvapebang.com\/product\/hifancy-twin-max-60k-puffs-dual-flavor-rechargeable-disposable-vape\/#breadcrumb","itemListElement":[{"@type":"ListItem","position":1,"name":"Home","item":"https:\/\/rmvapebang.com\/"},{"@type":"ListItem","position":2,"name":"Hot Vape Shop","item":"https:\/\/rmvapebang.com\/shop-page\/"},{"@type":"ListItem","position":3,"name":"HIFANCY Twin Max 60K Puffs Dual Flavor Rechargeable Disposable Vape"}]},{"@type":"WebSite","@id":"https:\/\/rmvapebang.com\/#website","url":"https:\/\/rmvapebang.com\/","name":"rmvapebang.com","description":"buy vape cheap","publisher":{"@id":"https:\/\/rmvapebang.com\/#organization"},"potentialAction":[{"@type":"SearchAction","target":{"@type":"EntryPoint","urlTemplate":"https:\/\/rmvapebang.com\/?s={search_term_string}"},"query-input":"required name=search_term_string"}],"inLanguage":"ro-RO"},{"@type":"Organization","@id":"https:\/\/rmvapebang.com\/#organization","name":"rmvapebang.com","url":"https:\/\/rmvapebang.com\/","logo":{"@type":"ImageObject","inLanguage":"ro-RO","@id":"https:\/\/rmvapebang.com\/#\/schema\/logo\/image\/","url":"https:\/\/rmvapebang.com\/wp-content\/uploads\/2024\/03\/cropped-RVBlogo.png","contentUrl":"https:\/\/rmvapebang.com\/wp-content\/uploads\/2024\/03\/cropped-RVBlogo.png","width":507,"height":169,"caption":"rmvapebang.com"},"image":{"@id":"https:\/\/rmvapebang.com\/#\/schema\/logo\/image\/"}}]}},"uagb_featured_image_src":{"full":["https:\/\/rmvapebang.com\/wp-content\/uploads\/2026\/02\/Rotate-Flavor-Dual-Tank-Vape-60K.webp",800,800,false],"thumbnail":["https:\/\/rmvapebang.com\/wp-content\/uploads\/2026\/02\/Rotate-Flavor-Dual-Tank-Vape-60K-150x150.webp",150,150,true],"medium":["https:\/\/rmvapebang.com\/wp-content\/uploads\/2026\/02\/Rotate-Flavor-Dual-Tank-Vape-60K-300x300.webp",300,300,true],"medium_large":["https:\/\/rmvapebang.com\/wp-content\/uploads\/2026\/02\/Rotate-Flavor-Dual-Tank-Vape-60K-768x768.webp",768,768,true],"large":["https:\/\/rmvapebang.com\/wp-content\/uploads\/2026\/02\/Rotate-Flavor-Dual-Tank-Vape-60K.webp",800,800,false],"1536x1536":["https:\/\/rmvapebang.com\/wp-content\/uploads\/2026\/02\/Rotate-Flavor-Dual-Tank-Vape-60K.webp",800,800,false],"2048x2048":["https:\/\/rmvapebang.com\/wp-content\/uploads\/2026\/02\/Rotate-Flavor-Dual-Tank-Vape-60K.webp",800,800,false],"trp-custom-language-flag":["https:\/\/rmvapebang.com\/wp-content\/uploads\/2026\/02\/Rotate-Flavor-Dual-Tank-Vape-60K-12x12.webp",12,12,true],"woocommerce_thumbnail":["https:\/\/rmvapebang.com\/wp-content\/uploads\/2026\/02\/Rotate-Flavor-Dual-Tank-Vape-60K-300x300.webp",300,300,true],"woocommerce_single":["https:\/\/rmvapebang.com\/wp-content\/uploads\/2026\/02\/Rotate-Flavor-Dual-Tank-Vape-60K-600x600.webp",600,600,true],"woocommerce_gallery_thumbnail":["https:\/\/rmvapebang.com\/wp-content\/uploads\/2026\/02\/Rotate-Flavor-Dual-Tank-Vape-60K-100x100.webp",100,100,true],"wcpr-photo-reviews":["https:\/\/rmvapebang.com\/wp-content\/uploads\/2026\/02\/Rotate-Flavor-Dual-Tank-Vape-60K.webp",500,500,false]},"uagb_author_info":{"display_name":"Lyn","author_link":"https:\/\/rmvapebang.com\/ro\/author\/"},"uagb_comment_info":0,"uagb_excerpt":"NOTE:\u00a0Prices on the website don\u2019t include shipping fee. Please send your zip code and address that we can check shipping costs for you. HIFANCY Twin Max 60K Puffs Dual Flavor Disposable Vape features a dual tank design, LED display and Type-C rechargeable battery. Built for adult users who want long lasting performance, smooth vapor production&hellip;","_links":{"self":[{"href":"https:\/\/rmvapebang.com\/ro\/wp-json\/wp\/v2\/product\/5714","targetHints":{"allow":["GET"]}}],"collection":[{"href":"https:\/\/rmvapebang.com\/ro\/wp-json\/wp\/v2\/product"}],"about":[{"href":"https:\/\/rmvapebang.com\/ro\/wp-json\/wp\/v2\/types\/product"}],"replies":[{"embeddable":true,"href":"https:\/\/rmvapebang.com\/ro\/wp-json\/wp\/v2\/comments?post=5714"}],"wp:featuredmedia":[{"embeddable":true,"href":"https:\/\/rmvapebang.com\/ro\/wp-json\/wp\/v2\/media\/5679"}],"wp:attachment":[{"href":"https:\/\/rmvapebang.com\/ro\/wp-json\/wp\/v2\/media?parent=5714"}],"wp:term":[{"taxonomy":"product_brand","embeddable":true,"href":"https:\/\/rmvapebang.com\/ro\/wp-json\/wp\/v2\/product_brand?post=5714"},{"taxonomy":"product_cat","embeddable":true,"href":"https:\/\/rmvapebang.com\/ro\/wp-json\/wp\/v2\/product_cat?post=5714"},{"taxonomy":"product_tag","embeddable":true,"href":"https:\/\/rmvapebang.com\/ro\/wp-json\/wp\/v2\/product_tag?post=5714"}],"curies":[{"name":"wp","href":"https:\/\/api.w.org\/{rel}","templated":true}]}}