{"id":5710,"date":"2026-02-20T20:54:55","date_gmt":"2026-02-20T12:54:55","guid":{"rendered":"https:\/\/rmvapebang.com\/?post_type=product&#038;p=5710"},"modified":"2026-02-27T15:05:12","modified_gmt":"2026-02-27T07:05:12","slug":"hifancy-storm-40k-rechargeable-disposable-vape","status":"publish","type":"product","link":"https:\/\/rmvapebang.com\/ro\/product\/hifancy-storm-40k-rechargeable-disposable-vape\/","title":{"rendered":"HIFANCY Storm 40K Vape de unic\u0103 folosin\u021b\u0103 re\u00eenc\u0103rcabil\u0103"},"content":{"rendered":"<h2 data-pm-slice=\"1 1 []\">HIFANCY Storm 40K Vape de unic\u0103 folosin\u021b\u0103 re\u00eenc\u0103rcabil\u0103<\/h2>\n<p>HIFANCY Storm 40K Vape de unic\u0103 folosin\u021b\u0103 re\u00eenc\u0103rcabil\u0103 este un dispozitiv de vaping cu pufuri mari, construit pentru performan\u021b\u0103 de durat\u0103 \u0219i ie\u0219ire lin\u0103 a dualului de arome. Conceput cu<strong><em><a href=\"https:\/\/rmvapebang.com\/ro\/product-category\/smart-display\/\"> ecran complet de afi\u0219are<\/a><\/em><\/strong> comutator tactil, nivel de ghea\u021b\u0103 ajustabil \u0219i dou\u0103 silozuri de ulei. <a href=\"https:\/\/rmvapebang.com\/ro\/product-category\/hifancy-vapes\/\"><em><strong>Vape-ul HIFANCY Storm<\/strong> <\/em><\/a>40.000 Pufuri ofer\u0103 o experien\u021b\u0103 modern\u0103<a href=\"https:\/\/rmvapebang.com\/ro\/product-category\/smart-display\/\"><em><strong> afisaj inteligent<\/strong> <\/em><\/a>a dispozitivului de vaping.<\/p>\n<p>Bateria de 800mAh Type-C <strong><a href=\"https:\/\/rmvapebang.com\/ro\/product-category\/vape-40000-puffs\/\"><em>Vape de unic\u0103 folosin\u021b\u0103 re\u00eenc\u0103rcabil\u0103 cu 40.000 Pufuri<\/em> <\/a><\/strong>sus\u021bine utilizarea extins\u0103, \u00een timp ce tehnologia avansat\u0103 a bobinei din plas\u0103 asigur\u0103 vapori stabili \u0219i gust consistent. <a href=\"https:\/\/rmvapebang.com\/ro\/product-category\/vape-40000-puffs\/\"><em><strong>Vape de unic\u0103 folosin\u021b\u0103 cu 40K Pufuri<\/strong> <\/em><\/a>cu o capacitate mare de 37ml \u0219i design ergonomic, acest vape premium de unic\u0103 folosin\u021b\u0103 satisface cererea european\u0103 pentru dispozitive fiabile, cu capacitate mare, potrivite pentru aprovizionare at\u00e2t cu am\u0103nuntul, c\u00e2t \u0219i en gros.<\/p>\n<p><img loading=\"lazy\" decoding=\"async\" class=\"alignnone wp-image-5660 size-full\" src=\"http:\/\/rmvapebang.com\/wp-content\/uploads\/2026\/02\/HIFANCY-Storm-LED-Display-Vape.webp\" alt=\"\" width=\"800\" height=\"800\" srcset=\"https:\/\/rmvapebang.com\/wp-content\/uploads\/2026\/02\/HIFANCY-Storm-LED-Display-Vape.webp 800w, https:\/\/rmvapebang.com\/wp-content\/uploads\/2026\/02\/HIFANCY-Storm-LED-Display-Vape-300x300.webp 300w, https:\/\/rmvapebang.com\/wp-content\/uploads\/2026\/02\/HIFANCY-Storm-LED-Display-Vape-150x150.webp 150w, https:\/\/rmvapebang.com\/wp-content\/uploads\/2026\/02\/HIFANCY-Storm-LED-Display-Vape-768x768.webp 768w, https:\/\/rmvapebang.com\/wp-content\/uploads\/2026\/02\/HIFANCY-Storm-LED-Display-Vape-12x12.webp 12w, https:\/\/rmvapebang.com\/wp-content\/uploads\/2026\/02\/HIFANCY-Storm-LED-Display-Vape-600x600.webp 600w, https:\/\/rmvapebang.com\/wp-content\/uploads\/2026\/02\/HIFANCY-Storm-LED-Display-Vape-100x100.webp 100w\" sizes=\"auto, (max-width: 800px) 100vw, 800px\" \/><\/p>\n<h2 data-start=\"815\" data-end=\"866\"><strong data-start=\"818\" data-end=\"866\">List\u0103 de arome pentru vape cu rezervor dublu de unic\u0103 folosin\u021b\u0103<\/strong><\/h2>\n<p>1. C\u0103p\u0219un\u0103 Cherry Bubblegum<br \/>\n2. Piure de piersici Mango Pepene<br \/>\n3. Fruct de pasiune Portocal\u0103<br \/>\n4. L\u0103m\u00e2ie Blue Razz<br \/>\n5. Afine Raspberi Ghea\u021b\u0103<br \/>\n6. Suc de m\u0103r piersic\u0103<br \/>\n7. \u00cenghe\u021bat\u0103 de banane<br \/>\n8. Ment\u0103 Coac\u0103ze Negre<br \/>\n9. Cola Spumant\u0103 Ghea\u021b\u0103<br \/>\n10. C\u0103p\u0219uni struguri<\/p>\n<h2 data-start=\"1030\" data-end=\"1085\"><strong data-start=\"1033\" data-end=\"1085\">Cheie pentru Big E-liquid Disposable 40000 Pufuri Vape<\/strong><\/h2>\n<ul>\n<li>\ud83d\udca8 Pufuri: 40000 pufuri \u2013 Performan\u021b\u0103 de lung\u0103 durat\u0103 cu capacitate mare<\/li>\n<li>\ud83e\uddc3 E-liquid: 37ml \u2013 Design pentru vape disposable cu e-liquid mare<\/li>\n<li>\ud83d\udd0b Baterie: 800mAh \u2013 Putere stabil\u0103 de ie\u0219ire re\u00eenc\u0103rcabil\u0103<\/li>\n<li>\ud83d\udd0c \u00cenc\u0103rcare: Port Type-C \u2013 \u00cenc\u0103rcare rapid\u0103 \u0219i convenabil\u0103<\/li>\n<li>\ud83d\udda5\ufe0f Ecran: Comutator tactil pe ecran complet, control inteligent<\/li>\n<li>\u2744\ufe0f Nivel Ghea\u021b\u0103: Grad de ghea\u021b\u0103 ajustabil pentru r\u0103cire personalizat\u0103<\/li>\n<li>\ud83d\udd04 Sistem de ulei: Dou\u0103 silozuri de ulei cu structur\u0103 dual\u0103 de arome<\/li>\n<li>\u2699\ufe0f Bobin\u0103: Bobin\u0103 din plas\u0103 pentru echilibru lin al fluxului de aer<\/li>\n<li>\u270b Design: Dispozitiv compact ergonomic cu puf ridicat<\/li>\n<\/ul>\n<h2 data-start=\"1650\" data-end=\"1703\"><strong data-start=\"1653\" data-end=\"1703\">De ce s\u0103 alegi Vape-ul cu afi\u0219aj inteligent EU Warehouse 40K<\/strong><\/h2>\n<ul>\n<li>Stocul din depozitul UE suport\u0103 livrare mai rapid\u0103 \u00een toat\u0103 Europa<\/li>\n<li>Designul cu afi\u0219aj inteligent \u00eembun\u0103t\u0103\u021be\u0219te interac\u021biunea utilizatorului \u0219i controlul dispozitivului<\/li>\n<li>Structura cu capacitate mare se potrive\u0219te cerin\u021belor en gros \u0219i en detail<\/li>\n<li>Dispozitiv re\u00eenc\u0103rcabil pentru utilizare \u00eendelungat\u0103, reduce \u00eenlocuirile frecvente<\/li>\n<\/ul>\n<h2 data-start=\"1978\" data-end=\"2027\"><strong data-start=\"1981\" data-end=\"2027\">\u00centreb\u0103ri frecvente pentru vape disposable cu flux de aer ajustabil<\/strong><\/h2>\n<p><strong>Q1: C\u00e2te pufuri ofer\u0103 Storm 40K?<\/strong><br \/>\nA1: P\u00e2n\u0103 la 40000 pufuri, \u00een func\u021bie de obiceiurile individuale de utilizare.<\/p>\n<p><strong>\u00centrebare 2: Este dispozitivul cu ecran inteligent re\u00eenc\u0103rcabil?<\/strong><br \/>\nR\u0103spuns 2: Da, bateria re\u00eenc\u0103rcabil\u0103 Type-C permite utilizare extins\u0103.<\/p>\n<p><strong>\u00centrebare 3: Designul cu dou\u0103 silozuri de ulei afecteaz\u0103 aroma?<\/strong><br \/>\nR\u0103spuns 3: Da, dou\u0103 rezervoare de ulei pentru p\u0103strarea separat\u0103 a aromelor<\/p>\n<p><strong>\u00centrebare 4: Ce face comutatorul tactil cu ecran complet util?<\/strong><br \/>\nR\u0103spuns 4: Permite control rapid al nivelului de ghea\u021b\u0103 \u0219i set\u0103rilor dispozitivului.<\/p>\n<p><strong>Contacta\u021bi-l pe Lyn pentru mai multe videoclipuri cu produse!<\/strong><\/p>\n<p><a href=\"https:\/\/wa.me\/8617840853976\"><span style=\"color: #ff6600\"><strong><em>Whatsapp:+40 17840853976<\/em><\/strong><\/span><\/a><\/p>\n<p><img loading=\"lazy\" decoding=\"async\" class=\"alignnone size-medium wp-image-1905\" src=\"http:\/\/rmvapebang.com\/wp-content\/uploads\/2024\/03\/whatsapp-vape-2-202x300.jpg\" alt=\"\" width=\"202\" height=\"300\" \/><\/p>\n<p>G\u0103si\u021bi mai multe produse care v-ar putea pl\u0103cea:<a href=\"https:\/\/rmvapebang.com\/ro\/shop-page\/\"><strong><em>Cump\u0103r\u0103 acum<\/em><\/strong><\/a><\/p>\n<p>alte pufuri care v-ar putea pl\u0103cea:<\/p>\n<p><em><a href=\"https:\/\/rmvapebang.com\/ro\/product\/fizzy-smart-150k-puffs-15-in-1-disposable-vape\/\">FIZZY Smart 150K vape de unic\u0103 folosin\u021b\u0103 15 arome populare Pre\u021b de v\u00e2nzare<\/a><\/em><\/p>\n<p><em><a href=\"https:\/\/rmvapebang.com\/ro\/product\/bulk-order-stag-bar-pro-40000-puffs-vape-with-led-display\/\">Stag Bar Jagger Pro 40K vape de unic\u0103 folosin\u021b\u0103 Pre\u021b popular V\u00e2nzare<\/a><\/em><\/p>\n<p><em><a href=\"https:\/\/rmvapebang.com\/ro\/product\/uzy-150000-puffs-disposable-vape-six-flavors-wholesale-price\/\">150K UZY cu arome 6-in-1 v\u00e2nzare fierbinte \u00een depozitul din Europa<\/a><\/em><\/p>","protected":false},"excerpt":{"rendered":"<p><span style=\"color: #ff0000\"><strong>NOT\u0102<\/strong>:\u00a0<em>Pre\u021buri<\/em>Pre\u021burile de pe site nu includ taxa de transport. V\u0103 rug\u0103m s\u0103 ne trimite\u021bi codul po\u0219tal \u0219i adresa pentru a verifica costurile de livrare.<\/span><\/p>\n<p data-start=\"126\" data-end=\"385\">HIFANCY Storm 40K este un dispozitiv de vaping de unic\u0103 folosin\u021b\u0103 cu depozitare \u00een UE, construit pentru cererea mare de pufuri, av\u00e2nd control inteligent al afi\u0219ajului, sistem dual de arome, disponibilitate pentru livrare rapid\u0103 \u0219i performan\u021b\u0103 de \u00eenc\u0103rcare lung\u0103 pentru utilizatorii adul\u021bi din Europa.<\/p>\n<p><a href=\"https:\/\/wa.me\/8617840853976\"><strong><em>Whatsapp:+40 17840853976<\/em><\/strong><\/a><br \/>\nScana\u021bi pe WhatsApp pentru un cupon pentru clien\u021bi noi<\/p>\n<p><img loading=\"lazy\" decoding=\"async\" class=\"alignnone size-medium wp-image-1905\" src=\"http:\/\/rmvapebang.com\/wp-content\/uploads\/2024\/03\/whatsapp-vape-2-202x300.jpg\" alt=\"\" width=\"202\" height=\"300\" \/><\/p>","protected":false},"featured_media":5656,"comment_status":"open","ping_status":"closed","template":"","meta":{"_uag_custom_page_level_css":"","_lmt_disableupdate":"no","_lmt_disable":"","site-sidebar-layout":"no-sidebar","site-content-layout":"boxed-container","ast-site-content-layout":"normal-width-container","site-content-style":"boxed","site-sidebar-style":"boxed","ast-global-header-display":"","ast-banner-title-visibility":"","ast-main-header-display":"","ast-hfb-above-header-display":"","ast-hfb-below-header-display":"","ast-hfb-mobile-header-display":"","site-post-title":"","ast-breadcrumbs-content":"","ast-featured-img":"","footer-sml-layout":"","theme-transparent-header-meta":"default","adv-header-id-meta":"","stick-header-meta":"","header-above-stick-meta":"","header-main-stick-meta":"","header-below-stick-meta":"","astra-migrate-meta-layouts":"set","ast-page-background-enabled":"default","ast-page-background-meta":{"desktop":{"background-color":"","background-image":"","background-repeat":"repeat","background-position":"center center","background-size":"auto","background-attachment":"scroll","background-type":"","background-media":"","overlay-type":"","overlay-color":"","overlay-gradient":""},"tablet":{"background-color":"","background-image":"","background-repeat":"repeat","background-position":"center center","background-size":"auto","background-attachment":"scroll","background-type":"","background-media":"","overlay-type":"","overlay-color":"","overlay-gradient":""},"mobile":{"background-color":"","background-image":"","background-repeat":"repeat","background-position":"center center","background-size":"auto","background-attachment":"scroll","background-type":"","background-media":"","overlay-type":"","overlay-color":"","overlay-gradient":""}},"ast-content-background-meta":{"desktop":{"background-color":"var(--ast-global-color-5)","background-image":"","background-repeat":"repeat","background-position":"center center","background-size":"auto","background-attachment":"scroll","background-type":"","background-media":"","overlay-type":"","overlay-color":"","overlay-gradient":""},"tablet":{"background-color":"var(--ast-global-color-5)","background-image":"","background-repeat":"repeat","background-position":"center center","background-size":"auto","background-attachment":"scroll","background-type":"","background-media":"","overlay-type":"","overlay-color":"","overlay-gradient":""},"mobile":{"background-color":"var(--ast-global-color-5)","background-image":"","background-repeat":"repeat","background-position":"center center","background-size":"auto","background-attachment":"scroll","background-type":"","background-media":"","overlay-type":"","overlay-color":"","overlay-gradient":""}},"_joinchat":{"telephone":"+8617840853976"}},"product_brand":[],"product_cat":[130,39,293,41,128,42,40,136,43],"product_tag":[137,138,50,61,58,53,52],"class_list":{"0":"post-5710","1":"product","2":"type-product","3":"status-publish","4":"has-post-thumbnail","6":"product_cat-digital-vapes-in-discount-price","7":"product_cat-france-wholesale-vape","8":"product_cat-hifancy-vapes","9":"product_cat-netherlands-wholesale-vape","10":"product_cat-smart-display","11":"product_cat-spain-wholesale-vape","12":"product_cat-germany-wholesale-vape","13":"product_cat-vape-40000-puffs","14":"product_cat-vape-shop","15":"product_tag-40000-puffs","16":"product_tag-40k-puffs","17":"product_tag-bulk-price-vape-shop","18":"product_tag-good-sales-vape","19":"product_tag-moq-50pcs","20":"product_tag-rechargeable-vape","21":"product_tag-vape-wholesasle-price","22":"desktop-align-left","23":"tablet-align-left","24":"mobile-align-left","26":"first","27":"instock","28":"sale","29":"shipping-taxable","30":"purchasable","31":"product-type-simple"},"yoast_head":"<!-- This site is optimized with the Yoast SEO plugin v23.0 - https:\/\/yoast.com\/wordpress\/plugins\/seo\/ -->\n<title>HIFANCY Storm 40K Rechargeable Disposable Vape - rmvapebang.com<\/title>\n<meta name=\"description\" content=\"HIFANCY Storm 40K disposable vape with smart display, Type-C recharge, dual flavor design, EU warehouse supply and high capacity performance.\" \/>\n<meta name=\"robots\" content=\"index, follow, max-snippet:-1, max-image-preview:large, max-video-preview:-1\" \/>\n<link rel=\"canonical\" href=\"https:\/\/rmvapebang.com\/ro\/product\/hifancy-storm-40k-rechargeable-disposable-vape\/\" \/>\n<meta property=\"og:locale\" content=\"ro_RO\" \/>\n<meta property=\"og:type\" content=\"article\" \/>\n<meta property=\"og:title\" content=\"HIFANCY Storm 40K Rechargeable Disposable Vape - rmvapebang.com\" \/>\n<meta property=\"og:description\" content=\"HIFANCY Storm 40K disposable vape with smart display, Type-C recharge, dual flavor design, EU warehouse supply and high capacity performance.\" \/>\n<meta property=\"og:url\" content=\"https:\/\/rmvapebang.com\/ro\/product\/hifancy-storm-40k-rechargeable-disposable-vape\/\" \/>\n<meta property=\"og:site_name\" content=\"rmvapebang.com\" \/>\n<meta property=\"article:modified_time\" content=\"2026-02-27T07:05:12+00:00\" \/>\n<meta property=\"og:image\" content=\"http:\/\/rmvapebang.com\/wp-content\/uploads\/2026\/02\/HIFANCY-Storm-40K-Puff-Disposable-Vape.webp\" \/>\n\t<meta property=\"og:image:width\" content=\"800\" \/>\n\t<meta property=\"og:image:height\" content=\"800\" \/>\n\t<meta property=\"og:image:type\" content=\"image\/webp\" \/>\n<meta name=\"twitter:card\" content=\"summary_large_image\" \/>\n<meta name=\"twitter:label1\" content=\"Timp estimat pentru citire\" \/>\n\t<meta name=\"twitter:data1\" content=\"3 minute\" \/>\n<script type=\"application\/ld+json\" class=\"yoast-schema-graph\">{\"@context\":\"https:\/\/schema.org\",\"@graph\":[{\"@type\":\"WebPage\",\"@id\":\"https:\/\/rmvapebang.com\/product\/hifancy-storm-40k-rechargeable-disposable-vape\/\",\"url\":\"https:\/\/rmvapebang.com\/product\/hifancy-storm-40k-rechargeable-disposable-vape\/\",\"name\":\"HIFANCY Storm 40K Rechargeable Disposable Vape - rmvapebang.com\",\"isPartOf\":{\"@id\":\"https:\/\/rmvapebang.com\/#website\"},\"primaryImageOfPage\":{\"@id\":\"https:\/\/rmvapebang.com\/product\/hifancy-storm-40k-rechargeable-disposable-vape\/#primaryimage\"},\"image\":{\"@id\":\"https:\/\/rmvapebang.com\/product\/hifancy-storm-40k-rechargeable-disposable-vape\/#primaryimage\"},\"thumbnailUrl\":\"https:\/\/rmvapebang.com\/wp-content\/uploads\/2026\/02\/HIFANCY-Storm-40K-Puff-Disposable-Vape.webp\",\"datePublished\":\"2026-02-20T12:54:55+00:00\",\"dateModified\":\"2026-02-27T07:05:12+00:00\",\"description\":\"HIFANCY Storm 40K disposable vape with smart display, Type-C recharge, dual flavor design, EU warehouse supply and high capacity performance.\",\"breadcrumb\":{\"@id\":\"https:\/\/rmvapebang.com\/product\/hifancy-storm-40k-rechargeable-disposable-vape\/#breadcrumb\"},\"inLanguage\":\"ro-RO\",\"potentialAction\":[{\"@type\":\"ReadAction\",\"target\":[\"https:\/\/rmvapebang.com\/product\/hifancy-storm-40k-rechargeable-disposable-vape\/\"]}]},{\"@type\":\"ImageObject\",\"inLanguage\":\"ro-RO\",\"@id\":\"https:\/\/rmvapebang.com\/product\/hifancy-storm-40k-rechargeable-disposable-vape\/#primaryimage\",\"url\":\"https:\/\/rmvapebang.com\/wp-content\/uploads\/2026\/02\/HIFANCY-Storm-40K-Puff-Disposable-Vape.webp\",\"contentUrl\":\"https:\/\/rmvapebang.com\/wp-content\/uploads\/2026\/02\/HIFANCY-Storm-40K-Puff-Disposable-Vape.webp\",\"width\":800,\"height\":800},{\"@type\":\"BreadcrumbList\",\"@id\":\"https:\/\/rmvapebang.com\/product\/hifancy-storm-40k-rechargeable-disposable-vape\/#breadcrumb\",\"itemListElement\":[{\"@type\":\"ListItem\",\"position\":1,\"name\":\"Home\",\"item\":\"https:\/\/rmvapebang.com\/\"},{\"@type\":\"ListItem\",\"position\":2,\"name\":\"Hot Vape Shop\",\"item\":\"https:\/\/rmvapebang.com\/shop-page\/\"},{\"@type\":\"ListItem\",\"position\":3,\"name\":\"HIFANCY Storm 40K Rechargeable Disposable Vape\"}]},{\"@type\":\"WebSite\",\"@id\":\"https:\/\/rmvapebang.com\/#website\",\"url\":\"https:\/\/rmvapebang.com\/\",\"name\":\"rmvapebang.com\",\"description\":\"buy vape cheap\",\"publisher\":{\"@id\":\"https:\/\/rmvapebang.com\/#organization\"},\"potentialAction\":[{\"@type\":\"SearchAction\",\"target\":{\"@type\":\"EntryPoint\",\"urlTemplate\":\"https:\/\/rmvapebang.com\/?s={search_term_string}\"},\"query-input\":\"required name=search_term_string\"}],\"inLanguage\":\"ro-RO\"},{\"@type\":\"Organization\",\"@id\":\"https:\/\/rmvapebang.com\/#organization\",\"name\":\"rmvapebang.com\",\"url\":\"https:\/\/rmvapebang.com\/\",\"logo\":{\"@type\":\"ImageObject\",\"inLanguage\":\"ro-RO\",\"@id\":\"https:\/\/rmvapebang.com\/#\/schema\/logo\/image\/\",\"url\":\"https:\/\/rmvapebang.com\/wp-content\/uploads\/2024\/03\/cropped-RVBlogo.png\",\"contentUrl\":\"https:\/\/rmvapebang.com\/wp-content\/uploads\/2024\/03\/cropped-RVBlogo.png\",\"width\":507,\"height\":169,\"caption\":\"rmvapebang.com\"},\"image\":{\"@id\":\"https:\/\/rmvapebang.com\/#\/schema\/logo\/image\/\"}}]}<\/script>\n<!-- \/ Yoast SEO plugin. -->","yoast_head_json":{"title":"HIFANCY Storm 40K Rechargeable Disposable Vape - rmvapebang.com","description":"HIFANCY Storm 40K disposable vape with smart display, Type-C recharge, dual flavor design, EU warehouse supply and high capacity performance.","robots":{"index":"index","follow":"follow","max-snippet":"max-snippet:-1","max-image-preview":"max-image-preview:large","max-video-preview":"max-video-preview:-1"},"canonical":"https:\/\/rmvapebang.com\/ro\/product\/hifancy-storm-40k-rechargeable-disposable-vape\/","og_locale":"ro_RO","og_type":"article","og_title":"HIFANCY Storm 40K Rechargeable Disposable Vape - rmvapebang.com","og_description":"HIFANCY Storm 40K disposable vape with smart display, Type-C recharge, dual flavor design, EU warehouse supply and high capacity performance.","og_url":"https:\/\/rmvapebang.com\/ro\/product\/hifancy-storm-40k-rechargeable-disposable-vape\/","og_site_name":"rmvapebang.com","article_modified_time":"2026-02-27T07:05:12+00:00","og_image":[{"width":800,"height":800,"url":"http:\/\/rmvapebang.com\/wp-content\/uploads\/2026\/02\/HIFANCY-Storm-40K-Puff-Disposable-Vape.webp","type":"image\/webp"}],"twitter_card":"summary_large_image","twitter_misc":{"Timp estimat pentru citire":"3 minute"},"schema":{"@context":"https:\/\/schema.org","@graph":[{"@type":"WebPage","@id":"https:\/\/rmvapebang.com\/product\/hifancy-storm-40k-rechargeable-disposable-vape\/","url":"https:\/\/rmvapebang.com\/product\/hifancy-storm-40k-rechargeable-disposable-vape\/","name":"HIFANCY Storm 40K Rechargeable Disposable Vape - rmvapebang.com","isPartOf":{"@id":"https:\/\/rmvapebang.com\/#website"},"primaryImageOfPage":{"@id":"https:\/\/rmvapebang.com\/product\/hifancy-storm-40k-rechargeable-disposable-vape\/#primaryimage"},"image":{"@id":"https:\/\/rmvapebang.com\/product\/hifancy-storm-40k-rechargeable-disposable-vape\/#primaryimage"},"thumbnailUrl":"https:\/\/rmvapebang.com\/wp-content\/uploads\/2026\/02\/HIFANCY-Storm-40K-Puff-Disposable-Vape.webp","datePublished":"2026-02-20T12:54:55+00:00","dateModified":"2026-02-27T07:05:12+00:00","description":"HIFANCY Storm 40K disposable vape with smart display, Type-C recharge, dual flavor design, EU warehouse supply and high capacity performance.","breadcrumb":{"@id":"https:\/\/rmvapebang.com\/product\/hifancy-storm-40k-rechargeable-disposable-vape\/#breadcrumb"},"inLanguage":"ro-RO","potentialAction":[{"@type":"ReadAction","target":["https:\/\/rmvapebang.com\/product\/hifancy-storm-40k-rechargeable-disposable-vape\/"]}]},{"@type":"ImageObject","inLanguage":"ro-RO","@id":"https:\/\/rmvapebang.com\/product\/hifancy-storm-40k-rechargeable-disposable-vape\/#primaryimage","url":"https:\/\/rmvapebang.com\/wp-content\/uploads\/2026\/02\/HIFANCY-Storm-40K-Puff-Disposable-Vape.webp","contentUrl":"https:\/\/rmvapebang.com\/wp-content\/uploads\/2026\/02\/HIFANCY-Storm-40K-Puff-Disposable-Vape.webp","width":800,"height":800},{"@type":"BreadcrumbList","@id":"https:\/\/rmvapebang.com\/product\/hifancy-storm-40k-rechargeable-disposable-vape\/#breadcrumb","itemListElement":[{"@type":"ListItem","position":1,"name":"Home","item":"https:\/\/rmvapebang.com\/"},{"@type":"ListItem","position":2,"name":"Hot Vape Shop","item":"https:\/\/rmvapebang.com\/shop-page\/"},{"@type":"ListItem","position":3,"name":"HIFANCY Storm 40K Rechargeable Disposable Vape"}]},{"@type":"WebSite","@id":"https:\/\/rmvapebang.com\/#website","url":"https:\/\/rmvapebang.com\/","name":"rmvapebang.com","description":"buy vape cheap","publisher":{"@id":"https:\/\/rmvapebang.com\/#organization"},"potentialAction":[{"@type":"SearchAction","target":{"@type":"EntryPoint","urlTemplate":"https:\/\/rmvapebang.com\/?s={search_term_string}"},"query-input":"required name=search_term_string"}],"inLanguage":"ro-RO"},{"@type":"Organization","@id":"https:\/\/rmvapebang.com\/#organization","name":"rmvapebang.com","url":"https:\/\/rmvapebang.com\/","logo":{"@type":"ImageObject","inLanguage":"ro-RO","@id":"https:\/\/rmvapebang.com\/#\/schema\/logo\/image\/","url":"https:\/\/rmvapebang.com\/wp-content\/uploads\/2024\/03\/cropped-RVBlogo.png","contentUrl":"https:\/\/rmvapebang.com\/wp-content\/uploads\/2024\/03\/cropped-RVBlogo.png","width":507,"height":169,"caption":"rmvapebang.com"},"image":{"@id":"https:\/\/rmvapebang.com\/#\/schema\/logo\/image\/"}}]}},"uagb_featured_image_src":{"full":["https:\/\/rmvapebang.com\/wp-content\/uploads\/2026\/02\/HIFANCY-Storm-40K-Puff-Disposable-Vape.webp",800,800,false],"thumbnail":["https:\/\/rmvapebang.com\/wp-content\/uploads\/2026\/02\/HIFANCY-Storm-40K-Puff-Disposable-Vape-150x150.webp",150,150,true],"medium":["https:\/\/rmvapebang.com\/wp-content\/uploads\/2026\/02\/HIFANCY-Storm-40K-Puff-Disposable-Vape-300x300.webp",300,300,true],"medium_large":["https:\/\/rmvapebang.com\/wp-content\/uploads\/2026\/02\/HIFANCY-Storm-40K-Puff-Disposable-Vape-768x768.webp",768,768,true],"large":["https:\/\/rmvapebang.com\/wp-content\/uploads\/2026\/02\/HIFANCY-Storm-40K-Puff-Disposable-Vape.webp",800,800,false],"1536x1536":["https:\/\/rmvapebang.com\/wp-content\/uploads\/2026\/02\/HIFANCY-Storm-40K-Puff-Disposable-Vape.webp",800,800,false],"2048x2048":["https:\/\/rmvapebang.com\/wp-content\/uploads\/2026\/02\/HIFANCY-Storm-40K-Puff-Disposable-Vape.webp",800,800,false],"trp-custom-language-flag":["https:\/\/rmvapebang.com\/wp-content\/uploads\/2026\/02\/HIFANCY-Storm-40K-Puff-Disposable-Vape-12x12.webp",12,12,true],"woocommerce_thumbnail":["https:\/\/rmvapebang.com\/wp-content\/uploads\/2026\/02\/HIFANCY-Storm-40K-Puff-Disposable-Vape-300x300.webp",300,300,true],"woocommerce_single":["https:\/\/rmvapebang.com\/wp-content\/uploads\/2026\/02\/HIFANCY-Storm-40K-Puff-Disposable-Vape-600x600.webp",600,600,true],"woocommerce_gallery_thumbnail":["https:\/\/rmvapebang.com\/wp-content\/uploads\/2026\/02\/HIFANCY-Storm-40K-Puff-Disposable-Vape-100x100.webp",100,100,true],"wcpr-photo-reviews":["https:\/\/rmvapebang.com\/wp-content\/uploads\/2026\/02\/HIFANCY-Storm-40K-Puff-Disposable-Vape.webp",500,500,false]},"uagb_author_info":{"display_name":"Lyn","author_link":"https:\/\/rmvapebang.com\/ro\/author\/"},"uagb_comment_info":0,"uagb_excerpt":"NOTE:\u00a0Prices on the website don\u2019t include shipping fee. Please send your zip code and address that we can check shipping costs for you. HIFANCY Storm 40K is a EU warehouse disposable vape built for wholesale high puff demand, featuring smart display control, dual flavor system, fast shipping availability and long usage rechargeable performance for European&hellip;","_links":{"self":[{"href":"https:\/\/rmvapebang.com\/ro\/wp-json\/wp\/v2\/product\/5710","targetHints":{"allow":["GET"]}}],"collection":[{"href":"https:\/\/rmvapebang.com\/ro\/wp-json\/wp\/v2\/product"}],"about":[{"href":"https:\/\/rmvapebang.com\/ro\/wp-json\/wp\/v2\/types\/product"}],"replies":[{"embeddable":true,"href":"https:\/\/rmvapebang.com\/ro\/wp-json\/wp\/v2\/comments?post=5710"}],"wp:featuredmedia":[{"embeddable":true,"href":"https:\/\/rmvapebang.com\/ro\/wp-json\/wp\/v2\/media\/5656"}],"wp:attachment":[{"href":"https:\/\/rmvapebang.com\/ro\/wp-json\/wp\/v2\/media?parent=5710"}],"wp:term":[{"taxonomy":"product_brand","embeddable":true,"href":"https:\/\/rmvapebang.com\/ro\/wp-json\/wp\/v2\/product_brand?post=5710"},{"taxonomy":"product_cat","embeddable":true,"href":"https:\/\/rmvapebang.com\/ro\/wp-json\/wp\/v2\/product_cat?post=5710"},{"taxonomy":"product_tag","embeddable":true,"href":"https:\/\/rmvapebang.com\/ro\/wp-json\/wp\/v2\/product_tag?post=5710"}],"curies":[{"name":"wp","href":"https:\/\/api.w.org\/{rel}","templated":true}]}}