{"id":5558,"date":"2026-01-29T17:18:44","date_gmt":"2026-01-29T09:18:44","guid":{"rendered":"https:\/\/rmvapebang.com\/?post_type=product&#038;p=5558"},"modified":"2026-04-06T19:39:46","modified_gmt":"2026-04-06T11:39:46","slug":"waspe-180000-puffs-disposable-vape-crystal","status":"publish","type":"product","link":"https:\/\/rmvapebang.com\/ro\/product\/waspe-180000-puffs-disposable-vape-crystal\/","title":{"rendered":"Waspe 180000 Pufuri Vape de Unic\u0103 Folosin\u021b\u0103 Cristal"},"content":{"rendered":"<h2 style=\"font-size: 1.6em\">Waspe 180000 Pufuri Vape de Unic\u0103 Folosin\u021b\u0103 Cristal<\/h2>\n<p>Waspe 180000 Pufuri Vape de Unic\u0103 Folosin\u021b\u0103 Crystal ofer\u0103 p\u00e2n\u0103 la 180k pufuri, oferind o experien\u021b\u0103 de vape de unic\u0103 folosin\u021b\u0103 cu capacitate ultra mare de pufuri, construit\u0103 pentru performan\u021b\u0103 de durat\u0103. Capacitatea mare de 68ml lichid e lucreaz\u0103 \u00eempreun\u0103 cu un sistem cu bobin\u0103 cu plas\u0103 cvadrupl\u0103 pentru a oferi un flux constant de vapori \u0219i un gust stabil de la prima inhalare p\u00e2n\u0103 la ultima.<\/p>\n<p>Vape-ul <a href=\"https:\/\/rmvapebang.com\/ro\/product-category\/crystal-vape\/\"><em><strong>vape-ul de unic\u0103 folosin\u021b\u0103 Crystal<\/strong> <\/em><\/a>Designul de 180000 de pufuri \u00eembun\u0103t\u0103\u021be\u0219te echilibrul fluxului de aer \u0219i netezimea inhal\u0103rii, men\u021bin\u00e2nd \u00een acela\u0219i timp o produc\u021bie fiabil\u0103 de vapori pe \u00eentreaga durat\u0103 de utilizare. 180k pufuri de <a href=\"https:\/\/rmvapebang.com\/ro\/product-category\/waspe-vape-puff\/\"><strong><em>Vape Waspe<\/em> <\/strong><\/a>alimentat de o baterie re\u00eenc\u0103rcabil\u0103 Type-C de 650mAh, dispozitivul digital suport\u0103 utilizarea zilnic\u0103 cu confort sporit, iar <a href=\"https:\/\/rmvapebang.com\/ro\/product-category\/smart-display\/\"><em><strong>afi\u0219aj LED<\/strong> <\/em><\/a>permite monitorizarea clar\u0103 a st\u0103rii bateriei \u0219i a utiliz\u0103rii.<\/p>\n<p><a href=\"https:\/\/rmvapebang.com\/ro\/product-category\/waspe-vape-puff\/\"><strong><em>Vape de Waspe<\/em> <\/strong><\/a>Vape de unic\u0103 folosin\u021b\u0103 Waspe 180k pufuri disponibil\u0103 \u00een op\u021biunile de nicotin\u0103 2% \u0219i 5%, este proiectat\u0103 pentru a satisface nevoile utilizatorilor adul\u021bi din Rom\u00e2nia, fiind potrivit\u0103 at\u00e2t pentru v\u00e2nzarea cu am\u0103nuntul, c\u00e2t \u0219i pentru canalele de aprovizionare en gros care necesit\u0103 dispozitive de vape de capacitate mare \u0219i durat\u0103 lung\u0103.<\/p>\n<figure id=\"attachment_5550\" aria-describedby=\"caption-attachment-5550\" style=\"width: 800px\" class=\"wp-caption alignnone\"><img loading=\"lazy\" decoding=\"async\" class=\"wp-image-5550 size-full\" src=\"http:\/\/rmvapebang.com\/wp-content\/uploads\/2026\/01\/180k-puffs-disposable-vape-8-in-1-flavors.webp\" alt=\"vape-disposable-180k-pufuri-8-gusturi\" width=\"800\" height=\"697\" srcset=\"https:\/\/rmvapebang.com\/wp-content\/uploads\/2026\/01\/180k-puffs-disposable-vape-8-in-1-flavors.webp 800w, https:\/\/rmvapebang.com\/wp-content\/uploads\/2026\/01\/180k-puffs-disposable-vape-8-in-1-flavors-300x261.webp 300w, https:\/\/rmvapebang.com\/wp-content\/uploads\/2026\/01\/180k-puffs-disposable-vape-8-in-1-flavors-768x669.webp 768w, https:\/\/rmvapebang.com\/wp-content\/uploads\/2026\/01\/180k-puffs-disposable-vape-8-in-1-flavors-14x12.webp 14w, https:\/\/rmvapebang.com\/wp-content\/uploads\/2026\/01\/180k-puffs-disposable-vape-8-in-1-flavors-600x523.webp 600w\" sizes=\"auto, (max-width: 800px) 100vw, 800px\" \/><figcaption id=\"caption-attachment-5550\" class=\"wp-caption-text\">vape-disposable-180k-pufuri-8-gusturi<\/figcaption><\/figure>\n<h2 style=\"font-size: 1.6em\"><strong>AIVIOU Waspe Tornado Vape 180000 <\/strong><strong>Arome <\/strong><\/h2>\n<p>1. Pepene Verde Ghea\u021b\u0103 &amp; L\u0103m\u00e2ie Lime &amp; Mango Acru Ghea\u021b\u0103 &amp; Kiwi Pepene Ghea\u021b\u0103<br \/>\n2. Afine Ghea\u021b\u0103 &amp; Cola de Cire\u0219e &amp; C\u0103p\u0219uni Vanilie &amp; Cire\u0219e L\u0103m\u00e2ie<br \/>\n3. Red Bull Ghea\u021b\u0103 &amp; C\u0103p\u0219uni Ghea\u021b\u0103 &amp; Fabulos Acru &amp; Cola Ghea\u021b\u0103<br \/>\n4. Strugure Ghea\u021b\u0103 &amp; C\u0103p\u0219uni Kiwi &amp; Pepene Verde Ghea\u021b\u0103 &amp; Blue Rancher<br \/>\n5. Melon Fruct de Pasiune &amp; Mango Acru Ananas &amp; Banane Toffee &amp; C\u0103p\u0219uni Berries<br \/>\n6. C\u0103p\u0219uni Pepene Verde &amp; Ment\u0103 R\u0103coroas\u0103 &amp; Blue Razz Ghea\u021b\u0103 &amp; Coac\u0103ze Negre Ghea\u021b\u0103<br \/>\n7. Mure Ghea\u021b\u0103 &amp; M\u0103r Dublu &amp; Dragon Negru Ghea\u021b\u0103 &amp; C\u0103p\u0219uni Kiwi<br \/>\n8. C\u0103p\u0219uni Red Bull &amp; Cola de Cire\u0219e &amp; Cire\u0219e L\u0103m\u00e2ie &amp; Fruct Tropical<br \/>\n9. Fructe de p\u0103dure mixte &amp; L\u0103m\u00e2ie Lime &amp; Afine zmeur\u0103 &amp; M\u0103r verde<br \/>\n10. C\u0103p\u0219uni zmeur\u0103 cire\u0219\u0103 &amp; C\u0103p\u0219uni pepene verde &amp; Kiwi pepene verde &amp; L\u0103m\u00e2ie Lime<br \/>\n11. C\u0103p\u0219uni banan\u0103 &amp; Mango piersic\u0103 &amp; Fructe de p\u0103dure triple &amp; C\u0103p\u0219uni ananas<br \/>\n12. Limonad\u0103 Blue Razz &amp; Cire\u0219e Limonad\u0103 &amp; Afine ghea\u021b\u0103 &amp; Pepene verde piersic\u0103<\/p>\n<h2 style=\"font-size: 1.6em\">Vape cu 180k pufuri pentru caracteristici Waspe<\/h2>\n<p>\ud83d\udd25 <strong data-start=\"125\" data-end=\"141\">180000 de pufuri<\/strong> \u2013 Num\u0103r ultra mare de pufuri pentru utilizare pe termen lung extins\u0103<br \/>\n\ud83d\udca7 <strong data-start=\"198\" data-end=\"215\">68ml E-lichid<\/strong> \u2013 Capacitate mare pentru suport stabil de ie\u0219ire<br \/>\n\ud83c\udf00 <strong data-start=\"261\" data-end=\"284\">Rezisten\u021b\u0103 Mesh 1.0ohm x4<\/strong> \u2013 \u00cenc\u0103lzire uniform\u0103 \u0219i livrare constant\u0103 a aromei<br \/>\n\ud83c\udfaf <strong data-start=\"336\" data-end=\"356\">2% \/ 5% Nicotin\u0103<\/strong> \u2013 Op\u021biuni pentru preferin\u021be diferite ale adul\u021bilor<br \/>\n\ud83d\udd0b <strong data-start=\"404\" data-end=\"422\">Baterie de 650mAh<\/strong> \u2013 Putere echilibrat\u0103 pentru utilizare zilnic\u0103<br \/>\n\u26a1 <strong data-start=\"460\" data-end=\"483\">Re\u00eenc\u0103rcabil Type-C<\/strong> \u2013 \u00cenc\u0103rcare convenabil\u0103 \u0219i eficient\u0103<br \/>\n\ud83d\udcca <strong data-start=\"525\" data-end=\"540\">Ecran LED<\/strong> \u2013 Status clar al bateriei \u0219i utiliz\u0103rii<br \/>\n\ud83d\udc8e <strong data-start=\"579\" data-end=\"608\">Design Crystal Disposable<\/strong> \u2013 Structur\u0103 curat\u0103 cu flux de aer lin<\/p>\n<h2 style=\"font-size: 1.6em\">De ce s\u0103 alegi Vape-ul Crystal Waspe cu 180k pufuri<\/h2>\n<ul>\n<li>Conceput pentru utilizatori cu volum mare care caut\u0103 experien\u021ba maxim\u0103 de inhalare a dispozitivelor de tip vape de unic\u0103 folosin\u021b\u0103<\/li>\n<li>Structur\u0103 cu bobin\u0103 din plas\u0103 quad sus\u021bine un gust stabil pe \u00eentreaga durat\u0103 de via\u021b\u0103 de 180k<\/li>\n<li>Design practic potrivit pentru distribu\u021bie european\u0103 \u0219i comenzi repetate en-gros<\/li>\n<\/ul>\n<h2 style=\"font-size: 1.6em\">\u00centreb\u0103ri frecvente pentru Crystal 180k Pufuri Dispozitiv Vape de Unic\u0103 Folosin\u021b\u0103<\/h2>\n<p><strong>Q1: Dispozitivul waspe include un ecran?<\/strong><br \/>\nA1: Da, ecranul LED \u00eencorporat afi\u0219eaz\u0103 starea bateriei \u0219i a utiliz\u0103rii.<\/p>\n<p><strong>Q2: Este Waspe Crystal 180k re\u00eenc\u0103rcabil?<\/strong><br \/>\nA2: Da, Pufurile digitale de 180k dispun de o baterie re\u00eenc\u0103rcabil\u0103 Type-C.<\/p>\n<p><strong>Q3: Ce sistem de bobine folose\u0219te acest dispozitiv?<\/strong><br \/>\nA3: Dispozitivul vape de 180k utilizeaz\u0103 o configura\u021bie cu patru bobine din plas\u0103 de 1.0 ohmi pentru un vapori consistent.<\/p>\n<p><strong>Q4: Ce niveluri de nicotin\u0103 sunt disponibile?<\/strong><br \/>\nA4: Pufurile de vape de 180000 pufuri sunt oferite \u00een op\u021biunile de nicotin\u0103 2% \u0219i 5%.<\/p>\n<p><strong>Contacta\u021bi-l pe Lyn pentru mai multe videoclipuri cu produse!<\/strong><br \/>\n<a href=\"https:\/\/wa.me\/8617840853976\"><span style=\"color: #ff6600\"><strong><em>Whatsapp: +86 17840853976<\/em><\/strong><\/span><\/a><\/p>\n<p><img loading=\"lazy\" decoding=\"async\" class=\"alignnone size-medium wp-image-1905\" src=\"http:\/\/rmvapebang.com\/wp-content\/uploads\/2024\/03\/whatsapp-vape-2-202x300.jpg\" alt=\"contact WhatsApp vape\" width=\"202\" height=\"300\" \/><\/p>\n<p>G\u0103si\u021bi mai multe produse care v-ar putea pl\u0103cea: <a href=\"https:\/\/rmvapebang.com\/ro\/shop-page\/\"><strong><em>Cump\u0103r\u0103 acum<\/em><\/strong><\/a><\/p>\n<p>Alte pufuri care v-ar putea pl\u0103cea:<\/p>\n<p><a href=\"https:\/\/rmvapebang.com\/ro\/product\/airmez-mars-20000-disposable-vape-puffs-rechargeable-wholesale\/\">Vape Jeton Airmez Mars 20000 Dispozitiv de Unic\u0103 Folosin\u021b\u0103 Top V\u00e2nz\u0103ri<\/a><\/p>\n<p><a href=\"https:\/\/rmvapebang.com\/ro\/product\/vapme-crystal-48000-puffs-long-lasting-rechargeable-disposable-vape\/\">Vapme Crystal 48000 Pufuri Vape Pen Pre\u021b Redus<\/a><\/p>\n<p><a href=\"https:\/\/rmvapebang.com\/ro\/product\/razzbar-60000-puffs-disposable-vape-wholesale-60k-rechargeable-bulk-buy\/\">Vape de unic\u0103 folosin\u021b\u0103 60000 Pufuri RAZZBAR Tornado<\/a><\/p>\n<p><a href=\"https:\/\/rmvapebang.com\/ro\/product\/fizzy-max-iii-tornado-60000-puff-smooth-draw-with-dual-mesh-limited-time-bulk-deal\/\">FIZZY max Smart dispozitiv de unic\u0103 folosin\u021b\u0103 60k Pufuri Vape en-gros<\/a><\/p>","protected":false},"excerpt":{"rendered":"<p><span style=\"color: #ff0000\"><strong>NOT\u0102<\/strong>:<em>\u00a0Pre\u021burile de pe site nu includ taxa de livrare. V\u0103 rug\u0103m s\u0103 trimite\u021bi codul po\u0219tal \u0219i adresa pentru a putea verifica costurile de livrare pentru dumneavoastr\u0103.<br \/>\n<\/em><\/span>Waspe Crystal 180k pufuri vape de unic\u0103 folosin\u021b\u0103 combin\u0103 o capacitate ultra mare de pufuri, tehnologia cu bobin\u0103 cu plas\u0103 cvadrupl\u0103 \u0219i un design re\u00eenc\u0103rcabil. Cu 180000 de pufuri, 68ml lichid e \u0219i afi\u0219aj LED, sus\u021bine utilizarea zilnic\u0103 de lung\u0103 durat\u0103 \u0219i performan\u021b\u0103 stabil\u0103 pentru pie\u021bele adulte din Rom\u00e2nia.<\/p>\n<p><strong><em>Whatsapp:<a href=\"https:\/\/wa.me\/8617840853976\">+86 17840853976<\/a><br \/>\n<\/em>Scana\u021bi pe WhatsApp pentru un cupon pentru clien\u021bi noi<\/strong><\/p>\n<p><img loading=\"lazy\" decoding=\"async\" class=\"alignnone size-medium wp-image-1905\" src=\"http:\/\/rmvapebang.com\/wp-content\/uploads\/2024\/03\/whatsapp-vape-2-202x300.jpg\" alt=\"\" width=\"202\" height=\"300\" \/><\/p>","protected":false},"featured_media":5555,"comment_status":"open","ping_status":"closed","template":"","meta":{"_uag_custom_page_level_css":"","_lmt_disableupdate":"no","_lmt_disable":"","site-sidebar-layout":"no-sidebar","site-content-layout":"boxed-container","ast-site-content-layout":"normal-width-container","site-content-style":"boxed","site-sidebar-style":"boxed","ast-global-header-display":"","ast-banner-title-visibility":"","ast-main-header-display":"","ast-hfb-above-header-display":"","ast-hfb-below-header-display":"","ast-hfb-mobile-header-display":"","site-post-title":"","ast-breadcrumbs-content":"","ast-featured-img":"","footer-sml-layout":"","theme-transparent-header-meta":"default","adv-header-id-meta":"","stick-header-meta":"","header-above-stick-meta":"","header-main-stick-meta":"","header-below-stick-meta":"","astra-migrate-meta-layouts":"set","ast-page-background-enabled":"default","ast-page-background-meta":{"desktop":{"background-color":"","background-image":"","background-repeat":"repeat","background-position":"center center","background-size":"auto","background-attachment":"scroll","background-type":"","background-media":"","overlay-type":"","overlay-color":"","overlay-gradient":""},"tablet":{"background-color":"","background-image":"","background-repeat":"repeat","background-position":"center center","background-size":"auto","background-attachment":"scroll","background-type":"","background-media":"","overlay-type":"","overlay-color":"","overlay-gradient":""},"mobile":{"background-color":"","background-image":"","background-repeat":"repeat","background-position":"center center","background-size":"auto","background-attachment":"scroll","background-type":"","background-media":"","overlay-type":"","overlay-color":"","overlay-gradient":""}},"ast-content-background-meta":{"desktop":{"background-color":"var(--ast-global-color-5)","background-image":"","background-repeat":"repeat","background-position":"center center","background-size":"auto","background-attachment":"scroll","background-type":"","background-media":"","overlay-type":"","overlay-color":"","overlay-gradient":""},"tablet":{"background-color":"var(--ast-global-color-5)","background-image":"","background-repeat":"repeat","background-position":"center center","background-size":"auto","background-attachment":"scroll","background-type":"","background-media":"","overlay-type":"","overlay-color":"","overlay-gradient":""},"mobile":{"background-color":"var(--ast-global-color-5)","background-image":"","background-repeat":"repeat","background-position":"center center","background-size":"auto","background-attachment":"scroll","background-type":"","background-media":"","overlay-type":"","overlay-color":"","overlay-gradient":""}},"_joinchat":[]},"product_brand":[],"product_cat":[15,115,130,39,41,128,42,40,131,129,285,43,38],"product_tag":[288,287,50,51,67,49,53,52],"class_list":{"0":"post-5558","1":"product","2":"type-product","3":"status-publish","4":"has-post-thumbnail","6":"product_cat-eu-warehouse","7":"product_cat-crystal-vape","8":"product_cat-digital-vapes-in-discount-price","9":"product_cat-france-wholesale-vape","10":"product_cat-netherlands-wholesale-vape","11":"product_cat-smart-display","12":"product_cat-spain-wholesale-vape","13":"product_cat-germany-wholesale-vape","14":"product_cat-tornado-vape-wholesale-price-hot-sale","15":"product_cat-tornado-vapes","16":"product_cat-vape-180000-puffs","17":"product_cat-vape-shop","18":"product_cat-waspe-vape-puff","19":"product_tag-180000-puff","20":"product_tag-180k-puffs","21":"product_tag-bulk-price-vape-shop","22":"product_tag-disposable-vape","23":"product_tag-fast-price-sales","24":"product_tag-minimum-order-quantity-100pcs","25":"product_tag-rechargeable-vape","26":"product_tag-vape-wholesasle-price","27":"desktop-align-left","28":"tablet-align-left","29":"mobile-align-left","31":"first","32":"instock","33":"sale","34":"shipping-taxable","35":"purchasable","36":"product-type-simple"},"yoast_head":"<!-- This site is optimized with the Yoast SEO plugin v23.0 - https:\/\/yoast.com\/wordpress\/plugins\/seo\/ -->\n<title>Waspe 180000 Puffs Disposable Vape Crystal - rmvapebang.com<\/title>\n<meta name=\"description\" content=\"Waspe 180000 Puffs Disposable Vape Crystal features 68ml e-liquid, quad mesh coil, Type-C rechargeable battery and LED display.\" \/>\n<meta name=\"robots\" content=\"index, follow, max-snippet:-1, max-image-preview:large, max-video-preview:-1\" \/>\n<link rel=\"canonical\" href=\"https:\/\/rmvapebang.com\/ro\/product\/waspe-180000-puffs-disposable-vape-crystal\/\" \/>\n<meta property=\"og:locale\" content=\"ro_RO\" \/>\n<meta property=\"og:type\" content=\"article\" \/>\n<meta property=\"og:title\" content=\"Waspe 180000 Puffs Disposable Vape Crystal - rmvapebang.com\" \/>\n<meta property=\"og:description\" content=\"Waspe 180000 Puffs Disposable Vape Crystal features 68ml e-liquid, quad mesh coil, Type-C rechargeable battery and LED display.\" \/>\n<meta property=\"og:url\" content=\"https:\/\/rmvapebang.com\/ro\/product\/waspe-180000-puffs-disposable-vape-crystal\/\" \/>\n<meta property=\"og:site_name\" content=\"rmvapebang.com\" \/>\n<meta property=\"article:modified_time\" content=\"2026-04-06T11:39:46+00:00\" \/>\n<meta property=\"og:image\" content=\"http:\/\/rmvapebang.com\/wp-content\/uploads\/2026\/01\/waspe-180k-puffs-disposable-vape.webp\" \/>\n\t<meta property=\"og:image:width\" content=\"800\" \/>\n\t<meta property=\"og:image:height\" content=\"800\" \/>\n\t<meta property=\"og:image:type\" content=\"image\/webp\" \/>\n<meta name=\"twitter:card\" content=\"summary_large_image\" \/>\n<meta name=\"twitter:label1\" content=\"Timp estimat pentru citire\" \/>\n\t<meta name=\"twitter:data1\" content=\"3 minute\" \/>\n<script type=\"application\/ld+json\" class=\"yoast-schema-graph\">{\"@context\":\"https:\/\/schema.org\",\"@graph\":[{\"@type\":\"WebPage\",\"@id\":\"https:\/\/rmvapebang.com\/product\/waspe-180000-puffs-disposable-vape-crystal\/\",\"url\":\"https:\/\/rmvapebang.com\/product\/waspe-180000-puffs-disposable-vape-crystal\/\",\"name\":\"Waspe 180000 Puffs Disposable Vape Crystal - rmvapebang.com\",\"isPartOf\":{\"@id\":\"https:\/\/rmvapebang.com\/#website\"},\"primaryImageOfPage\":{\"@id\":\"https:\/\/rmvapebang.com\/product\/waspe-180000-puffs-disposable-vape-crystal\/#primaryimage\"},\"image\":{\"@id\":\"https:\/\/rmvapebang.com\/product\/waspe-180000-puffs-disposable-vape-crystal\/#primaryimage\"},\"thumbnailUrl\":\"https:\/\/rmvapebang.com\/wp-content\/uploads\/2026\/01\/waspe-180k-puffs-disposable-vape.webp\",\"datePublished\":\"2026-01-29T09:18:44+00:00\",\"dateModified\":\"2026-04-06T11:39:46+00:00\",\"description\":\"Waspe 180000 Puffs Disposable Vape Crystal features 68ml e-liquid, quad mesh coil, Type-C rechargeable battery and LED display.\",\"breadcrumb\":{\"@id\":\"https:\/\/rmvapebang.com\/product\/waspe-180000-puffs-disposable-vape-crystal\/#breadcrumb\"},\"inLanguage\":\"ro-RO\",\"potentialAction\":[{\"@type\":\"ReadAction\",\"target\":[\"https:\/\/rmvapebang.com\/product\/waspe-180000-puffs-disposable-vape-crystal\/\"]}]},{\"@type\":\"ImageObject\",\"inLanguage\":\"ro-RO\",\"@id\":\"https:\/\/rmvapebang.com\/product\/waspe-180000-puffs-disposable-vape-crystal\/#primaryimage\",\"url\":\"https:\/\/rmvapebang.com\/wp-content\/uploads\/2026\/01\/waspe-180k-puffs-disposable-vape.webp\",\"contentUrl\":\"https:\/\/rmvapebang.com\/wp-content\/uploads\/2026\/01\/waspe-180k-puffs-disposable-vape.webp\",\"width\":800,\"height\":800,\"caption\":\"waspe-180k-puffs-disposable-vape\"},{\"@type\":\"BreadcrumbList\",\"@id\":\"https:\/\/rmvapebang.com\/product\/waspe-180000-puffs-disposable-vape-crystal\/#breadcrumb\",\"itemListElement\":[{\"@type\":\"ListItem\",\"position\":1,\"name\":\"Home\",\"item\":\"https:\/\/rmvapebang.com\/\"},{\"@type\":\"ListItem\",\"position\":2,\"name\":\"Hot Vape Shop\",\"item\":\"https:\/\/rmvapebang.com\/shop-page\/\"},{\"@type\":\"ListItem\",\"position\":3,\"name\":\"Waspe 180000 Puffs Disposable Vape Crystal\"}]},{\"@type\":\"WebSite\",\"@id\":\"https:\/\/rmvapebang.com\/#website\",\"url\":\"https:\/\/rmvapebang.com\/\",\"name\":\"rmvapebang.com\",\"description\":\"buy vape cheap\",\"publisher\":{\"@id\":\"https:\/\/rmvapebang.com\/#organization\"},\"potentialAction\":[{\"@type\":\"SearchAction\",\"target\":{\"@type\":\"EntryPoint\",\"urlTemplate\":\"https:\/\/rmvapebang.com\/?s={search_term_string}\"},\"query-input\":\"required name=search_term_string\"}],\"inLanguage\":\"ro-RO\"},{\"@type\":\"Organization\",\"@id\":\"https:\/\/rmvapebang.com\/#organization\",\"name\":\"rmvapebang.com\",\"url\":\"https:\/\/rmvapebang.com\/\",\"logo\":{\"@type\":\"ImageObject\",\"inLanguage\":\"ro-RO\",\"@id\":\"https:\/\/rmvapebang.com\/#\/schema\/logo\/image\/\",\"url\":\"https:\/\/rmvapebang.com\/wp-content\/uploads\/2024\/03\/cropped-RVBlogo.png\",\"contentUrl\":\"https:\/\/rmvapebang.com\/wp-content\/uploads\/2024\/03\/cropped-RVBlogo.png\",\"width\":507,\"height\":169,\"caption\":\"rmvapebang.com\"},\"image\":{\"@id\":\"https:\/\/rmvapebang.com\/#\/schema\/logo\/image\/\"}}]}<\/script>\n<!-- \/ Yoast SEO plugin. -->","yoast_head_json":{"title":"Waspe 180000 Puffs Disposable Vape Crystal - rmvapebang.com","description":"Waspe 180000 Puffs Disposable Vape Crystal features 68ml e-liquid, quad mesh coil, Type-C rechargeable battery and LED display.","robots":{"index":"index","follow":"follow","max-snippet":"max-snippet:-1","max-image-preview":"max-image-preview:large","max-video-preview":"max-video-preview:-1"},"canonical":"https:\/\/rmvapebang.com\/ro\/product\/waspe-180000-puffs-disposable-vape-crystal\/","og_locale":"ro_RO","og_type":"article","og_title":"Waspe 180000 Puffs Disposable Vape Crystal - rmvapebang.com","og_description":"Waspe 180000 Puffs Disposable Vape Crystal features 68ml e-liquid, quad mesh coil, Type-C rechargeable battery and LED display.","og_url":"https:\/\/rmvapebang.com\/ro\/product\/waspe-180000-puffs-disposable-vape-crystal\/","og_site_name":"rmvapebang.com","article_modified_time":"2026-04-06T11:39:46+00:00","og_image":[{"width":800,"height":800,"url":"http:\/\/rmvapebang.com\/wp-content\/uploads\/2026\/01\/waspe-180k-puffs-disposable-vape.webp","type":"image\/webp"}],"twitter_card":"summary_large_image","twitter_misc":{"Timp estimat pentru citire":"3 minute"},"schema":{"@context":"https:\/\/schema.org","@graph":[{"@type":"WebPage","@id":"https:\/\/rmvapebang.com\/product\/waspe-180000-puffs-disposable-vape-crystal\/","url":"https:\/\/rmvapebang.com\/product\/waspe-180000-puffs-disposable-vape-crystal\/","name":"Waspe 180000 Puffs Disposable Vape Crystal - rmvapebang.com","isPartOf":{"@id":"https:\/\/rmvapebang.com\/#website"},"primaryImageOfPage":{"@id":"https:\/\/rmvapebang.com\/product\/waspe-180000-puffs-disposable-vape-crystal\/#primaryimage"},"image":{"@id":"https:\/\/rmvapebang.com\/product\/waspe-180000-puffs-disposable-vape-crystal\/#primaryimage"},"thumbnailUrl":"https:\/\/rmvapebang.com\/wp-content\/uploads\/2026\/01\/waspe-180k-puffs-disposable-vape.webp","datePublished":"2026-01-29T09:18:44+00:00","dateModified":"2026-04-06T11:39:46+00:00","description":"Waspe 180000 Puffs Disposable Vape Crystal features 68ml e-liquid, quad mesh coil, Type-C rechargeable battery and LED display.","breadcrumb":{"@id":"https:\/\/rmvapebang.com\/product\/waspe-180000-puffs-disposable-vape-crystal\/#breadcrumb"},"inLanguage":"ro-RO","potentialAction":[{"@type":"ReadAction","target":["https:\/\/rmvapebang.com\/product\/waspe-180000-puffs-disposable-vape-crystal\/"]}]},{"@type":"ImageObject","inLanguage":"ro-RO","@id":"https:\/\/rmvapebang.com\/product\/waspe-180000-puffs-disposable-vape-crystal\/#primaryimage","url":"https:\/\/rmvapebang.com\/wp-content\/uploads\/2026\/01\/waspe-180k-puffs-disposable-vape.webp","contentUrl":"https:\/\/rmvapebang.com\/wp-content\/uploads\/2026\/01\/waspe-180k-puffs-disposable-vape.webp","width":800,"height":800,"caption":"waspe-180k-puffs-disposable-vape"},{"@type":"BreadcrumbList","@id":"https:\/\/rmvapebang.com\/product\/waspe-180000-puffs-disposable-vape-crystal\/#breadcrumb","itemListElement":[{"@type":"ListItem","position":1,"name":"Home","item":"https:\/\/rmvapebang.com\/"},{"@type":"ListItem","position":2,"name":"Hot Vape Shop","item":"https:\/\/rmvapebang.com\/shop-page\/"},{"@type":"ListItem","position":3,"name":"Waspe 180000 Puffs Disposable Vape Crystal"}]},{"@type":"WebSite","@id":"https:\/\/rmvapebang.com\/#website","url":"https:\/\/rmvapebang.com\/","name":"rmvapebang.com","description":"buy vape cheap","publisher":{"@id":"https:\/\/rmvapebang.com\/#organization"},"potentialAction":[{"@type":"SearchAction","target":{"@type":"EntryPoint","urlTemplate":"https:\/\/rmvapebang.com\/?s={search_term_string}"},"query-input":"required name=search_term_string"}],"inLanguage":"ro-RO"},{"@type":"Organization","@id":"https:\/\/rmvapebang.com\/#organization","name":"rmvapebang.com","url":"https:\/\/rmvapebang.com\/","logo":{"@type":"ImageObject","inLanguage":"ro-RO","@id":"https:\/\/rmvapebang.com\/#\/schema\/logo\/image\/","url":"https:\/\/rmvapebang.com\/wp-content\/uploads\/2024\/03\/cropped-RVBlogo.png","contentUrl":"https:\/\/rmvapebang.com\/wp-content\/uploads\/2024\/03\/cropped-RVBlogo.png","width":507,"height":169,"caption":"rmvapebang.com"},"image":{"@id":"https:\/\/rmvapebang.com\/#\/schema\/logo\/image\/"}}]}},"uagb_featured_image_src":{"full":["https:\/\/rmvapebang.com\/wp-content\/uploads\/2026\/01\/waspe-180k-puffs-disposable-vape.webp",800,800,false],"thumbnail":["https:\/\/rmvapebang.com\/wp-content\/uploads\/2026\/01\/waspe-180k-puffs-disposable-vape-150x150.webp",150,150,true],"medium":["https:\/\/rmvapebang.com\/wp-content\/uploads\/2026\/01\/waspe-180k-puffs-disposable-vape-300x300.webp",300,300,true],"medium_large":["https:\/\/rmvapebang.com\/wp-content\/uploads\/2026\/01\/waspe-180k-puffs-disposable-vape-768x768.webp",768,768,true],"large":["https:\/\/rmvapebang.com\/wp-content\/uploads\/2026\/01\/waspe-180k-puffs-disposable-vape.webp",800,800,false],"1536x1536":["https:\/\/rmvapebang.com\/wp-content\/uploads\/2026\/01\/waspe-180k-puffs-disposable-vape.webp",800,800,false],"2048x2048":["https:\/\/rmvapebang.com\/wp-content\/uploads\/2026\/01\/waspe-180k-puffs-disposable-vape.webp",800,800,false],"trp-custom-language-flag":["https:\/\/rmvapebang.com\/wp-content\/uploads\/2026\/01\/waspe-180k-puffs-disposable-vape-12x12.webp",12,12,true],"woocommerce_thumbnail":["https:\/\/rmvapebang.com\/wp-content\/uploads\/2026\/01\/waspe-180k-puffs-disposable-vape-300x300.webp",300,300,true],"woocommerce_single":["https:\/\/rmvapebang.com\/wp-content\/uploads\/2026\/01\/waspe-180k-puffs-disposable-vape-600x600.webp",600,600,true],"woocommerce_gallery_thumbnail":["https:\/\/rmvapebang.com\/wp-content\/uploads\/2026\/01\/waspe-180k-puffs-disposable-vape-100x100.webp",100,100,true],"wcpr-photo-reviews":["https:\/\/rmvapebang.com\/wp-content\/uploads\/2026\/01\/waspe-180k-puffs-disposable-vape.webp",500,500,false]},"uagb_author_info":{"display_name":"Lyn","author_link":"https:\/\/rmvapebang.com\/ro\/author\/"},"uagb_comment_info":0,"uagb_excerpt":"NOTE:\u00a0Prices on the website don\u2019t include shipping fee. Please send your zip code and address that we can check shipping costs for you. Waspe Crystal 180k puff disposable vape combines ultra high puff capacity, quad mesh coil technology and a rechargeable design. With 180000 puffs, 68ml e-liquid and LED display, it supports long-lasting daily use&hellip;","_links":{"self":[{"href":"https:\/\/rmvapebang.com\/ro\/wp-json\/wp\/v2\/product\/5558","targetHints":{"allow":["GET"]}}],"collection":[{"href":"https:\/\/rmvapebang.com\/ro\/wp-json\/wp\/v2\/product"}],"about":[{"href":"https:\/\/rmvapebang.com\/ro\/wp-json\/wp\/v2\/types\/product"}],"replies":[{"embeddable":true,"href":"https:\/\/rmvapebang.com\/ro\/wp-json\/wp\/v2\/comments?post=5558"}],"wp:featuredmedia":[{"embeddable":true,"href":"https:\/\/rmvapebang.com\/ro\/wp-json\/wp\/v2\/media\/5555"}],"wp:attachment":[{"href":"https:\/\/rmvapebang.com\/ro\/wp-json\/wp\/v2\/media?parent=5558"}],"wp:term":[{"taxonomy":"product_brand","embeddable":true,"href":"https:\/\/rmvapebang.com\/ro\/wp-json\/wp\/v2\/product_brand?post=5558"},{"taxonomy":"product_cat","embeddable":true,"href":"https:\/\/rmvapebang.com\/ro\/wp-json\/wp\/v2\/product_cat?post=5558"},{"taxonomy":"product_tag","embeddable":true,"href":"https:\/\/rmvapebang.com\/ro\/wp-json\/wp\/v2\/product_tag?post=5558"}],"curies":[{"name":"wp","href":"https:\/\/api.w.org\/{rel}","templated":true}]}}