{"id":5476,"date":"2026-01-13T16:06:29","date_gmt":"2026-01-13T08:06:29","guid":{"rendered":"https:\/\/rmvapebang.com\/?post_type=product&#038;p=5476"},"modified":"2026-01-13T17:24:20","modified_gmt":"2026-01-13T09:24:20","slug":"airmez-matrix-30000-puffs-disposable-vape-with-led-display-touch-screen","status":"publish","type":"product","link":"https:\/\/rmvapebang.com\/ro\/product\/airmez-matrix-30000-puffs-disposable-vape-with-led-display-touch-screen\/","title":{"rendered":"Vaporizator de unic\u0103 folosin\u021b\u0103 Airmez Matrix 30000 Pufuri cu ecran LED tactil"},"content":{"rendered":"<h2 style=\"text-align: left\">Vaporizator de unic\u0103 folosin\u021b\u0103 Airmez Matrix 30000 Pufuri cu ecran LED tactil<\/h2>\n<p>Vaporizator de unic\u0103 folosin\u021b\u0103 Airmez Matrix 30000 Pufuri cu afi\u0219aj LED \u0219i ecran tactil, oferind p\u00e2n\u0103 la 30000 de pufuri, <a href=\"https:\/\/rmvapebang.com\/ro\/product-category\/vape-30000-puffs\/\"><em><strong>vaporizator de unic\u0103 folosin\u021b\u0103 30k<\/strong> <\/em><\/a>reduce frecven\u021ba de \u00eenlocuire \u0219i se potrive\u0219te at\u00e2t pentru utilizare zilnic\u0103, c\u00e2t \u0219i pentru v\u00e2nzare cu am\u0103nuntul.<\/p>\n<p>Digital <a href=\"https:\/\/rmvapebang.com\/ro\/product-category\/vape-30000-puffs\/\"><em><strong>Vape de unic\u0103 folosin\u021b\u0103 cu 30000 de pufuri<\/strong><\/em><\/a> re\u00eenc\u0103rcabil include un ecran tactil TFT sensibil \u0219i un <a href=\"https:\/\/rmvapebang.com\/ro\/product-category\/smart-display\/\"><em><strong>afi\u0219aj LED<\/strong><\/em><\/a> clar care afi\u0219eaz\u0103 nivelul bateriei \u0219i al lichidului \u00een timp real. De asemenea, alimentat de o baterie re\u00eenc\u0103rcabil\u0103 Type-C de 800mAh, <a href=\"https:\/\/rmvapebang.com\/ro\/product-category\/airmez-vapes\/\"><em><strong>vaporizator Airmez<\/strong><\/em><\/a> 30k ofer\u0103 o ie\u0219ire stabil\u0103 \u0219i ajustare u\u0219oar\u0103 a puterii cu un control simplu cu trei ap\u0103s\u0103ri.<\/p>\n<p>Disponibil \u00een 15 arome \u0219i cu nicotin\u0103 2% sau 5%, <strong><em><a href=\"https:\/\/rmvapebang.com\/ro\/product-category\/airmez-vapes\/\">vaporizator de unic\u0103 folosin\u021b\u0103 Airmez Matrix<\/a><\/em><\/strong> echilibreaz\u0103 performan\u021ba de durat\u0103, controlul utilizatorului \u0219i designul modern.<\/p>\n<figure id=\"attachment_5470\" aria-describedby=\"caption-attachment-5470\" style=\"width: 800px\" class=\"wp-caption alignnone\"><img loading=\"lazy\" decoding=\"async\" class=\"wp-image-5470 size-full\" src=\"http:\/\/rmvapebang.com\/wp-content\/uploads\/2026\/01\/airmez-matrix-30k-disposable-vape-multiple-colors.webp\" alt=\"airmez-matrix-30k-vaporizator-unic\u0103-folosin\u021b\u0103-multicolor\" width=\"800\" height=\"562\" srcset=\"https:\/\/rmvapebang.com\/wp-content\/uploads\/2026\/01\/airmez-matrix-30k-disposable-vape-multiple-colors.webp 800w, https:\/\/rmvapebang.com\/wp-content\/uploads\/2026\/01\/airmez-matrix-30k-disposable-vape-multiple-colors-300x211.webp 300w, https:\/\/rmvapebang.com\/wp-content\/uploads\/2026\/01\/airmez-matrix-30k-disposable-vape-multiple-colors-768x540.webp 768w, https:\/\/rmvapebang.com\/wp-content\/uploads\/2026\/01\/airmez-matrix-30k-disposable-vape-multiple-colors-18x12.webp 18w, https:\/\/rmvapebang.com\/wp-content\/uploads\/2026\/01\/airmez-matrix-30k-disposable-vape-multiple-colors-600x422.webp 600w\" sizes=\"auto, (max-width: 800px) 100vw, 800px\" \/><figcaption id=\"caption-attachment-5470\" class=\"wp-caption-text\">airmez-matrix-30k-vaporizator-unic\u0103-folosin\u021b\u0103-multicolor<\/figcaption><\/figure>\n<h2>Caracteristici ale vaporizatorului Airmez 30k de unic\u0103 folosin\u021b\u0103<\/h2>\n<p>\ud83d\udd0b P\u00e2n\u0103 la 30.000 de pufuri\u2014Vape de unic\u0103 folosin\u021b\u0103 cu capacitate mare, proiectat\u0103 pentru utilizare pe termen lung.<br \/>\n\ud83d\udda5\ufe0f Interfa\u021b\u0103 cu ecran tactil TFT\u2014Control u\u0219or cu un afi\u0219aj tactil sensibil.<br \/>\n\ud83d\udcca Afi\u0219aj LED pentru baterie \u0219i lichid\u2014Vizibilitate clar\u0103 a energiei r\u0103mase \u0219i nivelurilor de lichid.<br \/>\n\u2699\ufe0f Putere ajustabil\u0103\u2014Schimb\u0103 modurile de putere ap\u0103s\u00e2nd de trei ori.<br \/>\n\ud83d\udd0c Baterie re\u00eenc\u0103rcabil\u0103 de 800mAh\u2014Performan\u021b\u0103 stabil\u0103 cu suport pentru \u00eenc\u0103rcare rapid\u0103 Type-C.<br \/>\n\ud83d\udca8 Op\u021biuni de nicotin\u0103 2% \/ 5%\u2014Potrivite pentru preferin\u021bele diferi\u021bilor utilizatori adul\u021bi.<br \/>\n\ud83c\udf53 15 selec\u021bii de arome\u2014Gam\u0103 larg\u0103 de arome pentru uz personal sau v\u00e2nzare cu am\u0103nuntul.<\/p>\n<h2><strong>Lista de arome Airmez matrix 30000 pufuri<\/strong><\/h2>\n<p>1. Pepene Verde cu Ghea\u021b\u0103<br \/>\n2. Afine pe ghea\u021b\u0103<br \/>\n3. Afine zmeur\u0103<br \/>\n4. C\u0103p\u0219uni cu ghea\u021b\u0103<br \/>\n5. Struguri cu Ghea\u021b\u0103<br \/>\n6. Fructe de p\u0103dure mixte<br \/>\n7. Fructul dragonului<br \/>\n8. C\u0103p\u0219uni \u0219i Kiwi<br \/>\n9. Kiwi, fruct de pasiune, guava<br \/>\n10. Zmeur\u0103 acr\u0103 albastr\u0103<br \/>\n11. Cola cu cire\u0219e<br \/>\n12. L\u0103m\u00e2ie \u0219i lime<\/p>\n<h2>\u00centreb\u0103ri frecvente despre vape-ul de unic\u0103 folosin\u021b\u0103 Airmez 30k pufuri<\/h2>\n<p><strong>Q1: C\u00e2te pufuri ofer\u0103 Airmez Matrix?<\/strong><br \/>\nA1: Airmez Matrix ofer\u0103 p\u00e2n\u0103 la 30000 de pufuri, \u00een func\u021bie de obiceiurile de utilizare.<\/p>\n<p><strong>Q2: Este Airmez Matrix re\u00eenc\u0103rcabil?<\/strong><br \/>\nA2: Da, dispune de o baterie de 800mAh cu \u00eenc\u0103rcare Type-C.<\/p>\n<p><strong>Q3: Poate fi ajustat\u0103 puterea pentru vaporizatorul digital?<\/strong><br \/>\nA3: Da, utilizatorii pot ajusta puterea de ie\u0219ire ap\u0103s\u00e2nd de trei ori pe control.<\/p>\n<p><strong>Q4: Care sunt nivelurile de nicotin\u0103 disponibile pentru vaporizatorul de unic\u0103 folosin\u021b\u0103 airmez?<\/strong><br \/>\nA4: Dispozitivul este disponibil \u00een op\u021biunile de nicotin\u0103 2% \u0219i 5%.<\/p>\n<p><strong>Contacta\u021bi-l pe Lyn pentru mai multe videoclipuri cu produse!<\/strong><\/p>\n<p><a href=\"https:\/\/wa.me\/8617840853976\"><span style=\"color: #ff6600\"><strong><em>Whatsapp:+40 17840853976<\/em><\/strong><\/span><\/a><\/p>\n<p><img loading=\"lazy\" decoding=\"async\" class=\"alignnone size-medium wp-image-1905\" src=\"http:\/\/rmvapebang.com\/wp-content\/uploads\/2024\/03\/whatsapp-vape-2-202x300.jpg\" alt=\"\" width=\"202\" height=\"300\" \/><\/p>\n<p>G\u0103si\u021bi mai multe produse care v-ar putea pl\u0103cea:<a href=\"https:\/\/rmvapebang.com\/ro\/shop-page\/\"><strong><em>Cump\u0103r\u0103 acum<\/em><\/strong><\/a><\/p>\n<p>alte pufuri care v-ar putea pl\u0103cea:<\/p>\n<p><a href=\"https:\/\/rmvapebang.com\/ro\/product\/okso-switch-kit-30k-50k-puffs-dual-model-disposable-vape-with-led-display\/\">kit de comutare pentru vaporizator de unic\u0103 folosin\u021b\u0103 de 30\/50k pufuri okso<\/a><\/p>\n<p><a href=\"https:\/\/rmvapebang.com\/ro\/product\/uwin-digital-68000-puffs-disposable-vape-with-smart-screen-type-c-rechargeable\/\">Vaporizator de unic\u0103 folosin\u021b\u0103 cu 68000 pufuri Uwin, pre\u021b de v\u00e2nzare fierbinte<\/a><\/p>\n<p><a href=\"https:\/\/rmvapebang.com\/ro\/product\/runchunfu-200k-puffs-vape-triple-flavor-2026-top-sale\/\">Vaporizator de unic\u0103 folosin\u021b\u0103 RUNCHUNFU cu 200000 pufuri, 3 \u00een 1, v\u00e2nzare fierbinte<\/a><\/p>","protected":false},"excerpt":{"rendered":"<p data-start=\"1244\" data-end=\"1417\"><span style=\"color: #ff0000\"><em><strong>NOT\u0102<\/strong>: Pre\u021burile de pe site nu includ taxa de transport. V\u0103 rug\u0103m s\u0103 ne trimite\u021bi codul po\u0219tal \u0219i adresa, astfel \u00eenc\u00e2t s\u0103 putem verifica costurile de transport pentru dumneavoastr\u0103.<\/em><\/span><br \/>\n<strong data-start=\"3225\" data-end=\"3270\">Vaporizator de unic\u0103 folosin\u021b\u0103 Airmez Matrix 30000 Pufuri<\/strong> are o <strong data-start=\"3282\" data-end=\"3302\">ecran tactil TFT<\/strong>, afi\u0219aj LED pentru baterie \u0219i lichid, putere reglabil\u0103, \u0219i <strong data-start=\"3360\" data-end=\"3398\">baterie re\u00eenc\u0103rcabil\u0103 Type-C de 800mAh<\/strong>. Cu <strong data-start=\"3405\" data-end=\"3419\">15 arome<\/strong> \u0219i <strong data-start=\"3424\" data-end=\"3445\">nicotin\u0103 2% sau 5%<\/strong>, ofer\u0103 performan\u021b\u0103 de durat\u0103 \u0219i fiabil\u0103.<\/p>\n<p data-start=\"1244\" data-end=\"1417\"><a href=\"https:\/\/wa.me\/8617840853976\"><strong><em>Whatsapp:+40 17840853976<\/em><\/strong><\/a><br \/>\n<img loading=\"lazy\" decoding=\"async\" class=\"alignnone size-medium wp-image-1905\" src=\"http:\/\/rmvapebang.com\/wp-content\/uploads\/2024\/03\/whatsapp-vape-2-202x300.jpg\" alt=\"\" width=\"202\" height=\"300\" \/><br \/>\n<strong>Scana\u021bi pe WhatsApp pentru un cupon pentru clien\u021bi noi<\/strong><\/p>","protected":false},"featured_media":5473,"comment_status":"open","ping_status":"closed","template":"","meta":{"_uag_custom_page_level_css":"","_lmt_disableupdate":"no","_lmt_disable":"","site-sidebar-layout":"no-sidebar","site-content-layout":"boxed-container","ast-site-content-layout":"normal-width-container","site-content-style":"boxed","site-sidebar-style":"boxed","ast-global-header-display":"","ast-banner-title-visibility":"","ast-main-header-display":"","ast-hfb-above-header-display":"","ast-hfb-below-header-display":"","ast-hfb-mobile-header-display":"","site-post-title":"","ast-breadcrumbs-content":"","ast-featured-img":"","footer-sml-layout":"","theme-transparent-header-meta":"default","adv-header-id-meta":"","stick-header-meta":"","header-above-stick-meta":"","header-main-stick-meta":"","header-below-stick-meta":"","astra-migrate-meta-layouts":"set","ast-page-background-enabled":"default","ast-page-background-meta":{"desktop":{"background-color":"","background-image":"","background-repeat":"repeat","background-position":"center center","background-size":"auto","background-attachment":"scroll","background-type":"","background-media":"","overlay-type":"","overlay-color":"","overlay-gradient":""},"tablet":{"background-color":"","background-image":"","background-repeat":"repeat","background-position":"center center","background-size":"auto","background-attachment":"scroll","background-type":"","background-media":"","overlay-type":"","overlay-color":"","overlay-gradient":""},"mobile":{"background-color":"","background-image":"","background-repeat":"repeat","background-position":"center center","background-size":"auto","background-attachment":"scroll","background-type":"","background-media":"","overlay-type":"","overlay-color":"","overlay-gradient":""}},"ast-content-background-meta":{"desktop":{"background-color":"var(--ast-global-color-5)","background-image":"","background-repeat":"repeat","background-position":"center center","background-size":"auto","background-attachment":"scroll","background-type":"","background-media":"","overlay-type":"","overlay-color":"","overlay-gradient":""},"tablet":{"background-color":"var(--ast-global-color-5)","background-image":"","background-repeat":"repeat","background-position":"center center","background-size":"auto","background-attachment":"scroll","background-type":"","background-media":"","overlay-type":"","overlay-color":"","overlay-gradient":""},"mobile":{"background-color":"var(--ast-global-color-5)","background-image":"","background-repeat":"repeat","background-position":"center center","background-size":"auto","background-attachment":"scroll","background-type":"","background-media":"","overlay-type":"","overlay-color":"","overlay-gradient":""}},"_joinchat":[]},"product_brand":[],"product_cat":[252,130,39,41,128,42,40,101,43],"product_tag":[102,103,50,61,58,53,52],"class_list":{"0":"post-5476","1":"product","2":"type-product","3":"status-publish","4":"has-post-thumbnail","6":"product_cat-airmez-vapes","7":"product_cat-digital-vapes-in-discount-price","8":"product_cat-france-wholesale-vape","9":"product_cat-netherlands-wholesale-vape","10":"product_cat-smart-display","11":"product_cat-spain-wholesale-vape","12":"product_cat-germany-wholesale-vape","13":"product_cat-vape-30000-puffs","14":"product_cat-vape-shop","15":"product_tag-30000-puffs","16":"product_tag-30k-puffs","17":"product_tag-bulk-price-vape-shop","18":"product_tag-good-sales-vape","19":"product_tag-moq-50pcs","20":"product_tag-rechargeable-vape","21":"product_tag-vape-wholesasle-price","22":"desktop-align-left","23":"tablet-align-left","24":"mobile-align-left","26":"first","27":"instock","28":"sale","29":"shipping-taxable","30":"purchasable","31":"product-type-simple"},"yoast_head":"<!-- This site is optimized with the Yoast SEO plugin v23.0 - https:\/\/yoast.com\/wordpress\/plugins\/seo\/ -->\n<title>Airmez Matrix 30000 Puffs Disposable Vape with LED Display Touch Screen - rmvapebang.com<\/title>\n<meta name=\"description\" content=\"Airmez Matrix 30000 Puffs disposable vape with LED display, touch screen control, Type-C rechargeable battery, 2% or 5% nicotine, and 15 flavors.\" \/>\n<meta name=\"robots\" content=\"index, follow, max-snippet:-1, max-image-preview:large, max-video-preview:-1\" \/>\n<link rel=\"canonical\" href=\"https:\/\/rmvapebang.com\/ro\/product\/airmez-matrix-30000-puffs-disposable-vape-with-led-display-touch-screen\/\" \/>\n<meta property=\"og:locale\" content=\"ro_RO\" \/>\n<meta property=\"og:type\" content=\"article\" \/>\n<meta property=\"og:title\" content=\"Airmez Matrix 30000 Puffs Disposable Vape with LED Display Touch Screen - rmvapebang.com\" \/>\n<meta property=\"og:description\" content=\"Airmez Matrix 30000 Puffs disposable vape with LED display, touch screen control, Type-C rechargeable battery, 2% or 5% nicotine, and 15 flavors.\" \/>\n<meta property=\"og:url\" content=\"https:\/\/rmvapebang.com\/ro\/product\/airmez-matrix-30000-puffs-disposable-vape-with-led-display-touch-screen\/\" \/>\n<meta property=\"og:site_name\" content=\"rmvapebang.com\" \/>\n<meta property=\"article:modified_time\" content=\"2026-01-13T09:24:20+00:00\" \/>\n<meta property=\"og:image\" content=\"http:\/\/rmvapebang.com\/wp-content\/uploads\/2026\/01\/airmez-matrix-30000-puffs-disposable-vape.webp\" \/>\n\t<meta property=\"og:image:width\" content=\"800\" \/>\n\t<meta property=\"og:image:height\" content=\"800\" \/>\n\t<meta property=\"og:image:type\" content=\"image\/webp\" \/>\n<meta name=\"twitter:card\" content=\"summary_large_image\" \/>\n<meta name=\"twitter:label1\" content=\"Timp estimat pentru citire\" \/>\n\t<meta name=\"twitter:data1\" content=\"3 minute\" \/>\n<script type=\"application\/ld+json\" class=\"yoast-schema-graph\">{\"@context\":\"https:\/\/schema.org\",\"@graph\":[{\"@type\":\"WebPage\",\"@id\":\"https:\/\/rmvapebang.com\/product\/airmez-matrix-30000-puffs-disposable-vape-with-led-display-touch-screen\/\",\"url\":\"https:\/\/rmvapebang.com\/product\/airmez-matrix-30000-puffs-disposable-vape-with-led-display-touch-screen\/\",\"name\":\"Airmez Matrix 30000 Puffs Disposable Vape with LED Display Touch Screen - rmvapebang.com\",\"isPartOf\":{\"@id\":\"https:\/\/rmvapebang.com\/#website\"},\"primaryImageOfPage\":{\"@id\":\"https:\/\/rmvapebang.com\/product\/airmez-matrix-30000-puffs-disposable-vape-with-led-display-touch-screen\/#primaryimage\"},\"image\":{\"@id\":\"https:\/\/rmvapebang.com\/product\/airmez-matrix-30000-puffs-disposable-vape-with-led-display-touch-screen\/#primaryimage\"},\"thumbnailUrl\":\"https:\/\/rmvapebang.com\/wp-content\/uploads\/2026\/01\/airmez-matrix-30000-puffs-disposable-vape.webp\",\"datePublished\":\"2026-01-13T08:06:29+00:00\",\"dateModified\":\"2026-01-13T09:24:20+00:00\",\"description\":\"Airmez Matrix 30000 Puffs disposable vape with LED display, touch screen control, Type-C rechargeable battery, 2% or 5% nicotine, and 15 flavors.\",\"breadcrumb\":{\"@id\":\"https:\/\/rmvapebang.com\/product\/airmez-matrix-30000-puffs-disposable-vape-with-led-display-touch-screen\/#breadcrumb\"},\"inLanguage\":\"ro-RO\",\"potentialAction\":[{\"@type\":\"ReadAction\",\"target\":[\"https:\/\/rmvapebang.com\/product\/airmez-matrix-30000-puffs-disposable-vape-with-led-display-touch-screen\/\"]}]},{\"@type\":\"ImageObject\",\"inLanguage\":\"ro-RO\",\"@id\":\"https:\/\/rmvapebang.com\/product\/airmez-matrix-30000-puffs-disposable-vape-with-led-display-touch-screen\/#primaryimage\",\"url\":\"https:\/\/rmvapebang.com\/wp-content\/uploads\/2026\/01\/airmez-matrix-30000-puffs-disposable-vape.webp\",\"contentUrl\":\"https:\/\/rmvapebang.com\/wp-content\/uploads\/2026\/01\/airmez-matrix-30000-puffs-disposable-vape.webp\",\"width\":800,\"height\":800,\"caption\":\"airmez-matrix-30000-puffs-disposable-vape\"},{\"@type\":\"BreadcrumbList\",\"@id\":\"https:\/\/rmvapebang.com\/product\/airmez-matrix-30000-puffs-disposable-vape-with-led-display-touch-screen\/#breadcrumb\",\"itemListElement\":[{\"@type\":\"ListItem\",\"position\":1,\"name\":\"Home\",\"item\":\"https:\/\/rmvapebang.com\/\"},{\"@type\":\"ListItem\",\"position\":2,\"name\":\"Hot Vape Shop\",\"item\":\"https:\/\/rmvapebang.com\/shop-page\/\"},{\"@type\":\"ListItem\",\"position\":3,\"name\":\"Airmez Matrix 30000 Puffs Disposable Vape with LED Display Touch Screen\"}]},{\"@type\":\"WebSite\",\"@id\":\"https:\/\/rmvapebang.com\/#website\",\"url\":\"https:\/\/rmvapebang.com\/\",\"name\":\"rmvapebang.com\",\"description\":\"buy vape cheap\",\"publisher\":{\"@id\":\"https:\/\/rmvapebang.com\/#organization\"},\"potentialAction\":[{\"@type\":\"SearchAction\",\"target\":{\"@type\":\"EntryPoint\",\"urlTemplate\":\"https:\/\/rmvapebang.com\/?s={search_term_string}\"},\"query-input\":\"required name=search_term_string\"}],\"inLanguage\":\"ro-RO\"},{\"@type\":\"Organization\",\"@id\":\"https:\/\/rmvapebang.com\/#organization\",\"name\":\"rmvapebang.com\",\"url\":\"https:\/\/rmvapebang.com\/\",\"logo\":{\"@type\":\"ImageObject\",\"inLanguage\":\"ro-RO\",\"@id\":\"https:\/\/rmvapebang.com\/#\/schema\/logo\/image\/\",\"url\":\"https:\/\/rmvapebang.com\/wp-content\/uploads\/2024\/03\/cropped-RVBlogo.png\",\"contentUrl\":\"https:\/\/rmvapebang.com\/wp-content\/uploads\/2024\/03\/cropped-RVBlogo.png\",\"width\":507,\"height\":169,\"caption\":\"rmvapebang.com\"},\"image\":{\"@id\":\"https:\/\/rmvapebang.com\/#\/schema\/logo\/image\/\"}}]}<\/script>\n<!-- \/ Yoast SEO plugin. -->","yoast_head_json":{"title":"Airmez Matrix 30000 Puffs Disposable Vape with LED Display Touch Screen - rmvapebang.com","description":"Airmez Matrix 30000 Puffs disposable vape with LED display, touch screen control, Type-C rechargeable battery, 2% or 5% nicotine, and 15 flavors.","robots":{"index":"index","follow":"follow","max-snippet":"max-snippet:-1","max-image-preview":"max-image-preview:large","max-video-preview":"max-video-preview:-1"},"canonical":"https:\/\/rmvapebang.com\/ro\/product\/airmez-matrix-30000-puffs-disposable-vape-with-led-display-touch-screen\/","og_locale":"ro_RO","og_type":"article","og_title":"Airmez Matrix 30000 Puffs Disposable Vape with LED Display Touch Screen - rmvapebang.com","og_description":"Airmez Matrix 30000 Puffs disposable vape with LED display, touch screen control, Type-C rechargeable battery, 2% or 5% nicotine, and 15 flavors.","og_url":"https:\/\/rmvapebang.com\/ro\/product\/airmez-matrix-30000-puffs-disposable-vape-with-led-display-touch-screen\/","og_site_name":"rmvapebang.com","article_modified_time":"2026-01-13T09:24:20+00:00","og_image":[{"width":800,"height":800,"url":"http:\/\/rmvapebang.com\/wp-content\/uploads\/2026\/01\/airmez-matrix-30000-puffs-disposable-vape.webp","type":"image\/webp"}],"twitter_card":"summary_large_image","twitter_misc":{"Timp estimat pentru citire":"3 minute"},"schema":{"@context":"https:\/\/schema.org","@graph":[{"@type":"WebPage","@id":"https:\/\/rmvapebang.com\/product\/airmez-matrix-30000-puffs-disposable-vape-with-led-display-touch-screen\/","url":"https:\/\/rmvapebang.com\/product\/airmez-matrix-30000-puffs-disposable-vape-with-led-display-touch-screen\/","name":"Airmez Matrix 30000 Puffs Disposable Vape with LED Display Touch Screen - rmvapebang.com","isPartOf":{"@id":"https:\/\/rmvapebang.com\/#website"},"primaryImageOfPage":{"@id":"https:\/\/rmvapebang.com\/product\/airmez-matrix-30000-puffs-disposable-vape-with-led-display-touch-screen\/#primaryimage"},"image":{"@id":"https:\/\/rmvapebang.com\/product\/airmez-matrix-30000-puffs-disposable-vape-with-led-display-touch-screen\/#primaryimage"},"thumbnailUrl":"https:\/\/rmvapebang.com\/wp-content\/uploads\/2026\/01\/airmez-matrix-30000-puffs-disposable-vape.webp","datePublished":"2026-01-13T08:06:29+00:00","dateModified":"2026-01-13T09:24:20+00:00","description":"Airmez Matrix 30000 Puffs disposable vape with LED display, touch screen control, Type-C rechargeable battery, 2% or 5% nicotine, and 15 flavors.","breadcrumb":{"@id":"https:\/\/rmvapebang.com\/product\/airmez-matrix-30000-puffs-disposable-vape-with-led-display-touch-screen\/#breadcrumb"},"inLanguage":"ro-RO","potentialAction":[{"@type":"ReadAction","target":["https:\/\/rmvapebang.com\/product\/airmez-matrix-30000-puffs-disposable-vape-with-led-display-touch-screen\/"]}]},{"@type":"ImageObject","inLanguage":"ro-RO","@id":"https:\/\/rmvapebang.com\/product\/airmez-matrix-30000-puffs-disposable-vape-with-led-display-touch-screen\/#primaryimage","url":"https:\/\/rmvapebang.com\/wp-content\/uploads\/2026\/01\/airmez-matrix-30000-puffs-disposable-vape.webp","contentUrl":"https:\/\/rmvapebang.com\/wp-content\/uploads\/2026\/01\/airmez-matrix-30000-puffs-disposable-vape.webp","width":800,"height":800,"caption":"airmez-matrix-30000-puffs-disposable-vape"},{"@type":"BreadcrumbList","@id":"https:\/\/rmvapebang.com\/product\/airmez-matrix-30000-puffs-disposable-vape-with-led-display-touch-screen\/#breadcrumb","itemListElement":[{"@type":"ListItem","position":1,"name":"Home","item":"https:\/\/rmvapebang.com\/"},{"@type":"ListItem","position":2,"name":"Hot Vape Shop","item":"https:\/\/rmvapebang.com\/shop-page\/"},{"@type":"ListItem","position":3,"name":"Airmez Matrix 30000 Puffs Disposable Vape with LED Display Touch Screen"}]},{"@type":"WebSite","@id":"https:\/\/rmvapebang.com\/#website","url":"https:\/\/rmvapebang.com\/","name":"rmvapebang.com","description":"buy vape cheap","publisher":{"@id":"https:\/\/rmvapebang.com\/#organization"},"potentialAction":[{"@type":"SearchAction","target":{"@type":"EntryPoint","urlTemplate":"https:\/\/rmvapebang.com\/?s={search_term_string}"},"query-input":"required name=search_term_string"}],"inLanguage":"ro-RO"},{"@type":"Organization","@id":"https:\/\/rmvapebang.com\/#organization","name":"rmvapebang.com","url":"https:\/\/rmvapebang.com\/","logo":{"@type":"ImageObject","inLanguage":"ro-RO","@id":"https:\/\/rmvapebang.com\/#\/schema\/logo\/image\/","url":"https:\/\/rmvapebang.com\/wp-content\/uploads\/2024\/03\/cropped-RVBlogo.png","contentUrl":"https:\/\/rmvapebang.com\/wp-content\/uploads\/2024\/03\/cropped-RVBlogo.png","width":507,"height":169,"caption":"rmvapebang.com"},"image":{"@id":"https:\/\/rmvapebang.com\/#\/schema\/logo\/image\/"}}]}},"uagb_featured_image_src":{"full":["https:\/\/rmvapebang.com\/wp-content\/uploads\/2026\/01\/airmez-matrix-30000-puffs-disposable-vape.webp",800,800,false],"thumbnail":["https:\/\/rmvapebang.com\/wp-content\/uploads\/2026\/01\/airmez-matrix-30000-puffs-disposable-vape-150x150.webp",150,150,true],"medium":["https:\/\/rmvapebang.com\/wp-content\/uploads\/2026\/01\/airmez-matrix-30000-puffs-disposable-vape-300x300.webp",300,300,true],"medium_large":["https:\/\/rmvapebang.com\/wp-content\/uploads\/2026\/01\/airmez-matrix-30000-puffs-disposable-vape-768x768.webp",768,768,true],"large":["https:\/\/rmvapebang.com\/wp-content\/uploads\/2026\/01\/airmez-matrix-30000-puffs-disposable-vape.webp",800,800,false],"1536x1536":["https:\/\/rmvapebang.com\/wp-content\/uploads\/2026\/01\/airmez-matrix-30000-puffs-disposable-vape.webp",800,800,false],"2048x2048":["https:\/\/rmvapebang.com\/wp-content\/uploads\/2026\/01\/airmez-matrix-30000-puffs-disposable-vape.webp",800,800,false],"trp-custom-language-flag":["https:\/\/rmvapebang.com\/wp-content\/uploads\/2026\/01\/airmez-matrix-30000-puffs-disposable-vape-12x12.webp",12,12,true],"woocommerce_thumbnail":["https:\/\/rmvapebang.com\/wp-content\/uploads\/2026\/01\/airmez-matrix-30000-puffs-disposable-vape-300x300.webp",300,300,true],"woocommerce_single":["https:\/\/rmvapebang.com\/wp-content\/uploads\/2026\/01\/airmez-matrix-30000-puffs-disposable-vape-600x600.webp",600,600,true],"woocommerce_gallery_thumbnail":["https:\/\/rmvapebang.com\/wp-content\/uploads\/2026\/01\/airmez-matrix-30000-puffs-disposable-vape-100x100.webp",100,100,true],"wcpr-photo-reviews":["https:\/\/rmvapebang.com\/wp-content\/uploads\/2026\/01\/airmez-matrix-30000-puffs-disposable-vape.webp",500,500,false]},"uagb_author_info":{"display_name":"Lyn","author_link":"https:\/\/rmvapebang.com\/ro\/author\/"},"uagb_comment_info":0,"uagb_excerpt":"NOTE: Prices on the website don\u2019t include shipping fee. Please send your zip code and address that we can check shipping costs for you. Airmez Matrix 30000 Puffs Disposable Vape features a TFT touch screen, LED battery and e-liquid display, adjustable power, and Type-C rechargeable 800mAh battery. With 15 flavors and 2% or 5% nicotine,&hellip;","_links":{"self":[{"href":"https:\/\/rmvapebang.com\/ro\/wp-json\/wp\/v2\/product\/5476","targetHints":{"allow":["GET"]}}],"collection":[{"href":"https:\/\/rmvapebang.com\/ro\/wp-json\/wp\/v2\/product"}],"about":[{"href":"https:\/\/rmvapebang.com\/ro\/wp-json\/wp\/v2\/types\/product"}],"replies":[{"embeddable":true,"href":"https:\/\/rmvapebang.com\/ro\/wp-json\/wp\/v2\/comments?post=5476"}],"wp:featuredmedia":[{"embeddable":true,"href":"https:\/\/rmvapebang.com\/ro\/wp-json\/wp\/v2\/media\/5473"}],"wp:attachment":[{"href":"https:\/\/rmvapebang.com\/ro\/wp-json\/wp\/v2\/media?parent=5476"}],"wp:term":[{"taxonomy":"product_brand","embeddable":true,"href":"https:\/\/rmvapebang.com\/ro\/wp-json\/wp\/v2\/product_brand?post=5476"},{"taxonomy":"product_cat","embeddable":true,"href":"https:\/\/rmvapebang.com\/ro\/wp-json\/wp\/v2\/product_cat?post=5476"},{"taxonomy":"product_tag","embeddable":true,"href":"https:\/\/rmvapebang.com\/ro\/wp-json\/wp\/v2\/product_tag?post=5476"}],"curies":[{"name":"wp","href":"https:\/\/api.w.org\/{rel}","templated":true}]}}