{"id":5237,"date":"2025-11-20T15:34:55","date_gmt":"2025-11-20T07:34:55","guid":{"rendered":"https:\/\/rmvapebang.com\/?post_type=product&#038;p=5237"},"modified":"2025-11-12T16:48:08","modified_gmt":"2025-11-12T08:48:08","slug":"merrymi-16000-disposable-vape-puffs-bulk-discount-top-seller","status":"publish","type":"product","link":"https:\/\/rmvapebang.com\/ro\/product\/merrymi-16000-disposable-vape-puffs-bulk-discount-top-seller\/","title":{"rendered":"MERRYMi 16000 Pufuri de Vape Disposable, Reducere en-gros, Cel mai v\u00e2ndut"},"content":{"rendered":"<h2 style=\"text-align: left\">MERRYMi 16000 Pufuri de Vape Disposable, Reducere en-gros, Cel mai v\u00e2ndut<\/h2>\n<p>MERRYMi 16000 Vape de unic\u0103 folosin\u021b\u0103 Pufuri Discount en-gros Cel mai v\u00e2ndut are un design compact cu performan\u021b\u0103 superioar\u0103, f\u0103c\u00e2nd ca vape-ul digital de 16k s\u0103 fie potrivit at\u00e2t pentru utilizatori individuali, c\u00e2t \u0219i pentru distribuitorii din Rom\u00e2nia. <a href=\"https:\/\/rmvapebang.com\/ro\/product-category\/vape-16000-puffs\/\"><em><strong>16000 pufuri de \u021bigar\u0103 electronic\u0103 de unic\u0103 folosin\u021b\u0103<\/strong> <\/em><\/a>dispune de o durat\u0103 de via\u021b\u0103 a bateriei de p\u00e2n\u0103 la 16.000 de pufuri, o baterie re\u00eenc\u0103rcabil\u0103 \u00eencorporat\u0103 de 620mAh \u0219i o interfa\u021b\u0103 Type-C, asigur\u00e2nd o alimentare stabil\u0103 \u0219i o experien\u021b\u0103 de vaping mai lin\u0103.<\/p>\n<p>Vape-ul <a href=\"https:\/\/rmvapebang.com\/ro\/product-category\/vape-16000-puffs\/\"><em><strong>vape de unic\u0103 folosin\u021b\u0103 16000<\/strong><\/em><\/a> au un design cu dual mod care permite utilizatorilor s\u0103 aleag\u0103 flexibil \u00eentre rezisten\u021ba str\u00e2ns\u0103 la inhalare \u0219i produc\u021bia bogat\u0103 de vapori, satisf\u0103c\u00e2nd at\u00e2t nevoile de vaping MTL, c\u00e2t \u0219i DTL, iar capacitatea de 20ml de lichid e-juice asigur\u0103 o durat\u0103 lung\u0103 de utilizare pentru vapori.<\/p>\n<p>De asemenea, toate stocurile noastre de vape Merrymi 16000 pufuri sunt \u00een depozitul nostru din Rom\u00e2nia, f\u0103c\u00e2nd ca <em><strong>MERRYMI vape<\/strong><\/em>\u00a0<span style=\"font-size: 20px\">s\u0103 poat\u0103 fi livrat rapid dup\u0103 plasarea comenzii, reduc\u00e2nd timpul de livrare \u0219i permi\u021b\u00e2ndu-v\u0103 s\u0103 v\u0103 bucura\u021bi mai devreme de vape-ul de unic\u0103 folosin\u021b\u0103 perfect. Pe pia\u021ba european\u0103, nu doar pentru uz personal sau retail, MERRYMi 16000 este o alegere ideal\u0103 cu un raport excelent calitate-pre\u021b \u00een pia\u021ba vape-urilor de 16000 pufuri.<\/span><\/p>\n<figure id=\"attachment_5206\" aria-describedby=\"caption-attachment-5206\" style=\"width: 800px\" class=\"wp-caption alignnone\"><img loading=\"lazy\" decoding=\"async\" class=\"wp-image-5206 size-full\" src=\"http:\/\/rmvapebang.com\/wp-content\/uploads\/2025\/10\/merrymi-Disposable-vape-puffs-16000-Bulk-Price.webp\" alt=\"merrymi Vape de unic\u0103 folosin\u021b\u0103 pufuri 16000 Pre\u021b en-gros\" width=\"800\" height=\"800\" srcset=\"https:\/\/rmvapebang.com\/wp-content\/uploads\/2025\/10\/merrymi-Disposable-vape-puffs-16000-Bulk-Price.webp 800w, https:\/\/rmvapebang.com\/wp-content\/uploads\/2025\/10\/merrymi-Disposable-vape-puffs-16000-Bulk-Price-300x300.webp 300w, https:\/\/rmvapebang.com\/wp-content\/uploads\/2025\/10\/merrymi-Disposable-vape-puffs-16000-Bulk-Price-150x150.webp 150w, https:\/\/rmvapebang.com\/wp-content\/uploads\/2025\/10\/merrymi-Disposable-vape-puffs-16000-Bulk-Price-768x768.webp 768w, https:\/\/rmvapebang.com\/wp-content\/uploads\/2025\/10\/merrymi-Disposable-vape-puffs-16000-Bulk-Price-12x12.webp 12w, https:\/\/rmvapebang.com\/wp-content\/uploads\/2025\/10\/merrymi-Disposable-vape-puffs-16000-Bulk-Price-600x600.webp 600w, https:\/\/rmvapebang.com\/wp-content\/uploads\/2025\/10\/merrymi-Disposable-vape-puffs-16000-Bulk-Price-100x100.webp 100w\" sizes=\"auto, (max-width: 800px) 100vw, 800px\" \/><figcaption id=\"caption-attachment-5206\" class=\"wp-caption-text\">merrymi Vape de unic\u0103 folosin\u021b\u0103 pufuri 16000 Pre\u021b en-gros<\/figcaption><\/figure>\n<h2>Digital vape merrymi 30000 pufuri Caracteristici<\/h2>\n<p>\ud83c\udf08 <em><strong><span style=\"color: #ff0000\">16000 de pufuri<\/span><\/strong><\/em> \u2014 performan\u021b\u0103 zilnic\u0103 echilibrat\u0103 pentru utilizare prelungit\u0103<br \/>\n\ud83d\udca7 <em><strong><span style=\"color: #ff0000\">20ml lichid e-juice<\/span><\/strong><\/em> \u2014 ofert\u0103 generoas\u0103 de arom\u0103 \u00eentr-un corp compact<br \/>\n\ud83d\udd0b <em><strong><span style=\"color: #ff0000\">620mAh<\/span> <\/strong><\/em>re\u00eenc\u0103rcabil \u2014 baterie fiabil\u0103 cu \u00eenc\u0103rcare rapid\u0103 Type-C<br \/>\n\u2699\ufe0f Dual Mode \u2014 comutare u\u0219oar\u0103 \u00eentre vaping MTL \u0219i DTL<br \/>\n\ud83d\udca1 Ecran LED \u2014 vizibilitate clar\u0103 a st\u0103rii bateriei \u0219i a pufurilor<\/p>\n<h2><strong>Arome pentru vape de unic\u0103 folosin\u021b\u0103 MERRYMI 16000 de pufuri<\/strong><\/h2>\n<p>1. Jagermaister<br \/>\n2. Miami ment\u0103<br \/>\n3. Ghea\u021b\u0103 de pepene ro\u0219u<br \/>\n4. C\u0103p\u0219un\u0103 kiwi<br \/>\n5. Ursule\u021b de gum\u0103<br \/>\n6. Piersic\u0103 roz<br \/>\n7. Cire\u0219 negru cu lime<br \/>\n8. Cactus caramel<br \/>\n9. Afine pepene verde<br \/>\n10. Lychee ghea\u021b\u0103<br \/>\n11. Aloe coac\u0103ze negre<br \/>\n12. Fructe de p\u0103dure mixte<br \/>\n13. Energie ro\u0219ie<br \/>\n14. Kiwi pasiune<br \/>\n15. Strugure ghea\u021b\u0103<br \/>\n16. M\u0103r acru<br \/>\n17. Blue razz ghea\u021b\u0103<br \/>\n18. Cola cu cire\u0219e<br \/>\n19. Fructul dragonului<br \/>\n20. Flac\u0103r\u0103 molcom\u0103<br \/>\n21. Limonad\u0103 cucu<br \/>\n22. Georgie piersic\u0103<br \/>\n23. Kiwi cu ghea\u021b\u0103 portocalie<br \/>\n24. Limonad\u0103 roz<br \/>\n25. Suc de ananas \u0219i portocal\u0103<\/p>\n<h2>\u00centreb\u0103ri frecvente:<\/h2>\n<p><strong>Q1: Este vape-ul disposable MERRYMi 16000 potrivit pentru utilizare personal\u0103 \u0219i de retail?<\/strong><br \/>\nA1: Da, capacitatea de 16000 de pufuri \u0219i configura\u021bia dual\u0103 fac ca vape-ul merrymi s\u0103 fie ideal pentru vaperii personali \u0219i resellerii din magazine.<\/p>\n<p><strong>Q2: Afi\u0219ajul LED al vape-ului merrymi arat\u0103 nivelul de putere \u0219i lichidul e-liquid?<\/strong><br \/>\nA2: Da, ecranul LED inteligent ajut\u0103 utilizatorii s\u0103 monitorizeze \u00eenc\u0103rcarea \u0219i utilizarea vape-ului pentru confort optim.<\/p>\n<p><strong>Q3: Este vape-ul disposable merrymi 16000 pufuri re\u00eenc\u0103rcabil?<\/strong><br \/>\nA: Desigur. 16000 de pufuri cu bateria de 620mAh suport\u0103 \u00eenc\u0103rcare Type-C, reduc\u00e2nd timpul de nefunc\u021bionare \u00een timpul utiliz\u0103rii zilnice.<\/p>\n<p><strong>Q4: Cum func\u021bioneaz\u0103 modul dual al vape-ului merrymi de 16k pufuri?<\/strong><br \/>\nA4: Vaperii pot comuta \u00eentre experien\u021bele MTL \u0219i DTL \u2014 unul pentru tragere mai str\u00e2ns\u0103, unul pentru vapori mai bogati.<\/p>\n<p><strong>Contacta\u021bi-l pe Lyn pentru mai multe videoclipuri cu produse!<\/strong><\/p>\n<p><a href=\"https:\/\/wa.me\/8617840853976\"><span style=\"color: #ff6600\"><strong><em>Whatsapp:+40 17840853976<\/em><\/strong><\/span><\/a><\/p>\n<p><img loading=\"lazy\" decoding=\"async\" class=\"alignnone size-medium wp-image-1905\" src=\"http:\/\/rmvapebang.com\/wp-content\/uploads\/2024\/03\/whatsapp-vape-2-202x300.jpg\" alt=\"\" width=\"202\" height=\"300\" \/><\/p>\n<p>G\u0103si\u021bi mai multe produse care v-ar putea pl\u0103cea:<a href=\"https:\/\/rmvapebang.com\/ro\/shop-page\/\"><strong><em>Cump\u0103r\u0103 acum<\/em><\/strong><\/a><\/p>\n<p>alte pufuri care v-ar putea pl\u0103cea:\u00a0<a href=\"https:\/\/rmvapebang.com\/ro\/product\/top-sale-disposable-bang-leader-vape-110000-puffs\/\">Lider Bang 110k pufuri vape<\/a>\/ <a href=\"https:\/\/rmvapebang.com\/ro\/product\/adalya-16000-puffs-disposable-top-sale-bulk-price-vape\/\">Vape de unic\u0103 folosin\u021b\u0103 Adalya 16000 Pufuri<\/a>\/ <a href=\"https:\/\/rmvapebang.com\/ro\/product\/digital-screen-uwin-tornado-60000-puff-vape-bulk-triple-flavor\/\">Uwin Digital 60000 pufuri<\/a>\/<a href=\"https:\/\/rmvapebang.com\/ro\/product\/fizzy-pandora-12000-smart-vape-hot-sale-wholesale\/\"> Vape FIZZY Pandora 12000 pufuri<\/a><\/p>","protected":false},"excerpt":{"rendered":"<p data-start=\"1244\" data-end=\"1417\"><span style=\"color: #ff0000\"><em><strong>NOT\u0102<\/strong>: Pre\u021burile de pe site nu includ taxa de transport. V\u0103 rug\u0103m s\u0103 ne trimite\u021bi codul po\u0219tal \u0219i adresa, astfel \u00eenc\u00e2t s\u0103 putem verifica costurile de transport pentru dumneavoastr\u0103.<\/em><\/span><br \/>\n<strong data-start=\"2282\" data-end=\"2299\">MERRYMi 16000<\/strong> iese \u00een eviden\u021b\u0103 prin putere, dual airflow \u0219i design modern. Un <strong data-start=\"2366\" data-end=\"2404\">vape de unic\u0103 folosin\u021b\u0103 de \u00eencredere pentru distribuitorii din Rom\u00e2nia<\/strong>, oferind at\u00e2t marje mari, c\u00e2t \u0219i un atractiv puternic pentru clien\u021bi.<\/p>\n<p><a href=\"https:\/\/wa.me\/8617840853976\"><strong><em>Whatsapp:+40 17840853976<\/em><\/strong><\/a><\/p>\n<p><img loading=\"lazy\" decoding=\"async\" class=\"alignnone size-medium wp-image-1905\" src=\"http:\/\/rmvapebang.com\/wp-content\/uploads\/2024\/03\/whatsapp-vape-2-202x300.jpg\" alt=\"\" width=\"202\" height=\"300\" \/><br \/>\n<strong>Scana\u021bi pe WhatsApp pentru un cupon pentru clien\u021bi noi<\/strong><\/p>","protected":false},"featured_media":5208,"comment_status":"open","ping_status":"closed","template":"","meta":{"_uag_custom_page_level_css":"","_lmt_disableupdate":"no","_lmt_disable":"","site-sidebar-layout":"no-sidebar","site-content-layout":"boxed-container","ast-site-content-layout":"normal-width-container","site-content-style":"boxed","site-sidebar-style":"boxed","ast-global-header-display":"","ast-banner-title-visibility":"","ast-main-header-display":"","ast-hfb-above-header-display":"","ast-hfb-below-header-display":"","ast-hfb-mobile-header-display":"","site-post-title":"","ast-breadcrumbs-content":"","ast-featured-img":"","footer-sml-layout":"","theme-transparent-header-meta":"default","adv-header-id-meta":"","stick-header-meta":"","header-above-stick-meta":"","header-main-stick-meta":"","header-below-stick-meta":"","astra-migrate-meta-layouts":"set","ast-page-background-enabled":"default","ast-page-background-meta":{"desktop":{"background-color":"","background-image":"","background-repeat":"repeat","background-position":"center center","background-size":"auto","background-attachment":"scroll","background-type":"","background-media":"","overlay-type":"","overlay-color":"","overlay-gradient":""},"tablet":{"background-color":"","background-image":"","background-repeat":"repeat","background-position":"center center","background-size":"auto","background-attachment":"scroll","background-type":"","background-media":"","overlay-type":"","overlay-color":"","overlay-gradient":""},"mobile":{"background-color":"","background-image":"","background-repeat":"repeat","background-position":"center center","background-size":"auto","background-attachment":"scroll","background-type":"","background-media":"","overlay-type":"","overlay-color":"","overlay-gradient":""}},"ast-content-background-meta":{"desktop":{"background-color":"var(--ast-global-color-5)","background-image":"","background-repeat":"repeat","background-position":"center center","background-size":"auto","background-attachment":"scroll","background-type":"","background-media":"","overlay-type":"","overlay-color":"","overlay-gradient":""},"tablet":{"background-color":"var(--ast-global-color-5)","background-image":"","background-repeat":"repeat","background-position":"center center","background-size":"auto","background-attachment":"scroll","background-type":"","background-media":"","overlay-type":"","overlay-color":"","overlay-gradient":""},"mobile":{"background-color":"var(--ast-global-color-5)","background-image":"","background-repeat":"repeat","background-position":"center center","background-size":"auto","background-attachment":"scroll","background-type":"","background-media":"","overlay-type":"","overlay-color":"","overlay-gradient":""}},"_joinchat":[]},"product_brand":[],"product_cat":[39,255,41,42,40,112,43],"product_tag":[113,114,50,61,58,53,52],"class_list":{"0":"post-5237","1":"product","2":"type-product","3":"status-publish","4":"has-post-thumbnail","6":"product_cat-france-wholesale-vape","7":"product_cat-merrymi-vapes","8":"product_cat-netherlands-wholesale-vape","9":"product_cat-spain-wholesale-vape","10":"product_cat-germany-wholesale-vape","11":"product_cat-vape-16000-puffs","12":"product_cat-vape-shop","13":"product_tag-16000-puffs","14":"product_tag-16k-puffs","15":"product_tag-bulk-price-vape-shop","16":"product_tag-good-sales-vape","17":"product_tag-moq-50pcs","18":"product_tag-rechargeable-vape","19":"product_tag-vape-wholesasle-price","20":"desktop-align-left","21":"tablet-align-left","22":"mobile-align-left","24":"first","25":"instock","26":"sale","27":"shipping-taxable","28":"purchasable","29":"product-type-simple"},"yoast_head":"<!-- This site is optimized with the Yoast SEO plugin v23.0 - https:\/\/yoast.com\/wordpress\/plugins\/seo\/ -->\n<title>MERRYMi 16000 Disposable Vape Puffs Bulk Discount Top Seller - rmvapebang.com<\/title>\n<meta name=\"description\" content=\"Order MERRYMi 16000 Disposable Vape at bulk discount. Dual mode, Type-C charging, and EU fast shipping\u2014perfect for retailers!\" \/>\n<meta name=\"robots\" content=\"index, follow, max-snippet:-1, max-image-preview:large, max-video-preview:-1\" \/>\n<link rel=\"canonical\" href=\"https:\/\/rmvapebang.com\/ro\/product\/merrymi-16000-disposable-vape-puffs-bulk-discount-top-seller\/\" \/>\n<meta property=\"og:locale\" content=\"ro_RO\" \/>\n<meta property=\"og:type\" content=\"article\" \/>\n<meta property=\"og:title\" content=\"MERRYMi 16000 Disposable Vape Puffs Bulk Discount Top Seller - rmvapebang.com\" \/>\n<meta property=\"og:description\" content=\"Order MERRYMi 16000 Disposable Vape at bulk discount. Dual mode, Type-C charging, and EU fast shipping\u2014perfect for retailers!\" \/>\n<meta property=\"og:url\" content=\"https:\/\/rmvapebang.com\/ro\/product\/merrymi-16000-disposable-vape-puffs-bulk-discount-top-seller\/\" \/>\n<meta property=\"og:site_name\" content=\"rmvapebang.com\" \/>\n<meta property=\"article:modified_time\" content=\"2025-11-12T08:48:08+00:00\" \/>\n<meta property=\"og:image\" content=\"https:\/\/rmvapebang.com\/wp-content\/uploads\/2025\/10\/merrymi-Digital-Vape-16000-puffs-Discount-Sale.webp\" \/>\n\t<meta property=\"og:image:width\" content=\"800\" \/>\n\t<meta property=\"og:image:height\" content=\"800\" \/>\n\t<meta property=\"og:image:type\" content=\"image\/webp\" \/>\n<meta name=\"twitter:card\" content=\"summary_large_image\" \/>\n<meta name=\"twitter:label1\" content=\"Timp estimat pentru citire\" \/>\n\t<meta name=\"twitter:data1\" content=\"3 minute\" \/>\n<script type=\"application\/ld+json\" class=\"yoast-schema-graph\">{\"@context\":\"https:\/\/schema.org\",\"@graph\":[{\"@type\":\"WebPage\",\"@id\":\"https:\/\/rmvapebang.com\/product\/merrymi-16000-disposable-vape-puffs-bulk-discount-top-seller\/\",\"url\":\"https:\/\/rmvapebang.com\/product\/merrymi-16000-disposable-vape-puffs-bulk-discount-top-seller\/\",\"name\":\"MERRYMi 16000 Disposable Vape Puffs Bulk Discount Top Seller - rmvapebang.com\",\"isPartOf\":{\"@id\":\"https:\/\/rmvapebang.com\/#website\"},\"primaryImageOfPage\":{\"@id\":\"https:\/\/rmvapebang.com\/product\/merrymi-16000-disposable-vape-puffs-bulk-discount-top-seller\/#primaryimage\"},\"image\":{\"@id\":\"https:\/\/rmvapebang.com\/product\/merrymi-16000-disposable-vape-puffs-bulk-discount-top-seller\/#primaryimage\"},\"thumbnailUrl\":\"https:\/\/rmvapebang.com\/wp-content\/uploads\/2025\/10\/merrymi-Digital-Vape-16000-puffs-Discount-Sale.webp\",\"datePublished\":\"2025-11-20T07:34:55+00:00\",\"dateModified\":\"2025-11-12T08:48:08+00:00\",\"description\":\"Order MERRYMi 16000 Disposable Vape at bulk discount. Dual mode, Type-C charging, and EU fast shipping\u2014perfect for retailers!\",\"breadcrumb\":{\"@id\":\"https:\/\/rmvapebang.com\/product\/merrymi-16000-disposable-vape-puffs-bulk-discount-top-seller\/#breadcrumb\"},\"inLanguage\":\"ro-RO\",\"potentialAction\":[{\"@type\":\"ReadAction\",\"target\":[\"https:\/\/rmvapebang.com\/product\/merrymi-16000-disposable-vape-puffs-bulk-discount-top-seller\/\"]}]},{\"@type\":\"ImageObject\",\"inLanguage\":\"ro-RO\",\"@id\":\"https:\/\/rmvapebang.com\/product\/merrymi-16000-disposable-vape-puffs-bulk-discount-top-seller\/#primaryimage\",\"url\":\"https:\/\/rmvapebang.com\/wp-content\/uploads\/2025\/10\/merrymi-Digital-Vape-16000-puffs-Discount-Sale.webp\",\"contentUrl\":\"https:\/\/rmvapebang.com\/wp-content\/uploads\/2025\/10\/merrymi-Digital-Vape-16000-puffs-Discount-Sale.webp\",\"width\":800,\"height\":800,\"caption\":\"merrymi Digital Vape 16000 puffs Discount Sale\"},{\"@type\":\"BreadcrumbList\",\"@id\":\"https:\/\/rmvapebang.com\/product\/merrymi-16000-disposable-vape-puffs-bulk-discount-top-seller\/#breadcrumb\",\"itemListElement\":[{\"@type\":\"ListItem\",\"position\":1,\"name\":\"Home\",\"item\":\"https:\/\/rmvapebang.com\/\"},{\"@type\":\"ListItem\",\"position\":2,\"name\":\"Hot Vape Shop\",\"item\":\"https:\/\/rmvapebang.com\/shop-page\/\"},{\"@type\":\"ListItem\",\"position\":3,\"name\":\"MERRYMi 16000 Disposable Vape Puffs Bulk Discount Top Seller\"}]},{\"@type\":\"WebSite\",\"@id\":\"https:\/\/rmvapebang.com\/#website\",\"url\":\"https:\/\/rmvapebang.com\/\",\"name\":\"rmvapebang.com\",\"description\":\"buy vape cheap\",\"publisher\":{\"@id\":\"https:\/\/rmvapebang.com\/#organization\"},\"potentialAction\":[{\"@type\":\"SearchAction\",\"target\":{\"@type\":\"EntryPoint\",\"urlTemplate\":\"https:\/\/rmvapebang.com\/?s={search_term_string}\"},\"query-input\":\"required name=search_term_string\"}],\"inLanguage\":\"ro-RO\"},{\"@type\":\"Organization\",\"@id\":\"https:\/\/rmvapebang.com\/#organization\",\"name\":\"rmvapebang.com\",\"url\":\"https:\/\/rmvapebang.com\/\",\"logo\":{\"@type\":\"ImageObject\",\"inLanguage\":\"ro-RO\",\"@id\":\"https:\/\/rmvapebang.com\/#\/schema\/logo\/image\/\",\"url\":\"https:\/\/rmvapebang.com\/wp-content\/uploads\/2024\/03\/cropped-RVBlogo.png\",\"contentUrl\":\"https:\/\/rmvapebang.com\/wp-content\/uploads\/2024\/03\/cropped-RVBlogo.png\",\"width\":507,\"height\":169,\"caption\":\"rmvapebang.com\"},\"image\":{\"@id\":\"https:\/\/rmvapebang.com\/#\/schema\/logo\/image\/\"}}]}<\/script>\n<!-- \/ Yoast SEO plugin. -->","yoast_head_json":{"title":"MERRYMi 16000 Disposable Vape Puffs Bulk Discount Top Seller - rmvapebang.com","description":"Order MERRYMi 16000 Disposable Vape at bulk discount. Dual mode, Type-C charging, and EU fast shipping\u2014perfect for retailers!","robots":{"index":"index","follow":"follow","max-snippet":"max-snippet:-1","max-image-preview":"max-image-preview:large","max-video-preview":"max-video-preview:-1"},"canonical":"https:\/\/rmvapebang.com\/ro\/product\/merrymi-16000-disposable-vape-puffs-bulk-discount-top-seller\/","og_locale":"ro_RO","og_type":"article","og_title":"MERRYMi 16000 Disposable Vape Puffs Bulk Discount Top Seller - rmvapebang.com","og_description":"Order MERRYMi 16000 Disposable Vape at bulk discount. Dual mode, Type-C charging, and EU fast shipping\u2014perfect for retailers!","og_url":"https:\/\/rmvapebang.com\/ro\/product\/merrymi-16000-disposable-vape-puffs-bulk-discount-top-seller\/","og_site_name":"rmvapebang.com","article_modified_time":"2025-11-12T08:48:08+00:00","og_image":[{"width":800,"height":800,"url":"https:\/\/rmvapebang.com\/wp-content\/uploads\/2025\/10\/merrymi-Digital-Vape-16000-puffs-Discount-Sale.webp","type":"image\/webp"}],"twitter_card":"summary_large_image","twitter_misc":{"Timp estimat pentru citire":"3 minute"},"schema":{"@context":"https:\/\/schema.org","@graph":[{"@type":"WebPage","@id":"https:\/\/rmvapebang.com\/product\/merrymi-16000-disposable-vape-puffs-bulk-discount-top-seller\/","url":"https:\/\/rmvapebang.com\/product\/merrymi-16000-disposable-vape-puffs-bulk-discount-top-seller\/","name":"MERRYMi 16000 Disposable Vape Puffs Bulk Discount Top Seller - rmvapebang.com","isPartOf":{"@id":"https:\/\/rmvapebang.com\/#website"},"primaryImageOfPage":{"@id":"https:\/\/rmvapebang.com\/product\/merrymi-16000-disposable-vape-puffs-bulk-discount-top-seller\/#primaryimage"},"image":{"@id":"https:\/\/rmvapebang.com\/product\/merrymi-16000-disposable-vape-puffs-bulk-discount-top-seller\/#primaryimage"},"thumbnailUrl":"https:\/\/rmvapebang.com\/wp-content\/uploads\/2025\/10\/merrymi-Digital-Vape-16000-puffs-Discount-Sale.webp","datePublished":"2025-11-20T07:34:55+00:00","dateModified":"2025-11-12T08:48:08+00:00","description":"Order MERRYMi 16000 Disposable Vape at bulk discount. Dual mode, Type-C charging, and EU fast shipping\u2014perfect for retailers!","breadcrumb":{"@id":"https:\/\/rmvapebang.com\/product\/merrymi-16000-disposable-vape-puffs-bulk-discount-top-seller\/#breadcrumb"},"inLanguage":"ro-RO","potentialAction":[{"@type":"ReadAction","target":["https:\/\/rmvapebang.com\/product\/merrymi-16000-disposable-vape-puffs-bulk-discount-top-seller\/"]}]},{"@type":"ImageObject","inLanguage":"ro-RO","@id":"https:\/\/rmvapebang.com\/product\/merrymi-16000-disposable-vape-puffs-bulk-discount-top-seller\/#primaryimage","url":"https:\/\/rmvapebang.com\/wp-content\/uploads\/2025\/10\/merrymi-Digital-Vape-16000-puffs-Discount-Sale.webp","contentUrl":"https:\/\/rmvapebang.com\/wp-content\/uploads\/2025\/10\/merrymi-Digital-Vape-16000-puffs-Discount-Sale.webp","width":800,"height":800,"caption":"merrymi Digital Vape 16000 puffs Discount Sale"},{"@type":"BreadcrumbList","@id":"https:\/\/rmvapebang.com\/product\/merrymi-16000-disposable-vape-puffs-bulk-discount-top-seller\/#breadcrumb","itemListElement":[{"@type":"ListItem","position":1,"name":"Home","item":"https:\/\/rmvapebang.com\/"},{"@type":"ListItem","position":2,"name":"Hot Vape Shop","item":"https:\/\/rmvapebang.com\/shop-page\/"},{"@type":"ListItem","position":3,"name":"MERRYMi 16000 Disposable Vape Puffs Bulk Discount Top Seller"}]},{"@type":"WebSite","@id":"https:\/\/rmvapebang.com\/#website","url":"https:\/\/rmvapebang.com\/","name":"rmvapebang.com","description":"buy vape cheap","publisher":{"@id":"https:\/\/rmvapebang.com\/#organization"},"potentialAction":[{"@type":"SearchAction","target":{"@type":"EntryPoint","urlTemplate":"https:\/\/rmvapebang.com\/?s={search_term_string}"},"query-input":"required name=search_term_string"}],"inLanguage":"ro-RO"},{"@type":"Organization","@id":"https:\/\/rmvapebang.com\/#organization","name":"rmvapebang.com","url":"https:\/\/rmvapebang.com\/","logo":{"@type":"ImageObject","inLanguage":"ro-RO","@id":"https:\/\/rmvapebang.com\/#\/schema\/logo\/image\/","url":"https:\/\/rmvapebang.com\/wp-content\/uploads\/2024\/03\/cropped-RVBlogo.png","contentUrl":"https:\/\/rmvapebang.com\/wp-content\/uploads\/2024\/03\/cropped-RVBlogo.png","width":507,"height":169,"caption":"rmvapebang.com"},"image":{"@id":"https:\/\/rmvapebang.com\/#\/schema\/logo\/image\/"}}]}},"uagb_featured_image_src":{"full":["https:\/\/rmvapebang.com\/wp-content\/uploads\/2025\/10\/merrymi-Digital-Vape-16000-puffs-Discount-Sale.webp",800,800,false],"thumbnail":["https:\/\/rmvapebang.com\/wp-content\/uploads\/2025\/10\/merrymi-Digital-Vape-16000-puffs-Discount-Sale-150x150.webp",150,150,true],"medium":["https:\/\/rmvapebang.com\/wp-content\/uploads\/2025\/10\/merrymi-Digital-Vape-16000-puffs-Discount-Sale-300x300.webp",300,300,true],"medium_large":["https:\/\/rmvapebang.com\/wp-content\/uploads\/2025\/10\/merrymi-Digital-Vape-16000-puffs-Discount-Sale-768x768.webp",768,768,true],"large":["https:\/\/rmvapebang.com\/wp-content\/uploads\/2025\/10\/merrymi-Digital-Vape-16000-puffs-Discount-Sale.webp",800,800,false],"1536x1536":["https:\/\/rmvapebang.com\/wp-content\/uploads\/2025\/10\/merrymi-Digital-Vape-16000-puffs-Discount-Sale.webp",800,800,false],"2048x2048":["https:\/\/rmvapebang.com\/wp-content\/uploads\/2025\/10\/merrymi-Digital-Vape-16000-puffs-Discount-Sale.webp",800,800,false],"trp-custom-language-flag":["https:\/\/rmvapebang.com\/wp-content\/uploads\/2025\/10\/merrymi-Digital-Vape-16000-puffs-Discount-Sale-12x12.webp",12,12,true],"woocommerce_thumbnail":["https:\/\/rmvapebang.com\/wp-content\/uploads\/2025\/10\/merrymi-Digital-Vape-16000-puffs-Discount-Sale-300x300.webp",300,300,true],"woocommerce_single":["https:\/\/rmvapebang.com\/wp-content\/uploads\/2025\/10\/merrymi-Digital-Vape-16000-puffs-Discount-Sale-600x600.webp",600,600,true],"woocommerce_gallery_thumbnail":["https:\/\/rmvapebang.com\/wp-content\/uploads\/2025\/10\/merrymi-Digital-Vape-16000-puffs-Discount-Sale-100x100.webp",100,100,true],"wcpr-photo-reviews":["https:\/\/rmvapebang.com\/wp-content\/uploads\/2025\/10\/merrymi-Digital-Vape-16000-puffs-Discount-Sale.webp",500,500,false]},"uagb_author_info":{"display_name":"Lyn","author_link":"https:\/\/rmvapebang.com\/ro\/author\/"},"uagb_comment_info":0,"uagb_excerpt":"NOTE: Prices on the website don\u2019t include shipping fee. Please send your zip code and address that we can check shipping costs for you. MERRYMi 16000 stands out with power, dual airflow, and modern design. A trusted disposable vape for EU wholesalers, offering both high margins and strong customer appeal. Whatsapp:+86 17840853976 Scan on whatsapp&hellip;","_links":{"self":[{"href":"https:\/\/rmvapebang.com\/ro\/wp-json\/wp\/v2\/product\/5237","targetHints":{"allow":["GET"]}}],"collection":[{"href":"https:\/\/rmvapebang.com\/ro\/wp-json\/wp\/v2\/product"}],"about":[{"href":"https:\/\/rmvapebang.com\/ro\/wp-json\/wp\/v2\/types\/product"}],"replies":[{"embeddable":true,"href":"https:\/\/rmvapebang.com\/ro\/wp-json\/wp\/v2\/comments?post=5237"}],"wp:featuredmedia":[{"embeddable":true,"href":"https:\/\/rmvapebang.com\/ro\/wp-json\/wp\/v2\/media\/5208"}],"wp:attachment":[{"href":"https:\/\/rmvapebang.com\/ro\/wp-json\/wp\/v2\/media?parent=5237"}],"wp:term":[{"taxonomy":"product_brand","embeddable":true,"href":"https:\/\/rmvapebang.com\/ro\/wp-json\/wp\/v2\/product_brand?post=5237"},{"taxonomy":"product_cat","embeddable":true,"href":"https:\/\/rmvapebang.com\/ro\/wp-json\/wp\/v2\/product_cat?post=5237"},{"taxonomy":"product_tag","embeddable":true,"href":"https:\/\/rmvapebang.com\/ro\/wp-json\/wp\/v2\/product_tag?post=5237"}],"curies":[{"name":"wp","href":"https:\/\/api.w.org\/{rel}","templated":true}]}}