{"id":4511,"date":"2025-07-09T10:15:47","date_gmt":"2025-07-09T02:15:47","guid":{"rendered":"https:\/\/rmvapebang.com\/?post_type=product&#038;p=4511"},"modified":"2025-09-03T11:36:00","modified_gmt":"2025-09-03T03:36:00","slug":"best-deal-factory-rate-guaranteed-on-bood-lumo-60k-puffs","status":"publish","type":"product","link":"https:\/\/rmvapebang.com\/ro\/product\/best-deal-factory-rate-guaranteed-on-bood-lumo-60k-puffs\/","title":{"rendered":"Cea mai bun\u0103 ofert\u0103 Pre\u021b de fabric\u0103 garantat la BOOD LUMO 60k pufuri"},"content":{"rendered":"<h2 style=\"text-align: left\">Cea mai bun\u0103 ofert\u0103 Pre\u021b de fabric\u0103 garantat la BOOD LUMO 60k pufuri<\/h2>\n<p>Cel mai bun pre\u021b garantat la pre\u021b de fabric\u0103 pentru <a href=\"https:\/\/rmvapebang.com\/ro\/product-category\/bood-vapes\/\">BOOD<\/a> LUMO 60k Puffs combin\u0103 elegan\u021ba minimalist\u0103 cu performan\u021ba avansat\u0103.<\/p>\n<p>BOOD LUMO 60k proiectat pentru vapat de volum mare, \u0219i con\u021bine 18ml de e-lichid, BOOD LUMO 60k vape are o baterie de 550mAh \u0219i p\u00e2n\u0103 la 60.000 de pufuri, totul \u00eentr-un cadru elegant tip cutie. \u00cen plus, vape-ul bood<a href=\"https:\/\/rmvapebang.com\/ro\/product-category\/vape-60000-puffs\/\"> vape de unic\u0103 folosin\u021b\u0103 60000 pufuri<\/a> dispune de un ecran inteligent care informeaz\u0103 utilizatorii despre nivelul bateriei \u0219i al e-lichidului, sporind at\u00e2t controlul, c\u00e2t \u0219i \u00eencrederea.<\/p>\n<p>Disponibil \u00een 10 op\u021biuni de arome \u0219i niveluri de nicotin\u0103 de 2% \u0219i 5%, BOOD LUMO 60k vape satisface diverse nevoi ale clien\u021bilor pe pia\u021ba european\u0103 de wholesale. BOOD LUMO este elegant, eficient \u0219i conceput pentru succesul \u00een retailul de mas\u0103 \u2014 mai ales la pre\u021bul s\u0103u imbatabil de fabric\u0103.<\/p>\n<p><img loading=\"lazy\" decoding=\"async\" class=\"alignnone wp-image-4501 size-full\" src=\"http:\/\/rmvapebang.com\/wp-content\/uploads\/2025\/07\/BOOD-DISPOSABLE-VAPE-60000-puffs-Top-sala.webp\" alt=\"VAPE DE UNIC\u0102 FOLOSIN\u021a\u0102 BOOD 60000 pufuri Top v\u00e2nzare\" width=\"800\" height=\"800\" srcset=\"https:\/\/rmvapebang.com\/wp-content\/uploads\/2025\/07\/BOOD-DISPOSABLE-VAPE-60000-puffs-Top-sala.webp 800w, https:\/\/rmvapebang.com\/wp-content\/uploads\/2025\/07\/BOOD-DISPOSABLE-VAPE-60000-puffs-Top-sala-300x300.webp 300w, https:\/\/rmvapebang.com\/wp-content\/uploads\/2025\/07\/BOOD-DISPOSABLE-VAPE-60000-puffs-Top-sala-150x150.webp 150w, https:\/\/rmvapebang.com\/wp-content\/uploads\/2025\/07\/BOOD-DISPOSABLE-VAPE-60000-puffs-Top-sala-768x768.webp 768w, https:\/\/rmvapebang.com\/wp-content\/uploads\/2025\/07\/BOOD-DISPOSABLE-VAPE-60000-puffs-Top-sala-600x600.webp 600w, https:\/\/rmvapebang.com\/wp-content\/uploads\/2025\/07\/BOOD-DISPOSABLE-VAPE-60000-puffs-Top-sala-100x100.webp 100w\" sizes=\"auto, (max-width: 800px) 100vw, 800px\" \/><\/p>\n<h3><strong>Arome ale vape-ului Bood lumo 60000 ?<\/strong><\/h3>\n<p>1.pepene ro\u0219u ghea\u021b\u0103<br \/>\n2.C\u0103p\u0219uni Pepene Verde Ghea\u021b\u0103<br \/>\n3.Zmeur\u0103 Albastr\u0103 Ghea\u021b\u0103<br \/>\n4.Ghea\u021b\u0103 de struguri<br \/>\n5.L\u0103m\u00e2ie Lime<br \/>\n6.Pepene Triplu<br \/>\n7.Zmeur\u0103 Afine<br \/>\n8.Kiwi Fructul Pasiunii Guava<br \/>\n9.Ghea\u021b\u0103 de c\u0103p\u0219uni<br \/>\n10.Piersici Fructe de P\u0103dure<\/p>\n<h2>Specifica\u021bii pentru <strong>Vape Bood 60k <\/strong>Pufuri:<\/h2>\n<p>\u2013 <span style=\"color: #ff0000\"><em><strong>60k<\/strong><\/em><\/span> Pufuri<br \/>\n\u2013 <span style=\"color: #ff0000\"><em><strong>10<\/strong> <\/em><\/span>Arome<br \/>\n\u2013 <span style=\"color: #ff0000\"><strong><em>2%\/5%<\/em><\/strong><\/span> Concentra\u021bie de Nicotin\u0103<br \/>\n\u2013 <span style=\"color: #ff0000\"><strong><em>18mL<\/em><\/strong><\/span> de capacitate lichid electronic<br \/>\n\u2013 Capacitatea bateriei <span style=\"color: #ff0000\"><em><strong>550 mAh<\/strong><\/em><\/span><\/p>\n<h3>\u00centreb\u0103ri frecvente:<\/h3>\n<p><strong>\u00ce: Care este MOQ-ul pentru vape-ul de unic\u0103 folosin\u021b\u0103 Bood 60k re\u00eenc\u0103rcabil?<\/strong><\/p>\n<p>R: Comanda minim\u0103 pentru BOOD LUMO vape 60000 pufuri este de 50 buc.<\/p>\n<p><strong>\u00ce: Care este timpul de livrare pentru Vape-ul Re\u00eenc\u0103rcabil pe care l-am comandat?<\/strong><\/p>\n<p>R: \u00cen mod obi\u0219nuit, timpul de livrare pentru Vape-ul Re\u00eenc\u0103rcabil este de 10-15 zile dup\u0103 expediere.<\/p>\n<p><strong>\u00ce: Este vapatul mai bun dec\u00e2t fumatul?<\/strong><\/p>\n<p>A: Vapingul este mai pu\u021bin d\u0103un\u0103tor dec\u00e2t fumatul, dar nu lipsit de riscuri. Reduce expunerea la gudron, dar con\u021bine \u00een continuare nicotin\u0103. Dar nu conteaz\u0103, avem \u0219i vape cu nicotin\u0103 0%.<\/p>\n<p><strong>\u00ce: Cum s\u0103 faci ca vape-ul bood lumo 60k s\u0103 reziste cel mai mult?<\/strong><\/p>\n<p>R: Intensitatea puf\u0103itului afecteaz\u0103 timpul de utilizare. Utilizarea intens\u0103 o consum\u0103 mai repede\u2014nu exist\u0103 nicio modalitate de a extinde durata de via\u021b\u0103 dincolo de utilizarea normal\u0103.<\/p>\n<p><strong>Contacta\u021bi-l pe Lyn pentru mai multe videoclipuri cu produse!<\/strong><\/p>\n<p><a href=\"https:\/\/wa.me\/8617840853976\"><span style=\"color: #ff6600\"><strong><em>Whatsapp:+40 17840853976<\/em><\/strong><\/span><\/a><\/p>\n<p><img loading=\"lazy\" decoding=\"async\" class=\"alignnone size-medium wp-image-1905\" src=\"http:\/\/rmvapebang.com\/wp-content\/uploads\/2024\/03\/whatsapp-vape-2-202x300.jpg\" alt=\"\" width=\"202\" height=\"300\" \/><\/p>\n<p>G\u0103si\u021bi mai multe produse care v-ar putea pl\u0103cea:<a href=\"https:\/\/rmvapebang.com\/ro\/shop-page\/\"><strong><em>Cump\u0103r\u0103 acum<\/em><\/strong><\/a><\/p>\n<p>alte pufuri care v-ar putea pl\u0103cea:<a href=\"https:\/\/rmvapebang.com\/ro\/product\/bang-box-35k-bulk-price-factory-sale-dual-screen-vape\/\">Bangbox 30000 \u021bigar\u0103 electronic\u0103 cu ecran dublu<\/a>\/<a href=\"https:\/\/rmvapebang.com\/ro\/product\/bang-box-50k-double-flavors-limited-bulk-today-bangbox-80k-with-smart-power-hit\/\">Bang box 80k pufuri<\/a>\/<a href=\"https:\/\/rmvapebang.com\/ro\/product\/okso-crystal-bar-800-puffs-vape-wholesale-price-hot-pick-for-retailers\/\">okso crystal 800 pufuri<\/a>\/<a href=\"https:\/\/rmvapebang.com\/ro\/product\/hot-sale-now-bood-hybrid-12000-with-premium-flavor\/\">vape bood hybird 12k<\/a><\/p>","protected":false},"excerpt":{"rendered":"<p>Display inteligent, design tip cutie \u0219i o putere de 60k pufuri \u2014 BOOD LUMO este vaporizatorul t\u0103u preferat la pre\u021b de fabric\u0103 pentru impact pe pia\u021ba de mas\u0103.<\/p>\n<p><a href=\"https:\/\/wa.me\/8617840853976\"><strong><em>Whatsapp:+40 17840853976<\/em><\/strong><\/a><\/p>\n<p>Scana\u021bi pe WhatsApp pentru un cupon pentru clien\u021bi noi<\/p>\n<p><img loading=\"lazy\" decoding=\"async\" class=\"alignnone size-medium wp-image-1905\" src=\"http:\/\/rmvapebang.com\/wp-content\/uploads\/2024\/03\/whatsapp-vape-2-202x300.jpg\" alt=\"\" width=\"202\" height=\"300\" \/><\/p>\n<p><span style=\"color: #ff0000\"><em><strong>NOT\u0102<\/strong>: Pre\u021burile de pe site nu includ taxa de transport. V\u0103 rug\u0103m s\u0103 ne trimite\u021bi codul po\u0219tal \u0219i adresa, astfel \u00eenc\u00e2t s\u0103 putem verifica costurile de transport pentru dumneavoastr\u0103.<\/em><\/span><\/p>","protected":false},"featured_media":4496,"comment_status":"open","ping_status":"closed","template":"","meta":{"_uag_custom_page_level_css":"","_lmt_disableupdate":"no","_lmt_disable":"","site-sidebar-layout":"no-sidebar","site-content-layout":"boxed-container","ast-site-content-layout":"normal-width-container","site-content-style":"boxed","site-sidebar-style":"boxed","ast-global-header-display":"","ast-banner-title-visibility":"","ast-main-header-display":"","ast-hfb-above-header-display":"","ast-hfb-below-header-display":"","ast-hfb-mobile-header-display":"","site-post-title":"","ast-breadcrumbs-content":"","ast-featured-img":"","footer-sml-layout":"","theme-transparent-header-meta":"default","adv-header-id-meta":"","stick-header-meta":"","header-above-stick-meta":"","header-main-stick-meta":"","header-below-stick-meta":"","astra-migrate-meta-layouts":"set","ast-page-background-enabled":"default","ast-page-background-meta":{"desktop":{"background-color":"","background-image":"","background-repeat":"repeat","background-position":"center center","background-size":"auto","background-attachment":"scroll","background-type":"","background-media":"","overlay-type":"","overlay-color":"","overlay-gradient":""},"tablet":{"background-color":"","background-image":"","background-repeat":"repeat","background-position":"center center","background-size":"auto","background-attachment":"scroll","background-type":"","background-media":"","overlay-type":"","overlay-color":"","overlay-gradient":""},"mobile":{"background-color":"","background-image":"","background-repeat":"repeat","background-position":"center center","background-size":"auto","background-attachment":"scroll","background-type":"","background-media":"","overlay-type":"","overlay-color":"","overlay-gradient":""}},"ast-content-background-meta":{"desktop":{"background-color":"var(--ast-global-color-5)","background-image":"","background-repeat":"repeat","background-position":"center center","background-size":"auto","background-attachment":"scroll","background-type":"","background-media":"","overlay-type":"","overlay-color":"","overlay-gradient":""},"tablet":{"background-color":"var(--ast-global-color-5)","background-image":"","background-repeat":"repeat","background-position":"center center","background-size":"auto","background-attachment":"scroll","background-type":"","background-media":"","overlay-type":"","overlay-color":"","overlay-gradient":""},"mobile":{"background-color":"var(--ast-global-color-5)","background-image":"","background-repeat":"repeat","background-position":"center center","background-size":"auto","background-attachment":"scroll","background-type":"","background-media":"","overlay-type":"","overlay-color":"","overlay-gradient":""}},"_joinchat":[]},"product_brand":[],"product_cat":[148,130,39,41,42,40,179,43],"product_tag":[178,183,50,61,58,53,52],"class_list":{"0":"post-4511","1":"product","2":"type-product","3":"status-publish","4":"has-post-thumbnail","6":"product_cat-bood-vapes","7":"product_cat-digital-vapes-in-discount-price","8":"product_cat-france-wholesale-vape","9":"product_cat-netherlands-wholesale-vape","10":"product_cat-spain-wholesale-vape","11":"product_cat-germany-wholesale-vape","12":"product_cat-vape-60000-puffs","13":"product_cat-vape-shop","14":"product_tag-60000-puffs","15":"product_tag-60k-puffs","16":"product_tag-bulk-price-vape-shop","17":"product_tag-good-sales-vape","18":"product_tag-moq-50pcs","19":"product_tag-rechargeable-vape","20":"product_tag-vape-wholesasle-price","21":"desktop-align-left","22":"tablet-align-left","23":"mobile-align-left","25":"first","26":"instock","27":"sale","28":"shipping-taxable","29":"purchasable","30":"product-type-simple"},"yoast_head":"<!-- This site is optimized with the Yoast SEO plugin v23.0 - https:\/\/yoast.com\/wordpress\/plugins\/seo\/ -->\n<title>Best Deal Factory Rate Guaranteed on BOOD LUMO 60k Puffs - rmvapebang.com<\/title>\n<meta name=\"description\" content=\"BOOD LUMO 60k puffs vape with 18ml juice, box design, smart display, and factory-direct pricing. Perfect bulk deal for wholesalers.\" \/>\n<meta name=\"robots\" content=\"index, follow, max-snippet:-1, max-image-preview:large, max-video-preview:-1\" \/>\n<link rel=\"canonical\" href=\"https:\/\/rmvapebang.com\/ro\/product\/best-deal-factory-rate-guaranteed-on-bood-lumo-60k-puffs\/\" \/>\n<meta property=\"og:locale\" content=\"ro_RO\" \/>\n<meta property=\"og:type\" content=\"article\" \/>\n<meta property=\"og:title\" content=\"Best Deal Factory Rate Guaranteed on BOOD LUMO 60k Puffs - rmvapebang.com\" \/>\n<meta property=\"og:description\" content=\"BOOD LUMO 60k puffs vape with 18ml juice, box design, smart display, and factory-direct pricing. Perfect bulk deal for wholesalers.\" \/>\n<meta property=\"og:url\" content=\"https:\/\/rmvapebang.com\/ro\/product\/best-deal-factory-rate-guaranteed-on-bood-lumo-60k-puffs\/\" \/>\n<meta property=\"og:site_name\" content=\"rmvapebang.com\" \/>\n<meta property=\"article:modified_time\" content=\"2025-09-03T03:36:00+00:00\" \/>\n<meta property=\"og:image\" content=\"https:\/\/rmvapebang.com\/wp-content\/uploads\/2025\/07\/BOOD-DISPOSABLE-VAPE-puffs-60k-Wholesale-price.webp\" \/>\n\t<meta property=\"og:image:width\" content=\"800\" \/>\n\t<meta property=\"og:image:height\" content=\"800\" \/>\n\t<meta property=\"og:image:type\" content=\"image\/webp\" \/>\n<meta name=\"twitter:card\" content=\"summary_large_image\" \/>\n<meta name=\"twitter:label1\" content=\"Timp estimat pentru citire\" \/>\n\t<meta name=\"twitter:data1\" content=\"3 minute\" \/>\n<script type=\"application\/ld+json\" class=\"yoast-schema-graph\">{\"@context\":\"https:\/\/schema.org\",\"@graph\":[{\"@type\":\"WebPage\",\"@id\":\"https:\/\/rmvapebang.com\/product\/best-deal-factory-rate-guaranteed-on-bood-lumo-60k-puffs\/\",\"url\":\"https:\/\/rmvapebang.com\/product\/best-deal-factory-rate-guaranteed-on-bood-lumo-60k-puffs\/\",\"name\":\"Best Deal Factory Rate Guaranteed on BOOD LUMO 60k Puffs - rmvapebang.com\",\"isPartOf\":{\"@id\":\"https:\/\/rmvapebang.com\/#website\"},\"primaryImageOfPage\":{\"@id\":\"https:\/\/rmvapebang.com\/product\/best-deal-factory-rate-guaranteed-on-bood-lumo-60k-puffs\/#primaryimage\"},\"image\":{\"@id\":\"https:\/\/rmvapebang.com\/product\/best-deal-factory-rate-guaranteed-on-bood-lumo-60k-puffs\/#primaryimage\"},\"thumbnailUrl\":\"https:\/\/rmvapebang.com\/wp-content\/uploads\/2025\/07\/BOOD-DISPOSABLE-VAPE-puffs-60k-Wholesale-price.webp\",\"datePublished\":\"2025-07-09T02:15:47+00:00\",\"dateModified\":\"2025-09-03T03:36:00+00:00\",\"description\":\"BOOD LUMO 60k puffs vape with 18ml juice, box design, smart display, and factory-direct pricing. Perfect bulk deal for wholesalers.\",\"breadcrumb\":{\"@id\":\"https:\/\/rmvapebang.com\/product\/best-deal-factory-rate-guaranteed-on-bood-lumo-60k-puffs\/#breadcrumb\"},\"inLanguage\":\"ro-RO\",\"potentialAction\":[{\"@type\":\"ReadAction\",\"target\":[\"https:\/\/rmvapebang.com\/product\/best-deal-factory-rate-guaranteed-on-bood-lumo-60k-puffs\/\"]}]},{\"@type\":\"ImageObject\",\"inLanguage\":\"ro-RO\",\"@id\":\"https:\/\/rmvapebang.com\/product\/best-deal-factory-rate-guaranteed-on-bood-lumo-60k-puffs\/#primaryimage\",\"url\":\"https:\/\/rmvapebang.com\/wp-content\/uploads\/2025\/07\/BOOD-DISPOSABLE-VAPE-puffs-60k-Wholesale-price.webp\",\"contentUrl\":\"https:\/\/rmvapebang.com\/wp-content\/uploads\/2025\/07\/BOOD-DISPOSABLE-VAPE-puffs-60k-Wholesale-price.webp\",\"width\":800,\"height\":800,\"caption\":\"BOOD DISPOSABLE VAPE puffs 60k Wholesale price\"},{\"@type\":\"BreadcrumbList\",\"@id\":\"https:\/\/rmvapebang.com\/product\/best-deal-factory-rate-guaranteed-on-bood-lumo-60k-puffs\/#breadcrumb\",\"itemListElement\":[{\"@type\":\"ListItem\",\"position\":1,\"name\":\"Home\",\"item\":\"https:\/\/rmvapebang.com\/\"},{\"@type\":\"ListItem\",\"position\":2,\"name\":\"Hot Vape Shop\",\"item\":\"https:\/\/rmvapebang.com\/shop-page\/\"},{\"@type\":\"ListItem\",\"position\":3,\"name\":\"Best Deal Factory Rate Guaranteed on BOOD LUMO 60k Puffs\"}]},{\"@type\":\"WebSite\",\"@id\":\"https:\/\/rmvapebang.com\/#website\",\"url\":\"https:\/\/rmvapebang.com\/\",\"name\":\"rmvapebang.com\",\"description\":\"buy vape cheap\",\"publisher\":{\"@id\":\"https:\/\/rmvapebang.com\/#organization\"},\"potentialAction\":[{\"@type\":\"SearchAction\",\"target\":{\"@type\":\"EntryPoint\",\"urlTemplate\":\"https:\/\/rmvapebang.com\/?s={search_term_string}\"},\"query-input\":\"required name=search_term_string\"}],\"inLanguage\":\"ro-RO\"},{\"@type\":\"Organization\",\"@id\":\"https:\/\/rmvapebang.com\/#organization\",\"name\":\"rmvapebang.com\",\"url\":\"https:\/\/rmvapebang.com\/\",\"logo\":{\"@type\":\"ImageObject\",\"inLanguage\":\"ro-RO\",\"@id\":\"https:\/\/rmvapebang.com\/#\/schema\/logo\/image\/\",\"url\":\"https:\/\/rmvapebang.com\/wp-content\/uploads\/2024\/03\/cropped-RVBlogo.png\",\"contentUrl\":\"https:\/\/rmvapebang.com\/wp-content\/uploads\/2024\/03\/cropped-RVBlogo.png\",\"width\":507,\"height\":169,\"caption\":\"rmvapebang.com\"},\"image\":{\"@id\":\"https:\/\/rmvapebang.com\/#\/schema\/logo\/image\/\"}}]}<\/script>\n<!-- \/ Yoast SEO plugin. -->","yoast_head_json":{"title":"Best Deal Factory Rate Guaranteed on BOOD LUMO 60k Puffs - rmvapebang.com","description":"BOOD LUMO 60k puffs vape with 18ml juice, box design, smart display, and factory-direct pricing. Perfect bulk deal for wholesalers.","robots":{"index":"index","follow":"follow","max-snippet":"max-snippet:-1","max-image-preview":"max-image-preview:large","max-video-preview":"max-video-preview:-1"},"canonical":"https:\/\/rmvapebang.com\/ro\/product\/best-deal-factory-rate-guaranteed-on-bood-lumo-60k-puffs\/","og_locale":"ro_RO","og_type":"article","og_title":"Best Deal Factory Rate Guaranteed on BOOD LUMO 60k Puffs - rmvapebang.com","og_description":"BOOD LUMO 60k puffs vape with 18ml juice, box design, smart display, and factory-direct pricing. Perfect bulk deal for wholesalers.","og_url":"https:\/\/rmvapebang.com\/ro\/product\/best-deal-factory-rate-guaranteed-on-bood-lumo-60k-puffs\/","og_site_name":"rmvapebang.com","article_modified_time":"2025-09-03T03:36:00+00:00","og_image":[{"width":800,"height":800,"url":"https:\/\/rmvapebang.com\/wp-content\/uploads\/2025\/07\/BOOD-DISPOSABLE-VAPE-puffs-60k-Wholesale-price.webp","type":"image\/webp"}],"twitter_card":"summary_large_image","twitter_misc":{"Timp estimat pentru citire":"3 minute"},"schema":{"@context":"https:\/\/schema.org","@graph":[{"@type":"WebPage","@id":"https:\/\/rmvapebang.com\/product\/best-deal-factory-rate-guaranteed-on-bood-lumo-60k-puffs\/","url":"https:\/\/rmvapebang.com\/product\/best-deal-factory-rate-guaranteed-on-bood-lumo-60k-puffs\/","name":"Best Deal Factory Rate Guaranteed on BOOD LUMO 60k Puffs - rmvapebang.com","isPartOf":{"@id":"https:\/\/rmvapebang.com\/#website"},"primaryImageOfPage":{"@id":"https:\/\/rmvapebang.com\/product\/best-deal-factory-rate-guaranteed-on-bood-lumo-60k-puffs\/#primaryimage"},"image":{"@id":"https:\/\/rmvapebang.com\/product\/best-deal-factory-rate-guaranteed-on-bood-lumo-60k-puffs\/#primaryimage"},"thumbnailUrl":"https:\/\/rmvapebang.com\/wp-content\/uploads\/2025\/07\/BOOD-DISPOSABLE-VAPE-puffs-60k-Wholesale-price.webp","datePublished":"2025-07-09T02:15:47+00:00","dateModified":"2025-09-03T03:36:00+00:00","description":"BOOD LUMO 60k puffs vape with 18ml juice, box design, smart display, and factory-direct pricing. Perfect bulk deal for wholesalers.","breadcrumb":{"@id":"https:\/\/rmvapebang.com\/product\/best-deal-factory-rate-guaranteed-on-bood-lumo-60k-puffs\/#breadcrumb"},"inLanguage":"ro-RO","potentialAction":[{"@type":"ReadAction","target":["https:\/\/rmvapebang.com\/product\/best-deal-factory-rate-guaranteed-on-bood-lumo-60k-puffs\/"]}]},{"@type":"ImageObject","inLanguage":"ro-RO","@id":"https:\/\/rmvapebang.com\/product\/best-deal-factory-rate-guaranteed-on-bood-lumo-60k-puffs\/#primaryimage","url":"https:\/\/rmvapebang.com\/wp-content\/uploads\/2025\/07\/BOOD-DISPOSABLE-VAPE-puffs-60k-Wholesale-price.webp","contentUrl":"https:\/\/rmvapebang.com\/wp-content\/uploads\/2025\/07\/BOOD-DISPOSABLE-VAPE-puffs-60k-Wholesale-price.webp","width":800,"height":800,"caption":"BOOD DISPOSABLE VAPE puffs 60k Wholesale price"},{"@type":"BreadcrumbList","@id":"https:\/\/rmvapebang.com\/product\/best-deal-factory-rate-guaranteed-on-bood-lumo-60k-puffs\/#breadcrumb","itemListElement":[{"@type":"ListItem","position":1,"name":"Home","item":"https:\/\/rmvapebang.com\/"},{"@type":"ListItem","position":2,"name":"Hot Vape Shop","item":"https:\/\/rmvapebang.com\/shop-page\/"},{"@type":"ListItem","position":3,"name":"Best Deal Factory Rate Guaranteed on BOOD LUMO 60k Puffs"}]},{"@type":"WebSite","@id":"https:\/\/rmvapebang.com\/#website","url":"https:\/\/rmvapebang.com\/","name":"rmvapebang.com","description":"buy vape cheap","publisher":{"@id":"https:\/\/rmvapebang.com\/#organization"},"potentialAction":[{"@type":"SearchAction","target":{"@type":"EntryPoint","urlTemplate":"https:\/\/rmvapebang.com\/?s={search_term_string}"},"query-input":"required name=search_term_string"}],"inLanguage":"ro-RO"},{"@type":"Organization","@id":"https:\/\/rmvapebang.com\/#organization","name":"rmvapebang.com","url":"https:\/\/rmvapebang.com\/","logo":{"@type":"ImageObject","inLanguage":"ro-RO","@id":"https:\/\/rmvapebang.com\/#\/schema\/logo\/image\/","url":"https:\/\/rmvapebang.com\/wp-content\/uploads\/2024\/03\/cropped-RVBlogo.png","contentUrl":"https:\/\/rmvapebang.com\/wp-content\/uploads\/2024\/03\/cropped-RVBlogo.png","width":507,"height":169,"caption":"rmvapebang.com"},"image":{"@id":"https:\/\/rmvapebang.com\/#\/schema\/logo\/image\/"}}]}},"uagb_featured_image_src":{"full":["https:\/\/rmvapebang.com\/wp-content\/uploads\/2025\/07\/BOOD-DISPOSABLE-VAPE-puffs-60k-Wholesale-price.webp",800,800,false],"thumbnail":["https:\/\/rmvapebang.com\/wp-content\/uploads\/2025\/07\/BOOD-DISPOSABLE-VAPE-puffs-60k-Wholesale-price-150x150.webp",150,150,true],"medium":["https:\/\/rmvapebang.com\/wp-content\/uploads\/2025\/07\/BOOD-DISPOSABLE-VAPE-puffs-60k-Wholesale-price-300x300.webp",300,300,true],"medium_large":["https:\/\/rmvapebang.com\/wp-content\/uploads\/2025\/07\/BOOD-DISPOSABLE-VAPE-puffs-60k-Wholesale-price-768x768.webp",768,768,true],"large":["https:\/\/rmvapebang.com\/wp-content\/uploads\/2025\/07\/BOOD-DISPOSABLE-VAPE-puffs-60k-Wholesale-price.webp",800,800,false],"1536x1536":["https:\/\/rmvapebang.com\/wp-content\/uploads\/2025\/07\/BOOD-DISPOSABLE-VAPE-puffs-60k-Wholesale-price.webp",800,800,false],"2048x2048":["https:\/\/rmvapebang.com\/wp-content\/uploads\/2025\/07\/BOOD-DISPOSABLE-VAPE-puffs-60k-Wholesale-price.webp",800,800,false],"trp-custom-language-flag":["https:\/\/rmvapebang.com\/wp-content\/uploads\/2025\/07\/BOOD-DISPOSABLE-VAPE-puffs-60k-Wholesale-price.webp",12,12,false],"woocommerce_thumbnail":["https:\/\/rmvapebang.com\/wp-content\/uploads\/2025\/07\/BOOD-DISPOSABLE-VAPE-puffs-60k-Wholesale-price-300x300.webp",300,300,true],"woocommerce_single":["https:\/\/rmvapebang.com\/wp-content\/uploads\/2025\/07\/BOOD-DISPOSABLE-VAPE-puffs-60k-Wholesale-price-600x600.webp",600,600,true],"woocommerce_gallery_thumbnail":["https:\/\/rmvapebang.com\/wp-content\/uploads\/2025\/07\/BOOD-DISPOSABLE-VAPE-puffs-60k-Wholesale-price-100x100.webp",100,100,true],"wcpr-photo-reviews":["https:\/\/rmvapebang.com\/wp-content\/uploads\/2025\/07\/BOOD-DISPOSABLE-VAPE-puffs-60k-Wholesale-price.webp",500,500,false]},"uagb_author_info":{"display_name":"Lyn","author_link":"https:\/\/rmvapebang.com\/ro\/author\/"},"uagb_comment_info":0,"uagb_excerpt":"Smart display, box-style design, and 60k puff strength\u2014BOOD LUMO is your go-to factory-rate vape for mass market impact. Whatsapp:+86 17840853976 Scan on whatsapp for New Client coupon NOTE: Prices on the website don\u2019t include shipping fee. Please send your zip code and address that we can check shipping costs for you.","_links":{"self":[{"href":"https:\/\/rmvapebang.com\/ro\/wp-json\/wp\/v2\/product\/4511","targetHints":{"allow":["GET"]}}],"collection":[{"href":"https:\/\/rmvapebang.com\/ro\/wp-json\/wp\/v2\/product"}],"about":[{"href":"https:\/\/rmvapebang.com\/ro\/wp-json\/wp\/v2\/types\/product"}],"replies":[{"embeddable":true,"href":"https:\/\/rmvapebang.com\/ro\/wp-json\/wp\/v2\/comments?post=4511"}],"wp:featuredmedia":[{"embeddable":true,"href":"https:\/\/rmvapebang.com\/ro\/wp-json\/wp\/v2\/media\/4496"}],"wp:attachment":[{"href":"https:\/\/rmvapebang.com\/ro\/wp-json\/wp\/v2\/media?parent=4511"}],"wp:term":[{"taxonomy":"product_brand","embeddable":true,"href":"https:\/\/rmvapebang.com\/ro\/wp-json\/wp\/v2\/product_brand?post=4511"},{"taxonomy":"product_cat","embeddable":true,"href":"https:\/\/rmvapebang.com\/ro\/wp-json\/wp\/v2\/product_cat?post=4511"},{"taxonomy":"product_tag","embeddable":true,"href":"https:\/\/rmvapebang.com\/ro\/wp-json\/wp\/v2\/product_tag?post=4511"}],"curies":[{"name":"wp","href":"https:\/\/api.w.org\/{rel}","templated":true}]}}