{"id":3637,"date":"2025-02-15T13:35:44","date_gmt":"2025-02-15T05:35:44","guid":{"rendered":"https:\/\/rmvapebang.com\/?post_type=product&#038;p=3637"},"modified":"2025-09-03T17:08:33","modified_gmt":"2025-09-03T09:08:33","slug":"jnr-alien-10000-puffs-low-price-hot-sale-rgb-vape","status":"publish","type":"product","link":"https:\/\/rmvapebang.com\/ro\/product\/jnr-alien-10000-puffs-low-price-hot-sale-rgb-vape\/","title":{"rendered":"JNR Alien 10000 Puffs Pre\u021b Mic V\u00e2nzare la Cald Vape RGB"},"content":{"rendered":"<h2>JNR Alien 10000 Puffs Pre\u021b Mic V\u00e2nzare la Cald Vape RGB<\/h2>\n<p>Vapa JNR Alien 10000 Puffs cu pre\u021b redus, la v\u00e2nzare, cu lumini RGB, este aici pentru a-\u021bi electriza experien\u021ba de vapat cu designul s\u0103u \u00eendr\u0103zne\u021b, caracteristicile de v\u00e2rf \u0219i accesibilitatea imbatabil\u0103.<\/p>\n<p>10.000 de pufuri de la JNR RGB Vape Alien, conceput\u0103 pentru vaperii care \u00ee\u0219i doresc stil \u0219i substan\u021b\u0103, combin\u0103 o capacitate masiv\u0103 de 20 ml de e-lichid, cu o baterie de 800 mAh, asigur\u00e2nd o performan\u021b\u0103 de lung\u0103 durat\u0103 pentru p\u00e2n\u0103 la 10.000 de pufuri netede \u0219i satisf\u0103c\u0103toare. Alege dintr-o gam\u0103 incredibil\u0103 de 44 de arome pentru a se potrivi fiec\u0103rui gust.<\/p>\n<p>10.000 de pufuri de <a href=\"https:\/\/rmvapebang.com\/ro\/product-category\/bulk-sale-jnr-vapes-europe\/\"><strong>Tigara electronica JNR<\/strong><\/a> are 2% \u0219i 5% nicotin\u0103, vapa de unic\u0103 folosin\u021b\u0103 JNR 10k se adreseaz\u0103 at\u00e2t utilizatorilor ocazionali, c\u00e2t \u0219i celor care caut\u0103 o senza\u021bie mai puternic\u0103. Dar ceea ce diferen\u021biaz\u0103 cu adev\u0103rat JNR Alien este sistemul vibrant de lumini RGB, <strong><a href=\"https:\/\/rmvapebang.com\/ro\/product-category\/vape-10000-puffs\/\">vapa JNR 10000 de pufuri de unic\u0103 folosin\u021b\u0103<\/a><\/strong> dispozitivul pulseaz\u0103 la fiecare puf, ad\u0103ug\u00e2nd un stil futurist sesiunilor tale de vapat.<\/p>\n<p>Vapa de unic\u0103 folosin\u021b\u0103 JNR 10k puffs, perfect\u0103 pentru petreceri, sesiuni de noapte t\u00e2rzie sau utilizare zilnic\u0103, vapa JNR RGB 10K este u\u0219oar\u0103, portabil\u0103 \u0219i plin\u0103 de caracteristici premium. Nu rata v\u00e2nzarea cu pre\u021b redus - ia-o pe a ta ast\u0103zi \u0219i al\u0103tur\u0103-te revolu\u021biei vapatului cu lumini RGB!<\/p>\n<p><img loading=\"lazy\" decoding=\"async\" class=\"alignnone wp-image-3630 size-full\" src=\"http:\/\/rmvapebang.com\/wp-content\/uploads\/2025\/02\/JNR-ALIEN-VAPE-10000-PUFFS-GOOD-PRICE.webp\" alt=\"VAP\u0102 JNR ALIEN 10000 PUFURI PRE\u021a BUN\" width=\"800\" height=\"451\" srcset=\"https:\/\/rmvapebang.com\/wp-content\/uploads\/2025\/02\/JNR-ALIEN-VAPE-10000-PUFFS-GOOD-PRICE.webp 800w, https:\/\/rmvapebang.com\/wp-content\/uploads\/2025\/02\/JNR-ALIEN-VAPE-10000-PUFFS-GOOD-PRICE-300x169.webp 300w, https:\/\/rmvapebang.com\/wp-content\/uploads\/2025\/02\/JNR-ALIEN-VAPE-10000-PUFFS-GOOD-PRICE-768x433.webp 768w, https:\/\/rmvapebang.com\/wp-content\/uploads\/2025\/02\/JNR-ALIEN-VAPE-10000-PUFFS-GOOD-PRICE-600x338.webp 600w\" sizes=\"auto, (max-width: 800px) 100vw, 800px\" \/><\/p>\n<h3><strong>Arome pentru vapa JNR Alien 10000?<\/strong><\/h3>\n<p>1.Black Dragon Ice (Ghea\u021b\u0103 de Dragon Negru)<br \/>\n2.Blue Razz Cherry (Cirea\u0219\u0103 Zmeur\u0103 Albastr\u0103)<br \/>\n3.Blue Razz Ice (Ghea\u021b\u0103 de Zmeur\u0103 Albastr\u0103)<br \/>\n4.Blueberry Bubble Gum (Gum\u0103 de mestecat cu Afine)<br \/>\n5.Blueberry Cherry Cranberry (Afin\u0103 Cirea\u0219\u0103 Meri\u0219or)<br \/>\n6.Blueberry On Ice (Afin\u0103 pe Ghea\u021b\u0103)<br \/>\n7.Blueberry Sour Raspberry (Zmeur\u0103 Acr\u0103 cu Afine)<br \/>\n8.Fizzy Cherry Cola (Cola efervescent\u0103 cu Cirea\u0219\u0103)<br \/>\n9. Ghea\u021b\u0103 de struguri<br \/>\n10.Guava Ice (Ghea\u021b\u0103 de Guava)<br \/>\n11.Kiwi Passion Fruit Guava (Kiwi Fructul Pasiunii Guava)<br \/>\n12.Strawberry Kiwi (C\u0103p\u0219uni Kiwi)<br \/>\n13.L\u0103m\u00e2ie<br \/>\n14.Fructe de P\u0103dure Mixte<br \/>\n15.Mr. Blue<br \/>\n16.Fructul Pasiunii<br \/>\n17.Piersic\u0103 Fructe de P\u0103dure<br \/>\n18.Piersic\u0103 Afine Bomboane<br \/>\n19.Piersic\u0103 Ghea\u021b\u0103<br \/>\n20.Piersic\u0103 Mango Ananas<br \/>\n21.M\u0103r Acri\u0219or<br \/>\n22.C\u0103p\u0219uni Banan\u0103<br \/>\n23.C\u0103p\u0219uni Ghea\u021b\u0103<br \/>\n24.C\u0103p\u0219uni Zmeur\u0103 Cire\u0219e Ghea\u021b\u0103<br \/>\n25.C\u0103p\u0219uni Pepene Ghea\u021b\u0103<br \/>\n26.C\u0103p\u0219uni Pepene Limonad\u0103<br \/>\n27.Gum\u0103 de Mestecat Pepene<br \/>\n28.Pepene Ghea\u021b\u0103<br \/>\n29.Banan\u0103 Ghea\u021b\u0103<br \/>\n30.Afine Kiwi<br \/>\n31.Cire\u0219e Fructe de P\u0103dure<br \/>\n32.Cola Ghea\u021b\u0103<br \/>\n33.Ment\u0103 r\u0103coroas\u0103<br \/>\n34.M\u0103r dublu<br \/>\n35.Ursule\u021b gummy<br \/>\n36.Ghea\u021b\u0103 luxuriant\u0103<br \/>\n37.Zmeur\u0103 \u0219i pepene ro\u0219u<br \/>\n38.Bomboane de c\u0103p\u0219uni cu ghea\u021b\u0103<br \/>\n39.Pinacolada cu c\u0103p\u0219uni<br \/>\n40.Rodie cu c\u0103p\u0219uni<br \/>\n41.Zmeur\u0103 \u0219i c\u0103p\u0219uni cu ghea\u021b\u0103<br \/>\n42.Punch tropical<br \/>\n43.Ghea\u021b\u0103 de zmeur\u0103 \u0219i pepene ro\u0219u<br \/>\n44.Pepene ro\u0219u litchi<\/p>\n<h2>Specifica\u021bii pentru <strong>JNR tornad\u0103 10000 <\/strong>Pufuri:<\/h2>\n<p>\u2013 <span style=\"color: #ff0000\"><em><strong>10.000<\/strong><\/em><\/span> Pufuri<br \/>\n\u2013 <span style=\"color: #ff0000\"><em><strong>44<\/strong> <\/em><\/span>Arome<br \/>\n\u2013 <span style=\"color: #ff0000\"><strong><em>2%\/5%<\/em><\/strong><\/span> Concentra\u021bie de Nicotin\u0103<br \/>\n\u2013 <span style=\"color: #ff0000\"><strong><em>20 mL<\/em><\/strong><\/span> de capacitate lichid electronic<br \/>\n\u2013 Capacitatea bateriei <span style=\"color: #ff0000\"><em><strong>850 mAh<\/strong><\/em><\/span><\/p>\n<h3>\u00centreb\u0103ri frecvente:<\/h3>\n<p>\u00ce: Care este cantitatea minim\u0103 de comand\u0103 (MOQ) pentru \u021bigara electronic\u0103 de unic\u0103 folosin\u021b\u0103 JNR Alien vape 10k?<\/p>\n<p>R: Cantitatea minim\u0103 de comand\u0103 (MOQ) pentru vapa JNR de 10k pufuri este de 50 de buc\u0103\u021bi.<\/p>\n<p>\u00ce: Sunt sigure vapa JNR Alien de unic\u0103 folosin\u021b\u0103 de 10k pufuri?<\/p>\n<p>R: Da, vapa JNR Alien 10k respect\u0103 toate standardele de siguran\u021b\u0103, con\u021bine o cantitate mic\u0103 de nicotin\u0103 \u0219i trebuie utilizat\u0103 cu modera\u021bie.<\/p>\n<p>\u00ce: C\u00e2t timp ar trebui s\u0103-mi las \u021bigara electronic\u0103 la \u00eenc\u0103rcat?<\/p>\n<p>R: \u00cen general, 1-2 ore sunt suficiente. Vapelor de unic\u0103 folosin\u021b\u0103 precum JNR 10000 pufuri le trebuie de obicei aproximativ 1-2 ore pentru a se \u00eenc\u0103rca. Evita\u021bi supra\u00eenc\u0103rcarea \u0219i deconecta\u021bi-o atunci c\u00e2nd indicatorul luminos \u00ee\u0219i schimb\u0103 culoarea.<\/p>\n<p>\u00ce: Poate fi livrat\u0103 vapa de unic\u0103 folosin\u021b\u0103 JNR 10k \u00een \u021bara mea?<\/p>\n<p>R: Da, putem livra vapa JNR tornado 10000 \u00een majoritatea \u021b\u0103rilor europene, inclusiv, dar f\u0103r\u0103 a se limita la, Olanda, Germania, Fran\u021ba, Spania, Italia, Belgia, Luxemburg, Austria, Cehia, Slovacia, Ungaria, Slovenia, Rom\u00e2nia, Bulgaria, Grecia, Polonia, Suedia, Irlanda, Portugalia, Finlanda, Estonia, Letonia \u0219i Lituania. Dac\u0103 ave\u021bi \u00eentreb\u0103ri specifice referitoare la livrarea \u00een \u021bara dumneavoastr\u0103, nu ezita\u021bi s\u0103 ne contacta\u021bi pentru asisten\u021b\u0103 suplimentar\u0103.<\/p>\n<p><strong>Contacta\u021bi-l pe Lyn pentru mai multe videoclipuri cu produse!<\/strong><\/p>\n<p><a href=\"https:\/\/wa.me\/8617840853976\"><span style=\"color: #ff6600\"><strong><em>Whatsapp:+40 17840853976<\/em><\/strong><\/span><\/a><\/p>\n<p><img loading=\"lazy\" decoding=\"async\" class=\"alignnone size-medium wp-image-1905\" src=\"http:\/\/rmvapebang.com\/wp-content\/uploads\/2024\/03\/whatsapp-vape-2-202x300.jpg\" alt=\"\" width=\"202\" height=\"300\" \/><\/p>\n<p>G\u0103si\u021bi mai multe produse care v-ar putea pl\u0103cea:<a href=\"https:\/\/rmvapebang.com\/ro\/shop-page\/\"><strong><em>Cump\u0103r\u0103 acum<\/em><\/strong><\/a><\/p>\n<p>alte pufuri care v-ar putea pl\u0103cea:<a href=\"https:\/\/rmvapebang.com\/ro\/product\/waspe-20000-puffs-wholesale-price-20k-vape\/\">Waspe 20k Puf-uri\/<\/a><a href=\"https:\/\/rmvapebang.com\/ro\/product\/bang-vape-30000-pro-bulk-sale-dual-flavors-full-screen\/\">\u021aigar\u0103 electronic\u0103 bang 30k cu arome duale \u0219i ecran complet<\/a>\/<a href=\"https:\/\/rmvapebang.com\/ro\/product\/bood-twins-46000-puff-discount-price-disposable-vape-hot-sale\/\">BOOD TWINS 46K PUFURI<\/a>\/<a href=\"https:\/\/rmvapebang.com\/ro\/product\/vopk-cool-bar-9000-puffs-wholesale-price-discount-sale\/\">vopk 9000 pufuri<\/a>\/<a href=\"https:\/\/rmvapebang.com\/ro\/product\/uwin-crystal-10k-wholesale-vape-good-sale\/\">Uwin crystal 10000 pufuri<\/a><\/p>","protected":false},"excerpt":{"rendered":"<p><span style=\"color: #ff0000\"><strong>NOT\u0102<\/strong>:\u00a0<em>Pre\u021burile de pe site nu includ taxa de livrare. V\u0103 rug\u0103m s\u0103 trimite\u021bi codul po\u0219tal \u0219i adresa pentru a putea verifica costurile de livrare pentru dumneavoastr\u0103.<\/em><\/span><\/p>\n<p>Vapa JNR Alien 10000 Puffs ofer\u0103 20 ml de e-lichid, baterie de 800 mAh, 44 de arome, 2% \/ 5% nicotin\u0103 \u0219i lumini RGB. Bucur\u0103-te de vapat vibrant \u0219i de lung\u0103 durat\u0103 la un pre\u021b sc\u0103zut!<\/p>\n<p><a href=\"https:\/\/wa.me\/8617840853976\"><strong><em>Whatsapp:+40 17840853976<\/em><\/strong><\/a><\/p>\n<p>Scana\u021bi pe WhatsApp pentru un cupon pentru clien\u021bi noi<\/p>\n<p><img loading=\"lazy\" decoding=\"async\" class=\"alignnone size-medium wp-image-1905\" src=\"http:\/\/rmvapebang.com\/wp-content\/uploads\/2024\/03\/whatsapp-vape-2-202x300.jpg\" alt=\"\" width=\"202\" height=\"300\" \/><\/p>","protected":false},"featured_media":3633,"comment_status":"open","ping_status":"closed","template":"","meta":{"_uag_custom_page_level_css":"","_lmt_disableupdate":"no","_lmt_disable":"","site-sidebar-layout":"no-sidebar","site-content-layout":"boxed-container","ast-site-content-layout":"normal-width-container","site-content-style":"boxed","site-sidebar-style":"boxed","ast-global-header-display":"","ast-banner-title-visibility":"","ast-main-header-display":"","ast-hfb-above-header-display":"","ast-hfb-below-header-display":"","ast-hfb-mobile-header-display":"","site-post-title":"","ast-breadcrumbs-content":"","ast-featured-img":"","footer-sml-layout":"","theme-transparent-header-meta":"default","adv-header-id-meta":"","stick-header-meta":"","header-above-stick-meta":"","header-main-stick-meta":"","header-below-stick-meta":"","astra-migrate-meta-layouts":"set","ast-page-background-enabled":"default","ast-page-background-meta":{"desktop":{"background-color":"","background-image":"","background-repeat":"repeat","background-position":"center center","background-size":"auto","background-attachment":"scroll","background-type":"","background-media":"","overlay-type":"","overlay-color":"","overlay-gradient":""},"tablet":{"background-color":"","background-image":"","background-repeat":"repeat","background-position":"center center","background-size":"auto","background-attachment":"scroll","background-type":"","background-media":"","overlay-type":"","overlay-color":"","overlay-gradient":""},"mobile":{"background-color":"","background-image":"","background-repeat":"repeat","background-position":"center center","background-size":"auto","background-attachment":"scroll","background-type":"","background-media":"","overlay-type":"","overlay-color":"","overlay-gradient":""}},"ast-content-background-meta":{"desktop":{"background-color":"var(--ast-global-color-5)","background-image":"","background-repeat":"repeat","background-position":"center center","background-size":"auto","background-attachment":"scroll","background-type":"","background-media":"","overlay-type":"","overlay-color":"","overlay-gradient":""},"tablet":{"background-color":"var(--ast-global-color-5)","background-image":"","background-repeat":"repeat","background-position":"center center","background-size":"auto","background-attachment":"scroll","background-type":"","background-media":"","overlay-type":"","overlay-color":"","overlay-gradient":""},"mobile":{"background-color":"var(--ast-global-color-5)","background-image":"","background-repeat":"repeat","background-position":"center center","background-size":"auto","background-attachment":"scroll","background-type":"","background-media":"","overlay-type":"","overlay-color":"","overlay-gradient":""}},"_joinchat":{"telephone":"+8617840853976"}},"product_brand":[],"product_cat":[39,135,41,42,40,86,43],"product_tag":[69,68,50,61,49,53,52],"class_list":{"0":"post-3637","1":"product","2":"type-product","3":"status-publish","4":"has-post-thumbnail","6":"product_cat-france-wholesale-vape","7":"product_cat-bulk-sale-jnr-vapes-europe","8":"product_cat-netherlands-wholesale-vape","9":"product_cat-spain-wholesale-vape","10":"product_cat-germany-wholesale-vape","11":"product_cat-vape-10000-puffs","12":"product_cat-vape-shop","13":"product_tag-10000-puffs","14":"product_tag-10k-puffs","15":"product_tag-bulk-price-vape-shop","16":"product_tag-good-sales-vape","17":"product_tag-minimum-order-quantity-100pcs","18":"product_tag-rechargeable-vape","19":"product_tag-vape-wholesasle-price","20":"desktop-align-left","21":"tablet-align-left","22":"mobile-align-left","24":"first","25":"instock","26":"sale","27":"shipping-taxable","28":"purchasable","29":"product-type-simple"},"yoast_head":"<!-- This site is optimized with the Yoast SEO plugin v23.0 - https:\/\/yoast.com\/wordpress\/plugins\/seo\/ -->\n<title>JNR Alien 10000 Puffs Low Price Hot Sale RGB Vape - rmvapebang.com<\/title>\n<meta name=\"description\" content=\"JNR Alien 10000 Puffs vape offers 20ml e-liquid, 850mAh battery, 44 flavors, and RGB light. Enjoy 2%\/5% nicotine at a low price. Buy now!\" \/>\n<meta name=\"robots\" content=\"index, follow, max-snippet:-1, max-image-preview:large, max-video-preview:-1\" \/>\n<link rel=\"canonical\" href=\"https:\/\/rmvapebang.com\/ro\/product\/jnr-alien-10000-puffs-low-price-hot-sale-rgb-vape\/\" \/>\n<meta property=\"og:locale\" content=\"ro_RO\" \/>\n<meta property=\"og:type\" content=\"article\" \/>\n<meta property=\"og:title\" content=\"JNR Alien 10000 Puffs Low Price Hot Sale RGB Vape - rmvapebang.com\" \/>\n<meta property=\"og:description\" content=\"JNR Alien 10000 Puffs vape offers 20ml e-liquid, 850mAh battery, 44 flavors, and RGB light. Enjoy 2%\/5% nicotine at a low price. Buy now!\" \/>\n<meta property=\"og:url\" content=\"https:\/\/rmvapebang.com\/ro\/product\/jnr-alien-10000-puffs-low-price-hot-sale-rgb-vape\/\" \/>\n<meta property=\"og:site_name\" content=\"rmvapebang.com\" \/>\n<meta property=\"article:modified_time\" content=\"2025-09-03T09:08:33+00:00\" \/>\n<meta property=\"og:image\" content=\"https:\/\/rmvapebang.com\/wp-content\/uploads\/2025\/02\/JNR-ALIEN-VAPE-PUFFS-10K-TOP-SALE.webp\" \/>\n\t<meta property=\"og:image:width\" content=\"800\" \/>\n\t<meta property=\"og:image:height\" content=\"800\" \/>\n\t<meta property=\"og:image:type\" content=\"image\/webp\" \/>\n<meta name=\"twitter:card\" content=\"summary_large_image\" \/>\n<meta name=\"twitter:label1\" content=\"Timp estimat pentru citire\" \/>\n\t<meta name=\"twitter:data1\" content=\"3 minute\" \/>\n<script type=\"application\/ld+json\" class=\"yoast-schema-graph\">{\"@context\":\"https:\/\/schema.org\",\"@graph\":[{\"@type\":\"WebPage\",\"@id\":\"https:\/\/rmvapebang.com\/hu\/product\/jnr-alien-10000-puffs-low-price-hot-sale-rgb-vape\/\",\"url\":\"https:\/\/rmvapebang.com\/hu\/product\/jnr-alien-10000-puffs-low-price-hot-sale-rgb-vape\/\",\"name\":\"JNR Alien 10000 Puffs Low Price Hot Sale RGB Vape - rmvapebang.com\",\"isPartOf\":{\"@id\":\"https:\/\/rmvapebang.com\/#website\"},\"primaryImageOfPage\":{\"@id\":\"https:\/\/rmvapebang.com\/hu\/product\/jnr-alien-10000-puffs-low-price-hot-sale-rgb-vape\/#primaryimage\"},\"image\":{\"@id\":\"https:\/\/rmvapebang.com\/hu\/product\/jnr-alien-10000-puffs-low-price-hot-sale-rgb-vape\/#primaryimage\"},\"thumbnailUrl\":\"https:\/\/rmvapebang.com\/wp-content\/uploads\/2025\/02\/JNR-ALIEN-VAPE-PUFFS-10K-TOP-SALE.webp\",\"datePublished\":\"2025-02-15T05:35:44+00:00\",\"dateModified\":\"2025-09-03T09:08:33+00:00\",\"description\":\"JNR Alien 10000 Puffs vape offers 20ml e-liquid, 850mAh battery, 44 flavors, and RGB light. Enjoy 2%\/5% nicotine at a low price. Buy now!\",\"breadcrumb\":{\"@id\":\"https:\/\/rmvapebang.com\/hu\/product\/jnr-alien-10000-puffs-low-price-hot-sale-rgb-vape\/#breadcrumb\"},\"inLanguage\":\"ro-RO\",\"potentialAction\":[{\"@type\":\"ReadAction\",\"target\":[\"https:\/\/rmvapebang.com\/hu\/product\/jnr-alien-10000-puffs-low-price-hot-sale-rgb-vape\/\"]}]},{\"@type\":\"ImageObject\",\"inLanguage\":\"ro-RO\",\"@id\":\"https:\/\/rmvapebang.com\/hu\/product\/jnr-alien-10000-puffs-low-price-hot-sale-rgb-vape\/#primaryimage\",\"url\":\"https:\/\/rmvapebang.com\/wp-content\/uploads\/2025\/02\/JNR-ALIEN-VAPE-PUFFS-10K-TOP-SALE.webp\",\"contentUrl\":\"https:\/\/rmvapebang.com\/wp-content\/uploads\/2025\/02\/JNR-ALIEN-VAPE-PUFFS-10K-TOP-SALE.webp\",\"width\":800,\"height\":800,\"caption\":\"JNR ALIEN VAPE PUFFS 10K TOP SALE\"},{\"@type\":\"BreadcrumbList\",\"@id\":\"https:\/\/rmvapebang.com\/hu\/product\/jnr-alien-10000-puffs-low-price-hot-sale-rgb-vape\/#breadcrumb\",\"itemListElement\":[{\"@type\":\"ListItem\",\"position\":1,\"name\":\"Home\",\"item\":\"https:\/\/rmvapebang.com\/\"},{\"@type\":\"ListItem\",\"position\":2,\"name\":\"Hot Vape Shop\",\"item\":\"https:\/\/rmvapebang.com\/shop-page\/\"},{\"@type\":\"ListItem\",\"position\":3,\"name\":\"JNR Alien 10000 Puffs Low Price Hot Sale RGB Vape\"}]},{\"@type\":\"WebSite\",\"@id\":\"https:\/\/rmvapebang.com\/#website\",\"url\":\"https:\/\/rmvapebang.com\/\",\"name\":\"rmvapebang.com\",\"description\":\"buy vape cheap\",\"publisher\":{\"@id\":\"https:\/\/rmvapebang.com\/#organization\"},\"potentialAction\":[{\"@type\":\"SearchAction\",\"target\":{\"@type\":\"EntryPoint\",\"urlTemplate\":\"https:\/\/rmvapebang.com\/?s={search_term_string}\"},\"query-input\":\"required name=search_term_string\"}],\"inLanguage\":\"ro-RO\"},{\"@type\":\"Organization\",\"@id\":\"https:\/\/rmvapebang.com\/#organization\",\"name\":\"rmvapebang.com\",\"url\":\"https:\/\/rmvapebang.com\/\",\"logo\":{\"@type\":\"ImageObject\",\"inLanguage\":\"ro-RO\",\"@id\":\"https:\/\/rmvapebang.com\/#\/schema\/logo\/image\/\",\"url\":\"https:\/\/rmvapebang.com\/wp-content\/uploads\/2024\/03\/cropped-RVBlogo.png\",\"contentUrl\":\"https:\/\/rmvapebang.com\/wp-content\/uploads\/2024\/03\/cropped-RVBlogo.png\",\"width\":507,\"height\":169,\"caption\":\"rmvapebang.com\"},\"image\":{\"@id\":\"https:\/\/rmvapebang.com\/#\/schema\/logo\/image\/\"}}]}<\/script>\n<!-- \/ Yoast SEO plugin. -->","yoast_head_json":{"title":"JNR Alien 10000 Puffs Low Price Hot Sale RGB Vape - rmvapebang.com","description":"JNR Alien 10000 Puffs vape offers 20ml e-liquid, 850mAh battery, 44 flavors, and RGB light. Enjoy 2%\/5% nicotine at a low price. Buy now!","robots":{"index":"index","follow":"follow","max-snippet":"max-snippet:-1","max-image-preview":"max-image-preview:large","max-video-preview":"max-video-preview:-1"},"canonical":"https:\/\/rmvapebang.com\/ro\/product\/jnr-alien-10000-puffs-low-price-hot-sale-rgb-vape\/","og_locale":"ro_RO","og_type":"article","og_title":"JNR Alien 10000 Puffs Low Price Hot Sale RGB Vape - rmvapebang.com","og_description":"JNR Alien 10000 Puffs vape offers 20ml e-liquid, 850mAh battery, 44 flavors, and RGB light. Enjoy 2%\/5% nicotine at a low price. Buy now!","og_url":"https:\/\/rmvapebang.com\/ro\/product\/jnr-alien-10000-puffs-low-price-hot-sale-rgb-vape\/","og_site_name":"rmvapebang.com","article_modified_time":"2025-09-03T09:08:33+00:00","og_image":[{"width":800,"height":800,"url":"https:\/\/rmvapebang.com\/wp-content\/uploads\/2025\/02\/JNR-ALIEN-VAPE-PUFFS-10K-TOP-SALE.webp","type":"image\/webp"}],"twitter_card":"summary_large_image","twitter_misc":{"Timp estimat pentru citire":"3 minute"},"schema":{"@context":"https:\/\/schema.org","@graph":[{"@type":"WebPage","@id":"https:\/\/rmvapebang.com\/hu\/product\/jnr-alien-10000-puffs-low-price-hot-sale-rgb-vape\/","url":"https:\/\/rmvapebang.com\/hu\/product\/jnr-alien-10000-puffs-low-price-hot-sale-rgb-vape\/","name":"JNR Alien 10000 Puffs Low Price Hot Sale RGB Vape - rmvapebang.com","isPartOf":{"@id":"https:\/\/rmvapebang.com\/#website"},"primaryImageOfPage":{"@id":"https:\/\/rmvapebang.com\/hu\/product\/jnr-alien-10000-puffs-low-price-hot-sale-rgb-vape\/#primaryimage"},"image":{"@id":"https:\/\/rmvapebang.com\/hu\/product\/jnr-alien-10000-puffs-low-price-hot-sale-rgb-vape\/#primaryimage"},"thumbnailUrl":"https:\/\/rmvapebang.com\/wp-content\/uploads\/2025\/02\/JNR-ALIEN-VAPE-PUFFS-10K-TOP-SALE.webp","datePublished":"2025-02-15T05:35:44+00:00","dateModified":"2025-09-03T09:08:33+00:00","description":"JNR Alien 10000 Puffs vape offers 20ml e-liquid, 850mAh battery, 44 flavors, and RGB light. Enjoy 2%\/5% nicotine at a low price. Buy now!","breadcrumb":{"@id":"https:\/\/rmvapebang.com\/hu\/product\/jnr-alien-10000-puffs-low-price-hot-sale-rgb-vape\/#breadcrumb"},"inLanguage":"ro-RO","potentialAction":[{"@type":"ReadAction","target":["https:\/\/rmvapebang.com\/hu\/product\/jnr-alien-10000-puffs-low-price-hot-sale-rgb-vape\/"]}]},{"@type":"ImageObject","inLanguage":"ro-RO","@id":"https:\/\/rmvapebang.com\/hu\/product\/jnr-alien-10000-puffs-low-price-hot-sale-rgb-vape\/#primaryimage","url":"https:\/\/rmvapebang.com\/wp-content\/uploads\/2025\/02\/JNR-ALIEN-VAPE-PUFFS-10K-TOP-SALE.webp","contentUrl":"https:\/\/rmvapebang.com\/wp-content\/uploads\/2025\/02\/JNR-ALIEN-VAPE-PUFFS-10K-TOP-SALE.webp","width":800,"height":800,"caption":"JNR ALIEN VAPE PUFFS 10K TOP SALE"},{"@type":"BreadcrumbList","@id":"https:\/\/rmvapebang.com\/hu\/product\/jnr-alien-10000-puffs-low-price-hot-sale-rgb-vape\/#breadcrumb","itemListElement":[{"@type":"ListItem","position":1,"name":"Home","item":"https:\/\/rmvapebang.com\/"},{"@type":"ListItem","position":2,"name":"Hot Vape Shop","item":"https:\/\/rmvapebang.com\/shop-page\/"},{"@type":"ListItem","position":3,"name":"JNR Alien 10000 Puffs Low Price Hot Sale RGB Vape"}]},{"@type":"WebSite","@id":"https:\/\/rmvapebang.com\/#website","url":"https:\/\/rmvapebang.com\/","name":"rmvapebang.com","description":"buy vape cheap","publisher":{"@id":"https:\/\/rmvapebang.com\/#organization"},"potentialAction":[{"@type":"SearchAction","target":{"@type":"EntryPoint","urlTemplate":"https:\/\/rmvapebang.com\/?s={search_term_string}"},"query-input":"required name=search_term_string"}],"inLanguage":"ro-RO"},{"@type":"Organization","@id":"https:\/\/rmvapebang.com\/#organization","name":"rmvapebang.com","url":"https:\/\/rmvapebang.com\/","logo":{"@type":"ImageObject","inLanguage":"ro-RO","@id":"https:\/\/rmvapebang.com\/#\/schema\/logo\/image\/","url":"https:\/\/rmvapebang.com\/wp-content\/uploads\/2024\/03\/cropped-RVBlogo.png","contentUrl":"https:\/\/rmvapebang.com\/wp-content\/uploads\/2024\/03\/cropped-RVBlogo.png","width":507,"height":169,"caption":"rmvapebang.com"},"image":{"@id":"https:\/\/rmvapebang.com\/#\/schema\/logo\/image\/"}}]}},"uagb_featured_image_src":{"full":["https:\/\/rmvapebang.com\/wp-content\/uploads\/2025\/02\/JNR-ALIEN-VAPE-PUFFS-10K-TOP-SALE.webp",800,800,false],"thumbnail":["https:\/\/rmvapebang.com\/wp-content\/uploads\/2025\/02\/JNR-ALIEN-VAPE-PUFFS-10K-TOP-SALE-150x150.webp",150,150,true],"medium":["https:\/\/rmvapebang.com\/wp-content\/uploads\/2025\/02\/JNR-ALIEN-VAPE-PUFFS-10K-TOP-SALE-300x300.webp",300,300,true],"medium_large":["https:\/\/rmvapebang.com\/wp-content\/uploads\/2025\/02\/JNR-ALIEN-VAPE-PUFFS-10K-TOP-SALE-768x768.webp",768,768,true],"large":["https:\/\/rmvapebang.com\/wp-content\/uploads\/2025\/02\/JNR-ALIEN-VAPE-PUFFS-10K-TOP-SALE.webp",800,800,false],"1536x1536":["https:\/\/rmvapebang.com\/wp-content\/uploads\/2025\/02\/JNR-ALIEN-VAPE-PUFFS-10K-TOP-SALE.webp",800,800,false],"2048x2048":["https:\/\/rmvapebang.com\/wp-content\/uploads\/2025\/02\/JNR-ALIEN-VAPE-PUFFS-10K-TOP-SALE.webp",800,800,false],"trp-custom-language-flag":["https:\/\/rmvapebang.com\/wp-content\/uploads\/2025\/02\/JNR-ALIEN-VAPE-PUFFS-10K-TOP-SALE.webp",12,12,false],"woocommerce_thumbnail":["https:\/\/rmvapebang.com\/wp-content\/uploads\/2025\/02\/JNR-ALIEN-VAPE-PUFFS-10K-TOP-SALE-300x300.webp",300,300,true],"woocommerce_single":["https:\/\/rmvapebang.com\/wp-content\/uploads\/2025\/02\/JNR-ALIEN-VAPE-PUFFS-10K-TOP-SALE-600x600.webp",600,600,true],"woocommerce_gallery_thumbnail":["https:\/\/rmvapebang.com\/wp-content\/uploads\/2025\/02\/JNR-ALIEN-VAPE-PUFFS-10K-TOP-SALE-100x100.webp",100,100,true],"wcpr-photo-reviews":["https:\/\/rmvapebang.com\/wp-content\/uploads\/2025\/02\/JNR-ALIEN-VAPE-PUFFS-10K-TOP-SALE.webp",500,500,false]},"uagb_author_info":{"display_name":"Lyn","author_link":"https:\/\/rmvapebang.com\/ro\/author\/"},"uagb_comment_info":0,"uagb_excerpt":"NOTE:\u00a0Prices on the website don\u2019t include shipping fee. Please send your zip code and address that we can check shipping costs for you. JNR Alien 10000 Puffs vape offers 20ml e-liquid, 800mAh battery, 44 flavors, 2%\/5% nicotine, and RGB lights. Enjoy vibrant, long-lasting vaping at a low price! Whatsapp:+86 17840853976 Scan on whatsapp for New&hellip;","_links":{"self":[{"href":"https:\/\/rmvapebang.com\/ro\/wp-json\/wp\/v2\/product\/3637","targetHints":{"allow":["GET"]}}],"collection":[{"href":"https:\/\/rmvapebang.com\/ro\/wp-json\/wp\/v2\/product"}],"about":[{"href":"https:\/\/rmvapebang.com\/ro\/wp-json\/wp\/v2\/types\/product"}],"replies":[{"embeddable":true,"href":"https:\/\/rmvapebang.com\/ro\/wp-json\/wp\/v2\/comments?post=3637"}],"wp:featuredmedia":[{"embeddable":true,"href":"https:\/\/rmvapebang.com\/ro\/wp-json\/wp\/v2\/media\/3633"}],"wp:attachment":[{"href":"https:\/\/rmvapebang.com\/ro\/wp-json\/wp\/v2\/media?parent=3637"}],"wp:term":[{"taxonomy":"product_brand","embeddable":true,"href":"https:\/\/rmvapebang.com\/ro\/wp-json\/wp\/v2\/product_brand?post=3637"},{"taxonomy":"product_cat","embeddable":true,"href":"https:\/\/rmvapebang.com\/ro\/wp-json\/wp\/v2\/product_cat?post=3637"},{"taxonomy":"product_tag","embeddable":true,"href":"https:\/\/rmvapebang.com\/ro\/wp-json\/wp\/v2\/product_tag?post=3637"}],"curies":[{"name":"wp","href":"https:\/\/api.w.org\/{rel}","templated":true}]}}