{"id":3038,"date":"2024-10-14T10:08:06","date_gmt":"2024-10-14T02:08:06","guid":{"rendered":"https:\/\/rmvapebang.com\/?post_type=product&#038;p=3038"},"modified":"2025-09-04T16:29:44","modified_gmt":"2025-09-04T08:29:44","slug":"uwin-crystal-10k-wholesale-vape-good-sale","status":"publish","type":"product","link":"https:\/\/rmvapebang.com\/ro\/product\/uwin-crystal-10k-wholesale-vape-good-sale\/","title":{"rendered":"Uwin Crystal 10k Vape cu Ridicata V\u00e2nzare Bun\u0103"},"content":{"rendered":"<h2>Uwin Crystal 10k Wholesale Vape Good Sale<\/h2>\n<div class=\"flex-1 overflow-hidden\">\n<div class=\"react-scroll-to-bottom--css-rkeqe-79elbk h-full\">\n<div class=\"react-scroll-to-bottom--css-rkeqe-1n7m0yu\">\n<div class=\"flex flex-col text-sm pb-9\">\n<div class=\"w-full text-token-text-primary\" data-testid=\"conversation-turn-7\">\n<div class=\"px-4 py-2 justify-center text-base md:gap-6 m-auto\">\n<div class=\"flex flex-1 text-base mx-auto gap-3 md:px-5 lg:px-1 xl:px-5 md:max-w-3xl lg:max-w-[40rem] xl:max-w-[48rem] group final-completion\">\n<div class=\"relative flex w-full flex-col agent-turn\">\n<div class=\"flex-col gap-1 md:gap-3\">\n<div class=\"flex flex-grow flex-col max-w-full\">\n<div class=\"min-h-[20px] text-message flex flex-col items-start gap-3 whitespace-pre-wrap break-words [.text-message+&amp;]:mt-5 overflow-x-auto\" data-message-author-role=\"assistant\" data-message-id=\"a1f3b89f-a1c9-497d-a989-579b96e752e6\">\n<div class=\"markdown prose w-full break-words dark:prose-invert light\">\n<p>Uwin Crystal 10k Wholesale Vape Good Sale is a high-performance disposable vape device designed for users who pursue long-lasting use and diverse flavors. <strong><a href=\"https:\/\/rmvapebang.com\/product-category\/crystal-vape\/\">Crystal vape<\/a> <\/strong>10k has an amazing capacity of 10,000 puffs, a large 18ml e-liquid storage, and a 650mAh rechargeable battery. 10k of Uwin Crystal charges quickly via the Type-C interface to ensure that you use it for longer.<\/p>\n<p>Crystal 10k <strong><a href=\"https:\/\/rmvapebang.com\/product-category\/uwin-vape\/\">disposable vape of Uwin\u00a0<\/a><\/strong> has sufficient e-liquid and long battery life, but has cool RGB lighting effects, which flashes colors every time you use, increasing the fun of use. There are 15 flavors to choose, which are very rich in flavors to meet your needs for different e-liquid flavors.<\/p>\n<p>Vape of Uwin <strong><a href=\"https:\/\/rmvapebang.com\/product-category\/vape-10000-puffs\/\">10000 puffs disposable vape<\/a> <\/strong>design style is very similar to Vapme Crystal 7k, but it has larger puffs, giving you an upgraded use experience. If you are looking for a disposable vape with the best value for money, I think Uwin Crystal 10k is a nice choice.<\/p>\n<p><img loading=\"lazy\" decoding=\"async\" class=\"alignnone wp-image-3033 \" src=\"http:\/\/rmvapebang.com\/wp-content\/uploads\/2024\/10\/Uwin-disposable-vape-10000-puffs-cheaper-sale-1024x654.jpg\" alt=\"Uwin disposable vape 10000 puffs cheaper sale\" width=\"794\" height=\"507\" srcset=\"https:\/\/rmvapebang.com\/wp-content\/uploads\/2024\/10\/Uwin-disposable-vape-10000-puffs-cheaper-sale-1024x654.jpg 1024w, https:\/\/rmvapebang.com\/wp-content\/uploads\/2024\/10\/Uwin-disposable-vape-10000-puffs-cheaper-sale-300x191.jpg 300w, https:\/\/rmvapebang.com\/wp-content\/uploads\/2024\/10\/Uwin-disposable-vape-10000-puffs-cheaper-sale-768x490.jpg 768w, https:\/\/rmvapebang.com\/wp-content\/uploads\/2024\/10\/Uwin-disposable-vape-10000-puffs-cheaper-sale-1536x980.jpg 1536w, https:\/\/rmvapebang.com\/wp-content\/uploads\/2024\/10\/Uwin-disposable-vape-10000-puffs-cheaper-sale-2048x1307.jpg 2048w, https:\/\/rmvapebang.com\/wp-content\/uploads\/2024\/10\/Uwin-disposable-vape-10000-puffs-cheaper-sale-600x383.jpg 600w\" sizes=\"auto, (max-width: 794px) 100vw, 794px\" \/><\/p>\n<\/div>\n<\/div>\n<\/div>\n<\/div>\n<\/div>\n<\/div>\n<\/div>\n<\/div>\n<\/div>\n<\/div>\n<\/div>\n<\/div>\n<h2><strong>What&#8217;s the Flavors for vape 10K puffs of Uwin Crystal vape?<\/strong><\/h2>\n<p>1.Blueberry Raspberry<br \/>\n2.Grape ice<br \/>\n3.Strawberry Watermelon<br \/>\n4.Blueberry on ice<br \/>\n5.Watermelon ice<br \/>\n6.Cherry ice<br \/>\n7.Strawberry raspberry cherry<br \/>\n8.Kiwi Passion fruit guava<br \/>\n9.Strawberry ice<br \/>\n10.Peach ice<br \/>\n11.Strawberry kiwi<br \/>\n12.Peach berry<br \/>\n13.Cherry cola<br \/>\n14.Mixed berry<br \/>\n15.Mr blue<\/p>\n<p><span style=\"font-size: 1.7em;font-weight: bold\">Specifications For Uwin Crystal 10K Puffs:<\/span><\/p>\n<p>\u2013\u00a0 <em><strong><span style=\"color: #ff0000\">10k<\/span><\/strong><\/em> Puffs<br \/>\n\u2013<em><strong><span style=\"color: #ff0000\">15<\/span><\/strong><\/em> Flavors<br \/>\n\u2013 <em><strong><span style=\"color: #ff0000\">2%\/5%<\/span><\/strong><\/em> Nic Strength<br \/>\n\u2013 <em><strong><span style=\"color: #ff0000\">18 mL<\/span><\/strong><\/em> of E-liquid Capacity<br \/>\n\u2013 Battery capacity <em><strong><span style=\"color: #ff0000\">650 mAh<\/span><\/strong><\/em><\/p>\n<h3>FAQ:<\/h3>\n<p>Q: What is the MOQ of the Uwin 10k of\u00a0 crystal vape?<\/p>\n<p>A: The minimum order quantity (MOQ) for the Uwin vape 10000 Puffs is 50 pieces.<\/p>\n<p>Q: What is the delivery time for the Uwin 10K Puffs disposable vape I ordered?<\/p>\n<p>A: Typically, the delivery time for the 10000 Puff Vapes of Uwin crystal vape is 10-15 days after shipping out.<\/p>\n<p>Q: How much is the shipping cost for the crystal\u00a0 10000 Vapes?<\/p>\n<p>A: The shipping cost varies depending on the weight of the order. Different quantities may have different shipping costs. Please contact us to confirm the shipping cost for your specific order.<\/p>\n<p>Q: Can the uwin puff of 10k Puffs crystal vape be shipped to my country?<\/p>\n<p>A: Yes, we can ship the crystal 10000 Puffs of uwin Vape to most European countries, including but not limited to the Netherlands, Germany, France, Spain, Italy, Belgium, Luxembourg, Austria, Czech Republic, Slovakia, Hungary, Slovenia, Romania, Bulgaria, Greece, Poland, Sweden, Ireland, Portugal, Finland, Estonia, Latvia, and Lithuania. If you have any specific inquiries regarding shipping to your country, please feel free to reach out to us for further assistance.<\/p>\n<p><strong>Contact Lyn for more product videos!<\/strong><\/p>\n<p><a href=\"https:\/\/wa.me\/8617840853976\"><span style=\"color: #ff6600\"><strong><em>Whatsapp:+86 17840853976<\/em><\/strong><\/span><\/a><\/p>\n<p><img loading=\"lazy\" decoding=\"async\" class=\"alignnone size-medium wp-image-1905\" src=\"http:\/\/rmvapebang.com\/wp-content\/uploads\/2024\/03\/whatsapp-vape-2-202x300.jpg\" alt=\"\" width=\"202\" height=\"300\" \/><\/p>\n<p>Find more product you may like:<a href=\"https:\/\/rmvapebang.com\/shop-page\/\"><strong><em>Shop now<\/em><\/strong><\/a><\/p>\n<p>others puff you may like:<a href=\"https:\/\/rmvapebang.com\/product\/fihp-tornado-15000-puffs-randm-bulk-price-cheap-sale\/\">FIHP TORNADO 15K PUFFS<\/a><a href=\"https:\/\/rmvapebang.com\/product\/randm-tornado-7000-puffs-hot-sales-wholesale-price-7k-vape\/\">\/<\/a><a href=\"https:\/\/rmvapebang.com\/product\/waspe-25000-aiviou-vape-wholesale-price-cheaper-sale\/\">WASPE 25K VAPE<\/a> \/<a href=\"https:\/\/rmvapebang.com\/product\/waspe-30k-puffs-fihp-vape-bulk-price-discount-sale\/\">waspe 30k puffs<\/a><\/p>\n<p><span style=\"color: #ff0000\"><strong>Note: All products do not include shipping costs\uff01\uff01\uff01<\/strong><\/span><\/p>\n","protected":false},"excerpt":{"rendered":"<p>Uwin Crystal 10K Puffs Pre\u021b en-gros Vape Re\u00eenc\u0103rcabil, utilizare \u00eendelungat\u0103 \u0219i calitate bun\u0103, Vapa Crystal este un dispozitiv re\u00eenc\u0103rcabil de mare capacitate, oferind 10000 de pufuri cu 15 arome \u0219i niveluri de nicotin\u0103 de 2%\/5%.<\/p>\n<p><strong><em>Whatsapp:<a href=\"https:\/\/wa.me\/8617840853976\">+86 17840853976<\/a><\/em><\/strong><\/p>\n<p>Scana\u021bi pe WhatsApp pentru un cupon pentru clien\u021bi noi<\/p>\n<p><img loading=\"lazy\" decoding=\"async\" class=\"alignnone size-medium wp-image-1905\" src=\"http:\/\/rmvapebang.com\/wp-content\/uploads\/2024\/03\/whatsapp-vape-2-202x300.jpg\" alt=\"\" width=\"202\" height=\"300\" \/><\/p>","protected":false},"featured_media":3031,"comment_status":"open","ping_status":"closed","template":"","meta":{"_uag_custom_page_level_css":"","_lmt_disableupdate":"no","_lmt_disable":"","site-sidebar-layout":"no-sidebar","site-content-layout":"boxed-container","ast-site-content-layout":"normal-width-container","site-content-style":"boxed","site-sidebar-style":"boxed","ast-global-header-display":"","ast-banner-title-visibility":"","ast-main-header-display":"","ast-hfb-above-header-display":"","ast-hfb-below-header-display":"","ast-hfb-mobile-header-display":"","site-post-title":"","ast-breadcrumbs-content":"","ast-featured-img":"","footer-sml-layout":"","ast-disable-related-posts":"","theme-transparent-header-meta":"default","adv-header-id-meta":"","stick-header-meta":"","header-above-stick-meta":"","header-main-stick-meta":"","header-below-stick-meta":"","astra-migrate-meta-layouts":"set","ast-page-background-enabled":"default","ast-page-background-meta":{"desktop":{"background-color":"","background-image":"","background-repeat":"repeat","background-position":"center center","background-size":"auto","background-attachment":"scroll","background-type":"","background-media":"","overlay-type":"","overlay-color":"","overlay-opacity":"","overlay-gradient":""},"tablet":{"background-color":"","background-image":"","background-repeat":"repeat","background-position":"center center","background-size":"auto","background-attachment":"scroll","background-type":"","background-media":"","overlay-type":"","overlay-color":"","overlay-opacity":"","overlay-gradient":""},"mobile":{"background-color":"","background-image":"","background-repeat":"repeat","background-position":"center center","background-size":"auto","background-attachment":"scroll","background-type":"","background-media":"","overlay-type":"","overlay-color":"","overlay-opacity":"","overlay-gradient":""}},"ast-content-background-meta":{"desktop":{"background-color":"var(--ast-global-color-4)","background-image":"","background-repeat":"repeat","background-position":"center center","background-size":"auto","background-attachment":"scroll","background-type":"","background-media":"","overlay-type":"","overlay-color":"","overlay-opacity":"","overlay-gradient":""},"tablet":{"background-color":"var(--ast-global-color-4)","background-image":"","background-repeat":"repeat","background-position":"center center","background-size":"auto","background-attachment":"scroll","background-type":"","background-media":"","overlay-type":"","overlay-color":"","overlay-opacity":"","overlay-gradient":""},"mobile":{"background-color":"var(--ast-global-color-4)","background-image":"","background-repeat":"repeat","background-position":"center center","background-size":"auto","background-attachment":"scroll","background-type":"","background-media":"","overlay-type":"","overlay-color":"","overlay-opacity":"","overlay-gradient":""}},"_joinchat":[]},"product_brand":[],"product_cat":[115,39,41,42,40,139,86,43],"product_tag":[69,68,50,51,67,57,58,53,52],"class_list":{"0":"post-3038","1":"product","2":"type-product","3":"status-publish","4":"has-post-thumbnail","6":"product_cat-crystal-vape","7":"product_cat-france-wholesale-vape","8":"product_cat-netherlands-wholesale-vape","9":"product_cat-spain-wholesale-vape","10":"product_cat-germany-wholesale-vape","11":"product_cat-uwin-vape","12":"product_cat-vape-10000-puffs","13":"product_cat-vape-shop","14":"product_tag-10000-puffs","15":"product_tag-10k-puffs","16":"product_tag-bulk-price-vape-shop","17":"product_tag-disposable-vape","18":"product_tag-fast-price-sales","19":"product_tag-minimum-order-quantity-50pcs","20":"product_tag-moq-50pcs","21":"product_tag-rechargeable-vape","22":"product_tag-vape-wholesasle-price","23":"desktop-align-left","24":"tablet-align-left","25":"mobile-align-left","27":"first","28":"instock","29":"sale","30":"shipping-taxable","31":"purchasable","32":"product-type-simple"},"yoast_head":"<!-- This site is optimized with the Yoast SEO plugin v27.4 - https:\/\/yoast.com\/product\/yoast-seo-wordpress\/ -->\n<title>Uwin Crystal 10k Wholesale Vape Good Sale - rmvapebang.com<\/title>\n<meta name=\"description\" content=\"Uwin Crystal 10K Puffs Bulk Price,2% and 5% nicotine,15 flavors to choose. Contact now to get Wholesale Price of uwin 10000 vape! min order is 50pcs\" \/>\n<meta name=\"robots\" content=\"index, follow, max-snippet:-1, max-image-preview:large, max-video-preview:-1\" \/>\n<link rel=\"canonical\" href=\"https:\/\/rmvapebang.com\/ro\/produs\/uwin-crystal-10k-wholesale-vape-good-sale\/\" \/>\n<meta property=\"og:locale\" content=\"ro_RO\" \/>\n<meta property=\"og:type\" content=\"article\" \/>\n<meta property=\"og:title\" content=\"Uwin Crystal 10k Wholesale Vape Good Sale - rmvapebang.com\" \/>\n<meta property=\"og:description\" content=\"Uwin Crystal 10K Puffs Bulk Price,2% and 5% nicotine,15 flavors to choose. Contact now to get Wholesale Price of uwin 10000 vape! min order is 50pcs\" \/>\n<meta property=\"og:url\" content=\"https:\/\/rmvapebang.com\/ro\/produs\/uwin-crystal-10k-wholesale-vape-good-sale\/\" \/>\n<meta property=\"og:site_name\" content=\"rmvapebang.com\" \/>\n<meta property=\"article:modified_time\" content=\"2025-09-04T08:29:44+00:00\" \/>\n<meta property=\"og:image\" content=\"https:\/\/rmvapebang.com\/wp-content\/uploads\/2024\/10\/Uwin-disposable-vape-10k-puffs-cheaper-sale.jpg\" \/>\n\t<meta property=\"og:image:width\" content=\"625\" \/>\n\t<meta property=\"og:image:height\" content=\"695\" \/>\n\t<meta property=\"og:image:type\" content=\"image\/jpeg\" \/>\n<meta name=\"twitter:card\" content=\"summary_large_image\" \/>\n<meta name=\"twitter:label1\" content=\"Timp estimat pentru citire\" \/>\n\t<meta name=\"twitter:data1\" content=\"3 minute\" \/>\n<script type=\"application\/ld+json\" class=\"yoast-schema-graph\">{\"@context\":\"https:\\\/\\\/schema.org\",\"@graph\":[{\"@type\":\"WebPage\",\"@id\":\"https:\\\/\\\/rmvapebang.com\\\/fr\\\/product\\\/uwin-crystal-10k-wholesale-vape-good-sale\\\/\",\"url\":\"https:\\\/\\\/rmvapebang.com\\\/fr\\\/product\\\/uwin-crystal-10k-wholesale-vape-good-sale\\\/\",\"name\":\"Uwin Crystal 10k Wholesale Vape Good Sale - rmvapebang.com\",\"isPartOf\":{\"@id\":\"https:\\\/\\\/rmvapebang.com\\\/#website\"},\"primaryImageOfPage\":{\"@id\":\"https:\\\/\\\/rmvapebang.com\\\/fr\\\/product\\\/uwin-crystal-10k-wholesale-vape-good-sale\\\/#primaryimage\"},\"image\":{\"@id\":\"https:\\\/\\\/rmvapebang.com\\\/fr\\\/product\\\/uwin-crystal-10k-wholesale-vape-good-sale\\\/#primaryimage\"},\"thumbnailUrl\":\"https:\\\/\\\/rmvapebang.com\\\/wp-content\\\/uploads\\\/2024\\\/10\\\/Uwin-disposable-vape-10k-puffs-cheaper-sale.jpg\",\"datePublished\":\"2024-10-14T02:08:06+00:00\",\"dateModified\":\"2025-09-04T08:29:44+00:00\",\"description\":\"Uwin Crystal 10K Puffs Bulk Price,2% and 5% nicotine,15 flavors to choose. Contact now to get Wholesale Price of uwin 10000 vape! min order is 50pcs\",\"breadcrumb\":{\"@id\":\"https:\\\/\\\/rmvapebang.com\\\/fr\\\/product\\\/uwin-crystal-10k-wholesale-vape-good-sale\\\/#breadcrumb\"},\"inLanguage\":\"ro-RO\",\"potentialAction\":[{\"@type\":\"ReadAction\",\"target\":[\"https:\\\/\\\/rmvapebang.com\\\/fr\\\/product\\\/uwin-crystal-10k-wholesale-vape-good-sale\\\/\"]}]},{\"@type\":\"ImageObject\",\"inLanguage\":\"ro-RO\",\"@id\":\"https:\\\/\\\/rmvapebang.com\\\/fr\\\/product\\\/uwin-crystal-10k-wholesale-vape-good-sale\\\/#primaryimage\",\"url\":\"https:\\\/\\\/rmvapebang.com\\\/wp-content\\\/uploads\\\/2024\\\/10\\\/Uwin-disposable-vape-10k-puffs-cheaper-sale.jpg\",\"contentUrl\":\"https:\\\/\\\/rmvapebang.com\\\/wp-content\\\/uploads\\\/2024\\\/10\\\/Uwin-disposable-vape-10k-puffs-cheaper-sale.jpg\",\"width\":625,\"height\":695,\"caption\":\"Uwin disposable vape 10k puffs cheaper sale\"},{\"@type\":\"BreadcrumbList\",\"@id\":\"https:\\\/\\\/rmvapebang.com\\\/fr\\\/product\\\/uwin-crystal-10k-wholesale-vape-good-sale\\\/#breadcrumb\",\"itemListElement\":[{\"@type\":\"ListItem\",\"position\":1,\"name\":\"Home\",\"item\":\"https:\\\/\\\/rmvapebang.com\\\/\"},{\"@type\":\"ListItem\",\"position\":2,\"name\":\"Hot Vape Shop\",\"item\":\"https:\\\/\\\/rmvapebang.com\\\/shop-page\\\/\"},{\"@type\":\"ListItem\",\"position\":3,\"name\":\"Uwin Crystal 10k Wholesale Vape Good Sale\"}]},{\"@type\":\"WebSite\",\"@id\":\"https:\\\/\\\/rmvapebang.com\\\/#website\",\"url\":\"https:\\\/\\\/rmvapebang.com\\\/\",\"name\":\"rmvapebang.com\",\"description\":\"buy vape cheap\",\"publisher\":{\"@id\":\"https:\\\/\\\/rmvapebang.com\\\/#organization\"},\"potentialAction\":[{\"@type\":\"SearchAction\",\"target\":{\"@type\":\"EntryPoint\",\"urlTemplate\":\"https:\\\/\\\/rmvapebang.com\\\/?s={search_term_string}\"},\"query-input\":{\"@type\":\"PropertyValueSpecification\",\"valueRequired\":true,\"valueName\":\"search_term_string\"}}],\"inLanguage\":\"ro-RO\"},{\"@type\":\"Organization\",\"@id\":\"https:\\\/\\\/rmvapebang.com\\\/#organization\",\"name\":\"rmvapebang.com\",\"url\":\"https:\\\/\\\/rmvapebang.com\\\/\",\"logo\":{\"@type\":\"ImageObject\",\"inLanguage\":\"ro-RO\",\"@id\":\"https:\\\/\\\/rmvapebang.com\\\/#\\\/schema\\\/logo\\\/image\\\/\",\"url\":\"https:\\\/\\\/rmvapebang.com\\\/wp-content\\\/uploads\\\/2024\\\/03\\\/cropped-RVBlogo.png\",\"contentUrl\":\"https:\\\/\\\/rmvapebang.com\\\/wp-content\\\/uploads\\\/2024\\\/03\\\/cropped-RVBlogo.png\",\"width\":507,\"height\":169,\"caption\":\"rmvapebang.com\"},\"image\":{\"@id\":\"https:\\\/\\\/rmvapebang.com\\\/#\\\/schema\\\/logo\\\/image\\\/\"}}]}<\/script>\n<!-- \/ Yoast SEO plugin. -->","yoast_head_json":{"title":"Uwin Crystal 10k Vape en Gros la V\u00e2nzare - rmvapebang.com","description":"Uwin Crystal 10K Puffs Pre\u021b en-gros, 2% \u0219i 5% nicotin\u0103, 15 arome din care po\u021bi alege. Contacta\u021bi acum pentru a ob\u021bine pre\u021bul cu ridicata pentru uwin 10000 vape! comanda minima este de 50 buc","robots":{"index":"index","follow":"follow","max-snippet":"max-snippet:-1","max-image-preview":"max-image-preview:large","max-video-preview":"max-video-preview:-1"},"canonical":"https:\/\/rmvapebang.com\/ro\/produs\/uwin-crystal-10k-wholesale-vape-good-sale\/","og_locale":"ro_RO","og_type":"article","og_title":"Uwin Crystal 10k Wholesale Vape Good Sale - rmvapebang.com","og_description":"Uwin Crystal 10K Puffs Bulk Price,2% and 5% nicotine,15 flavors to choose. Contact now to get Wholesale Price of uwin 10000 vape! min order is 50pcs","og_url":"https:\/\/rmvapebang.com\/ro\/produs\/uwin-crystal-10k-wholesale-vape-good-sale\/","og_site_name":"rmvapebang.com","article_modified_time":"2025-09-04T08:29:44+00:00","og_image":[{"width":625,"height":695,"url":"https:\/\/rmvapebang.com\/wp-content\/uploads\/2024\/10\/Uwin-disposable-vape-10k-puffs-cheaper-sale.jpg","type":"image\/jpeg"}],"twitter_card":"summary_large_image","twitter_misc":{"Timp estimat pentru citire":"3 minute"},"schema":{"@context":"https:\/\/schema.org","@graph":[{"@type":"WebPage","@id":"https:\/\/rmvapebang.com\/fr\/product\/uwin-crystal-10k-wholesale-vape-good-sale\/","url":"https:\/\/rmvapebang.com\/fr\/product\/uwin-crystal-10k-wholesale-vape-good-sale\/","name":"Uwin Crystal 10k Vape en Gros la V\u00e2nzare - rmvapebang.com","isPartOf":{"@id":"https:\/\/rmvapebang.com\/#website"},"primaryImageOfPage":{"@id":"https:\/\/rmvapebang.com\/fr\/product\/uwin-crystal-10k-wholesale-vape-good-sale\/#primaryimage"},"image":{"@id":"https:\/\/rmvapebang.com\/fr\/product\/uwin-crystal-10k-wholesale-vape-good-sale\/#primaryimage"},"thumbnailUrl":"https:\/\/rmvapebang.com\/wp-content\/uploads\/2024\/10\/Uwin-disposable-vape-10k-puffs-cheaper-sale.jpg","datePublished":"2024-10-14T02:08:06+00:00","dateModified":"2025-09-04T08:29:44+00:00","description":"Uwin Crystal 10K Puffs Pre\u021b en-gros, 2% \u0219i 5% nicotin\u0103, 15 arome din care po\u021bi alege. Contacta\u021bi acum pentru a ob\u021bine pre\u021bul cu ridicata pentru uwin 10000 vape! comanda minima este de 50 buc","breadcrumb":{"@id":"https:\/\/rmvapebang.com\/fr\/product\/uwin-crystal-10k-wholesale-vape-good-sale\/#breadcrumb"},"inLanguage":"ro-RO","potentialAction":[{"@type":"ReadAction","target":["https:\/\/rmvapebang.com\/fr\/product\/uwin-crystal-10k-wholesale-vape-good-sale\/"]}]},{"@type":"ImageObject","inLanguage":"ro-RO","@id":"https:\/\/rmvapebang.com\/fr\/product\/uwin-crystal-10k-wholesale-vape-good-sale\/#primaryimage","url":"https:\/\/rmvapebang.com\/wp-content\/uploads\/2024\/10\/Uwin-disposable-vape-10k-puffs-cheaper-sale.jpg","contentUrl":"https:\/\/rmvapebang.com\/wp-content\/uploads\/2024\/10\/Uwin-disposable-vape-10k-puffs-cheaper-sale.jpg","width":625,"height":695,"caption":"Uwin disposable vape 10k puffs cheaper sale"},{"@type":"BreadcrumbList","@id":"https:\/\/rmvapebang.com\/fr\/product\/uwin-crystal-10k-wholesale-vape-good-sale\/#breadcrumb","itemListElement":[{"@type":"ListItem","position":1,"name":"Home","item":"https:\/\/rmvapebang.com\/"},{"@type":"ListItem","position":2,"name":"Hot Vape Shop","item":"https:\/\/rmvapebang.com\/shop-page\/"},{"@type":"ListItem","position":3,"name":"Uwin Crystal 10k Wholesale Vape Good Sale"}]},{"@type":"WebSite","@id":"https:\/\/rmvapebang.com\/#website","url":"https:\/\/rmvapebang.com\/","name":"rmvapebang.com","description":"cump\u0103r\u0103 vape ieftin","publisher":{"@id":"https:\/\/rmvapebang.com\/#organization"},"potentialAction":[{"@type":"SearchAction","target":{"@type":"EntryPoint","urlTemplate":"https:\/\/rmvapebang.com\/?s={search_term_string}"},"query-input":{"@type":"PropertyValueSpecification","valueRequired":true,"valueName":"search_term_string"}}],"inLanguage":"ro-RO"},{"@type":"Organization","@id":"https:\/\/rmvapebang.com\/#organization","name":"rmvapebang.com","url":"https:\/\/rmvapebang.com\/","logo":{"@type":"ImageObject","inLanguage":"ro-RO","@id":"https:\/\/rmvapebang.com\/#\/schema\/logo\/image\/","url":"https:\/\/rmvapebang.com\/wp-content\/uploads\/2024\/03\/cropped-RVBlogo.png","contentUrl":"https:\/\/rmvapebang.com\/wp-content\/uploads\/2024\/03\/cropped-RVBlogo.png","width":507,"height":169,"caption":"rmvapebang.com"},"image":{"@id":"https:\/\/rmvapebang.com\/#\/schema\/logo\/image\/"}}]}},"uagb_featured_image_src":{"full":["https:\/\/rmvapebang.com\/wp-content\/uploads\/2024\/10\/Uwin-disposable-vape-10k-puffs-cheaper-sale.jpg",625,695,false],"thumbnail":["https:\/\/rmvapebang.com\/wp-content\/uploads\/2024\/10\/Uwin-disposable-vape-10k-puffs-cheaper-sale-150x150.jpg",150,150,true],"medium":["https:\/\/rmvapebang.com\/wp-content\/uploads\/2024\/10\/Uwin-disposable-vape-10k-puffs-cheaper-sale-270x300.jpg",270,300,true],"medium_large":["https:\/\/rmvapebang.com\/wp-content\/uploads\/2024\/10\/Uwin-disposable-vape-10k-puffs-cheaper-sale.jpg",625,695,false],"large":["https:\/\/rmvapebang.com\/wp-content\/uploads\/2024\/10\/Uwin-disposable-vape-10k-puffs-cheaper-sale.jpg",625,695,false],"1536x1536":["https:\/\/rmvapebang.com\/wp-content\/uploads\/2024\/10\/Uwin-disposable-vape-10k-puffs-cheaper-sale.jpg",625,695,false],"2048x2048":["https:\/\/rmvapebang.com\/wp-content\/uploads\/2024\/10\/Uwin-disposable-vape-10k-puffs-cheaper-sale.jpg",625,695,false],"trp-custom-language-flag":["https:\/\/rmvapebang.com\/wp-content\/uploads\/2024\/10\/Uwin-disposable-vape-10k-puffs-cheaper-sale.jpg",11,12,false],"woocommerce_thumbnail":["https:\/\/rmvapebang.com\/wp-content\/uploads\/2024\/10\/Uwin-disposable-vape-10k-puffs-cheaper-sale-300x300.jpg",300,300,true],"woocommerce_single":["https:\/\/rmvapebang.com\/wp-content\/uploads\/2024\/10\/Uwin-disposable-vape-10k-puffs-cheaper-sale-600x667.jpg",600,667,true],"woocommerce_gallery_thumbnail":["https:\/\/rmvapebang.com\/wp-content\/uploads\/2024\/10\/Uwin-disposable-vape-10k-puffs-cheaper-sale-100x100.jpg",100,100,true],"wcpr-photo-reviews":["https:\/\/rmvapebang.com\/wp-content\/uploads\/2024\/10\/Uwin-disposable-vape-10k-puffs-cheaper-sale.jpg",450,500,false]},"uagb_author_info":{"display_name":"Lyn","author_link":"https:\/\/rmvapebang.com\/ro\/author\/"},"uagb_comment_info":0,"uagb_excerpt":"Uwin Crystal 10K Puffs Wholesale Price Vape Rechargeable,long use and good quantity, \u00a0Crystal vape is a high-capacity rechargeable vape device offering 10000 puffs with 15 flavors and 2%\/5% nicotine levels. Whatsapp:+86 17840853976 Scan on whatsapp for New Client coupon","_links":{"self":[{"href":"https:\/\/rmvapebang.com\/ro\/wp-json\/wp\/v2\/product\/3038","targetHints":{"allow":["GET"]}}],"collection":[{"href":"https:\/\/rmvapebang.com\/ro\/wp-json\/wp\/v2\/product"}],"about":[{"href":"https:\/\/rmvapebang.com\/ro\/wp-json\/wp\/v2\/types\/product"}],"replies":[{"embeddable":true,"href":"https:\/\/rmvapebang.com\/ro\/wp-json\/wp\/v2\/comments?post=3038"}],"wp:featuredmedia":[{"embeddable":true,"href":"https:\/\/rmvapebang.com\/ro\/wp-json\/wp\/v2\/media\/3031"}],"wp:attachment":[{"href":"https:\/\/rmvapebang.com\/ro\/wp-json\/wp\/v2\/media?parent=3038"}],"wp:term":[{"taxonomy":"product_brand","embeddable":true,"href":"https:\/\/rmvapebang.com\/ro\/wp-json\/wp\/v2\/product_brand?post=3038"},{"taxonomy":"product_cat","embeddable":true,"href":"https:\/\/rmvapebang.com\/ro\/wp-json\/wp\/v2\/product_cat?post=3038"},{"taxonomy":"product_tag","embeddable":true,"href":"https:\/\/rmvapebang.com\/ro\/wp-json\/wp\/v2\/product_tag?post=3038"}],"curies":[{"name":"wp","href":"https:\/\/api.w.org\/{rel}","templated":true}]}}