{"id":2763,"date":"2024-08-13T15:57:11","date_gmt":"2024-08-13T07:57:11","guid":{"rendered":"https:\/\/rmvapebang.com\/?post_type=product&#038;p=2763"},"modified":"2024-12-14T16:07:02","modified_gmt":"2024-12-14T08:07:02","slug":"mrvi-puffing-15k-puffs-wholesale-price-15000","status":"publish","type":"product","link":"https:\/\/rmvapebang.com\/ro\/product\/mrvi-puffing-15k-puffs-wholesale-price-15000\/","title":{"rendered":"MRVI PUFFING 15K Puffs pre\u021b engros 15000 vapes"},"content":{"rendered":"<h1>MRVI PUFFING 15K Puffs pre\u021b engros 15000 vapes<\/h1>\n<div class=\"flex-1 overflow-hidden\">\n<div class=\"react-scroll-to-bottom--css-rkeqe-79elbk h-full\">\n<div class=\"react-scroll-to-bottom--css-rkeqe-1n7m0yu\">\n<div class=\"flex flex-col text-sm pb-9\">\n<div class=\"w-full text-token-text-primary\" data-testid=\"conversation-turn-7\">\n<div class=\"px-4 py-2 justify-center text-base md:gap-6 m-auto\">\n<div class=\"flex flex-1 text-base mx-auto gap-3 md:px-5 lg:px-1 xl:px-5 md:max-w-3xl lg:max-w-[40rem] xl:max-w-[48rem] group final-completion\">\n<div class=\"relative flex w-full flex-col agent-turn\">\n<div class=\"flex-col gap-1 md:gap-3\">\n<div class=\"flex flex-grow flex-col max-w-full\">\n<div class=\"min-h-[20px] text-message flex flex-col items-start gap-3 whitespace-pre-wrap break-words [.text-message+&amp;]:mt-5 overflow-x-auto\" data-message-author-role=\"assistant\" data-message-id=\"a1f3b89f-a1c9-497d-a989-579b96e752e6\">\n<div class=\"markdown prose w-full break-words dark:prose-invert light\">\n<p>MRVI PUFFING 15K Pufuri Pre\u021b en-gros 15000 vape este cel mai bun vape re\u00eenc\u0103rcabil de unic\u0103 folosin\u021b\u0103, conceput pentru cei care caut\u0103 confort \u0219i durabilitate. PUFFING de MRVI 15k pufuri ofer\u0103 15.000 de pufuri satisf\u0103c\u0103toare \u0219i o baterie re\u00eenc\u0103rcabil\u0103 de 750mAh, care suport\u0103 utilizarea \u00eendelungat\u0103 f\u0103r\u0103 \u00eenc\u0103rcare frecvent\u0103. \u00cen plus, capacitatea mare de 25 ml asigur\u0103 c\u0103 utilizatorii se pot bucura de o experien\u021b\u0103 de puf\u0103it de lung\u0103 durat\u0103, \u00een timp ce portul comun de \u00eenc\u0103rcare Type-C ofer\u0103 o metod\u0103 de \u00eenc\u0103rcare rapid\u0103 \u0219i eficient\u0103.<\/p>\n<p>15k pufuri de MRVI Puffing ofer\u0103 2 niveluri de nicotin\u0103 de 2% \u0219i 5%, iar afi\u0219ajul ecranului cu e-lichid \u0219i putere permite utilizatorilor s\u0103 urm\u0103reasc\u0103 \u00een permanen\u021b\u0103 starea de utilizare a dispozitivului. Vape-ul Puffing de MRVI 15000 pufuri cu \u0219nur faciliteaz\u0103 transportul pufurilor oriunde merg utilizatorii. Puffing pentru MRVI 15K vape este o alegere ideal\u0103 pentru cei care doresc o experien\u021b\u0103 de puf\u0103it lin\u0103 \u0219i de \u00eenalt\u0103 performan\u021b\u0103.<\/p>\n<p><img loading=\"lazy\" decoding=\"async\" class=\"alignnone wp-image-2760\" src=\"http:\/\/rmvapebang.com\/wp-content\/uploads\/2024\/08\/MRVI-vape-puffing-15k-puffs-good-price.jpg\" alt=\"\u021aigar\u0103 electronic\u0103 MRVI puffing 15k pufuri pre\u021b bun\" width=\"684\" height=\"684\" srcset=\"https:\/\/rmvapebang.com\/wp-content\/uploads\/2024\/08\/MRVI-vape-puffing-15k-puffs-good-price.jpg 1000w, https:\/\/rmvapebang.com\/wp-content\/uploads\/2024\/08\/MRVI-vape-puffing-15k-puffs-good-price-300x300.jpg 300w, https:\/\/rmvapebang.com\/wp-content\/uploads\/2024\/08\/MRVI-vape-puffing-15k-puffs-good-price-150x150.jpg 150w, https:\/\/rmvapebang.com\/wp-content\/uploads\/2024\/08\/MRVI-vape-puffing-15k-puffs-good-price-768x768.jpg 768w, https:\/\/rmvapebang.com\/wp-content\/uploads\/2024\/08\/MRVI-vape-puffing-15k-puffs-good-price-600x600.jpg 600w, https:\/\/rmvapebang.com\/wp-content\/uploads\/2024\/08\/MRVI-vape-puffing-15k-puffs-good-price-100x100.jpg 100w\" sizes=\"auto, (max-width: 684px) 100vw, 684px\" \/><\/p>\n<p>&nbsp;<\/p>\n<\/div>\n<\/div>\n<\/div>\n<\/div>\n<\/div>\n<\/div>\n<\/div>\n<\/div>\n<\/div>\n<\/div>\n<\/div>\n<\/div>\n<h2><strong>Care sunt aromele pentru vape 15K pufuri de MRVI PUFFING vape?<\/strong><\/h2>\n<p>1. AFINE PE GHEA\u021a\u0102<br \/>\n2. MILKSHAKE DE BANANE<br \/>\n3. C\u0102P\u0218UNI CU PEPENE VERDE<br \/>\n4. \u00ceNGHE\u021aAT\u0102 DE MIERE<br \/>\n5. MERE RO\u0218II CU GHEA\u021a\u0102<br \/>\n6. PIERSIC\u0102 MANGO<br \/>\n7. GUM\u0102 DE MESTECAT CU AFINE<br \/>\n8. GHEA\u021a\u0102 ABUNDENT\u0102<br \/>\n9. ANANAS CU GHEA\u021a\u0102<br \/>\n10. RAFAL\u0102 ROZ<\/p>\n<p><span style=\"font-size: 1.7em;font-weight: bold\">Specifica\u021bii pentru MARI PUFFING 15K Pufuri:<\/span><\/p>\n<p>\u2013 15k Puffs<br \/>\n\u2013 10 Arome<br \/>\n\u2013 Concentra\u021bie de nicotin\u0103 2%\/5%<br \/>\n\u2013 25 mL capacitate E-lichid<br \/>\n\u2013 Capacitatea bateriei 750 mAh<\/p>\n<h3>\u00centreb\u0103ri frecvente:<\/h3>\n<p>\u00ce: Care este MOQ-ul pentru vape-ul MARI 15k PUFFING?<\/p>\n<p>R: Cantitatea minim\u0103 de comand\u0103 (MOQ) pentru MARI VAPE 15000 Pufuri este de 100 de buc\u0103\u021bi.<\/p>\n<p>\u00ce: Care este timpul de livrare pentru MARI PUFFING 15K Pufuri Vape pe care l-am comandat?<\/p>\n<p>R: De obicei, timpul de livrare pentru \u021big\u0103rile electronice de unic\u0103 folosin\u021b\u0103 de 15000 de pufuri de la MARI PUFFING este de 10-15 zile dup\u0103 expediere.<\/p>\n<p>\u00ce: C\u00e2t cost\u0103 transportul pentru \u021big\u0103rile electronice de unic\u0103 folosin\u021b\u0103 mrvi puffing 15000?<\/p>\n<p>R: Costul de transport variaz\u0103 \u00een func\u021bie de greutatea comenzii. Cantit\u0103\u021bile diferite pot avea costuri de transport diferite. V\u0103 rug\u0103m s\u0103 ne contacta\u021bi pentru a confirma costul de transport pentru comanda dumneavoastr\u0103 specific\u0103.<\/p>\n<p>\u00ce: \u021aigara electronic\u0103 MARI de 15000 de pufuri PUFFING Vape poate fi livrat\u0103 \u00een Rom\u00e2nia?<\/p>\n<p>R: Da, putem livra \u021big\u0103rile electronice de unic\u0103 folosin\u021b\u0103 PUFFING 15000 de pufuri de la MARI Vape \u00een majoritatea \u021b\u0103rilor europene, inclusiv, dar f\u0103r\u0103 a se limita la, Olanda, Germania, Fran\u021ba, Spania, Italia, Belgia, Luxemburg, Austria, Republica Ceh\u0103, Slovacia, Ungaria, Slovenia, Rom\u00e2nia, Bulgaria, Grecia, Polonia, Suedia, Irlanda, Portugalia, Finlanda, Estonia, Letonia \u0219i Lituania. Dac\u0103 ave\u021bi \u00eentreb\u0103ri specifice cu privire la livrarea \u00een Rom\u00e2nia, nu ezita\u021bi s\u0103 ne contacta\u021bi pentru asisten\u021b\u0103 suplimentar\u0103.<\/p>\n<p><strong>Contacta\u021bi-l pe Lyn pentru mai multe videoclipuri cu produse!<\/strong><\/p>\n<p><a href=\"https:\/\/wa.me\/8617840853976\"><span style=\"color: #ff6600\"><strong><em>Whatsapp:+40 17840853976<\/em><\/strong><\/span><\/a><\/p>\n<p><img loading=\"lazy\" decoding=\"async\" class=\"alignnone size-medium wp-image-1905\" src=\"http:\/\/rmvapebang.com\/wp-content\/uploads\/2024\/03\/whatsapp-vape-2-202x300.jpg\" alt=\"\" width=\"202\" height=\"300\" \/><\/p>\n<p>G\u0103si\u021bi mai multe produse care v-ar putea pl\u0103cea:<a href=\"https:\/\/rmvapebang.com\/ro\/shop-page\/\"><strong><em>Cump\u0103r\u0103 acum<\/em><\/strong><\/a><\/p>\n<p>alte pufuri care v-ar putea pl\u0103cea:<a href=\"https:\/\/rmvapebang.com\/ro\/product\/aivono-15k-puffs-bulk-price-15000-vapes\/\">aivono 15k vape<\/a>\/<a href=\"https:\/\/rmvapebang.com\/ro\/product\/elf-box-bar-600-puffs-wholesale-price-vapes\/\">ELF BAR 600 Pufuri<\/a><\/p>\n<p><span style=\"color: #ff0000\"><strong>Not\u0103: Toate produsele nu includ costurile de transport!!!<\/strong><\/span><\/p>","protected":false},"excerpt":{"rendered":"<p>MRVI 15000 Pufuri Pre\u021b en-gros Vape Re\u00eenc\u0103rcabil, vine cu un \u0219nur<\/p>\n<p>MRVI PUFFING VAPE 15K este un dispozitiv vape re\u00eenc\u0103rcabil de mare capacitate, care ofer\u0103 15000 de pufuri cu 10 arome \u0219i niveluri de nicotin\u0103 de 2%\/5%.<\/p>\n<p><strong><em>Whatsapp:<a href=\"https:\/\/wa.me\/8617840853976\">+86 17840853976<\/a><\/em><\/strong><\/p>\n<p>Scana\u021bi pe WhatsApp pentru un cupon pentru clien\u021bi noi<\/p>\n<p><img loading=\"lazy\" decoding=\"async\" class=\"alignnone size-medium wp-image-1905\" src=\"http:\/\/rmvapebang.com\/wp-content\/uploads\/2024\/03\/whatsapp-vape-2-202x300.jpg\" alt=\"\" width=\"202\" height=\"300\" \/><\/p>","protected":false},"featured_media":2755,"comment_status":"open","ping_status":"closed","template":"","meta":{"_uag_custom_page_level_css":"","_lmt_disableupdate":"no","_lmt_disable":"","site-sidebar-layout":"no-sidebar","site-content-layout":"boxed-container","ast-site-content-layout":"normal-width-container","site-content-style":"boxed","site-sidebar-style":"boxed","ast-global-header-display":"","ast-banner-title-visibility":"","ast-main-header-display":"","ast-hfb-above-header-display":"","ast-hfb-below-header-display":"","ast-hfb-mobile-header-display":"","site-post-title":"","ast-breadcrumbs-content":"","ast-featured-img":"","footer-sml-layout":"","theme-transparent-header-meta":"default","adv-header-id-meta":"","stick-header-meta":"","header-above-stick-meta":"","header-main-stick-meta":"","header-below-stick-meta":"","astra-migrate-meta-layouts":"set","ast-page-background-enabled":"default","ast-page-background-meta":{"desktop":{"background-color":"","background-image":"","background-repeat":"repeat","background-position":"center center","background-size":"auto","background-attachment":"scroll","background-type":"","background-media":"","overlay-type":"","overlay-color":"","overlay-gradient":""},"tablet":{"background-color":"","background-image":"","background-repeat":"repeat","background-position":"center center","background-size":"auto","background-attachment":"scroll","background-type":"","background-media":"","overlay-type":"","overlay-color":"","overlay-gradient":""},"mobile":{"background-color":"","background-image":"","background-repeat":"repeat","background-position":"center center","background-size":"auto","background-attachment":"scroll","background-type":"","background-media":"","overlay-type":"","overlay-color":"","overlay-gradient":""}},"ast-content-background-meta":{"desktop":{"background-color":"var(--ast-global-color-5)","background-image":"","background-repeat":"repeat","background-position":"center center","background-size":"auto","background-attachment":"scroll","background-type":"","background-media":"","overlay-type":"","overlay-color":"","overlay-gradient":""},"tablet":{"background-color":"var(--ast-global-color-5)","background-image":"","background-repeat":"repeat","background-position":"center center","background-size":"auto","background-attachment":"scroll","background-type":"","background-media":"","overlay-type":"","overlay-color":"","overlay-gradient":""},"mobile":{"background-color":"var(--ast-global-color-5)","background-image":"","background-repeat":"repeat","background-position":"center center","background-size":"auto","background-attachment":"scroll","background-type":"","background-media":"","overlay-type":"","overlay-color":"","overlay-gradient":""}},"_joinchat":[]},"product_brand":[],"product_cat":[39,41,42,40,75,43],"product_tag":[66,65,50,51,67,49,53,52],"class_list":{"0":"post-2763","1":"product","2":"type-product","3":"status-publish","4":"has-post-thumbnail","6":"product_cat-france-wholesale-vape","7":"product_cat-netherlands-wholesale-vape","8":"product_cat-spain-wholesale-vape","9":"product_cat-germany-wholesale-vape","10":"product_cat-vape-15000-puffs","11":"product_cat-vape-shop","12":"product_tag-15000-puffs","13":"product_tag-15k-puffs","14":"product_tag-bulk-price-vape-shop","15":"product_tag-disposable-vape","16":"product_tag-fast-price-sales","17":"product_tag-minimum-order-quantity-100pcs","18":"product_tag-rechargeable-vape","19":"product_tag-vape-wholesasle-price","20":"desktop-align-left","21":"tablet-align-left","22":"mobile-align-left","24":"first","25":"instock","26":"sale","27":"shipping-taxable","28":"purchasable","29":"product-type-simple"},"yoast_head":"<!-- This site is optimized with the Yoast SEO plugin v23.0 - https:\/\/yoast.com\/wordpress\/plugins\/seo\/ -->\n<title>MRVI PUFFING 15K Puffs Wholesale Price 15000 vapes - rmvapebang.com<\/title>\n<meta name=\"description\" content=\"MRVI PUFFING 15K Puffs Wholesale Price\uff0c2% and 5% nicotine to choose. Contact now to get Wholesale Fast Price of MARI PUFFING 15000 vape!min order is 100pcs\" \/>\n<meta name=\"robots\" content=\"index, follow, max-snippet:-1, max-image-preview:large, max-video-preview:-1\" \/>\n<link rel=\"canonical\" href=\"https:\/\/rmvapebang.com\/ro\/product\/mrvi-puffing-15k-puffs-wholesale-price-15000\/\" \/>\n<meta property=\"og:locale\" content=\"ro_RO\" \/>\n<meta property=\"og:type\" content=\"article\" \/>\n<meta property=\"og:title\" content=\"MRVI PUFFING 15K Puffs Wholesale Price 15000 vapes - rmvapebang.com\" \/>\n<meta property=\"og:description\" content=\"MRVI PUFFING 15K Puffs Wholesale Price\uff0c2% and 5% nicotine to choose. Contact now to get Wholesale Fast Price of MARI PUFFING 15000 vape!min order is 100pcs\" \/>\n<meta property=\"og:url\" content=\"https:\/\/rmvapebang.com\/ro\/product\/mrvi-puffing-15k-puffs-wholesale-price-15000\/\" \/>\n<meta property=\"og:site_name\" content=\"rmvapebang.com\" \/>\n<meta property=\"article:modified_time\" content=\"2024-12-14T08:07:02+00:00\" \/>\n<meta property=\"og:image\" content=\"https:\/\/rmvapebang.com\/wp-content\/uploads\/2024\/08\/MRVI-PUFFING-vape-15k-puffs-best-price.png\" \/>\n\t<meta property=\"og:image:width\" content=\"857\" \/>\n\t<meta property=\"og:image:height\" content=\"857\" \/>\n\t<meta property=\"og:image:type\" content=\"image\/png\" \/>\n<meta name=\"twitter:card\" content=\"summary_large_image\" \/>\n<meta name=\"twitter:label1\" content=\"Timp estimat pentru citire\" \/>\n\t<meta name=\"twitter:data1\" content=\"3 minute\" \/>\n<script type=\"application\/ld+json\" class=\"yoast-schema-graph\">{\"@context\":\"https:\/\/schema.org\",\"@graph\":[{\"@type\":\"WebPage\",\"@id\":\"https:\/\/rmvapebang.com\/product\/mrvi-puffing-15k-puffs-wholesale-price-15000\/\",\"url\":\"https:\/\/rmvapebang.com\/product\/mrvi-puffing-15k-puffs-wholesale-price-15000\/\",\"name\":\"MRVI PUFFING 15K Puffs Wholesale Price 15000 vapes - rmvapebang.com\",\"isPartOf\":{\"@id\":\"https:\/\/rmvapebang.com\/#website\"},\"primaryImageOfPage\":{\"@id\":\"https:\/\/rmvapebang.com\/product\/mrvi-puffing-15k-puffs-wholesale-price-15000\/#primaryimage\"},\"image\":{\"@id\":\"https:\/\/rmvapebang.com\/product\/mrvi-puffing-15k-puffs-wholesale-price-15000\/#primaryimage\"},\"thumbnailUrl\":\"https:\/\/rmvapebang.com\/wp-content\/uploads\/2024\/08\/MRVI-PUFFING-vape-15k-puffs-best-price.png\",\"datePublished\":\"2024-08-13T07:57:11+00:00\",\"dateModified\":\"2024-12-14T08:07:02+00:00\",\"description\":\"MRVI PUFFING 15K Puffs Wholesale Price\uff0c2% and 5% nicotine to choose. Contact now to get Wholesale Fast Price of MARI PUFFING 15000 vape!min order is 100pcs\",\"breadcrumb\":{\"@id\":\"https:\/\/rmvapebang.com\/product\/mrvi-puffing-15k-puffs-wholesale-price-15000\/#breadcrumb\"},\"inLanguage\":\"ro-RO\",\"potentialAction\":[{\"@type\":\"ReadAction\",\"target\":[\"https:\/\/rmvapebang.com\/product\/mrvi-puffing-15k-puffs-wholesale-price-15000\/\"]}]},{\"@type\":\"ImageObject\",\"inLanguage\":\"ro-RO\",\"@id\":\"https:\/\/rmvapebang.com\/product\/mrvi-puffing-15k-puffs-wholesale-price-15000\/#primaryimage\",\"url\":\"https:\/\/rmvapebang.com\/wp-content\/uploads\/2024\/08\/MRVI-PUFFING-vape-15k-puffs-best-price.png\",\"contentUrl\":\"https:\/\/rmvapebang.com\/wp-content\/uploads\/2024\/08\/MRVI-PUFFING-vape-15k-puffs-best-price.png\",\"width\":857,\"height\":857,\"caption\":\"MRVI PUFFING vape 15k puffs best price\"},{\"@type\":\"BreadcrumbList\",\"@id\":\"https:\/\/rmvapebang.com\/product\/mrvi-puffing-15k-puffs-wholesale-price-15000\/#breadcrumb\",\"itemListElement\":[{\"@type\":\"ListItem\",\"position\":1,\"name\":\"Home\",\"item\":\"https:\/\/rmvapebang.com\/\"},{\"@type\":\"ListItem\",\"position\":2,\"name\":\"Hot Vape Shop\",\"item\":\"https:\/\/rmvapebang.com\/shop-page\/\"},{\"@type\":\"ListItem\",\"position\":3,\"name\":\"MRVI PUFFING 15K Puffs Wholesale Price 15000 vapes\"}]},{\"@type\":\"WebSite\",\"@id\":\"https:\/\/rmvapebang.com\/#website\",\"url\":\"https:\/\/rmvapebang.com\/\",\"name\":\"rmvapebang.com\",\"description\":\"buy vape cheap\",\"publisher\":{\"@id\":\"https:\/\/rmvapebang.com\/#organization\"},\"potentialAction\":[{\"@type\":\"SearchAction\",\"target\":{\"@type\":\"EntryPoint\",\"urlTemplate\":\"https:\/\/rmvapebang.com\/?s={search_term_string}\"},\"query-input\":\"required name=search_term_string\"}],\"inLanguage\":\"ro-RO\"},{\"@type\":\"Organization\",\"@id\":\"https:\/\/rmvapebang.com\/#organization\",\"name\":\"rmvapebang.com\",\"url\":\"https:\/\/rmvapebang.com\/\",\"logo\":{\"@type\":\"ImageObject\",\"inLanguage\":\"ro-RO\",\"@id\":\"https:\/\/rmvapebang.com\/#\/schema\/logo\/image\/\",\"url\":\"https:\/\/rmvapebang.com\/wp-content\/uploads\/2024\/03\/cropped-RVBlogo.png\",\"contentUrl\":\"https:\/\/rmvapebang.com\/wp-content\/uploads\/2024\/03\/cropped-RVBlogo.png\",\"width\":507,\"height\":169,\"caption\":\"rmvapebang.com\"},\"image\":{\"@id\":\"https:\/\/rmvapebang.com\/#\/schema\/logo\/image\/\"}}]}<\/script>\n<!-- \/ Yoast SEO plugin. -->","yoast_head_json":{"title":"MRVI PUFFING 15K Puffs Wholesale Price 15000 vapes - rmvapebang.com","description":"MRVI PUFFING 15K Puffs Wholesale Price\uff0c2% and 5% nicotine to choose. Contact now to get Wholesale Fast Price of MARI PUFFING 15000 vape!min order is 100pcs","robots":{"index":"index","follow":"follow","max-snippet":"max-snippet:-1","max-image-preview":"max-image-preview:large","max-video-preview":"max-video-preview:-1"},"canonical":"https:\/\/rmvapebang.com\/ro\/product\/mrvi-puffing-15k-puffs-wholesale-price-15000\/","og_locale":"ro_RO","og_type":"article","og_title":"MRVI PUFFING 15K Puffs Wholesale Price 15000 vapes - rmvapebang.com","og_description":"MRVI PUFFING 15K Puffs Wholesale Price\uff0c2% and 5% nicotine to choose. Contact now to get Wholesale Fast Price of MARI PUFFING 15000 vape!min order is 100pcs","og_url":"https:\/\/rmvapebang.com\/ro\/product\/mrvi-puffing-15k-puffs-wholesale-price-15000\/","og_site_name":"rmvapebang.com","article_modified_time":"2024-12-14T08:07:02+00:00","og_image":[{"width":857,"height":857,"url":"https:\/\/rmvapebang.com\/wp-content\/uploads\/2024\/08\/MRVI-PUFFING-vape-15k-puffs-best-price.png","type":"image\/png"}],"twitter_card":"summary_large_image","twitter_misc":{"Timp estimat pentru citire":"3 minute"},"schema":{"@context":"https:\/\/schema.org","@graph":[{"@type":"WebPage","@id":"https:\/\/rmvapebang.com\/product\/mrvi-puffing-15k-puffs-wholesale-price-15000\/","url":"https:\/\/rmvapebang.com\/product\/mrvi-puffing-15k-puffs-wholesale-price-15000\/","name":"MRVI PUFFING 15K Puffs Wholesale Price 15000 vapes - rmvapebang.com","isPartOf":{"@id":"https:\/\/rmvapebang.com\/#website"},"primaryImageOfPage":{"@id":"https:\/\/rmvapebang.com\/product\/mrvi-puffing-15k-puffs-wholesale-price-15000\/#primaryimage"},"image":{"@id":"https:\/\/rmvapebang.com\/product\/mrvi-puffing-15k-puffs-wholesale-price-15000\/#primaryimage"},"thumbnailUrl":"https:\/\/rmvapebang.com\/wp-content\/uploads\/2024\/08\/MRVI-PUFFING-vape-15k-puffs-best-price.png","datePublished":"2024-08-13T07:57:11+00:00","dateModified":"2024-12-14T08:07:02+00:00","description":"MRVI PUFFING 15K Puffs Wholesale Price\uff0c2% and 5% nicotine to choose. Contact now to get Wholesale Fast Price of MARI PUFFING 15000 vape!min order is 100pcs","breadcrumb":{"@id":"https:\/\/rmvapebang.com\/product\/mrvi-puffing-15k-puffs-wholesale-price-15000\/#breadcrumb"},"inLanguage":"ro-RO","potentialAction":[{"@type":"ReadAction","target":["https:\/\/rmvapebang.com\/product\/mrvi-puffing-15k-puffs-wholesale-price-15000\/"]}]},{"@type":"ImageObject","inLanguage":"ro-RO","@id":"https:\/\/rmvapebang.com\/product\/mrvi-puffing-15k-puffs-wholesale-price-15000\/#primaryimage","url":"https:\/\/rmvapebang.com\/wp-content\/uploads\/2024\/08\/MRVI-PUFFING-vape-15k-puffs-best-price.png","contentUrl":"https:\/\/rmvapebang.com\/wp-content\/uploads\/2024\/08\/MRVI-PUFFING-vape-15k-puffs-best-price.png","width":857,"height":857,"caption":"MRVI PUFFING vape 15k puffs best price"},{"@type":"BreadcrumbList","@id":"https:\/\/rmvapebang.com\/product\/mrvi-puffing-15k-puffs-wholesale-price-15000\/#breadcrumb","itemListElement":[{"@type":"ListItem","position":1,"name":"Home","item":"https:\/\/rmvapebang.com\/"},{"@type":"ListItem","position":2,"name":"Hot Vape Shop","item":"https:\/\/rmvapebang.com\/shop-page\/"},{"@type":"ListItem","position":3,"name":"MRVI PUFFING 15K Puffs Wholesale Price 15000 vapes"}]},{"@type":"WebSite","@id":"https:\/\/rmvapebang.com\/#website","url":"https:\/\/rmvapebang.com\/","name":"rmvapebang.com","description":"buy vape cheap","publisher":{"@id":"https:\/\/rmvapebang.com\/#organization"},"potentialAction":[{"@type":"SearchAction","target":{"@type":"EntryPoint","urlTemplate":"https:\/\/rmvapebang.com\/?s={search_term_string}"},"query-input":"required name=search_term_string"}],"inLanguage":"ro-RO"},{"@type":"Organization","@id":"https:\/\/rmvapebang.com\/#organization","name":"rmvapebang.com","url":"https:\/\/rmvapebang.com\/","logo":{"@type":"ImageObject","inLanguage":"ro-RO","@id":"https:\/\/rmvapebang.com\/#\/schema\/logo\/image\/","url":"https:\/\/rmvapebang.com\/wp-content\/uploads\/2024\/03\/cropped-RVBlogo.png","contentUrl":"https:\/\/rmvapebang.com\/wp-content\/uploads\/2024\/03\/cropped-RVBlogo.png","width":507,"height":169,"caption":"rmvapebang.com"},"image":{"@id":"https:\/\/rmvapebang.com\/#\/schema\/logo\/image\/"}}]}},"uagb_featured_image_src":{"full":["https:\/\/rmvapebang.com\/wp-content\/uploads\/2024\/08\/MRVI-PUFFING-vape-15k-puffs-best-price.png",857,857,false],"thumbnail":["https:\/\/rmvapebang.com\/wp-content\/uploads\/2024\/08\/MRVI-PUFFING-vape-15k-puffs-best-price-150x150.png",150,150,true],"medium":["https:\/\/rmvapebang.com\/wp-content\/uploads\/2024\/08\/MRVI-PUFFING-vape-15k-puffs-best-price-300x300.png",300,300,true],"medium_large":["https:\/\/rmvapebang.com\/wp-content\/uploads\/2024\/08\/MRVI-PUFFING-vape-15k-puffs-best-price-768x768.png",768,768,true],"large":["https:\/\/rmvapebang.com\/wp-content\/uploads\/2024\/08\/MRVI-PUFFING-vape-15k-puffs-best-price.png",857,857,false],"1536x1536":["https:\/\/rmvapebang.com\/wp-content\/uploads\/2024\/08\/MRVI-PUFFING-vape-15k-puffs-best-price.png",857,857,false],"2048x2048":["https:\/\/rmvapebang.com\/wp-content\/uploads\/2024\/08\/MRVI-PUFFING-vape-15k-puffs-best-price.png",857,857,false],"trp-custom-language-flag":["https:\/\/rmvapebang.com\/wp-content\/uploads\/2024\/08\/MRVI-PUFFING-vape-15k-puffs-best-price.png",12,12,false],"woocommerce_thumbnail":["https:\/\/rmvapebang.com\/wp-content\/uploads\/2024\/08\/MRVI-PUFFING-vape-15k-puffs-best-price-300x300.png",300,300,true],"woocommerce_single":["https:\/\/rmvapebang.com\/wp-content\/uploads\/2024\/08\/MRVI-PUFFING-vape-15k-puffs-best-price-600x600.png",600,600,true],"woocommerce_gallery_thumbnail":["https:\/\/rmvapebang.com\/wp-content\/uploads\/2024\/08\/MRVI-PUFFING-vape-15k-puffs-best-price-100x100.png",100,100,true],"wcpr-photo-reviews":["https:\/\/rmvapebang.com\/wp-content\/uploads\/2024\/08\/MRVI-PUFFING-vape-15k-puffs-best-price.png",500,500,false]},"uagb_author_info":{"display_name":"Lyn","author_link":"https:\/\/rmvapebang.com\/ro\/author\/"},"uagb_comment_info":0,"uagb_excerpt":"MRVI 15000 Puffs Wholesale Price Vape Rechargeable,comes with a lanyard MRVI PUFFING VAPE 15K\u00a0 is a high-capacity rechargeable vape device offering 15000 puffs with 10 flavors and 2%\/5% nicotine levels. Whatsapp:+86 17840853976 Scan on whatsapp for New Client coupon","_links":{"self":[{"href":"https:\/\/rmvapebang.com\/ro\/wp-json\/wp\/v2\/product\/2763","targetHints":{"allow":["GET"]}}],"collection":[{"href":"https:\/\/rmvapebang.com\/ro\/wp-json\/wp\/v2\/product"}],"about":[{"href":"https:\/\/rmvapebang.com\/ro\/wp-json\/wp\/v2\/types\/product"}],"replies":[{"embeddable":true,"href":"https:\/\/rmvapebang.com\/ro\/wp-json\/wp\/v2\/comments?post=2763"}],"wp:featuredmedia":[{"embeddable":true,"href":"https:\/\/rmvapebang.com\/ro\/wp-json\/wp\/v2\/media\/2755"}],"wp:attachment":[{"href":"https:\/\/rmvapebang.com\/ro\/wp-json\/wp\/v2\/media?parent=2763"}],"wp:term":[{"taxonomy":"product_brand","embeddable":true,"href":"https:\/\/rmvapebang.com\/ro\/wp-json\/wp\/v2\/product_brand?post=2763"},{"taxonomy":"product_cat","embeddable":true,"href":"https:\/\/rmvapebang.com\/ro\/wp-json\/wp\/v2\/product_cat?post=2763"},{"taxonomy":"product_tag","embeddable":true,"href":"https:\/\/rmvapebang.com\/ro\/wp-json\/wp\/v2\/product_tag?post=2763"}],"curies":[{"name":"wp","href":"https:\/\/api.w.org\/{rel}","templated":true}]}}