{"id":2124,"date":"2024-04-17T15:41:17","date_gmt":"2024-04-17T07:41:17","guid":{"rendered":"https:\/\/rmvapebang.com\/?post_type=product&#038;p=2124"},"modified":"2024-12-14T17:15:04","modified_gmt":"2024-12-14T09:15:04","slug":"utco-e-cigarette-9000-puffs-wholesale-price-9k-vape","status":"publish","type":"product","link":"https:\/\/rmvapebang.com\/ro\/product\/utco-e-cigarette-9000-puffs-wholesale-price-9k-vape\/","title":{"rendered":"\u021aigaret\u0103 electronic\u0103 UTCO 9000 PUFFS Pre\u021b en-gros 9k Vape"},"content":{"rendered":"<h1>\u021aigaret\u0103 electronic\u0103 UTCO 9000 PUFFS Pre\u021b en-gros 9k Vape<\/h1>\n<div class=\"flex-1 overflow-hidden\">\n<div class=\"react-scroll-to-bottom--css-rkeqe-79elbk h-full\">\n<div class=\"react-scroll-to-bottom--css-rkeqe-1n7m0yu\">\n<div class=\"flex flex-col text-sm pb-9\">\n<div class=\"w-full text-token-text-primary\" data-testid=\"conversation-turn-7\">\n<div class=\"px-4 py-2 justify-center text-base md:gap-6 m-auto\">\n<div class=\"flex flex-1 text-base mx-auto gap-3 md:px-5 lg:px-1 xl:px-5 md:max-w-3xl lg:max-w-[40rem] xl:max-w-[48rem] group final-completion\">\n<div class=\"relative flex w-full flex-col agent-turn\">\n<div class=\"flex-col gap-1 md:gap-3\">\n<div class=\"flex flex-grow flex-col max-w-full\">\n<div class=\"min-h-[20px] text-message flex flex-col items-start gap-3 whitespace-pre-wrap break-words [.text-message+&amp;]:mt-5 overflow-x-auto\" data-message-author-role=\"assistant\" data-message-id=\"a1f3b89f-a1c9-497d-a989-579b96e752e6\">\n<div class=\"markdown prose w-full break-words dark:prose-invert light\">\n<p>UTCO E-\u021bigar\u0103 9000 PUFFS Hot Sales 9k Vape, tehnologia cheie a UTCO este formula sa de sare de nicotin\u0103 de \u00eenalt\u0103 calitate, disponibil\u0103 \u00een concentra\u021bii de 2% \u0219i 5% ca op\u021biuni selectabile, asigur\u00e2nd o experien\u021b\u0103 lin\u0103 \u0219i confortabil\u0103. Bateria de 850mAh a UTCO \u0219i capacitatea mare de e-lichid de 18ml v\u0103 permit s\u0103 v\u0103 bucura\u021bi de fumat pentru o lung\u0103 perioad\u0103 de timp, f\u0103r\u0103 a cre\u0219te problema schimb\u0103rii e-lichidului \u0219i a timpilor de \u00eenc\u0103rcare. V\u0103 permite s\u0103 v\u0103 bucura\u021bi de experien\u021ba de fumat cu mai mult\u0103 lini\u0219te.<\/p>\n<p>Sistemul de flux de aer reglabil al UTCO poate fi ajustat exact la obiceiurile dumneavoastr\u0103 de fumat, permi\u021b\u00e2nd utilizatorilor s\u0103-\u0219i personalizeze stilul de puf\u0103it. Pe deasupra, iluminarea RGB cu 6 culori adaug\u0103 o anumit\u0103 personalizare \u0219i stil dispozitivului dumneavoastr\u0103. Acesta are \u0219i 50 de arome din care s\u0103 alege\u021bi. Este cel mai recent stil \u0219i este acum foarte popular pe pia\u021ba din Rom\u00e2nia.<\/p>\n<p><img loading=\"lazy\" decoding=\"async\" class=\"size-medium wp-image-2128\" src=\"http:\/\/rmvapebang.com\/wp-content\/uploads\/2024\/04\/UTCO-e-cigarette-PUFF-9000-good-price-300x235.jpg\" alt=\"UTCO vape PUFF 9K pre\u021b bun\" width=\"300\" height=\"235\" srcset=\"https:\/\/rmvapebang.com\/wp-content\/uploads\/2024\/04\/UTCO-e-cigarette-PUFF-9000-good-price-300x235.jpg 300w, https:\/\/rmvapebang.com\/wp-content\/uploads\/2024\/04\/UTCO-e-cigarette-PUFF-9000-good-price-1024x801.jpg 1024w, https:\/\/rmvapebang.com\/wp-content\/uploads\/2024\/04\/UTCO-e-cigarette-PUFF-9000-good-price-768x601.jpg 768w, https:\/\/rmvapebang.com\/wp-content\/uploads\/2024\/04\/UTCO-e-cigarette-PUFF-9000-good-price-1536x1202.jpg 1536w, https:\/\/rmvapebang.com\/wp-content\/uploads\/2024\/04\/UTCO-e-cigarette-PUFF-9000-good-price-2048x1603.jpg 2048w, https:\/\/rmvapebang.com\/wp-content\/uploads\/2024\/04\/UTCO-e-cigarette-PUFF-9000-good-price-600x470.jpg 600w\" sizes=\"auto, (max-width: 300px) 100vw, 300px\" \/><\/p>\n<\/div>\n<\/div>\n<\/div>\n<\/div>\n<\/div>\n<\/div>\n<\/div>\n<\/div>\n<\/div>\n<\/div>\n<\/div>\n<\/div>\n<h2><strong>Care sunt aromele pentru vape-ul de 9K pufuri cu 2% \u0219i 5% Nicotin\u0103?<\/strong><\/h2>\n<p>1 Zmeur\u0103 Afine<br \/>\n2 Domnul Albastru<br \/>\n3 C\u0103p\u0219uni Pepene Ro\u0219u<br \/>\n4 Suc de Portocale<br \/>\n5 Gum\u0103 de mestecat cu Pepene Ro\u0219u<br \/>\n6 Bomboane Curcubeu<br \/>\n7 Limonad\u0103 Roz<br \/>\n8 Piersici Mango Ananas<br \/>\n9 Banane C\u0103p\u0219uni<br \/>\n10 Pepene Ro\u0219u Ghea\u021b\u0103<br \/>\n11 Ghea\u021b\u0103 de Dragon Negru<br \/>\n12 Struguri Aloe<br \/>\n13 Struguri C\u0103p\u0219uni<br \/>\n14 L\u0103m\u00e2ie Lime<br \/>\n15 Ghea\u021b\u0103 Pop<br \/>\n16 Afine pe ghea\u021b\u0103<br \/>\n17 Zmeur\u0103 albastr\u0103 cu ghea\u021b\u0103<br \/>\n18 Fructe de p\u0103dure amestecate<br \/>\n19 Cirea\u0219\u0103 Cola<br \/>\n20 C\u0103p\u0219uni \u0219i mango<br \/>\n21 Kiwi fructul pasiunii guava<br \/>\n22 Ghea\u021b\u0103 neagr\u0103<\/p>\n<p><span style=\"font-size: 1.7em;font-weight: bold\">Specifica\u021bii pentru \u021bigara electronic\u0103 UTCO 9K Puffs:<\/span><\/p>\n<p>\u2013 9k Puff-uri<br \/>\n\u201350 de arome<br \/>\n\u2013 Concentra\u021bie de nicotin\u0103 2%\/5%<br \/>\n\u2013 18 ml Capacitate de E-lichid<br \/>\n\u2013 Capacitate baterie 850 mAh<\/p>\n<h3>\u00centreb\u0103ri frecvente:<\/h3>\n<p>\u00ce: Care este cantitatea minim\u0103 de comand\u0103 pentru vape?<\/p>\n<p>R: Cantitatea minim\u0103 de comand\u0103 (MOQ) pentru vapa UTCO 9000 Puffs este de 50 de buc\u0103\u021bi.<\/p>\n<p>\u00ce: Care este timpul de livrare pentru vapa UTCO 9K Puffs pe care am comandat-o?<\/p>\n<p>R: De obicei, timpul de livrare pentru vapa UTCO 9K Puffs este de 10-15 zile dup\u0103 expediere.<\/p>\n<p>\u00ce: C\u00e2t cost\u0103 transportul pentru vapa UTCO 9000?<\/p>\n<p>R: Costul de transport variaz\u0103 \u00een func\u021bie de greutatea comenzii. Cantit\u0103\u021bile diferite pot avea costuri de transport diferite. V\u0103 rug\u0103m s\u0103 ne contacta\u021bi pentru a confirma costul de transport pentru comanda dumneavoastr\u0103 specific\u0103.<\/p>\n<p>\u00ce: Poate fi livrat\u0103 vapa UTCO 9000 Puffs \u00een \u021bara mea?<\/p>\n<p>R: Da, putem expedia vapa UTCO 9000 Puffs \u00een majoritatea \u021b\u0103rilor europene, inclusiv, dar f\u0103r\u0103 a se limita la, \u021a\u0103rile de Jos, Germania, Fran\u021ba, Spania, Italia, Belgia, Luxemburg, Austria, Republica Ceh\u0103, Slovacia, Ungaria, Slovenia, Rom\u00e2nia, Bulgaria, Grecia, Polonia, Suedia, Irlanda, Portugalia, Finlanda, Estonia, Letonia \u0219i Lituania. Dac\u0103 ave\u021bi \u00eentreb\u0103ri specifice despre expedierea \u00een \u021bara dumneavoastr\u0103, nu ezita\u021bi s\u0103 ne contacta\u021bi.<\/p>\n<p><strong>Contacta\u021bi-l pe Lyn pentru mai multe videoclipuri cu produse!<\/strong><\/p>\n<p><a href=\"https:\/\/wa.me\/8617840853976\"><span style=\"color: #ff6600\"><strong><em>Whatsapp:+40 17840853976<\/em><\/strong><\/span><\/a><\/p>\n<p><img loading=\"lazy\" decoding=\"async\" class=\"alignnone size-medium wp-image-1905\" src=\"http:\/\/rmvapebang.com\/wp-content\/uploads\/2024\/03\/whatsapp-vape-2-202x300.jpg\" alt=\"\" width=\"202\" height=\"300\" \/><\/p>\n<p>G\u0103si\u021bi mai multe produse care v-ar putea pl\u0103cea:<a href=\"https:\/\/rmvapebang.com\/ro\/shop-page\/\"><strong><em>Cump\u0103r\u0103 acum<\/em><\/strong><\/a><\/p>\n<p>alte pufuri care v-ar putea pl\u0103cea:<\/p>\n<p><span style=\"color: #ff0000\"><strong>Not\u0103: Toate produsele nu includ costurile de transport!!!<\/strong><\/span><\/p>","protected":false},"excerpt":{"rendered":"<p>UTCO E-\u021bigar\u0103 9000 Puffs Pre\u021b de en-gros Vape Re\u00eenc\u0103rcabil<\/p>\n<p>UTCO E-\u021bigar\u0103 9000 Puffs este un dispozitiv de vape re\u00eenc\u0103rcabil de mare capacitate, care ofer\u0103 9000 de pufuri cu 50 de arome \u0219i niveluri de nicotin\u0103 de 2% \/ 5%.<\/p>\n<p><strong><em>Whatsapp:<a href=\"https:\/\/wa.me\/8617840853976\">+86 17840853976<\/a><\/em><\/strong><\/p>\n<p>Scana\u021bi pe WhatsApp pentru un cupon pentru clien\u021bi noi<\/p>\n<p><img loading=\"lazy\" decoding=\"async\" class=\"alignnone size-medium wp-image-1905\" src=\"http:\/\/rmvapebang.com\/wp-content\/uploads\/2024\/03\/whatsapp-vape-2-202x300.jpg\" alt=\"\" width=\"202\" height=\"300\" \/><\/p>","protected":false},"featured_media":2126,"comment_status":"open","ping_status":"closed","template":"","meta":{"_uag_custom_page_level_css":"","_lmt_disableupdate":"no","_lmt_disable":"","site-sidebar-layout":"no-sidebar","site-content-layout":"boxed-container","ast-site-content-layout":"normal-width-container","site-content-style":"boxed","site-sidebar-style":"boxed","ast-global-header-display":"","ast-banner-title-visibility":"","ast-main-header-display":"","ast-hfb-above-header-display":"","ast-hfb-below-header-display":"","ast-hfb-mobile-header-display":"","site-post-title":"","ast-breadcrumbs-content":"","ast-featured-img":"","footer-sml-layout":"","theme-transparent-header-meta":"default","adv-header-id-meta":"","stick-header-meta":"","header-above-stick-meta":"","header-main-stick-meta":"","header-below-stick-meta":"","astra-migrate-meta-layouts":"set","ast-page-background-enabled":"default","ast-page-background-meta":{"desktop":{"background-color":"","background-image":"","background-repeat":"repeat","background-position":"center center","background-size":"auto","background-attachment":"scroll","background-type":"","background-media":"","overlay-type":"","overlay-color":"","overlay-gradient":""},"tablet":{"background-color":"","background-image":"","background-repeat":"repeat","background-position":"center center","background-size":"auto","background-attachment":"scroll","background-type":"","background-media":"","overlay-type":"","overlay-color":"","overlay-gradient":""},"mobile":{"background-color":"","background-image":"","background-repeat":"repeat","background-position":"center center","background-size":"auto","background-attachment":"scroll","background-type":"","background-media":"","overlay-type":"","overlay-color":"","overlay-gradient":""}},"ast-content-background-meta":{"desktop":{"background-color":"var(--ast-global-color-5)","background-image":"","background-repeat":"repeat","background-position":"center center","background-size":"auto","background-attachment":"scroll","background-type":"","background-media":"","overlay-type":"","overlay-color":"","overlay-gradient":""},"tablet":{"background-color":"var(--ast-global-color-5)","background-image":"","background-repeat":"repeat","background-position":"center center","background-size":"auto","background-attachment":"scroll","background-type":"","background-media":"","overlay-type":"","overlay-color":"","overlay-gradient":""},"mobile":{"background-color":"var(--ast-global-color-5)","background-image":"","background-repeat":"repeat","background-position":"center center","background-size":"auto","background-attachment":"scroll","background-type":"","background-media":"","overlay-type":"","overlay-color":"","overlay-gradient":""}},"_joinchat":[]},"product_brand":[],"product_cat":[15],"product_tag":[],"class_list":{"0":"post-2124","1":"product","2":"type-product","3":"status-publish","4":"has-post-thumbnail","6":"product_cat-eu-warehouse","7":"desktop-align-left","8":"tablet-align-left","9":"mobile-align-left","11":"first","12":"outofstock","13":"sale","14":"shipping-taxable","15":"purchasable","16":"product-type-simple"},"yoast_head":"<!-- This site is optimized with the Yoast SEO plugin v23.0 - https:\/\/yoast.com\/wordpress\/plugins\/seo\/ -->\n<title>UTCO E-cigarette 9000 PUFFS Wholesale Price 9k Vape - rmvapebang.com<\/title>\n<meta name=\"description\" content=\"UTCO E-cigarette 9000 Puffs Wholesale Price 9K Puffs Vape\uff0c2% and 5% nicotine to choose. Contact now to get Wholesale Fast Price of UTCO 9000 vape!\" \/>\n<meta name=\"robots\" content=\"index, follow, max-snippet:-1, max-image-preview:large, max-video-preview:-1\" \/>\n<link rel=\"canonical\" href=\"https:\/\/rmvapebang.com\/ro\/product\/utco-e-cigarette-9000-puffs-wholesale-price-9k-vape\/\" \/>\n<meta property=\"og:locale\" content=\"ro_RO\" \/>\n<meta property=\"og:type\" content=\"article\" \/>\n<meta property=\"og:title\" content=\"UTCO E-cigarette 9000 PUFFS Wholesale Price 9k Vape - rmvapebang.com\" \/>\n<meta property=\"og:description\" content=\"UTCO E-cigarette 9000 Puffs Wholesale Price 9K Puffs Vape\uff0c2% and 5% nicotine to choose. Contact now to get Wholesale Fast Price of UTCO 9000 vape!\" \/>\n<meta property=\"og:url\" content=\"https:\/\/rmvapebang.com\/ro\/product\/utco-e-cigarette-9000-puffs-wholesale-price-9k-vape\/\" \/>\n<meta property=\"og:site_name\" content=\"rmvapebang.com\" \/>\n<meta property=\"article:modified_time\" content=\"2024-12-14T09:15:04+00:00\" \/>\n<meta property=\"og:image\" content=\"https:\/\/rmvapebang.com\/wp-content\/uploads\/2024\/04\/UTCO-e-cigarette-9000-PUFFS-good-price.jpg\" \/>\n\t<meta property=\"og:image:width\" content=\"1600\" \/>\n\t<meta property=\"og:image:height\" content=\"1600\" \/>\n\t<meta property=\"og:image:type\" content=\"image\/jpeg\" \/>\n<meta name=\"twitter:card\" content=\"summary_large_image\" \/>\n<meta name=\"twitter:label1\" content=\"Timp estimat pentru citire\" \/>\n\t<meta name=\"twitter:data1\" content=\"3 minute\" \/>\n<script type=\"application\/ld+json\" class=\"yoast-schema-graph\">{\"@context\":\"https:\/\/schema.org\",\"@graph\":[{\"@type\":\"WebPage\",\"@id\":\"https:\/\/rmvapebang.com\/product\/utco-e-cigarette-9000-puffs-wholesale-price-9k-vape\/\",\"url\":\"https:\/\/rmvapebang.com\/product\/utco-e-cigarette-9000-puffs-wholesale-price-9k-vape\/\",\"name\":\"UTCO E-cigarette 9000 PUFFS Wholesale Price 9k Vape - rmvapebang.com\",\"isPartOf\":{\"@id\":\"https:\/\/rmvapebang.com\/#website\"},\"primaryImageOfPage\":{\"@id\":\"https:\/\/rmvapebang.com\/product\/utco-e-cigarette-9000-puffs-wholesale-price-9k-vape\/#primaryimage\"},\"image\":{\"@id\":\"https:\/\/rmvapebang.com\/product\/utco-e-cigarette-9000-puffs-wholesale-price-9k-vape\/#primaryimage\"},\"thumbnailUrl\":\"https:\/\/rmvapebang.com\/wp-content\/uploads\/2024\/04\/UTCO-e-cigarette-9000-PUFFS-good-price.jpg\",\"datePublished\":\"2024-04-17T07:41:17+00:00\",\"dateModified\":\"2024-12-14T09:15:04+00:00\",\"description\":\"UTCO E-cigarette 9000 Puffs Wholesale Price 9K Puffs Vape\uff0c2% and 5% nicotine to choose. Contact now to get Wholesale Fast Price of UTCO 9000 vape!\",\"breadcrumb\":{\"@id\":\"https:\/\/rmvapebang.com\/product\/utco-e-cigarette-9000-puffs-wholesale-price-9k-vape\/#breadcrumb\"},\"inLanguage\":\"ro-RO\",\"potentialAction\":[{\"@type\":\"ReadAction\",\"target\":[\"https:\/\/rmvapebang.com\/product\/utco-e-cigarette-9000-puffs-wholesale-price-9k-vape\/\"]}]},{\"@type\":\"ImageObject\",\"inLanguage\":\"ro-RO\",\"@id\":\"https:\/\/rmvapebang.com\/product\/utco-e-cigarette-9000-puffs-wholesale-price-9k-vape\/#primaryimage\",\"url\":\"https:\/\/rmvapebang.com\/wp-content\/uploads\/2024\/04\/UTCO-e-cigarette-9000-PUFFS-good-price.jpg\",\"contentUrl\":\"https:\/\/rmvapebang.com\/wp-content\/uploads\/2024\/04\/UTCO-e-cigarette-9000-PUFFS-good-price.jpg\",\"width\":1600,\"height\":1600,\"caption\":\"UTCO e-cigarette 9000 PUFFS good price\"},{\"@type\":\"BreadcrumbList\",\"@id\":\"https:\/\/rmvapebang.com\/product\/utco-e-cigarette-9000-puffs-wholesale-price-9k-vape\/#breadcrumb\",\"itemListElement\":[{\"@type\":\"ListItem\",\"position\":1,\"name\":\"Home\",\"item\":\"https:\/\/rmvapebang.com\/\"},{\"@type\":\"ListItem\",\"position\":2,\"name\":\"Hot Vape Shop\",\"item\":\"https:\/\/rmvapebang.com\/shop-page\/\"},{\"@type\":\"ListItem\",\"position\":3,\"name\":\"UTCO E-cigarette 9000 PUFFS Wholesale Price 9k Vape\"}]},{\"@type\":\"WebSite\",\"@id\":\"https:\/\/rmvapebang.com\/#website\",\"url\":\"https:\/\/rmvapebang.com\/\",\"name\":\"rmvapebang.com\",\"description\":\"buy vape cheap\",\"publisher\":{\"@id\":\"https:\/\/rmvapebang.com\/#organization\"},\"potentialAction\":[{\"@type\":\"SearchAction\",\"target\":{\"@type\":\"EntryPoint\",\"urlTemplate\":\"https:\/\/rmvapebang.com\/?s={search_term_string}\"},\"query-input\":\"required name=search_term_string\"}],\"inLanguage\":\"ro-RO\"},{\"@type\":\"Organization\",\"@id\":\"https:\/\/rmvapebang.com\/#organization\",\"name\":\"rmvapebang.com\",\"url\":\"https:\/\/rmvapebang.com\/\",\"logo\":{\"@type\":\"ImageObject\",\"inLanguage\":\"ro-RO\",\"@id\":\"https:\/\/rmvapebang.com\/#\/schema\/logo\/image\/\",\"url\":\"https:\/\/rmvapebang.com\/wp-content\/uploads\/2024\/03\/cropped-RVBlogo.png\",\"contentUrl\":\"https:\/\/rmvapebang.com\/wp-content\/uploads\/2024\/03\/cropped-RVBlogo.png\",\"width\":507,\"height\":169,\"caption\":\"rmvapebang.com\"},\"image\":{\"@id\":\"https:\/\/rmvapebang.com\/#\/schema\/logo\/image\/\"}}]}<\/script>\n<!-- \/ Yoast SEO plugin. -->","yoast_head_json":{"title":"UTCO E-cigarette 9000 PUFFS Wholesale Price 9k Vape - rmvapebang.com","description":"UTCO E-cigarette 9000 Puffs Wholesale Price 9K Puffs Vape\uff0c2% and 5% nicotine to choose. Contact now to get Wholesale Fast Price of UTCO 9000 vape!","robots":{"index":"index","follow":"follow","max-snippet":"max-snippet:-1","max-image-preview":"max-image-preview:large","max-video-preview":"max-video-preview:-1"},"canonical":"https:\/\/rmvapebang.com\/ro\/product\/utco-e-cigarette-9000-puffs-wholesale-price-9k-vape\/","og_locale":"ro_RO","og_type":"article","og_title":"UTCO E-cigarette 9000 PUFFS Wholesale Price 9k Vape - rmvapebang.com","og_description":"UTCO E-cigarette 9000 Puffs Wholesale Price 9K Puffs Vape\uff0c2% and 5% nicotine to choose. Contact now to get Wholesale Fast Price of UTCO 9000 vape!","og_url":"https:\/\/rmvapebang.com\/ro\/product\/utco-e-cigarette-9000-puffs-wholesale-price-9k-vape\/","og_site_name":"rmvapebang.com","article_modified_time":"2024-12-14T09:15:04+00:00","og_image":[{"width":1600,"height":1600,"url":"https:\/\/rmvapebang.com\/wp-content\/uploads\/2024\/04\/UTCO-e-cigarette-9000-PUFFS-good-price.jpg","type":"image\/jpeg"}],"twitter_card":"summary_large_image","twitter_misc":{"Timp estimat pentru citire":"3 minute"},"schema":{"@context":"https:\/\/schema.org","@graph":[{"@type":"WebPage","@id":"https:\/\/rmvapebang.com\/product\/utco-e-cigarette-9000-puffs-wholesale-price-9k-vape\/","url":"https:\/\/rmvapebang.com\/product\/utco-e-cigarette-9000-puffs-wholesale-price-9k-vape\/","name":"UTCO E-cigarette 9000 PUFFS Wholesale Price 9k Vape - rmvapebang.com","isPartOf":{"@id":"https:\/\/rmvapebang.com\/#website"},"primaryImageOfPage":{"@id":"https:\/\/rmvapebang.com\/product\/utco-e-cigarette-9000-puffs-wholesale-price-9k-vape\/#primaryimage"},"image":{"@id":"https:\/\/rmvapebang.com\/product\/utco-e-cigarette-9000-puffs-wholesale-price-9k-vape\/#primaryimage"},"thumbnailUrl":"https:\/\/rmvapebang.com\/wp-content\/uploads\/2024\/04\/UTCO-e-cigarette-9000-PUFFS-good-price.jpg","datePublished":"2024-04-17T07:41:17+00:00","dateModified":"2024-12-14T09:15:04+00:00","description":"UTCO E-cigarette 9000 Puffs Wholesale Price 9K Puffs Vape\uff0c2% and 5% nicotine to choose. Contact now to get Wholesale Fast Price of UTCO 9000 vape!","breadcrumb":{"@id":"https:\/\/rmvapebang.com\/product\/utco-e-cigarette-9000-puffs-wholesale-price-9k-vape\/#breadcrumb"},"inLanguage":"ro-RO","potentialAction":[{"@type":"ReadAction","target":["https:\/\/rmvapebang.com\/product\/utco-e-cigarette-9000-puffs-wholesale-price-9k-vape\/"]}]},{"@type":"ImageObject","inLanguage":"ro-RO","@id":"https:\/\/rmvapebang.com\/product\/utco-e-cigarette-9000-puffs-wholesale-price-9k-vape\/#primaryimage","url":"https:\/\/rmvapebang.com\/wp-content\/uploads\/2024\/04\/UTCO-e-cigarette-9000-PUFFS-good-price.jpg","contentUrl":"https:\/\/rmvapebang.com\/wp-content\/uploads\/2024\/04\/UTCO-e-cigarette-9000-PUFFS-good-price.jpg","width":1600,"height":1600,"caption":"UTCO e-cigarette 9000 PUFFS good price"},{"@type":"BreadcrumbList","@id":"https:\/\/rmvapebang.com\/product\/utco-e-cigarette-9000-puffs-wholesale-price-9k-vape\/#breadcrumb","itemListElement":[{"@type":"ListItem","position":1,"name":"Home","item":"https:\/\/rmvapebang.com\/"},{"@type":"ListItem","position":2,"name":"Hot Vape Shop","item":"https:\/\/rmvapebang.com\/shop-page\/"},{"@type":"ListItem","position":3,"name":"UTCO E-cigarette 9000 PUFFS Wholesale Price 9k Vape"}]},{"@type":"WebSite","@id":"https:\/\/rmvapebang.com\/#website","url":"https:\/\/rmvapebang.com\/","name":"rmvapebang.com","description":"buy vape cheap","publisher":{"@id":"https:\/\/rmvapebang.com\/#organization"},"potentialAction":[{"@type":"SearchAction","target":{"@type":"EntryPoint","urlTemplate":"https:\/\/rmvapebang.com\/?s={search_term_string}"},"query-input":"required name=search_term_string"}],"inLanguage":"ro-RO"},{"@type":"Organization","@id":"https:\/\/rmvapebang.com\/#organization","name":"rmvapebang.com","url":"https:\/\/rmvapebang.com\/","logo":{"@type":"ImageObject","inLanguage":"ro-RO","@id":"https:\/\/rmvapebang.com\/#\/schema\/logo\/image\/","url":"https:\/\/rmvapebang.com\/wp-content\/uploads\/2024\/03\/cropped-RVBlogo.png","contentUrl":"https:\/\/rmvapebang.com\/wp-content\/uploads\/2024\/03\/cropped-RVBlogo.png","width":507,"height":169,"caption":"rmvapebang.com"},"image":{"@id":"https:\/\/rmvapebang.com\/#\/schema\/logo\/image\/"}}]}},"uagb_featured_image_src":{"full":["https:\/\/rmvapebang.com\/wp-content\/uploads\/2024\/04\/UTCO-e-cigarette-9000-PUFFS-good-price.jpg",1600,1600,false],"thumbnail":["https:\/\/rmvapebang.com\/wp-content\/uploads\/2024\/04\/UTCO-e-cigarette-9000-PUFFS-good-price-150x150.jpg",150,150,true],"medium":["https:\/\/rmvapebang.com\/wp-content\/uploads\/2024\/04\/UTCO-e-cigarette-9000-PUFFS-good-price-300x300.jpg",300,300,true],"medium_large":["https:\/\/rmvapebang.com\/wp-content\/uploads\/2024\/04\/UTCO-e-cigarette-9000-PUFFS-good-price-768x768.jpg",768,768,true],"large":["https:\/\/rmvapebang.com\/wp-content\/uploads\/2024\/04\/UTCO-e-cigarette-9000-PUFFS-good-price-1024x1024.jpg",1024,1024,true],"1536x1536":["https:\/\/rmvapebang.com\/wp-content\/uploads\/2024\/04\/UTCO-e-cigarette-9000-PUFFS-good-price-1536x1536.jpg",1536,1536,true],"2048x2048":["https:\/\/rmvapebang.com\/wp-content\/uploads\/2024\/04\/UTCO-e-cigarette-9000-PUFFS-good-price.jpg",1600,1600,false],"trp-custom-language-flag":["https:\/\/rmvapebang.com\/wp-content\/uploads\/2024\/04\/UTCO-e-cigarette-9000-PUFFS-good-price.jpg",12,12,false],"woocommerce_thumbnail":["https:\/\/rmvapebang.com\/wp-content\/uploads\/2024\/04\/UTCO-e-cigarette-9000-PUFFS-good-price-300x300.jpg",300,300,true],"woocommerce_single":["https:\/\/rmvapebang.com\/wp-content\/uploads\/2024\/04\/UTCO-e-cigarette-9000-PUFFS-good-price-600x600.jpg",600,600,true],"woocommerce_gallery_thumbnail":["https:\/\/rmvapebang.com\/wp-content\/uploads\/2024\/04\/UTCO-e-cigarette-9000-PUFFS-good-price-100x100.jpg",100,100,true],"wcpr-photo-reviews":["https:\/\/rmvapebang.com\/wp-content\/uploads\/2024\/04\/UTCO-e-cigarette-9000-PUFFS-good-price.jpg",500,500,false]},"uagb_author_info":{"display_name":"Lyn","author_link":"https:\/\/rmvapebang.com\/ro\/author\/"},"uagb_comment_info":0,"uagb_excerpt":"UTCO E-cigarette 9000 Puffs Wholesale Price Vape Rechargeable UTCO E-cigarette 9000 Puff is a high-capacity rechargeable vape device offering 9000 puffs with 50 flavors and 2%\/5% nicotine levels. Whatsapp:+86 17840853976 Scan on whatsapp for New Client coupon","_links":{"self":[{"href":"https:\/\/rmvapebang.com\/ro\/wp-json\/wp\/v2\/product\/2124","targetHints":{"allow":["GET"]}}],"collection":[{"href":"https:\/\/rmvapebang.com\/ro\/wp-json\/wp\/v2\/product"}],"about":[{"href":"https:\/\/rmvapebang.com\/ro\/wp-json\/wp\/v2\/types\/product"}],"replies":[{"embeddable":true,"href":"https:\/\/rmvapebang.com\/ro\/wp-json\/wp\/v2\/comments?post=2124"}],"wp:featuredmedia":[{"embeddable":true,"href":"https:\/\/rmvapebang.com\/ro\/wp-json\/wp\/v2\/media\/2126"}],"wp:attachment":[{"href":"https:\/\/rmvapebang.com\/ro\/wp-json\/wp\/v2\/media?parent=2124"}],"wp:term":[{"taxonomy":"product_brand","embeddable":true,"href":"https:\/\/rmvapebang.com\/ro\/wp-json\/wp\/v2\/product_brand?post=2124"},{"taxonomy":"product_cat","embeddable":true,"href":"https:\/\/rmvapebang.com\/ro\/wp-json\/wp\/v2\/product_cat?post=2124"},{"taxonomy":"product_tag","embeddable":true,"href":"https:\/\/rmvapebang.com\/ro\/wp-json\/wp\/v2\/product_tag?post=2124"}],"curies":[{"name":"wp","href":"https:\/\/api.w.org\/{rel}","templated":true}]}}