{"id":4747,"date":"2025-09-02T16:34:45","date_gmt":"2025-09-02T08:34:45","guid":{"rendered":"https:\/\/rmvapebang.com\/?post_type=product&#038;p=4747"},"modified":"2025-09-04T15:12:08","modified_gmt":"2025-09-04T07:12:08","slug":"razzbar-crystal-10000-puff-vape-hot-bulk-sale-travel-friendly","status":"publish","type":"product","link":"https:\/\/rmvapebang.com\/pt\/product\/razzbar-crystal-10000-puff-vape-hot-bulk-sale-travel-friendly\/","title":{"rendered":"RAZZBAR Crystal 10000 Bacharadas Vape Grande Venda a Granel Amigo de Viagem"},"content":{"rendered":"<h2>RAZZBAR Crystal 10000 Bacharadas Vape Grande Venda a Granel Amigo de Viagem<\/h2>\n<div class=\"flex-1 overflow-hidden\">\n<div class=\"react-scroll-to-bottom--css-rkeqe-79elbk h-full\">\n<div class=\"react-scroll-to-bottom--css-rkeqe-1n7m0yu\">\n<div class=\"flex flex-col text-sm pb-9\">\n<div class=\"w-full text-token-text-primary\" data-testid=\"conversation-turn-7\">\n<div class=\"px-4 py-2 justify-center text-base md:gap-6 m-auto\">\n<div class=\"flex flex-1 text-base mx-auto gap-3 md:px-5 lg:px-1 xl:px-5 md:max-w-3xl lg:max-w-[40rem] xl:max-w-[48rem] group final-completion\">\n<div class=\"relative flex w-full flex-col agent-turn\">\n<div class=\"flex-col gap-1 md:gap-3\">\n<div class=\"flex flex-grow flex-col max-w-full\">\n<div class=\"min-h-[20px] text-message flex flex-col items-start gap-3 whitespace-pre-wrap break-words [.text-message+&amp;]:mt-5 overflow-x-auto\" data-message-author-role=\"assistant\" data-message-id=\"a1f3b89f-a1c9-497d-a989-579b96e752e6\">\n<div class=\"markdown prose w-full break-words dark:prose-invert light\">\n<p>RAZZBAR Crystal 10000 Puffs Vape Venda a Granel de Grande Sucesso Amigo de Viagem foi concebido para utilizadores em movimento. Crystal <strong><a href=\"https:\/\/rmvapebang.com\/pt\/product-category\/razz-bar-vapes\/\">vape da RAZZBAR<\/a><\/strong> 10k t\u00eam uma bateria de 650mAh, 16 sabores e op\u00e7\u00f5es para nicotina 0% ou 2%, o RAZZBAR Crystal <a href=\"https:\/\/rmvapebang.com\/pt\/product-category\/vape-10000-puffs\/\"><strong>vape descart\u00e1vel de 10000 baforadas<\/strong> <\/a>ideal para uso casual ou di\u00e1rio. O corpo em estilo cristal confere um aspeto elegante e moderno, mantendo-se leve e f\u00e1cil de transportar.<\/p>\n<p>Devido ao stock do armaz\u00e9m da UE, os retalhistas beneficiam de reposi\u00e7\u00e3o r\u00e1pida, tornando o pen 10000 vape perfeito para encomendas em grande quantidade. Acess\u00edvel, port\u00e1til e elegante, o RAZZBAR Crystal 10K \u00e9 uma escolha popular no mercado de vaping em Portugal.<\/p>\n<p><img loading=\"lazy\" decoding=\"async\" class=\"alignnone wp-image-4731 size-full\" src=\"http:\/\/rmvapebang.com\/wp-content\/uploads\/2025\/08\/Pen-vape-RAZZ-BAR-10k-puffs-manufacture-Price.png\" alt=\"Pre\u00e7o de f\u00e1brica do pen vape RAZZ BAR 10k tragos\" width=\"800\" height=\"800\" srcset=\"https:\/\/rmvapebang.com\/wp-content\/uploads\/2025\/08\/Pen-vape-RAZZ-BAR-10k-puffs-manufacture-Price.png 800w, https:\/\/rmvapebang.com\/wp-content\/uploads\/2025\/08\/Pen-vape-RAZZ-BAR-10k-puffs-manufacture-Price-300x300.png 300w, https:\/\/rmvapebang.com\/wp-content\/uploads\/2025\/08\/Pen-vape-RAZZ-BAR-10k-puffs-manufacture-Price-150x150.png 150w, https:\/\/rmvapebang.com\/wp-content\/uploads\/2025\/08\/Pen-vape-RAZZ-BAR-10k-puffs-manufacture-Price-768x768.png 768w, https:\/\/rmvapebang.com\/wp-content\/uploads\/2025\/08\/Pen-vape-RAZZ-BAR-10k-puffs-manufacture-Price-600x600.png 600w, https:\/\/rmvapebang.com\/wp-content\/uploads\/2025\/08\/Pen-vape-RAZZ-BAR-10k-puffs-manufacture-Price-100x100.png 100w\" sizes=\"auto, (max-width: 800px) 100vw, 800px\" \/><\/p>\n<h2 style=\"font-size: 1.7em;font-weight: bold\">Caracter\u00edsticas dos Sabores RAZZBAR 10000 Puffs:<\/h2>\n<ul>\n<li><span style=\"vertical-align: inherit\"><em><strong><span style=\"color: #ff0000\">10 mil<\/span> puffs<\/strong><\/em>: Satisfazer a procura dos utilizadores por mais puffs<\/span><\/li>\n<li><span style=\"vertical-align: inherit\"><em><strong><span style=\"color: #ff0000\">16<\/span> sabores<\/strong><\/em>: Variedade de sabores e muitas op\u00e7\u00f5es<\/span><\/li>\n<li><span style=\"vertical-align: inherit\"><em><strong>Nicotina: <span style=\"color: #ff0000\">2%\/5%<\/span><\/strong> <\/em> : Diferentes n\u00edveis de nicotina t\u00eam diferentes sabores<\/span><\/li>\n<li><span style=\"vertical-align: inherit\"><strong><em><span style=\"color: #ff0000\">650 mAh<\/span> Bateria<\/em><\/strong>: O carregamento demora apenas meia hora<\/span><\/li>\n<\/ul>\n<\/div>\n<\/div>\n<\/div>\n<\/div>\n<\/div>\n<\/div>\n<\/div>\n<\/div>\n<\/div>\n<\/div>\n<\/div>\n<\/div>\n<h2 style=\"font-size: 1.7em;font-weight: bold\">Que sabores para o Smart display 50k razzbar vape tem?<\/h2>\n<p>1. P\u00eassego Gelado<br \/>\n2. Morango Banana<br \/>\n3. Uva Red Bull<br \/>\n4. Mirtilo Gelado<br \/>\n5. Melancia Gelada<br \/>\n6. Framboesa Azul Gelada<br \/>\n7. Frutas Tropicais<br \/>\n8. Morango Kiwi<br \/>\n9. Morango Gelado<br \/>\n10. Frutos Silvestres Mistos<br \/>\n11. Morango, Framboesa e Cereja Gelados<br \/>\n12. Amor 66<br \/>\n13. Drag\u00e3o Negro gelo<br \/>\n14. Lim\u00e3o Lima<br \/>\n15. Sonho de Ver\u00e3o<br \/>\n16. Pastilha El\u00e1stica de Morango e Melancia<\/p>\n<h2 style=\"font-size: 1.7em;font-weight: bold\">Perguntas Frequentes:<\/h2>\n<h3><span style=\"vertical-align: inherit\"><span style=\"vertical-align: inherit\">1. Por que escolher o RAZZBAR Crystal descart\u00e1vel 10k?<\/span><\/span><\/h3>\n<p><strong>Resposta<\/strong>:Crystal 10000 tragos t\u00eam uma boa qualidade e o melhor pre\u00e7o com desconto no mercado europeu.<\/p>\n<h3><span style=\"vertical-align: inherit\"><span style=\"vertical-align: inherit\">2. Quanto tempo leva o envio do Disposable 10k tragos?<\/span><\/span><\/h3>\n<p><strong>Resposta<\/strong>:Normalmente, demora de 13 a 19 dias a ser enviado para a sua morada.<\/p>\n<h3>3. Qual o custo de envio e do seguro?<\/h3>\n<p><strong>Resposta:<\/strong>O custo de envio e o seguro s\u00e3o calculados com base no peso da sua encomenda. O pre\u00e7o que cotamos ir\u00e1 incluir todas as taxas.<\/p>\n<h3><span style=\"vertical-align: inherit\"><span style=\"vertical-align: inherit\">4. O Disposable crystal 10k Puffs razzbar Vape pode ser enviado para o meu pa\u00eds?<\/span><\/span><\/h3>\n<p><span style=\"vertical-align: inherit\"><span style=\"vertical-align: inherit\"><strong>Resposta<\/strong>: Sim, podemos enviar vape para a maioria dos pa\u00edses europeus, incluindo, entre outros: Pa\u00edses Baixos, Alemanha, Fran\u00e7a, Espanha, It\u00e1lia, B\u00e9lgica, Luxemburgo, \u00c1ustria, Rep\u00fablica Checa, Eslov\u00e1quia, Hungria, bem como Eslov\u00e9nia, Rom\u00e9nia, Bulg\u00e1ria, Gr\u00e9cia, Pol\u00f3nia, Su\u00e9cia, Irlanda, Portugal, Est\u00f3nia, Let\u00f3nia e Litu\u00e2nia. Se tiver alguma quest\u00e3o espec\u00edfica sobre o envio para o seu pa\u00eds, n\u00e3o hesite em contactar-nos.<\/span><\/span><\/p>\n<p><a href=\"https:\/\/wa.me\/8617840853976\"><span style=\"color: #ff6600\"><strong><em><span style=\"vertical-align: inherit\"><span style=\"vertical-align: inherit\">Whatsapp:+86 17840853976<\/span><\/span><\/em><\/strong><\/span><\/a><\/p>\n<p><img loading=\"lazy\" decoding=\"async\" class=\"alignnone size-medium wp-image-1905\" src=\"http:\/\/rmvapebang.com\/wp-content\/uploads\/2024\/03\/whatsapp-vape-2-202x300.jpg\" alt=\"\" width=\"202\" height=\"300\" \/><\/p>\n<p><span style=\"vertical-align: inherit\"><span style=\"vertical-align: inherit\">Encontre mais produtos que possa gostar:<em><strong><a href=\"https:\/\/rmvapebang.com\/pt\/\">Mostrar<\/a><\/strong><\/em><\/span><\/span><\/p>\n<p><span style=\"vertical-align: inherit\"><span style=\"vertical-align: inherit\">Talvez goste de pods:<\/span><\/span><a href=\"https:\/\/rmvapebang.com\/pt\/product\/bangleader-20000-puffs-crystal-vape-discount-sale-bulk-price\/\">Vape de cristal bangleader 20k<\/a>\/<a href=\"https:\/\/rmvapebang.com\/pt\/product\/stagbar-tornado-star-15k-puffs-wholesale-available-top-seller\/\">Vape stagbar tornado 15k baforadas<\/a>\/<a href=\"https:\/\/rmvapebang.com\/pt\/product\/fizzy-pandora-12000-smart-vape-hot-sale-wholesale\/\">fizzy pandora 12000 baforadas<\/a>\/<a href=\"https:\/\/rmvapebang.com\/pt\/product\/wholesale-vape-price-bang-blaze-60000-puffs-4-in-1-flavors-hot-sale\/\">Bang Blaze vape descart\u00e1vel de 60000 tragos<\/a><\/p>","protected":false},"excerpt":{"rendered":"<p><span style=\"color: #ff0000\"><strong>NOTA<\/strong>: <em>O pre\u00e7o no site \u00e9 o pre\u00e7o real do produto. Enviado do armaz\u00e9m da UE.<\/em><\/span><\/p>\n<p>O RAZZBAR Crystal 10000 Puff combina portabilidade, design elegante e fornecimento r\u00e1pido na UE, tornando-o um vape descart\u00e1vel essencial tanto para utilizadores europeus como para compradores a granel.<\/p>\n<p><strong><em><span style=\"vertical-align: inherit\"><span style=\"vertical-align: inherit\">Whatsapp: <\/span><\/span><a href=\"https:\/\/wa.me\/8617840853976\"><span style=\"vertical-align: inherit\"><span style=\"vertical-align: inherit\">+86 17840853976<\/span><\/span><\/a><\/em><\/strong><\/p>\n<p><img loading=\"lazy\" decoding=\"async\" class=\"alignnone wp-image-1905\" src=\"http:\/\/rmvapebang.com\/wp-content\/uploads\/2024\/03\/whatsapp-vape-2-202x300.jpg\" alt=\"\" width=\"213\" height=\"316\" \/><\/p>\n<p><em><span style=\"vertical-align: inherit\"><span style=\"vertical-align: inherit\">Digitalize o whatsapp para obter cup\u00f5es de cliente (Se quiser apenas 50 unidades, <a href=\"https:\/\/wa.me\/8617840853976\">por favor, contacte-me via WhatsApp.<\/a><\/span><\/span><a href=\"https:\/\/wa.me\/8617840853976\"><span style=\"vertical-align: inherit\"><span style=\"vertical-align: inherit\">\uff09<\/span><\/span><\/a><\/em><\/p>","protected":false},"featured_media":4738,"comment_status":"open","ping_status":"closed","template":"","meta":{"_uag_custom_page_level_css":"","_lmt_disableupdate":"no","_lmt_disable":"","site-sidebar-layout":"no-sidebar","site-content-layout":"boxed-container","ast-site-content-layout":"normal-width-container","site-content-style":"boxed","site-sidebar-style":"boxed","ast-global-header-display":"","ast-banner-title-visibility":"","ast-main-header-display":"","ast-hfb-above-header-display":"","ast-hfb-below-header-display":"","ast-hfb-mobile-header-display":"","site-post-title":"","ast-breadcrumbs-content":"","ast-featured-img":"","footer-sml-layout":"","theme-transparent-header-meta":"default","adv-header-id-meta":"","stick-header-meta":"","header-above-stick-meta":"","header-main-stick-meta":"","header-below-stick-meta":"","astra-migrate-meta-layouts":"set","ast-page-background-enabled":"default","ast-page-background-meta":{"desktop":{"background-color":"","background-image":"","background-repeat":"repeat","background-position":"center center","background-size":"auto","background-attachment":"scroll","background-type":"","background-media":"","overlay-type":"","overlay-color":"","overlay-gradient":""},"tablet":{"background-color":"","background-image":"","background-repeat":"repeat","background-position":"center center","background-size":"auto","background-attachment":"scroll","background-type":"","background-media":"","overlay-type":"","overlay-color":"","overlay-gradient":""},"mobile":{"background-color":"","background-image":"","background-repeat":"repeat","background-position":"center center","background-size":"auto","background-attachment":"scroll","background-type":"","background-media":"","overlay-type":"","overlay-color":"","overlay-gradient":""}},"ast-content-background-meta":{"desktop":{"background-color":"var(--ast-global-color-5)","background-image":"","background-repeat":"repeat","background-position":"center center","background-size":"auto","background-attachment":"scroll","background-type":"","background-media":"","overlay-type":"","overlay-color":"","overlay-gradient":""},"tablet":{"background-color":"var(--ast-global-color-5)","background-image":"","background-repeat":"repeat","background-position":"center center","background-size":"auto","background-attachment":"scroll","background-type":"","background-media":"","overlay-type":"","overlay-color":"","overlay-gradient":""},"mobile":{"background-color":"var(--ast-global-color-5)","background-image":"","background-repeat":"repeat","background-position":"center center","background-size":"auto","background-attachment":"scroll","background-type":"","background-media":"","overlay-type":"","overlay-color":"","overlay-gradient":""}},"_joinchat":[]},"product_brand":[],"product_cat":[39,41,209,42,40,131,129,163,43],"product_tag":[69,68,50,51,67,57,58,73,53,52],"class_list":{"0":"post-4747","1":"product","2":"type-product","3":"status-publish","4":"has-post-thumbnail","6":"product_cat-france-wholesale-vape","7":"product_cat-netherlands-wholesale-vape","8":"product_cat-razz-bar-vapes","9":"product_cat-spain-wholesale-vape","10":"product_cat-germany-wholesale-vape","11":"product_cat-tornado-vape-wholesale-price-hot-sale","12":"product_cat-tornado-vapes","13":"product_cat-vape-50000-puffs","14":"product_cat-vape-shop","15":"product_tag-10000-puffs","16":"product_tag-10k-puffs","17":"product_tag-bulk-price-vape-shop","18":"product_tag-disposable-vape","19":"product_tag-fast-price-sales","20":"product_tag-minimum-order-quantity-50pcs","21":"product_tag-moq-50pcs","22":"product_tag-new-product","23":"product_tag-rechargeable-vape","24":"product_tag-vape-wholesasle-price","25":"desktop-align-left","26":"tablet-align-left","27":"mobile-align-left","29":"first","30":"instock","31":"sale","32":"shipping-taxable","33":"purchasable","34":"product-type-simple"},"yoast_head":"<!-- This site is optimized with the Yoast SEO plugin v23.0 - https:\/\/yoast.com\/wordpress\/plugins\/seo\/ -->\n<title>RAZZBAR Crystal 10000 Puff Vape Hot Bulk Sale Travel Friendly - rmvapebang.com<\/title>\n<meta name=\"description\" content=\"RAZZBAR Crystal 10000 Puff Vape with sleek design, portable build, and EU stock. Travel-friendly bulk deal for Europe\u2019s disposable vape retailers.\" \/>\n<meta name=\"robots\" content=\"index, follow, max-snippet:-1, max-image-preview:large, max-video-preview:-1\" \/>\n<link rel=\"canonical\" href=\"https:\/\/rmvapebang.com\/pt\/product\/razzbar-crystal-10000-puff-vape-hot-bulk-sale-travel-friendly\/\" \/>\n<meta property=\"og:locale\" content=\"pt_PT\" \/>\n<meta property=\"og:type\" content=\"article\" \/>\n<meta property=\"og:title\" content=\"RAZZBAR Crystal 10000 Puff Vape Hot Bulk Sale Travel Friendly - rmvapebang.com\" \/>\n<meta property=\"og:description\" content=\"RAZZBAR Crystal 10000 Puff Vape with sleek design, portable build, and EU stock. Travel-friendly bulk deal for Europe\u2019s disposable vape retailers.\" \/>\n<meta property=\"og:url\" content=\"https:\/\/rmvapebang.com\/pt\/product\/razzbar-crystal-10000-puff-vape-hot-bulk-sale-travel-friendly\/\" \/>\n<meta property=\"og:site_name\" content=\"rmvapebang.com\" \/>\n<meta property=\"article:modified_time\" content=\"2025-09-04T07:12:08+00:00\" \/>\n<meta property=\"og:image\" content=\"https:\/\/rmvapebang.com\/wp-content\/uploads\/2025\/08\/Pen-vape-RAZZ-BAR-10k-puffs-Bulk-Sale.png\" \/>\n\t<meta property=\"og:image:width\" content=\"800\" \/>\n\t<meta property=\"og:image:height\" content=\"800\" \/>\n\t<meta property=\"og:image:type\" content=\"image\/png\" \/>\n<meta name=\"twitter:card\" content=\"summary_large_image\" \/>\n<meta name=\"twitter:label1\" content=\"Tempo estimado de leitura\" \/>\n\t<meta name=\"twitter:data1\" content=\"3 minutos\" \/>\n<script type=\"application\/ld+json\" class=\"yoast-schema-graph\">{\"@context\":\"https:\/\/schema.org\",\"@graph\":[{\"@type\":\"WebPage\",\"@id\":\"https:\/\/rmvapebang.com\/product\/razzbar-crystal-10000-puff-vape-hot-bulk-sale-travel-friendly\/\",\"url\":\"https:\/\/rmvapebang.com\/product\/razzbar-crystal-10000-puff-vape-hot-bulk-sale-travel-friendly\/\",\"name\":\"RAZZBAR Crystal 10000 Puff Vape Hot Bulk Sale Travel Friendly - rmvapebang.com\",\"isPartOf\":{\"@id\":\"https:\/\/rmvapebang.com\/#website\"},\"primaryImageOfPage\":{\"@id\":\"https:\/\/rmvapebang.com\/product\/razzbar-crystal-10000-puff-vape-hot-bulk-sale-travel-friendly\/#primaryimage\"},\"image\":{\"@id\":\"https:\/\/rmvapebang.com\/product\/razzbar-crystal-10000-puff-vape-hot-bulk-sale-travel-friendly\/#primaryimage\"},\"thumbnailUrl\":\"https:\/\/rmvapebang.com\/wp-content\/uploads\/2025\/08\/Pen-vape-RAZZ-BAR-10k-puffs-Bulk-Sale.png\",\"datePublished\":\"2025-09-02T08:34:45+00:00\",\"dateModified\":\"2025-09-04T07:12:08+00:00\",\"description\":\"RAZZBAR Crystal 10000 Puff Vape with sleek design, portable build, and EU stock. Travel-friendly bulk deal for Europe\u2019s disposable vape retailers.\",\"breadcrumb\":{\"@id\":\"https:\/\/rmvapebang.com\/product\/razzbar-crystal-10000-puff-vape-hot-bulk-sale-travel-friendly\/#breadcrumb\"},\"inLanguage\":\"pt-PT\",\"potentialAction\":[{\"@type\":\"ReadAction\",\"target\":[\"https:\/\/rmvapebang.com\/product\/razzbar-crystal-10000-puff-vape-hot-bulk-sale-travel-friendly\/\"]}]},{\"@type\":\"ImageObject\",\"inLanguage\":\"pt-PT\",\"@id\":\"https:\/\/rmvapebang.com\/product\/razzbar-crystal-10000-puff-vape-hot-bulk-sale-travel-friendly\/#primaryimage\",\"url\":\"https:\/\/rmvapebang.com\/wp-content\/uploads\/2025\/08\/Pen-vape-RAZZ-BAR-10k-puffs-Bulk-Sale.png\",\"contentUrl\":\"https:\/\/rmvapebang.com\/wp-content\/uploads\/2025\/08\/Pen-vape-RAZZ-BAR-10k-puffs-Bulk-Sale.png\",\"width\":800,\"height\":800,\"caption\":\"Pen vape RAZZ BAR 10k puffs Bulk Sale\"},{\"@type\":\"BreadcrumbList\",\"@id\":\"https:\/\/rmvapebang.com\/product\/razzbar-crystal-10000-puff-vape-hot-bulk-sale-travel-friendly\/#breadcrumb\",\"itemListElement\":[{\"@type\":\"ListItem\",\"position\":1,\"name\":\"Home\",\"item\":\"https:\/\/rmvapebang.com\/\"},{\"@type\":\"ListItem\",\"position\":2,\"name\":\"Hot Vape Shop\",\"item\":\"https:\/\/rmvapebang.com\/shop-page\/\"},{\"@type\":\"ListItem\",\"position\":3,\"name\":\"RAZZBAR Crystal 10000 Puff Vape Hot Bulk Sale Travel Friendly\"}]},{\"@type\":\"WebSite\",\"@id\":\"https:\/\/rmvapebang.com\/#website\",\"url\":\"https:\/\/rmvapebang.com\/\",\"name\":\"rmvapebang.com\",\"description\":\"buy vape cheap\",\"publisher\":{\"@id\":\"https:\/\/rmvapebang.com\/#organization\"},\"potentialAction\":[{\"@type\":\"SearchAction\",\"target\":{\"@type\":\"EntryPoint\",\"urlTemplate\":\"https:\/\/rmvapebang.com\/?s={search_term_string}\"},\"query-input\":\"required name=search_term_string\"}],\"inLanguage\":\"pt-PT\"},{\"@type\":\"Organization\",\"@id\":\"https:\/\/rmvapebang.com\/#organization\",\"name\":\"rmvapebang.com\",\"url\":\"https:\/\/rmvapebang.com\/\",\"logo\":{\"@type\":\"ImageObject\",\"inLanguage\":\"pt-PT\",\"@id\":\"https:\/\/rmvapebang.com\/#\/schema\/logo\/image\/\",\"url\":\"https:\/\/rmvapebang.com\/wp-content\/uploads\/2024\/03\/cropped-RVBlogo.png\",\"contentUrl\":\"https:\/\/rmvapebang.com\/wp-content\/uploads\/2024\/03\/cropped-RVBlogo.png\",\"width\":507,\"height\":169,\"caption\":\"rmvapebang.com\"},\"image\":{\"@id\":\"https:\/\/rmvapebang.com\/#\/schema\/logo\/image\/\"}}]}<\/script>\n<!-- \/ Yoast SEO plugin. -->","yoast_head_json":{"title":"RAZZBAR Crystal 10000 Puff Vape Hot Bulk Sale Travel Friendly - rmvapebang.com","description":"RAZZBAR Crystal 10000 Puff Vape with sleek design, portable build, and EU stock. Travel-friendly bulk deal for Europe\u2019s disposable vape retailers.","robots":{"index":"index","follow":"follow","max-snippet":"max-snippet:-1","max-image-preview":"max-image-preview:large","max-video-preview":"max-video-preview:-1"},"canonical":"https:\/\/rmvapebang.com\/pt\/product\/razzbar-crystal-10000-puff-vape-hot-bulk-sale-travel-friendly\/","og_locale":"pt_PT","og_type":"article","og_title":"RAZZBAR Crystal 10000 Puff Vape Hot Bulk Sale Travel Friendly - rmvapebang.com","og_description":"RAZZBAR Crystal 10000 Puff Vape with sleek design, portable build, and EU stock. Travel-friendly bulk deal for Europe\u2019s disposable vape retailers.","og_url":"https:\/\/rmvapebang.com\/pt\/product\/razzbar-crystal-10000-puff-vape-hot-bulk-sale-travel-friendly\/","og_site_name":"rmvapebang.com","article_modified_time":"2025-09-04T07:12:08+00:00","og_image":[{"width":800,"height":800,"url":"https:\/\/rmvapebang.com\/wp-content\/uploads\/2025\/08\/Pen-vape-RAZZ-BAR-10k-puffs-Bulk-Sale.png","type":"image\/png"}],"twitter_card":"summary_large_image","twitter_misc":{"Tempo estimado de leitura":"3 minutos"},"schema":{"@context":"https:\/\/schema.org","@graph":[{"@type":"WebPage","@id":"https:\/\/rmvapebang.com\/product\/razzbar-crystal-10000-puff-vape-hot-bulk-sale-travel-friendly\/","url":"https:\/\/rmvapebang.com\/product\/razzbar-crystal-10000-puff-vape-hot-bulk-sale-travel-friendly\/","name":"RAZZBAR Crystal 10000 Puff Vape Hot Bulk Sale Travel Friendly - rmvapebang.com","isPartOf":{"@id":"https:\/\/rmvapebang.com\/#website"},"primaryImageOfPage":{"@id":"https:\/\/rmvapebang.com\/product\/razzbar-crystal-10000-puff-vape-hot-bulk-sale-travel-friendly\/#primaryimage"},"image":{"@id":"https:\/\/rmvapebang.com\/product\/razzbar-crystal-10000-puff-vape-hot-bulk-sale-travel-friendly\/#primaryimage"},"thumbnailUrl":"https:\/\/rmvapebang.com\/wp-content\/uploads\/2025\/08\/Pen-vape-RAZZ-BAR-10k-puffs-Bulk-Sale.png","datePublished":"2025-09-02T08:34:45+00:00","dateModified":"2025-09-04T07:12:08+00:00","description":"RAZZBAR Crystal 10000 Puff Vape with sleek design, portable build, and EU stock. Travel-friendly bulk deal for Europe\u2019s disposable vape retailers.","breadcrumb":{"@id":"https:\/\/rmvapebang.com\/product\/razzbar-crystal-10000-puff-vape-hot-bulk-sale-travel-friendly\/#breadcrumb"},"inLanguage":"pt-PT","potentialAction":[{"@type":"ReadAction","target":["https:\/\/rmvapebang.com\/product\/razzbar-crystal-10000-puff-vape-hot-bulk-sale-travel-friendly\/"]}]},{"@type":"ImageObject","inLanguage":"pt-PT","@id":"https:\/\/rmvapebang.com\/product\/razzbar-crystal-10000-puff-vape-hot-bulk-sale-travel-friendly\/#primaryimage","url":"https:\/\/rmvapebang.com\/wp-content\/uploads\/2025\/08\/Pen-vape-RAZZ-BAR-10k-puffs-Bulk-Sale.png","contentUrl":"https:\/\/rmvapebang.com\/wp-content\/uploads\/2025\/08\/Pen-vape-RAZZ-BAR-10k-puffs-Bulk-Sale.png","width":800,"height":800,"caption":"Pen vape RAZZ BAR 10k puffs Bulk Sale"},{"@type":"BreadcrumbList","@id":"https:\/\/rmvapebang.com\/product\/razzbar-crystal-10000-puff-vape-hot-bulk-sale-travel-friendly\/#breadcrumb","itemListElement":[{"@type":"ListItem","position":1,"name":"Home","item":"https:\/\/rmvapebang.com\/"},{"@type":"ListItem","position":2,"name":"Hot Vape Shop","item":"https:\/\/rmvapebang.com\/shop-page\/"},{"@type":"ListItem","position":3,"name":"RAZZBAR Crystal 10000 Puff Vape Hot Bulk Sale Travel Friendly"}]},{"@type":"WebSite","@id":"https:\/\/rmvapebang.com\/#website","url":"https:\/\/rmvapebang.com\/","name":"rmvapebang.com","description":"buy vape cheap","publisher":{"@id":"https:\/\/rmvapebang.com\/#organization"},"potentialAction":[{"@type":"SearchAction","target":{"@type":"EntryPoint","urlTemplate":"https:\/\/rmvapebang.com\/?s={search_term_string}"},"query-input":"required name=search_term_string"}],"inLanguage":"pt-PT"},{"@type":"Organization","@id":"https:\/\/rmvapebang.com\/#organization","name":"rmvapebang.com","url":"https:\/\/rmvapebang.com\/","logo":{"@type":"ImageObject","inLanguage":"pt-PT","@id":"https:\/\/rmvapebang.com\/#\/schema\/logo\/image\/","url":"https:\/\/rmvapebang.com\/wp-content\/uploads\/2024\/03\/cropped-RVBlogo.png","contentUrl":"https:\/\/rmvapebang.com\/wp-content\/uploads\/2024\/03\/cropped-RVBlogo.png","width":507,"height":169,"caption":"rmvapebang.com"},"image":{"@id":"https:\/\/rmvapebang.com\/#\/schema\/logo\/image\/"}}]}},"uagb_featured_image_src":{"full":["https:\/\/rmvapebang.com\/wp-content\/uploads\/2025\/08\/Pen-vape-RAZZ-BAR-10k-puffs-Bulk-Sale.png",800,800,false],"thumbnail":["https:\/\/rmvapebang.com\/wp-content\/uploads\/2025\/08\/Pen-vape-RAZZ-BAR-10k-puffs-Bulk-Sale-150x150.png",150,150,true],"medium":["https:\/\/rmvapebang.com\/wp-content\/uploads\/2025\/08\/Pen-vape-RAZZ-BAR-10k-puffs-Bulk-Sale-300x300.png",300,300,true],"medium_large":["https:\/\/rmvapebang.com\/wp-content\/uploads\/2025\/08\/Pen-vape-RAZZ-BAR-10k-puffs-Bulk-Sale-768x768.png",768,768,true],"large":["https:\/\/rmvapebang.com\/wp-content\/uploads\/2025\/08\/Pen-vape-RAZZ-BAR-10k-puffs-Bulk-Sale.png",800,800,false],"1536x1536":["https:\/\/rmvapebang.com\/wp-content\/uploads\/2025\/08\/Pen-vape-RAZZ-BAR-10k-puffs-Bulk-Sale.png",800,800,false],"2048x2048":["https:\/\/rmvapebang.com\/wp-content\/uploads\/2025\/08\/Pen-vape-RAZZ-BAR-10k-puffs-Bulk-Sale.png",800,800,false],"trp-custom-language-flag":["https:\/\/rmvapebang.com\/wp-content\/uploads\/2025\/08\/Pen-vape-RAZZ-BAR-10k-puffs-Bulk-Sale.png",12,12,false],"woocommerce_thumbnail":["https:\/\/rmvapebang.com\/wp-content\/uploads\/2025\/08\/Pen-vape-RAZZ-BAR-10k-puffs-Bulk-Sale-300x300.png",300,300,true],"woocommerce_single":["https:\/\/rmvapebang.com\/wp-content\/uploads\/2025\/08\/Pen-vape-RAZZ-BAR-10k-puffs-Bulk-Sale-600x600.png",600,600,true],"woocommerce_gallery_thumbnail":["https:\/\/rmvapebang.com\/wp-content\/uploads\/2025\/08\/Pen-vape-RAZZ-BAR-10k-puffs-Bulk-Sale-100x100.png",100,100,true],"wcpr-photo-reviews":["https:\/\/rmvapebang.com\/wp-content\/uploads\/2025\/08\/Pen-vape-RAZZ-BAR-10k-puffs-Bulk-Sale.png",500,500,false]},"uagb_author_info":{"display_name":"Lyn","author_link":"https:\/\/rmvapebang.com\/pt\/author\/"},"uagb_comment_info":0,"uagb_excerpt":"NOTE: Website price is product real price. Shipped from EU warehouse. The RAZZBAR Crystal 10000 Puff combines portability, sleek design, and fast EU supply\u2014making it a must-have disposable vape for both European users and bulk buyers. Whatsapp: +86 17840853976 Scan whatsapp to get customer coupons\uff08If you only want 50pcs, please contact me via WhatsApp.\uff09","_links":{"self":[{"href":"https:\/\/rmvapebang.com\/pt\/wp-json\/wp\/v2\/product\/4747","targetHints":{"allow":["GET"]}}],"collection":[{"href":"https:\/\/rmvapebang.com\/pt\/wp-json\/wp\/v2\/product"}],"about":[{"href":"https:\/\/rmvapebang.com\/pt\/wp-json\/wp\/v2\/types\/product"}],"replies":[{"embeddable":true,"href":"https:\/\/rmvapebang.com\/pt\/wp-json\/wp\/v2\/comments?post=4747"}],"wp:featuredmedia":[{"embeddable":true,"href":"https:\/\/rmvapebang.com\/pt\/wp-json\/wp\/v2\/media\/4738"}],"wp:attachment":[{"href":"https:\/\/rmvapebang.com\/pt\/wp-json\/wp\/v2\/media?parent=4747"}],"wp:term":[{"taxonomy":"product_brand","embeddable":true,"href":"https:\/\/rmvapebang.com\/pt\/wp-json\/wp\/v2\/product_brand?post=4747"},{"taxonomy":"product_cat","embeddable":true,"href":"https:\/\/rmvapebang.com\/pt\/wp-json\/wp\/v2\/product_cat?post=4747"},{"taxonomy":"product_tag","embeddable":true,"href":"https:\/\/rmvapebang.com\/pt\/wp-json\/wp\/v2\/product_tag?post=4747"}],"curies":[{"name":"wp","href":"https:\/\/api.w.org\/{rel}","templated":true}]}}