{"id":4696,"date":"2025-08-25T16:11:14","date_gmt":"2025-08-25T08:11:14","guid":{"rendered":"https:\/\/rmvapebang.com\/?post_type=product&#038;p=4696"},"modified":"2025-09-04T15:19:04","modified_gmt":"2025-09-04T07:19:04","slug":"50k-puffs-razzbar-bulk-discount-vape-limited-time","status":"publish","type":"product","link":"https:\/\/rmvapebang.com\/pt\/product\/50k-puffs-razzbar-bulk-discount-vape-limited-time\/","title":{"rendered":"50K Bacharadas RAZZBAR Desconto a Granel Vape por Tempo Limitado"},"content":{"rendered":"<h2>50K Bacharadas RAZZBAR Desconto a Granel Vape por Tempo Limitado<\/h2>\n<div class=\"flex-1 overflow-hidden\">\n<div class=\"react-scroll-to-bottom--css-rkeqe-79elbk h-full\">\n<div class=\"react-scroll-to-bottom--css-rkeqe-1n7m0yu\">\n<div class=\"flex flex-col text-sm pb-9\">\n<div class=\"w-full text-token-text-primary\" data-testid=\"conversation-turn-7\">\n<div class=\"px-4 py-2 justify-center text-base md:gap-6 m-auto\">\n<div class=\"flex flex-1 text-base mx-auto gap-3 md:px-5 lg:px-1 xl:px-5 md:max-w-3xl lg:max-w-[40rem] xl:max-w-[48rem] group final-completion\">\n<div class=\"relative flex w-full flex-col agent-turn\">\n<div class=\"flex-col gap-1 md:gap-3\">\n<div class=\"flex flex-grow flex-col max-w-full\">\n<div class=\"min-h-[20px] text-message flex flex-col items-start gap-3 whitespace-pre-wrap break-words [.text-message+&amp;]:mt-5 overflow-x-auto\" data-message-author-role=\"assistant\" data-message-id=\"a1f3b89f-a1c9-497d-a989-579b96e752e6\">\n<div class=\"markdown prose w-full break-words dark:prose-invert light\">\n<p>O RAZZBAR Bulk Discount Vape Limited Time de 50K Puffs combina pot\u00eancia duradoura com um design inteligente, tornando-o uma excelente escolha tanto para uso pessoal como para compra a granel.<\/p>\n<p>RAZZBAR <strong><a href=\"https:\/\/rmvapebang.com\/pt\/product-category\/vape-50000-puffs\/\">Vape descart\u00e1vel de 50.000 Puffs<\/a><\/strong> apresentando uma bateria recarreg\u00e1vel de 650mAh, carregamento r\u00e1pido Tipo-C e um ecr\u00e3 inteligente, o vape 50k razzbar garante que voc\u00ea sempre mantenha o controle das suas sess\u00f5es. Vape com ecr\u00e3 inteligente de 50.000 puffs com uma escolha de 16 sabores e dispon\u00edvel em 2% e 5% de nicotina, os 50k puffs de <strong><a href=\"https:\/\/rmvapebang.com\/pt\/product-category\/razz-bar-vapes\/\">RAZZBAR vape<\/a><\/strong> adequam-se tanto a utilizadores iniciantes como experientes.<\/p>\n<p>Gra\u00e7as ao stock no armaz\u00e9m da UE, o envio r\u00e1pido \u00e9 garantido para retalhistas. Dur\u00e1vel, elegante e fi\u00e1vel, o RAZZBAR 50K destaca-se como um favorito com desconto por tempo limitado em toda a Europa.<\/p>\n<p><img loading=\"lazy\" decoding=\"async\" class=\"alignnone wp-image-4698 size-full\" src=\"http:\/\/rmvapebang.com\/wp-content\/uploads\/2025\/08\/RAZZ-BAR-Rechargeable-50000-PUFFS-Wholesale-price.png\" alt=\"RAZZ BAR Recarreg\u00e1vel 50000 PUFFS Pre\u00e7o de Atacado\" width=\"800\" height=\"710\" srcset=\"https:\/\/rmvapebang.com\/wp-content\/uploads\/2025\/08\/RAZZ-BAR-Rechargeable-50000-PUFFS-Wholesale-price.png 800w, https:\/\/rmvapebang.com\/wp-content\/uploads\/2025\/08\/RAZZ-BAR-Rechargeable-50000-PUFFS-Wholesale-price-300x266.png 300w, https:\/\/rmvapebang.com\/wp-content\/uploads\/2025\/08\/RAZZ-BAR-Rechargeable-50000-PUFFS-Wholesale-price-768x682.png 768w, https:\/\/rmvapebang.com\/wp-content\/uploads\/2025\/08\/RAZZ-BAR-Rechargeable-50000-PUFFS-Wholesale-price-600x533.png 600w\" sizes=\"auto, (max-width: 800px) 100vw, 800px\" \/><\/p>\n<h2 style=\"font-size: 1.7em;font-weight: bold\">Especifica\u00e7\u00f5es dos Sabores RAZZBAR 50k Puffs:<\/h2>\n<ul>\n<li><span style=\"vertical-align: inherit\"><em><strong><span style=\"color: #ff0000\">50 mil<\/span> puffs<\/strong><\/em>: Satisfazer a procura dos utilizadores por mais puffs<\/span><\/li>\n<li><span style=\"vertical-align: inherit\"><em><strong><span style=\"color: #ff0000\">16<\/span> sabores<\/strong><\/em>: Variedade de sabores e muitas op\u00e7\u00f5es<\/span><\/li>\n<li><span style=\"vertical-align: inherit\"><em><strong>Nicotina: <span style=\"color: #ff0000\">2%\/5%<\/span><\/strong> <\/em> : Diferentes n\u00edveis de nicotina t\u00eam diferentes sabores<\/span><\/li>\n<li><span style=\"vertical-align: inherit\"><strong><em><span style=\"color: #ff0000\">650 mAh<\/span> Bateria<\/em><\/strong>: O carregamento demora apenas meia hora<\/span><\/li>\n<\/ul>\n<\/div>\n<\/div>\n<\/div>\n<\/div>\n<\/div>\n<\/div>\n<\/div>\n<\/div>\n<\/div>\n<\/div>\n<\/div>\n<\/div>\n<h2 style=\"font-size: 1.7em;font-weight: bold\">Que sabores para o Smart display 50k razzbar vape tem?<\/h2>\n<p>1. Framboesa melancia<br \/>\n2. Morango gelado<br \/>\n3. Uva Red Bull<br \/>\n4. Fruta tropical<br \/>\n5. Banana<br \/>\n6. Mirtilo gelado<br \/>\n7. P\u00eassego com gelo<br \/>\n8. Anan\u00e1s coco<br \/>\n9.Ice melancia<br \/>\n10. Lim\u00e3o lima<br \/>\n11. Morango Banana<br \/>\n12. Mr blue<br \/>\n13. Pastilha el\u00e1stica de morango e melancia<br \/>\n14. Limonada rosa<br \/>\n15. Cereja cola<br \/>\n16. Gummy bear<\/p>\n<h2 style=\"font-size: 1.7em;font-weight: bold\">Perguntas Frequentes:<\/h2>\n<h3><span style=\"vertical-align: inherit\"><span style=\"vertical-align: inherit\">1. Porqu\u00ea escolher o RAZZBAR Smart descart\u00e1vel 50k?<\/span><\/span><\/h3>\n<p><strong>Resposta<\/strong>:tem boa qualidade e o melhor pre\u00e7o com desconto no mercado Europeu.<\/p>\n<h3><span style=\"vertical-align: inherit\"><span style=\"vertical-align: inherit\">2.Quanto tempo demora o envio do descart\u00e1vel 50k puffs?<\/span><\/span><\/h3>\n<p><strong>Resposta<\/strong>:Normalmente, demora de 13 a 19 dias a ser enviado para a sua morada.<\/p>\n<h3>3. Qual o custo de envio e do seguro?<\/h3>\n<p><strong>Resposta:<\/strong>O custo de envio e o seguro s\u00e3o calculados com base no peso da sua encomenda. O pre\u00e7o que cotamos ir\u00e1 incluir todas as taxas.<\/p>\n<h3><span style=\"vertical-align: inherit\"><span style=\"vertical-align: inherit\">4. O Vape Smart display 50k Puffs razzbar pode ser enviado para o meu pa\u00eds?<\/span><\/span><\/h3>\n<p><span style=\"vertical-align: inherit\"><span style=\"vertical-align: inherit\"><strong>Resposta<\/strong>: Sim, podemos enviar vape para a maioria dos pa\u00edses europeus, incluindo, entre outros: Pa\u00edses Baixos, Alemanha, Fran\u00e7a, Espanha, It\u00e1lia, B\u00e9lgica, Luxemburgo, \u00c1ustria, Rep\u00fablica Checa, Eslov\u00e1quia, Hungria, bem como Eslov\u00e9nia, Rom\u00e9nia, Bulg\u00e1ria, Gr\u00e9cia, Pol\u00f3nia, Su\u00e9cia, Irlanda, Portugal, Est\u00f3nia, Let\u00f3nia e Litu\u00e2nia. Se tiver alguma quest\u00e3o espec\u00edfica sobre o envio para o seu pa\u00eds, n\u00e3o hesite em contactar-nos.<\/span><\/span><\/p>\n<p><a href=\"https:\/\/wa.me\/8617840853976\"><span style=\"color: #ff6600\"><strong><em><span style=\"vertical-align: inherit\"><span style=\"vertical-align: inherit\">Whatsapp:+86 17840853976<\/span><\/span><\/em><\/strong><\/span><\/a><\/p>\n<p><img loading=\"lazy\" decoding=\"async\" class=\"alignnone size-medium wp-image-1905\" src=\"http:\/\/rmvapebang.com\/wp-content\/uploads\/2024\/03\/whatsapp-vape-2-202x300.jpg\" alt=\"\" width=\"202\" height=\"300\" \/><\/p>\n<p><span style=\"vertical-align: inherit\"><span style=\"vertical-align: inherit\">Encontre mais produtos que possa gostar:<em><strong><a href=\"https:\/\/rmvapebang.com\/pt\/\">Mostrar<\/a><\/strong><\/em><\/span><\/span><\/p>\n<p><span style=\"vertical-align: inherit\"><span style=\"vertical-align: inherit\">Talvez goste de pods:<\/span><\/span><span style=\"vertical-align: inherit\"><span style=\"vertical-align: inherit\"><a href=\"https:\/\/rmvapebang.com\/pt\/product\/waspe-40000-fihp-disposabl-vape-wholesale-price-top-sale\/\">Vape Waspe 40k puffs<\/a><\/span><\/span>\/<a href=\"https:\/\/rmvapebang.com\/pt\/product\/bangleader-20000-puffs-crystal-vape-discount-sale-bulk-price\/\">Vape de cristal bangleader 20k<\/a>\/<a href=\"https:\/\/rmvapebang.com\/pt\/product\/wholesale-vape-price-bang-king-pin-50k-puffs-dual-flavors-grab-your-vape-stock-now\/\">vapes bangking pin 50k<\/a>\/<a href=\"https:\/\/rmvapebang.com\/pt\/product\/stagbar-tornado-star-15k-puffs-wholesale-available-top-seller\/\">Vape stagbar tornado 15k baforadas<\/a>\/<a href=\"https:\/\/rmvapebang.com\/pt\/product\/fizzy-pandora-12000-smart-vape-hot-sale-wholesale\/\">fizzy pandora 12000 baforadas<\/a><\/p>","protected":false},"excerpt":{"rendered":"<p><span style=\"color: #ff0000\"><strong>NOTA<\/strong>: <em>O pre\u00e7o no site \u00e9 o pre\u00e7o real do produto. Enviado do armaz\u00e9m da UE.<\/em><\/span><\/p>\n<p>Com 50.000 puffs, envio r\u00e1pido para a UE e sabores vers\u00e1teis, a RAZZBAR oferece um valor imbat\u00edvel \u2014 ideal para clientes e retalhistas europeus que procuram um vape de alta qualidade com desconto por volume.<\/p>\n<p><strong><em><span style=\"vertical-align: inherit\"><span style=\"vertical-align: inherit\">Whatsapp: <\/span><\/span><a href=\"https:\/\/wa.me\/8617840853976\"><span style=\"vertical-align: inherit\"><span style=\"vertical-align: inherit\">+86 17840853976<\/span><\/span><\/a><\/em><\/strong><\/p>\n<p><img loading=\"lazy\" decoding=\"async\" class=\"alignnone wp-image-1905\" src=\"http:\/\/rmvapebang.com\/wp-content\/uploads\/2024\/03\/whatsapp-vape-2-202x300.jpg\" alt=\"\" width=\"213\" height=\"316\" \/><\/p>\n<p><em><span style=\"vertical-align: inherit\"><span style=\"vertical-align: inherit\">Digitalize o whatsapp para obter cup\u00f5es de cliente (Se quiser apenas 50 unidades, <a href=\"https:\/\/wa.me\/8617840853976\">por favor, contacte-me via WhatsApp.<\/a><\/span><\/span><a href=\"https:\/\/wa.me\/8617840853976\"><span style=\"vertical-align: inherit\"><span style=\"vertical-align: inherit\">\uff09<\/span><\/span><\/a><\/em><\/p>","protected":false},"featured_media":4697,"comment_status":"open","ping_status":"closed","template":"","meta":{"_uag_custom_page_level_css":"","_lmt_disableupdate":"no","_lmt_disable":"","site-sidebar-layout":"no-sidebar","site-content-layout":"boxed-container","ast-site-content-layout":"normal-width-container","site-content-style":"boxed","site-sidebar-style":"boxed","ast-global-header-display":"","ast-banner-title-visibility":"","ast-main-header-display":"","ast-hfb-above-header-display":"","ast-hfb-below-header-display":"","ast-hfb-mobile-header-display":"","site-post-title":"","ast-breadcrumbs-content":"","ast-featured-img":"","footer-sml-layout":"","theme-transparent-header-meta":"default","adv-header-id-meta":"","stick-header-meta":"","header-above-stick-meta":"","header-main-stick-meta":"","header-below-stick-meta":"","astra-migrate-meta-layouts":"set","ast-page-background-enabled":"default","ast-page-background-meta":{"desktop":{"background-color":"","background-image":"","background-repeat":"repeat","background-position":"center center","background-size":"auto","background-attachment":"scroll","background-type":"","background-media":"","overlay-type":"","overlay-color":"","overlay-gradient":""},"tablet":{"background-color":"","background-image":"","background-repeat":"repeat","background-position":"center center","background-size":"auto","background-attachment":"scroll","background-type":"","background-media":"","overlay-type":"","overlay-color":"","overlay-gradient":""},"mobile":{"background-color":"","background-image":"","background-repeat":"repeat","background-position":"center center","background-size":"auto","background-attachment":"scroll","background-type":"","background-media":"","overlay-type":"","overlay-color":"","overlay-gradient":""}},"ast-content-background-meta":{"desktop":{"background-color":"var(--ast-global-color-5)","background-image":"","background-repeat":"repeat","background-position":"center center","background-size":"auto","background-attachment":"scroll","background-type":"","background-media":"","overlay-type":"","overlay-color":"","overlay-gradient":""},"tablet":{"background-color":"var(--ast-global-color-5)","background-image":"","background-repeat":"repeat","background-position":"center center","background-size":"auto","background-attachment":"scroll","background-type":"","background-media":"","overlay-type":"","overlay-color":"","overlay-gradient":""},"mobile":{"background-color":"var(--ast-global-color-5)","background-image":"","background-repeat":"repeat","background-position":"center center","background-size":"auto","background-attachment":"scroll","background-type":"","background-media":"","overlay-type":"","overlay-color":"","overlay-gradient":""}},"_joinchat":[]},"product_brand":[],"product_cat":[39,41,209,128,42,40,131,129,163,43],"product_tag":[165,166,50,51,67,57,58,73,53,52],"class_list":{"0":"post-4696","1":"product","2":"type-product","3":"status-publish","4":"has-post-thumbnail","6":"product_cat-france-wholesale-vape","7":"product_cat-netherlands-wholesale-vape","8":"product_cat-razz-bar-vapes","9":"product_cat-smart-display","10":"product_cat-spain-wholesale-vape","11":"product_cat-germany-wholesale-vape","12":"product_cat-tornado-vape-wholesale-price-hot-sale","13":"product_cat-tornado-vapes","14":"product_cat-vape-50000-puffs","15":"product_cat-vape-shop","16":"product_tag-50000-puffs","17":"product_tag-50k-puffs","18":"product_tag-bulk-price-vape-shop","19":"product_tag-disposable-vape","20":"product_tag-fast-price-sales","21":"product_tag-minimum-order-quantity-50pcs","22":"product_tag-moq-50pcs","23":"product_tag-new-product","24":"product_tag-rechargeable-vape","25":"product_tag-vape-wholesasle-price","26":"desktop-align-left","27":"tablet-align-left","28":"mobile-align-left","30":"first","31":"instock","32":"sale","33":"shipping-taxable","34":"purchasable","35":"product-type-simple"},"yoast_head":"<!-- This site is optimized with the Yoast SEO plugin v23.0 - https:\/\/yoast.com\/wordpress\/plugins\/seo\/ -->\n<title>50K Puffs RAZZBAR Bulk Discount Vape Limited Time - rmvapebang.com<\/title>\n<meta name=\"description\" content=\"RAZZBAR 50K Puffs Disposable Vape with Type-C charging, smart display, and 16 flavors. Limited-time bulk discount deal available from EU warehouse.\" \/>\n<meta name=\"robots\" content=\"index, follow, max-snippet:-1, max-image-preview:large, max-video-preview:-1\" \/>\n<link rel=\"canonical\" href=\"https:\/\/rmvapebang.com\/pt\/product\/50k-puffs-razzbar-bulk-discount-vape-limited-time\/\" \/>\n<meta property=\"og:locale\" content=\"pt_PT\" \/>\n<meta property=\"og:type\" content=\"article\" \/>\n<meta property=\"og:title\" content=\"50K Puffs RAZZBAR Bulk Discount Vape Limited Time - rmvapebang.com\" \/>\n<meta property=\"og:description\" content=\"RAZZBAR 50K Puffs Disposable Vape with Type-C charging, smart display, and 16 flavors. Limited-time bulk discount deal available from EU warehouse.\" \/>\n<meta property=\"og:url\" content=\"https:\/\/rmvapebang.com\/pt\/product\/50k-puffs-razzbar-bulk-discount-vape-limited-time\/\" \/>\n<meta property=\"og:site_name\" content=\"rmvapebang.com\" \/>\n<meta property=\"article:modified_time\" content=\"2025-09-04T07:19:04+00:00\" \/>\n<meta property=\"og:image\" content=\"https:\/\/rmvapebang.com\/wp-content\/uploads\/2025\/08\/RAZZ-BAR-Rechargeable-50000-PUFFS-Eu-warehouse-vape.png\" \/>\n\t<meta property=\"og:image:width\" content=\"800\" \/>\n\t<meta property=\"og:image:height\" content=\"800\" \/>\n\t<meta property=\"og:image:type\" content=\"image\/png\" \/>\n<meta name=\"twitter:card\" content=\"summary_large_image\" \/>\n<meta name=\"twitter:label1\" content=\"Tempo estimado de leitura\" \/>\n\t<meta name=\"twitter:data1\" content=\"3 minutos\" \/>\n<script type=\"application\/ld+json\" class=\"yoast-schema-graph\">{\"@context\":\"https:\/\/schema.org\",\"@graph\":[{\"@type\":\"WebPage\",\"@id\":\"https:\/\/rmvapebang.com\/product\/50k-puffs-razzbar-bulk-discount-vape-limited-time\/\",\"url\":\"https:\/\/rmvapebang.com\/product\/50k-puffs-razzbar-bulk-discount-vape-limited-time\/\",\"name\":\"50K Puffs RAZZBAR Bulk Discount Vape Limited Time - rmvapebang.com\",\"isPartOf\":{\"@id\":\"https:\/\/rmvapebang.com\/#website\"},\"primaryImageOfPage\":{\"@id\":\"https:\/\/rmvapebang.com\/product\/50k-puffs-razzbar-bulk-discount-vape-limited-time\/#primaryimage\"},\"image\":{\"@id\":\"https:\/\/rmvapebang.com\/product\/50k-puffs-razzbar-bulk-discount-vape-limited-time\/#primaryimage\"},\"thumbnailUrl\":\"https:\/\/rmvapebang.com\/wp-content\/uploads\/2025\/08\/RAZZ-BAR-Rechargeable-50000-PUFFS-Eu-warehouse-vape.png\",\"datePublished\":\"2025-08-25T08:11:14+00:00\",\"dateModified\":\"2025-09-04T07:19:04+00:00\",\"description\":\"RAZZBAR 50K Puffs Disposable Vape with Type-C charging, smart display, and 16 flavors. Limited-time bulk discount deal available from EU warehouse.\",\"breadcrumb\":{\"@id\":\"https:\/\/rmvapebang.com\/product\/50k-puffs-razzbar-bulk-discount-vape-limited-time\/#breadcrumb\"},\"inLanguage\":\"pt-PT\",\"potentialAction\":[{\"@type\":\"ReadAction\",\"target\":[\"https:\/\/rmvapebang.com\/product\/50k-puffs-razzbar-bulk-discount-vape-limited-time\/\"]}]},{\"@type\":\"ImageObject\",\"inLanguage\":\"pt-PT\",\"@id\":\"https:\/\/rmvapebang.com\/product\/50k-puffs-razzbar-bulk-discount-vape-limited-time\/#primaryimage\",\"url\":\"https:\/\/rmvapebang.com\/wp-content\/uploads\/2025\/08\/RAZZ-BAR-Rechargeable-50000-PUFFS-Eu-warehouse-vape.png\",\"contentUrl\":\"https:\/\/rmvapebang.com\/wp-content\/uploads\/2025\/08\/RAZZ-BAR-Rechargeable-50000-PUFFS-Eu-warehouse-vape.png\",\"width\":800,\"height\":800,\"caption\":\"RAZZ BAR Rechargeable 50000 PUFFS Eu warehouse vape\"},{\"@type\":\"BreadcrumbList\",\"@id\":\"https:\/\/rmvapebang.com\/product\/50k-puffs-razzbar-bulk-discount-vape-limited-time\/#breadcrumb\",\"itemListElement\":[{\"@type\":\"ListItem\",\"position\":1,\"name\":\"Home\",\"item\":\"https:\/\/rmvapebang.com\/\"},{\"@type\":\"ListItem\",\"position\":2,\"name\":\"Hot Vape Shop\",\"item\":\"https:\/\/rmvapebang.com\/shop-page\/\"},{\"@type\":\"ListItem\",\"position\":3,\"name\":\"50K Puffs RAZZBAR Bulk Discount Vape Limited Time\"}]},{\"@type\":\"WebSite\",\"@id\":\"https:\/\/rmvapebang.com\/#website\",\"url\":\"https:\/\/rmvapebang.com\/\",\"name\":\"rmvapebang.com\",\"description\":\"buy vape cheap\",\"publisher\":{\"@id\":\"https:\/\/rmvapebang.com\/#organization\"},\"potentialAction\":[{\"@type\":\"SearchAction\",\"target\":{\"@type\":\"EntryPoint\",\"urlTemplate\":\"https:\/\/rmvapebang.com\/?s={search_term_string}\"},\"query-input\":\"required name=search_term_string\"}],\"inLanguage\":\"pt-PT\"},{\"@type\":\"Organization\",\"@id\":\"https:\/\/rmvapebang.com\/#organization\",\"name\":\"rmvapebang.com\",\"url\":\"https:\/\/rmvapebang.com\/\",\"logo\":{\"@type\":\"ImageObject\",\"inLanguage\":\"pt-PT\",\"@id\":\"https:\/\/rmvapebang.com\/#\/schema\/logo\/image\/\",\"url\":\"https:\/\/rmvapebang.com\/wp-content\/uploads\/2024\/03\/cropped-RVBlogo.png\",\"contentUrl\":\"https:\/\/rmvapebang.com\/wp-content\/uploads\/2024\/03\/cropped-RVBlogo.png\",\"width\":507,\"height\":169,\"caption\":\"rmvapebang.com\"},\"image\":{\"@id\":\"https:\/\/rmvapebang.com\/#\/schema\/logo\/image\/\"}}]}<\/script>\n<!-- \/ Yoast SEO plugin. -->","yoast_head_json":{"title":"50K Puffs RAZZBAR Bulk Discount Vape Limited Time - rmvapebang.com","description":"RAZZBAR 50K Puffs Disposable Vape with Type-C charging, smart display, and 16 flavors. Limited-time bulk discount deal available from EU warehouse.","robots":{"index":"index","follow":"follow","max-snippet":"max-snippet:-1","max-image-preview":"max-image-preview:large","max-video-preview":"max-video-preview:-1"},"canonical":"https:\/\/rmvapebang.com\/pt\/product\/50k-puffs-razzbar-bulk-discount-vape-limited-time\/","og_locale":"pt_PT","og_type":"article","og_title":"50K Puffs RAZZBAR Bulk Discount Vape Limited Time - rmvapebang.com","og_description":"RAZZBAR 50K Puffs Disposable Vape with Type-C charging, smart display, and 16 flavors. Limited-time bulk discount deal available from EU warehouse.","og_url":"https:\/\/rmvapebang.com\/pt\/product\/50k-puffs-razzbar-bulk-discount-vape-limited-time\/","og_site_name":"rmvapebang.com","article_modified_time":"2025-09-04T07:19:04+00:00","og_image":[{"width":800,"height":800,"url":"https:\/\/rmvapebang.com\/wp-content\/uploads\/2025\/08\/RAZZ-BAR-Rechargeable-50000-PUFFS-Eu-warehouse-vape.png","type":"image\/png"}],"twitter_card":"summary_large_image","twitter_misc":{"Tempo estimado de leitura":"3 minutos"},"schema":{"@context":"https:\/\/schema.org","@graph":[{"@type":"WebPage","@id":"https:\/\/rmvapebang.com\/product\/50k-puffs-razzbar-bulk-discount-vape-limited-time\/","url":"https:\/\/rmvapebang.com\/product\/50k-puffs-razzbar-bulk-discount-vape-limited-time\/","name":"50K Puffs RAZZBAR Bulk Discount Vape Limited Time - rmvapebang.com","isPartOf":{"@id":"https:\/\/rmvapebang.com\/#website"},"primaryImageOfPage":{"@id":"https:\/\/rmvapebang.com\/product\/50k-puffs-razzbar-bulk-discount-vape-limited-time\/#primaryimage"},"image":{"@id":"https:\/\/rmvapebang.com\/product\/50k-puffs-razzbar-bulk-discount-vape-limited-time\/#primaryimage"},"thumbnailUrl":"https:\/\/rmvapebang.com\/wp-content\/uploads\/2025\/08\/RAZZ-BAR-Rechargeable-50000-PUFFS-Eu-warehouse-vape.png","datePublished":"2025-08-25T08:11:14+00:00","dateModified":"2025-09-04T07:19:04+00:00","description":"RAZZBAR 50K Puffs Disposable Vape with Type-C charging, smart display, and 16 flavors. Limited-time bulk discount deal available from EU warehouse.","breadcrumb":{"@id":"https:\/\/rmvapebang.com\/product\/50k-puffs-razzbar-bulk-discount-vape-limited-time\/#breadcrumb"},"inLanguage":"pt-PT","potentialAction":[{"@type":"ReadAction","target":["https:\/\/rmvapebang.com\/product\/50k-puffs-razzbar-bulk-discount-vape-limited-time\/"]}]},{"@type":"ImageObject","inLanguage":"pt-PT","@id":"https:\/\/rmvapebang.com\/product\/50k-puffs-razzbar-bulk-discount-vape-limited-time\/#primaryimage","url":"https:\/\/rmvapebang.com\/wp-content\/uploads\/2025\/08\/RAZZ-BAR-Rechargeable-50000-PUFFS-Eu-warehouse-vape.png","contentUrl":"https:\/\/rmvapebang.com\/wp-content\/uploads\/2025\/08\/RAZZ-BAR-Rechargeable-50000-PUFFS-Eu-warehouse-vape.png","width":800,"height":800,"caption":"RAZZ BAR Rechargeable 50000 PUFFS Eu warehouse vape"},{"@type":"BreadcrumbList","@id":"https:\/\/rmvapebang.com\/product\/50k-puffs-razzbar-bulk-discount-vape-limited-time\/#breadcrumb","itemListElement":[{"@type":"ListItem","position":1,"name":"Home","item":"https:\/\/rmvapebang.com\/"},{"@type":"ListItem","position":2,"name":"Hot Vape Shop","item":"https:\/\/rmvapebang.com\/shop-page\/"},{"@type":"ListItem","position":3,"name":"50K Puffs RAZZBAR Bulk Discount Vape Limited Time"}]},{"@type":"WebSite","@id":"https:\/\/rmvapebang.com\/#website","url":"https:\/\/rmvapebang.com\/","name":"rmvapebang.com","description":"buy vape cheap","publisher":{"@id":"https:\/\/rmvapebang.com\/#organization"},"potentialAction":[{"@type":"SearchAction","target":{"@type":"EntryPoint","urlTemplate":"https:\/\/rmvapebang.com\/?s={search_term_string}"},"query-input":"required name=search_term_string"}],"inLanguage":"pt-PT"},{"@type":"Organization","@id":"https:\/\/rmvapebang.com\/#organization","name":"rmvapebang.com","url":"https:\/\/rmvapebang.com\/","logo":{"@type":"ImageObject","inLanguage":"pt-PT","@id":"https:\/\/rmvapebang.com\/#\/schema\/logo\/image\/","url":"https:\/\/rmvapebang.com\/wp-content\/uploads\/2024\/03\/cropped-RVBlogo.png","contentUrl":"https:\/\/rmvapebang.com\/wp-content\/uploads\/2024\/03\/cropped-RVBlogo.png","width":507,"height":169,"caption":"rmvapebang.com"},"image":{"@id":"https:\/\/rmvapebang.com\/#\/schema\/logo\/image\/"}}]}},"uagb_featured_image_src":{"full":["https:\/\/rmvapebang.com\/wp-content\/uploads\/2025\/08\/RAZZ-BAR-Rechargeable-50000-PUFFS-Eu-warehouse-vape.png",800,800,false],"thumbnail":["https:\/\/rmvapebang.com\/wp-content\/uploads\/2025\/08\/RAZZ-BAR-Rechargeable-50000-PUFFS-Eu-warehouse-vape-150x150.png",150,150,true],"medium":["https:\/\/rmvapebang.com\/wp-content\/uploads\/2025\/08\/RAZZ-BAR-Rechargeable-50000-PUFFS-Eu-warehouse-vape-300x300.png",300,300,true],"medium_large":["https:\/\/rmvapebang.com\/wp-content\/uploads\/2025\/08\/RAZZ-BAR-Rechargeable-50000-PUFFS-Eu-warehouse-vape-768x768.png",768,768,true],"large":["https:\/\/rmvapebang.com\/wp-content\/uploads\/2025\/08\/RAZZ-BAR-Rechargeable-50000-PUFFS-Eu-warehouse-vape.png",800,800,false],"1536x1536":["https:\/\/rmvapebang.com\/wp-content\/uploads\/2025\/08\/RAZZ-BAR-Rechargeable-50000-PUFFS-Eu-warehouse-vape.png",800,800,false],"2048x2048":["https:\/\/rmvapebang.com\/wp-content\/uploads\/2025\/08\/RAZZ-BAR-Rechargeable-50000-PUFFS-Eu-warehouse-vape.png",800,800,false],"trp-custom-language-flag":["https:\/\/rmvapebang.com\/wp-content\/uploads\/2025\/08\/RAZZ-BAR-Rechargeable-50000-PUFFS-Eu-warehouse-vape.png",12,12,false],"woocommerce_thumbnail":["https:\/\/rmvapebang.com\/wp-content\/uploads\/2025\/08\/RAZZ-BAR-Rechargeable-50000-PUFFS-Eu-warehouse-vape-300x300.png",300,300,true],"woocommerce_single":["https:\/\/rmvapebang.com\/wp-content\/uploads\/2025\/08\/RAZZ-BAR-Rechargeable-50000-PUFFS-Eu-warehouse-vape-600x600.png",600,600,true],"woocommerce_gallery_thumbnail":["https:\/\/rmvapebang.com\/wp-content\/uploads\/2025\/08\/RAZZ-BAR-Rechargeable-50000-PUFFS-Eu-warehouse-vape-100x100.png",100,100,true],"wcpr-photo-reviews":["https:\/\/rmvapebang.com\/wp-content\/uploads\/2025\/08\/RAZZ-BAR-Rechargeable-50000-PUFFS-Eu-warehouse-vape.png",500,500,false]},"uagb_author_info":{"display_name":"Lyn","author_link":"https:\/\/rmvapebang.com\/pt\/author\/"},"uagb_comment_info":0,"uagb_excerpt":"NOTE: Website price is product real price. Shipped from EU warehouse. With 50K puffs, fast EU shipping, and versatile flavors, RAZZBAR offers unbeatable value\u2014ideal for European customers and retailers seeking a top-quality bulk discount vape. Whatsapp: +86 17840853976 Scan whatsapp to get customer coupons\uff08If you only want 50pcs, please contact me via WhatsApp.\uff09","_links":{"self":[{"href":"https:\/\/rmvapebang.com\/pt\/wp-json\/wp\/v2\/product\/4696","targetHints":{"allow":["GET"]}}],"collection":[{"href":"https:\/\/rmvapebang.com\/pt\/wp-json\/wp\/v2\/product"}],"about":[{"href":"https:\/\/rmvapebang.com\/pt\/wp-json\/wp\/v2\/types\/product"}],"replies":[{"embeddable":true,"href":"https:\/\/rmvapebang.com\/pt\/wp-json\/wp\/v2\/comments?post=4696"}],"wp:featuredmedia":[{"embeddable":true,"href":"https:\/\/rmvapebang.com\/pt\/wp-json\/wp\/v2\/media\/4697"}],"wp:attachment":[{"href":"https:\/\/rmvapebang.com\/pt\/wp-json\/wp\/v2\/media?parent=4696"}],"wp:term":[{"taxonomy":"product_brand","embeddable":true,"href":"https:\/\/rmvapebang.com\/pt\/wp-json\/wp\/v2\/product_brand?post=4696"},{"taxonomy":"product_cat","embeddable":true,"href":"https:\/\/rmvapebang.com\/pt\/wp-json\/wp\/v2\/product_cat?post=4696"},{"taxonomy":"product_tag","embeddable":true,"href":"https:\/\/rmvapebang.com\/pt\/wp-json\/wp\/v2\/product_tag?post=4696"}],"curies":[{"name":"wp","href":"https:\/\/api.w.org\/{rel}","templated":true}]}}