{"id":4538,"date":"2025-07-21T16:02:15","date_gmt":"2025-07-21T08:02:15","guid":{"rendered":"https:\/\/rmvapebang.com\/?post_type=product&#038;p=4538"},"modified":"2025-09-01T16:04:30","modified_gmt":"2025-09-01T08:04:30","slug":"discount-vape-bangking-twins-50000-adjustable-wholesale","status":"publish","type":"product","link":"https:\/\/rmvapebang.com\/pt\/product\/discount-vape-bangking-twins-50000-adjustable-wholesale\/","title":{"rendered":"Vape com Desconto Bangking Twins 50000 Atacado Ajust\u00e1vel"},"content":{"rendered":"<h2 style=\"text-align: left\" data-pm-slice=\"1 1 []\"><strong>Vape com Desconto Bangking Twins 50000 Atacado Ajust\u00e1vel<\/strong><\/h2>\n<p>Desconto <a href=\"https:\/\/rmvapebang.com\/pt\/product-category\/bang-vapes\/\">Vape Bangking<\/a> Twins 50000 Um potente vape de dupla fragr\u00e2ncia com design de fluxo de ar ajust\u00e1vel.<\/p>\n<p>O Bangking Twins 50k oferece um massivo <a href=\"https:\/\/rmvapebang.com\/pt\/product-category\/vape-50000-puffs\/\">50.000 inala\u00e7\u00f5es<\/a> e vem pr\u00e9-carregado com 28*2ML de e-l\u00edquido, al\u00e9m disso, um vape descart\u00e1vel 50k alimentado por uma bateria de 650mAh. Bobinas duplas de malha garantem tragadas suaves e sabor intenso.<\/p>\n<p>Vape de 50k Twins ideal para clientes grossistas que procuram valor, variedade e satisfa\u00e7\u00e3o em cada vaporiza\u00e7\u00e3o.<\/p>\n<p><img loading=\"lazy\" decoding=\"async\" class=\"alignnone wp-image-4539 size-full\" src=\"http:\/\/rmvapebang.com\/wp-content\/uploads\/2025\/07\/BANG-King-smart-vape-50000-puffs-best-price.webp\" alt=\"BANG King smart vape 50000 puffs melhor pre\u00e7o\" width=\"800\" height=\"610\" srcset=\"https:\/\/rmvapebang.com\/wp-content\/uploads\/2025\/07\/BANG-King-smart-vape-50000-puffs-best-price.webp 800w, https:\/\/rmvapebang.com\/wp-content\/uploads\/2025\/07\/BANG-King-smart-vape-50000-puffs-best-price-300x229.webp 300w, https:\/\/rmvapebang.com\/wp-content\/uploads\/2025\/07\/BANG-King-smart-vape-50000-puffs-best-price-768x586.webp 768w, https:\/\/rmvapebang.com\/wp-content\/uploads\/2025\/07\/BANG-King-smart-vape-50000-puffs-best-price-600x458.webp 600w\" sizes=\"auto, (max-width: 800px) 100vw, 800px\" \/><\/p>\n<h3><strong>Quais s\u00e3o os Sabores para o vape Bangking twins 50k?<\/strong><\/h3>\n<p>1. Blue Razz Ice\/Blue Razz Cherry<br \/>\n2. Morango Melancia\/Gelado de Morango<br \/>\n3. Melancia Ice\/Watermelon Hubba Bubba<br \/>\n4. Morango Banana\/Heisenberg<br \/>\n5. Lychee Super Cool\/Pink Man<br \/>\n6. Cola Lim\u00e3o\/Skittles de Morango<br \/>\n7. Love 66\/Lim\u00e3o Maracuj\u00e1<br \/>\n8. P\u00eassego Goiaba Morango\/Sakura Uva<br \/>\n9. Duplo Lim\u00e3o\/Aloe Vera Gelada<br \/>\n10. Frutos Vermelhos Misturados\/Morango Kiwi<br \/>\n11. Sumos de P\u00eassego Ice\/Morango Manga<br \/>\n12. P\u00eassego Manga Melancia\/Blue Razz Cherry<\/p>\n<h2>Especifica\u00e7\u00f5es para vape de <strong>Bangking vape inteligente 50k <\/strong>Baforadas:<\/h2>\n<p>\u2013 <em><strong><span style=\"color: #ff0000\">50 mil<\/span><\/strong><\/em> Baforadas<br \/>\n\u2013<em><strong><span style=\"color: #ff0000\"> 12<\/span> <\/strong><\/em>Sabores<br \/>\n\u2013 <em><strong><span style=\"color: #ff0000\">2%\/5%<\/span> <\/strong><\/em>Nicotina<br \/>\n\u2013 <em><strong><span style=\"color: #ff0000\">56ml<\/span><\/strong><\/em> de Capacidade de E-l\u00edquido<br \/>\n\u2013 Capacidade da bateria <em><strong><span style=\"color: #ff0000\">650 mAh<\/span><\/strong><\/em><\/p>\n<h3>Perguntas Frequentes:<\/h3>\n<p>Q: Qual \u00e9 a quantidade m\u00ednima de encomenda (MOQ) do Vape recarreg\u00e1vel descart\u00e1vel Bangking 50k duplo?<\/p>\n<p>A: A quantidade m\u00ednima de encomenda (MOQ) para o vaporizador descart\u00e1vel BANGKING 50k baforadas \u00e9 de 50 pe\u00e7as.<\/p>\n<p>Q: Quanto custa um vape de 50k puffs?<\/p>\n<p>R: O pre\u00e7o do produto est\u00e1 relacionado com o peso e a dist\u00e2ncia entre os pa\u00edses. Por favor, contacte-me para mais detalhes.<\/p>\n<p>P: Quanto custa o envio para o vaporizador com ecr\u00e3 digital de 50000 baforadas?<\/p>\n<p>R: O custo de envio varia dependendo do peso da encomenda. Quantidades diferentes podem ter custos de envio diferentes. Por favor, contacte-nos para confirmar o custo de envio para a sua encomenda espec\u00edfica.<\/p>\n<p>Q: Os sabores bangking twins descart\u00e1veis 50k Vape podem ser enviados para o meu pa\u00eds?<\/p>\n<p>R: Sim, podemos enviar o BANG King digital 50000 Vape para a maioria dos pa\u00edses europeus, incluindo, mas n\u00e3o se limitando a, Pa\u00edses Baixos, Alemanha, Fran\u00e7a, Espanha, It\u00e1lia, B\u00e9lgica, Luxemburgo, \u00c1ustria, Rep\u00fablica Checa, Eslov\u00e1quia, Hungria, Eslov\u00e9nia, Rom\u00e9nia, Bulg\u00e1ria, Gr\u00e9cia, Pol\u00f3nia, Su\u00e9cia, Irlanda, Portugal, Finl\u00e2ndia, Est\u00f3nia, Let\u00f3nia e Litu\u00e2nia. Se tiver alguma quest\u00e3o espec\u00edfica sobre o envio para o seu pa\u00eds, n\u00e3o hesite em contactar-nos para mais assist\u00eancia.<\/p>\n<p><strong>Contacte a Lyn para mais v\u00eddeos de produtos!<\/strong><\/p>\n<p><a href=\"https:\/\/wa.me\/8617840853976\"><span style=\"color: #ff6600\"><strong><em>Whatsapp:+86 17840853976<\/em><\/strong><\/span><\/a><\/p>\n<p><img loading=\"lazy\" decoding=\"async\" class=\"alignnone size-medium wp-image-1905\" src=\"http:\/\/rmvapebang.com\/wp-content\/uploads\/2024\/03\/whatsapp-vape-2-202x300.jpg\" alt=\"\" width=\"202\" height=\"300\" \/><\/p>\n<p>Encontre mais produtos que poder\u00e1 gostar:<a href=\"https:\/\/rmvapebang.com\/pt\/shop-page\/\"><strong><em>Compre agora<\/em><\/strong><\/a><\/p>\n<p>Outros puff que poder\u00e1 gostar: <a href=\"https:\/\/rmvapebang.com\/pt\/product\/waspe-crystal-40000-puffs-disposabl-vape-good-price-bulk-sale\/\">waspe 40k sabores duplos<\/a>\/<a href=\"https:\/\/rmvapebang.com\/pt\/product\/uwin-tornado-music-35k-bulk-price-discount-sale-rgb-lights-vape\/\">Uwin tornado 35k baforadas<\/a><a href=\"https:\/\/rmvapebang.com\/pt\/product\/zooy-shisha-25k-vape-factory-price-best-sale-now\/\">zooy shisha 25k puffs<\/a>\/<a href=\"https:\/\/rmvapebang.com\/pt\/product\/stagbar-tornado-star-15k-puffs-wholesale-available-top-seller\/\">stagbar tornado 15k baforadas<\/a><\/p>","protected":false},"excerpt":{"rendered":"<p><span style=\"color: #ff0000\"><strong>NOTA:<\/strong><em>Os pre\u00e7os no site n\u00e3o incluem a taxa de envio. Por favor, envie o seu c\u00f3digo postal e morada para que possamos verificar os custos de envio para si.<\/em><\/span><\/p>\n<p>Com bobinas de malha dupla e fluxo de ar ajust\u00e1vel, o Bangking Twins 50000 cria uma experi\u00eancia de vaporiza\u00e7\u00e3o totalmente personaliz\u00e1vel. Uma compra inteligente para grossistas que procuram ter em stock produtos populares com flexibilidade de sabor e utiliza\u00e7\u00e3o duradoura.<\/p>\n<p><a href=\"https:\/\/wa.me\/8617840853976\"><strong><em>Whatsapp:+86 17840853976<\/em><\/strong><\/a><\/p>\n<p>Digitalize no whatsapp para cup\u00e3o de Novo Cliente<\/p>\n<p><img loading=\"lazy\" decoding=\"async\" class=\"alignnone size-medium wp-image-1905\" src=\"http:\/\/rmvapebang.com\/wp-content\/uploads\/2024\/03\/whatsapp-vape-2-202x300.jpg\" alt=\"\" width=\"202\" height=\"300\" \/><\/p>","protected":false},"featured_media":4540,"comment_status":"open","ping_status":"closed","template":"","meta":{"_uag_custom_page_level_css":"","_lmt_disableupdate":"no","_lmt_disable":"","site-sidebar-layout":"no-sidebar","site-content-layout":"boxed-container","ast-site-content-layout":"normal-width-container","site-content-style":"boxed","site-sidebar-style":"boxed","ast-global-header-display":"","ast-banner-title-visibility":"","ast-main-header-display":"","ast-hfb-above-header-display":"","ast-hfb-below-header-display":"","ast-hfb-mobile-header-display":"","site-post-title":"","ast-breadcrumbs-content":"","ast-featured-img":"","footer-sml-layout":"","theme-transparent-header-meta":"default","adv-header-id-meta":"","stick-header-meta":"","header-above-stick-meta":"","header-main-stick-meta":"","header-below-stick-meta":"","astra-migrate-meta-layouts":"set","ast-page-background-enabled":"default","ast-page-background-meta":{"desktop":{"background-color":"","background-image":"","background-repeat":"repeat","background-position":"center center","background-size":"auto","background-attachment":"scroll","background-type":"","background-media":"","overlay-type":"","overlay-color":"","overlay-gradient":""},"tablet":{"background-color":"","background-image":"","background-repeat":"repeat","background-position":"center center","background-size":"auto","background-attachment":"scroll","background-type":"","background-media":"","overlay-type":"","overlay-color":"","overlay-gradient":""},"mobile":{"background-color":"","background-image":"","background-repeat":"repeat","background-position":"center center","background-size":"auto","background-attachment":"scroll","background-type":"","background-media":"","overlay-type":"","overlay-color":"","overlay-gradient":""}},"ast-content-background-meta":{"desktop":{"background-color":"var(--ast-global-color-5)","background-image":"","background-repeat":"repeat","background-position":"center center","background-size":"auto","background-attachment":"scroll","background-type":"","background-media":"","overlay-type":"","overlay-color":"","overlay-gradient":""},"tablet":{"background-color":"var(--ast-global-color-5)","background-image":"","background-repeat":"repeat","background-position":"center center","background-size":"auto","background-attachment":"scroll","background-type":"","background-media":"","overlay-type":"","overlay-color":"","overlay-gradient":""},"mobile":{"background-color":"var(--ast-global-color-5)","background-image":"","background-repeat":"repeat","background-position":"center center","background-size":"auto","background-attachment":"scroll","background-type":"","background-media":"","overlay-type":"","overlay-color":"","overlay-gradient":""}},"_joinchat":[]},"product_brand":[],"product_cat":[76,39,41,42,40,131,129,163,43],"product_tag":[165,166,50,61,98,53,52],"class_list":{"0":"post-4538","1":"product","2":"type-product","3":"status-publish","4":"has-post-thumbnail","6":"product_cat-bang-vapes","7":"product_cat-france-wholesale-vape","8":"product_cat-netherlands-wholesale-vape","9":"product_cat-spain-wholesale-vape","10":"product_cat-germany-wholesale-vape","11":"product_cat-tornado-vape-wholesale-price-hot-sale","12":"product_cat-tornado-vapes","13":"product_cat-vape-50000-puffs","14":"product_cat-vape-shop","15":"product_tag-50000-puffs","16":"product_tag-50k-puffs","17":"product_tag-bulk-price-vape-shop","18":"product_tag-good-sales-vape","19":"product_tag-moq-is-50pcs","20":"product_tag-rechargeable-vape","21":"product_tag-vape-wholesasle-price","22":"desktop-align-left","23":"tablet-align-left","24":"mobile-align-left","26":"first","27":"instock","28":"sale","29":"shipping-taxable","30":"purchasable","31":"product-type-simple"},"yoast_head":"<!-- This site is optimized with the Yoast SEO plugin v23.0 - https:\/\/yoast.com\/wordpress\/plugins\/seo\/ -->\n<title>Discount Vape Bangking Twins 50000 Adjustable Wholesale - rmvapebang.com<\/title>\n<meta name=\"description\" content=\"Bangking Twins 50000 delivers dual flavors and 50K puffs. Adjustable vape now available at discounted wholesale prices. Order now!\" \/>\n<meta name=\"robots\" content=\"index, follow, max-snippet:-1, max-image-preview:large, max-video-preview:-1\" \/>\n<link rel=\"canonical\" href=\"https:\/\/rmvapebang.com\/pt\/product\/discount-vape-bangking-twins-50000-adjustable-wholesale\/\" \/>\n<meta property=\"og:locale\" content=\"pt_PT\" \/>\n<meta property=\"og:type\" content=\"article\" \/>\n<meta property=\"og:title\" content=\"Discount Vape Bangking Twins 50000 Adjustable Wholesale - rmvapebang.com\" \/>\n<meta property=\"og:description\" content=\"Bangking Twins 50000 delivers dual flavors and 50K puffs. Adjustable vape now available at discounted wholesale prices. Order now!\" \/>\n<meta property=\"og:url\" content=\"https:\/\/rmvapebang.com\/pt\/product\/discount-vape-bangking-twins-50000-adjustable-wholesale\/\" \/>\n<meta property=\"og:site_name\" content=\"rmvapebang.com\" \/>\n<meta property=\"article:modified_time\" content=\"2025-09-01T08:04:30+00:00\" \/>\n<meta property=\"og:image\" content=\"https:\/\/rmvapebang.com\/wp-content\/uploads\/2025\/07\/BANG-King-smart-vape-50000-puffs-good-quality.webp\" \/>\n\t<meta property=\"og:image:width\" content=\"800\" \/>\n\t<meta property=\"og:image:height\" content=\"800\" \/>\n\t<meta property=\"og:image:type\" content=\"image\/webp\" \/>\n<meta name=\"twitter:card\" content=\"summary_large_image\" \/>\n<meta name=\"twitter:label1\" content=\"Tempo estimado de leitura\" \/>\n\t<meta name=\"twitter:data1\" content=\"3 minutos\" \/>\n<script type=\"application\/ld+json\" class=\"yoast-schema-graph\">{\"@context\":\"https:\/\/schema.org\",\"@graph\":[{\"@type\":\"WebPage\",\"@id\":\"https:\/\/rmvapebang.com\/product\/discount-vape-bangking-twins-50000-adjustable-wholesale\/\",\"url\":\"https:\/\/rmvapebang.com\/product\/discount-vape-bangking-twins-50000-adjustable-wholesale\/\",\"name\":\"Discount Vape Bangking Twins 50000 Adjustable Wholesale - rmvapebang.com\",\"isPartOf\":{\"@id\":\"https:\/\/rmvapebang.com\/#website\"},\"primaryImageOfPage\":{\"@id\":\"https:\/\/rmvapebang.com\/product\/discount-vape-bangking-twins-50000-adjustable-wholesale\/#primaryimage\"},\"image\":{\"@id\":\"https:\/\/rmvapebang.com\/product\/discount-vape-bangking-twins-50000-adjustable-wholesale\/#primaryimage\"},\"thumbnailUrl\":\"https:\/\/rmvapebang.com\/wp-content\/uploads\/2025\/07\/BANG-King-smart-vape-50000-puffs-good-quality.webp\",\"datePublished\":\"2025-07-21T08:02:15+00:00\",\"dateModified\":\"2025-09-01T08:04:30+00:00\",\"description\":\"Bangking Twins 50000 delivers dual flavors and 50K puffs. Adjustable vape now available at discounted wholesale prices. Order now!\",\"breadcrumb\":{\"@id\":\"https:\/\/rmvapebang.com\/product\/discount-vape-bangking-twins-50000-adjustable-wholesale\/#breadcrumb\"},\"inLanguage\":\"pt-PT\",\"potentialAction\":[{\"@type\":\"ReadAction\",\"target\":[\"https:\/\/rmvapebang.com\/product\/discount-vape-bangking-twins-50000-adjustable-wholesale\/\"]}]},{\"@type\":\"ImageObject\",\"inLanguage\":\"pt-PT\",\"@id\":\"https:\/\/rmvapebang.com\/product\/discount-vape-bangking-twins-50000-adjustable-wholesale\/#primaryimage\",\"url\":\"https:\/\/rmvapebang.com\/wp-content\/uploads\/2025\/07\/BANG-King-smart-vape-50000-puffs-good-quality.webp\",\"contentUrl\":\"https:\/\/rmvapebang.com\/wp-content\/uploads\/2025\/07\/BANG-King-smart-vape-50000-puffs-good-quality.webp\",\"width\":800,\"height\":800,\"caption\":\"BANG King smart vape 50000 puffs good quality\"},{\"@type\":\"BreadcrumbList\",\"@id\":\"https:\/\/rmvapebang.com\/product\/discount-vape-bangking-twins-50000-adjustable-wholesale\/#breadcrumb\",\"itemListElement\":[{\"@type\":\"ListItem\",\"position\":1,\"name\":\"Home\",\"item\":\"https:\/\/rmvapebang.com\/\"},{\"@type\":\"ListItem\",\"position\":2,\"name\":\"Hot Vape Shop\",\"item\":\"https:\/\/rmvapebang.com\/shop-page\/\"},{\"@type\":\"ListItem\",\"position\":3,\"name\":\"Discount Vape Bangking Twins 50000 Adjustable Wholesale\"}]},{\"@type\":\"WebSite\",\"@id\":\"https:\/\/rmvapebang.com\/#website\",\"url\":\"https:\/\/rmvapebang.com\/\",\"name\":\"rmvapebang.com\",\"description\":\"buy vape cheap\",\"publisher\":{\"@id\":\"https:\/\/rmvapebang.com\/#organization\"},\"potentialAction\":[{\"@type\":\"SearchAction\",\"target\":{\"@type\":\"EntryPoint\",\"urlTemplate\":\"https:\/\/rmvapebang.com\/?s={search_term_string}\"},\"query-input\":\"required name=search_term_string\"}],\"inLanguage\":\"pt-PT\"},{\"@type\":\"Organization\",\"@id\":\"https:\/\/rmvapebang.com\/#organization\",\"name\":\"rmvapebang.com\",\"url\":\"https:\/\/rmvapebang.com\/\",\"logo\":{\"@type\":\"ImageObject\",\"inLanguage\":\"pt-PT\",\"@id\":\"https:\/\/rmvapebang.com\/#\/schema\/logo\/image\/\",\"url\":\"https:\/\/rmvapebang.com\/wp-content\/uploads\/2024\/03\/cropped-RVBlogo.png\",\"contentUrl\":\"https:\/\/rmvapebang.com\/wp-content\/uploads\/2024\/03\/cropped-RVBlogo.png\",\"width\":507,\"height\":169,\"caption\":\"rmvapebang.com\"},\"image\":{\"@id\":\"https:\/\/rmvapebang.com\/#\/schema\/logo\/image\/\"}}]}<\/script>\n<!-- \/ Yoast SEO plugin. -->","yoast_head_json":{"title":"Discount Vape Bangking Twins 50000 Adjustable Wholesale - rmvapebang.com","description":"Bangking Twins 50000 delivers dual flavors and 50K puffs. Adjustable vape now available at discounted wholesale prices. Order now!","robots":{"index":"index","follow":"follow","max-snippet":"max-snippet:-1","max-image-preview":"max-image-preview:large","max-video-preview":"max-video-preview:-1"},"canonical":"https:\/\/rmvapebang.com\/pt\/product\/discount-vape-bangking-twins-50000-adjustable-wholesale\/","og_locale":"pt_PT","og_type":"article","og_title":"Discount Vape Bangking Twins 50000 Adjustable Wholesale - rmvapebang.com","og_description":"Bangking Twins 50000 delivers dual flavors and 50K puffs. Adjustable vape now available at discounted wholesale prices. Order now!","og_url":"https:\/\/rmvapebang.com\/pt\/product\/discount-vape-bangking-twins-50000-adjustable-wholesale\/","og_site_name":"rmvapebang.com","article_modified_time":"2025-09-01T08:04:30+00:00","og_image":[{"width":800,"height":800,"url":"https:\/\/rmvapebang.com\/wp-content\/uploads\/2025\/07\/BANG-King-smart-vape-50000-puffs-good-quality.webp","type":"image\/webp"}],"twitter_card":"summary_large_image","twitter_misc":{"Tempo estimado de leitura":"3 minutos"},"schema":{"@context":"https:\/\/schema.org","@graph":[{"@type":"WebPage","@id":"https:\/\/rmvapebang.com\/product\/discount-vape-bangking-twins-50000-adjustable-wholesale\/","url":"https:\/\/rmvapebang.com\/product\/discount-vape-bangking-twins-50000-adjustable-wholesale\/","name":"Discount Vape Bangking Twins 50000 Adjustable Wholesale - rmvapebang.com","isPartOf":{"@id":"https:\/\/rmvapebang.com\/#website"},"primaryImageOfPage":{"@id":"https:\/\/rmvapebang.com\/product\/discount-vape-bangking-twins-50000-adjustable-wholesale\/#primaryimage"},"image":{"@id":"https:\/\/rmvapebang.com\/product\/discount-vape-bangking-twins-50000-adjustable-wholesale\/#primaryimage"},"thumbnailUrl":"https:\/\/rmvapebang.com\/wp-content\/uploads\/2025\/07\/BANG-King-smart-vape-50000-puffs-good-quality.webp","datePublished":"2025-07-21T08:02:15+00:00","dateModified":"2025-09-01T08:04:30+00:00","description":"Bangking Twins 50000 delivers dual flavors and 50K puffs. Adjustable vape now available at discounted wholesale prices. Order now!","breadcrumb":{"@id":"https:\/\/rmvapebang.com\/product\/discount-vape-bangking-twins-50000-adjustable-wholesale\/#breadcrumb"},"inLanguage":"pt-PT","potentialAction":[{"@type":"ReadAction","target":["https:\/\/rmvapebang.com\/product\/discount-vape-bangking-twins-50000-adjustable-wholesale\/"]}]},{"@type":"ImageObject","inLanguage":"pt-PT","@id":"https:\/\/rmvapebang.com\/product\/discount-vape-bangking-twins-50000-adjustable-wholesale\/#primaryimage","url":"https:\/\/rmvapebang.com\/wp-content\/uploads\/2025\/07\/BANG-King-smart-vape-50000-puffs-good-quality.webp","contentUrl":"https:\/\/rmvapebang.com\/wp-content\/uploads\/2025\/07\/BANG-King-smart-vape-50000-puffs-good-quality.webp","width":800,"height":800,"caption":"BANG King smart vape 50000 puffs good quality"},{"@type":"BreadcrumbList","@id":"https:\/\/rmvapebang.com\/product\/discount-vape-bangking-twins-50000-adjustable-wholesale\/#breadcrumb","itemListElement":[{"@type":"ListItem","position":1,"name":"Home","item":"https:\/\/rmvapebang.com\/"},{"@type":"ListItem","position":2,"name":"Hot Vape Shop","item":"https:\/\/rmvapebang.com\/shop-page\/"},{"@type":"ListItem","position":3,"name":"Discount Vape Bangking Twins 50000 Adjustable Wholesale"}]},{"@type":"WebSite","@id":"https:\/\/rmvapebang.com\/#website","url":"https:\/\/rmvapebang.com\/","name":"rmvapebang.com","description":"buy vape cheap","publisher":{"@id":"https:\/\/rmvapebang.com\/#organization"},"potentialAction":[{"@type":"SearchAction","target":{"@type":"EntryPoint","urlTemplate":"https:\/\/rmvapebang.com\/?s={search_term_string}"},"query-input":"required name=search_term_string"}],"inLanguage":"pt-PT"},{"@type":"Organization","@id":"https:\/\/rmvapebang.com\/#organization","name":"rmvapebang.com","url":"https:\/\/rmvapebang.com\/","logo":{"@type":"ImageObject","inLanguage":"pt-PT","@id":"https:\/\/rmvapebang.com\/#\/schema\/logo\/image\/","url":"https:\/\/rmvapebang.com\/wp-content\/uploads\/2024\/03\/cropped-RVBlogo.png","contentUrl":"https:\/\/rmvapebang.com\/wp-content\/uploads\/2024\/03\/cropped-RVBlogo.png","width":507,"height":169,"caption":"rmvapebang.com"},"image":{"@id":"https:\/\/rmvapebang.com\/#\/schema\/logo\/image\/"}}]}},"uagb_featured_image_src":{"full":["https:\/\/rmvapebang.com\/wp-content\/uploads\/2025\/07\/BANG-King-smart-vape-50000-puffs-good-quality.webp",800,800,false],"thumbnail":["https:\/\/rmvapebang.com\/wp-content\/uploads\/2025\/07\/BANG-King-smart-vape-50000-puffs-good-quality-150x150.webp",150,150,true],"medium":["https:\/\/rmvapebang.com\/wp-content\/uploads\/2025\/07\/BANG-King-smart-vape-50000-puffs-good-quality-300x300.webp",300,300,true],"medium_large":["https:\/\/rmvapebang.com\/wp-content\/uploads\/2025\/07\/BANG-King-smart-vape-50000-puffs-good-quality-768x768.webp",768,768,true],"large":["https:\/\/rmvapebang.com\/wp-content\/uploads\/2025\/07\/BANG-King-smart-vape-50000-puffs-good-quality.webp",800,800,false],"1536x1536":["https:\/\/rmvapebang.com\/wp-content\/uploads\/2025\/07\/BANG-King-smart-vape-50000-puffs-good-quality.webp",800,800,false],"2048x2048":["https:\/\/rmvapebang.com\/wp-content\/uploads\/2025\/07\/BANG-King-smart-vape-50000-puffs-good-quality.webp",800,800,false],"trp-custom-language-flag":["https:\/\/rmvapebang.com\/wp-content\/uploads\/2025\/07\/BANG-King-smart-vape-50000-puffs-good-quality.webp",12,12,false],"woocommerce_thumbnail":["https:\/\/rmvapebang.com\/wp-content\/uploads\/2025\/07\/BANG-King-smart-vape-50000-puffs-good-quality-300x300.webp",300,300,true],"woocommerce_single":["https:\/\/rmvapebang.com\/wp-content\/uploads\/2025\/07\/BANG-King-smart-vape-50000-puffs-good-quality-600x600.webp",600,600,true],"woocommerce_gallery_thumbnail":["https:\/\/rmvapebang.com\/wp-content\/uploads\/2025\/07\/BANG-King-smart-vape-50000-puffs-good-quality-100x100.webp",100,100,true],"wcpr-photo-reviews":["https:\/\/rmvapebang.com\/wp-content\/uploads\/2025\/07\/BANG-King-smart-vape-50000-puffs-good-quality.webp",500,500,false]},"uagb_author_info":{"display_name":"Lyn","author_link":"https:\/\/rmvapebang.com\/pt\/author\/"},"uagb_comment_info":0,"uagb_excerpt":"NOTE\uff1aPrices on the website don\u2019t include shipping fee. Please send your zip code and address that we can check shipping costs for you. With dual mesh coils and adjustable airflow, Bangking Twins 50000 creates a fully customizable vape journey. A smart buy for wholesalers looking to stock crowd-pleasers with flavor flexibility and long-lasting usage. Whatsapp:+86&hellip;","_links":{"self":[{"href":"https:\/\/rmvapebang.com\/pt\/wp-json\/wp\/v2\/product\/4538","targetHints":{"allow":["GET"]}}],"collection":[{"href":"https:\/\/rmvapebang.com\/pt\/wp-json\/wp\/v2\/product"}],"about":[{"href":"https:\/\/rmvapebang.com\/pt\/wp-json\/wp\/v2\/types\/product"}],"replies":[{"embeddable":true,"href":"https:\/\/rmvapebang.com\/pt\/wp-json\/wp\/v2\/comments?post=4538"}],"wp:featuredmedia":[{"embeddable":true,"href":"https:\/\/rmvapebang.com\/pt\/wp-json\/wp\/v2\/media\/4540"}],"wp:attachment":[{"href":"https:\/\/rmvapebang.com\/pt\/wp-json\/wp\/v2\/media?parent=4538"}],"wp:term":[{"taxonomy":"product_brand","embeddable":true,"href":"https:\/\/rmvapebang.com\/pt\/wp-json\/wp\/v2\/product_brand?post=4538"},{"taxonomy":"product_cat","embeddable":true,"href":"https:\/\/rmvapebang.com\/pt\/wp-json\/wp\/v2\/product_cat?post=4538"},{"taxonomy":"product_tag","embeddable":true,"href":"https:\/\/rmvapebang.com\/pt\/wp-json\/wp\/v2\/product_tag?post=4538"}],"curies":[{"name":"wp","href":"https:\/\/api.w.org\/{rel}","templated":true}]}}