{"id":4170,"date":"2025-05-16T11:55:56","date_gmt":"2025-05-16T03:55:56","guid":{"rendered":"https:\/\/rmvapebang.com\/?post_type=product&#038;p=4170"},"modified":"2025-09-05T11:22:16","modified_gmt":"2025-09-05T03:22:16","slug":"vopk-triple-60000-puff-super-low-price-best-seller","status":"publish","type":"product","link":"https:\/\/rmvapebang.com\/pt\/product\/vopk-triple-60000-puff-super-low-price-best-seller\/","title":{"rendered":"VOPK Triplo 60000 PUFFs Pre\u00e7o Super Baixo Mais Vendido"},"content":{"rendered":"<h2>VOPK Triplo 60000 PUFFs Pre\u00e7o Super Baixo Mais Vendido<\/h2>\n<div class=\"flex-1 overflow-hidden\">\n<div class=\"react-scroll-to-bottom--css-rkeqe-79elbk h-full\">\n<div class=\"react-scroll-to-bottom--css-rkeqe-1n7m0yu\">\n<div class=\"flex flex-col text-sm pb-9\">\n<div class=\"w-full text-token-text-primary\" data-testid=\"conversation-turn-7\">\n<div class=\"px-4 py-2 justify-center text-base md:gap-6 m-auto\">\n<div class=\"flex flex-1 text-base mx-auto gap-3 md:px-5 lg:px-1 xl:px-5 md:max-w-3xl lg:max-w-[40rem] xl:max-w-[48rem] group final-completion\">\n<div class=\"relative flex w-full flex-col agent-turn\">\n<div class=\"flex-col gap-1 md:gap-3\">\n<div class=\"flex flex-grow flex-col max-w-full\">\n<div class=\"min-h-[20px] text-message flex flex-col items-start gap-3 whitespace-pre-wrap break-words [.text-message+&amp;]:mt-5 overflow-x-auto\" data-message-author-role=\"assistant\" data-message-id=\"a1f3b89f-a1c9-497d-a989-579b96e752e6\">\n<div class=\"markdown prose w-full break-words dark:prose-invert light\">\n<p>O VOPK Triple 60000 PUFF, o mais vendido a pre\u00e7o super baixo, oferece tr\u00eas sabores distintos num \u00fanico dispositivo elegante, triplo <strong><a href=\"https:\/\/rmvapebang.com\/pt\/product-category\/vape-60000-puffs\/\">Vape descart\u00e1vel com 60000 baforadas<\/a> <\/strong>apoiado por uma bateria de 650mAh e uma extraordin\u00e1ria capacidade de 54mL de e-l\u00edquido. Proporcionando uns espantosos 60.000 puffs, o vape de tr\u00eas sabores VOPK 60k puffs garante uma satisfa\u00e7\u00e3o duradoura, e com um visor LED vibrante e op\u00e7\u00f5es de for\u00e7a de nicotina 2% ou 5%, os utilizadores podem desfrutar de controlo total e variedade de sabores como nunca antes.<\/p>\n<p><a href=\"https:\/\/rmvapebang.com\/pt\/product-category\/vopk-vapes\/\"><strong>Vape da vopk<\/strong> <\/a>60000 oferecido a um pre\u00e7o super baixo e imbat\u00edvel no atacado, e o VOPK Triple 60000 descart\u00e1vel \u00e9 um must-have para distribuidores e lojas de vape s\u00e9rios que pretendem dominar o mercado.<\/p>\n<p><img loading=\"lazy\" decoding=\"async\" class=\"alignnone wp-image-4163 size-full\" src=\"http:\/\/rmvapebang.com\/wp-content\/uploads\/2025\/04\/Vopk-display-vape-60000-puffs-best-price.webp\" alt=\"Vopk display vape 60000 puffs melhor pre\u00e7o\" width=\"800\" height=\"800\" srcset=\"https:\/\/rmvapebang.com\/wp-content\/uploads\/2025\/04\/Vopk-display-vape-60000-puffs-best-price.webp 800w, https:\/\/rmvapebang.com\/wp-content\/uploads\/2025\/04\/Vopk-display-vape-60000-puffs-best-price-300x300.webp 300w, https:\/\/rmvapebang.com\/wp-content\/uploads\/2025\/04\/Vopk-display-vape-60000-puffs-best-price-150x150.webp 150w, https:\/\/rmvapebang.com\/wp-content\/uploads\/2025\/04\/Vopk-display-vape-60000-puffs-best-price-768x768.webp 768w, https:\/\/rmvapebang.com\/wp-content\/uploads\/2025\/04\/Vopk-display-vape-60000-puffs-best-price-600x600.webp 600w, https:\/\/rmvapebang.com\/wp-content\/uploads\/2025\/04\/Vopk-display-vape-60000-puffs-best-price-100x100.webp 100w\" sizes=\"auto, (max-width: 800px) 100vw, 800px\" \/><\/p>\n<\/div>\n<\/div>\n<\/div>\n<\/div>\n<\/div>\n<\/div>\n<\/div>\n<\/div>\n<\/div>\n<\/div>\n<\/div>\n<\/div>\n<h2><strong>Quais s\u00e3o os sabores para o vape 60K VOPK puffs descart\u00e1vel?<\/strong><\/h2>\n<p>1. Melancia gelada<br \/>\n2. Morango banana<br \/>\n3. P\u00eassego baga<br \/>\n4. Manga abacaxi azedo<br \/>\n5. Kiwi maracuj\u00e1<br \/>\n6. Ma\u00e7\u00e3 dupla gelada<br \/>\n7. Uva gelada<br \/>\n8. Morango melancia<br \/>\n9. Banana abacaxi<br \/>\n10. Urso de goma<\/p>\n<p><span style=\"font-size: 1.7em;font-weight: bold\">Especifica\u00e7\u00f5es para o VOPK triple 60k Puffs:<\/span><\/p>\n<p>\u2013<em><strong><span style=\"color: #ff0000\">60k<\/span><\/strong><\/em> Baforadas<br \/>\n\u2013 <em><strong><span style=\"color: #ff0000\">10<\/span> <\/strong><\/em>Sabores triplos<br \/>\n\u2013 <em><strong><span style=\"color: #ff0000\">2%\/5%<\/span><\/strong><\/em> Teor de Nicotina<br \/>\n\u2013<strong><em><span style=\"color: #ff0000\">54<\/span><span style=\"color: #ff0000\"><em><strong>m<\/strong><\/em>L<\/span><\/em><\/strong> de Capacidade de E-l\u00edquido<br \/>\n\u2013 Capacidade da bateria <strong><em><span style=\"color: #ff0000\">650 mAh<\/span><\/em><\/strong><\/p>\n<h3>Perguntas Frequentes:<\/h3>\n<p>P: Qual \u00e9 o MOQ do vape?<\/p>\n<p>R: A quantidade m\u00ednima de encomenda (MOQ) para o VOPK smart screen 60k Puffs Vape \u00e9 de 50 unidades.<\/p>\n<p>P: Qual \u00e9 o prazo de entrega para o VOPK display 60k Puffs Vape que encomendei?<\/p>\n<p>R: Normalmente, o prazo de entrega para o VOPK 60k vape \u00e9 de 10 a 15 dias ap\u00f3s o envio.<\/p>\n<p>P: Quanto custa o envio para o VOPK 60k triple Vape?<\/p>\n<p>R: O custo de envio varia dependendo do peso da encomenda. Quantidades diferentes podem ter custos de envio diferentes. Por favor, contacte-nos para confirmar o custo de envio para a sua encomenda espec\u00edfica.<\/p>\n<p>P: O vaporizador descart\u00e1vel VOPK 60000 Puffs pode ser enviado para o meu pa\u00eds?<\/p>\n<p>R: Sim, podemos enviar o vaporizador VOPK 60k Puffs para a maioria dos pa\u00edses europeus, incluindo, mas n\u00e3o se limitando a, Pa\u00edses Baixos, Alemanha, Fran\u00e7a, Espanha, It\u00e1lia, B\u00e9lgica, Luxemburgo, \u00c1ustria, Rep\u00fablica Checa, Eslov\u00e1quia, Hungria, Eslov\u00e9nia, Rom\u00e9nia, Bulg\u00e1ria, Gr\u00e9cia, Pol\u00f3nia, Su\u00e9cia, Irlanda, Portugal, Finl\u00e2ndia, Est\u00f3nia, Let\u00f3nia e Litu\u00e2nia. Se tiver alguma quest\u00e3o espec\u00edfica sobre o envio para o seu pa\u00eds, n\u00e3o hesite em contactar-nos.<\/p>\n<p><strong>Contacte a Lyn para mais v\u00eddeos de produtos!<\/strong><\/p>\n<p><a href=\"https:\/\/wa.me\/8617840853976\"><span style=\"color: #ff6600\"><strong><em>Whatsapp:+86 17840853976<\/em><\/strong><\/span><\/a><\/p>\n<p><img loading=\"lazy\" decoding=\"async\" class=\"alignnone size-medium wp-image-1905\" src=\"http:\/\/rmvapebang.com\/wp-content\/uploads\/2024\/03\/whatsapp-vape-2-202x300.jpg\" alt=\"\" width=\"202\" height=\"300\" \/><\/p>\n<p>Encontre mais produtos que poder\u00e1 gostar:<a href=\"https:\/\/rmvapebang.com\/pt\/shop-page\/\"><strong><em>Compre agora<\/em><\/strong><\/a><\/p>\n<p>outros vapes que pode gostar:<a href=\"https:\/\/rmvapebang.com\/pt\/product\/vozol-vista-20k-bulk-price-20000-vapes\/\">vozol vista 20 mil baforadas<\/a><a href=\"https:\/\/rmvapebang.com\/pt\/product\/bang-15k-puffs-shisha-15000-vapes\/\">\/<\/a><a href=\"https:\/\/rmvapebang.com\/pt\/product\/fluum-box-15000-puffs-digital-15k-vape\/\">fluum box 15 mil vaporizadores\/<\/a><a href=\"https:\/\/rmvapebang.com\/pt\/product\/fihp-tornado-15000-puffs-bulk-price-cheap-sale\/\">fihp tornado 15 mil baforadas<\/a>\/<a href=\"https:\/\/rmvapebang.com\/pt\/product\/vapme-crystal-20k-puff-vape-wholesale-best-sale\/\">vapme crystal vape 20k puffs sabores duplos<\/a>\/<a href=\"https:\/\/rmvapebang.com\/pt\/product\/alfakh-crown-bar-20k-vape-wholesale-direct-price-hot-deal\/\">ALFAKH CROWN BAR 20K VAPE<\/a><\/p>","protected":false},"excerpt":{"rendered":"<p><span style=\"color: #ff0000\"><strong>NOTA<\/strong>:<em> Os pre\u00e7os no site n\u00e3o incluem a taxa de envio. Por favor, envie o seu c\u00f3digo postal e morada para que possamos verificar os custos de envio para si.<\/em><\/span><br \/>\nTriplique os seus lucros com o VOPK Triple 60000 PUFF! Ofere\u00e7a aos seus clientes uma variedade e valor de sabores incompar\u00e1veis \u2014 as encomendas por atacado est\u00e3o agora abertas a pre\u00e7os super baixos.<\/p>\n<p><strong><em>Whatsapp:<a href=\"https:\/\/wa.me\/8617840853976\">+86 17840853976<\/a><\/em><\/strong><\/p>\n<p>Digitalize no whatsapp para cup\u00e3o de Novo Cliente<\/p>\n<p><img loading=\"lazy\" decoding=\"async\" class=\"alignnone size-medium wp-image-1905\" src=\"http:\/\/rmvapebang.com\/wp-content\/uploads\/2024\/03\/whatsapp-vape-2-202x300.jpg\" alt=\"\" width=\"202\" height=\"300\" \/><\/p>","protected":false},"featured_media":4164,"comment_status":"open","ping_status":"closed","template":"","meta":{"_uag_custom_page_level_css":"","_lmt_disableupdate":"no","_lmt_disable":"","site-sidebar-layout":"no-sidebar","site-content-layout":"boxed-container","ast-site-content-layout":"normal-width-container","site-content-style":"boxed","site-sidebar-style":"boxed","ast-global-header-display":"","ast-banner-title-visibility":"","ast-main-header-display":"","ast-hfb-above-header-display":"","ast-hfb-below-header-display":"","ast-hfb-mobile-header-display":"","site-post-title":"","ast-breadcrumbs-content":"","ast-featured-img":"","footer-sml-layout":"","theme-transparent-header-meta":"default","adv-header-id-meta":"","stick-header-meta":"","header-above-stick-meta":"","header-main-stick-meta":"","header-below-stick-meta":"","astra-migrate-meta-layouts":"set","ast-page-background-enabled":"default","ast-page-background-meta":{"desktop":{"background-color":"","background-image":"","background-repeat":"repeat","background-position":"center center","background-size":"auto","background-attachment":"scroll","background-type":"","background-media":"","overlay-type":"","overlay-color":"","overlay-gradient":""},"tablet":{"background-color":"","background-image":"","background-repeat":"repeat","background-position":"center center","background-size":"auto","background-attachment":"scroll","background-type":"","background-media":"","overlay-type":"","overlay-color":"","overlay-gradient":""},"mobile":{"background-color":"","background-image":"","background-repeat":"repeat","background-position":"center center","background-size":"auto","background-attachment":"scroll","background-type":"","background-media":"","overlay-type":"","overlay-color":"","overlay-gradient":""}},"ast-content-background-meta":{"desktop":{"background-color":"var(--ast-global-color-5)","background-image":"","background-repeat":"repeat","background-position":"center center","background-size":"auto","background-attachment":"scroll","background-type":"","background-media":"","overlay-type":"","overlay-color":"","overlay-gradient":""},"tablet":{"background-color":"var(--ast-global-color-5)","background-image":"","background-repeat":"repeat","background-position":"center center","background-size":"auto","background-attachment":"scroll","background-type":"","background-media":"","overlay-type":"","overlay-color":"","overlay-gradient":""},"mobile":{"background-color":"var(--ast-global-color-5)","background-image":"","background-repeat":"repeat","background-position":"center center","background-size":"auto","background-attachment":"scroll","background-type":"","background-media":"","overlay-type":"","overlay-color":"","overlay-gradient":""}},"_joinchat":[]},"product_brand":[],"product_cat":[39,41,128,42,40,131,179,43,144],"product_tag":[102,103,50,51,67,57,58,73,53,52],"class_list":{"0":"post-4170","1":"product","2":"type-product","3":"status-publish","4":"has-post-thumbnail","6":"product_cat-france-wholesale-vape","7":"product_cat-netherlands-wholesale-vape","8":"product_cat-smart-display","9":"product_cat-spain-wholesale-vape","10":"product_cat-germany-wholesale-vape","11":"product_cat-tornado-vape-wholesale-price-hot-sale","12":"product_cat-vape-60000-puffs","13":"product_cat-vape-shop","14":"product_cat-vopk-vapes","15":"product_tag-30000-puffs","16":"product_tag-30k-puffs","17":"product_tag-bulk-price-vape-shop","18":"product_tag-disposable-vape","19":"product_tag-fast-price-sales","20":"product_tag-minimum-order-quantity-50pcs","21":"product_tag-moq-50pcs","22":"product_tag-new-product","23":"product_tag-rechargeable-vape","24":"product_tag-vape-wholesasle-price","25":"desktop-align-left","26":"tablet-align-left","27":"mobile-align-left","29":"first","30":"instock","31":"sale","32":"shipping-taxable","33":"purchasable","34":"product-type-simple"},"yoast_head":"<!-- This site is optimized with the Yoast SEO plugin v23.0 - https:\/\/yoast.com\/wordpress\/plugins\/seo\/ -->\n<title>VOPK Triple 60000 PUFF Super Low Price Best Seller - rmvapebang.com<\/title>\n<meta name=\"description\" content=\"VOPK Triple 60000 PUFF \u2014 3-in-1 flavors, LED display, 60,000 puffs, super low wholesale price, best-selling bulk buy vape device!\" \/>\n<meta name=\"robots\" content=\"index, follow, max-snippet:-1, max-image-preview:large, max-video-preview:-1\" \/>\n<link rel=\"canonical\" href=\"https:\/\/rmvapebang.com\/pt\/product\/vopk-triple-60000-puff-super-low-price-best-seller\/\" \/>\n<meta property=\"og:locale\" content=\"pt_PT\" \/>\n<meta property=\"og:type\" content=\"article\" \/>\n<meta property=\"og:title\" content=\"VOPK Triple 60000 PUFF Super Low Price Best Seller - rmvapebang.com\" \/>\n<meta property=\"og:description\" content=\"VOPK Triple 60000 PUFF \u2014 3-in-1 flavors, LED display, 60,000 puffs, super low wholesale price, best-selling bulk buy vape device!\" \/>\n<meta property=\"og:url\" content=\"https:\/\/rmvapebang.com\/pt\/product\/vopk-triple-60000-puff-super-low-price-best-seller\/\" \/>\n<meta property=\"og:site_name\" content=\"rmvapebang.com\" \/>\n<meta property=\"article:modified_time\" content=\"2025-09-05T03:22:16+00:00\" \/>\n<meta property=\"og:image\" content=\"https:\/\/rmvapebang.com\/wp-content\/uploads\/2025\/04\/Vopk-display-vape-60000-puffs-Top-sale.webp\" \/>\n\t<meta property=\"og:image:width\" content=\"800\" \/>\n\t<meta property=\"og:image:height\" content=\"800\" \/>\n\t<meta property=\"og:image:type\" content=\"image\/webp\" \/>\n<meta name=\"twitter:card\" content=\"summary_large_image\" \/>\n<meta name=\"twitter:label1\" content=\"Tempo estimado de leitura\" \/>\n\t<meta name=\"twitter:data1\" content=\"3 minutos\" \/>\n<script type=\"application\/ld+json\" class=\"yoast-schema-graph\">{\"@context\":\"https:\/\/schema.org\",\"@graph\":[{\"@type\":\"WebPage\",\"@id\":\"https:\/\/rmvapebang.com\/cs\/product\/vopk-triple-60000-puff-super-low-price-best-seller\/\",\"url\":\"https:\/\/rmvapebang.com\/cs\/product\/vopk-triple-60000-puff-super-low-price-best-seller\/\",\"name\":\"VOPK Triple 60000 PUFF Super Low Price Best Seller - rmvapebang.com\",\"isPartOf\":{\"@id\":\"https:\/\/rmvapebang.com\/#website\"},\"primaryImageOfPage\":{\"@id\":\"https:\/\/rmvapebang.com\/cs\/product\/vopk-triple-60000-puff-super-low-price-best-seller\/#primaryimage\"},\"image\":{\"@id\":\"https:\/\/rmvapebang.com\/cs\/product\/vopk-triple-60000-puff-super-low-price-best-seller\/#primaryimage\"},\"thumbnailUrl\":\"https:\/\/rmvapebang.com\/wp-content\/uploads\/2025\/04\/Vopk-display-vape-60000-puffs-Top-sale.webp\",\"datePublished\":\"2025-05-16T03:55:56+00:00\",\"dateModified\":\"2025-09-05T03:22:16+00:00\",\"description\":\"VOPK Triple 60000 PUFF \u2014 3-in-1 flavors, LED display, 60,000 puffs, super low wholesale price, best-selling bulk buy vape device!\",\"breadcrumb\":{\"@id\":\"https:\/\/rmvapebang.com\/cs\/product\/vopk-triple-60000-puff-super-low-price-best-seller\/#breadcrumb\"},\"inLanguage\":\"pt-PT\",\"potentialAction\":[{\"@type\":\"ReadAction\",\"target\":[\"https:\/\/rmvapebang.com\/cs\/product\/vopk-triple-60000-puff-super-low-price-best-seller\/\"]}]},{\"@type\":\"ImageObject\",\"inLanguage\":\"pt-PT\",\"@id\":\"https:\/\/rmvapebang.com\/cs\/product\/vopk-triple-60000-puff-super-low-price-best-seller\/#primaryimage\",\"url\":\"https:\/\/rmvapebang.com\/wp-content\/uploads\/2025\/04\/Vopk-display-vape-60000-puffs-Top-sale.webp\",\"contentUrl\":\"https:\/\/rmvapebang.com\/wp-content\/uploads\/2025\/04\/Vopk-display-vape-60000-puffs-Top-sale.webp\",\"width\":800,\"height\":800,\"caption\":\"Vopk display vape 60000 puffs Top sale\"},{\"@type\":\"BreadcrumbList\",\"@id\":\"https:\/\/rmvapebang.com\/cs\/product\/vopk-triple-60000-puff-super-low-price-best-seller\/#breadcrumb\",\"itemListElement\":[{\"@type\":\"ListItem\",\"position\":1,\"name\":\"Home\",\"item\":\"https:\/\/rmvapebang.com\/\"},{\"@type\":\"ListItem\",\"position\":2,\"name\":\"Hot Vape Shop\",\"item\":\"https:\/\/rmvapebang.com\/shop-page\/\"},{\"@type\":\"ListItem\",\"position\":3,\"name\":\"VOPK Triple 60000 PUFF Super Low Price Best Seller\"}]},{\"@type\":\"WebSite\",\"@id\":\"https:\/\/rmvapebang.com\/#website\",\"url\":\"https:\/\/rmvapebang.com\/\",\"name\":\"rmvapebang.com\",\"description\":\"buy vape cheap\",\"publisher\":{\"@id\":\"https:\/\/rmvapebang.com\/#organization\"},\"potentialAction\":[{\"@type\":\"SearchAction\",\"target\":{\"@type\":\"EntryPoint\",\"urlTemplate\":\"https:\/\/rmvapebang.com\/?s={search_term_string}\"},\"query-input\":\"required name=search_term_string\"}],\"inLanguage\":\"pt-PT\"},{\"@type\":\"Organization\",\"@id\":\"https:\/\/rmvapebang.com\/#organization\",\"name\":\"rmvapebang.com\",\"url\":\"https:\/\/rmvapebang.com\/\",\"logo\":{\"@type\":\"ImageObject\",\"inLanguage\":\"pt-PT\",\"@id\":\"https:\/\/rmvapebang.com\/#\/schema\/logo\/image\/\",\"url\":\"https:\/\/rmvapebang.com\/wp-content\/uploads\/2024\/03\/cropped-RVBlogo.png\",\"contentUrl\":\"https:\/\/rmvapebang.com\/wp-content\/uploads\/2024\/03\/cropped-RVBlogo.png\",\"width\":507,\"height\":169,\"caption\":\"rmvapebang.com\"},\"image\":{\"@id\":\"https:\/\/rmvapebang.com\/#\/schema\/logo\/image\/\"}}]}<\/script>\n<!-- \/ Yoast SEO plugin. -->","yoast_head_json":{"title":"VOPK Triple 60000 PUFF Super Low Price Best Seller - rmvapebang.com","description":"VOPK Triple 60000 PUFF \u2014 3-in-1 flavors, LED display, 60,000 puffs, super low wholesale price, best-selling bulk buy vape device!","robots":{"index":"index","follow":"follow","max-snippet":"max-snippet:-1","max-image-preview":"max-image-preview:large","max-video-preview":"max-video-preview:-1"},"canonical":"https:\/\/rmvapebang.com\/pt\/product\/vopk-triple-60000-puff-super-low-price-best-seller\/","og_locale":"pt_PT","og_type":"article","og_title":"VOPK Triple 60000 PUFF Super Low Price Best Seller - rmvapebang.com","og_description":"VOPK Triple 60000 PUFF \u2014 3-in-1 flavors, LED display, 60,000 puffs, super low wholesale price, best-selling bulk buy vape device!","og_url":"https:\/\/rmvapebang.com\/pt\/product\/vopk-triple-60000-puff-super-low-price-best-seller\/","og_site_name":"rmvapebang.com","article_modified_time":"2025-09-05T03:22:16+00:00","og_image":[{"width":800,"height":800,"url":"https:\/\/rmvapebang.com\/wp-content\/uploads\/2025\/04\/Vopk-display-vape-60000-puffs-Top-sale.webp","type":"image\/webp"}],"twitter_card":"summary_large_image","twitter_misc":{"Tempo estimado de leitura":"3 minutos"},"schema":{"@context":"https:\/\/schema.org","@graph":[{"@type":"WebPage","@id":"https:\/\/rmvapebang.com\/cs\/product\/vopk-triple-60000-puff-super-low-price-best-seller\/","url":"https:\/\/rmvapebang.com\/cs\/product\/vopk-triple-60000-puff-super-low-price-best-seller\/","name":"VOPK Triple 60000 PUFF Super Low Price Best Seller - rmvapebang.com","isPartOf":{"@id":"https:\/\/rmvapebang.com\/#website"},"primaryImageOfPage":{"@id":"https:\/\/rmvapebang.com\/cs\/product\/vopk-triple-60000-puff-super-low-price-best-seller\/#primaryimage"},"image":{"@id":"https:\/\/rmvapebang.com\/cs\/product\/vopk-triple-60000-puff-super-low-price-best-seller\/#primaryimage"},"thumbnailUrl":"https:\/\/rmvapebang.com\/wp-content\/uploads\/2025\/04\/Vopk-display-vape-60000-puffs-Top-sale.webp","datePublished":"2025-05-16T03:55:56+00:00","dateModified":"2025-09-05T03:22:16+00:00","description":"VOPK Triple 60000 PUFF \u2014 3-in-1 flavors, LED display, 60,000 puffs, super low wholesale price, best-selling bulk buy vape device!","breadcrumb":{"@id":"https:\/\/rmvapebang.com\/cs\/product\/vopk-triple-60000-puff-super-low-price-best-seller\/#breadcrumb"},"inLanguage":"pt-PT","potentialAction":[{"@type":"ReadAction","target":["https:\/\/rmvapebang.com\/cs\/product\/vopk-triple-60000-puff-super-low-price-best-seller\/"]}]},{"@type":"ImageObject","inLanguage":"pt-PT","@id":"https:\/\/rmvapebang.com\/cs\/product\/vopk-triple-60000-puff-super-low-price-best-seller\/#primaryimage","url":"https:\/\/rmvapebang.com\/wp-content\/uploads\/2025\/04\/Vopk-display-vape-60000-puffs-Top-sale.webp","contentUrl":"https:\/\/rmvapebang.com\/wp-content\/uploads\/2025\/04\/Vopk-display-vape-60000-puffs-Top-sale.webp","width":800,"height":800,"caption":"Vopk display vape 60000 puffs Top sale"},{"@type":"BreadcrumbList","@id":"https:\/\/rmvapebang.com\/cs\/product\/vopk-triple-60000-puff-super-low-price-best-seller\/#breadcrumb","itemListElement":[{"@type":"ListItem","position":1,"name":"Home","item":"https:\/\/rmvapebang.com\/"},{"@type":"ListItem","position":2,"name":"Hot Vape Shop","item":"https:\/\/rmvapebang.com\/shop-page\/"},{"@type":"ListItem","position":3,"name":"VOPK Triple 60000 PUFF Super Low Price Best Seller"}]},{"@type":"WebSite","@id":"https:\/\/rmvapebang.com\/#website","url":"https:\/\/rmvapebang.com\/","name":"rmvapebang.com","description":"buy vape cheap","publisher":{"@id":"https:\/\/rmvapebang.com\/#organization"},"potentialAction":[{"@type":"SearchAction","target":{"@type":"EntryPoint","urlTemplate":"https:\/\/rmvapebang.com\/?s={search_term_string}"},"query-input":"required name=search_term_string"}],"inLanguage":"pt-PT"},{"@type":"Organization","@id":"https:\/\/rmvapebang.com\/#organization","name":"rmvapebang.com","url":"https:\/\/rmvapebang.com\/","logo":{"@type":"ImageObject","inLanguage":"pt-PT","@id":"https:\/\/rmvapebang.com\/#\/schema\/logo\/image\/","url":"https:\/\/rmvapebang.com\/wp-content\/uploads\/2024\/03\/cropped-RVBlogo.png","contentUrl":"https:\/\/rmvapebang.com\/wp-content\/uploads\/2024\/03\/cropped-RVBlogo.png","width":507,"height":169,"caption":"rmvapebang.com"},"image":{"@id":"https:\/\/rmvapebang.com\/#\/schema\/logo\/image\/"}}]}},"uagb_featured_image_src":{"full":["https:\/\/rmvapebang.com\/wp-content\/uploads\/2025\/04\/Vopk-display-vape-60000-puffs-Top-sale.webp",800,800,false],"thumbnail":["https:\/\/rmvapebang.com\/wp-content\/uploads\/2025\/04\/Vopk-display-vape-60000-puffs-Top-sale-150x150.webp",150,150,true],"medium":["https:\/\/rmvapebang.com\/wp-content\/uploads\/2025\/04\/Vopk-display-vape-60000-puffs-Top-sale-300x300.webp",300,300,true],"medium_large":["https:\/\/rmvapebang.com\/wp-content\/uploads\/2025\/04\/Vopk-display-vape-60000-puffs-Top-sale-768x768.webp",768,768,true],"large":["https:\/\/rmvapebang.com\/wp-content\/uploads\/2025\/04\/Vopk-display-vape-60000-puffs-Top-sale.webp",800,800,false],"1536x1536":["https:\/\/rmvapebang.com\/wp-content\/uploads\/2025\/04\/Vopk-display-vape-60000-puffs-Top-sale.webp",800,800,false],"2048x2048":["https:\/\/rmvapebang.com\/wp-content\/uploads\/2025\/04\/Vopk-display-vape-60000-puffs-Top-sale.webp",800,800,false],"trp-custom-language-flag":["https:\/\/rmvapebang.com\/wp-content\/uploads\/2025\/04\/Vopk-display-vape-60000-puffs-Top-sale.webp",12,12,false],"woocommerce_thumbnail":["https:\/\/rmvapebang.com\/wp-content\/uploads\/2025\/04\/Vopk-display-vape-60000-puffs-Top-sale-300x300.webp",300,300,true],"woocommerce_single":["https:\/\/rmvapebang.com\/wp-content\/uploads\/2025\/04\/Vopk-display-vape-60000-puffs-Top-sale-600x600.webp",600,600,true],"woocommerce_gallery_thumbnail":["https:\/\/rmvapebang.com\/wp-content\/uploads\/2025\/04\/Vopk-display-vape-60000-puffs-Top-sale-100x100.webp",100,100,true],"wcpr-photo-reviews":["https:\/\/rmvapebang.com\/wp-content\/uploads\/2025\/04\/Vopk-display-vape-60000-puffs-Top-sale.webp",500,500,false]},"uagb_author_info":{"display_name":"Lyn","author_link":"https:\/\/rmvapebang.com\/pt\/author\/"},"uagb_comment_info":0,"uagb_excerpt":"NOTE: Prices on the website don\u2019t include shipping fee. Please send your zip code and address that we can check shipping costs for you. Triple your profits with VOPK Triple 60000 PUFF! Offer your customers unmatched flavor variety and value \u2014 wholesale orders are now open at super low prices. Whatsapp:+86 17840853976 Scan on whatsapp&hellip;","_links":{"self":[{"href":"https:\/\/rmvapebang.com\/pt\/wp-json\/wp\/v2\/product\/4170","targetHints":{"allow":["GET"]}}],"collection":[{"href":"https:\/\/rmvapebang.com\/pt\/wp-json\/wp\/v2\/product"}],"about":[{"href":"https:\/\/rmvapebang.com\/pt\/wp-json\/wp\/v2\/types\/product"}],"replies":[{"embeddable":true,"href":"https:\/\/rmvapebang.com\/pt\/wp-json\/wp\/v2\/comments?post=4170"}],"wp:featuredmedia":[{"embeddable":true,"href":"https:\/\/rmvapebang.com\/pt\/wp-json\/wp\/v2\/media\/4164"}],"wp:attachment":[{"href":"https:\/\/rmvapebang.com\/pt\/wp-json\/wp\/v2\/media?parent=4170"}],"wp:term":[{"taxonomy":"product_brand","embeddable":true,"href":"https:\/\/rmvapebang.com\/pt\/wp-json\/wp\/v2\/product_brand?post=4170"},{"taxonomy":"product_cat","embeddable":true,"href":"https:\/\/rmvapebang.com\/pt\/wp-json\/wp\/v2\/product_cat?post=4170"},{"taxonomy":"product_tag","embeddable":true,"href":"https:\/\/rmvapebang.com\/pt\/wp-json\/wp\/v2\/product_tag?post=4170"}],"curies":[{"name":"wp","href":"https:\/\/api.w.org\/{rel}","templated":true}]}}