{"id":4049,"date":"2025-04-24T16:32:58","date_gmt":"2025-04-24T08:32:58","guid":{"rendered":"https:\/\/rmvapebang.com\/?post_type=product&#038;p=4049"},"modified":"2025-09-03T11:27:17","modified_gmt":"2025-09-03T03:27:17","slug":"bang-leader-45000-puffs-dual-flavors-factory-direct-supply-bulk-price","status":"publish","type":"product","link":"https:\/\/rmvapebang.com\/pt\/product\/bang-leader-45000-puffs-dual-flavors-factory-direct-supply-bulk-price\/","title":{"rendered":"Bang Leader 45000 Puffs Sabores Duplos Fornecimento Direto de F\u00e1brica Pre\u00e7o a Granel"},"content":{"rendered":"<h2>Bang Leader 45000 Puffs Sabores Duplos Fornecimento Direto de F\u00e1brica Pre\u00e7o a Granel<\/h2>\n<p><a href=\"https:\/\/rmvapebang.com\/pt\/product-category\/bangleader-vape\/\">L\u00edder de Bang<\/a> 45000 Puffs Dual Flavors Fornecimento Direto de F\u00e1brica Pre\u00e7o a Granel oferece o dobro da divers\u00e3o com o seu sistema de sabor duplo\u2014perfeito para quem adora variedade.<\/p>\n<p>O Vape de Bang Leader 45000 Puffs com um grande tanque de e-l\u00edquido de 60ml, op\u00e7\u00f5es de 2% \/ 5% de nicotina, e oferece deliciosas baforadas, o vape descart\u00e1vel de bangleader 45k puffs \u00e9 feito para durar. A tecnologia de bobina de malha dupla 45k de bangleader garante vapor rico e consistente, enquanto o ecr\u00e3 LED e o carregamento Tipo-C tornam-no elegante e eficiente.<\/p>\n<p>O vape de bangleader <a href=\"https:\/\/rmvapebang.com\/pt\/product-category\/vape-45000-puffs\/\">Vape descart\u00e1vel de 45000 baforadas<\/a> projetado tanto para retalhistas como para utilizadores pessoais, tamb\u00e9m suporta personaliza\u00e7\u00e3o OEM\/ODM, tornando-o ideal para branding de neg\u00f3cios e neg\u00f3cios a granel, e dispon\u00edvel em 10 sabores populares, o vapes bangleader 45k \u00e9 o melhor em valor e inova\u00e7\u00e3o.<\/p>\n<p><img loading=\"lazy\" decoding=\"async\" class=\"alignnone wp-image-4041\" src=\"http:\/\/rmvapebang.com\/wp-content\/uploads\/2025\/04\/Bangleader-45000-puffs-dual-flavors-top-sale.webp\" alt=\"Bangleader 45000 baforadas sabores duplos mais vendido\" width=\"660\" height=\"660\" srcset=\"https:\/\/rmvapebang.com\/wp-content\/uploads\/2025\/04\/Bangleader-45000-puffs-dual-flavors-top-sale.webp 800w, https:\/\/rmvapebang.com\/wp-content\/uploads\/2025\/04\/Bangleader-45000-puffs-dual-flavors-top-sale-300x300.webp 300w, https:\/\/rmvapebang.com\/wp-content\/uploads\/2025\/04\/Bangleader-45000-puffs-dual-flavors-top-sale-150x150.webp 150w, https:\/\/rmvapebang.com\/wp-content\/uploads\/2025\/04\/Bangleader-45000-puffs-dual-flavors-top-sale-768x768.webp 768w, https:\/\/rmvapebang.com\/wp-content\/uploads\/2025\/04\/Bangleader-45000-puffs-dual-flavors-top-sale-600x600.webp 600w, https:\/\/rmvapebang.com\/wp-content\/uploads\/2025\/04\/Bangleader-45000-puffs-dual-flavors-top-sale-100x100.webp 100w\" sizes=\"auto, (max-width: 660px) 100vw, 660px\" \/><\/p>\n<h3><strong>Quais s\u00e3o os Sabores para BANGLEADER 45k vape?<\/strong><\/h3>\n<p>1. MELANCIA GELO, MORANGO E MANGA<br \/>\n2. MORANGO E MELANCIA, KIWI MARACUJ\u00c1 GOIABA<br \/>\n3. MORANGO E MELANCIA, UVA GELO<br \/>\n4. MIRTILO FRAMBOESA, P\u00caSSEGO MANGA MELANCIA<br \/>\n5. MIRTILO MELANCIA, MORANGO MANGA<br \/>\n6. MIRTILO GELO, DRAG\u00c3O PRETO GELO<br \/>\n7. MIRTILO GELO, MORANGO E BANANA<br \/>\n8. RED BULL, MIRTILO MELANCIA<br \/>\n9. RED BULL, DOCE DE BOLHA DE MELANCIA<br \/>\n10. MORANGO KIWI, P\u00caSSEGO GELO<br \/>\n11. COLA GELO, ARANDO CEREJA<br \/>\n12. ANAN\u00c1S GELO, MANGA TRIPLA<\/p>\n<h2>Especifica\u00e7\u00f5es para vape de <strong>Vape Bangleader 45000 <\/strong>Baforadas:<\/h2>\n<p>\u2013 <em><strong><span style=\"color: #ff0000\">45k<\/span><\/strong><\/em> Baforadas<br \/>\n\u2013<em><strong><span style=\"color: #ff0000\"> 12<\/span> <\/strong>duplo <\/em>Sabores<br \/>\n\u2013 <em><strong><span style=\"color: #ff0000\">2%\/5%<\/span> <\/strong><\/em>Nicotina<br \/>\n\u2013 <span style=\"color: #ff0000\"><b><i>60<\/i><\/b><\/span>de Capacidade de E-l\u00edquido<br \/>\n\u2013 Capacidade da bateria <em><strong><span style=\"color: #ff0000\">650 mAh<\/span><\/strong><\/em><\/p>\n<h3>Perguntas Frequentes:<\/h3>\n<p>Q: Qual \u00e9 a quantidade m\u00ednima de encomenda (MOQ) do Vape descart\u00e1vel e recarreg\u00e1vel BANGLEADER 45k?<\/p>\n<p>R: A quantidade m\u00ednima de encomenda (MOQ) para o vape descart\u00e1vel BANGLEADER 45k baforadas \u00e9 de 50 unidades.<\/p>\n<p>P: Qual \u00e9 o prazo de entrega para o Vape Recarreg\u00e1vel que encomendei?<\/p>\n<p>R: Normalmente, o prazo de entrega para o Vape Recarreg\u00e1vel \u00e9 de 10 a 15 dias ap\u00f3s o envio.<\/p>\n<p>Q: Quanto custa o transporte do Vape de sabores duplos de 50000 Baforadas?<\/p>\n<p>R: O custo de envio varia dependendo do peso da encomenda. Quantidades diferentes podem ter custos de envio diferentes. Por favor, contacte-nos para confirmar o custo de envio para a sua encomenda espec\u00edfica.<\/p>\n<p>Q: O Vape descart\u00e1vel BANGLEADER 45k pode ser enviado para o meu pa\u00eds?<\/p>\n<p>R: Sim, podemos enviar o Vape digital BANGLEADER 50000 para a maioria dos pa\u00edses europeus, incluindo, entre outros, Pa\u00edses Baixos, Alemanha, Fran\u00e7a, Espanha, It\u00e1lia, B\u00e9lgica, Luxemburgo, \u00c1ustria, Ch\u00e9quia, Eslov\u00e1quia, Hungria, Eslov\u00e9nia, Rom\u00e9nia, Bulg\u00e1ria, Gr\u00e9cia, Pol\u00f3nia, Su\u00e9cia, Irlanda, Portugal, Finl\u00e2ndia, Est\u00f3nia, Let\u00f3nia e Litu\u00e2nia. Se tiveres alguma quest\u00e3o espec\u00edfica sobre o envio para o teu pa\u00eds, n\u00e3o hesites em contactar-nos para obteres mais assist\u00eancia.<\/p>\n<p><strong>Contacte a Lyn para mais v\u00eddeos de produtos!<\/strong><\/p>\n<p><a href=\"https:\/\/wa.me\/8617840853976\"><span style=\"color: #ff6600\"><strong><em>Whatsapp:+86 17840853976<\/em><\/strong><\/span><\/a><\/p>\n<p><img loading=\"lazy\" decoding=\"async\" class=\"alignnone size-medium wp-image-1905\" src=\"http:\/\/rmvapebang.com\/wp-content\/uploads\/2024\/03\/whatsapp-vape-2-202x300.jpg\" alt=\"\" width=\"202\" height=\"300\" \/><\/p>\n<p>Encontre mais produtos que poder\u00e1 gostar:<a href=\"https:\/\/rmvapebang.com\/pt\/shop-page\/\"><strong><em>Compre agora<\/em><\/strong><\/a><\/p>\n<p>Outros puff que poder\u00e1 gostar: <a href=\"https:\/\/rmvapebang.com\/pt\/product\/vozol-star-disposable-20k-puffs-wholesale-affordable-disposable-vape\/\">VOZOL STAR 20000 BACHARAS<\/a>\/<a href=\"https:\/\/rmvapebang.com\/pt\/product\/wga-dual-flavors-30000-puffs-crystal-vape-wholesale-price\/\">Vape WGA 30k copo de \u00f3leo duplo<\/a>\/<a href=\"https:\/\/rmvapebang.com\/pt\/product\/waspe-crystal-40000-puffs-disposabl-vape-good-price-bulk-sale\/\">waspe 40k sabores duplos<\/a>\/<a href=\"https:\/\/rmvapebang.com\/pt\/product\/uwin-tornado-music-35k-bulk-price-discount-sale-rgb-lights-vape\/\">Uwin tornado 35k baforadas<\/a>\/<a href=\"https:\/\/rmvapebang.com\/pt\/product\/bangleader-20000-puffs-crystal-vape-discount-sale-bulk-price\/\">bang leader crystal 20k baforadas<\/a>\/<a href=\"https:\/\/rmvapebang.com\/pt\/product\/zooy-blaze-25k-puffs-double-screen-premium-quality-best-sale\/\">ZOOY BLAZE 25K VAPES<\/a><\/p>","protected":false},"excerpt":{"rendered":"<p><span style=\"color: #ff0000\"><strong>NOTA:<\/strong><em>Os pre\u00e7os no site n\u00e3o incluem a taxa de envio. Por favor, envie o seu c\u00f3digo postal e morada para que possamos verificar os custos de envio para si.<\/em><\/span><\/p>\n<div class=\"dad65929\">\n<div class=\"f9bf7997 d7dc56a8 c05b5566\">\n<div class=\"ds-markdown ds-markdown--block\">\n<p>Vaporizador Bang Leader 45000 com 45.000 inala\u00e7\u00f5es, bateria de 650 mAh, malha dupla, 12 sabores duplos e op\u00e7\u00f5es OEM\/ODM. Duradouro e ideal para distribui\u00e7\u00e3o por grosso.<\/p>\n<\/div>\n<\/div>\n<\/div>\n<p><a href=\"https:\/\/wa.me\/8617840853976\"><strong><em>Whatsapp:+86 17840853976<\/em><\/strong><\/a><br \/>\nDigitalize no whatsapp para cup\u00e3o de Novo Cliente<\/p>\n<p><img loading=\"lazy\" decoding=\"async\" class=\"alignnone size-medium wp-image-1905\" src=\"http:\/\/rmvapebang.com\/wp-content\/uploads\/2024\/03\/whatsapp-vape-2-202x300.jpg\" alt=\"\" width=\"202\" height=\"300\" \/><\/p>","protected":false},"featured_media":4038,"comment_status":"open","ping_status":"closed","template":"","meta":{"_uag_custom_page_level_css":"","_lmt_disableupdate":"no","_lmt_disable":"","site-sidebar-layout":"no-sidebar","site-content-layout":"boxed-container","ast-site-content-layout":"normal-width-container","site-content-style":"boxed","site-sidebar-style":"boxed","ast-global-header-display":"","ast-banner-title-visibility":"","ast-main-header-display":"","ast-hfb-above-header-display":"","ast-hfb-below-header-display":"","ast-hfb-mobile-header-display":"","site-post-title":"","ast-breadcrumbs-content":"","ast-featured-img":"","footer-sml-layout":"","theme-transparent-header-meta":"default","adv-header-id-meta":"","stick-header-meta":"","header-above-stick-meta":"","header-main-stick-meta":"","header-below-stick-meta":"","astra-migrate-meta-layouts":"set","ast-page-background-enabled":"default","ast-page-background-meta":{"desktop":{"background-color":"","background-image":"","background-repeat":"repeat","background-position":"center center","background-size":"auto","background-attachment":"scroll","background-type":"","background-media":"","overlay-type":"","overlay-color":"","overlay-gradient":""},"tablet":{"background-color":"","background-image":"","background-repeat":"repeat","background-position":"center center","background-size":"auto","background-attachment":"scroll","background-type":"","background-media":"","overlay-type":"","overlay-color":"","overlay-gradient":""},"mobile":{"background-color":"","background-image":"","background-repeat":"repeat","background-position":"center center","background-size":"auto","background-attachment":"scroll","background-type":"","background-media":"","overlay-type":"","overlay-color":"","overlay-gradient":""}},"ast-content-background-meta":{"desktop":{"background-color":"var(--ast-global-color-5)","background-image":"","background-repeat":"repeat","background-position":"center center","background-size":"auto","background-attachment":"scroll","background-type":"","background-media":"","overlay-type":"","overlay-color":"","overlay-gradient":""},"tablet":{"background-color":"var(--ast-global-color-5)","background-image":"","background-repeat":"repeat","background-position":"center center","background-size":"auto","background-attachment":"scroll","background-type":"","background-media":"","overlay-type":"","overlay-color":"","overlay-gradient":""},"mobile":{"background-color":"var(--ast-global-color-5)","background-image":"","background-repeat":"repeat","background-position":"center center","background-size":"auto","background-attachment":"scroll","background-type":"","background-media":"","overlay-type":"","overlay-color":"","overlay-gradient":""}},"_joinchat":[]},"product_brand":[],"product_cat":[167,130,39,41,128,42,173,43],"product_tag":[174,175,50,61,98,53,52],"class_list":{"0":"post-4049","1":"product","2":"type-product","3":"status-publish","4":"has-post-thumbnail","6":"product_cat-bangleader-vape","7":"product_cat-digital-vapes-in-discount-price","8":"product_cat-france-wholesale-vape","9":"product_cat-netherlands-wholesale-vape","10":"product_cat-smart-display","11":"product_cat-spain-wholesale-vape","12":"product_cat-vape-45000-puffs","13":"product_cat-vape-shop","14":"product_tag-45000-puffs","15":"product_tag-45k-puffs","16":"product_tag-bulk-price-vape-shop","17":"product_tag-good-sales-vape","18":"product_tag-moq-is-50pcs","19":"product_tag-rechargeable-vape","20":"product_tag-vape-wholesasle-price","21":"desktop-align-left","22":"tablet-align-left","23":"mobile-align-left","25":"first","26":"instock","27":"sale","28":"shipping-taxable","29":"purchasable","30":"product-type-simple"},"yoast_head":"<!-- This site is optimized with the Yoast SEO plugin v23.0 - https:\/\/yoast.com\/wordpress\/plugins\/seo\/ -->\n<title>Bang Leader 45000 Puffs Dual Flavors Factory Direct Supply Bulk Price - rmvapebang.com<\/title>\n<meta name=\"description\" content=\"Bang Leader 45000 puff vape with dual mesh, dual flavors, and OEM\/ODM options. Long-lasting and ideal for wholesale distribution.\" \/>\n<meta name=\"robots\" content=\"index, follow, max-snippet:-1, max-image-preview:large, max-video-preview:-1\" \/>\n<link rel=\"canonical\" href=\"https:\/\/rmvapebang.com\/pt\/product\/bang-leader-45000-puffs-dual-flavors-factory-direct-supply-bulk-price\/\" \/>\n<meta property=\"og:locale\" content=\"pt_PT\" \/>\n<meta property=\"og:type\" content=\"article\" \/>\n<meta property=\"og:title\" content=\"Bang Leader 45000 Puffs Dual Flavors Factory Direct Supply Bulk Price - rmvapebang.com\" \/>\n<meta property=\"og:description\" content=\"Bang Leader 45000 puff vape with dual mesh, dual flavors, and OEM\/ODM options. Long-lasting and ideal for wholesale distribution.\" \/>\n<meta property=\"og:url\" content=\"https:\/\/rmvapebang.com\/pt\/product\/bang-leader-45000-puffs-dual-flavors-factory-direct-supply-bulk-price\/\" \/>\n<meta property=\"og:site_name\" content=\"rmvapebang.com\" \/>\n<meta property=\"article:modified_time\" content=\"2025-09-03T03:27:17+00:00\" \/>\n<meta property=\"og:image\" content=\"https:\/\/rmvapebang.com\/wp-content\/uploads\/2025\/04\/Bangleader-45000-puffs-double-taste-hot-price.webp\" \/>\n\t<meta property=\"og:image:width\" content=\"800\" \/>\n\t<meta property=\"og:image:height\" content=\"800\" \/>\n\t<meta property=\"og:image:type\" content=\"image\/webp\" \/>\n<meta name=\"twitter:card\" content=\"summary_large_image\" \/>\n<meta name=\"twitter:label1\" content=\"Tempo estimado de leitura\" \/>\n\t<meta name=\"twitter:data1\" content=\"3 minutos\" \/>\n<script type=\"application\/ld+json\" class=\"yoast-schema-graph\">{\"@context\":\"https:\/\/schema.org\",\"@graph\":[{\"@type\":\"WebPage\",\"@id\":\"https:\/\/rmvapebang.com\/lv\/product\/bang-leader-45000-puffs-dual-flavors-factory-direct-supply-bulk-price\/\",\"url\":\"https:\/\/rmvapebang.com\/lv\/product\/bang-leader-45000-puffs-dual-flavors-factory-direct-supply-bulk-price\/\",\"name\":\"Bang Leader 45000 Puffs Dual Flavors Factory Direct Supply Bulk Price - rmvapebang.com\",\"isPartOf\":{\"@id\":\"https:\/\/rmvapebang.com\/#website\"},\"primaryImageOfPage\":{\"@id\":\"https:\/\/rmvapebang.com\/lv\/product\/bang-leader-45000-puffs-dual-flavors-factory-direct-supply-bulk-price\/#primaryimage\"},\"image\":{\"@id\":\"https:\/\/rmvapebang.com\/lv\/product\/bang-leader-45000-puffs-dual-flavors-factory-direct-supply-bulk-price\/#primaryimage\"},\"thumbnailUrl\":\"https:\/\/rmvapebang.com\/wp-content\/uploads\/2025\/04\/Bangleader-45000-puffs-double-taste-hot-price.webp\",\"datePublished\":\"2025-04-24T08:32:58+00:00\",\"dateModified\":\"2025-09-03T03:27:17+00:00\",\"description\":\"Bang Leader 45000 puff vape with dual mesh, dual flavors, and OEM\/ODM options. Long-lasting and ideal for wholesale distribution.\",\"breadcrumb\":{\"@id\":\"https:\/\/rmvapebang.com\/lv\/product\/bang-leader-45000-puffs-dual-flavors-factory-direct-supply-bulk-price\/#breadcrumb\"},\"inLanguage\":\"pt-PT\",\"potentialAction\":[{\"@type\":\"ReadAction\",\"target\":[\"https:\/\/rmvapebang.com\/lv\/product\/bang-leader-45000-puffs-dual-flavors-factory-direct-supply-bulk-price\/\"]}]},{\"@type\":\"ImageObject\",\"inLanguage\":\"pt-PT\",\"@id\":\"https:\/\/rmvapebang.com\/lv\/product\/bang-leader-45000-puffs-dual-flavors-factory-direct-supply-bulk-price\/#primaryimage\",\"url\":\"https:\/\/rmvapebang.com\/wp-content\/uploads\/2025\/04\/Bangleader-45000-puffs-double-taste-hot-price.webp\",\"contentUrl\":\"https:\/\/rmvapebang.com\/wp-content\/uploads\/2025\/04\/Bangleader-45000-puffs-double-taste-hot-price.webp\",\"width\":800,\"height\":800,\"caption\":\"Bangleader 45000 puffs double taste hot price\"},{\"@type\":\"BreadcrumbList\",\"@id\":\"https:\/\/rmvapebang.com\/lv\/product\/bang-leader-45000-puffs-dual-flavors-factory-direct-supply-bulk-price\/#breadcrumb\",\"itemListElement\":[{\"@type\":\"ListItem\",\"position\":1,\"name\":\"Home\",\"item\":\"https:\/\/rmvapebang.com\/\"},{\"@type\":\"ListItem\",\"position\":2,\"name\":\"Hot Vape Shop\",\"item\":\"https:\/\/rmvapebang.com\/shop-page\/\"},{\"@type\":\"ListItem\",\"position\":3,\"name\":\"Bang Leader 45000 Puffs Dual Flavors Factory Direct Supply Bulk Price\"}]},{\"@type\":\"WebSite\",\"@id\":\"https:\/\/rmvapebang.com\/#website\",\"url\":\"https:\/\/rmvapebang.com\/\",\"name\":\"rmvapebang.com\",\"description\":\"buy vape cheap\",\"publisher\":{\"@id\":\"https:\/\/rmvapebang.com\/#organization\"},\"potentialAction\":[{\"@type\":\"SearchAction\",\"target\":{\"@type\":\"EntryPoint\",\"urlTemplate\":\"https:\/\/rmvapebang.com\/?s={search_term_string}\"},\"query-input\":\"required name=search_term_string\"}],\"inLanguage\":\"pt-PT\"},{\"@type\":\"Organization\",\"@id\":\"https:\/\/rmvapebang.com\/#organization\",\"name\":\"rmvapebang.com\",\"url\":\"https:\/\/rmvapebang.com\/\",\"logo\":{\"@type\":\"ImageObject\",\"inLanguage\":\"pt-PT\",\"@id\":\"https:\/\/rmvapebang.com\/#\/schema\/logo\/image\/\",\"url\":\"https:\/\/rmvapebang.com\/wp-content\/uploads\/2024\/03\/cropped-RVBlogo.png\",\"contentUrl\":\"https:\/\/rmvapebang.com\/wp-content\/uploads\/2024\/03\/cropped-RVBlogo.png\",\"width\":507,\"height\":169,\"caption\":\"rmvapebang.com\"},\"image\":{\"@id\":\"https:\/\/rmvapebang.com\/#\/schema\/logo\/image\/\"}}]}<\/script>\n<!-- \/ Yoast SEO plugin. -->","yoast_head_json":{"title":"Bang Leader 45000 Puffs Dual Flavors Factory Direct Supply Bulk Price - rmvapebang.com","description":"Bang Leader 45000 puff vape with dual mesh, dual flavors, and OEM\/ODM options. Long-lasting and ideal for wholesale distribution.","robots":{"index":"index","follow":"follow","max-snippet":"max-snippet:-1","max-image-preview":"max-image-preview:large","max-video-preview":"max-video-preview:-1"},"canonical":"https:\/\/rmvapebang.com\/pt\/product\/bang-leader-45000-puffs-dual-flavors-factory-direct-supply-bulk-price\/","og_locale":"pt_PT","og_type":"article","og_title":"Bang Leader 45000 Puffs Dual Flavors Factory Direct Supply Bulk Price - rmvapebang.com","og_description":"Bang Leader 45000 puff vape with dual mesh, dual flavors, and OEM\/ODM options. Long-lasting and ideal for wholesale distribution.","og_url":"https:\/\/rmvapebang.com\/pt\/product\/bang-leader-45000-puffs-dual-flavors-factory-direct-supply-bulk-price\/","og_site_name":"rmvapebang.com","article_modified_time":"2025-09-03T03:27:17+00:00","og_image":[{"width":800,"height":800,"url":"https:\/\/rmvapebang.com\/wp-content\/uploads\/2025\/04\/Bangleader-45000-puffs-double-taste-hot-price.webp","type":"image\/webp"}],"twitter_card":"summary_large_image","twitter_misc":{"Tempo estimado de leitura":"3 minutos"},"schema":{"@context":"https:\/\/schema.org","@graph":[{"@type":"WebPage","@id":"https:\/\/rmvapebang.com\/lv\/product\/bang-leader-45000-puffs-dual-flavors-factory-direct-supply-bulk-price\/","url":"https:\/\/rmvapebang.com\/lv\/product\/bang-leader-45000-puffs-dual-flavors-factory-direct-supply-bulk-price\/","name":"Bang Leader 45000 Puffs Dual Flavors Factory Direct Supply Bulk Price - rmvapebang.com","isPartOf":{"@id":"https:\/\/rmvapebang.com\/#website"},"primaryImageOfPage":{"@id":"https:\/\/rmvapebang.com\/lv\/product\/bang-leader-45000-puffs-dual-flavors-factory-direct-supply-bulk-price\/#primaryimage"},"image":{"@id":"https:\/\/rmvapebang.com\/lv\/product\/bang-leader-45000-puffs-dual-flavors-factory-direct-supply-bulk-price\/#primaryimage"},"thumbnailUrl":"https:\/\/rmvapebang.com\/wp-content\/uploads\/2025\/04\/Bangleader-45000-puffs-double-taste-hot-price.webp","datePublished":"2025-04-24T08:32:58+00:00","dateModified":"2025-09-03T03:27:17+00:00","description":"Bang Leader 45000 puff vape with dual mesh, dual flavors, and OEM\/ODM options. Long-lasting and ideal for wholesale distribution.","breadcrumb":{"@id":"https:\/\/rmvapebang.com\/lv\/product\/bang-leader-45000-puffs-dual-flavors-factory-direct-supply-bulk-price\/#breadcrumb"},"inLanguage":"pt-PT","potentialAction":[{"@type":"ReadAction","target":["https:\/\/rmvapebang.com\/lv\/product\/bang-leader-45000-puffs-dual-flavors-factory-direct-supply-bulk-price\/"]}]},{"@type":"ImageObject","inLanguage":"pt-PT","@id":"https:\/\/rmvapebang.com\/lv\/product\/bang-leader-45000-puffs-dual-flavors-factory-direct-supply-bulk-price\/#primaryimage","url":"https:\/\/rmvapebang.com\/wp-content\/uploads\/2025\/04\/Bangleader-45000-puffs-double-taste-hot-price.webp","contentUrl":"https:\/\/rmvapebang.com\/wp-content\/uploads\/2025\/04\/Bangleader-45000-puffs-double-taste-hot-price.webp","width":800,"height":800,"caption":"Bangleader 45000 puffs double taste hot price"},{"@type":"BreadcrumbList","@id":"https:\/\/rmvapebang.com\/lv\/product\/bang-leader-45000-puffs-dual-flavors-factory-direct-supply-bulk-price\/#breadcrumb","itemListElement":[{"@type":"ListItem","position":1,"name":"Home","item":"https:\/\/rmvapebang.com\/"},{"@type":"ListItem","position":2,"name":"Hot Vape Shop","item":"https:\/\/rmvapebang.com\/shop-page\/"},{"@type":"ListItem","position":3,"name":"Bang Leader 45000 Puffs Dual Flavors Factory Direct Supply Bulk Price"}]},{"@type":"WebSite","@id":"https:\/\/rmvapebang.com\/#website","url":"https:\/\/rmvapebang.com\/","name":"rmvapebang.com","description":"buy vape cheap","publisher":{"@id":"https:\/\/rmvapebang.com\/#organization"},"potentialAction":[{"@type":"SearchAction","target":{"@type":"EntryPoint","urlTemplate":"https:\/\/rmvapebang.com\/?s={search_term_string}"},"query-input":"required name=search_term_string"}],"inLanguage":"pt-PT"},{"@type":"Organization","@id":"https:\/\/rmvapebang.com\/#organization","name":"rmvapebang.com","url":"https:\/\/rmvapebang.com\/","logo":{"@type":"ImageObject","inLanguage":"pt-PT","@id":"https:\/\/rmvapebang.com\/#\/schema\/logo\/image\/","url":"https:\/\/rmvapebang.com\/wp-content\/uploads\/2024\/03\/cropped-RVBlogo.png","contentUrl":"https:\/\/rmvapebang.com\/wp-content\/uploads\/2024\/03\/cropped-RVBlogo.png","width":507,"height":169,"caption":"rmvapebang.com"},"image":{"@id":"https:\/\/rmvapebang.com\/#\/schema\/logo\/image\/"}}]}},"uagb_featured_image_src":{"full":["https:\/\/rmvapebang.com\/wp-content\/uploads\/2025\/04\/Bangleader-45000-puffs-double-taste-hot-price.webp",800,800,false],"thumbnail":["https:\/\/rmvapebang.com\/wp-content\/uploads\/2025\/04\/Bangleader-45000-puffs-double-taste-hot-price-150x150.webp",150,150,true],"medium":["https:\/\/rmvapebang.com\/wp-content\/uploads\/2025\/04\/Bangleader-45000-puffs-double-taste-hot-price-300x300.webp",300,300,true],"medium_large":["https:\/\/rmvapebang.com\/wp-content\/uploads\/2025\/04\/Bangleader-45000-puffs-double-taste-hot-price-768x768.webp",768,768,true],"large":["https:\/\/rmvapebang.com\/wp-content\/uploads\/2025\/04\/Bangleader-45000-puffs-double-taste-hot-price.webp",800,800,false],"1536x1536":["https:\/\/rmvapebang.com\/wp-content\/uploads\/2025\/04\/Bangleader-45000-puffs-double-taste-hot-price.webp",800,800,false],"2048x2048":["https:\/\/rmvapebang.com\/wp-content\/uploads\/2025\/04\/Bangleader-45000-puffs-double-taste-hot-price.webp",800,800,false],"trp-custom-language-flag":["https:\/\/rmvapebang.com\/wp-content\/uploads\/2025\/04\/Bangleader-45000-puffs-double-taste-hot-price.webp",12,12,false],"woocommerce_thumbnail":["https:\/\/rmvapebang.com\/wp-content\/uploads\/2025\/04\/Bangleader-45000-puffs-double-taste-hot-price-300x300.webp",300,300,true],"woocommerce_single":["https:\/\/rmvapebang.com\/wp-content\/uploads\/2025\/04\/Bangleader-45000-puffs-double-taste-hot-price-600x600.webp",600,600,true],"woocommerce_gallery_thumbnail":["https:\/\/rmvapebang.com\/wp-content\/uploads\/2025\/04\/Bangleader-45000-puffs-double-taste-hot-price-100x100.webp",100,100,true],"wcpr-photo-reviews":["https:\/\/rmvapebang.com\/wp-content\/uploads\/2025\/04\/Bangleader-45000-puffs-double-taste-hot-price.webp",500,500,false]},"uagb_author_info":{"display_name":"Lyn","author_link":"https:\/\/rmvapebang.com\/pt\/author\/"},"uagb_comment_info":0,"uagb_excerpt":"NOTE\uff1aPrices on the website don\u2019t include shipping fee. Please send your zip code and address that we can check shipping costs for you. Bang Leader 45000 puff vape with 45000 puffs, and 650 mAh battery, dual mesh, 12 dual flavors, and OEM\/ODM options. Long-lasting and ideal for wholesale distribution. Whatsapp:+86 17840853976 Scan on whatsapp for&hellip;","_links":{"self":[{"href":"https:\/\/rmvapebang.com\/pt\/wp-json\/wp\/v2\/product\/4049","targetHints":{"allow":["GET"]}}],"collection":[{"href":"https:\/\/rmvapebang.com\/pt\/wp-json\/wp\/v2\/product"}],"about":[{"href":"https:\/\/rmvapebang.com\/pt\/wp-json\/wp\/v2\/types\/product"}],"replies":[{"embeddable":true,"href":"https:\/\/rmvapebang.com\/pt\/wp-json\/wp\/v2\/comments?post=4049"}],"wp:featuredmedia":[{"embeddable":true,"href":"https:\/\/rmvapebang.com\/pt\/wp-json\/wp\/v2\/media\/4038"}],"wp:attachment":[{"href":"https:\/\/rmvapebang.com\/pt\/wp-json\/wp\/v2\/media?parent=4049"}],"wp:term":[{"taxonomy":"product_brand","embeddable":true,"href":"https:\/\/rmvapebang.com\/pt\/wp-json\/wp\/v2\/product_brand?post=4049"},{"taxonomy":"product_cat","embeddable":true,"href":"https:\/\/rmvapebang.com\/pt\/wp-json\/wp\/v2\/product_cat?post=4049"},{"taxonomy":"product_tag","embeddable":true,"href":"https:\/\/rmvapebang.com\/pt\/wp-json\/wp\/v2\/product_tag?post=4049"}],"curies":[{"name":"wp","href":"https:\/\/api.w.org\/{rel}","templated":true}]}}