{"id":5476,"date":"2026-01-13T16:06:29","date_gmt":"2026-01-13T08:06:29","guid":{"rendered":"https:\/\/rmvapebang.com\/?post_type=product&#038;p=5476"},"modified":"2026-01-13T17:24:20","modified_gmt":"2026-01-13T09:24:20","slug":"airmez-matrix-30000-puffs-disposable-vape-with-led-display-touch-screen","status":"publish","type":"product","link":"https:\/\/rmvapebang.com\/pl\/product\/airmez-matrix-30000-puffs-disposable-vape-with-led-display-touch-screen\/","title":{"rendered":"Jednorazowy e-papieros Airmez Matrix 30000 Puffs z wy\u015bwietlaczem LED i ekranem dotykowym"},"content":{"rendered":"<h2 style=\"text-align: left\">Jednorazowy e-papieros Airmez Matrix 30000 Puffs z wy\u015bwietlaczem LED i ekranem dotykowym<\/h2>\n<p>Jednorazowy e-papieros Airmez Matrix 30000 Wydmuchiwa\u0144 z wy\u015bwietlaczem LED i ekranem dotykowym, zapewniaj\u0105cy do 30000 puf\u00f3w, <a href=\"https:\/\/rmvapebang.com\/pl\/product-category\/vape-30000-puffs\/\"><em><strong>jednorazowy e-papieros 30k<\/strong> <\/em><\/a>zmniejsza cz\u0119stotliwo\u015b\u0107 wymiany i nadaje si\u0119 zar\u00f3wno do codziennego u\u017cytku, jak i sprzeda\u017cy detalicznej.<\/p>\n<p>Cyfrowy <a href=\"https:\/\/rmvapebang.com\/pl\/product-category\/vape-30000-puffs\/\"><em><strong>30000 zaci\u0105gni\u0119\u0107 jednorazowy vape<\/strong><\/em><\/a> \u0142adowalny, wyposa\u017cony w responsywny ekran dotykowy TFT oraz czytelny <a href=\"https:\/\/rmvapebang.com\/pl\/product-category\/smart-display\/\"><em><strong>Wy\u015bwietlacz LED<\/strong><\/em><\/a> pokazuje poziom baterii i e-liquid w czasie rzeczywistym. Dodatkowo zasilany bateri\u0105 Type-C o pojemno\u015bci 800mAh, <a href=\"https:\/\/rmvapebang.com\/pl\/product-category\/airmez-vapes\/\"><em><strong>e-papieros Airmez<\/strong><\/em><\/a> 30k oferuje stabilne wyj\u015bcie i \u0142atw\u0105 regulacj\u0119 mocy za pomoc\u0105 prostego trzyklikowego sterowania.<\/p>\n<p>Dost\u0119pny w 15 smakach i z nikotyn\u0105 2% lub 5%, <strong><em><a href=\"https:\/\/rmvapebang.com\/pl\/product-category\/airmez-vapes\/\">jednorazowy e-papieros Airmez Matrix<\/a><\/em><\/strong> \u0142\u0105czy d\u0142ugotrwa\u0142\u0105 wydajno\u015b\u0107, kontrol\u0119 u\u017cytkownika i nowoczesny design.<\/p>\n<figure id=\"attachment_5470\" aria-describedby=\"caption-attachment-5470\" style=\"width: 800px\" class=\"wp-caption alignnone\"><img loading=\"lazy\" decoding=\"async\" class=\"wp-image-5470 size-full\" src=\"http:\/\/rmvapebang.com\/wp-content\/uploads\/2026\/01\/airmez-matrix-30k-disposable-vape-multiple-colors.webp\" alt=\"airmez-matrix-30k-jednorazowy-e-papieros-wiele-kolor\u00f3w\" width=\"800\" height=\"562\" srcset=\"https:\/\/rmvapebang.com\/wp-content\/uploads\/2026\/01\/airmez-matrix-30k-disposable-vape-multiple-colors.webp 800w, https:\/\/rmvapebang.com\/wp-content\/uploads\/2026\/01\/airmez-matrix-30k-disposable-vape-multiple-colors-300x211.webp 300w, https:\/\/rmvapebang.com\/wp-content\/uploads\/2026\/01\/airmez-matrix-30k-disposable-vape-multiple-colors-768x540.webp 768w, https:\/\/rmvapebang.com\/wp-content\/uploads\/2026\/01\/airmez-matrix-30k-disposable-vape-multiple-colors-18x12.webp 18w, https:\/\/rmvapebang.com\/wp-content\/uploads\/2026\/01\/airmez-matrix-30k-disposable-vape-multiple-colors-600x422.webp 600w\" sizes=\"auto, (max-width: 800px) 100vw, 800px\" \/><figcaption id=\"caption-attachment-5470\" class=\"wp-caption-text\">airmez-matrix-30k-jednorazowy-e-papieros-wiele-kolor\u00f3w<\/figcaption><\/figure>\n<h2>Funkcje jednorazowego e-papierosa Airmez 30k<\/h2>\n<p>\ud83d\udd0b Do 30 000 puf\u00f3w\u2014Wysokowydajny jednorazowy e-papieros zaprojektowany do d\u0142ugotrwa\u0142ego u\u017cytku.<br \/>\n\ud83d\udda5\ufe0f Interfejs dotykowy TFT\u2014\u0141atwa obs\u0142uga dzi\u0119ki responsywnemu wy\u015bwietlaczowi dotykowemu.<br \/>\n\ud83d\udcca Wy\u015bwietlacz LED baterii i e-liquid\u00f3w\u2014Przejrzysta widoczno\u015b\u0107 pozosta\u0142ej mocy i poziomu liquidu.<br \/>\n\u2699\ufe0f Regulowana moc wyj\u015bciowa\u2014Prze\u0142\u0105czanie tryb\u00f3w mocy przez trzy naci\u015bni\u0119cia.<br \/>\n\ud83d\udd0c Akumulator 800mAh do\u0142adowywalny\u2014Stabilna wydajno\u015b\u0107 z obs\u0142ug\u0105 szybkiego \u0142adowania Type-C.<br \/>\n\ud83d\udca8 Opcje nikotyny 2% \/ 5%\u2014Odpowiednie dla r\u00f3\u017cnych preferencji doros\u0142ych u\u017cytkownik\u00f3w.<br \/>\n\ud83c\udf53 15 smak\u00f3w\u2014Szeroki wyb\u00f3r smak\u00f3w do u\u017cytku osobistego lub sprzeda\u017cy detalicznej.<\/p>\n<h2><strong>Lista smak\u00f3w matrix Airmez 30000 puf\u00f3w<\/strong><\/h2>\n<p>1. Arbuzowy L\u00f3d<br \/>\n2. Jagoda na lodzie<br \/>\n3. Jagoda Malina<br \/>\n4. Truskawkowa Mro\u017cona<br \/>\n5. Winogrono L\u00f3d<br \/>\n6. Mieszane jagody<br \/>\n7. Owoc smoka<br \/>\n8. Truskawka i Kiwi<br \/>\n9. Kiwi, Passion Fruit, Guava<br \/>\n10. Kwa\u015bna jagoda niebieska<br \/>\n11. Cola z wi\u015bni\u0105<br \/>\n12. Cytryna i limonka<\/p>\n<h2>FAQ dotycz\u0105ce jednorazowego e-papierosa Airmez 30k puf\u00f3w<\/h2>\n<p><strong>Q1: Ile puf\u00f3w zapewnia Airmez Matrix?<\/strong><br \/>\nA1: Airmez Matrix oferuje do 30000 puf\u00f3w, w zale\u017cno\u015bci od nawyk\u00f3w u\u017cytkowania.<\/p>\n<p><strong>Q2: Czy Airmez Matrix jest do\u0142adowywalny?<\/strong><br \/>\nA2: Tak, posiada bateri\u0119 o pojemno\u015bci 800mAh z \u0142adowaniem Type-C.<\/p>\n<p><strong>Q3: Czy moc mo\u017cna regulowa\u0107 w cyfrowym waporyzatorze?<\/strong><br \/>\nA3: Tak, u\u017cytkownicy mog\u0105 regulowa\u0107 moc wyj\u015bciow\u0105, naciskaj\u0105c kontrol\u0119 trzy razy.<\/p>\n<p><strong>Q4: Jakie poziomy nikotyny s\u0105 dost\u0119pne dla jednorazowego vaporizera airmez?<\/strong><br \/>\nA4: Urz\u0105dzenie jest dost\u0119pne w opcjach nikotyny 2% i 5%.<\/p>\n<p><strong>Skontaktuj si\u0119 z Lyn, aby uzyska\u0107 wi\u0119cej film\u00f3w o produktach!<\/strong><\/p>\n<p><a href=\"https:\/\/wa.me\/8617840853976\"><span style=\"color: #ff6600\"><strong><em>Whatsapp:+86 17840853976<\/em><\/strong><\/span><\/a><\/p>\n<p><img loading=\"lazy\" decoding=\"async\" class=\"alignnone size-medium wp-image-1905\" src=\"http:\/\/rmvapebang.com\/wp-content\/uploads\/2024\/03\/whatsapp-vape-2-202x300.jpg\" alt=\"\" width=\"202\" height=\"300\" \/><\/p>\n<p>Znajd\u017a wi\u0119cej produkt\u00f3w, kt\u00f3re mog\u0105 Ci si\u0119 spodoba\u0107:<a href=\"https:\/\/rmvapebang.com\/pl\/shop-page\/\"><strong><em>Kup teraz<\/em><\/strong><\/a><\/p>\n<p>inne puff, kt\u00f3re mog\u0105 Ci si\u0119 spodoba\u0107:<\/p>\n<p><a href=\"https:\/\/rmvapebang.com\/pl\/product\/okso-switch-kit-30k-50k-puffs-dual-model-disposable-vape-with-led-display\/\">okso 30\/50k oddech\u00f3w jednorazowy zestaw vape switch<\/a><\/p>\n<p><a href=\"https:\/\/rmvapebang.com\/pl\/product\/uwin-digital-68000-puffs-disposable-vape-with-smart-screen-type-c-rechargeable\/\">Jednorazowy vape 68000 oddech\u00f3w Uwin gor\u0105ca sprzeda\u017cowa cena<\/a><\/p>\n<p><a href=\"https:\/\/rmvapebang.com\/pl\/product\/runchunfu-200k-puffs-vape-triple-flavor-2026-top-sale\/\">Jednorazowy RUNCHUNFU 200000 oddech\u00f3w 3 w 1 vape gor\u0105ca sprzeda\u017c<\/a><\/p>","protected":false},"excerpt":{"rendered":"<p data-start=\"1244\" data-end=\"1417\"><span style=\"color: #ff0000\"><em><strong>UWAGA<\/strong>: Ceny na stronie internetowej nie zawieraj\u0105 op\u0142aty za przesy\u0142k\u0119. Prosz\u0119 poda\u0107 kod pocztowy i adres, aby\u015bmy mogli sprawdzi\u0107 koszty wysy\u0142ki.<\/em><\/span><br \/>\n<strong data-start=\"3225\" data-end=\"3270\">Jednorazowy e-papieros Airmez Matrix 30000 Wydmuchiwa\u0144<\/strong> zawiera <strong data-start=\"3282\" data-end=\"3302\">dotykowy ekran TFT<\/strong>, wy\u015bwietlacz baterii LED i poziomu e-liquid, regulowan\u0105 moc oraz <strong data-start=\"3360\" data-end=\"3398\">\u0141adowaln\u0105 bateri\u0119 Type-C o pojemno\u015bci 800mAh<\/strong>. Z <strong data-start=\"3405\" data-end=\"3419\">15 smak\u00f3w<\/strong> i <strong data-start=\"3424\" data-end=\"3445\">nikotyn\u0105 2% lub 5%<\/strong>, oferuje d\u0142ugotrwa\u0142\u0105 i niezawodn\u0105 wydajno\u015b\u0107.<\/p>\n<p data-start=\"1244\" data-end=\"1417\"><a href=\"https:\/\/wa.me\/8617840853976\"><strong><em>Whatsapp:+86 17840853976<\/em><\/strong><\/a><br \/>\n<img loading=\"lazy\" decoding=\"async\" class=\"alignnone size-medium wp-image-1905\" src=\"http:\/\/rmvapebang.com\/wp-content\/uploads\/2024\/03\/whatsapp-vape-2-202x300.jpg\" alt=\"\" width=\"202\" height=\"300\" \/><br \/>\n<strong>Zeskanuj na Whatsapp, aby otrzyma\u0107 kupon dla nowego klienta<\/strong><\/p>","protected":false},"featured_media":5473,"comment_status":"open","ping_status":"closed","template":"","meta":{"_uag_custom_page_level_css":"","_lmt_disableupdate":"no","_lmt_disable":"","site-sidebar-layout":"no-sidebar","site-content-layout":"boxed-container","ast-site-content-layout":"normal-width-container","site-content-style":"boxed","site-sidebar-style":"boxed","ast-global-header-display":"","ast-banner-title-visibility":"","ast-main-header-display":"","ast-hfb-above-header-display":"","ast-hfb-below-header-display":"","ast-hfb-mobile-header-display":"","site-post-title":"","ast-breadcrumbs-content":"","ast-featured-img":"","footer-sml-layout":"","theme-transparent-header-meta":"default","adv-header-id-meta":"","stick-header-meta":"","header-above-stick-meta":"","header-main-stick-meta":"","header-below-stick-meta":"","astra-migrate-meta-layouts":"set","ast-page-background-enabled":"default","ast-page-background-meta":{"desktop":{"background-color":"","background-image":"","background-repeat":"repeat","background-position":"center center","background-size":"auto","background-attachment":"scroll","background-type":"","background-media":"","overlay-type":"","overlay-color":"","overlay-gradient":""},"tablet":{"background-color":"","background-image":"","background-repeat":"repeat","background-position":"center center","background-size":"auto","background-attachment":"scroll","background-type":"","background-media":"","overlay-type":"","overlay-color":"","overlay-gradient":""},"mobile":{"background-color":"","background-image":"","background-repeat":"repeat","background-position":"center center","background-size":"auto","background-attachment":"scroll","background-type":"","background-media":"","overlay-type":"","overlay-color":"","overlay-gradient":""}},"ast-content-background-meta":{"desktop":{"background-color":"var(--ast-global-color-5)","background-image":"","background-repeat":"repeat","background-position":"center center","background-size":"auto","background-attachment":"scroll","background-type":"","background-media":"","overlay-type":"","overlay-color":"","overlay-gradient":""},"tablet":{"background-color":"var(--ast-global-color-5)","background-image":"","background-repeat":"repeat","background-position":"center center","background-size":"auto","background-attachment":"scroll","background-type":"","background-media":"","overlay-type":"","overlay-color":"","overlay-gradient":""},"mobile":{"background-color":"var(--ast-global-color-5)","background-image":"","background-repeat":"repeat","background-position":"center center","background-size":"auto","background-attachment":"scroll","background-type":"","background-media":"","overlay-type":"","overlay-color":"","overlay-gradient":""}},"_joinchat":[]},"product_brand":[],"product_cat":[252,130,39,41,128,42,40,101,43],"product_tag":[102,103,50,61,58,53,52],"class_list":{"0":"post-5476","1":"product","2":"type-product","3":"status-publish","4":"has-post-thumbnail","6":"product_cat-airmez-vapes","7":"product_cat-digital-vapes-in-discount-price","8":"product_cat-france-wholesale-vape","9":"product_cat-netherlands-wholesale-vape","10":"product_cat-smart-display","11":"product_cat-spain-wholesale-vape","12":"product_cat-germany-wholesale-vape","13":"product_cat-vape-30000-puffs","14":"product_cat-vape-shop","15":"product_tag-30000-puffs","16":"product_tag-30k-puffs","17":"product_tag-bulk-price-vape-shop","18":"product_tag-good-sales-vape","19":"product_tag-moq-50pcs","20":"product_tag-rechargeable-vape","21":"product_tag-vape-wholesasle-price","22":"desktop-align-left","23":"tablet-align-left","24":"mobile-align-left","26":"first","27":"instock","28":"sale","29":"shipping-taxable","30":"purchasable","31":"product-type-simple"},"yoast_head":"<!-- This site is optimized with the Yoast SEO plugin v23.0 - https:\/\/yoast.com\/wordpress\/plugins\/seo\/ -->\n<title>Airmez Matrix 30000 Puffs Disposable Vape with LED Display Touch Screen - rmvapebang.com<\/title>\n<meta name=\"description\" content=\"Airmez Matrix 30000 Puffs disposable vape with LED display, touch screen control, Type-C rechargeable battery, 2% or 5% nicotine, and 15 flavors.\" \/>\n<meta name=\"robots\" content=\"index, follow, max-snippet:-1, max-image-preview:large, max-video-preview:-1\" \/>\n<link rel=\"canonical\" href=\"https:\/\/rmvapebang.com\/pl\/product\/airmez-matrix-30000-puffs-disposable-vape-with-led-display-touch-screen\/\" \/>\n<meta property=\"og:locale\" content=\"pl_PL\" \/>\n<meta property=\"og:type\" content=\"article\" \/>\n<meta property=\"og:title\" content=\"Airmez Matrix 30000 Puffs Disposable Vape with LED Display Touch Screen - rmvapebang.com\" \/>\n<meta property=\"og:description\" content=\"Airmez Matrix 30000 Puffs disposable vape with LED display, touch screen control, Type-C rechargeable battery, 2% or 5% nicotine, and 15 flavors.\" \/>\n<meta property=\"og:url\" content=\"https:\/\/rmvapebang.com\/pl\/product\/airmez-matrix-30000-puffs-disposable-vape-with-led-display-touch-screen\/\" \/>\n<meta property=\"og:site_name\" content=\"rmvapebang.com\" \/>\n<meta property=\"article:modified_time\" content=\"2026-01-13T09:24:20+00:00\" \/>\n<meta property=\"og:image\" content=\"http:\/\/rmvapebang.com\/wp-content\/uploads\/2026\/01\/airmez-matrix-30000-puffs-disposable-vape.webp\" \/>\n\t<meta property=\"og:image:width\" content=\"800\" \/>\n\t<meta property=\"og:image:height\" content=\"800\" \/>\n\t<meta property=\"og:image:type\" content=\"image\/webp\" \/>\n<meta name=\"twitter:card\" content=\"summary_large_image\" \/>\n<meta name=\"twitter:label1\" content=\"Szacowany czas czytania\" \/>\n\t<meta name=\"twitter:data1\" content=\"3 minuty\" \/>\n<script type=\"application\/ld+json\" class=\"yoast-schema-graph\">{\"@context\":\"https:\/\/schema.org\",\"@graph\":[{\"@type\":\"WebPage\",\"@id\":\"https:\/\/rmvapebang.com\/product\/airmez-matrix-30000-puffs-disposable-vape-with-led-display-touch-screen\/\",\"url\":\"https:\/\/rmvapebang.com\/product\/airmez-matrix-30000-puffs-disposable-vape-with-led-display-touch-screen\/\",\"name\":\"Airmez Matrix 30000 Puffs Disposable Vape with LED Display Touch Screen - rmvapebang.com\",\"isPartOf\":{\"@id\":\"https:\/\/rmvapebang.com\/#website\"},\"primaryImageOfPage\":{\"@id\":\"https:\/\/rmvapebang.com\/product\/airmez-matrix-30000-puffs-disposable-vape-with-led-display-touch-screen\/#primaryimage\"},\"image\":{\"@id\":\"https:\/\/rmvapebang.com\/product\/airmez-matrix-30000-puffs-disposable-vape-with-led-display-touch-screen\/#primaryimage\"},\"thumbnailUrl\":\"https:\/\/rmvapebang.com\/wp-content\/uploads\/2026\/01\/airmez-matrix-30000-puffs-disposable-vape.webp\",\"datePublished\":\"2026-01-13T08:06:29+00:00\",\"dateModified\":\"2026-01-13T09:24:20+00:00\",\"description\":\"Airmez Matrix 30000 Puffs disposable vape with LED display, touch screen control, Type-C rechargeable battery, 2% or 5% nicotine, and 15 flavors.\",\"breadcrumb\":{\"@id\":\"https:\/\/rmvapebang.com\/product\/airmez-matrix-30000-puffs-disposable-vape-with-led-display-touch-screen\/#breadcrumb\"},\"inLanguage\":\"pl-PL\",\"potentialAction\":[{\"@type\":\"ReadAction\",\"target\":[\"https:\/\/rmvapebang.com\/product\/airmez-matrix-30000-puffs-disposable-vape-with-led-display-touch-screen\/\"]}]},{\"@type\":\"ImageObject\",\"inLanguage\":\"pl-PL\",\"@id\":\"https:\/\/rmvapebang.com\/product\/airmez-matrix-30000-puffs-disposable-vape-with-led-display-touch-screen\/#primaryimage\",\"url\":\"https:\/\/rmvapebang.com\/wp-content\/uploads\/2026\/01\/airmez-matrix-30000-puffs-disposable-vape.webp\",\"contentUrl\":\"https:\/\/rmvapebang.com\/wp-content\/uploads\/2026\/01\/airmez-matrix-30000-puffs-disposable-vape.webp\",\"width\":800,\"height\":800,\"caption\":\"airmez-matrix-30000-puffs-disposable-vape\"},{\"@type\":\"BreadcrumbList\",\"@id\":\"https:\/\/rmvapebang.com\/product\/airmez-matrix-30000-puffs-disposable-vape-with-led-display-touch-screen\/#breadcrumb\",\"itemListElement\":[{\"@type\":\"ListItem\",\"position\":1,\"name\":\"Home\",\"item\":\"https:\/\/rmvapebang.com\/\"},{\"@type\":\"ListItem\",\"position\":2,\"name\":\"Hot Vape Shop\",\"item\":\"https:\/\/rmvapebang.com\/shop-page\/\"},{\"@type\":\"ListItem\",\"position\":3,\"name\":\"Airmez Matrix 30000 Puffs Disposable Vape with LED Display Touch Screen\"}]},{\"@type\":\"WebSite\",\"@id\":\"https:\/\/rmvapebang.com\/#website\",\"url\":\"https:\/\/rmvapebang.com\/\",\"name\":\"rmvapebang.com\",\"description\":\"buy vape cheap\",\"publisher\":{\"@id\":\"https:\/\/rmvapebang.com\/#organization\"},\"potentialAction\":[{\"@type\":\"SearchAction\",\"target\":{\"@type\":\"EntryPoint\",\"urlTemplate\":\"https:\/\/rmvapebang.com\/?s={search_term_string}\"},\"query-input\":\"required name=search_term_string\"}],\"inLanguage\":\"pl-PL\"},{\"@type\":\"Organization\",\"@id\":\"https:\/\/rmvapebang.com\/#organization\",\"name\":\"rmvapebang.com\",\"url\":\"https:\/\/rmvapebang.com\/\",\"logo\":{\"@type\":\"ImageObject\",\"inLanguage\":\"pl-PL\",\"@id\":\"https:\/\/rmvapebang.com\/#\/schema\/logo\/image\/\",\"url\":\"https:\/\/rmvapebang.com\/wp-content\/uploads\/2024\/03\/cropped-RVBlogo.png\",\"contentUrl\":\"https:\/\/rmvapebang.com\/wp-content\/uploads\/2024\/03\/cropped-RVBlogo.png\",\"width\":507,\"height\":169,\"caption\":\"rmvapebang.com\"},\"image\":{\"@id\":\"https:\/\/rmvapebang.com\/#\/schema\/logo\/image\/\"}}]}<\/script>\n<!-- \/ Yoast SEO plugin. -->","yoast_head_json":{"title":"Airmez Matrix 30000 Puffs Disposable Vape with LED Display Touch Screen - rmvapebang.com","description":"Airmez Matrix 30000 Puffs disposable vape with LED display, touch screen control, Type-C rechargeable battery, 2% or 5% nicotine, and 15 flavors.","robots":{"index":"index","follow":"follow","max-snippet":"max-snippet:-1","max-image-preview":"max-image-preview:large","max-video-preview":"max-video-preview:-1"},"canonical":"https:\/\/rmvapebang.com\/pl\/product\/airmez-matrix-30000-puffs-disposable-vape-with-led-display-touch-screen\/","og_locale":"pl_PL","og_type":"article","og_title":"Airmez Matrix 30000 Puffs Disposable Vape with LED Display Touch Screen - rmvapebang.com","og_description":"Airmez Matrix 30000 Puffs disposable vape with LED display, touch screen control, Type-C rechargeable battery, 2% or 5% nicotine, and 15 flavors.","og_url":"https:\/\/rmvapebang.com\/pl\/product\/airmez-matrix-30000-puffs-disposable-vape-with-led-display-touch-screen\/","og_site_name":"rmvapebang.com","article_modified_time":"2026-01-13T09:24:20+00:00","og_image":[{"width":800,"height":800,"url":"http:\/\/rmvapebang.com\/wp-content\/uploads\/2026\/01\/airmez-matrix-30000-puffs-disposable-vape.webp","type":"image\/webp"}],"twitter_card":"summary_large_image","twitter_misc":{"Szacowany czas czytania":"3 minuty"},"schema":{"@context":"https:\/\/schema.org","@graph":[{"@type":"WebPage","@id":"https:\/\/rmvapebang.com\/product\/airmez-matrix-30000-puffs-disposable-vape-with-led-display-touch-screen\/","url":"https:\/\/rmvapebang.com\/product\/airmez-matrix-30000-puffs-disposable-vape-with-led-display-touch-screen\/","name":"Airmez Matrix 30000 Puffs Disposable Vape with LED Display Touch Screen - rmvapebang.com","isPartOf":{"@id":"https:\/\/rmvapebang.com\/#website"},"primaryImageOfPage":{"@id":"https:\/\/rmvapebang.com\/product\/airmez-matrix-30000-puffs-disposable-vape-with-led-display-touch-screen\/#primaryimage"},"image":{"@id":"https:\/\/rmvapebang.com\/product\/airmez-matrix-30000-puffs-disposable-vape-with-led-display-touch-screen\/#primaryimage"},"thumbnailUrl":"https:\/\/rmvapebang.com\/wp-content\/uploads\/2026\/01\/airmez-matrix-30000-puffs-disposable-vape.webp","datePublished":"2026-01-13T08:06:29+00:00","dateModified":"2026-01-13T09:24:20+00:00","description":"Airmez Matrix 30000 Puffs disposable vape with LED display, touch screen control, Type-C rechargeable battery, 2% or 5% nicotine, and 15 flavors.","breadcrumb":{"@id":"https:\/\/rmvapebang.com\/product\/airmez-matrix-30000-puffs-disposable-vape-with-led-display-touch-screen\/#breadcrumb"},"inLanguage":"pl-PL","potentialAction":[{"@type":"ReadAction","target":["https:\/\/rmvapebang.com\/product\/airmez-matrix-30000-puffs-disposable-vape-with-led-display-touch-screen\/"]}]},{"@type":"ImageObject","inLanguage":"pl-PL","@id":"https:\/\/rmvapebang.com\/product\/airmez-matrix-30000-puffs-disposable-vape-with-led-display-touch-screen\/#primaryimage","url":"https:\/\/rmvapebang.com\/wp-content\/uploads\/2026\/01\/airmez-matrix-30000-puffs-disposable-vape.webp","contentUrl":"https:\/\/rmvapebang.com\/wp-content\/uploads\/2026\/01\/airmez-matrix-30000-puffs-disposable-vape.webp","width":800,"height":800,"caption":"airmez-matrix-30000-puffs-disposable-vape"},{"@type":"BreadcrumbList","@id":"https:\/\/rmvapebang.com\/product\/airmez-matrix-30000-puffs-disposable-vape-with-led-display-touch-screen\/#breadcrumb","itemListElement":[{"@type":"ListItem","position":1,"name":"Home","item":"https:\/\/rmvapebang.com\/"},{"@type":"ListItem","position":2,"name":"Hot Vape Shop","item":"https:\/\/rmvapebang.com\/shop-page\/"},{"@type":"ListItem","position":3,"name":"Airmez Matrix 30000 Puffs Disposable Vape with LED Display Touch Screen"}]},{"@type":"WebSite","@id":"https:\/\/rmvapebang.com\/#website","url":"https:\/\/rmvapebang.com\/","name":"rmvapebang.com","description":"buy vape cheap","publisher":{"@id":"https:\/\/rmvapebang.com\/#organization"},"potentialAction":[{"@type":"SearchAction","target":{"@type":"EntryPoint","urlTemplate":"https:\/\/rmvapebang.com\/?s={search_term_string}"},"query-input":"required name=search_term_string"}],"inLanguage":"pl-PL"},{"@type":"Organization","@id":"https:\/\/rmvapebang.com\/#organization","name":"rmvapebang.com","url":"https:\/\/rmvapebang.com\/","logo":{"@type":"ImageObject","inLanguage":"pl-PL","@id":"https:\/\/rmvapebang.com\/#\/schema\/logo\/image\/","url":"https:\/\/rmvapebang.com\/wp-content\/uploads\/2024\/03\/cropped-RVBlogo.png","contentUrl":"https:\/\/rmvapebang.com\/wp-content\/uploads\/2024\/03\/cropped-RVBlogo.png","width":507,"height":169,"caption":"rmvapebang.com"},"image":{"@id":"https:\/\/rmvapebang.com\/#\/schema\/logo\/image\/"}}]}},"uagb_featured_image_src":{"full":["https:\/\/rmvapebang.com\/wp-content\/uploads\/2026\/01\/airmez-matrix-30000-puffs-disposable-vape.webp",800,800,false],"thumbnail":["https:\/\/rmvapebang.com\/wp-content\/uploads\/2026\/01\/airmez-matrix-30000-puffs-disposable-vape-150x150.webp",150,150,true],"medium":["https:\/\/rmvapebang.com\/wp-content\/uploads\/2026\/01\/airmez-matrix-30000-puffs-disposable-vape-300x300.webp",300,300,true],"medium_large":["https:\/\/rmvapebang.com\/wp-content\/uploads\/2026\/01\/airmez-matrix-30000-puffs-disposable-vape-768x768.webp",768,768,true],"large":["https:\/\/rmvapebang.com\/wp-content\/uploads\/2026\/01\/airmez-matrix-30000-puffs-disposable-vape.webp",800,800,false],"1536x1536":["https:\/\/rmvapebang.com\/wp-content\/uploads\/2026\/01\/airmez-matrix-30000-puffs-disposable-vape.webp",800,800,false],"2048x2048":["https:\/\/rmvapebang.com\/wp-content\/uploads\/2026\/01\/airmez-matrix-30000-puffs-disposable-vape.webp",800,800,false],"trp-custom-language-flag":["https:\/\/rmvapebang.com\/wp-content\/uploads\/2026\/01\/airmez-matrix-30000-puffs-disposable-vape-12x12.webp",12,12,true],"woocommerce_thumbnail":["https:\/\/rmvapebang.com\/wp-content\/uploads\/2026\/01\/airmez-matrix-30000-puffs-disposable-vape-300x300.webp",300,300,true],"woocommerce_single":["https:\/\/rmvapebang.com\/wp-content\/uploads\/2026\/01\/airmez-matrix-30000-puffs-disposable-vape-600x600.webp",600,600,true],"woocommerce_gallery_thumbnail":["https:\/\/rmvapebang.com\/wp-content\/uploads\/2026\/01\/airmez-matrix-30000-puffs-disposable-vape-100x100.webp",100,100,true],"wcpr-photo-reviews":["https:\/\/rmvapebang.com\/wp-content\/uploads\/2026\/01\/airmez-matrix-30000-puffs-disposable-vape.webp",500,500,false]},"uagb_author_info":{"display_name":"Lyn","author_link":"https:\/\/rmvapebang.com\/pl\/author\/"},"uagb_comment_info":0,"uagb_excerpt":"NOTE: Prices on the website don\u2019t include shipping fee. Please send your zip code and address that we can check shipping costs for you. Airmez Matrix 30000 Puffs Disposable Vape features a TFT touch screen, LED battery and e-liquid display, adjustable power, and Type-C rechargeable 800mAh battery. With 15 flavors and 2% or 5% nicotine,&hellip;","_links":{"self":[{"href":"https:\/\/rmvapebang.com\/pl\/wp-json\/wp\/v2\/product\/5476","targetHints":{"allow":["GET"]}}],"collection":[{"href":"https:\/\/rmvapebang.com\/pl\/wp-json\/wp\/v2\/product"}],"about":[{"href":"https:\/\/rmvapebang.com\/pl\/wp-json\/wp\/v2\/types\/product"}],"replies":[{"embeddable":true,"href":"https:\/\/rmvapebang.com\/pl\/wp-json\/wp\/v2\/comments?post=5476"}],"wp:featuredmedia":[{"embeddable":true,"href":"https:\/\/rmvapebang.com\/pl\/wp-json\/wp\/v2\/media\/5473"}],"wp:attachment":[{"href":"https:\/\/rmvapebang.com\/pl\/wp-json\/wp\/v2\/media?parent=5476"}],"wp:term":[{"taxonomy":"product_brand","embeddable":true,"href":"https:\/\/rmvapebang.com\/pl\/wp-json\/wp\/v2\/product_brand?post=5476"},{"taxonomy":"product_cat","embeddable":true,"href":"https:\/\/rmvapebang.com\/pl\/wp-json\/wp\/v2\/product_cat?post=5476"},{"taxonomy":"product_tag","embeddable":true,"href":"https:\/\/rmvapebang.com\/pl\/wp-json\/wp\/v2\/product_tag?post=5476"}],"curies":[{"name":"wp","href":"https:\/\/api.w.org\/{rel}","templated":true}]}}