{"id":5351,"date":"2025-12-20T14:23:42","date_gmt":"2025-12-20T06:23:42","guid":{"rendered":"https:\/\/rmvapebang.com\/?post_type=product&#038;p=5351"},"modified":"2025-12-18T16:00:52","modified_gmt":"2025-12-18T08:00:52","slug":"bangking-100k-puffs-3-in-1-triple-flavor-rechargeable-disposable-vape-with-led-display","status":"publish","type":"product","link":"https:\/\/rmvapebang.com\/pl\/product\/bangking-100k-puffs-3-in-1-triple-flavor-rechargeable-disposable-vape-with-led-display\/","title":{"rendered":"Bangking 100K Paliwek, jednorazowy e-papieros 3-w-1 o potr\u00f3jnym smaku, \u0142adowalny z wy\u015bwietlaczem LED"},"content":{"rendered":"<h2 style=\"text-align: left\">Bangking 100K Paliwek, jednorazowy e-papieros 3-w-1 o potr\u00f3jnym smaku, \u0142adowalny z wy\u015bwietlaczem LED<\/h2>\n<p>Bangking 100K Puffs 3-w-1 Tr\u00f3jsmakowa Wielokrotnego \u0141adowania Jednorazowa Vape z Wy\u015bwietlaczem LED jest zaprojektowana dla u\u017cytkownik\u00f3w i sprzedawc\u00f3w poszukuj\u0105cych ekstremalnej trwa\u0142o\u015bci, wysokiej jako\u015bci wydajno\u015bci i wygody wielo-smakowej w jednym zaawansowanym urz\u0105dzeniu. Zaprojektowana z innowacyjnym systemem trzech smak\u00f3w, ta jednorazowa vape o pojemno\u015bci 100k pozwala u\u017cytkownikom cieszy\u0107 si\u0119 trzema odr\u0119bnymi smakami w jednym urz\u0105dzeniu, <strong><em><a href=\"https:\/\/rmvapebang.com\/pl\/product-category\/vape-100000-puffs\/\">dostarczaj\u0105c do 100000<\/a><\/em><\/strong> g\u0142adkich i jednolitych chmur pary.<\/p>\n<p><a href=\"https:\/\/rmvapebang.com\/pl\/product-category\/bang-vapes\/\"><em><strong>Vape Bangking<\/strong> <\/em><\/a>100K zasilany niezawodnym akumulatorem 850mAh i wyposa\u017cony w szybkie \u0142adowanie Type\u2011C, oraz posiada pojemno\u015b\u0107 e\u2011liquidu 60ml (20ml \u00d7 3).<\/p>\n<p>Zintegrowany wy\u015bwietlacz LED<a href=\"https:\/\/rmvapebang.com\/pl\/product-category\/vape-100000-puffs\/\"><strong><em> Jednorazowa vape 100000 puffs<\/em><\/strong><\/a> oferuje podgl\u0105d na \u017cywo stanu baterii i zu\u017cycia e\u2011liquidu, zwi\u0119kszaj\u0105c kontrol\u0119 i satysfakcj\u0119 u\u017cytkownika. Bangking Triple Flavor 100K dost\u0119pny w wersjach 2% i 5% nikotyna, ten urz\u0105dzenie z ekranem LED spe\u0142nia r\u00f3\u017cne preferencje, co czyni je idealnym wyborem zar\u00f3wno do u\u017cytku osobistego, jak i do hurtowej dystrybucji.<\/p>\n<figure id=\"attachment_5347\" aria-describedby=\"caption-attachment-5347\" style=\"width: 800px\" class=\"wp-caption alignnone\"><img loading=\"lazy\" decoding=\"async\" class=\"wp-image-5347 size-full\" src=\"http:\/\/rmvapebang.com\/wp-content\/uploads\/2025\/12\/100000-puffs-rechargeable-disposable-vape-bangking.webp\" alt=\"100000-puffs-rechargeable-disposable-vape-bangking\" width=\"800\" height=\"800\" srcset=\"https:\/\/rmvapebang.com\/wp-content\/uploads\/2025\/12\/100000-puffs-rechargeable-disposable-vape-bangking.webp 800w, https:\/\/rmvapebang.com\/wp-content\/uploads\/2025\/12\/100000-puffs-rechargeable-disposable-vape-bangking-300x300.webp 300w, https:\/\/rmvapebang.com\/wp-content\/uploads\/2025\/12\/100000-puffs-rechargeable-disposable-vape-bangking-150x150.webp 150w, https:\/\/rmvapebang.com\/wp-content\/uploads\/2025\/12\/100000-puffs-rechargeable-disposable-vape-bangking-768x768.webp 768w, https:\/\/rmvapebang.com\/wp-content\/uploads\/2025\/12\/100000-puffs-rechargeable-disposable-vape-bangking-12x12.webp 12w, https:\/\/rmvapebang.com\/wp-content\/uploads\/2025\/12\/100000-puffs-rechargeable-disposable-vape-bangking-600x600.webp 600w, https:\/\/rmvapebang.com\/wp-content\/uploads\/2025\/12\/100000-puffs-rechargeable-disposable-vape-bangking-100x100.webp 100w\" sizes=\"auto, (max-width: 800px) 100vw, 800px\" \/><figcaption id=\"caption-attachment-5347\" class=\"wp-caption-text\">100000-puffs-rechargeable-disposable-vape-bangking<\/figcaption><\/figure>\n<h2>Funkcje <strong>Bangking 3-w-1 Vape 100k Puffs<\/strong><\/h2>\n<p>\ud83d\udd0b Akumulator 850mAh\u2014-Zapewnia stabilne zasilanie i wspiera pe\u0142ny cykl \u017cycia 100K chmur pary.<br \/>\n\ud83d\udca8 Do 100000 Puffs\u2014-Zaprojektowane do d\u0142ugotrwa\u0142ego u\u017cytkowania bez cz\u0119stych wymian.<br \/>\n\ud83c\udf53 System trzech smak\u00f3w 3\u2011w\u20111\u2014-Ciesz si\u0119 trzema smakami w jednym urz\u0105dzeniu dla wszechstronnych dozna\u0144 vapingowych.<br \/>\n\ud83d\udca7 Pojemno\u015b\u0107 e\u2011liquidu 60ml (20ml \u00d7 3)\u2014-Du\u017ca ilo\u015b\u0107 e\u2011liquidu zapewnia sta\u0142y smak przez d\u0142ugi czas.<br \/>\n\u26a1 Szybkie \u0142adowanie Type\u2011C\u2014-Szybkie i wygodne \u0142adowanie dla nowoczesnych u\u017cytkownik\u00f3w.<br \/>\n\ud83d\udcdf Inteligentny wy\u015bwietlacz LED\u2014-Wy\u015bwietla stan baterii i e\u2011liquidu na pierwszy rzut oka.<br \/>\nOpcje nikotyny: 2% \/ 5%\u2014-Spe\u0142nia r\u00f3\u017cne preferencje u\u017cytkownik\u00f3w i wymagania rynk\u00f3w regionalnych.<\/p>\n<h2>Popularne smaki Bangking 100k LED Screen Vape<\/h2>\n<p>1. truskawka\u2014-arbuz\u2014-truskawka arbuz<br \/>\n2. jagody\u2014-arbuz\u2014-jagody i arbuz<br \/>\n3. brzoskwinie\u2014-mango\u2014-mango brzoskwiniowe<br \/>\n4. ananas\u2014-mango\u2014-ananasowe mango<br \/>\n5. truskawki mango\u2014-mango brzoskwiniowe\u2014-mango brzoskwiniowe arbuz<br \/>\n6. l\u00f3d z winogron\u2014-winogrona z jagodami\u2014-wi\u015bniowe winogrona<br \/>\n7. napoje funkcjonalne\u2014-LV66\u2014-mieszane owoce<br \/>\n8. jagoda mi\u0119towa\u2014-malina jagodowa\u2014-potr\u00f3jna ple\u015b\u0144<br \/>\n9. truskawka kiwi\u2014-kiwi guawa\u2014-czarny smok l\u00f3d<br \/>\n10. cola l\u00f3d\u2014-truskawkowa waniliowa cola\u2014-wi\u015bniowa kakao<br \/>\n11. arbuzowa guma do \u017cucia\u2014-jagodowa guma do \u017cucia\u2014-jagody arbuzowe<br \/>\n12. bananowy l\u00f3d\u2014-truskawkowy banan\u2014-truskawkowe lody \u015bmietankowe<\/p>\n<h2>FAQ\u2014Bangking 100000 Puffs Jednorazowy E-papieros<\/h2>\n<p><strong>Q1: Jak d\u0142ugo wytrzymuje Bangking 100K Puffs Vape?<\/strong><br \/>\nA1: Jednorazowy 100k zapewnia do 100000 puf\u00f3w, w zale\u017cno\u015bci od nawyk\u00f3w u\u017cytkowania.<\/p>\n<p><strong>Q2: Czy jednorazowy e-papieros Bangking 100K jest \u0142adowalny?<\/strong><br \/>\nA2: Tak, ekran LED 100000 puf\u00f3w posiada wymienn\u0105 bateri\u0119 850mAh z \u0142adowaniem Type\u2011C.<\/p>\n<p><strong>Q3: Co czyni system potr\u00f3jnego smaku wyj\u0105tkowym?<\/strong><br \/>\nA3: Tr\u00f3jwymiarowy jednorazowy cyfrowy e-papieros pozwala u\u017cytkownikom cieszy\u0107 si\u0119 wieloma smakami w jednym urz\u0105dzeniu.<\/p>\n<p><strong>Q4: Czy Bangking Vape 100k ma ekran wy\u015bwietlacza?<\/strong><br \/>\nA4: Tak, wbudowany wy\u015bwietlacz LED pokazuje poziom baterii i poziom e-liquidu.<\/p>\n<p><strong>Skontaktuj si\u0119 z Lyn, aby uzyska\u0107 wi\u0119cej film\u00f3w o produktach!<\/strong><\/p>\n<p><a href=\"https:\/\/wa.me\/8617840853976\"><span style=\"color: #ff6600\"><strong><em>Whatsapp:+86 17840853976<\/em><\/strong><\/span><\/a><\/p>\n<p><img loading=\"lazy\" decoding=\"async\" class=\"alignnone size-medium wp-image-1905\" src=\"http:\/\/rmvapebang.com\/wp-content\/uploads\/2024\/03\/whatsapp-vape-2-202x300.jpg\" alt=\"\" width=\"202\" height=\"300\" \/><\/p>\n<p>Znajd\u017a wi\u0119cej produkt\u00f3w, kt\u00f3re mog\u0105 Ci si\u0119 spodoba\u0107:<a href=\"https:\/\/rmvapebang.com\/pl\/shop-page\/\"><strong><em>Kup teraz<\/em><\/strong><\/a><\/p>\n<p>inne puff, kt\u00f3re mog\u0105 Ci si\u0119 spodoba\u0107:<\/p>\n<p><a href=\"https:\/\/rmvapebang.com\/pl\/product\/uzy-crystal-twin-50k-dual-flavors-high-repurchase-rate-special-offer\/\">UZY Crystal 50000 Pali 50k Vape<\/a><\/p>\n<p><a href=\"https:\/\/rmvapebang.com\/pl\/product\/best-bulk-sale-razzbar-40000-puffs-disposable-wholesale-vape\/\">RAZZBAR 40000 Jednorazowy e-papieros hurtowa cena sprzeda\u017cy<\/a><\/p>\n<p><a href=\"https:\/\/rmvapebang.com\/pl\/product\/adalya-16000-puffs-disposable-top-sale-bulk-price-vape\/\">Adalya Jednorazowy e-papieros 16000 puf\u00f3w<\/a><\/p>\n<p><a href=\"https:\/\/rmvapebang.com\/pl\/product\/bulk-sale-waspe-4-in-1-tornado-100000-puffs-disposable-vape-best-price\/\">Waspe 100000 puf\u00f3w tornado jednorazowy e-papieros<\/a><\/p>","protected":false},"excerpt":{"rendered":"<p><span style=\"color: #ff0000\"><strong>UWAGA:<\/strong><em>Ceny na stronie internetowej nie zawieraj\u0105 op\u0142aty za wysy\u0142k\u0119. Prosz\u0119 poda\u0107 kod pocztowy i adres, aby\u015bmy mogli sprawdzi\u0107 koszty wysy\u0142ki.<\/em><\/span><\/p>\n<p>Zaopatrz si\u0119 w swoje p\u00f3\u0142ki w **BANGKING TRIPLE 85K** \u2014 jednorazowy e-papieros z potr\u00f3jnym smakiem nowej generacji, kt\u00f3ry zapewnia niezliczone chmury, bogaty smak i korzystne ceny hurtowe. Zam\u00f3w ju\u017c dzi\u015b!<\/p>\n<p><a href=\"https:\/\/wa.me\/8617840853976\"><strong><em>Whatsapp:+86 17840853976<\/em><\/strong><\/a><br \/>\nZeskanuj na Whatsapp, aby otrzyma\u0107 kupon dla nowego klienta<br \/>\n<img loading=\"lazy\" decoding=\"async\" class=\"alignnone size-medium wp-image-1905\" src=\"http:\/\/rmvapebang.com\/wp-content\/uploads\/2024\/03\/whatsapp-vape-2-202x300.jpg\" alt=\"\" width=\"202\" height=\"300\" \/><\/p>","protected":false},"featured_media":5348,"comment_status":"open","ping_status":"closed","template":"","meta":{"_uag_custom_page_level_css":"","_lmt_disableupdate":"no","_lmt_disable":"","site-sidebar-layout":"no-sidebar","site-content-layout":"boxed-container","ast-site-content-layout":"normal-width-container","site-content-style":"boxed","site-sidebar-style":"boxed","ast-global-header-display":"","ast-banner-title-visibility":"","ast-main-header-display":"","ast-hfb-above-header-display":"","ast-hfb-below-header-display":"","ast-hfb-mobile-header-display":"","site-post-title":"","ast-breadcrumbs-content":"","ast-featured-img":"","footer-sml-layout":"","theme-transparent-header-meta":"default","adv-header-id-meta":"","stick-header-meta":"","header-above-stick-meta":"","header-main-stick-meta":"","header-below-stick-meta":"","astra-migrate-meta-layouts":"set","ast-page-background-enabled":"default","ast-page-background-meta":{"desktop":{"background-color":"","background-image":"","background-repeat":"repeat","background-position":"center center","background-size":"auto","background-attachment":"scroll","background-type":"","background-media":"","overlay-type":"","overlay-color":"","overlay-gradient":""},"tablet":{"background-color":"","background-image":"","background-repeat":"repeat","background-position":"center center","background-size":"auto","background-attachment":"scroll","background-type":"","background-media":"","overlay-type":"","overlay-color":"","overlay-gradient":""},"mobile":{"background-color":"","background-image":"","background-repeat":"repeat","background-position":"center center","background-size":"auto","background-attachment":"scroll","background-type":"","background-media":"","overlay-type":"","overlay-color":"","overlay-gradient":""}},"ast-content-background-meta":{"desktop":{"background-color":"var(--ast-global-color-5)","background-image":"","background-repeat":"repeat","background-position":"center center","background-size":"auto","background-attachment":"scroll","background-type":"","background-media":"","overlay-type":"","overlay-color":"","overlay-gradient":""},"tablet":{"background-color":"var(--ast-global-color-5)","background-image":"","background-repeat":"repeat","background-position":"center center","background-size":"auto","background-attachment":"scroll","background-type":"","background-media":"","overlay-type":"","overlay-color":"","overlay-gradient":""},"mobile":{"background-color":"var(--ast-global-color-5)","background-image":"","background-repeat":"repeat","background-position":"center center","background-size":"auto","background-attachment":"scroll","background-type":"","background-media":"","overlay-type":"","overlay-color":"","overlay-gradient":""}},"_joinchat":[]},"product_brand":[],"product_cat":[76,130,39,41,128,42,159,43],"product_tag":[161,160,50,51,67,61,58,98,53,52],"class_list":{"0":"post-5351","1":"product","2":"type-product","3":"status-publish","4":"has-post-thumbnail","6":"product_cat-bang-vapes","7":"product_cat-digital-vapes-in-discount-price","8":"product_cat-france-wholesale-vape","9":"product_cat-netherlands-wholesale-vape","10":"product_cat-smart-display","11":"product_cat-spain-wholesale-vape","12":"product_cat-vape-100000-puffs","13":"product_cat-vape-shop","14":"product_tag-100000-puffs","15":"product_tag-100k-puffs","16":"product_tag-bulk-price-vape-shop","17":"product_tag-disposable-vape","18":"product_tag-fast-price-sales","19":"product_tag-good-sales-vape","20":"product_tag-moq-50pcs","21":"product_tag-moq-is-50pcs","22":"product_tag-rechargeable-vape","23":"product_tag-vape-wholesasle-price","24":"desktop-align-left","25":"tablet-align-left","26":"mobile-align-left","28":"first","29":"instock","30":"sale","31":"shipping-taxable","32":"purchasable","33":"product-type-simple"},"yoast_head":"<!-- This site is optimized with the Yoast SEO plugin v23.0 - https:\/\/yoast.com\/wordpress\/plugins\/seo\/ -->\n<title>Bangking 100K Puffs 3-in-1 Triple Flavor Rechargeable Disposable Vape with LED Display - rmvapebang.com<\/title>\n<meta name=\"description\" content=\"Bangking 100K Puffs 3-in-1 Triple Flavor Disposable Vape with 850mAh battery, 60ml e-liquid, LED display and Type-C. Ideal for retail and wholesale.\" \/>\n<meta name=\"robots\" content=\"index, follow, max-snippet:-1, max-image-preview:large, max-video-preview:-1\" \/>\n<link rel=\"canonical\" href=\"https:\/\/rmvapebang.com\/pl\/product\/bangking-100k-puffs-3-in-1-triple-flavor-rechargeable-disposable-vape-with-led-display\/\" \/>\n<meta property=\"og:locale\" content=\"pl_PL\" \/>\n<meta property=\"og:type\" content=\"article\" \/>\n<meta property=\"og:title\" content=\"Bangking 100K Puffs 3-in-1 Triple Flavor Rechargeable Disposable Vape with LED Display - rmvapebang.com\" \/>\n<meta property=\"og:description\" content=\"Bangking 100K Puffs 3-in-1 Triple Flavor Disposable Vape with 850mAh battery, 60ml e-liquid, LED display and Type-C. Ideal for retail and wholesale.\" \/>\n<meta property=\"og:url\" content=\"https:\/\/rmvapebang.com\/pl\/product\/bangking-100k-puffs-3-in-1-triple-flavor-rechargeable-disposable-vape-with-led-display\/\" \/>\n<meta property=\"og:site_name\" content=\"rmvapebang.com\" \/>\n<meta property=\"article:modified_time\" content=\"2025-12-18T08:00:52+00:00\" \/>\n<meta property=\"og:image\" content=\"https:\/\/rmvapebang.com\/wp-content\/uploads\/2025\/12\/bangking-100k-disposable-vape-wholesale-price.webp\" \/>\n\t<meta property=\"og:image:width\" content=\"800\" \/>\n\t<meta property=\"og:image:height\" content=\"800\" \/>\n\t<meta property=\"og:image:type\" content=\"image\/webp\" \/>\n<meta name=\"twitter:card\" content=\"summary_large_image\" \/>\n<meta name=\"twitter:label1\" content=\"Szacowany czas czytania\" \/>\n\t<meta name=\"twitter:data1\" content=\"3 minuty\" \/>\n<script type=\"application\/ld+json\" class=\"yoast-schema-graph\">{\"@context\":\"https:\/\/schema.org\",\"@graph\":[{\"@type\":\"WebPage\",\"@id\":\"https:\/\/rmvapebang.com\/product\/bangking-100k-puffs-3-in-1-triple-flavor-rechargeable-disposable-vape-with-led-display\/\",\"url\":\"https:\/\/rmvapebang.com\/product\/bangking-100k-puffs-3-in-1-triple-flavor-rechargeable-disposable-vape-with-led-display\/\",\"name\":\"Bangking 100K Puffs 3-in-1 Triple Flavor Rechargeable Disposable Vape with LED Display - rmvapebang.com\",\"isPartOf\":{\"@id\":\"https:\/\/rmvapebang.com\/#website\"},\"primaryImageOfPage\":{\"@id\":\"https:\/\/rmvapebang.com\/product\/bangking-100k-puffs-3-in-1-triple-flavor-rechargeable-disposable-vape-with-led-display\/#primaryimage\"},\"image\":{\"@id\":\"https:\/\/rmvapebang.com\/product\/bangking-100k-puffs-3-in-1-triple-flavor-rechargeable-disposable-vape-with-led-display\/#primaryimage\"},\"thumbnailUrl\":\"https:\/\/rmvapebang.com\/wp-content\/uploads\/2025\/12\/bangking-100k-disposable-vape-wholesale-price.webp\",\"datePublished\":\"2025-12-20T06:23:42+00:00\",\"dateModified\":\"2025-12-18T08:00:52+00:00\",\"description\":\"Bangking 100K Puffs 3-in-1 Triple Flavor Disposable Vape with 850mAh battery, 60ml e-liquid, LED display and Type-C. Ideal for retail and wholesale.\",\"breadcrumb\":{\"@id\":\"https:\/\/rmvapebang.com\/product\/bangking-100k-puffs-3-in-1-triple-flavor-rechargeable-disposable-vape-with-led-display\/#breadcrumb\"},\"inLanguage\":\"pl-PL\",\"potentialAction\":[{\"@type\":\"ReadAction\",\"target\":[\"https:\/\/rmvapebang.com\/product\/bangking-100k-puffs-3-in-1-triple-flavor-rechargeable-disposable-vape-with-led-display\/\"]}]},{\"@type\":\"ImageObject\",\"inLanguage\":\"pl-PL\",\"@id\":\"https:\/\/rmvapebang.com\/product\/bangking-100k-puffs-3-in-1-triple-flavor-rechargeable-disposable-vape-with-led-display\/#primaryimage\",\"url\":\"https:\/\/rmvapebang.com\/wp-content\/uploads\/2025\/12\/bangking-100k-disposable-vape-wholesale-price.webp\",\"contentUrl\":\"https:\/\/rmvapebang.com\/wp-content\/uploads\/2025\/12\/bangking-100k-disposable-vape-wholesale-price.webp\",\"width\":800,\"height\":800,\"caption\":\"bangking-100k-disposable-vape-wholesale-price\"},{\"@type\":\"BreadcrumbList\",\"@id\":\"https:\/\/rmvapebang.com\/product\/bangking-100k-puffs-3-in-1-triple-flavor-rechargeable-disposable-vape-with-led-display\/#breadcrumb\",\"itemListElement\":[{\"@type\":\"ListItem\",\"position\":1,\"name\":\"Home\",\"item\":\"https:\/\/rmvapebang.com\/\"},{\"@type\":\"ListItem\",\"position\":2,\"name\":\"Hot Vape Shop\",\"item\":\"https:\/\/rmvapebang.com\/shop-page\/\"},{\"@type\":\"ListItem\",\"position\":3,\"name\":\"Bangking 100K Puffs 3-in-1 Triple Flavor Rechargeable Disposable Vape with LED Display\"}]},{\"@type\":\"WebSite\",\"@id\":\"https:\/\/rmvapebang.com\/#website\",\"url\":\"https:\/\/rmvapebang.com\/\",\"name\":\"rmvapebang.com\",\"description\":\"buy vape cheap\",\"publisher\":{\"@id\":\"https:\/\/rmvapebang.com\/#organization\"},\"potentialAction\":[{\"@type\":\"SearchAction\",\"target\":{\"@type\":\"EntryPoint\",\"urlTemplate\":\"https:\/\/rmvapebang.com\/?s={search_term_string}\"},\"query-input\":\"required name=search_term_string\"}],\"inLanguage\":\"pl-PL\"},{\"@type\":\"Organization\",\"@id\":\"https:\/\/rmvapebang.com\/#organization\",\"name\":\"rmvapebang.com\",\"url\":\"https:\/\/rmvapebang.com\/\",\"logo\":{\"@type\":\"ImageObject\",\"inLanguage\":\"pl-PL\",\"@id\":\"https:\/\/rmvapebang.com\/#\/schema\/logo\/image\/\",\"url\":\"https:\/\/rmvapebang.com\/wp-content\/uploads\/2024\/03\/cropped-RVBlogo.png\",\"contentUrl\":\"https:\/\/rmvapebang.com\/wp-content\/uploads\/2024\/03\/cropped-RVBlogo.png\",\"width\":507,\"height\":169,\"caption\":\"rmvapebang.com\"},\"image\":{\"@id\":\"https:\/\/rmvapebang.com\/#\/schema\/logo\/image\/\"}}]}<\/script>\n<!-- \/ Yoast SEO plugin. -->","yoast_head_json":{"title":"Bangking 100K Puffs 3-in-1 Triple Flavor Rechargeable Disposable Vape with LED Display - rmvapebang.com","description":"Bangking 100K Puffs 3-in-1 Triple Flavor Disposable Vape with 850mAh battery, 60ml e-liquid, LED display and Type-C. Ideal for retail and wholesale.","robots":{"index":"index","follow":"follow","max-snippet":"max-snippet:-1","max-image-preview":"max-image-preview:large","max-video-preview":"max-video-preview:-1"},"canonical":"https:\/\/rmvapebang.com\/pl\/product\/bangking-100k-puffs-3-in-1-triple-flavor-rechargeable-disposable-vape-with-led-display\/","og_locale":"pl_PL","og_type":"article","og_title":"Bangking 100K Puffs 3-in-1 Triple Flavor Rechargeable Disposable Vape with LED Display - rmvapebang.com","og_description":"Bangking 100K Puffs 3-in-1 Triple Flavor Disposable Vape with 850mAh battery, 60ml e-liquid, LED display and Type-C. Ideal for retail and wholesale.","og_url":"https:\/\/rmvapebang.com\/pl\/product\/bangking-100k-puffs-3-in-1-triple-flavor-rechargeable-disposable-vape-with-led-display\/","og_site_name":"rmvapebang.com","article_modified_time":"2025-12-18T08:00:52+00:00","og_image":[{"width":800,"height":800,"url":"https:\/\/rmvapebang.com\/wp-content\/uploads\/2025\/12\/bangking-100k-disposable-vape-wholesale-price.webp","type":"image\/webp"}],"twitter_card":"summary_large_image","twitter_misc":{"Szacowany czas czytania":"3 minuty"},"schema":{"@context":"https:\/\/schema.org","@graph":[{"@type":"WebPage","@id":"https:\/\/rmvapebang.com\/product\/bangking-100k-puffs-3-in-1-triple-flavor-rechargeable-disposable-vape-with-led-display\/","url":"https:\/\/rmvapebang.com\/product\/bangking-100k-puffs-3-in-1-triple-flavor-rechargeable-disposable-vape-with-led-display\/","name":"Bangking 100K Puffs 3-in-1 Triple Flavor Rechargeable Disposable Vape with LED Display - rmvapebang.com","isPartOf":{"@id":"https:\/\/rmvapebang.com\/#website"},"primaryImageOfPage":{"@id":"https:\/\/rmvapebang.com\/product\/bangking-100k-puffs-3-in-1-triple-flavor-rechargeable-disposable-vape-with-led-display\/#primaryimage"},"image":{"@id":"https:\/\/rmvapebang.com\/product\/bangking-100k-puffs-3-in-1-triple-flavor-rechargeable-disposable-vape-with-led-display\/#primaryimage"},"thumbnailUrl":"https:\/\/rmvapebang.com\/wp-content\/uploads\/2025\/12\/bangking-100k-disposable-vape-wholesale-price.webp","datePublished":"2025-12-20T06:23:42+00:00","dateModified":"2025-12-18T08:00:52+00:00","description":"Bangking 100K Puffs 3-in-1 Triple Flavor Disposable Vape with 850mAh battery, 60ml e-liquid, LED display and Type-C. Ideal for retail and wholesale.","breadcrumb":{"@id":"https:\/\/rmvapebang.com\/product\/bangking-100k-puffs-3-in-1-triple-flavor-rechargeable-disposable-vape-with-led-display\/#breadcrumb"},"inLanguage":"pl-PL","potentialAction":[{"@type":"ReadAction","target":["https:\/\/rmvapebang.com\/product\/bangking-100k-puffs-3-in-1-triple-flavor-rechargeable-disposable-vape-with-led-display\/"]}]},{"@type":"ImageObject","inLanguage":"pl-PL","@id":"https:\/\/rmvapebang.com\/product\/bangking-100k-puffs-3-in-1-triple-flavor-rechargeable-disposable-vape-with-led-display\/#primaryimage","url":"https:\/\/rmvapebang.com\/wp-content\/uploads\/2025\/12\/bangking-100k-disposable-vape-wholesale-price.webp","contentUrl":"https:\/\/rmvapebang.com\/wp-content\/uploads\/2025\/12\/bangking-100k-disposable-vape-wholesale-price.webp","width":800,"height":800,"caption":"bangking-100k-disposable-vape-wholesale-price"},{"@type":"BreadcrumbList","@id":"https:\/\/rmvapebang.com\/product\/bangking-100k-puffs-3-in-1-triple-flavor-rechargeable-disposable-vape-with-led-display\/#breadcrumb","itemListElement":[{"@type":"ListItem","position":1,"name":"Home","item":"https:\/\/rmvapebang.com\/"},{"@type":"ListItem","position":2,"name":"Hot Vape Shop","item":"https:\/\/rmvapebang.com\/shop-page\/"},{"@type":"ListItem","position":3,"name":"Bangking 100K Puffs 3-in-1 Triple Flavor Rechargeable Disposable Vape with LED Display"}]},{"@type":"WebSite","@id":"https:\/\/rmvapebang.com\/#website","url":"https:\/\/rmvapebang.com\/","name":"rmvapebang.com","description":"buy vape cheap","publisher":{"@id":"https:\/\/rmvapebang.com\/#organization"},"potentialAction":[{"@type":"SearchAction","target":{"@type":"EntryPoint","urlTemplate":"https:\/\/rmvapebang.com\/?s={search_term_string}"},"query-input":"required name=search_term_string"}],"inLanguage":"pl-PL"},{"@type":"Organization","@id":"https:\/\/rmvapebang.com\/#organization","name":"rmvapebang.com","url":"https:\/\/rmvapebang.com\/","logo":{"@type":"ImageObject","inLanguage":"pl-PL","@id":"https:\/\/rmvapebang.com\/#\/schema\/logo\/image\/","url":"https:\/\/rmvapebang.com\/wp-content\/uploads\/2024\/03\/cropped-RVBlogo.png","contentUrl":"https:\/\/rmvapebang.com\/wp-content\/uploads\/2024\/03\/cropped-RVBlogo.png","width":507,"height":169,"caption":"rmvapebang.com"},"image":{"@id":"https:\/\/rmvapebang.com\/#\/schema\/logo\/image\/"}}]}},"uagb_featured_image_src":{"full":["https:\/\/rmvapebang.com\/wp-content\/uploads\/2025\/12\/bangking-100k-disposable-vape-wholesale-price.webp",800,800,false],"thumbnail":["https:\/\/rmvapebang.com\/wp-content\/uploads\/2025\/12\/bangking-100k-disposable-vape-wholesale-price-150x150.webp",150,150,true],"medium":["https:\/\/rmvapebang.com\/wp-content\/uploads\/2025\/12\/bangking-100k-disposable-vape-wholesale-price-300x300.webp",300,300,true],"medium_large":["https:\/\/rmvapebang.com\/wp-content\/uploads\/2025\/12\/bangking-100k-disposable-vape-wholesale-price-768x768.webp",768,768,true],"large":["https:\/\/rmvapebang.com\/wp-content\/uploads\/2025\/12\/bangking-100k-disposable-vape-wholesale-price.webp",800,800,false],"1536x1536":["https:\/\/rmvapebang.com\/wp-content\/uploads\/2025\/12\/bangking-100k-disposable-vape-wholesale-price.webp",800,800,false],"2048x2048":["https:\/\/rmvapebang.com\/wp-content\/uploads\/2025\/12\/bangking-100k-disposable-vape-wholesale-price.webp",800,800,false],"trp-custom-language-flag":["https:\/\/rmvapebang.com\/wp-content\/uploads\/2025\/12\/bangking-100k-disposable-vape-wholesale-price-12x12.webp",12,12,true],"woocommerce_thumbnail":["https:\/\/rmvapebang.com\/wp-content\/uploads\/2025\/12\/bangking-100k-disposable-vape-wholesale-price-300x300.webp",300,300,true],"woocommerce_single":["https:\/\/rmvapebang.com\/wp-content\/uploads\/2025\/12\/bangking-100k-disposable-vape-wholesale-price-600x600.webp",600,600,true],"woocommerce_gallery_thumbnail":["https:\/\/rmvapebang.com\/wp-content\/uploads\/2025\/12\/bangking-100k-disposable-vape-wholesale-price-100x100.webp",100,100,true],"wcpr-photo-reviews":["https:\/\/rmvapebang.com\/wp-content\/uploads\/2025\/12\/bangking-100k-disposable-vape-wholesale-price.webp",500,500,false]},"uagb_author_info":{"display_name":"Lyn","author_link":"https:\/\/rmvapebang.com\/pl\/author\/"},"uagb_comment_info":0,"uagb_excerpt":"NOTE\uff1aPrices on the website don\u2019t include shipping fee. Please send your zip code and address that we can check shipping costs for you. Get your shelves stocked with the BANGKING TRIPLE 85K \u2013 the next-level triple-flavour disposable vape with unbeatable puffs, rich taste, and profit-friendly wholesale pricing. Order today! Whatsapp:+86 17840853976 Scan on whatsapp for&hellip;","_links":{"self":[{"href":"https:\/\/rmvapebang.com\/pl\/wp-json\/wp\/v2\/product\/5351","targetHints":{"allow":["GET"]}}],"collection":[{"href":"https:\/\/rmvapebang.com\/pl\/wp-json\/wp\/v2\/product"}],"about":[{"href":"https:\/\/rmvapebang.com\/pl\/wp-json\/wp\/v2\/types\/product"}],"replies":[{"embeddable":true,"href":"https:\/\/rmvapebang.com\/pl\/wp-json\/wp\/v2\/comments?post=5351"}],"wp:featuredmedia":[{"embeddable":true,"href":"https:\/\/rmvapebang.com\/pl\/wp-json\/wp\/v2\/media\/5348"}],"wp:attachment":[{"href":"https:\/\/rmvapebang.com\/pl\/wp-json\/wp\/v2\/media?parent=5351"}],"wp:term":[{"taxonomy":"product_brand","embeddable":true,"href":"https:\/\/rmvapebang.com\/pl\/wp-json\/wp\/v2\/product_brand?post=5351"},{"taxonomy":"product_cat","embeddable":true,"href":"https:\/\/rmvapebang.com\/pl\/wp-json\/wp\/v2\/product_cat?post=5351"},{"taxonomy":"product_tag","embeddable":true,"href":"https:\/\/rmvapebang.com\/pl\/wp-json\/wp\/v2\/product_tag?post=5351"}],"curies":[{"name":"wp","href":"https:\/\/api.w.org\/{rel}","templated":true}]}}