{"id":4170,"date":"2025-05-16T11:55:56","date_gmt":"2025-05-16T03:55:56","guid":{"rendered":"https:\/\/rmvapebang.com\/?post_type=product&#038;p=4170"},"modified":"2025-09-05T11:22:16","modified_gmt":"2025-09-05T03:22:16","slug":"vopk-triple-60000-puff-super-low-price-best-seller","status":"publish","type":"product","link":"https:\/\/rmvapebang.com\/pl\/product\/vopk-triple-60000-puff-super-low-price-best-seller\/","title":{"rendered":"VOPK Triple 60000 PUFF Super Niska Cena Bestseller"},"content":{"rendered":"<h2>VOPK Triple 60000 PUFF Super Niska Cena Bestseller<\/h2>\n<div class=\"flex-1 overflow-hidden\">\n<div class=\"react-scroll-to-bottom--css-rkeqe-79elbk h-full\">\n<div class=\"react-scroll-to-bottom--css-rkeqe-1n7m0yu\">\n<div class=\"flex flex-col text-sm pb-9\">\n<div class=\"w-full text-token-text-primary\" data-testid=\"conversation-turn-7\">\n<div class=\"px-4 py-2 justify-center text-base md:gap-6 m-auto\">\n<div class=\"flex flex-1 text-base mx-auto gap-3 md:px-5 lg:px-1 xl:px-5 md:max-w-3xl lg:max-w-[40rem] xl:max-w-[48rem] group final-completion\">\n<div class=\"relative flex w-full flex-col agent-turn\">\n<div class=\"flex-col gap-1 md:gap-3\">\n<div class=\"flex flex-grow flex-col max-w-full\">\n<div class=\"min-h-[20px] text-message flex flex-col items-start gap-3 whitespace-pre-wrap break-words [.text-message+&amp;]:mt-5 overflow-x-auto\" data-message-author-role=\"assistant\" data-message-id=\"a1f3b89f-a1c9-497d-a989-579b96e752e6\">\n<div class=\"markdown prose w-full break-words dark:prose-invert light\">\n<p>VOPK Triple 60000 PUFF Super Low Price Best Seller oferuje trzy r\u00f3\u017cne smaki w jednym eleganckim urz\u0105dzeniu <strong><a href=\"https:\/\/rmvapebang.com\/pl\/product-category\/vape-60000-puffs\/\">60000 zaci\u0105gni\u0119\u0107, jednorazowy vape<\/a> <\/strong>wspieranym przez bateri\u0119 650 mAh i niezwyk\u0142\u0105 pojemno\u015b\u0107 54 ml e-liquidu. Zapewniaj\u0105c zdumiewaj\u0105ce 60 000 zaci\u0105gni\u0119\u0107, trzy smaki vape VOPK 60k zaci\u0105gni\u0119\u0107 gwarantuj\u0105 d\u0142ugotrwa\u0142\u0105 satysfakcj\u0119, a dzi\u0119ki \u017cywemu wy\u015bwietlaczowi LED i opcjom mocy nikotyny 2% lub 5%, u\u017cytkownicy mog\u0105 cieszy\u0107 si\u0119 pe\u0142n\u0105 kontrol\u0105 i r\u00f3\u017cnorodno\u015bci\u0105 smak\u00f3w jak nigdy dot\u0105d.<\/p>\n<p><a href=\"https:\/\/rmvapebang.com\/pl\/product-category\/vopk-vapes\/\"><strong>Vape VOPK<\/strong> <\/a>60000 oferowany w bezkonkurencyjnej, super niskiej cenie hurtowej, jednorazowy VOPK Triple 60000 to pozycja obowi\u0105zkowa dla powa\u017cnych dystrybutor\u00f3w i sklep\u00f3w z vape, kt\u00f3rzy chc\u0105 zdominowa\u0107 rynek.<\/p>\n<p><img loading=\"lazy\" decoding=\"async\" class=\"alignnone wp-image-4163 size-full\" src=\"http:\/\/rmvapebang.com\/wp-content\/uploads\/2025\/04\/Vopk-display-vape-60000-puffs-best-price.webp\" alt=\"Vopk display vape 60000 zaci\u0105gni\u0119\u0107 najlepsza cena\" width=\"800\" height=\"800\" srcset=\"https:\/\/rmvapebang.com\/wp-content\/uploads\/2025\/04\/Vopk-display-vape-60000-puffs-best-price.webp 800w, https:\/\/rmvapebang.com\/wp-content\/uploads\/2025\/04\/Vopk-display-vape-60000-puffs-best-price-300x300.webp 300w, https:\/\/rmvapebang.com\/wp-content\/uploads\/2025\/04\/Vopk-display-vape-60000-puffs-best-price-150x150.webp 150w, https:\/\/rmvapebang.com\/wp-content\/uploads\/2025\/04\/Vopk-display-vape-60000-puffs-best-price-768x768.webp 768w, https:\/\/rmvapebang.com\/wp-content\/uploads\/2025\/04\/Vopk-display-vape-60000-puffs-best-price-600x600.webp 600w, https:\/\/rmvapebang.com\/wp-content\/uploads\/2025\/04\/Vopk-display-vape-60000-puffs-best-price-100x100.webp 100w\" sizes=\"auto, (max-width: 800px) 100vw, 800px\" \/><\/p>\n<\/div>\n<\/div>\n<\/div>\n<\/div>\n<\/div>\n<\/div>\n<\/div>\n<\/div>\n<\/div>\n<\/div>\n<\/div>\n<\/div>\n<h2><strong>Jakie s\u0105 smaki dla jednorazowego vape 60k VOPK?<\/strong><\/h2>\n<p>1. Arbuzowy l\u00f3d<br \/>\n2. Truskawka banan<br \/>\n3. Brzoskwinia jagoda<br \/>\n4. Kwa\u015bne mango ananas<br \/>\n5. Kiwi marakuja<br \/>\n6. Podw\u00f3jne jab\u0142ko l\u00f3d<br \/>\n7. Winogronowy l\u00f3d<br \/>\n8. Truskawka arbuz<br \/>\n9. Banan ananas<br \/>\n10. \u017belkowy mi\u015b<\/p>\n<p><span style=\"font-size: 1.7em;font-weight: bold\">Specyfikacje dla VOPK triple 60k Puffs:<\/span><\/p>\n<p>\u2013<em><strong><span style=\"color: #ff0000\">60 tys.<\/span><\/strong><\/em> Zaci\u0105gni\u0119\u0107<br \/>\n\u2013 <em><strong><span style=\"color: #ff0000\">10<\/span> <\/strong><\/em>potr\u00f3jne smaki<br \/>\n\u2013 <em><strong><span style=\"color: #ff0000\">2%\/5%<\/span><\/strong><\/em> Moc Nikotyny<br \/>\n\u2013<strong><em><span style=\"color: #ff0000\">54<\/span><span style=\"color: #ff0000\"><em><strong>m<\/strong><\/em>L<\/span><\/em><\/strong> Pojemno\u015b\u0107 E-liquidu<br \/>\n\u2013 Pojemno\u015b\u0107 baterii <strong><em><span style=\"color: #ff0000\">650 mAh<\/span><\/em><\/strong><\/p>\n<h3>FAQ:<\/h3>\n<p>P: Jakie jest MOQ dla tego e-papierosa?<\/p>\n<p>O: Minimalna ilo\u015b\u0107 zam\u00f3wienia (MOQ) dla VOPK smart screen 60k Puffs Vape wynosi 50 sztuk.<\/p>\n<p>P: Jaki jest czas dostawy zam\u00f3wionego przeze mnie VOPK display 60k Puffs Vape?<\/p>\n<p>O: Zazwyczaj czas dostawy dla VOPK 60k vape wynosi 10-15 dni po wys\u0142aniu.<\/p>\n<p>P: Ile kosztuje wysy\u0142ka VOPK 60k triple Vape?<\/p>\n<p>O: Koszt wysy\u0142ki r\u00f3\u017cni si\u0119 w zale\u017cno\u015bci od wagi zam\u00f3wienia. R\u00f3\u017cne ilo\u015bci mog\u0105 mie\u0107 r\u00f3\u017cne koszty wysy\u0142ki. Skontaktuj si\u0119 z nami, aby potwierdzi\u0107 koszt wysy\u0142ki dla konkretnego zam\u00f3wienia.<\/p>\n<p>P: Czy jednorazowy e-papieros VOPK 60000 Puffs mo\u017ce zosta\u0107 wys\u0142any do mojego kraju?<\/p>\n<p>O: Tak, mo\u017cemy wys\u0142a\u0107 e-papierosy VOPK 60k Puffs do wi\u0119kszo\u015bci kraj\u00f3w europejskich, w tym mi\u0119dzy innymi do Holandii, Niemiec, Francji, Hiszpanii, W\u0142och, Belgii, Luksemburga, Austrii, Czech, S\u0142owacji, W\u0119gier, S\u0142owenii, Rumunii, Bu\u0142garii, Grecji, Polski, Szwecji, Irlandii, Portugalii, Finlandii, Estonii, \u0141otwy i Litwy. Je\u015bli masz konkretne pytania dotycz\u0105ce wysy\u0142ki do Twojego kraju, skontaktuj si\u0119 z nami.<\/p>\n<p><strong>Skontaktuj si\u0119 z Lyn, aby uzyska\u0107 wi\u0119cej film\u00f3w o produktach!<\/strong><\/p>\n<p><a href=\"https:\/\/wa.me\/8617840853976\"><span style=\"color: #ff6600\"><strong><em>Whatsapp:+86 17840853976<\/em><\/strong><\/span><\/a><\/p>\n<p><img loading=\"lazy\" decoding=\"async\" class=\"alignnone size-medium wp-image-1905\" src=\"http:\/\/rmvapebang.com\/wp-content\/uploads\/2024\/03\/whatsapp-vape-2-202x300.jpg\" alt=\"\" width=\"202\" height=\"300\" \/><\/p>\n<p>Znajd\u017a wi\u0119cej produkt\u00f3w, kt\u00f3re mog\u0105 Ci si\u0119 spodoba\u0107:<a href=\"https:\/\/rmvapebang.com\/pl\/shop-page\/\"><strong><em>Kup teraz<\/em><\/strong><\/a><\/p>\n<p>inne chmurki, kt\u00f3re mog\u0105 Ci si\u0119 spodoba\u0107:<a href=\"https:\/\/rmvapebang.com\/pl\/product\/vozol-vista-20k-bulk-price-20000-vapes\/\">vozol vista 20 tysi\u0119cy puf\u00f3w<\/a><a href=\"https:\/\/rmvapebang.com\/pl\/product\/bang-15k-puffs-shisha-15000-vapes\/\">\/<\/a><a href=\"https:\/\/rmvapebang.com\/pl\/product\/fluum-box-15000-puffs-digital-15k-vape\/\">pude\u0142ko fluum 15ooo vape'\u00f3w\/<\/a><a href=\"https:\/\/rmvapebang.com\/pl\/product\/fihp-tornado-15000-puffs-bulk-price-cheap-sale\/\">fihp tornado 15 tysi\u0119cy zaci\u0105gni\u0119\u0107<\/a>\/<a href=\"https:\/\/rmvapebang.com\/pl\/product\/vapme-crystal-20k-puff-vape-wholesale-best-sale\/\">vapme crystal vape 20 tysi\u0119cy puf\u00f3w podw\u00f3jne smaki<\/a>\/<a href=\"https:\/\/rmvapebang.com\/pl\/product\/alfakh-crown-bar-20k-vape-wholesale-direct-price-hot-deal\/\">ALFAKH CROWN BAR 20K VAPE<\/a><\/p>","protected":false},"excerpt":{"rendered":"<p><span style=\"color: #ff0000\"><strong>UWAGA<\/strong>:<em> Ceny na stronie internetowej nie zawieraj\u0105 op\u0142aty za wysy\u0142k\u0119. Prosz\u0119 poda\u0107 kod pocztowy i adres, aby\u015bmy mogli sprawdzi\u0107 koszty wysy\u0142ki.<\/em><\/span><br \/>\nPotr\u00f3j swoje zyski dzi\u0119ki VOPK Triple 60000 PUFF! Zaoferuj swoim klientom niezr\u00f3wnan\u0105 r\u00f3\u017cnorodno\u015b\u0107 smak\u00f3w i warto\u015b\u0107 \u2013 zam\u00f3wienia hurtowe s\u0105 ju\u017c otwarte w super niskich cenach.<\/p>\n<p><strong><em>Whatsapp:<a href=\"https:\/\/wa.me\/8617840853976\">+86 17840853976<\/a><\/em><\/strong><\/p>\n<p>Zeskanuj na Whatsapp, aby otrzyma\u0107 kupon dla nowego klienta<\/p>\n<p><img loading=\"lazy\" decoding=\"async\" class=\"alignnone size-medium wp-image-1905\" src=\"http:\/\/rmvapebang.com\/wp-content\/uploads\/2024\/03\/whatsapp-vape-2-202x300.jpg\" alt=\"\" width=\"202\" height=\"300\" \/><\/p>","protected":false},"featured_media":4164,"comment_status":"open","ping_status":"closed","template":"","meta":{"_uag_custom_page_level_css":"","_lmt_disableupdate":"no","_lmt_disable":"","site-sidebar-layout":"no-sidebar","site-content-layout":"boxed-container","ast-site-content-layout":"normal-width-container","site-content-style":"boxed","site-sidebar-style":"boxed","ast-global-header-display":"","ast-banner-title-visibility":"","ast-main-header-display":"","ast-hfb-above-header-display":"","ast-hfb-below-header-display":"","ast-hfb-mobile-header-display":"","site-post-title":"","ast-breadcrumbs-content":"","ast-featured-img":"","footer-sml-layout":"","theme-transparent-header-meta":"default","adv-header-id-meta":"","stick-header-meta":"","header-above-stick-meta":"","header-main-stick-meta":"","header-below-stick-meta":"","astra-migrate-meta-layouts":"set","ast-page-background-enabled":"default","ast-page-background-meta":{"desktop":{"background-color":"","background-image":"","background-repeat":"repeat","background-position":"center center","background-size":"auto","background-attachment":"scroll","background-type":"","background-media":"","overlay-type":"","overlay-color":"","overlay-gradient":""},"tablet":{"background-color":"","background-image":"","background-repeat":"repeat","background-position":"center center","background-size":"auto","background-attachment":"scroll","background-type":"","background-media":"","overlay-type":"","overlay-color":"","overlay-gradient":""},"mobile":{"background-color":"","background-image":"","background-repeat":"repeat","background-position":"center center","background-size":"auto","background-attachment":"scroll","background-type":"","background-media":"","overlay-type":"","overlay-color":"","overlay-gradient":""}},"ast-content-background-meta":{"desktop":{"background-color":"var(--ast-global-color-5)","background-image":"","background-repeat":"repeat","background-position":"center center","background-size":"auto","background-attachment":"scroll","background-type":"","background-media":"","overlay-type":"","overlay-color":"","overlay-gradient":""},"tablet":{"background-color":"var(--ast-global-color-5)","background-image":"","background-repeat":"repeat","background-position":"center center","background-size":"auto","background-attachment":"scroll","background-type":"","background-media":"","overlay-type":"","overlay-color":"","overlay-gradient":""},"mobile":{"background-color":"var(--ast-global-color-5)","background-image":"","background-repeat":"repeat","background-position":"center center","background-size":"auto","background-attachment":"scroll","background-type":"","background-media":"","overlay-type":"","overlay-color":"","overlay-gradient":""}},"_joinchat":[]},"product_brand":[],"product_cat":[39,41,128,42,40,131,179,43,144],"product_tag":[102,103,50,51,67,57,58,73,53,52],"class_list":{"0":"post-4170","1":"product","2":"type-product","3":"status-publish","4":"has-post-thumbnail","6":"product_cat-france-wholesale-vape","7":"product_cat-netherlands-wholesale-vape","8":"product_cat-smart-display","9":"product_cat-spain-wholesale-vape","10":"product_cat-germany-wholesale-vape","11":"product_cat-tornado-vape-wholesale-price-hot-sale","12":"product_cat-vape-60000-puffs","13":"product_cat-vape-shop","14":"product_cat-vopk-vapes","15":"product_tag-30000-puffs","16":"product_tag-30k-puffs","17":"product_tag-bulk-price-vape-shop","18":"product_tag-disposable-vape","19":"product_tag-fast-price-sales","20":"product_tag-minimum-order-quantity-50pcs","21":"product_tag-moq-50pcs","22":"product_tag-new-product","23":"product_tag-rechargeable-vape","24":"product_tag-vape-wholesasle-price","25":"desktop-align-left","26":"tablet-align-left","27":"mobile-align-left","29":"first","30":"instock","31":"sale","32":"shipping-taxable","33":"purchasable","34":"product-type-simple"},"yoast_head":"<!-- This site is optimized with the Yoast SEO plugin v23.0 - https:\/\/yoast.com\/wordpress\/plugins\/seo\/ -->\n<title>VOPK Triple 60000 PUFF Super Low Price Best Seller - rmvapebang.com<\/title>\n<meta name=\"description\" content=\"VOPK Triple 60000 PUFF \u2014 3-in-1 flavors, LED display, 60,000 puffs, super low wholesale price, best-selling bulk buy vape device!\" \/>\n<meta name=\"robots\" content=\"index, follow, max-snippet:-1, max-image-preview:large, max-video-preview:-1\" \/>\n<link rel=\"canonical\" href=\"https:\/\/rmvapebang.com\/pl\/product\/vopk-triple-60000-puff-super-low-price-best-seller\/\" \/>\n<meta property=\"og:locale\" content=\"pl_PL\" \/>\n<meta property=\"og:type\" content=\"article\" \/>\n<meta property=\"og:title\" content=\"VOPK Triple 60000 PUFF Super Low Price Best Seller - rmvapebang.com\" \/>\n<meta property=\"og:description\" content=\"VOPK Triple 60000 PUFF \u2014 3-in-1 flavors, LED display, 60,000 puffs, super low wholesale price, best-selling bulk buy vape device!\" \/>\n<meta property=\"og:url\" content=\"https:\/\/rmvapebang.com\/pl\/product\/vopk-triple-60000-puff-super-low-price-best-seller\/\" \/>\n<meta property=\"og:site_name\" content=\"rmvapebang.com\" \/>\n<meta property=\"article:modified_time\" content=\"2025-09-05T03:22:16+00:00\" \/>\n<meta property=\"og:image\" content=\"https:\/\/rmvapebang.com\/wp-content\/uploads\/2025\/04\/Vopk-display-vape-60000-puffs-Top-sale.webp\" \/>\n\t<meta property=\"og:image:width\" content=\"800\" \/>\n\t<meta property=\"og:image:height\" content=\"800\" \/>\n\t<meta property=\"og:image:type\" content=\"image\/webp\" \/>\n<meta name=\"twitter:card\" content=\"summary_large_image\" \/>\n<meta name=\"twitter:label1\" content=\"Szacowany czas czytania\" \/>\n\t<meta name=\"twitter:data1\" content=\"3 minuty\" \/>\n<script type=\"application\/ld+json\" class=\"yoast-schema-graph\">{\"@context\":\"https:\/\/schema.org\",\"@graph\":[{\"@type\":\"WebPage\",\"@id\":\"https:\/\/rmvapebang.com\/cs\/product\/vopk-triple-60000-puff-super-low-price-best-seller\/\",\"url\":\"https:\/\/rmvapebang.com\/cs\/product\/vopk-triple-60000-puff-super-low-price-best-seller\/\",\"name\":\"VOPK Triple 60000 PUFF Super Low Price Best Seller - rmvapebang.com\",\"isPartOf\":{\"@id\":\"https:\/\/rmvapebang.com\/#website\"},\"primaryImageOfPage\":{\"@id\":\"https:\/\/rmvapebang.com\/cs\/product\/vopk-triple-60000-puff-super-low-price-best-seller\/#primaryimage\"},\"image\":{\"@id\":\"https:\/\/rmvapebang.com\/cs\/product\/vopk-triple-60000-puff-super-low-price-best-seller\/#primaryimage\"},\"thumbnailUrl\":\"https:\/\/rmvapebang.com\/wp-content\/uploads\/2025\/04\/Vopk-display-vape-60000-puffs-Top-sale.webp\",\"datePublished\":\"2025-05-16T03:55:56+00:00\",\"dateModified\":\"2025-09-05T03:22:16+00:00\",\"description\":\"VOPK Triple 60000 PUFF \u2014 3-in-1 flavors, LED display, 60,000 puffs, super low wholesale price, best-selling bulk buy vape device!\",\"breadcrumb\":{\"@id\":\"https:\/\/rmvapebang.com\/cs\/product\/vopk-triple-60000-puff-super-low-price-best-seller\/#breadcrumb\"},\"inLanguage\":\"pl-PL\",\"potentialAction\":[{\"@type\":\"ReadAction\",\"target\":[\"https:\/\/rmvapebang.com\/cs\/product\/vopk-triple-60000-puff-super-low-price-best-seller\/\"]}]},{\"@type\":\"ImageObject\",\"inLanguage\":\"pl-PL\",\"@id\":\"https:\/\/rmvapebang.com\/cs\/product\/vopk-triple-60000-puff-super-low-price-best-seller\/#primaryimage\",\"url\":\"https:\/\/rmvapebang.com\/wp-content\/uploads\/2025\/04\/Vopk-display-vape-60000-puffs-Top-sale.webp\",\"contentUrl\":\"https:\/\/rmvapebang.com\/wp-content\/uploads\/2025\/04\/Vopk-display-vape-60000-puffs-Top-sale.webp\",\"width\":800,\"height\":800,\"caption\":\"Vopk display vape 60000 puffs Top sale\"},{\"@type\":\"BreadcrumbList\",\"@id\":\"https:\/\/rmvapebang.com\/cs\/product\/vopk-triple-60000-puff-super-low-price-best-seller\/#breadcrumb\",\"itemListElement\":[{\"@type\":\"ListItem\",\"position\":1,\"name\":\"Home\",\"item\":\"https:\/\/rmvapebang.com\/\"},{\"@type\":\"ListItem\",\"position\":2,\"name\":\"Hot Vape Shop\",\"item\":\"https:\/\/rmvapebang.com\/shop-page\/\"},{\"@type\":\"ListItem\",\"position\":3,\"name\":\"VOPK Triple 60000 PUFF Super Low Price Best Seller\"}]},{\"@type\":\"WebSite\",\"@id\":\"https:\/\/rmvapebang.com\/#website\",\"url\":\"https:\/\/rmvapebang.com\/\",\"name\":\"rmvapebang.com\",\"description\":\"buy vape cheap\",\"publisher\":{\"@id\":\"https:\/\/rmvapebang.com\/#organization\"},\"potentialAction\":[{\"@type\":\"SearchAction\",\"target\":{\"@type\":\"EntryPoint\",\"urlTemplate\":\"https:\/\/rmvapebang.com\/?s={search_term_string}\"},\"query-input\":\"required name=search_term_string\"}],\"inLanguage\":\"pl-PL\"},{\"@type\":\"Organization\",\"@id\":\"https:\/\/rmvapebang.com\/#organization\",\"name\":\"rmvapebang.com\",\"url\":\"https:\/\/rmvapebang.com\/\",\"logo\":{\"@type\":\"ImageObject\",\"inLanguage\":\"pl-PL\",\"@id\":\"https:\/\/rmvapebang.com\/#\/schema\/logo\/image\/\",\"url\":\"https:\/\/rmvapebang.com\/wp-content\/uploads\/2024\/03\/cropped-RVBlogo.png\",\"contentUrl\":\"https:\/\/rmvapebang.com\/wp-content\/uploads\/2024\/03\/cropped-RVBlogo.png\",\"width\":507,\"height\":169,\"caption\":\"rmvapebang.com\"},\"image\":{\"@id\":\"https:\/\/rmvapebang.com\/#\/schema\/logo\/image\/\"}}]}<\/script>\n<!-- \/ Yoast SEO plugin. -->","yoast_head_json":{"title":"VOPK Triple 60000 PUFF Super Low Price Best Seller - rmvapebang.com","description":"VOPK Triple 60000 PUFF \u2014 3-in-1 flavors, LED display, 60,000 puffs, super low wholesale price, best-selling bulk buy vape device!","robots":{"index":"index","follow":"follow","max-snippet":"max-snippet:-1","max-image-preview":"max-image-preview:large","max-video-preview":"max-video-preview:-1"},"canonical":"https:\/\/rmvapebang.com\/pl\/product\/vopk-triple-60000-puff-super-low-price-best-seller\/","og_locale":"pl_PL","og_type":"article","og_title":"VOPK Triple 60000 PUFF Super Low Price Best Seller - rmvapebang.com","og_description":"VOPK Triple 60000 PUFF \u2014 3-in-1 flavors, LED display, 60,000 puffs, super low wholesale price, best-selling bulk buy vape device!","og_url":"https:\/\/rmvapebang.com\/pl\/product\/vopk-triple-60000-puff-super-low-price-best-seller\/","og_site_name":"rmvapebang.com","article_modified_time":"2025-09-05T03:22:16+00:00","og_image":[{"width":800,"height":800,"url":"https:\/\/rmvapebang.com\/wp-content\/uploads\/2025\/04\/Vopk-display-vape-60000-puffs-Top-sale.webp","type":"image\/webp"}],"twitter_card":"summary_large_image","twitter_misc":{"Szacowany czas czytania":"3 minuty"},"schema":{"@context":"https:\/\/schema.org","@graph":[{"@type":"WebPage","@id":"https:\/\/rmvapebang.com\/cs\/product\/vopk-triple-60000-puff-super-low-price-best-seller\/","url":"https:\/\/rmvapebang.com\/cs\/product\/vopk-triple-60000-puff-super-low-price-best-seller\/","name":"VOPK Triple 60000 PUFF Super Low Price Best Seller - rmvapebang.com","isPartOf":{"@id":"https:\/\/rmvapebang.com\/#website"},"primaryImageOfPage":{"@id":"https:\/\/rmvapebang.com\/cs\/product\/vopk-triple-60000-puff-super-low-price-best-seller\/#primaryimage"},"image":{"@id":"https:\/\/rmvapebang.com\/cs\/product\/vopk-triple-60000-puff-super-low-price-best-seller\/#primaryimage"},"thumbnailUrl":"https:\/\/rmvapebang.com\/wp-content\/uploads\/2025\/04\/Vopk-display-vape-60000-puffs-Top-sale.webp","datePublished":"2025-05-16T03:55:56+00:00","dateModified":"2025-09-05T03:22:16+00:00","description":"VOPK Triple 60000 PUFF \u2014 3-in-1 flavors, LED display, 60,000 puffs, super low wholesale price, best-selling bulk buy vape device!","breadcrumb":{"@id":"https:\/\/rmvapebang.com\/cs\/product\/vopk-triple-60000-puff-super-low-price-best-seller\/#breadcrumb"},"inLanguage":"pl-PL","potentialAction":[{"@type":"ReadAction","target":["https:\/\/rmvapebang.com\/cs\/product\/vopk-triple-60000-puff-super-low-price-best-seller\/"]}]},{"@type":"ImageObject","inLanguage":"pl-PL","@id":"https:\/\/rmvapebang.com\/cs\/product\/vopk-triple-60000-puff-super-low-price-best-seller\/#primaryimage","url":"https:\/\/rmvapebang.com\/wp-content\/uploads\/2025\/04\/Vopk-display-vape-60000-puffs-Top-sale.webp","contentUrl":"https:\/\/rmvapebang.com\/wp-content\/uploads\/2025\/04\/Vopk-display-vape-60000-puffs-Top-sale.webp","width":800,"height":800,"caption":"Vopk display vape 60000 puffs Top sale"},{"@type":"BreadcrumbList","@id":"https:\/\/rmvapebang.com\/cs\/product\/vopk-triple-60000-puff-super-low-price-best-seller\/#breadcrumb","itemListElement":[{"@type":"ListItem","position":1,"name":"Home","item":"https:\/\/rmvapebang.com\/"},{"@type":"ListItem","position":2,"name":"Hot Vape Shop","item":"https:\/\/rmvapebang.com\/shop-page\/"},{"@type":"ListItem","position":3,"name":"VOPK Triple 60000 PUFF Super Low Price Best Seller"}]},{"@type":"WebSite","@id":"https:\/\/rmvapebang.com\/#website","url":"https:\/\/rmvapebang.com\/","name":"rmvapebang.com","description":"buy vape cheap","publisher":{"@id":"https:\/\/rmvapebang.com\/#organization"},"potentialAction":[{"@type":"SearchAction","target":{"@type":"EntryPoint","urlTemplate":"https:\/\/rmvapebang.com\/?s={search_term_string}"},"query-input":"required name=search_term_string"}],"inLanguage":"pl-PL"},{"@type":"Organization","@id":"https:\/\/rmvapebang.com\/#organization","name":"rmvapebang.com","url":"https:\/\/rmvapebang.com\/","logo":{"@type":"ImageObject","inLanguage":"pl-PL","@id":"https:\/\/rmvapebang.com\/#\/schema\/logo\/image\/","url":"https:\/\/rmvapebang.com\/wp-content\/uploads\/2024\/03\/cropped-RVBlogo.png","contentUrl":"https:\/\/rmvapebang.com\/wp-content\/uploads\/2024\/03\/cropped-RVBlogo.png","width":507,"height":169,"caption":"rmvapebang.com"},"image":{"@id":"https:\/\/rmvapebang.com\/#\/schema\/logo\/image\/"}}]}},"uagb_featured_image_src":{"full":["https:\/\/rmvapebang.com\/wp-content\/uploads\/2025\/04\/Vopk-display-vape-60000-puffs-Top-sale.webp",800,800,false],"thumbnail":["https:\/\/rmvapebang.com\/wp-content\/uploads\/2025\/04\/Vopk-display-vape-60000-puffs-Top-sale-150x150.webp",150,150,true],"medium":["https:\/\/rmvapebang.com\/wp-content\/uploads\/2025\/04\/Vopk-display-vape-60000-puffs-Top-sale-300x300.webp",300,300,true],"medium_large":["https:\/\/rmvapebang.com\/wp-content\/uploads\/2025\/04\/Vopk-display-vape-60000-puffs-Top-sale-768x768.webp",768,768,true],"large":["https:\/\/rmvapebang.com\/wp-content\/uploads\/2025\/04\/Vopk-display-vape-60000-puffs-Top-sale.webp",800,800,false],"1536x1536":["https:\/\/rmvapebang.com\/wp-content\/uploads\/2025\/04\/Vopk-display-vape-60000-puffs-Top-sale.webp",800,800,false],"2048x2048":["https:\/\/rmvapebang.com\/wp-content\/uploads\/2025\/04\/Vopk-display-vape-60000-puffs-Top-sale.webp",800,800,false],"trp-custom-language-flag":["https:\/\/rmvapebang.com\/wp-content\/uploads\/2025\/04\/Vopk-display-vape-60000-puffs-Top-sale.webp",12,12,false],"woocommerce_thumbnail":["https:\/\/rmvapebang.com\/wp-content\/uploads\/2025\/04\/Vopk-display-vape-60000-puffs-Top-sale-300x300.webp",300,300,true],"woocommerce_single":["https:\/\/rmvapebang.com\/wp-content\/uploads\/2025\/04\/Vopk-display-vape-60000-puffs-Top-sale-600x600.webp",600,600,true],"woocommerce_gallery_thumbnail":["https:\/\/rmvapebang.com\/wp-content\/uploads\/2025\/04\/Vopk-display-vape-60000-puffs-Top-sale-100x100.webp",100,100,true],"wcpr-photo-reviews":["https:\/\/rmvapebang.com\/wp-content\/uploads\/2025\/04\/Vopk-display-vape-60000-puffs-Top-sale.webp",500,500,false]},"uagb_author_info":{"display_name":"Lyn","author_link":"https:\/\/rmvapebang.com\/pl\/author\/"},"uagb_comment_info":0,"uagb_excerpt":"NOTE: Prices on the website don\u2019t include shipping fee. Please send your zip code and address that we can check shipping costs for you. Triple your profits with VOPK Triple 60000 PUFF! Offer your customers unmatched flavor variety and value \u2014 wholesale orders are now open at super low prices. Whatsapp:+86 17840853976 Scan on whatsapp&hellip;","_links":{"self":[{"href":"https:\/\/rmvapebang.com\/pl\/wp-json\/wp\/v2\/product\/4170","targetHints":{"allow":["GET"]}}],"collection":[{"href":"https:\/\/rmvapebang.com\/pl\/wp-json\/wp\/v2\/product"}],"about":[{"href":"https:\/\/rmvapebang.com\/pl\/wp-json\/wp\/v2\/types\/product"}],"replies":[{"embeddable":true,"href":"https:\/\/rmvapebang.com\/pl\/wp-json\/wp\/v2\/comments?post=4170"}],"wp:featuredmedia":[{"embeddable":true,"href":"https:\/\/rmvapebang.com\/pl\/wp-json\/wp\/v2\/media\/4164"}],"wp:attachment":[{"href":"https:\/\/rmvapebang.com\/pl\/wp-json\/wp\/v2\/media?parent=4170"}],"wp:term":[{"taxonomy":"product_brand","embeddable":true,"href":"https:\/\/rmvapebang.com\/pl\/wp-json\/wp\/v2\/product_brand?post=4170"},{"taxonomy":"product_cat","embeddable":true,"href":"https:\/\/rmvapebang.com\/pl\/wp-json\/wp\/v2\/product_cat?post=4170"},{"taxonomy":"product_tag","embeddable":true,"href":"https:\/\/rmvapebang.com\/pl\/wp-json\/wp\/v2\/product_tag?post=4170"}],"curies":[{"name":"wp","href":"https:\/\/api.w.org\/{rel}","templated":true}]}}