{"id":2509,"date":"2024-07-05T14:28:07","date_gmt":"2024-07-05T06:28:07","guid":{"rendered":"https:\/\/rmvapebang.com\/?post_type=product&#038;p=2509"},"modified":"2024-12-14T17:03:05","modified_gmt":"2024-12-14T09:03:05","slug":"aivono-aim-star-6500-puffs-vape-bulk-sales","status":"publish","type":"product","link":"https:\/\/rmvapebang.com\/pl\/product\/aivono-aim-star-6500-puffs-vape-bulk-sales\/","title":{"rendered":"AIVONO AIM STAR 6500 zaci\u0105gni\u0119\u0107 Vape Sprzeda\u017c hurtowa"},"content":{"rendered":"<h1>AIVONO AIM STAR 6500 zaci\u0105gni\u0119\u0107 Vape Sprzeda\u017c hurtowa<\/h1>\n<div class=\"flex-1 overflow-hidden\">\n<div class=\"react-scroll-to-bottom--css-rkeqe-79elbk h-full\">\n<div class=\"react-scroll-to-bottom--css-rkeqe-1n7m0yu\">\n<div class=\"flex flex-col text-sm pb-9\">\n<div class=\"w-full text-token-text-primary\" data-testid=\"conversation-turn-7\">\n<div class=\"px-4 py-2 justify-center text-base md:gap-6 m-auto\">\n<div class=\"flex flex-1 text-base mx-auto gap-3 md:px-5 lg:px-1 xl:px-5 md:max-w-3xl lg:max-w-[40rem] xl:max-w-[48rem] group final-completion\">\n<div class=\"relative flex w-full flex-col agent-turn\">\n<div class=\"flex-col gap-1 md:gap-3\">\n<div class=\"flex flex-grow flex-col max-w-full\">\n<div class=\"min-h-[20px] text-message flex flex-col items-start gap-3 whitespace-pre-wrap break-words [.text-message+&amp;]:mt-5 overflow-x-auto\" data-message-author-role=\"assistant\" data-message-id=\"a1f3b89f-a1c9-497d-a989-579b96e752e6\">\n<div class=\"markdown prose w-full break-words dark:prose-invert light\">\n<p>AIVONO AIM STAR 6500 Zaci\u0105gni\u0119\u0107 Vape Sprzeda\u017c Hurtowa to wysokiej jako\u015bci i wygodne urz\u0105dzenie, kt\u00f3re zapewnia do 6500 zaci\u0105gni\u0119\u0107. 6500 zaci\u0105gni\u0119\u0107 aivono star ma 13 ml p\u0142ynu, zawarto\u015b\u0107 nikotyny mo\u017cna wybra\u0107 na poziomie 2% i 5%, a wyb\u00f3r jest elastyczny, dost\u0119pnych jest 10 pysznych smak\u00f3w. Kt\u00f3ry mo\u017ce zaspokoi\u0107 preferencje u\u017cytkownika dotycz\u0105ce e-papieros\u00f3w, ten e-papieros jest wyposa\u017cony w bateri\u0119 650 mAh, a do \u0142adowania mo\u017cna u\u017cy\u0107 \u0142adowarki Type-C. Wygl\u0105d AIM STAR 6500 zaci\u0105gni\u0119\u0107 AIVONO vapes przypomina ma\u0142e pude\u0142ko, kt\u00f3re jest wygodne do \u0142adowania i przenoszenia, dzi\u0119ki czemu bardzo nadaje si\u0119 do u\u017cytku poza domem. Wybierz jednorazowe e-papierosy, a mo\u017ce spr\u00f3bujesz aivono 6500 zaci\u0105gni\u0119\u0107 vape?<\/p>\n<p><img loading=\"lazy\" decoding=\"async\" class=\"alignnone wp-image-2508\" src=\"http:\/\/rmvapebang.com\/wp-content\/uploads\/2024\/07\/aivono-aim-6500-vapes-star.png\" alt=\"aivono aim 6500 vapes star\" width=\"654\" height=\"523\" srcset=\"https:\/\/rmvapebang.com\/wp-content\/uploads\/2024\/07\/aivono-aim-6500-vapes-star.png 1000w, https:\/\/rmvapebang.com\/wp-content\/uploads\/2024\/07\/aivono-aim-6500-vapes-star-300x240.png 300w, https:\/\/rmvapebang.com\/wp-content\/uploads\/2024\/07\/aivono-aim-6500-vapes-star-768x614.png 768w, https:\/\/rmvapebang.com\/wp-content\/uploads\/2024\/07\/aivono-aim-6500-vapes-star-600x479.png 600w\" sizes=\"auto, (max-width: 654px) 100vw, 654px\" \/><\/p>\n<\/div>\n<\/div>\n<\/div>\n<\/div>\n<\/div>\n<\/div>\n<\/div>\n<\/div>\n<\/div>\n<\/div>\n<\/div>\n<\/div>\n<h2><strong>Jakie s\u0105 smaki AIVONO vape 6500 zaci\u0105gni\u0119\u0107?<\/strong><\/h2>\n<fieldset class=\"variant-picker__option no-js:hidden\">\n<div>\n<div class=\"variant-picker__option-values wrap gap-2\" data-option-selector=\"\">1. Mieszanka jag\u00f3d<br \/>\n2. Cukierki mentolowe<br \/>\n3. Truskawka kiwi<br \/>\n4. Mieszane mango<br \/>\n5. Arbuz<br \/>\n6. L\u00f3d truskawkowy<br \/>\n7. Nap\u00f3j energetyczny<br \/>\n8. Jagoda niebieska razz<br \/>\n9. Coco melon<br \/>\n10. Sok brzoskwiniowy<\/div>\n<\/div>\n<\/fieldset>\n<fieldset class=\"variant-picker__option no-js:hidden\"><\/fieldset>\n<p><span style=\"font-size: 1.7em;font-weight: bold\">Specyfikacja AIVONO AIM STAR 6500 Zaci\u0105gni\u0119\u0107:<\/span><\/p>\n<p>\u2013 6500 zaci\u0105gni\u0119\u0107<br \/>\n\u2013 10 smak\u00f3w<br \/>\n\u2013 2%\/5% Moc nikotyny<br \/>\n\u2013 Pojemno\u015b\u0107 p\u0142ynu 13 ml<br \/>\n\u2013 Pojemno\u015b\u0107 baterii 650 mAh<\/p>\n<h3>FAQ:<\/h3>\n<p>P: Jaka jest minimalna ilo\u015b\u0107 zam\u00f3wienia (MOQ) AIVONO 6500 zaci\u0105gni\u0119\u0107 AIM STAR vape?<\/p>\n<p>O: Minimalna ilo\u015b\u0107 zam\u00f3wienia (MOQ) dla AIVONO 6500 zaci\u0105gni\u0119\u0107 AIM STAR vape to 100 sztuk.<\/p>\n<p>P: Jaki jest czas dostawy dla zam\u00f3wionego przeze mnie e-papierosa Aivono Star 6500 Puffs?<\/p>\n<p>O: Zazwyczaj czas dostawy dla zbiornika na e-papierosy Aivono 6500 Puff Vapes wynosi 10-15 dni po wysy\u0142ce.<\/p>\n<p>P: Ile kosztuje wysy\u0142ka e-papieros\u00f3w Aivono 6500 puffs?<\/p>\n<p>O: Koszt wysy\u0142ki r\u00f3\u017cni si\u0119 w zale\u017cno\u015bci od wagi zam\u00f3wienia. R\u00f3\u017cne ilo\u015bci mog\u0105 mie\u0107 r\u00f3\u017cne koszty wysy\u0142ki. Skontaktuj si\u0119 z nami, aby potwierdzi\u0107 koszt wysy\u0142ki dla konkretnego zam\u00f3wienia.<\/p>\n<p>P: Czy e-papieros AIVONO 6500 Puffs aim star mo\u017ce zosta\u0107 wys\u0142any do mojego kraju?<\/p>\n<p>O: Tak, mo\u017cemy wys\u0142a\u0107 e-papieros Aivono 6500 Puffs z aivono star do wi\u0119kszo\u015bci kraj\u00f3w europejskich, w tym mi\u0119dzy innymi do: Holandii, Niemiec, Francji, Hiszpanii, W\u0142och, Belgii, Luksemburga, Austrii, Czech, S\u0142owacji, W\u0119gier, S\u0142owenii, Rumunii, Bu\u0142garii, Grecji, Polski, Szwecji, Irlandii, Portugalii, Finlandii, Estonii, \u0141otwy i Litwy. Je\u015bli masz szczeg\u00f3\u0142owe pytania dotycz\u0105ce wysy\u0142ki do Twojego kraju, skontaktuj si\u0119 z nami w celu uzyskania dalszej pomocy.<\/p>\n<p><strong>Skontaktuj si\u0119 z Lyn, aby uzyska\u0107 wi\u0119cej film\u00f3w o produktach!<\/strong><\/p>\n<p><a href=\"https:\/\/wa.me\/8617840853976\"><span style=\"color: #ff6600\"><strong><em>Whatsapp:+86 17840853976<\/em><\/strong><\/span><\/a><\/p>\n<p><img loading=\"lazy\" decoding=\"async\" class=\"alignnone size-medium wp-image-1905\" src=\"http:\/\/rmvapebang.com\/wp-content\/uploads\/2024\/03\/whatsapp-vape-2-202x300.jpg\" alt=\"\" width=\"202\" height=\"300\" \/><\/p>\n<p>Znajd\u017a wi\u0119cej produkt\u00f3w, kt\u00f3re mog\u0105 Ci si\u0119 spodoba\u0107:<a href=\"https:\/\/rmvapebang.com\/pl\/shop-page\/\"><strong><em>Kup teraz<\/em><\/strong><\/a><\/p>\n<p>inne puff, kt\u00f3re mog\u0105 Ci si\u0119 spodoba\u0107:<a href=\"https:\/\/rmvapebang.com\/pl\/product\/randm-tornado-7000-puffs-hot-sales-wholesale-price-7k-vape\/\">vapsolo tornado 12k pro<\/a> \/<a href=\"https:\/\/rmvapebang.com\/pl\/product\/aivono-15k-puffs-bulk-price-15000-vapes\/\">aivono 15k vape<\/a>\/<a href=\"https:\/\/rmvapebang.com\/pl\/product\/bang-with-a-vape-30k-puffs-bulk-price\/\">bang 30k puffs vape<\/a><\/p>\n<p><span style=\"color: #ff0000\"><strong>Uwaga: Wszystkie produkty nie zawieraj\u0105 koszt\u00f3w wysy\u0142ki!!!<\/strong><\/span><\/p>","protected":false},"excerpt":{"rendered":"<p>AIVONO aim star 6500 Zaci\u0105gni\u0119\u0107 Hurtownia Cena Vape Wielokrotnego \u0141adowania<\/p>\n<p>AIVONO aim star vape to urz\u0105dzenie wielokrotnego \u0142adowania o du\u017cej pojemno\u015bci, oferuj\u0105ce 6500 zaci\u0105gni\u0119\u0107, 10 smak\u00f3w i 2% \/ 5% poziomu nikotyny.<\/p>\n<p><strong><em>Whatsapp:<a href=\"https:\/\/wa.me\/8617840853976\">+86 17840853976<\/a><\/em><\/strong><\/p>\n<p>Zeskanuj na Whatsapp, aby otrzyma\u0107 kupon dla nowego klienta<\/p>\n<p><img loading=\"lazy\" decoding=\"async\" class=\"alignnone size-medium wp-image-1905\" src=\"http:\/\/rmvapebang.com\/wp-content\/uploads\/2024\/03\/whatsapp-vape-2-202x300.jpg\" alt=\"\" width=\"202\" height=\"300\" \/><\/p>","protected":false},"featured_media":2503,"comment_status":"open","ping_status":"closed","template":"","meta":{"_uag_custom_page_level_css":"","_lmt_disableupdate":"no","_lmt_disable":"","site-sidebar-layout":"no-sidebar","site-content-layout":"boxed-container","ast-site-content-layout":"normal-width-container","site-content-style":"boxed","site-sidebar-style":"boxed","ast-global-header-display":"","ast-banner-title-visibility":"","ast-main-header-display":"","ast-hfb-above-header-display":"","ast-hfb-below-header-display":"","ast-hfb-mobile-header-display":"","site-post-title":"","ast-breadcrumbs-content":"","ast-featured-img":"","footer-sml-layout":"","theme-transparent-header-meta":"default","adv-header-id-meta":"","stick-header-meta":"","header-above-stick-meta":"","header-main-stick-meta":"","header-below-stick-meta":"","astra-migrate-meta-layouts":"set","ast-page-background-enabled":"default","ast-page-background-meta":{"desktop":{"background-color":"","background-image":"","background-repeat":"repeat","background-position":"center center","background-size":"auto","background-attachment":"scroll","background-type":"","background-media":"","overlay-type":"","overlay-color":"","overlay-gradient":""},"tablet":{"background-color":"","background-image":"","background-repeat":"repeat","background-position":"center center","background-size":"auto","background-attachment":"scroll","background-type":"","background-media":"","overlay-type":"","overlay-color":"","overlay-gradient":""},"mobile":{"background-color":"","background-image":"","background-repeat":"repeat","background-position":"center center","background-size":"auto","background-attachment":"scroll","background-type":"","background-media":"","overlay-type":"","overlay-color":"","overlay-gradient":""}},"ast-content-background-meta":{"desktop":{"background-color":"var(--ast-global-color-5)","background-image":"","background-repeat":"repeat","background-position":"center center","background-size":"auto","background-attachment":"scroll","background-type":"","background-media":"","overlay-type":"","overlay-color":"","overlay-gradient":""},"tablet":{"background-color":"var(--ast-global-color-5)","background-image":"","background-repeat":"repeat","background-position":"center center","background-size":"auto","background-attachment":"scroll","background-type":"","background-media":"","overlay-type":"","overlay-color":"","overlay-gradient":""},"mobile":{"background-color":"var(--ast-global-color-5)","background-image":"","background-repeat":"repeat","background-position":"center center","background-size":"auto","background-attachment":"scroll","background-type":"","background-media":"","overlay-type":"","overlay-color":"","overlay-gradient":""}},"_joinchat":[]},"product_brand":[],"product_cat":[99,39,41,42,40,43],"product_tag":[108,50,51,67,49,53,52],"class_list":{"0":"post-2509","1":"product","2":"type-product","3":"status-publish","4":"has-post-thumbnail","6":"product_cat-aivono-vape","7":"product_cat-france-wholesale-vape","8":"product_cat-netherlands-wholesale-vape","9":"product_cat-spain-wholesale-vape","10":"product_cat-germany-wholesale-vape","11":"product_cat-vape-shop","12":"product_tag-6500-puffs","13":"product_tag-bulk-price-vape-shop","14":"product_tag-disposable-vape","15":"product_tag-fast-price-sales","16":"product_tag-minimum-order-quantity-100pcs","17":"product_tag-rechargeable-vape","18":"product_tag-vape-wholesasle-price","19":"desktop-align-left","20":"tablet-align-left","21":"mobile-align-left","23":"first","24":"instock","25":"sale","26":"shipping-taxable","27":"purchasable","28":"product-type-simple"},"yoast_head":"<!-- This site is optimized with the Yoast SEO plugin v23.0 - https:\/\/yoast.com\/wordpress\/plugins\/seo\/ -->\n<title>AIVONO AIM STAR 6500 Puffs Vape Bulk Sales - rmvapebang.com<\/title>\n<meta name=\"description\" content=\"AIVONO AIM STAR 6500 Puffs Wholesale Price 6500 Puffs Vape\uff0c2% and 5% nicotine to choose. Contact now to get Wholesale Factory Price of AIVONO 6500 vapes!\" \/>\n<meta name=\"robots\" content=\"index, follow, max-snippet:-1, max-image-preview:large, max-video-preview:-1\" \/>\n<link rel=\"canonical\" href=\"https:\/\/rmvapebang.com\/pl\/product\/aivono-aim-star-6500-puffs-vape-bulk-sales\/\" \/>\n<meta property=\"og:locale\" content=\"pl_PL\" \/>\n<meta property=\"og:type\" content=\"article\" \/>\n<meta property=\"og:title\" content=\"AIVONO AIM STAR 6500 Puffs Vape Bulk Sales - rmvapebang.com\" \/>\n<meta property=\"og:description\" content=\"AIVONO AIM STAR 6500 Puffs Wholesale Price 6500 Puffs Vape\uff0c2% and 5% nicotine to choose. Contact now to get Wholesale Factory Price of AIVONO 6500 vapes!\" \/>\n<meta property=\"og:url\" content=\"https:\/\/rmvapebang.com\/pl\/product\/aivono-aim-star-6500-puffs-vape-bulk-sales\/\" \/>\n<meta property=\"og:site_name\" content=\"rmvapebang.com\" \/>\n<meta property=\"article:modified_time\" content=\"2024-12-14T09:03:05+00:00\" \/>\n<meta property=\"og:image\" content=\"https:\/\/rmvapebang.com\/wp-content\/uploads\/2024\/07\/aivono-aim-6500-puffs-star-disposable-price.png\" \/>\n\t<meta property=\"og:image:width\" content=\"1000\" \/>\n\t<meta property=\"og:image:height\" content=\"1000\" \/>\n\t<meta property=\"og:image:type\" content=\"image\/png\" \/>\n<meta name=\"twitter:card\" content=\"summary_large_image\" \/>\n<meta name=\"twitter:label1\" content=\"Szacowany czas czytania\" \/>\n\t<meta name=\"twitter:data1\" content=\"3 minuty\" \/>\n<script type=\"application\/ld+json\" class=\"yoast-schema-graph\">{\"@context\":\"https:\/\/schema.org\",\"@graph\":[{\"@type\":\"WebPage\",\"@id\":\"https:\/\/rmvapebang.com\/product\/aivono-aim-star-6500-puffs-vape-bulk-sales\/\",\"url\":\"https:\/\/rmvapebang.com\/product\/aivono-aim-star-6500-puffs-vape-bulk-sales\/\",\"name\":\"AIVONO AIM STAR 6500 Puffs Vape Bulk Sales - rmvapebang.com\",\"isPartOf\":{\"@id\":\"https:\/\/rmvapebang.com\/#website\"},\"primaryImageOfPage\":{\"@id\":\"https:\/\/rmvapebang.com\/product\/aivono-aim-star-6500-puffs-vape-bulk-sales\/#primaryimage\"},\"image\":{\"@id\":\"https:\/\/rmvapebang.com\/product\/aivono-aim-star-6500-puffs-vape-bulk-sales\/#primaryimage\"},\"thumbnailUrl\":\"https:\/\/rmvapebang.com\/wp-content\/uploads\/2024\/07\/aivono-aim-6500-puffs-star-disposable-price.png\",\"datePublished\":\"2024-07-05T06:28:07+00:00\",\"dateModified\":\"2024-12-14T09:03:05+00:00\",\"description\":\"AIVONO AIM STAR 6500 Puffs Wholesale Price 6500 Puffs Vape\uff0c2% and 5% nicotine to choose. Contact now to get Wholesale Factory Price of AIVONO 6500 vapes!\",\"breadcrumb\":{\"@id\":\"https:\/\/rmvapebang.com\/product\/aivono-aim-star-6500-puffs-vape-bulk-sales\/#breadcrumb\"},\"inLanguage\":\"pl-PL\",\"potentialAction\":[{\"@type\":\"ReadAction\",\"target\":[\"https:\/\/rmvapebang.com\/product\/aivono-aim-star-6500-puffs-vape-bulk-sales\/\"]}]},{\"@type\":\"ImageObject\",\"inLanguage\":\"pl-PL\",\"@id\":\"https:\/\/rmvapebang.com\/product\/aivono-aim-star-6500-puffs-vape-bulk-sales\/#primaryimage\",\"url\":\"https:\/\/rmvapebang.com\/wp-content\/uploads\/2024\/07\/aivono-aim-6500-puffs-star-disposable-price.png\",\"contentUrl\":\"https:\/\/rmvapebang.com\/wp-content\/uploads\/2024\/07\/aivono-aim-6500-puffs-star-disposable-price.png\",\"width\":1000,\"height\":1000,\"caption\":\"aivono aim 6500 puffs star disposable price\"},{\"@type\":\"BreadcrumbList\",\"@id\":\"https:\/\/rmvapebang.com\/product\/aivono-aim-star-6500-puffs-vape-bulk-sales\/#breadcrumb\",\"itemListElement\":[{\"@type\":\"ListItem\",\"position\":1,\"name\":\"Home\",\"item\":\"https:\/\/rmvapebang.com\/\"},{\"@type\":\"ListItem\",\"position\":2,\"name\":\"Hot Vape Shop\",\"item\":\"https:\/\/rmvapebang.com\/shop-page\/\"},{\"@type\":\"ListItem\",\"position\":3,\"name\":\"AIVONO AIM STAR 6500 Puffs Vape Bulk Sales\"}]},{\"@type\":\"WebSite\",\"@id\":\"https:\/\/rmvapebang.com\/#website\",\"url\":\"https:\/\/rmvapebang.com\/\",\"name\":\"rmvapebang.com\",\"description\":\"buy vape cheap\",\"publisher\":{\"@id\":\"https:\/\/rmvapebang.com\/#organization\"},\"potentialAction\":[{\"@type\":\"SearchAction\",\"target\":{\"@type\":\"EntryPoint\",\"urlTemplate\":\"https:\/\/rmvapebang.com\/?s={search_term_string}\"},\"query-input\":\"required name=search_term_string\"}],\"inLanguage\":\"pl-PL\"},{\"@type\":\"Organization\",\"@id\":\"https:\/\/rmvapebang.com\/#organization\",\"name\":\"rmvapebang.com\",\"url\":\"https:\/\/rmvapebang.com\/\",\"logo\":{\"@type\":\"ImageObject\",\"inLanguage\":\"pl-PL\",\"@id\":\"https:\/\/rmvapebang.com\/#\/schema\/logo\/image\/\",\"url\":\"https:\/\/rmvapebang.com\/wp-content\/uploads\/2024\/03\/cropped-RVBlogo.png\",\"contentUrl\":\"https:\/\/rmvapebang.com\/wp-content\/uploads\/2024\/03\/cropped-RVBlogo.png\",\"width\":507,\"height\":169,\"caption\":\"rmvapebang.com\"},\"image\":{\"@id\":\"https:\/\/rmvapebang.com\/#\/schema\/logo\/image\/\"}}]}<\/script>\n<!-- \/ Yoast SEO plugin. -->","yoast_head_json":{"title":"AIVONO AIM STAR 6500 Puffs Vape Bulk Sales - rmvapebang.com","description":"AIVONO AIM STAR 6500 Puffs Wholesale Price 6500 Puffs Vape\uff0c2% and 5% nicotine to choose. Contact now to get Wholesale Factory Price of AIVONO 6500 vapes!","robots":{"index":"index","follow":"follow","max-snippet":"max-snippet:-1","max-image-preview":"max-image-preview:large","max-video-preview":"max-video-preview:-1"},"canonical":"https:\/\/rmvapebang.com\/pl\/product\/aivono-aim-star-6500-puffs-vape-bulk-sales\/","og_locale":"pl_PL","og_type":"article","og_title":"AIVONO AIM STAR 6500 Puffs Vape Bulk Sales - rmvapebang.com","og_description":"AIVONO AIM STAR 6500 Puffs Wholesale Price 6500 Puffs Vape\uff0c2% and 5% nicotine to choose. Contact now to get Wholesale Factory Price of AIVONO 6500 vapes!","og_url":"https:\/\/rmvapebang.com\/pl\/product\/aivono-aim-star-6500-puffs-vape-bulk-sales\/","og_site_name":"rmvapebang.com","article_modified_time":"2024-12-14T09:03:05+00:00","og_image":[{"width":1000,"height":1000,"url":"https:\/\/rmvapebang.com\/wp-content\/uploads\/2024\/07\/aivono-aim-6500-puffs-star-disposable-price.png","type":"image\/png"}],"twitter_card":"summary_large_image","twitter_misc":{"Szacowany czas czytania":"3 minuty"},"schema":{"@context":"https:\/\/schema.org","@graph":[{"@type":"WebPage","@id":"https:\/\/rmvapebang.com\/product\/aivono-aim-star-6500-puffs-vape-bulk-sales\/","url":"https:\/\/rmvapebang.com\/product\/aivono-aim-star-6500-puffs-vape-bulk-sales\/","name":"AIVONO AIM STAR 6500 Puffs Vape Bulk Sales - rmvapebang.com","isPartOf":{"@id":"https:\/\/rmvapebang.com\/#website"},"primaryImageOfPage":{"@id":"https:\/\/rmvapebang.com\/product\/aivono-aim-star-6500-puffs-vape-bulk-sales\/#primaryimage"},"image":{"@id":"https:\/\/rmvapebang.com\/product\/aivono-aim-star-6500-puffs-vape-bulk-sales\/#primaryimage"},"thumbnailUrl":"https:\/\/rmvapebang.com\/wp-content\/uploads\/2024\/07\/aivono-aim-6500-puffs-star-disposable-price.png","datePublished":"2024-07-05T06:28:07+00:00","dateModified":"2024-12-14T09:03:05+00:00","description":"AIVONO AIM STAR 6500 Puffs Wholesale Price 6500 Puffs Vape\uff0c2% and 5% nicotine to choose. Contact now to get Wholesale Factory Price of AIVONO 6500 vapes!","breadcrumb":{"@id":"https:\/\/rmvapebang.com\/product\/aivono-aim-star-6500-puffs-vape-bulk-sales\/#breadcrumb"},"inLanguage":"pl-PL","potentialAction":[{"@type":"ReadAction","target":["https:\/\/rmvapebang.com\/product\/aivono-aim-star-6500-puffs-vape-bulk-sales\/"]}]},{"@type":"ImageObject","inLanguage":"pl-PL","@id":"https:\/\/rmvapebang.com\/product\/aivono-aim-star-6500-puffs-vape-bulk-sales\/#primaryimage","url":"https:\/\/rmvapebang.com\/wp-content\/uploads\/2024\/07\/aivono-aim-6500-puffs-star-disposable-price.png","contentUrl":"https:\/\/rmvapebang.com\/wp-content\/uploads\/2024\/07\/aivono-aim-6500-puffs-star-disposable-price.png","width":1000,"height":1000,"caption":"aivono aim 6500 puffs star disposable price"},{"@type":"BreadcrumbList","@id":"https:\/\/rmvapebang.com\/product\/aivono-aim-star-6500-puffs-vape-bulk-sales\/#breadcrumb","itemListElement":[{"@type":"ListItem","position":1,"name":"Home","item":"https:\/\/rmvapebang.com\/"},{"@type":"ListItem","position":2,"name":"Hot Vape Shop","item":"https:\/\/rmvapebang.com\/shop-page\/"},{"@type":"ListItem","position":3,"name":"AIVONO AIM STAR 6500 Puffs Vape Bulk Sales"}]},{"@type":"WebSite","@id":"https:\/\/rmvapebang.com\/#website","url":"https:\/\/rmvapebang.com\/","name":"rmvapebang.com","description":"buy vape cheap","publisher":{"@id":"https:\/\/rmvapebang.com\/#organization"},"potentialAction":[{"@type":"SearchAction","target":{"@type":"EntryPoint","urlTemplate":"https:\/\/rmvapebang.com\/?s={search_term_string}"},"query-input":"required name=search_term_string"}],"inLanguage":"pl-PL"},{"@type":"Organization","@id":"https:\/\/rmvapebang.com\/#organization","name":"rmvapebang.com","url":"https:\/\/rmvapebang.com\/","logo":{"@type":"ImageObject","inLanguage":"pl-PL","@id":"https:\/\/rmvapebang.com\/#\/schema\/logo\/image\/","url":"https:\/\/rmvapebang.com\/wp-content\/uploads\/2024\/03\/cropped-RVBlogo.png","contentUrl":"https:\/\/rmvapebang.com\/wp-content\/uploads\/2024\/03\/cropped-RVBlogo.png","width":507,"height":169,"caption":"rmvapebang.com"},"image":{"@id":"https:\/\/rmvapebang.com\/#\/schema\/logo\/image\/"}}]}},"uagb_featured_image_src":{"full":["https:\/\/rmvapebang.com\/wp-content\/uploads\/2024\/07\/aivono-aim-6500-puffs-star-disposable-price.png",1000,1000,false],"thumbnail":["https:\/\/rmvapebang.com\/wp-content\/uploads\/2024\/07\/aivono-aim-6500-puffs-star-disposable-price-150x150.png",150,150,true],"medium":["https:\/\/rmvapebang.com\/wp-content\/uploads\/2024\/07\/aivono-aim-6500-puffs-star-disposable-price-300x300.png",300,300,true],"medium_large":["https:\/\/rmvapebang.com\/wp-content\/uploads\/2024\/07\/aivono-aim-6500-puffs-star-disposable-price-768x768.png",768,768,true],"large":["https:\/\/rmvapebang.com\/wp-content\/uploads\/2024\/07\/aivono-aim-6500-puffs-star-disposable-price.png",1000,1000,false],"1536x1536":["https:\/\/rmvapebang.com\/wp-content\/uploads\/2024\/07\/aivono-aim-6500-puffs-star-disposable-price.png",1000,1000,false],"2048x2048":["https:\/\/rmvapebang.com\/wp-content\/uploads\/2024\/07\/aivono-aim-6500-puffs-star-disposable-price.png",1000,1000,false],"trp-custom-language-flag":["https:\/\/rmvapebang.com\/wp-content\/uploads\/2024\/07\/aivono-aim-6500-puffs-star-disposable-price.png",12,12,false],"woocommerce_thumbnail":["https:\/\/rmvapebang.com\/wp-content\/uploads\/2024\/07\/aivono-aim-6500-puffs-star-disposable-price-300x300.png",300,300,true],"woocommerce_single":["https:\/\/rmvapebang.com\/wp-content\/uploads\/2024\/07\/aivono-aim-6500-puffs-star-disposable-price-600x600.png",600,600,true],"woocommerce_gallery_thumbnail":["https:\/\/rmvapebang.com\/wp-content\/uploads\/2024\/07\/aivono-aim-6500-puffs-star-disposable-price-100x100.png",100,100,true],"wcpr-photo-reviews":["https:\/\/rmvapebang.com\/wp-content\/uploads\/2024\/07\/aivono-aim-6500-puffs-star-disposable-price.png",500,500,false]},"uagb_author_info":{"display_name":"Lyn","author_link":"https:\/\/rmvapebang.com\/pl\/author\/"},"uagb_comment_info":0,"uagb_excerpt":"AIVONO aim star 6500 Puffs Wholesale Price Vape Rechargeable AIVONO aim star vape\u00a0 is a high-capacity rechargeable vape device offering 6500 puffs with 10 flavors and 2%\/5% nicotine levels. Whatsapp:+86 17840853976 Scan on whatsapp for New Client coupon","_links":{"self":[{"href":"https:\/\/rmvapebang.com\/pl\/wp-json\/wp\/v2\/product\/2509","targetHints":{"allow":["GET"]}}],"collection":[{"href":"https:\/\/rmvapebang.com\/pl\/wp-json\/wp\/v2\/product"}],"about":[{"href":"https:\/\/rmvapebang.com\/pl\/wp-json\/wp\/v2\/types\/product"}],"replies":[{"embeddable":true,"href":"https:\/\/rmvapebang.com\/pl\/wp-json\/wp\/v2\/comments?post=2509"}],"wp:featuredmedia":[{"embeddable":true,"href":"https:\/\/rmvapebang.com\/pl\/wp-json\/wp\/v2\/media\/2503"}],"wp:attachment":[{"href":"https:\/\/rmvapebang.com\/pl\/wp-json\/wp\/v2\/media?parent=2509"}],"wp:term":[{"taxonomy":"product_brand","embeddable":true,"href":"https:\/\/rmvapebang.com\/pl\/wp-json\/wp\/v2\/product_brand?post=2509"},{"taxonomy":"product_cat","embeddable":true,"href":"https:\/\/rmvapebang.com\/pl\/wp-json\/wp\/v2\/product_cat?post=2509"},{"taxonomy":"product_tag","embeddable":true,"href":"https:\/\/rmvapebang.com\/pl\/wp-json\/wp\/v2\/product_tag?post=2509"}],"curies":[{"name":"wp","href":"https:\/\/api.w.org\/{rel}","templated":true}]}}