{"id":2114,"date":"2024-04-16T17:03:13","date_gmt":"2024-04-16T09:03:13","guid":{"rendered":"https:\/\/rmvapebang.com\/?post_type=product&#038;p=2114"},"modified":"2026-04-22T11:07:38","modified_gmt":"2026-04-22T03:07:38","slug":"bang-disposable-20k-puffs-wholesale-price-20000-vapes","status":"publish","type":"product","link":"https:\/\/rmvapebang.com\/pl\/product\/bang-disposable-20k-puffs-wholesale-price-20000-vapes\/","title":{"rendered":"Bang Jednorazowe 20k Puffs Cena Hurtowa 20000 Vape"},"content":{"rendered":"<h2>Bang Jednorazowe 20k Puffs Cena Hurtowa 20000 Vape<\/h2>\n<p><strong><a href=\"https:\/\/rmvapebang.com\/pl\/kategoria-produktu\/bang-vapes\/\">Wystrza\u0142<\/a> <\/strong>Jednorazowy 20k zaci\u0105gni\u0119\u0107, cena hurtowa 20000 e-papieros\u00f3w, zosta\u0142 zaprojektowany z my\u015bl\u0105 o wygodzie, trwa\u0142o\u015bci i du\u017cej atrakcyjno\u015bci rynkowej w Polsce. Zawiera <strong data-start=\"211\" data-end=\"240\">opcje nikotynowe 2% lub 5%<\/strong>, pasuje do r\u00f3\u017cnych preferencji u\u017cytkownik\u00f3w, zapewniaj\u0105c jednocze\u015bnie g\u0142adk\u0105 i sta\u0142\u0105 par\u0119. Zasilany przez <strong data-start=\"337\" data-end=\"368\">bateri\u0119 500 mAh wielokrotnego \u0142adowania<\/strong> z szybkim \u0142adowaniem <strong data-start=\"379\" data-end=\"398\">Type-C<\/strong>, co <strong data-start=\"405\" data-end=\"433\">e-papieros cyfrowy 20000 zaci\u0105gni\u0119\u0107<\/strong> zapewnia d\u0142ugotrwa\u0142\u0105 wydajno\u015b\u0107 dla m\u0142odych konsument\u00f3w p\u0142ci m\u0119skiej, kt\u00f3rzy wymagaj\u0105 stylu i niezawodno\u015bci. Kompaktowy i wydajny, eliminuje potrzeb\u0119 cz\u0119stych zmian urz\u0105dzenia, dzi\u0119ki czemu jest bardzo praktyczny. Dla dystrybutor\u00f3w i sprzedawc\u00f3w detalicznych ten <a href=\"https:\/\/rmvapebang.com\/pl\/kategoria-produktu\/vape-20000-puffs\/\"><strong data-start=\"666\" data-end=\"698\">e-papieros wielokrotnego \u0142adowania 20000 zaci\u0105gni\u0119\u0107<\/strong><\/a> jest silnym graczem na rynku, oferuj\u0105cym doskona\u0142e mar\u017ce i sta\u0142y potencja\u0142 sprzeda\u017cy. The <strong data-start=\"795\" data-end=\"828\">sprzeda\u017c fabryczna e-papierosa 20000 zaci\u0105gni\u0119\u0107<\/strong> \u0142\u0105czy wysoki popyt z przyst\u0119pn\u0105 cen\u0105, co czyni go m\u0105drym wyborem dla zam\u00f3wie\u0144 hurtowych.<\/p>\n<p><img loading=\"lazy\" decoding=\"async\" class=\"size-medium wp-image-2309\" src=\"http:\/\/rmvapebang.com\/wp-content\/uploads\/2024\/05\/BANG-BAR-20000-PUFFS-HOT-PRICE-225x300.jpg\" alt=\"BANG BAR 20000 ZACI\u0104GNI\u0118\u0106 GOR\u0104CA CENA\" width=\"225\" height=\"300\" srcset=\"https:\/\/rmvapebang.com\/wp-content\/uploads\/2024\/05\/BANG-BAR-20000-PUFFS-HOT-PRICE-225x300.jpg 225w, https:\/\/rmvapebang.com\/wp-content\/uploads\/2024\/05\/BANG-BAR-20000-PUFFS-HOT-PRICE-768x1024.jpg 768w, https:\/\/rmvapebang.com\/wp-content\/uploads\/2024\/05\/BANG-BAR-20000-PUFFS-HOT-PRICE-1152x1536.jpg 1152w, https:\/\/rmvapebang.com\/wp-content\/uploads\/2024\/05\/BANG-BAR-20000-PUFFS-HOT-PRICE-1536x2048.jpg 1536w, https:\/\/rmvapebang.com\/wp-content\/uploads\/2024\/05\/BANG-BAR-20000-PUFFS-HOT-PRICE-600x800.jpg 600w, https:\/\/rmvapebang.com\/wp-content\/uploads\/2024\/05\/BANG-BAR-20000-PUFFS-HOT-PRICE-scaled.jpg 1920w\" sizes=\"auto, (max-width: 225px) 100vw, 225px\" \/><\/p>\n<h3><strong>Jakie s\u0105 smaki jednorazowego e-papierosa Bang 20k?<\/strong><\/h3>\n<p>1. Truskawka mango<br \/>\n2. Nap\u00f3j energetyczny<br \/>\n3. Jagodowa wi\u015bniowa lemoniada<br \/>\n4. Czarny smoczy l\u00f3d<br \/>\n5. Brzoskwiniowy l\u00f3d<br \/>\n6. Truskawka Banan<br \/>\n7.Mieszanka owocowa<br \/>\n8.Bor\u00f3wka z lodem<br \/>\n9.Arbuz z lodem<br \/>\n10.Truskawka Kiwi<br \/>\n11.Bor\u00f3wka z malin\u0105<br \/>\n12.Truskawka z arbuzem<\/p>\n<h2>Specyfikacje dla <strong>Jednorazowy Bang 20000 <\/strong>Zaci\u0105gni\u0119cia:<\/h2>\n<p>\u2013 20k zaci\u0105gni\u0119\u0107<br \/>\n\u2013 12 Smak\u00f3w<br \/>\n\u2013 2%\/5% Moc nikotyny<br \/>\n\u2013 Pojemno\u015b\u0107 e-liquidu 25mL<br \/>\n\u2013 Pojemno\u015b\u0107 baterii 500 mAh<\/p>\n<h3>FAQ:<\/h3>\n<p>P: Jaka jest minimalna ilo\u015b\u0107 zam\u00f3wienia (MOQ) dla jednorazowego e-papierosa Bang 20k?<\/p>\n<p>O: Minimalna ilo\u015b\u0107 zam\u00f3wienia (MOQ) dla jednorazowych e-papieros\u00f3w Bang 20k to 100 szt.<\/p>\n<p>P: Jaki jest czas dostawy zam\u00f3wionego przeze mnie Vape z mo\u017cliwo\u015bci\u0105 \u0142adowania?<\/p>\n<p>O: Zazwyczaj czas dostawy dla Vape wielokrotnego \u0142adowania wynosi 10-15 dni po wysy\u0142ce.<\/p>\n<p>P: Ile wynosi koszt wysy\u0142ki jednorazowego e-papierosa Bang 20k?<\/p>\n<p>O: Koszt wysy\u0142ki r\u00f3\u017cni si\u0119 w zale\u017cno\u015bci od wagi zam\u00f3wienia. R\u00f3\u017cne ilo\u015bci mog\u0105 mie\u0107 r\u00f3\u017cne koszty wysy\u0142ki. Skontaktuj si\u0119 z nami, aby potwierdzi\u0107 koszt wysy\u0142ki dla konkretnego zam\u00f3wienia.<\/p>\n<p>P: Czy jednorazowy e-papieros Bang 20000 mo\u017ce by\u0107 wys\u0142any do mojego kraju?<\/p>\n<p>O: Tak, mo\u017cemy wys\u0142a\u0107 jednorazowy e-papieros Bang 20000 do wi\u0119kszo\u015bci kraj\u00f3w europejskich, w tym mi\u0119dzy innymi do Polski, Holandii, Niemiec, Francji, Hiszpanii, W\u0142och, Belgii, Luksemburga, Austrii, Czech, S\u0142owacji, W\u0119gier, S\u0142owenii, Rumunii, Bu\u0142garii, Grecji, Szwecji, Irlandii, Portugalii, Finlandii, Estonii, \u0141otwy i Litwy. Je\u015bli masz szczeg\u00f3\u0142owe pytania dotycz\u0105ce wysy\u0142ki do Twojego kraju, skontaktuj si\u0119 z nami w celu uzyskania dalszej pomocy.<\/p>\n<p><strong>Skontaktuj si\u0119 z Lyn, aby uzyska\u0107 wi\u0119cej film\u00f3w o produktach!<\/strong><\/p>\n<p><a href=\"https:\/\/wa.me\/8617840853976\"><span style=\"color: #ff6600\"><strong><em>Whatsapp:+86 17840853976<\/em><\/strong><\/span><\/a><\/p>\n<p><img loading=\"lazy\" decoding=\"async\" class=\"alignnone size-medium wp-image-1905\" src=\"http:\/\/rmvapebang.com\/wp-content\/uploads\/2024\/03\/whatsapp-vape-2-202x300.jpg\" alt=\"\" width=\"202\" height=\"300\" \/><\/p>\n<p>Znajd\u017a wi\u0119cej produkt\u00f3w, kt\u00f3re mog\u0105 Ci si\u0119 spodoba\u0107:<a href=\"https:\/\/rmvapebang.com\/pl\/shop-page\/\"><strong><em>Kup teraz<\/em><\/strong><\/a><\/p>\n<p>inne puff, kt\u00f3re mog\u0105 Ci si\u0119 spodoba\u0107:<a href=\"https:\/\/rmvapebang.com\/pl\/produkt\/waspe-20000-puffs-wholesale-price-20k-vape\/\">Waspe 20000 Zaci\u0105gni\u0119\u0107<\/a><a href=\"https:\/\/rmvapebang.com\/pl\/produkt\/bang-18k-puffs-with-disposable-wholesale-price-18000-vapes\/\">Jednorazowy Bang 18000 zaci\u0105gni\u0119\u0107\/<\/a><a href=\"https:\/\/rmvapebang.com\/pl\/produkt\/bang-king-25000-puffs-good-price-25k-vape\/\">Bang king 25k e-papieros<\/a>\/<a href=\"https:\/\/rmvapebang.com\/pl\/produkt\/vapme-crown-bar-18000-pro-max-wholesale-price-18k-vapes\/\">Vapme Crown Bar 18k e-papieros<\/a><\/p>\n<p><span style=\"color: #ff0000\"><strong>Uwaga: Wszystkie produkty nie zawieraj\u0105 koszt\u00f3w wysy\u0142ki!!!<\/strong><\/span><\/p>","protected":false},"excerpt":{"rendered":"<p>Bang z e-papierosem 20000 zaci\u0105gni\u0119\u0107, cena hurtowa, e-papieros wielokrotnego \u0142adowania<\/p>\n<p>Jednorazowy e-papieros Bang 20k zaci\u0105gni\u0119\u0107 to urz\u0105dzenie o du\u017cej pojemno\u015bci, oferuj\u0105ce 20000 zaci\u0105gni\u0119\u0107 z 12 smakami i poziomami nikotyny 2% lub 5%.<\/p>\n<p><a href=\"https:\/\/wa.me\/8617840853976\"><strong><em>Whatsapp:+86 17840853976<\/em><\/strong><\/a><\/p>\n<p>Zeskanuj na Whatsapp, aby otrzyma\u0107 kupon dla nowego klienta<\/p>\n<p><img loading=\"lazy\" decoding=\"async\" class=\"alignnone size-medium wp-image-1905\" src=\"http:\/\/rmvapebang.com\/wp-content\/uploads\/2024\/03\/whatsapp-vape-2-202x300.jpg\" alt=\"\" width=\"202\" height=\"300\" \/><\/p>","protected":false},"featured_media":2308,"comment_status":"open","ping_status":"closed","template":"","meta":{"_uag_custom_page_level_css":"","_lmt_disableupdate":"no","_lmt_disable":"","site-sidebar-layout":"no-sidebar","site-content-layout":"boxed-container","ast-site-content-layout":"normal-width-container","site-content-style":"boxed","site-sidebar-style":"boxed","ast-global-header-display":"","ast-banner-title-visibility":"","ast-main-header-display":"","ast-hfb-above-header-display":"","ast-hfb-below-header-display":"","ast-hfb-mobile-header-display":"","site-post-title":"","ast-breadcrumbs-content":"","ast-featured-img":"","footer-sml-layout":"","ast-disable-related-posts":"","theme-transparent-header-meta":"default","adv-header-id-meta":"","stick-header-meta":"","header-above-stick-meta":"","header-main-stick-meta":"","header-below-stick-meta":"","astra-migrate-meta-layouts":"set","ast-page-background-enabled":"default","ast-page-background-meta":{"desktop":{"background-color":"","background-image":"","background-repeat":"repeat","background-position":"center center","background-size":"auto","background-attachment":"scroll","background-type":"","background-media":"","overlay-type":"","overlay-color":"","overlay-opacity":"","overlay-gradient":""},"tablet":{"background-color":"","background-image":"","background-repeat":"repeat","background-position":"center center","background-size":"auto","background-attachment":"scroll","background-type":"","background-media":"","overlay-type":"","overlay-color":"","overlay-opacity":"","overlay-gradient":""},"mobile":{"background-color":"","background-image":"","background-repeat":"repeat","background-position":"center center","background-size":"auto","background-attachment":"scroll","background-type":"","background-media":"","overlay-type":"","overlay-color":"","overlay-opacity":"","overlay-gradient":""}},"ast-content-background-meta":{"desktop":{"background-color":"var(--ast-global-color-4)","background-image":"","background-repeat":"repeat","background-position":"center center","background-size":"auto","background-attachment":"scroll","background-type":"","background-media":"","overlay-type":"","overlay-color":"","overlay-opacity":"","overlay-gradient":""},"tablet":{"background-color":"var(--ast-global-color-4)","background-image":"","background-repeat":"repeat","background-position":"center center","background-size":"auto","background-attachment":"scroll","background-type":"","background-media":"","overlay-type":"","overlay-color":"","overlay-opacity":"","overlay-gradient":""},"mobile":{"background-color":"var(--ast-global-color-4)","background-image":"","background-repeat":"repeat","background-position":"center center","background-size":"auto","background-attachment":"scroll","background-type":"","background-media":"","overlay-type":"","overlay-color":"","overlay-opacity":"","overlay-gradient":""}},"_joinchat":[]},"product_brand":[],"product_cat":[76,39,41,128,42,40,44,43],"product_tag":[46,45,50,61,48,53,52],"class_list":{"0":"post-2114","1":"product","2":"type-product","3":"status-publish","4":"has-post-thumbnail","6":"product_cat-bang-vapes","7":"product_cat-france-wholesale-vape","8":"product_cat-netherlands-wholesale-vape","9":"product_cat-smart-display","10":"product_cat-spain-wholesale-vape","11":"product_cat-germany-wholesale-vape","12":"product_cat-vape-20000-puffs","13":"product_cat-vape-shop","14":"product_tag-20000-puffs","15":"product_tag-20k-puff","16":"product_tag-bulk-price-vape-shop","17":"product_tag-good-sales-vape","18":"product_tag-moq-100pcs","19":"product_tag-rechargeable-vape","20":"product_tag-vape-wholesasle-price","21":"desktop-align-left","22":"tablet-align-left","23":"mobile-align-left","25":"first","26":"instock","27":"sale","28":"shipping-taxable","29":"purchasable","30":"product-type-simple"},"yoast_head":"<!-- This site is optimized with the Yoast SEO plugin v27.4 - https:\/\/yoast.com\/product\/yoast-seo-wordpress\/ -->\n<title>Bang Disposable 20k Puffs Wholesale Price 20000 Vapes - rmvapebang.com<\/title>\n<meta name=\"description\" content=\"Buy the Digital vape 20000 puffs at wholesale prices. Get the rechargable 20000 puffs vape now with strong battery, smooth flavor, and factory sale deals.\" \/>\n<meta name=\"robots\" content=\"index, follow, max-snippet:-1, max-image-preview:large, max-video-preview:-1\" \/>\n<link rel=\"canonical\" href=\"https:\/\/rmvapebang.com\/pl\/produkt\/bang-disposable-20k-puffs-wholesale-price-20000-vapes\/\" \/>\n<meta property=\"og:locale\" content=\"pl_PL\" \/>\n<meta property=\"og:type\" content=\"article\" \/>\n<meta property=\"og:title\" content=\"Bang Disposable 20k Puffs Wholesale Price 20000 Vapes - rmvapebang.com\" \/>\n<meta property=\"og:description\" content=\"Buy the Digital vape 20000 puffs at wholesale prices. Get the rechargable 20000 puffs vape now with strong battery, smooth flavor, and factory sale deals.\" \/>\n<meta property=\"og:url\" content=\"https:\/\/rmvapebang.com\/pl\/produkt\/bang-disposable-20k-puffs-wholesale-price-20000-vapes\/\" \/>\n<meta property=\"og:site_name\" content=\"rmvapebang.com\" \/>\n<meta property=\"article:modified_time\" content=\"2026-04-22T03:07:38+00:00\" \/>\n<meta property=\"og:image\" content=\"http:\/\/rmvapebang.com\/wp-content\/uploads\/2024\/05\/BANG-BAR-20000-PUFFS-GOOD-PRICE-scaled.jpg\" \/>\n\t<meta property=\"og:image:width\" content=\"1920\" \/>\n\t<meta property=\"og:image:height\" content=\"2560\" \/>\n\t<meta property=\"og:image:type\" content=\"image\/jpeg\" \/>\n<meta name=\"twitter:card\" content=\"summary_large_image\" \/>\n<meta name=\"twitter:label1\" content=\"Szacowany czas czytania\" \/>\n\t<meta name=\"twitter:data1\" content=\"3 minuty\" \/>\n<script type=\"application\/ld+json\" class=\"yoast-schema-graph\">{\"@context\":\"https:\\\/\\\/schema.org\",\"@graph\":[{\"@type\":\"WebPage\",\"@id\":\"https:\\\/\\\/rmvapebang.com\\\/product\\\/bang-disposable-20k-puffs-wholesale-price-20000-vapes\\\/\",\"url\":\"https:\\\/\\\/rmvapebang.com\\\/product\\\/bang-disposable-20k-puffs-wholesale-price-20000-vapes\\\/\",\"name\":\"Bang Disposable 20k Puffs Wholesale Price 20000 Vapes - rmvapebang.com\",\"isPartOf\":{\"@id\":\"https:\\\/\\\/rmvapebang.com\\\/#website\"},\"primaryImageOfPage\":{\"@id\":\"https:\\\/\\\/rmvapebang.com\\\/product\\\/bang-disposable-20k-puffs-wholesale-price-20000-vapes\\\/#primaryimage\"},\"image\":{\"@id\":\"https:\\\/\\\/rmvapebang.com\\\/product\\\/bang-disposable-20k-puffs-wholesale-price-20000-vapes\\\/#primaryimage\"},\"thumbnailUrl\":\"https:\\\/\\\/rmvapebang.com\\\/wp-content\\\/uploads\\\/2024\\\/05\\\/BANG-BAR-20000-PUFFS-GOOD-PRICE-scaled.jpg\",\"datePublished\":\"2024-04-16T09:03:13+00:00\",\"dateModified\":\"2026-04-22T03:07:38+00:00\",\"description\":\"Buy the Digital vape 20000 puffs at wholesale prices. Get the rechargable 20000 puffs vape now with strong battery, smooth flavor, and factory sale deals.\",\"breadcrumb\":{\"@id\":\"https:\\\/\\\/rmvapebang.com\\\/product\\\/bang-disposable-20k-puffs-wholesale-price-20000-vapes\\\/#breadcrumb\"},\"inLanguage\":\"pl-PL\",\"potentialAction\":[{\"@type\":\"ReadAction\",\"target\":[\"https:\\\/\\\/rmvapebang.com\\\/product\\\/bang-disposable-20k-puffs-wholesale-price-20000-vapes\\\/\"]}]},{\"@type\":\"ImageObject\",\"inLanguage\":\"pl-PL\",\"@id\":\"https:\\\/\\\/rmvapebang.com\\\/product\\\/bang-disposable-20k-puffs-wholesale-price-20000-vapes\\\/#primaryimage\",\"url\":\"https:\\\/\\\/rmvapebang.com\\\/wp-content\\\/uploads\\\/2024\\\/05\\\/BANG-BAR-20000-PUFFS-GOOD-PRICE-scaled.jpg\",\"contentUrl\":\"https:\\\/\\\/rmvapebang.com\\\/wp-content\\\/uploads\\\/2024\\\/05\\\/BANG-BAR-20000-PUFFS-GOOD-PRICE-scaled.jpg\",\"width\":1920,\"height\":2560,\"caption\":\"BANG BAR 20000 PUFFS GOOD PRICE\"},{\"@type\":\"BreadcrumbList\",\"@id\":\"https:\\\/\\\/rmvapebang.com\\\/product\\\/bang-disposable-20k-puffs-wholesale-price-20000-vapes\\\/#breadcrumb\",\"itemListElement\":[{\"@type\":\"ListItem\",\"position\":1,\"name\":\"Home\",\"item\":\"https:\\\/\\\/rmvapebang.com\\\/\"},{\"@type\":\"ListItem\",\"position\":2,\"name\":\"Hot Vape Shop\",\"item\":\"https:\\\/\\\/rmvapebang.com\\\/shop-page\\\/\"},{\"@type\":\"ListItem\",\"position\":3,\"name\":\"Bang Disposable 20k Puffs Wholesale Price 20000 Vapes\"}]},{\"@type\":\"WebSite\",\"@id\":\"https:\\\/\\\/rmvapebang.com\\\/#website\",\"url\":\"https:\\\/\\\/rmvapebang.com\\\/\",\"name\":\"rmvapebang.com\",\"description\":\"buy vape cheap\",\"publisher\":{\"@id\":\"https:\\\/\\\/rmvapebang.com\\\/#organization\"},\"potentialAction\":[{\"@type\":\"SearchAction\",\"target\":{\"@type\":\"EntryPoint\",\"urlTemplate\":\"https:\\\/\\\/rmvapebang.com\\\/?s={search_term_string}\"},\"query-input\":{\"@type\":\"PropertyValueSpecification\",\"valueRequired\":true,\"valueName\":\"search_term_string\"}}],\"inLanguage\":\"pl-PL\"},{\"@type\":\"Organization\",\"@id\":\"https:\\\/\\\/rmvapebang.com\\\/#organization\",\"name\":\"rmvapebang.com\",\"url\":\"https:\\\/\\\/rmvapebang.com\\\/\",\"logo\":{\"@type\":\"ImageObject\",\"inLanguage\":\"pl-PL\",\"@id\":\"https:\\\/\\\/rmvapebang.com\\\/#\\\/schema\\\/logo\\\/image\\\/\",\"url\":\"https:\\\/\\\/rmvapebang.com\\\/wp-content\\\/uploads\\\/2024\\\/03\\\/cropped-RVBlogo.png\",\"contentUrl\":\"https:\\\/\\\/rmvapebang.com\\\/wp-content\\\/uploads\\\/2024\\\/03\\\/cropped-RVBlogo.png\",\"width\":507,\"height\":169,\"caption\":\"rmvapebang.com\"},\"image\":{\"@id\":\"https:\\\/\\\/rmvapebang.com\\\/#\\\/schema\\\/logo\\\/image\\\/\"}}]}<\/script>\n<!-- \/ Yoast SEO plugin. -->","yoast_head_json":{"title":"Bang Jednorazowe 20k Zaci\u0105gni\u0119\u0107 Cena Hurtowa 20000 Vape - rmvapebang.com","description":"Kup e-papierosy Digital vape 20000 zaci\u0105gni\u0119\u0107 w cenach hurtowych. Zdob\u0105d\u017a \u0142adowalne e-papierosy 20000 zaci\u0105gni\u0119\u0107 ju\u017c teraz z mocn\u0105 bateri\u0105, g\u0142adkim smakiem i ofertami sprzeda\u017cy fabrycznej.","robots":{"index":"index","follow":"follow","max-snippet":"max-snippet:-1","max-image-preview":"max-image-preview:large","max-video-preview":"max-video-preview:-1"},"canonical":"https:\/\/rmvapebang.com\/pl\/produkt\/bang-disposable-20k-puffs-wholesale-price-20000-vapes\/","og_locale":"pl_PL","og_type":"article","og_title":"Bang Disposable 20k Puffs Wholesale Price 20000 Vapes - rmvapebang.com","og_description":"Buy the Digital vape 20000 puffs at wholesale prices. Get the rechargable 20000 puffs vape now with strong battery, smooth flavor, and factory sale deals.","og_url":"https:\/\/rmvapebang.com\/pl\/produkt\/bang-disposable-20k-puffs-wholesale-price-20000-vapes\/","og_site_name":"rmvapebang.com","article_modified_time":"2026-04-22T03:07:38+00:00","og_image":[{"width":1920,"height":2560,"url":"http:\/\/rmvapebang.com\/wp-content\/uploads\/2024\/05\/BANG-BAR-20000-PUFFS-GOOD-PRICE-scaled.jpg","type":"image\/jpeg"}],"twitter_card":"summary_large_image","twitter_misc":{"Szacowany czas czytania":"3 minuty"},"schema":{"@context":"https:\/\/schema.org","@graph":[{"@type":"WebPage","@id":"https:\/\/rmvapebang.com\/product\/bang-disposable-20k-puffs-wholesale-price-20000-vapes\/","url":"https:\/\/rmvapebang.com\/product\/bang-disposable-20k-puffs-wholesale-price-20000-vapes\/","name":"Bang Jednorazowe 20k Zaci\u0105gni\u0119\u0107 Cena Hurtowa 20000 Vape - rmvapebang.com","isPartOf":{"@id":"https:\/\/rmvapebang.com\/#website"},"primaryImageOfPage":{"@id":"https:\/\/rmvapebang.com\/product\/bang-disposable-20k-puffs-wholesale-price-20000-vapes\/#primaryimage"},"image":{"@id":"https:\/\/rmvapebang.com\/product\/bang-disposable-20k-puffs-wholesale-price-20000-vapes\/#primaryimage"},"thumbnailUrl":"https:\/\/rmvapebang.com\/wp-content\/uploads\/2024\/05\/BANG-BAR-20000-PUFFS-GOOD-PRICE-scaled.jpg","datePublished":"2024-04-16T09:03:13+00:00","dateModified":"2026-04-22T03:07:38+00:00","description":"Kup e-papierosy Digital vape 20000 zaci\u0105gni\u0119\u0107 w cenach hurtowych. Zdob\u0105d\u017a \u0142adowalne e-papierosy 20000 zaci\u0105gni\u0119\u0107 ju\u017c teraz z mocn\u0105 bateri\u0105, g\u0142adkim smakiem i ofertami sprzeda\u017cy fabrycznej.","breadcrumb":{"@id":"https:\/\/rmvapebang.com\/product\/bang-disposable-20k-puffs-wholesale-price-20000-vapes\/#breadcrumb"},"inLanguage":"pl-PL","potentialAction":[{"@type":"ReadAction","target":["https:\/\/rmvapebang.com\/product\/bang-disposable-20k-puffs-wholesale-price-20000-vapes\/"]}]},{"@type":"ImageObject","inLanguage":"pl-PL","@id":"https:\/\/rmvapebang.com\/product\/bang-disposable-20k-puffs-wholesale-price-20000-vapes\/#primaryimage","url":"https:\/\/rmvapebang.com\/wp-content\/uploads\/2024\/05\/BANG-BAR-20000-PUFFS-GOOD-PRICE-scaled.jpg","contentUrl":"https:\/\/rmvapebang.com\/wp-content\/uploads\/2024\/05\/BANG-BAR-20000-PUFFS-GOOD-PRICE-scaled.jpg","width":1920,"height":2560,"caption":"BANG BAR 20000 PUFFS GOOD PRICE"},{"@type":"BreadcrumbList","@id":"https:\/\/rmvapebang.com\/product\/bang-disposable-20k-puffs-wholesale-price-20000-vapes\/#breadcrumb","itemListElement":[{"@type":"ListItem","position":1,"name":"Home","item":"https:\/\/rmvapebang.com\/"},{"@type":"ListItem","position":2,"name":"Hot Vape Shop","item":"https:\/\/rmvapebang.com\/shop-page\/"},{"@type":"ListItem","position":3,"name":"Bang Disposable 20k Puffs Wholesale Price 20000 Vapes"}]},{"@type":"WebSite","@id":"https:\/\/rmvapebang.com\/#website","url":"https:\/\/rmvapebang.com\/","name":"rmvapebang.com","description":"kup waporyzator tanio","publisher":{"@id":"https:\/\/rmvapebang.com\/#organization"},"potentialAction":[{"@type":"SearchAction","target":{"@type":"EntryPoint","urlTemplate":"https:\/\/rmvapebang.com\/?s={search_term_string}"},"query-input":{"@type":"PropertyValueSpecification","valueRequired":true,"valueName":"search_term_string"}}],"inLanguage":"pl-PL"},{"@type":"Organization","@id":"https:\/\/rmvapebang.com\/#organization","name":"rmvapebang.com","url":"https:\/\/rmvapebang.com\/","logo":{"@type":"ImageObject","inLanguage":"pl-PL","@id":"https:\/\/rmvapebang.com\/#\/schema\/logo\/image\/","url":"https:\/\/rmvapebang.com\/wp-content\/uploads\/2024\/03\/cropped-RVBlogo.png","contentUrl":"https:\/\/rmvapebang.com\/wp-content\/uploads\/2024\/03\/cropped-RVBlogo.png","width":507,"height":169,"caption":"rmvapebang.com"},"image":{"@id":"https:\/\/rmvapebang.com\/#\/schema\/logo\/image\/"}}]}},"uagb_featured_image_src":{"full":["https:\/\/rmvapebang.com\/wp-content\/uploads\/2024\/05\/BANG-BAR-20000-PUFFS-GOOD-PRICE-scaled.jpg",1920,2560,false],"thumbnail":["https:\/\/rmvapebang.com\/wp-content\/uploads\/2024\/05\/BANG-BAR-20000-PUFFS-GOOD-PRICE-150x150.jpg",150,150,true],"medium":["https:\/\/rmvapebang.com\/wp-content\/uploads\/2024\/05\/BANG-BAR-20000-PUFFS-GOOD-PRICE-225x300.jpg",225,300,true],"medium_large":["https:\/\/rmvapebang.com\/wp-content\/uploads\/2024\/05\/BANG-BAR-20000-PUFFS-GOOD-PRICE-768x1024.jpg",768,1024,true],"large":["https:\/\/rmvapebang.com\/wp-content\/uploads\/2024\/05\/BANG-BAR-20000-PUFFS-GOOD-PRICE-768x1024.jpg",768,1024,true],"1536x1536":["https:\/\/rmvapebang.com\/wp-content\/uploads\/2024\/05\/BANG-BAR-20000-PUFFS-GOOD-PRICE-1152x1536.jpg",1152,1536,true],"2048x2048":["https:\/\/rmvapebang.com\/wp-content\/uploads\/2024\/05\/BANG-BAR-20000-PUFFS-GOOD-PRICE-1536x2048.jpg",1536,2048,true],"trp-custom-language-flag":["https:\/\/rmvapebang.com\/wp-content\/uploads\/2024\/05\/BANG-BAR-20000-PUFFS-GOOD-PRICE-scaled.jpg",9,12,false],"woocommerce_thumbnail":["https:\/\/rmvapebang.com\/wp-content\/uploads\/2024\/05\/BANG-BAR-20000-PUFFS-GOOD-PRICE-300x300.jpg",300,300,true],"woocommerce_single":["https:\/\/rmvapebang.com\/wp-content\/uploads\/2024\/05\/BANG-BAR-20000-PUFFS-GOOD-PRICE-600x800.jpg",600,800,true],"woocommerce_gallery_thumbnail":["https:\/\/rmvapebang.com\/wp-content\/uploads\/2024\/05\/BANG-BAR-20000-PUFFS-GOOD-PRICE-100x100.jpg",100,100,true],"wcpr-photo-reviews":["https:\/\/rmvapebang.com\/wp-content\/uploads\/2024\/05\/BANG-BAR-20000-PUFFS-GOOD-PRICE-scaled.jpg",375,500,false]},"uagb_author_info":{"display_name":"Lyn","author_link":"https:\/\/rmvapebang.com\/pl\/author\/"},"uagb_comment_info":0,"uagb_excerpt":"Bang with a vape 20000 Puffs Wholesale Price Vape Rechargeable Bang disposable electronic cigarette 20k puffs is a high-capacity rechargeable vape device offering 20000 puffs with 12 flavors and 2%\/5% nicotine levels. Whatsapp:+86 17840853976 Scan on whatsapp for New Client coupon","_links":{"self":[{"href":"https:\/\/rmvapebang.com\/pl\/wp-json\/wp\/v2\/product\/2114","targetHints":{"allow":["GET"]}}],"collection":[{"href":"https:\/\/rmvapebang.com\/pl\/wp-json\/wp\/v2\/product"}],"about":[{"href":"https:\/\/rmvapebang.com\/pl\/wp-json\/wp\/v2\/types\/product"}],"replies":[{"embeddable":true,"href":"https:\/\/rmvapebang.com\/pl\/wp-json\/wp\/v2\/comments?post=2114"}],"wp:featuredmedia":[{"embeddable":true,"href":"https:\/\/rmvapebang.com\/pl\/wp-json\/wp\/v2\/media\/2308"}],"wp:attachment":[{"href":"https:\/\/rmvapebang.com\/pl\/wp-json\/wp\/v2\/media?parent=2114"}],"wp:term":[{"taxonomy":"product_brand","embeddable":true,"href":"https:\/\/rmvapebang.com\/pl\/wp-json\/wp\/v2\/product_brand?post=2114"},{"taxonomy":"product_cat","embeddable":true,"href":"https:\/\/rmvapebang.com\/pl\/wp-json\/wp\/v2\/product_cat?post=2114"},{"taxonomy":"product_tag","embeddable":true,"href":"https:\/\/rmvapebang.com\/pl\/wp-json\/wp\/v2\/product_tag?post=2114"}],"curies":[{"name":"wp","href":"https:\/\/api.w.org\/{rel}","templated":true}]}}