{"id":4346,"date":"2025-06-09T15:36:34","date_gmt":"2025-06-09T07:36:34","guid":{"rendered":"https:\/\/rmvapebang.com\/?post_type=product&#038;p=4346"},"modified":"2025-09-03T14:30:45","modified_gmt":"2025-09-03T06:30:45","slug":"best-price-for-bulk-vape-order-bang-blaze-60k-puffs-shisha-vape-bulk-buyers","status":"publish","type":"product","link":"https:\/\/rmvapebang.com\/nl\/product\/best-price-for-bulk-vape-order-bang-blaze-60k-puffs-shisha-vape-bulk-buyers\/","title":{"rendered":"Beste prijs voor Bulk Vape Bestelling Bang Blaze 60k soezen shisha vape Bulk Kopers"},"content":{"rendered":"<h2 style=\"text-align: left\">Beste prijs voor Bulk Vape Bestelling Bang Blaze 60k soezen shisha vape Bulk Kopers<\/h2>\n<p>Beste prijs voor bulk vape bestelling <strong><a href=\"https:\/\/rmvapebang.com\/nl\/product-category\/disposable-bang-blaze-vape\/\">Bang Blaze<\/a> <\/strong>60k puffs shisha vape Bulk Kopers is uw go-to product voor krachtige en unieke vaping in hookah-stijl. Met een massale 40ml e-vloeistof tank en krachtige 1000mAh batterij, shisha vape van Bang Blaze 60k biedt 60.000 ultra-gladde puffs.<\/p>\n<p>60k Shisha Vape heeft het slimme scherm dat een premium touch toevoegt, met weergave van batterij en pufjes gebruik. Daarnaast, Blaze <strong><a href=\"https:\/\/rmvapebang.com\/nl\/product-category\/vape-60000-puffs\/\">60000 Puffs wegwerp vape<\/a><\/strong> van BANG verkrijgbaar in 10 gedurfde smaken en 2%\/5% nicotine sterkte. de vape van bangblaze wegwerp 60k eenheid combineert kwaliteit, levensduur en ontwerp - waardoor het een favoriet is voor retailers in heel Nederland.<\/p>\n<p>Perfect voor bulk kopers die top-tier producten willen inslaan tegen onverslaanbare prijzen.<\/p>\n<p><img loading=\"lazy\" decoding=\"async\" class=\"alignnone wp-image-4337\" src=\"http:\/\/rmvapebang.com\/wp-content\/uploads\/2025\/06\/Bang-Blaze-disposable-device-puffs-60000-Hot-Sale.webp\" alt=\"Bang Blaze wegwerpapparaat puffs 60000 Hete Verkoop\" width=\"750\" height=\"750\" srcset=\"https:\/\/rmvapebang.com\/wp-content\/uploads\/2025\/06\/Bang-Blaze-disposable-device-puffs-60000-Hot-Sale.webp 800w, https:\/\/rmvapebang.com\/wp-content\/uploads\/2025\/06\/Bang-Blaze-disposable-device-puffs-60000-Hot-Sale-300x300.webp 300w, https:\/\/rmvapebang.com\/wp-content\/uploads\/2025\/06\/Bang-Blaze-disposable-device-puffs-60000-Hot-Sale-150x150.webp 150w, https:\/\/rmvapebang.com\/wp-content\/uploads\/2025\/06\/Bang-Blaze-disposable-device-puffs-60000-Hot-Sale-768x768.webp 768w, https:\/\/rmvapebang.com\/wp-content\/uploads\/2025\/06\/Bang-Blaze-disposable-device-puffs-60000-Hot-Sale-600x600.webp 600w, https:\/\/rmvapebang.com\/wp-content\/uploads\/2025\/06\/Bang-Blaze-disposable-device-puffs-60000-Hot-Sale-100x100.webp 100w\" sizes=\"auto, (max-width: 750px) 100vw, 750px\" \/><\/p>\n<h3><strong>Wat zijn de smaken voor Bang BLAZE shisha 60K vape?<\/strong><\/h3>\n<p>1. Koele munt<br \/>\n2. Bruin bier<br \/>\n3. Dubbele munt<br \/>\n5. Aardbei Kiwi<br \/>\n6. Perzik Mango Watermeloen<br \/>\n7. Watermeloen Aardbei Meloen<br \/>\n8. Blauwe Framboos<br \/>\n9. Gemengde bessen<br \/>\n10. Passievrucht<\/p>\n<h2>Specificaties voor de vape van <strong>Bang blaze waterpijp vape 60000 <\/strong>Trekjes:<\/h2>\n<p>\u2013 <em><strong><span style=\"color: #ff0000\">60k<\/span><\/strong><\/em> Puffs<br \/>\n\u2013<em><strong><span style=\"color: #ff0000\"> 10<\/span> <\/strong><\/em>Smaken<br \/>\n\u2013 <em><strong><span style=\"color: #ff0000\">2%\/5%<\/span> <\/strong><\/em>Nicotine<br \/>\n\u2013 <em><strong><span style=\"color: #ff0000\">40ml<\/span><\/strong><\/em> of E-vloeistof Capaciteit<br \/>\n\u2013 Batterijcapaciteit <em><strong><span style=\"color: #ff0000\">1000 mAh<\/span><\/strong><\/em><\/p>\n<h3>FAQ:<\/h3>\n<p>V: Wat is de MOQ van de Bang blaze wegwerp 60k oplaadbare vape?<\/p>\n<p>A: De minimale bestelhoeveelheid (MOQ) voor de BANG blaze vape shisha 60k puffs is 50 stuks.<\/p>\n<p>V: Wat is de levertijd voor de oplaadbare vape die ik heb besteld?<\/p>\n<p>A: Normaal gesproken is de levertijd voor de oplaadbare vape 10-15 dagen na verzending.<\/p>\n<p>Q: Hoeveel bedragen de verzendkosten voor de shisha 60000 Puffs Vape?<\/p>\n<p>A: De verzendkosten vari\u00ebren afhankelijk van het gewicht van de bestelling. Verschillende hoeveelheden kunnen verschillende verzendkosten hebben. Neem contact met ons op om de verzendkosten voor uw specifieke bestelling te bevestigen.<\/p>\n<p>Q: Kan de bang blaze hookah wegwerp 60000 Vape naar mijn land worden verzonden?<\/p>\n<p>A: Ja, we kunnen de bang blaze hookah 60000 Vape naar de meeste Europese landen verzenden, waaronder maar niet beperkt tot Nederland, Duitsland, Frankrijk, Spanje, Itali\u00eb, Belgi\u00eb, Luxemburg, Oostenrijk, Tsjechi\u00eb, Slowakije, Hongarije, Sloveni\u00eb, Roemeni\u00eb, Bulgarije, Griekenland, Polen, Zweden, Ierland, Portugal, Finland, Estland, Letland en Litouwen. Als u specifieke vragen hebt over verzending naar uw land, neem dan gerust contact met ons op voor verdere assistentie.<\/p>\n<p><strong>Neem contact op met Lyn voor meer productvideo's!<\/strong><\/p>\n<p><a href=\"https:\/\/wa.me\/8617840853976\"><span style=\"color: #ff6600\"><strong><em>Whatsapp:+86 17840853976<\/em><\/strong><\/span><\/a><\/p>\n<p><img loading=\"lazy\" decoding=\"async\" class=\"alignnone size-medium wp-image-1905\" src=\"http:\/\/rmvapebang.com\/wp-content\/uploads\/2024\/03\/whatsapp-vape-2-202x300.jpg\" alt=\"\" width=\"202\" height=\"300\" \/><\/p>\n<p>Vind meer producten die u misschien leuk vindt:<a href=\"https:\/\/rmvapebang.com\/nl\/shop-page\/\"><strong><em>Winkel nu<\/em><\/strong><\/a><\/p>\n<p>andere puffs die u misschien leuk vindt: <a href=\"https:\/\/rmvapebang.com\/nl\/product\/vozol-star-disposable-20k-puffs-wholesale-affordable-disposable-vape\/\">VOZOL STAR 20000 PUFFS<\/a>\/<a href=\"https:\/\/rmvapebang.com\/nl\/product\/waspe-crystal-40000-puffs-disposabl-vape-good-price-bulk-sale\/\">waspe 40k dual smaken<\/a>\/<a href=\"https:\/\/rmvapebang.com\/nl\/product\/uwin-twins-crystal-40k-disposable-vape-top-sale\/\">Uwin twins kristal 40k<\/a>\/<a href=\"https:\/\/rmvapebang.com\/nl\/product\/bangking-triple-75k-vapen-wholesale-price-bulk-sale-vape\/\">bangking triple 75k vape<\/a>\/<a href=\"https:\/\/rmvapebang.com\/nl\/product\/vopk-triple-pro-75000-puffs-best-value-bulk-sale\/\">vopk triple pro 75k puffs vape<\/a><\/p>","protected":false},"excerpt":{"rendered":"<p><span style=\"color: #ff0000\"><strong>LET OP:<\/strong><em>Prijzen op de website zijn exclusief verzendkosten. Stuur ons uw postcode en adres, zodat wij de verzendkosten voor u kunnen berekenen.<\/em><\/span><\/p>\n<p>Lever krachtige shisha smaak en slim ontwerp aan je klanten - koop vandaag nog in bulk en profiteer van topprestaties, exclusieve tarieven en prioriteitsverzending voor grote bestellingen.<\/p>\n<p><a href=\"https:\/\/wa.me\/8617840853976\"><strong><em>Whatsapp:+86 17840853976<\/em><\/strong><\/a><\/p>\n<p>Scan op whatsapp voor Nieuwe Klant coupon<\/p>\n<p><img loading=\"lazy\" decoding=\"async\" class=\"alignnone size-medium wp-image-1905\" src=\"http:\/\/rmvapebang.com\/wp-content\/uploads\/2024\/03\/whatsapp-vape-2-202x300.jpg\" alt=\"\" width=\"202\" height=\"300\" \/><\/p>","protected":false},"featured_media":4343,"comment_status":"open","ping_status":"closed","template":"","meta":{"_uag_custom_page_level_css":"","_lmt_disableupdate":"no","_lmt_disable":"","site-sidebar-layout":"no-sidebar","site-content-layout":"boxed-container","ast-site-content-layout":"normal-width-container","site-content-style":"boxed","site-sidebar-style":"boxed","ast-global-header-display":"","ast-banner-title-visibility":"","ast-main-header-display":"","ast-hfb-above-header-display":"","ast-hfb-below-header-display":"","ast-hfb-mobile-header-display":"","site-post-title":"","ast-breadcrumbs-content":"","ast-featured-img":"","footer-sml-layout":"","theme-transparent-header-meta":"default","adv-header-id-meta":"","stick-header-meta":"","header-above-stick-meta":"","header-main-stick-meta":"","header-below-stick-meta":"","astra-migrate-meta-layouts":"set","ast-page-background-enabled":"default","ast-page-background-meta":{"desktop":{"background-color":"","background-image":"","background-repeat":"repeat","background-position":"center center","background-size":"auto","background-attachment":"scroll","background-type":"","background-media":"","overlay-type":"","overlay-color":"","overlay-gradient":""},"tablet":{"background-color":"","background-image":"","background-repeat":"repeat","background-position":"center center","background-size":"auto","background-attachment":"scroll","background-type":"","background-media":"","overlay-type":"","overlay-color":"","overlay-gradient":""},"mobile":{"background-color":"","background-image":"","background-repeat":"repeat","background-position":"center center","background-size":"auto","background-attachment":"scroll","background-type":"","background-media":"","overlay-type":"","overlay-color":"","overlay-gradient":""}},"ast-content-background-meta":{"desktop":{"background-color":"var(--ast-global-color-5)","background-image":"","background-repeat":"repeat","background-position":"center center","background-size":"auto","background-attachment":"scroll","background-type":"","background-media":"","overlay-type":"","overlay-color":"","overlay-gradient":""},"tablet":{"background-color":"var(--ast-global-color-5)","background-image":"","background-repeat":"repeat","background-position":"center center","background-size":"auto","background-attachment":"scroll","background-type":"","background-media":"","overlay-type":"","overlay-color":"","overlay-gradient":""},"mobile":{"background-color":"var(--ast-global-color-5)","background-image":"","background-repeat":"repeat","background-position":"center center","background-size":"auto","background-attachment":"scroll","background-type":"","background-media":"","overlay-type":"","overlay-color":"","overlay-gradient":""}},"_joinchat":[]},"product_brand":[],"product_cat":[193,39,41,128,42,40,131,129,179,43],"product_tag":[178,183,50,61,98,53,52],"class_list":{"0":"post-4346","1":"product","2":"type-product","3":"status-publish","4":"has-post-thumbnail","6":"product_cat-disposable-bang-blaze-vape","7":"product_cat-france-wholesale-vape","8":"product_cat-netherlands-wholesale-vape","9":"product_cat-smart-display","10":"product_cat-spain-wholesale-vape","11":"product_cat-germany-wholesale-vape","12":"product_cat-tornado-vape-wholesale-price-hot-sale","13":"product_cat-tornado-vapes","14":"product_cat-vape-60000-puffs","15":"product_cat-vape-shop","16":"product_tag-60000-puffs","17":"product_tag-60k-puffs","18":"product_tag-bulk-price-vape-shop","19":"product_tag-good-sales-vape","20":"product_tag-moq-is-50pcs","21":"product_tag-rechargeable-vape","22":"product_tag-vape-wholesasle-price","23":"desktop-align-left","24":"tablet-align-left","25":"mobile-align-left","27":"first","28":"instock","29":"sale","30":"shipping-taxable","31":"purchasable","32":"product-type-simple"},"yoast_head":"<!-- This site is optimized with the Yoast SEO plugin v23.0 - https:\/\/yoast.com\/wordpress\/plugins\/seo\/ -->\n<title>Best Price for Bulk Vape Order Bang Blaze 60k puffs shisha vape Bulk Buyers - rmvapebang.com<\/title>\n<meta name=\"description\" content=\"Bang Blaze 60k puffs hookah vape with 40ml tank, 1000mAh battery, smart screen, 10 flavours. Bulk vape offer with fast delivery across Europe.\" \/>\n<meta name=\"robots\" content=\"index, follow, max-snippet:-1, max-image-preview:large, max-video-preview:-1\" \/>\n<link rel=\"canonical\" href=\"https:\/\/rmvapebang.com\/nl\/product\/best-price-for-bulk-vape-order-bang-blaze-60k-puffs-shisha-vape-bulk-buyers\/\" \/>\n<meta property=\"og:locale\" content=\"nl_NL\" \/>\n<meta property=\"og:type\" content=\"article\" \/>\n<meta property=\"og:title\" content=\"Best Price for Bulk Vape Order Bang Blaze 60k puffs shisha vape Bulk Buyers - rmvapebang.com\" \/>\n<meta property=\"og:description\" content=\"Bang Blaze 60k puffs hookah vape with 40ml tank, 1000mAh battery, smart screen, 10 flavours. Bulk vape offer with fast delivery across Europe.\" \/>\n<meta property=\"og:url\" content=\"https:\/\/rmvapebang.com\/nl\/product\/best-price-for-bulk-vape-order-bang-blaze-60k-puffs-shisha-vape-bulk-buyers\/\" \/>\n<meta property=\"og:site_name\" content=\"rmvapebang.com\" \/>\n<meta property=\"article:modified_time\" content=\"2025-09-03T06:30:45+00:00\" \/>\n<meta property=\"og:image\" content=\"https:\/\/rmvapebang.com\/wp-content\/uploads\/2025\/06\/Bang-Blaze-disposable-device-60k-puffs-Hot-Sale.webp\" \/>\n\t<meta property=\"og:image:width\" content=\"800\" \/>\n\t<meta property=\"og:image:height\" content=\"800\" \/>\n\t<meta property=\"og:image:type\" content=\"image\/webp\" \/>\n<meta name=\"twitter:card\" content=\"summary_large_image\" \/>\n<meta name=\"twitter:label1\" content=\"Verwachte leestijd\" \/>\n\t<meta name=\"twitter:data1\" content=\"3 minuten\" \/>\n<script type=\"application\/ld+json\" class=\"yoast-schema-graph\">{\"@context\":\"https:\/\/schema.org\",\"@graph\":[{\"@type\":\"WebPage\",\"@id\":\"https:\/\/rmvapebang.com\/hu\/product\/best-price-for-bulk-vape-order-bang-blaze-60k-puffs-shisha-vape-bulk-buyers\/\",\"url\":\"https:\/\/rmvapebang.com\/hu\/product\/best-price-for-bulk-vape-order-bang-blaze-60k-puffs-shisha-vape-bulk-buyers\/\",\"name\":\"Best Price for Bulk Vape Order Bang Blaze 60k puffs shisha vape Bulk Buyers - rmvapebang.com\",\"isPartOf\":{\"@id\":\"https:\/\/rmvapebang.com\/#website\"},\"primaryImageOfPage\":{\"@id\":\"https:\/\/rmvapebang.com\/hu\/product\/best-price-for-bulk-vape-order-bang-blaze-60k-puffs-shisha-vape-bulk-buyers\/#primaryimage\"},\"image\":{\"@id\":\"https:\/\/rmvapebang.com\/hu\/product\/best-price-for-bulk-vape-order-bang-blaze-60k-puffs-shisha-vape-bulk-buyers\/#primaryimage\"},\"thumbnailUrl\":\"https:\/\/rmvapebang.com\/wp-content\/uploads\/2025\/06\/Bang-Blaze-disposable-device-60k-puffs-Hot-Sale.webp\",\"datePublished\":\"2025-06-09T07:36:34+00:00\",\"dateModified\":\"2025-09-03T06:30:45+00:00\",\"description\":\"Bang Blaze 60k puffs hookah vape with 40ml tank, 1000mAh battery, smart screen, 10 flavours. Bulk vape offer with fast delivery across Europe.\",\"breadcrumb\":{\"@id\":\"https:\/\/rmvapebang.com\/hu\/product\/best-price-for-bulk-vape-order-bang-blaze-60k-puffs-shisha-vape-bulk-buyers\/#breadcrumb\"},\"inLanguage\":\"nl-NL\",\"potentialAction\":[{\"@type\":\"ReadAction\",\"target\":[\"https:\/\/rmvapebang.com\/hu\/product\/best-price-for-bulk-vape-order-bang-blaze-60k-puffs-shisha-vape-bulk-buyers\/\"]}]},{\"@type\":\"ImageObject\",\"inLanguage\":\"nl-NL\",\"@id\":\"https:\/\/rmvapebang.com\/hu\/product\/best-price-for-bulk-vape-order-bang-blaze-60k-puffs-shisha-vape-bulk-buyers\/#primaryimage\",\"url\":\"https:\/\/rmvapebang.com\/wp-content\/uploads\/2025\/06\/Bang-Blaze-disposable-device-60k-puffs-Hot-Sale.webp\",\"contentUrl\":\"https:\/\/rmvapebang.com\/wp-content\/uploads\/2025\/06\/Bang-Blaze-disposable-device-60k-puffs-Hot-Sale.webp\",\"width\":800,\"height\":800,\"caption\":\"Bang Blaze disposable device 60k puffs Hot Sale\"},{\"@type\":\"BreadcrumbList\",\"@id\":\"https:\/\/rmvapebang.com\/hu\/product\/best-price-for-bulk-vape-order-bang-blaze-60k-puffs-shisha-vape-bulk-buyers\/#breadcrumb\",\"itemListElement\":[{\"@type\":\"ListItem\",\"position\":1,\"name\":\"Home\",\"item\":\"https:\/\/rmvapebang.com\/\"},{\"@type\":\"ListItem\",\"position\":2,\"name\":\"Hot Vape Shop\",\"item\":\"https:\/\/rmvapebang.com\/shop-page\/\"},{\"@type\":\"ListItem\",\"position\":3,\"name\":\"Best Price for Bulk Vape Order Bang Blaze 60k puffs shisha vape Bulk Buyers\"}]},{\"@type\":\"WebSite\",\"@id\":\"https:\/\/rmvapebang.com\/#website\",\"url\":\"https:\/\/rmvapebang.com\/\",\"name\":\"rmvapebang.com\",\"description\":\"buy vape cheap\",\"publisher\":{\"@id\":\"https:\/\/rmvapebang.com\/#organization\"},\"potentialAction\":[{\"@type\":\"SearchAction\",\"target\":{\"@type\":\"EntryPoint\",\"urlTemplate\":\"https:\/\/rmvapebang.com\/?s={search_term_string}\"},\"query-input\":\"required name=search_term_string\"}],\"inLanguage\":\"nl-NL\"},{\"@type\":\"Organization\",\"@id\":\"https:\/\/rmvapebang.com\/#organization\",\"name\":\"rmvapebang.com\",\"url\":\"https:\/\/rmvapebang.com\/\",\"logo\":{\"@type\":\"ImageObject\",\"inLanguage\":\"nl-NL\",\"@id\":\"https:\/\/rmvapebang.com\/#\/schema\/logo\/image\/\",\"url\":\"https:\/\/rmvapebang.com\/wp-content\/uploads\/2024\/03\/cropped-RVBlogo.png\",\"contentUrl\":\"https:\/\/rmvapebang.com\/wp-content\/uploads\/2024\/03\/cropped-RVBlogo.png\",\"width\":507,\"height\":169,\"caption\":\"rmvapebang.com\"},\"image\":{\"@id\":\"https:\/\/rmvapebang.com\/#\/schema\/logo\/image\/\"}}]}<\/script>\n<!-- \/ Yoast SEO plugin. -->","yoast_head_json":{"title":"Best Price for Bulk Vape Order Bang Blaze 60k puffs shisha vape Bulk Buyers - rmvapebang.com","description":"Bang Blaze 60k puffs hookah vape with 40ml tank, 1000mAh battery, smart screen, 10 flavours. Bulk vape offer with fast delivery across Europe.","robots":{"index":"index","follow":"follow","max-snippet":"max-snippet:-1","max-image-preview":"max-image-preview:large","max-video-preview":"max-video-preview:-1"},"canonical":"https:\/\/rmvapebang.com\/nl\/product\/best-price-for-bulk-vape-order-bang-blaze-60k-puffs-shisha-vape-bulk-buyers\/","og_locale":"nl_NL","og_type":"article","og_title":"Best Price for Bulk Vape Order Bang Blaze 60k puffs shisha vape Bulk Buyers - rmvapebang.com","og_description":"Bang Blaze 60k puffs hookah vape with 40ml tank, 1000mAh battery, smart screen, 10 flavours. Bulk vape offer with fast delivery across Europe.","og_url":"https:\/\/rmvapebang.com\/nl\/product\/best-price-for-bulk-vape-order-bang-blaze-60k-puffs-shisha-vape-bulk-buyers\/","og_site_name":"rmvapebang.com","article_modified_time":"2025-09-03T06:30:45+00:00","og_image":[{"width":800,"height":800,"url":"https:\/\/rmvapebang.com\/wp-content\/uploads\/2025\/06\/Bang-Blaze-disposable-device-60k-puffs-Hot-Sale.webp","type":"image\/webp"}],"twitter_card":"summary_large_image","twitter_misc":{"Verwachte leestijd":"3 minuten"},"schema":{"@context":"https:\/\/schema.org","@graph":[{"@type":"WebPage","@id":"https:\/\/rmvapebang.com\/hu\/product\/best-price-for-bulk-vape-order-bang-blaze-60k-puffs-shisha-vape-bulk-buyers\/","url":"https:\/\/rmvapebang.com\/hu\/product\/best-price-for-bulk-vape-order-bang-blaze-60k-puffs-shisha-vape-bulk-buyers\/","name":"Best Price for Bulk Vape Order Bang Blaze 60k puffs shisha vape Bulk Buyers - rmvapebang.com","isPartOf":{"@id":"https:\/\/rmvapebang.com\/#website"},"primaryImageOfPage":{"@id":"https:\/\/rmvapebang.com\/hu\/product\/best-price-for-bulk-vape-order-bang-blaze-60k-puffs-shisha-vape-bulk-buyers\/#primaryimage"},"image":{"@id":"https:\/\/rmvapebang.com\/hu\/product\/best-price-for-bulk-vape-order-bang-blaze-60k-puffs-shisha-vape-bulk-buyers\/#primaryimage"},"thumbnailUrl":"https:\/\/rmvapebang.com\/wp-content\/uploads\/2025\/06\/Bang-Blaze-disposable-device-60k-puffs-Hot-Sale.webp","datePublished":"2025-06-09T07:36:34+00:00","dateModified":"2025-09-03T06:30:45+00:00","description":"Bang Blaze 60k puffs hookah vape with 40ml tank, 1000mAh battery, smart screen, 10 flavours. Bulk vape offer with fast delivery across Europe.","breadcrumb":{"@id":"https:\/\/rmvapebang.com\/hu\/product\/best-price-for-bulk-vape-order-bang-blaze-60k-puffs-shisha-vape-bulk-buyers\/#breadcrumb"},"inLanguage":"nl-NL","potentialAction":[{"@type":"ReadAction","target":["https:\/\/rmvapebang.com\/hu\/product\/best-price-for-bulk-vape-order-bang-blaze-60k-puffs-shisha-vape-bulk-buyers\/"]}]},{"@type":"ImageObject","inLanguage":"nl-NL","@id":"https:\/\/rmvapebang.com\/hu\/product\/best-price-for-bulk-vape-order-bang-blaze-60k-puffs-shisha-vape-bulk-buyers\/#primaryimage","url":"https:\/\/rmvapebang.com\/wp-content\/uploads\/2025\/06\/Bang-Blaze-disposable-device-60k-puffs-Hot-Sale.webp","contentUrl":"https:\/\/rmvapebang.com\/wp-content\/uploads\/2025\/06\/Bang-Blaze-disposable-device-60k-puffs-Hot-Sale.webp","width":800,"height":800,"caption":"Bang Blaze disposable device 60k puffs Hot Sale"},{"@type":"BreadcrumbList","@id":"https:\/\/rmvapebang.com\/hu\/product\/best-price-for-bulk-vape-order-bang-blaze-60k-puffs-shisha-vape-bulk-buyers\/#breadcrumb","itemListElement":[{"@type":"ListItem","position":1,"name":"Home","item":"https:\/\/rmvapebang.com\/"},{"@type":"ListItem","position":2,"name":"Hot Vape Shop","item":"https:\/\/rmvapebang.com\/shop-page\/"},{"@type":"ListItem","position":3,"name":"Best Price for Bulk Vape Order Bang Blaze 60k puffs shisha vape Bulk Buyers"}]},{"@type":"WebSite","@id":"https:\/\/rmvapebang.com\/#website","url":"https:\/\/rmvapebang.com\/","name":"rmvapebang.com","description":"buy vape cheap","publisher":{"@id":"https:\/\/rmvapebang.com\/#organization"},"potentialAction":[{"@type":"SearchAction","target":{"@type":"EntryPoint","urlTemplate":"https:\/\/rmvapebang.com\/?s={search_term_string}"},"query-input":"required name=search_term_string"}],"inLanguage":"nl-NL"},{"@type":"Organization","@id":"https:\/\/rmvapebang.com\/#organization","name":"rmvapebang.com","url":"https:\/\/rmvapebang.com\/","logo":{"@type":"ImageObject","inLanguage":"nl-NL","@id":"https:\/\/rmvapebang.com\/#\/schema\/logo\/image\/","url":"https:\/\/rmvapebang.com\/wp-content\/uploads\/2024\/03\/cropped-RVBlogo.png","contentUrl":"https:\/\/rmvapebang.com\/wp-content\/uploads\/2024\/03\/cropped-RVBlogo.png","width":507,"height":169,"caption":"rmvapebang.com"},"image":{"@id":"https:\/\/rmvapebang.com\/#\/schema\/logo\/image\/"}}]}},"uagb_featured_image_src":{"full":["https:\/\/rmvapebang.com\/wp-content\/uploads\/2025\/06\/Bang-Blaze-disposable-device-60k-puffs-Hot-Sale.webp",800,800,false],"thumbnail":["https:\/\/rmvapebang.com\/wp-content\/uploads\/2025\/06\/Bang-Blaze-disposable-device-60k-puffs-Hot-Sale-150x150.webp",150,150,true],"medium":["https:\/\/rmvapebang.com\/wp-content\/uploads\/2025\/06\/Bang-Blaze-disposable-device-60k-puffs-Hot-Sale-300x300.webp",300,300,true],"medium_large":["https:\/\/rmvapebang.com\/wp-content\/uploads\/2025\/06\/Bang-Blaze-disposable-device-60k-puffs-Hot-Sale-768x768.webp",768,768,true],"large":["https:\/\/rmvapebang.com\/wp-content\/uploads\/2025\/06\/Bang-Blaze-disposable-device-60k-puffs-Hot-Sale.webp",800,800,false],"1536x1536":["https:\/\/rmvapebang.com\/wp-content\/uploads\/2025\/06\/Bang-Blaze-disposable-device-60k-puffs-Hot-Sale.webp",800,800,false],"2048x2048":["https:\/\/rmvapebang.com\/wp-content\/uploads\/2025\/06\/Bang-Blaze-disposable-device-60k-puffs-Hot-Sale.webp",800,800,false],"trp-custom-language-flag":["https:\/\/rmvapebang.com\/wp-content\/uploads\/2025\/06\/Bang-Blaze-disposable-device-60k-puffs-Hot-Sale.webp",12,12,false],"woocommerce_thumbnail":["https:\/\/rmvapebang.com\/wp-content\/uploads\/2025\/06\/Bang-Blaze-disposable-device-60k-puffs-Hot-Sale-300x300.webp",300,300,true],"woocommerce_single":["https:\/\/rmvapebang.com\/wp-content\/uploads\/2025\/06\/Bang-Blaze-disposable-device-60k-puffs-Hot-Sale-600x600.webp",600,600,true],"woocommerce_gallery_thumbnail":["https:\/\/rmvapebang.com\/wp-content\/uploads\/2025\/06\/Bang-Blaze-disposable-device-60k-puffs-Hot-Sale-100x100.webp",100,100,true],"wcpr-photo-reviews":["https:\/\/rmvapebang.com\/wp-content\/uploads\/2025\/06\/Bang-Blaze-disposable-device-60k-puffs-Hot-Sale.webp",500,500,false]},"uagb_author_info":{"display_name":"Lyn","author_link":"https:\/\/rmvapebang.com\/nl\/author\/"},"uagb_comment_info":0,"uagb_excerpt":"NOTE\uff1aPrices on the website don\u2019t include shipping fee. Please send your zip code and address that we can check shipping costs for you. Deliver powerful shisha flavour and smart design to your customers\u2014buy in bulk today and enjoy top-tier performance, exclusive rates, and priority shipping for large orders. Whatsapp:+86 17840853976 Scan on whatsapp for New&hellip;","_links":{"self":[{"href":"https:\/\/rmvapebang.com\/nl\/wp-json\/wp\/v2\/product\/4346","targetHints":{"allow":["GET"]}}],"collection":[{"href":"https:\/\/rmvapebang.com\/nl\/wp-json\/wp\/v2\/product"}],"about":[{"href":"https:\/\/rmvapebang.com\/nl\/wp-json\/wp\/v2\/types\/product"}],"replies":[{"embeddable":true,"href":"https:\/\/rmvapebang.com\/nl\/wp-json\/wp\/v2\/comments?post=4346"}],"wp:featuredmedia":[{"embeddable":true,"href":"https:\/\/rmvapebang.com\/nl\/wp-json\/wp\/v2\/media\/4343"}],"wp:attachment":[{"href":"https:\/\/rmvapebang.com\/nl\/wp-json\/wp\/v2\/media?parent=4346"}],"wp:term":[{"taxonomy":"product_brand","embeddable":true,"href":"https:\/\/rmvapebang.com\/nl\/wp-json\/wp\/v2\/product_brand?post=4346"},{"taxonomy":"product_cat","embeddable":true,"href":"https:\/\/rmvapebang.com\/nl\/wp-json\/wp\/v2\/product_cat?post=4346"},{"taxonomy":"product_tag","embeddable":true,"href":"https:\/\/rmvapebang.com\/nl\/wp-json\/wp\/v2\/product_tag?post=4346"}],"curies":[{"name":"wp","href":"https:\/\/api.w.org\/{rel}","templated":true}]}}