{"id":4319,"date":"2025-06-05T17:09:58","date_gmt":"2025-06-05T09:09:58","guid":{"rendered":"https:\/\/rmvapebang.com\/?post_type=product&#038;p=4319"},"modified":"2025-06-05T18:05:10","modified_gmt":"2025-06-05T10:05:10","slug":"bangking-triple-75k-vapen-wholesale-price-bulk-sale-vape","status":"publish","type":"product","link":"https:\/\/rmvapebang.com\/nl\/product\/bangking-triple-75k-vapen-wholesale-price-bulk-sale-vape\/","title":{"rendered":"BANGKING TRIPLE 75K Vapen Groothandelsprijs Bulkverkoop Vape"},"content":{"rendered":"<h2 style=\"text-align: center\">BANGKING TRIPLE 75K Vapen Groothandelsprijs Bulkverkoop Vape<\/h2>\n<p>BANGKING TRIPLE 75K Vape Groothandelsprijs Bulkverkoop Vape ontworpen voor bulkkopers en vape-retailers, powerhouse biedt tot 75.000 trekjes, waarbij drie wisselende smaken per apparaat worden gecombineerd uit een collectie van 16 heerlijke melanges.<\/p>\n<p>75K Vape wegwerp van BANGKING met een enorme e-liquid tank van 45 ml en een oplaadbare batterij van 650 mAh, elk trekje levert langdurige, soepele en smaakvolle damp. Verkrijgbaar in 2% en 5% nicotine, de TRIPLE 75K puffd voor vapen BANGKING is geschikt voor zowel casual gebruikers als zware dampers.<\/p>\n<p>Of u nu uw winkel aanvult of in bulk koopt, Vape van bangking 75000 trekjes is een bestverkochte groothandelskeuze voor serieuze vape-retailers in heel Europa.<\/p>\n<p><img loading=\"lazy\" decoding=\"async\" class=\"alignnone wp-image-4311 size-full\" src=\"http:\/\/rmvapebang.com\/wp-content\/uploads\/2025\/06\/Bangking-triple-vape-75k-puffs-factory-price.webp\" alt=\"Bangking triple vape 75k trekjes fabrieksprijs\" width=\"800\" height=\"635\" srcset=\"https:\/\/rmvapebang.com\/wp-content\/uploads\/2025\/06\/Bangking-triple-vape-75k-puffs-factory-price.webp 800w, https:\/\/rmvapebang.com\/wp-content\/uploads\/2025\/06\/Bangking-triple-vape-75k-puffs-factory-price-300x238.webp 300w, https:\/\/rmvapebang.com\/wp-content\/uploads\/2025\/06\/Bangking-triple-vape-75k-puffs-factory-price-768x610.webp 768w, https:\/\/rmvapebang.com\/wp-content\/uploads\/2025\/06\/Bangking-triple-vape-75k-puffs-factory-price-600x476.webp 600w\" sizes=\"auto, (max-width: 800px) 100vw, 800px\" \/><\/p>\n<h3><strong>Wat zijn de smaken voor Bangking VAPEN 75k vape?<\/strong><\/h3>\n<p>1. Watermeloenijs<br \/>\n2. Citroenlimoen<br \/>\n3. Aardbei Banaan<br \/>\n4. Blauwe Framboos Kers<br \/>\n5. Tropisch Fruit<br \/>\n6. Ananas Kokos<br \/>\n7. Aardbei Watermeloen<br \/>\n8. Gemengde Bessen<br \/>\n9. Lush Ice<br \/>\n10. Aardbei Vanille Cola<br \/>\n11. Aardbei Watermeloen<br \/>\n12. Bessenlimonade<br \/>\n13. Dubbele Appel<br \/>\n14. Cola IJs<br \/>\n15. Aardbeidonut<br \/>\n16. Icetealemon IJs<\/p>\n<h2>Specificaties voor de vape van <strong>Banking drievoudig 75000 <\/strong>Trekjes:<\/h2>\n<p>\u2013 <em><strong><span style=\"color: #ff0000\">75k<\/span><\/strong><\/em> Puffs<br \/>\n\u2013<em><strong><span style=\"color: #ff0000\"> 16<\/span> <\/strong><\/em>Smaken<br \/>\n\u2013 <em><strong><span style=\"color: #ff0000\">2%\/5%<\/span> <\/strong><\/em>Nicotine<br \/>\n\u2013 <em><strong><span style=\"color: #ff0000\">45ml<\/span><\/strong><\/em> of E-vloeistof Capaciteit<br \/>\n\u2013 Batterijcapaciteit <em><strong><span style=\"color: #ff0000\">650 mAh<\/span><\/strong><\/em><\/p>\n<h3>FAQ:<\/h3>\n<p>V: Wat is de MOQ van de bangking wegwerp triple 75k oplaadbare Vape?<\/p>\n<p>A: De minimale bestelhoeveelheid (MOQ) voor de BANGKING vape wegwerp 75k trekjes is 50 stuks.<\/p>\n<p>V: Wat is de levertijd voor de oplaadbare vape die ik heb besteld?<\/p>\n<p>A: Normaal gesproken is de levertijd voor de oplaadbare vape 10-15 dagen na verzending.<\/p>\n<p>V: Hoeveel bedragen de verzendkosten voor de 3-in-1 smaken 75000 Puffs Vape?<\/p>\n<p>A: De verzendkosten vari\u00ebren afhankelijk van het gewicht van de bestelling. Verschillende hoeveelheden kunnen verschillende verzendkosten hebben. Neem contact met ons op om de verzendkosten voor uw specifieke bestelling te bevestigen.<\/p>\n<p>V: Kan de bangking triple smaken wegwerp 75000 Vape naar mijn land worden verzonden?<\/p>\n<p>A: Ja, we kunnen de bangking 75000 vapen Vape naar de meeste Europese landen verzenden, waaronder, maar niet beperkt tot, Nederland, Duitsland, Frankrijk, Spanje, Itali\u00eb, Belgi\u00eb, Luxemburg, Oostenrijk, Tsjechi\u00eb, Slowakije, Hongarije, Sloveni\u00eb, Roemeni\u00eb, Bulgarije, Griekenland, Polen, Zweden, Ierland, Portugal, Finland, Estland, Letland en Litouwen. Als u specifieke vragen heeft over verzending naar uw land, neem dan gerust contact met ons op voor verdere hulp.<\/p>\n<p><strong>Neem contact op met Lyn voor meer productvideo's!<\/strong><\/p>\n<p><a href=\"https:\/\/wa.me\/8617840853976\"><span style=\"color: #ff6600\"><strong><em>Whatsapp:+86 17840853976<\/em><\/strong><\/span><\/a><\/p>\n<p><img loading=\"lazy\" decoding=\"async\" class=\"alignnone size-medium wp-image-1905\" src=\"http:\/\/rmvapebang.com\/wp-content\/uploads\/2024\/03\/whatsapp-vape-2-202x300.jpg\" alt=\"\" width=\"202\" height=\"300\" \/><\/p>\n<p>Vind meer producten die u misschien leuk vindt:<a href=\"https:\/\/rmvapebang.com\/nl\/shop-page\/\"><strong><em>Winkel nu<\/em><\/strong><\/a><\/p>\n<p>andere puffs die u misschien leuk vindt: <a href=\"https:\/\/rmvapebang.com\/nl\/product\/vozol-star-disposable-20k-puffs-wholesale-affordable-disposable-vape\/\">VOZOL STAR 20000 PUFFS<\/a>\/<a href=\"https:\/\/rmvapebang.com\/nl\/product\/wga-dual-flavors-30000-puffs-crystal-vape-wholesale-price\/\">WGA 30k dual olie kop vape<\/a>\/<a href=\"https:\/\/rmvapebang.com\/nl\/product\/waspe-crystal-40000-puffs-disposabl-vape-good-price-bulk-sale\/\">waspe 40k dual smaken<\/a>\/<a href=\"https:\/\/rmvapebang.com\/nl\/product\/uwin-tornado-music-35k-bulk-price-discount-sale-rgb-lights-vape\/\">Uwin tornado 35k trekjes<\/a>\/<a href=\"https:\/\/rmvapebang.com\/nl\/product\/flash-sale-best-bulk-rate-stagbar-gemini-30k-puffs-must-have-vape\/\">stagbar Gemini 30k vape<\/a><\/p>","protected":false},"excerpt":{"rendered":"<p><span style=\"color: #ff0000\"><strong>LET OP:<\/strong><em>Prijzen op de website zijn exclusief verzendkosten. Stuur ons uw postcode en adres, zodat wij de verzendkosten voor u kunnen berekenen.<\/em><\/span><\/p>\n<p>Vul uw schappen met de BANGKING TRIPLE 75K \u2013 de volgende generatie triple-flavor wegwerp vape met onverslaanbare trekjes, rijke smaak en winstgevend groothandelsprijzen. Bestel vandaag nog!<\/p>\n<p><a href=\"https:\/\/wa.me\/8617840853976\"><strong><em>Whatsapp:+86 17840853976<\/em><\/strong><\/a><\/p>\n<p>Scan op whatsapp voor Nieuwe Klant coupon<\/p>\n<p><img loading=\"lazy\" decoding=\"async\" class=\"alignnone size-medium wp-image-1905\" src=\"http:\/\/rmvapebang.com\/wp-content\/uploads\/2024\/03\/whatsapp-vape-2-202x300.jpg\" alt=\"\" width=\"202\" height=\"300\" \/><\/p>","protected":false},"featured_media":4315,"comment_status":"open","ping_status":"closed","template":"","meta":{"_uag_custom_page_level_css":"","_lmt_disableupdate":"no","_lmt_disable":"","site-sidebar-layout":"no-sidebar","site-content-layout":"boxed-container","ast-site-content-layout":"normal-width-container","site-content-style":"boxed","site-sidebar-style":"boxed","ast-global-header-display":"","ast-banner-title-visibility":"","ast-main-header-display":"","ast-hfb-above-header-display":"","ast-hfb-below-header-display":"","ast-hfb-mobile-header-display":"","site-post-title":"","ast-breadcrumbs-content":"","ast-featured-img":"","footer-sml-layout":"","theme-transparent-header-meta":"default","adv-header-id-meta":"","stick-header-meta":"","header-above-stick-meta":"","header-main-stick-meta":"","header-below-stick-meta":"","astra-migrate-meta-layouts":"set","ast-page-background-enabled":"default","ast-page-background-meta":{"desktop":{"background-color":"","background-image":"","background-repeat":"repeat","background-position":"center center","background-size":"auto","background-attachment":"scroll","background-type":"","background-media":"","overlay-type":"","overlay-color":"","overlay-gradient":""},"tablet":{"background-color":"","background-image":"","background-repeat":"repeat","background-position":"center center","background-size":"auto","background-attachment":"scroll","background-type":"","background-media":"","overlay-type":"","overlay-color":"","overlay-gradient":""},"mobile":{"background-color":"","background-image":"","background-repeat":"repeat","background-position":"center center","background-size":"auto","background-attachment":"scroll","background-type":"","background-media":"","overlay-type":"","overlay-color":"","overlay-gradient":""}},"ast-content-background-meta":{"desktop":{"background-color":"var(--ast-global-color-5)","background-image":"","background-repeat":"repeat","background-position":"center center","background-size":"auto","background-attachment":"scroll","background-type":"","background-media":"","overlay-type":"","overlay-color":"","overlay-gradient":""},"tablet":{"background-color":"var(--ast-global-color-5)","background-image":"","background-repeat":"repeat","background-position":"center center","background-size":"auto","background-attachment":"scroll","background-type":"","background-media":"","overlay-type":"","overlay-color":"","overlay-gradient":""},"mobile":{"background-color":"var(--ast-global-color-5)","background-image":"","background-repeat":"repeat","background-position":"center center","background-size":"auto","background-attachment":"scroll","background-type":"","background-media":"","overlay-type":"","overlay-color":"","overlay-gradient":""}},"_joinchat":[]},"product_brand":[],"product_cat":[76,39,41,42,40,131,129,189,43],"product_tag":[191,190,50,61,98,53,52],"class_list":{"0":"post-4319","1":"product","2":"type-product","3":"status-publish","4":"has-post-thumbnail","6":"product_cat-bang-vapes","7":"product_cat-france-wholesale-vape","8":"product_cat-netherlands-wholesale-vape","9":"product_cat-spain-wholesale-vape","10":"product_cat-germany-wholesale-vape","11":"product_cat-tornado-vape-wholesale-price-hot-sale","12":"product_cat-tornado-vapes","13":"product_cat-vape-75000-puffs","14":"product_cat-vape-shop","15":"product_tag-75000-puffs","16":"product_tag-75k-puffs","17":"product_tag-bulk-price-vape-shop","18":"product_tag-good-sales-vape","19":"product_tag-moq-is-50pcs","20":"product_tag-rechargeable-vape","21":"product_tag-vape-wholesasle-price","22":"desktop-align-left","23":"tablet-align-left","24":"mobile-align-left","26":"first","27":"instock","28":"sale","29":"shipping-taxable","30":"purchasable","31":"product-type-simple"},"yoast_head":"<!-- This site is optimized with the Yoast SEO plugin v23.0 - https:\/\/yoast.com\/wordpress\/plugins\/seo\/ -->\n<title>BANGKING TRIPLE 75K Vapen Wholesale Price Bulk Sale Vape - rmvapebang.com<\/title>\n<meta name=\"description\" content=\"BANGKING TRIPLE 75K Vape: 75,000 puffs, 16 flavours, 2%\/5% nicotine. Bulk wholesale offer for European vape resellers. Order now!\" \/>\n<meta name=\"robots\" content=\"index, follow, max-snippet:-1, max-image-preview:large, max-video-preview:-1\" \/>\n<link rel=\"canonical\" href=\"https:\/\/rmvapebang.com\/nl\/product\/bangking-triple-75k-vapen-wholesale-price-bulk-sale-vape\/\" \/>\n<meta property=\"og:locale\" content=\"nl_NL\" \/>\n<meta property=\"og:type\" content=\"article\" \/>\n<meta property=\"og:title\" content=\"BANGKING TRIPLE 75K Vapen Wholesale Price Bulk Sale Vape - rmvapebang.com\" \/>\n<meta property=\"og:description\" content=\"BANGKING TRIPLE 75K Vape: 75,000 puffs, 16 flavours, 2%\/5% nicotine. Bulk wholesale offer for European vape resellers. Order now!\" \/>\n<meta property=\"og:url\" content=\"https:\/\/rmvapebang.com\/nl\/product\/bangking-triple-75k-vapen-wholesale-price-bulk-sale-vape\/\" \/>\n<meta property=\"og:site_name\" content=\"rmvapebang.com\" \/>\n<meta property=\"article:modified_time\" content=\"2025-06-05T10:05:10+00:00\" \/>\n<meta property=\"og:image\" content=\"https:\/\/rmvapebang.com\/wp-content\/uploads\/2025\/06\/Bangking-vapen-vape-75k-puffs-factory-price.webp\" \/>\n\t<meta property=\"og:image:width\" content=\"800\" \/>\n\t<meta property=\"og:image:height\" content=\"800\" \/>\n\t<meta property=\"og:image:type\" content=\"image\/webp\" \/>\n<meta name=\"twitter:card\" content=\"summary_large_image\" \/>\n<meta name=\"twitter:label1\" content=\"Verwachte leestijd\" \/>\n\t<meta name=\"twitter:data1\" content=\"3 minuten\" \/>\n<script type=\"application\/ld+json\" class=\"yoast-schema-graph\">{\"@context\":\"https:\/\/schema.org\",\"@graph\":[{\"@type\":\"WebPage\",\"@id\":\"https:\/\/rmvapebang.com\/product\/bangking-triple-75k-vapen-wholesale-price-bulk-sale-vape\/\",\"url\":\"https:\/\/rmvapebang.com\/product\/bangking-triple-75k-vapen-wholesale-price-bulk-sale-vape\/\",\"name\":\"BANGKING TRIPLE 75K Vapen Wholesale Price Bulk Sale Vape - rmvapebang.com\",\"isPartOf\":{\"@id\":\"https:\/\/rmvapebang.com\/#website\"},\"primaryImageOfPage\":{\"@id\":\"https:\/\/rmvapebang.com\/product\/bangking-triple-75k-vapen-wholesale-price-bulk-sale-vape\/#primaryimage\"},\"image\":{\"@id\":\"https:\/\/rmvapebang.com\/product\/bangking-triple-75k-vapen-wholesale-price-bulk-sale-vape\/#primaryimage\"},\"thumbnailUrl\":\"https:\/\/rmvapebang.com\/wp-content\/uploads\/2025\/06\/Bangking-vapen-vape-75k-puffs-factory-price.webp\",\"datePublished\":\"2025-06-05T09:09:58+00:00\",\"dateModified\":\"2025-06-05T10:05:10+00:00\",\"description\":\"BANGKING TRIPLE 75K Vape: 75,000 puffs, 16 flavours, 2%\/5% nicotine. Bulk wholesale offer for European vape resellers. Order now!\",\"breadcrumb\":{\"@id\":\"https:\/\/rmvapebang.com\/product\/bangking-triple-75k-vapen-wholesale-price-bulk-sale-vape\/#breadcrumb\"},\"inLanguage\":\"nl-NL\",\"potentialAction\":[{\"@type\":\"ReadAction\",\"target\":[\"https:\/\/rmvapebang.com\/product\/bangking-triple-75k-vapen-wholesale-price-bulk-sale-vape\/\"]}]},{\"@type\":\"ImageObject\",\"inLanguage\":\"nl-NL\",\"@id\":\"https:\/\/rmvapebang.com\/product\/bangking-triple-75k-vapen-wholesale-price-bulk-sale-vape\/#primaryimage\",\"url\":\"https:\/\/rmvapebang.com\/wp-content\/uploads\/2025\/06\/Bangking-vapen-vape-75k-puffs-factory-price.webp\",\"contentUrl\":\"https:\/\/rmvapebang.com\/wp-content\/uploads\/2025\/06\/Bangking-vapen-vape-75k-puffs-factory-price.webp\",\"width\":800,\"height\":800,\"caption\":\"Bangking vapen vape 75k puffs factory price\"},{\"@type\":\"BreadcrumbList\",\"@id\":\"https:\/\/rmvapebang.com\/product\/bangking-triple-75k-vapen-wholesale-price-bulk-sale-vape\/#breadcrumb\",\"itemListElement\":[{\"@type\":\"ListItem\",\"position\":1,\"name\":\"Home\",\"item\":\"https:\/\/rmvapebang.com\/\"},{\"@type\":\"ListItem\",\"position\":2,\"name\":\"Hot Vape Shop\",\"item\":\"https:\/\/rmvapebang.com\/shop-page\/\"},{\"@type\":\"ListItem\",\"position\":3,\"name\":\"BANGKING TRIPLE 75K Vapen Wholesale Price Bulk Sale Vape\"}]},{\"@type\":\"WebSite\",\"@id\":\"https:\/\/rmvapebang.com\/#website\",\"url\":\"https:\/\/rmvapebang.com\/\",\"name\":\"rmvapebang.com\",\"description\":\"buy vape cheap\",\"publisher\":{\"@id\":\"https:\/\/rmvapebang.com\/#organization\"},\"potentialAction\":[{\"@type\":\"SearchAction\",\"target\":{\"@type\":\"EntryPoint\",\"urlTemplate\":\"https:\/\/rmvapebang.com\/?s={search_term_string}\"},\"query-input\":\"required name=search_term_string\"}],\"inLanguage\":\"nl-NL\"},{\"@type\":\"Organization\",\"@id\":\"https:\/\/rmvapebang.com\/#organization\",\"name\":\"rmvapebang.com\",\"url\":\"https:\/\/rmvapebang.com\/\",\"logo\":{\"@type\":\"ImageObject\",\"inLanguage\":\"nl-NL\",\"@id\":\"https:\/\/rmvapebang.com\/#\/schema\/logo\/image\/\",\"url\":\"https:\/\/rmvapebang.com\/wp-content\/uploads\/2024\/03\/cropped-RVBlogo.png\",\"contentUrl\":\"https:\/\/rmvapebang.com\/wp-content\/uploads\/2024\/03\/cropped-RVBlogo.png\",\"width\":507,\"height\":169,\"caption\":\"rmvapebang.com\"},\"image\":{\"@id\":\"https:\/\/rmvapebang.com\/#\/schema\/logo\/image\/\"}}]}<\/script>\n<!-- \/ Yoast SEO plugin. -->","yoast_head_json":{"title":"BANGKING TRIPLE 75K Vapen Wholesale Price Bulk Sale Vape - rmvapebang.com","description":"BANGKING TRIPLE 75K Vape: 75,000 puffs, 16 flavours, 2%\/5% nicotine. Bulk wholesale offer for European vape resellers. Order now!","robots":{"index":"index","follow":"follow","max-snippet":"max-snippet:-1","max-image-preview":"max-image-preview:large","max-video-preview":"max-video-preview:-1"},"canonical":"https:\/\/rmvapebang.com\/nl\/product\/bangking-triple-75k-vapen-wholesale-price-bulk-sale-vape\/","og_locale":"nl_NL","og_type":"article","og_title":"BANGKING TRIPLE 75K Vapen Wholesale Price Bulk Sale Vape - rmvapebang.com","og_description":"BANGKING TRIPLE 75K Vape: 75,000 puffs, 16 flavours, 2%\/5% nicotine. Bulk wholesale offer for European vape resellers. Order now!","og_url":"https:\/\/rmvapebang.com\/nl\/product\/bangking-triple-75k-vapen-wholesale-price-bulk-sale-vape\/","og_site_name":"rmvapebang.com","article_modified_time":"2025-06-05T10:05:10+00:00","og_image":[{"width":800,"height":800,"url":"https:\/\/rmvapebang.com\/wp-content\/uploads\/2025\/06\/Bangking-vapen-vape-75k-puffs-factory-price.webp","type":"image\/webp"}],"twitter_card":"summary_large_image","twitter_misc":{"Verwachte leestijd":"3 minuten"},"schema":{"@context":"https:\/\/schema.org","@graph":[{"@type":"WebPage","@id":"https:\/\/rmvapebang.com\/product\/bangking-triple-75k-vapen-wholesale-price-bulk-sale-vape\/","url":"https:\/\/rmvapebang.com\/product\/bangking-triple-75k-vapen-wholesale-price-bulk-sale-vape\/","name":"BANGKING TRIPLE 75K Vapen Wholesale Price Bulk Sale Vape - rmvapebang.com","isPartOf":{"@id":"https:\/\/rmvapebang.com\/#website"},"primaryImageOfPage":{"@id":"https:\/\/rmvapebang.com\/product\/bangking-triple-75k-vapen-wholesale-price-bulk-sale-vape\/#primaryimage"},"image":{"@id":"https:\/\/rmvapebang.com\/product\/bangking-triple-75k-vapen-wholesale-price-bulk-sale-vape\/#primaryimage"},"thumbnailUrl":"https:\/\/rmvapebang.com\/wp-content\/uploads\/2025\/06\/Bangking-vapen-vape-75k-puffs-factory-price.webp","datePublished":"2025-06-05T09:09:58+00:00","dateModified":"2025-06-05T10:05:10+00:00","description":"BANGKING TRIPLE 75K Vape: 75,000 puffs, 16 flavours, 2%\/5% nicotine. Bulk wholesale offer for European vape resellers. Order now!","breadcrumb":{"@id":"https:\/\/rmvapebang.com\/product\/bangking-triple-75k-vapen-wholesale-price-bulk-sale-vape\/#breadcrumb"},"inLanguage":"nl-NL","potentialAction":[{"@type":"ReadAction","target":["https:\/\/rmvapebang.com\/product\/bangking-triple-75k-vapen-wholesale-price-bulk-sale-vape\/"]}]},{"@type":"ImageObject","inLanguage":"nl-NL","@id":"https:\/\/rmvapebang.com\/product\/bangking-triple-75k-vapen-wholesale-price-bulk-sale-vape\/#primaryimage","url":"https:\/\/rmvapebang.com\/wp-content\/uploads\/2025\/06\/Bangking-vapen-vape-75k-puffs-factory-price.webp","contentUrl":"https:\/\/rmvapebang.com\/wp-content\/uploads\/2025\/06\/Bangking-vapen-vape-75k-puffs-factory-price.webp","width":800,"height":800,"caption":"Bangking vapen vape 75k puffs factory price"},{"@type":"BreadcrumbList","@id":"https:\/\/rmvapebang.com\/product\/bangking-triple-75k-vapen-wholesale-price-bulk-sale-vape\/#breadcrumb","itemListElement":[{"@type":"ListItem","position":1,"name":"Home","item":"https:\/\/rmvapebang.com\/"},{"@type":"ListItem","position":2,"name":"Hot Vape Shop","item":"https:\/\/rmvapebang.com\/shop-page\/"},{"@type":"ListItem","position":3,"name":"BANGKING TRIPLE 75K Vapen Wholesale Price Bulk Sale Vape"}]},{"@type":"WebSite","@id":"https:\/\/rmvapebang.com\/#website","url":"https:\/\/rmvapebang.com\/","name":"rmvapebang.com","description":"buy vape cheap","publisher":{"@id":"https:\/\/rmvapebang.com\/#organization"},"potentialAction":[{"@type":"SearchAction","target":{"@type":"EntryPoint","urlTemplate":"https:\/\/rmvapebang.com\/?s={search_term_string}"},"query-input":"required name=search_term_string"}],"inLanguage":"nl-NL"},{"@type":"Organization","@id":"https:\/\/rmvapebang.com\/#organization","name":"rmvapebang.com","url":"https:\/\/rmvapebang.com\/","logo":{"@type":"ImageObject","inLanguage":"nl-NL","@id":"https:\/\/rmvapebang.com\/#\/schema\/logo\/image\/","url":"https:\/\/rmvapebang.com\/wp-content\/uploads\/2024\/03\/cropped-RVBlogo.png","contentUrl":"https:\/\/rmvapebang.com\/wp-content\/uploads\/2024\/03\/cropped-RVBlogo.png","width":507,"height":169,"caption":"rmvapebang.com"},"image":{"@id":"https:\/\/rmvapebang.com\/#\/schema\/logo\/image\/"}}]}},"uagb_featured_image_src":{"full":["https:\/\/rmvapebang.com\/wp-content\/uploads\/2025\/06\/Bangking-vapen-vape-75k-puffs-factory-price.webp",800,800,false],"thumbnail":["https:\/\/rmvapebang.com\/wp-content\/uploads\/2025\/06\/Bangking-vapen-vape-75k-puffs-factory-price-150x150.webp",150,150,true],"medium":["https:\/\/rmvapebang.com\/wp-content\/uploads\/2025\/06\/Bangking-vapen-vape-75k-puffs-factory-price-300x300.webp",300,300,true],"medium_large":["https:\/\/rmvapebang.com\/wp-content\/uploads\/2025\/06\/Bangking-vapen-vape-75k-puffs-factory-price-768x768.webp",768,768,true],"large":["https:\/\/rmvapebang.com\/wp-content\/uploads\/2025\/06\/Bangking-vapen-vape-75k-puffs-factory-price.webp",800,800,false],"1536x1536":["https:\/\/rmvapebang.com\/wp-content\/uploads\/2025\/06\/Bangking-vapen-vape-75k-puffs-factory-price.webp",800,800,false],"2048x2048":["https:\/\/rmvapebang.com\/wp-content\/uploads\/2025\/06\/Bangking-vapen-vape-75k-puffs-factory-price.webp",800,800,false],"trp-custom-language-flag":["https:\/\/rmvapebang.com\/wp-content\/uploads\/2025\/06\/Bangking-vapen-vape-75k-puffs-factory-price.webp",12,12,false],"woocommerce_thumbnail":["https:\/\/rmvapebang.com\/wp-content\/uploads\/2025\/06\/Bangking-vapen-vape-75k-puffs-factory-price-300x300.webp",300,300,true],"woocommerce_single":["https:\/\/rmvapebang.com\/wp-content\/uploads\/2025\/06\/Bangking-vapen-vape-75k-puffs-factory-price-600x600.webp",600,600,true],"woocommerce_gallery_thumbnail":["https:\/\/rmvapebang.com\/wp-content\/uploads\/2025\/06\/Bangking-vapen-vape-75k-puffs-factory-price-100x100.webp",100,100,true],"wcpr-photo-reviews":["https:\/\/rmvapebang.com\/wp-content\/uploads\/2025\/06\/Bangking-vapen-vape-75k-puffs-factory-price.webp",500,500,false]},"uagb_author_info":{"display_name":"Lyn","author_link":"https:\/\/rmvapebang.com\/nl\/author\/"},"uagb_comment_info":0,"uagb_excerpt":"NOTE\uff1aPrices on the website don\u2019t include shipping fee. Please send your zip code and address that we can check shipping costs for you. Get your shelves stocked with the BANGKING TRIPLE 75K \u2013 the next-level triple-flavour disposable vape with unbeatable puffs, rich taste, and profit-friendly wholesale pricing. Order today! Whatsapp:+86 17840853976 Scan on whatsapp for&hellip;","_links":{"self":[{"href":"https:\/\/rmvapebang.com\/nl\/wp-json\/wp\/v2\/product\/4319","targetHints":{"allow":["GET"]}}],"collection":[{"href":"https:\/\/rmvapebang.com\/nl\/wp-json\/wp\/v2\/product"}],"about":[{"href":"https:\/\/rmvapebang.com\/nl\/wp-json\/wp\/v2\/types\/product"}],"replies":[{"embeddable":true,"href":"https:\/\/rmvapebang.com\/nl\/wp-json\/wp\/v2\/comments?post=4319"}],"wp:featuredmedia":[{"embeddable":true,"href":"https:\/\/rmvapebang.com\/nl\/wp-json\/wp\/v2\/media\/4315"}],"wp:attachment":[{"href":"https:\/\/rmvapebang.com\/nl\/wp-json\/wp\/v2\/media?parent=4319"}],"wp:term":[{"taxonomy":"product_brand","embeddable":true,"href":"https:\/\/rmvapebang.com\/nl\/wp-json\/wp\/v2\/product_brand?post=4319"},{"taxonomy":"product_cat","embeddable":true,"href":"https:\/\/rmvapebang.com\/nl\/wp-json\/wp\/v2\/product_cat?post=4319"},{"taxonomy":"product_tag","embeddable":true,"href":"https:\/\/rmvapebang.com\/nl\/wp-json\/wp\/v2\/product_tag?post=4319"}],"curies":[{"name":"wp","href":"https:\/\/api.w.org\/{rel}","templated":true}]}}