{"id":3231,"date":"2024-11-22T15:01:41","date_gmt":"2024-11-22T07:01:41","guid":{"rendered":"https:\/\/rmvapebang.com\/?post_type=product&#038;p=3231"},"modified":"2026-04-23T10:57:00","modified_gmt":"2026-04-23T02:57:00","slug":"jnr-phonevape-30k-puffs-disposable-bulk-price-hot-sale","status":"publish","type":"product","link":"https:\/\/rmvapebang.com\/nl\/product\/jnr-phonevape-30k-puffs-disposable-bulk-price-hot-sale\/","title":{"rendered":"JNR PhoneVape 30k Puffs Wegwerp E-sigaret Bulkprijs Hete Verkoop"},"content":{"rendered":"<h2>JNR PhoneVape 30k Puffs Wegwerp E-sigaret Bulkprijs Hete Verkoop<\/h2>\n<p><a href=\"https:\/\/rmvapebang.com\/nl\/product-categorie\/bulk-sale-jnr-vapes-europe\/\"><strong>JNR PhoneVape<\/strong><\/a> 30k Puffs Wegwerp Groothandelsprijs Hot Sale herdefinieert wegwerpvapen met technologie en stijl. Het levert <strong data-start=\"192\" data-end=\"222\">PhoneVape 30000 vape trekjes<\/strong>, dit apparaat combineert hoge capaciteit met moderne slimme functies. Aangedreven door een oplaadbare 850mAh-batterij en een e-liquidtank van 19 ml, garandeert de <a href=\"https:\/\/rmvapebang.com\/nl\/product-categorie\/vape-30000\/\"><strong data-start=\"359\" data-end=\"390\">30000 trekjes Wegwerp vape<\/strong><\/a> soepele en langdurige sessies.<\/p>\n<p>Naast de prestaties, integreert <strong><a href=\"https:\/\/rmvapebang.com\/nl\/product-categorie\/bulk-sale-jnr-vapes-europe\/\">JNR VAPE<\/a><\/strong> geavanceerde hulpmiddelen zoals een priv\u00e9vergrendeling, telefoonzoeker en camera op afstand, waardoor het de eerste echt slimme wegwerp vape op de markt is. Het slanke, op een telefoon ge\u00efnspireerde ontwerp zorgt voor een comfortabele grip en een moderne uitstraling voor mannen van 25-35 jaar. Voor groothandelaren biedt de <a href=\"https:\/\/rmvapebang.com\/nl\/product-categorie\/vape-30000\/\"><strong data-start=\"715\" data-end=\"746\">Groothandelsprijs 30000 trekjes vape<\/strong><\/a> optie uitstekende marges en een sterke vraag in de EU-markt. Als u op zoek bent naar duurzaamheid, innovatie en waarde, is de <strong data-start=\"874\" data-end=\"907\">Vape Digitaal 30000 trekjes vape<\/strong> de ultieme keuze.<\/p>\n<p><img loading=\"lazy\" decoding=\"async\" class=\"alignnone wp-image-3227\" src=\"http:\/\/rmvapebang.com\/wp-content\/uploads\/2024\/11\/JNR-Disposable-Vape-30K-puffs-famous-hot-sale-1024x570.png\" alt=\"JNR Wegwerp Vape 30K puffs bekende hete verkoop\" width=\"820\" height=\"457\" srcset=\"https:\/\/rmvapebang.com\/wp-content\/uploads\/2024\/11\/JNR-Disposable-Vape-30K-puffs-famous-hot-sale-1024x570.png 1024w, https:\/\/rmvapebang.com\/wp-content\/uploads\/2024\/11\/JNR-Disposable-Vape-30K-puffs-famous-hot-sale-300x167.png 300w, https:\/\/rmvapebang.com\/wp-content\/uploads\/2024\/11\/JNR-Disposable-Vape-30K-puffs-famous-hot-sale-768x428.png 768w, https:\/\/rmvapebang.com\/wp-content\/uploads\/2024\/11\/JNR-Disposable-Vape-30K-puffs-famous-hot-sale-600x334.png 600w, https:\/\/rmvapebang.com\/wp-content\/uploads\/2024\/11\/JNR-Disposable-Vape-30K-puffs-famous-hot-sale.png 1325w\" sizes=\"auto, (max-width: 820px) 100vw, 820px\" \/><\/p>\n<h3><strong>Smaken voor JNR 30K phonevape?<\/strong><\/h3>\n<p>1.Blauwe Razz Ice<br \/>\n2.Aardbeienijs<br \/>\n3.Watermeloenijs<br \/>\n4. Miami Munt<br \/>\n5.Bananenijs<br \/>\n6.Kers aardbei framboos<br \/>\n7.Zure appelijs<br \/>\n8.Bosbes Watermeloen<br \/>\n9.Perzik mango watermeloen<br \/>\n10.Fcuking Fab<\/p>\n<h2>Specificaties Van <strong>JNR vape 30000 <\/strong>Trekjes:<\/h2>\n<p>\u2013 <span style=\"color: #ff0000\"><em><strong>30k<\/strong><\/em><\/span> Trekkingen<br \/>\n\u2013 <span style=\"color: #ff0000\"><em><strong>10<\/strong> <\/em><\/span>Smaken<br \/>\n\u2013 <span style=\"color: #ff0000\"><strong><em>5%<\/em><\/strong><\/span> Nicotine sterkte<br \/>\n\u2013 <span style=\"color: #ff0000\"><strong><em>19 mL<\/em><\/strong><\/span> of E-vloeistof Capaciteit<br \/>\n\u2013 Batterijcapaciteit <span style=\"color: #ff0000\"><em><strong>850 mAh<\/strong><\/em><\/span><\/p>\n<h3>Veelgestelde vragen:<\/h3>\n<p>V: Wat is de minimale bestelhoeveelheid van de JNR 30k puff wegwerp Vape?<\/p>\n<p>A: De minimale bestelhoeveelheid (MOQ) voor de JNR vape 30k puffs is 50 stuks.<\/p>\n<p>V: Zijn JNR Wegwerp telefoonvape veilig?<\/p>\n<p>A: Ja, de JNR telefoonvape 30000 puff voldoet aan alle veiligheidsnormen, bevat een kleine hoeveelheid nicotine en moet met mate worden gebruikt.<\/p>\n<p>V: Hoe lang moet ik mijn vape opladen?<\/p>\n<p>A: Over het algemeen is 1-2 uur voldoende. Wegwerpvapes zoals de JNR wegwerp 30000puffs hebben meestal ongeveer 1-2 uur nodig om op te laden. Vermijd overladen en haal de stekker eruit wanneer het indicatielampje verandert.<\/p>\n<p>V: Kan de JNR 30k puffs Vape naar mijn land worden verzonden?<\/p>\n<p>A: Ja, we kunnen de JNR wegwerp 30000 Vape verzenden naar de meeste Europese landen, waaronder, maar niet beperkt tot, Nederland, Duitsland, Frankrijk, Spanje, Itali\u00eb, Belgi\u00eb, Luxemburg, Oostenrijk, Tsjechi\u00eb, Slowakije, Hongarije, Sloveni\u00eb, Roemeni\u00eb, Bulgarije, Griekenland, Polen, Zweden, Ierland, Portugal, Finland, Estland, Letland en Litouwen. Als u specifieke vragen heeft over verzending naar uw land, neem dan gerust contact met ons op voor verdere assistentie.<\/p>\n<p><strong>Neem contact op met Lyn voor meer productvideo's!<\/strong><\/p>\n<p><a href=\"https:\/\/wa.me\/8617840853976\"><span style=\"color: #ff6600\"><strong><em>Whatsapp:+86 17840853976<\/em><\/strong><\/span><\/a><\/p>\n<p><img loading=\"lazy\" decoding=\"async\" class=\"alignnone size-medium wp-image-1905\" src=\"http:\/\/rmvapebang.com\/wp-content\/uploads\/2024\/03\/whatsapp-vape-2-202x300.jpg\" alt=\"\" width=\"202\" height=\"300\" \/><\/p>\n<p>Vind meer producten die u misschien leuk vindt:<a href=\"https:\/\/rmvapebang.com\/nl\/shop-page\/\"><strong><em>Winkel nu<\/em><\/strong><\/a><\/p>\n<p>andere puffs die u misschien leuk vindt:<a href=\"https:\/\/rmvapebang.com\/nl\/product\/waspe-20000-puffs-wholesale-price-20k-vape\/\">Waspe 20k Trekjes\/<\/a><a href=\"https:\/\/rmvapebang.com\/nl\/product\/waspe-40000-fihp-disposabl-vape-wholesale-price-top-sale\/\">waspe 40k vapes<\/a>\/<a href=\"https:\/\/rmvapebang.com\/nl\/product\/poco-sl-15000-puffs-bulk-price-cheap-sale\/\">POCO SL 15K VAPE\/<\/a><a href=\"https:\/\/rmvapebang.com\/nl\/product\/bang-king-25000-puffs-good-price-25k-vape\/\">Bang koning 25k vape<\/a>\/<a href=\"https:\/\/rmvapebang.com\/nl\/product\/bang-vape-30000-pro-bulk-sale-dual-flavors-full-screen\/\">bang vape 30k dubbele smaken volledig scherm vape<\/a><\/p>","protected":false},"excerpt":{"rendered":"<p><span style=\"color: #ff0000\"><strong>OPMERKING<\/strong>:\u00a0<em>Prijzen op de website zijn exclusief verzendkosten. Stuur ons uw postcode en adres, zodat wij de verzendkosten voor u kunnen berekenen.<\/em><\/span><\/p>\n<p>JNR PhoneVape 30K Puffs Wegwerp\u00a0combineert stijl en innovatie met\u00a030.000 trekjes, 10 smaken, 5% nicotine en slimme functies zoals een priv\u00e9vergrendeling en camera op afstand.<\/p>\n<p><a href=\"https:\/\/wa.me\/8617840853976\"><strong><em>Whatsapp:+86 17840853976<\/em><\/strong><\/a><\/p>\n<p>Scan op whatsapp voor Nieuwe Klant coupon<\/p>\n<p><img loading=\"lazy\" decoding=\"async\" class=\"alignnone size-medium wp-image-1905\" src=\"http:\/\/rmvapebang.com\/wp-content\/uploads\/2024\/03\/whatsapp-vape-2-202x300.jpg\" alt=\"\" width=\"202\" height=\"300\" \/><\/p>","protected":false},"featured_media":3225,"comment_status":"open","ping_status":"closed","template":"","meta":{"_uag_custom_page_level_css":"","_lmt_disableupdate":"no","_lmt_disable":"","site-sidebar-layout":"no-sidebar","site-content-layout":"boxed-container","ast-site-content-layout":"normal-width-container","site-content-style":"boxed","site-sidebar-style":"boxed","ast-global-header-display":"","ast-banner-title-visibility":"","ast-main-header-display":"","ast-hfb-above-header-display":"","ast-hfb-below-header-display":"","ast-hfb-mobile-header-display":"","site-post-title":"","ast-breadcrumbs-content":"","ast-featured-img":"","footer-sml-layout":"","ast-disable-related-posts":"","theme-transparent-header-meta":"default","adv-header-id-meta":"","stick-header-meta":"","header-above-stick-meta":"","header-main-stick-meta":"","header-below-stick-meta":"","astra-migrate-meta-layouts":"set","ast-page-background-enabled":"default","ast-page-background-meta":{"desktop":{"background-color":"","background-image":"","background-repeat":"repeat","background-position":"center center","background-size":"auto","background-attachment":"scroll","background-type":"","background-media":"","overlay-type":"","overlay-color":"","overlay-opacity":"","overlay-gradient":""},"tablet":{"background-color":"","background-image":"","background-repeat":"repeat","background-position":"center center","background-size":"auto","background-attachment":"scroll","background-type":"","background-media":"","overlay-type":"","overlay-color":"","overlay-opacity":"","overlay-gradient":""},"mobile":{"background-color":"","background-image":"","background-repeat":"repeat","background-position":"center center","background-size":"auto","background-attachment":"scroll","background-type":"","background-media":"","overlay-type":"","overlay-color":"","overlay-opacity":"","overlay-gradient":""}},"ast-content-background-meta":{"desktop":{"background-color":"var(--ast-global-color-4)","background-image":"","background-repeat":"repeat","background-position":"center center","background-size":"auto","background-attachment":"scroll","background-type":"","background-media":"","overlay-type":"","overlay-color":"","overlay-opacity":"","overlay-gradient":""},"tablet":{"background-color":"var(--ast-global-color-4)","background-image":"","background-repeat":"repeat","background-position":"center center","background-size":"auto","background-attachment":"scroll","background-type":"","background-media":"","overlay-type":"","overlay-color":"","overlay-opacity":"","overlay-gradient":""},"mobile":{"background-color":"var(--ast-global-color-4)","background-image":"","background-repeat":"repeat","background-position":"center center","background-size":"auto","background-attachment":"scroll","background-type":"","background-media":"","overlay-type":"","overlay-color":"","overlay-opacity":"","overlay-gradient":""}},"_joinchat":[]},"product_brand":[],"product_cat":[130,39,135,41,128,42,40,101,43],"product_tag":[102,103,50,61,49,53,52],"class_list":{"0":"post-3231","1":"product","2":"type-product","3":"status-publish","4":"has-post-thumbnail","6":"product_cat-digital-vapes-in-discount-price","7":"product_cat-france-wholesale-vape","8":"product_cat-bulk-sale-jnr-vapes-europe","9":"product_cat-netherlands-wholesale-vape","10":"product_cat-smart-display","11":"product_cat-spain-wholesale-vape","12":"product_cat-germany-wholesale-vape","13":"product_cat-vape-30000-puffs","14":"product_cat-vape-shop","15":"product_tag-30000-puffs","16":"product_tag-30k-puffs","17":"product_tag-bulk-price-vape-shop","18":"product_tag-good-sales-vape","19":"product_tag-minimum-order-quantity-100pcs","20":"product_tag-rechargeable-vape","21":"product_tag-vape-wholesasle-price","22":"desktop-align-left","23":"tablet-align-left","24":"mobile-align-left","26":"first","27":"instock","28":"sale","29":"shipping-taxable","30":"purchasable","31":"product-type-simple"},"yoast_head":"<!-- This site is optimized with the Yoast SEO plugin v27.4 - https:\/\/yoast.com\/product\/yoast-seo-wordpress\/ -->\n<title>JNR PhoneVape 30k Puffs Disposable Bulk Price Hot Sale - rmvapebang.com<\/title>\n<meta name=\"description\" content=\"Order JNR PhoneVape 30k today. Secure Bulk price 30000 puffs vape with smart features for EU buyers seeking premium disposable performance and style.\" \/>\n<meta name=\"robots\" content=\"index, follow, max-snippet:-1, max-image-preview:large, max-video-preview:-1\" \/>\n<link rel=\"canonical\" href=\"https:\/\/rmvapebang.com\/nl\/product\/jnr-phonevape-30k-puffs-disposable-bulk-price-hot-sale\/\" \/>\n<meta property=\"og:locale\" content=\"nl_NL\" \/>\n<meta property=\"og:type\" content=\"article\" \/>\n<meta property=\"og:title\" content=\"JNR PhoneVape 30k Puffs Disposable Bulk Price Hot Sale - rmvapebang.com\" \/>\n<meta property=\"og:description\" content=\"Order JNR PhoneVape 30k today. Secure Bulk price 30000 puffs vape with smart features for EU buyers seeking premium disposable performance and style.\" \/>\n<meta property=\"og:url\" content=\"https:\/\/rmvapebang.com\/nl\/product\/jnr-phonevape-30k-puffs-disposable-bulk-price-hot-sale\/\" \/>\n<meta property=\"og:site_name\" content=\"rmvapebang.com\" \/>\n<meta property=\"article:modified_time\" content=\"2026-04-23T02:57:00+00:00\" \/>\n<meta property=\"og:image\" content=\"http:\/\/rmvapebang.com\/wp-content\/uploads\/2024\/11\/JNR-Phone-Vape-30000-puffs-famous-hot-sale.png\" \/>\n\t<meta property=\"og:image:width\" content=\"800\" \/>\n\t<meta property=\"og:image:height\" content=\"794\" \/>\n\t<meta property=\"og:image:type\" content=\"image\/png\" \/>\n<meta name=\"twitter:card\" content=\"summary_large_image\" \/>\n<meta name=\"twitter:label1\" content=\"Verwachte leestijd\" \/>\n\t<meta name=\"twitter:data1\" content=\"3 minuten\" \/>\n<script type=\"application\/ld+json\" class=\"yoast-schema-graph\">{\"@context\":\"https:\\\/\\\/schema.org\",\"@graph\":[{\"@type\":\"WebPage\",\"@id\":\"https:\\\/\\\/rmvapebang.com\\\/product\\\/jnr-phonevape-30k-puffs-disposable-bulk-price-hot-sale\\\/\",\"url\":\"https:\\\/\\\/rmvapebang.com\\\/product\\\/jnr-phonevape-30k-puffs-disposable-bulk-price-hot-sale\\\/\",\"name\":\"JNR PhoneVape 30k Puffs Disposable Bulk Price Hot Sale - rmvapebang.com\",\"isPartOf\":{\"@id\":\"https:\\\/\\\/rmvapebang.com\\\/#website\"},\"primaryImageOfPage\":{\"@id\":\"https:\\\/\\\/rmvapebang.com\\\/product\\\/jnr-phonevape-30k-puffs-disposable-bulk-price-hot-sale\\\/#primaryimage\"},\"image\":{\"@id\":\"https:\\\/\\\/rmvapebang.com\\\/product\\\/jnr-phonevape-30k-puffs-disposable-bulk-price-hot-sale\\\/#primaryimage\"},\"thumbnailUrl\":\"https:\\\/\\\/rmvapebang.com\\\/wp-content\\\/uploads\\\/2024\\\/11\\\/JNR-Phone-Vape-30000-puffs-famous-hot-sale.png\",\"datePublished\":\"2024-11-22T07:01:41+00:00\",\"dateModified\":\"2026-04-23T02:57:00+00:00\",\"description\":\"Order JNR PhoneVape 30k today. Secure Bulk price 30000 puffs vape with smart features for EU buyers seeking premium disposable performance and style.\",\"breadcrumb\":{\"@id\":\"https:\\\/\\\/rmvapebang.com\\\/product\\\/jnr-phonevape-30k-puffs-disposable-bulk-price-hot-sale\\\/#breadcrumb\"},\"inLanguage\":\"nl-NL\",\"potentialAction\":[{\"@type\":\"ReadAction\",\"target\":[\"https:\\\/\\\/rmvapebang.com\\\/product\\\/jnr-phonevape-30k-puffs-disposable-bulk-price-hot-sale\\\/\"]}]},{\"@type\":\"ImageObject\",\"inLanguage\":\"nl-NL\",\"@id\":\"https:\\\/\\\/rmvapebang.com\\\/product\\\/jnr-phonevape-30k-puffs-disposable-bulk-price-hot-sale\\\/#primaryimage\",\"url\":\"https:\\\/\\\/rmvapebang.com\\\/wp-content\\\/uploads\\\/2024\\\/11\\\/JNR-Phone-Vape-30000-puffs-famous-hot-sale.png\",\"contentUrl\":\"https:\\\/\\\/rmvapebang.com\\\/wp-content\\\/uploads\\\/2024\\\/11\\\/JNR-Phone-Vape-30000-puffs-famous-hot-sale.png\",\"width\":800,\"height\":794,\"caption\":\"JNR Phone Vape 30000 puffs famous hot sale\"},{\"@type\":\"BreadcrumbList\",\"@id\":\"https:\\\/\\\/rmvapebang.com\\\/product\\\/jnr-phonevape-30k-puffs-disposable-bulk-price-hot-sale\\\/#breadcrumb\",\"itemListElement\":[{\"@type\":\"ListItem\",\"position\":1,\"name\":\"Home\",\"item\":\"https:\\\/\\\/rmvapebang.com\\\/\"},{\"@type\":\"ListItem\",\"position\":2,\"name\":\"Hot Vape Shop\",\"item\":\"https:\\\/\\\/rmvapebang.com\\\/shop-page\\\/\"},{\"@type\":\"ListItem\",\"position\":3,\"name\":\"JNR PhoneVape 30k Puffs Disposable Bulk Price Hot Sale\"}]},{\"@type\":\"WebSite\",\"@id\":\"https:\\\/\\\/rmvapebang.com\\\/#website\",\"url\":\"https:\\\/\\\/rmvapebang.com\\\/\",\"name\":\"rmvapebang.com\",\"description\":\"buy vape cheap\",\"publisher\":{\"@id\":\"https:\\\/\\\/rmvapebang.com\\\/#organization\"},\"potentialAction\":[{\"@type\":\"SearchAction\",\"target\":{\"@type\":\"EntryPoint\",\"urlTemplate\":\"https:\\\/\\\/rmvapebang.com\\\/?s={search_term_string}\"},\"query-input\":{\"@type\":\"PropertyValueSpecification\",\"valueRequired\":true,\"valueName\":\"search_term_string\"}}],\"inLanguage\":\"nl-NL\"},{\"@type\":\"Organization\",\"@id\":\"https:\\\/\\\/rmvapebang.com\\\/#organization\",\"name\":\"rmvapebang.com\",\"url\":\"https:\\\/\\\/rmvapebang.com\\\/\",\"logo\":{\"@type\":\"ImageObject\",\"inLanguage\":\"nl-NL\",\"@id\":\"https:\\\/\\\/rmvapebang.com\\\/#\\\/schema\\\/logo\\\/image\\\/\",\"url\":\"https:\\\/\\\/rmvapebang.com\\\/wp-content\\\/uploads\\\/2024\\\/03\\\/cropped-RVBlogo.png\",\"contentUrl\":\"https:\\\/\\\/rmvapebang.com\\\/wp-content\\\/uploads\\\/2024\\\/03\\\/cropped-RVBlogo.png\",\"width\":507,\"height\":169,\"caption\":\"rmvapebang.com\"},\"image\":{\"@id\":\"https:\\\/\\\/rmvapebang.com\\\/#\\\/schema\\\/logo\\\/image\\\/\"}}]}<\/script>\n<!-- \/ Yoast SEO plugin. -->","yoast_head_json":{"title":"JNR PhoneVape 30k Puffs wegwerp vape groothandelsprijs hete verkoop - rmvapebang.com","description":"Bestel JNR PhoneVape 30k vandaag nog. Koop een voordelige 30000 puffs vape met slimme functies voor Europese kopers die op zoek zijn naar hoogwaardige, wegwerpbare prestaties en stijl.","robots":{"index":"index","follow":"follow","max-snippet":"max-snippet:-1","max-image-preview":"max-image-preview:large","max-video-preview":"max-video-preview:-1"},"canonical":"https:\/\/rmvapebang.com\/nl\/product\/jnr-phonevape-30k-puffs-disposable-bulk-price-hot-sale\/","og_locale":"nl_NL","og_type":"article","og_title":"JNR PhoneVape 30k Puffs Disposable Bulk Price Hot Sale - rmvapebang.com","og_description":"Order JNR PhoneVape 30k today. Secure Bulk price 30000 puffs vape with smart features for EU buyers seeking premium disposable performance and style.","og_url":"https:\/\/rmvapebang.com\/nl\/product\/jnr-phonevape-30k-puffs-disposable-bulk-price-hot-sale\/","og_site_name":"rmvapebang.com","article_modified_time":"2026-04-23T02:57:00+00:00","og_image":[{"width":800,"height":794,"url":"http:\/\/rmvapebang.com\/wp-content\/uploads\/2024\/11\/JNR-Phone-Vape-30000-puffs-famous-hot-sale.png","type":"image\/png"}],"twitter_card":"summary_large_image","twitter_misc":{"Verwachte leestijd":"3 minuten"},"schema":{"@context":"https:\/\/schema.org","@graph":[{"@type":"WebPage","@id":"https:\/\/rmvapebang.com\/product\/jnr-phonevape-30k-puffs-disposable-bulk-price-hot-sale\/","url":"https:\/\/rmvapebang.com\/product\/jnr-phonevape-30k-puffs-disposable-bulk-price-hot-sale\/","name":"JNR PhoneVape 30k Puffs wegwerp vape groothandelsprijs hete verkoop - rmvapebang.com","isPartOf":{"@id":"https:\/\/rmvapebang.com\/#website"},"primaryImageOfPage":{"@id":"https:\/\/rmvapebang.com\/product\/jnr-phonevape-30k-puffs-disposable-bulk-price-hot-sale\/#primaryimage"},"image":{"@id":"https:\/\/rmvapebang.com\/product\/jnr-phonevape-30k-puffs-disposable-bulk-price-hot-sale\/#primaryimage"},"thumbnailUrl":"https:\/\/rmvapebang.com\/wp-content\/uploads\/2024\/11\/JNR-Phone-Vape-30000-puffs-famous-hot-sale.png","datePublished":"2024-11-22T07:01:41+00:00","dateModified":"2026-04-23T02:57:00+00:00","description":"Bestel JNR PhoneVape 30k vandaag nog. Koop een voordelige 30000 puffs vape met slimme functies voor Europese kopers die op zoek zijn naar hoogwaardige, wegwerpbare prestaties en stijl.","breadcrumb":{"@id":"https:\/\/rmvapebang.com\/product\/jnr-phonevape-30k-puffs-disposable-bulk-price-hot-sale\/#breadcrumb"},"inLanguage":"nl-NL","potentialAction":[{"@type":"ReadAction","target":["https:\/\/rmvapebang.com\/product\/jnr-phonevape-30k-puffs-disposable-bulk-price-hot-sale\/"]}]},{"@type":"ImageObject","inLanguage":"nl-NL","@id":"https:\/\/rmvapebang.com\/product\/jnr-phonevape-30k-puffs-disposable-bulk-price-hot-sale\/#primaryimage","url":"https:\/\/rmvapebang.com\/wp-content\/uploads\/2024\/11\/JNR-Phone-Vape-30000-puffs-famous-hot-sale.png","contentUrl":"https:\/\/rmvapebang.com\/wp-content\/uploads\/2024\/11\/JNR-Phone-Vape-30000-puffs-famous-hot-sale.png","width":800,"height":794,"caption":"JNR Phone Vape 30000 puffs famous hot sale"},{"@type":"BreadcrumbList","@id":"https:\/\/rmvapebang.com\/product\/jnr-phonevape-30k-puffs-disposable-bulk-price-hot-sale\/#breadcrumb","itemListElement":[{"@type":"ListItem","position":1,"name":"Home","item":"https:\/\/rmvapebang.com\/"},{"@type":"ListItem","position":2,"name":"Hot Vape Shop","item":"https:\/\/rmvapebang.com\/shop-page\/"},{"@type":"ListItem","position":3,"name":"JNR PhoneVape 30k Puffs Disposable Bulk Price Hot Sale"}]},{"@type":"WebSite","@id":"https:\/\/rmvapebang.com\/#website","url":"https:\/\/rmvapebang.com\/","name":"rmvapebang.com","description":"koop goedkope vape","publisher":{"@id":"https:\/\/rmvapebang.com\/#organization"},"potentialAction":[{"@type":"SearchAction","target":{"@type":"EntryPoint","urlTemplate":"https:\/\/rmvapebang.com\/?s={search_term_string}"},"query-input":{"@type":"PropertyValueSpecification","valueRequired":true,"valueName":"search_term_string"}}],"inLanguage":"nl-NL"},{"@type":"Organization","@id":"https:\/\/rmvapebang.com\/#organization","name":"rmvapebang.com","url":"https:\/\/rmvapebang.com\/","logo":{"@type":"ImageObject","inLanguage":"nl-NL","@id":"https:\/\/rmvapebang.com\/#\/schema\/logo\/image\/","url":"https:\/\/rmvapebang.com\/wp-content\/uploads\/2024\/03\/cropped-RVBlogo.png","contentUrl":"https:\/\/rmvapebang.com\/wp-content\/uploads\/2024\/03\/cropped-RVBlogo.png","width":507,"height":169,"caption":"rmvapebang.com"},"image":{"@id":"https:\/\/rmvapebang.com\/#\/schema\/logo\/image\/"}}]}},"uagb_featured_image_src":{"full":["https:\/\/rmvapebang.com\/wp-content\/uploads\/2024\/11\/JNR-Phone-Vape-30000-puffs-famous-hot-sale.png",800,794,false],"thumbnail":["https:\/\/rmvapebang.com\/wp-content\/uploads\/2024\/11\/JNR-Phone-Vape-30000-puffs-famous-hot-sale-150x150.png",150,150,true],"medium":["https:\/\/rmvapebang.com\/wp-content\/uploads\/2024\/11\/JNR-Phone-Vape-30000-puffs-famous-hot-sale-300x298.png",300,298,true],"medium_large":["https:\/\/rmvapebang.com\/wp-content\/uploads\/2024\/11\/JNR-Phone-Vape-30000-puffs-famous-hot-sale-768x762.png",768,762,true],"large":["https:\/\/rmvapebang.com\/wp-content\/uploads\/2024\/11\/JNR-Phone-Vape-30000-puffs-famous-hot-sale.png",800,794,false],"1536x1536":["https:\/\/rmvapebang.com\/wp-content\/uploads\/2024\/11\/JNR-Phone-Vape-30000-puffs-famous-hot-sale.png",800,794,false],"2048x2048":["https:\/\/rmvapebang.com\/wp-content\/uploads\/2024\/11\/JNR-Phone-Vape-30000-puffs-famous-hot-sale.png",800,794,false],"trp-custom-language-flag":["https:\/\/rmvapebang.com\/wp-content\/uploads\/2024\/11\/JNR-Phone-Vape-30000-puffs-famous-hot-sale.png",12,12,false],"woocommerce_thumbnail":["https:\/\/rmvapebang.com\/wp-content\/uploads\/2024\/11\/JNR-Phone-Vape-30000-puffs-famous-hot-sale-300x300.png",300,300,true],"woocommerce_single":["https:\/\/rmvapebang.com\/wp-content\/uploads\/2024\/11\/JNR-Phone-Vape-30000-puffs-famous-hot-sale-600x596.png",600,596,true],"woocommerce_gallery_thumbnail":["https:\/\/rmvapebang.com\/wp-content\/uploads\/2024\/11\/JNR-Phone-Vape-30000-puffs-famous-hot-sale-100x100.png",100,100,true],"wcpr-photo-reviews":["https:\/\/rmvapebang.com\/wp-content\/uploads\/2024\/11\/JNR-Phone-Vape-30000-puffs-famous-hot-sale.png",500,496,false]},"uagb_author_info":{"display_name":"Lyn","author_link":"https:\/\/rmvapebang.com\/nl\/author\/"},"uagb_comment_info":0,"uagb_excerpt":"NOTE:\u00a0Prices on the website don\u2019t include shipping fee. Please send your zip code and address that we can check shipping costs for you. JNR PhoneVape 30K Puffs Disposable\u00a0combines style and innovation with\u00a030,000 puffs, 10 flavors, 5% nicotine, and smart features like a private lock and remote camera. Whatsapp:+86 17840853976 Scan on whatsapp for New Client&hellip;","_links":{"self":[{"href":"https:\/\/rmvapebang.com\/nl\/wp-json\/wp\/v2\/product\/3231","targetHints":{"allow":["GET"]}}],"collection":[{"href":"https:\/\/rmvapebang.com\/nl\/wp-json\/wp\/v2\/product"}],"about":[{"href":"https:\/\/rmvapebang.com\/nl\/wp-json\/wp\/v2\/types\/product"}],"replies":[{"embeddable":true,"href":"https:\/\/rmvapebang.com\/nl\/wp-json\/wp\/v2\/comments?post=3231"}],"wp:featuredmedia":[{"embeddable":true,"href":"https:\/\/rmvapebang.com\/nl\/wp-json\/wp\/v2\/media\/3225"}],"wp:attachment":[{"href":"https:\/\/rmvapebang.com\/nl\/wp-json\/wp\/v2\/media?parent=3231"}],"wp:term":[{"taxonomy":"product_brand","embeddable":true,"href":"https:\/\/rmvapebang.com\/nl\/wp-json\/wp\/v2\/product_brand?post=3231"},{"taxonomy":"product_cat","embeddable":true,"href":"https:\/\/rmvapebang.com\/nl\/wp-json\/wp\/v2\/product_cat?post=3231"},{"taxonomy":"product_tag","embeddable":true,"href":"https:\/\/rmvapebang.com\/nl\/wp-json\/wp\/v2\/product_tag?post=3231"}],"curies":[{"name":"wp","href":"https:\/\/api.w.org\/{rel}","templated":true}]}}