{"id":2216,"date":"2024-04-24T15:57:10","date_gmt":"2024-04-24T07:57:10","guid":{"rendered":"https:\/\/rmvapebang.com\/?post_type=product&#038;p=2216"},"modified":"2024-10-23T16:12:02","modified_gmt":"2024-10-23T08:12:02","slug":"bang-digital-15k-puffs-bulk-price-15000-vapes","status":"publish","type":"product","link":"https:\/\/rmvapebang.com\/nl\/product\/bang-digital-15k-puffs-bulk-price-15000-vapes\/","title":{"rendered":"Bang digital 15k Puffs Bulkprijzen 15000 Vapes"},"content":{"rendered":"<h2>Bang digital 15k Puffs Bulkprijzen 15000 Vapes<\/h2>\n<p>Over Bang Digital 15000, Bang e-sigaret heeft een krachtige 500mAh batterij, die een lange gebruiksduur garandeert. De e-liquid capaciteit van digital15k bereikt 23ml, waardoor je lang van het roken kunt genieten.<\/p>\n<p>Daarnaast is dit product verkrijgbaar in 2% en 5% nicotine om te selecteren, en met het slimme scherm kunt u de resterende e-liquid en de levensduur van de batterij intu\u00eftief zien. Het uiterlijk is voornamelijk schattig en het mooie uiterlijk kan kopers aantrekken om ervoor te betalen.<\/p>\n<p>Bang met een vape Digital heeft 15.000 puffs zodat je plezier kunt hebben tijdens het roken.<\/p>\n<p><img loading=\"lazy\" decoding=\"async\" class=\"size-medium wp-image-2194\" src=\"http:\/\/rmvapebang.com\/wp-content\/uploads\/2024\/04\/Bang-tornado-vape-15k-puffs-good-price-300x300.jpg\" alt=\"Bang tornado vape 15k puffs goede prijs\" width=\"300\" height=\"300\" srcset=\"https:\/\/rmvapebang.com\/wp-content\/uploads\/2024\/04\/Bang-tornado-vape-15k-puffs-good-price-300x300.jpg 300w, https:\/\/rmvapebang.com\/wp-content\/uploads\/2024\/04\/Bang-tornado-vape-15k-puffs-good-price-1024x1024.jpg 1024w, https:\/\/rmvapebang.com\/wp-content\/uploads\/2024\/04\/Bang-tornado-vape-15k-puffs-good-price-150x150.jpg 150w, https:\/\/rmvapebang.com\/wp-content\/uploads\/2024\/04\/Bang-tornado-vape-15k-puffs-good-price-768x768.jpg 768w, https:\/\/rmvapebang.com\/wp-content\/uploads\/2024\/04\/Bang-tornado-vape-15k-puffs-good-price-600x600.jpg 600w, https:\/\/rmvapebang.com\/wp-content\/uploads\/2024\/04\/Bang-tornado-vape-15k-puffs-good-price-100x100.jpg 100w, https:\/\/rmvapebang.com\/wp-content\/uploads\/2024\/04\/Bang-tornado-vape-15k-puffs-good-price.jpg 1500w\" sizes=\"auto, (max-width: 300px) 100vw, 300px\" \/><\/p>\n<h3><strong>Wat zijn de smaken voor Bang Digital 15k vape?<\/strong><\/h3>\n<p style=\"text-align: left\">1. Blue Freeze<br \/>\n2. Berry Blast<br \/>\n3. Blue Cherry Lemon<br \/>\n4. Peach Freeze<br \/>\n5. Grape Freeze<br \/>\n6. Peach Berry<br \/>\n7. Sour Apple Razberry<br \/>\n8. Troiple Fruit<br \/>\n9. Lush Ice<br \/>\n10. Strawberry Watermelon<br \/>\n11.Koel Munt<br \/>\n12.Aardbei Lychee<\/p>\n<h2>Specificaties voor de Bang Digital 15k Puffs:<\/h2>\n<p>\u2013 15k Puffs<br \/>\n\u2013 12 Smaken<br \/>\n\u2013 2%\/5% Nicotine sterkte<br \/>\n\u2013 23mL E-liquid Capaciteit<br \/>\n\u2013 Batterijcapaciteit 650 mAh<\/p>\n<h3>FAQ:<\/h3>\n<p>V: Wat is de MOQ van de Bang Digital 15k elektronische sigaret Vape?<\/p>\n<p>A: De minimum bestelhoeveelheid (MOQ) voor de Bang Digital 15k puffs is 50 stuks.<\/p>\n<p>V: Wat is de levertijd voor de oplaadbare vape die ik heb besteld?<\/p>\n<p>A: Normaal gesproken is de levertijd voor de oplaadbare vape 10-15 dagen na verzending.<\/p>\n<p>V: Hoeveel bedragen de verzendkosten voor de Bang Digital 15k Puffs Vape?<\/p>\n<p>A: De verzendkosten vari\u00ebren afhankelijk van het gewicht van de bestelling. Verschillende hoeveelheden kunnen verschillende verzendkosten hebben. Neem contact met ons op om de verzendkosten voor uw specifieke bestelling te bevestigen.<\/p>\n<p>V: Kan de Bang Digital 15000 PuffS Vape naar mijn land worden verzonden?<\/p>\n<p>A: Ja, we kunnen de Bang Digital 15000 Puffs Vape naar de meeste Europese landen verzenden, inclusief maar niet beperkt tot Nederland, Duitsland, Frankrijk, Spanje, Itali\u00eb, Belgi\u00eb, Luxemburg, Oostenrijk, Tsjechi\u00eb, Slowakije, Hongarije, Sloveni\u00eb, Roemeni\u00eb, Bulgarije, Griekenland, Polen, Zweden, Ierland, Portugal, Finland, Estland, Letland en Litouwen. Als u specifieke vragen heeft over verzending naar uw land, neem dan gerust contact met ons op voor verdere assistentie.<\/p>\n<p><strong>Neem contact op met Lyn voor meer productvideo's!<\/strong><\/p>\n<p><a href=\"https:\/\/wa.me\/8617840853976\"><span style=\"color: #ff6600\"><strong><em>Whatsapp:+86 17840853976<\/em><\/strong><\/span><\/a><\/p>\n<p><img loading=\"lazy\" decoding=\"async\" class=\"alignnone size-medium wp-image-1905\" src=\"http:\/\/rmvapebang.com\/wp-content\/uploads\/2024\/03\/whatsapp-vape-2-202x300.jpg\" alt=\"\" width=\"202\" height=\"300\" \/><\/p>\n<p>Vind meer producten die u misschien leuk vindt:<a href=\"https:\/\/rmvapebang.com\/nl\/shop-page\/\"><strong><em>Winkel nu<\/em><\/strong><\/a><\/p>\n<p>andere puffs die u misschien leuk vindt:<a href=\"https:\/\/rmvapebang.com\/nl\/product\/waspe-20000-puffs-wholesale-price-20k-vape\/\">Waspe 20000 Trekjes<\/a>\uff0c<a href=\"https:\/\/rmvapebang.com\/nl\/product\/fluum-box-15000-puffs-digital-15k-vape\/\">FLUUM BOX 15K vapes<\/a>\uff0c<a href=\"https:\/\/rmvapebang.com\/nl\/product\/bang-15k-puffs-shisha-wholesale-15000-vapes\/\">Bang shisha 15000 trekjes<\/a>\uff0c<a href=\"https:\/\/rmvapebang.com\/nl\/product\/vapme-shisha-15k-puffs-best-price-15000-vapes\/\">Vapme shisha 15k vapes<\/a><\/p>\n<p><span style=\"color: #ff0000\"><strong>Let op: Alle producten zijn exclusief verzendkosten!!!<\/strong><\/span><\/p>","protected":false},"excerpt":{"rendered":"<p>Bang digitaal 15000 Puffs Hot Price Vape Oplaadbaar<\/p>\n<p>Bang digitale elektronische sigaret 15k puffs is een oplaadbaar vape-apparaat met hoge capaciteit dat 15000 puffs biedt met 12 smaken en 2%\/5% nicotinegehalte.<\/p>\n<p><a href=\"https:\/\/wa.me\/8617840853976\"><strong><em>Whatsapp:+86 17840853976<\/em><\/strong><\/a><\/p>\n<p>Scan op whatsapp voor Nieuwe Klant coupon<\/p>\n<p><img loading=\"lazy\" decoding=\"async\" class=\"alignnone size-medium wp-image-1905\" src=\"http:\/\/rmvapebang.com\/wp-content\/uploads\/2024\/03\/whatsapp-vape-2-202x300.jpg\" alt=\"\" width=\"202\" height=\"300\" \/><\/p>","protected":false},"featured_media":2193,"comment_status":"open","ping_status":"closed","template":"","meta":{"_uag_custom_page_level_css":"","_lmt_disableupdate":"no","_lmt_disable":"","site-sidebar-layout":"no-sidebar","site-content-layout":"boxed-container","ast-site-content-layout":"normal-width-container","site-content-style":"boxed","site-sidebar-style":"boxed","ast-global-header-display":"","ast-banner-title-visibility":"","ast-main-header-display":"","ast-hfb-above-header-display":"","ast-hfb-below-header-display":"","ast-hfb-mobile-header-display":"","site-post-title":"","ast-breadcrumbs-content":"","ast-featured-img":"","footer-sml-layout":"","theme-transparent-header-meta":"default","adv-header-id-meta":"","stick-header-meta":"","header-above-stick-meta":"","header-main-stick-meta":"","header-below-stick-meta":"","astra-migrate-meta-layouts":"set","ast-page-background-enabled":"default","ast-page-background-meta":{"desktop":{"background-color":"","background-image":"","background-repeat":"repeat","background-position":"center center","background-size":"auto","background-attachment":"scroll","background-type":"","background-media":"","overlay-type":"","overlay-color":"","overlay-gradient":""},"tablet":{"background-color":"","background-image":"","background-repeat":"repeat","background-position":"center center","background-size":"auto","background-attachment":"scroll","background-type":"","background-media":"","overlay-type":"","overlay-color":"","overlay-gradient":""},"mobile":{"background-color":"","background-image":"","background-repeat":"repeat","background-position":"center center","background-size":"auto","background-attachment":"scroll","background-type":"","background-media":"","overlay-type":"","overlay-color":"","overlay-gradient":""}},"ast-content-background-meta":{"desktop":{"background-color":"var(--ast-global-color-5)","background-image":"","background-repeat":"repeat","background-position":"center center","background-size":"auto","background-attachment":"scroll","background-type":"","background-media":"","overlay-type":"","overlay-color":"","overlay-gradient":""},"tablet":{"background-color":"var(--ast-global-color-5)","background-image":"","background-repeat":"repeat","background-position":"center center","background-size":"auto","background-attachment":"scroll","background-type":"","background-media":"","overlay-type":"","overlay-color":"","overlay-gradient":""},"mobile":{"background-color":"var(--ast-global-color-5)","background-image":"","background-repeat":"repeat","background-position":"center center","background-size":"auto","background-attachment":"scroll","background-type":"","background-media":"","overlay-type":"","overlay-color":"","overlay-gradient":""}},"_joinchat":[]},"product_brand":[],"product_cat":[76,130,39,41,42,40,75,43],"product_tag":[66,65,50,61,49,53,70,52],"class_list":{"0":"post-2216","1":"product","2":"type-product","3":"status-publish","4":"has-post-thumbnail","6":"product_cat-bang-vapes","7":"product_cat-digital-vapes-in-discount-price","8":"product_cat-france-wholesale-vape","9":"product_cat-netherlands-wholesale-vape","10":"product_cat-spain-wholesale-vape","11":"product_cat-germany-wholesale-vape","12":"product_cat-vape-15000-puffs","13":"product_cat-vape-shop","14":"product_tag-15000-puffs","15":"product_tag-15k-puffs","16":"product_tag-bulk-price-vape-shop","17":"product_tag-good-sales-vape","18":"product_tag-minimum-order-quantity-100pcs","19":"product_tag-rechargeable-vape","20":"product_tag-the-moq-is-100","21":"product_tag-vape-wholesasle-price","22":"desktop-align-left","23":"tablet-align-left","24":"mobile-align-left","26":"first","27":"instock","28":"sale","29":"shipping-taxable","30":"purchasable","31":"product-type-simple"},"yoast_head":"<!-- This site is optimized with the Yoast SEO plugin v23.0 - https:\/\/yoast.com\/wordpress\/plugins\/seo\/ -->\n<title>Bang digital 15k Puffs Bulk Price 15000 Vapes - rmvapebang.com<\/title>\n<meta name=\"description\" content=\"Contact now to get best Price of Bang 15k vape! Bang-digital-15k -puffs-hot-price-15k-vape,2% and 5% nicotine to choose. and the moq is 100pcs.\" \/>\n<meta name=\"robots\" content=\"index, follow, max-snippet:-1, max-image-preview:large, max-video-preview:-1\" \/>\n<link rel=\"canonical\" href=\"https:\/\/rmvapebang.com\/nl\/product\/bang-digital-15k-puffs-bulk-price-15000-vapes\/\" \/>\n<meta property=\"og:locale\" content=\"nl_NL\" \/>\n<meta property=\"og:type\" content=\"article\" \/>\n<meta property=\"og:title\" content=\"Bang digital 15k Puffs Bulk Price 15000 Vapes - rmvapebang.com\" \/>\n<meta property=\"og:description\" content=\"Contact now to get best Price of Bang 15k vape! Bang-digital-15k -puffs-hot-price-15k-vape,2% and 5% nicotine to choose. and the moq is 100pcs.\" \/>\n<meta property=\"og:url\" content=\"https:\/\/rmvapebang.com\/nl\/product\/bang-digital-15k-puffs-bulk-price-15000-vapes\/\" \/>\n<meta property=\"og:site_name\" content=\"rmvapebang.com\" \/>\n<meta property=\"article:modified_time\" content=\"2024-10-23T08:12:02+00:00\" \/>\n<meta property=\"og:image\" content=\"https:\/\/rmvapebang.com\/wp-content\/uploads\/2024\/04\/Bang-digital-vape-15000-PUFFS-wholesale-price.jpg\" \/>\n\t<meta property=\"og:image:width\" content=\"1500\" \/>\n\t<meta property=\"og:image:height\" content=\"1500\" \/>\n\t<meta property=\"og:image:type\" content=\"image\/jpeg\" \/>\n<meta name=\"twitter:card\" content=\"summary_large_image\" \/>\n<meta name=\"twitter:label1\" content=\"Verwachte leestijd\" \/>\n\t<meta name=\"twitter:data1\" content=\"3 minuten\" \/>\n<script type=\"application\/ld+json\" class=\"yoast-schema-graph\">{\"@context\":\"https:\/\/schema.org\",\"@graph\":[{\"@type\":\"WebPage\",\"@id\":\"https:\/\/rmvapebang.com\/lt\/product\/bang-digital-15k-puffs-bulk-price-15000-vapes\/\",\"url\":\"https:\/\/rmvapebang.com\/lt\/product\/bang-digital-15k-puffs-bulk-price-15000-vapes\/\",\"name\":\"Bang digital 15k Puffs Bulk Price 15000 Vapes - rmvapebang.com\",\"isPartOf\":{\"@id\":\"https:\/\/rmvapebang.com\/#website\"},\"primaryImageOfPage\":{\"@id\":\"https:\/\/rmvapebang.com\/lt\/product\/bang-digital-15k-puffs-bulk-price-15000-vapes\/#primaryimage\"},\"image\":{\"@id\":\"https:\/\/rmvapebang.com\/lt\/product\/bang-digital-15k-puffs-bulk-price-15000-vapes\/#primaryimage\"},\"thumbnailUrl\":\"https:\/\/rmvapebang.com\/wp-content\/uploads\/2024\/04\/Bang-digital-vape-15000-PUFFS-wholesale-price.jpg\",\"datePublished\":\"2024-04-24T07:57:10+00:00\",\"dateModified\":\"2024-10-23T08:12:02+00:00\",\"description\":\"Contact now to get best Price of Bang 15k vape! Bang-digital-15k -puffs-hot-price-15k-vape,2% and 5% nicotine to choose. and the moq is 100pcs.\",\"breadcrumb\":{\"@id\":\"https:\/\/rmvapebang.com\/lt\/product\/bang-digital-15k-puffs-bulk-price-15000-vapes\/#breadcrumb\"},\"inLanguage\":\"nl-NL\",\"potentialAction\":[{\"@type\":\"ReadAction\",\"target\":[\"https:\/\/rmvapebang.com\/lt\/product\/bang-digital-15k-puffs-bulk-price-15000-vapes\/\"]}]},{\"@type\":\"ImageObject\",\"inLanguage\":\"nl-NL\",\"@id\":\"https:\/\/rmvapebang.com\/lt\/product\/bang-digital-15k-puffs-bulk-price-15000-vapes\/#primaryimage\",\"url\":\"https:\/\/rmvapebang.com\/wp-content\/uploads\/2024\/04\/Bang-digital-vape-15000-PUFFS-wholesale-price.jpg\",\"contentUrl\":\"https:\/\/rmvapebang.com\/wp-content\/uploads\/2024\/04\/Bang-digital-vape-15000-PUFFS-wholesale-price.jpg\",\"width\":1500,\"height\":1500,\"caption\":\"Bang digital vape 15000 PUFFS wholesale price\"},{\"@type\":\"BreadcrumbList\",\"@id\":\"https:\/\/rmvapebang.com\/lt\/product\/bang-digital-15k-puffs-bulk-price-15000-vapes\/#breadcrumb\",\"itemListElement\":[{\"@type\":\"ListItem\",\"position\":1,\"name\":\"Home\",\"item\":\"https:\/\/rmvapebang.com\/\"},{\"@type\":\"ListItem\",\"position\":2,\"name\":\"Hot Vape Shop\",\"item\":\"https:\/\/rmvapebang.com\/shop-page\/\"},{\"@type\":\"ListItem\",\"position\":3,\"name\":\"Bang digital 15k Puffs Bulk Price 15000 Vapes\"}]},{\"@type\":\"WebSite\",\"@id\":\"https:\/\/rmvapebang.com\/#website\",\"url\":\"https:\/\/rmvapebang.com\/\",\"name\":\"rmvapebang.com\",\"description\":\"buy vape cheap\",\"publisher\":{\"@id\":\"https:\/\/rmvapebang.com\/#organization\"},\"potentialAction\":[{\"@type\":\"SearchAction\",\"target\":{\"@type\":\"EntryPoint\",\"urlTemplate\":\"https:\/\/rmvapebang.com\/?s={search_term_string}\"},\"query-input\":\"required name=search_term_string\"}],\"inLanguage\":\"nl-NL\"},{\"@type\":\"Organization\",\"@id\":\"https:\/\/rmvapebang.com\/#organization\",\"name\":\"rmvapebang.com\",\"url\":\"https:\/\/rmvapebang.com\/\",\"logo\":{\"@type\":\"ImageObject\",\"inLanguage\":\"nl-NL\",\"@id\":\"https:\/\/rmvapebang.com\/#\/schema\/logo\/image\/\",\"url\":\"https:\/\/rmvapebang.com\/wp-content\/uploads\/2024\/03\/cropped-RVBlogo.png\",\"contentUrl\":\"https:\/\/rmvapebang.com\/wp-content\/uploads\/2024\/03\/cropped-RVBlogo.png\",\"width\":507,\"height\":169,\"caption\":\"rmvapebang.com\"},\"image\":{\"@id\":\"https:\/\/rmvapebang.com\/#\/schema\/logo\/image\/\"}}]}<\/script>\n<!-- \/ Yoast SEO plugin. -->","yoast_head_json":{"title":"Bang digital 15k Puffs Bulk Price 15000 Vapes - rmvapebang.com","description":"Contact now to get best Price of Bang 15k vape! Bang-digital-15k -puffs-hot-price-15k-vape,2% and 5% nicotine to choose. and the moq is 100pcs.","robots":{"index":"index","follow":"follow","max-snippet":"max-snippet:-1","max-image-preview":"max-image-preview:large","max-video-preview":"max-video-preview:-1"},"canonical":"https:\/\/rmvapebang.com\/nl\/product\/bang-digital-15k-puffs-bulk-price-15000-vapes\/","og_locale":"nl_NL","og_type":"article","og_title":"Bang digital 15k Puffs Bulk Price 15000 Vapes - rmvapebang.com","og_description":"Contact now to get best Price of Bang 15k vape! Bang-digital-15k -puffs-hot-price-15k-vape,2% and 5% nicotine to choose. and the moq is 100pcs.","og_url":"https:\/\/rmvapebang.com\/nl\/product\/bang-digital-15k-puffs-bulk-price-15000-vapes\/","og_site_name":"rmvapebang.com","article_modified_time":"2024-10-23T08:12:02+00:00","og_image":[{"width":1500,"height":1500,"url":"https:\/\/rmvapebang.com\/wp-content\/uploads\/2024\/04\/Bang-digital-vape-15000-PUFFS-wholesale-price.jpg","type":"image\/jpeg"}],"twitter_card":"summary_large_image","twitter_misc":{"Verwachte leestijd":"3 minuten"},"schema":{"@context":"https:\/\/schema.org","@graph":[{"@type":"WebPage","@id":"https:\/\/rmvapebang.com\/lt\/product\/bang-digital-15k-puffs-bulk-price-15000-vapes\/","url":"https:\/\/rmvapebang.com\/lt\/product\/bang-digital-15k-puffs-bulk-price-15000-vapes\/","name":"Bang digital 15k Puffs Bulk Price 15000 Vapes - rmvapebang.com","isPartOf":{"@id":"https:\/\/rmvapebang.com\/#website"},"primaryImageOfPage":{"@id":"https:\/\/rmvapebang.com\/lt\/product\/bang-digital-15k-puffs-bulk-price-15000-vapes\/#primaryimage"},"image":{"@id":"https:\/\/rmvapebang.com\/lt\/product\/bang-digital-15k-puffs-bulk-price-15000-vapes\/#primaryimage"},"thumbnailUrl":"https:\/\/rmvapebang.com\/wp-content\/uploads\/2024\/04\/Bang-digital-vape-15000-PUFFS-wholesale-price.jpg","datePublished":"2024-04-24T07:57:10+00:00","dateModified":"2024-10-23T08:12:02+00:00","description":"Contact now to get best Price of Bang 15k vape! Bang-digital-15k -puffs-hot-price-15k-vape,2% and 5% nicotine to choose. and the moq is 100pcs.","breadcrumb":{"@id":"https:\/\/rmvapebang.com\/lt\/product\/bang-digital-15k-puffs-bulk-price-15000-vapes\/#breadcrumb"},"inLanguage":"nl-NL","potentialAction":[{"@type":"ReadAction","target":["https:\/\/rmvapebang.com\/lt\/product\/bang-digital-15k-puffs-bulk-price-15000-vapes\/"]}]},{"@type":"ImageObject","inLanguage":"nl-NL","@id":"https:\/\/rmvapebang.com\/lt\/product\/bang-digital-15k-puffs-bulk-price-15000-vapes\/#primaryimage","url":"https:\/\/rmvapebang.com\/wp-content\/uploads\/2024\/04\/Bang-digital-vape-15000-PUFFS-wholesale-price.jpg","contentUrl":"https:\/\/rmvapebang.com\/wp-content\/uploads\/2024\/04\/Bang-digital-vape-15000-PUFFS-wholesale-price.jpg","width":1500,"height":1500,"caption":"Bang digital vape 15000 PUFFS wholesale price"},{"@type":"BreadcrumbList","@id":"https:\/\/rmvapebang.com\/lt\/product\/bang-digital-15k-puffs-bulk-price-15000-vapes\/#breadcrumb","itemListElement":[{"@type":"ListItem","position":1,"name":"Home","item":"https:\/\/rmvapebang.com\/"},{"@type":"ListItem","position":2,"name":"Hot Vape Shop","item":"https:\/\/rmvapebang.com\/shop-page\/"},{"@type":"ListItem","position":3,"name":"Bang digital 15k Puffs Bulk Price 15000 Vapes"}]},{"@type":"WebSite","@id":"https:\/\/rmvapebang.com\/#website","url":"https:\/\/rmvapebang.com\/","name":"rmvapebang.com","description":"buy vape cheap","publisher":{"@id":"https:\/\/rmvapebang.com\/#organization"},"potentialAction":[{"@type":"SearchAction","target":{"@type":"EntryPoint","urlTemplate":"https:\/\/rmvapebang.com\/?s={search_term_string}"},"query-input":"required name=search_term_string"}],"inLanguage":"nl-NL"},{"@type":"Organization","@id":"https:\/\/rmvapebang.com\/#organization","name":"rmvapebang.com","url":"https:\/\/rmvapebang.com\/","logo":{"@type":"ImageObject","inLanguage":"nl-NL","@id":"https:\/\/rmvapebang.com\/#\/schema\/logo\/image\/","url":"https:\/\/rmvapebang.com\/wp-content\/uploads\/2024\/03\/cropped-RVBlogo.png","contentUrl":"https:\/\/rmvapebang.com\/wp-content\/uploads\/2024\/03\/cropped-RVBlogo.png","width":507,"height":169,"caption":"rmvapebang.com"},"image":{"@id":"https:\/\/rmvapebang.com\/#\/schema\/logo\/image\/"}}]}},"uagb_featured_image_src":{"full":["https:\/\/rmvapebang.com\/wp-content\/uploads\/2024\/04\/Bang-digital-vape-15000-PUFFS-wholesale-price.jpg",1500,1500,false],"thumbnail":["https:\/\/rmvapebang.com\/wp-content\/uploads\/2024\/04\/Bang-digital-vape-15000-PUFFS-wholesale-price-150x150.jpg",150,150,true],"medium":["https:\/\/rmvapebang.com\/wp-content\/uploads\/2024\/04\/Bang-digital-vape-15000-PUFFS-wholesale-price-300x300.jpg",300,300,true],"medium_large":["https:\/\/rmvapebang.com\/wp-content\/uploads\/2024\/04\/Bang-digital-vape-15000-PUFFS-wholesale-price-768x768.jpg",768,768,true],"large":["https:\/\/rmvapebang.com\/wp-content\/uploads\/2024\/04\/Bang-digital-vape-15000-PUFFS-wholesale-price-1024x1024.jpg",1024,1024,true],"1536x1536":["https:\/\/rmvapebang.com\/wp-content\/uploads\/2024\/04\/Bang-digital-vape-15000-PUFFS-wholesale-price.jpg",1500,1500,false],"2048x2048":["https:\/\/rmvapebang.com\/wp-content\/uploads\/2024\/04\/Bang-digital-vape-15000-PUFFS-wholesale-price.jpg",1500,1500,false],"trp-custom-language-flag":["https:\/\/rmvapebang.com\/wp-content\/uploads\/2024\/04\/Bang-digital-vape-15000-PUFFS-wholesale-price.jpg",12,12,false],"woocommerce_thumbnail":["https:\/\/rmvapebang.com\/wp-content\/uploads\/2024\/04\/Bang-digital-vape-15000-PUFFS-wholesale-price-300x300.jpg",300,300,true],"woocommerce_single":["https:\/\/rmvapebang.com\/wp-content\/uploads\/2024\/04\/Bang-digital-vape-15000-PUFFS-wholesale-price-600x600.jpg",600,600,true],"woocommerce_gallery_thumbnail":["https:\/\/rmvapebang.com\/wp-content\/uploads\/2024\/04\/Bang-digital-vape-15000-PUFFS-wholesale-price-100x100.jpg",100,100,true],"wcpr-photo-reviews":["https:\/\/rmvapebang.com\/wp-content\/uploads\/2024\/04\/Bang-digital-vape-15000-PUFFS-wholesale-price.jpg",500,500,false]},"uagb_author_info":{"display_name":"Lyn","author_link":"https:\/\/rmvapebang.com\/nl\/author\/"},"uagb_comment_info":0,"uagb_excerpt":"Bang digital 15000 Puffs Hot Price Vape Rechargeable Bang digital electronic cigarette 15k puffs is a high-capacity rechargeable vape device offering 15000 puffs with 12 flavors and 2%\/5% nicotine levels. Whatsapp:+86 17840853976 Scan on whatsapp for New Client coupon","_links":{"self":[{"href":"https:\/\/rmvapebang.com\/nl\/wp-json\/wp\/v2\/product\/2216","targetHints":{"allow":["GET"]}}],"collection":[{"href":"https:\/\/rmvapebang.com\/nl\/wp-json\/wp\/v2\/product"}],"about":[{"href":"https:\/\/rmvapebang.com\/nl\/wp-json\/wp\/v2\/types\/product"}],"replies":[{"embeddable":true,"href":"https:\/\/rmvapebang.com\/nl\/wp-json\/wp\/v2\/comments?post=2216"}],"wp:featuredmedia":[{"embeddable":true,"href":"https:\/\/rmvapebang.com\/nl\/wp-json\/wp\/v2\/media\/2193"}],"wp:attachment":[{"href":"https:\/\/rmvapebang.com\/nl\/wp-json\/wp\/v2\/media?parent=2216"}],"wp:term":[{"taxonomy":"product_brand","embeddable":true,"href":"https:\/\/rmvapebang.com\/nl\/wp-json\/wp\/v2\/product_brand?post=2216"},{"taxonomy":"product_cat","embeddable":true,"href":"https:\/\/rmvapebang.com\/nl\/wp-json\/wp\/v2\/product_cat?post=2216"},{"taxonomy":"product_tag","embeddable":true,"href":"https:\/\/rmvapebang.com\/nl\/wp-json\/wp\/v2\/product_tag?post=2216"}],"curies":[{"name":"wp","href":"https:\/\/api.w.org\/{rel}","templated":true}]}}