{"id":1974,"date":"2024-04-01T15:17:03","date_gmt":"2024-04-01T07:17:03","guid":{"rendered":"https:\/\/rmvapebang.com\/?post_type=product&#038;p=1974"},"modified":"2025-08-14T11:38:19","modified_gmt":"2025-08-14T03:38:19","slug":"bang-king-12000-puffs-wholesale-price-12k-puffs-vape","status":"publish","type":"product","link":"https:\/\/rmvapebang.com\/nl\/product\/bang-king-12000-puffs-wholesale-price-12k-puffs-vape\/","title":{"rendered":"Bang King 12000 Puffs Groothandelsprijs 12K Puffs Vape"},"content":{"rendered":"<h1>Bang King 12000 Puffs Groothandelsprijs 12K Puffs Vape<\/h1>\n<div class=\"flex-1 overflow-hidden\">\n<div class=\"react-scroll-to-bottom--css-rkeqe-79elbk h-full\">\n<div class=\"react-scroll-to-bottom--css-rkeqe-1n7m0yu\">\n<div class=\"flex flex-col text-sm pb-9\">\n<div class=\"w-full text-token-text-primary\" data-testid=\"conversation-turn-7\">\n<div class=\"px-4 py-2 justify-center text-base md:gap-6 m-auto\">\n<div class=\"flex flex-1 text-base mx-auto gap-3 md:px-5 lg:px-1 xl:px-5 md:max-w-3xl lg:max-w-[40rem] xl:max-w-[48rem] group final-completion\">\n<div class=\"relative flex w-full flex-col agent-turn\">\n<div class=\"flex-col gap-1 md:gap-3\">\n<div class=\"flex flex-grow flex-col max-w-full\">\n<div class=\"min-h-[20px] text-message flex flex-col items-start gap-3 whitespace-pre-wrap break-words [.text-message+&amp;]:mt-5 overflow-x-auto\" data-message-author-role=\"assistant\" data-message-id=\"a1f3b89f-a1c9-497d-a989-579b96e752e6\">\n<div class=\"markdown prose w-full break-words dark:prose-invert light\">\n<p>Bang King 12000 puffs groothandelsprijs 12K puff e-sigaret, met de opkomst van Bang King 12000 puffs e-sigaretten is een grotere stap gezet om gebruikers een buitengewone e-sigarettenervaring te bieden.<\/p>\n<p>Het apparaat heeft een capaciteit tot 12.000 trekjes en een batterijcapaciteit tot 650 mAh, wat ervoor zorgt dat gebruikers het aantal oplaadbeurten kunnen verminderen en meer plezier kunnen hebben tijdens het gebruik. De voldoende oliecapaciteit van 23 ml en 20 fruitsmaken stellen gebruikers in staat er lang van te genieten en hun favoriete smaak te kiezen.<\/p>\n<p>Bovendien is het apparaat verkrijgbaar in een nicotinegehalte van 2% \/ 5%. Kies voor Bang King 12000 puffs, en je zult een andere ervaring voelen.<\/p>\n<p><img loading=\"lazy\" decoding=\"async\" class=\"size-medium wp-image-1980\" src=\"http:\/\/rmvapebang.com\/wp-content\/uploads\/2024\/04\/Bang-King-12K-Puffs-wholesale-price-vape-300x225.jpg\" alt=\"Bang King 12K Puffs groothandelsprijs vape\" width=\"300\" height=\"225\" srcset=\"https:\/\/rmvapebang.com\/wp-content\/uploads\/2024\/04\/Bang-King-12K-Puffs-wholesale-price-vape-300x225.jpg 300w, https:\/\/rmvapebang.com\/wp-content\/uploads\/2024\/04\/Bang-King-12K-Puffs-wholesale-price-vape-1024x768.jpg 1024w, https:\/\/rmvapebang.com\/wp-content\/uploads\/2024\/04\/Bang-King-12K-Puffs-wholesale-price-vape-768x576.jpg 768w, https:\/\/rmvapebang.com\/wp-content\/uploads\/2024\/04\/Bang-King-12K-Puffs-wholesale-price-vape-600x450.jpg 600w, https:\/\/rmvapebang.com\/wp-content\/uploads\/2024\/04\/Bang-King-12K-Puffs-wholesale-price-vape.jpg 1440w\" sizes=\"auto, (max-width: 300px) 100vw, 300px\" \/><\/p>\n<\/div>\n<\/div>\n<\/div>\n<\/div>\n<\/div>\n<\/div>\n<\/div>\n<\/div>\n<\/div>\n<\/div>\n<\/div>\n<\/div>\n<h2><strong>Wat zijn de smaken voor vape 12K trekjes met 2% en 5% nicotine?<\/strong><\/h2>\n<p>1. Ananas Kokosnoot Ijs<br \/>\n2. Watermeloen Bubblegum<br \/>\n3. Triple Bessen Ijs<br \/>\n4. Perzikijs<br \/>\n5. Granaatappel<br \/>\n6. Blauwe Framboos Ijs<br \/>\n7.Aardbei Watermeloen<br \/>\n8. Meloen Munt<br \/>\n9. Regenboog Sorbet<br \/>\n10. Aardbei Mango<br \/>\n11. Koninklijke Druif<br \/>\n12. PASSIE KUS<br \/>\n13. Dubbele Appel<br \/>\n14. Perzik Mango<br \/>\n15. Aardbei Kiwi<br \/>\n16. Watermeloen Ijs<br \/>\n17. Meloen Blauw<br \/>\n18. Liefde 66<br \/>\n19. Seks op het strand<br \/>\n20. Perzik bes<\/p>\n<p><span style=\"font-size: 1.7em;font-weight: bold\">Specificaties voor de Bang King 12K Puffs:<\/span><\/p>\n<p>\u2013 12k Trekjes<br \/>\n\u2013 20 smaken<br \/>\n\u2013 2%\/5% Nicotine sterkte<br \/>\n\u2013 23 ml E-liquid Capaciteit<br \/>\n\u2013 Batterijcapaciteit 650 mAh<\/p>\n<h3>FAQ:<\/h3>\n<p>V: Wat is de MOQ van de bnag king 12k e-sigaret?<\/p>\n<p>A: De minimale bestelhoeveelheid (MOQ) voor de Bang King 12000 Puffs Vape is 100 stuks.<\/p>\n<p>V: Wat is de levertijd voor de Bang King 12K Puffs Vape die ik heb besteld?<\/p>\n<p>A: Normaal gesproken is de levertijd voor de Bang King 12K Puff Vapes 10-15 dagen na verzending.<\/p>\n<p>V: Hoeveel bedragen de verzendkosten voor de Bang Smart Screen 12000 Vapes?<\/p>\n<p>A: De verzendkosten vari\u00ebren afhankelijk van het gewicht van de bestelling. Verschillende hoeveelheden kunnen verschillende verzendkosten hebben. Neem contact met ons op om de verzendkosten voor uw specifieke bestelling te bevestigen.<\/p>\n<p>V: Kan de Bang 12000 Puffs Vape naar mijn land worden verzonden?<\/p>\n<p>A: Ja, we kunnen de Bang 12000 Puffs Vape verzenden naar de meeste Europese landen, waaronder, maar niet beperkt tot, Nederland, Duitsland, Frankrijk, Spanje, Itali\u00eb, Belgi\u00eb, Luxemburg, Oostenrijk, Tsjechi\u00eb, Slowakije, Hongarije, Sloveni\u00eb, Roemeni\u00eb, Bulgarije, Griekenland, Polen, Zweden, Ierland, Portugal, Finland, Estland, Letland en Litouwen. Mocht u specifieke vragen hebben over verzending naar uw land, neem dan gerust contact met ons op voor verdere assistentie.<\/p>\n<p><strong>Neem contact op met Lyn voor meer productvideo's!<\/strong><\/p>\n<p><a href=\"https:\/\/wa.me\/8617840853976\"><span style=\"color: #ff6600\"><strong><em>Whatsapp:+86 17840853976<\/em><\/strong><\/span><\/a><\/p>\n<p><img loading=\"lazy\" decoding=\"async\" class=\"alignnone size-medium wp-image-1905\" src=\"http:\/\/rmvapebang.com\/wp-content\/uploads\/2024\/03\/whatsapp-vape-2-202x300.jpg\" alt=\"\" width=\"202\" height=\"300\" \/><\/p>\n<p>Vind meer producten die u misschien leuk vindt:<a href=\"https:\/\/rmvapebang.com\/nl\/shop-page\/\"><strong><em>Winkel nu<\/em><\/strong><\/a><\/p>\n<p>andere puffs die u misschien leuk vindt:<a href=\"https:\/\/rmvapebang.com\/nl\/product\/bangbox-bulk-price-20k-puffs-disposable-tornado-vapes\/\">bangbox 20k trekjes<\/a>\/<a href=\"https:\/\/rmvapebang.com\/nl\/product\/elf-box-bar-600-puffs-wholesale-price-vapes\/\">elf box 600 trekjes<\/a>\/<a href=\"https:\/\/rmvapebang.com\/nl\/product\/20k-puffs-of-bang-beach-smart-scree-bulk-cheap-price\/\">bang strand 20k trekjes<\/a><\/p>\n<p><span style=\"color: #ff0000\"><strong>Let op: Alle producten zijn exclusief verzendkosten!!!<\/strong><\/span><\/p>","protected":false},"excerpt":{"rendered":"<p>Bang King 12000 Puffs Groothandelsprijs Oplaadbare Vape<\/p>\n<p>Bang King 12000 Puff is een oplaadbaar vape-apparaat met hoge capaciteit dat 12000 trekjes biedt met 20 smaken en nicotineniveaus van 2% \/ 5%.<\/p>\n<p><strong><em>Whatsapp:<a href=\"https:\/\/wa.me\/8617840853976\">+86 17840853976<\/a><\/em><\/strong><\/p>\n<p>Scan op whatsapp voor Nieuwe Klant coupon<\/p>\n<p><img loading=\"lazy\" decoding=\"async\" class=\"alignnone size-medium wp-image-1905\" src=\"http:\/\/rmvapebang.com\/wp-content\/uploads\/2024\/03\/whatsapp-vape-2-202x300.jpg\" alt=\"\" width=\"202\" height=\"300\" \/><\/p>","protected":false},"featured_media":1979,"comment_status":"open","ping_status":"closed","template":"","meta":{"_uag_custom_page_level_css":"","_lmt_disableupdate":"no","_lmt_disable":"","site-sidebar-layout":"no-sidebar","site-content-layout":"boxed-container","ast-site-content-layout":"normal-width-container","site-content-style":"boxed","site-sidebar-style":"boxed","ast-global-header-display":"","ast-banner-title-visibility":"","ast-main-header-display":"","ast-hfb-above-header-display":"","ast-hfb-below-header-display":"","ast-hfb-mobile-header-display":"","site-post-title":"","ast-breadcrumbs-content":"","ast-featured-img":"","footer-sml-layout":"","theme-transparent-header-meta":"default","adv-header-id-meta":"","stick-header-meta":"","header-above-stick-meta":"","header-main-stick-meta":"","header-below-stick-meta":"","astra-migrate-meta-layouts":"set","ast-page-background-enabled":"default","ast-page-background-meta":{"desktop":{"background-color":"","background-image":"","background-repeat":"repeat","background-position":"center center","background-size":"auto","background-attachment":"scroll","background-type":"","background-media":"","overlay-type":"","overlay-color":"","overlay-gradient":""},"tablet":{"background-color":"","background-image":"","background-repeat":"repeat","background-position":"center center","background-size":"auto","background-attachment":"scroll","background-type":"","background-media":"","overlay-type":"","overlay-color":"","overlay-gradient":""},"mobile":{"background-color":"","background-image":"","background-repeat":"repeat","background-position":"center center","background-size":"auto","background-attachment":"scroll","background-type":"","background-media":"","overlay-type":"","overlay-color":"","overlay-gradient":""}},"ast-content-background-meta":{"desktop":{"background-color":"var(--ast-global-color-5)","background-image":"","background-repeat":"repeat","background-position":"center center","background-size":"auto","background-attachment":"scroll","background-type":"","background-media":"","overlay-type":"","overlay-color":"","overlay-gradient":""},"tablet":{"background-color":"var(--ast-global-color-5)","background-image":"","background-repeat":"repeat","background-position":"center center","background-size":"auto","background-attachment":"scroll","background-type":"","background-media":"","overlay-type":"","overlay-color":"","overlay-gradient":""},"mobile":{"background-color":"var(--ast-global-color-5)","background-image":"","background-repeat":"repeat","background-position":"center center","background-size":"auto","background-attachment":"scroll","background-type":"","background-media":"","overlay-type":"","overlay-color":"","overlay-gradient":""}},"_joinchat":[]},"product_brand":[],"product_cat":[39,41,42,40,44,43],"product_tag":[63,62,50,51,67,49,53,52],"class_list":{"0":"post-1974","1":"product","2":"type-product","3":"status-publish","4":"has-post-thumbnail","6":"product_cat-france-wholesale-vape","7":"product_cat-netherlands-wholesale-vape","8":"product_cat-spain-wholesale-vape","9":"product_cat-germany-wholesale-vape","10":"product_cat-vape-20000-puffs","11":"product_cat-vape-shop","12":"product_tag-12000-puffs","13":"product_tag-12k-puffs","14":"product_tag-bulk-price-vape-shop","15":"product_tag-disposable-vape","16":"product_tag-fast-price-sales","17":"product_tag-minimum-order-quantity-100pcs","18":"product_tag-rechargeable-vape","19":"product_tag-vape-wholesasle-price","20":"desktop-align-left","21":"tablet-align-left","22":"mobile-align-left","24":"first","25":"instock","26":"sale","27":"shipping-taxable","28":"purchasable","29":"product-type-simple"},"yoast_head":"<!-- This site is optimized with the Yoast SEO plugin v23.0 - https:\/\/yoast.com\/wordpress\/plugins\/seo\/ -->\n<title>Bang King 12000 Puffs Wholesale Price 12K Puffs Vape - rmvapebang.com<\/title>\n<meta name=\"description\" content=\"Bang King 12000 Puffs Wholesale Price 12K Puffs Vape\uff0c2% and 5% nicotine to choose. Contact now to get Wholesale Fast Price of Bang 15000 vape!\" \/>\n<meta name=\"robots\" content=\"index, follow, max-snippet:-1, max-image-preview:large, max-video-preview:-1\" \/>\n<link rel=\"canonical\" href=\"https:\/\/rmvapebang.com\/nl\/product\/bang-king-12000-puffs-wholesale-price-12k-puffs-vape\/\" \/>\n<meta property=\"og:locale\" content=\"nl_NL\" \/>\n<meta property=\"og:type\" content=\"article\" \/>\n<meta property=\"og:title\" content=\"Bang King 12000 Puffs Wholesale Price 12K Puffs Vape - rmvapebang.com\" \/>\n<meta property=\"og:description\" content=\"Bang King 12000 Puffs Wholesale Price 12K Puffs Vape\uff0c2% and 5% nicotine to choose. Contact now to get Wholesale Fast Price of Bang 15000 vape!\" \/>\n<meta property=\"og:url\" content=\"https:\/\/rmvapebang.com\/nl\/product\/bang-king-12000-puffs-wholesale-price-12k-puffs-vape\/\" \/>\n<meta property=\"og:site_name\" content=\"rmvapebang.com\" \/>\n<meta property=\"article:modified_time\" content=\"2025-08-14T03:38:19+00:00\" \/>\n<meta property=\"og:image\" content=\"https:\/\/rmvapebang.com\/wp-content\/uploads\/2024\/04\/Bang-King-12K-Puffs-Factory-price-vape.jpg\" \/>\n\t<meta property=\"og:image:width\" content=\"1280\" \/>\n\t<meta property=\"og:image:height\" content=\"1280\" \/>\n\t<meta property=\"og:image:type\" content=\"image\/jpeg\" \/>\n<meta name=\"twitter:card\" content=\"summary_large_image\" \/>\n<meta name=\"twitter:label1\" content=\"Verwachte leestijd\" \/>\n\t<meta name=\"twitter:data1\" content=\"3 minuten\" \/>\n<script type=\"application\/ld+json\" class=\"yoast-schema-graph\">{\"@context\":\"https:\/\/schema.org\",\"@graph\":[{\"@type\":\"WebPage\",\"@id\":\"https:\/\/rmvapebang.com\/sk\/product\/bang-king-12000-puffs-wholesale-price-12k-puffs-vape\/\",\"url\":\"https:\/\/rmvapebang.com\/sk\/product\/bang-king-12000-puffs-wholesale-price-12k-puffs-vape\/\",\"name\":\"Bang King 12000 Puffs Wholesale Price 12K Puffs Vape - rmvapebang.com\",\"isPartOf\":{\"@id\":\"https:\/\/rmvapebang.com\/#website\"},\"primaryImageOfPage\":{\"@id\":\"https:\/\/rmvapebang.com\/sk\/product\/bang-king-12000-puffs-wholesale-price-12k-puffs-vape\/#primaryimage\"},\"image\":{\"@id\":\"https:\/\/rmvapebang.com\/sk\/product\/bang-king-12000-puffs-wholesale-price-12k-puffs-vape\/#primaryimage\"},\"thumbnailUrl\":\"https:\/\/rmvapebang.com\/wp-content\/uploads\/2024\/04\/Bang-King-12K-Puffs-Factory-price-vape.jpg\",\"datePublished\":\"2024-04-01T07:17:03+00:00\",\"dateModified\":\"2025-08-14T03:38:19+00:00\",\"description\":\"Bang King 12000 Puffs Wholesale Price 12K Puffs Vape\uff0c2% and 5% nicotine to choose. Contact now to get Wholesale Fast Price of Bang 15000 vape!\",\"breadcrumb\":{\"@id\":\"https:\/\/rmvapebang.com\/sk\/product\/bang-king-12000-puffs-wholesale-price-12k-puffs-vape\/#breadcrumb\"},\"inLanguage\":\"nl-NL\",\"potentialAction\":[{\"@type\":\"ReadAction\",\"target\":[\"https:\/\/rmvapebang.com\/sk\/product\/bang-king-12000-puffs-wholesale-price-12k-puffs-vape\/\"]}]},{\"@type\":\"ImageObject\",\"inLanguage\":\"nl-NL\",\"@id\":\"https:\/\/rmvapebang.com\/sk\/product\/bang-king-12000-puffs-wholesale-price-12k-puffs-vape\/#primaryimage\",\"url\":\"https:\/\/rmvapebang.com\/wp-content\/uploads\/2024\/04\/Bang-King-12K-Puffs-Factory-price-vape.jpg\",\"contentUrl\":\"https:\/\/rmvapebang.com\/wp-content\/uploads\/2024\/04\/Bang-King-12K-Puffs-Factory-price-vape.jpg\",\"width\":1280,\"height\":1280,\"caption\":\"Bang King 12K Puffs Factory price vape\"},{\"@type\":\"BreadcrumbList\",\"@id\":\"https:\/\/rmvapebang.com\/sk\/product\/bang-king-12000-puffs-wholesale-price-12k-puffs-vape\/#breadcrumb\",\"itemListElement\":[{\"@type\":\"ListItem\",\"position\":1,\"name\":\"Home\",\"item\":\"https:\/\/rmvapebang.com\/\"},{\"@type\":\"ListItem\",\"position\":2,\"name\":\"Hot Vape Shop\",\"item\":\"https:\/\/rmvapebang.com\/shop-page\/\"},{\"@type\":\"ListItem\",\"position\":3,\"name\":\"Bang King 12000 Puffs Wholesale Price 12K Puffs Vape\"}]},{\"@type\":\"WebSite\",\"@id\":\"https:\/\/rmvapebang.com\/#website\",\"url\":\"https:\/\/rmvapebang.com\/\",\"name\":\"rmvapebang.com\",\"description\":\"buy vape cheap\",\"publisher\":{\"@id\":\"https:\/\/rmvapebang.com\/#organization\"},\"potentialAction\":[{\"@type\":\"SearchAction\",\"target\":{\"@type\":\"EntryPoint\",\"urlTemplate\":\"https:\/\/rmvapebang.com\/?s={search_term_string}\"},\"query-input\":\"required name=search_term_string\"}],\"inLanguage\":\"nl-NL\"},{\"@type\":\"Organization\",\"@id\":\"https:\/\/rmvapebang.com\/#organization\",\"name\":\"rmvapebang.com\",\"url\":\"https:\/\/rmvapebang.com\/\",\"logo\":{\"@type\":\"ImageObject\",\"inLanguage\":\"nl-NL\",\"@id\":\"https:\/\/rmvapebang.com\/#\/schema\/logo\/image\/\",\"url\":\"https:\/\/rmvapebang.com\/wp-content\/uploads\/2024\/03\/cropped-RVBlogo.png\",\"contentUrl\":\"https:\/\/rmvapebang.com\/wp-content\/uploads\/2024\/03\/cropped-RVBlogo.png\",\"width\":507,\"height\":169,\"caption\":\"rmvapebang.com\"},\"image\":{\"@id\":\"https:\/\/rmvapebang.com\/#\/schema\/logo\/image\/\"}}]}<\/script>\n<!-- \/ Yoast SEO plugin. -->","yoast_head_json":{"title":"Bang King 12000 Puffs Wholesale Price 12K Puffs Vape - rmvapebang.com","description":"Bang King 12000 Puffs Wholesale Price 12K Puffs Vape\uff0c2% and 5% nicotine to choose. Contact now to get Wholesale Fast Price of Bang 15000 vape!","robots":{"index":"index","follow":"follow","max-snippet":"max-snippet:-1","max-image-preview":"max-image-preview:large","max-video-preview":"max-video-preview:-1"},"canonical":"https:\/\/rmvapebang.com\/nl\/product\/bang-king-12000-puffs-wholesale-price-12k-puffs-vape\/","og_locale":"nl_NL","og_type":"article","og_title":"Bang King 12000 Puffs Wholesale Price 12K Puffs Vape - rmvapebang.com","og_description":"Bang King 12000 Puffs Wholesale Price 12K Puffs Vape\uff0c2% and 5% nicotine to choose. Contact now to get Wholesale Fast Price of Bang 15000 vape!","og_url":"https:\/\/rmvapebang.com\/nl\/product\/bang-king-12000-puffs-wholesale-price-12k-puffs-vape\/","og_site_name":"rmvapebang.com","article_modified_time":"2025-08-14T03:38:19+00:00","og_image":[{"width":1280,"height":1280,"url":"https:\/\/rmvapebang.com\/wp-content\/uploads\/2024\/04\/Bang-King-12K-Puffs-Factory-price-vape.jpg","type":"image\/jpeg"}],"twitter_card":"summary_large_image","twitter_misc":{"Verwachte leestijd":"3 minuten"},"schema":{"@context":"https:\/\/schema.org","@graph":[{"@type":"WebPage","@id":"https:\/\/rmvapebang.com\/sk\/product\/bang-king-12000-puffs-wholesale-price-12k-puffs-vape\/","url":"https:\/\/rmvapebang.com\/sk\/product\/bang-king-12000-puffs-wholesale-price-12k-puffs-vape\/","name":"Bang King 12000 Puffs Wholesale Price 12K Puffs Vape - rmvapebang.com","isPartOf":{"@id":"https:\/\/rmvapebang.com\/#website"},"primaryImageOfPage":{"@id":"https:\/\/rmvapebang.com\/sk\/product\/bang-king-12000-puffs-wholesale-price-12k-puffs-vape\/#primaryimage"},"image":{"@id":"https:\/\/rmvapebang.com\/sk\/product\/bang-king-12000-puffs-wholesale-price-12k-puffs-vape\/#primaryimage"},"thumbnailUrl":"https:\/\/rmvapebang.com\/wp-content\/uploads\/2024\/04\/Bang-King-12K-Puffs-Factory-price-vape.jpg","datePublished":"2024-04-01T07:17:03+00:00","dateModified":"2025-08-14T03:38:19+00:00","description":"Bang King 12000 Puffs Wholesale Price 12K Puffs Vape\uff0c2% and 5% nicotine to choose. Contact now to get Wholesale Fast Price of Bang 15000 vape!","breadcrumb":{"@id":"https:\/\/rmvapebang.com\/sk\/product\/bang-king-12000-puffs-wholesale-price-12k-puffs-vape\/#breadcrumb"},"inLanguage":"nl-NL","potentialAction":[{"@type":"ReadAction","target":["https:\/\/rmvapebang.com\/sk\/product\/bang-king-12000-puffs-wholesale-price-12k-puffs-vape\/"]}]},{"@type":"ImageObject","inLanguage":"nl-NL","@id":"https:\/\/rmvapebang.com\/sk\/product\/bang-king-12000-puffs-wholesale-price-12k-puffs-vape\/#primaryimage","url":"https:\/\/rmvapebang.com\/wp-content\/uploads\/2024\/04\/Bang-King-12K-Puffs-Factory-price-vape.jpg","contentUrl":"https:\/\/rmvapebang.com\/wp-content\/uploads\/2024\/04\/Bang-King-12K-Puffs-Factory-price-vape.jpg","width":1280,"height":1280,"caption":"Bang King 12K Puffs Factory price vape"},{"@type":"BreadcrumbList","@id":"https:\/\/rmvapebang.com\/sk\/product\/bang-king-12000-puffs-wholesale-price-12k-puffs-vape\/#breadcrumb","itemListElement":[{"@type":"ListItem","position":1,"name":"Home","item":"https:\/\/rmvapebang.com\/"},{"@type":"ListItem","position":2,"name":"Hot Vape Shop","item":"https:\/\/rmvapebang.com\/shop-page\/"},{"@type":"ListItem","position":3,"name":"Bang King 12000 Puffs Wholesale Price 12K Puffs Vape"}]},{"@type":"WebSite","@id":"https:\/\/rmvapebang.com\/#website","url":"https:\/\/rmvapebang.com\/","name":"rmvapebang.com","description":"buy vape cheap","publisher":{"@id":"https:\/\/rmvapebang.com\/#organization"},"potentialAction":[{"@type":"SearchAction","target":{"@type":"EntryPoint","urlTemplate":"https:\/\/rmvapebang.com\/?s={search_term_string}"},"query-input":"required name=search_term_string"}],"inLanguage":"nl-NL"},{"@type":"Organization","@id":"https:\/\/rmvapebang.com\/#organization","name":"rmvapebang.com","url":"https:\/\/rmvapebang.com\/","logo":{"@type":"ImageObject","inLanguage":"nl-NL","@id":"https:\/\/rmvapebang.com\/#\/schema\/logo\/image\/","url":"https:\/\/rmvapebang.com\/wp-content\/uploads\/2024\/03\/cropped-RVBlogo.png","contentUrl":"https:\/\/rmvapebang.com\/wp-content\/uploads\/2024\/03\/cropped-RVBlogo.png","width":507,"height":169,"caption":"rmvapebang.com"},"image":{"@id":"https:\/\/rmvapebang.com\/#\/schema\/logo\/image\/"}}]}},"uagb_featured_image_src":{"full":["https:\/\/rmvapebang.com\/wp-content\/uploads\/2024\/04\/Bang-King-12K-Puffs-Factory-price-vape.jpg",1280,1280,false],"thumbnail":["https:\/\/rmvapebang.com\/wp-content\/uploads\/2024\/04\/Bang-King-12K-Puffs-Factory-price-vape-150x150.jpg",150,150,true],"medium":["https:\/\/rmvapebang.com\/wp-content\/uploads\/2024\/04\/Bang-King-12K-Puffs-Factory-price-vape-300x300.jpg",300,300,true],"medium_large":["https:\/\/rmvapebang.com\/wp-content\/uploads\/2024\/04\/Bang-King-12K-Puffs-Factory-price-vape-768x768.jpg",768,768,true],"large":["https:\/\/rmvapebang.com\/wp-content\/uploads\/2024\/04\/Bang-King-12K-Puffs-Factory-price-vape-1024x1024.jpg",1024,1024,true],"1536x1536":["https:\/\/rmvapebang.com\/wp-content\/uploads\/2024\/04\/Bang-King-12K-Puffs-Factory-price-vape.jpg",1280,1280,false],"2048x2048":["https:\/\/rmvapebang.com\/wp-content\/uploads\/2024\/04\/Bang-King-12K-Puffs-Factory-price-vape.jpg",1280,1280,false],"trp-custom-language-flag":["https:\/\/rmvapebang.com\/wp-content\/uploads\/2024\/04\/Bang-King-12K-Puffs-Factory-price-vape.jpg",12,12,false],"woocommerce_thumbnail":["https:\/\/rmvapebang.com\/wp-content\/uploads\/2024\/04\/Bang-King-12K-Puffs-Factory-price-vape-300x300.jpg",300,300,true],"woocommerce_single":["https:\/\/rmvapebang.com\/wp-content\/uploads\/2024\/04\/Bang-King-12K-Puffs-Factory-price-vape-600x600.jpg",600,600,true],"woocommerce_gallery_thumbnail":["https:\/\/rmvapebang.com\/wp-content\/uploads\/2024\/04\/Bang-King-12K-Puffs-Factory-price-vape-100x100.jpg",100,100,true],"wcpr-photo-reviews":["https:\/\/rmvapebang.com\/wp-content\/uploads\/2024\/04\/Bang-King-12K-Puffs-Factory-price-vape.jpg",500,500,false]},"uagb_author_info":{"display_name":"Lyn","author_link":"https:\/\/rmvapebang.com\/nl\/author\/"},"uagb_comment_info":2,"uagb_excerpt":"Bang King 12000 Puffs Wholesale Price Vape Rechargeable Bang King 12000 Puff is a high-capacity rechargeable vape device offering 12000 puffs with 20 flavors and 2%\/5% nicotine levels. Whatsapp:+86 17840853976 Scan on whatsapp for New Client coupon","_links":{"self":[{"href":"https:\/\/rmvapebang.com\/nl\/wp-json\/wp\/v2\/product\/1974","targetHints":{"allow":["GET"]}}],"collection":[{"href":"https:\/\/rmvapebang.com\/nl\/wp-json\/wp\/v2\/product"}],"about":[{"href":"https:\/\/rmvapebang.com\/nl\/wp-json\/wp\/v2\/types\/product"}],"replies":[{"embeddable":true,"href":"https:\/\/rmvapebang.com\/nl\/wp-json\/wp\/v2\/comments?post=1974"}],"wp:featuredmedia":[{"embeddable":true,"href":"https:\/\/rmvapebang.com\/nl\/wp-json\/wp\/v2\/media\/1979"}],"wp:attachment":[{"href":"https:\/\/rmvapebang.com\/nl\/wp-json\/wp\/v2\/media?parent=1974"}],"wp:term":[{"taxonomy":"product_brand","embeddable":true,"href":"https:\/\/rmvapebang.com\/nl\/wp-json\/wp\/v2\/product_brand?post=1974"},{"taxonomy":"product_cat","embeddable":true,"href":"https:\/\/rmvapebang.com\/nl\/wp-json\/wp\/v2\/product_cat?post=1974"},{"taxonomy":"product_tag","embeddable":true,"href":"https:\/\/rmvapebang.com\/nl\/wp-json\/wp\/v2\/product_tag?post=1974"}],"curies":[{"name":"wp","href":"https:\/\/api.w.org\/{rel}","templated":true}]}}