{"id":5865,"date":"2026-03-30T16:11:35","date_gmt":"2026-03-30T08:11:35","guid":{"rendered":"https:\/\/rmvapebang.com\/?post_type=product&#038;p=5865"},"modified":"2026-04-23T10:48:11","modified_gmt":"2026-04-23T02:48:11","slug":"uzy-shisha-vape-120k-smart-screen-disposable-bulk-sale","status":"publish","type":"product","link":"https:\/\/rmvapebang.com\/lv\/product\/uzy-shisha-vape-120k-smart-screen-disposable-bulk-sale\/","title":{"rendered":"UZY Shisha Vape 120K Gudrs Ekr\u0101ns Vienreizlietojams Partiju P\u0101rdo\u0161ana"},"content":{"rendered":"<h2 style=\"text-align: left\">UZY Shisha Vape 120K Gudrs Ekr\u0101ns Vienreizlietojams Partiju P\u0101rdo\u0161ana<\/h2>\n<p>UZY Shisha Vape 120K Smart Screen Disposable ir izstr\u0101d\u0101ts pieaugu\u0161o lietot\u0101jiem vis\u0101 Latvij\u0101, \u0161is augstas jaudas ier\u012bce pied\u0101v\u0101 l\u012bdz 120000 p\u012bp\u0113m ar stabilu izvadi no s\u0101kuma l\u012bdz beig\u0101m.<\/p>\n<p>UZY <a href=\"https:\/\/rmvapebang.com\/lv\/produkta-kategorija\/vape-120000-puffs\/\"><em><strong>120000 p\u016btienu vienreiz\u0113j\u0101s lieto\u0161anas vape<\/strong> <\/em><\/a>apr\u012bkots ar \u010detrk\u0101r\u0161u re\u017e\u0123a spir\u0101les tehnolo\u0123iju, shisha <a href=\"https:\/\/rmvapebang.com\/lv\/produkta-kategorija\/uzy-vapes\/\"><strong><em>UZY vape<\/em><\/strong><\/a> nodro\u0161ina gludu tvaika ra\u017eo\u0161anu un bag\u0101t\u012bgu gar\u0161as notur\u012bbu katr\u0101 ieelpo\u0161an\u0101. 64ml re\u0101las e-\u0161\u0137idruma ietilp\u012bba un 1000mAh uzl\u0101d\u0113jama akumulators atbalsta ilgu lieto\u0161anu bez bie\u017eas nomai\u0146as.<\/p>\n<p>Ar <a href=\"https:\/\/rmvapebang.com\/lv\/produkta-kategorija\/smart-display\/\"><em><strong>gudru LED displeju<\/strong><\/em><\/a>, regul\u0113jama gaisa pl\u016bsma un krist\u0101la stila dizains, \u0161\u012b <a href=\"https:\/\/rmvapebang.com\/lv\/produkta-kategorija\/vape-120000-puffs\/\"><strong><em>vienreiz\u0113j\u0101 vape 120k<\/em><\/strong><\/a> nodro\u0161ina gan funkcionalit\u0101ti, gan augstas klases est\u0113tiku vairumtirdzniec\u012bbas pirc\u0113jiem un izplat\u012bt\u0101jiem.<\/p>\n<figure id=\"attachment_5848\" aria-describedby=\"caption-attachment-5848\" style=\"width: 800px\" class=\"wp-caption alignnone\"><img loading=\"lazy\" decoding=\"async\" class=\"wp-image-5848 size-full\" src=\"http:\/\/rmvapebang.com\/wp-content\/uploads\/2026\/03\/Multiple-Flavors-Shisha-Vape.webp\" alt=\"ar arom\u0101tu bag\u0101ta vienreiz\u0113j\u0101s lieto\u0161anas vape ar vair\u0101k\u0101m arom\u0101tisk\u0101m opcij\u0101m shisha stil\u0101\" width=\"800\" height=\"778\" srcset=\"https:\/\/rmvapebang.com\/wp-content\/uploads\/2026\/03\/Multiple-Flavors-Shisha-Vape.webp 800w, https:\/\/rmvapebang.com\/wp-content\/uploads\/2026\/03\/Multiple-Flavors-Shisha-Vape-300x292.webp 300w, https:\/\/rmvapebang.com\/wp-content\/uploads\/2026\/03\/Multiple-Flavors-Shisha-Vape-768x747.webp 768w, https:\/\/rmvapebang.com\/wp-content\/uploads\/2026\/03\/Multiple-Flavors-Shisha-Vape-12x12.webp 12w, https:\/\/rmvapebang.com\/wp-content\/uploads\/2026\/03\/Multiple-Flavors-Shisha-Vape-600x584.webp 600w\" sizes=\"auto, (max-width: 800px) 100vw, 800px\" \/><figcaption id=\"caption-attachment-5848\" class=\"wp-caption-text\">Bag\u0101t\u012bgas gar\u0161as ar stil\u012bgu dizainu<\/figcaption><\/figure>\n<h2>UZY HOOKAH KING 120K Vienreiz\u0113j\u0101s vape gar\u0161u saraksts<\/h2>\n<p>1. Mellenes uz ledus<br \/>\n2. Arb\u016bza ledus<br \/>\n3. Love66<br \/>\n4. Persiku ledus<br \/>\n5. Lady killa<br \/>\n6. Sajaukts ogu<br \/>\n7. Zeme\u0146u kivi<br \/>\n8. V\u012bnogu ledus<br \/>\n9. Divas \u0101boli<br \/>\n10. Zeme\u0146u arb\u016bzs<br \/>\n11. Mellenes ave\u0146u<br \/>\n12. Kiwija pasijas aug\u013ci guava<\/p>\n<h2>\u012apa\u0161\u012bbas Shisha Vape Disposable 120K Puffs<\/h2>\n<ul>\n<li>\ud83d\udd0b 1000mAh Akumulators \u2013 stabils ilgtsp\u0113j\u012bgs jaudas sniegums<\/li>\n<li>\ud83d\udca8 120K P\u016b\u0161u Kapacit\u0101te \u2013 ultra augstas iztur\u012bbas ier\u012bce<\/li>\n<li>\ud83e\uddca \u010cetrk\u0101r\u0161s T\u012bkls Spole 1.0\u03a9 \u2013 glud\u0101ka tvaika ra\u017eo\u0161ana un stipr\u0101ka gar\u0161a<\/li>\n<li>\ud83e\uddc3 64ml Re\u0101la E-\u0161\u0137idruma \u2013 ilg\u0101ka vapinga ilgums<\/li>\n<li>\u26a1 Type-C Uzl\u0101d\u0113jams \u2013 \u0101tra un \u0113rt\u0101 uzl\u0101de<\/li>\n<li>\ud83d\udcca Gudrs LED Ekr\u0101ns \u2013 akumulatora un \u0161\u0137idruma l\u012bme\u0146a redzam\u012bba<\/li>\n<li>\ud83c\udf2c\ufe0f Regul\u0113jama Gaisa Pl\u016bsma \u2013 elast\u012bga gaisa pl\u016bsmas kontroles pieredze<\/li>\n<li>\ud83d\udc8e Krist\u0101la Korpusa Dizains \u2013 augstas kvalit\u0101tes un m\u016bsdien\u012bgs izskats<\/li>\n<li>\ud83d\udd25 Konsekventa Gar\u0161as Sist\u0113ma \u2013 stabila gar\u0161a no pirm\u0101s l\u012bdz p\u0113d\u0113jai p\u016btienam<\/li>\n<\/ul>\n<h2>K\u0101p\u0113c izv\u0113l\u0113ties Gudru Ekr\u0101na Vienreizlietojamu 120000 P\u016b\u0161u<\/h2>\n<ul>\n<li>120K kapacit\u0101te atbalsta ilgsto\u0161u ikdienas lieto\u0161anu bez bie\u017eas nomai\u0146as<\/li>\n<li>\u010cetrk\u0101r\u0161\u0101 t\u012bkla spole nodro\u0161ina konsekventu gar\u0161u un gludu tvaika pieg\u0101di<\/li>\n<li>Re\u0101llaika akumulatora un e-\u0161\u0137idruma displejs uzlabo lieto\u0161anas kontroli<\/li>\n<li>Krist\u0101la dizains ar m\u016bsdien\u012bgu apdari ir piem\u0113rots augstas klases mazumtirdzniec\u012bbas pozicion\u0113\u0161anai<\/li>\n<\/ul>\n<h2>BUJ Par UZY \u0160i\u0161a HOOKAH KING Vape<\/h2>\n<p><strong>Q1: Vai \u0161\u012b 120k \u0161i\u0161a vape ir piem\u0113rota vairumtirdzniec\u012bbas pas\u016bt\u012bjumiem?<\/strong><br \/>\nA1: J\u0101, 120000 p\u016b\u0161u ir paredz\u0113ts lielapjoma pieg\u0101dei un Eiropas izplat\u012bt\u0101ju tirgiem.<\/p>\n<p><strong>Q2: Vai \u0161\u012b hookah 120k vape atbalsta uzl\u0101di?<\/strong><br \/>\nA2: J\u0101, \u0161\u012b LED \u0161i\u0161a vape ietver Type-C uzl\u0101d\u0113jamu 1000mAh akumulatoru.<\/p>\n<p><strong>Q3: Vai krist\u0101la shisha 120k puffs arom\u0101ts ir stabils lieto\u0161anas laik\u0101?<\/strong><br \/>\nA3: J\u0101, kvadr\u0101ta re\u017e\u0123a spir\u0101les tehnolo\u0123ija uztur konsekventu arom\u0101ta izdal\u012b\u0161anos.<\/p>\n<p><strong>Q4: Vai es varu redz\u0113t akumulatora un \u0161\u0137idruma l\u012bmeni UZY hookah 120K vape?<\/strong><br \/>\nA4: J\u0101, gudrais ekr\u0101ns skaidri r\u0101da abus l\u012bme\u0146us re\u0101llaik\u0101.<\/p>\n<p><strong>Sazinieties ar Linu, lai sa\u0146emtu vair\u0101k produktu video!<\/strong><\/p>\n<p><a href=\"https:\/\/wa.me\/8617840853976\"><span style=\"color: #ff6600\"><strong><em>Whatsapp:+86 17840853976<\/em><\/strong><\/span><\/a><\/p>\n<p><img loading=\"lazy\" decoding=\"async\" class=\"alignnone size-medium wp-image-1905\" src=\"http:\/\/rmvapebang.com\/wp-content\/uploads\/2024\/03\/whatsapp-vape-2-202x300.jpg\" alt=\"\" width=\"202\" height=\"300\" \/><\/p>\n<p>Atrodiet vair\u0101k produktu, kas jums var\u0113tu patikt:<a href=\"https:\/\/rmvapebang.com\/lv\/shop-page\/\"><strong><em>Iepirkties tagad<\/em><\/strong><\/a><\/p>","protected":false},"excerpt":{"rendered":"<p class=\"\" data-start=\"1244\" data-end=\"1417\"><span style=\"color: #ff0000\"><em><strong>PIEZ\u012aME<\/strong>: Vietn\u0113 nor\u0101d\u012bt\u0101s cenas neietver pieg\u0101des maksu. L\u016bdzu, nos\u016btiet savu pasta indeksu un adresi, lai m\u0113s var\u0113tu p\u0101rbaud\u012bt pieg\u0101des izmaksas.<\/em><\/span><br \/>\nUZY Shisha Vape 120K nodro\u0161ina \u013coti ilgu darb\u012bbu ar gudru ekr\u0101na uzraudz\u012bbu, \u010detrk\u0101r\u0161u re\u017e\u0123a spir\u0101les un gludu, konsekventu gar\u0161u. Izstr\u0101d\u0101ts vairumtirdzniec\u012bbas pirc\u0113jiem vis\u0101 Latvij\u0101, kas mekl\u0113 augstas jaudas vienreiz\u0113j\u0101s vape risin\u0101jumus.<\/p>\n<p><a href=\"https:\/\/wa.me\/8617840853976\"><strong><em>Whatsapp:+86 17840853976<\/em><\/strong><\/a><\/p>\n<p><img loading=\"lazy\" decoding=\"async\" class=\"alignnone size-medium wp-image-1905\" src=\"http:\/\/rmvapebang.com\/wp-content\/uploads\/2024\/03\/whatsapp-vape-2-202x300.jpg\" alt=\"\" width=\"202\" height=\"300\" \/><br \/>\n<strong>Sken\u0113jiet WhatsApp, lai sa\u0146emtu kuponu jaunajiem klientiem<\/strong><\/p>","protected":false},"featured_media":5851,"comment_status":"open","ping_status":"closed","template":"","meta":{"_uag_custom_page_level_css":"","_lmt_disableupdate":"no","_lmt_disable":"","site-sidebar-layout":"no-sidebar","site-content-layout":"boxed-container","ast-site-content-layout":"normal-width-container","site-content-style":"boxed","site-sidebar-style":"boxed","ast-global-header-display":"","ast-banner-title-visibility":"","ast-main-header-display":"","ast-hfb-above-header-display":"","ast-hfb-below-header-display":"","ast-hfb-mobile-header-display":"","site-post-title":"","ast-breadcrumbs-content":"","ast-featured-img":"","footer-sml-layout":"","ast-disable-related-posts":"","theme-transparent-header-meta":"default","adv-header-id-meta":"","stick-header-meta":"","header-above-stick-meta":"","header-main-stick-meta":"","header-below-stick-meta":"","astra-migrate-meta-layouts":"set","ast-page-background-enabled":"default","ast-page-background-meta":{"desktop":{"background-color":"","background-image":"","background-repeat":"repeat","background-position":"center center","background-size":"auto","background-attachment":"scroll","background-type":"","background-media":"","overlay-type":"","overlay-color":"","overlay-opacity":"","overlay-gradient":""},"tablet":{"background-color":"","background-image":"","background-repeat":"repeat","background-position":"center center","background-size":"auto","background-attachment":"scroll","background-type":"","background-media":"","overlay-type":"","overlay-color":"","overlay-opacity":"","overlay-gradient":""},"mobile":{"background-color":"","background-image":"","background-repeat":"repeat","background-position":"center center","background-size":"auto","background-attachment":"scroll","background-type":"","background-media":"","overlay-type":"","overlay-color":"","overlay-opacity":"","overlay-gradient":""}},"ast-content-background-meta":{"desktop":{"background-color":"var(--ast-global-color-4)","background-image":"","background-repeat":"repeat","background-position":"center center","background-size":"auto","background-attachment":"scroll","background-type":"","background-media":"","overlay-type":"","overlay-color":"","overlay-opacity":"","overlay-gradient":""},"tablet":{"background-color":"var(--ast-global-color-4)","background-image":"","background-repeat":"repeat","background-position":"center center","background-size":"auto","background-attachment":"scroll","background-type":"","background-media":"","overlay-type":"","overlay-color":"","overlay-opacity":"","overlay-gradient":""},"mobile":{"background-color":"var(--ast-global-color-4)","background-image":"","background-repeat":"repeat","background-position":"center center","background-size":"auto","background-attachment":"scroll","background-type":"","background-media":"","overlay-type":"","overlay-color":"","overlay-opacity":"","overlay-gradient":""}},"_joinchat":[]},"product_brand":[],"product_cat":[115,130,39,41,128,42,40,131,129,87,243,43],"product_tag":[245,244,50,61,58,53,52],"class_list":{"0":"post-5865","1":"product","2":"type-product","3":"status-publish","4":"has-post-thumbnail","6":"product_cat-crystal-vape","7":"product_cat-digital-vapes-in-discount-price","8":"product_cat-france-wholesale-vape","9":"product_cat-netherlands-wholesale-vape","10":"product_cat-smart-display","11":"product_cat-spain-wholesale-vape","12":"product_cat-germany-wholesale-vape","13":"product_cat-tornado-vape-wholesale-price-hot-sale","14":"product_cat-tornado-vapes","15":"product_cat-uzy-vapes","16":"product_cat-vape-120000-puffs","17":"product_cat-vape-shop","18":"product_tag-120000-puffs","19":"product_tag-120k-puffs","20":"product_tag-bulk-price-vape-shop","21":"product_tag-good-sales-vape","22":"product_tag-moq-50pcs","23":"product_tag-rechargeable-vape","24":"product_tag-vape-wholesasle-price","25":"desktop-align-left","26":"tablet-align-left","27":"mobile-align-left","29":"first","30":"instock","31":"sale","32":"shipping-taxable","33":"purchasable","34":"product-type-simple"},"yoast_head":"<!-- This site is optimized with the Yoast SEO plugin v27.4 - https:\/\/yoast.com\/product\/yoast-seo-wordpress\/ -->\n<title>UZY Shisha Vape 120K Smart Screen Disposable Bulk Sale - rmvapebang.com<\/title>\n<meta name=\"description\" content=\"UZY 120K Shisha HOOKAH Vape with smart screen, 64ml capacity, adjustable airflow and quad mesh coil for bulk wholesale supply.\" \/>\n<meta name=\"robots\" content=\"index, follow, max-snippet:-1, max-image-preview:large, max-video-preview:-1\" \/>\n<link rel=\"canonical\" href=\"https:\/\/rmvapebang.com\/lv\/products\/uzy-shisha-vape-120k-smart-screen-disposable-bulk-sale\/\" \/>\n<meta property=\"og:locale\" content=\"lv_LV\" \/>\n<meta property=\"og:type\" content=\"article\" \/>\n<meta property=\"og:title\" content=\"UZY Shisha Vape 120K Smart Screen Disposable Bulk Sale - rmvapebang.com\" \/>\n<meta property=\"og:description\" content=\"UZY 120K Shisha HOOKAH Vape with smart screen, 64ml capacity, adjustable airflow and quad mesh coil for bulk wholesale supply.\" \/>\n<meta property=\"og:url\" content=\"https:\/\/rmvapebang.com\/lv\/products\/uzy-shisha-vape-120k-smart-screen-disposable-bulk-sale\/\" \/>\n<meta property=\"og:site_name\" content=\"rmvapebang.com\" \/>\n<meta property=\"article:modified_time\" content=\"2026-04-23T02:48:11+00:00\" \/>\n<meta property=\"og:image\" content=\"http:\/\/rmvapebang.com\/wp-content\/uploads\/2026\/03\/UZY-Shisha-King-120K-Disposable-Vape.webp\" \/>\n\t<meta property=\"og:image:width\" content=\"800\" \/>\n\t<meta property=\"og:image:height\" content=\"800\" \/>\n\t<meta property=\"og:image:type\" content=\"image\/webp\" \/>\n<meta name=\"twitter:card\" content=\"summary_large_image\" \/>\n<meta name=\"twitter:label1\" content=\"Est. reading time\" \/>\n\t<meta name=\"twitter:data1\" content=\"3 min\u016btes\" \/>\n<script type=\"application\/ld+json\" class=\"yoast-schema-graph\">{\"@context\":\"https:\\\/\\\/schema.org\",\"@graph\":[{\"@type\":\"WebPage\",\"@id\":\"https:\\\/\\\/rmvapebang.com\\\/product\\\/uzy-shisha-vape-120k-smart-screen-disposable-bulk-sale\\\/\",\"url\":\"https:\\\/\\\/rmvapebang.com\\\/product\\\/uzy-shisha-vape-120k-smart-screen-disposable-bulk-sale\\\/\",\"name\":\"UZY Shisha Vape 120K Smart Screen Disposable Bulk Sale - rmvapebang.com\",\"isPartOf\":{\"@id\":\"https:\\\/\\\/rmvapebang.com\\\/#website\"},\"primaryImageOfPage\":{\"@id\":\"https:\\\/\\\/rmvapebang.com\\\/product\\\/uzy-shisha-vape-120k-smart-screen-disposable-bulk-sale\\\/#primaryimage\"},\"image\":{\"@id\":\"https:\\\/\\\/rmvapebang.com\\\/product\\\/uzy-shisha-vape-120k-smart-screen-disposable-bulk-sale\\\/#primaryimage\"},\"thumbnailUrl\":\"https:\\\/\\\/rmvapebang.com\\\/wp-content\\\/uploads\\\/2026\\\/03\\\/UZY-Shisha-King-120K-Disposable-Vape.webp\",\"datePublished\":\"2026-03-30T08:11:35+00:00\",\"dateModified\":\"2026-04-23T02:48:11+00:00\",\"description\":\"UZY 120K Shisha HOOKAH Vape with smart screen, 64ml capacity, adjustable airflow and quad mesh coil for bulk wholesale supply.\",\"breadcrumb\":{\"@id\":\"https:\\\/\\\/rmvapebang.com\\\/product\\\/uzy-shisha-vape-120k-smart-screen-disposable-bulk-sale\\\/#breadcrumb\"},\"inLanguage\":\"lv-LV\",\"potentialAction\":[{\"@type\":\"ReadAction\",\"target\":[\"https:\\\/\\\/rmvapebang.com\\\/product\\\/uzy-shisha-vape-120k-smart-screen-disposable-bulk-sale\\\/\"]}]},{\"@type\":\"ImageObject\",\"inLanguage\":\"lv-LV\",\"@id\":\"https:\\\/\\\/rmvapebang.com\\\/product\\\/uzy-shisha-vape-120k-smart-screen-disposable-bulk-sale\\\/#primaryimage\",\"url\":\"https:\\\/\\\/rmvapebang.com\\\/wp-content\\\/uploads\\\/2026\\\/03\\\/UZY-Shisha-King-120K-Disposable-Vape.webp\",\"contentUrl\":\"https:\\\/\\\/rmvapebang.com\\\/wp-content\\\/uploads\\\/2026\\\/03\\\/UZY-Shisha-King-120K-Disposable-Vape.webp\",\"width\":800,\"height\":800,\"caption\":\"120K puffs high capacity rechargeable vape\"},{\"@type\":\"BreadcrumbList\",\"@id\":\"https:\\\/\\\/rmvapebang.com\\\/product\\\/uzy-shisha-vape-120k-smart-screen-disposable-bulk-sale\\\/#breadcrumb\",\"itemListElement\":[{\"@type\":\"ListItem\",\"position\":1,\"name\":\"Home\",\"item\":\"https:\\\/\\\/rmvapebang.com\\\/\"},{\"@type\":\"ListItem\",\"position\":2,\"name\":\"Hot Vape Shop\",\"item\":\"https:\\\/\\\/rmvapebang.com\\\/shop-page\\\/\"},{\"@type\":\"ListItem\",\"position\":3,\"name\":\"UZY Shisha Vape 120K Smart Screen Disposable Bulk Sale\"}]},{\"@type\":\"WebSite\",\"@id\":\"https:\\\/\\\/rmvapebang.com\\\/#website\",\"url\":\"https:\\\/\\\/rmvapebang.com\\\/\",\"name\":\"rmvapebang.com\",\"description\":\"buy vape cheap\",\"publisher\":{\"@id\":\"https:\\\/\\\/rmvapebang.com\\\/#organization\"},\"potentialAction\":[{\"@type\":\"SearchAction\",\"target\":{\"@type\":\"EntryPoint\",\"urlTemplate\":\"https:\\\/\\\/rmvapebang.com\\\/?s={search_term_string}\"},\"query-input\":{\"@type\":\"PropertyValueSpecification\",\"valueRequired\":true,\"valueName\":\"search_term_string\"}}],\"inLanguage\":\"lv-LV\"},{\"@type\":\"Organization\",\"@id\":\"https:\\\/\\\/rmvapebang.com\\\/#organization\",\"name\":\"rmvapebang.com\",\"url\":\"https:\\\/\\\/rmvapebang.com\\\/\",\"logo\":{\"@type\":\"ImageObject\",\"inLanguage\":\"lv-LV\",\"@id\":\"https:\\\/\\\/rmvapebang.com\\\/#\\\/schema\\\/logo\\\/image\\\/\",\"url\":\"https:\\\/\\\/rmvapebang.com\\\/wp-content\\\/uploads\\\/2024\\\/03\\\/cropped-RVBlogo.png\",\"contentUrl\":\"https:\\\/\\\/rmvapebang.com\\\/wp-content\\\/uploads\\\/2024\\\/03\\\/cropped-RVBlogo.png\",\"width\":507,\"height\":169,\"caption\":\"rmvapebang.com\"},\"image\":{\"@id\":\"https:\\\/\\\/rmvapebang.com\\\/#\\\/schema\\\/logo\\\/image\\\/\"}}]}<\/script>\n<!-- \/ Yoast SEO plugin. -->","yoast_head_json":{"title":"UZY Shisha Vape 120K Gudrais ekr\u0101ns Vienreiz\u0113j\u0101s lieto\u0161anas vairumtirdzniec\u012bba - rmvapebang.com","description":"UZY 120K Shisha HOOKAH Vape ar gudru ekr\u0101nu, 64ml ietilp\u012bbu, regul\u0113jamu gaisa pl\u016bsmu un kvadr\u0101tveida re\u017e\u0123a spir\u0101li lielapjoma vairumtirdzniec\u012bbai.","robots":{"index":"index","follow":"follow","max-snippet":"max-snippet:-1","max-image-preview":"max-image-preview:large","max-video-preview":"max-video-preview:-1"},"canonical":"https:\/\/rmvapebang.com\/lv\/products\/uzy-shisha-vape-120k-smart-screen-disposable-bulk-sale\/","og_locale":"lv_LV","og_type":"article","og_title":"UZY Shisha Vape 120K Smart Screen Disposable Bulk Sale - rmvapebang.com","og_description":"UZY 120K Shisha HOOKAH Vape with smart screen, 64ml capacity, adjustable airflow and quad mesh coil for bulk wholesale supply.","og_url":"https:\/\/rmvapebang.com\/lv\/products\/uzy-shisha-vape-120k-smart-screen-disposable-bulk-sale\/","og_site_name":"rmvapebang.com","article_modified_time":"2026-04-23T02:48:11+00:00","og_image":[{"width":800,"height":800,"url":"http:\/\/rmvapebang.com\/wp-content\/uploads\/2026\/03\/UZY-Shisha-King-120K-Disposable-Vape.webp","type":"image\/webp"}],"twitter_card":"summary_large_image","twitter_misc":{"Est. reading time":"3 min\u016btes"},"schema":{"@context":"https:\/\/schema.org","@graph":[{"@type":"WebPage","@id":"https:\/\/rmvapebang.com\/product\/uzy-shisha-vape-120k-smart-screen-disposable-bulk-sale\/","url":"https:\/\/rmvapebang.com\/product\/uzy-shisha-vape-120k-smart-screen-disposable-bulk-sale\/","name":"UZY Shisha Vape 120K Gudrais ekr\u0101ns Vienreiz\u0113j\u0101s lieto\u0161anas vairumtirdzniec\u012bba - rmvapebang.com","isPartOf":{"@id":"https:\/\/rmvapebang.com\/#website"},"primaryImageOfPage":{"@id":"https:\/\/rmvapebang.com\/product\/uzy-shisha-vape-120k-smart-screen-disposable-bulk-sale\/#primaryimage"},"image":{"@id":"https:\/\/rmvapebang.com\/product\/uzy-shisha-vape-120k-smart-screen-disposable-bulk-sale\/#primaryimage"},"thumbnailUrl":"https:\/\/rmvapebang.com\/wp-content\/uploads\/2026\/03\/UZY-Shisha-King-120K-Disposable-Vape.webp","datePublished":"2026-03-30T08:11:35+00:00","dateModified":"2026-04-23T02:48:11+00:00","description":"UZY 120K Shisha HOOKAH Vape ar gudru ekr\u0101nu, 64ml ietilp\u012bbu, regul\u0113jamu gaisa pl\u016bsmu un kvadr\u0101tveida re\u017e\u0123a spir\u0101li lielapjoma vairumtirdzniec\u012bbai.","breadcrumb":{"@id":"https:\/\/rmvapebang.com\/product\/uzy-shisha-vape-120k-smart-screen-disposable-bulk-sale\/#breadcrumb"},"inLanguage":"lv-LV","potentialAction":[{"@type":"ReadAction","target":["https:\/\/rmvapebang.com\/product\/uzy-shisha-vape-120k-smart-screen-disposable-bulk-sale\/"]}]},{"@type":"ImageObject","inLanguage":"lv-LV","@id":"https:\/\/rmvapebang.com\/product\/uzy-shisha-vape-120k-smart-screen-disposable-bulk-sale\/#primaryimage","url":"https:\/\/rmvapebang.com\/wp-content\/uploads\/2026\/03\/UZY-Shisha-King-120K-Disposable-Vape.webp","contentUrl":"https:\/\/rmvapebang.com\/wp-content\/uploads\/2026\/03\/UZY-Shisha-King-120K-Disposable-Vape.webp","width":800,"height":800,"caption":"120K puffs high capacity rechargeable vape"},{"@type":"BreadcrumbList","@id":"https:\/\/rmvapebang.com\/product\/uzy-shisha-vape-120k-smart-screen-disposable-bulk-sale\/#breadcrumb","itemListElement":[{"@type":"ListItem","position":1,"name":"Home","item":"https:\/\/rmvapebang.com\/"},{"@type":"ListItem","position":2,"name":"Hot Vape Shop","item":"https:\/\/rmvapebang.com\/shop-page\/"},{"@type":"ListItem","position":3,"name":"UZY Shisha Vape 120K Smart Screen Disposable Bulk Sale"}]},{"@type":"WebSite","@id":"https:\/\/rmvapebang.com\/#website","url":"https:\/\/rmvapebang.com\/","name":"rmvapebang.com","description":"pirkt vape l\u0113ti","publisher":{"@id":"https:\/\/rmvapebang.com\/#organization"},"potentialAction":[{"@type":"SearchAction","target":{"@type":"EntryPoint","urlTemplate":"https:\/\/rmvapebang.com\/?s={search_term_string}"},"query-input":{"@type":"PropertyValueSpecification","valueRequired":true,"valueName":"search_term_string"}}],"inLanguage":"lv-LV"},{"@type":"Organization","@id":"https:\/\/rmvapebang.com\/#organization","name":"rmvapebang.com","url":"https:\/\/rmvapebang.com\/","logo":{"@type":"ImageObject","inLanguage":"lv-LV","@id":"https:\/\/rmvapebang.com\/#\/schema\/logo\/image\/","url":"https:\/\/rmvapebang.com\/wp-content\/uploads\/2024\/03\/cropped-RVBlogo.png","contentUrl":"https:\/\/rmvapebang.com\/wp-content\/uploads\/2024\/03\/cropped-RVBlogo.png","width":507,"height":169,"caption":"rmvapebang.com"},"image":{"@id":"https:\/\/rmvapebang.com\/#\/schema\/logo\/image\/"}}]}},"uagb_featured_image_src":{"full":["https:\/\/rmvapebang.com\/wp-content\/uploads\/2026\/03\/UZY-Shisha-King-120K-Disposable-Vape.webp",800,800,false],"thumbnail":["https:\/\/rmvapebang.com\/wp-content\/uploads\/2026\/03\/UZY-Shisha-King-120K-Disposable-Vape-150x150.webp",150,150,true],"medium":["https:\/\/rmvapebang.com\/wp-content\/uploads\/2026\/03\/UZY-Shisha-King-120K-Disposable-Vape-300x300.webp",300,300,true],"medium_large":["https:\/\/rmvapebang.com\/wp-content\/uploads\/2026\/03\/UZY-Shisha-King-120K-Disposable-Vape-768x768.webp",768,768,true],"large":["https:\/\/rmvapebang.com\/wp-content\/uploads\/2026\/03\/UZY-Shisha-King-120K-Disposable-Vape.webp",800,800,false],"1536x1536":["https:\/\/rmvapebang.com\/wp-content\/uploads\/2026\/03\/UZY-Shisha-King-120K-Disposable-Vape.webp",800,800,false],"2048x2048":["https:\/\/rmvapebang.com\/wp-content\/uploads\/2026\/03\/UZY-Shisha-King-120K-Disposable-Vape.webp",800,800,false],"trp-custom-language-flag":["https:\/\/rmvapebang.com\/wp-content\/uploads\/2026\/03\/UZY-Shisha-King-120K-Disposable-Vape-12x12.webp",12,12,true],"woocommerce_thumbnail":["https:\/\/rmvapebang.com\/wp-content\/uploads\/2026\/03\/UZY-Shisha-King-120K-Disposable-Vape-300x300.webp",300,300,true],"woocommerce_single":["https:\/\/rmvapebang.com\/wp-content\/uploads\/2026\/03\/UZY-Shisha-King-120K-Disposable-Vape-600x600.webp",600,600,true],"woocommerce_gallery_thumbnail":["https:\/\/rmvapebang.com\/wp-content\/uploads\/2026\/03\/UZY-Shisha-King-120K-Disposable-Vape-100x100.webp",100,100,true],"wcpr-photo-reviews":["https:\/\/rmvapebang.com\/wp-content\/uploads\/2026\/03\/UZY-Shisha-King-120K-Disposable-Vape.webp",500,500,false]},"uagb_author_info":{"display_name":"Lyn","author_link":"https:\/\/rmvapebang.com\/lv\/author\/"},"uagb_comment_info":0,"uagb_excerpt":"NOTE: Prices on the website don\u2019t include shipping fee. Please send your zip code and address that we can check shipping costs for you. UZY Shisha Vape 120K delivers ultra-long performance with smart screen monitoring, quad mesh coil and smooth consistent flavor. Designed for wholesale buyers across Europe seeking high-capacity disposable vape solutions. Whatsapp:+86 17840853976&hellip;","_links":{"self":[{"href":"https:\/\/rmvapebang.com\/lv\/wp-json\/wp\/v2\/product\/5865","targetHints":{"allow":["GET"]}}],"collection":[{"href":"https:\/\/rmvapebang.com\/lv\/wp-json\/wp\/v2\/product"}],"about":[{"href":"https:\/\/rmvapebang.com\/lv\/wp-json\/wp\/v2\/types\/product"}],"replies":[{"embeddable":true,"href":"https:\/\/rmvapebang.com\/lv\/wp-json\/wp\/v2\/comments?post=5865"}],"wp:featuredmedia":[{"embeddable":true,"href":"https:\/\/rmvapebang.com\/lv\/wp-json\/wp\/v2\/media\/5851"}],"wp:attachment":[{"href":"https:\/\/rmvapebang.com\/lv\/wp-json\/wp\/v2\/media?parent=5865"}],"wp:term":[{"taxonomy":"product_brand","embeddable":true,"href":"https:\/\/rmvapebang.com\/lv\/wp-json\/wp\/v2\/product_brand?post=5865"},{"taxonomy":"product_cat","embeddable":true,"href":"https:\/\/rmvapebang.com\/lv\/wp-json\/wp\/v2\/product_cat?post=5865"},{"taxonomy":"product_tag","embeddable":true,"href":"https:\/\/rmvapebang.com\/lv\/wp-json\/wp\/v2\/product_tag?post=5865"}],"curies":[{"name":"wp","href":"https:\/\/api.w.org\/{rel}","templated":true}]}}