{"id":5720,"date":"2026-03-02T11:02:25","date_gmt":"2026-03-02T03:02:25","guid":{"rendered":"https:\/\/rmvapebang.com\/?post_type=product&#038;p=5720"},"modified":"2026-04-06T19:38:57","modified_gmt":"2026-04-06T11:38:57","slug":"hifancy-rainbow-25000-puffs-rechargeable-disposable-vape","status":"publish","type":"product","link":"https:\/\/rmvapebang.com\/lv\/product\/hifancy-rainbow-25000-puffs-rechargeable-disposable-vape\/","title":{"rendered":"HIFANCY Rainbow 25000 pufa uzl\u0101d\u0113jams vienreiz\u0113js vape"},"content":{"rendered":"<h2 data-pm-slice=\"1 1 []\">HIFANCY Rainbow 25000 pufa uzl\u0101d\u0113jams vienreiz\u0113js vape<\/h2>\n<p>HIFANCY Rainbow 25000 Puffs Uzl\u0101d\u0113jama Vienreiz\u0113j\u0101s lieto\u0161anas Vape ir piepras\u012bts 25 t\u016bksto\u0161u puffs vienreiz\u0113j\u0101s lieto\u0161anas vape vairumtirdzniec\u012bbas modelis, kas izstr\u0101d\u0101ts izplat\u012bt\u0101jiem un vape mazumtirgot\u0101jiem. <a href=\"https:\/\/rmvapebang.com\/lv\/product-category\/hifancy-vapes\/\"><em><strong>Vape HIFANCY Rainbow<\/strong><\/em><\/a> l\u012bdz 25000 puffs, liela 32ml e-\u0161\u0137idruma ietilp\u012bba un 800mAh uzl\u0101d\u0113jama akumulators, <a href=\"https:\/\/rmvapebang.com\/lv\/product-category\/vape-25000-puffs\/\"><em><strong>25000 puffs vienreiz\u0113jais vape<\/strong><\/em><\/a> nodro\u0161ina ilgu kalpo\u0161anas laiku, kas veicina atk\u0101rtotas p\u0101rdo\u0161anas.<\/p>\n<p>Gudrais ekr\u0101na vienreiz\u0113j\u0101s lieto\u0161anas vape ar pilnu <strong><em><a href=\"https:\/\/rmvapebang.com\/lv\/product-category\/smart-display\/\">ekr\u0101na gudro displeju<\/a><\/em><\/strong> un diviem apkures re\u017e\u012bmiem pied\u0101v\u0101 stabilu izvadi un konsekventu gar\u0161u, padarot to par uzticamu vairumtirdzniec\u012bbas produktu Eiropas tirg\u016b.<\/p>\n<p>Ja mekl\u0113jat konkur\u0113tsp\u0113j\u012bgu uzl\u0101d\u0113jamu vienreiz\u0113j\u0101s lieto\u0161anas vape pieg\u0101d\u0101t\u0101ju, <a href=\"https:\/\/rmvapebang.com\/lv\/product-category\/hifancy-vapes\/\"><strong><em>HIFANCY Rainbow<\/em><\/strong><\/a> 25K ir ide\u0101la izv\u0113le vairumtirdzniec\u012bbas pas\u016bt\u012bjumiem ar sp\u0113c\u012bgu p\u0101rdo\u0161anas potenci\u0101lu un stabilu pe\u013c\u0146as mar\u017eu.<\/p>\n<figure id=\"attachment_5702\" aria-describedby=\"caption-attachment-5702\" style=\"width: 800px\" class=\"wp-caption alignnone\"><img loading=\"lazy\" decoding=\"async\" class=\"wp-image-5702 size-full\" src=\"http:\/\/rmvapebang.com\/wp-content\/uploads\/2026\/02\/Fruit-Ice-Flavor-Disposable-Vape-25K.webp\" alt=\"Premium aug\u013cu ledus arom\u0101ts HIFANCY Rainbow 25K p\u016btieniem vienreizlietojamais vape\" width=\"800\" height=\"750\" srcset=\"https:\/\/rmvapebang.com\/wp-content\/uploads\/2026\/02\/Fruit-Ice-Flavor-Disposable-Vape-25K.webp 800w, https:\/\/rmvapebang.com\/wp-content\/uploads\/2026\/02\/Fruit-Ice-Flavor-Disposable-Vape-25K-300x281.webp 300w, https:\/\/rmvapebang.com\/wp-content\/uploads\/2026\/02\/Fruit-Ice-Flavor-Disposable-Vape-25K-768x720.webp 768w, https:\/\/rmvapebang.com\/wp-content\/uploads\/2026\/02\/Fruit-Ice-Flavor-Disposable-Vape-25K-13x12.webp 13w, https:\/\/rmvapebang.com\/wp-content\/uploads\/2026\/02\/Fruit-Ice-Flavor-Disposable-Vape-25K-600x563.webp 600w\" sizes=\"auto, (max-width: 800px) 100vw, 800px\" \/><figcaption id=\"caption-attachment-5702\" class=\"wp-caption-text\">Augstas kvalit\u0101tes aug\u013cu arom\u0101ta gudrs ekr\u0101na vienreiz\u0113j\u0101s lieto\u0161anas vape ikdienas vapingam<\/figcaption><\/figure>\n<h2 data-start=\"815\" data-end=\"866\">HIFANCY Rainbow 25000 Puffs Vape arom\u0101tu saraksts<\/h2>\n<p>1. Meln\u0101 j\u0101\u0146ogu v\u012bnogu ledus<br \/>\n2. Mellenes, zemenes, citrona limon\u0101de<br \/>\n3. Melle\u0146u Ledus<br \/>\n4. Ener\u0123ijas Redbull<br \/>\n5. Arb\u016bzu ledus<br \/>\n6. Zeme\u0146u arb\u016bzs<br \/>\n7. Sajaukts ogu piparm\u0113tra<br \/>\n8. Persiks, ananass, apels\u012bns<br \/>\n9. Zeme\u0146u, mango, ban\u0101ns<br \/>\n10. Citronu \u0137irsis<\/p>\n<h2 data-start=\"1030\" data-end=\"1085\">Atsl\u0113ga vienreizlietojamam vape 25000 puffs<\/h2>\n<ul>\n<li>\ud83d\udd0b 800mAh uzl\u0101d\u0113jama akumulators \u2013 Type-C uzl\u0101de atbalsta ilgsto\u0161as sesijas<\/li>\n<li>\ud83d\udca8 25000 puffs izvads \u2013 Liels puffs vienreizlietojams vape sm\u0113\u0137is smagiem lietot\u0101jiem<\/li>\n<li>\ud83e\uddca Divi apkures re\u017e\u012bmi \u2013 Gluds vai stipr\u0101ks gar\u0161as kontroles re\u017e\u012bms<\/li>\n<li>\ud83d\udcf1 Pilna ekr\u0101na displejs \u2013 Gudrs ekr\u0101na vienreizlietojams vape ar skaidru datu skat\u012bjumu<\/li>\n<li>\ud83e\uddc3 32ML augstas ietilp\u012bbas \u2013 Ilgsto\u0161a vienreizlietojama vape pieredze<\/li>\n<li>\u26a1 Stabilas jaudas sist\u0113ma \u2013 Konsekvents tvaiks no s\u0101kuma l\u012bdz beig\u0101m<\/li>\n<li>\ud83c\udfaf Regul\u0113jama pieredze \u2013 Izstr\u0101d\u0101ts m\u016bsdienu tehnolo\u0123iju vienreizlietojamiem vape lietot\u0101jiem<\/li>\n<\/ul>\n<h2 data-start=\"1650\" data-end=\"1703\">K\u0101p\u0113c izv\u0113l\u0113ties HIFANCY Rainbow 25K Puff Vape<\/h2>\n<ul>\n<li>Augstas ietilp\u012bbas dizains, izstr\u0101d\u0101ts Latvijas pieaugu\u0161o vaping paradumiem<\/li>\n<li>Gudrs displejs uzlabo kontroli un ikdienas \u0113rt\u012bbas<\/li>\n<li>Liels puffs vienreizlietojams vape ar sabalans\u0113tu gaisa pl\u016bsmas veiktsp\u0113ju<\/li>\n<li>M\u016bsdien\u012bgs kr\u0101sains ier\u012bces, piem\u0113rots augstas kvalit\u0101tes aug\u013cu gar\u0161u faniem<\/li>\n<\/ul>\n<h2 data-start=\"1978\" data-end=\"2027\">Bie\u017e\u0101k uzdotie jaut\u0101jumi par High Puff Disposable 25k Vape<\/h2>\n<p><strong>Q1: Kam ir piem\u0113rots \u0161is 25k vape?<\/strong><br \/>\nA1: Pieaugu\u0161ajiem lietot\u0101jiem, kas mekl\u0113 ilgi kalpojo\u0161u uzl\u0101d\u0113jamu vienreizlietojamu vape ar stabilu gar\u0161u.<\/p>\n<p><strong>Q2: Vai HIFANCY Rainbow 25K ir uzl\u0101d\u0113jams?<\/strong><br \/>\nA2: J\u0101, 25K puffs ir ar 800mAh akumulatoru un Type-C uzl\u0101di.<\/p>\n<p><strong>Q3: Kas padara gudru ekr\u0101na vienreizlietojamu vape at\u0161\u0137ir\u012bgu?<\/strong><br \/>\nA3: Pilns ekr\u0101ns skaidri r\u0101da akumulatora l\u012bmeni un darba statusu.<\/p>\n<p><strong>Q4: Vai \u0161is augstais p\u016bt\u0113js 25k vienreizlietojamais vape atbalsta da\u017e\u0101dus re\u017e\u012bmus?<\/strong><br \/>\nA4: J\u0101, divi sild\u012b\u0161anas re\u017e\u012bmi \u013cauj ieg\u016bt glud\u0101ku vai stipr\u0101ku tvaiku.<\/p>\n<p><strong>Sazinieties ar Linu, lai sa\u0146emtu vair\u0101k produktu video!<\/strong><\/p>\n<p><a href=\"https:\/\/wa.me\/8617840853976\"><span style=\"color: #ff6600\"><strong><em>WhatsApp:+86 17840853976<\/em><\/strong><\/span><\/a><\/p>\n<p><img loading=\"lazy\" decoding=\"async\" class=\"alignnone size-medium wp-image-1905\" src=\"http:\/\/rmvapebang.com\/wp-content\/uploads\/2024\/03\/whatsapp-vape-2-202x300.jpg\" alt=\"\" width=\"202\" height=\"300\" \/><\/p>\n<p>Atrodiet vair\u0101k produktu, kas jums var\u0113tu patikt:<a href=\"https:\/\/rmvapebang.com\/lv\/shop-page\/\"><strong><em>Iepirkties tagad<\/em><\/strong><\/a><\/p>\n<p>citas p\u016b\u0161anas, kas jums var\u0113tu patikt:<\/p>\n<p><a href=\"https:\/\/rmvapebang.com\/lv\/product\/hifancy-legend-20000-smart-screen-rechargeable-disposable-vape\/\">HIFANCY Legend 20000 Gudr\u0101 ekr\u0101na vienreizlietojamais vape p\u016btieni<\/a><\/p>\n<p><a href=\"https:\/\/rmvapebang.com\/lv\/product\/uwin-digital-68000-puffs-disposable-vape-with-smart-screen-type-c-rechargeable\/\">Uwin Digital 68000 D\u016bmu Vienreiz\u0113j\u0101 Vape ar gudru ekr\u0101nu - lab\u0101ka p\u0101rdo\u0161anas prece<\/a><\/p>\n<p><a href=\"https:\/\/rmvapebang.com\/lv\/product\/vapme-crystal-48000-puffs-long-lasting-rechargeable-disposable-vape\/\">48000 d\u016bmu ar uzl\u0101d\u0113jamu akumulatoru vapme vape par labu cenu<\/a><\/p>","protected":false},"excerpt":{"rendered":"<p><span style=\"color: #ff0000\"><strong>PIEZ\u012aME<\/strong>:\u00a0<em>Pri<\/em>Cenas m\u0101jaslap\u0101 neietver pieg\u0101des maksu. L\u016bdzu, ats\u016btiet savu pasta indeksu un adresi, lai m\u0113s var\u0113tu p\u0101rbaud\u012bt pieg\u0101des izmaksas.<\/span><\/p>\n<p data-start=\"126\" data-end=\"385\">HIFANCY Rainbow 25K ir ilgi kalpojo\u0161s vienreiz\u0113j\u0101s lieto\u0161anas vape, kas izstr\u0101d\u0101ts m\u016bsdienu pieaugu\u0161o lietot\u0101jiem, kuri dod priek\u0161roku augstas kvalit\u0101tes aug\u013cu arom\u0101ta vienreiz\u0113j\u0101s lieto\u0161anas vape ar tehnolo\u0123isk\u0101m funkcij\u0101m. Gudrais displejs, uzl\u0101d\u0113jama akumulators un augstas ietilp\u012bbas strukt\u016bra padara to par sp\u0113c\u012bgu izv\u0113li Eiropas tirgos, mekl\u0113jot uzticamu m\u016bsdien\u012bgu kr\u0101sainu vape ar konsekventu veiktsp\u0113ju.<\/p>\n<p><a href=\"https:\/\/wa.me\/8617840853976\"><strong><em>WhatsApp:+86 17840853976<\/em><\/strong><\/a><br \/>\nSken\u0113jiet WhatsApp, lai sa\u0146emtu kuponu jaunajiem klientiem<\/p>\n<p><img loading=\"lazy\" decoding=\"async\" class=\"alignnone size-medium wp-image-1905\" src=\"http:\/\/rmvapebang.com\/wp-content\/uploads\/2024\/03\/whatsapp-vape-2-202x300.jpg\" alt=\"\" width=\"202\" height=\"300\" \/><\/p>","protected":false},"featured_media":5703,"comment_status":"open","ping_status":"closed","template":"","meta":{"_uag_custom_page_level_css":"","_lmt_disableupdate":"no","_lmt_disable":"","site-sidebar-layout":"no-sidebar","site-content-layout":"boxed-container","ast-site-content-layout":"normal-width-container","site-content-style":"boxed","site-sidebar-style":"boxed","ast-global-header-display":"","ast-banner-title-visibility":"","ast-main-header-display":"","ast-hfb-above-header-display":"","ast-hfb-below-header-display":"","ast-hfb-mobile-header-display":"","site-post-title":"","ast-breadcrumbs-content":"","ast-featured-img":"","footer-sml-layout":"","theme-transparent-header-meta":"default","adv-header-id-meta":"","stick-header-meta":"","header-above-stick-meta":"","header-main-stick-meta":"","header-below-stick-meta":"","astra-migrate-meta-layouts":"set","ast-page-background-enabled":"default","ast-page-background-meta":{"desktop":{"background-color":"","background-image":"","background-repeat":"repeat","background-position":"center center","background-size":"auto","background-attachment":"scroll","background-type":"","background-media":"","overlay-type":"","overlay-color":"","overlay-gradient":""},"tablet":{"background-color":"","background-image":"","background-repeat":"repeat","background-position":"center center","background-size":"auto","background-attachment":"scroll","background-type":"","background-media":"","overlay-type":"","overlay-color":"","overlay-gradient":""},"mobile":{"background-color":"","background-image":"","background-repeat":"repeat","background-position":"center center","background-size":"auto","background-attachment":"scroll","background-type":"","background-media":"","overlay-type":"","overlay-color":"","overlay-gradient":""}},"ast-content-background-meta":{"desktop":{"background-color":"var(--ast-global-color-5)","background-image":"","background-repeat":"repeat","background-position":"center center","background-size":"auto","background-attachment":"scroll","background-type":"","background-media":"","overlay-type":"","overlay-color":"","overlay-gradient":""},"tablet":{"background-color":"var(--ast-global-color-5)","background-image":"","background-repeat":"repeat","background-position":"center center","background-size":"auto","background-attachment":"scroll","background-type":"","background-media":"","overlay-type":"","overlay-color":"","overlay-gradient":""},"mobile":{"background-color":"var(--ast-global-color-5)","background-image":"","background-repeat":"repeat","background-position":"center center","background-size":"auto","background-attachment":"scroll","background-type":"","background-media":"","overlay-type":"","overlay-color":"","overlay-gradient":""}},"_joinchat":{"telephone":"+8617840853976"}},"product_brand":[],"product_cat":[15,130,39,293,41,128,42,40,80,43],"product_tag":[93,94,123,50,61,58,53,52],"class_list":{"0":"post-5720","1":"product","2":"type-product","3":"status-publish","4":"has-post-thumbnail","6":"product_cat-eu-warehouse","7":"product_cat-digital-vapes-in-discount-price","8":"product_cat-france-wholesale-vape","9":"product_cat-hifancy-vapes","10":"product_cat-netherlands-wholesale-vape","11":"product_cat-smart-display","12":"product_cat-spain-wholesale-vape","13":"product_cat-germany-wholesale-vape","14":"product_cat-vape-25000-puffs","15":"product_cat-vape-shop","16":"product_tag-25000-puffs","17":"product_tag-25k-puffs","18":"product_tag-25k-vape","19":"product_tag-bulk-price-vape-shop","20":"product_tag-good-sales-vape","21":"product_tag-moq-50pcs","22":"product_tag-rechargeable-vape","23":"product_tag-vape-wholesasle-price","24":"desktop-align-left","25":"tablet-align-left","26":"mobile-align-left","28":"first","29":"instock","30":"sale","31":"shipping-taxable","32":"purchasable","33":"product-type-simple"},"yoast_head":"<!-- This site is optimized with the Yoast SEO plugin v23.0 - https:\/\/yoast.com\/wordpress\/plugins\/seo\/ -->\n<title>HIFANCY Rainbow 25000 Puffs Rechargeable Disposable Vape - rmvapebang.com<\/title>\n<meta name=\"description\" content=\"HIFANCY Rainbow 25000 Puffs rechargeable disposable vape with smart screen, dual modes and high capacity design for long lasting adult vaping.\" \/>\n<meta name=\"robots\" content=\"index, follow, max-snippet:-1, max-image-preview:large, max-video-preview:-1\" \/>\n<link rel=\"canonical\" href=\"https:\/\/rmvapebang.com\/lv\/product\/hifancy-rainbow-25000-puffs-rechargeable-disposable-vape\/\" \/>\n<meta property=\"og:locale\" content=\"lv_LV\" \/>\n<meta property=\"og:type\" content=\"article\" \/>\n<meta property=\"og:title\" content=\"HIFANCY Rainbow 25000 Puffs Rechargeable Disposable Vape - rmvapebang.com\" \/>\n<meta property=\"og:description\" content=\"HIFANCY Rainbow 25000 Puffs rechargeable disposable vape with smart screen, dual modes and high capacity design for long lasting adult vaping.\" \/>\n<meta property=\"og:url\" content=\"https:\/\/rmvapebang.com\/lv\/product\/hifancy-rainbow-25000-puffs-rechargeable-disposable-vape\/\" \/>\n<meta property=\"og:site_name\" content=\"rmvapebang.com\" \/>\n<meta property=\"article:modified_time\" content=\"2026-04-06T11:38:57+00:00\" \/>\n<meta property=\"og:image\" content=\"http:\/\/rmvapebang.com\/wp-content\/uploads\/2026\/02\/HIFANCY-Rainbow-25K-Smart-Screen-Disposable-Vape.webp\" \/>\n\t<meta property=\"og:image:width\" content=\"800\" \/>\n\t<meta property=\"og:image:height\" content=\"800\" \/>\n\t<meta property=\"og:image:type\" content=\"image\/webp\" \/>\n<meta name=\"twitter:card\" content=\"summary_large_image\" \/>\n<meta name=\"twitter:label1\" content=\"Est. reading time\" \/>\n\t<meta name=\"twitter:data1\" content=\"3 min\u016btes\" \/>\n<script type=\"application\/ld+json\" class=\"yoast-schema-graph\">{\"@context\":\"https:\/\/schema.org\",\"@graph\":[{\"@type\":\"WebPage\",\"@id\":\"https:\/\/rmvapebang.com\/product\/hifancy-rainbow-25000-puffs-rechargeable-disposable-vape\/\",\"url\":\"https:\/\/rmvapebang.com\/product\/hifancy-rainbow-25000-puffs-rechargeable-disposable-vape\/\",\"name\":\"HIFANCY Rainbow 25000 Puffs Rechargeable Disposable Vape - rmvapebang.com\",\"isPartOf\":{\"@id\":\"https:\/\/rmvapebang.com\/#website\"},\"primaryImageOfPage\":{\"@id\":\"https:\/\/rmvapebang.com\/product\/hifancy-rainbow-25000-puffs-rechargeable-disposable-vape\/#primaryimage\"},\"image\":{\"@id\":\"https:\/\/rmvapebang.com\/product\/hifancy-rainbow-25000-puffs-rechargeable-disposable-vape\/#primaryimage\"},\"thumbnailUrl\":\"https:\/\/rmvapebang.com\/wp-content\/uploads\/2026\/02\/HIFANCY-Rainbow-25K-Smart-Screen-Disposable-Vape.webp\",\"datePublished\":\"2026-03-02T03:02:25+00:00\",\"dateModified\":\"2026-04-06T11:38:57+00:00\",\"description\":\"HIFANCY Rainbow 25000 Puffs rechargeable disposable vape with smart screen, dual modes and high capacity design for long lasting adult vaping.\",\"breadcrumb\":{\"@id\":\"https:\/\/rmvapebang.com\/product\/hifancy-rainbow-25000-puffs-rechargeable-disposable-vape\/#breadcrumb\"},\"inLanguage\":\"lv-LV\",\"potentialAction\":[{\"@type\":\"ReadAction\",\"target\":[\"https:\/\/rmvapebang.com\/product\/hifancy-rainbow-25000-puffs-rechargeable-disposable-vape\/\"]}]},{\"@type\":\"ImageObject\",\"inLanguage\":\"lv-LV\",\"@id\":\"https:\/\/rmvapebang.com\/product\/hifancy-rainbow-25000-puffs-rechargeable-disposable-vape\/#primaryimage\",\"url\":\"https:\/\/rmvapebang.com\/wp-content\/uploads\/2026\/02\/HIFANCY-Rainbow-25K-Smart-Screen-Disposable-Vape.webp\",\"contentUrl\":\"https:\/\/rmvapebang.com\/wp-content\/uploads\/2026\/02\/HIFANCY-Rainbow-25K-Smart-Screen-Disposable-Vape.webp\",\"width\":800,\"height\":800,\"caption\":\"25k puffs disposable vape with smart display and rechargeable design\"},{\"@type\":\"BreadcrumbList\",\"@id\":\"https:\/\/rmvapebang.com\/product\/hifancy-rainbow-25000-puffs-rechargeable-disposable-vape\/#breadcrumb\",\"itemListElement\":[{\"@type\":\"ListItem\",\"position\":1,\"name\":\"Home\",\"item\":\"https:\/\/rmvapebang.com\/\"},{\"@type\":\"ListItem\",\"position\":2,\"name\":\"Hot Vape Shop\",\"item\":\"https:\/\/rmvapebang.com\/shop-page\/\"},{\"@type\":\"ListItem\",\"position\":3,\"name\":\"HIFANCY Rainbow 25000 Puffs Rechargeable Disposable Vape\"}]},{\"@type\":\"WebSite\",\"@id\":\"https:\/\/rmvapebang.com\/#website\",\"url\":\"https:\/\/rmvapebang.com\/\",\"name\":\"rmvapebang.com\",\"description\":\"buy vape cheap\",\"publisher\":{\"@id\":\"https:\/\/rmvapebang.com\/#organization\"},\"potentialAction\":[{\"@type\":\"SearchAction\",\"target\":{\"@type\":\"EntryPoint\",\"urlTemplate\":\"https:\/\/rmvapebang.com\/?s={search_term_string}\"},\"query-input\":\"required name=search_term_string\"}],\"inLanguage\":\"lv-LV\"},{\"@type\":\"Organization\",\"@id\":\"https:\/\/rmvapebang.com\/#organization\",\"name\":\"rmvapebang.com\",\"url\":\"https:\/\/rmvapebang.com\/\",\"logo\":{\"@type\":\"ImageObject\",\"inLanguage\":\"lv-LV\",\"@id\":\"https:\/\/rmvapebang.com\/#\/schema\/logo\/image\/\",\"url\":\"https:\/\/rmvapebang.com\/wp-content\/uploads\/2024\/03\/cropped-RVBlogo.png\",\"contentUrl\":\"https:\/\/rmvapebang.com\/wp-content\/uploads\/2024\/03\/cropped-RVBlogo.png\",\"width\":507,\"height\":169,\"caption\":\"rmvapebang.com\"},\"image\":{\"@id\":\"https:\/\/rmvapebang.com\/#\/schema\/logo\/image\/\"}}]}<\/script>\n<!-- \/ Yoast SEO plugin. -->","yoast_head_json":{"title":"HIFANCY Rainbow 25000 Puffs Rechargeable Disposable Vape - rmvapebang.com","description":"HIFANCY Rainbow 25000 Puffs rechargeable disposable vape with smart screen, dual modes and high capacity design for long lasting adult vaping.","robots":{"index":"index","follow":"follow","max-snippet":"max-snippet:-1","max-image-preview":"max-image-preview:large","max-video-preview":"max-video-preview:-1"},"canonical":"https:\/\/rmvapebang.com\/lv\/product\/hifancy-rainbow-25000-puffs-rechargeable-disposable-vape\/","og_locale":"lv_LV","og_type":"article","og_title":"HIFANCY Rainbow 25000 Puffs Rechargeable Disposable Vape - rmvapebang.com","og_description":"HIFANCY Rainbow 25000 Puffs rechargeable disposable vape with smart screen, dual modes and high capacity design for long lasting adult vaping.","og_url":"https:\/\/rmvapebang.com\/lv\/product\/hifancy-rainbow-25000-puffs-rechargeable-disposable-vape\/","og_site_name":"rmvapebang.com","article_modified_time":"2026-04-06T11:38:57+00:00","og_image":[{"width":800,"height":800,"url":"http:\/\/rmvapebang.com\/wp-content\/uploads\/2026\/02\/HIFANCY-Rainbow-25K-Smart-Screen-Disposable-Vape.webp","type":"image\/webp"}],"twitter_card":"summary_large_image","twitter_misc":{"Est. reading time":"3 min\u016btes"},"schema":{"@context":"https:\/\/schema.org","@graph":[{"@type":"WebPage","@id":"https:\/\/rmvapebang.com\/product\/hifancy-rainbow-25000-puffs-rechargeable-disposable-vape\/","url":"https:\/\/rmvapebang.com\/product\/hifancy-rainbow-25000-puffs-rechargeable-disposable-vape\/","name":"HIFANCY Rainbow 25000 Puffs Rechargeable Disposable Vape - rmvapebang.com","isPartOf":{"@id":"https:\/\/rmvapebang.com\/#website"},"primaryImageOfPage":{"@id":"https:\/\/rmvapebang.com\/product\/hifancy-rainbow-25000-puffs-rechargeable-disposable-vape\/#primaryimage"},"image":{"@id":"https:\/\/rmvapebang.com\/product\/hifancy-rainbow-25000-puffs-rechargeable-disposable-vape\/#primaryimage"},"thumbnailUrl":"https:\/\/rmvapebang.com\/wp-content\/uploads\/2026\/02\/HIFANCY-Rainbow-25K-Smart-Screen-Disposable-Vape.webp","datePublished":"2026-03-02T03:02:25+00:00","dateModified":"2026-04-06T11:38:57+00:00","description":"HIFANCY Rainbow 25000 Puffs rechargeable disposable vape with smart screen, dual modes and high capacity design for long lasting adult vaping.","breadcrumb":{"@id":"https:\/\/rmvapebang.com\/product\/hifancy-rainbow-25000-puffs-rechargeable-disposable-vape\/#breadcrumb"},"inLanguage":"lv-LV","potentialAction":[{"@type":"ReadAction","target":["https:\/\/rmvapebang.com\/product\/hifancy-rainbow-25000-puffs-rechargeable-disposable-vape\/"]}]},{"@type":"ImageObject","inLanguage":"lv-LV","@id":"https:\/\/rmvapebang.com\/product\/hifancy-rainbow-25000-puffs-rechargeable-disposable-vape\/#primaryimage","url":"https:\/\/rmvapebang.com\/wp-content\/uploads\/2026\/02\/HIFANCY-Rainbow-25K-Smart-Screen-Disposable-Vape.webp","contentUrl":"https:\/\/rmvapebang.com\/wp-content\/uploads\/2026\/02\/HIFANCY-Rainbow-25K-Smart-Screen-Disposable-Vape.webp","width":800,"height":800,"caption":"25k puffs disposable vape with smart display and rechargeable design"},{"@type":"BreadcrumbList","@id":"https:\/\/rmvapebang.com\/product\/hifancy-rainbow-25000-puffs-rechargeable-disposable-vape\/#breadcrumb","itemListElement":[{"@type":"ListItem","position":1,"name":"Home","item":"https:\/\/rmvapebang.com\/"},{"@type":"ListItem","position":2,"name":"Hot Vape Shop","item":"https:\/\/rmvapebang.com\/shop-page\/"},{"@type":"ListItem","position":3,"name":"HIFANCY Rainbow 25000 Puffs Rechargeable Disposable Vape"}]},{"@type":"WebSite","@id":"https:\/\/rmvapebang.com\/#website","url":"https:\/\/rmvapebang.com\/","name":"rmvapebang.com","description":"buy vape cheap","publisher":{"@id":"https:\/\/rmvapebang.com\/#organization"},"potentialAction":[{"@type":"SearchAction","target":{"@type":"EntryPoint","urlTemplate":"https:\/\/rmvapebang.com\/?s={search_term_string}"},"query-input":"required name=search_term_string"}],"inLanguage":"lv-LV"},{"@type":"Organization","@id":"https:\/\/rmvapebang.com\/#organization","name":"rmvapebang.com","url":"https:\/\/rmvapebang.com\/","logo":{"@type":"ImageObject","inLanguage":"lv-LV","@id":"https:\/\/rmvapebang.com\/#\/schema\/logo\/image\/","url":"https:\/\/rmvapebang.com\/wp-content\/uploads\/2024\/03\/cropped-RVBlogo.png","contentUrl":"https:\/\/rmvapebang.com\/wp-content\/uploads\/2024\/03\/cropped-RVBlogo.png","width":507,"height":169,"caption":"rmvapebang.com"},"image":{"@id":"https:\/\/rmvapebang.com\/#\/schema\/logo\/image\/"}}]}},"uagb_featured_image_src":{"full":["https:\/\/rmvapebang.com\/wp-content\/uploads\/2026\/02\/HIFANCY-Rainbow-25K-Smart-Screen-Disposable-Vape.webp",800,800,false],"thumbnail":["https:\/\/rmvapebang.com\/wp-content\/uploads\/2026\/02\/HIFANCY-Rainbow-25K-Smart-Screen-Disposable-Vape-150x150.webp",150,150,true],"medium":["https:\/\/rmvapebang.com\/wp-content\/uploads\/2026\/02\/HIFANCY-Rainbow-25K-Smart-Screen-Disposable-Vape-300x300.webp",300,300,true],"medium_large":["https:\/\/rmvapebang.com\/wp-content\/uploads\/2026\/02\/HIFANCY-Rainbow-25K-Smart-Screen-Disposable-Vape-768x768.webp",768,768,true],"large":["https:\/\/rmvapebang.com\/wp-content\/uploads\/2026\/02\/HIFANCY-Rainbow-25K-Smart-Screen-Disposable-Vape.webp",800,800,false],"1536x1536":["https:\/\/rmvapebang.com\/wp-content\/uploads\/2026\/02\/HIFANCY-Rainbow-25K-Smart-Screen-Disposable-Vape.webp",800,800,false],"2048x2048":["https:\/\/rmvapebang.com\/wp-content\/uploads\/2026\/02\/HIFANCY-Rainbow-25K-Smart-Screen-Disposable-Vape.webp",800,800,false],"trp-custom-language-flag":["https:\/\/rmvapebang.com\/wp-content\/uploads\/2026\/02\/HIFANCY-Rainbow-25K-Smart-Screen-Disposable-Vape-12x12.webp",12,12,true],"woocommerce_thumbnail":["https:\/\/rmvapebang.com\/wp-content\/uploads\/2026\/02\/HIFANCY-Rainbow-25K-Smart-Screen-Disposable-Vape-300x300.webp",300,300,true],"woocommerce_single":["https:\/\/rmvapebang.com\/wp-content\/uploads\/2026\/02\/HIFANCY-Rainbow-25K-Smart-Screen-Disposable-Vape-600x600.webp",600,600,true],"woocommerce_gallery_thumbnail":["https:\/\/rmvapebang.com\/wp-content\/uploads\/2026\/02\/HIFANCY-Rainbow-25K-Smart-Screen-Disposable-Vape-100x100.webp",100,100,true],"wcpr-photo-reviews":["https:\/\/rmvapebang.com\/wp-content\/uploads\/2026\/02\/HIFANCY-Rainbow-25K-Smart-Screen-Disposable-Vape.webp",500,500,false]},"uagb_author_info":{"display_name":"Lyn","author_link":"https:\/\/rmvapebang.com\/lv\/author\/"},"uagb_comment_info":0,"uagb_excerpt":"NOTE:\u00a0Prices on the website don\u2019t include shipping fee. Please send your zip code and address that we can check shipping costs for you. HIFANCY Rainbow 25K is a long lasting disposable vape designed for modern adult users who prefer a premium fruit flavor disposable vape with tech features. The smart display, rechargeable battery and high&hellip;","_links":{"self":[{"href":"https:\/\/rmvapebang.com\/lv\/wp-json\/wp\/v2\/product\/5720","targetHints":{"allow":["GET"]}}],"collection":[{"href":"https:\/\/rmvapebang.com\/lv\/wp-json\/wp\/v2\/product"}],"about":[{"href":"https:\/\/rmvapebang.com\/lv\/wp-json\/wp\/v2\/types\/product"}],"replies":[{"embeddable":true,"href":"https:\/\/rmvapebang.com\/lv\/wp-json\/wp\/v2\/comments?post=5720"}],"wp:featuredmedia":[{"embeddable":true,"href":"https:\/\/rmvapebang.com\/lv\/wp-json\/wp\/v2\/media\/5703"}],"wp:attachment":[{"href":"https:\/\/rmvapebang.com\/lv\/wp-json\/wp\/v2\/media?parent=5720"}],"wp:term":[{"taxonomy":"product_brand","embeddable":true,"href":"https:\/\/rmvapebang.com\/lv\/wp-json\/wp\/v2\/product_brand?post=5720"},{"taxonomy":"product_cat","embeddable":true,"href":"https:\/\/rmvapebang.com\/lv\/wp-json\/wp\/v2\/product_cat?post=5720"},{"taxonomy":"product_tag","embeddable":true,"href":"https:\/\/rmvapebang.com\/lv\/wp-json\/wp\/v2\/product_tag?post=5720"}],"curies":[{"name":"wp","href":"https:\/\/api.w.org\/{rel}","templated":true}]}}