{"id":5714,"date":"2026-02-26T00:33:39","date_gmt":"2026-02-25T16:33:39","guid":{"rendered":"https:\/\/rmvapebang.com\/?post_type=product&#038;p=5714"},"modified":"2026-04-06T19:39:04","modified_gmt":"2026-04-06T11:39:04","slug":"hifancy-twin-max-60k-puffs-dual-flavor-rechargeable-disposable-vape","status":"publish","type":"product","link":"https:\/\/rmvapebang.com\/lv\/product\/hifancy-twin-max-60k-puffs-dual-flavor-rechargeable-disposable-vape\/","title":{"rendered":"HIFANCY Twin Max 60 000 pufa Dualu gar\u0161u uzl\u0101des vienreiz\u0113j\u0101 vape"},"content":{"rendered":"<h2 data-pm-slice=\"1 1 []\">HIFANCY Twin Max 60 000 pufa Dualu gar\u0161u uzl\u0101des vienreiz\u0113j\u0101 vape<\/h2>\n<p>HIFANCY Twin Max 60K Puffs Dubult\u0101s Gar\u0161as Uzl\u0101d\u0113jama Vienreiz\u0113j\u0101 Vape nodro\u0161ina sp\u0113c\u012bgu <a href=\"https:\/\/rmvapebang.com\/lv\/shop-page\/?filter_puff=60000-puff\"><em><strong>60000 dvesmu vienreiz\u0113j\u0101s lieto\u0161anas tvaic\u0113t\u0101js<\/strong> <\/em><\/a>pieredzi ar gludu darb\u012bbu un ilgu lieto\u0161anas laiku. <a href=\"https:\/\/rmvapebang.com\/lv\/product-category\/hifancy-vapes\/\"><em><strong>HIFANCYH vape<\/strong><\/em><\/a>\u00a0izstr\u0101d\u0101ts ar dubultu tanka sist\u0113mu un viegli rot\u0113jo\u0161u gar\u0161as sl\u0113dzi, \u0161\u012b dubult\u0101s gar\u0161as vienreiz\u0113j\u0101 vape \u013cauj lietot\u0101jiem baud\u012bt divas gar\u0161as vien\u0101 ier\u012bc\u0113.<\/p>\n<p><a href=\"https:\/\/rmvapebang.com\/lv\/shop-page\/?filter_puff=60000-puff\"><em><strong>60000 puffs vienreiz\u0113j\u0101 vape ar<\/strong> <\/em><\/a>650mAh Type-C uzl\u0101d\u0113jamu akumulatoru, kas atbalsta stabilu izvadi, kam\u0113r <a href=\"https:\/\/rmvapebang.com\/lv\/product-category\/smart-display\/\"><strong><em>LED displejs<\/em> <\/strong><\/a>uztur ener\u0123ijas statusu skaidri uzreiz. Izstr\u0101d\u0101ts pieaugu\u0161o lietot\u0101jiem, kuri dod priek\u0161roku augstas p\u016b\u0161anas vienreiz\u0113j\u0101m vape ier\u012bc\u0113m, Twin Max 60K apvieno t\u012bkli\u0146u spir\u0101les efektivit\u0101ti, konsekventu tvaika ra\u017eo\u0161anu un modernu kompakto dizainu, kas piem\u0113rots ikdienas vaping vajadz\u012bb\u0101m.<\/p>\n<figure id=\"attachment_5683\" aria-describedby=\"caption-attachment-5683\" style=\"width: 800px\" class=\"wp-caption alignnone\"><img loading=\"lazy\" decoding=\"async\" class=\"wp-image-5683 size-full\" src=\"http:\/\/rmvapebang.com\/wp-content\/uploads\/2026\/02\/HIFANCY-Twin-Max-60000-Puffs-Dual-Flavor-Vape.webp\" alt=\"HIFANCY Twin Max 60K puffs dubult\u0101s gar\u0161as uzl\u0101d\u0113jama vienreiz\u0113j\u0101s lieto\u0161anas vape ier\u012bce\" width=\"800\" height=\"800\" srcset=\"https:\/\/rmvapebang.com\/wp-content\/uploads\/2026\/02\/HIFANCY-Twin-Max-60000-Puffs-Dual-Flavor-Vape.webp 800w, https:\/\/rmvapebang.com\/wp-content\/uploads\/2026\/02\/HIFANCY-Twin-Max-60000-Puffs-Dual-Flavor-Vape-300x300.webp 300w, https:\/\/rmvapebang.com\/wp-content\/uploads\/2026\/02\/HIFANCY-Twin-Max-60000-Puffs-Dual-Flavor-Vape-150x150.webp 150w, https:\/\/rmvapebang.com\/wp-content\/uploads\/2026\/02\/HIFANCY-Twin-Max-60000-Puffs-Dual-Flavor-Vape-768x768.webp 768w, https:\/\/rmvapebang.com\/wp-content\/uploads\/2026\/02\/HIFANCY-Twin-Max-60000-Puffs-Dual-Flavor-Vape-12x12.webp 12w, https:\/\/rmvapebang.com\/wp-content\/uploads\/2026\/02\/HIFANCY-Twin-Max-60000-Puffs-Dual-Flavor-Vape-600x600.webp 600w, https:\/\/rmvapebang.com\/wp-content\/uploads\/2026\/02\/HIFANCY-Twin-Max-60000-Puffs-Dual-Flavor-Vape-100x100.webp 100w\" sizes=\"auto, (max-width: 800px) 100vw, 800px\" \/><figcaption id=\"caption-attachment-5683\" class=\"wp-caption-text\">60K puffs uzl\u0101d\u0113jama vienreiz\u0113j\u0101 vape ar dubult\u0101s gar\u0161as sl\u0113d\u017ea dizainu.<\/figcaption><\/figure>\n<h2 data-start=\"815\" data-end=\"866\">Smart Dubult\u0101s Gar\u0161as Karst\u0101 P\u0101rdo\u0161anas Vape Gar\u0161u Saraksts<\/h2>\n<p>1. Zilais Razz Lemon\u0101de\u2014Lush Ice<br \/>\n2. Apels\u012bns Mango Arb\u016bzs\u2014Zeme\u0146u Ice<br \/>\n3. Citrona Limon\u0101de\u2014Tr\u012bsk\u0101r\u0161ais Melons<br \/>\n4. Mellenes Raspberri \u010cerr\u012b\u2014Cola Ice<br \/>\n5. Zeme\u0146u Arb\u016bzs\u2014Divk\u0101r\u0161\u0101 \u0100bols<br \/>\n6. Anan\u0101s Mango Persiks\u2014Vasaras Sapnis<br \/>\n7. Kaktuss Drakona auglis\u2014Red Bull Ice<br \/>\n8. Arb\u016bza Burbulis Gumija\u2014Sajaukts ogu<br \/>\n9. Kivi Passion Fruit Guava\u2014Mellenes Ice<br \/>\n10. Drakona Auglis Ban\u0101ns \u010cerr\u012b\u2014Love 66<\/p>\n<h2 data-start=\"1030\" data-end=\"1085\">Galven\u0101 atsl\u0113ga vairumtirdzniec\u012bbas vienreizlietojamajam 60K Vape<\/h2>\n<ul>\n<li>\ud83d\udd04 Pagrieziet, lai main\u012btu gar\u0161u \u2013 gluda dubult\u0101s gar\u0161as mai\u0146as sist\u0113ma<\/li>\n<li>\ud83e\uddca 60000 p\u016btienu ietilp\u012bba \u2013 ilgi kalpojo\u0161s augstas p\u016btienu vienreizlietojams vape<\/li>\n<li>\ud83d\udd0b 650mAh akumulators \u2013 stabila jauda ar Type-C uzl\u0101di<\/li>\n<li>\u26a1 Type-C uzl\u0101de \u2013 \u0101tra un \u0113rtas ikdienas lieto\u0161anas iesp\u0113ja<\/li>\n<li>\ud83e\uddea Dubultu tanka dizains \u2013 divas gar\u0161as vien\u0101 kompakt\u0101 ier\u012bc\u0113<\/li>\n<li>\ud83d\udca8 Dubultu re\u017e\u0123a spir\u0101le \u2013 konsekventa tvaika ra\u017eo\u0161ana un l\u012bdzsvarota gar\u0161a<\/li>\n<li>\ud83d\udcca LED displejs \u2013 skaidra akumulatora un lieto\u0161anas indik\u0101cija<\/li>\n<li>\ud83c\udf00 Twin Max strukt\u016bra \u2013 kompakts dizains ar sp\u0113c\u012bgu gaisa pl\u016bsmu<\/li>\n<li>\ud83c\udf53 Augstas kvalit\u0101tes gar\u0161as kombin\u0101cija \u2013 aug\u013cu un ledus kombin\u0101cijas pieaugu\u0161ajiem<\/li>\n<\/ul>\n<h2 data-start=\"1650\" data-end=\"1703\">K\u0101p\u0113c izv\u0113l\u0113ties EU noliktavu 60000 p\u016btienu Vape<\/h2>\n<ul>\n<li>\u0100tr\u0101ka pieg\u0101de pa Eiropu ar samazin\u0101tu gaid\u012b\u0161anas laiku.<\/li>\n<li>Stabila kr\u0101jumu pieg\u0101de mazumtirdzniec\u012bbas un vairumtirdzniec\u012bbas pirc\u0113jiem.<\/li>\n<li>Zem\u0101kas pieg\u0101des riska un vienk\u0101r\u0161ota lo\u0123istikas apstr\u0101de.<\/li>\n<li>Piem\u0113rots pieaugu\u0161ajiem lietot\u0101jiem, kuri mekl\u0113 ilgi kalpojo\u0161us augstas p\u016btienu ier\u012bces.<\/li>\n<\/ul>\n<h2 data-start=\"1978\" data-end=\"2027\">Bie\u017e\u0101k uzdotie jaut\u0101jumi par High Puff Disposable 60000 Vape<\/h2>\n<p><strong>Q1: Kas padara \u0161o par augstas p\u016btienu vienreizlietojamu vape?<\/strong><br \/>\nA1: Liela e-\u0161\u0137idruma ietilp\u012bba, re\u017e\u0123a spir\u0101les tehnolo\u0123ija un efekt\u012bva akumulatora jauda.<\/p>\n<p><strong>Q2: Vai es varu uzl\u0101d\u0113t Twin Max 60K no HIFANCY?<\/strong><br \/>\nA2: J\u0101, LED displejs 60k p\u016btienu vape ietver Type-C uzl\u0101d\u0113jamu 650mAh akumulatoru atk\u0101rtotai lieto\u0161anai.<\/p>\n<p><strong>Q3: K\u0101 darbojas HIFANCY vape dubult\u0101s gar\u0161as sl\u0113dzis?<\/strong><br \/>\nA3: Vienk\u0101r\u0161i pagrieziet mutei\u0146u, lai nekav\u0113joties p\u0101rsl\u0113gtos starp div\u0101m gar\u0161\u0101m.<\/p>\n<p><strong>Q4: Vai LED displejs ir noder\u012bgs HIFANCY vienreiz\u0113j\u0101s lieto\u0161anas ier\u012bcei?<\/strong><br \/>\nA4: LED displejs skaidri r\u0101da akumulatora l\u012bmeni un darba statusu.<\/p>\n<p><strong>Sazinieties ar Linu, lai sa\u0146emtu vair\u0101k produktu video!<\/strong><\/p>\n<p><a href=\"https:\/\/wa.me\/8617840853976\"><span style=\"color: #ff6600\"><strong><em>WhatsApp:+86 17840853976<\/em><\/strong><\/span><\/a><\/p>\n<p><img loading=\"lazy\" decoding=\"async\" class=\"alignnone size-medium wp-image-1905\" src=\"http:\/\/rmvapebang.com\/wp-content\/uploads\/2024\/03\/whatsapp-vape-2-202x300.jpg\" alt=\"\" width=\"202\" height=\"300\" \/><\/p>\n<p>Atrodiet vair\u0101k produktu, kas jums var\u0113tu patikt:<a href=\"https:\/\/rmvapebang.com\/lv\/shop-page\/\"><strong><em>Iepirkties tagad<\/em><\/strong><\/a><\/p>\n<p>citas p\u016b\u0161anas, kas jums var\u0113tu patikt:<\/p>\n<p><a href=\"https:\/\/rmvapebang.com\/lv\/product\/al-fakher-8000-puffs-disposable-vape-2026-best-sale\/\"><em>Al Fakher 8000 puffs vienreiz\u0113j\u0101 vape Eiropas noliktavas izp\u0101rdo\u0161anas atlaides cena<\/em><\/a><\/p>\n<p><a href=\"https:\/\/rmvapebang.com\/lv\/product\/al-fakher-ice-adjust-15000-puffs-disposable-vape-2026-edition\/\"><em>Vape pildspalva tornado 15000 puffs Al fakher vienreizlietojams Eiropas top p\u0101rdo\u0161ana<\/em><\/a><\/p>\n<p><a href=\"https:\/\/rmvapebang.com\/lv\/product\/50000-puffs-dual-flavor-disposable-vape-with-smart-screen-type-c-charging\/\"><em>50000 Puffs Dubult\u0101s Gar\u0161as Vienreizlietojams Vape karsts p\u0101rdo\u0161an\u0101 Eirop\u0101<\/em><\/a><\/p>","protected":false},"excerpt":{"rendered":"<p><span style=\"color: #ff0000\"><strong>PIEZ\u012aME<\/strong>:\u00a0<em>Pri<\/em>Cenas m\u0101jaslap\u0101 neietver pieg\u0101des maksu. L\u016bdzu, ats\u016btiet savu pasta indeksu un adresi, lai m\u0113s var\u0113tu p\u0101rbaud\u012bt pieg\u0101des izmaksas.<\/span><\/p>\n<p data-start=\"126\" data-end=\"385\">HIFANCY Twin Max 60K Puffs Dubult\u0101s Gar\u0161as Vienreiz\u0113j\u0101s Vape ar dubultu tanka dizainu, LED displeju un Type-C uzl\u0101d\u0113jamu akumulatoru. Izstr\u0101d\u0101ts pieaugu\u0161o lietot\u0101jiem, kuri v\u0113las ilgu darb\u012bbas laiku, gludu tvaika ra\u017eo\u0161anu un \u0113rtu gar\u0161as mai\u0146u vien\u0101 kompakt\u0101 ier\u012bc\u0113.<\/p>\n<p><a href=\"https:\/\/wa.me\/8617840853976\"><strong><em>WhatsApp:+86 17840853976<\/em><\/strong><\/a><br \/>\nSken\u0113jiet WhatsApp, lai sa\u0146emtu kuponu jaunajiem klientiem<\/p>\n<p><img loading=\"lazy\" decoding=\"async\" class=\"alignnone size-medium wp-image-1905\" src=\"http:\/\/rmvapebang.com\/wp-content\/uploads\/2024\/03\/whatsapp-vape-2-202x300.jpg\" alt=\"\" width=\"202\" height=\"300\" \/><\/p>","protected":false},"featured_media":5679,"comment_status":"open","ping_status":"closed","template":"","meta":{"_uag_custom_page_level_css":"","_lmt_disableupdate":"no","_lmt_disable":"","site-sidebar-layout":"no-sidebar","site-content-layout":"boxed-container","ast-site-content-layout":"normal-width-container","site-content-style":"boxed","site-sidebar-style":"boxed","ast-global-header-display":"","ast-banner-title-visibility":"","ast-main-header-display":"","ast-hfb-above-header-display":"","ast-hfb-below-header-display":"","ast-hfb-mobile-header-display":"","site-post-title":"","ast-breadcrumbs-content":"","ast-featured-img":"","footer-sml-layout":"","theme-transparent-header-meta":"default","adv-header-id-meta":"","stick-header-meta":"","header-above-stick-meta":"","header-main-stick-meta":"","header-below-stick-meta":"","astra-migrate-meta-layouts":"set","ast-page-background-enabled":"default","ast-page-background-meta":{"desktop":{"background-color":"","background-image":"","background-repeat":"repeat","background-position":"center center","background-size":"auto","background-attachment":"scroll","background-type":"","background-media":"","overlay-type":"","overlay-color":"","overlay-gradient":""},"tablet":{"background-color":"","background-image":"","background-repeat":"repeat","background-position":"center center","background-size":"auto","background-attachment":"scroll","background-type":"","background-media":"","overlay-type":"","overlay-color":"","overlay-gradient":""},"mobile":{"background-color":"","background-image":"","background-repeat":"repeat","background-position":"center center","background-size":"auto","background-attachment":"scroll","background-type":"","background-media":"","overlay-type":"","overlay-color":"","overlay-gradient":""}},"ast-content-background-meta":{"desktop":{"background-color":"var(--ast-global-color-5)","background-image":"","background-repeat":"repeat","background-position":"center center","background-size":"auto","background-attachment":"scroll","background-type":"","background-media":"","overlay-type":"","overlay-color":"","overlay-gradient":""},"tablet":{"background-color":"var(--ast-global-color-5)","background-image":"","background-repeat":"repeat","background-position":"center center","background-size":"auto","background-attachment":"scroll","background-type":"","background-media":"","overlay-type":"","overlay-color":"","overlay-gradient":""},"mobile":{"background-color":"var(--ast-global-color-5)","background-image":"","background-repeat":"repeat","background-position":"center center","background-size":"auto","background-attachment":"scroll","background-type":"","background-media":"","overlay-type":"","overlay-color":"","overlay-gradient":""}},"_joinchat":{"telephone":"+8617840853976"}},"product_brand":[],"product_cat":[15,130,39,293,41,128,42,40,179,43],"product_tag":[178,183,50,61,58,53,52],"class_list":{"0":"post-5714","1":"product","2":"type-product","3":"status-publish","4":"has-post-thumbnail","6":"product_cat-eu-warehouse","7":"product_cat-digital-vapes-in-discount-price","8":"product_cat-france-wholesale-vape","9":"product_cat-hifancy-vapes","10":"product_cat-netherlands-wholesale-vape","11":"product_cat-smart-display","12":"product_cat-spain-wholesale-vape","13":"product_cat-germany-wholesale-vape","14":"product_cat-vape-60000-puffs","15":"product_cat-vape-shop","16":"product_tag-60000-puffs","17":"product_tag-60k-puffs","18":"product_tag-bulk-price-vape-shop","19":"product_tag-good-sales-vape","20":"product_tag-moq-50pcs","21":"product_tag-rechargeable-vape","22":"product_tag-vape-wholesasle-price","23":"desktop-align-left","24":"tablet-align-left","25":"mobile-align-left","27":"first","28":"instock","29":"sale","30":"shipping-taxable","31":"purchasable","32":"product-type-simple"},"yoast_head":"<!-- This site is optimized with the Yoast SEO plugin v23.0 - https:\/\/yoast.com\/wordpress\/plugins\/seo\/ -->\n<title>HIFANCY Twin Max 60K Puffs Dual Flavor Rechargeable Disposable Vape - rmvapebang.com<\/title>\n<meta name=\"description\" content=\"HIFANCY Twin Max 60K dual flavor rechargeable disposable vape with 60000 puffs, LED display, dual tank system and premium high puff performance.\" \/>\n<meta name=\"robots\" content=\"index, follow, max-snippet:-1, max-image-preview:large, max-video-preview:-1\" \/>\n<link rel=\"canonical\" href=\"https:\/\/rmvapebang.com\/lv\/product\/hifancy-twin-max-60k-puffs-dual-flavor-rechargeable-disposable-vape\/\" \/>\n<meta property=\"og:locale\" content=\"lv_LV\" \/>\n<meta property=\"og:type\" content=\"article\" \/>\n<meta property=\"og:title\" content=\"HIFANCY Twin Max 60K Puffs Dual Flavor Rechargeable Disposable Vape - rmvapebang.com\" \/>\n<meta property=\"og:description\" content=\"HIFANCY Twin Max 60K dual flavor rechargeable disposable vape with 60000 puffs, LED display, dual tank system and premium high puff performance.\" \/>\n<meta property=\"og:url\" content=\"https:\/\/rmvapebang.com\/lv\/product\/hifancy-twin-max-60k-puffs-dual-flavor-rechargeable-disposable-vape\/\" \/>\n<meta property=\"og:site_name\" content=\"rmvapebang.com\" \/>\n<meta property=\"article:modified_time\" content=\"2026-04-06T11:39:04+00:00\" \/>\n<meta property=\"og:image\" content=\"http:\/\/rmvapebang.com\/wp-content\/uploads\/2026\/02\/Rotate-Flavor-Dual-Tank-Vape-60K.webp\" \/>\n\t<meta property=\"og:image:width\" content=\"800\" \/>\n\t<meta property=\"og:image:height\" content=\"800\" \/>\n\t<meta property=\"og:image:type\" content=\"image\/webp\" \/>\n<meta name=\"twitter:card\" content=\"summary_large_image\" \/>\n<meta name=\"twitter:label1\" content=\"Est. reading time\" \/>\n\t<meta name=\"twitter:data1\" content=\"3 min\u016btes\" \/>\n<script type=\"application\/ld+json\" class=\"yoast-schema-graph\">{\"@context\":\"https:\/\/schema.org\",\"@graph\":[{\"@type\":\"WebPage\",\"@id\":\"https:\/\/rmvapebang.com\/product\/hifancy-twin-max-60k-puffs-dual-flavor-rechargeable-disposable-vape\/\",\"url\":\"https:\/\/rmvapebang.com\/product\/hifancy-twin-max-60k-puffs-dual-flavor-rechargeable-disposable-vape\/\",\"name\":\"HIFANCY Twin Max 60K Puffs Dual Flavor Rechargeable Disposable Vape - rmvapebang.com\",\"isPartOf\":{\"@id\":\"https:\/\/rmvapebang.com\/#website\"},\"primaryImageOfPage\":{\"@id\":\"https:\/\/rmvapebang.com\/product\/hifancy-twin-max-60k-puffs-dual-flavor-rechargeable-disposable-vape\/#primaryimage\"},\"image\":{\"@id\":\"https:\/\/rmvapebang.com\/product\/hifancy-twin-max-60k-puffs-dual-flavor-rechargeable-disposable-vape\/#primaryimage\"},\"thumbnailUrl\":\"https:\/\/rmvapebang.com\/wp-content\/uploads\/2026\/02\/Rotate-Flavor-Dual-Tank-Vape-60K.webp\",\"datePublished\":\"2026-02-25T16:33:39+00:00\",\"dateModified\":\"2026-04-06T11:39:04+00:00\",\"description\":\"HIFANCY Twin Max 60K dual flavor rechargeable disposable vape with 60000 puffs, LED display, dual tank system and premium high puff performance.\",\"breadcrumb\":{\"@id\":\"https:\/\/rmvapebang.com\/product\/hifancy-twin-max-60k-puffs-dual-flavor-rechargeable-disposable-vape\/#breadcrumb\"},\"inLanguage\":\"lv-LV\",\"potentialAction\":[{\"@type\":\"ReadAction\",\"target\":[\"https:\/\/rmvapebang.com\/product\/hifancy-twin-max-60k-puffs-dual-flavor-rechargeable-disposable-vape\/\"]}]},{\"@type\":\"ImageObject\",\"inLanguage\":\"lv-LV\",\"@id\":\"https:\/\/rmvapebang.com\/product\/hifancy-twin-max-60k-puffs-dual-flavor-rechargeable-disposable-vape\/#primaryimage\",\"url\":\"https:\/\/rmvapebang.com\/wp-content\/uploads\/2026\/02\/Rotate-Flavor-Dual-Tank-Vape-60K.webp\",\"contentUrl\":\"https:\/\/rmvapebang.com\/wp-content\/uploads\/2026\/02\/Rotate-Flavor-Dual-Tank-Vape-60K.webp\",\"width\":800,\"height\":800,\"caption\":\"Two flavors in one device with easy rotation switching.\"},{\"@type\":\"BreadcrumbList\",\"@id\":\"https:\/\/rmvapebang.com\/product\/hifancy-twin-max-60k-puffs-dual-flavor-rechargeable-disposable-vape\/#breadcrumb\",\"itemListElement\":[{\"@type\":\"ListItem\",\"position\":1,\"name\":\"Home\",\"item\":\"https:\/\/rmvapebang.com\/\"},{\"@type\":\"ListItem\",\"position\":2,\"name\":\"Hot Vape Shop\",\"item\":\"https:\/\/rmvapebang.com\/shop-page\/\"},{\"@type\":\"ListItem\",\"position\":3,\"name\":\"HIFANCY Twin Max 60K Puffs Dual Flavor Rechargeable Disposable Vape\"}]},{\"@type\":\"WebSite\",\"@id\":\"https:\/\/rmvapebang.com\/#website\",\"url\":\"https:\/\/rmvapebang.com\/\",\"name\":\"rmvapebang.com\",\"description\":\"buy vape cheap\",\"publisher\":{\"@id\":\"https:\/\/rmvapebang.com\/#organization\"},\"potentialAction\":[{\"@type\":\"SearchAction\",\"target\":{\"@type\":\"EntryPoint\",\"urlTemplate\":\"https:\/\/rmvapebang.com\/?s={search_term_string}\"},\"query-input\":\"required name=search_term_string\"}],\"inLanguage\":\"lv-LV\"},{\"@type\":\"Organization\",\"@id\":\"https:\/\/rmvapebang.com\/#organization\",\"name\":\"rmvapebang.com\",\"url\":\"https:\/\/rmvapebang.com\/\",\"logo\":{\"@type\":\"ImageObject\",\"inLanguage\":\"lv-LV\",\"@id\":\"https:\/\/rmvapebang.com\/#\/schema\/logo\/image\/\",\"url\":\"https:\/\/rmvapebang.com\/wp-content\/uploads\/2024\/03\/cropped-RVBlogo.png\",\"contentUrl\":\"https:\/\/rmvapebang.com\/wp-content\/uploads\/2024\/03\/cropped-RVBlogo.png\",\"width\":507,\"height\":169,\"caption\":\"rmvapebang.com\"},\"image\":{\"@id\":\"https:\/\/rmvapebang.com\/#\/schema\/logo\/image\/\"}}]}<\/script>\n<!-- \/ Yoast SEO plugin. -->","yoast_head_json":{"title":"HIFANCY Twin Max 60K Puffs Dual Flavor Rechargeable Disposable Vape - rmvapebang.com","description":"HIFANCY Twin Max 60K dual flavor rechargeable disposable vape with 60000 puffs, LED display, dual tank system and premium high puff performance.","robots":{"index":"index","follow":"follow","max-snippet":"max-snippet:-1","max-image-preview":"max-image-preview:large","max-video-preview":"max-video-preview:-1"},"canonical":"https:\/\/rmvapebang.com\/lv\/product\/hifancy-twin-max-60k-puffs-dual-flavor-rechargeable-disposable-vape\/","og_locale":"lv_LV","og_type":"article","og_title":"HIFANCY Twin Max 60K Puffs Dual Flavor Rechargeable Disposable Vape - rmvapebang.com","og_description":"HIFANCY Twin Max 60K dual flavor rechargeable disposable vape with 60000 puffs, LED display, dual tank system and premium high puff performance.","og_url":"https:\/\/rmvapebang.com\/lv\/product\/hifancy-twin-max-60k-puffs-dual-flavor-rechargeable-disposable-vape\/","og_site_name":"rmvapebang.com","article_modified_time":"2026-04-06T11:39:04+00:00","og_image":[{"width":800,"height":800,"url":"http:\/\/rmvapebang.com\/wp-content\/uploads\/2026\/02\/Rotate-Flavor-Dual-Tank-Vape-60K.webp","type":"image\/webp"}],"twitter_card":"summary_large_image","twitter_misc":{"Est. reading time":"3 min\u016btes"},"schema":{"@context":"https:\/\/schema.org","@graph":[{"@type":"WebPage","@id":"https:\/\/rmvapebang.com\/product\/hifancy-twin-max-60k-puffs-dual-flavor-rechargeable-disposable-vape\/","url":"https:\/\/rmvapebang.com\/product\/hifancy-twin-max-60k-puffs-dual-flavor-rechargeable-disposable-vape\/","name":"HIFANCY Twin Max 60K Puffs Dual Flavor Rechargeable Disposable Vape - rmvapebang.com","isPartOf":{"@id":"https:\/\/rmvapebang.com\/#website"},"primaryImageOfPage":{"@id":"https:\/\/rmvapebang.com\/product\/hifancy-twin-max-60k-puffs-dual-flavor-rechargeable-disposable-vape\/#primaryimage"},"image":{"@id":"https:\/\/rmvapebang.com\/product\/hifancy-twin-max-60k-puffs-dual-flavor-rechargeable-disposable-vape\/#primaryimage"},"thumbnailUrl":"https:\/\/rmvapebang.com\/wp-content\/uploads\/2026\/02\/Rotate-Flavor-Dual-Tank-Vape-60K.webp","datePublished":"2026-02-25T16:33:39+00:00","dateModified":"2026-04-06T11:39:04+00:00","description":"HIFANCY Twin Max 60K dual flavor rechargeable disposable vape with 60000 puffs, LED display, dual tank system and premium high puff performance.","breadcrumb":{"@id":"https:\/\/rmvapebang.com\/product\/hifancy-twin-max-60k-puffs-dual-flavor-rechargeable-disposable-vape\/#breadcrumb"},"inLanguage":"lv-LV","potentialAction":[{"@type":"ReadAction","target":["https:\/\/rmvapebang.com\/product\/hifancy-twin-max-60k-puffs-dual-flavor-rechargeable-disposable-vape\/"]}]},{"@type":"ImageObject","inLanguage":"lv-LV","@id":"https:\/\/rmvapebang.com\/product\/hifancy-twin-max-60k-puffs-dual-flavor-rechargeable-disposable-vape\/#primaryimage","url":"https:\/\/rmvapebang.com\/wp-content\/uploads\/2026\/02\/Rotate-Flavor-Dual-Tank-Vape-60K.webp","contentUrl":"https:\/\/rmvapebang.com\/wp-content\/uploads\/2026\/02\/Rotate-Flavor-Dual-Tank-Vape-60K.webp","width":800,"height":800,"caption":"Two flavors in one device with easy rotation switching."},{"@type":"BreadcrumbList","@id":"https:\/\/rmvapebang.com\/product\/hifancy-twin-max-60k-puffs-dual-flavor-rechargeable-disposable-vape\/#breadcrumb","itemListElement":[{"@type":"ListItem","position":1,"name":"Home","item":"https:\/\/rmvapebang.com\/"},{"@type":"ListItem","position":2,"name":"Hot Vape Shop","item":"https:\/\/rmvapebang.com\/shop-page\/"},{"@type":"ListItem","position":3,"name":"HIFANCY Twin Max 60K Puffs Dual Flavor Rechargeable Disposable Vape"}]},{"@type":"WebSite","@id":"https:\/\/rmvapebang.com\/#website","url":"https:\/\/rmvapebang.com\/","name":"rmvapebang.com","description":"buy vape cheap","publisher":{"@id":"https:\/\/rmvapebang.com\/#organization"},"potentialAction":[{"@type":"SearchAction","target":{"@type":"EntryPoint","urlTemplate":"https:\/\/rmvapebang.com\/?s={search_term_string}"},"query-input":"required name=search_term_string"}],"inLanguage":"lv-LV"},{"@type":"Organization","@id":"https:\/\/rmvapebang.com\/#organization","name":"rmvapebang.com","url":"https:\/\/rmvapebang.com\/","logo":{"@type":"ImageObject","inLanguage":"lv-LV","@id":"https:\/\/rmvapebang.com\/#\/schema\/logo\/image\/","url":"https:\/\/rmvapebang.com\/wp-content\/uploads\/2024\/03\/cropped-RVBlogo.png","contentUrl":"https:\/\/rmvapebang.com\/wp-content\/uploads\/2024\/03\/cropped-RVBlogo.png","width":507,"height":169,"caption":"rmvapebang.com"},"image":{"@id":"https:\/\/rmvapebang.com\/#\/schema\/logo\/image\/"}}]}},"uagb_featured_image_src":{"full":["https:\/\/rmvapebang.com\/wp-content\/uploads\/2026\/02\/Rotate-Flavor-Dual-Tank-Vape-60K.webp",800,800,false],"thumbnail":["https:\/\/rmvapebang.com\/wp-content\/uploads\/2026\/02\/Rotate-Flavor-Dual-Tank-Vape-60K-150x150.webp",150,150,true],"medium":["https:\/\/rmvapebang.com\/wp-content\/uploads\/2026\/02\/Rotate-Flavor-Dual-Tank-Vape-60K-300x300.webp",300,300,true],"medium_large":["https:\/\/rmvapebang.com\/wp-content\/uploads\/2026\/02\/Rotate-Flavor-Dual-Tank-Vape-60K-768x768.webp",768,768,true],"large":["https:\/\/rmvapebang.com\/wp-content\/uploads\/2026\/02\/Rotate-Flavor-Dual-Tank-Vape-60K.webp",800,800,false],"1536x1536":["https:\/\/rmvapebang.com\/wp-content\/uploads\/2026\/02\/Rotate-Flavor-Dual-Tank-Vape-60K.webp",800,800,false],"2048x2048":["https:\/\/rmvapebang.com\/wp-content\/uploads\/2026\/02\/Rotate-Flavor-Dual-Tank-Vape-60K.webp",800,800,false],"trp-custom-language-flag":["https:\/\/rmvapebang.com\/wp-content\/uploads\/2026\/02\/Rotate-Flavor-Dual-Tank-Vape-60K-12x12.webp",12,12,true],"woocommerce_thumbnail":["https:\/\/rmvapebang.com\/wp-content\/uploads\/2026\/02\/Rotate-Flavor-Dual-Tank-Vape-60K-300x300.webp",300,300,true],"woocommerce_single":["https:\/\/rmvapebang.com\/wp-content\/uploads\/2026\/02\/Rotate-Flavor-Dual-Tank-Vape-60K-600x600.webp",600,600,true],"woocommerce_gallery_thumbnail":["https:\/\/rmvapebang.com\/wp-content\/uploads\/2026\/02\/Rotate-Flavor-Dual-Tank-Vape-60K-100x100.webp",100,100,true],"wcpr-photo-reviews":["https:\/\/rmvapebang.com\/wp-content\/uploads\/2026\/02\/Rotate-Flavor-Dual-Tank-Vape-60K.webp",500,500,false]},"uagb_author_info":{"display_name":"Lyn","author_link":"https:\/\/rmvapebang.com\/lv\/author\/"},"uagb_comment_info":0,"uagb_excerpt":"NOTE:\u00a0Prices on the website don\u2019t include shipping fee. Please send your zip code and address that we can check shipping costs for you. HIFANCY Twin Max 60K Puffs Dual Flavor Disposable Vape features a dual tank design, LED display and Type-C rechargeable battery. Built for adult users who want long lasting performance, smooth vapor production&hellip;","_links":{"self":[{"href":"https:\/\/rmvapebang.com\/lv\/wp-json\/wp\/v2\/product\/5714","targetHints":{"allow":["GET"]}}],"collection":[{"href":"https:\/\/rmvapebang.com\/lv\/wp-json\/wp\/v2\/product"}],"about":[{"href":"https:\/\/rmvapebang.com\/lv\/wp-json\/wp\/v2\/types\/product"}],"replies":[{"embeddable":true,"href":"https:\/\/rmvapebang.com\/lv\/wp-json\/wp\/v2\/comments?post=5714"}],"wp:featuredmedia":[{"embeddable":true,"href":"https:\/\/rmvapebang.com\/lv\/wp-json\/wp\/v2\/media\/5679"}],"wp:attachment":[{"href":"https:\/\/rmvapebang.com\/lv\/wp-json\/wp\/v2\/media?parent=5714"}],"wp:term":[{"taxonomy":"product_brand","embeddable":true,"href":"https:\/\/rmvapebang.com\/lv\/wp-json\/wp\/v2\/product_brand?post=5714"},{"taxonomy":"product_cat","embeddable":true,"href":"https:\/\/rmvapebang.com\/lv\/wp-json\/wp\/v2\/product_cat?post=5714"},{"taxonomy":"product_tag","embeddable":true,"href":"https:\/\/rmvapebang.com\/lv\/wp-json\/wp\/v2\/product_tag?post=5714"}],"curies":[{"name":"wp","href":"https:\/\/api.w.org\/{rel}","templated":true}]}}