{"id":5713,"date":"2026-02-24T22:57:54","date_gmt":"2026-02-24T14:57:54","guid":{"rendered":"https:\/\/rmvapebang.com\/?post_type=product&#038;p=5713"},"modified":"2026-04-06T19:38:16","modified_gmt":"2026-04-06T11:38:16","slug":"hifancy-legend-20000-smart-screen-rechargeable-disposable-vape","status":"publish","type":"product","link":"https:\/\/rmvapebang.com\/lv\/product\/hifancy-legend-20000-smart-screen-rechargeable-disposable-vape\/","title":{"rendered":"HIFANCY Legend 20000 Gudrs ekr\u0101ns Uzl\u0101d\u0113jams vienreizlietojams vape"},"content":{"rendered":"<h2 data-pm-slice=\"1 1 []\">HIFANCY Legend 20000 Gudrs ekr\u0101ns Uzl\u0101d\u0113jams vienreizlietojams vape<\/h2>\n<p>HIFANCY Legend 20000 Smart Screen Uzl\u0101d\u0113jama Vienreiz lietojama Vape ir izstr\u0101d\u0101ta lietot\u0101jiem, kuri mekl\u0113 uzticamu <a href=\"https:\/\/rmvapebang.com\/lv\/product-category\/vape-20000-puffs\/\"><em><strong>20000 uzp\u016btienu vienreiz\u0113j\u0101s lieto\u0161anas tvaic\u0113\u0161anas ier\u012bce<\/strong> <\/em><\/a>ar uzlabotu veiktsp\u0113ju. <a href=\"https:\/\/rmvapebang.com\/lv\/product-category\/hifancy-vapes\/\"><em><strong>HIFANCY Vape<\/strong><\/em><\/a> Legend 20000 p\u016b\u0161u ier\u012bce apvieno pilnu <a href=\"https:\/\/rmvapebang.com\/lv\/product-category\/smart-display\/\"><em><strong>viedais ekr\u0101ns<\/strong><\/em><\/a> interfeisu, dubultus apkures re\u017e\u012bmus un uzl\u0101d\u0113jamu Type-C sist\u0113mu, lai nodro\u0161in\u0101tu stabilu izvadi visa t\u0101s kalpo\u0161anas laika laik\u0101.<\/p>\n<p><a href=\"https:\/\/rmvapebang.com\/lv\/product-category\/vape-20000-puffs\/\"><em><strong>Uzl\u0101d\u0113jama vienreiz lietojama vape 20k p\u016b\u0161u<\/strong> <\/em><\/a>ar lielu 30ml e-\u0161\u0137idruma ietilp\u012bbu un efekt\u012bvu dubult\u0101s re\u017e\u0123a spir\u0101les strukt\u016bru, nodro\u0161ina gludu tvaika ra\u017eo\u0161anu un konsekventu arom\u0101ta pieg\u0101di.<\/p>\n<figure id=\"attachment_5674\" aria-describedby=\"caption-attachment-5674\" style=\"width: 800px\" class=\"wp-caption alignnone\"><img loading=\"lazy\" decoding=\"async\" class=\"wp-image-5674 size-full\" src=\"http:\/\/rmvapebang.com\/wp-content\/uploads\/2026\/02\/HIFANCY-Legend-20000-Futuristic-Full-Display-Vape-Design.webp\" alt=\"HIFANCY Legend 20000 puffs futuristiska vienreizlietojama vape ar pilnu displeju, premium dizains ier\u012bce\" width=\"800\" height=\"800\" srcset=\"https:\/\/rmvapebang.com\/wp-content\/uploads\/2026\/02\/HIFANCY-Legend-20000-Futuristic-Full-Display-Vape-Design.webp 800w, https:\/\/rmvapebang.com\/wp-content\/uploads\/2026\/02\/HIFANCY-Legend-20000-Futuristic-Full-Display-Vape-Design-300x300.webp 300w, https:\/\/rmvapebang.com\/wp-content\/uploads\/2026\/02\/HIFANCY-Legend-20000-Futuristic-Full-Display-Vape-Design-150x150.webp 150w, https:\/\/rmvapebang.com\/wp-content\/uploads\/2026\/02\/HIFANCY-Legend-20000-Futuristic-Full-Display-Vape-Design-768x768.webp 768w, https:\/\/rmvapebang.com\/wp-content\/uploads\/2026\/02\/HIFANCY-Legend-20000-Futuristic-Full-Display-Vape-Design-12x12.webp 12w, https:\/\/rmvapebang.com\/wp-content\/uploads\/2026\/02\/HIFANCY-Legend-20000-Futuristic-Full-Display-Vape-Design-600x600.webp 600w, https:\/\/rmvapebang.com\/wp-content\/uploads\/2026\/02\/HIFANCY-Legend-20000-Futuristic-Full-Display-Vape-Design-100x100.webp 100w\" sizes=\"auto, (max-width: 800px) 100vw, 800px\" \/><figcaption id=\"caption-attachment-5674\" class=\"wp-caption-text\">M\u016bsdien\u012bgs dizains ar viedu displeju izce\u013c \u0161\u012b augsta p\u016b\u0161anas ier\u012bces futuristisko stilu.<\/figcaption><\/figure>\n<h2 data-start=\"815\" data-end=\"866\">OEM Vienreiz lietojamas Vape 20k P\u016b\u0161u Arom\u0101tu Saraksts<\/h2>\n<p>1. Zeme\u0146u Mango<br \/>\n2. Zeme\u0146u arb\u016bzs<br \/>\n3. Ener\u0123ijas Dz\u0113riens<br \/>\n4. Zeme\u0146u Sula<br \/>\n5. Mellenes Riekstkoks Gri\u0137is<br \/>\n6. Zil\u0101 Razz \u010cerry<br \/>\n7. Kivi pasifloras aug\u013cu gvajava<br \/>\n8. Riekstkoks Arb\u016bzs Ledus<br \/>\n9. Arb\u016bza Burbul\u012b\u0161u Gumija<br \/>\n10. Persiku Berries Ledus<\/p>\n<h2 data-start=\"1030\" data-end=\"1085\">Galvenais B\u016btisks Vienreiz lietojamas Vape 20k P\u016b\u0161u<\/h2>\n<ul>\n<li>\ud83d\udd0b 20000 P\u016b\u0161u Izvade \u2013 augstas p\u016b\u0161anas veiktsp\u0113ja, paredz\u0113ta ilgtsp\u0113j\u012bgai vienreiz lietojamai vape lieto\u0161anai<\/li>\n<li>\ud83e\uddca 30ml E-\u0161\u0137idruma ietilp\u012bba \u2013 augstas ietilp\u012bbas vape ilgsto\u0161\u0101m sesij\u0101m<\/li>\n<li>\u26a1 750mAh Uzl\u0101d\u0113jama akumulators \u2013 Type-C uzl\u0101d\u0113jama vape ar stabilu jaudas pieg\u0101di<\/li>\n<li>\ud83d\udda5\ufe0f Pilna gudr\u0101 ekr\u0101na \u2013 digit\u0101lais displeja vape, kas skaidri r\u0101da ier\u012bces statusu<\/li>\n<li>\ud83d\udd25 Divi apkures re\u017e\u012bmi \u2013 dubult\u0101s apkures re\u017e\u012bma vape, kas nodro\u0161ina l\u012bdzsvarotu tvaika kontroli<\/li>\n<li>\ud83c\udf2c\ufe0f Regul\u0113jama gaisa pl\u016bsmas strukt\u016bra \u2013 piel\u0101gojama gaisa pl\u016bsma vienreiz\u0113jai vape pieredzei<\/li>\n<li>\ud83d\udc8e Dubult\u0101s re\u017e\u0123a spir\u0101les sist\u0113ma \u2013 augstas kvalit\u0101tes gar\u0161as re\u017e\u0123a spir\u0101le ar gludu tvaika izdal\u012bjumu<\/li>\n<li>\ud83d\ude80 Augstas p\u016b\u0161anas ier\u012bces dizains \u2013 mega p\u016b\u0161anas vape strukt\u016bra lielai vienreiz\u0113j\u0101s lieto\u0161anas vape piepras\u012bjumam<\/li>\n<\/ul>\n<h2 data-start=\"1650\" data-end=\"1703\">K\u0101p\u0113c izv\u0113l\u0113ties EU TPD vienreiz\u0113jo vape 20000<\/h2>\n<ul>\n<li>Gudrais ekr\u0101na interfeiss uzlabo lietot\u0101ja kontroli un padara ikdienas lieto\u0161anu \u0113rt\u0101ku.<\/li>\n<li>Uzl\u0101d\u0113jama augstas p\u016b\u0161anas vape samazina nomai\u0146as bie\u017eumu, nodro\u0161inot ilgsto\u0161u darb\u012bbu.<\/li>\n<li>Divi apkures re\u017e\u012bmi nodro\u0161ina l\u012bdzsvarotu tvaiku ar konsekventu gar\u0161as izdal\u012bjumu.<\/li>\n<li>Augstas ietilp\u012bbas vienreiz\u0113j\u0101 vape dizains ir piem\u0113rots Eiropas lielapjoma un vairumtirdzniec\u012bbas pas\u016bt\u012bjumiem.<\/li>\n<\/ul>\n<h2 data-start=\"1978\" data-end=\"2027\">Bie\u017e\u0101k uzdotie jaut\u0101jumi par vairumtirdzniec\u012bbas HIFANCY Legend 20000 vape<\/h2>\n<p><strong>Q1: Vai tas ir piem\u0113rots lielapjoma vienreiz\u0113jo vape pas\u016bt\u012bjumiem?<\/strong><br \/>\nA1: J\u0101, t\u0101 augstas p\u016b\u0161anas strukt\u016bra un stabil\u0101 veiktsp\u0113ja atbilst vairumtirdzniec\u012bbas piepras\u012bjumam.<\/p>\n<p><strong>Q2: Vai tas ir uzl\u0101d\u0113jams augstas p\u016b\u0161anas vape ier\u012bce?<\/strong><br \/>\nA2: J\u0101, tas izmanto Type-C uzl\u0101des sist\u0113mu, kas atbalsta stabilu ilgtermi\u0146a veiktsp\u0113ju.<\/p>\n<p><strong>Q3: Kas padara \u0161o par augstas ietilp\u012bbas vienreiz\u0113jo vape?<\/strong><br \/>\nA3: 30ml e-\u0161\u0137idruma ietilp\u012bba kop\u0101 ar efekt\u012bv\u0101m re\u017e\u0123a spir\u0101l\u0113m atbalsta mega p\u016b\u0161anas jaudu.<\/p>\n<p><strong>Q4: Vai gudrais ekr\u0101ns ietekm\u0113 akumulatora pat\u0113ri\u0146u?<\/strong><br \/>\nA4: Tas ir digit\u0101lais displeja vape un var uzl\u0101d\u0113t atk\u0101rtoti.<\/p>\n<p><strong>Sazinieties ar Linu, lai sa\u0146emtu vair\u0101k produktu video!<\/strong><\/p>\n<p><a href=\"https:\/\/wa.me\/8617840853976\"><span style=\"color: #ff6600\"><strong><em>WhatsApp:+86 17840853976<\/em><\/strong><\/span><\/a><\/p>\n<p><img loading=\"lazy\" decoding=\"async\" class=\"alignnone size-medium wp-image-1905\" src=\"http:\/\/rmvapebang.com\/wp-content\/uploads\/2024\/03\/whatsapp-vape-2-202x300.jpg\" alt=\"\" width=\"202\" height=\"300\" \/><\/p>\n<p>Atrodiet vair\u0101k produktu, kas jums var\u0113tu patikt:<a href=\"https:\/\/rmvapebang.com\/lv\/shop-page\/\"><strong><em>Iepirkties tagad<\/em><\/strong><\/a><\/p>\n<p>citas p\u016b\u0161anas, kas jums var\u0113tu patikt:<\/p>\n<p><em><a href=\"https:\/\/rmvapebang.com\/lv\/product\/fizzy-smart-150k-puffs-15-in-1-disposable-vape\/\">FIZZY Smart 150K vienreiz\u0113j\u0101 vape 15 popul\u0101ras gar\u0161as Izp\u0101rdo\u0161anas cena<\/a><\/em><\/p>\n<p><a href=\"https:\/\/rmvapebang.com\/lv\/product\/al-fakher-ice-adjust-15000-puffs-disposable-vape-2026-edition\/\"><em>Vape pildspalva tornado 15000 puffs Al fakher vienreizlietojams Eiropas top p\u0101rdo\u0161ana<\/em><\/a><\/p>\n<p><a href=\"https:\/\/rmvapebang.com\/lv\/product\/50000-puffs-dual-flavor-disposable-vape-with-smart-screen-type-c-charging\/\"><em>50000 Puffs Dubult\u0101s Gar\u0161as Vienreizlietojams Vape karsts p\u0101rdo\u0161an\u0101 Eirop\u0101<\/em><\/a><\/p>","protected":false},"excerpt":{"rendered":"<p><span style=\"color: #ff0000\"><strong>PIEZ\u012aME<\/strong>:\u00a0<em>Pri<\/em>Cenas m\u0101jaslap\u0101 neietver pieg\u0101des maksu. L\u016bdzu, ats\u016btiet savu pasta indeksu un adresi, lai m\u0113s var\u0113tu p\u0101rbaud\u012bt pieg\u0101des izmaksas.<\/span><\/p>\n<p data-start=\"126\" data-end=\"385\">HIFANCY Legend 20000 ir futuristiska vienreiz lietojama vape ar pilnu digit\u0101lo displeju, dubult\u0101m apkures re\u017e\u012bmiem un uzl\u0101d\u0113jamu augstas p\u016b\u0161anas veiktsp\u0113ju. Izstr\u0101d\u0101ta k\u0101 augstas klases vieda vape ier\u012bce, t\u0101 apvieno uzlabotu re\u017e\u0123a spir\u0101les tehnolo\u0123iju ar stabilu ilgtsp\u0113j\u012bgu izvadi.<\/p>\n<p><a href=\"https:\/\/wa.me\/8617840853976\"><strong><em>WhatsApp:+86 17840853976<\/em><\/strong><\/a><br \/>\nSken\u0113jiet WhatsApp, lai sa\u0146emtu kuponu jaunajiem klientiem<\/p>\n<p><img loading=\"lazy\" decoding=\"async\" class=\"alignnone size-medium wp-image-1905\" src=\"http:\/\/rmvapebang.com\/wp-content\/uploads\/2024\/03\/whatsapp-vape-2-202x300.jpg\" alt=\"\" width=\"202\" height=\"300\" \/><\/p>","protected":false},"featured_media":5676,"comment_status":"open","ping_status":"closed","template":"","meta":{"_uag_custom_page_level_css":"","_lmt_disableupdate":"no","_lmt_disable":"","site-sidebar-layout":"no-sidebar","site-content-layout":"boxed-container","ast-site-content-layout":"normal-width-container","site-content-style":"boxed","site-sidebar-style":"boxed","ast-global-header-display":"","ast-banner-title-visibility":"","ast-main-header-display":"","ast-hfb-above-header-display":"","ast-hfb-below-header-display":"","ast-hfb-mobile-header-display":"","site-post-title":"","ast-breadcrumbs-content":"","ast-featured-img":"","footer-sml-layout":"","theme-transparent-header-meta":"default","adv-header-id-meta":"","stick-header-meta":"","header-above-stick-meta":"","header-main-stick-meta":"","header-below-stick-meta":"","astra-migrate-meta-layouts":"set","ast-page-background-enabled":"default","ast-page-background-meta":{"desktop":{"background-color":"","background-image":"","background-repeat":"repeat","background-position":"center center","background-size":"auto","background-attachment":"scroll","background-type":"","background-media":"","overlay-type":"","overlay-color":"","overlay-gradient":""},"tablet":{"background-color":"","background-image":"","background-repeat":"repeat","background-position":"center center","background-size":"auto","background-attachment":"scroll","background-type":"","background-media":"","overlay-type":"","overlay-color":"","overlay-gradient":""},"mobile":{"background-color":"","background-image":"","background-repeat":"repeat","background-position":"center center","background-size":"auto","background-attachment":"scroll","background-type":"","background-media":"","overlay-type":"","overlay-color":"","overlay-gradient":""}},"ast-content-background-meta":{"desktop":{"background-color":"var(--ast-global-color-5)","background-image":"","background-repeat":"repeat","background-position":"center center","background-size":"auto","background-attachment":"scroll","background-type":"","background-media":"","overlay-type":"","overlay-color":"","overlay-gradient":""},"tablet":{"background-color":"var(--ast-global-color-5)","background-image":"","background-repeat":"repeat","background-position":"center center","background-size":"auto","background-attachment":"scroll","background-type":"","background-media":"","overlay-type":"","overlay-color":"","overlay-gradient":""},"mobile":{"background-color":"var(--ast-global-color-5)","background-image":"","background-repeat":"repeat","background-position":"center center","background-size":"auto","background-attachment":"scroll","background-type":"","background-media":"","overlay-type":"","overlay-color":"","overlay-gradient":""}},"_joinchat":{"telephone":"+8617840853976"}},"product_brand":[],"product_cat":[15,130,39,293,41,128,42,40,44,43],"product_tag":[46,45,50,61,58,53,52],"class_list":{"0":"post-5713","1":"product","2":"type-product","3":"status-publish","4":"has-post-thumbnail","6":"product_cat-eu-warehouse","7":"product_cat-digital-vapes-in-discount-price","8":"product_cat-france-wholesale-vape","9":"product_cat-hifancy-vapes","10":"product_cat-netherlands-wholesale-vape","11":"product_cat-smart-display","12":"product_cat-spain-wholesale-vape","13":"product_cat-germany-wholesale-vape","14":"product_cat-vape-20000-puffs","15":"product_cat-vape-shop","16":"product_tag-20000-puffs","17":"product_tag-20k-puff","18":"product_tag-bulk-price-vape-shop","19":"product_tag-good-sales-vape","20":"product_tag-moq-50pcs","21":"product_tag-rechargeable-vape","22":"product_tag-vape-wholesasle-price","23":"desktop-align-left","24":"tablet-align-left","25":"mobile-align-left","27":"first","28":"instock","29":"sale","30":"shipping-taxable","31":"purchasable","32":"product-type-simple"},"yoast_head":"<!-- This site is optimized with the Yoast SEO plugin v23.0 - https:\/\/yoast.com\/wordpress\/plugins\/seo\/ -->\n<title>HIFANCY Legend 20000 Smart Screen Rechargeable Disposable Vape - rmvapebang.com<\/title>\n<meta name=\"description\" content=\"HIFANCY Legend 20000 smart screen disposable vape with digital display, dual mesh coil, rechargeable 20K puff high capacity performance.\" \/>\n<meta name=\"robots\" content=\"index, follow, max-snippet:-1, max-image-preview:large, max-video-preview:-1\" \/>\n<link rel=\"canonical\" href=\"https:\/\/rmvapebang.com\/lv\/product\/hifancy-legend-20000-smart-screen-rechargeable-disposable-vape\/\" \/>\n<meta property=\"og:locale\" content=\"lv_LV\" \/>\n<meta property=\"og:type\" content=\"article\" \/>\n<meta property=\"og:title\" content=\"HIFANCY Legend 20000 Smart Screen Rechargeable Disposable Vape - rmvapebang.com\" \/>\n<meta property=\"og:description\" content=\"HIFANCY Legend 20000 smart screen disposable vape with digital display, dual mesh coil, rechargeable 20K puff high capacity performance.\" \/>\n<meta property=\"og:url\" content=\"https:\/\/rmvapebang.com\/lv\/product\/hifancy-legend-20000-smart-screen-rechargeable-disposable-vape\/\" \/>\n<meta property=\"og:site_name\" content=\"rmvapebang.com\" \/>\n<meta property=\"article:modified_time\" content=\"2026-04-06T11:38:16+00:00\" \/>\n<meta property=\"og:image\" content=\"http:\/\/rmvapebang.com\/wp-content\/uploads\/2026\/02\/HIFANCY-Legend-20000-Smart-Screen-Disposable-Vape-Full-Display.webp\" \/>\n\t<meta property=\"og:image:width\" content=\"800\" \/>\n\t<meta property=\"og:image:height\" content=\"800\" \/>\n\t<meta property=\"og:image:type\" content=\"image\/webp\" \/>\n<meta name=\"twitter:card\" content=\"summary_large_image\" \/>\n<meta name=\"twitter:label1\" content=\"Est. reading time\" \/>\n\t<meta name=\"twitter:data1\" content=\"3 min\u016btes\" \/>\n<script type=\"application\/ld+json\" class=\"yoast-schema-graph\">{\"@context\":\"https:\/\/schema.org\",\"@graph\":[{\"@type\":\"WebPage\",\"@id\":\"https:\/\/rmvapebang.com\/product\/hifancy-legend-20000-smart-screen-rechargeable-disposable-vape\/\",\"url\":\"https:\/\/rmvapebang.com\/product\/hifancy-legend-20000-smart-screen-rechargeable-disposable-vape\/\",\"name\":\"HIFANCY Legend 20000 Smart Screen Rechargeable Disposable Vape - rmvapebang.com\",\"isPartOf\":{\"@id\":\"https:\/\/rmvapebang.com\/#website\"},\"primaryImageOfPage\":{\"@id\":\"https:\/\/rmvapebang.com\/product\/hifancy-legend-20000-smart-screen-rechargeable-disposable-vape\/#primaryimage\"},\"image\":{\"@id\":\"https:\/\/rmvapebang.com\/product\/hifancy-legend-20000-smart-screen-rechargeable-disposable-vape\/#primaryimage\"},\"thumbnailUrl\":\"https:\/\/rmvapebang.com\/wp-content\/uploads\/2026\/02\/HIFANCY-Legend-20000-Smart-Screen-Disposable-Vape-Full-Display.webp\",\"datePublished\":\"2026-02-24T14:57:54+00:00\",\"dateModified\":\"2026-04-06T11:38:16+00:00\",\"description\":\"HIFANCY Legend 20000 smart screen disposable vape with digital display, dual mesh coil, rechargeable 20K puff high capacity performance.\",\"breadcrumb\":{\"@id\":\"https:\/\/rmvapebang.com\/product\/hifancy-legend-20000-smart-screen-rechargeable-disposable-vape\/#breadcrumb\"},\"inLanguage\":\"lv-LV\",\"potentialAction\":[{\"@type\":\"ReadAction\",\"target\":[\"https:\/\/rmvapebang.com\/product\/hifancy-legend-20000-smart-screen-rechargeable-disposable-vape\/\"]}]},{\"@type\":\"ImageObject\",\"inLanguage\":\"lv-LV\",\"@id\":\"https:\/\/rmvapebang.com\/product\/hifancy-legend-20000-smart-screen-rechargeable-disposable-vape\/#primaryimage\",\"url\":\"https:\/\/rmvapebang.com\/wp-content\/uploads\/2026\/02\/HIFANCY-Legend-20000-Smart-Screen-Disposable-Vape-Full-Display.webp\",\"contentUrl\":\"https:\/\/rmvapebang.com\/wp-content\/uploads\/2026\/02\/HIFANCY-Legend-20000-Smart-Screen-Disposable-Vape-Full-Display.webp\",\"width\":800,\"height\":800,\"caption\":\"Full screen HIFANCY Legend 20K disposable vape with modern digital display and long lasting battery performance.\"},{\"@type\":\"BreadcrumbList\",\"@id\":\"https:\/\/rmvapebang.com\/product\/hifancy-legend-20000-smart-screen-rechargeable-disposable-vape\/#breadcrumb\",\"itemListElement\":[{\"@type\":\"ListItem\",\"position\":1,\"name\":\"Home\",\"item\":\"https:\/\/rmvapebang.com\/\"},{\"@type\":\"ListItem\",\"position\":2,\"name\":\"Hot Vape Shop\",\"item\":\"https:\/\/rmvapebang.com\/shop-page\/\"},{\"@type\":\"ListItem\",\"position\":3,\"name\":\"HIFANCY Legend 20000 Smart Screen Rechargeable Disposable Vape\"}]},{\"@type\":\"WebSite\",\"@id\":\"https:\/\/rmvapebang.com\/#website\",\"url\":\"https:\/\/rmvapebang.com\/\",\"name\":\"rmvapebang.com\",\"description\":\"buy vape cheap\",\"publisher\":{\"@id\":\"https:\/\/rmvapebang.com\/#organization\"},\"potentialAction\":[{\"@type\":\"SearchAction\",\"target\":{\"@type\":\"EntryPoint\",\"urlTemplate\":\"https:\/\/rmvapebang.com\/?s={search_term_string}\"},\"query-input\":\"required name=search_term_string\"}],\"inLanguage\":\"lv-LV\"},{\"@type\":\"Organization\",\"@id\":\"https:\/\/rmvapebang.com\/#organization\",\"name\":\"rmvapebang.com\",\"url\":\"https:\/\/rmvapebang.com\/\",\"logo\":{\"@type\":\"ImageObject\",\"inLanguage\":\"lv-LV\",\"@id\":\"https:\/\/rmvapebang.com\/#\/schema\/logo\/image\/\",\"url\":\"https:\/\/rmvapebang.com\/wp-content\/uploads\/2024\/03\/cropped-RVBlogo.png\",\"contentUrl\":\"https:\/\/rmvapebang.com\/wp-content\/uploads\/2024\/03\/cropped-RVBlogo.png\",\"width\":507,\"height\":169,\"caption\":\"rmvapebang.com\"},\"image\":{\"@id\":\"https:\/\/rmvapebang.com\/#\/schema\/logo\/image\/\"}}]}<\/script>\n<!-- \/ Yoast SEO plugin. -->","yoast_head_json":{"title":"HIFANCY Legend 20000 Smart Screen Rechargeable Disposable Vape - rmvapebang.com","description":"HIFANCY Legend 20000 smart screen disposable vape with digital display, dual mesh coil, rechargeable 20K puff high capacity performance.","robots":{"index":"index","follow":"follow","max-snippet":"max-snippet:-1","max-image-preview":"max-image-preview:large","max-video-preview":"max-video-preview:-1"},"canonical":"https:\/\/rmvapebang.com\/lv\/product\/hifancy-legend-20000-smart-screen-rechargeable-disposable-vape\/","og_locale":"lv_LV","og_type":"article","og_title":"HIFANCY Legend 20000 Smart Screen Rechargeable Disposable Vape - rmvapebang.com","og_description":"HIFANCY Legend 20000 smart screen disposable vape with digital display, dual mesh coil, rechargeable 20K puff high capacity performance.","og_url":"https:\/\/rmvapebang.com\/lv\/product\/hifancy-legend-20000-smart-screen-rechargeable-disposable-vape\/","og_site_name":"rmvapebang.com","article_modified_time":"2026-04-06T11:38:16+00:00","og_image":[{"width":800,"height":800,"url":"http:\/\/rmvapebang.com\/wp-content\/uploads\/2026\/02\/HIFANCY-Legend-20000-Smart-Screen-Disposable-Vape-Full-Display.webp","type":"image\/webp"}],"twitter_card":"summary_large_image","twitter_misc":{"Est. reading time":"3 min\u016btes"},"schema":{"@context":"https:\/\/schema.org","@graph":[{"@type":"WebPage","@id":"https:\/\/rmvapebang.com\/product\/hifancy-legend-20000-smart-screen-rechargeable-disposable-vape\/","url":"https:\/\/rmvapebang.com\/product\/hifancy-legend-20000-smart-screen-rechargeable-disposable-vape\/","name":"HIFANCY Legend 20000 Smart Screen Rechargeable Disposable Vape - rmvapebang.com","isPartOf":{"@id":"https:\/\/rmvapebang.com\/#website"},"primaryImageOfPage":{"@id":"https:\/\/rmvapebang.com\/product\/hifancy-legend-20000-smart-screen-rechargeable-disposable-vape\/#primaryimage"},"image":{"@id":"https:\/\/rmvapebang.com\/product\/hifancy-legend-20000-smart-screen-rechargeable-disposable-vape\/#primaryimage"},"thumbnailUrl":"https:\/\/rmvapebang.com\/wp-content\/uploads\/2026\/02\/HIFANCY-Legend-20000-Smart-Screen-Disposable-Vape-Full-Display.webp","datePublished":"2026-02-24T14:57:54+00:00","dateModified":"2026-04-06T11:38:16+00:00","description":"HIFANCY Legend 20000 smart screen disposable vape with digital display, dual mesh coil, rechargeable 20K puff high capacity performance.","breadcrumb":{"@id":"https:\/\/rmvapebang.com\/product\/hifancy-legend-20000-smart-screen-rechargeable-disposable-vape\/#breadcrumb"},"inLanguage":"lv-LV","potentialAction":[{"@type":"ReadAction","target":["https:\/\/rmvapebang.com\/product\/hifancy-legend-20000-smart-screen-rechargeable-disposable-vape\/"]}]},{"@type":"ImageObject","inLanguage":"lv-LV","@id":"https:\/\/rmvapebang.com\/product\/hifancy-legend-20000-smart-screen-rechargeable-disposable-vape\/#primaryimage","url":"https:\/\/rmvapebang.com\/wp-content\/uploads\/2026\/02\/HIFANCY-Legend-20000-Smart-Screen-Disposable-Vape-Full-Display.webp","contentUrl":"https:\/\/rmvapebang.com\/wp-content\/uploads\/2026\/02\/HIFANCY-Legend-20000-Smart-Screen-Disposable-Vape-Full-Display.webp","width":800,"height":800,"caption":"Full screen HIFANCY Legend 20K disposable vape with modern digital display and long lasting battery performance."},{"@type":"BreadcrumbList","@id":"https:\/\/rmvapebang.com\/product\/hifancy-legend-20000-smart-screen-rechargeable-disposable-vape\/#breadcrumb","itemListElement":[{"@type":"ListItem","position":1,"name":"Home","item":"https:\/\/rmvapebang.com\/"},{"@type":"ListItem","position":2,"name":"Hot Vape Shop","item":"https:\/\/rmvapebang.com\/shop-page\/"},{"@type":"ListItem","position":3,"name":"HIFANCY Legend 20000 Smart Screen Rechargeable Disposable Vape"}]},{"@type":"WebSite","@id":"https:\/\/rmvapebang.com\/#website","url":"https:\/\/rmvapebang.com\/","name":"rmvapebang.com","description":"buy vape cheap","publisher":{"@id":"https:\/\/rmvapebang.com\/#organization"},"potentialAction":[{"@type":"SearchAction","target":{"@type":"EntryPoint","urlTemplate":"https:\/\/rmvapebang.com\/?s={search_term_string}"},"query-input":"required name=search_term_string"}],"inLanguage":"lv-LV"},{"@type":"Organization","@id":"https:\/\/rmvapebang.com\/#organization","name":"rmvapebang.com","url":"https:\/\/rmvapebang.com\/","logo":{"@type":"ImageObject","inLanguage":"lv-LV","@id":"https:\/\/rmvapebang.com\/#\/schema\/logo\/image\/","url":"https:\/\/rmvapebang.com\/wp-content\/uploads\/2024\/03\/cropped-RVBlogo.png","contentUrl":"https:\/\/rmvapebang.com\/wp-content\/uploads\/2024\/03\/cropped-RVBlogo.png","width":507,"height":169,"caption":"rmvapebang.com"},"image":{"@id":"https:\/\/rmvapebang.com\/#\/schema\/logo\/image\/"}}]}},"uagb_featured_image_src":{"full":["https:\/\/rmvapebang.com\/wp-content\/uploads\/2026\/02\/HIFANCY-Legend-20000-Smart-Screen-Disposable-Vape-Full-Display.webp",800,800,false],"thumbnail":["https:\/\/rmvapebang.com\/wp-content\/uploads\/2026\/02\/HIFANCY-Legend-20000-Smart-Screen-Disposable-Vape-Full-Display-150x150.webp",150,150,true],"medium":["https:\/\/rmvapebang.com\/wp-content\/uploads\/2026\/02\/HIFANCY-Legend-20000-Smart-Screen-Disposable-Vape-Full-Display-300x300.webp",300,300,true],"medium_large":["https:\/\/rmvapebang.com\/wp-content\/uploads\/2026\/02\/HIFANCY-Legend-20000-Smart-Screen-Disposable-Vape-Full-Display-768x768.webp",768,768,true],"large":["https:\/\/rmvapebang.com\/wp-content\/uploads\/2026\/02\/HIFANCY-Legend-20000-Smart-Screen-Disposable-Vape-Full-Display.webp",800,800,false],"1536x1536":["https:\/\/rmvapebang.com\/wp-content\/uploads\/2026\/02\/HIFANCY-Legend-20000-Smart-Screen-Disposable-Vape-Full-Display.webp",800,800,false],"2048x2048":["https:\/\/rmvapebang.com\/wp-content\/uploads\/2026\/02\/HIFANCY-Legend-20000-Smart-Screen-Disposable-Vape-Full-Display.webp",800,800,false],"trp-custom-language-flag":["https:\/\/rmvapebang.com\/wp-content\/uploads\/2026\/02\/HIFANCY-Legend-20000-Smart-Screen-Disposable-Vape-Full-Display-12x12.webp",12,12,true],"woocommerce_thumbnail":["https:\/\/rmvapebang.com\/wp-content\/uploads\/2026\/02\/HIFANCY-Legend-20000-Smart-Screen-Disposable-Vape-Full-Display-300x300.webp",300,300,true],"woocommerce_single":["https:\/\/rmvapebang.com\/wp-content\/uploads\/2026\/02\/HIFANCY-Legend-20000-Smart-Screen-Disposable-Vape-Full-Display-600x600.webp",600,600,true],"woocommerce_gallery_thumbnail":["https:\/\/rmvapebang.com\/wp-content\/uploads\/2026\/02\/HIFANCY-Legend-20000-Smart-Screen-Disposable-Vape-Full-Display-100x100.webp",100,100,true],"wcpr-photo-reviews":["https:\/\/rmvapebang.com\/wp-content\/uploads\/2026\/02\/HIFANCY-Legend-20000-Smart-Screen-Disposable-Vape-Full-Display.webp",500,500,false]},"uagb_author_info":{"display_name":"Lyn","author_link":"https:\/\/rmvapebang.com\/lv\/author\/"},"uagb_comment_info":0,"uagb_excerpt":"NOTE:\u00a0Prices on the website don\u2019t include shipping fee. Please send your zip code and address that we can check shipping costs for you. HIFANCY Legend 20000 is a futuristic disposable vape featuring a full digital display, dual heating modes and rechargeable high puff performance. Designed as a premium smart vape device, it combines advanced mesh&hellip;","_links":{"self":[{"href":"https:\/\/rmvapebang.com\/lv\/wp-json\/wp\/v2\/product\/5713","targetHints":{"allow":["GET"]}}],"collection":[{"href":"https:\/\/rmvapebang.com\/lv\/wp-json\/wp\/v2\/product"}],"about":[{"href":"https:\/\/rmvapebang.com\/lv\/wp-json\/wp\/v2\/types\/product"}],"replies":[{"embeddable":true,"href":"https:\/\/rmvapebang.com\/lv\/wp-json\/wp\/v2\/comments?post=5713"}],"wp:featuredmedia":[{"embeddable":true,"href":"https:\/\/rmvapebang.com\/lv\/wp-json\/wp\/v2\/media\/5676"}],"wp:attachment":[{"href":"https:\/\/rmvapebang.com\/lv\/wp-json\/wp\/v2\/media?parent=5713"}],"wp:term":[{"taxonomy":"product_brand","embeddable":true,"href":"https:\/\/rmvapebang.com\/lv\/wp-json\/wp\/v2\/product_brand?post=5713"},{"taxonomy":"product_cat","embeddable":true,"href":"https:\/\/rmvapebang.com\/lv\/wp-json\/wp\/v2\/product_cat?post=5713"},{"taxonomy":"product_tag","embeddable":true,"href":"https:\/\/rmvapebang.com\/lv\/wp-json\/wp\/v2\/product_tag?post=5713"}],"curies":[{"name":"wp","href":"https:\/\/api.w.org\/{rel}","templated":true}]}}