{"id":5712,"date":"2026-02-22T21:32:11","date_gmt":"2026-02-22T13:32:11","guid":{"rendered":"https:\/\/rmvapebang.com\/?post_type=product&#038;p=5712"},"modified":"2026-04-06T19:38:25","modified_gmt":"2026-04-06T11:38:25","slug":"hifancy-luxury-box-18k-smart-screen-disposable-vape","status":"publish","type":"product","link":"https:\/\/rmvapebang.com\/lv\/product\/hifancy-luxury-box-18k-smart-screen-disposable-vape\/","title":{"rendered":"HIFANCY Luksusa kaste 18K Gudrs ekr\u0101ns Vienreiz\u0113j\u0101s lieto\u0161anas vape"},"content":{"rendered":"<h2 data-pm-slice=\"1 1 []\">HIFANCY Luksusa kaste 18K Gudrs ekr\u0101ns Vienreiz\u0113j\u0101s lieto\u0161anas vape<\/h2>\n<p>HIFANCY Luxury Box 18K Gudrs ekr\u0101ns vienreiz\u0113jais vape, paredz\u0113ts augstas p\u016b\u0161anas entuziastiem. \u0160is<a href=\"https:\/\/rmvapebang.com\/lv\/product-category\/vape-18000-puffs\/\"><em><strong> 18000 p\u016b\u0161anas vienreiz\u0113jais vape<\/strong> <\/em><\/a>nodro\u0161ina ilgu darb\u012bbu ar 28ml e-\u0161\u0137idruma ietilp\u012bbu un \u010detriem sild\u012b\u0161anas re\u017e\u012bmiem, lai piel\u0101gotu gar\u0161as intensit\u0101ti.<\/p>\n<p>Vienreiz\u0113jais HIFANCY vape pilns <a href=\"https:\/\/rmvapebang.com\/lv\/product-category\/smart-display\/\"><em><strong>viedais ekr\u0101ns<\/strong> <\/em><\/a>sniedz re\u0101llaika akumulatora un lieto\u0161anas inform\u0101ciju, kam\u0113r 650mAh uzl\u0101d\u0113jams akumulators ar Type-C portu nodro\u0161ina nep\u0101rtrauktu baud\u012bjumu.<\/p>\n<p>Ide\u0101ls pieaugu\u0161ajiem, kas mekl\u0113 premium, augstas p\u016b\u0161anas <a href=\"https:\/\/rmvapebang.com\/lv\/product-category\/hifancy-vapes\/\"><em><strong>vienreiz\u0113jo HIFANCY vape<\/strong><\/em><\/a>, \u0161is ier\u012bces apvieno inov\u0101ciju, \u0113rt\u012bbas un luksusu vien\u0101 elegant\u0101 dizain\u0101, padarot to par popul\u0101ru izv\u0113li Eiropas vaperiem.<\/p>\n<figure id=\"attachment_5663\" aria-describedby=\"caption-attachment-5663\" style=\"width: 800px\" class=\"wp-caption alignnone\"><img loading=\"lazy\" decoding=\"async\" class=\"wp-image-5663 size-full\" src=\"http:\/\/rmvapebang.com\/wp-content\/uploads\/2026\/02\/HIFANCY-Luxury-Box-Flavor-Series.webp\" alt=\"HIFANCY Luksusa kaste 18K vienreizlietojama vape ar gar\u0161u kolekciju\" width=\"800\" height=\"565\" srcset=\"https:\/\/rmvapebang.com\/wp-content\/uploads\/2026\/02\/HIFANCY-Luxury-Box-Flavor-Series.webp 800w, https:\/\/rmvapebang.com\/wp-content\/uploads\/2026\/02\/HIFANCY-Luxury-Box-Flavor-Series-300x212.webp 300w, https:\/\/rmvapebang.com\/wp-content\/uploads\/2026\/02\/HIFANCY-Luxury-Box-Flavor-Series-768x542.webp 768w, https:\/\/rmvapebang.com\/wp-content\/uploads\/2026\/02\/HIFANCY-Luxury-Box-Flavor-Series-18x12.webp 18w, https:\/\/rmvapebang.com\/wp-content\/uploads\/2026\/02\/HIFANCY-Luxury-Box-Flavor-Series-600x424.webp 600w\" sizes=\"auto, (max-width: 800px) 100vw, 800px\" \/><figcaption id=\"caption-attachment-5663\" class=\"wp-caption-text\">Popul\u0101ras aug\u013cu un ledus gar\u0161as opcijas.<\/figcaption><\/figure>\n<h2 data-start=\"815\" data-end=\"866\">Gar\u0161as saraksts vienreiz\u0113j\u0101 18k Luxury Box Vape<\/h2>\n<p>1. Melle\u0146u avenes ledus<br \/>\n2. Persiku sula<br \/>\n3. Anan\u0101su Kokosriekstu ledus<br \/>\n4. Arb\u016bza ledus<br \/>\n5. Mellenes sk\u0101b\u0101 \u0101bolu ledus<br \/>\n6. Zeme\u0146u arb\u016bzs<br \/>\n7. Sajaukts ogu<br \/>\n8. Mamba<br \/>\n9. Mellenes ledus<br \/>\n10. Zeme\u0146u ave\u0146u \u0137ir\u0161u<\/p>\n<h2 data-start=\"1030\" data-end=\"1085\">Galven\u0101s iez\u012bmes Gudr\u0101 ekr\u0101na vienreiz\u0113j\u0101 vape 18K p\u016b\u0161anas<\/h2>\n<ul>\n<li>\u26a1 18000 p\u016b\u0161anas \u2013 ilgs vaping laiks, lai baud\u012btu ilg\u0101k<\/li>\n<li>\ud83d\udd0b 650mAh Uzl\u0101d\u0113jama akumulatora \u2013 Atbalsta Type-C \u0101tru uzl\u0101di<\/li>\n<li>\ud83c\udf21\ufe0f \u010cetras apkures re\u017e\u012bmi \u2013 Personaliz\u0113jiet gar\u0161as intensit\u0101ti<\/li>\n<li>\ud83d\udda5\ufe0f Pilna vieda ekr\u0101ns \u2013 Re\u0101llaika akumulatora un lieto\u0161anas inform\u0101cija<\/li>\n<li>\ud83d\udca7 28ml Liela e-\u0161\u0137idruma ietilp\u012bba \u2013 Gluda un konsekventa gar\u0161a<\/li>\n<li>\ud83d\udd04 Dubult\u0101s re\u017e\u0123a spir\u0101les sist\u0113ma \u2013 Sabalans\u0113ta tvaika ra\u017eo\u0161ana<\/li>\n<\/ul>\n<h2 data-start=\"1650\" data-end=\"1703\">K\u0101p\u0113c izv\u0113l\u0113ties HIFANCY Luxury Box 18000 Puffs Vape<\/h2>\n<ul>\n<li>Augstas kvalit\u0101tes dizains \u2013 Elegants un m\u016bsdien\u012bgs izskats<\/li>\n<li>Personaliz\u0113jama apkure \u2013 \u010cetri re\u017e\u012bmi individu\u0101lai vaping pieredzei<\/li>\n<li>Ilgsto\u0161a akumulatora darb\u012bba \u2013 Uzticams Type-C uzl\u0101d\u0113jams akumulators<\/li>\n<li>Gluda tvaika izdal\u012b\u0161ana \u2013 Dubult\u0101s re\u017e\u0123a spir\u0101les nodro\u0161ina konsekventu gar\u0161u<\/li>\n<\/ul>\n<h2 data-start=\"1978\" data-end=\"2027\">Bie\u017e\u0101k uzdotie jaut\u0101jumi par \u010detriem apkures re\u017e\u012bmiem vienreizlietojamajam vape<\/h2>\n<p><strong>Jaut\u0101jums 1: Cik ilgi darbojas akumulators HIFANCY Luxury Box 18K?<\/strong><br \/>\nAtbilde 1: 650mAh uzl\u0101d\u0101mais akumulators atbalsta ilgsto\u0161u lieto\u0161anu un var \u0101tri uzl\u0101d\u0113t caur Type-C uzl\u0101des portu.<\/p>\n<p><strong>Jaut\u0101jums 2: Vai viedais ekr\u0101ns r\u0101da re\u0101llaika inform\u0101ciju?<\/strong><br \/>\nAtbilde 2: J\u0101. Pilnais ekr\u0101ns r\u0101da akumulatora l\u012bmeni un lieto\u0161anas statusu, padarot vaping pieredzi viegli uzraudz\u0101mu.<\/p>\n<p><strong>Jaut\u0101jums 3: Cik daudz e-\u0161\u0137idruma ir \u0161im vape?<\/strong><br \/>\nAtbilde 3: Tam ir liela 28ml e-\u0161\u0137idruma ietilp\u012bba, kas paredz\u0113ta ilgsto\u0161ai gar\u0161as baud\u012b\u0161anai un konsekventai tvaika ra\u017eo\u0161anai.<\/p>\n<p><strong>Jaut\u0101jums 4: Ko dara \u010detri apkures re\u017e\u012bmi?<\/strong><br \/>\nAtbilde 4: \u010cetri apkures l\u012bme\u0146i \u013cauj piel\u0101got tvaika intensit\u0101ti un gar\u0161as stiprumu atbilsto\u0161i j\u016bsu v\u0113lm\u0113m.<\/p>\n<p><strong>Sazinieties ar Linu, lai sa\u0146emtu vair\u0101k produktu video!<\/strong><\/p>\n<p><a href=\"https:\/\/wa.me\/8617840853976\"><span style=\"color: #ff6600\"><strong><em>WhatsApp:+86 17840853976<\/em><\/strong><\/span><\/a><\/p>\n<p><img loading=\"lazy\" decoding=\"async\" class=\"alignnone size-medium wp-image-1905\" src=\"http:\/\/rmvapebang.com\/wp-content\/uploads\/2024\/03\/whatsapp-vape-2-202x300.jpg\" alt=\"\" width=\"202\" height=\"300\" \/><\/p>\n<p>Atrodiet vair\u0101k produktu, kas jums var\u0113tu patikt:<a href=\"https:\/\/rmvapebang.com\/lv\/shop-page\/\"><strong><em>Iepirkties tagad<\/em><\/strong><\/a><\/p>\n<p>citas p\u016b\u0161anas, kas jums var\u0113tu patikt:<\/p>\n<p><em><a href=\"https:\/\/rmvapebang.com\/lv\/product\/fizzy-smart-150k-puffs-15-in-1-disposable-vape\/\">FIZZY Smart 150K vienreiz\u0113j\u0101 vape 15 popul\u0101ras gar\u0161as Izp\u0101rdo\u0161anas cena<\/a><\/em><\/p>\n<p><a href=\"https:\/\/rmvapebang.com\/lv\/product\/vapme-crystal-30000-puffs-vape-bulk-sale-price-for-eu-vape-shops\/\"><em>Vapme Crystal 30K Tornado vape augsta pufa vienreizlietojama ier\u012bce<\/em><\/a><\/p>\n<p><em><a href=\"https:\/\/rmvapebang.com\/lv\/product\/uzy-150000-puffs-disposable-vape-six-flavors-wholesale-price\/\">150K UZ ar 6-in-1 gar\u0161\u0101m karsta izp\u0101rdo\u0161ana Eiropas noliktav\u0101<\/a><\/em><\/p>","protected":false},"excerpt":{"rendered":"<p><span style=\"color: #ff0000\"><strong>PIEZ\u012aME<\/strong>:\u00a0<em>Pri<\/em>Cenas m\u0101jaslap\u0101 neietver pieg\u0101des maksu. L\u016bdzu, ats\u016btiet savu pasta indeksu un adresi, lai m\u0113s var\u0113tu p\u0101rbaud\u012bt pieg\u0101des izmaksas.<\/span><\/p>\n<p data-start=\"126\" data-end=\"385\">HIFANCY Luxury Box 18K ide\u0101ls Eiropas pieaugu\u0161ajiem, \u0161is augstas p\u016b\u0161anas vienreiz\u0113jais vape ar gudru ekr\u0101nu, dubultu t\u012bkli\u0146u spir\u0101li un uzl\u0101d\u0113jamu Type-C akumulatoru. Ide\u0101ls premium vaping vai vairumtirdzniec\u012bbas 18K p\u016b\u0161anu pieg\u0101dei, tas nodro\u0161ina gludu gar\u0161u un ilgu baud\u012bjumu.<\/p>\n<p><a href=\"https:\/\/wa.me\/8617840853976\"><strong><em>WhatsApp:+86 17840853976<\/em><\/strong><\/a><br \/>\nSken\u0113jiet WhatsApp, lai sa\u0146emtu kuponu jaunajiem klientiem<\/p>\n<p><img loading=\"lazy\" decoding=\"async\" class=\"alignnone size-medium wp-image-1905\" src=\"http:\/\/rmvapebang.com\/wp-content\/uploads\/2024\/03\/whatsapp-vape-2-202x300.jpg\" alt=\"\" width=\"202\" height=\"300\" \/><\/p>","protected":false},"featured_media":5667,"comment_status":"open","ping_status":"closed","template":"","meta":{"_uag_custom_page_level_css":"","_lmt_disableupdate":"no","_lmt_disable":"","site-sidebar-layout":"no-sidebar","site-content-layout":"boxed-container","ast-site-content-layout":"normal-width-container","site-content-style":"boxed","site-sidebar-style":"boxed","ast-global-header-display":"","ast-banner-title-visibility":"","ast-main-header-display":"","ast-hfb-above-header-display":"","ast-hfb-below-header-display":"","ast-hfb-mobile-header-display":"","site-post-title":"","ast-breadcrumbs-content":"","ast-featured-img":"","footer-sml-layout":"","theme-transparent-header-meta":"default","adv-header-id-meta":"","stick-header-meta":"","header-above-stick-meta":"","header-main-stick-meta":"","header-below-stick-meta":"","astra-migrate-meta-layouts":"set","ast-page-background-enabled":"default","ast-page-background-meta":{"desktop":{"background-color":"","background-image":"","background-repeat":"repeat","background-position":"center center","background-size":"auto","background-attachment":"scroll","background-type":"","background-media":"","overlay-type":"","overlay-color":"","overlay-gradient":""},"tablet":{"background-color":"","background-image":"","background-repeat":"repeat","background-position":"center center","background-size":"auto","background-attachment":"scroll","background-type":"","background-media":"","overlay-type":"","overlay-color":"","overlay-gradient":""},"mobile":{"background-color":"","background-image":"","background-repeat":"repeat","background-position":"center center","background-size":"auto","background-attachment":"scroll","background-type":"","background-media":"","overlay-type":"","overlay-color":"","overlay-gradient":""}},"ast-content-background-meta":{"desktop":{"background-color":"var(--ast-global-color-5)","background-image":"","background-repeat":"repeat","background-position":"center center","background-size":"auto","background-attachment":"scroll","background-type":"","background-media":"","overlay-type":"","overlay-color":"","overlay-gradient":""},"tablet":{"background-color":"var(--ast-global-color-5)","background-image":"","background-repeat":"repeat","background-position":"center center","background-size":"auto","background-attachment":"scroll","background-type":"","background-media":"","overlay-type":"","overlay-color":"","overlay-gradient":""},"mobile":{"background-color":"var(--ast-global-color-5)","background-image":"","background-repeat":"repeat","background-position":"center center","background-size":"auto","background-attachment":"scroll","background-type":"","background-media":"","overlay-type":"","overlay-color":"","overlay-gradient":""}},"_joinchat":{"telephone":"+8617840853976"}},"product_brand":[],"product_cat":[15,130,39,293,41,128,42,40,78,43],"product_tag":[71,72,50,61,58,53,52],"class_list":{"0":"post-5712","1":"product","2":"type-product","3":"status-publish","4":"has-post-thumbnail","6":"product_cat-eu-warehouse","7":"product_cat-digital-vapes-in-discount-price","8":"product_cat-france-wholesale-vape","9":"product_cat-hifancy-vapes","10":"product_cat-netherlands-wholesale-vape","11":"product_cat-smart-display","12":"product_cat-spain-wholesale-vape","13":"product_cat-germany-wholesale-vape","14":"product_cat-vape-18000-puffs","15":"product_cat-vape-shop","16":"product_tag-18000-puffs","17":"product_tag-18k-puffs","18":"product_tag-bulk-price-vape-shop","19":"product_tag-good-sales-vape","20":"product_tag-moq-50pcs","21":"product_tag-rechargeable-vape","22":"product_tag-vape-wholesasle-price","23":"desktop-align-left","24":"tablet-align-left","25":"mobile-align-left","27":"first","28":"instock","29":"sale","30":"shipping-taxable","31":"purchasable","32":"product-type-simple"},"yoast_head":"<!-- This site is optimized with the Yoast SEO plugin v23.0 - https:\/\/yoast.com\/wordpress\/plugins\/seo\/ -->\n<title>HIFANCY Luxury Box 18K Smart Screen Disposable Vape - rmvapebang.com<\/title>\n<meta name=\"description\" content=\"HIFANCY Luxury Box 18K Smart Screen Disposable Vape \u2013 18000 puffs, rechargeable, dual mesh coil, 28ml e-liquid, four heating modes.\" \/>\n<meta name=\"robots\" content=\"index, follow, max-snippet:-1, max-image-preview:large, max-video-preview:-1\" \/>\n<link rel=\"canonical\" href=\"https:\/\/rmvapebang.com\/lv\/product\/hifancy-luxury-box-18k-smart-screen-disposable-vape\/\" \/>\n<meta property=\"og:locale\" content=\"lv_LV\" \/>\n<meta property=\"og:type\" content=\"article\" \/>\n<meta property=\"og:title\" content=\"HIFANCY Luxury Box 18K Smart Screen Disposable Vape - rmvapebang.com\" \/>\n<meta property=\"og:description\" content=\"HIFANCY Luxury Box 18K Smart Screen Disposable Vape \u2013 18000 puffs, rechargeable, dual mesh coil, 28ml e-liquid, four heating modes.\" \/>\n<meta property=\"og:url\" content=\"https:\/\/rmvapebang.com\/lv\/product\/hifancy-luxury-box-18k-smart-screen-disposable-vape\/\" \/>\n<meta property=\"og:site_name\" content=\"rmvapebang.com\" \/>\n<meta property=\"article:modified_time\" content=\"2026-04-06T11:38:25+00:00\" \/>\n<meta property=\"og:image\" content=\"http:\/\/rmvapebang.com\/wp-content\/uploads\/2026\/02\/HIFANCY-Luxury-Box-18K-Disposable-Vape.webp\" \/>\n\t<meta property=\"og:image:width\" content=\"800\" \/>\n\t<meta property=\"og:image:height\" content=\"800\" \/>\n\t<meta property=\"og:image:type\" content=\"image\/webp\" \/>\n<meta name=\"twitter:card\" content=\"summary_large_image\" \/>\n<meta name=\"twitter:label1\" content=\"Est. reading time\" \/>\n\t<meta name=\"twitter:data1\" content=\"3 min\u016btes\" \/>\n<script type=\"application\/ld+json\" class=\"yoast-schema-graph\">{\"@context\":\"https:\/\/schema.org\",\"@graph\":[{\"@type\":\"WebPage\",\"@id\":\"https:\/\/rmvapebang.com\/product\/hifancy-luxury-box-18k-smart-screen-disposable-vape\/\",\"url\":\"https:\/\/rmvapebang.com\/product\/hifancy-luxury-box-18k-smart-screen-disposable-vape\/\",\"name\":\"HIFANCY Luxury Box 18K Smart Screen Disposable Vape - rmvapebang.com\",\"isPartOf\":{\"@id\":\"https:\/\/rmvapebang.com\/#website\"},\"primaryImageOfPage\":{\"@id\":\"https:\/\/rmvapebang.com\/product\/hifancy-luxury-box-18k-smart-screen-disposable-vape\/#primaryimage\"},\"image\":{\"@id\":\"https:\/\/rmvapebang.com\/product\/hifancy-luxury-box-18k-smart-screen-disposable-vape\/#primaryimage\"},\"thumbnailUrl\":\"https:\/\/rmvapebang.com\/wp-content\/uploads\/2026\/02\/HIFANCY-Luxury-Box-18K-Disposable-Vape.webp\",\"datePublished\":\"2026-02-22T13:32:11+00:00\",\"dateModified\":\"2026-04-06T11:38:25+00:00\",\"description\":\"HIFANCY Luxury Box 18K Smart Screen Disposable Vape \u2013 18000 puffs, rechargeable, dual mesh coil, 28ml e-liquid, four heating modes.\",\"breadcrumb\":{\"@id\":\"https:\/\/rmvapebang.com\/product\/hifancy-luxury-box-18k-smart-screen-disposable-vape\/#breadcrumb\"},\"inLanguage\":\"lv-LV\",\"potentialAction\":[{\"@type\":\"ReadAction\",\"target\":[\"https:\/\/rmvapebang.com\/product\/hifancy-luxury-box-18k-smart-screen-disposable-vape\/\"]}]},{\"@type\":\"ImageObject\",\"inLanguage\":\"lv-LV\",\"@id\":\"https:\/\/rmvapebang.com\/product\/hifancy-luxury-box-18k-smart-screen-disposable-vape\/#primaryimage\",\"url\":\"https:\/\/rmvapebang.com\/wp-content\/uploads\/2026\/02\/HIFANCY-Luxury-Box-18K-Disposable-Vape.webp\",\"contentUrl\":\"https:\/\/rmvapebang.com\/wp-content\/uploads\/2026\/02\/HIFANCY-Luxury-Box-18K-Disposable-Vape.webp\",\"width\":800,\"height\":800,\"caption\":\"18000 puffs smart screen rechargeable vape.\"},{\"@type\":\"BreadcrumbList\",\"@id\":\"https:\/\/rmvapebang.com\/product\/hifancy-luxury-box-18k-smart-screen-disposable-vape\/#breadcrumb\",\"itemListElement\":[{\"@type\":\"ListItem\",\"position\":1,\"name\":\"Home\",\"item\":\"https:\/\/rmvapebang.com\/\"},{\"@type\":\"ListItem\",\"position\":2,\"name\":\"Hot Vape Shop\",\"item\":\"https:\/\/rmvapebang.com\/shop-page\/\"},{\"@type\":\"ListItem\",\"position\":3,\"name\":\"HIFANCY Luxury Box 18K Smart Screen Disposable Vape\"}]},{\"@type\":\"WebSite\",\"@id\":\"https:\/\/rmvapebang.com\/#website\",\"url\":\"https:\/\/rmvapebang.com\/\",\"name\":\"rmvapebang.com\",\"description\":\"buy vape cheap\",\"publisher\":{\"@id\":\"https:\/\/rmvapebang.com\/#organization\"},\"potentialAction\":[{\"@type\":\"SearchAction\",\"target\":{\"@type\":\"EntryPoint\",\"urlTemplate\":\"https:\/\/rmvapebang.com\/?s={search_term_string}\"},\"query-input\":\"required name=search_term_string\"}],\"inLanguage\":\"lv-LV\"},{\"@type\":\"Organization\",\"@id\":\"https:\/\/rmvapebang.com\/#organization\",\"name\":\"rmvapebang.com\",\"url\":\"https:\/\/rmvapebang.com\/\",\"logo\":{\"@type\":\"ImageObject\",\"inLanguage\":\"lv-LV\",\"@id\":\"https:\/\/rmvapebang.com\/#\/schema\/logo\/image\/\",\"url\":\"https:\/\/rmvapebang.com\/wp-content\/uploads\/2024\/03\/cropped-RVBlogo.png\",\"contentUrl\":\"https:\/\/rmvapebang.com\/wp-content\/uploads\/2024\/03\/cropped-RVBlogo.png\",\"width\":507,\"height\":169,\"caption\":\"rmvapebang.com\"},\"image\":{\"@id\":\"https:\/\/rmvapebang.com\/#\/schema\/logo\/image\/\"}}]}<\/script>\n<!-- \/ Yoast SEO plugin. -->","yoast_head_json":{"title":"HIFANCY Luxury Box 18K Smart Screen Disposable Vape - rmvapebang.com","description":"HIFANCY Luxury Box 18K Smart Screen Disposable Vape \u2013 18000 puffs, rechargeable, dual mesh coil, 28ml e-liquid, four heating modes.","robots":{"index":"index","follow":"follow","max-snippet":"max-snippet:-1","max-image-preview":"max-image-preview:large","max-video-preview":"max-video-preview:-1"},"canonical":"https:\/\/rmvapebang.com\/lv\/product\/hifancy-luxury-box-18k-smart-screen-disposable-vape\/","og_locale":"lv_LV","og_type":"article","og_title":"HIFANCY Luxury Box 18K Smart Screen Disposable Vape - rmvapebang.com","og_description":"HIFANCY Luxury Box 18K Smart Screen Disposable Vape \u2013 18000 puffs, rechargeable, dual mesh coil, 28ml e-liquid, four heating modes.","og_url":"https:\/\/rmvapebang.com\/lv\/product\/hifancy-luxury-box-18k-smart-screen-disposable-vape\/","og_site_name":"rmvapebang.com","article_modified_time":"2026-04-06T11:38:25+00:00","og_image":[{"width":800,"height":800,"url":"http:\/\/rmvapebang.com\/wp-content\/uploads\/2026\/02\/HIFANCY-Luxury-Box-18K-Disposable-Vape.webp","type":"image\/webp"}],"twitter_card":"summary_large_image","twitter_misc":{"Est. reading time":"3 min\u016btes"},"schema":{"@context":"https:\/\/schema.org","@graph":[{"@type":"WebPage","@id":"https:\/\/rmvapebang.com\/product\/hifancy-luxury-box-18k-smart-screen-disposable-vape\/","url":"https:\/\/rmvapebang.com\/product\/hifancy-luxury-box-18k-smart-screen-disposable-vape\/","name":"HIFANCY Luxury Box 18K Smart Screen Disposable Vape - rmvapebang.com","isPartOf":{"@id":"https:\/\/rmvapebang.com\/#website"},"primaryImageOfPage":{"@id":"https:\/\/rmvapebang.com\/product\/hifancy-luxury-box-18k-smart-screen-disposable-vape\/#primaryimage"},"image":{"@id":"https:\/\/rmvapebang.com\/product\/hifancy-luxury-box-18k-smart-screen-disposable-vape\/#primaryimage"},"thumbnailUrl":"https:\/\/rmvapebang.com\/wp-content\/uploads\/2026\/02\/HIFANCY-Luxury-Box-18K-Disposable-Vape.webp","datePublished":"2026-02-22T13:32:11+00:00","dateModified":"2026-04-06T11:38:25+00:00","description":"HIFANCY Luxury Box 18K Smart Screen Disposable Vape \u2013 18000 puffs, rechargeable, dual mesh coil, 28ml e-liquid, four heating modes.","breadcrumb":{"@id":"https:\/\/rmvapebang.com\/product\/hifancy-luxury-box-18k-smart-screen-disposable-vape\/#breadcrumb"},"inLanguage":"lv-LV","potentialAction":[{"@type":"ReadAction","target":["https:\/\/rmvapebang.com\/product\/hifancy-luxury-box-18k-smart-screen-disposable-vape\/"]}]},{"@type":"ImageObject","inLanguage":"lv-LV","@id":"https:\/\/rmvapebang.com\/product\/hifancy-luxury-box-18k-smart-screen-disposable-vape\/#primaryimage","url":"https:\/\/rmvapebang.com\/wp-content\/uploads\/2026\/02\/HIFANCY-Luxury-Box-18K-Disposable-Vape.webp","contentUrl":"https:\/\/rmvapebang.com\/wp-content\/uploads\/2026\/02\/HIFANCY-Luxury-Box-18K-Disposable-Vape.webp","width":800,"height":800,"caption":"18000 puffs smart screen rechargeable vape."},{"@type":"BreadcrumbList","@id":"https:\/\/rmvapebang.com\/product\/hifancy-luxury-box-18k-smart-screen-disposable-vape\/#breadcrumb","itemListElement":[{"@type":"ListItem","position":1,"name":"Home","item":"https:\/\/rmvapebang.com\/"},{"@type":"ListItem","position":2,"name":"Hot Vape Shop","item":"https:\/\/rmvapebang.com\/shop-page\/"},{"@type":"ListItem","position":3,"name":"HIFANCY Luxury Box 18K Smart Screen Disposable Vape"}]},{"@type":"WebSite","@id":"https:\/\/rmvapebang.com\/#website","url":"https:\/\/rmvapebang.com\/","name":"rmvapebang.com","description":"buy vape cheap","publisher":{"@id":"https:\/\/rmvapebang.com\/#organization"},"potentialAction":[{"@type":"SearchAction","target":{"@type":"EntryPoint","urlTemplate":"https:\/\/rmvapebang.com\/?s={search_term_string}"},"query-input":"required name=search_term_string"}],"inLanguage":"lv-LV"},{"@type":"Organization","@id":"https:\/\/rmvapebang.com\/#organization","name":"rmvapebang.com","url":"https:\/\/rmvapebang.com\/","logo":{"@type":"ImageObject","inLanguage":"lv-LV","@id":"https:\/\/rmvapebang.com\/#\/schema\/logo\/image\/","url":"https:\/\/rmvapebang.com\/wp-content\/uploads\/2024\/03\/cropped-RVBlogo.png","contentUrl":"https:\/\/rmvapebang.com\/wp-content\/uploads\/2024\/03\/cropped-RVBlogo.png","width":507,"height":169,"caption":"rmvapebang.com"},"image":{"@id":"https:\/\/rmvapebang.com\/#\/schema\/logo\/image\/"}}]}},"uagb_featured_image_src":{"full":["https:\/\/rmvapebang.com\/wp-content\/uploads\/2026\/02\/HIFANCY-Luxury-Box-18K-Disposable-Vape.webp",800,800,false],"thumbnail":["https:\/\/rmvapebang.com\/wp-content\/uploads\/2026\/02\/HIFANCY-Luxury-Box-18K-Disposable-Vape-150x150.webp",150,150,true],"medium":["https:\/\/rmvapebang.com\/wp-content\/uploads\/2026\/02\/HIFANCY-Luxury-Box-18K-Disposable-Vape-300x300.webp",300,300,true],"medium_large":["https:\/\/rmvapebang.com\/wp-content\/uploads\/2026\/02\/HIFANCY-Luxury-Box-18K-Disposable-Vape-768x768.webp",768,768,true],"large":["https:\/\/rmvapebang.com\/wp-content\/uploads\/2026\/02\/HIFANCY-Luxury-Box-18K-Disposable-Vape.webp",800,800,false],"1536x1536":["https:\/\/rmvapebang.com\/wp-content\/uploads\/2026\/02\/HIFANCY-Luxury-Box-18K-Disposable-Vape.webp",800,800,false],"2048x2048":["https:\/\/rmvapebang.com\/wp-content\/uploads\/2026\/02\/HIFANCY-Luxury-Box-18K-Disposable-Vape.webp",800,800,false],"trp-custom-language-flag":["https:\/\/rmvapebang.com\/wp-content\/uploads\/2026\/02\/HIFANCY-Luxury-Box-18K-Disposable-Vape-12x12.webp",12,12,true],"woocommerce_thumbnail":["https:\/\/rmvapebang.com\/wp-content\/uploads\/2026\/02\/HIFANCY-Luxury-Box-18K-Disposable-Vape-300x300.webp",300,300,true],"woocommerce_single":["https:\/\/rmvapebang.com\/wp-content\/uploads\/2026\/02\/HIFANCY-Luxury-Box-18K-Disposable-Vape-600x600.webp",600,600,true],"woocommerce_gallery_thumbnail":["https:\/\/rmvapebang.com\/wp-content\/uploads\/2026\/02\/HIFANCY-Luxury-Box-18K-Disposable-Vape-100x100.webp",100,100,true],"wcpr-photo-reviews":["https:\/\/rmvapebang.com\/wp-content\/uploads\/2026\/02\/HIFANCY-Luxury-Box-18K-Disposable-Vape.webp",500,500,false]},"uagb_author_info":{"display_name":"Lyn","author_link":"https:\/\/rmvapebang.com\/lv\/author\/"},"uagb_comment_info":0,"uagb_excerpt":"NOTE:\u00a0Prices on the website don\u2019t include shipping fee. Please send your zip code and address that we can check shipping costs for you. HIFANCY Luxury Box 18K perfect for European adults, this high puff disposable vape features smart screen, dual mesh coil, and rechargeable Type-C battery. Ideal for premium vaping or wholesale 18K puffs supply,&hellip;","_links":{"self":[{"href":"https:\/\/rmvapebang.com\/lv\/wp-json\/wp\/v2\/product\/5712","targetHints":{"allow":["GET"]}}],"collection":[{"href":"https:\/\/rmvapebang.com\/lv\/wp-json\/wp\/v2\/product"}],"about":[{"href":"https:\/\/rmvapebang.com\/lv\/wp-json\/wp\/v2\/types\/product"}],"replies":[{"embeddable":true,"href":"https:\/\/rmvapebang.com\/lv\/wp-json\/wp\/v2\/comments?post=5712"}],"wp:featuredmedia":[{"embeddable":true,"href":"https:\/\/rmvapebang.com\/lv\/wp-json\/wp\/v2\/media\/5667"}],"wp:attachment":[{"href":"https:\/\/rmvapebang.com\/lv\/wp-json\/wp\/v2\/media?parent=5712"}],"wp:term":[{"taxonomy":"product_brand","embeddable":true,"href":"https:\/\/rmvapebang.com\/lv\/wp-json\/wp\/v2\/product_brand?post=5712"},{"taxonomy":"product_cat","embeddable":true,"href":"https:\/\/rmvapebang.com\/lv\/wp-json\/wp\/v2\/product_cat?post=5712"},{"taxonomy":"product_tag","embeddable":true,"href":"https:\/\/rmvapebang.com\/lv\/wp-json\/wp\/v2\/product_tag?post=5712"}],"curies":[{"name":"wp","href":"https:\/\/api.w.org\/{rel}","templated":true}]}}