{"id":4373,"date":"2025-06-12T16:35:47","date_gmt":"2025-06-12T08:35:47","guid":{"rendered":"https:\/\/rmvapebang.com\/?post_type=product&#038;p=4373"},"modified":"2025-09-01T17:24:36","modified_gmt":"2025-09-01T09:24:36","slug":"disposable-vape-bulk-purchase-bang-kindomes-rex-double-flavors-30000-puffs-save-big-on-high-puff-vapes","status":"publish","type":"product","link":"https:\/\/rmvapebang.com\/lv\/product\/disposable-vape-bulk-purchase-bang-kindomes-rex-double-flavors-30000-puffs-save-big-on-high-puff-vapes\/","title":{"rendered":"Vienreiz\u0113j\u0101s lieto\u0161anas Vape liela apjoma ieg\u0101de Bang Kindomes Rex dubult\u0101s gar\u0161as 30000 dvesmas ietaupiet daudz uz lielu dvesmu veipiem"},"content":{"rendered":"<h2 style=\"text-align: center\">Vienreiz\u0113j\u0101s lieto\u0161anas Vape liela apjoma ieg\u0101de Bang Kindomes Rex dubult\u0101s gar\u0161as 30000 dvesmas ietaupiet daudz uz lielu dvesmu veipiem<\/h2>\n<p><a href=\"https:\/\/rmvapebang.com\/lv\/product-category\/bang-vapes\/\">Bang vienreiz\u0113j\u0101s lieto\u0161anas e-cigare\u0161u vairumtirdzniec\u012bbas pirkums<\/a> Kindomes Rex dubult\u0101s gar\u0161as 30000 dvesmu liels ietaup\u012bjums uz liela dvesmu skaita e-cigaret\u0113m pied\u0101v\u0101 30 000 dvesmu gar\u0161as baud\u012bjumu ar dubultu gar\u0161u sist\u0113mu, kas liek klientiem atgriezties.<\/p>\n<p>Kindomes Rex 30k dvesmas, katra ier\u012bce satur 2*15ml e-\u0161\u0137idruma un ir apr\u012bkota ar dubult\u0101m sieti\u0146veida spol\u0113m uzlabotai tvaika ra\u017eo\u0161anai un maig\u0101kai gar\u0161ai. <a href=\"https:\/\/rmvapebang.com\/lv\/product-category\/30000-vapes\/\">Vienreiz\u0113j\u0101s lieto\u0161anas e-cigarete ar 30000 dvesm\u0101m<\/a> Kompakts dizains un 650mAh akumulators padara to par p\u0101rn\u0113s\u0101jamu, tom\u0113r jaud\u012bgu. E-cigarete Bang kindomes, kas pieejama 12 popul\u0101r\u0101s gar\u0161\u0101s, 30k e-cigarete ir gudra izv\u0113le j\u016bsu vairumtirdzniec\u012bbas katalogam.<\/p>\n<p>30k dvesmas Bang Kindomes Rex ir ide\u0101li piem\u0113rotas mazumtirgot\u0101jiem, kuri mekl\u0113 liela dvesmu skaita, zemu izmaksu e-cigare\u0161u iesp\u0113jas, kas nezaud\u0113 kvalit\u0101ti. P\u0113rciet vairum\u0101 tagad un nodro\u0161iniet saviem veikala plauktiem popul\u0101ru produktu.<\/p>\n<p><img loading=\"lazy\" decoding=\"async\" class=\"alignnone wp-image-4368 size-full\" src=\"http:\/\/rmvapebang.com\/wp-content\/uploads\/2025\/06\/Bang-Kindomes-Rex-rechargable-vape-30000-puffs-New-Design.webp\" alt=\"Bang Kindomes Rex uzl\u0101d\u0113jams vape 30000 dvesmas Jauns dizains\" width=\"800\" height=\"800\" srcset=\"https:\/\/rmvapebang.com\/wp-content\/uploads\/2025\/06\/Bang-Kindomes-Rex-rechargable-vape-30000-puffs-New-Design.webp 800w, https:\/\/rmvapebang.com\/wp-content\/uploads\/2025\/06\/Bang-Kindomes-Rex-rechargable-vape-30000-puffs-New-Design-300x300.webp 300w, https:\/\/rmvapebang.com\/wp-content\/uploads\/2025\/06\/Bang-Kindomes-Rex-rechargable-vape-30000-puffs-New-Design-150x150.webp 150w, https:\/\/rmvapebang.com\/wp-content\/uploads\/2025\/06\/Bang-Kindomes-Rex-rechargable-vape-30000-puffs-New-Design-768x768.webp 768w, https:\/\/rmvapebang.com\/wp-content\/uploads\/2025\/06\/Bang-Kindomes-Rex-rechargable-vape-30000-puffs-New-Design-600x600.webp 600w, https:\/\/rmvapebang.com\/wp-content\/uploads\/2025\/06\/Bang-Kindomes-Rex-rechargable-vape-30000-puffs-New-Design-100x100.webp 100w\" sizes=\"auto, (max-width: 800px) 100vw, 800px\" \/><\/p>\n<h3><strong>K\u0101das ir Bang Kindomes Rex 30k vienreiz\u0113j\u0101s lieto\u0161anas e-cigaretes gar\u0161as?<\/strong><\/h3>\n<p>1. MELLE\u0145U AVE\u0145U \/ ZEME\u0145U KIVI<br \/>\n2. ARB\u016aZU LEDUS \/ ZEME\u0145U UN MANGO<br \/>\n3. ZEME\u0145U UN ARB\u016aZU \/ KIVI PASIJONU AUG\u013bU Gvava<br \/>\n4. ZEME\u0145U UN ARB\u016aZU \/ V\u012aNOGU LEDUS<br \/>\n5. MELLE\u0145U ARB\u016aZU AVE\u0145U \/ V\u012aNOGU LEDUS<br \/>\n6. MELLE\u0145U ARB\u016aZU \/ ZEME\u0145U MANGO<br \/>\n7. MELLE\u0145U LEDUS \/ MELN\u0100 P\u016a\u0136A LEDUS<br \/>\n8. ARB\u016aZU ZEME\u0145U MANGO \/ ZEME\u0145U UN BAN\u0100NU<br \/>\n9. RED BULL \/ MELLE\u0145U ARB\u016aZU<br \/>\n10. RED BULL \/ ARB\u016aZU BUBBLE CANDY<br \/>\n11. ZEME\u0145U KIVI \/ PERSIKU LEDUS<br \/>\n12. MELLE\u0145U LEDUS \/ ZEME\u0145U UN BAN\u0100NU<\/p>\n<h2>Specifik\u0101cijas <strong>Bangkindomes rex 30000 <\/strong>D\u016bmu skaits:<\/h2>\n<p>\u2013 <span style=\"color: #ff0000\"><em><strong>30k<\/strong><\/em><\/span> D\u016bmu<br \/>\n\u2013 <span style=\"color: #ff0000\"><em><strong>12<\/strong> <\/em><\/span>Gar\u0161as<br \/>\n\u2013 <span style=\"color: #ff0000\"><strong><em>2%\/5%<\/em><\/strong><\/span> Nikot\u012bna stiprums<br \/>\n\u2013 <span style=\"color: #ff0000\"><strong><em>15*2<\/em><\/strong><\/span><span style=\"color: #ff0000\"><strong><em>mL <\/em><\/strong><\/span>E-\u0161\u0137idruma ietilp\u012bba<br \/>\n\u2013 Akumulatora ietilp\u012bba <span style=\"color: #ff0000\"><em><strong>650 mAh<\/strong><\/em><\/span><\/p>\n<h3>Bie\u017ei uzdotie jaut\u0101jumi:<\/h3>\n<p>J: K\u0101ds ir minim\u0101lais pas\u016bt\u012bjuma daudzums dubult\u0101 arom\u0101ta 30k uzl\u0101d\u0113jamam vienreizlietojamam dubult\u0101 arom\u0101ta Vapam?<\/p>\n<p>A: Minim\u0101lais pas\u016bt\u012bjuma daudzums (MOQ) vienreizlietojamam rex vape 30k dvesm\u0101m ir 50 gab.<\/p>\n<p>J: K\u0101ds ir pieg\u0101des laiks pas\u016bt\u012btajam uzl\u0101d\u0113jamam tvaic\u0113t\u0101jam?<\/p>\n<p>A: Parasti pieg\u0101des laiks uzl\u0101d\u0113jamajiem tvaikiem ir 10-15 dienas p\u0113c izs\u016bt\u012b\u0161anas.<\/p>\n<p>J: Cik maks\u0101 pieg\u0101des izmaksas bangkingdomes rex 30k dvesmu Vapam?<\/p>\n<p>A: Pieg\u0101des izmaksas at\u0161\u0137iras atkar\u012bb\u0101 no pas\u016bt\u012bjuma svara. Da\u017e\u0101diem daudzumiem var b\u016bt da\u017e\u0101das pieg\u0101des izmaksas. L\u016bdzu, sazinieties ar mums, lai apstiprin\u0101tu pieg\u0101des izmaksas j\u016bsu konkr\u0113tajam pas\u016bt\u012bjumam.<\/p>\n<p>J: Vai dubult\u0101 arom\u0101ta 30000 Vapu var nos\u016bt\u012bt uz manu valsti?<\/p>\n<p>A: J\u0101, m\u0113s varam nos\u016bt\u012bt bangkingdoms 30000 Vapu uz liel\u0101ko da\u013cu Eiropas valstu, tostarp, bet ne tikai, N\u012bderlandi, V\u0101ciju, Franciju, Sp\u0101niju, It\u0101liju, Be\u013c\u0123iju, Luksemburgu, Austriju, \u010cehiju, Slov\u0101kiju, Ung\u0101riju, Slov\u0113niju, Rum\u0101niju, Bulg\u0101riju, Grie\u0137iju, Poliju, Zviedriju, \u012ariju, Portug\u0101li, Somiju, Igauniju, Latviju un Lietuvu. Ja jums ir k\u0101di konkr\u0113ti jaut\u0101jumi par pieg\u0101di uz j\u016bsu valsti, l\u016bdzu, sazinieties ar mums, lai sa\u0146emtu papildu pal\u012bdz\u012bbu.<\/p>\n<p><strong>Sazinieties ar Linu, lai sa\u0146emtu vair\u0101k produktu video!<\/strong><\/p>\n<p><a href=\"https:\/\/wa.me\/8617840853976\"><span style=\"color: #ff6600\"><strong><em>WhatsApp:+86 17840853976<\/em><\/strong><\/span><\/a><\/p>\n<p><img loading=\"lazy\" decoding=\"async\" class=\"alignnone size-medium wp-image-1905\" src=\"http:\/\/rmvapebang.com\/wp-content\/uploads\/2024\/03\/whatsapp-vape-2-202x300.jpg\" alt=\"\" width=\"202\" height=\"300\" \/><\/p>\n<p>Atrodiet vair\u0101k produktu, kas jums var\u0113tu patikt:<a href=\"https:\/\/rmvapebang.com\/lv\/shop-page\/\"><strong><em>Iepirkties tagad<\/em><\/strong><\/a><\/p>\n<p>citas p\u016b\u0161anas, kas jums var\u0113tu patikt:<a href=\"https:\/\/rmvapebang.com\/lv\/product\/waspe-20000-puffs-wholesale-price-20k-vape\/\">Waspe 20000 Puffs\/<\/a><a href=\"https:\/\/rmvapebang.com\/lv\/product\/bang-king-25000-puffs-good-price-25k-vape\/\">Bang king 25k vape<\/a>\/<a href=\"https:\/\/rmvapebang.com\/lv\/product\/wga-pro-max-crystal-10k-wholesale-price-vapes\/\">WGA 10K PRO PLUS CRYSTAL VApe<\/a>\/<a href=\"https:\/\/rmvapebang.com\/lv\/product\/waspe-3-in-1-60k-puffs-factory-direct-supply-great-sale\/\">waspe 60k tr\u012bsk\u0101r\u0161\u0101s gar\u0161as<\/a>\/<a href=\"https:\/\/rmvapebang.com\/lv\/product\/wholesale-vape-price-bang-blaze-60000-puffs-4-in-1-flavors-hot-sale\/\">Bang blaze 4 vien\u0101 60k dvesmas\u00a0<\/a><\/p>","protected":false},"excerpt":{"rendered":"<p>Palieliniet savu noliktavu ar Bang Kindomes Rex 30K! Divas gar\u0161as, bag\u0101t\u012bgs tvaiks un liels dvesmu skaits padara to par iecien\u012btu vairumtirdzniec\u012bbas pirc\u0113ju izv\u0113li, lai viegli apmierin\u0101tu Eiropas tirgus piepras\u012bjumu.<\/p>\n<p><a href=\"https:\/\/wa.me\/8617840853976\"><strong><em>WhatsApp:+86 17840853976<\/em><\/strong><\/a><\/p>\n<p>Sken\u0113jiet WhatsApp, lai sa\u0146emtu kuponu jaunajiem klientiem<\/p>\n<p><img loading=\"lazy\" decoding=\"async\" class=\"alignnone size-medium wp-image-1905\" src=\"http:\/\/rmvapebang.com\/wp-content\/uploads\/2024\/03\/whatsapp-vape-2-202x300.jpg\" alt=\"\" width=\"202\" height=\"300\" \/><\/p>\n<p><span style=\"color: #ff0000\"><em><strong>PIEZ\u012aME<\/strong>: Vietn\u0113 nor\u0101d\u012bt\u0101s cenas neietver pieg\u0101des maksu. L\u016bdzu, nos\u016btiet savu pasta indeksu un adresi, lai m\u0113s var\u0113tu p\u0101rbaud\u012bt pieg\u0101des izmaksas.<\/em><\/span><\/p>","protected":false},"featured_media":4370,"comment_status":"open","ping_status":"closed","template":"","meta":{"_uag_custom_page_level_css":"","_lmt_disableupdate":"no","_lmt_disable":"","site-sidebar-layout":"no-sidebar","site-content-layout":"boxed-container","ast-site-content-layout":"normal-width-container","site-content-style":"boxed","site-sidebar-style":"boxed","ast-global-header-display":"","ast-banner-title-visibility":"","ast-main-header-display":"","ast-hfb-above-header-display":"","ast-hfb-below-header-display":"","ast-hfb-mobile-header-display":"","site-post-title":"","ast-breadcrumbs-content":"","ast-featured-img":"","footer-sml-layout":"","theme-transparent-header-meta":"default","adv-header-id-meta":"","stick-header-meta":"","header-above-stick-meta":"","header-main-stick-meta":"","header-below-stick-meta":"","astra-migrate-meta-layouts":"set","ast-page-background-enabled":"default","ast-page-background-meta":{"desktop":{"background-color":"","background-image":"","background-repeat":"repeat","background-position":"center center","background-size":"auto","background-attachment":"scroll","background-type":"","background-media":"","overlay-type":"","overlay-color":"","overlay-gradient":""},"tablet":{"background-color":"","background-image":"","background-repeat":"repeat","background-position":"center center","background-size":"auto","background-attachment":"scroll","background-type":"","background-media":"","overlay-type":"","overlay-color":"","overlay-gradient":""},"mobile":{"background-color":"","background-image":"","background-repeat":"repeat","background-position":"center center","background-size":"auto","background-attachment":"scroll","background-type":"","background-media":"","overlay-type":"","overlay-color":"","overlay-gradient":""}},"ast-content-background-meta":{"desktop":{"background-color":"var(--ast-global-color-5)","background-image":"","background-repeat":"repeat","background-position":"center center","background-size":"auto","background-attachment":"scroll","background-type":"","background-media":"","overlay-type":"","overlay-color":"","overlay-gradient":""},"tablet":{"background-color":"var(--ast-global-color-5)","background-image":"","background-repeat":"repeat","background-position":"center center","background-size":"auto","background-attachment":"scroll","background-type":"","background-media":"","overlay-type":"","overlay-color":"","overlay-gradient":""},"mobile":{"background-color":"var(--ast-global-color-5)","background-image":"","background-repeat":"repeat","background-position":"center center","background-size":"auto","background-attachment":"scroll","background-type":"","background-media":"","overlay-type":"","overlay-color":"","overlay-gradient":""}},"_joinchat":[]},"product_brand":[],"product_cat":[76,39,41,42,40,43],"product_tag":[102,103,50,61,58,53,52],"class_list":{"0":"post-4373","1":"product","2":"type-product","3":"status-publish","4":"has-post-thumbnail","6":"product_cat-bang-vapes","7":"product_cat-france-wholesale-vape","8":"product_cat-netherlands-wholesale-vape","9":"product_cat-spain-wholesale-vape","10":"product_cat-germany-wholesale-vape","11":"product_cat-vape-shop","12":"product_tag-30000-puffs","13":"product_tag-30k-puffs","14":"product_tag-bulk-price-vape-shop","15":"product_tag-good-sales-vape","16":"product_tag-moq-50pcs","17":"product_tag-rechargeable-vape","18":"product_tag-vape-wholesasle-price","19":"desktop-align-left","20":"tablet-align-left","21":"mobile-align-left","23":"first","24":"instock","25":"sale","26":"shipping-taxable","27":"purchasable","28":"product-type-simple"},"yoast_head":"<!-- This site is optimized with the Yoast SEO plugin v23.0 - https:\/\/yoast.com\/wordpress\/plugins\/seo\/ -->\n<title>Disposable Vape Bulk Purchase Bang Kindomes Rex Double Flavors 30000 Puffs Save Big on High Puff Vapes - rmvapebang.com<\/title>\n<meta name=\"description\" content=\"Bang Kindomes Rex 30k puffs vape with dual mesh coils, double flavors, and 2\u00d715ml tanks. Best choice for European wholesale vape buyers.\" \/>\n<meta name=\"robots\" content=\"index, follow, max-snippet:-1, max-image-preview:large, max-video-preview:-1\" \/>\n<link rel=\"canonical\" href=\"https:\/\/rmvapebang.com\/lv\/product\/disposable-vape-bulk-purchase-bang-kindomes-rex-double-flavors-30000-puffs-save-big-on-high-puff-vapes\/\" \/>\n<meta property=\"og:locale\" content=\"lv_LV\" \/>\n<meta property=\"og:type\" content=\"article\" \/>\n<meta property=\"og:title\" content=\"Disposable Vape Bulk Purchase Bang Kindomes Rex Double Flavors 30000 Puffs Save Big on High Puff Vapes - rmvapebang.com\" \/>\n<meta property=\"og:description\" content=\"Bang Kindomes Rex 30k puffs vape with dual mesh coils, double flavors, and 2\u00d715ml tanks. Best choice for European wholesale vape buyers.\" \/>\n<meta property=\"og:url\" content=\"https:\/\/rmvapebang.com\/lv\/product\/disposable-vape-bulk-purchase-bang-kindomes-rex-double-flavors-30000-puffs-save-big-on-high-puff-vapes\/\" \/>\n<meta property=\"og:site_name\" content=\"rmvapebang.com\" \/>\n<meta property=\"article:modified_time\" content=\"2025-09-01T09:24:36+00:00\" \/>\n<meta property=\"og:image\" content=\"https:\/\/rmvapebang.com\/wp-content\/uploads\/2025\/06\/Bang-Kindomes-Rex-double-flavors-vape-30k-puffs-New-Design.webp\" \/>\n\t<meta property=\"og:image:width\" content=\"800\" \/>\n\t<meta property=\"og:image:height\" content=\"800\" \/>\n\t<meta property=\"og:image:type\" content=\"image\/webp\" \/>\n<meta name=\"twitter:card\" content=\"summary_large_image\" \/>\n<meta name=\"twitter:label1\" content=\"Est. reading time\" \/>\n\t<meta name=\"twitter:data1\" content=\"3 min\u016btes\" \/>\n<script type=\"application\/ld+json\" class=\"yoast-schema-graph\">{\"@context\":\"https:\/\/schema.org\",\"@graph\":[{\"@type\":\"WebPage\",\"@id\":\"https:\/\/rmvapebang.com\/it\/product\/disposable-vape-bulk-purchase-bang-kindomes-rex-double-flavors-30000-puffs-save-big-on-high-puff-vapes\/\",\"url\":\"https:\/\/rmvapebang.com\/it\/product\/disposable-vape-bulk-purchase-bang-kindomes-rex-double-flavors-30000-puffs-save-big-on-high-puff-vapes\/\",\"name\":\"Disposable Vape Bulk Purchase Bang Kindomes Rex Double Flavors 30000 Puffs Save Big on High Puff Vapes - rmvapebang.com\",\"isPartOf\":{\"@id\":\"https:\/\/rmvapebang.com\/#website\"},\"primaryImageOfPage\":{\"@id\":\"https:\/\/rmvapebang.com\/it\/product\/disposable-vape-bulk-purchase-bang-kindomes-rex-double-flavors-30000-puffs-save-big-on-high-puff-vapes\/#primaryimage\"},\"image\":{\"@id\":\"https:\/\/rmvapebang.com\/it\/product\/disposable-vape-bulk-purchase-bang-kindomes-rex-double-flavors-30000-puffs-save-big-on-high-puff-vapes\/#primaryimage\"},\"thumbnailUrl\":\"https:\/\/rmvapebang.com\/wp-content\/uploads\/2025\/06\/Bang-Kindomes-Rex-double-flavors-vape-30k-puffs-New-Design.webp\",\"datePublished\":\"2025-06-12T08:35:47+00:00\",\"dateModified\":\"2025-09-01T09:24:36+00:00\",\"description\":\"Bang Kindomes Rex 30k puffs vape with dual mesh coils, double flavors, and 2\u00d715ml tanks. Best choice for European wholesale vape buyers.\",\"breadcrumb\":{\"@id\":\"https:\/\/rmvapebang.com\/it\/product\/disposable-vape-bulk-purchase-bang-kindomes-rex-double-flavors-30000-puffs-save-big-on-high-puff-vapes\/#breadcrumb\"},\"inLanguage\":\"lv-LV\",\"potentialAction\":[{\"@type\":\"ReadAction\",\"target\":[\"https:\/\/rmvapebang.com\/it\/product\/disposable-vape-bulk-purchase-bang-kindomes-rex-double-flavors-30000-puffs-save-big-on-high-puff-vapes\/\"]}]},{\"@type\":\"ImageObject\",\"inLanguage\":\"lv-LV\",\"@id\":\"https:\/\/rmvapebang.com\/it\/product\/disposable-vape-bulk-purchase-bang-kindomes-rex-double-flavors-30000-puffs-save-big-on-high-puff-vapes\/#primaryimage\",\"url\":\"https:\/\/rmvapebang.com\/wp-content\/uploads\/2025\/06\/Bang-Kindomes-Rex-double-flavors-vape-30k-puffs-New-Design.webp\",\"contentUrl\":\"https:\/\/rmvapebang.com\/wp-content\/uploads\/2025\/06\/Bang-Kindomes-Rex-double-flavors-vape-30k-puffs-New-Design.webp\",\"width\":800,\"height\":800,\"caption\":\"Bang Kindomes Rex double flavors vape 30k puffs New Design\"},{\"@type\":\"BreadcrumbList\",\"@id\":\"https:\/\/rmvapebang.com\/it\/product\/disposable-vape-bulk-purchase-bang-kindomes-rex-double-flavors-30000-puffs-save-big-on-high-puff-vapes\/#breadcrumb\",\"itemListElement\":[{\"@type\":\"ListItem\",\"position\":1,\"name\":\"Home\",\"item\":\"https:\/\/rmvapebang.com\/\"},{\"@type\":\"ListItem\",\"position\":2,\"name\":\"Hot Vape Shop\",\"item\":\"https:\/\/rmvapebang.com\/shop-page\/\"},{\"@type\":\"ListItem\",\"position\":3,\"name\":\"Disposable Vape Bulk Purchase Bang Kindomes Rex Double Flavors 30000 Puffs Save Big on High Puff Vapes\"}]},{\"@type\":\"WebSite\",\"@id\":\"https:\/\/rmvapebang.com\/#website\",\"url\":\"https:\/\/rmvapebang.com\/\",\"name\":\"rmvapebang.com\",\"description\":\"buy vape cheap\",\"publisher\":{\"@id\":\"https:\/\/rmvapebang.com\/#organization\"},\"potentialAction\":[{\"@type\":\"SearchAction\",\"target\":{\"@type\":\"EntryPoint\",\"urlTemplate\":\"https:\/\/rmvapebang.com\/?s={search_term_string}\"},\"query-input\":\"required name=search_term_string\"}],\"inLanguage\":\"lv-LV\"},{\"@type\":\"Organization\",\"@id\":\"https:\/\/rmvapebang.com\/#organization\",\"name\":\"rmvapebang.com\",\"url\":\"https:\/\/rmvapebang.com\/\",\"logo\":{\"@type\":\"ImageObject\",\"inLanguage\":\"lv-LV\",\"@id\":\"https:\/\/rmvapebang.com\/#\/schema\/logo\/image\/\",\"url\":\"https:\/\/rmvapebang.com\/wp-content\/uploads\/2024\/03\/cropped-RVBlogo.png\",\"contentUrl\":\"https:\/\/rmvapebang.com\/wp-content\/uploads\/2024\/03\/cropped-RVBlogo.png\",\"width\":507,\"height\":169,\"caption\":\"rmvapebang.com\"},\"image\":{\"@id\":\"https:\/\/rmvapebang.com\/#\/schema\/logo\/image\/\"}}]}<\/script>\n<!-- \/ Yoast SEO plugin. -->","yoast_head_json":{"title":"Disposable Vape Bulk Purchase Bang Kindomes Rex Double Flavors 30000 Puffs Save Big on High Puff Vapes - rmvapebang.com","description":"Bang Kindomes Rex 30k puffs vape with dual mesh coils, double flavors, and 2\u00d715ml tanks. Best choice for European wholesale vape buyers.","robots":{"index":"index","follow":"follow","max-snippet":"max-snippet:-1","max-image-preview":"max-image-preview:large","max-video-preview":"max-video-preview:-1"},"canonical":"https:\/\/rmvapebang.com\/lv\/product\/disposable-vape-bulk-purchase-bang-kindomes-rex-double-flavors-30000-puffs-save-big-on-high-puff-vapes\/","og_locale":"lv_LV","og_type":"article","og_title":"Disposable Vape Bulk Purchase Bang Kindomes Rex Double Flavors 30000 Puffs Save Big on High Puff Vapes - rmvapebang.com","og_description":"Bang Kindomes Rex 30k puffs vape with dual mesh coils, double flavors, and 2\u00d715ml tanks. Best choice for European wholesale vape buyers.","og_url":"https:\/\/rmvapebang.com\/lv\/product\/disposable-vape-bulk-purchase-bang-kindomes-rex-double-flavors-30000-puffs-save-big-on-high-puff-vapes\/","og_site_name":"rmvapebang.com","article_modified_time":"2025-09-01T09:24:36+00:00","og_image":[{"width":800,"height":800,"url":"https:\/\/rmvapebang.com\/wp-content\/uploads\/2025\/06\/Bang-Kindomes-Rex-double-flavors-vape-30k-puffs-New-Design.webp","type":"image\/webp"}],"twitter_card":"summary_large_image","twitter_misc":{"Est. reading time":"3 min\u016btes"},"schema":{"@context":"https:\/\/schema.org","@graph":[{"@type":"WebPage","@id":"https:\/\/rmvapebang.com\/it\/product\/disposable-vape-bulk-purchase-bang-kindomes-rex-double-flavors-30000-puffs-save-big-on-high-puff-vapes\/","url":"https:\/\/rmvapebang.com\/it\/product\/disposable-vape-bulk-purchase-bang-kindomes-rex-double-flavors-30000-puffs-save-big-on-high-puff-vapes\/","name":"Disposable Vape Bulk Purchase Bang Kindomes Rex Double Flavors 30000 Puffs Save Big on High Puff Vapes - rmvapebang.com","isPartOf":{"@id":"https:\/\/rmvapebang.com\/#website"},"primaryImageOfPage":{"@id":"https:\/\/rmvapebang.com\/it\/product\/disposable-vape-bulk-purchase-bang-kindomes-rex-double-flavors-30000-puffs-save-big-on-high-puff-vapes\/#primaryimage"},"image":{"@id":"https:\/\/rmvapebang.com\/it\/product\/disposable-vape-bulk-purchase-bang-kindomes-rex-double-flavors-30000-puffs-save-big-on-high-puff-vapes\/#primaryimage"},"thumbnailUrl":"https:\/\/rmvapebang.com\/wp-content\/uploads\/2025\/06\/Bang-Kindomes-Rex-double-flavors-vape-30k-puffs-New-Design.webp","datePublished":"2025-06-12T08:35:47+00:00","dateModified":"2025-09-01T09:24:36+00:00","description":"Bang Kindomes Rex 30k puffs vape with dual mesh coils, double flavors, and 2\u00d715ml tanks. Best choice for European wholesale vape buyers.","breadcrumb":{"@id":"https:\/\/rmvapebang.com\/it\/product\/disposable-vape-bulk-purchase-bang-kindomes-rex-double-flavors-30000-puffs-save-big-on-high-puff-vapes\/#breadcrumb"},"inLanguage":"lv-LV","potentialAction":[{"@type":"ReadAction","target":["https:\/\/rmvapebang.com\/it\/product\/disposable-vape-bulk-purchase-bang-kindomes-rex-double-flavors-30000-puffs-save-big-on-high-puff-vapes\/"]}]},{"@type":"ImageObject","inLanguage":"lv-LV","@id":"https:\/\/rmvapebang.com\/it\/product\/disposable-vape-bulk-purchase-bang-kindomes-rex-double-flavors-30000-puffs-save-big-on-high-puff-vapes\/#primaryimage","url":"https:\/\/rmvapebang.com\/wp-content\/uploads\/2025\/06\/Bang-Kindomes-Rex-double-flavors-vape-30k-puffs-New-Design.webp","contentUrl":"https:\/\/rmvapebang.com\/wp-content\/uploads\/2025\/06\/Bang-Kindomes-Rex-double-flavors-vape-30k-puffs-New-Design.webp","width":800,"height":800,"caption":"Bang Kindomes Rex double flavors vape 30k puffs New Design"},{"@type":"BreadcrumbList","@id":"https:\/\/rmvapebang.com\/it\/product\/disposable-vape-bulk-purchase-bang-kindomes-rex-double-flavors-30000-puffs-save-big-on-high-puff-vapes\/#breadcrumb","itemListElement":[{"@type":"ListItem","position":1,"name":"Home","item":"https:\/\/rmvapebang.com\/"},{"@type":"ListItem","position":2,"name":"Hot Vape Shop","item":"https:\/\/rmvapebang.com\/shop-page\/"},{"@type":"ListItem","position":3,"name":"Disposable Vape Bulk Purchase Bang Kindomes Rex Double Flavors 30000 Puffs Save Big on High Puff Vapes"}]},{"@type":"WebSite","@id":"https:\/\/rmvapebang.com\/#website","url":"https:\/\/rmvapebang.com\/","name":"rmvapebang.com","description":"buy vape cheap","publisher":{"@id":"https:\/\/rmvapebang.com\/#organization"},"potentialAction":[{"@type":"SearchAction","target":{"@type":"EntryPoint","urlTemplate":"https:\/\/rmvapebang.com\/?s={search_term_string}"},"query-input":"required name=search_term_string"}],"inLanguage":"lv-LV"},{"@type":"Organization","@id":"https:\/\/rmvapebang.com\/#organization","name":"rmvapebang.com","url":"https:\/\/rmvapebang.com\/","logo":{"@type":"ImageObject","inLanguage":"lv-LV","@id":"https:\/\/rmvapebang.com\/#\/schema\/logo\/image\/","url":"https:\/\/rmvapebang.com\/wp-content\/uploads\/2024\/03\/cropped-RVBlogo.png","contentUrl":"https:\/\/rmvapebang.com\/wp-content\/uploads\/2024\/03\/cropped-RVBlogo.png","width":507,"height":169,"caption":"rmvapebang.com"},"image":{"@id":"https:\/\/rmvapebang.com\/#\/schema\/logo\/image\/"}}]}},"uagb_featured_image_src":{"full":["https:\/\/rmvapebang.com\/wp-content\/uploads\/2025\/06\/Bang-Kindomes-Rex-double-flavors-vape-30k-puffs-New-Design.webp",800,800,false],"thumbnail":["https:\/\/rmvapebang.com\/wp-content\/uploads\/2025\/06\/Bang-Kindomes-Rex-double-flavors-vape-30k-puffs-New-Design-150x150.webp",150,150,true],"medium":["https:\/\/rmvapebang.com\/wp-content\/uploads\/2025\/06\/Bang-Kindomes-Rex-double-flavors-vape-30k-puffs-New-Design-300x300.webp",300,300,true],"medium_large":["https:\/\/rmvapebang.com\/wp-content\/uploads\/2025\/06\/Bang-Kindomes-Rex-double-flavors-vape-30k-puffs-New-Design-768x768.webp",768,768,true],"large":["https:\/\/rmvapebang.com\/wp-content\/uploads\/2025\/06\/Bang-Kindomes-Rex-double-flavors-vape-30k-puffs-New-Design.webp",800,800,false],"1536x1536":["https:\/\/rmvapebang.com\/wp-content\/uploads\/2025\/06\/Bang-Kindomes-Rex-double-flavors-vape-30k-puffs-New-Design.webp",800,800,false],"2048x2048":["https:\/\/rmvapebang.com\/wp-content\/uploads\/2025\/06\/Bang-Kindomes-Rex-double-flavors-vape-30k-puffs-New-Design.webp",800,800,false],"trp-custom-language-flag":["https:\/\/rmvapebang.com\/wp-content\/uploads\/2025\/06\/Bang-Kindomes-Rex-double-flavors-vape-30k-puffs-New-Design.webp",12,12,false],"woocommerce_thumbnail":["https:\/\/rmvapebang.com\/wp-content\/uploads\/2025\/06\/Bang-Kindomes-Rex-double-flavors-vape-30k-puffs-New-Design-300x300.webp",300,300,true],"woocommerce_single":["https:\/\/rmvapebang.com\/wp-content\/uploads\/2025\/06\/Bang-Kindomes-Rex-double-flavors-vape-30k-puffs-New-Design-600x600.webp",600,600,true],"woocommerce_gallery_thumbnail":["https:\/\/rmvapebang.com\/wp-content\/uploads\/2025\/06\/Bang-Kindomes-Rex-double-flavors-vape-30k-puffs-New-Design-100x100.webp",100,100,true],"wcpr-photo-reviews":["https:\/\/rmvapebang.com\/wp-content\/uploads\/2025\/06\/Bang-Kindomes-Rex-double-flavors-vape-30k-puffs-New-Design.webp",500,500,false]},"uagb_author_info":{"display_name":"Lyn","author_link":"https:\/\/rmvapebang.com\/lv\/author\/"},"uagb_comment_info":0,"uagb_excerpt":"Boost your inventory with Bang Kindomes Rex 30K! Dual flavors, rich vapor, and high puff count make it a favorite for wholesale buyers aiming to satisfy European market demand with ease. Whatsapp:+86 17840853976 Scan on whatsapp for New Client coupon NOTE: Prices on the website don\u2019t include shipping fee. Please send your zip code and&hellip;","_links":{"self":[{"href":"https:\/\/rmvapebang.com\/lv\/wp-json\/wp\/v2\/product\/4373","targetHints":{"allow":["GET"]}}],"collection":[{"href":"https:\/\/rmvapebang.com\/lv\/wp-json\/wp\/v2\/product"}],"about":[{"href":"https:\/\/rmvapebang.com\/lv\/wp-json\/wp\/v2\/types\/product"}],"replies":[{"embeddable":true,"href":"https:\/\/rmvapebang.com\/lv\/wp-json\/wp\/v2\/comments?post=4373"}],"wp:featuredmedia":[{"embeddable":true,"href":"https:\/\/rmvapebang.com\/lv\/wp-json\/wp\/v2\/media\/4370"}],"wp:attachment":[{"href":"https:\/\/rmvapebang.com\/lv\/wp-json\/wp\/v2\/media?parent=4373"}],"wp:term":[{"taxonomy":"product_brand","embeddable":true,"href":"https:\/\/rmvapebang.com\/lv\/wp-json\/wp\/v2\/product_brand?post=4373"},{"taxonomy":"product_cat","embeddable":true,"href":"https:\/\/rmvapebang.com\/lv\/wp-json\/wp\/v2\/product_cat?post=4373"},{"taxonomy":"product_tag","embeddable":true,"href":"https:\/\/rmvapebang.com\/lv\/wp-json\/wp\/v2\/product_tag?post=4373"}],"curies":[{"name":"wp","href":"https:\/\/api.w.org\/{rel}","templated":true}]}}