{"id":4319,"date":"2025-06-05T17:09:58","date_gmt":"2025-06-05T09:09:58","guid":{"rendered":"https:\/\/rmvapebang.com\/?post_type=product&#038;p=4319"},"modified":"2025-06-05T18:05:10","modified_gmt":"2025-06-05T10:05:10","slug":"bangking-triple-75k-vapen-wholesale-price-bulk-sale-vape","status":"publish","type":"product","link":"https:\/\/rmvapebang.com\/lv\/product\/bangking-triple-75k-vapen-wholesale-price-bulk-sale-vape\/","title":{"rendered":"BANGKING TRIPLE 75K Vapen vairumtirdzniec\u012bbas cena Lielapjoma izp\u0101rdo\u0161ana Vape"},"content":{"rendered":"<h2 style=\"text-align: center\">BANGKING TRIPLE 75K Vapen vairumtirdzniec\u012bbas cena Lielapjoma izp\u0101rdo\u0161ana Vape<\/h2>\n<p>BANGKING TRIPLE 75K Vapen vairumtirdzniec\u012bbas cena, liela apjoma p\u0101rdo\u0161anas tvaiku ier\u012bce, kas paredz\u0113ta liela apjoma pirc\u0113jiem un tvaiku ier\u012b\u010du mazumtirgot\u0101jiem. \u0160\u012b jaud\u012bg\u0101 ier\u012bce pied\u0101v\u0101 l\u012bdz 75 000 dvesmu, apvienojot tr\u012bs main\u012bgas gar\u0161as katr\u0101 ier\u012bc\u0113 no 16 gardu mais\u012bjumu kolekcijas.<\/p>\n<p>BANGKING 75K Vapen vienreizlietojam\u0101 ier\u012bce ar mas\u012bvu 45 ml e-\u0161\u0137idruma tvertni un 650 mAh uzl\u0101d\u0113jamu akumulatoru. Katra dvesma nodro\u0161ina ilgsto\u0161u, vienm\u0113r\u012bgu un gar\u0161\u012bgu tvaiku. TRIPLE 75K dvesmas ier\u012bce tvaic\u0113\u0161anai BANGKING ir pieejama ar 2% un 5% nikot\u012bna saturu un ir piem\u0113rota gan ikdienas lietot\u0101jiem, gan smagiem lietot\u0101jiem.<\/p>\n<p>Neatkar\u012bgi no t\u0101, vai papildin\u0101t savu veikalu vai p\u0113rkat vairum\u0101, Vape of bangking 75000 dvesmas ir vislab\u0101k p\u0101rdot\u0101 vairumtirdzniec\u012bbas izv\u0113le nopietniem tvaiku ier\u012b\u010du mazumtirgot\u0101jiem vis\u0101 Eirop\u0101.<\/p>\n<p><img loading=\"lazy\" decoding=\"async\" class=\"alignnone wp-image-4311 size-full\" src=\"http:\/\/rmvapebang.com\/wp-content\/uploads\/2025\/06\/Bangking-triple-vape-75k-puffs-factory-price.webp\" alt=\"Bangking tr\u012bsk\u0101r\u0161ie tvaiki 75k dvesmu r\u016bpn\u012bcas cena\" width=\"800\" height=\"635\" srcset=\"https:\/\/rmvapebang.com\/wp-content\/uploads\/2025\/06\/Bangking-triple-vape-75k-puffs-factory-price.webp 800w, https:\/\/rmvapebang.com\/wp-content\/uploads\/2025\/06\/Bangking-triple-vape-75k-puffs-factory-price-300x238.webp 300w, https:\/\/rmvapebang.com\/wp-content\/uploads\/2025\/06\/Bangking-triple-vape-75k-puffs-factory-price-768x610.webp 768w, https:\/\/rmvapebang.com\/wp-content\/uploads\/2025\/06\/Bangking-triple-vape-75k-puffs-factory-price-600x476.webp 600w\" sizes=\"auto, (max-width: 800px) 100vw, 800px\" \/><\/p>\n<h3><strong>K\u0101das ir Bangking VAPEN 75k tvaiku ier\u012bces gar\u0161as?<\/strong><\/h3>\n<p>1. Arb\u016bzu ledus<br \/>\n2. Citrons, laims<br \/>\n3. Zeme\u0146u ban\u0101ns<br \/>\n4. Zila ave\u0146u \u0137irsis<br \/>\n5. Tropu aug\u013ci<br \/>\n6. Anan\u0101ss, kokosrieksts<br \/>\n7. Zeme\u0146u arb\u016bzs<br \/>\n8. Jauktas ogas<br \/>\n9. Sul\u012bgs ledus<br \/>\n10. Zeme\u0146u, vani\u013cas kola<br \/>\n11. Zeme\u0146u arb\u016bzs<br \/>\n12. Ogu limon\u0101de<br \/>\n13. Dubultais \u0101bols<br \/>\n14. Kolas ledus<br \/>\n15. Zeme\u0146u virtu\u013ci<br \/>\n16. Ledus t\u0113ja ar citronu<\/p>\n<h2>Specifik\u0101cijas tvaic\u0113t\u0101jam <strong>Bangking tr\u012bsk\u0101r\u0161ais 75000 <\/strong>D\u016bmu skaits:<\/h2>\n<p>\u2013 <em><strong><span style=\"color: #ff0000\">75 t\u016bkst.<\/span><\/strong><\/em> D\u016bmu<br \/>\n\u2013<em><strong><span style=\"color: #ff0000\"> 16<\/span> <\/strong><\/em>Gar\u0161as<br \/>\n\u2013 <em><strong><span style=\"color: #ff0000\">2%\/5%<\/span> <\/strong><\/em>Nikot\u012bns<br \/>\n\u2013 <em><strong><span style=\"color: #ff0000\">45 ml<\/span><\/strong><\/em> E-\u0161\u0137idruma ietilp\u012bba<br \/>\n\u2013 Akumulatora ietilp\u012bba <em><strong><span style=\"color: #ff0000\">650 mAh<\/span><\/strong><\/em><\/p>\n<h3>Bie\u017ei uzdotie jaut\u0101jumi:<\/h3>\n<p>J: K\u0101ds ir minim\u0101lais pas\u016bt\u012bjuma daudzums Bangking vienreizlietojamiem, tr\u012bsk\u0101r\u0161iem 75k uzl\u0101d\u0113jamiem tvaikiem?<\/p>\n<p>A: Minim\u0101lais pas\u016bt\u012bjuma daudzums BANGKING 75k dvesmu vienreizlietojamiem tvaikiem ir 50 gab.<\/p>\n<p>J: K\u0101ds ir pieg\u0101des laiks pas\u016bt\u012btajam uzl\u0101d\u0113jamam tvaic\u0113t\u0101jam?<\/p>\n<p>A: Parasti pieg\u0101des laiks uzl\u0101d\u0113jamajiem tvaikiem ir 10-15 dienas p\u0113c izs\u016bt\u012b\u0161anas.<\/p>\n<p>J: Cik maks\u0101 pieg\u0101des izmaksas 3 in 1 gar\u0161u 75000 dvesmu tvaikiem?<\/p>\n<p>A: Pieg\u0101des izmaksas at\u0161\u0137iras atkar\u012bb\u0101 no pas\u016bt\u012bjuma svara. Da\u017e\u0101diem daudzumiem var b\u016bt da\u017e\u0101das pieg\u0101des izmaksas. L\u016bdzu, sazinieties ar mums, lai apstiprin\u0101tu pieg\u0101des izmaksas j\u016bsu konkr\u0113tajam pas\u016bt\u012bjumam.<\/p>\n<p>J: Vai Bangking tr\u012bsk\u0101r\u0161o gar\u0161u vienreizlietojamos 75000 tvaikus var nos\u016bt\u012bt uz manu valsti?<\/p>\n<p>A: J\u0101, m\u0113s varam nos\u016bt\u012bt Bangking 75000 tvaikus uz liel\u0101ko da\u013cu Eiropas valstu, tostarp, bet ne tikai, uz N\u012bderlandi, V\u0101ciju, Franciju, Sp\u0101niju, It\u0101liju, Be\u013c\u0123iju, Luksemburgu, Austriju, \u010cehiju, Slov\u0101kiju, Ung\u0101riju, Slov\u0113niju, Rum\u0101niju, Bulg\u0101riju, Grie\u0137iju, Poliju, Zviedriju, \u012ariju, Portug\u0101li, Somiju, Igauniju, Latviju un Lietuvu. Ja jums ir k\u0101di konkr\u0113ti jaut\u0101jumi par pieg\u0101di uz j\u016bsu valsti, l\u016bdzu, sazinieties ar mums, lai sa\u0146emtu papildu pal\u012bdz\u012bbu.<\/p>\n<p><strong>Sazinieties ar Linu, lai sa\u0146emtu vair\u0101k produktu video!<\/strong><\/p>\n<p><a href=\"https:\/\/wa.me\/8617840853976\"><span style=\"color: #ff6600\"><strong><em>WhatsApp:+86 17840853976<\/em><\/strong><\/span><\/a><\/p>\n<p><img loading=\"lazy\" decoding=\"async\" class=\"alignnone size-medium wp-image-1905\" src=\"http:\/\/rmvapebang.com\/wp-content\/uploads\/2024\/03\/whatsapp-vape-2-202x300.jpg\" alt=\"\" width=\"202\" height=\"300\" \/><\/p>\n<p>Atrodiet vair\u0101k produktu, kas jums var\u0113tu patikt:<a href=\"https:\/\/rmvapebang.com\/lv\/shop-page\/\"><strong><em>Iepirkties tagad<\/em><\/strong><\/a><\/p>\n<p>citas p\u016b\u0161anas, kas jums var\u0113tu patikt: <a href=\"https:\/\/rmvapebang.com\/lv\/product\/vozol-star-disposable-20k-puffs-wholesale-affordable-disposable-vape\/\">VOZOL STAR 20000 DVESMAS<\/a>\/<a href=\"https:\/\/rmvapebang.com\/lv\/product\/wga-dual-flavors-30000-puffs-crystal-vape-wholesale-price\/\">WGA 30k dubult\u0101 e\u013c\u013cas kausa tvaic\u0113t\u0101js<\/a>\/<a href=\"https:\/\/rmvapebang.com\/lv\/product\/waspe-crystal-40000-puffs-disposabl-vape-good-price-bulk-sale\/\">waspe 40k divas gar\u0161as<\/a>\/<a href=\"https:\/\/rmvapebang.com\/lv\/product\/uwin-tornado-music-35k-bulk-price-discount-sale-rgb-lights-vape\/\">Uwin tornado 35k dvesmas<\/a>\/<a href=\"https:\/\/rmvapebang.com\/lv\/product\/flash-sale-best-bulk-rate-stagbar-gemini-30k-puffs-must-have-vape\/\">stagbar gemini 30k tvaiks<\/a><\/p>","protected":false},"excerpt":{"rendered":"<p><span style=\"color: #ff0000\"><strong>PIEZ\u012aME:<\/strong><em>Cen\u0101s, kas nor\u0101d\u012btas m\u0101jaslap\u0101, nav iek\u013cauta pieg\u0101des maksa. L\u016bdzu, ats\u016btiet savu pasta indeksu un adresi, lai m\u0113s var\u0113tu apr\u0113\u0137in\u0101t pieg\u0101des izmaksas.<\/em><\/span><\/p>\n<p>Papildiniet savus plauktus ar BANGKING TRIPLE 75K \u2013 n\u0101kam\u0101 l\u012bme\u0146a vienreizlietojamo tvaiku ier\u012bci ar tr\u012bs gar\u0161\u0101m, nep\u0101rsp\u0113jamu dvesmu skaitu, bag\u0101t\u012bgu gar\u0161u un pe\u013c\u0146u veicino\u0161u vairumtirdzniec\u012bbas cenu. Pas\u016btiet jau \u0161odien!<\/p>\n<p><a href=\"https:\/\/wa.me\/8617840853976\"><strong><em>WhatsApp:+86 17840853976<\/em><\/strong><\/a><\/p>\n<p>Sken\u0113jiet WhatsApp, lai sa\u0146emtu kuponu jaunajiem klientiem<\/p>\n<p><img loading=\"lazy\" decoding=\"async\" class=\"alignnone size-medium wp-image-1905\" src=\"http:\/\/rmvapebang.com\/wp-content\/uploads\/2024\/03\/whatsapp-vape-2-202x300.jpg\" alt=\"\" width=\"202\" height=\"300\" \/><\/p>","protected":false},"featured_media":4315,"comment_status":"open","ping_status":"closed","template":"","meta":{"_uag_custom_page_level_css":"","_lmt_disableupdate":"no","_lmt_disable":"","site-sidebar-layout":"no-sidebar","site-content-layout":"boxed-container","ast-site-content-layout":"normal-width-container","site-content-style":"boxed","site-sidebar-style":"boxed","ast-global-header-display":"","ast-banner-title-visibility":"","ast-main-header-display":"","ast-hfb-above-header-display":"","ast-hfb-below-header-display":"","ast-hfb-mobile-header-display":"","site-post-title":"","ast-breadcrumbs-content":"","ast-featured-img":"","footer-sml-layout":"","theme-transparent-header-meta":"default","adv-header-id-meta":"","stick-header-meta":"","header-above-stick-meta":"","header-main-stick-meta":"","header-below-stick-meta":"","astra-migrate-meta-layouts":"set","ast-page-background-enabled":"default","ast-page-background-meta":{"desktop":{"background-color":"","background-image":"","background-repeat":"repeat","background-position":"center center","background-size":"auto","background-attachment":"scroll","background-type":"","background-media":"","overlay-type":"","overlay-color":"","overlay-gradient":""},"tablet":{"background-color":"","background-image":"","background-repeat":"repeat","background-position":"center center","background-size":"auto","background-attachment":"scroll","background-type":"","background-media":"","overlay-type":"","overlay-color":"","overlay-gradient":""},"mobile":{"background-color":"","background-image":"","background-repeat":"repeat","background-position":"center center","background-size":"auto","background-attachment":"scroll","background-type":"","background-media":"","overlay-type":"","overlay-color":"","overlay-gradient":""}},"ast-content-background-meta":{"desktop":{"background-color":"var(--ast-global-color-5)","background-image":"","background-repeat":"repeat","background-position":"center center","background-size":"auto","background-attachment":"scroll","background-type":"","background-media":"","overlay-type":"","overlay-color":"","overlay-gradient":""},"tablet":{"background-color":"var(--ast-global-color-5)","background-image":"","background-repeat":"repeat","background-position":"center center","background-size":"auto","background-attachment":"scroll","background-type":"","background-media":"","overlay-type":"","overlay-color":"","overlay-gradient":""},"mobile":{"background-color":"var(--ast-global-color-5)","background-image":"","background-repeat":"repeat","background-position":"center center","background-size":"auto","background-attachment":"scroll","background-type":"","background-media":"","overlay-type":"","overlay-color":"","overlay-gradient":""}},"_joinchat":[]},"product_brand":[],"product_cat":[76,39,41,42,40,131,129,189,43],"product_tag":[191,190,50,61,98,53,52],"class_list":{"0":"post-4319","1":"product","2":"type-product","3":"status-publish","4":"has-post-thumbnail","6":"product_cat-bang-vapes","7":"product_cat-france-wholesale-vape","8":"product_cat-netherlands-wholesale-vape","9":"product_cat-spain-wholesale-vape","10":"product_cat-germany-wholesale-vape","11":"product_cat-tornado-vape-wholesale-price-hot-sale","12":"product_cat-tornado-vapes","13":"product_cat-vape-75000-puffs","14":"product_cat-vape-shop","15":"product_tag-75000-puffs","16":"product_tag-75k-puffs","17":"product_tag-bulk-price-vape-shop","18":"product_tag-good-sales-vape","19":"product_tag-moq-is-50pcs","20":"product_tag-rechargeable-vape","21":"product_tag-vape-wholesasle-price","22":"desktop-align-left","23":"tablet-align-left","24":"mobile-align-left","26":"first","27":"instock","28":"sale","29":"shipping-taxable","30":"purchasable","31":"product-type-simple"},"yoast_head":"<!-- This site is optimized with the Yoast SEO plugin v23.0 - https:\/\/yoast.com\/wordpress\/plugins\/seo\/ -->\n<title>BANGKING TRIPLE 75K Vapen Wholesale Price Bulk Sale Vape - rmvapebang.com<\/title>\n<meta name=\"description\" content=\"BANGKING TRIPLE 75K Vape: 75,000 puffs, 16 flavours, 2%\/5% nicotine. Bulk wholesale offer for European vape resellers. Order now!\" \/>\n<meta name=\"robots\" content=\"index, follow, max-snippet:-1, max-image-preview:large, max-video-preview:-1\" \/>\n<link rel=\"canonical\" href=\"https:\/\/rmvapebang.com\/lv\/product\/bangking-triple-75k-vapen-wholesale-price-bulk-sale-vape\/\" \/>\n<meta property=\"og:locale\" content=\"lv_LV\" \/>\n<meta property=\"og:type\" content=\"article\" \/>\n<meta property=\"og:title\" content=\"BANGKING TRIPLE 75K Vapen Wholesale Price Bulk Sale Vape - rmvapebang.com\" \/>\n<meta property=\"og:description\" content=\"BANGKING TRIPLE 75K Vape: 75,000 puffs, 16 flavours, 2%\/5% nicotine. Bulk wholesale offer for European vape resellers. Order now!\" \/>\n<meta property=\"og:url\" content=\"https:\/\/rmvapebang.com\/lv\/product\/bangking-triple-75k-vapen-wholesale-price-bulk-sale-vape\/\" \/>\n<meta property=\"og:site_name\" content=\"rmvapebang.com\" \/>\n<meta property=\"article:modified_time\" content=\"2025-06-05T10:05:10+00:00\" \/>\n<meta property=\"og:image\" content=\"https:\/\/rmvapebang.com\/wp-content\/uploads\/2025\/06\/Bangking-vapen-vape-75k-puffs-factory-price.webp\" \/>\n\t<meta property=\"og:image:width\" content=\"800\" \/>\n\t<meta property=\"og:image:height\" content=\"800\" \/>\n\t<meta property=\"og:image:type\" content=\"image\/webp\" \/>\n<meta name=\"twitter:card\" content=\"summary_large_image\" \/>\n<meta name=\"twitter:label1\" content=\"Est. reading time\" \/>\n\t<meta name=\"twitter:data1\" content=\"3 min\u016btes\" \/>\n<script type=\"application\/ld+json\" class=\"yoast-schema-graph\">{\"@context\":\"https:\/\/schema.org\",\"@graph\":[{\"@type\":\"WebPage\",\"@id\":\"https:\/\/rmvapebang.com\/product\/bangking-triple-75k-vapen-wholesale-price-bulk-sale-vape\/\",\"url\":\"https:\/\/rmvapebang.com\/product\/bangking-triple-75k-vapen-wholesale-price-bulk-sale-vape\/\",\"name\":\"BANGKING TRIPLE 75K Vapen Wholesale Price Bulk Sale Vape - rmvapebang.com\",\"isPartOf\":{\"@id\":\"https:\/\/rmvapebang.com\/#website\"},\"primaryImageOfPage\":{\"@id\":\"https:\/\/rmvapebang.com\/product\/bangking-triple-75k-vapen-wholesale-price-bulk-sale-vape\/#primaryimage\"},\"image\":{\"@id\":\"https:\/\/rmvapebang.com\/product\/bangking-triple-75k-vapen-wholesale-price-bulk-sale-vape\/#primaryimage\"},\"thumbnailUrl\":\"https:\/\/rmvapebang.com\/wp-content\/uploads\/2025\/06\/Bangking-vapen-vape-75k-puffs-factory-price.webp\",\"datePublished\":\"2025-06-05T09:09:58+00:00\",\"dateModified\":\"2025-06-05T10:05:10+00:00\",\"description\":\"BANGKING TRIPLE 75K Vape: 75,000 puffs, 16 flavours, 2%\/5% nicotine. Bulk wholesale offer for European vape resellers. Order now!\",\"breadcrumb\":{\"@id\":\"https:\/\/rmvapebang.com\/product\/bangking-triple-75k-vapen-wholesale-price-bulk-sale-vape\/#breadcrumb\"},\"inLanguage\":\"lv-LV\",\"potentialAction\":[{\"@type\":\"ReadAction\",\"target\":[\"https:\/\/rmvapebang.com\/product\/bangking-triple-75k-vapen-wholesale-price-bulk-sale-vape\/\"]}]},{\"@type\":\"ImageObject\",\"inLanguage\":\"lv-LV\",\"@id\":\"https:\/\/rmvapebang.com\/product\/bangking-triple-75k-vapen-wholesale-price-bulk-sale-vape\/#primaryimage\",\"url\":\"https:\/\/rmvapebang.com\/wp-content\/uploads\/2025\/06\/Bangking-vapen-vape-75k-puffs-factory-price.webp\",\"contentUrl\":\"https:\/\/rmvapebang.com\/wp-content\/uploads\/2025\/06\/Bangking-vapen-vape-75k-puffs-factory-price.webp\",\"width\":800,\"height\":800,\"caption\":\"Bangking vapen vape 75k puffs factory price\"},{\"@type\":\"BreadcrumbList\",\"@id\":\"https:\/\/rmvapebang.com\/product\/bangking-triple-75k-vapen-wholesale-price-bulk-sale-vape\/#breadcrumb\",\"itemListElement\":[{\"@type\":\"ListItem\",\"position\":1,\"name\":\"Home\",\"item\":\"https:\/\/rmvapebang.com\/\"},{\"@type\":\"ListItem\",\"position\":2,\"name\":\"Hot Vape Shop\",\"item\":\"https:\/\/rmvapebang.com\/shop-page\/\"},{\"@type\":\"ListItem\",\"position\":3,\"name\":\"BANGKING TRIPLE 75K Vapen Wholesale Price Bulk Sale Vape\"}]},{\"@type\":\"WebSite\",\"@id\":\"https:\/\/rmvapebang.com\/#website\",\"url\":\"https:\/\/rmvapebang.com\/\",\"name\":\"rmvapebang.com\",\"description\":\"buy vape cheap\",\"publisher\":{\"@id\":\"https:\/\/rmvapebang.com\/#organization\"},\"potentialAction\":[{\"@type\":\"SearchAction\",\"target\":{\"@type\":\"EntryPoint\",\"urlTemplate\":\"https:\/\/rmvapebang.com\/?s={search_term_string}\"},\"query-input\":\"required name=search_term_string\"}],\"inLanguage\":\"lv-LV\"},{\"@type\":\"Organization\",\"@id\":\"https:\/\/rmvapebang.com\/#organization\",\"name\":\"rmvapebang.com\",\"url\":\"https:\/\/rmvapebang.com\/\",\"logo\":{\"@type\":\"ImageObject\",\"inLanguage\":\"lv-LV\",\"@id\":\"https:\/\/rmvapebang.com\/#\/schema\/logo\/image\/\",\"url\":\"https:\/\/rmvapebang.com\/wp-content\/uploads\/2024\/03\/cropped-RVBlogo.png\",\"contentUrl\":\"https:\/\/rmvapebang.com\/wp-content\/uploads\/2024\/03\/cropped-RVBlogo.png\",\"width\":507,\"height\":169,\"caption\":\"rmvapebang.com\"},\"image\":{\"@id\":\"https:\/\/rmvapebang.com\/#\/schema\/logo\/image\/\"}}]}<\/script>\n<!-- \/ Yoast SEO plugin. -->","yoast_head_json":{"title":"BANGKING TRIPLE 75K Vapen Wholesale Price Bulk Sale Vape - rmvapebang.com","description":"BANGKING TRIPLE 75K Vape: 75,000 puffs, 16 flavours, 2%\/5% nicotine. Bulk wholesale offer for European vape resellers. Order now!","robots":{"index":"index","follow":"follow","max-snippet":"max-snippet:-1","max-image-preview":"max-image-preview:large","max-video-preview":"max-video-preview:-1"},"canonical":"https:\/\/rmvapebang.com\/lv\/product\/bangking-triple-75k-vapen-wholesale-price-bulk-sale-vape\/","og_locale":"lv_LV","og_type":"article","og_title":"BANGKING TRIPLE 75K Vapen Wholesale Price Bulk Sale Vape - rmvapebang.com","og_description":"BANGKING TRIPLE 75K Vape: 75,000 puffs, 16 flavours, 2%\/5% nicotine. Bulk wholesale offer for European vape resellers. Order now!","og_url":"https:\/\/rmvapebang.com\/lv\/product\/bangking-triple-75k-vapen-wholesale-price-bulk-sale-vape\/","og_site_name":"rmvapebang.com","article_modified_time":"2025-06-05T10:05:10+00:00","og_image":[{"width":800,"height":800,"url":"https:\/\/rmvapebang.com\/wp-content\/uploads\/2025\/06\/Bangking-vapen-vape-75k-puffs-factory-price.webp","type":"image\/webp"}],"twitter_card":"summary_large_image","twitter_misc":{"Est. reading time":"3 min\u016btes"},"schema":{"@context":"https:\/\/schema.org","@graph":[{"@type":"WebPage","@id":"https:\/\/rmvapebang.com\/product\/bangking-triple-75k-vapen-wholesale-price-bulk-sale-vape\/","url":"https:\/\/rmvapebang.com\/product\/bangking-triple-75k-vapen-wholesale-price-bulk-sale-vape\/","name":"BANGKING TRIPLE 75K Vapen Wholesale Price Bulk Sale Vape - rmvapebang.com","isPartOf":{"@id":"https:\/\/rmvapebang.com\/#website"},"primaryImageOfPage":{"@id":"https:\/\/rmvapebang.com\/product\/bangking-triple-75k-vapen-wholesale-price-bulk-sale-vape\/#primaryimage"},"image":{"@id":"https:\/\/rmvapebang.com\/product\/bangking-triple-75k-vapen-wholesale-price-bulk-sale-vape\/#primaryimage"},"thumbnailUrl":"https:\/\/rmvapebang.com\/wp-content\/uploads\/2025\/06\/Bangking-vapen-vape-75k-puffs-factory-price.webp","datePublished":"2025-06-05T09:09:58+00:00","dateModified":"2025-06-05T10:05:10+00:00","description":"BANGKING TRIPLE 75K Vape: 75,000 puffs, 16 flavours, 2%\/5% nicotine. Bulk wholesale offer for European vape resellers. Order now!","breadcrumb":{"@id":"https:\/\/rmvapebang.com\/product\/bangking-triple-75k-vapen-wholesale-price-bulk-sale-vape\/#breadcrumb"},"inLanguage":"lv-LV","potentialAction":[{"@type":"ReadAction","target":["https:\/\/rmvapebang.com\/product\/bangking-triple-75k-vapen-wholesale-price-bulk-sale-vape\/"]}]},{"@type":"ImageObject","inLanguage":"lv-LV","@id":"https:\/\/rmvapebang.com\/product\/bangking-triple-75k-vapen-wholesale-price-bulk-sale-vape\/#primaryimage","url":"https:\/\/rmvapebang.com\/wp-content\/uploads\/2025\/06\/Bangking-vapen-vape-75k-puffs-factory-price.webp","contentUrl":"https:\/\/rmvapebang.com\/wp-content\/uploads\/2025\/06\/Bangking-vapen-vape-75k-puffs-factory-price.webp","width":800,"height":800,"caption":"Bangking vapen vape 75k puffs factory price"},{"@type":"BreadcrumbList","@id":"https:\/\/rmvapebang.com\/product\/bangking-triple-75k-vapen-wholesale-price-bulk-sale-vape\/#breadcrumb","itemListElement":[{"@type":"ListItem","position":1,"name":"Home","item":"https:\/\/rmvapebang.com\/"},{"@type":"ListItem","position":2,"name":"Hot Vape Shop","item":"https:\/\/rmvapebang.com\/shop-page\/"},{"@type":"ListItem","position":3,"name":"BANGKING TRIPLE 75K Vapen Wholesale Price Bulk Sale Vape"}]},{"@type":"WebSite","@id":"https:\/\/rmvapebang.com\/#website","url":"https:\/\/rmvapebang.com\/","name":"rmvapebang.com","description":"buy vape cheap","publisher":{"@id":"https:\/\/rmvapebang.com\/#organization"},"potentialAction":[{"@type":"SearchAction","target":{"@type":"EntryPoint","urlTemplate":"https:\/\/rmvapebang.com\/?s={search_term_string}"},"query-input":"required name=search_term_string"}],"inLanguage":"lv-LV"},{"@type":"Organization","@id":"https:\/\/rmvapebang.com\/#organization","name":"rmvapebang.com","url":"https:\/\/rmvapebang.com\/","logo":{"@type":"ImageObject","inLanguage":"lv-LV","@id":"https:\/\/rmvapebang.com\/#\/schema\/logo\/image\/","url":"https:\/\/rmvapebang.com\/wp-content\/uploads\/2024\/03\/cropped-RVBlogo.png","contentUrl":"https:\/\/rmvapebang.com\/wp-content\/uploads\/2024\/03\/cropped-RVBlogo.png","width":507,"height":169,"caption":"rmvapebang.com"},"image":{"@id":"https:\/\/rmvapebang.com\/#\/schema\/logo\/image\/"}}]}},"uagb_featured_image_src":{"full":["https:\/\/rmvapebang.com\/wp-content\/uploads\/2025\/06\/Bangking-vapen-vape-75k-puffs-factory-price.webp",800,800,false],"thumbnail":["https:\/\/rmvapebang.com\/wp-content\/uploads\/2025\/06\/Bangking-vapen-vape-75k-puffs-factory-price-150x150.webp",150,150,true],"medium":["https:\/\/rmvapebang.com\/wp-content\/uploads\/2025\/06\/Bangking-vapen-vape-75k-puffs-factory-price-300x300.webp",300,300,true],"medium_large":["https:\/\/rmvapebang.com\/wp-content\/uploads\/2025\/06\/Bangking-vapen-vape-75k-puffs-factory-price-768x768.webp",768,768,true],"large":["https:\/\/rmvapebang.com\/wp-content\/uploads\/2025\/06\/Bangking-vapen-vape-75k-puffs-factory-price.webp",800,800,false],"1536x1536":["https:\/\/rmvapebang.com\/wp-content\/uploads\/2025\/06\/Bangking-vapen-vape-75k-puffs-factory-price.webp",800,800,false],"2048x2048":["https:\/\/rmvapebang.com\/wp-content\/uploads\/2025\/06\/Bangking-vapen-vape-75k-puffs-factory-price.webp",800,800,false],"trp-custom-language-flag":["https:\/\/rmvapebang.com\/wp-content\/uploads\/2025\/06\/Bangking-vapen-vape-75k-puffs-factory-price.webp",12,12,false],"woocommerce_thumbnail":["https:\/\/rmvapebang.com\/wp-content\/uploads\/2025\/06\/Bangking-vapen-vape-75k-puffs-factory-price-300x300.webp",300,300,true],"woocommerce_single":["https:\/\/rmvapebang.com\/wp-content\/uploads\/2025\/06\/Bangking-vapen-vape-75k-puffs-factory-price-600x600.webp",600,600,true],"woocommerce_gallery_thumbnail":["https:\/\/rmvapebang.com\/wp-content\/uploads\/2025\/06\/Bangking-vapen-vape-75k-puffs-factory-price-100x100.webp",100,100,true],"wcpr-photo-reviews":["https:\/\/rmvapebang.com\/wp-content\/uploads\/2025\/06\/Bangking-vapen-vape-75k-puffs-factory-price.webp",500,500,false]},"uagb_author_info":{"display_name":"Lyn","author_link":"https:\/\/rmvapebang.com\/lv\/author\/"},"uagb_comment_info":0,"uagb_excerpt":"NOTE\uff1aPrices on the website don\u2019t include shipping fee. Please send your zip code and address that we can check shipping costs for you. Get your shelves stocked with the BANGKING TRIPLE 75K \u2013 the next-level triple-flavour disposable vape with unbeatable puffs, rich taste, and profit-friendly wholesale pricing. Order today! Whatsapp:+86 17840853976 Scan on whatsapp for&hellip;","_links":{"self":[{"href":"https:\/\/rmvapebang.com\/lv\/wp-json\/wp\/v2\/product\/4319","targetHints":{"allow":["GET"]}}],"collection":[{"href":"https:\/\/rmvapebang.com\/lv\/wp-json\/wp\/v2\/product"}],"about":[{"href":"https:\/\/rmvapebang.com\/lv\/wp-json\/wp\/v2\/types\/product"}],"replies":[{"embeddable":true,"href":"https:\/\/rmvapebang.com\/lv\/wp-json\/wp\/v2\/comments?post=4319"}],"wp:featuredmedia":[{"embeddable":true,"href":"https:\/\/rmvapebang.com\/lv\/wp-json\/wp\/v2\/media\/4315"}],"wp:attachment":[{"href":"https:\/\/rmvapebang.com\/lv\/wp-json\/wp\/v2\/media?parent=4319"}],"wp:term":[{"taxonomy":"product_brand","embeddable":true,"href":"https:\/\/rmvapebang.com\/lv\/wp-json\/wp\/v2\/product_brand?post=4319"},{"taxonomy":"product_cat","embeddable":true,"href":"https:\/\/rmvapebang.com\/lv\/wp-json\/wp\/v2\/product_cat?post=4319"},{"taxonomy":"product_tag","embeddable":true,"href":"https:\/\/rmvapebang.com\/lv\/wp-json\/wp\/v2\/product_tag?post=4319"}],"curies":[{"name":"wp","href":"https:\/\/api.w.org\/{rel}","templated":true}]}}