{"id":2256,"date":"2024-04-29T17:38:08","date_gmt":"2024-04-29T09:38:08","guid":{"rendered":"https:\/\/rmvapebang.com\/?post_type=product&#038;p=2256"},"modified":"2026-04-22T14:41:20","modified_gmt":"2026-04-22T06:41:20","slug":"vopk-digital-shisha-15000-vape-bulk-price-15k-puffs","status":"publish","type":"product","link":"https:\/\/rmvapebang.com\/lv\/product\/vopk-digital-shisha-15000-vape-bulk-price-15k-puffs\/","title":{"rendered":"VOPK Digital shisha 15000 vape Lielapjoma cena 15k Puffs"},"content":{"rendered":"<h1>VOPK Digital shisha 15000 vape Bulk price 15k Puffs<\/h1>\n<div class=\"flex-1 overflow-hidden\">\n<div class=\"react-scroll-to-bottom--css-rkeqe-79elbk h-full\">\n<div class=\"react-scroll-to-bottom--css-rkeqe-1n7m0yu\">\n<div class=\"flex flex-col text-sm pb-9\">\n<div class=\"w-full text-token-text-primary\" data-testid=\"conversation-turn-7\">\n<div class=\"px-4 py-2 justify-center text-base md:gap-6 m-auto\">\n<div class=\"flex flex-1 text-base mx-auto gap-3 md:px-5 lg:px-1 xl:px-5 md:max-w-3xl lg:max-w-[40rem] xl:max-w-[48rem] group final-completion\">\n<div class=\"relative flex w-full flex-col agent-turn\">\n<div class=\"flex-col gap-1 md:gap-3\">\n<div class=\"flex flex-grow flex-col max-w-full\">\n<div class=\"min-h-[20px] text-message flex flex-col items-start gap-3 whitespace-pre-wrap break-words [.text-message+&amp;]:mt-5 overflow-x-auto\" data-message-author-role=\"assistant\" data-message-id=\"a1f3b89f-a1c9-497d-a989-579b96e752e6\">\n<div class=\"markdown prose w-full break-words dark:prose-invert light\">\n<p>VOPK Digital 15000 vape Bulk price 15000 Puffs is a new rechargeable disposable electronic cigarette. It has a 650mAh battery and a 16ml e-liquid capacity. Unlike other brands, this one has a smart screen, which makes it easier to see the remaining oil and battery capacity of the device.<\/p>\n<p>The charger interface of\u00a0 VOPK 15k e-cigarette is a common Type-C,When your device runs out of power, it&#8217;s easy to find a suitable charger. It also has 15,000 puffs. Everyone has different flavors and nicotine preferences in VOPK shiasha 15k. So there are 10 different flavors and nicotine (2%\/5%) to choose.<\/p>\n<p>The very novel e-cigarette VOPK shisha 15k is worth trying vapes.<\/p>\n<p><img loading=\"lazy\" decoding=\"async\" class=\"size-medium wp-image-2253\" src=\"http:\/\/rmvapebang.com\/wp-content\/uploads\/2024\/04\/VOPK-vapes-digital-15000-puffs-good-price-225x300.jpg\" alt=\"VOPK vapes digital 15000 puffs good price\" width=\"225\" height=\"300\" srcset=\"https:\/\/rmvapebang.com\/wp-content\/uploads\/2024\/04\/VOPK-vapes-digital-15000-puffs-good-price-225x300.jpg 225w, https:\/\/rmvapebang.com\/wp-content\/uploads\/2024\/04\/VOPK-vapes-digital-15000-puffs-good-price-768x1024.jpg 768w, https:\/\/rmvapebang.com\/wp-content\/uploads\/2024\/04\/VOPK-vapes-digital-15000-puffs-good-price-1152x1536.jpg 1152w, https:\/\/rmvapebang.com\/wp-content\/uploads\/2024\/04\/VOPK-vapes-digital-15000-puffs-good-price-1536x2048.jpg 1536w, https:\/\/rmvapebang.com\/wp-content\/uploads\/2024\/04\/VOPK-vapes-digital-15000-puffs-good-price-600x800.jpg 600w, https:\/\/rmvapebang.com\/wp-content\/uploads\/2024\/04\/VOPK-vapes-digital-15000-puffs-good-price-scaled.jpg 1920w\" sizes=\"auto, (max-width: 225px) 100vw, 225px\" \/><\/p>\n<\/div>\n<\/div>\n<\/div>\n<\/div>\n<\/div>\n<\/div>\n<\/div>\n<\/div>\n<\/div>\n<\/div>\n<\/div>\n<\/div>\n<h2><strong>What&#8217;s the Flavors for vape 15K puffs with 2% and 5% Nicotine?<\/strong><\/h2>\n<p>1.Double Apple<br \/>\n2.Double melon mint<br \/>\n3.Grape mint<br \/>\n4.Juicy peach<br \/>\n5.Lady killa<br \/>\n6.Mix berry ice<br \/>\n7.Pineapple conconut<br \/>\n8.Red berry slush<br \/>\n9.Wantermelon ice<br \/>\n10.White mamba<\/p>\n<p><span style=\"font-size: 1.7em;font-weight: bold\">Specifications For The VOPK\u00a0shisha\u00a015k Puffs:<\/span><\/p>\n<p>\u2013\u00a0 15k Puffs<br \/>\n\u2013 10 Flavors<br \/>\n\u2013 2%\/5% Nic Strength<br \/>\n\u201325 mL of E-liquid Capacity<br \/>\n\u2013 Battery capacity 850 mAh<\/p>\n<h3>FAQ:<\/h3>\n<p>Q: What is the MOQ of the vape?<\/p>\n<p>A: The minimum order quantity (MOQ) for the VOPK shisha 15k Puffs Vape is 50 pieces.<\/p>\n<p>Q: What is the delivery time for the VOPK\u00a0 digital 15k Puffs Vape I ordered?<\/p>\n<p>A: Typically, the delivery time for the VOPK Digital E-cigarette 15k Vape is 10-15 days after shipping out.<\/p>\n<p>Q: How much is the shipping cost for the VOPK 15000 Vape?<\/p>\n<p>A: The shipping cost varies depending on the weight of the order. Different quantities may have different shipping costs. Please contact us to confirm the shipping cost for your specific order.<\/p>\n<p>Q: Can the VOPK 15000 Puffs Vape be shipped to my country?<\/p>\n<p>A: Yes, we can ship VOPK 15k Puffs Vape to most European countries including but not limited to Netherlands, Germany, France, Spain, Italy, Belgium, Luxembourg, Austria, Czech Republic, Slovakia, Hungary, Slovenia, Romania, Bulgaria , Greece, Poland, Sweden, Ireland, Portugal, Finland, Estonia, Latvia and Lithuania. If you have any specific questions about shipping to your country, please feel free to contact us.<\/p>\n<p><strong>Contact Lyn for more product videos!<\/strong><\/p>\n<p><a href=\"https:\/\/wa.me\/8617840853976\"><span style=\"color: #ff6600\"><strong><em>Whatsapp:+86 17840853976<\/em><\/strong><\/span><\/a><\/p>\n<p><img loading=\"lazy\" decoding=\"async\" class=\"alignnone size-medium wp-image-1905\" src=\"http:\/\/rmvapebang.com\/wp-content\/uploads\/2024\/03\/whatsapp-vape-2-202x300.jpg\" alt=\"\" width=\"202\" height=\"300\" \/><\/p>\n<p>Find more product you may like:<a href=\"https:\/\/rmvapebang.com\/shop-page\/\"><strong><em>Shop now<\/em><\/strong><\/a><\/p>\n<p>others puff you may like:<a href=\"https:\/\/rmvapebang.com\/product\/bang-15k-puffs-shisha-15000-vapes\/\">Bang shisha 15k\/<\/a><a href=\"https:\/\/rmvapebang.com\/product\/fluum-box-15000-puffs-digital-15k-vape\/\">fluum box 15ooo vapes\/<\/a><a href=\"https:\/\/rmvapebang.com\/product\/bang-rocket-18000-puffs-with-low-18k-vapes\/\">Vapme Crown Bar 18000 vapes<\/a>\/<a href=\"https:\/\/rmvapebang.com\/product\/waspe-12000-puff-wholesale-price-vape-tornado-12k\/\">Waspe 12k puffs<\/a><\/p>\n<p><span style=\"color: #ff0000\"><strong>Note: All products do not include shipping costs\uff01\uff01\uff01<\/strong><\/span><\/p>\n","protected":false},"excerpt":{"rendered":"<p>VOPK shisha E-cigarete 15000 Dvesieni Vairumtirdzniec\u012bbas Cena Uzl\u0101d\u0113jama<\/p>\n<p>VOPK shisha E-cigarete 15000 Dvesieni ir liela tilpuma uzl\u0101d\u0113jama vape ier\u012bce, kas pied\u0101v\u0101 15000 dvesienus ar 10 gar\u0161\u0101m un 2%\/5% nikot\u012bna l\u012bme\u0146iem.<\/p>\n<p><strong><em>Whatsapp:<a href=\"https:\/\/wa.me\/8617840853976\">+86 17840853976<\/a><\/em><\/strong><\/p>\n<p>Sken\u0113jiet WhatsApp, lai sa\u0146emtu kuponu jaunajiem klientiem<\/p>\n<p><img loading=\"lazy\" decoding=\"async\" class=\"alignnone size-medium wp-image-1905\" src=\"http:\/\/rmvapebang.com\/wp-content\/uploads\/2024\/03\/whatsapp-vape-2-202x300.jpg\" alt=\"\" width=\"202\" height=\"300\" \/><\/p>","protected":false},"featured_media":2248,"comment_status":"open","ping_status":"closed","template":"","meta":{"_uag_custom_page_level_css":"","_lmt_disableupdate":"no","_lmt_disable":"","site-sidebar-layout":"no-sidebar","site-content-layout":"boxed-container","ast-site-content-layout":"normal-width-container","site-content-style":"boxed","site-sidebar-style":"boxed","ast-global-header-display":"","ast-banner-title-visibility":"","ast-main-header-display":"","ast-hfb-above-header-display":"","ast-hfb-below-header-display":"","ast-hfb-mobile-header-display":"","site-post-title":"","ast-breadcrumbs-content":"","ast-featured-img":"","footer-sml-layout":"","ast-disable-related-posts":"","theme-transparent-header-meta":"default","adv-header-id-meta":"","stick-header-meta":"","header-above-stick-meta":"","header-main-stick-meta":"","header-below-stick-meta":"","astra-migrate-meta-layouts":"set","ast-page-background-enabled":"default","ast-page-background-meta":{"desktop":{"background-color":"","background-image":"","background-repeat":"repeat","background-position":"center center","background-size":"auto","background-attachment":"scroll","background-type":"","background-media":"","overlay-type":"","overlay-color":"","overlay-opacity":"","overlay-gradient":""},"tablet":{"background-color":"","background-image":"","background-repeat":"repeat","background-position":"center center","background-size":"auto","background-attachment":"scroll","background-type":"","background-media":"","overlay-type":"","overlay-color":"","overlay-opacity":"","overlay-gradient":""},"mobile":{"background-color":"","background-image":"","background-repeat":"repeat","background-position":"center center","background-size":"auto","background-attachment":"scroll","background-type":"","background-media":"","overlay-type":"","overlay-color":"","overlay-opacity":"","overlay-gradient":""}},"ast-content-background-meta":{"desktop":{"background-color":"var(--ast-global-color-4)","background-image":"","background-repeat":"repeat","background-position":"center center","background-size":"auto","background-attachment":"scroll","background-type":"","background-media":"","overlay-type":"","overlay-color":"","overlay-opacity":"","overlay-gradient":""},"tablet":{"background-color":"var(--ast-global-color-4)","background-image":"","background-repeat":"repeat","background-position":"center center","background-size":"auto","background-attachment":"scroll","background-type":"","background-media":"","overlay-type":"","overlay-color":"","overlay-opacity":"","overlay-gradient":""},"mobile":{"background-color":"var(--ast-global-color-4)","background-image":"","background-repeat":"repeat","background-position":"center center","background-size":"auto","background-attachment":"scroll","background-type":"","background-media":"","overlay-type":"","overlay-color":"","overlay-opacity":"","overlay-gradient":""}},"_joinchat":[]},"product_brand":[],"product_cat":[39,41,42,40,75,43],"product_tag":[66,65,50,51,67,57,58,73,53,52],"class_list":{"0":"post-2256","1":"product","2":"type-product","3":"status-publish","4":"has-post-thumbnail","6":"product_cat-france-wholesale-vape","7":"product_cat-netherlands-wholesale-vape","8":"product_cat-spain-wholesale-vape","9":"product_cat-germany-wholesale-vape","10":"product_cat-vape-15000-puffs","11":"product_cat-vape-shop","12":"product_tag-15000-puffs","13":"product_tag-15k-puffs","14":"product_tag-bulk-price-vape-shop","15":"product_tag-disposable-vape","16":"product_tag-fast-price-sales","17":"product_tag-minimum-order-quantity-50pcs","18":"product_tag-moq-50pcs","19":"product_tag-new-product","20":"product_tag-rechargeable-vape","21":"product_tag-vape-wholesasle-price","22":"desktop-align-left","23":"tablet-align-left","24":"mobile-align-left","26":"first","27":"instock","28":"sale","29":"shipping-taxable","30":"purchasable","31":"product-type-simple"},"yoast_head":"<!-- This site is optimized with the Yoast SEO plugin v27.4 - https:\/\/yoast.com\/product\/yoast-seo-wordpress\/ -->\n<title>VOPK Digital shisha 15000 vape Bulk price 15k Puffs - rmvapebang.com<\/title>\n<meta name=\"description\" content=\"VOPK shisha 15000 Puffs Wholesale Price 15K Puffs Vape,2% and 5% nicotine to choose. Contact now to get Wholesale Price of VOPK 15k vape! moq is 50pcs.\" \/>\n<meta name=\"robots\" content=\"index, follow, max-snippet:-1, max-image-preview:large, max-video-preview:-1\" \/>\n<link rel=\"canonical\" href=\"https:\/\/rmvapebang.com\/lv\/products\/vopk-digital-shisha-15000-vape-bulk-price-15k-puffs\/\" \/>\n<meta property=\"og:locale\" content=\"lv_LV\" \/>\n<meta property=\"og:type\" content=\"article\" \/>\n<meta property=\"og:title\" content=\"VOPK Digital shisha 15000 vape Bulk price 15k Puffs - rmvapebang.com\" \/>\n<meta property=\"og:description\" content=\"VOPK shisha 15000 Puffs Wholesale Price 15K Puffs Vape,2% and 5% nicotine to choose. Contact now to get Wholesale Price of VOPK 15k vape! moq is 50pcs.\" \/>\n<meta property=\"og:url\" content=\"https:\/\/rmvapebang.com\/lv\/products\/vopk-digital-shisha-15000-vape-bulk-price-15k-puffs\/\" \/>\n<meta property=\"og:site_name\" content=\"rmvapebang.com\" \/>\n<meta property=\"article:modified_time\" content=\"2026-04-22T06:41:20+00:00\" \/>\n<meta property=\"og:image\" content=\"http:\/\/rmvapebang.com\/wp-content\/uploads\/2024\/04\/VOPK-digital-vape-15000-puffs-best-price.png\" \/>\n\t<meta property=\"og:image:width\" content=\"525\" \/>\n\t<meta property=\"og:image:height\" content=\"398\" \/>\n\t<meta property=\"og:image:type\" content=\"image\/png\" \/>\n<meta name=\"twitter:card\" content=\"summary_large_image\" \/>\n<meta name=\"twitter:label1\" content=\"Est. reading time\" \/>\n\t<meta name=\"twitter:data1\" content=\"3 min\u016btes\" \/>\n<script type=\"application\/ld+json\" class=\"yoast-schema-graph\">{\"@context\":\"https:\\\/\\\/schema.org\",\"@graph\":[{\"@type\":\"WebPage\",\"@id\":\"https:\\\/\\\/rmvapebang.com\\\/product\\\/vopk-digital-shisha-15000-vape-bulk-price-15k-puffs\\\/\",\"url\":\"https:\\\/\\\/rmvapebang.com\\\/product\\\/vopk-digital-shisha-15000-vape-bulk-price-15k-puffs\\\/\",\"name\":\"VOPK Digital shisha 15000 vape Bulk price 15k Puffs - rmvapebang.com\",\"isPartOf\":{\"@id\":\"https:\\\/\\\/rmvapebang.com\\\/#website\"},\"primaryImageOfPage\":{\"@id\":\"https:\\\/\\\/rmvapebang.com\\\/product\\\/vopk-digital-shisha-15000-vape-bulk-price-15k-puffs\\\/#primaryimage\"},\"image\":{\"@id\":\"https:\\\/\\\/rmvapebang.com\\\/product\\\/vopk-digital-shisha-15000-vape-bulk-price-15k-puffs\\\/#primaryimage\"},\"thumbnailUrl\":\"https:\\\/\\\/rmvapebang.com\\\/wp-content\\\/uploads\\\/2024\\\/04\\\/VOPK-digital-vape-15000-puffs-best-price.png\",\"datePublished\":\"2024-04-29T09:38:08+00:00\",\"dateModified\":\"2026-04-22T06:41:20+00:00\",\"description\":\"VOPK shisha 15000 Puffs Wholesale Price 15K Puffs Vape,2% and 5% nicotine to choose. Contact now to get Wholesale Price of VOPK 15k vape! moq is 50pcs.\",\"breadcrumb\":{\"@id\":\"https:\\\/\\\/rmvapebang.com\\\/product\\\/vopk-digital-shisha-15000-vape-bulk-price-15k-puffs\\\/#breadcrumb\"},\"inLanguage\":\"lv-LV\",\"potentialAction\":[{\"@type\":\"ReadAction\",\"target\":[\"https:\\\/\\\/rmvapebang.com\\\/product\\\/vopk-digital-shisha-15000-vape-bulk-price-15k-puffs\\\/\"]}]},{\"@type\":\"ImageObject\",\"inLanguage\":\"lv-LV\",\"@id\":\"https:\\\/\\\/rmvapebang.com\\\/product\\\/vopk-digital-shisha-15000-vape-bulk-price-15k-puffs\\\/#primaryimage\",\"url\":\"https:\\\/\\\/rmvapebang.com\\\/wp-content\\\/uploads\\\/2024\\\/04\\\/VOPK-digital-vape-15000-puffs-best-price.png\",\"contentUrl\":\"https:\\\/\\\/rmvapebang.com\\\/wp-content\\\/uploads\\\/2024\\\/04\\\/VOPK-digital-vape-15000-puffs-best-price.png\",\"width\":525,\"height\":398,\"caption\":\"VOPK digital vape 15000 puffs best price\"},{\"@type\":\"BreadcrumbList\",\"@id\":\"https:\\\/\\\/rmvapebang.com\\\/product\\\/vopk-digital-shisha-15000-vape-bulk-price-15k-puffs\\\/#breadcrumb\",\"itemListElement\":[{\"@type\":\"ListItem\",\"position\":1,\"name\":\"Home\",\"item\":\"https:\\\/\\\/rmvapebang.com\\\/\"},{\"@type\":\"ListItem\",\"position\":2,\"name\":\"Hot Vape Shop\",\"item\":\"https:\\\/\\\/rmvapebang.com\\\/shop-page\\\/\"},{\"@type\":\"ListItem\",\"position\":3,\"name\":\"VOPK Digital shisha 15000 vape Bulk price 15k Puffs\"}]},{\"@type\":\"WebSite\",\"@id\":\"https:\\\/\\\/rmvapebang.com\\\/#website\",\"url\":\"https:\\\/\\\/rmvapebang.com\\\/\",\"name\":\"rmvapebang.com\",\"description\":\"buy vape cheap\",\"publisher\":{\"@id\":\"https:\\\/\\\/rmvapebang.com\\\/#organization\"},\"potentialAction\":[{\"@type\":\"SearchAction\",\"target\":{\"@type\":\"EntryPoint\",\"urlTemplate\":\"https:\\\/\\\/rmvapebang.com\\\/?s={search_term_string}\"},\"query-input\":{\"@type\":\"PropertyValueSpecification\",\"valueRequired\":true,\"valueName\":\"search_term_string\"}}],\"inLanguage\":\"lv-LV\"},{\"@type\":\"Organization\",\"@id\":\"https:\\\/\\\/rmvapebang.com\\\/#organization\",\"name\":\"rmvapebang.com\",\"url\":\"https:\\\/\\\/rmvapebang.com\\\/\",\"logo\":{\"@type\":\"ImageObject\",\"inLanguage\":\"lv-LV\",\"@id\":\"https:\\\/\\\/rmvapebang.com\\\/#\\\/schema\\\/logo\\\/image\\\/\",\"url\":\"https:\\\/\\\/rmvapebang.com\\\/wp-content\\\/uploads\\\/2024\\\/03\\\/cropped-RVBlogo.png\",\"contentUrl\":\"https:\\\/\\\/rmvapebang.com\\\/wp-content\\\/uploads\\\/2024\\\/03\\\/cropped-RVBlogo.png\",\"width\":507,\"height\":169,\"caption\":\"rmvapebang.com\"},\"image\":{\"@id\":\"https:\\\/\\\/rmvapebang.com\\\/#\\\/schema\\\/logo\\\/image\\\/\"}}]}<\/script>\n<!-- \/ Yoast SEO plugin. -->","yoast_head_json":{"title":"VOPK Digit\u0101l\u0101 \u0161isha 15000 vape Vairumtirdzniec\u012bbas cena 15k dvesmas - rmvapebang.com","description":"VOPK \u0161i\u0161as 15000 dvesmas, vairumtirdzniec\u012bbas cena, 15K dvesmas, 2% un 5% nikot\u012bna saturs. Sazinieties tagad, lai sa\u0146emtu VOPK 15k veipa vairumtirdzniec\u012bbas cenu! MOQ ir 50 gab.","robots":{"index":"index","follow":"follow","max-snippet":"max-snippet:-1","max-image-preview":"max-image-preview:large","max-video-preview":"max-video-preview:-1"},"canonical":"https:\/\/rmvapebang.com\/lv\/products\/vopk-digital-shisha-15000-vape-bulk-price-15k-puffs\/","og_locale":"lv_LV","og_type":"article","og_title":"VOPK Digital shisha 15000 vape Bulk price 15k Puffs - rmvapebang.com","og_description":"VOPK shisha 15000 Puffs Wholesale Price 15K Puffs Vape,2% and 5% nicotine to choose. Contact now to get Wholesale Price of VOPK 15k vape! moq is 50pcs.","og_url":"https:\/\/rmvapebang.com\/lv\/products\/vopk-digital-shisha-15000-vape-bulk-price-15k-puffs\/","og_site_name":"rmvapebang.com","article_modified_time":"2026-04-22T06:41:20+00:00","og_image":[{"width":525,"height":398,"url":"http:\/\/rmvapebang.com\/wp-content\/uploads\/2024\/04\/VOPK-digital-vape-15000-puffs-best-price.png","type":"image\/png"}],"twitter_card":"summary_large_image","twitter_misc":{"Est. reading time":"3 min\u016btes"},"schema":{"@context":"https:\/\/schema.org","@graph":[{"@type":"WebPage","@id":"https:\/\/rmvapebang.com\/product\/vopk-digital-shisha-15000-vape-bulk-price-15k-puffs\/","url":"https:\/\/rmvapebang.com\/product\/vopk-digital-shisha-15000-vape-bulk-price-15k-puffs\/","name":"VOPK Digit\u0101l\u0101 \u0161isha 15000 vape Vairumtirdzniec\u012bbas cena 15k dvesmas - rmvapebang.com","isPartOf":{"@id":"https:\/\/rmvapebang.com\/#website"},"primaryImageOfPage":{"@id":"https:\/\/rmvapebang.com\/product\/vopk-digital-shisha-15000-vape-bulk-price-15k-puffs\/#primaryimage"},"image":{"@id":"https:\/\/rmvapebang.com\/product\/vopk-digital-shisha-15000-vape-bulk-price-15k-puffs\/#primaryimage"},"thumbnailUrl":"https:\/\/rmvapebang.com\/wp-content\/uploads\/2024\/04\/VOPK-digital-vape-15000-puffs-best-price.png","datePublished":"2024-04-29T09:38:08+00:00","dateModified":"2026-04-22T06:41:20+00:00","description":"VOPK \u0161i\u0161as 15000 dvesmas, vairumtirdzniec\u012bbas cena, 15K dvesmas, 2% un 5% nikot\u012bna saturs. Sazinieties tagad, lai sa\u0146emtu VOPK 15k veipa vairumtirdzniec\u012bbas cenu! MOQ ir 50 gab.","breadcrumb":{"@id":"https:\/\/rmvapebang.com\/product\/vopk-digital-shisha-15000-vape-bulk-price-15k-puffs\/#breadcrumb"},"inLanguage":"lv-LV","potentialAction":[{"@type":"ReadAction","target":["https:\/\/rmvapebang.com\/product\/vopk-digital-shisha-15000-vape-bulk-price-15k-puffs\/"]}]},{"@type":"ImageObject","inLanguage":"lv-LV","@id":"https:\/\/rmvapebang.com\/product\/vopk-digital-shisha-15000-vape-bulk-price-15k-puffs\/#primaryimage","url":"https:\/\/rmvapebang.com\/wp-content\/uploads\/2024\/04\/VOPK-digital-vape-15000-puffs-best-price.png","contentUrl":"https:\/\/rmvapebang.com\/wp-content\/uploads\/2024\/04\/VOPK-digital-vape-15000-puffs-best-price.png","width":525,"height":398,"caption":"VOPK digital vape 15000 puffs best price"},{"@type":"BreadcrumbList","@id":"https:\/\/rmvapebang.com\/product\/vopk-digital-shisha-15000-vape-bulk-price-15k-puffs\/#breadcrumb","itemListElement":[{"@type":"ListItem","position":1,"name":"Home","item":"https:\/\/rmvapebang.com\/"},{"@type":"ListItem","position":2,"name":"Hot Vape Shop","item":"https:\/\/rmvapebang.com\/shop-page\/"},{"@type":"ListItem","position":3,"name":"VOPK Digital shisha 15000 vape Bulk price 15k Puffs"}]},{"@type":"WebSite","@id":"https:\/\/rmvapebang.com\/#website","url":"https:\/\/rmvapebang.com\/","name":"rmvapebang.com","description":"pirkt vape l\u0113ti","publisher":{"@id":"https:\/\/rmvapebang.com\/#organization"},"potentialAction":[{"@type":"SearchAction","target":{"@type":"EntryPoint","urlTemplate":"https:\/\/rmvapebang.com\/?s={search_term_string}"},"query-input":{"@type":"PropertyValueSpecification","valueRequired":true,"valueName":"search_term_string"}}],"inLanguage":"lv-LV"},{"@type":"Organization","@id":"https:\/\/rmvapebang.com\/#organization","name":"rmvapebang.com","url":"https:\/\/rmvapebang.com\/","logo":{"@type":"ImageObject","inLanguage":"lv-LV","@id":"https:\/\/rmvapebang.com\/#\/schema\/logo\/image\/","url":"https:\/\/rmvapebang.com\/wp-content\/uploads\/2024\/03\/cropped-RVBlogo.png","contentUrl":"https:\/\/rmvapebang.com\/wp-content\/uploads\/2024\/03\/cropped-RVBlogo.png","width":507,"height":169,"caption":"rmvapebang.com"},"image":{"@id":"https:\/\/rmvapebang.com\/#\/schema\/logo\/image\/"}}]}},"uagb_featured_image_src":{"full":["https:\/\/rmvapebang.com\/wp-content\/uploads\/2024\/04\/VOPK-digital-vape-15000-puffs-best-price.png",525,398,false],"thumbnail":["https:\/\/rmvapebang.com\/wp-content\/uploads\/2024\/04\/VOPK-digital-vape-15000-puffs-best-price-150x150.png",150,150,true],"medium":["https:\/\/rmvapebang.com\/wp-content\/uploads\/2024\/04\/VOPK-digital-vape-15000-puffs-best-price-300x227.png",300,227,true],"medium_large":["https:\/\/rmvapebang.com\/wp-content\/uploads\/2024\/04\/VOPK-digital-vape-15000-puffs-best-price.png",525,398,false],"large":["https:\/\/rmvapebang.com\/wp-content\/uploads\/2024\/04\/VOPK-digital-vape-15000-puffs-best-price.png",525,398,false],"1536x1536":["https:\/\/rmvapebang.com\/wp-content\/uploads\/2024\/04\/VOPK-digital-vape-15000-puffs-best-price.png",525,398,false],"2048x2048":["https:\/\/rmvapebang.com\/wp-content\/uploads\/2024\/04\/VOPK-digital-vape-15000-puffs-best-price.png",525,398,false],"trp-custom-language-flag":["https:\/\/rmvapebang.com\/wp-content\/uploads\/2024\/04\/VOPK-digital-vape-15000-puffs-best-price.png",16,12,false],"woocommerce_thumbnail":["https:\/\/rmvapebang.com\/wp-content\/uploads\/2024\/04\/VOPK-digital-vape-15000-puffs-best-price-300x300.png",300,300,true],"woocommerce_single":["https:\/\/rmvapebang.com\/wp-content\/uploads\/2024\/04\/VOPK-digital-vape-15000-puffs-best-price.png",525,398,false],"woocommerce_gallery_thumbnail":["https:\/\/rmvapebang.com\/wp-content\/uploads\/2024\/04\/VOPK-digital-vape-15000-puffs-best-price-100x100.png",100,100,true],"wcpr-photo-reviews":["https:\/\/rmvapebang.com\/wp-content\/uploads\/2024\/04\/VOPK-digital-vape-15000-puffs-best-price.png",500,379,false]},"uagb_author_info":{"display_name":"Lyn","author_link":"https:\/\/rmvapebang.com\/lv\/author\/"},"uagb_comment_info":0,"uagb_excerpt":"VOPK shisha E-cigarette 15000 Puffs Wholesale Price Vape Rechargeable VOPK shisha E-cigarette 15000 Puff is a high-capacity rechargeable vape device offering 15000 puffs with 10 flavors and 2%\/5% nicotine levels. Whatsapp:+86 17840853976 Scan on whatsapp for New Client coupon","_links":{"self":[{"href":"https:\/\/rmvapebang.com\/lv\/wp-json\/wp\/v2\/product\/2256","targetHints":{"allow":["GET"]}}],"collection":[{"href":"https:\/\/rmvapebang.com\/lv\/wp-json\/wp\/v2\/product"}],"about":[{"href":"https:\/\/rmvapebang.com\/lv\/wp-json\/wp\/v2\/types\/product"}],"replies":[{"embeddable":true,"href":"https:\/\/rmvapebang.com\/lv\/wp-json\/wp\/v2\/comments?post=2256"}],"wp:featuredmedia":[{"embeddable":true,"href":"https:\/\/rmvapebang.com\/lv\/wp-json\/wp\/v2\/media\/2248"}],"wp:attachment":[{"href":"https:\/\/rmvapebang.com\/lv\/wp-json\/wp\/v2\/media?parent=2256"}],"wp:term":[{"taxonomy":"product_brand","embeddable":true,"href":"https:\/\/rmvapebang.com\/lv\/wp-json\/wp\/v2\/product_brand?post=2256"},{"taxonomy":"product_cat","embeddable":true,"href":"https:\/\/rmvapebang.com\/lv\/wp-json\/wp\/v2\/product_cat?post=2256"},{"taxonomy":"product_tag","embeddable":true,"href":"https:\/\/rmvapebang.com\/lv\/wp-json\/wp\/v2\/product_tag?post=2256"}],"curies":[{"name":"wp","href":"https:\/\/api.w.org\/{rel}","templated":true}]}}