{"id":5867,"date":"2026-04-01T16:41:34","date_gmt":"2026-04-01T08:41:34","guid":{"rendered":"https:\/\/rmvapebang.com\/?post_type=product&#038;p=5867"},"modified":"2026-04-23T10:43:23","modified_gmt":"2026-04-23T02:43:23","slug":"mr-goodie-60k-puffs-disposable-vape-smart-screen-rechargeable-device","status":"publish","type":"product","link":"https:\/\/rmvapebang.com\/lt\/product\/mr-goodie-60k-puffs-disposable-vape-smart-screen-rechargeable-device\/","title":{"rendered":"Ponas Goodie 60K R\u016bkom\u0173j\u0173 i\u0161metam\u0173j\u0173 gar\u0173 vienkartinis vape su i\u0161maniu ekranu, \u012fkraunamas \u012frenginys"},"content":{"rendered":"<h2 style=\"text-align: left\">Ponas Goodie 60K R\u016bkom\u0173j\u0173 i\u0161metam\u0173j\u0173 gar\u0173 vienkartinis vape su i\u0161maniu ekranu, \u012fkraunamas \u012frenginys<\/h2>\n<p>Ponas Goodie 60K R\u016bkali\u0173 Vienkartinis Vape Su i\u0161maniuoju ekranu ir \u012fkraunamu \u012frenginiu, talpa 60000 \u012fkv\u0117pim\u0173, 60k \u012fkv\u0117pim\u0173 palaiko ilgalaik\u012f kasdien\u012f naudojim\u0105 be da\u017en\u0173 keitim\u0173.<\/p>\n<p>Tas <a href=\"https:\/\/rmvapebang.com\/lt\/produkto-kategorija\/mr-goodie-vapes\/\"><em><strong>Ponas Goodie vape<\/strong><\/em><\/a> \u012frenginys turi <a href=\"https:\/\/rmvapebang.com\/lt\/produkto-kategorija\/smart-display\/\"><em><strong>i\u0161manus ekrano rodinys<\/strong> <\/em><\/a>ir \u012fkraunam\u0105 850mAh baterij\u0105, taip pat turi Type-C \u012fkrovim\u0105 patogumui. Dvigubos tinklelio rit\u0117s u\u017etikrina skland\u0173 gar\u0105 ir nuosekl\u0173 skonio tiekim\u0105. Reguliuojamas oro srautas ir 2 re\u017eimai viename (Mink\u0161tas ir Priedas) leid\u017eia lankst\u0173 vaping valdym\u0105.<\/p>\n<p>\u0160is <a href=\"https:\/\/rmvapebang.com\/lt\/produkto-kategorija\/vape-60000-puffs\/\"><em><strong>vienkartinis 60000 \u012fkv\u0117pim\u0173 garintuvas<\/strong><\/em><\/a> puikiai tinka naudotojams, ie\u0161kantiems auk\u0161to \u012fkv\u0117pimo vienkartinio vape, \u012fkraunamo vape su ekranu ir ilgalaikio vape \u012frenginio kasdieniam naudojimui Europos rinkose.<\/p>\n<figure id=\"attachment_5863\" aria-describedby=\"caption-attachment-5863\" style=\"width: 800px\" class=\"wp-caption alignnone\"><img loading=\"lazy\" decoding=\"async\" class=\"wp-image-5863 size-full\" src=\"http:\/\/rmvapebang.com\/wp-content\/uploads\/2026\/03\/Stable-Single-Flavor-E-liquid-System-in-60K-Puffs-Vape.webp\" alt=\"Mr Goodie 60000 P\u016btim\u0173 Vienkartinis Vape su vienu skoniu E-liquido sistema\" width=\"800\" height=\"800\" srcset=\"https:\/\/rmvapebang.com\/wp-content\/uploads\/2026\/03\/Stable-Single-Flavor-E-liquid-System-in-60K-Puffs-Vape.webp 800w, https:\/\/rmvapebang.com\/wp-content\/uploads\/2026\/03\/Stable-Single-Flavor-E-liquid-System-in-60K-Puffs-Vape-300x300.webp 300w, https:\/\/rmvapebang.com\/wp-content\/uploads\/2026\/03\/Stable-Single-Flavor-E-liquid-System-in-60K-Puffs-Vape-150x150.webp 150w, https:\/\/rmvapebang.com\/wp-content\/uploads\/2026\/03\/Stable-Single-Flavor-E-liquid-System-in-60K-Puffs-Vape-768x768.webp 768w, https:\/\/rmvapebang.com\/wp-content\/uploads\/2026\/03\/Stable-Single-Flavor-E-liquid-System-in-60K-Puffs-Vape-12x12.webp 12w, https:\/\/rmvapebang.com\/wp-content\/uploads\/2026\/03\/Stable-Single-Flavor-E-liquid-System-in-60K-Puffs-Vape-600x600.webp 600w, https:\/\/rmvapebang.com\/wp-content\/uploads\/2026\/03\/Stable-Single-Flavor-E-liquid-System-in-60K-Puffs-Vape-100x100.webp 100w\" sizes=\"auto, (max-width: 800px) 100vw, 800px\" \/><figcaption id=\"caption-attachment-5863\" class=\"wp-caption-text\">Sukurtas su vieno skonio bakelio sistema, u\u017etikrinan\u010dia nuosekl\u0173 skon\u012f ir skland\u0173 garo i\u0161\u0117jim\u0105 viso naudojimo metu.<\/figcaption><\/figure>\n<h2><strong>Skoni\u0173 s\u0105ra\u0161as ponui Goodie 2 re\u017eim\u0173 vape<\/strong><\/h2>\n<p>1. Bra\u0161k\u0117 Kivi<br \/>\n2. Vynuogi\u0173 Burbul\u0173 Kramtukas<br \/>\n3. Vy\u0161ni\u0173 kola<br \/>\n4. \u017dalioji Obuolio Vynuog\u0117<br \/>\n5. R\u016bg\u0161tus Gummy Bear<br \/>\n6. Dviguba Mango<br \/>\n7. M\u0117lynas Razz<br \/>\n8. Arb\u016bz\u0173 ledai<br \/>\n9. Bra\u0161k\u0117s Citrina Ledas<br \/>\n10. Medus Melionas Ledas<br \/>\n11. Majamis M\u0117ta<br \/>\n12. Persikas Laimas<\/p>\n<h2>Pagrindin\u0117s Ponui Goodie 60K R\u016bkali\u0173 Vienkartinio Vape Savyb\u0117s<\/h2>\n<ul>\n<li>\ud83d\udd0b 850mAh Baterija \u2013 Ilgalaik\u0117 galia ilgiems vaping seansams<\/li>\n<li>\ud83d\udca8 60000 P\u016b\u010di\u0173 Talpa \u2013 Auk\u0161tos p\u016btimo vienkartinis vape ilgalaikiam naudojimui<\/li>\n<li>\ud83e\uddf4 20ML E-skystis \u2013 Didel\u0117 talpa stabiliai skoni\u0173 i\u0161vedimui<\/li>\n<li>\u2699\ufe0f Dvigubi Tinklelio Rit\u0117s \u2013 Sklandus garas ir pagerinta skonio nuoseklumas<\/li>\n<li>\ud83d\udcca I\u0161manus ekranas \u2013 Baterijos ir p\u016b\u010di\u0173 steb\u0117jimas realiu laiku<\/li>\n<li>\ud83d\udd0c Tipo-C \u012ekrovimo jungtis \u2013 Greitas ir stabilus \u012fkrovimo sistema<\/li>\n<li>\ud83c\udf2c\ufe0f Reguliuojamas Oro srautas \u2013 Prisitaikantis \u012fkv\u0117pimo pasiprie\u0161inimas<\/li>\n<li>\u26a1 2 re\u017eimai (Mink\u0161tas ir Boost) \u2013 Lanksti vaping intensyvumo kontrol\u0117<\/li>\n<\/ul>\n<h2>Kod\u0117l verta rinktis Mr Goodie 60K reguliuojam\u0105 oro srauto vape<\/h2>\n<ul>\n<li>Ilgalaik\u0117s 60000 p\u016b\u010di\u0173 suma\u017eina da\u017en\u0173 keitim\u0173 i\u0161laidas<\/li>\n<li>I\u0161manus ekranas padeda ai\u0161kiai steb\u0117ti naudojim\u0105 realiu laiku<\/li>\n<li>Dviguba tinklelio rit\u0117 u\u017etikrina stabil\u0173 gar\u0105 ir skland\u0173 skonio i\u0161vedim\u0105<\/li>\n<li>\u012ekraunama konstrukcija palaiko nuolatin\u012f kasdien\u012f naudojim\u0105 patogiai<\/li>\n<\/ul>\n<h2>DUK \u2013 Mr Goodie Stabilus skonio \u012frenginys 60K p\u016btimo vienkartinis vape<\/h2>\n<p><strong>Klausimas 1: Kiek laiko trunka 60000 p\u016b\u010di\u0173?<\/strong><br \/>\nAtsakymas: Priklausomai nuo vartotoj\u0173, mr.goodie 60k gali trukti kelias savaites reguliaraus vaping.<\/p>\n<p><strong>Klausimas 2: Ar \u012frenginys palaiko \u012fkrovim\u0105?<\/strong><br \/>\nAtsakymas: Taip, 60 p\u016btimo vape naudoja Tipo-C \u012fkrovimo 850mAh baterij\u0105.<\/p>\n<p><strong>Klausimas 3: K\u0105 rodo i\u0161manus ekranas?<\/strong><br \/>\nA: Dvigubo re\u017eimo 60k vape ekrane ai\u0161kiai rodomas baterijos lygis ir p\u016btimo naudojimo statusas.<\/p>\n<p><strong>Q4: Ar galima reguliuoti vienkartinio mr.goodie 60k vape oro sraut\u0105?<\/strong><br \/>\nA: Taip, reguliuojamas oro srautas leid\u017eia labiau suasmeninti vaping patirt\u012f.<\/p>\n<p><strong>Nor\u0117dami gauti daugiau produkt\u0173 vaizdo \u012fra\u0161\u0173, susisiekite su Lyn!<\/strong><\/p>\n<p><a href=\"https:\/\/wa.me\/8617840853976\"><span style=\"color: #ff6600\"><strong><em>Whatsapp:+86 17840853976<\/em><\/strong><\/span><\/a><\/p>\n<p><img loading=\"lazy\" decoding=\"async\" class=\"alignnone size-medium wp-image-1905\" src=\"http:\/\/rmvapebang.com\/wp-content\/uploads\/2024\/03\/whatsapp-vape-2-202x300.jpg\" alt=\"\" width=\"202\" height=\"300\" \/><\/p>\n<p>Raskite daugiau produkt\u0173, kurie jums gali patikti:<a href=\"https:\/\/rmvapebang.com\/lt\/shop-page\/\"><strong><em>Pirkti dabar<\/em><\/strong><\/a><\/p>","protected":false},"excerpt":{"rendered":"<p class=\"\" data-start=\"1244\" data-end=\"1417\"><span style=\"color: #ff0000\"><em><strong>PASTABA<\/strong>: Svetain\u0117je nurodytos kainos neapima siuntimo mokes\u010dio. Pra\u0161ome atsi\u0173sti savo pa\u0161to kod\u0105 ir adres\u0105, kad gal\u0117tume patikrinti siuntimo i\u0161laidas.<\/em><\/span><br \/>\nPonas Goodie 60K R\u016bkali\u0173 Vienkartinis Vape pristato stabil\u0173 skon\u012f, i\u0161man\u0173j\u012f ekran\u0105 steb\u0117jimui ir \u012fkraunam\u0105 Type-C dizain\u0105. Sukurtas su dvigubomis tinklelio rit\u0117mis skland\u017eiam garui ir nuosekmiam veikimui, idealiai tinka ilgalaikiam kasdieniam naudojimui Europos suaugusi\u0173j\u0173 vaping rinkose.<\/p>\n<p><a href=\"https:\/\/wa.me\/8617840853976\"><strong><em>Whatsapp:+86 17840853976<\/em><\/strong><\/a><\/p>\n<p>Nuskaitykite \u201eWhatsApp\u201c naujo kliento kupon\u0105<\/p>\n<p><img loading=\"lazy\" decoding=\"async\" class=\"alignnone size-medium wp-image-1905\" src=\"http:\/\/rmvapebang.com\/wp-content\/uploads\/2024\/03\/whatsapp-vape-2-202x300.jpg\" alt=\"\" width=\"202\" height=\"300\" \/><\/p>","protected":false},"featured_media":5862,"comment_status":"open","ping_status":"closed","template":"","meta":{"_uag_custom_page_level_css":"","_lmt_disableupdate":"no","_lmt_disable":"","site-sidebar-layout":"no-sidebar","site-content-layout":"boxed-container","ast-site-content-layout":"normal-width-container","site-content-style":"boxed","site-sidebar-style":"boxed","ast-global-header-display":"","ast-banner-title-visibility":"","ast-main-header-display":"","ast-hfb-above-header-display":"","ast-hfb-below-header-display":"","ast-hfb-mobile-header-display":"","site-post-title":"","ast-breadcrumbs-content":"","ast-featured-img":"","footer-sml-layout":"","ast-disable-related-posts":"","theme-transparent-header-meta":"default","adv-header-id-meta":"","stick-header-meta":"","header-above-stick-meta":"","header-main-stick-meta":"","header-below-stick-meta":"","astra-migrate-meta-layouts":"set","ast-page-background-enabled":"default","ast-page-background-meta":{"desktop":{"background-color":"","background-image":"","background-repeat":"repeat","background-position":"center center","background-size":"auto","background-attachment":"scroll","background-type":"","background-media":"","overlay-type":"","overlay-color":"","overlay-opacity":"","overlay-gradient":""},"tablet":{"background-color":"","background-image":"","background-repeat":"repeat","background-position":"center center","background-size":"auto","background-attachment":"scroll","background-type":"","background-media":"","overlay-type":"","overlay-color":"","overlay-opacity":"","overlay-gradient":""},"mobile":{"background-color":"","background-image":"","background-repeat":"repeat","background-position":"center center","background-size":"auto","background-attachment":"scroll","background-type":"","background-media":"","overlay-type":"","overlay-color":"","overlay-opacity":"","overlay-gradient":""}},"ast-content-background-meta":{"desktop":{"background-color":"var(--ast-global-color-4)","background-image":"","background-repeat":"repeat","background-position":"center center","background-size":"auto","background-attachment":"scroll","background-type":"","background-media":"","overlay-type":"","overlay-color":"","overlay-opacity":"","overlay-gradient":""},"tablet":{"background-color":"var(--ast-global-color-4)","background-image":"","background-repeat":"repeat","background-position":"center center","background-size":"auto","background-attachment":"scroll","background-type":"","background-media":"","overlay-type":"","overlay-color":"","overlay-opacity":"","overlay-gradient":""},"mobile":{"background-color":"var(--ast-global-color-4)","background-image":"","background-repeat":"repeat","background-position":"center center","background-size":"auto","background-attachment":"scroll","background-type":"","background-media":"","overlay-type":"","overlay-color":"","overlay-opacity":"","overlay-gradient":""}},"_joinchat":[]},"product_brand":[],"product_cat":[130,39,185,41,42,40,179,43],"product_tag":[178,183,50,61,58,53,52],"class_list":{"0":"post-5867","1":"product","2":"type-product","3":"status-publish","4":"has-post-thumbnail","6":"product_cat-digital-vapes-in-discount-price","7":"product_cat-france-wholesale-vape","8":"product_cat-mr-goodie-vapes","9":"product_cat-netherlands-wholesale-vape","10":"product_cat-spain-wholesale-vape","11":"product_cat-germany-wholesale-vape","12":"product_cat-vape-60000-puffs","13":"product_cat-vape-shop","14":"product_tag-60000-puffs","15":"product_tag-60k-puffs","16":"product_tag-bulk-price-vape-shop","17":"product_tag-good-sales-vape","18":"product_tag-moq-50pcs","19":"product_tag-rechargeable-vape","20":"product_tag-vape-wholesasle-price","21":"desktop-align-left","22":"tablet-align-left","23":"mobile-align-left","25":"first","26":"instock","27":"sale","28":"shipping-taxable","29":"purchasable","30":"product-type-simple"},"yoast_head":"<!-- This site is optimized with the Yoast SEO plugin v27.4 - https:\/\/yoast.com\/product\/yoast-seo-wordpress\/ -->\n<title>Mr Goodie 60K Puffs Disposable Vape Smart Screen Rechargeable Device - rmvapebang.com<\/title>\n<meta name=\"description\" content=\"Mr Goodie 60K Puffs vape with smart screen, rechargeable battery, dual mesh coils, long-lasting smooth vaping performance.\" \/>\n<meta name=\"robots\" content=\"index, follow, max-snippet:-1, max-image-preview:large, max-video-preview:-1\" \/>\n<link rel=\"canonical\" href=\"https:\/\/rmvapebang.com\/lt\/produktas\/mr-goodie-60k-puffs-disposable-vape-smart-screen-rechargeable-device\/\" \/>\n<meta property=\"og:locale\" content=\"lt_LT\" \/>\n<meta property=\"og:type\" content=\"article\" \/>\n<meta property=\"og:title\" content=\"Mr Goodie 60K Puffs Disposable Vape Smart Screen Rechargeable Device - rmvapebang.com\" \/>\n<meta property=\"og:description\" content=\"Mr Goodie 60K Puffs vape with smart screen, rechargeable battery, dual mesh coils, long-lasting smooth vaping performance.\" \/>\n<meta property=\"og:url\" content=\"https:\/\/rmvapebang.com\/lt\/produktas\/mr-goodie-60k-puffs-disposable-vape-smart-screen-rechargeable-device\/\" \/>\n<meta property=\"og:site_name\" content=\"rmvapebang.com\" \/>\n<meta property=\"article:modified_time\" content=\"2026-04-23T02:43:23+00:00\" \/>\n<meta property=\"og:image\" content=\"http:\/\/rmvapebang.com\/wp-content\/uploads\/2026\/03\/Smooth-Adjustable-Airflow-for-Better-Vaping-Experience.webp\" \/>\n\t<meta property=\"og:image:width\" content=\"800\" \/>\n\t<meta property=\"og:image:height\" content=\"800\" \/>\n\t<meta property=\"og:image:type\" content=\"image\/webp\" \/>\n<meta name=\"twitter:card\" content=\"summary_large_image\" \/>\n<meta name=\"twitter:label1\" content=\"Est. reading time\" \/>\n\t<meta name=\"twitter:data1\" content=\"3 minut\u0117s\" \/>\n<script type=\"application\/ld+json\" class=\"yoast-schema-graph\">{\"@context\":\"https:\\\/\\\/schema.org\",\"@graph\":[{\"@type\":\"WebPage\",\"@id\":\"https:\\\/\\\/rmvapebang.com\\\/product\\\/mr-goodie-60k-puffs-disposable-vape-smart-screen-rechargeable-device\\\/\",\"url\":\"https:\\\/\\\/rmvapebang.com\\\/product\\\/mr-goodie-60k-puffs-disposable-vape-smart-screen-rechargeable-device\\\/\",\"name\":\"Mr Goodie 60K Puffs Disposable Vape Smart Screen Rechargeable Device - rmvapebang.com\",\"isPartOf\":{\"@id\":\"https:\\\/\\\/rmvapebang.com\\\/#website\"},\"primaryImageOfPage\":{\"@id\":\"https:\\\/\\\/rmvapebang.com\\\/product\\\/mr-goodie-60k-puffs-disposable-vape-smart-screen-rechargeable-device\\\/#primaryimage\"},\"image\":{\"@id\":\"https:\\\/\\\/rmvapebang.com\\\/product\\\/mr-goodie-60k-puffs-disposable-vape-smart-screen-rechargeable-device\\\/#primaryimage\"},\"thumbnailUrl\":\"https:\\\/\\\/rmvapebang.com\\\/wp-content\\\/uploads\\\/2026\\\/03\\\/Smooth-Adjustable-Airflow-for-Better-Vaping-Experience.webp\",\"datePublished\":\"2026-04-01T08:41:34+00:00\",\"dateModified\":\"2026-04-23T02:43:23+00:00\",\"description\":\"Mr Goodie 60K Puffs vape with smart screen, rechargeable battery, dual mesh coils, long-lasting smooth vaping performance.\",\"breadcrumb\":{\"@id\":\"https:\\\/\\\/rmvapebang.com\\\/product\\\/mr-goodie-60k-puffs-disposable-vape-smart-screen-rechargeable-device\\\/#breadcrumb\"},\"inLanguage\":\"lt-LT\",\"potentialAction\":[{\"@type\":\"ReadAction\",\"target\":[\"https:\\\/\\\/rmvapebang.com\\\/product\\\/mr-goodie-60k-puffs-disposable-vape-smart-screen-rechargeable-device\\\/\"]}]},{\"@type\":\"ImageObject\",\"inLanguage\":\"lt-LT\",\"@id\":\"https:\\\/\\\/rmvapebang.com\\\/product\\\/mr-goodie-60k-puffs-disposable-vape-smart-screen-rechargeable-device\\\/#primaryimage\",\"url\":\"https:\\\/\\\/rmvapebang.com\\\/wp-content\\\/uploads\\\/2026\\\/03\\\/Smooth-Adjustable-Airflow-for-Better-Vaping-Experience.webp\",\"contentUrl\":\"https:\\\/\\\/rmvapebang.com\\\/wp-content\\\/uploads\\\/2026\\\/03\\\/Smooth-Adjustable-Airflow-for-Better-Vaping-Experience.webp\",\"width\":800,\"height\":800,\"caption\":\"Optimized airflow system delivers smooth draw and stable vapor output for daily use.\"},{\"@type\":\"BreadcrumbList\",\"@id\":\"https:\\\/\\\/rmvapebang.com\\\/product\\\/mr-goodie-60k-puffs-disposable-vape-smart-screen-rechargeable-device\\\/#breadcrumb\",\"itemListElement\":[{\"@type\":\"ListItem\",\"position\":1,\"name\":\"Home\",\"item\":\"https:\\\/\\\/rmvapebang.com\\\/\"},{\"@type\":\"ListItem\",\"position\":2,\"name\":\"Hot Vape Shop\",\"item\":\"https:\\\/\\\/rmvapebang.com\\\/shop-page\\\/\"},{\"@type\":\"ListItem\",\"position\":3,\"name\":\"Mr Goodie 60K Puffs Disposable Vape Smart Screen Rechargeable Device\"}]},{\"@type\":\"WebSite\",\"@id\":\"https:\\\/\\\/rmvapebang.com\\\/#website\",\"url\":\"https:\\\/\\\/rmvapebang.com\\\/\",\"name\":\"rmvapebang.com\",\"description\":\"buy vape cheap\",\"publisher\":{\"@id\":\"https:\\\/\\\/rmvapebang.com\\\/#organization\"},\"potentialAction\":[{\"@type\":\"SearchAction\",\"target\":{\"@type\":\"EntryPoint\",\"urlTemplate\":\"https:\\\/\\\/rmvapebang.com\\\/?s={search_term_string}\"},\"query-input\":{\"@type\":\"PropertyValueSpecification\",\"valueRequired\":true,\"valueName\":\"search_term_string\"}}],\"inLanguage\":\"lt-LT\"},{\"@type\":\"Organization\",\"@id\":\"https:\\\/\\\/rmvapebang.com\\\/#organization\",\"name\":\"rmvapebang.com\",\"url\":\"https:\\\/\\\/rmvapebang.com\\\/\",\"logo\":{\"@type\":\"ImageObject\",\"inLanguage\":\"lt-LT\",\"@id\":\"https:\\\/\\\/rmvapebang.com\\\/#\\\/schema\\\/logo\\\/image\\\/\",\"url\":\"https:\\\/\\\/rmvapebang.com\\\/wp-content\\\/uploads\\\/2024\\\/03\\\/cropped-RVBlogo.png\",\"contentUrl\":\"https:\\\/\\\/rmvapebang.com\\\/wp-content\\\/uploads\\\/2024\\\/03\\\/cropped-RVBlogo.png\",\"width\":507,\"height\":169,\"caption\":\"rmvapebang.com\"},\"image\":{\"@id\":\"https:\\\/\\\/rmvapebang.com\\\/#\\\/schema\\\/logo\\\/image\\\/\"}}]}<\/script>\n<!-- \/ Yoast SEO plugin. -->","yoast_head_json":{"title":"Mr Goodie 60K P\u016btim\u0173 Vienkartinis Vape I\u0161manusis ekranas \u012fkraunamas \u012frenginys - rmvapebang.com","description":"Ponas Goodie 60K R\u016bkal\u0173 vape su i\u0161maniu ekranu, \u012fkraunama baterija, dvigubomis tinklelio rit\u0117mis, ilgalaike skland\u017eia vaping patirtimi.","robots":{"index":"index","follow":"follow","max-snippet":"max-snippet:-1","max-image-preview":"max-image-preview:large","max-video-preview":"max-video-preview:-1"},"canonical":"https:\/\/rmvapebang.com\/lt\/produktas\/mr-goodie-60k-puffs-disposable-vape-smart-screen-rechargeable-device\/","og_locale":"lt_LT","og_type":"article","og_title":"Mr Goodie 60K Puffs Disposable Vape Smart Screen Rechargeable Device - rmvapebang.com","og_description":"Mr Goodie 60K Puffs vape with smart screen, rechargeable battery, dual mesh coils, long-lasting smooth vaping performance.","og_url":"https:\/\/rmvapebang.com\/lt\/produktas\/mr-goodie-60k-puffs-disposable-vape-smart-screen-rechargeable-device\/","og_site_name":"rmvapebang.com","article_modified_time":"2026-04-23T02:43:23+00:00","og_image":[{"width":800,"height":800,"url":"http:\/\/rmvapebang.com\/wp-content\/uploads\/2026\/03\/Smooth-Adjustable-Airflow-for-Better-Vaping-Experience.webp","type":"image\/webp"}],"twitter_card":"summary_large_image","twitter_misc":{"Est. reading time":"3 minut\u0117s"},"schema":{"@context":"https:\/\/schema.org","@graph":[{"@type":"WebPage","@id":"https:\/\/rmvapebang.com\/product\/mr-goodie-60k-puffs-disposable-vape-smart-screen-rechargeable-device\/","url":"https:\/\/rmvapebang.com\/product\/mr-goodie-60k-puffs-disposable-vape-smart-screen-rechargeable-device\/","name":"Mr Goodie 60K P\u016btim\u0173 Vienkartinis Vape I\u0161manusis ekranas \u012fkraunamas \u012frenginys - rmvapebang.com","isPartOf":{"@id":"https:\/\/rmvapebang.com\/#website"},"primaryImageOfPage":{"@id":"https:\/\/rmvapebang.com\/product\/mr-goodie-60k-puffs-disposable-vape-smart-screen-rechargeable-device\/#primaryimage"},"image":{"@id":"https:\/\/rmvapebang.com\/product\/mr-goodie-60k-puffs-disposable-vape-smart-screen-rechargeable-device\/#primaryimage"},"thumbnailUrl":"https:\/\/rmvapebang.com\/wp-content\/uploads\/2026\/03\/Smooth-Adjustable-Airflow-for-Better-Vaping-Experience.webp","datePublished":"2026-04-01T08:41:34+00:00","dateModified":"2026-04-23T02:43:23+00:00","description":"Ponas Goodie 60K R\u016bkal\u0173 vape su i\u0161maniu ekranu, \u012fkraunama baterija, dvigubomis tinklelio rit\u0117mis, ilgalaike skland\u017eia vaping patirtimi.","breadcrumb":{"@id":"https:\/\/rmvapebang.com\/product\/mr-goodie-60k-puffs-disposable-vape-smart-screen-rechargeable-device\/#breadcrumb"},"inLanguage":"lt-LT","potentialAction":[{"@type":"ReadAction","target":["https:\/\/rmvapebang.com\/product\/mr-goodie-60k-puffs-disposable-vape-smart-screen-rechargeable-device\/"]}]},{"@type":"ImageObject","inLanguage":"lt-LT","@id":"https:\/\/rmvapebang.com\/product\/mr-goodie-60k-puffs-disposable-vape-smart-screen-rechargeable-device\/#primaryimage","url":"https:\/\/rmvapebang.com\/wp-content\/uploads\/2026\/03\/Smooth-Adjustable-Airflow-for-Better-Vaping-Experience.webp","contentUrl":"https:\/\/rmvapebang.com\/wp-content\/uploads\/2026\/03\/Smooth-Adjustable-Airflow-for-Better-Vaping-Experience.webp","width":800,"height":800,"caption":"Optimized airflow system delivers smooth draw and stable vapor output for daily use."},{"@type":"BreadcrumbList","@id":"https:\/\/rmvapebang.com\/product\/mr-goodie-60k-puffs-disposable-vape-smart-screen-rechargeable-device\/#breadcrumb","itemListElement":[{"@type":"ListItem","position":1,"name":"Home","item":"https:\/\/rmvapebang.com\/"},{"@type":"ListItem","position":2,"name":"Hot Vape Shop","item":"https:\/\/rmvapebang.com\/shop-page\/"},{"@type":"ListItem","position":3,"name":"Mr Goodie 60K Puffs Disposable Vape Smart Screen Rechargeable Device"}]},{"@type":"WebSite","@id":"https:\/\/rmvapebang.com\/#website","url":"https:\/\/rmvapebang.com\/","name":"rmvapebang.com","description":"pirkti pigius elektroninius cigare\u010di\u0173 prietaisus","publisher":{"@id":"https:\/\/rmvapebang.com\/#organization"},"potentialAction":[{"@type":"SearchAction","target":{"@type":"EntryPoint","urlTemplate":"https:\/\/rmvapebang.com\/?s={search_term_string}"},"query-input":{"@type":"PropertyValueSpecification","valueRequired":true,"valueName":"search_term_string"}}],"inLanguage":"lt-LT"},{"@type":"Organization","@id":"https:\/\/rmvapebang.com\/#organization","name":"rmvapebang.com","url":"https:\/\/rmvapebang.com\/","logo":{"@type":"ImageObject","inLanguage":"lt-LT","@id":"https:\/\/rmvapebang.com\/#\/schema\/logo\/image\/","url":"https:\/\/rmvapebang.com\/wp-content\/uploads\/2024\/03\/cropped-RVBlogo.png","contentUrl":"https:\/\/rmvapebang.com\/wp-content\/uploads\/2024\/03\/cropped-RVBlogo.png","width":507,"height":169,"caption":"rmvapebang.com"},"image":{"@id":"https:\/\/rmvapebang.com\/#\/schema\/logo\/image\/"}}]}},"uagb_featured_image_src":{"full":["https:\/\/rmvapebang.com\/wp-content\/uploads\/2026\/03\/Smooth-Adjustable-Airflow-for-Better-Vaping-Experience.webp",800,800,false],"thumbnail":["https:\/\/rmvapebang.com\/wp-content\/uploads\/2026\/03\/Smooth-Adjustable-Airflow-for-Better-Vaping-Experience-150x150.webp",150,150,true],"medium":["https:\/\/rmvapebang.com\/wp-content\/uploads\/2026\/03\/Smooth-Adjustable-Airflow-for-Better-Vaping-Experience-300x300.webp",300,300,true],"medium_large":["https:\/\/rmvapebang.com\/wp-content\/uploads\/2026\/03\/Smooth-Adjustable-Airflow-for-Better-Vaping-Experience-768x768.webp",768,768,true],"large":["https:\/\/rmvapebang.com\/wp-content\/uploads\/2026\/03\/Smooth-Adjustable-Airflow-for-Better-Vaping-Experience.webp",800,800,false],"1536x1536":["https:\/\/rmvapebang.com\/wp-content\/uploads\/2026\/03\/Smooth-Adjustable-Airflow-for-Better-Vaping-Experience.webp",800,800,false],"2048x2048":["https:\/\/rmvapebang.com\/wp-content\/uploads\/2026\/03\/Smooth-Adjustable-Airflow-for-Better-Vaping-Experience.webp",800,800,false],"trp-custom-language-flag":["https:\/\/rmvapebang.com\/wp-content\/uploads\/2026\/03\/Smooth-Adjustable-Airflow-for-Better-Vaping-Experience-12x12.webp",12,12,true],"woocommerce_thumbnail":["https:\/\/rmvapebang.com\/wp-content\/uploads\/2026\/03\/Smooth-Adjustable-Airflow-for-Better-Vaping-Experience-300x300.webp",300,300,true],"woocommerce_single":["https:\/\/rmvapebang.com\/wp-content\/uploads\/2026\/03\/Smooth-Adjustable-Airflow-for-Better-Vaping-Experience-600x600.webp",600,600,true],"woocommerce_gallery_thumbnail":["https:\/\/rmvapebang.com\/wp-content\/uploads\/2026\/03\/Smooth-Adjustable-Airflow-for-Better-Vaping-Experience-100x100.webp",100,100,true],"wcpr-photo-reviews":["https:\/\/rmvapebang.com\/wp-content\/uploads\/2026\/03\/Smooth-Adjustable-Airflow-for-Better-Vaping-Experience.webp",500,500,false]},"uagb_author_info":{"display_name":"Lyn","author_link":"https:\/\/rmvapebang.com\/lt\/author\/"},"uagb_comment_info":0,"uagb_excerpt":"NOTE: Prices on the website don\u2019t include shipping fee. Please send your zip code and address that we can check shipping costs for you. Mr Goodie 60K Puffs Disposable Vape delivers stable flavor, smart screen monitoring, and rechargeable Type-C design. Built with dual mesh coils for smooth vapor and consistent performance, ideal for long-lasting daily&hellip;","_links":{"self":[{"href":"https:\/\/rmvapebang.com\/lt\/wp-json\/wp\/v2\/product\/5867","targetHints":{"allow":["GET"]}}],"collection":[{"href":"https:\/\/rmvapebang.com\/lt\/wp-json\/wp\/v2\/product"}],"about":[{"href":"https:\/\/rmvapebang.com\/lt\/wp-json\/wp\/v2\/types\/product"}],"replies":[{"embeddable":true,"href":"https:\/\/rmvapebang.com\/lt\/wp-json\/wp\/v2\/comments?post=5867"}],"wp:featuredmedia":[{"embeddable":true,"href":"https:\/\/rmvapebang.com\/lt\/wp-json\/wp\/v2\/media\/5862"}],"wp:attachment":[{"href":"https:\/\/rmvapebang.com\/lt\/wp-json\/wp\/v2\/media?parent=5867"}],"wp:term":[{"taxonomy":"product_brand","embeddable":true,"href":"https:\/\/rmvapebang.com\/lt\/wp-json\/wp\/v2\/product_brand?post=5867"},{"taxonomy":"product_cat","embeddable":true,"href":"https:\/\/rmvapebang.com\/lt\/wp-json\/wp\/v2\/product_cat?post=5867"},{"taxonomy":"product_tag","embeddable":true,"href":"https:\/\/rmvapebang.com\/lt\/wp-json\/wp\/v2\/product_tag?post=5867"}],"curies":[{"name":"wp","href":"https:\/\/api.w.org\/{rel}","templated":true}]}}