{"id":4373,"date":"2025-06-12T16:35:47","date_gmt":"2025-06-12T08:35:47","guid":{"rendered":"https:\/\/rmvapebang.com\/?post_type=product&#038;p=4373"},"modified":"2025-09-01T17:24:36","modified_gmt":"2025-09-01T09:24:36","slug":"disposable-vape-bulk-purchase-bang-kindomes-rex-double-flavors-30000-puffs-save-big-on-high-puff-vapes","status":"publish","type":"product","link":"https:\/\/rmvapebang.com\/lt\/product\/disposable-vape-bulk-purchase-bang-kindomes-rex-double-flavors-30000-puffs-save-big-on-high-puff-vapes\/","title":{"rendered":"Vienkartini\u0173 garintuv\u0173 pirkimas dideliais kiekiais, Bang Kindomes Rex dvigubi skoniai 30000 \u012ep\u016btim\u0173, sutaupykite daug pirkdami daugkartinius garintuvus"},"content":{"rendered":"<h2 style=\"text-align: center\">Vienkartini\u0173 garintuv\u0173 pirkimas dideliais kiekiais, Bang Kindomes Rex dvigubi skoniai 30000 \u012ep\u016btim\u0173, sutaupykite daug pirkdami daugkartinius garintuvus<\/h2>\n<p><a href=\"https:\/\/rmvapebang.com\/lt\/product-category\/bang-vapes\/\">Vienkartiniai garintuvai dideliais kiekiais. Bang<\/a> Kindomes Rex dvigubi skoniai 30000 \u012fkv\u0117pim\u0173. Sutaupykite pirkdami didel\u0117s talpos garintuvus. Si\u016blo 30 000 \u012fkv\u0117pim\u0173 ir dvigub\u0173 skoni\u0173 sistem\u0105, kuri priver\u010dia klientus sugr\u012f\u017eti.<\/p>\n<p>Kindomes Rex 30 t\u016bkst. \u012fkv\u0117pim\u0173, kiekvienas vienetas turi 2 * 15 ml e-skys\u010dio ir dvigubas tinklines rites, kurios pagerina gar\u0173 gamyb\u0105 ir suteikia \u0161velnesn\u012f skon\u012f. <a href=\"https:\/\/rmvapebang.com\/lt\/product-category\/30000-vapes\/\">Vienkartinis 30000 \u012fkv\u0117pim\u0173<\/a> Kompakti\u0161kas dizainas ir 650 mAh baterija daro j\u012f ne\u0161iojam\u0105, ta\u010diau galing\u0105. Bang Kindomes garintuvas, turintis 12 populiari\u0173 skoni\u0173, yra protingas pasirinkimas j\u016bs\u0173 didmeninei prekybai.<\/p>\n<p>30 t\u016bkst. \u012fkv\u0117pim\u0173 Bang Kindomes Rex puikiai tinka ma\u017emenininkams, ie\u0161kantiems didelio \u012fkv\u0117pim\u0173 skai\u010diaus ir ma\u017eos kainos, neaukojant kokyb\u0117s. Pirkite dideliais kiekiais dabar ir \u012fsigykite populiar\u0173 produkt\u0105 savo parduotuv\u0117ms.<\/p>\n<p><img loading=\"lazy\" decoding=\"async\" class=\"alignnone wp-image-4368 size-full\" src=\"http:\/\/rmvapebang.com\/wp-content\/uploads\/2025\/06\/Bang-Kindomes-Rex-rechargable-vape-30000-puffs-New-Design.webp\" alt=\"\u201eBang Kindomes Rex\u201c \u012fkraunamas garintuvas 30000 \u012ftraukim\u0173, naujas dizainas\" width=\"800\" height=\"800\" srcset=\"https:\/\/rmvapebang.com\/wp-content\/uploads\/2025\/06\/Bang-Kindomes-Rex-rechargable-vape-30000-puffs-New-Design.webp 800w, https:\/\/rmvapebang.com\/wp-content\/uploads\/2025\/06\/Bang-Kindomes-Rex-rechargable-vape-30000-puffs-New-Design-300x300.webp 300w, https:\/\/rmvapebang.com\/wp-content\/uploads\/2025\/06\/Bang-Kindomes-Rex-rechargable-vape-30000-puffs-New-Design-150x150.webp 150w, https:\/\/rmvapebang.com\/wp-content\/uploads\/2025\/06\/Bang-Kindomes-Rex-rechargable-vape-30000-puffs-New-Design-768x768.webp 768w, https:\/\/rmvapebang.com\/wp-content\/uploads\/2025\/06\/Bang-Kindomes-Rex-rechargable-vape-30000-puffs-New-Design-600x600.webp 600w, https:\/\/rmvapebang.com\/wp-content\/uploads\/2025\/06\/Bang-Kindomes-Rex-rechargable-vape-30000-puffs-New-Design-100x100.webp 100w\" sizes=\"auto, (max-width: 800px) 100vw, 800px\" \/><\/p>\n<h3><strong>Kokie skoniai yra BangKindoms rex 30 t\u016bkst. vienkartiniame garintuve?<\/strong><\/h3>\n<p>1. M\u0116LYN\u0116S AV\u0116S \/ BRA\u0160K\u0116S KIVIAI<br \/>\n2. ARB\u016aZAS LEDAS \/ BRA\u0160K\u0116S IR MANGAS<br \/>\n3. BRA\u0160K\u0116S IR ARB\u016aZAS \/ KIVIS PASIFLOROS VAISIAI GVAJAVA<br \/>\n4. BRA\u0160K\u0116S IR ARB\u016aZAS \/ VYNUOG\u0116S LEDAS<br \/>\n5. M\u0116LYN\u0116S ARB\u016aZAS AV\u0116S \/ VYNUOG\u0116S LEDAS<br \/>\n6. M\u0116LYN\u0116S ARB\u016aZAS \/ BRA\u0160K\u0116S MANGAS<br \/>\n7. M\u0116LYN\u0116S LEDAS \/ JUODASIS DRAKONAS LEDAS<br \/>\n8. ARB\u016aZAS BRA\u0160K\u0116S MANGAS \/ BRA\u0160K\u0116S IR BANANAS<br \/>\n9. RED BULL \/ M\u0116LYN\u0116S ARB\u016aZAS<br \/>\n10. RED BULL \/ ARB\u016aZAS BURBUL\u0172 SALDAINIS<br \/>\n11. BRA\u0160K\u0116S KIVIAI \/ PERSIKAS LEDAS<br \/>\n12. M\u0116LYN\u0116S LEDAS \/ BRA\u0160K\u0116S IR BANANAS<\/p>\n<h2>Specifikacijos <strong>Bangkindomes rex 30000 <\/strong>D\u016bm\u0173 kiekis:<\/h2>\n<p>\u2013 <span style=\"color: #ff0000\"><em><strong>30 t\u016bkst.<\/strong><\/em><\/span> \u012ep\u016btimai<br \/>\n\u2013 <span style=\"color: #ff0000\"><em><strong>12<\/strong> <\/em><\/span>Skoniai<br \/>\n\u2013 <span style=\"color: #ff0000\"><strong><em>2%\/5%<\/em><\/strong><\/span> Nikotino stiprumas<br \/>\n\u2013 <span style=\"color: #ff0000\"><strong><em>15*2<\/em><\/strong><\/span><span style=\"color: #ff0000\"><strong><em>mL <\/em><\/strong><\/span>e-skys\u010dio talpos<br \/>\n\u2013 Baterijos talpa <span style=\"color: #ff0000\"><em><strong>650 mAh<\/strong><\/em><\/span><\/p>\n<h3>DUK:<\/h3>\n<p>K: Koks yra dvigubo skonio 30k \u012fkraunamo vienkartinio dvigubo skonio garintuvo minimalus u\u017esakymo kiekis (MOQ)?<\/p>\n<p>A: Minimalus u\u017esakymo kiekis (MOQ) vienkartiniam \u201erex vape\u201c 30k \u012ftraukim\u0173 yra 50 vnt.<\/p>\n<p>K: Koks u\u017esakyto \u012fkraunamo garintuvo pristatymo laikas?<\/p>\n<p>A: \u012eprastai, pristatymo laikas \u012fkraunamiems garintuvams yra 10-15 dien\u0173 po i\u0161siuntimo.<\/p>\n<p>K: Kiek kainuoja \u201ebangkingdomes rex 30k Puffs Vape\u201c siuntimas?<\/p>\n<p>A: Pristatymo kaina priklauso nuo u\u017esakymo svorio. Skirtingi kiekiai gali tur\u0117ti skirtingas pristatymo i\u0161laidas. Nor\u0117dami patvirtinti savo konkretaus u\u017esakymo pristatymo kain\u0105, susisiekite su mumis.<\/p>\n<p>K: Ar dvigubo skonio 30000 garintuvas gali b\u016bti siun\u010diamas \u012f mano \u0161al\u012f?<\/p>\n<p>A: Taip, \u201ebangkingdoms 30000 Vape\u201c galime si\u0173sti \u012f daugum\u0105 Europos \u0161ali\u0173, \u012fskaitant, bet neapsiribojant, Nyderlandus, Vokietij\u0105, Pranc\u016bzij\u0105, Ispanij\u0105, Italij\u0105, Belgij\u0105, Liuksemburg\u0105, Austrij\u0105, \u010cekij\u0105, Slovakij\u0105, Vengrij\u0105, Slov\u0117nij\u0105, Rumunij\u0105, Bulgarij\u0105, Graikij\u0105, Lenkij\u0105, \u0160vedij\u0105, Airij\u0105, Portugalij\u0105, Suomij\u0105, Estij\u0105, Latvij\u0105 ir Lietuv\u0105. Jei turite konkre\u010di\u0173 klausim\u0173 d\u0117l siuntimo \u012f savo \u0161al\u012f, nedvejodami susisiekite su mumis ir gaukite papildomos pagalbos.<\/p>\n<p><strong>Nor\u0117dami gauti daugiau produkt\u0173 vaizdo \u012fra\u0161\u0173, susisiekite su Lyn!<\/strong><\/p>\n<p><a href=\"https:\/\/wa.me\/8617840853976\"><span style=\"color: #ff6600\"><strong><em>Whatsapp:+86 17840853976<\/em><\/strong><\/span><\/a><\/p>\n<p><img loading=\"lazy\" decoding=\"async\" class=\"alignnone size-medium wp-image-1905\" src=\"http:\/\/rmvapebang.com\/wp-content\/uploads\/2024\/03\/whatsapp-vape-2-202x300.jpg\" alt=\"\" width=\"202\" height=\"300\" \/><\/p>\n<p>Raskite daugiau produkt\u0173, kurie jums gali patikti:<a href=\"https:\/\/rmvapebang.com\/lt\/shop-page\/\"><strong><em>Pirkti dabar<\/em><\/strong><\/a><\/p>\n<p>kiti jums galintys patikti \u012ftraukimai:<a href=\"https:\/\/rmvapebang.com\/lt\/product\/waspe-20000-puffs-wholesale-price-20k-vape\/\">Waspe 20000 P\u016b\u0161\u010di\u0173\/<\/a><a href=\"https:\/\/rmvapebang.com\/lt\/product\/bang-king-25000-puffs-good-price-25k-vape\/\">Bang karalius 25k vape<\/a>\/<a href=\"https:\/\/rmvapebang.com\/lt\/product\/wga-pro-max-crystal-10k-wholesale-price-vapes\/\">WGA 10K PRO PLUS CRYSTAL Garintuvas<\/a>\/<a href=\"https:\/\/rmvapebang.com\/lt\/product\/waspe-3-in-1-60k-puffs-factory-direct-supply-great-sale\/\">waspe 60k trigub\u0173 skoni\u0173<\/a>\/<a href=\"https:\/\/rmvapebang.com\/lt\/product\/wholesale-vape-price-bang-blaze-60000-puffs-4-in-1-flavors-hot-sale\/\">Bang blaze 4 viename \u012fkv\u0117pim\u0173 60 t\u016bkst.\u00a0<\/a><\/p>","protected":false},"excerpt":{"rendered":"<p>Padidinkite savo atsargas su \u201eBang Kindomes Rex 30K\u201c! Dvigubi skoniai, sodr\u016bs garai ir didelis \u012fkv\u0117pim\u0173 skai\u010dius daro j\u012f m\u0117gstamu didmeninink\u0173, siekian\u010di\u0173 lengvai patenkinti Europos rinkos paklaus\u0105, pasirinkimu.<\/p>\n<p><a href=\"https:\/\/wa.me\/8617840853976\"><strong><em>Whatsapp:+86 17840853976<\/em><\/strong><\/a><\/p>\n<p>Nuskaitykite \u201eWhatsApp\u201c naujo kliento kupon\u0105<\/p>\n<p><img loading=\"lazy\" decoding=\"async\" class=\"alignnone size-medium wp-image-1905\" src=\"http:\/\/rmvapebang.com\/wp-content\/uploads\/2024\/03\/whatsapp-vape-2-202x300.jpg\" alt=\"\" width=\"202\" height=\"300\" \/><\/p>\n<p><span style=\"color: #ff0000\"><em><strong>PASTABA<\/strong>: Svetain\u0117je nurodytos kainos neapima siuntimo mokes\u010dio. Pra\u0161ome atsi\u0173sti savo pa\u0161to kod\u0105 ir adres\u0105, kad gal\u0117tume patikrinti siuntimo i\u0161laidas.<\/em><\/span><\/p>","protected":false},"featured_media":4370,"comment_status":"open","ping_status":"closed","template":"","meta":{"_uag_custom_page_level_css":"","_lmt_disableupdate":"no","_lmt_disable":"","site-sidebar-layout":"no-sidebar","site-content-layout":"boxed-container","ast-site-content-layout":"normal-width-container","site-content-style":"boxed","site-sidebar-style":"boxed","ast-global-header-display":"","ast-banner-title-visibility":"","ast-main-header-display":"","ast-hfb-above-header-display":"","ast-hfb-below-header-display":"","ast-hfb-mobile-header-display":"","site-post-title":"","ast-breadcrumbs-content":"","ast-featured-img":"","footer-sml-layout":"","theme-transparent-header-meta":"default","adv-header-id-meta":"","stick-header-meta":"","header-above-stick-meta":"","header-main-stick-meta":"","header-below-stick-meta":"","astra-migrate-meta-layouts":"set","ast-page-background-enabled":"default","ast-page-background-meta":{"desktop":{"background-color":"","background-image":"","background-repeat":"repeat","background-position":"center center","background-size":"auto","background-attachment":"scroll","background-type":"","background-media":"","overlay-type":"","overlay-color":"","overlay-gradient":""},"tablet":{"background-color":"","background-image":"","background-repeat":"repeat","background-position":"center center","background-size":"auto","background-attachment":"scroll","background-type":"","background-media":"","overlay-type":"","overlay-color":"","overlay-gradient":""},"mobile":{"background-color":"","background-image":"","background-repeat":"repeat","background-position":"center center","background-size":"auto","background-attachment":"scroll","background-type":"","background-media":"","overlay-type":"","overlay-color":"","overlay-gradient":""}},"ast-content-background-meta":{"desktop":{"background-color":"var(--ast-global-color-5)","background-image":"","background-repeat":"repeat","background-position":"center center","background-size":"auto","background-attachment":"scroll","background-type":"","background-media":"","overlay-type":"","overlay-color":"","overlay-gradient":""},"tablet":{"background-color":"var(--ast-global-color-5)","background-image":"","background-repeat":"repeat","background-position":"center center","background-size":"auto","background-attachment":"scroll","background-type":"","background-media":"","overlay-type":"","overlay-color":"","overlay-gradient":""},"mobile":{"background-color":"var(--ast-global-color-5)","background-image":"","background-repeat":"repeat","background-position":"center center","background-size":"auto","background-attachment":"scroll","background-type":"","background-media":"","overlay-type":"","overlay-color":"","overlay-gradient":""}},"_joinchat":[]},"product_brand":[],"product_cat":[76,39,41,42,40,43],"product_tag":[102,103,50,61,58,53,52],"class_list":{"0":"post-4373","1":"product","2":"type-product","3":"status-publish","4":"has-post-thumbnail","6":"product_cat-bang-vapes","7":"product_cat-france-wholesale-vape","8":"product_cat-netherlands-wholesale-vape","9":"product_cat-spain-wholesale-vape","10":"product_cat-germany-wholesale-vape","11":"product_cat-vape-shop","12":"product_tag-30000-puffs","13":"product_tag-30k-puffs","14":"product_tag-bulk-price-vape-shop","15":"product_tag-good-sales-vape","16":"product_tag-moq-50pcs","17":"product_tag-rechargeable-vape","18":"product_tag-vape-wholesasle-price","19":"desktop-align-left","20":"tablet-align-left","21":"mobile-align-left","23":"first","24":"instock","25":"sale","26":"shipping-taxable","27":"purchasable","28":"product-type-simple"},"yoast_head":"<!-- This site is optimized with the Yoast SEO plugin v23.0 - https:\/\/yoast.com\/wordpress\/plugins\/seo\/ -->\n<title>Disposable Vape Bulk Purchase Bang Kindomes Rex Double Flavors 30000 Puffs Save Big on High Puff Vapes - rmvapebang.com<\/title>\n<meta name=\"description\" content=\"Bang Kindomes Rex 30k puffs vape with dual mesh coils, double flavors, and 2\u00d715ml tanks. Best choice for European wholesale vape buyers.\" \/>\n<meta name=\"robots\" content=\"index, follow, max-snippet:-1, max-image-preview:large, max-video-preview:-1\" \/>\n<link rel=\"canonical\" href=\"https:\/\/rmvapebang.com\/lt\/product\/disposable-vape-bulk-purchase-bang-kindomes-rex-double-flavors-30000-puffs-save-big-on-high-puff-vapes\/\" \/>\n<meta property=\"og:locale\" content=\"lt_LT\" \/>\n<meta property=\"og:type\" content=\"article\" \/>\n<meta property=\"og:title\" content=\"Disposable Vape Bulk Purchase Bang Kindomes Rex Double Flavors 30000 Puffs Save Big on High Puff Vapes - rmvapebang.com\" \/>\n<meta property=\"og:description\" content=\"Bang Kindomes Rex 30k puffs vape with dual mesh coils, double flavors, and 2\u00d715ml tanks. Best choice for European wholesale vape buyers.\" \/>\n<meta property=\"og:url\" content=\"https:\/\/rmvapebang.com\/lt\/product\/disposable-vape-bulk-purchase-bang-kindomes-rex-double-flavors-30000-puffs-save-big-on-high-puff-vapes\/\" \/>\n<meta property=\"og:site_name\" content=\"rmvapebang.com\" \/>\n<meta property=\"article:modified_time\" content=\"2025-09-01T09:24:36+00:00\" \/>\n<meta property=\"og:image\" content=\"https:\/\/rmvapebang.com\/wp-content\/uploads\/2025\/06\/Bang-Kindomes-Rex-double-flavors-vape-30k-puffs-New-Design.webp\" \/>\n\t<meta property=\"og:image:width\" content=\"800\" \/>\n\t<meta property=\"og:image:height\" content=\"800\" \/>\n\t<meta property=\"og:image:type\" content=\"image\/webp\" \/>\n<meta name=\"twitter:card\" content=\"summary_large_image\" \/>\n<meta name=\"twitter:label1\" content=\"Est. reading time\" \/>\n\t<meta name=\"twitter:data1\" content=\"3 minut\u0117s\" \/>\n<script type=\"application\/ld+json\" class=\"yoast-schema-graph\">{\"@context\":\"https:\/\/schema.org\",\"@graph\":[{\"@type\":\"WebPage\",\"@id\":\"https:\/\/rmvapebang.com\/it\/product\/disposable-vape-bulk-purchase-bang-kindomes-rex-double-flavors-30000-puffs-save-big-on-high-puff-vapes\/\",\"url\":\"https:\/\/rmvapebang.com\/it\/product\/disposable-vape-bulk-purchase-bang-kindomes-rex-double-flavors-30000-puffs-save-big-on-high-puff-vapes\/\",\"name\":\"Disposable Vape Bulk Purchase Bang Kindomes Rex Double Flavors 30000 Puffs Save Big on High Puff Vapes - rmvapebang.com\",\"isPartOf\":{\"@id\":\"https:\/\/rmvapebang.com\/#website\"},\"primaryImageOfPage\":{\"@id\":\"https:\/\/rmvapebang.com\/it\/product\/disposable-vape-bulk-purchase-bang-kindomes-rex-double-flavors-30000-puffs-save-big-on-high-puff-vapes\/#primaryimage\"},\"image\":{\"@id\":\"https:\/\/rmvapebang.com\/it\/product\/disposable-vape-bulk-purchase-bang-kindomes-rex-double-flavors-30000-puffs-save-big-on-high-puff-vapes\/#primaryimage\"},\"thumbnailUrl\":\"https:\/\/rmvapebang.com\/wp-content\/uploads\/2025\/06\/Bang-Kindomes-Rex-double-flavors-vape-30k-puffs-New-Design.webp\",\"datePublished\":\"2025-06-12T08:35:47+00:00\",\"dateModified\":\"2025-09-01T09:24:36+00:00\",\"description\":\"Bang Kindomes Rex 30k puffs vape with dual mesh coils, double flavors, and 2\u00d715ml tanks. Best choice for European wholesale vape buyers.\",\"breadcrumb\":{\"@id\":\"https:\/\/rmvapebang.com\/it\/product\/disposable-vape-bulk-purchase-bang-kindomes-rex-double-flavors-30000-puffs-save-big-on-high-puff-vapes\/#breadcrumb\"},\"inLanguage\":\"lt-LT\",\"potentialAction\":[{\"@type\":\"ReadAction\",\"target\":[\"https:\/\/rmvapebang.com\/it\/product\/disposable-vape-bulk-purchase-bang-kindomes-rex-double-flavors-30000-puffs-save-big-on-high-puff-vapes\/\"]}]},{\"@type\":\"ImageObject\",\"inLanguage\":\"lt-LT\",\"@id\":\"https:\/\/rmvapebang.com\/it\/product\/disposable-vape-bulk-purchase-bang-kindomes-rex-double-flavors-30000-puffs-save-big-on-high-puff-vapes\/#primaryimage\",\"url\":\"https:\/\/rmvapebang.com\/wp-content\/uploads\/2025\/06\/Bang-Kindomes-Rex-double-flavors-vape-30k-puffs-New-Design.webp\",\"contentUrl\":\"https:\/\/rmvapebang.com\/wp-content\/uploads\/2025\/06\/Bang-Kindomes-Rex-double-flavors-vape-30k-puffs-New-Design.webp\",\"width\":800,\"height\":800,\"caption\":\"Bang Kindomes Rex double flavors vape 30k puffs New Design\"},{\"@type\":\"BreadcrumbList\",\"@id\":\"https:\/\/rmvapebang.com\/it\/product\/disposable-vape-bulk-purchase-bang-kindomes-rex-double-flavors-30000-puffs-save-big-on-high-puff-vapes\/#breadcrumb\",\"itemListElement\":[{\"@type\":\"ListItem\",\"position\":1,\"name\":\"Home\",\"item\":\"https:\/\/rmvapebang.com\/\"},{\"@type\":\"ListItem\",\"position\":2,\"name\":\"Hot Vape Shop\",\"item\":\"https:\/\/rmvapebang.com\/shop-page\/\"},{\"@type\":\"ListItem\",\"position\":3,\"name\":\"Disposable Vape Bulk Purchase Bang Kindomes Rex Double Flavors 30000 Puffs Save Big on High Puff Vapes\"}]},{\"@type\":\"WebSite\",\"@id\":\"https:\/\/rmvapebang.com\/#website\",\"url\":\"https:\/\/rmvapebang.com\/\",\"name\":\"rmvapebang.com\",\"description\":\"buy vape cheap\",\"publisher\":{\"@id\":\"https:\/\/rmvapebang.com\/#organization\"},\"potentialAction\":[{\"@type\":\"SearchAction\",\"target\":{\"@type\":\"EntryPoint\",\"urlTemplate\":\"https:\/\/rmvapebang.com\/?s={search_term_string}\"},\"query-input\":\"required name=search_term_string\"}],\"inLanguage\":\"lt-LT\"},{\"@type\":\"Organization\",\"@id\":\"https:\/\/rmvapebang.com\/#organization\",\"name\":\"rmvapebang.com\",\"url\":\"https:\/\/rmvapebang.com\/\",\"logo\":{\"@type\":\"ImageObject\",\"inLanguage\":\"lt-LT\",\"@id\":\"https:\/\/rmvapebang.com\/#\/schema\/logo\/image\/\",\"url\":\"https:\/\/rmvapebang.com\/wp-content\/uploads\/2024\/03\/cropped-RVBlogo.png\",\"contentUrl\":\"https:\/\/rmvapebang.com\/wp-content\/uploads\/2024\/03\/cropped-RVBlogo.png\",\"width\":507,\"height\":169,\"caption\":\"rmvapebang.com\"},\"image\":{\"@id\":\"https:\/\/rmvapebang.com\/#\/schema\/logo\/image\/\"}}]}<\/script>\n<!-- \/ Yoast SEO plugin. -->","yoast_head_json":{"title":"Disposable Vape Bulk Purchase Bang Kindomes Rex Double Flavors 30000 Puffs Save Big on High Puff Vapes - rmvapebang.com","description":"Bang Kindomes Rex 30k puffs vape with dual mesh coils, double flavors, and 2\u00d715ml tanks. Best choice for European wholesale vape buyers.","robots":{"index":"index","follow":"follow","max-snippet":"max-snippet:-1","max-image-preview":"max-image-preview:large","max-video-preview":"max-video-preview:-1"},"canonical":"https:\/\/rmvapebang.com\/lt\/product\/disposable-vape-bulk-purchase-bang-kindomes-rex-double-flavors-30000-puffs-save-big-on-high-puff-vapes\/","og_locale":"lt_LT","og_type":"article","og_title":"Disposable Vape Bulk Purchase Bang Kindomes Rex Double Flavors 30000 Puffs Save Big on High Puff Vapes - rmvapebang.com","og_description":"Bang Kindomes Rex 30k puffs vape with dual mesh coils, double flavors, and 2\u00d715ml tanks. Best choice for European wholesale vape buyers.","og_url":"https:\/\/rmvapebang.com\/lt\/product\/disposable-vape-bulk-purchase-bang-kindomes-rex-double-flavors-30000-puffs-save-big-on-high-puff-vapes\/","og_site_name":"rmvapebang.com","article_modified_time":"2025-09-01T09:24:36+00:00","og_image":[{"width":800,"height":800,"url":"https:\/\/rmvapebang.com\/wp-content\/uploads\/2025\/06\/Bang-Kindomes-Rex-double-flavors-vape-30k-puffs-New-Design.webp","type":"image\/webp"}],"twitter_card":"summary_large_image","twitter_misc":{"Est. reading time":"3 minut\u0117s"},"schema":{"@context":"https:\/\/schema.org","@graph":[{"@type":"WebPage","@id":"https:\/\/rmvapebang.com\/it\/product\/disposable-vape-bulk-purchase-bang-kindomes-rex-double-flavors-30000-puffs-save-big-on-high-puff-vapes\/","url":"https:\/\/rmvapebang.com\/it\/product\/disposable-vape-bulk-purchase-bang-kindomes-rex-double-flavors-30000-puffs-save-big-on-high-puff-vapes\/","name":"Disposable Vape Bulk Purchase Bang Kindomes Rex Double Flavors 30000 Puffs Save Big on High Puff Vapes - rmvapebang.com","isPartOf":{"@id":"https:\/\/rmvapebang.com\/#website"},"primaryImageOfPage":{"@id":"https:\/\/rmvapebang.com\/it\/product\/disposable-vape-bulk-purchase-bang-kindomes-rex-double-flavors-30000-puffs-save-big-on-high-puff-vapes\/#primaryimage"},"image":{"@id":"https:\/\/rmvapebang.com\/it\/product\/disposable-vape-bulk-purchase-bang-kindomes-rex-double-flavors-30000-puffs-save-big-on-high-puff-vapes\/#primaryimage"},"thumbnailUrl":"https:\/\/rmvapebang.com\/wp-content\/uploads\/2025\/06\/Bang-Kindomes-Rex-double-flavors-vape-30k-puffs-New-Design.webp","datePublished":"2025-06-12T08:35:47+00:00","dateModified":"2025-09-01T09:24:36+00:00","description":"Bang Kindomes Rex 30k puffs vape with dual mesh coils, double flavors, and 2\u00d715ml tanks. Best choice for European wholesale vape buyers.","breadcrumb":{"@id":"https:\/\/rmvapebang.com\/it\/product\/disposable-vape-bulk-purchase-bang-kindomes-rex-double-flavors-30000-puffs-save-big-on-high-puff-vapes\/#breadcrumb"},"inLanguage":"lt-LT","potentialAction":[{"@type":"ReadAction","target":["https:\/\/rmvapebang.com\/it\/product\/disposable-vape-bulk-purchase-bang-kindomes-rex-double-flavors-30000-puffs-save-big-on-high-puff-vapes\/"]}]},{"@type":"ImageObject","inLanguage":"lt-LT","@id":"https:\/\/rmvapebang.com\/it\/product\/disposable-vape-bulk-purchase-bang-kindomes-rex-double-flavors-30000-puffs-save-big-on-high-puff-vapes\/#primaryimage","url":"https:\/\/rmvapebang.com\/wp-content\/uploads\/2025\/06\/Bang-Kindomes-Rex-double-flavors-vape-30k-puffs-New-Design.webp","contentUrl":"https:\/\/rmvapebang.com\/wp-content\/uploads\/2025\/06\/Bang-Kindomes-Rex-double-flavors-vape-30k-puffs-New-Design.webp","width":800,"height":800,"caption":"Bang Kindomes Rex double flavors vape 30k puffs New Design"},{"@type":"BreadcrumbList","@id":"https:\/\/rmvapebang.com\/it\/product\/disposable-vape-bulk-purchase-bang-kindomes-rex-double-flavors-30000-puffs-save-big-on-high-puff-vapes\/#breadcrumb","itemListElement":[{"@type":"ListItem","position":1,"name":"Home","item":"https:\/\/rmvapebang.com\/"},{"@type":"ListItem","position":2,"name":"Hot Vape Shop","item":"https:\/\/rmvapebang.com\/shop-page\/"},{"@type":"ListItem","position":3,"name":"Disposable Vape Bulk Purchase Bang Kindomes Rex Double Flavors 30000 Puffs Save Big on High Puff Vapes"}]},{"@type":"WebSite","@id":"https:\/\/rmvapebang.com\/#website","url":"https:\/\/rmvapebang.com\/","name":"rmvapebang.com","description":"buy vape cheap","publisher":{"@id":"https:\/\/rmvapebang.com\/#organization"},"potentialAction":[{"@type":"SearchAction","target":{"@type":"EntryPoint","urlTemplate":"https:\/\/rmvapebang.com\/?s={search_term_string}"},"query-input":"required name=search_term_string"}],"inLanguage":"lt-LT"},{"@type":"Organization","@id":"https:\/\/rmvapebang.com\/#organization","name":"rmvapebang.com","url":"https:\/\/rmvapebang.com\/","logo":{"@type":"ImageObject","inLanguage":"lt-LT","@id":"https:\/\/rmvapebang.com\/#\/schema\/logo\/image\/","url":"https:\/\/rmvapebang.com\/wp-content\/uploads\/2024\/03\/cropped-RVBlogo.png","contentUrl":"https:\/\/rmvapebang.com\/wp-content\/uploads\/2024\/03\/cropped-RVBlogo.png","width":507,"height":169,"caption":"rmvapebang.com"},"image":{"@id":"https:\/\/rmvapebang.com\/#\/schema\/logo\/image\/"}}]}},"uagb_featured_image_src":{"full":["https:\/\/rmvapebang.com\/wp-content\/uploads\/2025\/06\/Bang-Kindomes-Rex-double-flavors-vape-30k-puffs-New-Design.webp",800,800,false],"thumbnail":["https:\/\/rmvapebang.com\/wp-content\/uploads\/2025\/06\/Bang-Kindomes-Rex-double-flavors-vape-30k-puffs-New-Design-150x150.webp",150,150,true],"medium":["https:\/\/rmvapebang.com\/wp-content\/uploads\/2025\/06\/Bang-Kindomes-Rex-double-flavors-vape-30k-puffs-New-Design-300x300.webp",300,300,true],"medium_large":["https:\/\/rmvapebang.com\/wp-content\/uploads\/2025\/06\/Bang-Kindomes-Rex-double-flavors-vape-30k-puffs-New-Design-768x768.webp",768,768,true],"large":["https:\/\/rmvapebang.com\/wp-content\/uploads\/2025\/06\/Bang-Kindomes-Rex-double-flavors-vape-30k-puffs-New-Design.webp",800,800,false],"1536x1536":["https:\/\/rmvapebang.com\/wp-content\/uploads\/2025\/06\/Bang-Kindomes-Rex-double-flavors-vape-30k-puffs-New-Design.webp",800,800,false],"2048x2048":["https:\/\/rmvapebang.com\/wp-content\/uploads\/2025\/06\/Bang-Kindomes-Rex-double-flavors-vape-30k-puffs-New-Design.webp",800,800,false],"trp-custom-language-flag":["https:\/\/rmvapebang.com\/wp-content\/uploads\/2025\/06\/Bang-Kindomes-Rex-double-flavors-vape-30k-puffs-New-Design.webp",12,12,false],"woocommerce_thumbnail":["https:\/\/rmvapebang.com\/wp-content\/uploads\/2025\/06\/Bang-Kindomes-Rex-double-flavors-vape-30k-puffs-New-Design-300x300.webp",300,300,true],"woocommerce_single":["https:\/\/rmvapebang.com\/wp-content\/uploads\/2025\/06\/Bang-Kindomes-Rex-double-flavors-vape-30k-puffs-New-Design-600x600.webp",600,600,true],"woocommerce_gallery_thumbnail":["https:\/\/rmvapebang.com\/wp-content\/uploads\/2025\/06\/Bang-Kindomes-Rex-double-flavors-vape-30k-puffs-New-Design-100x100.webp",100,100,true],"wcpr-photo-reviews":["https:\/\/rmvapebang.com\/wp-content\/uploads\/2025\/06\/Bang-Kindomes-Rex-double-flavors-vape-30k-puffs-New-Design.webp",500,500,false]},"uagb_author_info":{"display_name":"Lyn","author_link":"https:\/\/rmvapebang.com\/lt\/author\/"},"uagb_comment_info":0,"uagb_excerpt":"Boost your inventory with Bang Kindomes Rex 30K! Dual flavors, rich vapor, and high puff count make it a favorite for wholesale buyers aiming to satisfy European market demand with ease. Whatsapp:+86 17840853976 Scan on whatsapp for New Client coupon NOTE: Prices on the website don\u2019t include shipping fee. Please send your zip code and&hellip;","_links":{"self":[{"href":"https:\/\/rmvapebang.com\/lt\/wp-json\/wp\/v2\/product\/4373","targetHints":{"allow":["GET"]}}],"collection":[{"href":"https:\/\/rmvapebang.com\/lt\/wp-json\/wp\/v2\/product"}],"about":[{"href":"https:\/\/rmvapebang.com\/lt\/wp-json\/wp\/v2\/types\/product"}],"replies":[{"embeddable":true,"href":"https:\/\/rmvapebang.com\/lt\/wp-json\/wp\/v2\/comments?post=4373"}],"wp:featuredmedia":[{"embeddable":true,"href":"https:\/\/rmvapebang.com\/lt\/wp-json\/wp\/v2\/media\/4370"}],"wp:attachment":[{"href":"https:\/\/rmvapebang.com\/lt\/wp-json\/wp\/v2\/media?parent=4373"}],"wp:term":[{"taxonomy":"product_brand","embeddable":true,"href":"https:\/\/rmvapebang.com\/lt\/wp-json\/wp\/v2\/product_brand?post=4373"},{"taxonomy":"product_cat","embeddable":true,"href":"https:\/\/rmvapebang.com\/lt\/wp-json\/wp\/v2\/product_cat?post=4373"},{"taxonomy":"product_tag","embeddable":true,"href":"https:\/\/rmvapebang.com\/lt\/wp-json\/wp\/v2\/product_tag?post=4373"}],"curies":[{"name":"wp","href":"https:\/\/api.w.org\/{rel}","templated":true}]}}