{"id":4050,"date":"2025-04-26T16:56:51","date_gmt":"2025-04-26T08:56:51","guid":{"rendered":"https:\/\/rmvapebang.com\/?post_type=product&#038;p=4050"},"modified":"2025-09-05T10:41:45","modified_gmt":"2025-09-05T02:41:45","slug":"vapme-goat-40000-puffs-exclusive-wholesale-discount-limited-offer","status":"publish","type":"product","link":"https:\/\/rmvapebang.com\/lt\/product\/vapme-goat-40000-puffs-exclusive-wholesale-discount-limited-offer\/","title":{"rendered":"VAPME GOAT 40000 d\u016bm\u0173 I\u0161skirtin\u0117 didmenin\u0117 nuolaida Ribotas pasi\u016blymas"},"content":{"rendered":"<h2>VAPME GOAT 40000 d\u016bm\u0173 I\u0161skirtin\u0117 didmenin\u0117 nuolaida Ribotas pasi\u016blymas<\/h2>\n<p>VAPME GOAT 40000 \u012fp\u016btim\u0173 I\u0161skirtin\u0117 didmenin\u0117 nuolaida Ribotas pasi\u016blymas yra GOAT d\u0117l prie\u017easties \u2013 i\u0161skirtinis na\u0161umas, eleganti\u0161kas dizainas ir universalumas keliais re\u017eimais.<\/p>\n<p>GOAT 40000 \u012fp\u016btim\u0173 su dvigubomis tinklelio rit\u0117mis ir suderinamumu su DTL\/MTL stiliais, 40 t\u016bkst. vapme goat u\u017etikrina skland\u0173, patenkinam\u0105 sm\u016bg\u012f, nesvarbu, ar siekiate debes\u0173, ar m\u0117gaujat\u0117s skoniu. <a href=\"https:\/\/rmvapebang.com\/lt\/product-category\/vapme-vape\/\"><strong>Vapme garintuvas<\/strong><\/a> goat 40k talpina 30 ml e-skys\u010dio, turi LED ekran\u0105, C tipo \u012fkrovim\u0105 ir u\u017etikrina iki 40 000 \u012fp\u016btim\u0173.<\/p>\n<p><strong><a href=\"https:\/\/rmvapebang.com\/lt\/product-category\/vape-40000-puffs\/\">40000 vienkartini\u0173 \u012fp\u016btim\u0173 garintuvas<\/a> <\/strong>vapme, kur\u012f galima \u012fsigyti su 0%\/2% nikotinu, vapme 40k tinka tiek tradicinei, tiek bed\u016bmi\u0173 nikotino rinkoms. 40000 \u012fp\u016btim\u0173 aptakus korpusas ir i\u0161mani technologija yra puikus pasirinkimas didmenininkams, garinimo parduotuv\u0117ms ir gyvenimo b\u016bdo vartotojams.<\/p>\n<p><img loading=\"lazy\" decoding=\"async\" class=\"alignnone wp-image-4021 size-full\" src=\"http:\/\/rmvapebang.com\/wp-content\/uploads\/2025\/04\/vapme-recharge-vape-puffs-40000-discount-price.webp\" alt=\"vapme \u012fkraunamas vape 40000 \u012ftraukim\u0173, nuolaidos kaina\" width=\"800\" height=\"520\" srcset=\"https:\/\/rmvapebang.com\/wp-content\/uploads\/2025\/04\/vapme-recharge-vape-puffs-40000-discount-price.webp 800w, https:\/\/rmvapebang.com\/wp-content\/uploads\/2025\/04\/vapme-recharge-vape-puffs-40000-discount-price-300x195.webp 300w, https:\/\/rmvapebang.com\/wp-content\/uploads\/2025\/04\/vapme-recharge-vape-puffs-40000-discount-price-768x499.webp 768w, https:\/\/rmvapebang.com\/wp-content\/uploads\/2025\/04\/vapme-recharge-vape-puffs-40000-discount-price-600x390.webp 600w\" sizes=\"auto, (max-width: 800px) 100vw, 800px\" \/><\/p>\n<h3><strong>Kokie yra vapme goat vape 40000 skoniai?<\/strong><\/h3>\n<p>1.Arb\u016bz\u0173 ledas<br \/>\n2.Mi\u0161rios uogos<br \/>\n3. M\u0117lyni\u0173 ledas<br \/>\n4. Vy\u0161ni\u0173 ledas<br \/>\n5. Bra\u0161ki\u0173 arb\u016bzas<br \/>\n6. Bra\u0161ki\u0173 ledas<br \/>\n7. Sulting\u0173 persik\u0173 ledas<br \/>\n8. M\u0117lyni\u0173 avie\u010di\u0173<br \/>\n9. Dvigubas obuolys<br \/>\n10. Pasiflor\u0173 melion\u0173 ledas<\/p>\n<h2>Vapme goat 40k Puff Vape specifikacijos:<\/h2>\n<p>\u2013 <em><strong><span style=\"color: #ff0000\">40 t\u016bkst.<\/span><\/strong><\/em> \u012ep\u016btimai<br \/>\n\u2013 <strong><em><span style=\"color: #ff0000\">10<\/span>\u00a0<\/em><\/strong>Skoniai<br \/>\n\u2013 <em><strong><span style=\"color: #ff0000\">0%\/2%<\/span><\/strong><\/em> Nikotino stiprumas<br \/>\n\u2013<span style=\"color: #ff0000\"><em><strong> 30 ml <\/strong><\/em><\/span>e-skys\u010dio talpos<br \/>\n\u2013 Baterijos talpa <em><strong><span style=\"color: #ff0000\">850 mAh<\/span><\/strong><\/em><\/p>\n<h3>DUK:<\/h3>\n<p>K: Koks yra elektroninio garintuvo Vapme vape goat 40k MOQ?<\/p>\n<p>A: Minimalus Vapme goat puff 40k u\u017esakymo kiekis (MOQ) yra 50 vnt.<\/p>\n<p>K: Koks yra pristatymo laikas \u012fkraunamai elektroninei cigaretei, kuri\u0105 \u012fsigijau?<\/p>\n<p>A: \u012eprastai, pristatymo laikas \u012fkraunamiems garintuvams yra 10-15 dien\u0173 po i\u0161siuntimo.<\/p>\n<p>K: Kiek kainuoja goat tornado vape 40k Puffs siuntimas?<\/p>\n<p>A: Pristatymo kaina priklauso nuo u\u017esakymo svorio. Skirtingi kiekiai gali tur\u0117ti skirtingas pristatymo i\u0161laidas. Nor\u0117dami patvirtinti savo konkretaus u\u017esakymo pristatymo kain\u0105, susisiekite su mumis.<\/p>\n<p>K: Ar vapme goat vienkartin\u012f 40k Vape galima i\u0161si\u0173sti \u012f mano \u0161al\u012f?<\/p>\n<p>A: Taip, mes galime i\u0161si\u0173sti 40 t\u016bkst. \u012fp\u016btim\u0173 tornado vape \u012f daugum\u0105 Europos \u0161ali\u0173, \u012fskaitant, bet neapsiribojant, Nyderlandus, Vokietij\u0105, Pranc\u016bzij\u0105, Ispanij\u0105, Italij\u0105, Belgij\u0105, Liuksemburg\u0105, Austrij\u0105, \u010cekij\u0105, Slovakij\u0105, Vengrij\u0105, Slov\u0117nij\u0105, Rumunij\u0105, Bulgarij\u0105, Graikij\u0105, Lenkij\u0105, \u0160vedij\u0105, Airij\u0105, Portugalij\u0105, Suomij\u0105, Estij\u0105, Latvij\u0105 ir Lietuv\u0105. Jei turite konkre\u010di\u0173 klausim\u0173 d\u0117l siuntimo \u012f j\u016bs\u0173 \u0161al\u012f, nedvejodami kreipkit\u0117s \u012f mus d\u0117l tolesn\u0117s pagalbos.<\/p>\n<p><strong>Nor\u0117dami gauti daugiau produkt\u0173 vaizdo \u012fra\u0161\u0173, susisiekite su Lyn!<\/strong><\/p>\n<p><a href=\"https:\/\/wa.me\/8617840853976\"><span style=\"color: #ff6600\"><strong><em>Whatsapp:+86 17840853976<\/em><\/strong><\/span><\/a><\/p>\n<p><img loading=\"lazy\" decoding=\"async\" class=\"alignnone size-medium wp-image-1905\" src=\"http:\/\/rmvapebang.com\/wp-content\/uploads\/2024\/03\/whatsapp-vape-2-202x300.jpg\" alt=\"\" width=\"202\" height=\"300\" \/><\/p>\n<p>Raskite daugiau produkt\u0173, kurie jums gali patikti:<a href=\"https:\/\/rmvapebang.com\/lt\/shop-page\/\"><strong><em>Pirkti dabar<\/em><\/strong><\/a><\/p>\n<p>kiti jums galintys patikti \u012ftraukimai: <a href=\"https:\/\/rmvapebang.com\/lt\/product\/vapme-shisha-20k-pro-max-bulk-price-new-sale\/\">vapme pro max 20 t\u016bkst. \u012fkv\u0117pim\u0173<\/a>\/<a href=\"https:\/\/rmvapebang.com\/lt\/product\/uwin-crystal-10k-wholesale-vape-good-sale\/\">Uwin crystal 10 t\u016bkst. \u012fkv\u0117pim\u0173 garintuvai<\/a>\/<a href=\"https:\/\/rmvapebang.com\/lt\/product\/fihp-15k-pro-hookah-smart-screen-bulk-disount-price\/\">FIHP shisha 15000 \u012fkv\u0117pim\u0173\u00a0<\/a>\/<a href=\"https:\/\/rmvapebang.com\/lt\/product\/waspe-25000-aiviou-vape-wholesale-price-cheaper-sale\/\">waspe 25 t\u016bkst. \u012fkv\u0117pim\u0173 garintuvas<\/a>\/<a href=\"https:\/\/rmvapebang.com\/lt\/product\/zooy-magic-9k-vape-cheap-price-top-selling\/\">zooy magic 9k garintuvai<\/a><\/p>","protected":false},"excerpt":{"rendered":"<p><span style=\"color: #ff0000\"><strong>PASTABA<\/strong>:\u00a0<em>Kainos svetain\u0117je ne\u012fskai\u010diuoja siuntimo mokes\u010dio. Pra\u0161ome atsi\u0173sti savo pa\u0161to kod\u0105 ir adres\u0105, kad gal\u0117tume patikrinti siuntimo i\u0161laidas<\/em><\/span><br \/>\nD\u0117l lanks\u010di\u0173 garinimo re\u017eim\u0173, ry\u0161kios veiklos ir \u012fsp\u016bdingo \u012fp\u016btim\u0173 skai\u010diaus, VAPME GOAT yra geriausias pasirinkimas kokyb\u0117s siekiantiems didmenininkams ir garinimo entuziastams.<\/p>\n<p><a href=\"https:\/\/wa.me\/8617840853976\"><strong><em>Whatsapp:+86 17840853976<\/em><\/strong><\/a><\/p>\n<p>Nuskaitykite \u201eWhatsApp\u201c naujo kliento kupon\u0105<\/p>\n<p><img loading=\"lazy\" decoding=\"async\" class=\"alignnone size-medium wp-image-1905\" src=\"http:\/\/rmvapebang.com\/wp-content\/uploads\/2024\/03\/whatsapp-vape-2-202x300.jpg\" alt=\"\" width=\"202\" height=\"300\" \/><\/p>","protected":false},"featured_media":4014,"comment_status":"open","ping_status":"closed","template":"","meta":{"_uag_custom_page_level_css":"","_lmt_disableupdate":"no","_lmt_disable":"","site-sidebar-layout":"no-sidebar","site-content-layout":"boxed-container","ast-site-content-layout":"normal-width-container","site-content-style":"boxed","site-sidebar-style":"boxed","ast-global-header-display":"","ast-banner-title-visibility":"","ast-main-header-display":"","ast-hfb-above-header-display":"","ast-hfb-below-header-display":"","ast-hfb-mobile-header-display":"","site-post-title":"","ast-breadcrumbs-content":"","ast-featured-img":"","footer-sml-layout":"","theme-transparent-header-meta":"default","adv-header-id-meta":"","stick-header-meta":"","header-above-stick-meta":"","header-main-stick-meta":"","header-below-stick-meta":"","astra-migrate-meta-layouts":"set","ast-page-background-enabled":"default","ast-page-background-meta":{"desktop":{"background-color":"","background-image":"","background-repeat":"repeat","background-position":"center center","background-size":"auto","background-attachment":"scroll","background-type":"","background-media":"","overlay-type":"","overlay-color":"","overlay-gradient":""},"tablet":{"background-color":"","background-image":"","background-repeat":"repeat","background-position":"center center","background-size":"auto","background-attachment":"scroll","background-type":"","background-media":"","overlay-type":"","overlay-color":"","overlay-gradient":""},"mobile":{"background-color":"","background-image":"","background-repeat":"repeat","background-position":"center center","background-size":"auto","background-attachment":"scroll","background-type":"","background-media":"","overlay-type":"","overlay-color":"","overlay-gradient":""}},"ast-content-background-meta":{"desktop":{"background-color":"var(--ast-global-color-5)","background-image":"","background-repeat":"repeat","background-position":"center center","background-size":"auto","background-attachment":"scroll","background-type":"","background-media":"","overlay-type":"","overlay-color":"","overlay-gradient":""},"tablet":{"background-color":"var(--ast-global-color-5)","background-image":"","background-repeat":"repeat","background-position":"center center","background-size":"auto","background-attachment":"scroll","background-type":"","background-media":"","overlay-type":"","overlay-color":"","overlay-gradient":""},"mobile":{"background-color":"var(--ast-global-color-5)","background-image":"","background-repeat":"repeat","background-position":"center center","background-size":"auto","background-attachment":"scroll","background-type":"","background-media":"","overlay-type":"","overlay-color":"","overlay-gradient":""}},"_joinchat":[]},"product_brand":[],"product_cat":[130,39,41,128,42,40,131,129,136,81],"product_tag":[137,138,50,61,58,53,52],"class_list":{"0":"post-4050","1":"product","2":"type-product","3":"status-publish","4":"has-post-thumbnail","6":"product_cat-digital-vapes-in-discount-price","7":"product_cat-france-wholesale-vape","8":"product_cat-netherlands-wholesale-vape","9":"product_cat-smart-display","10":"product_cat-spain-wholesale-vape","11":"product_cat-germany-wholesale-vape","12":"product_cat-tornado-vape-wholesale-price-hot-sale","13":"product_cat-tornado-vapes","14":"product_cat-vape-40000-puffs","15":"product_cat-vapme-vape","16":"product_tag-40000-puffs","17":"product_tag-40k-puffs","18":"product_tag-bulk-price-vape-shop","19":"product_tag-good-sales-vape","20":"product_tag-moq-50pcs","21":"product_tag-rechargeable-vape","22":"product_tag-vape-wholesasle-price","23":"desktop-align-left","24":"tablet-align-left","25":"mobile-align-left","27":"first","28":"instock","29":"sale","30":"shipping-taxable","31":"purchasable","32":"product-type-simple"},"yoast_head":"<!-- This site is optimized with the Yoast SEO plugin v23.0 - https:\/\/yoast.com\/wordpress\/plugins\/seo\/ -->\n<title>VAPME GOAT 40000 puffs Exclusive Wholesale Discount Limited Offer - rmvapebang.com<\/title>\n<meta name=\"description\" content=\"VAPME GOAT 40K vape supports DTL &amp; MTL, dual mesh, LED display, and Type-C charging. Top choice for retailers and ex-smokers.\" \/>\n<meta name=\"robots\" content=\"index, follow, max-snippet:-1, max-image-preview:large, max-video-preview:-1\" \/>\n<link rel=\"canonical\" href=\"https:\/\/rmvapebang.com\/lt\/product\/vapme-goat-40000-puffs-exclusive-wholesale-discount-limited-offer\/\" \/>\n<meta property=\"og:locale\" content=\"lt_LT\" \/>\n<meta property=\"og:type\" content=\"article\" \/>\n<meta property=\"og:title\" content=\"VAPME GOAT 40000 puffs Exclusive Wholesale Discount Limited Offer - rmvapebang.com\" \/>\n<meta property=\"og:description\" content=\"VAPME GOAT 40K vape supports DTL &amp; MTL, dual mesh, LED display, and Type-C charging. Top choice for retailers and ex-smokers.\" \/>\n<meta property=\"og:url\" content=\"https:\/\/rmvapebang.com\/lt\/product\/vapme-goat-40000-puffs-exclusive-wholesale-discount-limited-offer\/\" \/>\n<meta property=\"og:site_name\" content=\"rmvapebang.com\" \/>\n<meta property=\"article:modified_time\" content=\"2025-09-05T02:41:45+00:00\" \/>\n<meta property=\"og:image\" content=\"https:\/\/rmvapebang.com\/wp-content\/uploads\/2025\/04\/vapme-recharge-vape-puffs-40000-promotion-sale.webp\" \/>\n\t<meta property=\"og:image:width\" content=\"800\" \/>\n\t<meta property=\"og:image:height\" content=\"800\" \/>\n\t<meta property=\"og:image:type\" content=\"image\/webp\" \/>\n<meta name=\"twitter:card\" content=\"summary_large_image\" \/>\n<meta name=\"twitter:label1\" content=\"Est. reading time\" \/>\n\t<meta name=\"twitter:data1\" content=\"3 minut\u0117s\" \/>\n<script type=\"application\/ld+json\" class=\"yoast-schema-graph\">{\"@context\":\"https:\/\/schema.org\",\"@graph\":[{\"@type\":\"WebPage\",\"@id\":\"https:\/\/rmvapebang.com\/product\/vapme-goat-40000-puffs-exclusive-wholesale-discount-limited-offer\/\",\"url\":\"https:\/\/rmvapebang.com\/product\/vapme-goat-40000-puffs-exclusive-wholesale-discount-limited-offer\/\",\"name\":\"VAPME GOAT 40000 puffs Exclusive Wholesale Discount Limited Offer - rmvapebang.com\",\"isPartOf\":{\"@id\":\"https:\/\/rmvapebang.com\/#website\"},\"primaryImageOfPage\":{\"@id\":\"https:\/\/rmvapebang.com\/product\/vapme-goat-40000-puffs-exclusive-wholesale-discount-limited-offer\/#primaryimage\"},\"image\":{\"@id\":\"https:\/\/rmvapebang.com\/product\/vapme-goat-40000-puffs-exclusive-wholesale-discount-limited-offer\/#primaryimage\"},\"thumbnailUrl\":\"https:\/\/rmvapebang.com\/wp-content\/uploads\/2025\/04\/vapme-recharge-vape-puffs-40000-promotion-sale.webp\",\"datePublished\":\"2025-04-26T08:56:51+00:00\",\"dateModified\":\"2025-09-05T02:41:45+00:00\",\"description\":\"VAPME GOAT 40K vape supports DTL & MTL, dual mesh, LED display, and Type-C charging. Top choice for retailers and ex-smokers.\",\"breadcrumb\":{\"@id\":\"https:\/\/rmvapebang.com\/product\/vapme-goat-40000-puffs-exclusive-wholesale-discount-limited-offer\/#breadcrumb\"},\"inLanguage\":\"lt-LT\",\"potentialAction\":[{\"@type\":\"ReadAction\",\"target\":[\"https:\/\/rmvapebang.com\/product\/vapme-goat-40000-puffs-exclusive-wholesale-discount-limited-offer\/\"]}]},{\"@type\":\"ImageObject\",\"inLanguage\":\"lt-LT\",\"@id\":\"https:\/\/rmvapebang.com\/product\/vapme-goat-40000-puffs-exclusive-wholesale-discount-limited-offer\/#primaryimage\",\"url\":\"https:\/\/rmvapebang.com\/wp-content\/uploads\/2025\/04\/vapme-recharge-vape-puffs-40000-promotion-sale.webp\",\"contentUrl\":\"https:\/\/rmvapebang.com\/wp-content\/uploads\/2025\/04\/vapme-recharge-vape-puffs-40000-promotion-sale.webp\",\"width\":800,\"height\":800,\"caption\":\"vapme recharge vape puffs 40000 promotion sale\"},{\"@type\":\"BreadcrumbList\",\"@id\":\"https:\/\/rmvapebang.com\/product\/vapme-goat-40000-puffs-exclusive-wholesale-discount-limited-offer\/#breadcrumb\",\"itemListElement\":[{\"@type\":\"ListItem\",\"position\":1,\"name\":\"Home\",\"item\":\"https:\/\/rmvapebang.com\/\"},{\"@type\":\"ListItem\",\"position\":2,\"name\":\"Hot Vape Shop\",\"item\":\"https:\/\/rmvapebang.com\/shop-page\/\"},{\"@type\":\"ListItem\",\"position\":3,\"name\":\"VAPME GOAT 40000 puffs Exclusive Wholesale Discount Limited Offer\"}]},{\"@type\":\"WebSite\",\"@id\":\"https:\/\/rmvapebang.com\/#website\",\"url\":\"https:\/\/rmvapebang.com\/\",\"name\":\"rmvapebang.com\",\"description\":\"buy vape cheap\",\"publisher\":{\"@id\":\"https:\/\/rmvapebang.com\/#organization\"},\"potentialAction\":[{\"@type\":\"SearchAction\",\"target\":{\"@type\":\"EntryPoint\",\"urlTemplate\":\"https:\/\/rmvapebang.com\/?s={search_term_string}\"},\"query-input\":\"required name=search_term_string\"}],\"inLanguage\":\"lt-LT\"},{\"@type\":\"Organization\",\"@id\":\"https:\/\/rmvapebang.com\/#organization\",\"name\":\"rmvapebang.com\",\"url\":\"https:\/\/rmvapebang.com\/\",\"logo\":{\"@type\":\"ImageObject\",\"inLanguage\":\"lt-LT\",\"@id\":\"https:\/\/rmvapebang.com\/#\/schema\/logo\/image\/\",\"url\":\"https:\/\/rmvapebang.com\/wp-content\/uploads\/2024\/03\/cropped-RVBlogo.png\",\"contentUrl\":\"https:\/\/rmvapebang.com\/wp-content\/uploads\/2024\/03\/cropped-RVBlogo.png\",\"width\":507,\"height\":169,\"caption\":\"rmvapebang.com\"},\"image\":{\"@id\":\"https:\/\/rmvapebang.com\/#\/schema\/logo\/image\/\"}}]}<\/script>\n<!-- \/ Yoast SEO plugin. -->","yoast_head_json":{"title":"VAPME GOAT 40000 puffs Exclusive Wholesale Discount Limited Offer - rmvapebang.com","description":"VAPME GOAT 40K vape supports DTL & MTL, dual mesh, LED display, and Type-C charging. Top choice for retailers and ex-smokers.","robots":{"index":"index","follow":"follow","max-snippet":"max-snippet:-1","max-image-preview":"max-image-preview:large","max-video-preview":"max-video-preview:-1"},"canonical":"https:\/\/rmvapebang.com\/lt\/product\/vapme-goat-40000-puffs-exclusive-wholesale-discount-limited-offer\/","og_locale":"lt_LT","og_type":"article","og_title":"VAPME GOAT 40000 puffs Exclusive Wholesale Discount Limited Offer - rmvapebang.com","og_description":"VAPME GOAT 40K vape supports DTL & MTL, dual mesh, LED display, and Type-C charging. Top choice for retailers and ex-smokers.","og_url":"https:\/\/rmvapebang.com\/lt\/product\/vapme-goat-40000-puffs-exclusive-wholesale-discount-limited-offer\/","og_site_name":"rmvapebang.com","article_modified_time":"2025-09-05T02:41:45+00:00","og_image":[{"width":800,"height":800,"url":"https:\/\/rmvapebang.com\/wp-content\/uploads\/2025\/04\/vapme-recharge-vape-puffs-40000-promotion-sale.webp","type":"image\/webp"}],"twitter_card":"summary_large_image","twitter_misc":{"Est. reading time":"3 minut\u0117s"},"schema":{"@context":"https:\/\/schema.org","@graph":[{"@type":"WebPage","@id":"https:\/\/rmvapebang.com\/product\/vapme-goat-40000-puffs-exclusive-wholesale-discount-limited-offer\/","url":"https:\/\/rmvapebang.com\/product\/vapme-goat-40000-puffs-exclusive-wholesale-discount-limited-offer\/","name":"VAPME GOAT 40000 puffs Exclusive Wholesale Discount Limited Offer - rmvapebang.com","isPartOf":{"@id":"https:\/\/rmvapebang.com\/#website"},"primaryImageOfPage":{"@id":"https:\/\/rmvapebang.com\/product\/vapme-goat-40000-puffs-exclusive-wholesale-discount-limited-offer\/#primaryimage"},"image":{"@id":"https:\/\/rmvapebang.com\/product\/vapme-goat-40000-puffs-exclusive-wholesale-discount-limited-offer\/#primaryimage"},"thumbnailUrl":"https:\/\/rmvapebang.com\/wp-content\/uploads\/2025\/04\/vapme-recharge-vape-puffs-40000-promotion-sale.webp","datePublished":"2025-04-26T08:56:51+00:00","dateModified":"2025-09-05T02:41:45+00:00","description":"VAPME GOAT 40K vape supports DTL & MTL, dual mesh, LED display, and Type-C charging. Top choice for retailers and ex-smokers.","breadcrumb":{"@id":"https:\/\/rmvapebang.com\/product\/vapme-goat-40000-puffs-exclusive-wholesale-discount-limited-offer\/#breadcrumb"},"inLanguage":"lt-LT","potentialAction":[{"@type":"ReadAction","target":["https:\/\/rmvapebang.com\/product\/vapme-goat-40000-puffs-exclusive-wholesale-discount-limited-offer\/"]}]},{"@type":"ImageObject","inLanguage":"lt-LT","@id":"https:\/\/rmvapebang.com\/product\/vapme-goat-40000-puffs-exclusive-wholesale-discount-limited-offer\/#primaryimage","url":"https:\/\/rmvapebang.com\/wp-content\/uploads\/2025\/04\/vapme-recharge-vape-puffs-40000-promotion-sale.webp","contentUrl":"https:\/\/rmvapebang.com\/wp-content\/uploads\/2025\/04\/vapme-recharge-vape-puffs-40000-promotion-sale.webp","width":800,"height":800,"caption":"vapme recharge vape puffs 40000 promotion sale"},{"@type":"BreadcrumbList","@id":"https:\/\/rmvapebang.com\/product\/vapme-goat-40000-puffs-exclusive-wholesale-discount-limited-offer\/#breadcrumb","itemListElement":[{"@type":"ListItem","position":1,"name":"Home","item":"https:\/\/rmvapebang.com\/"},{"@type":"ListItem","position":2,"name":"Hot Vape Shop","item":"https:\/\/rmvapebang.com\/shop-page\/"},{"@type":"ListItem","position":3,"name":"VAPME GOAT 40000 puffs Exclusive Wholesale Discount Limited Offer"}]},{"@type":"WebSite","@id":"https:\/\/rmvapebang.com\/#website","url":"https:\/\/rmvapebang.com\/","name":"rmvapebang.com","description":"buy vape cheap","publisher":{"@id":"https:\/\/rmvapebang.com\/#organization"},"potentialAction":[{"@type":"SearchAction","target":{"@type":"EntryPoint","urlTemplate":"https:\/\/rmvapebang.com\/?s={search_term_string}"},"query-input":"required name=search_term_string"}],"inLanguage":"lt-LT"},{"@type":"Organization","@id":"https:\/\/rmvapebang.com\/#organization","name":"rmvapebang.com","url":"https:\/\/rmvapebang.com\/","logo":{"@type":"ImageObject","inLanguage":"lt-LT","@id":"https:\/\/rmvapebang.com\/#\/schema\/logo\/image\/","url":"https:\/\/rmvapebang.com\/wp-content\/uploads\/2024\/03\/cropped-RVBlogo.png","contentUrl":"https:\/\/rmvapebang.com\/wp-content\/uploads\/2024\/03\/cropped-RVBlogo.png","width":507,"height":169,"caption":"rmvapebang.com"},"image":{"@id":"https:\/\/rmvapebang.com\/#\/schema\/logo\/image\/"}}]}},"uagb_featured_image_src":{"full":["https:\/\/rmvapebang.com\/wp-content\/uploads\/2025\/04\/vapme-recharge-vape-puffs-40000-promotion-sale.webp",800,800,false],"thumbnail":["https:\/\/rmvapebang.com\/wp-content\/uploads\/2025\/04\/vapme-recharge-vape-puffs-40000-promotion-sale-150x150.webp",150,150,true],"medium":["https:\/\/rmvapebang.com\/wp-content\/uploads\/2025\/04\/vapme-recharge-vape-puffs-40000-promotion-sale-300x300.webp",300,300,true],"medium_large":["https:\/\/rmvapebang.com\/wp-content\/uploads\/2025\/04\/vapme-recharge-vape-puffs-40000-promotion-sale-768x768.webp",768,768,true],"large":["https:\/\/rmvapebang.com\/wp-content\/uploads\/2025\/04\/vapme-recharge-vape-puffs-40000-promotion-sale.webp",800,800,false],"1536x1536":["https:\/\/rmvapebang.com\/wp-content\/uploads\/2025\/04\/vapme-recharge-vape-puffs-40000-promotion-sale.webp",800,800,false],"2048x2048":["https:\/\/rmvapebang.com\/wp-content\/uploads\/2025\/04\/vapme-recharge-vape-puffs-40000-promotion-sale.webp",800,800,false],"trp-custom-language-flag":["https:\/\/rmvapebang.com\/wp-content\/uploads\/2025\/04\/vapme-recharge-vape-puffs-40000-promotion-sale.webp",12,12,false],"woocommerce_thumbnail":["https:\/\/rmvapebang.com\/wp-content\/uploads\/2025\/04\/vapme-recharge-vape-puffs-40000-promotion-sale-300x300.webp",300,300,true],"woocommerce_single":["https:\/\/rmvapebang.com\/wp-content\/uploads\/2025\/04\/vapme-recharge-vape-puffs-40000-promotion-sale-600x600.webp",600,600,true],"woocommerce_gallery_thumbnail":["https:\/\/rmvapebang.com\/wp-content\/uploads\/2025\/04\/vapme-recharge-vape-puffs-40000-promotion-sale-100x100.webp",100,100,true],"wcpr-photo-reviews":["https:\/\/rmvapebang.com\/wp-content\/uploads\/2025\/04\/vapme-recharge-vape-puffs-40000-promotion-sale.webp",500,500,false]},"uagb_author_info":{"display_name":"Lyn","author_link":"https:\/\/rmvapebang.com\/lt\/author\/"},"uagb_comment_info":0,"uagb_excerpt":"NOTE:\u00a0Prices on the website don\u2019t include shipping fee. Please send your zip code and address that we can check shipping costs for you With flexible vaping modes, bold performance, and impressive puff count, VAPME GOAT is the go-to for quality-seeking wholesalers and vape enthusiasts. Whatsapp:+86 17840853976 Scan on whatsapp for New Client coupon","_links":{"self":[{"href":"https:\/\/rmvapebang.com\/lt\/wp-json\/wp\/v2\/product\/4050","targetHints":{"allow":["GET"]}}],"collection":[{"href":"https:\/\/rmvapebang.com\/lt\/wp-json\/wp\/v2\/product"}],"about":[{"href":"https:\/\/rmvapebang.com\/lt\/wp-json\/wp\/v2\/types\/product"}],"replies":[{"embeddable":true,"href":"https:\/\/rmvapebang.com\/lt\/wp-json\/wp\/v2\/comments?post=4050"}],"wp:featuredmedia":[{"embeddable":true,"href":"https:\/\/rmvapebang.com\/lt\/wp-json\/wp\/v2\/media\/4014"}],"wp:attachment":[{"href":"https:\/\/rmvapebang.com\/lt\/wp-json\/wp\/v2\/media?parent=4050"}],"wp:term":[{"taxonomy":"product_brand","embeddable":true,"href":"https:\/\/rmvapebang.com\/lt\/wp-json\/wp\/v2\/product_brand?post=4050"},{"taxonomy":"product_cat","embeddable":true,"href":"https:\/\/rmvapebang.com\/lt\/wp-json\/wp\/v2\/product_cat?post=4050"},{"taxonomy":"product_tag","embeddable":true,"href":"https:\/\/rmvapebang.com\/lt\/wp-json\/wp\/v2\/product_tag?post=4050"}],"curies":[{"name":"wp","href":"https:\/\/api.w.org\/{rel}","templated":true}]}}