{"id":3637,"date":"2025-02-15T13:35:44","date_gmt":"2025-02-15T05:35:44","guid":{"rendered":"https:\/\/rmvapebang.com\/?post_type=product&#038;p=3637"},"modified":"2025-09-03T17:08:33","modified_gmt":"2025-09-03T09:08:33","slug":"jnr-alien-10000-puffs-low-price-hot-sale-rgb-vape","status":"publish","type":"product","link":"https:\/\/rmvapebang.com\/lt\/product\/jnr-alien-10000-puffs-low-price-hot-sale-rgb-vape\/","title":{"rendered":"JNR Alien 10000 Puffs ma\u017ea kaina, kar\u0161tas i\u0161pardavimas, RGB Vape"},"content":{"rendered":"<h2>JNR Alien 10000 Puffs ma\u017ea kaina, kar\u0161tas i\u0161pardavimas, RGB Vape<\/h2>\n<p>JNR Alien 10000 Puffs \u017eema kaina, kar\u0161tas i\u0161pardavimas, RGB elektronin\u0117 cigaret\u0117, kuri sukre\u010dia j\u016bs\u0173 garinimo patirt\u012f dr\u0105siu dizainu, pa\u017eangiomis funkcijomis ir neprilygstamu prieinamumu.<\/p>\n<p>JNR RGB elektronin\u0117 cigaret\u0117 Alien 10k Puffs, skirta garintojams, kurie trok\u0161ta stiliaus ir turinio, sujungia did\u017eiul\u0119 20 ml e-skys\u010dio talp\u0105 su 800 mAh baterija, u\u017etikrindama ilgalaik\u012f veikim\u0105 iki 10 000 skland\u017ei\u0173, maloni\u0173 d\u016bm\u0173. Pasirinkite i\u0161 ne\u012ftik\u0117tin\u0173 44 skoni\u0173, tinkan\u010di\u0173 kiekvienam skoniui.<\/p>\n<p>10000 \u012fkv\u0117pim\u0173 <a href=\"https:\/\/rmvapebang.com\/lt\/product-category\/bulk-sale-jnr-vapes-europe\/\"><strong>JNR vape<\/strong><\/a> turi 2% ir 5% nikotino, jnr vienkartin\u0117 10k elektronin\u0117 cigaret\u0117 tinka tiek paprastiems vartotojams, tiek ie\u0161kantiems stipresnio sm\u016bgio. Ta\u010diau tikrai JNR Alien i\u0161skiria ry\u0161ki RGB \u0161viesos sistema, <strong><a href=\"https:\/\/rmvapebang.com\/lt\/product-category\/vape-10000-puffs\/\">JNR 10000 \u012fkv\u0117pim\u0173 vienkartin\u0117 elektronin\u0117 cigaret\u0117<\/a><\/strong> prietaisas pulsuoja su kiekvienu \u012fkv\u0117pimu, suteikdamas futuristin\u012f atspalv\u012f j\u016bs\u0173 garinimo sesijoms.<\/p>\n<p>Jnr 10k \u012fkv\u0117pim\u0173 vienkartin\u0117 elektronin\u0117 cigaret\u0117 puikiai tinka vakar\u0117liams, v\u0117lyviems vakarams ar kasdieniam naudojimui, JNR RGB 10K elektronin\u0117 cigaret\u0117 yra lengva, ne\u0161iojama ir apr\u016bpinta auk\u0161\u010diausios kokyb\u0117s funkcijomis. Nepraleiskite progos \u012fsigyti u\u017e ma\u017e\u0105 kain\u0105 - \u010diupkite savo \u0161iandien ir prisijunkite prie RGB garinimo revoliucijos!<\/p>\n<p><img loading=\"lazy\" decoding=\"async\" class=\"alignnone wp-image-3630 size-full\" src=\"http:\/\/rmvapebang.com\/wp-content\/uploads\/2025\/02\/JNR-ALIEN-VAPE-10000-PUFFS-GOOD-PRICE.webp\" alt=\"JNR ALIEN GARINTUVAS 10000 D\u016aM\u0172 GERA KAINA\" width=\"800\" height=\"451\" srcset=\"https:\/\/rmvapebang.com\/wp-content\/uploads\/2025\/02\/JNR-ALIEN-VAPE-10000-PUFFS-GOOD-PRICE.webp 800w, https:\/\/rmvapebang.com\/wp-content\/uploads\/2025\/02\/JNR-ALIEN-VAPE-10000-PUFFS-GOOD-PRICE-300x169.webp 300w, https:\/\/rmvapebang.com\/wp-content\/uploads\/2025\/02\/JNR-ALIEN-VAPE-10000-PUFFS-GOOD-PRICE-768x433.webp 768w, https:\/\/rmvapebang.com\/wp-content\/uploads\/2025\/02\/JNR-ALIEN-VAPE-10000-PUFFS-GOOD-PRICE-600x338.webp 600w\" sizes=\"auto, (max-width: 800px) 100vw, 800px\" \/><\/p>\n<h3><strong>Skoniai JNR Alien 10000 elektroninei cigaretei?<\/strong><\/h3>\n<p>1.Juodasis drakonas su ledu<br \/>\n2.M\u0117lyna aviet\u0117 su vy\u0161nia<br \/>\n3.M\u0117lyna aviet\u0117 su ledu<br \/>\n4.M\u0117lyni\u0173 kramtomoji guma<br \/>\n5.M\u0117lyn\u0117s, vy\u0161nios ir spanguol\u0117s<br \/>\n6.M\u0117lyn\u0117s ant ledo<br \/>\n7.M\u0117lyn\u0117s ir r\u016bg\u0161ti aviet\u0117<br \/>\n8.Putojanti vy\u0161ni\u0173 kola<br \/>\n9.Vynuogi\u0173 ledas<br \/>\n10.Gvajava su ledu<br \/>\n11.Kiviai, pasifloros ir gvajavos<br \/>\n12.Bra\u0161k\u0117s su kiviais<br \/>\n13.Citrina<br \/>\n14.Mi\u0161rios uogos<br \/>\n15.Ponas M\u0117lynas<br \/>\n16.Pasifloros vaisiai<br \/>\n17.Persik\u0173 ir uog\u0173<br \/>\n18.Persik\u0173 ir m\u0117lyni\u0173 saldainis<br \/>\n19.Persik\u0173 ledas<br \/>\n20.Persik\u0173, mang\u0173 ir ananas\u0173<br \/>\n21.R\u016bg\u0161tus obuolys<br \/>\n22.Bra\u0161ki\u0173 ir banan\u0173<br \/>\n23.Bra\u0161ki\u0173 ledas<br \/>\n24.Bra\u0161ki\u0173, avie\u010di\u0173 ir vy\u0161ni\u0173 ledas<br \/>\n25.Bra\u0161ki\u0173 ir arb\u016bz\u0173 ledas<br \/>\n26.Bra\u0161ki\u0173, arb\u016bz\u0173 ir limonadas<br \/>\n27.Arb\u016bz\u0173 ir kramtomoji guma<br \/>\n28.Arb\u016bz\u0173 ledas<br \/>\n29.Banan\u0173 ledas<br \/>\n30.M\u0117lyni\u0173 ir kivi\u0173<br \/>\n31.Vy\u0161ni\u0173 ir uog\u0173<br \/>\n32.Kolos ledas<br \/>\n33.V\u0117sioji M\u0117ta<br \/>\n34.Dvigubas obuolys<br \/>\n35.Guminukas<br \/>\n36.Ve\u0161lus ledas<br \/>\n37.Aviet\u0117 arb\u016bzas<br \/>\n38.Bra\u0161ki\u0173 saldaini\u0173 ledas<br \/>\n39.Bra\u0161ki\u0173 pinakolada<br \/>\n40.Bra\u0161ki\u0173 granatas<br \/>\n41.Bra\u0161ki\u0173 avie\u010di\u0173 ledas<br \/>\n42.Tropinis pun\u0161as<br \/>\n43.Arb\u016bz\u0173 ir avie\u010di\u0173 ledas<br \/>\n44.Arb\u016bzas Li\u010dis<\/p>\n<h2>Specifikacijos <strong>JNR tornadas 10000 <\/strong>D\u016bm\u0173 kiekis:<\/h2>\n<p>\u2013 <span style=\"color: #ff0000\"><em><strong>10 t\u016bkst.<\/strong><\/em><\/span> \u012ep\u016btimai<br \/>\n\u2013 <span style=\"color: #ff0000\"><em><strong>44<\/strong> <\/em><\/span>Skoniai<br \/>\n\u2013 <span style=\"color: #ff0000\"><strong><em>2%\/5%<\/em><\/strong><\/span> Nikotino stiprumas<br \/>\n\u2013 <span style=\"color: #ff0000\"><strong><em>20 mL<\/em><\/strong><\/span> e-skys\u010dio talpos<br \/>\n\u2013 Baterijos talpa <span style=\"color: #ff0000\"><em><strong>850 mAh<\/strong><\/em><\/span><\/p>\n<h3>DUK:<\/h3>\n<p>K: Koks yra minimalus JNR vienkartini\u0173 \u201eAlien vape 10k\u201c elektronini\u0173 garintuv\u0173 u\u017esakymo kiekis (MOQ)?<\/p>\n<p>A: Minimalus JNR 10k garintuv\u0173 u\u017esakymo kiekis yra 50 vnt.<\/p>\n<p>K: Ar JNR vienkartiniai 10k d\u016bm\u0173 \u201eAlien\u201c garintuvai yra saug\u016bs?<\/p>\n<p>A: Taip, JNR \u201eAlien 10k\u201c garintuvas atitinka visus saugos standartus, jame yra nedidelis kiekis nikotino ir tur\u0117t\u0173 b\u016bti vartojamas saikingai.<\/p>\n<p>K: Kiek laiko tur\u0117\u010diau krauti savo garintuv\u0105?<\/p>\n<p>A: Paprastai pakanka 1\u20132 valand\u0173. Vienkartinius garintuvus, tokius kaip JNR 10000, paprastai reikia \u012fkrauti ma\u017edaug 1\u20132 valandas. Venkite perkrovimo ir atjunkite, kai pasikei\u010dia indikatoriaus lemput\u0117.<\/p>\n<p>K: Ar JNR vienkartinis 10k garintuvas gali b\u016bti siun\u010diamas \u012f Lietuv\u0105?<\/p>\n<p>A: Taip, mes galime si\u0173sti JNR tornado 10000 garintuv\u0105 \u012f daugel\u012f Europos \u0161ali\u0173, \u012fskaitant, bet neapsiribojant: Nyderlandus, Vokietij\u0105, Pranc\u016bzij\u0105, Ispanij\u0105, Italij\u0105, Belgij\u0105, Liuksemburg\u0105, Austrij\u0105, \u010cekij\u0105, Slovakij\u0105, Vengrij\u0105, Slov\u0117nij\u0105, Rumunij\u0105, Bulgarij\u0105, Graikij\u0105, Lenkij\u0105, \u0160vedij\u0105, Airij\u0105, Portugalij\u0105, Suomij\u0105, Estij\u0105, Latvij\u0105 ir Lietuv\u0105. Jei turite koki\u0173 nors konkre\u010di\u0173 klausim\u0173 d\u0117l pristatymo \u012f j\u016bs\u0173 \u0161al\u012f, nedvejodami kreipkit\u0117s \u012f mus d\u0117l tolesn\u0117s pagalbos.<\/p>\n<p><strong>Nor\u0117dami gauti daugiau produkt\u0173 vaizdo \u012fra\u0161\u0173, susisiekite su Lyn!<\/strong><\/p>\n<p><a href=\"https:\/\/wa.me\/8617840853976\"><span style=\"color: #ff6600\"><strong><em>Whatsapp:+86 17840853976<\/em><\/strong><\/span><\/a><\/p>\n<p><img loading=\"lazy\" decoding=\"async\" class=\"alignnone size-medium wp-image-1905\" src=\"http:\/\/rmvapebang.com\/wp-content\/uploads\/2024\/03\/whatsapp-vape-2-202x300.jpg\" alt=\"\" width=\"202\" height=\"300\" \/><\/p>\n<p>Raskite daugiau produkt\u0173, kurie jums gali patikti:<a href=\"https:\/\/rmvapebang.com\/lt\/shop-page\/\"><strong><em>Pirkti dabar<\/em><\/strong><\/a><\/p>\n<p>kiti jums galintys patikti \u012ftraukimai:<a href=\"https:\/\/rmvapebang.com\/lt\/product\/waspe-20000-puffs-wholesale-price-20k-vape\/\">Waspe 20 t\u016bkst. p\u016btim\u0173<\/a><a href=\"https:\/\/rmvapebang.com\/lt\/product\/bang-vape-30000-pro-bulk-sale-dual-flavors-full-screen\/\">\u201ebang vape\u201c 30 t\u016bkst. p\u016btim\u0173 dviej\u0173 skoni\u0173 viso ekrano garintuvas<\/a>\/<a href=\"https:\/\/rmvapebang.com\/lt\/product\/bood-twins-46000-puff-discount-price-disposable-vape-hot-sale\/\">BOOD TWINS 46 t\u016bkst. p\u016btim\u0173<\/a>\/<a href=\"https:\/\/rmvapebang.com\/lt\/product\/vopk-cool-bar-9000-puffs-wholesale-price-discount-sale\/\">vopk 9000 p\u016btim\u0173<\/a>\/<a href=\"https:\/\/rmvapebang.com\/lt\/product\/uwin-crystal-10k-wholesale-vape-good-sale\/\">Uwin \u201ecrystal\u201c 10000 p\u016btim\u0173<\/a><\/p>","protected":false},"excerpt":{"rendered":"<p><span style=\"color: #ff0000\"><strong>PASTABA<\/strong>:\u00a0<em>Svetain\u0117je nurodytos kainos neapima siuntimo mokes\u010dio. Pra\u0161ome atsi\u0173sti savo pa\u0161to kod\u0105 ir adres\u0105, kad gal\u0117tume patikrinti siuntimo i\u0161laidas.<\/em><\/span><\/p>\n<p>JNR Alien 10000 Puffs elektronin\u0117s cigaret\u0117s talpa yra 20 ml skys\u010dio, 800 mAh baterija, 44 skoniai, 2%\/5% nikotino ir RGB \u0161viesos. M\u0117gaukit\u0117s ry\u0161kiu, ilgai trunkan\u010diu garinimu u\u017e nedidel\u0119 kain\u0105!<\/p>\n<p><a href=\"https:\/\/wa.me\/8617840853976\"><strong><em>Whatsapp:+86 17840853976<\/em><\/strong><\/a><\/p>\n<p>Nuskaitykite \u201eWhatsApp\u201c naujo kliento kupon\u0105<\/p>\n<p><img loading=\"lazy\" decoding=\"async\" class=\"alignnone size-medium wp-image-1905\" src=\"http:\/\/rmvapebang.com\/wp-content\/uploads\/2024\/03\/whatsapp-vape-2-202x300.jpg\" alt=\"\" width=\"202\" height=\"300\" \/><\/p>","protected":false},"featured_media":3633,"comment_status":"open","ping_status":"closed","template":"","meta":{"_uag_custom_page_level_css":"","_lmt_disableupdate":"no","_lmt_disable":"","site-sidebar-layout":"no-sidebar","site-content-layout":"boxed-container","ast-site-content-layout":"normal-width-container","site-content-style":"boxed","site-sidebar-style":"boxed","ast-global-header-display":"","ast-banner-title-visibility":"","ast-main-header-display":"","ast-hfb-above-header-display":"","ast-hfb-below-header-display":"","ast-hfb-mobile-header-display":"","site-post-title":"","ast-breadcrumbs-content":"","ast-featured-img":"","footer-sml-layout":"","theme-transparent-header-meta":"default","adv-header-id-meta":"","stick-header-meta":"","header-above-stick-meta":"","header-main-stick-meta":"","header-below-stick-meta":"","astra-migrate-meta-layouts":"set","ast-page-background-enabled":"default","ast-page-background-meta":{"desktop":{"background-color":"","background-image":"","background-repeat":"repeat","background-position":"center center","background-size":"auto","background-attachment":"scroll","background-type":"","background-media":"","overlay-type":"","overlay-color":"","overlay-gradient":""},"tablet":{"background-color":"","background-image":"","background-repeat":"repeat","background-position":"center center","background-size":"auto","background-attachment":"scroll","background-type":"","background-media":"","overlay-type":"","overlay-color":"","overlay-gradient":""},"mobile":{"background-color":"","background-image":"","background-repeat":"repeat","background-position":"center center","background-size":"auto","background-attachment":"scroll","background-type":"","background-media":"","overlay-type":"","overlay-color":"","overlay-gradient":""}},"ast-content-background-meta":{"desktop":{"background-color":"var(--ast-global-color-5)","background-image":"","background-repeat":"repeat","background-position":"center center","background-size":"auto","background-attachment":"scroll","background-type":"","background-media":"","overlay-type":"","overlay-color":"","overlay-gradient":""},"tablet":{"background-color":"var(--ast-global-color-5)","background-image":"","background-repeat":"repeat","background-position":"center center","background-size":"auto","background-attachment":"scroll","background-type":"","background-media":"","overlay-type":"","overlay-color":"","overlay-gradient":""},"mobile":{"background-color":"var(--ast-global-color-5)","background-image":"","background-repeat":"repeat","background-position":"center center","background-size":"auto","background-attachment":"scroll","background-type":"","background-media":"","overlay-type":"","overlay-color":"","overlay-gradient":""}},"_joinchat":{"telephone":"+8617840853976"}},"product_brand":[],"product_cat":[39,135,41,42,40,86,43],"product_tag":[69,68,50,61,49,53,52],"class_list":{"0":"post-3637","1":"product","2":"type-product","3":"status-publish","4":"has-post-thumbnail","6":"product_cat-france-wholesale-vape","7":"product_cat-bulk-sale-jnr-vapes-europe","8":"product_cat-netherlands-wholesale-vape","9":"product_cat-spain-wholesale-vape","10":"product_cat-germany-wholesale-vape","11":"product_cat-vape-10000-puffs","12":"product_cat-vape-shop","13":"product_tag-10000-puffs","14":"product_tag-10k-puffs","15":"product_tag-bulk-price-vape-shop","16":"product_tag-good-sales-vape","17":"product_tag-minimum-order-quantity-100pcs","18":"product_tag-rechargeable-vape","19":"product_tag-vape-wholesasle-price","20":"desktop-align-left","21":"tablet-align-left","22":"mobile-align-left","24":"first","25":"instock","26":"sale","27":"shipping-taxable","28":"purchasable","29":"product-type-simple"},"yoast_head":"<!-- This site is optimized with the Yoast SEO plugin v23.0 - https:\/\/yoast.com\/wordpress\/plugins\/seo\/ -->\n<title>JNR Alien 10000 Puffs Low Price Hot Sale RGB Vape - rmvapebang.com<\/title>\n<meta name=\"description\" content=\"JNR Alien 10000 Puffs vape offers 20ml e-liquid, 850mAh battery, 44 flavors, and RGB light. Enjoy 2%\/5% nicotine at a low price. Buy now!\" \/>\n<meta name=\"robots\" content=\"index, follow, max-snippet:-1, max-image-preview:large, max-video-preview:-1\" \/>\n<link rel=\"canonical\" href=\"https:\/\/rmvapebang.com\/lt\/product\/jnr-alien-10000-puffs-low-price-hot-sale-rgb-vape\/\" \/>\n<meta property=\"og:locale\" content=\"lt_LT\" \/>\n<meta property=\"og:type\" content=\"article\" \/>\n<meta property=\"og:title\" content=\"JNR Alien 10000 Puffs Low Price Hot Sale RGB Vape - rmvapebang.com\" \/>\n<meta property=\"og:description\" content=\"JNR Alien 10000 Puffs vape offers 20ml e-liquid, 850mAh battery, 44 flavors, and RGB light. Enjoy 2%\/5% nicotine at a low price. Buy now!\" \/>\n<meta property=\"og:url\" content=\"https:\/\/rmvapebang.com\/lt\/product\/jnr-alien-10000-puffs-low-price-hot-sale-rgb-vape\/\" \/>\n<meta property=\"og:site_name\" content=\"rmvapebang.com\" \/>\n<meta property=\"article:modified_time\" content=\"2025-09-03T09:08:33+00:00\" \/>\n<meta property=\"og:image\" content=\"https:\/\/rmvapebang.com\/wp-content\/uploads\/2025\/02\/JNR-ALIEN-VAPE-PUFFS-10K-TOP-SALE.webp\" \/>\n\t<meta property=\"og:image:width\" content=\"800\" \/>\n\t<meta property=\"og:image:height\" content=\"800\" \/>\n\t<meta property=\"og:image:type\" content=\"image\/webp\" \/>\n<meta name=\"twitter:card\" content=\"summary_large_image\" \/>\n<meta name=\"twitter:label1\" content=\"Est. reading time\" \/>\n\t<meta name=\"twitter:data1\" content=\"3 minut\u0117s\" \/>\n<script type=\"application\/ld+json\" class=\"yoast-schema-graph\">{\"@context\":\"https:\/\/schema.org\",\"@graph\":[{\"@type\":\"WebPage\",\"@id\":\"https:\/\/rmvapebang.com\/hu\/product\/jnr-alien-10000-puffs-low-price-hot-sale-rgb-vape\/\",\"url\":\"https:\/\/rmvapebang.com\/hu\/product\/jnr-alien-10000-puffs-low-price-hot-sale-rgb-vape\/\",\"name\":\"JNR Alien 10000 Puffs Low Price Hot Sale RGB Vape - rmvapebang.com\",\"isPartOf\":{\"@id\":\"https:\/\/rmvapebang.com\/#website\"},\"primaryImageOfPage\":{\"@id\":\"https:\/\/rmvapebang.com\/hu\/product\/jnr-alien-10000-puffs-low-price-hot-sale-rgb-vape\/#primaryimage\"},\"image\":{\"@id\":\"https:\/\/rmvapebang.com\/hu\/product\/jnr-alien-10000-puffs-low-price-hot-sale-rgb-vape\/#primaryimage\"},\"thumbnailUrl\":\"https:\/\/rmvapebang.com\/wp-content\/uploads\/2025\/02\/JNR-ALIEN-VAPE-PUFFS-10K-TOP-SALE.webp\",\"datePublished\":\"2025-02-15T05:35:44+00:00\",\"dateModified\":\"2025-09-03T09:08:33+00:00\",\"description\":\"JNR Alien 10000 Puffs vape offers 20ml e-liquid, 850mAh battery, 44 flavors, and RGB light. Enjoy 2%\/5% nicotine at a low price. Buy now!\",\"breadcrumb\":{\"@id\":\"https:\/\/rmvapebang.com\/hu\/product\/jnr-alien-10000-puffs-low-price-hot-sale-rgb-vape\/#breadcrumb\"},\"inLanguage\":\"lt-LT\",\"potentialAction\":[{\"@type\":\"ReadAction\",\"target\":[\"https:\/\/rmvapebang.com\/hu\/product\/jnr-alien-10000-puffs-low-price-hot-sale-rgb-vape\/\"]}]},{\"@type\":\"ImageObject\",\"inLanguage\":\"lt-LT\",\"@id\":\"https:\/\/rmvapebang.com\/hu\/product\/jnr-alien-10000-puffs-low-price-hot-sale-rgb-vape\/#primaryimage\",\"url\":\"https:\/\/rmvapebang.com\/wp-content\/uploads\/2025\/02\/JNR-ALIEN-VAPE-PUFFS-10K-TOP-SALE.webp\",\"contentUrl\":\"https:\/\/rmvapebang.com\/wp-content\/uploads\/2025\/02\/JNR-ALIEN-VAPE-PUFFS-10K-TOP-SALE.webp\",\"width\":800,\"height\":800,\"caption\":\"JNR ALIEN VAPE PUFFS 10K TOP SALE\"},{\"@type\":\"BreadcrumbList\",\"@id\":\"https:\/\/rmvapebang.com\/hu\/product\/jnr-alien-10000-puffs-low-price-hot-sale-rgb-vape\/#breadcrumb\",\"itemListElement\":[{\"@type\":\"ListItem\",\"position\":1,\"name\":\"Home\",\"item\":\"https:\/\/rmvapebang.com\/\"},{\"@type\":\"ListItem\",\"position\":2,\"name\":\"Hot Vape Shop\",\"item\":\"https:\/\/rmvapebang.com\/shop-page\/\"},{\"@type\":\"ListItem\",\"position\":3,\"name\":\"JNR Alien 10000 Puffs Low Price Hot Sale RGB Vape\"}]},{\"@type\":\"WebSite\",\"@id\":\"https:\/\/rmvapebang.com\/#website\",\"url\":\"https:\/\/rmvapebang.com\/\",\"name\":\"rmvapebang.com\",\"description\":\"buy vape cheap\",\"publisher\":{\"@id\":\"https:\/\/rmvapebang.com\/#organization\"},\"potentialAction\":[{\"@type\":\"SearchAction\",\"target\":{\"@type\":\"EntryPoint\",\"urlTemplate\":\"https:\/\/rmvapebang.com\/?s={search_term_string}\"},\"query-input\":\"required name=search_term_string\"}],\"inLanguage\":\"lt-LT\"},{\"@type\":\"Organization\",\"@id\":\"https:\/\/rmvapebang.com\/#organization\",\"name\":\"rmvapebang.com\",\"url\":\"https:\/\/rmvapebang.com\/\",\"logo\":{\"@type\":\"ImageObject\",\"inLanguage\":\"lt-LT\",\"@id\":\"https:\/\/rmvapebang.com\/#\/schema\/logo\/image\/\",\"url\":\"https:\/\/rmvapebang.com\/wp-content\/uploads\/2024\/03\/cropped-RVBlogo.png\",\"contentUrl\":\"https:\/\/rmvapebang.com\/wp-content\/uploads\/2024\/03\/cropped-RVBlogo.png\",\"width\":507,\"height\":169,\"caption\":\"rmvapebang.com\"},\"image\":{\"@id\":\"https:\/\/rmvapebang.com\/#\/schema\/logo\/image\/\"}}]}<\/script>\n<!-- \/ Yoast SEO plugin. -->","yoast_head_json":{"title":"JNR Alien 10000 Puffs Low Price Hot Sale RGB Vape - rmvapebang.com","description":"JNR Alien 10000 Puffs vape offers 20ml e-liquid, 850mAh battery, 44 flavors, and RGB light. Enjoy 2%\/5% nicotine at a low price. Buy now!","robots":{"index":"index","follow":"follow","max-snippet":"max-snippet:-1","max-image-preview":"max-image-preview:large","max-video-preview":"max-video-preview:-1"},"canonical":"https:\/\/rmvapebang.com\/lt\/product\/jnr-alien-10000-puffs-low-price-hot-sale-rgb-vape\/","og_locale":"lt_LT","og_type":"article","og_title":"JNR Alien 10000 Puffs Low Price Hot Sale RGB Vape - rmvapebang.com","og_description":"JNR Alien 10000 Puffs vape offers 20ml e-liquid, 850mAh battery, 44 flavors, and RGB light. Enjoy 2%\/5% nicotine at a low price. Buy now!","og_url":"https:\/\/rmvapebang.com\/lt\/product\/jnr-alien-10000-puffs-low-price-hot-sale-rgb-vape\/","og_site_name":"rmvapebang.com","article_modified_time":"2025-09-03T09:08:33+00:00","og_image":[{"width":800,"height":800,"url":"https:\/\/rmvapebang.com\/wp-content\/uploads\/2025\/02\/JNR-ALIEN-VAPE-PUFFS-10K-TOP-SALE.webp","type":"image\/webp"}],"twitter_card":"summary_large_image","twitter_misc":{"Est. reading time":"3 minut\u0117s"},"schema":{"@context":"https:\/\/schema.org","@graph":[{"@type":"WebPage","@id":"https:\/\/rmvapebang.com\/hu\/product\/jnr-alien-10000-puffs-low-price-hot-sale-rgb-vape\/","url":"https:\/\/rmvapebang.com\/hu\/product\/jnr-alien-10000-puffs-low-price-hot-sale-rgb-vape\/","name":"JNR Alien 10000 Puffs Low Price Hot Sale RGB Vape - rmvapebang.com","isPartOf":{"@id":"https:\/\/rmvapebang.com\/#website"},"primaryImageOfPage":{"@id":"https:\/\/rmvapebang.com\/hu\/product\/jnr-alien-10000-puffs-low-price-hot-sale-rgb-vape\/#primaryimage"},"image":{"@id":"https:\/\/rmvapebang.com\/hu\/product\/jnr-alien-10000-puffs-low-price-hot-sale-rgb-vape\/#primaryimage"},"thumbnailUrl":"https:\/\/rmvapebang.com\/wp-content\/uploads\/2025\/02\/JNR-ALIEN-VAPE-PUFFS-10K-TOP-SALE.webp","datePublished":"2025-02-15T05:35:44+00:00","dateModified":"2025-09-03T09:08:33+00:00","description":"JNR Alien 10000 Puffs vape offers 20ml e-liquid, 850mAh battery, 44 flavors, and RGB light. Enjoy 2%\/5% nicotine at a low price. Buy now!","breadcrumb":{"@id":"https:\/\/rmvapebang.com\/hu\/product\/jnr-alien-10000-puffs-low-price-hot-sale-rgb-vape\/#breadcrumb"},"inLanguage":"lt-LT","potentialAction":[{"@type":"ReadAction","target":["https:\/\/rmvapebang.com\/hu\/product\/jnr-alien-10000-puffs-low-price-hot-sale-rgb-vape\/"]}]},{"@type":"ImageObject","inLanguage":"lt-LT","@id":"https:\/\/rmvapebang.com\/hu\/product\/jnr-alien-10000-puffs-low-price-hot-sale-rgb-vape\/#primaryimage","url":"https:\/\/rmvapebang.com\/wp-content\/uploads\/2025\/02\/JNR-ALIEN-VAPE-PUFFS-10K-TOP-SALE.webp","contentUrl":"https:\/\/rmvapebang.com\/wp-content\/uploads\/2025\/02\/JNR-ALIEN-VAPE-PUFFS-10K-TOP-SALE.webp","width":800,"height":800,"caption":"JNR ALIEN VAPE PUFFS 10K TOP SALE"},{"@type":"BreadcrumbList","@id":"https:\/\/rmvapebang.com\/hu\/product\/jnr-alien-10000-puffs-low-price-hot-sale-rgb-vape\/#breadcrumb","itemListElement":[{"@type":"ListItem","position":1,"name":"Home","item":"https:\/\/rmvapebang.com\/"},{"@type":"ListItem","position":2,"name":"Hot Vape Shop","item":"https:\/\/rmvapebang.com\/shop-page\/"},{"@type":"ListItem","position":3,"name":"JNR Alien 10000 Puffs Low Price Hot Sale RGB Vape"}]},{"@type":"WebSite","@id":"https:\/\/rmvapebang.com\/#website","url":"https:\/\/rmvapebang.com\/","name":"rmvapebang.com","description":"buy vape cheap","publisher":{"@id":"https:\/\/rmvapebang.com\/#organization"},"potentialAction":[{"@type":"SearchAction","target":{"@type":"EntryPoint","urlTemplate":"https:\/\/rmvapebang.com\/?s={search_term_string}"},"query-input":"required name=search_term_string"}],"inLanguage":"lt-LT"},{"@type":"Organization","@id":"https:\/\/rmvapebang.com\/#organization","name":"rmvapebang.com","url":"https:\/\/rmvapebang.com\/","logo":{"@type":"ImageObject","inLanguage":"lt-LT","@id":"https:\/\/rmvapebang.com\/#\/schema\/logo\/image\/","url":"https:\/\/rmvapebang.com\/wp-content\/uploads\/2024\/03\/cropped-RVBlogo.png","contentUrl":"https:\/\/rmvapebang.com\/wp-content\/uploads\/2024\/03\/cropped-RVBlogo.png","width":507,"height":169,"caption":"rmvapebang.com"},"image":{"@id":"https:\/\/rmvapebang.com\/#\/schema\/logo\/image\/"}}]}},"uagb_featured_image_src":{"full":["https:\/\/rmvapebang.com\/wp-content\/uploads\/2025\/02\/JNR-ALIEN-VAPE-PUFFS-10K-TOP-SALE.webp",800,800,false],"thumbnail":["https:\/\/rmvapebang.com\/wp-content\/uploads\/2025\/02\/JNR-ALIEN-VAPE-PUFFS-10K-TOP-SALE-150x150.webp",150,150,true],"medium":["https:\/\/rmvapebang.com\/wp-content\/uploads\/2025\/02\/JNR-ALIEN-VAPE-PUFFS-10K-TOP-SALE-300x300.webp",300,300,true],"medium_large":["https:\/\/rmvapebang.com\/wp-content\/uploads\/2025\/02\/JNR-ALIEN-VAPE-PUFFS-10K-TOP-SALE-768x768.webp",768,768,true],"large":["https:\/\/rmvapebang.com\/wp-content\/uploads\/2025\/02\/JNR-ALIEN-VAPE-PUFFS-10K-TOP-SALE.webp",800,800,false],"1536x1536":["https:\/\/rmvapebang.com\/wp-content\/uploads\/2025\/02\/JNR-ALIEN-VAPE-PUFFS-10K-TOP-SALE.webp",800,800,false],"2048x2048":["https:\/\/rmvapebang.com\/wp-content\/uploads\/2025\/02\/JNR-ALIEN-VAPE-PUFFS-10K-TOP-SALE.webp",800,800,false],"trp-custom-language-flag":["https:\/\/rmvapebang.com\/wp-content\/uploads\/2025\/02\/JNR-ALIEN-VAPE-PUFFS-10K-TOP-SALE.webp",12,12,false],"woocommerce_thumbnail":["https:\/\/rmvapebang.com\/wp-content\/uploads\/2025\/02\/JNR-ALIEN-VAPE-PUFFS-10K-TOP-SALE-300x300.webp",300,300,true],"woocommerce_single":["https:\/\/rmvapebang.com\/wp-content\/uploads\/2025\/02\/JNR-ALIEN-VAPE-PUFFS-10K-TOP-SALE-600x600.webp",600,600,true],"woocommerce_gallery_thumbnail":["https:\/\/rmvapebang.com\/wp-content\/uploads\/2025\/02\/JNR-ALIEN-VAPE-PUFFS-10K-TOP-SALE-100x100.webp",100,100,true],"wcpr-photo-reviews":["https:\/\/rmvapebang.com\/wp-content\/uploads\/2025\/02\/JNR-ALIEN-VAPE-PUFFS-10K-TOP-SALE.webp",500,500,false]},"uagb_author_info":{"display_name":"Lyn","author_link":"https:\/\/rmvapebang.com\/lt\/author\/"},"uagb_comment_info":0,"uagb_excerpt":"NOTE:\u00a0Prices on the website don\u2019t include shipping fee. Please send your zip code and address that we can check shipping costs for you. JNR Alien 10000 Puffs vape offers 20ml e-liquid, 800mAh battery, 44 flavors, 2%\/5% nicotine, and RGB lights. Enjoy vibrant, long-lasting vaping at a low price! Whatsapp:+86 17840853976 Scan on whatsapp for New&hellip;","_links":{"self":[{"href":"https:\/\/rmvapebang.com\/lt\/wp-json\/wp\/v2\/product\/3637","targetHints":{"allow":["GET"]}}],"collection":[{"href":"https:\/\/rmvapebang.com\/lt\/wp-json\/wp\/v2\/product"}],"about":[{"href":"https:\/\/rmvapebang.com\/lt\/wp-json\/wp\/v2\/types\/product"}],"replies":[{"embeddable":true,"href":"https:\/\/rmvapebang.com\/lt\/wp-json\/wp\/v2\/comments?post=3637"}],"wp:featuredmedia":[{"embeddable":true,"href":"https:\/\/rmvapebang.com\/lt\/wp-json\/wp\/v2\/media\/3633"}],"wp:attachment":[{"href":"https:\/\/rmvapebang.com\/lt\/wp-json\/wp\/v2\/media?parent=3637"}],"wp:term":[{"taxonomy":"product_brand","embeddable":true,"href":"https:\/\/rmvapebang.com\/lt\/wp-json\/wp\/v2\/product_brand?post=3637"},{"taxonomy":"product_cat","embeddable":true,"href":"https:\/\/rmvapebang.com\/lt\/wp-json\/wp\/v2\/product_cat?post=3637"},{"taxonomy":"product_tag","embeddable":true,"href":"https:\/\/rmvapebang.com\/lt\/wp-json\/wp\/v2\/product_tag?post=3637"}],"curies":[{"name":"wp","href":"https:\/\/api.w.org\/{rel}","templated":true}]}}