{"id":3137,"date":"2024-10-29T15:57:42","date_gmt":"2024-10-29T07:57:42","guid":{"rendered":"https:\/\/rmvapebang.com\/?post_type=product&#038;p=3137"},"modified":"2025-09-02T12:08:15","modified_gmt":"2025-09-02T04:08:15","slug":"bang-vape-36k-tune-ice-wholesable-hot-sale","status":"publish","type":"product","link":"https:\/\/rmvapebang.com\/lt\/product\/bang-vape-36k-tune-ice-wholesable-hot-sale\/","title":{"rendered":"Bang Vape 36k Tune Ice Didmeninis Kar\u0161tas I\u0161pardavimas"},"content":{"rendered":"<h1>Bang Vape 36k Tune Ice Didmeninis Kar\u0161tas I\u0161pardavimas<\/h1>\n<p><strong data-start=\"68\" data-end=\"106\"><a href=\"https:\/\/rmvapebang.com\/lt\/product-category\/bang-vapes\/\">Bang Vape<\/a> 36 t\u016bkst. \u201eTune Ice\u201c didmenin\u0117 prekyba, kar\u0161tas i\u0161pardavimas<\/strong>\u00a0yra sukurtas ilgalaikiam veikimui ir pritaikytas \u0161iuolaikiniams garinimo poreikiams. Apr\u016bpintas <strong data-start=\"198\" data-end=\"233\">pir\u0161t\u0173 atspaud\u0173 sl\u0117gio reguliavimu<\/strong>, jis leid\u017eia vartotojams tiksliai sureguliuoti gar\u0173 intensyvum\u0105, kad patirtis b\u016bt\u0173 asmeni\u0161ka. Su savo <strong data-start=\"320\" data-end=\"351\">850 mAh \u012fkraunama baterija<\/strong> ir <strong data-start=\"356\" data-end=\"380\">C tipo greitu \u012fkrovimu<\/strong>, \u0161is prietaisas <a href=\"https:\/\/rmvapebang.com\/lt\/product-category\/vape-36000\/\"><strong data-start=\"387\" data-end=\"418\">36000 puf\u0173 vienkartinis vape<\/strong><\/a> u\u017etikrina greit\u0105 \u012fkrovim\u0105 ir nenutr\u016bkstam\u0105 naudojim\u0105.<\/p>\n<p>Sukurtas jauniems Europos vartotojams, jis suteikia \u0161veln\u0173 skon\u012f, nuosekl\u0173 na\u0161um\u0105 ir patikim\u0105 patogum\u0105 kiekviename \u012ftraukime. Platintojams <strong data-start=\"614\" data-end=\"646\">\u012fkraunamas 36000 \u012ftraukim\u0173 vape<\/strong> si\u016blo didel\u012f paklausos potencial\u0105 ir puikias mar\u017eas, tod\u0117l tai yra b\u016btinas dalykas rinkoje. D\u0117l savo aptakaus dizaino ir pa\u017eangi\u0173 funkcij\u0173,<strong data-start=\"788\" data-end=\"817\">kar\u0161tas i\u0161pardavimas 36000 \u012ftraukim\u0173 vape<\/strong> yra puikus pasirinkimas didmeniniams pirk\u0117jams, ie\u0161kantiems didel\u0117s apyvartos ir patenkint\u0173 klient\u0173.<\/p>\n<p><img loading=\"lazy\" decoding=\"async\" class=\"alignnone wp-image-3134\" src=\"http:\/\/rmvapebang.com\/wp-content\/uploads\/2024\/10\/BANG-DISPOSABLE-DEUICE-36000-PUFFS-BEST-price.jpg\" alt=\"\u201eBANG\u201c VIENKARTINIS \u012eRENGINYS 36000 \u012eTRAUKIM\u0172 GERIAUSIA kaina\" width=\"670\" height=\"663\" srcset=\"https:\/\/rmvapebang.com\/wp-content\/uploads\/2024\/10\/BANG-DISPOSABLE-DEUICE-36000-PUFFS-BEST-price.jpg 1000w, https:\/\/rmvapebang.com\/wp-content\/uploads\/2024\/10\/BANG-DISPOSABLE-DEUICE-36000-PUFFS-BEST-price-300x297.jpg 300w, https:\/\/rmvapebang.com\/wp-content\/uploads\/2024\/10\/BANG-DISPOSABLE-DEUICE-36000-PUFFS-BEST-price-768x760.jpg 768w, https:\/\/rmvapebang.com\/wp-content\/uploads\/2024\/10\/BANG-DISPOSABLE-DEUICE-36000-PUFFS-BEST-price-600x594.jpg 600w, https:\/\/rmvapebang.com\/wp-content\/uploads\/2024\/10\/BANG-DISPOSABLE-DEUICE-36000-PUFFS-BEST-price-100x100.jpg 100w\" sizes=\"auto, (max-width: 670px) 100vw, 670px\" \/><\/p>\n<h3><strong>Kokie yra \u201eBang\u201c vienkartinio 36k \u201evape\u201c skoniai?<\/strong><\/h3>\n<p>1. ARB\u016aZ\u0172 LEDAI<br \/>\n2. BRA\u0160K\u0116S KIVIS<br \/>\n3. BRA\u0160K\u0116S MANGAS<br \/>\n4. Red Bull<br \/>\n5. TRIS UOGOS<br \/>\n6. BRA\u0160K\u0116S ARB\u016aZAS<br \/>\n7.BRA\u0160KI\u0172 LEDAI<br \/>\n8. M\u0116LYN\u0116S LEDAS<br \/>\n9. M\u0116LYNI\u0172 IR AVIE\u010cI\u0172<br \/>\n10.BRA\u0160KI\u0172 IR BANAN\u0172<br \/>\n11.MEIL\u011666<br \/>\n12.ANANAS\u0172 IR KOKOS\u0172<\/p>\n<h2>\u201eTune ice\u201c specifikacijos <strong>Vienkartinis \u201eBang 36000\u201c <\/strong>D\u016bm\u0173 kiekis:<\/h2>\n<p>\u2013 <em><strong><span style=\"color: #ff0000\">36 t\u016bkst.<\/span><\/strong><\/em> \u012ep\u016btimai<br \/>\n\u2013<em><strong><span style=\"color: #ff0000\"> 12<\/span> <\/strong><\/em>Skoniai<br \/>\n\u2013 <em><strong><span style=\"color: #ff0000\">2%\/5%<\/span> <\/strong><\/em>Nikotino stiprumas<br \/>\n\u2013 <em><strong><span style=\"color: #ff0000\">30 ml+10 ml<\/span><\/strong><\/em> e-skys\u010dio talpos<br \/>\n\u2013 Baterijos talpa <em><strong><span style=\"color: #ff0000\">850 mAh<\/span><\/strong><\/em><\/p>\n<h3>DUK:<\/h3>\n<p>K: Koks yra minimalus \u201eBang dual oil tank 36k\u201c vienkartinio garintuvo u\u017esakymo kiekis (MOQ)?<\/p>\n<p>A: Minimalus vienkartinio \u201eBang 36k\u201c garintuvo u\u017esakymo kiekis (MOQ) yra 50 vnt.<\/p>\n<p>K: Koks u\u017esakyto \u012fkraunamo garintuvo pristatymo laikas?<\/p>\n<p>A: \u012eprastai, pristatymo laikas \u012fkraunamiems garintuvams yra 10-15 dien\u0173 po i\u0161siuntimo.<\/p>\n<p>K: Kiek kainuoja \u201eBang\u201c vienkartinio 36 t\u016bkst. \u012ftraukim\u0173 vape siuntimas?<\/p>\n<p>A: Pristatymo kaina priklauso nuo u\u017esakymo svorio. Skirtingi kiekiai gali tur\u0117ti skirtingas pristatymo i\u0161laidas. Nor\u0117dami patvirtinti savo konkretaus u\u017esakymo pristatymo kain\u0105, susisiekite su mumis.<\/p>\n<p>K: Ar vienkartinis \u201eBang 36000\u201c garintuvas gali b\u016bti siun\u010diamas \u012f mano \u0161al\u012f?<\/p>\n<p>A: Taip, vienkartin\u012f \u201eBang 36000\u201c garintuv\u0105 galime si\u0173sti \u012f daugum\u0105 Europos \u0161ali\u0173, \u012fskaitant, bet neapsiribojant, Nyderlandus, Vokietij\u0105, Pranc\u016bzij\u0105, Ispanij\u0105, Italij\u0105, Belgij\u0105, Liuksemburg\u0105, Austrij\u0105, \u010cekij\u0105, Slovakij\u0105, Vengrij\u0105, Slov\u0117nij\u0105, Rumunij\u0105, Bulgarij\u0105, Graikij\u0105, Lenkij\u0105, \u0160vedij\u0105, Airij\u0105, Portugalij\u0105, Suomij\u0105, Estij\u0105, Latvij\u0105 ir Lietuv\u0105. Jei turite konkre\u010di\u0173 klausim\u0173 d\u0117l siuntimo \u012f j\u016bs\u0173 \u0161al\u012f, nedvejodami kreipkit\u0117s \u012f mus d\u0117l papildomos pagalbos.<\/p>\n<p><strong>Nor\u0117dami gauti daugiau produkt\u0173 vaizdo \u012fra\u0161\u0173, susisiekite su Lyn!<\/strong><\/p>\n<p><a href=\"https:\/\/wa.me\/8617840853976\"><span style=\"color: #ff6600\"><strong><em>Whatsapp:+86 17840853976<\/em><\/strong><\/span><\/a><\/p>\n<p><img loading=\"lazy\" decoding=\"async\" class=\"alignnone size-medium wp-image-1905\" src=\"http:\/\/rmvapebang.com\/wp-content\/uploads\/2024\/03\/whatsapp-vape-2-202x300.jpg\" alt=\"\" width=\"202\" height=\"300\" \/><\/p>\n<p>Raskite daugiau produkt\u0173, kurie jums gali patikti:<a href=\"https:\/\/rmvapebang.com\/lt\/shop-page\/\"><strong><em>Pirkti dabar<\/em><\/strong><\/a><\/p>\n<p>kiti jums galintys patikti \u012ftraukimai:<a href=\"https:\/\/rmvapebang.com\/lt\/product\/waspe-20000-puffs-wholesale-price-20k-vape\/\">Waspe 20000 P\u016b\u0161\u010di\u0173\/<\/a><a href=\"https:\/\/rmvapebang.com\/lt\/product\/poco-pt-12000-puffs-wholesale-price-discount-sale\/\">\u201ePOCO PT vape 12k\u201c \u012fkv\u0117pim\u0173 garintuvas<\/a><a href=\"https:\/\/rmvapebang.com\/lt\/product\/bang-king-25000-puffs-good-price-25k-vape\/\">Bang karalius 25k vape<\/a>\/<a href=\"https:\/\/rmvapebang.com\/lt\/product\/bang-with-a-vape-25k-puffs-wholesale-price\/\">\u201eBang 25k\u201c garintuvas<\/a><\/p>","protected":false},"excerpt":{"rendered":"<p><em><span style=\"color: #ff0000\"><strong>PASTABA<\/strong>: Svetain\u0117je nurodytos kainos neapima siuntimo mokes\u010dio. Pra\u0161ome atsi\u0173sti savo pa\u0161to kod\u0105 ir adres\u0105, kad gal\u0117tume patikrinti siuntimo i\u0161laidas.<\/span><\/em><\/p>\n<p>\u201eBang with a vape\u201c 36000 \u012ftraukim\u0173 didmenin\u0117 kaina \u012ekraunamas vape, turi dvigub\u0105 alyvos bak\u0105 ir gali reguliuoti ledo poj\u016bt\u012f pagal j\u016bs\u0173 skon\u012f. Vienkartinis dvigubo alyvos bako 36 t\u016bkst. \u012ftraukim\u0173 vape yra didel\u0117s talpos \u012fkraunamas vape \u012frenginys, si\u016blantis 36000 \u012ftraukim\u0173 su 12 skoni\u0173 ir 2%\/5% nikotino lygiu.<\/p>\n<p><a href=\"https:\/\/wa.me\/8617840853976\"><strong><em>Whatsapp:+86 17840853976<\/em><\/strong><\/a><\/p>\n<p>Nuskaitykite \u201eWhatsApp\u201c naujo kliento kupon\u0105<\/p>\n<p><img loading=\"lazy\" decoding=\"async\" class=\"alignnone size-medium wp-image-1905\" src=\"http:\/\/rmvapebang.com\/wp-content\/uploads\/2024\/03\/whatsapp-vape-2-202x300.jpg\" alt=\"\" width=\"202\" height=\"300\" \/><\/p>","protected":false},"featured_media":3129,"comment_status":"open","ping_status":"closed","template":"","meta":{"_uag_custom_page_level_css":"","_lmt_disableupdate":"no","_lmt_disable":"","site-sidebar-layout":"no-sidebar","site-content-layout":"boxed-container","ast-site-content-layout":"normal-width-container","site-content-style":"boxed","site-sidebar-style":"boxed","ast-global-header-display":"","ast-banner-title-visibility":"","ast-main-header-display":"","ast-hfb-above-header-display":"","ast-hfb-below-header-display":"","ast-hfb-mobile-header-display":"","site-post-title":"","ast-breadcrumbs-content":"","ast-featured-img":"","footer-sml-layout":"","theme-transparent-header-meta":"default","adv-header-id-meta":"","stick-header-meta":"","header-above-stick-meta":"","header-main-stick-meta":"","header-below-stick-meta":"","astra-migrate-meta-layouts":"set","ast-page-background-enabled":"default","ast-page-background-meta":{"desktop":{"background-color":"","background-image":"","background-repeat":"repeat","background-position":"center center","background-size":"auto","background-attachment":"scroll","background-type":"","background-media":"","overlay-type":"","overlay-color":"","overlay-gradient":""},"tablet":{"background-color":"","background-image":"","background-repeat":"repeat","background-position":"center center","background-size":"auto","background-attachment":"scroll","background-type":"","background-media":"","overlay-type":"","overlay-color":"","overlay-gradient":""},"mobile":{"background-color":"","background-image":"","background-repeat":"repeat","background-position":"center center","background-size":"auto","background-attachment":"scroll","background-type":"","background-media":"","overlay-type":"","overlay-color":"","overlay-gradient":""}},"ast-content-background-meta":{"desktop":{"background-color":"var(--ast-global-color-5)","background-image":"","background-repeat":"repeat","background-position":"center center","background-size":"auto","background-attachment":"scroll","background-type":"","background-media":"","overlay-type":"","overlay-color":"","overlay-gradient":""},"tablet":{"background-color":"var(--ast-global-color-5)","background-image":"","background-repeat":"repeat","background-position":"center center","background-size":"auto","background-attachment":"scroll","background-type":"","background-media":"","overlay-type":"","overlay-color":"","overlay-gradient":""},"mobile":{"background-color":"var(--ast-global-color-5)","background-image":"","background-repeat":"repeat","background-position":"center center","background-size":"auto","background-attachment":"scroll","background-type":"","background-media":"","overlay-type":"","overlay-color":"","overlay-gradient":""}},"_joinchat":[]},"product_brand":[],"product_cat":[76,130,39,41,128,42,40,95,43],"product_tag":[97,96,50,61,98,53,52],"class_list":{"0":"post-3137","1":"product","2":"type-product","3":"status-publish","4":"has-post-thumbnail","6":"product_cat-bang-vapes","7":"product_cat-digital-vapes-in-discount-price","8":"product_cat-france-wholesale-vape","9":"product_cat-netherlands-wholesale-vape","10":"product_cat-smart-display","11":"product_cat-spain-wholesale-vape","12":"product_cat-germany-wholesale-vape","13":"product_cat-vape-36000","14":"product_cat-vape-shop","15":"product_tag-36000-puffs","16":"product_tag-36k-puffs","17":"product_tag-bulk-price-vape-shop","18":"product_tag-good-sales-vape","19":"product_tag-moq-is-50pcs","20":"product_tag-rechargeable-vape","21":"product_tag-vape-wholesasle-price","22":"desktop-align-left","23":"tablet-align-left","24":"mobile-align-left","26":"first","27":"instock","28":"sale","29":"shipping-taxable","30":"purchasable","31":"product-type-simple"},"yoast_head":"<!-- This site is optimized with the Yoast SEO plugin v23.0 - https:\/\/yoast.com\/wordpress\/plugins\/seo\/ -->\n<title>Bang Vape 36k Tune Ice Wholesable Hot Sale - rmvapebang.com<\/title>\n<meta name=\"description\" content=\"Get the Digital 36000 vape puffs with fingerprint control, Type-C charging, and smooth flavor. Order the hot sale 36000 puffs vape at wholesale price.\" \/>\n<meta name=\"robots\" content=\"index, follow, max-snippet:-1, max-image-preview:large, max-video-preview:-1\" \/>\n<link rel=\"canonical\" href=\"https:\/\/rmvapebang.com\/lt\/product\/bang-vape-36k-tune-ice-wholesable-hot-sale\/\" \/>\n<meta property=\"og:locale\" content=\"lt_LT\" \/>\n<meta property=\"og:type\" content=\"article\" \/>\n<meta property=\"og:title\" content=\"Bang Vape 36k Tune Ice Wholesable Hot Sale - rmvapebang.com\" \/>\n<meta property=\"og:description\" content=\"Get the Digital 36000 vape puffs with fingerprint control, Type-C charging, and smooth flavor. Order the hot sale 36000 puffs vape at wholesale price.\" \/>\n<meta property=\"og:url\" content=\"https:\/\/rmvapebang.com\/lt\/product\/bang-vape-36k-tune-ice-wholesable-hot-sale\/\" \/>\n<meta property=\"og:site_name\" content=\"rmvapebang.com\" \/>\n<meta property=\"article:modified_time\" content=\"2025-09-02T04:08:15+00:00\" \/>\n<meta property=\"og:image\" content=\"https:\/\/rmvapebang.com\/wp-content\/uploads\/2024\/10\/BANG-DISPOSABLE-DEUICE-puffs-36k-GOOD-price.jpg\" \/>\n\t<meta property=\"og:image:width\" content=\"992\" \/>\n\t<meta property=\"og:image:height\" content=\"996\" \/>\n\t<meta property=\"og:image:type\" content=\"image\/jpeg\" \/>\n<meta name=\"twitter:card\" content=\"summary_large_image\" \/>\n<meta name=\"twitter:label1\" content=\"Est. reading time\" \/>\n\t<meta name=\"twitter:data1\" content=\"3 minut\u0117s\" \/>\n<script type=\"application\/ld+json\" class=\"yoast-schema-graph\">{\"@context\":\"https:\/\/schema.org\",\"@graph\":[{\"@type\":\"WebPage\",\"@id\":\"https:\/\/rmvapebang.com\/product\/bang-vape-36k-tune-ice-wholesable-hot-sale\/\",\"url\":\"https:\/\/rmvapebang.com\/product\/bang-vape-36k-tune-ice-wholesable-hot-sale\/\",\"name\":\"Bang Vape 36k Tune Ice Wholesable Hot Sale - rmvapebang.com\",\"isPartOf\":{\"@id\":\"https:\/\/rmvapebang.com\/#website\"},\"primaryImageOfPage\":{\"@id\":\"https:\/\/rmvapebang.com\/product\/bang-vape-36k-tune-ice-wholesable-hot-sale\/#primaryimage\"},\"image\":{\"@id\":\"https:\/\/rmvapebang.com\/product\/bang-vape-36k-tune-ice-wholesable-hot-sale\/#primaryimage\"},\"thumbnailUrl\":\"https:\/\/rmvapebang.com\/wp-content\/uploads\/2024\/10\/BANG-DISPOSABLE-DEUICE-puffs-36k-GOOD-price.jpg\",\"datePublished\":\"2024-10-29T07:57:42+00:00\",\"dateModified\":\"2025-09-02T04:08:15+00:00\",\"description\":\"Get the Digital 36000 vape puffs with fingerprint control, Type-C charging, and smooth flavor. Order the hot sale 36000 puffs vape at wholesale price.\",\"breadcrumb\":{\"@id\":\"https:\/\/rmvapebang.com\/product\/bang-vape-36k-tune-ice-wholesable-hot-sale\/#breadcrumb\"},\"inLanguage\":\"lt-LT\",\"potentialAction\":[{\"@type\":\"ReadAction\",\"target\":[\"https:\/\/rmvapebang.com\/product\/bang-vape-36k-tune-ice-wholesable-hot-sale\/\"]}]},{\"@type\":\"ImageObject\",\"inLanguage\":\"lt-LT\",\"@id\":\"https:\/\/rmvapebang.com\/product\/bang-vape-36k-tune-ice-wholesable-hot-sale\/#primaryimage\",\"url\":\"https:\/\/rmvapebang.com\/wp-content\/uploads\/2024\/10\/BANG-DISPOSABLE-DEUICE-puffs-36k-GOOD-price.jpg\",\"contentUrl\":\"https:\/\/rmvapebang.com\/wp-content\/uploads\/2024\/10\/BANG-DISPOSABLE-DEUICE-puffs-36k-GOOD-price.jpg\",\"width\":992,\"height\":996,\"caption\":\"BANG DISPOSABLE DEUICE puffs 36k GOOD price\"},{\"@type\":\"BreadcrumbList\",\"@id\":\"https:\/\/rmvapebang.com\/product\/bang-vape-36k-tune-ice-wholesable-hot-sale\/#breadcrumb\",\"itemListElement\":[{\"@type\":\"ListItem\",\"position\":1,\"name\":\"Home\",\"item\":\"https:\/\/rmvapebang.com\/\"},{\"@type\":\"ListItem\",\"position\":2,\"name\":\"Hot Vape Shop\",\"item\":\"https:\/\/rmvapebang.com\/shop-page\/\"},{\"@type\":\"ListItem\",\"position\":3,\"name\":\"Bang Vape 36k Tune Ice Wholesable Hot Sale\"}]},{\"@type\":\"WebSite\",\"@id\":\"https:\/\/rmvapebang.com\/#website\",\"url\":\"https:\/\/rmvapebang.com\/\",\"name\":\"rmvapebang.com\",\"description\":\"buy vape cheap\",\"publisher\":{\"@id\":\"https:\/\/rmvapebang.com\/#organization\"},\"potentialAction\":[{\"@type\":\"SearchAction\",\"target\":{\"@type\":\"EntryPoint\",\"urlTemplate\":\"https:\/\/rmvapebang.com\/?s={search_term_string}\"},\"query-input\":\"required name=search_term_string\"}],\"inLanguage\":\"lt-LT\"},{\"@type\":\"Organization\",\"@id\":\"https:\/\/rmvapebang.com\/#organization\",\"name\":\"rmvapebang.com\",\"url\":\"https:\/\/rmvapebang.com\/\",\"logo\":{\"@type\":\"ImageObject\",\"inLanguage\":\"lt-LT\",\"@id\":\"https:\/\/rmvapebang.com\/#\/schema\/logo\/image\/\",\"url\":\"https:\/\/rmvapebang.com\/wp-content\/uploads\/2024\/03\/cropped-RVBlogo.png\",\"contentUrl\":\"https:\/\/rmvapebang.com\/wp-content\/uploads\/2024\/03\/cropped-RVBlogo.png\",\"width\":507,\"height\":169,\"caption\":\"rmvapebang.com\"},\"image\":{\"@id\":\"https:\/\/rmvapebang.com\/#\/schema\/logo\/image\/\"}}]}<\/script>\n<!-- \/ Yoast SEO plugin. -->","yoast_head_json":{"title":"Bang Vape 36k Tune Ice Wholesable Hot Sale - rmvapebang.com","description":"Get the Digital 36000 vape puffs with fingerprint control, Type-C charging, and smooth flavor. Order the hot sale 36000 puffs vape at wholesale price.","robots":{"index":"index","follow":"follow","max-snippet":"max-snippet:-1","max-image-preview":"max-image-preview:large","max-video-preview":"max-video-preview:-1"},"canonical":"https:\/\/rmvapebang.com\/lt\/product\/bang-vape-36k-tune-ice-wholesable-hot-sale\/","og_locale":"lt_LT","og_type":"article","og_title":"Bang Vape 36k Tune Ice Wholesable Hot Sale - rmvapebang.com","og_description":"Get the Digital 36000 vape puffs with fingerprint control, Type-C charging, and smooth flavor. Order the hot sale 36000 puffs vape at wholesale price.","og_url":"https:\/\/rmvapebang.com\/lt\/product\/bang-vape-36k-tune-ice-wholesable-hot-sale\/","og_site_name":"rmvapebang.com","article_modified_time":"2025-09-02T04:08:15+00:00","og_image":[{"width":992,"height":996,"url":"https:\/\/rmvapebang.com\/wp-content\/uploads\/2024\/10\/BANG-DISPOSABLE-DEUICE-puffs-36k-GOOD-price.jpg","type":"image\/jpeg"}],"twitter_card":"summary_large_image","twitter_misc":{"Est. reading time":"3 minut\u0117s"},"schema":{"@context":"https:\/\/schema.org","@graph":[{"@type":"WebPage","@id":"https:\/\/rmvapebang.com\/product\/bang-vape-36k-tune-ice-wholesable-hot-sale\/","url":"https:\/\/rmvapebang.com\/product\/bang-vape-36k-tune-ice-wholesable-hot-sale\/","name":"Bang Vape 36k Tune Ice Wholesable Hot Sale - rmvapebang.com","isPartOf":{"@id":"https:\/\/rmvapebang.com\/#website"},"primaryImageOfPage":{"@id":"https:\/\/rmvapebang.com\/product\/bang-vape-36k-tune-ice-wholesable-hot-sale\/#primaryimage"},"image":{"@id":"https:\/\/rmvapebang.com\/product\/bang-vape-36k-tune-ice-wholesable-hot-sale\/#primaryimage"},"thumbnailUrl":"https:\/\/rmvapebang.com\/wp-content\/uploads\/2024\/10\/BANG-DISPOSABLE-DEUICE-puffs-36k-GOOD-price.jpg","datePublished":"2024-10-29T07:57:42+00:00","dateModified":"2025-09-02T04:08:15+00:00","description":"Get the Digital 36000 vape puffs with fingerprint control, Type-C charging, and smooth flavor. Order the hot sale 36000 puffs vape at wholesale price.","breadcrumb":{"@id":"https:\/\/rmvapebang.com\/product\/bang-vape-36k-tune-ice-wholesable-hot-sale\/#breadcrumb"},"inLanguage":"lt-LT","potentialAction":[{"@type":"ReadAction","target":["https:\/\/rmvapebang.com\/product\/bang-vape-36k-tune-ice-wholesable-hot-sale\/"]}]},{"@type":"ImageObject","inLanguage":"lt-LT","@id":"https:\/\/rmvapebang.com\/product\/bang-vape-36k-tune-ice-wholesable-hot-sale\/#primaryimage","url":"https:\/\/rmvapebang.com\/wp-content\/uploads\/2024\/10\/BANG-DISPOSABLE-DEUICE-puffs-36k-GOOD-price.jpg","contentUrl":"https:\/\/rmvapebang.com\/wp-content\/uploads\/2024\/10\/BANG-DISPOSABLE-DEUICE-puffs-36k-GOOD-price.jpg","width":992,"height":996,"caption":"BANG DISPOSABLE DEUICE puffs 36k GOOD price"},{"@type":"BreadcrumbList","@id":"https:\/\/rmvapebang.com\/product\/bang-vape-36k-tune-ice-wholesable-hot-sale\/#breadcrumb","itemListElement":[{"@type":"ListItem","position":1,"name":"Home","item":"https:\/\/rmvapebang.com\/"},{"@type":"ListItem","position":2,"name":"Hot Vape Shop","item":"https:\/\/rmvapebang.com\/shop-page\/"},{"@type":"ListItem","position":3,"name":"Bang Vape 36k Tune Ice Wholesable Hot Sale"}]},{"@type":"WebSite","@id":"https:\/\/rmvapebang.com\/#website","url":"https:\/\/rmvapebang.com\/","name":"rmvapebang.com","description":"buy vape cheap","publisher":{"@id":"https:\/\/rmvapebang.com\/#organization"},"potentialAction":[{"@type":"SearchAction","target":{"@type":"EntryPoint","urlTemplate":"https:\/\/rmvapebang.com\/?s={search_term_string}"},"query-input":"required name=search_term_string"}],"inLanguage":"lt-LT"},{"@type":"Organization","@id":"https:\/\/rmvapebang.com\/#organization","name":"rmvapebang.com","url":"https:\/\/rmvapebang.com\/","logo":{"@type":"ImageObject","inLanguage":"lt-LT","@id":"https:\/\/rmvapebang.com\/#\/schema\/logo\/image\/","url":"https:\/\/rmvapebang.com\/wp-content\/uploads\/2024\/03\/cropped-RVBlogo.png","contentUrl":"https:\/\/rmvapebang.com\/wp-content\/uploads\/2024\/03\/cropped-RVBlogo.png","width":507,"height":169,"caption":"rmvapebang.com"},"image":{"@id":"https:\/\/rmvapebang.com\/#\/schema\/logo\/image\/"}}]}},"uagb_featured_image_src":{"full":["https:\/\/rmvapebang.com\/wp-content\/uploads\/2024\/10\/BANG-DISPOSABLE-DEUICE-puffs-36k-GOOD-price.jpg",992,996,false],"thumbnail":["https:\/\/rmvapebang.com\/wp-content\/uploads\/2024\/10\/BANG-DISPOSABLE-DEUICE-puffs-36k-GOOD-price-150x150.jpg",150,150,true],"medium":["https:\/\/rmvapebang.com\/wp-content\/uploads\/2024\/10\/BANG-DISPOSABLE-DEUICE-puffs-36k-GOOD-price-300x300.jpg",300,300,true],"medium_large":["https:\/\/rmvapebang.com\/wp-content\/uploads\/2024\/10\/BANG-DISPOSABLE-DEUICE-puffs-36k-GOOD-price-768x771.jpg",768,771,true],"large":["https:\/\/rmvapebang.com\/wp-content\/uploads\/2024\/10\/BANG-DISPOSABLE-DEUICE-puffs-36k-GOOD-price.jpg",992,996,false],"1536x1536":["https:\/\/rmvapebang.com\/wp-content\/uploads\/2024\/10\/BANG-DISPOSABLE-DEUICE-puffs-36k-GOOD-price.jpg",992,996,false],"2048x2048":["https:\/\/rmvapebang.com\/wp-content\/uploads\/2024\/10\/BANG-DISPOSABLE-DEUICE-puffs-36k-GOOD-price.jpg",992,996,false],"trp-custom-language-flag":["https:\/\/rmvapebang.com\/wp-content\/uploads\/2024\/10\/BANG-DISPOSABLE-DEUICE-puffs-36k-GOOD-price.jpg",12,12,false],"woocommerce_thumbnail":["https:\/\/rmvapebang.com\/wp-content\/uploads\/2024\/10\/BANG-DISPOSABLE-DEUICE-puffs-36k-GOOD-price-300x300.jpg",300,300,true],"woocommerce_single":["https:\/\/rmvapebang.com\/wp-content\/uploads\/2024\/10\/BANG-DISPOSABLE-DEUICE-puffs-36k-GOOD-price-600x602.jpg",600,602,true],"woocommerce_gallery_thumbnail":["https:\/\/rmvapebang.com\/wp-content\/uploads\/2024\/10\/BANG-DISPOSABLE-DEUICE-puffs-36k-GOOD-price-100x100.jpg",100,100,true],"wcpr-photo-reviews":["https:\/\/rmvapebang.com\/wp-content\/uploads\/2024\/10\/BANG-DISPOSABLE-DEUICE-puffs-36k-GOOD-price.jpg",498,500,false]},"uagb_author_info":{"display_name":"Lyn","author_link":"https:\/\/rmvapebang.com\/lt\/author\/"},"uagb_comment_info":0,"uagb_excerpt":"NOTE: Prices on the website don\u2019t include shipping fee. Please send your zip code and address that we can check shipping costs for you. Bang with a vape 36000 Puffs bulk Price Vape Rechargeable,have dual oil tank,and could tune ice sensation to your like. Vape of disposable dual oil tank 36k puffs is a high-capacity&hellip;","_links":{"self":[{"href":"https:\/\/rmvapebang.com\/lt\/wp-json\/wp\/v2\/product\/3137","targetHints":{"allow":["GET"]}}],"collection":[{"href":"https:\/\/rmvapebang.com\/lt\/wp-json\/wp\/v2\/product"}],"about":[{"href":"https:\/\/rmvapebang.com\/lt\/wp-json\/wp\/v2\/types\/product"}],"replies":[{"embeddable":true,"href":"https:\/\/rmvapebang.com\/lt\/wp-json\/wp\/v2\/comments?post=3137"}],"wp:featuredmedia":[{"embeddable":true,"href":"https:\/\/rmvapebang.com\/lt\/wp-json\/wp\/v2\/media\/3129"}],"wp:attachment":[{"href":"https:\/\/rmvapebang.com\/lt\/wp-json\/wp\/v2\/media?parent=3137"}],"wp:term":[{"taxonomy":"product_brand","embeddable":true,"href":"https:\/\/rmvapebang.com\/lt\/wp-json\/wp\/v2\/product_brand?post=3137"},{"taxonomy":"product_cat","embeddable":true,"href":"https:\/\/rmvapebang.com\/lt\/wp-json\/wp\/v2\/product_cat?post=3137"},{"taxonomy":"product_tag","embeddable":true,"href":"https:\/\/rmvapebang.com\/lt\/wp-json\/wp\/v2\/product_tag?post=3137"}],"curies":[{"name":"wp","href":"https:\/\/api.w.org\/{rel}","templated":true}]}}